{"id":19889,"date":"2026-04-08T09:43:10","date_gmt":"2026-04-08T07:43:10","guid":{"rendered":"https:\/\/uelzener.de\/magazin\/?page_id=19889"},"modified":"2026-04-08T09:55:24","modified_gmt":"2026-04-08T07:55:24","slug":"koennen-hunde-weinen","status":"publish","type":"page","link":"https:\/\/uelzener.de\/magazin\/hund\/haeufige-fragen\/koennen-hunde-weinen\/","title":{"rendered":"K\u00f6nnen Hunde weinen?"},"content":{"rendered":"<p>Vielleicht kennst du das: Du warst lange weg und dein Hund begr\u00fc\u00dft dich mit einem gl\u00e4nzenden Blick, sodass es aussieht, als h\u00e4tte er Freudentr\u00e4nen. Oder dein Hund wirkt nach dem Verlust eines tierischen Partners sichtlich bedr\u00fcckt und hat pl\u00f6tzlich feuchte Augen. In solchen Momenten stellt sich ganz automatisch die Frage: Weint mein Hund gerade?<\/p>\n<p>Um die Antwort schon einmal vorwegzunehmen: Nein, denn Hunde k\u00f6nnen nicht weinen. Wir Menschen assoziieren Tr\u00e4nen automatisch mit Emotionalit\u00e4t, sei es Freude, Trauer oder Wut. Zwar k\u00f6nnen auch Hunde Emotionen empfinden und Tr\u00e4nen produzieren, doch das eine bedingt nicht das andere. Von Weinen als emotionalem Ausdrucksverhalten kann man daher nicht sprechen.<\/p>\n<h2>Tr\u00e4nen ja, Weinen nein<\/h2>\n<p>Genau wie wir Menschen haben Hunde Tr\u00e4nendr\u00fcsen. Diese produzieren eine Fl\u00fcssigkeit, um die Augen feucht und sauber zu halten. Sie funktionieren wie eine eingebaute Waschanlage, indem sie Staub oder Schmutz heraussp\u00fclen. Wenn ein Hund nasse Augen hat, ist das meist rein physiologisch bedingt. Oft liegt eine Reizung zugrunde, beispielsweise weil etwas ins Auge geraten ist. Der Schutzmechanismus des Auges versucht dann, den Fremdk\u00f6rper mithilfe von Tr\u00e4nenfl\u00fcssigkeit wieder loszuwerden.<\/p>\n<p>Das ist nicht das gleiche wie Weinen. Weinen ist ein Ausdruck von Emotionalit\u00e4t. Wir Menschen weinen, wenn wir beispielsweise w\u00fctend, traurig, ergriffen oder \u00fcbergl\u00fccklich sind. Mitunter weinen wir auch aus Frust, Entt\u00e4uschung oder Scham. Hunde k\u00f6nnen das nicht \u2013 zumindest nicht in dem Umfang.<\/p>\n<p>Doch die Wissenschaft hat eine Entdeckung gemacht. Ein Forscherteam aus Japan hat herausgefunden, dass Hunde bei gro\u00dfer Freude tats\u00e4chlich \u201efeuchte Augen\u201c bekommen k\u00f6nnen. Wenn sie ihr Herrchen oder Frauchen nach langer Zeit wiedersehen, produzieren sie mehr Tr\u00e4nenfl\u00fcssigkeit.<\/p>\n<p>Das liegt an dem sogenannten Oxytocin. Oxytocin ist ein Hormon, das nat\u00fcrlicherweise im Gehirn von Menschen und S\u00e4ugetieren gebildet wird. Es spielt eine Rolle bei der Bindung zwischen Mutter und Kind sowie bei Gruppenbeziehungen. Auch Hunde bilden das Bindungshormon. Sie weinen dann nicht vor Trauer, sondern haben eher einen \u201eFreudenglanz\u201c in den Augen.<\/p>\n<h2>Sp\u00fcren Hunde Traurigkeit?<\/h2>\n<p>Hunde haben feine Antennen f\u00fcr Gef\u00fchle. Sie k\u00f6nnen selbst traurig oder niedergeschlagen sein und erkennen diese Emotionen auch bei uns Menschen. Hunde haben eine gro\u00dfe Empathie und merken genau, wenn es uns schlecht geht.<\/p>\n<h3>Wie zeigen Hunde, dass sie traurig sind?<\/h3>\n<p>Hunde dr\u00fccken ihre Traurigkeit anders aus als wir Menschen. W\u00e4hrend bei uns die Tr\u00e4nen flie\u00dfen, dr\u00fcckt ein Hund seinen Kummer durch Laute, seine K\u00f6rpersprache und sein Verhalten aus.<\/p>\n<ul>\n<li><strong>Lautsprache:<\/strong> Wenn Hunde traurig sind, kann es sein, dass sie winseln, wimmern oder jaulen. So machen sie auf sich aufmerksam und zeigen uns ihren Kummer.<\/li>\n<li><strong>K\u00f6rpersprache:<\/strong> Achte auf den Kopf und die Rute deines Vierbeiners. Ein bedr\u00fcckter Hund l\u00e4sst den Kopf oft h\u00e4ngen und die Rute ist tief gestellt oder zwischen die Beine geklemmt. Auch die Ohren h\u00e4ngen herunter oder sind nach hinten gelegt.<\/li>\n<li><strong>R\u00fcckzug:<\/strong> Ein trauriger Hund verliert oft die Lust an Dingen, die er mag. Er liegt viel in seinem K\u00f6rbchen und zeigt kein Interesse am Spielzeug. Beim Spazieren trottet er lustlos hinter dir her.<\/li>\n<li><strong>Appetitlosigkeit:<\/strong> Genau wie uns Menschen schl\u00e4gt Hunden Kummer oft auf den Magen. Wenn sie sehr traurig sind, fressen sie weniger als sonst.<\/li>\n<li><strong>Schlafen:<\/strong> Manche Hunde schlafen mehr, wenn sie ungl\u00fccklich sind. Sie ziehen sich in ihr K\u00f6rbchen zur\u00fcck und schotten sich ab.<\/li>\n<\/ul>\n<p>Jeder Hund geht anders mit seinen Gef\u00fchlen um. Der eine sucht N\u00e4he, w\u00e4hrend sich der andere zur\u00fcckzieht. Wichtig ist daher, dass du ein Gesp\u00fcr f\u00fcr das Verhalten deines Hundes entwickelst. So erkennst du, wenn er bedr\u00fcckt ist und deine Aufmerksamkeit und Liebe braucht.<\/p>\n<h2>Was tun, wenn mein Hund traurig ist?<\/h2>\n<p>Es tut weh, den eigenen Hund ungl\u00fccklich zu sehen. Aber du kannst einiges tun, um ihm aus seinem Tief zu helfen:<\/p>\n<ul>\n<li>Stress vermeiden<\/li>\n<li>Ausreichend Bewegung<\/li>\n<li>Gutes Futter<\/li>\n<li>Feste Alltagsroutinen<\/li>\n<li>Zeit zum Spielen und Kuscheln<\/li>\n<li>Sozialkontakte mit Artgenossen<\/li>\n<\/ul>\n<p>Oft hilft einem traurigen Hund das, was auch uns guttut: Aufmerksamkeit, Zuwendung und F\u00fcrsorge.<\/p>\n<h2>Feuchte Augen beim Hund: Kann eine Erkrankung dahinterstecken?<\/h2>\n<p>Nasse Augen beim Hund sind meist ein Signal des K\u00f6rpers. Da Hunde nicht weinen k\u00f6nnen, steckt fast immer eine Reizung dahinter \u2013 oft verursacht durch Staub, Pollen oder Zugluft. Der K\u00f6rper produziert dann einfach mehr Tr\u00e4nen, um die Augen zu sp\u00fclen.<\/p>\n<p>Es kann aber auch eine Allergie oder eine ernste Entz\u00fcndung dahinterstecken. Wenn das Auge rot ist oder Sekret absondert, solltest du deinen Hund tier\u00e4rztlich untersuchen lassen. Damit die Kosten f\u00fcr die Untersuchung kein Problem f\u00fcr dich sind, lohnt sich eine Hundekrankenversicherung. Sie \u00fcbernimmt die Tierarztkosten, sodass dein Hund bestm\u00f6glich versorgt werden kann.<\/p>\n\n<div class=\"banner\">\n    <a href=\"https:\/\/uelzener.de\/hund\/hunde-krankenversicherung\/?agt=0000104925&sem=true&utm_medium=magazin&utm_source=wordpress&utm_campaign=hund_kv&utm_content=banner\">\n        <img decoding=\"async\" width=\"300\" height=\"212\" src=\"https:\/\/uelzener.de\/magazin\/app\/uploads\/2025\/01\/Hunde-Kranken-Versicherung.jpg\" class=\"attachment-medium size-medium\" alt=\"Banner Hunde-Kranken-Versicherung\" \/>    <\/a>\n<\/div>\n\n<h2>Hunde als Tr\u00f6ster: Verstehen sie unsere Tr\u00e4nen?<\/h2>\n<p>Wenn wir traurig sind oder weinen, bekommen das unsere Hunde ganz schnell mit. Sie stupsen uns mit der Nase an, lecken unsere Hand ab oder legen ihren Kopf auf unser Knie. Aber verstehen sie wirklich, wie es uns geht?<\/p>\n<p>Ja, auf ihre eigene Weise. Hunde sind Meister darin, unsere K\u00f6rpersprache zu lesen und Stimmungen wahrzunehmen. Sie merken sofort, wenn unsere Energie sinkt oder wir uns anders verhalten.<\/p>\n<p>F\u00fcr deinen Hund ist es in dem Moment egal, warum du weinst. Er merkt einfach, dass du Zuwendung brauchst. Es ist seine Art, dich zu tr\u00f6sten. Es zeigt, wie tief die Freundschaft zwischen euch ist und dass ihr ein Team seid, das sich gegenseitig unterst\u00fctzt.<\/p>\n<h2>Wie du deinen Hund gl\u00fccklicher machst<\/h2>\n<p>Es gibt viele Wege, wie du das Leben deines Hundes sch\u00f6ner gestalten kannst. Das Wichtigste f\u00fcr deine Fellnase ist deine Zeit, egal ob ihr zusammen auf dem Sofa kuschelt oder drau\u00dfen die Welt entdeckt. Deine Aufmerksamkeit ist f\u00fcr deinen Vierbeiner das gr\u00f6\u00dfte Geschenk.<\/p>\n<p>Damit Hunde rundum zufrieden bleiben, brauchen sie aber auch Abwechslung. Kleine Suchspiele im Garten oder das Lernen von neuen Tricks machen ihnen Spa\u00df und geben Selbstvertrauen. Kontakte mit anderen Hundefreunden geh\u00f6ren ebenfalls dazu. Versuche, euren Alltag immer mal wieder mit kleinen Abenteuern zu f\u00fcllen. Eine neue Route zum Gassi gehen reicht da schon vollkommen aus.<\/p>\n<p>Ein gl\u00fccklicher, ausgelasteter Hund kann viel schneller aus einem emotionalen Tief herausfinden. Au\u00dferdem st\u00e4rkt die gemeinsame Zeit eure Bindung und schwei\u00dft euch als Team zusammen.<\/p>\n<h2>Fazit<\/h2>\n<p>Hunde k\u00f6nnen nicht weinen. Wenn sie traurig, niedergeschlagen oder w\u00fctend sind, zeigen sie das auf andere Weise, etwa durch ihre K\u00f6rpersprache und ihr Verhalten. Die nassen Augen, die wir manchmal beobachten, sind meistens auf eine k\u00f6rperliche Schutzreaktion zur\u00fcckzuf\u00fchren. Manchmal schimmern die Augen aber auch vor Freude, Gl\u00fcck oder Aufregung. Denn Hunde k\u00f6nnen Gef\u00fchle empfinden und bei anderen wahrnehmen. Sie haben eine gro\u00dfe Empathie und verstehen uns ohne Worte.<\/p>\n\n<div class=\"related_articles boxed\">\n    <h2>Mehr zum Thema<\/h2>\n    \n    <div class=\"wrapper\"><div class=\"title align-center\"><h3><a href=\"https:\/\/uelzener.de\/magazin\/hund\/tiergesundheit\/hund-frisst-sand\/\">Hund frisst Sand: Was dahintersteckt und wann es gef\u00e4hrlich wird<\/a><\/h3><\/div><div class=\"img align-center\"><img decoding=\"async\" width=\"315\" height=\"180\" src=\"https:\/\/uelzener.de\/magazin\/app\/uploads\/2024\/08\/hund-frisst-sand-315x180.jpg\" class=\"attachment-315x180 size-315x180 wp-post-image\" alt=\"Hund buddelt am Strand und frisst Sand.\" \/><\/div><\/div><div class=\"wrapper\"><div class=\"title align-center\"><h3><a href=\"https:\/\/uelzener.de\/magazin\/hund\/haeufige-fragen\/blinde-hunde\/\">Blinde Hunde: Tipps f\u00fcr ein gl\u00fcckliches Hundeleben trotz Handicap<\/a><\/h3><\/div><div class=\"img align-center\"><img decoding=\"async\" width=\"315\" height=\"180\" src=\"https:\/\/uelzener.de\/magazin\/app\/uploads\/2023\/07\/blinde-hunde-315x180.jpg\" class=\"attachment-315x180 size-315x180 wp-post-image\" alt=\"Ein blinder Hund genie\u00dft die frische Luft am See.\" \/><\/div><\/div><div class=\"wrapper\"><div class=\"title align-center\"><h3><a href=\"https:\/\/uelzener.de\/magazin\/hund\/tiergesundheit\/bindehautentzuendung-beim-hund\/\">Bindehautentz\u00fcndung beim Hund erkennen und behandeln<\/a><\/h3><\/div><div class=\"img align-center\"><img decoding=\"async\" width=\"315\" height=\"180\" src=\"https:\/\/uelzener.de\/magazin\/app\/uploads\/2023\/01\/bindehautentzuendung-hund-315x180.jpg\" class=\"attachment-315x180 size-315x180 wp-post-image\" alt=\"Hund mit Bindehautentz\u00fcndung wird von einer Tier\u00e4rztin untersucht.\" \/><\/div><\/div><\/div>\n\n<h2>FAQ: H\u00e4ufig gestellte Fragen zum Thema Weinen bei Hunden<\/h2>\n<h3>Ist es normal, wenn mein Hund manchmal feuchte Augen hat?<\/h3>\n<p>Etwas Fl\u00fcssigkeit in den Augenwinkeln ist meistens harmlos. Sie dient dazu, das Auge zu reinigen. Solange das Auge deines Hundes nicht ger\u00f6tet ist, juckt oder anderweitig auff\u00e4llig ist, brauchst du erst einmal nicht besorgt zu sein.<\/p>\n<h3>K\u00f6nnen Hunde aus Traurigkeit weinen?<\/h3>\n<p>Nein, Hunde weinen nicht so wie wir Menschen. Sie empfinden zwar ebenso Gef\u00fchle wie Trauer oder Freude, zeigen diese aber durch ihr Verhalten.<\/p>\n<h3>Was bedeuten braune Verf\u00e4rbungen unter den Augen?<\/h3>\n<p>Sogenannte Tr\u00e4nenflecken entstehen, wenn die Tr\u00e4nenfl\u00fcssigkeit im Fell oxidiert. Dazu kommt es, wenn das Auge permanent tr\u00e4nt. Dies kann mehrere Gr\u00fcnde haben. M\u00f6gliche Ursachen sind oft verstopfte Tr\u00e4nenkan\u00e4le, Allergien oder Augenreizungen. Manche Hunde haben auch eine genetische Veranlagung daf\u00fcr. Beim n\u00e4chsten Tierarztbesuch solltest du das ansprechen.<\/p>\n<h3>Kann ich die Augen meines Hundes selbst reinigen?<\/h3>\n<p>Wenn dein Hund kleine Kr\u00fcmel oder Tr\u00e4nenspuren am Wimpernkranz oder unter den Augen hat, kannst du sie vorsichtig mit einem weichen und fusselfreien Tuch abwischen. Am besten feuchtest du es vorher etwas an. Dazu eignet sich warmes Wasser oder auch abgek\u00fchlter Kamillentee.<\/p>\n<h3>Wann sollte ich die Augen meines Hundes tier\u00e4rztlich untersuchen lassen?<\/h3>\n<p>Sobald die Fl\u00fcssigkeit nicht mehr klar ist, sondern gelblich oder wei\u00dflich aussieht, solltest du deinen Hund tier\u00e4rztlich untersuchen lassen. Auch wenn das Auge ger\u00f6tet ist, anschwillt, dein Hund es h\u00e4ufig zukneift oder sich daran kratzt, ist es Zeit f\u00fcr einen Check.<\/p>\n","protected":false},"excerpt":{"rendered":"<p>Vielleicht kennst du das: Du warst lange weg und dein Hund begr\u00fc\u00dft dich mit einem gl\u00e4nzenden Blick, sodass es aussieht, als h\u00e4tte er Freudentr\u00e4nen. Oder dein Hund wirkt nach dem Verlust eines tierischen Partners sichtlich bedr\u00fcckt und hat pl\u00f6tzlich feuchte Augen. In solchen Momenten stellt sich ganz automatisch die Frage: Weint mein Hund gerade? Um [&hellip;]<\/p>\n","protected":false},"author":11,"featured_media":19893,"parent":11687,"menu_order":0,"comment_status":"closed","ping_status":"closed","template":"templates\/blog.php","meta":{"_acf_changed":false,"_crdt_document":"","footnotes":"","beyondwords_generate_audio":"","beyondwords_project_id":"","beyondwords_content_id":"","beyondwords_preview_token":"","beyondwords_player_style":"","beyondwords_language_id":"","beyondwords_title_voice_id":"","beyondwords_body_voice_id":"","beyondwords_summary_voice_id":"","beyondwords_error_message":"","beyondwords_disabled":"","beyondwords_delete_content":"","beyondwords_podcast_id":"","beyondwords_hash":"","publish_post_to_speechkit":"","speechkit_hash":"","speechkit_generate_audio":"","speechkit_project_id":"","speechkit_podcast_id":"","speechkit_error_message":"","speechkit_disabled":"","speechkit_access_key":"","speechkit_error":"","speechkit_info":"","speechkit_response":"","speechkit_retries":"","speechkit_status":"","speechkit_updated_at":"","_speechkit_link":"","_speechkit_text":""},"class_list":["post-19889","page","type-page","status-publish","has-post-thumbnail","hentry"],"acf":[],"yoast_head":"<!-- This site is optimized with the Yoast SEO Premium plugin  - https:\/\/yoast.com\/product\/yoast-seo-premium-wordpress\/ -->\n<title>K\u00f6nnen Hunde weinen? | Uelzener Magazin<\/title>\n<meta name=\"description\" content=\"Hunde zeigen Emotionen, aber k\u00f6nnen sie wirklich weinen? Finde heraus, was die Tr\u00e4nen deines Hundes bedeuten.\" \/>\n<meta name=\"robots\" content=\"index, follow, max-snippet:-1, max-image-preview:large, max-video-preview:-1\" \/>\n<link rel=\"canonical\" href=\"https:\/\/uelzener.de\/magazin\/hund\/haeufige-fragen\/koennen-hunde-weinen\/\" \/>\n<meta property=\"og:locale\" content=\"de_DE\" \/>\n<meta property=\"og:type\" content=\"article\" \/>\n<meta property=\"og:title\" content=\"K\u00f6nnen Hunde weinen?\" \/>\n<meta property=\"og:description\" content=\"Hunde zeigen Emotionen, aber k\u00f6nnen sie wirklich weinen? Finde heraus, was die Tr\u00e4nen deines Hundes bedeuten.\" \/>\n<meta property=\"og:url\" content=\"https:\/\/uelzener.de\/magazin\/hund\/haeufige-fragen\/koennen-hunde-weinen\/\" \/>\n<meta property=\"og:site_name\" content=\"Uelzener Tier-Magazin\" \/>\n<meta property=\"article:publisher\" content=\"https:\/\/www.facebook.com\/Uelzener\" \/>\n<meta property=\"article:modified_time\" content=\"2026-04-08T07:55:24+00:00\" \/>\n<meta property=\"og:image\" content=\"https:\/\/uelzener.de\/magazin\/app\/uploads\/2026\/04\/Magazin_Header-1025x450-px-1025x450-px-15.jpg\" \/>\n\t<meta property=\"og:image:width\" content=\"1025\" \/>\n\t<meta property=\"og:image:height\" content=\"450\" \/>\n\t<meta property=\"og:image:type\" content=\"image\/jpeg\" \/>\n<meta name=\"twitter:card\" content=\"summary_large_image\" \/>\n<meta name=\"twitter:label1\" content=\"Gesch\u00e4tzte Lesezeit\" \/>\n\t<meta name=\"twitter:data1\" content=\"8\u00a0Minuten\" \/>\n<script type=\"application\/ld+json\" class=\"yoast-schema-graph\">{\"@context\":\"https:\/\/schema.org\",\"@graph\":[{\"@type\":\"WebPage\",\"@id\":\"https:\/\/uelzener.de\/magazin\/hund\/haeufige-fragen\/koennen-hunde-weinen\/\",\"url\":\"https:\/\/uelzener.de\/magazin\/hund\/haeufige-fragen\/koennen-hunde-weinen\/\",\"name\":\"K\u00f6nnen Hunde weinen? | Uelzener Magazin\",\"isPartOf\":{\"@id\":\"https:\/\/uelzener.de\/magazin\/#website\"},\"primaryImageOfPage\":{\"@id\":\"https:\/\/uelzener.de\/magazin\/hund\/haeufige-fragen\/koennen-hunde-weinen\/#primaryimage\"},\"image\":{\"@id\":\"https:\/\/uelzener.de\/magazin\/hund\/haeufige-fragen\/koennen-hunde-weinen\/#primaryimage\"},\"thumbnailUrl\":\"https:\/\/uelzener.de\/magazin\/app\/uploads\/2026\/04\/Magazin_Header-1025x450-px-1025x450-px-15.jpg\",\"datePublished\":\"2026-04-08T07:43:10+00:00\",\"dateModified\":\"2026-04-08T07:55:24+00:00\",\"description\":\"Hunde zeigen Emotionen, aber k\u00f6nnen sie wirklich weinen? Finde heraus, was die Tr\u00e4nen deines Hundes bedeuten.\",\"breadcrumb\":{\"@id\":\"https:\/\/uelzener.de\/magazin\/hund\/haeufige-fragen\/koennen-hunde-weinen\/#breadcrumb\"},\"inLanguage\":\"de\",\"potentialAction\":[{\"@type\":\"ReadAction\",\"target\":[\"https:\/\/uelzener.de\/magazin\/hund\/haeufige-fragen\/koennen-hunde-weinen\/\"]}]},{\"@type\":\"ImageObject\",\"inLanguage\":\"de\",\"@id\":\"https:\/\/uelzener.de\/magazin\/hund\/haeufige-fragen\/koennen-hunde-weinen\/#primaryimage\",\"url\":\"https:\/\/uelzener.de\/magazin\/app\/uploads\/2026\/04\/Magazin_Header-1025x450-px-1025x450-px-15.jpg\",\"contentUrl\":\"https:\/\/uelzener.de\/magazin\/app\/uploads\/2026\/04\/Magazin_Header-1025x450-px-1025x450-px-15.jpg\",\"width\":1025,\"height\":450,\"caption\":\"Hund tr\u00e4nt.\"},{\"@type\":\"WebSite\",\"@id\":\"https:\/\/uelzener.de\/magazin\/#website\",\"url\":\"https:\/\/uelzener.de\/magazin\/\",\"name\":\"Uelzener Tiermagazin\",\"description\":\"Online Tierratgeber der Uelzener Versicherungen\",\"publisher\":{\"@id\":\"https:\/\/uelzener.de\/magazin\/#organization\"},\"potentialAction\":[{\"@type\":\"SearchAction\",\"target\":{\"@type\":\"EntryPoint\",\"urlTemplate\":\"https:\/\/uelzener.de\/magazin\/?s={search_term_string}\"},\"query-input\":{\"@type\":\"PropertyValueSpecification\",\"valueRequired\":true,\"valueName\":\"search_term_string\"}}],\"inLanguage\":\"de\"},{\"@type\":\"Organization\",\"@id\":\"https:\/\/uelzener.de\/magazin\/#organization\",\"name\":\"Uelzener Versicherungen\",\"url\":\"https:\/\/uelzener.de\/magazin\/\",\"logo\":{\"@type\":\"ImageObject\",\"inLanguage\":\"de\",\"@id\":\"https:\/\/uelzener.de\/magazin\/#\/schema\/logo\/image\/\",\"url\":\"https:\/\/uelzener.de\/magazin\/app\/uploads\/2024\/11\/uelzener_allgemeine_versicherungsgesellschaft_a_g_logo.jpg\",\"contentUrl\":\"https:\/\/uelzener.de\/magazin\/app\/uploads\/2024\/11\/uelzener_allgemeine_versicherungsgesellschaft_a_g_logo.jpg\",\"width\":200,\"height\":200,\"caption\":\"Uelzener Versicherungen\"},\"image\":{\"@id\":\"https:\/\/uelzener.de\/magazin\/#\/schema\/logo\/image\/\"},\"sameAs\":[\"https:\/\/www.facebook.com\/Uelzener\",\"https:\/\/instagram.com\/uelzener\",\"https:\/\/www.xing.com\/pages\/uelzenerallgemeineversicherungs-gesellschafta-g\",\"https:\/\/www.youtube.com\/UelzenerVersicherungen\"]}]}<\/script>\n<!-- \/ Yoast SEO Premium plugin. -->","yoast_head_json":{"title":"K\u00f6nnen Hunde weinen? | Uelzener Magazin","description":"Hunde zeigen Emotionen, aber k\u00f6nnen sie wirklich weinen? Finde heraus, was die Tr\u00e4nen deines Hundes bedeuten.","robots":{"index":"index","follow":"follow","max-snippet":"max-snippet:-1","max-image-preview":"max-image-preview:large","max-video-preview":"max-video-preview:-1"},"canonical":"https:\/\/uelzener.de\/magazin\/hund\/haeufige-fragen\/koennen-hunde-weinen\/","og_locale":"de_DE","og_type":"article","og_title":"K\u00f6nnen Hunde weinen?","og_description":"Hunde zeigen Emotionen, aber k\u00f6nnen sie wirklich weinen? Finde heraus, was die Tr\u00e4nen deines Hundes bedeuten.","og_url":"https:\/\/uelzener.de\/magazin\/hund\/haeufige-fragen\/koennen-hunde-weinen\/","og_site_name":"Uelzener Tier-Magazin","article_publisher":"https:\/\/www.facebook.com\/Uelzener","article_modified_time":"2026-04-08T07:55:24+00:00","og_image":[{"width":1025,"height":450,"url":"https:\/\/uelzener.de\/magazin\/app\/uploads\/2026\/04\/Magazin_Header-1025x450-px-1025x450-px-15.jpg","type":"image\/jpeg"}],"twitter_card":"summary_large_image","twitter_misc":{"Gesch\u00e4tzte Lesezeit":"8\u00a0Minuten"},"schema":{"@context":"https:\/\/schema.org","@graph":[{"@type":"WebPage","@id":"https:\/\/uelzener.de\/magazin\/hund\/haeufige-fragen\/koennen-hunde-weinen\/","url":"https:\/\/uelzener.de\/magazin\/hund\/haeufige-fragen\/koennen-hunde-weinen\/","name":"K\u00f6nnen Hunde weinen? | Uelzener Magazin","isPartOf":{"@id":"https:\/\/uelzener.de\/magazin\/#website"},"primaryImageOfPage":{"@id":"https:\/\/uelzener.de\/magazin\/hund\/haeufige-fragen\/koennen-hunde-weinen\/#primaryimage"},"image":{"@id":"https:\/\/uelzener.de\/magazin\/hund\/haeufige-fragen\/koennen-hunde-weinen\/#primaryimage"},"thumbnailUrl":"https:\/\/uelzener.de\/magazin\/app\/uploads\/2026\/04\/Magazin_Header-1025x450-px-1025x450-px-15.jpg","datePublished":"2026-04-08T07:43:10+00:00","dateModified":"2026-04-08T07:55:24+00:00","description":"Hunde zeigen Emotionen, aber k\u00f6nnen sie wirklich weinen? Finde heraus, was die Tr\u00e4nen deines Hundes bedeuten.","breadcrumb":{"@id":"https:\/\/uelzener.de\/magazin\/hund\/haeufige-fragen\/koennen-hunde-weinen\/#breadcrumb"},"inLanguage":"de","potentialAction":[{"@type":"ReadAction","target":["https:\/\/uelzener.de\/magazin\/hund\/haeufige-fragen\/koennen-hunde-weinen\/"]}]},{"@type":"ImageObject","inLanguage":"de","@id":"https:\/\/uelzener.de\/magazin\/hund\/haeufige-fragen\/koennen-hunde-weinen\/#primaryimage","url":"https:\/\/uelzener.de\/magazin\/app\/uploads\/2026\/04\/Magazin_Header-1025x450-px-1025x450-px-15.jpg","contentUrl":"https:\/\/uelzener.de\/magazin\/app\/uploads\/2026\/04\/Magazin_Header-1025x450-px-1025x450-px-15.jpg","width":1025,"height":450,"caption":"Hund tr\u00e4nt."},{"@type":"WebSite","@id":"https:\/\/uelzener.de\/magazin\/#website","url":"https:\/\/uelzener.de\/magazin\/","name":"Uelzener Tiermagazin","description":"Online Tierratgeber der Uelzener Versicherungen","publisher":{"@id":"https:\/\/uelzener.de\/magazin\/#organization"},"potentialAction":[{"@type":"SearchAction","target":{"@type":"EntryPoint","urlTemplate":"https:\/\/uelzener.de\/magazin\/?s={search_term_string}"},"query-input":{"@type":"PropertyValueSpecification","valueRequired":true,"valueName":"search_term_string"}}],"inLanguage":"de"},{"@type":"Organization","@id":"https:\/\/uelzener.de\/magazin\/#organization","name":"Uelzener Versicherungen","url":"https:\/\/uelzener.de\/magazin\/","logo":{"@type":"ImageObject","inLanguage":"de","@id":"https:\/\/uelzener.de\/magazin\/#\/schema\/logo\/image\/","url":"https:\/\/uelzener.de\/magazin\/app\/uploads\/2024\/11\/uelzener_allgemeine_versicherungsgesellschaft_a_g_logo.jpg","contentUrl":"https:\/\/uelzener.de\/magazin\/app\/uploads\/2024\/11\/uelzener_allgemeine_versicherungsgesellschaft_a_g_logo.jpg","width":200,"height":200,"caption":"Uelzener Versicherungen"},"image":{"@id":"https:\/\/uelzener.de\/magazin\/#\/schema\/logo\/image\/"},"sameAs":["https:\/\/www.facebook.com\/Uelzener","https:\/\/instagram.com\/uelzener","https:\/\/www.xing.com\/pages\/uelzenerallgemeineversicherungs-gesellschafta-g","https:\/\/www.youtube.com\/UelzenerVersicherungen"]}]}},"_links":{"self":[{"href":"https:\/\/uelzener.de\/magazin\/wp-json\/wp\/v2\/pages\/19889","targetHints":{"allow":["GET"]}}],"collection":[{"href":"https:\/\/uelzener.de\/magazin\/wp-json\/wp\/v2\/pages"}],"about":[{"href":"https:\/\/uelzener.de\/magazin\/wp-json\/wp\/v2\/types\/page"}],"author":[{"embeddable":true,"href":"https:\/\/uelzener.de\/magazin\/wp-json\/wp\/v2\/users\/11"}],"replies":[{"embeddable":true,"href":"https:\/\/uelzener.de\/magazin\/wp-json\/wp\/v2\/comments?post=19889"}],"version-history":[{"count":2,"href":"https:\/\/uelzener.de\/magazin\/wp-json\/wp\/v2\/pages\/19889\/revisions"}],"predecessor-version":[{"id":19891,"href":"https:\/\/uelzener.de\/magazin\/wp-json\/wp\/v2\/pages\/19889\/revisions\/19891"}],"up":[{"embeddable":true,"href":"https:\/\/uelzener.de\/magazin\/wp-json\/wp\/v2\/pages\/11687"}],"wp:featuredmedia":[{"embeddable":true,"href":"https:\/\/uelzener.de\/magazin\/wp-json\/wp\/v2\/media\/19893"}],"wp:attachment":[{"href":"https:\/\/uelzener.de\/magazin\/wp-json\/wp\/v2\/media?parent=19889"}],"curies":[{"name":"wp","href":"https:\/\/api.w.org\/{rel}","templated":true}]}}