{"id":19881,"date":"2026-04-01T16:13:03","date_gmt":"2026-04-01T14:13:03","guid":{"rendered":"https:\/\/uelzener.de\/magazin\/?page_id=19881"},"modified":"2026-04-01T16:13:03","modified_gmt":"2026-04-01T14:13:03","slug":"pferde-am-tablet-touchscreens-denkvermoegen","status":"publish","type":"page","link":"https:\/\/uelzener.de\/magazin\/pferd\/haeufige-fragen\/pferde-am-tablet-touchscreens-denkvermoegen\/","title":{"rendered":"Pferde am Tablet: Was Touchscreens \u00fcber ihr Denkverm\u00f6gen verraten"},"content":{"rendered":"<p>Pferde gelten als lernf\u00e4hige und sozial intelligente Tiere. Sie reagieren auf feinste K\u00f6rpersignale, k\u00f6nnen sich Abl\u00e4ufe merken und enge Bindungen zu Menschen aufbauen. Doch wie Pferde denken, l\u00e4sst sich im Alltag nur schwer objektiv erfassen. H\u00e4ufig werden die Tiere vom Menschen beeinflusst, ohne dass es diesem bewusst sein muss.<\/p>\n<p>Genau hier setzt ein vergleichsweise neuer Forschungsansatz an: Mithilfe von Touchscreens lassen sich die kognitiven F\u00e4higkeiten von Pferden ohne menschliche Einflussnahme untersuchen. Erste Studien liefern spannende Beobachtungen zum Denkverm\u00f6gen bei Pferden.<\/p>\n<h2>Wenn Pferde den Bildschirm bedienen<\/h2>\n<p>Bei einer Pilotstudie aus dem Jahr 2022 hatten f\u00fcnf Garrano-Pferde die Aufgabe, f\u00fcnf Buchstaben (O, B, X, V, Z) auf einem Touchscreen zu unterscheiden. Die Tiere lernten zun\u00e4chst, mit der Nase Symbole auf einem Bildschirm zu ber\u00fchren. Anschlie\u00dfend sollten sie aus zwei verschiedenen Buchstaben den richtigen w\u00e4hlen. Durch ein automatisiertes System konnte eine Einflussnahme durch den Menschen ausgeschlossen werden.<\/p>\n<p>Vier von f\u00fcnf Pferden meisterten diese Aufgabe erstaunlich zuverl\u00e4ssig. Die durchschnittliche Erfolgsquote lag bei rund 80 %. Besonders aufschlussreich war jedoch die Fehleranalyse. Die Pferde machten ihre Fehler anscheinend nicht zuf\u00e4llig. Sie zeigten dabei spezifische Muster. Buchstaben mit runden Formen (O und B) verwechselten sie eher miteinander. Buchstaben mit geraden Linien (Z, V, X) wurden ebenfalls h\u00e4ufiger untereinander vertauscht. Das deutet darauf hin, dass die Tiere Formen anhand grundlegender Merkmale wie Kr\u00fcmmung oder Geradlinigkeit erkennen und einordnen k\u00f6nnen.<\/p>\n<h3>Einordnung der Pilotstudie<\/h3>\n<p>Die Autoren und Autorinnen der Studie interpretieren die Studienergebnisse als Hinweis darauf, dass Pferde \u00fcber F\u00e4higkeiten zur visuellen Kategorisierung verf\u00fcgen. Das bedeutet, sie k\u00f6nnen \u00c4hnlichkeiten und Unterschiede zwischen Formen erkennen. Diese F\u00e4higkeiten sind auch bei anderen Tierarten bekannt. Gleichzeitig zeigte die Studie, dass Touchscreen-Methoden sich eignen, um kognitive F\u00e4higkeiten von Pferden zu untersuchen.<\/p>\n<p>Wichtig ist eine differenzierte Betrachtung. Bei einer Pilotstudie geht es in erster Linie darum, Methode, Versuchsaufbau und Fragestellung zu testen. Die Stichprobe ist mit nur f\u00fcnf Tieren sehr klein. Deshalb ist die Aussagekraft stark begrenzt. Allgemeine Schl\u00fcsse k\u00f6nnen nicht gezogen werden. Die Studie erkundet eher, als dass sie \u00fcberpr\u00fcft. Aus diesem Grund liefert sie zwar interessante Beobachtungen und Hinweise, aber keine belastbaren Ergebnisse. Daf\u00fcr w\u00e4ren gr\u00f6\u00dfere, kontrolliertere Folgestudien n\u00f6tig.<\/p>\n<h2>Wenn Pferde durch Touchscreens \u201emitreden\u201c d\u00fcrfen<\/h2>\n<p>Noch spannender wird es, wenn Touchscreens zu Kommunikationszwecken genutzt werden. Eine Studie aus dem Jahr 2016 ging diesen Schritt. Hier wurden 23 Pferde darauf trainiert, mit Hilfe von Symboltafeln mitzuteilen, ob sie eine Decke tragen m\u00f6chten oder nicht.<\/p>\n<p>Das Training erfolgte in kurzen t\u00e4glichen Einheiten und war in mehrere aufeinander aufbauende Schritte gegliedert. Innerhalb von 14 Tagen haben alle Pferde die Aufgabe erfolgreich erlernt.<\/p>\n<h3>Einordnung der Kommunikationsstudie<\/h3>\n<p>Die Tiere schienen ihre Entscheidungen nicht zuf\u00e4llig zu treffen. Bei kaltem oder regnerischem Wetter w\u00e4hlten sie deutlich h\u00e4ufiger das Symbol f\u00fcr \u201eDecke anlegen\u201c. Bei milden Bedingungen verzichteten sie \u00f6fter darauf.<\/p>\n<p>Die Autoren und Autorinnen schlossen aus den Ergebnissen: Pferde k\u00f6nnen lernen, visuelle Symbole gezielt zur Kommunikation einzusetzen. Au\u00dferdem scheinen die Tiere zu verstehen, dass eine Decke ihnen je nach Wetter mehr Komfort bietet.<\/p>\n<h2>Was bedeuten die Ergebnisse der Touchscreen-basierten Studien?<\/h2>\n<p>Welche Erkenntnisse lassen sich zusammenfassend aus den Touchscreen-Studien ableiten?<\/p>\n<p>Sie legen nahe, dass die getesteten Pferde:<\/p>\n<ul>\n<li>visuelle Reize differenziert wahrnehmen k\u00f6nnen<\/li>\n<li>Muster erkennen und kategorisieren k\u00f6nnen<\/li>\n<li>durch Training Symbole gezielt zur Kommunikation nutzen k\u00f6nnen<\/li>\n<\/ul>\n<p>Bei der Interpretation ist jedoch Vorsicht geboten. Die Ergebnisse zeigen nicht, dass Pferde Sprache im menschlichen Sinne verstehen oder \u00fcber ein abstraktes Symbolverst\u00e4ndnis verf\u00fcgen. Auch l\u00e4sst sich nicht ableiten, dass Pferde in der Lage sind, komplexe Gedanken \u00fcber Touchscreens auszudr\u00fccken.<\/p>\n<h2>Ein Blick in die Zukunft von Pferdestudien mit Touchscreens<\/h2>\n<p>Die Nutzung von Touchscreens in Studien mit Pferden hat einen entscheidenden Vorteil: Sie eliminiert menschliche Einflussfaktoren. So l\u00e4sst sich untersuchen, wie Pferde denken, unabh\u00e4ngig von Signalen eines Menschen. Der Ansatz ist geeignet, um die kognitiven F\u00e4higkeiten und Grenzen von Pferden objektiv zu erforschen.<\/p>\n<p>Perspektivisch k\u00f6nnten Studien mit gr\u00f6\u00dferen Stichproben und kontrollierten Versuchsbedingungen aufschlussreiche Erkenntnisse hervorbringen. Laut den Autoren und Autorinnen der Pilotstudie lie\u00dfe sich beispielsweise testen, ob Pferde Mitglieder ihrer Herde anhand von Portraits erkennen.<\/p>\n<p>M\u00f6glicherweise sind Touchscreens in Zukunft sogar mehr als nur ein Forschungswerkzeug. Sie bieten auch die Option, Tiere aktiv in Entscheidungen einzubeziehen. Wenn Pferde etwa ihre Bed\u00fcrfnisse gezielt kommunizieren, w\u00fcrde das neue Wege f\u00fcr Haltung und Umgang er\u00f6ffnen.<\/p>\n<p>Zu einer verantwortungsvollen Pferdehaltung geh\u00f6rt neben einem Verst\u00e4ndnis f\u00fcr die Bed\u00fcrfnisse der Tiere auch eine finanzielle Absicherung f\u00fcr den Ernstfall. Die Pferdeversicherungen der Uelzener bieten Schutz, wenn es darauf ankommt.<\/p>\n<h2>Fazit<\/h2>\n<p>Touchscreen-Studien geben spannende Einblicke in das Denkverm\u00f6gen von Pferden. Sie liefern Hinweise, dass Pferde differenzierter wahrnehmen und lernen k\u00f6nnen, als lange angenommen wurde. Doch die bisherigen Ergebnisse haben nur eine eingeschr\u00e4nkte Aussagekraft. Sie m\u00fcssen erst durch gr\u00f6\u00dfere, systematische Studien best\u00e4tigt werden.<\/p>\n<p>Dennoch sind Touchscreens ein vielversprechendes Hilfsmittel in der Forschung. Sie erm\u00f6glichen es, das Denkverm\u00f6gen von Pferden objektiv zu untersuchen. Irgendwann k\u00f6nnen sie vielleicht sogar dabei unterst\u00fctzen, in Haltung, Umgang und Pflege noch st\u00e4rker auf die Bed\u00fcrfnisse von Pferden einzugehen.<\/p>\n<h2>FAQ: H\u00e4ufig gestellte Fragen zum Thema Pferde-Studien mit Touchscreens<\/h2>\n<h3>Sind die Ergebnisse von Touchscreen-Studien auf alle Pferde \u00fcbertragbar?<\/h3>\n<p>Pferde unterscheiden sich voneinander, abh\u00e4ngig von ihrer Rasse, ihrem Wesen, ihrer Haltung und Ausbildung. Deshalb ist bei der Interpretation der Ergebnisse Vorsicht geboten. Einzelne Studien k\u00f6nnen interessante Hinweise liefern, aber nicht belegen, dass jedes Pferd \u00fcber dieselben F\u00e4higkeiten verf\u00fcgt. Daf\u00fcr w\u00e4ren deutlich gr\u00f6\u00dfere und kontrolliertere Studien n\u00f6tig.<\/p>\n<h3>Gibt es Unterschiede zwischen den Pferderassen in Bezug auf ihre Lernf\u00e4higkeit bei kognitiven Aufgaben?<\/h3>\n<p>Die Kommunikationsstudie aus 2016 liefert Hinweise auf eine unterschiedliche Lerngeschwindigkeit bei Warm- und Kaltbl\u00fctern. Jedoch ist die Stichprobe zu klein, um allgemeine Aussagen zu treffen. Es gibt derzeit keine fundierten wissenschaftlichen Vergleiche zwischen verschiedenen Pferderassen in Bezug auf das Lernen mit dem Touchscreen.<\/p>\n<h3>Wie beeinflusst die Motivation durch z. B. Futterbelohnung die Ergebnisse solcher Studien?<\/h3>\n<p>Motivation ist ein zentraler Faktor in der Tierforschung. Sie beeinflusst ma\u00dfgeblich, wie gut Tiere Aufgaben lernen und ausf\u00fchren. In vielen Studien wird mit positiver Verst\u00e4rkung gearbeitet, h\u00e4ufig in Form von Futterbelohnungen. Diese k\u00f6nnen die Lernbereitschaft deutlich steigern. Sie bergen aber auch das Risiko, dass Tiere eher auf die Belohnung reagieren und weniger auf die eigentliche Aufgabe achten. Forschende versuchen daher, Trainingsprotokolle so zu gestalten, dass die Tiere die Aufgabe wirklich verstehen und nicht zuf\u00e4llig zum Ziel kommen.<\/p>\n","protected":false},"excerpt":{"rendered":"<p>Pferde gelten als lernf\u00e4hige und sozial intelligente Tiere. Sie reagieren auf feinste K\u00f6rpersignale, k\u00f6nnen sich Abl\u00e4ufe merken und enge Bindungen zu Menschen aufbauen. Doch wie Pferde denken, l\u00e4sst sich im Alltag nur schwer objektiv erfassen. H\u00e4ufig werden die Tiere vom Menschen beeinflusst, ohne dass es diesem bewusst sein muss. Genau hier setzt ein vergleichsweise neuer [&hellip;]<\/p>\n","protected":false},"author":11,"featured_media":19883,"parent":11685,"menu_order":0,"comment_status":"closed","ping_status":"closed","template":"templates\/blog.php","meta":{"_acf_changed":false,"_crdt_document":"","footnotes":"","beyondwords_generate_audio":"","beyondwords_project_id":"","beyondwords_content_id":"","beyondwords_preview_token":"","beyondwords_player_style":"","beyondwords_language_id":"","beyondwords_title_voice_id":"","beyondwords_body_voice_id":"","beyondwords_summary_voice_id":"","beyondwords_error_message":"","beyondwords_disabled":"","beyondwords_delete_content":"","beyondwords_podcast_id":"","beyondwords_hash":"","publish_post_to_speechkit":"","speechkit_hash":"","speechkit_generate_audio":"","speechkit_project_id":"","speechkit_podcast_id":"","speechkit_error_message":"","speechkit_disabled":"","speechkit_access_key":"","speechkit_error":"","speechkit_info":"","speechkit_response":"","speechkit_retries":"","speechkit_status":"","speechkit_updated_at":"","_speechkit_link":"","_speechkit_text":""},"class_list":["post-19881","page","type-page","status-publish","has-post-thumbnail","hentry"],"acf":[],"yoast_head":"<!-- This site is optimized with the Yoast SEO Premium plugin  - https:\/\/yoast.com\/product\/yoast-seo-premium-wordpress\/ -->\n<title>Pferde am Tablet: Was Touchscreens \u00fcber ihr Denkverm\u00f6gen verraten | Uelzener Magazin<\/title>\n<meta name=\"description\" content=\"Entdecke die faszinierenden Ergebnisse von Studien \u00fcber Pferde am Tablet und ihr bemerkenswertes Denkverm\u00f6gen.\" \/>\n<meta name=\"robots\" content=\"index, follow, max-snippet:-1, max-image-preview:large, max-video-preview:-1\" \/>\n<link rel=\"canonical\" href=\"https:\/\/uelzener.de\/magazin\/pferd\/haeufige-fragen\/pferde-am-tablet-touchscreens-denkvermoegen\/\" \/>\n<meta property=\"og:locale\" content=\"de_DE\" \/>\n<meta property=\"og:type\" content=\"article\" \/>\n<meta property=\"og:title\" content=\"Pferde am Tablet: Was Touchscreens \u00fcber ihr Denkverm\u00f6gen verraten\" \/>\n<meta property=\"og:description\" content=\"Entdecke die faszinierenden Ergebnisse von Studien \u00fcber Pferde am Tablet und ihr bemerkenswertes Denkverm\u00f6gen.\" \/>\n<meta property=\"og:url\" content=\"https:\/\/uelzener.de\/magazin\/pferd\/haeufige-fragen\/pferde-am-tablet-touchscreens-denkvermoegen\/\" \/>\n<meta property=\"og:site_name\" content=\"Uelzener Tier-Magazin\" \/>\n<meta property=\"article:publisher\" content=\"https:\/\/www.facebook.com\/Uelzener\" \/>\n<meta property=\"og:image\" content=\"https:\/\/uelzener.de\/magazin\/app\/uploads\/2026\/04\/Magazin_Header-1025x450-px-1025x450-px-12.jpg\" \/>\n\t<meta property=\"og:image:width\" content=\"1025\" \/>\n\t<meta property=\"og:image:height\" content=\"450\" \/>\n\t<meta property=\"og:image:type\" content=\"image\/jpeg\" \/>\n<meta name=\"twitter:card\" content=\"summary_large_image\" \/>\n<meta name=\"twitter:label1\" content=\"Gesch\u00e4tzte Lesezeit\" \/>\n\t<meta name=\"twitter:data1\" content=\"6\u00a0Minuten\" \/>\n<script type=\"application\/ld+json\" class=\"yoast-schema-graph\">{\"@context\":\"https:\/\/schema.org\",\"@graph\":[{\"@type\":\"WebPage\",\"@id\":\"https:\/\/uelzener.de\/magazin\/pferd\/haeufige-fragen\/pferde-am-tablet-touchscreens-denkvermoegen\/\",\"url\":\"https:\/\/uelzener.de\/magazin\/pferd\/haeufige-fragen\/pferde-am-tablet-touchscreens-denkvermoegen\/\",\"name\":\"Pferde am Tablet: Was Touchscreens \u00fcber ihr Denkverm\u00f6gen verraten | Uelzener Magazin\",\"isPartOf\":{\"@id\":\"https:\/\/uelzener.de\/magazin\/#website\"},\"primaryImageOfPage\":{\"@id\":\"https:\/\/uelzener.de\/magazin\/pferd\/haeufige-fragen\/pferde-am-tablet-touchscreens-denkvermoegen\/#primaryimage\"},\"image\":{\"@id\":\"https:\/\/uelzener.de\/magazin\/pferd\/haeufige-fragen\/pferde-am-tablet-touchscreens-denkvermoegen\/#primaryimage\"},\"thumbnailUrl\":\"https:\/\/uelzener.de\/magazin\/app\/uploads\/2026\/04\/Magazin_Header-1025x450-px-1025x450-px-12.jpg\",\"datePublished\":\"2026-04-01T14:13:03+00:00\",\"description\":\"Entdecke die faszinierenden Ergebnisse von Studien \u00fcber Pferde am Tablet und ihr bemerkenswertes Denkverm\u00f6gen.\",\"breadcrumb\":{\"@id\":\"https:\/\/uelzener.de\/magazin\/pferd\/haeufige-fragen\/pferde-am-tablet-touchscreens-denkvermoegen\/#breadcrumb\"},\"inLanguage\":\"de\",\"potentialAction\":[{\"@type\":\"ReadAction\",\"target\":[\"https:\/\/uelzener.de\/magazin\/pferd\/haeufige-fragen\/pferde-am-tablet-touchscreens-denkvermoegen\/\"]}]},{\"@type\":\"ImageObject\",\"inLanguage\":\"de\",\"@id\":\"https:\/\/uelzener.de\/magazin\/pferd\/haeufige-fragen\/pferde-am-tablet-touchscreens-denkvermoegen\/#primaryimage\",\"url\":\"https:\/\/uelzener.de\/magazin\/app\/uploads\/2026\/04\/Magazin_Header-1025x450-px-1025x450-px-12.jpg\",\"contentUrl\":\"https:\/\/uelzener.de\/magazin\/app\/uploads\/2026\/04\/Magazin_Header-1025x450-px-1025x450-px-12.jpg\",\"width\":1025,\"height\":450,\"caption\":\"Pferd am Tablet.\"},{\"@type\":\"WebSite\",\"@id\":\"https:\/\/uelzener.de\/magazin\/#website\",\"url\":\"https:\/\/uelzener.de\/magazin\/\",\"name\":\"Uelzener Tiermagazin\",\"description\":\"Online Tierratgeber der Uelzener Versicherungen\",\"publisher\":{\"@id\":\"https:\/\/uelzener.de\/magazin\/#organization\"},\"potentialAction\":[{\"@type\":\"SearchAction\",\"target\":{\"@type\":\"EntryPoint\",\"urlTemplate\":\"https:\/\/uelzener.de\/magazin\/?s={search_term_string}\"},\"query-input\":{\"@type\":\"PropertyValueSpecification\",\"valueRequired\":true,\"valueName\":\"search_term_string\"}}],\"inLanguage\":\"de\"},{\"@type\":\"Organization\",\"@id\":\"https:\/\/uelzener.de\/magazin\/#organization\",\"name\":\"Uelzener Versicherungen\",\"url\":\"https:\/\/uelzener.de\/magazin\/\",\"logo\":{\"@type\":\"ImageObject\",\"inLanguage\":\"de\",\"@id\":\"https:\/\/uelzener.de\/magazin\/#\/schema\/logo\/image\/\",\"url\":\"https:\/\/uelzener.de\/magazin\/app\/uploads\/2024\/11\/uelzener_allgemeine_versicherungsgesellschaft_a_g_logo.jpg\",\"contentUrl\":\"https:\/\/uelzener.de\/magazin\/app\/uploads\/2024\/11\/uelzener_allgemeine_versicherungsgesellschaft_a_g_logo.jpg\",\"width\":200,\"height\":200,\"caption\":\"Uelzener Versicherungen\"},\"image\":{\"@id\":\"https:\/\/uelzener.de\/magazin\/#\/schema\/logo\/image\/\"},\"sameAs\":[\"https:\/\/www.facebook.com\/Uelzener\",\"https:\/\/instagram.com\/uelzener\",\"https:\/\/www.xing.com\/pages\/uelzenerallgemeineversicherungs-gesellschafta-g\",\"https:\/\/www.youtube.com\/UelzenerVersicherungen\"]}]}<\/script>\n<!-- \/ Yoast SEO Premium plugin. -->","yoast_head_json":{"title":"Pferde am Tablet: Was Touchscreens \u00fcber ihr Denkverm\u00f6gen verraten | Uelzener Magazin","description":"Entdecke die faszinierenden Ergebnisse von Studien \u00fcber Pferde am Tablet und ihr bemerkenswertes Denkverm\u00f6gen.","robots":{"index":"index","follow":"follow","max-snippet":"max-snippet:-1","max-image-preview":"max-image-preview:large","max-video-preview":"max-video-preview:-1"},"canonical":"https:\/\/uelzener.de\/magazin\/pferd\/haeufige-fragen\/pferde-am-tablet-touchscreens-denkvermoegen\/","og_locale":"de_DE","og_type":"article","og_title":"Pferde am Tablet: Was Touchscreens \u00fcber ihr Denkverm\u00f6gen verraten","og_description":"Entdecke die faszinierenden Ergebnisse von Studien \u00fcber Pferde am Tablet und ihr bemerkenswertes Denkverm\u00f6gen.","og_url":"https:\/\/uelzener.de\/magazin\/pferd\/haeufige-fragen\/pferde-am-tablet-touchscreens-denkvermoegen\/","og_site_name":"Uelzener Tier-Magazin","article_publisher":"https:\/\/www.facebook.com\/Uelzener","og_image":[{"width":1025,"height":450,"url":"https:\/\/uelzener.de\/magazin\/app\/uploads\/2026\/04\/Magazin_Header-1025x450-px-1025x450-px-12.jpg","type":"image\/jpeg"}],"twitter_card":"summary_large_image","twitter_misc":{"Gesch\u00e4tzte Lesezeit":"6\u00a0Minuten"},"schema":{"@context":"https:\/\/schema.org","@graph":[{"@type":"WebPage","@id":"https:\/\/uelzener.de\/magazin\/pferd\/haeufige-fragen\/pferde-am-tablet-touchscreens-denkvermoegen\/","url":"https:\/\/uelzener.de\/magazin\/pferd\/haeufige-fragen\/pferde-am-tablet-touchscreens-denkvermoegen\/","name":"Pferde am Tablet: Was Touchscreens \u00fcber ihr Denkverm\u00f6gen verraten | Uelzener Magazin","isPartOf":{"@id":"https:\/\/uelzener.de\/magazin\/#website"},"primaryImageOfPage":{"@id":"https:\/\/uelzener.de\/magazin\/pferd\/haeufige-fragen\/pferde-am-tablet-touchscreens-denkvermoegen\/#primaryimage"},"image":{"@id":"https:\/\/uelzener.de\/magazin\/pferd\/haeufige-fragen\/pferde-am-tablet-touchscreens-denkvermoegen\/#primaryimage"},"thumbnailUrl":"https:\/\/uelzener.de\/magazin\/app\/uploads\/2026\/04\/Magazin_Header-1025x450-px-1025x450-px-12.jpg","datePublished":"2026-04-01T14:13:03+00:00","description":"Entdecke die faszinierenden Ergebnisse von Studien \u00fcber Pferde am Tablet und ihr bemerkenswertes Denkverm\u00f6gen.","breadcrumb":{"@id":"https:\/\/uelzener.de\/magazin\/pferd\/haeufige-fragen\/pferde-am-tablet-touchscreens-denkvermoegen\/#breadcrumb"},"inLanguage":"de","potentialAction":[{"@type":"ReadAction","target":["https:\/\/uelzener.de\/magazin\/pferd\/haeufige-fragen\/pferde-am-tablet-touchscreens-denkvermoegen\/"]}]},{"@type":"ImageObject","inLanguage":"de","@id":"https:\/\/uelzener.de\/magazin\/pferd\/haeufige-fragen\/pferde-am-tablet-touchscreens-denkvermoegen\/#primaryimage","url":"https:\/\/uelzener.de\/magazin\/app\/uploads\/2026\/04\/Magazin_Header-1025x450-px-1025x450-px-12.jpg","contentUrl":"https:\/\/uelzener.de\/magazin\/app\/uploads\/2026\/04\/Magazin_Header-1025x450-px-1025x450-px-12.jpg","width":1025,"height":450,"caption":"Pferd am Tablet."},{"@type":"WebSite","@id":"https:\/\/uelzener.de\/magazin\/#website","url":"https:\/\/uelzener.de\/magazin\/","name":"Uelzener Tiermagazin","description":"Online Tierratgeber der Uelzener Versicherungen","publisher":{"@id":"https:\/\/uelzener.de\/magazin\/#organization"},"potentialAction":[{"@type":"SearchAction","target":{"@type":"EntryPoint","urlTemplate":"https:\/\/uelzener.de\/magazin\/?s={search_term_string}"},"query-input":{"@type":"PropertyValueSpecification","valueRequired":true,"valueName":"search_term_string"}}],"inLanguage":"de"},{"@type":"Organization","@id":"https:\/\/uelzener.de\/magazin\/#organization","name":"Uelzener Versicherungen","url":"https:\/\/uelzener.de\/magazin\/","logo":{"@type":"ImageObject","inLanguage":"de","@id":"https:\/\/uelzener.de\/magazin\/#\/schema\/logo\/image\/","url":"https:\/\/uelzener.de\/magazin\/app\/uploads\/2024\/11\/uelzener_allgemeine_versicherungsgesellschaft_a_g_logo.jpg","contentUrl":"https:\/\/uelzener.de\/magazin\/app\/uploads\/2024\/11\/uelzener_allgemeine_versicherungsgesellschaft_a_g_logo.jpg","width":200,"height":200,"caption":"Uelzener Versicherungen"},"image":{"@id":"https:\/\/uelzener.de\/magazin\/#\/schema\/logo\/image\/"},"sameAs":["https:\/\/www.facebook.com\/Uelzener","https:\/\/instagram.com\/uelzener","https:\/\/www.xing.com\/pages\/uelzenerallgemeineversicherungs-gesellschafta-g","https:\/\/www.youtube.com\/UelzenerVersicherungen"]}]}},"_links":{"self":[{"href":"https:\/\/uelzener.de\/magazin\/wp-json\/wp\/v2\/pages\/19881","targetHints":{"allow":["GET"]}}],"collection":[{"href":"https:\/\/uelzener.de\/magazin\/wp-json\/wp\/v2\/pages"}],"about":[{"href":"https:\/\/uelzener.de\/magazin\/wp-json\/wp\/v2\/types\/page"}],"author":[{"embeddable":true,"href":"https:\/\/uelzener.de\/magazin\/wp-json\/wp\/v2\/users\/11"}],"replies":[{"embeddable":true,"href":"https:\/\/uelzener.de\/magazin\/wp-json\/wp\/v2\/comments?post=19881"}],"version-history":[{"count":2,"href":"https:\/\/uelzener.de\/magazin\/wp-json\/wp\/v2\/pages\/19881\/revisions"}],"predecessor-version":[{"id":19884,"href":"https:\/\/uelzener.de\/magazin\/wp-json\/wp\/v2\/pages\/19881\/revisions\/19884"}],"up":[{"embeddable":true,"href":"https:\/\/uelzener.de\/magazin\/wp-json\/wp\/v2\/pages\/11685"}],"wp:featuredmedia":[{"embeddable":true,"href":"https:\/\/uelzener.de\/magazin\/wp-json\/wp\/v2\/media\/19883"}],"wp:attachment":[{"href":"https:\/\/uelzener.de\/magazin\/wp-json\/wp\/v2\/media?parent=19881"}],"curies":[{"name":"wp","href":"https:\/\/api.w.org\/{rel}","templated":true}]}}