{"id":19736,"date":"2026-02-04T12:45:32","date_gmt":"2026-02-04T11:45:32","guid":{"rendered":"https:\/\/uelzener.de\/magazin\/?page_id=19736"},"modified":"2026-02-04T12:45:32","modified_gmt":"2026-02-04T11:45:32","slug":"liebesbisse-vom-hund-knabbern-zeichen-der-zuneigung","status":"publish","type":"page","link":"https:\/\/uelzener.de\/magazin\/hund\/haeufige-fragen\/liebesbisse-vom-hund-knabbern-zeichen-der-zuneigung\/","title":{"rendered":"Liebesbisse vom Hund: Knabbern als Zeichen der Zuneigung"},"content":{"rendered":"<p><span style=\"font-weight: 400;\">Hunde zeigen ihre Liebe auf unterschiedliche Weise. Sie begr\u00fc\u00dfen uns euphorisch beim Nachhausekommen, folgen uns auf Schritt und Tritt durch die Wohnung und bringen uns ihr Lieblingsspielzeug. Manchmal wird ihre Zuneigung ganz besonders deutlich \u2013 etwa wenn sie ihren Kopf auf unseren Schoss legen, uns mit ihren feuchten Nasen anstupsen oder \u00fcbers Gesicht schlecken.<\/span><\/p>\n<p><span style=\"font-weight: 400;\">Eine weitere Form der Liebesbekundung sind Liebesbisse. Dabei knabbern Hunde ihre Menschen mit den Vorderz\u00e4hnen vorsichtig an. Es f\u00fchlt sich an wie ein leichtes Zwicken. In der Hundesprache sind Liebesbisse eine sehr vertrauensvolle Geste. Es handelt sich dabei um ein nat\u00fcrliches Verhalten. Hunde dr\u00fccken damit unter Artgenossen ihre Zuneigung aus.<\/span><\/p>\n<p><span style=\"font-weight: 400;\">Was genau dahintersteckt, erf\u00e4hrst du in diesem Artikel.<\/span><\/p>\n<h2>Liebesbisse und Cobbing<\/h2>\n<p><span style=\"font-weight: 400;\">Liebesbisse sind eine Art von <\/span><span style=\"font-weight: 400;\">Cobbing<\/span><span style=\"font-weight: 400;\">. Der Begriff kommt aus dem Englischen. Er leitet sich von <\/span><i><span style=\"font-weight: 400;\">corn cobbing<\/span><\/i><span style=\"font-weight: 400;\"> ab. Das hei\u00dft so viel wie \u201eMais anknabbern\u201c. So sieht es n\u00e4mlich aus, wenn Hunde mit ihren Vorderz\u00e4hnen an Artgenossen, sich selbst, ihrem Menschen, Spielzeug oder einem anderen Gegenstand knabbern.\u00a0<\/span><\/p>\n<p><span style=\"font-weight: 400;\">Cobbing ist ein angeborenes Verhalten. Es tritt schon im Welpenalter in Erscheinung. So versuchen die meisten Hundebabys durch kleine Bisse, mehr Milch von ihrer Mutter zu bekommen. Auch beim Zahnen neigen Welpen zum Cobben. Sie knabbern dann fast alles an, was ihnen in die Quere kommt \u2013 manchmal auch die Finger ihres Menschen. Damit versuchen sie, sich Erleichterung zu verschaffen.<\/span><\/p>\n<p><span style=\"font-weight: 400;\">Auch bei erwachsenen Hunden zeigt sich das Verhalten. Hier erf\u00fcllt es unterschiedliche Funktionen.\u00a0<\/span><\/p>\n<ul>\n<li style=\"font-weight: 400;\" aria-level=\"1\"><b>Stressbew\u00e4ltigung<\/b><span style=\"font-weight: 400;\">: Viele Hunde, die reiz\u00fcberflutet oder \u00fcberfordert sind, versuchen sich durch Cobbing zu beruhigen. Das Knabbern hilft ihnen, sich selbst zu regulieren und zu entspannen.<\/span><\/li>\n<li style=\"font-weight: 400;\" aria-level=\"1\"><b>Suche nach Aufmerksamkeit und Besch\u00e4ftigung<\/b><span style=\"font-weight: 400;\">: Manche Hunde fangen an zu knabbern, wenn sie Aufmerksamkeit suchen oder ihnen langweilig ist. Sie senden damit das Signal, dass sie kuscheln oder spielen wollen.<\/span><\/li>\n<li style=\"font-weight: 400;\" aria-level=\"1\"><b>Fellpflege<\/b><span style=\"font-weight: 400;\">: Das Cobben dient auch der Fellpflege. Es hilft dabei, lose Haare und Schmutz zu entfernen. Hunde putzen sich auf diese Weise selbst oder gegenseitig.<\/span><\/li>\n<li style=\"font-weight: 400;\" aria-level=\"1\"><b>Soziale Kommunikation<\/b><span style=\"font-weight: 400;\">: Hunde beknabbern sich nicht nur bei der Fellpflege, sondern auch beim Spielen und Kuscheln. Das st\u00e4rkt die Bindung. Au\u00dferdem dient es der Beschwichtigung, um Konfliktsituationen zu entsch\u00e4rfen.<\/span><\/li>\n<\/ul>\n<p><span style=\"font-weight: 400;\">Der soziale Aspekt spielt auch bei Liebesbissen eine Rolle. Der Hund m\u00f6chte seinem Menschen damit zeigen, dass er sich verbunden und zugeh\u00f6rig f\u00fchlt. Es ist ein Ausdruck von F\u00fcrsorge und Vertrauen.<\/span><\/p>\n\n<div class=\"related_articles boxed\">\n    <h2>Mehr zum Thema<\/h2>\n    \n    <div class=\"wrapper\"><div class=\"title align-center\"><h3><a href=\"https:\/\/uelzener.de\/magazin\/hund\/rasseportrait\/hunderassen-uebersicht-welcher-hund-passt-zu-mir\/\">F\u00fcr jeden Topf ein Deckel: Welche Hunderasse passt zu mir? Hunderassen in der \u00dcbersicht<\/a><\/h3><\/div><div class=\"img align-center\"><img decoding=\"async\" width=\"315\" height=\"180\" src=\"https:\/\/uelzener.de\/magazin\/app\/uploads\/2022\/08\/Drei-verschiedene-Hunderassen-sitzen-auf-Rasen-315x180.jpg\" class=\"attachment-315x180 size-315x180 wp-post-image\" alt=\"Drei Hunderassen sitzen nebeneinander auf einer Wiese.\" \/><\/div><\/div><div class=\"wrapper\"><div class=\"title align-center\"><h3><a href=\"https:\/\/uelzener.de\/magazin\/hund\/tiergesundheit\/cobbing-beim-hund-was-steckt-dahinter-wenn-dein-vierbeiner-knabbert\/\">Cobbing beim Hund: Was steckt dahinter, wenn dein Vierbeiner knabbert?<\/a><\/h3><\/div><div class=\"img align-center\"><img decoding=\"async\" width=\"315\" height=\"180\" src=\"https:\/\/uelzener.de\/magazin\/app\/uploads\/2025\/03\/hund_cobbing-315x180.jpg\" class=\"attachment-315x180 size-315x180 wp-post-image\" alt=\"Ein kleiner Hund knabbert an einem Teppich.\" \/><\/div><\/div><\/div>\n\n<h2>Liebesbisse vom Hund richtig deuten<\/h2>\n<p><span style=\"font-weight: 400;\">Nicht jedes vorsichtige Knabbern ist automatisch eine Liebeserkl\u00e4rung. Hunde cobben aus unterschiedlichen Beweggr\u00fcnden. Es ist daher wichtig zu erkennen, wann es sich um einen Liebesbiss handelt und wann nicht. In dem Zusammenhang sollte man sich die K\u00f6rpersprache des Hundes n\u00e4her ansehen.<\/span><\/p>\n<ul>\n<li style=\"font-weight: 400;\" aria-level=\"1\"><b>Liebesbeweis<\/b><span style=\"font-weight: 400;\">: Bei einem Liebesbiss knabbert der Hund sanft und behutsam. Der Gesichtsausdruck ist weich, der K\u00f6rper entspannt. Viele Hunde schlie\u00dfen leicht die Augen oder schauen weg. Damit signalisieren sie, dass sie nicht auf Konfrontation aus sind.<\/span><\/li>\n<li style=\"font-weight: 400;\" aria-level=\"1\"><b>Spielaufforderung<\/b><span style=\"font-weight: 400;\">: Das Knabbern mit den Vorderz\u00e4hnen kann auch als Spielaufforderung gemeint sein. Ein starker Hinweis darauf ist, wenn der Hund beim Knabbern in die Vorderk\u00f6rpertiefstellung geht. Dabei legt er die Vorderbeine bis zur H\u00f6he der Ellenbogen flach auf den Boden, w\u00e4hrend er das Hinterteil in die H\u00f6he streckt.\u00a0<\/span><\/li>\n<li style=\"font-weight: 400;\" aria-level=\"1\"><b>Angst- oder Stressbew\u00e4ltigung<\/b><span style=\"font-weight: 400;\">: Ob ein Hund angst- oder stressbedingt knabbert, l\u00e4sst sich aus der K\u00f6rpersprache und dem Kontext ableiten. Hat das Tier kurz vorher eine unangenehme oder be\u00e4ngstigende Situation erlebt? Dann ist es sehr wahrscheinlich, dass er nach einem Weg der Selbstregulation sucht. Das Knabbern wirkt dann oft besonders hektisch und exzessiv. Hinzu kommen eine angespannte K\u00f6rperhaltung, ein verkrampfter Gesichtsausdruck und weit ge\u00f6ffnete Augen (mit sichtbarem Augenwei\u00df).<\/span><\/li>\n<\/ul>\n<p><span style=\"font-weight: 400;\">Die K\u00f6rpersprache eines Hundes zu deuten, erfordert etwas \u00dcbung. Aber je mehr man sich damit besch\u00e4ftigt, desto leichter f\u00e4llt es, die Zeichen zu verstehen. Und es lohnt sich allemal. Denn gegenseitiges Verst\u00e4ndnis schafft die Basis f\u00fcr eine innige Hund-Mensch-Beziehung.<\/span><\/p>\n<h2>So reagierst du richtig bei Liebesbissen<\/h2>\n<p><span style=\"font-weight: 400;\">Echte Liebesbisse sind ein Kompliment f\u00fcr den Menschen. Der Hund dr\u00fcckt damit seine Zuneigung aus. Aber wie geht man am besten damit um? Das kommt auf die Situation an.<\/span><\/p>\n<ul>\n<li style=\"font-weight: 400;\" aria-level=\"1\"><b>Positiv erwidern<\/b><span style=\"font-weight: 400;\">: Wenn die Liebesbisse deines Hundes z\u00e4rtlich sind und nicht weh tun, kannst du sie positiv erwidern. Dazu streichelst du ihn ruhig oder sprichst ihm sanft zu. Dein Hund wird sich freuen, dass du seinen Liebesbeweis annimmst und ihm Zuneigung zur\u00fcckgibst.<\/span><\/li>\n<li style=\"font-weight: 400;\" aria-level=\"1\"><b>Grenzen setzen<\/b><span style=\"font-weight: 400;\">:\u00a0Sollte dein Hund zu grob sein, unterbrich ihn. Wichtig ist dabei, nicht schroff, sondern entschieden zu sein. Wenn er bei einem klaren \u201eNein\u201c nicht aufh\u00f6rt, stehst du auf und beendest die Situation. Es kann sein, dass dein Hund knabbern muss, weil er \u00fcberreizt ist oder zahnt. Dann kannst du ihm ein Kauspielzeug als Alternative anbieten.\u00a0<\/span><\/li>\n<\/ul>\n<p><span style=\"font-weight: 400;\">Wichtig ist, dass du deinen Hund im Blick beh\u00e4ltst. F\u00e4llt dir auf, dass er vermehrt an sich selbst knabbert und schon kahle Stellen entstehen, solltest du das abkl\u00e4ren lassen. In dem Fall kann eine k\u00f6rperliche Erkrankung oder ein psychisches Problem dahinterstecken. Eine <\/span><span style=\"font-weight: 400;\">Hundekrankenversicherung<\/span><span style=\"font-weight: 400;\"> bietet Schutz vor hohen Tierarztkosten. So kannst du deinen Vierbeiner umfassend untersuchen und behandeln lassen, wenn es n\u00f6tig ist.<\/span><\/p>\n\n<div class=\"banner\">\n    <a href=\"https:\/\/uelzener.de\/hund\/?agt=0000104925&sem=true&utm_medium=magazin&utm_source=wordpress&utm_campaign=hund&utm_content=banner\">\n        <img decoding=\"async\" width=\"300\" height=\"212\" src=\"https:\/\/uelzener.de\/magazin\/app\/uploads\/2023\/10\/Hunde-Versicherung.jpg\" class=\"attachment-medium size-medium\" alt=\"Banner Hunde-Versicherung\" \/>    <\/a>\n<\/div>\n\n<h2>Fazit<\/h2>\n<p><span style=\"font-weight: 400;\">Wenn dein Hund sanft und behutsam an dir knabbert, kannst du das als echtes Kompliment verstehen. Es zeigt, dass dein Tier dir vertraut und sich bei dir sicher f\u00fchlt. Mit Liebesbissen dr\u00fccken Hunde ihre Zuneigung aus. F\u00fcr sie ist dieses Verhalten ganz nat\u00fcrlich und Teil ihrer Kommunikation. Es ist ihre Art zu sagen: <\/span><i><span style=\"font-weight: 400;\">Wir geh\u00f6ren zusammen<\/span><\/i><span style=\"font-weight: 400;\">. Liebevoller kann ein Hund seine Verbundenheit kaum zum Ausdruck bringen.<\/span><\/p>\n<h2>FAQ \u2013 h\u00e4ufig gestellte Fragen zum Thema Liebesbisse von Hunden<\/h2>\n<h3>Knabbern manche Rassen h\u00e4ufiger als andere?<\/h3>\n<p><span style=\"font-weight: 400;\">Rassen, die sehr sozial veranlagt sind, haben eine gr\u00f6\u00dfere Tendenz zum Cobben als Rassen mit einem eher unabh\u00e4ngigen Wesen. Beispiele daf\u00fcr sind Retriever und Spaniel. Auch H\u00fctehunde wie der Australian Shepherd oder Australian Cattle Dog knabbern h\u00e4ufiger. Sie wurden dazu gez\u00fcchtet, Vieh zu treiben. Zu diesem Zweck zwicken sie den Tieren in die Fersen. Das H\u00fcteverhalten zeigt sich mitunter auch beim Menschen und ist unerw\u00fcnscht.\u00a0<\/span><\/p>\n<h3>Sind Liebesbisse f\u00fcr mich gef\u00e4hrlich?<\/h3>\n<p><span style=\"font-weight: 400;\">Wenn der Hund vorsichtig mit seinen Z\u00e4hnen ist, ist das Knabbern nicht gef\u00e4hrlich. Allerdings solltest du offene Hautstellen oder Wunden sch\u00fctzen. Im Hundemaul befinden sich viele Bakterien, die durch das Knabbern leicht \u00fcbertragen werden und Entz\u00fcndungen verursachen k\u00f6nnen.<\/span><\/p>\n<h3>K\u00f6nnen Liebesbisse im Laufe des Lebens h\u00e4ufiger oder seltener auftreten?<\/h3>\n<p><span style=\"font-weight: 400;\">Ja. Die H\u00e4ufigkeit kann sich mit dem Alter \u00e4ndern. Welpen und junge Hunde zeigen Liebesbisse oft h\u00e4ufiger, weil sie ihre Umwelt stark \u00fcber das Maul erkunden. Mit zunehmender Reife werden viele Hunde ruhiger. Sie dr\u00fccken ihre Verbundenheit eher durch Kontaktliegen oder ruhiges Anlehnen aus.<\/span><\/p>\n<h3>Warum zeigt mein Hund Liebesbisse nur bei mir und nicht bei anderen Menschen?<\/h3>\n<p><span style=\"font-weight: 400;\">Liebesbisse setzen ein hohes Ma\u00df an Vertrauen voraus. Zu fremden oder weniger vertrauten Personen halten Hunde mehr Abstand. Wenn dein Hund nur an dir knabbert, ist das ein Zeichen f\u00fcr eine besonders enge Bindung.<\/span><\/p>\n<h3>Sollte man Liebesbisse bei Kindern erlauben?<\/h3>\n<p><span style=\"font-weight: 400;\">Nein, zumindest nicht unbeaufsichtigt. Auch wenn Liebesbisse gut gemeint sind, k\u00f6nnen Kinder sie falsch deuten und Angst bekommen. Zudem ist die Haut von Kindern empfindlicher. Hier ist es sinnvoll, klare Regeln zu setzen und dem Hund Alternativen anzubieten.<\/span><\/p>\n<h3>Muss man Liebesbisse grunds\u00e4tzlich unterbinden?<\/h3>\n<p><span style=\"font-weight: 400;\">Nein. Solange sie sanft sind und nicht st\u00f6ren, m\u00fcssen Liebesbisse nicht unterbunden werden. Wichtig ist, dass der Hund seine Grenzen akzeptiert, wenn man das Verhalten nicht m\u00f6chte.<\/span><\/p>\n","protected":false},"excerpt":{"rendered":"<p>Hunde zeigen ihre Liebe auf unterschiedliche Weise. Sie begr\u00fc\u00dfen uns euphorisch beim Nachhausekommen, folgen uns auf Schritt und Tritt durch die Wohnung und bringen uns ihr Lieblingsspielzeug. Manchmal wird ihre Zuneigung ganz besonders deutlich \u2013 etwa wenn sie ihren Kopf auf unseren Schoss legen, uns mit ihren feuchten Nasen anstupsen oder \u00fcbers Gesicht schlecken. Eine [&hellip;]<\/p>\n","protected":false},"author":11,"featured_media":19737,"parent":11687,"menu_order":3,"comment_status":"closed","ping_status":"closed","template":"templates\/blog.php","meta":{"_acf_changed":false,"_crdt_document":"","footnotes":"","beyondwords_generate_audio":"","beyondwords_project_id":"","beyondwords_content_id":"","beyondwords_preview_token":"","beyondwords_player_style":"","beyondwords_language_id":"","beyondwords_title_voice_id":"","beyondwords_body_voice_id":"","beyondwords_summary_voice_id":"","beyondwords_error_message":"","beyondwords_disabled":"","beyondwords_delete_content":"","beyondwords_podcast_id":"","beyondwords_hash":"","publish_post_to_speechkit":"","speechkit_hash":"","speechkit_generate_audio":"","speechkit_project_id":"","speechkit_podcast_id":"","speechkit_error_message":"","speechkit_disabled":"","speechkit_access_key":"","speechkit_error":"","speechkit_info":"","speechkit_response":"","speechkit_retries":"","speechkit_status":"","speechkit_updated_at":"","_speechkit_link":"","_speechkit_text":""},"class_list":["post-19736","page","type-page","status-publish","has-post-thumbnail","hentry"],"acf":[],"yoast_head":"<!-- This site is optimized with the Yoast SEO Premium plugin  - https:\/\/yoast.com\/product\/yoast-seo-premium-wordpress\/ -->\n<title>Liebesbisse vom Hund: Knabbern als Zeichen der Zuneigung | Uelzener Magazin<\/title>\n<meta name=\"description\" content=\"Liebesbisse bei Hunden sind eine vertrauensvolle Geste. Erfahre mehr \u00fcber dieses nat\u00fcrliche Verhalten und seine Bedeutung.\" \/>\n<meta name=\"robots\" content=\"index, follow, max-snippet:-1, max-image-preview:large, max-video-preview:-1\" \/>\n<link rel=\"canonical\" href=\"https:\/\/uelzener.de\/magazin\/hund\/haeufige-fragen\/liebesbisse-vom-hund-knabbern-zeichen-der-zuneigung\/\" \/>\n<meta property=\"og:locale\" content=\"de_DE\" \/>\n<meta property=\"og:type\" content=\"article\" \/>\n<meta property=\"og:title\" content=\"Liebesbisse vom Hund: Knabbern als Zeichen der Zuneigung\" \/>\n<meta property=\"og:description\" content=\"Liebesbisse bei Hunden sind eine vertrauensvolle Geste. Erfahre mehr \u00fcber dieses nat\u00fcrliche Verhalten und seine Bedeutung.\" \/>\n<meta property=\"og:url\" content=\"https:\/\/uelzener.de\/magazin\/hund\/haeufige-fragen\/liebesbisse-vom-hund-knabbern-zeichen-der-zuneigung\/\" \/>\n<meta property=\"og:site_name\" content=\"Uelzener Tier-Magazin\" \/>\n<meta property=\"article:publisher\" content=\"https:\/\/www.facebook.com\/Uelzener\" \/>\n<meta property=\"og:image\" content=\"https:\/\/uelzener.de\/magazin\/app\/uploads\/2026\/02\/liebesbiss-hund.jpg\" \/>\n\t<meta property=\"og:image:width\" content=\"1025\" \/>\n\t<meta property=\"og:image:height\" content=\"450\" \/>\n\t<meta property=\"og:image:type\" content=\"image\/jpeg\" \/>\n<meta name=\"twitter:card\" content=\"summary_large_image\" \/>\n<meta name=\"twitter:label1\" content=\"Gesch\u00e4tzte Lesezeit\" \/>\n\t<meta name=\"twitter:data1\" content=\"7\u00a0Minuten\" \/>\n<script type=\"application\/ld+json\" class=\"yoast-schema-graph\">{\"@context\":\"https:\/\/schema.org\",\"@graph\":[{\"@type\":\"WebPage\",\"@id\":\"https:\/\/uelzener.de\/magazin\/hund\/haeufige-fragen\/liebesbisse-vom-hund-knabbern-zeichen-der-zuneigung\/\",\"url\":\"https:\/\/uelzener.de\/magazin\/hund\/haeufige-fragen\/liebesbisse-vom-hund-knabbern-zeichen-der-zuneigung\/\",\"name\":\"Liebesbisse vom Hund: Knabbern als Zeichen der Zuneigung | Uelzener Magazin\",\"isPartOf\":{\"@id\":\"https:\/\/uelzener.de\/magazin\/#website\"},\"primaryImageOfPage\":{\"@id\":\"https:\/\/uelzener.de\/magazin\/hund\/haeufige-fragen\/liebesbisse-vom-hund-knabbern-zeichen-der-zuneigung\/#primaryimage\"},\"image\":{\"@id\":\"https:\/\/uelzener.de\/magazin\/hund\/haeufige-fragen\/liebesbisse-vom-hund-knabbern-zeichen-der-zuneigung\/#primaryimage\"},\"thumbnailUrl\":\"https:\/\/uelzener.de\/magazin\/app\/uploads\/2026\/02\/liebesbiss-hund.jpg\",\"datePublished\":\"2026-02-04T11:45:32+00:00\",\"description\":\"Liebesbisse bei Hunden sind eine vertrauensvolle Geste. Erfahre mehr \u00fcber dieses nat\u00fcrliche Verhalten und seine Bedeutung.\",\"breadcrumb\":{\"@id\":\"https:\/\/uelzener.de\/magazin\/hund\/haeufige-fragen\/liebesbisse-vom-hund-knabbern-zeichen-der-zuneigung\/#breadcrumb\"},\"inLanguage\":\"de\",\"potentialAction\":[{\"@type\":\"ReadAction\",\"target\":[\"https:\/\/uelzener.de\/magazin\/hund\/haeufige-fragen\/liebesbisse-vom-hund-knabbern-zeichen-der-zuneigung\/\"]}]},{\"@type\":\"ImageObject\",\"inLanguage\":\"de\",\"@id\":\"https:\/\/uelzener.de\/magazin\/hund\/haeufige-fragen\/liebesbisse-vom-hund-knabbern-zeichen-der-zuneigung\/#primaryimage\",\"url\":\"https:\/\/uelzener.de\/magazin\/app\/uploads\/2026\/02\/liebesbiss-hund.jpg\",\"contentUrl\":\"https:\/\/uelzener.de\/magazin\/app\/uploads\/2026\/02\/liebesbiss-hund.jpg\",\"width\":1025,\"height\":450,\"caption\":\"Welpe knabbert an einer Hand. Es ist ein Liebesbiss.\"},{\"@type\":\"WebSite\",\"@id\":\"https:\/\/uelzener.de\/magazin\/#website\",\"url\":\"https:\/\/uelzener.de\/magazin\/\",\"name\":\"Uelzener Tiermagazin\",\"description\":\"Online Tierratgeber der Uelzener Versicherungen\",\"publisher\":{\"@id\":\"https:\/\/uelzener.de\/magazin\/#organization\"},\"potentialAction\":[{\"@type\":\"SearchAction\",\"target\":{\"@type\":\"EntryPoint\",\"urlTemplate\":\"https:\/\/uelzener.de\/magazin\/?s={search_term_string}\"},\"query-input\":{\"@type\":\"PropertyValueSpecification\",\"valueRequired\":true,\"valueName\":\"search_term_string\"}}],\"inLanguage\":\"de\"},{\"@type\":\"Organization\",\"@id\":\"https:\/\/uelzener.de\/magazin\/#organization\",\"name\":\"Uelzener Versicherungen\",\"url\":\"https:\/\/uelzener.de\/magazin\/\",\"logo\":{\"@type\":\"ImageObject\",\"inLanguage\":\"de\",\"@id\":\"https:\/\/uelzener.de\/magazin\/#\/schema\/logo\/image\/\",\"url\":\"https:\/\/uelzener.de\/magazin\/app\/uploads\/2024\/11\/uelzener_allgemeine_versicherungsgesellschaft_a_g_logo.jpg\",\"contentUrl\":\"https:\/\/uelzener.de\/magazin\/app\/uploads\/2024\/11\/uelzener_allgemeine_versicherungsgesellschaft_a_g_logo.jpg\",\"width\":200,\"height\":200,\"caption\":\"Uelzener Versicherungen\"},\"image\":{\"@id\":\"https:\/\/uelzener.de\/magazin\/#\/schema\/logo\/image\/\"},\"sameAs\":[\"https:\/\/www.facebook.com\/Uelzener\",\"https:\/\/instagram.com\/uelzener\",\"https:\/\/www.xing.com\/pages\/uelzenerallgemeineversicherungs-gesellschafta-g\",\"https:\/\/www.youtube.com\/UelzenerVersicherungen\"]}]}<\/script>\n<!-- \/ Yoast SEO Premium plugin. -->","yoast_head_json":{"title":"Liebesbisse vom Hund: Knabbern als Zeichen der Zuneigung | Uelzener Magazin","description":"Liebesbisse bei Hunden sind eine vertrauensvolle Geste. Erfahre mehr \u00fcber dieses nat\u00fcrliche Verhalten und seine Bedeutung.","robots":{"index":"index","follow":"follow","max-snippet":"max-snippet:-1","max-image-preview":"max-image-preview:large","max-video-preview":"max-video-preview:-1"},"canonical":"https:\/\/uelzener.de\/magazin\/hund\/haeufige-fragen\/liebesbisse-vom-hund-knabbern-zeichen-der-zuneigung\/","og_locale":"de_DE","og_type":"article","og_title":"Liebesbisse vom Hund: Knabbern als Zeichen der Zuneigung","og_description":"Liebesbisse bei Hunden sind eine vertrauensvolle Geste. Erfahre mehr \u00fcber dieses nat\u00fcrliche Verhalten und seine Bedeutung.","og_url":"https:\/\/uelzener.de\/magazin\/hund\/haeufige-fragen\/liebesbisse-vom-hund-knabbern-zeichen-der-zuneigung\/","og_site_name":"Uelzener Tier-Magazin","article_publisher":"https:\/\/www.facebook.com\/Uelzener","og_image":[{"width":1025,"height":450,"url":"https:\/\/uelzener.de\/magazin\/app\/uploads\/2026\/02\/liebesbiss-hund.jpg","type":"image\/jpeg"}],"twitter_card":"summary_large_image","twitter_misc":{"Gesch\u00e4tzte Lesezeit":"7\u00a0Minuten"},"schema":{"@context":"https:\/\/schema.org","@graph":[{"@type":"WebPage","@id":"https:\/\/uelzener.de\/magazin\/hund\/haeufige-fragen\/liebesbisse-vom-hund-knabbern-zeichen-der-zuneigung\/","url":"https:\/\/uelzener.de\/magazin\/hund\/haeufige-fragen\/liebesbisse-vom-hund-knabbern-zeichen-der-zuneigung\/","name":"Liebesbisse vom Hund: Knabbern als Zeichen der Zuneigung | Uelzener Magazin","isPartOf":{"@id":"https:\/\/uelzener.de\/magazin\/#website"},"primaryImageOfPage":{"@id":"https:\/\/uelzener.de\/magazin\/hund\/haeufige-fragen\/liebesbisse-vom-hund-knabbern-zeichen-der-zuneigung\/#primaryimage"},"image":{"@id":"https:\/\/uelzener.de\/magazin\/hund\/haeufige-fragen\/liebesbisse-vom-hund-knabbern-zeichen-der-zuneigung\/#primaryimage"},"thumbnailUrl":"https:\/\/uelzener.de\/magazin\/app\/uploads\/2026\/02\/liebesbiss-hund.jpg","datePublished":"2026-02-04T11:45:32+00:00","description":"Liebesbisse bei Hunden sind eine vertrauensvolle Geste. Erfahre mehr \u00fcber dieses nat\u00fcrliche Verhalten und seine Bedeutung.","breadcrumb":{"@id":"https:\/\/uelzener.de\/magazin\/hund\/haeufige-fragen\/liebesbisse-vom-hund-knabbern-zeichen-der-zuneigung\/#breadcrumb"},"inLanguage":"de","potentialAction":[{"@type":"ReadAction","target":["https:\/\/uelzener.de\/magazin\/hund\/haeufige-fragen\/liebesbisse-vom-hund-knabbern-zeichen-der-zuneigung\/"]}]},{"@type":"ImageObject","inLanguage":"de","@id":"https:\/\/uelzener.de\/magazin\/hund\/haeufige-fragen\/liebesbisse-vom-hund-knabbern-zeichen-der-zuneigung\/#primaryimage","url":"https:\/\/uelzener.de\/magazin\/app\/uploads\/2026\/02\/liebesbiss-hund.jpg","contentUrl":"https:\/\/uelzener.de\/magazin\/app\/uploads\/2026\/02\/liebesbiss-hund.jpg","width":1025,"height":450,"caption":"Welpe knabbert an einer Hand. Es ist ein Liebesbiss."},{"@type":"WebSite","@id":"https:\/\/uelzener.de\/magazin\/#website","url":"https:\/\/uelzener.de\/magazin\/","name":"Uelzener Tiermagazin","description":"Online Tierratgeber der Uelzener Versicherungen","publisher":{"@id":"https:\/\/uelzener.de\/magazin\/#organization"},"potentialAction":[{"@type":"SearchAction","target":{"@type":"EntryPoint","urlTemplate":"https:\/\/uelzener.de\/magazin\/?s={search_term_string}"},"query-input":{"@type":"PropertyValueSpecification","valueRequired":true,"valueName":"search_term_string"}}],"inLanguage":"de"},{"@type":"Organization","@id":"https:\/\/uelzener.de\/magazin\/#organization","name":"Uelzener Versicherungen","url":"https:\/\/uelzener.de\/magazin\/","logo":{"@type":"ImageObject","inLanguage":"de","@id":"https:\/\/uelzener.de\/magazin\/#\/schema\/logo\/image\/","url":"https:\/\/uelzener.de\/magazin\/app\/uploads\/2024\/11\/uelzener_allgemeine_versicherungsgesellschaft_a_g_logo.jpg","contentUrl":"https:\/\/uelzener.de\/magazin\/app\/uploads\/2024\/11\/uelzener_allgemeine_versicherungsgesellschaft_a_g_logo.jpg","width":200,"height":200,"caption":"Uelzener Versicherungen"},"image":{"@id":"https:\/\/uelzener.de\/magazin\/#\/schema\/logo\/image\/"},"sameAs":["https:\/\/www.facebook.com\/Uelzener","https:\/\/instagram.com\/uelzener","https:\/\/www.xing.com\/pages\/uelzenerallgemeineversicherungs-gesellschafta-g","https:\/\/www.youtube.com\/UelzenerVersicherungen"]}]}},"_links":{"self":[{"href":"https:\/\/uelzener.de\/magazin\/wp-json\/wp\/v2\/pages\/19736","targetHints":{"allow":["GET"]}}],"collection":[{"href":"https:\/\/uelzener.de\/magazin\/wp-json\/wp\/v2\/pages"}],"about":[{"href":"https:\/\/uelzener.de\/magazin\/wp-json\/wp\/v2\/types\/page"}],"author":[{"embeddable":true,"href":"https:\/\/uelzener.de\/magazin\/wp-json\/wp\/v2\/users\/11"}],"replies":[{"embeddable":true,"href":"https:\/\/uelzener.de\/magazin\/wp-json\/wp\/v2\/comments?post=19736"}],"version-history":[{"count":1,"href":"https:\/\/uelzener.de\/magazin\/wp-json\/wp\/v2\/pages\/19736\/revisions"}],"predecessor-version":[{"id":19738,"href":"https:\/\/uelzener.de\/magazin\/wp-json\/wp\/v2\/pages\/19736\/revisions\/19738"}],"up":[{"embeddable":true,"href":"https:\/\/uelzener.de\/magazin\/wp-json\/wp\/v2\/pages\/11687"}],"wp:featuredmedia":[{"embeddable":true,"href":"https:\/\/uelzener.de\/magazin\/wp-json\/wp\/v2\/media\/19737"}],"wp:attachment":[{"href":"https:\/\/uelzener.de\/magazin\/wp-json\/wp\/v2\/media?parent=19736"}],"curies":[{"name":"wp","href":"https:\/\/api.w.org\/{rel}","templated":true}]}}