{"id":19721,"date":"2026-01-30T12:02:48","date_gmt":"2026-01-30T11:02:48","guid":{"rendered":"https:\/\/uelzener.de\/magazin\/?page_id=19721"},"modified":"2026-02-03T12:43:25","modified_gmt":"2026-02-03T11:43:25","slug":"vollblueter-warmblueter-kaltblueter-unterschiede-besonderheiten","status":"publish","type":"page","link":"https:\/\/uelzener.de\/magazin\/pferd\/rasseportrait\/vollblueter-warmblueter-kaltblueter-unterschiede-besonderheiten\/","title":{"rendered":"Vollbl\u00fcter, Warmbl\u00fcter und Kaltbl\u00fcter: Unterschiede und Besonderheiten"},"content":{"rendered":"<p><span style=\"font-weight: 400;\">Wer sich intensiver mit Pferden besch\u00e4ftigt, st\u00f6\u00dft unweigerlich auf die Begriffe Vollblut, Warmblut und Kaltblut. Die Bezeichnungen haben nichts mit der K\u00f6rpertemperatur der Tiere zu tun. Vielmehr geben sie Aufschluss \u00fcber Temperament, K\u00f6rperbau, Herkunft und typische Einsatzbereiche. In unserem Artikel erkl\u00e4ren wir dir, was die einzelnen Pferdetypen auszeichnet.<\/span><\/p>\n<h2>Vollbl\u00fcter \u2013 schnell, sensibel und ausdauernd<\/h2>\n<p><span style=\"font-weight: 400;\">Vollbl\u00fcter sind f\u00fcr ihre Schnelligkeit und Ausdauer bekannt. Sie haben mitunter arabische Wurzeln und wurden gezielt f\u00fcr Leistung und Sport gez\u00fcchtet. H\u00e4ufig werden sie bei Pferderennen eingesetzt. Man findet sie aber auch in der Vielseitigkeit.\u00a0<\/span><\/p>\n<p><span style=\"font-weight: 400;\">Zu den Vollblutrassen z\u00e4hlen das englische Vollblut, Vollblutaraber und Anglo-Araber. Anglo-Araber sind eine Kreuzung aus den beiden erstgenannten Pferderassen.<\/span><\/p>\n<h3>K\u00f6rperbau der Vollbl\u00fcter<\/h3>\n<p><span style=\"font-weight: 400;\">Kennzeichnend f\u00fcr Vollbl\u00fcter ist ein schlanker und athletischer K\u00f6rperbau mit langen Beinen. Dadurch k\u00f6nnen die Pferde hohe Geschwindigkeiten und eine hohe Ausdauerleistung erzielen. Au\u00dferdem haben sie eine edle Kopfform mit ausdrucksstarken Augen und spitzen Ohren.\u00a0<\/span><\/p>\n<h3>Charakter der Vollbl\u00fcter<\/h3>\n<p><span style=\"font-weight: 400;\">Vollbl\u00fcter gelten als klug, sensibel und temperamentvoll. Sie reagieren sensibel auf ihre Umgebung. Dadurch sprechen sie schon auf feinste Hilfen an. Gleichzeitig k\u00f6nnen sie schnell unter Stress geraten. Haltung und Umgang sind mitunter anspruchsvoll. Deswegen eignen sich Vollbl\u00fcter weniger als Anf\u00e4ngerpferde.<\/span><\/p>\n<h2>Kaltbl\u00fcter \u2013 stark, ruhig und zuverl\u00e4ssig<\/h2>\n<p><span style=\"font-weight: 400;\">Kaltbl\u00fcter sind besonders kr\u00e4ftige und robuste Pferde. Fr\u00fcher wurden sie vor allem als Arbeits- und Zugpferde eingesetzt. Heute sieht man sie oft in der Forstwirtschaft oder im Fahrsport. Auch als Freizeitpferde gewinnen sie an Beliebtheit.<\/span><\/p>\n<p><span style=\"font-weight: 400;\">Bekannte Kaltblutrassen sind der Noriker, das Rheinisch-Deutsche Kaltblut und das Shire Horse. Das Shire Horse ist die gr\u00f6\u00dfte Pferderasse der Welt. Es erreicht eine Widerristh\u00f6he von 178 Zentimetern\u00a0 und ein Gewicht von 1200 kg.<\/span><\/p>\n<h3>K\u00f6rperbau der Kaltbl\u00fcter<\/h3>\n<p><span style=\"font-weight: 400;\">Kaltbl\u00fcter haben einen schweren und gut bemuskelten K\u00f6rper mit markantem Kopf. Sie verf\u00fcgen \u00fcber einen breiten R\u00fccken und eine breite Hinterhand. Dadurch erbringen sie eine hohe Zug- und Schubkraft.<\/span><\/p>\n<p><span style=\"font-weight: 400;\">Viele Kaltblutrassen haben einen dichten Behang an den Fesseln. Die Hufe sind gro\u00df und stabil. Sie sind auf schwere Arbeit und unterschiedliche Bodenverh\u00e4ltnisse ausgelegt.<\/span><\/p>\n<h3>Charakter der Kaltbl\u00fcter<\/h3>\n<p><span style=\"font-weight: 400;\">Kaltblutpferde zeichnen sich durch ihr ruhiges und gelassenes Wesen aus. Sie sind weniger stressanf\u00e4llig als Vollbl\u00fcter. Dadurch sind sie im Umgang recht unkompliziert.\u00a0<\/span><\/p>\n<p><span style=\"font-weight: 400;\">Oft wird Kaltbl\u00fctern eine gewisse Sturheit nachgesagt. Mit Geduld und Konsequenz l\u00e4sst sich das jedoch gut in den Griff kriegen.<\/span><\/p>\n<h2>Warmbl\u00fcter \u2013 freundliche und flei\u00dfige Sportler<\/h2>\n<p><span style=\"font-weight: 400;\">Die Geschichte der Warmbl\u00fcter reicht ins 18. Jahrhundert zur\u00fcck. Sie entstanden durch die gezielte Kreuzung von Kaltbl\u00fctern mit Vollblutpferden. Dadurch sind sie sehr sportlich und gleichzeitig ausgeglichen im Wesen.<\/span><\/p>\n<p><span style=\"font-weight: 400;\">Viele Reiter und Reiterinnen entscheiden sich f\u00fcr Warmbl\u00fcter, ob f\u00fcr den Turniersport oder f\u00fcrs Freizeitreiten. Die Tiere eignen sich f\u00fcr viele Reitweisen und Disziplinen. Sie werden in der Dressur, im Springen und in der Vielseitigkeit eingesetzt.<\/span><\/p>\n<p><span style=\"font-weight: 400;\">Viele moderne Pferderassen geh\u00f6ren zu den Warmbl\u00fctern, beispielsweise Hannoveraner, Holsteiner und Trakehner.<\/span><\/p>\n<h3>K\u00f6rperbau der Warmbl\u00fcter<\/h3>\n<p><span style=\"font-weight: 400;\">Vom K\u00f6rperbau her liegen Warmbl\u00fcter zwischen Kaltbl\u00fctern und Vollbl\u00fctern. Sie sind nicht ganz so gro\u00df und kr\u00e4ftig wie Kaltbl\u00fcter, daf\u00fcr aber wendiger und schneller. Ihre Statur ist ausgewogen und harmonisch. Sie erm\u00f6glicht raumgreifende, elastische Bewegungen und eine gute Rittigkeit.<\/span><\/p>\n<h3>Charakter der Warmbl\u00fcter<\/h3>\n<p><span style=\"font-weight: 400;\">Warmbl\u00fcter gelten als zuverl\u00e4ssige und ausgeglichene Pferde. Sie sind aktiv und bleiben trotzdem gelassen. Warmbl\u00fcter sind in der Regel freundlich, menschenbezogen und zeigen eine hohe Bereitschaft zur Zusammenarbeit. Sie lernen schnell und setzen Hilfen bereitwillig um.<\/span><\/p>\n<h2>Halbbl\u00fcter \u2013 ein vielseitiger Mix<\/h2>\n<p><span style=\"font-weight: 400;\">Als Halbbl\u00fcter werden Pferde bezeichnet, die aus einem Vollblut und meist einer Warmblutrasse gekreuzt werden. Der Vollblutanteil muss bei mindestens 50 % liegen. Halbbl\u00fcter vereinen das Wesen eines Warmbluts mit der Sportlichkeit eines Vollbluts. Sie werden oft im Pferdesport eingesetzt, etwa in der Vielseitigkeit.<\/span><\/p>\n<h3>K\u00f6rperbau der Halbbl\u00fcter<\/h3>\n<p><span style=\"font-weight: 400;\">Halbbl\u00fcter haben dank ihrem Vollblutanteil h\u00e4ufig einen schlanken und athletischen K\u00f6rper. Sie verf\u00fcgen \u00fcber lange Beine und einen gut bemuskelten R\u00fccken. Das Erscheinungsbild ist ausgewogen. Je nach Zuchtziel und Kreuzung k\u00f6nnen die individuellen Eigenschaften bei Halbbl\u00fctern variieren. Insgesamt gelten sie jedoch als sehr leistungsf\u00e4hige und belastbare Pferde mit hoher Bewegungsqualit\u00e4t.<\/span><\/p>\n<h3>Charakter der Halbbl\u00fcter<\/h3>\n<p><span style=\"font-weight: 400;\">Halbbl\u00fcter sind in vielen F\u00e4llen temperamentvoll, aufmerksam und arbeitsfreudig. Sie sind dabei jedoch etwas ausgeglichener als reine Vollbl\u00fcter.<\/span><\/p>\n<p><span style=\"font-weight: 400;\">Aufgrund ihrer Sensibilit\u00e4t reagieren Halbbl\u00fcter auf feine Hilfen. Sie ben\u00f6tigen jedoch eine klare, konsequente F\u00fchrung. In den richtigen H\u00e4nden entwickeln sie sich zu \u00e4u\u00dferst motivierten Partnern, die im Sport genauso wie im ambitionierten Freizeitbereich \u00fcberzeugen.\u00a0<\/span><\/p>\n<h2>Ponys \u2013 klein und charaktervoll<\/h2>\n<p><span style=\"font-weight: 400;\">Pferde mit einem Stockma\u00df von bis zu 148 Zentimetern gelten als Ponys und bilden eine eigene Kategorie. Sie kommen in zahlreichen Rassen vor. Beispiele sind das Shetlandpony, das Welsh-Pony und das Islandpferd.<\/span><\/p>\n<p><span style=\"font-weight: 400;\">Ponys werden oft untersch\u00e4tzt. Dabei sind sie \u00e4u\u00dferst vielseitig und robust. Urspr\u00fcnglich stammen viele Ponyrassen aus rauen Regionen. Dadurch sind sie besonders widerstandsf\u00e4hig und gen\u00fcgsam. Heute sind sie aufgrund ihrer Gr\u00f6\u00dfe beliebte Kinder- und Familienpferde. Sie werden aber auch erfolgreich im Sport eingesetzt.\u00a0<\/span><\/p>\n<h3>K\u00f6rperbau der Ponys<\/h3>\n<p><span style=\"font-weight: 400;\">Ponys haben meist einen kompakten, kr\u00e4ftigen K\u00f6rperbau mit kurzen Beinen. Viele Ponyrassen zeichnen sich durch eine starke Knochenstruktur, widerstandsf\u00e4hige Gelenke und robuste Hufe aus. Hinzu kommen ein dichter Behang sowie ein dickes, wetterfestes Fell, das sie gut vor K\u00e4lte und N\u00e4sse sch\u00fctzt. Allerdings gibt es auch schmaler gebaute Vertreter, zum Beispiel deutsche Reitponys.<\/span><\/p>\n<h3>Charakter der Ponys<\/h3>\n<p><span style=\"font-weight: 400;\">Ponys gelten als intelligent, selbstbewusst und eigenst\u00e4ndig. Sie sind aufmerksam und lernf\u00e4hig. Gleichzeitig haben sie oft einen ausgepr\u00e4gten Willen. Das hat zur Folge, dass Ponys Aufgaben nicht nur ausf\u00fchren, sondern h\u00e4ufig auch hinterfragen. Wird ihnen keine klare F\u00fchrung geboten, neigen sie dazu, eigene Regeln aufzustellen.<\/span><\/p>\n<p><span style=\"font-weight: 400;\">Mit einer konsequenten und gerechten Erziehung entwickeln sich Ponys zu verl\u00e4sslichen und treuen Partnern.\u00a0<\/span><\/p>\n<h2>Fazit<\/h2>\n<p><span style=\"font-weight: 400;\">Ob Vollblut, Warmblut, Kaltblut, Halbblut oder Pony \u2013 jedes Pferd bringt individuelle St\u00e4rken, Besonderheiten und Anforderungen mit sich. Dennoch darf man diese Einteilung nicht als starres System verstehen. Jedes Pferd hat seine eigene Pers\u00f6nlichkeit, die sich nicht ausschlie\u00dflich aus seiner Rasse ableiten l\u00e4sst.\u00a0<\/span><\/p>\n\n<div class=\"related_articles boxed\">\n    <h2>Mehr zum Thema<\/h2>\n    \n    <div class=\"wrapper\"><div class=\"title align-center\"><h3><a href=\"https:\/\/uelzener.de\/magazin\/pferd\/rasseportrait\/andalusier-und-pre\/\">Andalusier: Temperamentvolle Warmbl\u00fcter aus Spanien<\/a><\/h3><\/div><div class=\"img align-center\"><img decoding=\"async\" width=\"315\" height=\"180\" src=\"https:\/\/uelzener.de\/magazin\/app\/uploads\/2026\/01\/andalusier-315x180.jpg\" class=\"attachment-315x180 size-315x180 wp-post-image\" alt=\"Ein Andalusier mit dichter M\u00e4hne im Schnee.\" \/><\/div><\/div><div class=\"wrapper\"><div class=\"title align-center\"><h3><a href=\"https:\/\/uelzener.de\/magazin\/pferd\/rasseportrait\/robustpferde-urspruenglich-anpassungsfaehig-vielseitig\/\">Robustpferde: Urspr\u00fcnglich, anpassungsf\u00e4hig, vielseitig<\/a><\/h3><\/div><div class=\"img align-center\"><img decoding=\"async\" width=\"315\" height=\"180\" src=\"https:\/\/uelzener.de\/magazin\/app\/uploads\/2025\/01\/islandpferde-robustpferde-315x180.jpg\" class=\"attachment-315x180 size-315x180 wp-post-image\" alt=\"Drei Islandpferde stehen auf einer Wiese\" \/><\/div><\/div><div class=\"wrapper\"><div class=\"title align-center\"><h3><a href=\"https:\/\/uelzener.de\/magazin\/pferd\/rasseportrait\/vollblut-araber\/\">Arabisches Vollblut<\/a><\/h3><\/div><div class=\"img align-center\"><img decoding=\"async\" width=\"315\" height=\"180\" src=\"https:\/\/uelzener.de\/magazin\/app\/uploads\/2015\/07\/85a80896-c93f-4e4a-9443-9d29fc26b44a-315x180.jpg\" class=\"attachment-315x180 size-315x180 wp-post-image\" alt=\"Zwei strahlend wei\u00dfe arabische Vollbl\u00fcter stehen sich gegen\u00fcber\" srcset=\"https:\/\/uelzener.de\/magazin\/app\/uploads\/2015\/07\/85a80896-c93f-4e4a-9443-9d29fc26b44a-315x180.jpg 315w, https:\/\/uelzener.de\/magazin\/app\/uploads\/2015\/07\/85a80896-c93f-4e4a-9443-9d29fc26b44a-650x369.jpg 650w\" sizes=\"(max-width: 315px) 100vw, 315px\" \/><\/div><\/div><\/div>\n\n<h2>FAQ: H\u00e4ufig gestellte Fragen zu Vollbl\u00fctern, Warmbl\u00fctern und Kaltbl\u00fctern<\/h2>\n<h3>Gibt bei Vollbl\u00fctern, Kaltbl\u00fctern und Warmbl\u00fctern Unterschiede im Pflegeaufwand?<\/h3>\n<p><span style=\"font-weight: 400;\">Es gibt durchaus Unterschiede im Pflegeaufwand zwischen Vollbl\u00fctern, Warmbl\u00fctern und Kaltbl\u00fctern. Kaltbl\u00fcter haben meist dichtes Fell und starken Behang. Beides muss gepflegt werden. Das gilt auch f\u00fcr die Hufe. Au\u00dferdem neigen Kaltbl\u00fcter zu \u00dcbergewicht, was bei der F\u00fctterung zu bedenken ist. Vollbl\u00fcter haben feineres Fell und sind daher anf\u00e4lliger f\u00fcr Scheuerstellen und bei K\u00e4lte. Sie reagieren empfindlicher auf Reize und sind schnell gestresst. Das muss beim Haltungsmanagement ber\u00fccksichtigt werden. Warmbl\u00fcter sind verglichen mit den beiden anderen Typen am pflegeleichtesten. Aber auch hier kommt es auf die individuellen Eigenschaften des Pferdes, die Haltung und die Art der Nutzung an. Tipp: Eine <\/span><span style=\"font-weight: 400;\">Pferdekranken-<\/span><span style=\"font-weight: 400;\"> oder <\/span><span style=\"font-weight: 400;\">Pferde-OP-Versicherung<\/span><span style=\"font-weight: 400;\"> lohnt sich bei jeder Rasse. Sie sch\u00fctzt vor hohen Tierarztkosten, wenn das Pferd medizinische Hilfe braucht.<\/span><\/p>\n\n<div class=\"banner\">\n    <a href=\"https:\/\/uelzener.de\/pferd?agt=0000104925&sem=true&utm_medium=magazin&utm_source=wordpress&utm_campaign=pferd&utm_content=banner\">\n        <img decoding=\"async\" width=\"300\" height=\"212\" src=\"https:\/\/uelzener.de\/magazin\/app\/uploads\/2025\/01\/Pferde-Versicherung.jpg\" class=\"attachment-medium size-medium\" alt=\"Banner Pferde-Versicherung\" \/>    <\/a>\n<\/div>\n\n<h3>Ist die Arbeit mit temperamentvollen Pferden automatisch schwieriger?<\/h3>\n<p><span style=\"font-weight: 400;\">Temperamentvolle Pferde erfordern in der Regel mehr Erfahrung und Feingef\u00fchl. Es gibt aber noch viele weitere Eigenschaften, die die Arbeit mit einem Pferd erschweren k\u00f6nnen. Entscheidend ist immer die Harmonie zwischen Mensch und Tier.<\/span><\/p>\n<h3>Ver\u00e4ndert sich der Charakter eines Pferdes im Laufe des Lebens?<\/h3>\n<p><span style=\"font-weight: 400;\">Ja, der Charakter eines Pferdes ist niemals nur rassebedingt. Faktoren wie Ausbildung, Haltung, Gesundheit, Alter und individuelle Erfahrungen haben gro\u00dfen Einfluss auf das Wesen und Verhalten eines Pferdes. <\/span><\/p>\n","protected":false},"excerpt":{"rendered":"<p>Wer sich intensiver mit Pferden besch\u00e4ftigt, st\u00f6\u00dft unweigerlich auf die Begriffe Vollblut, Warmblut und Kaltblut. Die Bezeichnungen haben nichts mit der K\u00f6rpertemperatur der Tiere zu tun. Vielmehr geben sie Aufschluss \u00fcber Temperament, K\u00f6rperbau, Herkunft und typische Einsatzbereiche. In unserem Artikel erkl\u00e4ren wir dir, was die einzelnen Pferdetypen auszeichnet. Vollbl\u00fcter \u2013 schnell, sensibel und ausdauernd Vollbl\u00fcter [&hellip;]<\/p>\n","protected":false},"author":11,"featured_media":19722,"parent":2490,"menu_order":1,"comment_status":"closed","ping_status":"closed","template":"templates\/blog.php","meta":{"_acf_changed":false,"_crdt_document":"","footnotes":"","beyondwords_generate_audio":"","beyondwords_project_id":"","beyondwords_content_id":"","beyondwords_preview_token":"","beyondwords_player_style":"","beyondwords_language_id":"","beyondwords_title_voice_id":"","beyondwords_body_voice_id":"","beyondwords_summary_voice_id":"","beyondwords_error_message":"","beyondwords_disabled":"","beyondwords_delete_content":"","beyondwords_podcast_id":"","beyondwords_hash":"","publish_post_to_speechkit":"","speechkit_hash":"","speechkit_generate_audio":"","speechkit_project_id":"","speechkit_podcast_id":"","speechkit_error_message":"","speechkit_disabled":"","speechkit_access_key":"","speechkit_error":"","speechkit_info":"","speechkit_response":"","speechkit_retries":"","speechkit_status":"","speechkit_updated_at":"","_speechkit_link":"","_speechkit_text":""},"class_list":["post-19721","page","type-page","status-publish","has-post-thumbnail","hentry"],"acf":[],"yoast_head":"<!-- This site is optimized with the Yoast SEO Premium plugin  - https:\/\/yoast.com\/product\/yoast-seo-premium-wordpress\/ -->\n<title>Vollbl\u00fcter, Warmbl\u00fcter und Kaltbl\u00fcter: Unterschiede und Besonderheiten | Uelzener Magazin<\/title>\n<meta name=\"description\" content=\"Finde heraus, welche Vorz\u00fcge Kaltbl\u00fcter haben und wie sie sich von Vollbl\u00fctern und Warmbl\u00fctern unterscheiden.\" \/>\n<meta name=\"robots\" content=\"index, follow, max-snippet:-1, max-image-preview:large, max-video-preview:-1\" \/>\n<link rel=\"canonical\" href=\"https:\/\/uelzener.de\/magazin\/pferd\/rasseportrait\/vollblueter-warmblueter-kaltblueter-unterschiede-besonderheiten\/\" \/>\n<meta property=\"og:locale\" content=\"de_DE\" \/>\n<meta property=\"og:type\" content=\"article\" \/>\n<meta property=\"og:title\" content=\"Vollbl\u00fcter, Warmbl\u00fcter und Kaltbl\u00fcter: Unterschiede und Besonderheiten\" \/>\n<meta property=\"og:description\" content=\"Finde heraus, welche Vorz\u00fcge Kaltbl\u00fcter haben und wie sie sich von Vollbl\u00fctern und Warmbl\u00fctern unterscheiden.\" \/>\n<meta property=\"og:url\" content=\"https:\/\/uelzener.de\/magazin\/pferd\/rasseportrait\/vollblueter-warmblueter-kaltblueter-unterschiede-besonderheiten\/\" \/>\n<meta property=\"og:site_name\" content=\"Uelzener Tier-Magazin\" \/>\n<meta property=\"article:publisher\" content=\"https:\/\/www.facebook.com\/Uelzener\" \/>\n<meta property=\"article:modified_time\" content=\"2026-02-03T11:43:25+00:00\" \/>\n<meta property=\"og:image\" content=\"https:\/\/uelzener.de\/magazin\/app\/uploads\/2026\/02\/unterschiede-vollblueter-kaltblueter-warmblueter.jpg\" \/>\n\t<meta property=\"og:image:width\" content=\"1025\" \/>\n\t<meta property=\"og:image:height\" content=\"450\" \/>\n\t<meta property=\"og:image:type\" content=\"image\/jpeg\" \/>\n<meta name=\"twitter:card\" content=\"summary_large_image\" \/>\n<meta name=\"twitter:label1\" content=\"Gesch\u00e4tzte Lesezeit\" \/>\n\t<meta name=\"twitter:data1\" content=\"7\u00a0Minuten\" \/>\n<script type=\"application\/ld+json\" class=\"yoast-schema-graph\">{\"@context\":\"https:\/\/schema.org\",\"@graph\":[{\"@type\":\"WebPage\",\"@id\":\"https:\/\/uelzener.de\/magazin\/pferd\/rasseportrait\/vollblueter-warmblueter-kaltblueter-unterschiede-besonderheiten\/\",\"url\":\"https:\/\/uelzener.de\/magazin\/pferd\/rasseportrait\/vollblueter-warmblueter-kaltblueter-unterschiede-besonderheiten\/\",\"name\":\"Vollbl\u00fcter, Warmbl\u00fcter und Kaltbl\u00fcter: Unterschiede und Besonderheiten | Uelzener Magazin\",\"isPartOf\":{\"@id\":\"https:\/\/uelzener.de\/magazin\/#website\"},\"primaryImageOfPage\":{\"@id\":\"https:\/\/uelzener.de\/magazin\/pferd\/rasseportrait\/vollblueter-warmblueter-kaltblueter-unterschiede-besonderheiten\/#primaryimage\"},\"image\":{\"@id\":\"https:\/\/uelzener.de\/magazin\/pferd\/rasseportrait\/vollblueter-warmblueter-kaltblueter-unterschiede-besonderheiten\/#primaryimage\"},\"thumbnailUrl\":\"https:\/\/uelzener.de\/magazin\/app\/uploads\/2026\/02\/unterschiede-vollblueter-kaltblueter-warmblueter.jpg\",\"datePublished\":\"2026-01-30T11:02:48+00:00\",\"dateModified\":\"2026-02-03T11:43:25+00:00\",\"description\":\"Finde heraus, welche Vorz\u00fcge Kaltbl\u00fcter haben und wie sie sich von Vollbl\u00fctern und Warmbl\u00fctern unterscheiden.\",\"breadcrumb\":{\"@id\":\"https:\/\/uelzener.de\/magazin\/pferd\/rasseportrait\/vollblueter-warmblueter-kaltblueter-unterschiede-besonderheiten\/#breadcrumb\"},\"inLanguage\":\"de\",\"potentialAction\":[{\"@type\":\"ReadAction\",\"target\":[\"https:\/\/uelzener.de\/magazin\/pferd\/rasseportrait\/vollblueter-warmblueter-kaltblueter-unterschiede-besonderheiten\/\"]}]},{\"@type\":\"ImageObject\",\"inLanguage\":\"de\",\"@id\":\"https:\/\/uelzener.de\/magazin\/pferd\/rasseportrait\/vollblueter-warmblueter-kaltblueter-unterschiede-besonderheiten\/#primaryimage\",\"url\":\"https:\/\/uelzener.de\/magazin\/app\/uploads\/2026\/02\/unterschiede-vollblueter-kaltblueter-warmblueter.jpg\",\"contentUrl\":\"https:\/\/uelzener.de\/magazin\/app\/uploads\/2026\/02\/unterschiede-vollblueter-kaltblueter-warmblueter.jpg\",\"width\":1025,\"height\":450,\"caption\":\"Vollbutaraber und Irisches Draught Horse Fohlen.\"},{\"@type\":\"WebSite\",\"@id\":\"https:\/\/uelzener.de\/magazin\/#website\",\"url\":\"https:\/\/uelzener.de\/magazin\/\",\"name\":\"Uelzener Tiermagazin\",\"description\":\"Online Tierratgeber der Uelzener Versicherungen\",\"publisher\":{\"@id\":\"https:\/\/uelzener.de\/magazin\/#organization\"},\"potentialAction\":[{\"@type\":\"SearchAction\",\"target\":{\"@type\":\"EntryPoint\",\"urlTemplate\":\"https:\/\/uelzener.de\/magazin\/?s={search_term_string}\"},\"query-input\":{\"@type\":\"PropertyValueSpecification\",\"valueRequired\":true,\"valueName\":\"search_term_string\"}}],\"inLanguage\":\"de\"},{\"@type\":\"Organization\",\"@id\":\"https:\/\/uelzener.de\/magazin\/#organization\",\"name\":\"Uelzener Versicherungen\",\"url\":\"https:\/\/uelzener.de\/magazin\/\",\"logo\":{\"@type\":\"ImageObject\",\"inLanguage\":\"de\",\"@id\":\"https:\/\/uelzener.de\/magazin\/#\/schema\/logo\/image\/\",\"url\":\"https:\/\/uelzener.de\/magazin\/app\/uploads\/2024\/11\/uelzener_allgemeine_versicherungsgesellschaft_a_g_logo.jpg\",\"contentUrl\":\"https:\/\/uelzener.de\/magazin\/app\/uploads\/2024\/11\/uelzener_allgemeine_versicherungsgesellschaft_a_g_logo.jpg\",\"width\":200,\"height\":200,\"caption\":\"Uelzener Versicherungen\"},\"image\":{\"@id\":\"https:\/\/uelzener.de\/magazin\/#\/schema\/logo\/image\/\"},\"sameAs\":[\"https:\/\/www.facebook.com\/Uelzener\",\"https:\/\/instagram.com\/uelzener\",\"https:\/\/www.xing.com\/pages\/uelzenerallgemeineversicherungs-gesellschafta-g\",\"https:\/\/www.youtube.com\/UelzenerVersicherungen\"]}]}<\/script>\n<!-- \/ Yoast SEO Premium plugin. -->","yoast_head_json":{"title":"Vollbl\u00fcter, Warmbl\u00fcter und Kaltbl\u00fcter: Unterschiede und Besonderheiten | Uelzener Magazin","description":"Finde heraus, welche Vorz\u00fcge Kaltbl\u00fcter haben und wie sie sich von Vollbl\u00fctern und Warmbl\u00fctern unterscheiden.","robots":{"index":"index","follow":"follow","max-snippet":"max-snippet:-1","max-image-preview":"max-image-preview:large","max-video-preview":"max-video-preview:-1"},"canonical":"https:\/\/uelzener.de\/magazin\/pferd\/rasseportrait\/vollblueter-warmblueter-kaltblueter-unterschiede-besonderheiten\/","og_locale":"de_DE","og_type":"article","og_title":"Vollbl\u00fcter, Warmbl\u00fcter und Kaltbl\u00fcter: Unterschiede und Besonderheiten","og_description":"Finde heraus, welche Vorz\u00fcge Kaltbl\u00fcter haben und wie sie sich von Vollbl\u00fctern und Warmbl\u00fctern unterscheiden.","og_url":"https:\/\/uelzener.de\/magazin\/pferd\/rasseportrait\/vollblueter-warmblueter-kaltblueter-unterschiede-besonderheiten\/","og_site_name":"Uelzener Tier-Magazin","article_publisher":"https:\/\/www.facebook.com\/Uelzener","article_modified_time":"2026-02-03T11:43:25+00:00","og_image":[{"width":1025,"height":450,"url":"https:\/\/uelzener.de\/magazin\/app\/uploads\/2026\/02\/unterschiede-vollblueter-kaltblueter-warmblueter.jpg","type":"image\/jpeg"}],"twitter_card":"summary_large_image","twitter_misc":{"Gesch\u00e4tzte Lesezeit":"7\u00a0Minuten"},"schema":{"@context":"https:\/\/schema.org","@graph":[{"@type":"WebPage","@id":"https:\/\/uelzener.de\/magazin\/pferd\/rasseportrait\/vollblueter-warmblueter-kaltblueter-unterschiede-besonderheiten\/","url":"https:\/\/uelzener.de\/magazin\/pferd\/rasseportrait\/vollblueter-warmblueter-kaltblueter-unterschiede-besonderheiten\/","name":"Vollbl\u00fcter, Warmbl\u00fcter und Kaltbl\u00fcter: Unterschiede und Besonderheiten | Uelzener Magazin","isPartOf":{"@id":"https:\/\/uelzener.de\/magazin\/#website"},"primaryImageOfPage":{"@id":"https:\/\/uelzener.de\/magazin\/pferd\/rasseportrait\/vollblueter-warmblueter-kaltblueter-unterschiede-besonderheiten\/#primaryimage"},"image":{"@id":"https:\/\/uelzener.de\/magazin\/pferd\/rasseportrait\/vollblueter-warmblueter-kaltblueter-unterschiede-besonderheiten\/#primaryimage"},"thumbnailUrl":"https:\/\/uelzener.de\/magazin\/app\/uploads\/2026\/02\/unterschiede-vollblueter-kaltblueter-warmblueter.jpg","datePublished":"2026-01-30T11:02:48+00:00","dateModified":"2026-02-03T11:43:25+00:00","description":"Finde heraus, welche Vorz\u00fcge Kaltbl\u00fcter haben und wie sie sich von Vollbl\u00fctern und Warmbl\u00fctern unterscheiden.","breadcrumb":{"@id":"https:\/\/uelzener.de\/magazin\/pferd\/rasseportrait\/vollblueter-warmblueter-kaltblueter-unterschiede-besonderheiten\/#breadcrumb"},"inLanguage":"de","potentialAction":[{"@type":"ReadAction","target":["https:\/\/uelzener.de\/magazin\/pferd\/rasseportrait\/vollblueter-warmblueter-kaltblueter-unterschiede-besonderheiten\/"]}]},{"@type":"ImageObject","inLanguage":"de","@id":"https:\/\/uelzener.de\/magazin\/pferd\/rasseportrait\/vollblueter-warmblueter-kaltblueter-unterschiede-besonderheiten\/#primaryimage","url":"https:\/\/uelzener.de\/magazin\/app\/uploads\/2026\/02\/unterschiede-vollblueter-kaltblueter-warmblueter.jpg","contentUrl":"https:\/\/uelzener.de\/magazin\/app\/uploads\/2026\/02\/unterschiede-vollblueter-kaltblueter-warmblueter.jpg","width":1025,"height":450,"caption":"Vollbutaraber und Irisches Draught Horse Fohlen."},{"@type":"WebSite","@id":"https:\/\/uelzener.de\/magazin\/#website","url":"https:\/\/uelzener.de\/magazin\/","name":"Uelzener Tiermagazin","description":"Online Tierratgeber der Uelzener Versicherungen","publisher":{"@id":"https:\/\/uelzener.de\/magazin\/#organization"},"potentialAction":[{"@type":"SearchAction","target":{"@type":"EntryPoint","urlTemplate":"https:\/\/uelzener.de\/magazin\/?s={search_term_string}"},"query-input":{"@type":"PropertyValueSpecification","valueRequired":true,"valueName":"search_term_string"}}],"inLanguage":"de"},{"@type":"Organization","@id":"https:\/\/uelzener.de\/magazin\/#organization","name":"Uelzener Versicherungen","url":"https:\/\/uelzener.de\/magazin\/","logo":{"@type":"ImageObject","inLanguage":"de","@id":"https:\/\/uelzener.de\/magazin\/#\/schema\/logo\/image\/","url":"https:\/\/uelzener.de\/magazin\/app\/uploads\/2024\/11\/uelzener_allgemeine_versicherungsgesellschaft_a_g_logo.jpg","contentUrl":"https:\/\/uelzener.de\/magazin\/app\/uploads\/2024\/11\/uelzener_allgemeine_versicherungsgesellschaft_a_g_logo.jpg","width":200,"height":200,"caption":"Uelzener Versicherungen"},"image":{"@id":"https:\/\/uelzener.de\/magazin\/#\/schema\/logo\/image\/"},"sameAs":["https:\/\/www.facebook.com\/Uelzener","https:\/\/instagram.com\/uelzener","https:\/\/www.xing.com\/pages\/uelzenerallgemeineversicherungs-gesellschafta-g","https:\/\/www.youtube.com\/UelzenerVersicherungen"]}]}},"_links":{"self":[{"href":"https:\/\/uelzener.de\/magazin\/wp-json\/wp\/v2\/pages\/19721","targetHints":{"allow":["GET"]}}],"collection":[{"href":"https:\/\/uelzener.de\/magazin\/wp-json\/wp\/v2\/pages"}],"about":[{"href":"https:\/\/uelzener.de\/magazin\/wp-json\/wp\/v2\/types\/page"}],"author":[{"embeddable":true,"href":"https:\/\/uelzener.de\/magazin\/wp-json\/wp\/v2\/users\/11"}],"replies":[{"embeddable":true,"href":"https:\/\/uelzener.de\/magazin\/wp-json\/wp\/v2\/comments?post=19721"}],"version-history":[{"count":1,"href":"https:\/\/uelzener.de\/magazin\/wp-json\/wp\/v2\/pages\/19721\/revisions"}],"predecessor-version":[{"id":19723,"href":"https:\/\/uelzener.de\/magazin\/wp-json\/wp\/v2\/pages\/19721\/revisions\/19723"}],"up":[{"embeddable":true,"href":"https:\/\/uelzener.de\/magazin\/wp-json\/wp\/v2\/pages\/2490"}],"wp:featuredmedia":[{"embeddable":true,"href":"https:\/\/uelzener.de\/magazin\/wp-json\/wp\/v2\/media\/19722"}],"wp:attachment":[{"href":"https:\/\/uelzener.de\/magazin\/wp-json\/wp\/v2\/media?parent=19721"}],"curies":[{"name":"wp","href":"https:\/\/api.w.org\/{rel}","templated":true}]}}