{"id":19660,"date":"2026-01-02T11:39:08","date_gmt":"2026-01-02T10:39:08","guid":{"rendered":"https:\/\/uelzener.de\/magazin\/?page_id=19660"},"modified":"2026-01-06T12:07:37","modified_gmt":"2026-01-06T11:07:37","slug":"mein-jungpferd-und-ich-gute-vorbereitung-ist-alles","status":"publish","type":"page","link":"https:\/\/uelzener.de\/magazin\/pferd\/erziehung-und-training\/mein-jungpferd-und-ich-gute-vorbereitung-ist-alles\/","title":{"rendered":"Mein Jungpferd und ich: Gute Vorbereitung ist alles."},"content":{"rendered":"<p><em><strong>Uelzener-Tipp von Peter Kreinberg. <\/strong><strong>Im Original erschienen auf\u00a0The Gentle Touch.<\/strong><\/em><\/p>\n<p>Die meisten Pferdebesitzer:innen wissen, wie wichtig positive Erfahrungen f\u00fcr ein junges Pferd sind \u2013 besonders in der Phase des Anreitens. Die Eindr\u00fccke, die es in dieser entscheidenden Zeit sammelt, pr\u00e4gen seine innere Einstellung und sein zuk\u00fcnftiges Verhalten als Reitpferd nachhaltig. Wer diese Lernphase sorgf\u00e4ltig plant und gut vorbereitet, investiert in eine erfolgreiche gemeinsame Zukunft.<\/p>\n<p>Den junge Haflinger-Wallach \u201eAnderl\u201c haben wir bereits in der ersten Bodenarbeit begleitet \u2013 nun ging es dieses Jahr ans Reiten \u2013 mit der Besitzerin.<\/p>\n<p><img decoding=\"async\" class=\"alignnone size-medium wp-image-19667\" src=\"https:\/\/uelzener.de\/magazin\/app\/uploads\/2026\/01\/frau-auf-jungpferd-260x300.jpeg\" alt=\"Frau auf Jungpferd.\" width=\"260\" height=\"300\" srcset=\"https:\/\/uelzener.de\/magazin\/app\/uploads\/2026\/01\/frau-auf-jungpferd-260x300.jpeg 260w, https:\/\/uelzener.de\/magazin\/app\/uploads\/2026\/01\/frau-auf-jungpferd-889x1024.jpeg 889w, https:\/\/uelzener.de\/magazin\/app\/uploads\/2026\/01\/frau-auf-jungpferd-768x884.jpeg 768w, https:\/\/uelzener.de\/magazin\/app\/uploads\/2026\/01\/frau-auf-jungpferd-1334x1536.jpeg 1334w, https:\/\/uelzener.de\/magazin\/app\/uploads\/2026\/01\/frau-auf-jungpferd-1778x2048.jpeg 1778w, https:\/\/uelzener.de\/magazin\/app\/uploads\/2026\/01\/frau-auf-jungpferd-1026x1182.jpeg 1026w, https:\/\/uelzener.de\/magazin\/app\/uploads\/2026\/01\/frau-auf-jungpferd-668x769.jpeg 668w, https:\/\/uelzener.de\/magazin\/app\/uploads\/2026\/01\/frau-auf-jungpferd.jpeg 1945w\" sizes=\"(max-width: 260px) 100vw, 260px\" \/><\/p>\n<h2>Vertrauen und Vorbereitung<\/h2>\n<p>Peter Kreinberg betont: \u201ePferde lernen schnell, wenn sie Vertrauen haben und verstehen, was man von ihnen will. Je mehr man dem jungen Pferd Gelegenheit gibt, sich auf neue Situationen und sp\u00e4tere Anforderungen vorzubereiten, desto zuverl\u00e4ssiger und gelassener wird es sp\u00e4ter als Reitpferd sein.\u201c<\/p>\n<p>Besonders wichtig ist, das junge Pferd sorgf\u00e4ltig auf die ungewohnte Situation vorzubereiten, wenn sich erstmals eine Reiterin oder ein Reiter auf seinem R\u00fccken befindet. Diese neue Erfahrung kann zu Irritationen und Reflexreaktionen f\u00fchren. Das Reitergewicht kann Balancest\u00f6rungen verursachen und dadurch Muskelverspannungen im R\u00fccken hervorrufen. Zudem kann der Reiterk\u00f6rper im toten Blickwinkel irritieren, und Ber\u00fchrungen durch Reiterbeine oder Z\u00e4umungskontakte werden m\u00f6glicherweise als St\u00f6rung oder Behinderung wahrgenommen.<\/p>\n<blockquote><p>Unzureichend vorbereitete Pferde reagieren in solchen Situationen oft mit Meide- oder Abwehrverhalten.<\/p><\/blockquote>\n<h3>Bodenarbeit und Longieren<\/h3>\n<p>Eine systematische Bodenarbeit schafft eine solide Grundlage f\u00fcr Verst\u00e4ndigung und Gelassenheit. Longenarbeit mit einem \u201eObjekt\u201c gibt dem Pferd Orientierung und Sinn und f\u00f6rdert gleichzeitig Lockerheit, Balance und Regelm\u00e4\u00dfigkeit in der Bewegung.<\/p>\n\n<div class=\"related_articles boxed\">\n    <h2>Mehr zum Thema<\/h2>\n    \n    <div class=\"wrapper\"><div class=\"title align-center\"><h3><a href=\"https:\/\/uelzener.de\/magazin\/pferd\/tiergesundheit\/welche-versicherung-pferd\/\">Welche Versicherungen f\u00fcrs Pferd? Schutz f\u00fcr Pferd und Reiter:innen<\/a><\/h3><\/div><div class=\"img align-center\"><img decoding=\"async\" width=\"315\" height=\"180\" src=\"https:\/\/uelzener.de\/magazin\/app\/uploads\/2022\/08\/Welche-Versicherung-fuers-Pferd-315x180.jpg\" class=\"attachment-315x180 size-315x180 wp-post-image\" alt=\"Reiterin f\u00fchrt gesatteltes, braunes Pferd am Z\u00fcgel \u00fcber sonnige Wiesen\" \/><\/div><\/div><div class=\"wrapper\"><div class=\"title align-center\"><h3><a href=\"https:\/\/uelzener.de\/magazin\/pferd\/erziehung-und-training\/bodenarbeit-mit-dem-pferd\/\">Gemeinsam auf dem richtigen Huf: Bodenarbeit mit dem Pferd<\/a><\/h3><\/div><div class=\"img align-center\"><img decoding=\"async\" width=\"315\" height=\"180\" src=\"https:\/\/uelzener.de\/magazin\/app\/uploads\/2025\/04\/bodenarbeit-315x180.jpg\" class=\"attachment-315x180 size-315x180 wp-post-image\" alt=\"Pferd beim Bodenarbeitstraining.\" \/><\/div><\/div><div class=\"wrapper\"><div class=\"title align-center\"><h3><a href=\"https:\/\/uelzener.de\/magazin\/pferd\/erziehung-und-training\/pferdetraining-wann-und-wie-pausen-machen\/\">Pferdetraining: Wann und wie Pausen machen?<\/a><\/h3><\/div><div class=\"img align-center\"><img decoding=\"async\" width=\"315\" height=\"180\" src=\"https:\/\/uelzener.de\/magazin\/app\/uploads\/2022\/10\/Pferdetraining-Pausen-315x180.jpg\" class=\"attachment-315x180 size-315x180 wp-post-image\" alt=\"Reitende Frau beugt sich zum Pferd herunter: Richtig Pausen machen beim Pferdetraining ist wichtig.\" \/><\/div><\/div><\/div>\n\n<h3>Handpferdearbeit<\/h3>\n<p>Auch die Handpferdearbeit hat sich bew\u00e4hrt: Geht ein junges Pferd neben einem erfahrenen Partner, f\u00fchlt es sich sicherer und entspannt schneller. Es lernt, sich in Richtung und Tempo anzupassen, und versteht lenkende sowie tempo-regulierende Signale besser. Dies vermittelt Sicherheit, f\u00f6rdert Mitarbeit und bereitet auf gemeinsame Ausritte vor.<\/p>\n<h3>Erste Runden im Sattel<\/h3>\n<p>Geht ein ruhiger Helfer am lockeren Leitseil neben dem jungen Pferd \u2013 wie beim bekannten Handpferdereiten \u2013 gibt das sowohl der Reiterin als auch dem Pferd Sicherheit. Das gegenseitige K\u00f6rpergef\u00fchl in Lockerheit kann nun vertrauensvoll zwischen Reiterin und Pferd einge\u00fcbt werden, zun\u00e4chst noch ohne Lenkaufgaben. Signale f\u00fcr Tempo- und Richtungskontrolle kennt das Pferd bereits aus Bodenarbeit, Longieren und Handpferdereiten; nun werden sie von der Reiterin auf dem R\u00fccken vermittelt.<\/p>\n<p>Schrittweise Ver\u00e4nderungen vom Gewohnten zum Neuen fallen dem Pferd leichter, wenn sie in vertrauten \u00dcbungen eingef\u00fchrt werden. Der \u00dcbergang zum selbstst\u00e4ndigen, lockeren Reiten \u2013 zun\u00e4chst im Schritt, sp\u00e4ter im Trab \u2013 l\u00e4sst sich so problemlos gestalten.<\/p>\n<h3>Gemeinsam wachsen<\/h3>\n<p>Auf diese Weise wird der Weg zu einer gemeinsamen Partnerschaft geebnet, gepr\u00e4gt von Vertrauen, gegenseitigem Verst\u00e4ndnis und einem gef\u00fchlvollen Umgang miteinander.<br \/>\nDieser kleine Beitrag soll daran erinnern, dass ein Pferd all jene kleinen Dinge, die uns Menschen selbstverst\u00e4ndlich erscheinen, erst durch uns lernen muss.<\/p>\n","protected":false},"excerpt":{"rendered":"<p>Uelzener-Tipp von Peter Kreinberg. Im Original erschienen auf\u00a0The Gentle Touch. Die meisten Pferdebesitzer:innen wissen, wie wichtig positive Erfahrungen f\u00fcr ein junges Pferd sind \u2013 besonders in der Phase des Anreitens. Die Eindr\u00fccke, die es in dieser entscheidenden Zeit sammelt, pr\u00e4gen seine innere Einstellung und sein zuk\u00fcnftiges Verhalten als Reitpferd nachhaltig. Wer diese Lernphase sorgf\u00e4ltig plant [&hellip;]<\/p>\n","protected":false},"author":11,"featured_media":19661,"parent":11689,"menu_order":25,"comment_status":"closed","ping_status":"closed","template":"templates\/blog.php","meta":{"_acf_changed":false,"_crdt_document":"","footnotes":"","beyondwords_generate_audio":"","beyondwords_project_id":"","beyondwords_content_id":"","beyondwords_preview_token":"","beyondwords_player_style":"","beyondwords_language_id":"","beyondwords_title_voice_id":"","beyondwords_body_voice_id":"","beyondwords_summary_voice_id":"","beyondwords_error_message":"","beyondwords_disabled":"","beyondwords_delete_content":"","beyondwords_podcast_id":"","beyondwords_hash":"","publish_post_to_speechkit":"","speechkit_hash":"","speechkit_generate_audio":"","speechkit_project_id":"","speechkit_podcast_id":"","speechkit_error_message":"","speechkit_disabled":"","speechkit_access_key":"","speechkit_error":"","speechkit_info":"","speechkit_response":"","speechkit_retries":"","speechkit_status":"","speechkit_updated_at":"","_speechkit_link":"","_speechkit_text":""},"class_list":["post-19660","page","type-page","status-publish","has-post-thumbnail","hentry"],"acf":[],"yoast_head":"<!-- This site is optimized with the Yoast SEO Premium plugin  - https:\/\/yoast.com\/product\/yoast-seo-premium-wordpress\/ -->\n<title>Mein Jungpferd und ich: Gute Vorbereitung ist alles. | Uelzener Magazin<\/title>\n<meta name=\"description\" content=\"Erfahren, wie wichtig positive Erfahrungen f\u00fcr ein junges Pferd sind und wie du das Verhalten des Reitpferdes beeinflussen kannst.\" \/>\n<meta name=\"robots\" content=\"index, follow, max-snippet:-1, max-image-preview:large, max-video-preview:-1\" \/>\n<link rel=\"canonical\" href=\"https:\/\/uelzener.de\/magazin\/pferd\/erziehung-und-training\/mein-jungpferd-und-ich-gute-vorbereitung-ist-alles\/\" \/>\n<meta property=\"og:locale\" content=\"de_DE\" \/>\n<meta property=\"og:type\" content=\"article\" \/>\n<meta property=\"og:title\" content=\"Mein Jungpferd und ich: Gute Vorbereitung ist alles.\" \/>\n<meta property=\"og:description\" content=\"Erfahren, wie wichtig positive Erfahrungen f\u00fcr ein junges Pferd sind und wie du das Verhalten des Reitpferdes beeinflussen kannst.\" \/>\n<meta property=\"og:url\" content=\"https:\/\/uelzener.de\/magazin\/pferd\/erziehung-und-training\/mein-jungpferd-und-ich-gute-vorbereitung-ist-alles\/\" \/>\n<meta property=\"og:site_name\" content=\"Uelzener Tier-Magazin\" \/>\n<meta property=\"article:publisher\" content=\"https:\/\/www.facebook.com\/Uelzener\" \/>\n<meta property=\"article:modified_time\" content=\"2026-01-06T11:07:37+00:00\" \/>\n<meta property=\"og:image\" content=\"https:\/\/uelzener.de\/magazin\/app\/uploads\/2026\/01\/Magazin_Header-1025x450-px-1025x450-px-9.jpg\" \/>\n\t<meta property=\"og:image:width\" content=\"1025\" \/>\n\t<meta property=\"og:image:height\" content=\"450\" \/>\n\t<meta property=\"og:image:type\" content=\"image\/jpeg\" \/>\n<meta name=\"twitter:card\" content=\"summary_large_image\" \/>\n<meta name=\"twitter:label1\" content=\"Gesch\u00e4tzte Lesezeit\" \/>\n\t<meta name=\"twitter:data1\" content=\"3\u00a0Minuten\" \/>\n<script type=\"application\/ld+json\" class=\"yoast-schema-graph\">{\"@context\":\"https:\/\/schema.org\",\"@graph\":[{\"@type\":\"WebPage\",\"@id\":\"https:\/\/uelzener.de\/magazin\/pferd\/erziehung-und-training\/mein-jungpferd-und-ich-gute-vorbereitung-ist-alles\/\",\"url\":\"https:\/\/uelzener.de\/magazin\/pferd\/erziehung-und-training\/mein-jungpferd-und-ich-gute-vorbereitung-ist-alles\/\",\"name\":\"Mein Jungpferd und ich: Gute Vorbereitung ist alles. | Uelzener Magazin\",\"isPartOf\":{\"@id\":\"https:\/\/uelzener.de\/magazin\/#website\"},\"primaryImageOfPage\":{\"@id\":\"https:\/\/uelzener.de\/magazin\/pferd\/erziehung-und-training\/mein-jungpferd-und-ich-gute-vorbereitung-ist-alles\/#primaryimage\"},\"image\":{\"@id\":\"https:\/\/uelzener.de\/magazin\/pferd\/erziehung-und-training\/mein-jungpferd-und-ich-gute-vorbereitung-ist-alles\/#primaryimage\"},\"thumbnailUrl\":\"https:\/\/uelzener.de\/magazin\/app\/uploads\/2026\/01\/Magazin_Header-1025x450-px-1025x450-px-9.jpg\",\"datePublished\":\"2026-01-02T10:39:08+00:00\",\"dateModified\":\"2026-01-06T11:07:37+00:00\",\"description\":\"Erfahren, wie wichtig positive Erfahrungen f\u00fcr ein junges Pferd sind und wie du das Verhalten des Reitpferdes beeinflussen kannst.\",\"breadcrumb\":{\"@id\":\"https:\/\/uelzener.de\/magazin\/pferd\/erziehung-und-training\/mein-jungpferd-und-ich-gute-vorbereitung-ist-alles\/#breadcrumb\"},\"inLanguage\":\"de\",\"potentialAction\":[{\"@type\":\"ReadAction\",\"target\":[\"https:\/\/uelzener.de\/magazin\/pferd\/erziehung-und-training\/mein-jungpferd-und-ich-gute-vorbereitung-ist-alles\/\"]}]},{\"@type\":\"ImageObject\",\"inLanguage\":\"de\",\"@id\":\"https:\/\/uelzener.de\/magazin\/pferd\/erziehung-und-training\/mein-jungpferd-und-ich-gute-vorbereitung-ist-alles\/#primaryimage\",\"url\":\"https:\/\/uelzener.de\/magazin\/app\/uploads\/2026\/01\/Magazin_Header-1025x450-px-1025x450-px-9.jpg\",\"contentUrl\":\"https:\/\/uelzener.de\/magazin\/app\/uploads\/2026\/01\/Magazin_Header-1025x450-px-1025x450-px-9.jpg\",\"width\":1025,\"height\":450,\"caption\":\"Jungpferd auf einer Wiese.\"},{\"@type\":\"WebSite\",\"@id\":\"https:\/\/uelzener.de\/magazin\/#website\",\"url\":\"https:\/\/uelzener.de\/magazin\/\",\"name\":\"Uelzener Tiermagazin\",\"description\":\"Online Tierratgeber der Uelzener Versicherungen\",\"publisher\":{\"@id\":\"https:\/\/uelzener.de\/magazin\/#organization\"},\"potentialAction\":[{\"@type\":\"SearchAction\",\"target\":{\"@type\":\"EntryPoint\",\"urlTemplate\":\"https:\/\/uelzener.de\/magazin\/?s={search_term_string}\"},\"query-input\":{\"@type\":\"PropertyValueSpecification\",\"valueRequired\":true,\"valueName\":\"search_term_string\"}}],\"inLanguage\":\"de\"},{\"@type\":\"Organization\",\"@id\":\"https:\/\/uelzener.de\/magazin\/#organization\",\"name\":\"Uelzener Versicherungen\",\"url\":\"https:\/\/uelzener.de\/magazin\/\",\"logo\":{\"@type\":\"ImageObject\",\"inLanguage\":\"de\",\"@id\":\"https:\/\/uelzener.de\/magazin\/#\/schema\/logo\/image\/\",\"url\":\"https:\/\/uelzener.de\/magazin\/app\/uploads\/2024\/11\/uelzener_allgemeine_versicherungsgesellschaft_a_g_logo.jpg\",\"contentUrl\":\"https:\/\/uelzener.de\/magazin\/app\/uploads\/2024\/11\/uelzener_allgemeine_versicherungsgesellschaft_a_g_logo.jpg\",\"width\":200,\"height\":200,\"caption\":\"Uelzener Versicherungen\"},\"image\":{\"@id\":\"https:\/\/uelzener.de\/magazin\/#\/schema\/logo\/image\/\"},\"sameAs\":[\"https:\/\/www.facebook.com\/Uelzener\",\"https:\/\/instagram.com\/uelzener\",\"https:\/\/www.xing.com\/pages\/uelzenerallgemeineversicherungs-gesellschafta-g\",\"https:\/\/www.youtube.com\/UelzenerVersicherungen\"]}]}<\/script>\n<!-- \/ Yoast SEO Premium plugin. -->","yoast_head_json":{"title":"Mein Jungpferd und ich: Gute Vorbereitung ist alles. | Uelzener Magazin","description":"Erfahren, wie wichtig positive Erfahrungen f\u00fcr ein junges Pferd sind und wie du das Verhalten des Reitpferdes beeinflussen kannst.","robots":{"index":"index","follow":"follow","max-snippet":"max-snippet:-1","max-image-preview":"max-image-preview:large","max-video-preview":"max-video-preview:-1"},"canonical":"https:\/\/uelzener.de\/magazin\/pferd\/erziehung-und-training\/mein-jungpferd-und-ich-gute-vorbereitung-ist-alles\/","og_locale":"de_DE","og_type":"article","og_title":"Mein Jungpferd und ich: Gute Vorbereitung ist alles.","og_description":"Erfahren, wie wichtig positive Erfahrungen f\u00fcr ein junges Pferd sind und wie du das Verhalten des Reitpferdes beeinflussen kannst.","og_url":"https:\/\/uelzener.de\/magazin\/pferd\/erziehung-und-training\/mein-jungpferd-und-ich-gute-vorbereitung-ist-alles\/","og_site_name":"Uelzener Tier-Magazin","article_publisher":"https:\/\/www.facebook.com\/Uelzener","article_modified_time":"2026-01-06T11:07:37+00:00","og_image":[{"width":1025,"height":450,"url":"https:\/\/uelzener.de\/magazin\/app\/uploads\/2026\/01\/Magazin_Header-1025x450-px-1025x450-px-9.jpg","type":"image\/jpeg"}],"twitter_card":"summary_large_image","twitter_misc":{"Gesch\u00e4tzte Lesezeit":"3\u00a0Minuten"},"schema":{"@context":"https:\/\/schema.org","@graph":[{"@type":"WebPage","@id":"https:\/\/uelzener.de\/magazin\/pferd\/erziehung-und-training\/mein-jungpferd-und-ich-gute-vorbereitung-ist-alles\/","url":"https:\/\/uelzener.de\/magazin\/pferd\/erziehung-und-training\/mein-jungpferd-und-ich-gute-vorbereitung-ist-alles\/","name":"Mein Jungpferd und ich: Gute Vorbereitung ist alles. | Uelzener Magazin","isPartOf":{"@id":"https:\/\/uelzener.de\/magazin\/#website"},"primaryImageOfPage":{"@id":"https:\/\/uelzener.de\/magazin\/pferd\/erziehung-und-training\/mein-jungpferd-und-ich-gute-vorbereitung-ist-alles\/#primaryimage"},"image":{"@id":"https:\/\/uelzener.de\/magazin\/pferd\/erziehung-und-training\/mein-jungpferd-und-ich-gute-vorbereitung-ist-alles\/#primaryimage"},"thumbnailUrl":"https:\/\/uelzener.de\/magazin\/app\/uploads\/2026\/01\/Magazin_Header-1025x450-px-1025x450-px-9.jpg","datePublished":"2026-01-02T10:39:08+00:00","dateModified":"2026-01-06T11:07:37+00:00","description":"Erfahren, wie wichtig positive Erfahrungen f\u00fcr ein junges Pferd sind und wie du das Verhalten des Reitpferdes beeinflussen kannst.","breadcrumb":{"@id":"https:\/\/uelzener.de\/magazin\/pferd\/erziehung-und-training\/mein-jungpferd-und-ich-gute-vorbereitung-ist-alles\/#breadcrumb"},"inLanguage":"de","potentialAction":[{"@type":"ReadAction","target":["https:\/\/uelzener.de\/magazin\/pferd\/erziehung-und-training\/mein-jungpferd-und-ich-gute-vorbereitung-ist-alles\/"]}]},{"@type":"ImageObject","inLanguage":"de","@id":"https:\/\/uelzener.de\/magazin\/pferd\/erziehung-und-training\/mein-jungpferd-und-ich-gute-vorbereitung-ist-alles\/#primaryimage","url":"https:\/\/uelzener.de\/magazin\/app\/uploads\/2026\/01\/Magazin_Header-1025x450-px-1025x450-px-9.jpg","contentUrl":"https:\/\/uelzener.de\/magazin\/app\/uploads\/2026\/01\/Magazin_Header-1025x450-px-1025x450-px-9.jpg","width":1025,"height":450,"caption":"Jungpferd auf einer Wiese."},{"@type":"WebSite","@id":"https:\/\/uelzener.de\/magazin\/#website","url":"https:\/\/uelzener.de\/magazin\/","name":"Uelzener Tiermagazin","description":"Online Tierratgeber der Uelzener Versicherungen","publisher":{"@id":"https:\/\/uelzener.de\/magazin\/#organization"},"potentialAction":[{"@type":"SearchAction","target":{"@type":"EntryPoint","urlTemplate":"https:\/\/uelzener.de\/magazin\/?s={search_term_string}"},"query-input":{"@type":"PropertyValueSpecification","valueRequired":true,"valueName":"search_term_string"}}],"inLanguage":"de"},{"@type":"Organization","@id":"https:\/\/uelzener.de\/magazin\/#organization","name":"Uelzener Versicherungen","url":"https:\/\/uelzener.de\/magazin\/","logo":{"@type":"ImageObject","inLanguage":"de","@id":"https:\/\/uelzener.de\/magazin\/#\/schema\/logo\/image\/","url":"https:\/\/uelzener.de\/magazin\/app\/uploads\/2024\/11\/uelzener_allgemeine_versicherungsgesellschaft_a_g_logo.jpg","contentUrl":"https:\/\/uelzener.de\/magazin\/app\/uploads\/2024\/11\/uelzener_allgemeine_versicherungsgesellschaft_a_g_logo.jpg","width":200,"height":200,"caption":"Uelzener Versicherungen"},"image":{"@id":"https:\/\/uelzener.de\/magazin\/#\/schema\/logo\/image\/"},"sameAs":["https:\/\/www.facebook.com\/Uelzener","https:\/\/instagram.com\/uelzener","https:\/\/www.xing.com\/pages\/uelzenerallgemeineversicherungs-gesellschafta-g","https:\/\/www.youtube.com\/UelzenerVersicherungen"]}]}},"_links":{"self":[{"href":"https:\/\/uelzener.de\/magazin\/wp-json\/wp\/v2\/pages\/19660","targetHints":{"allow":["GET"]}}],"collection":[{"href":"https:\/\/uelzener.de\/magazin\/wp-json\/wp\/v2\/pages"}],"about":[{"href":"https:\/\/uelzener.de\/magazin\/wp-json\/wp\/v2\/types\/page"}],"author":[{"embeddable":true,"href":"https:\/\/uelzener.de\/magazin\/wp-json\/wp\/v2\/users\/11"}],"replies":[{"embeddable":true,"href":"https:\/\/uelzener.de\/magazin\/wp-json\/wp\/v2\/comments?post=19660"}],"version-history":[{"count":4,"href":"https:\/\/uelzener.de\/magazin\/wp-json\/wp\/v2\/pages\/19660\/revisions"}],"predecessor-version":[{"id":19669,"href":"https:\/\/uelzener.de\/magazin\/wp-json\/wp\/v2\/pages\/19660\/revisions\/19669"}],"up":[{"embeddable":true,"href":"https:\/\/uelzener.de\/magazin\/wp-json\/wp\/v2\/pages\/11689"}],"wp:featuredmedia":[{"embeddable":true,"href":"https:\/\/uelzener.de\/magazin\/wp-json\/wp\/v2\/media\/19661"}],"wp:attachment":[{"href":"https:\/\/uelzener.de\/magazin\/wp-json\/wp\/v2\/media?parent=19660"}],"curies":[{"name":"wp","href":"https:\/\/api.w.org\/{rel}","templated":true}]}}