{"id":19584,"date":"2026-02-24T11:18:41","date_gmt":"2026-02-24T10:18:41","guid":{"rendered":"https:\/\/uelzener.de\/magazin\/?page_id=19584"},"modified":"2026-02-24T15:44:24","modified_gmt":"2026-02-24T14:44:24","slug":"social-media-gewinnspiel-fellnasen-and-friends-2026","status":"publish","type":"page","link":"https:\/\/uelzener.de\/magazin\/wir\/social-media-gewinnspiel-fellnasen-and-friends-2026\/","title":{"rendered":"Social Media Gewinnspiel | Freikarten Fellnasen &#038; Friends M\u00e4rz 2026"},"content":{"rendered":"<p>Vom 07.-08. M\u00e4rz 2026 findet die Hundemesse Fellnasen &amp; Friends in Husum statt statt und ihr k\u00f6nnt bei unserem Gewinnspiel Freikarten f\u00fcr die Messe gewinnen. Viel Gl\u00fcck!<\/p>\n<h2>Allgemeine Teilnahmebedingungen f\u00fcr Social Media Gewinnspiele<\/h2>\n<p>Mit der Teilnahme an diesem Social Media-Gewinnspiel, das von der Uelzener Allgemeine Versicherungs-Gesellschaft\u00a0a.\u00a0G. veranstaltet wird, erkl\u00e4rt ihr euch mit den vorliegenden Teilnahmebedingungen einverstanden.<\/p>\n<h3><strong>1. Teilnahme am Gewinnspiel<\/strong><\/h3>\n<p>Das Gewinnspiel l\u00e4uft auf den Social Media-Kan\u00e4len der Uelzener (Instagram und Facebook). Es kann auf beiden Kan\u00e4len teilgenommen werden. Die Teilnahme am Gewinnspiel ist kostenlos.<\/p>\n<ol>\n<li>\n<h4><strong> a Teilnahme am Gewinnspiel auf Instagram <\/strong><\/h4>\n<\/li>\n<\/ol>\n<p>Um an diesem Gewinnspiel teilzunehmen,<\/p>\n<ul>\n<li>folgt uns auf Instagram unter <a href=\"https:\/\/www.instagram.com\/uelzener\/\">https:\/\/www.instagram.com\/uelzener\/<\/a>,<\/li>\n<li>liked unseren Gewinnspiel-Beitrag und<\/li>\n<li>Kommentiert den Beitrag mit einem Hunde-Emoji<\/li>\n<\/ul>\n<p>Um eure Gewinnchancen zu erh\u00f6hen, teilt den Gewinnspiel-Beitrag in eurer Story und markiert uns darin oder nehmt auch auf Facebook unter den dort genannten Bedingungen teil.<\/p>\n<ol>\n<li>\n<h4><strong>b Teilnahme am Gewinnspiel auf Facebook<\/strong><\/h4>\n<\/li>\n<\/ol>\n<p>Um an diesem Gewinnspiel teilzunehmen,<\/p>\n<ul>\n<li>Seid Fan unserer Facebook-Seite <a href=\"http:\/\/www.facebook.com\/Uelzener\/\">facebook.com\/Uelzener\/<\/a><\/li>\n<li>Gebt dem Beitrag ein Like<\/li>\n<li>Kommentiert den Beitrag mit einem Hunde-Emoji<\/li>\n<\/ul>\n<p>Um eure Gewinnchancen zu erh\u00f6hen, k\u00f6nnt ihr ebenfalls auf Instagram unter den dort genannten Bedingungen teilnehmen<\/p>\n<p>Mit der Teilnahme an diesem Facebook-Gewinnspiel, das von der Uelzener Allgemeine Versicherungs-Gesellschaft\u00a0a.\u00a0G. veranstaltet wird, erkl\u00e4rt ihr euch mit den vorliegenden Teilnahmebedingungen einverstanden.<\/p>\n<h3>2. Teilnahmeberechtigung<\/h3>\n<p>Teilnahmeberechtigt sind nat\u00fcrliche Personen, die zum Zeitpunkt der Teilnahme mindestens 18 Jahre alt sind. Mitarbeiter:innen der Uelzener Allgemeine Versicherungs-Gesellschaft\u00a0a.\u00a0G. und der beteiligten Kooperationspartner sowie jeweils deren Angeh\u00f6rige d\u00fcrfen nicht an diesem Gewinnspiel teilnehmen.<\/p>\n<p>Pro Teilnehmer:in nimmt nur ein Instagram-Profil und\/oder ein Facebook-Profil am Gewinnspiel teil. Es ist strengstens untersagt, mehrere Profile pro Social Media-Kanal zur Erh\u00f6hung der Gewinnchancen zu verwenden.<\/p>\n<p>Jede Person darf nur einmal pro Social Media-Kanal am Gewinnspiel teilnehmen.<\/p>\n<h3>3. Verlauf des Gewinnspiels<\/h3>\n<p>Verlosung: 10 x 2 Freikarten f\u00fcr die Messe Fellnasen &amp; Friends 2026 in Husum<\/p>\n<p>Eine Teilnahme am Gewinnspiel ist m\u00f6glich in der Zeit vom 25.02.2026 8:00 Uhr bis 01.03.2026 23:59 Uhr. Verlost werden insgesamt 10 x 2 Freikarten f\u00fcr die Messe Fellnasen &amp; Friends 2026 in Husum<\/p>\n<p>Die Auslosung f\u00fcr das Gewinnspiel erfolgt nach Teilnahmeschluss am 02.03.2026 ab 09:00 Uhr. Die jeweiligen Gewinner:innen werden unter allen Teilnehmer:innen, die innerhalb des Teilnahmezeitraums gem\u00e4\u00df der Anforderungen aus Ziffer 1 dieser Teilnahmebedingungen an unserem Gewinnspiel teilgenommen haben, durch das Los per Zufallsprinzip ermittelt und auf Facebook bzw. Instagram per privater Nachricht \u00fcber den Gewinn informiert. Die jeweiligen Gewinner:innen m\u00fcssen innerhalb von zwei Werktagen auf diese Gewinnbenachrichtigung reagieren und uns ihre personenbezogenen Daten (Vorname, Nachname, E-Mail-Adresse) \u00fcbermitteln. Melden sich die jeweiligen Gewinner:innen nicht innerhalb der genannten Frist auf unsere Gewinnbenachrichtigung hin, geht der Gewinnanspruch verloren und der Gewinn kann auf eine:n andere:n Teilnehmer:in \u00fcbertragen werden.<\/p>\n<p>Der Gewinn ist vom Umtausch ausgeschlossen und nicht an Dritte \u00fcbertragbar.<\/p>\n<h3>4. Datenschutz<\/h3>\n<p>Die Speicherung der bei Gewinnspiel-Teilnahme erhobenen personenbezogenen Daten, wie Facebook-Name \/ Instagram-Name, Vor- und Nachname sowie E-Mail-Adresse, werden ausschlie\u00dflich f\u00fcr die Ermittlung und Kontaktierung zu Zwecken der Preisversendung verwendet. Eure Daten werden im Anschluss an das Gewinnspiel bei uns gel\u00f6scht. Eine \u00fcber die unter Ziffer 3 genannte hinausgehende Verarbeitung eurer personenbezogenen Daten erfolgt nicht.<\/p>\n<p>Es steht den Teilnehmer:innen jederzeit frei, per E-Mail unter <a href=\"mailto:datenschutz@uelzener.de\">datenschutz@uelzener.de<\/a> die Einwilligung in die Speicherung ihrer Daten zu widerrufen und somit von der Teilnahme zur\u00fcckzutreten.<\/p>\n<p>Im \u00dcbrigen gelten die Bestimmungen zum Datenschutz <a href=\"http:\/\/www.uelzener.de\/datenschutz\">www.uelzener.de\/datenschutz<\/a>.<\/p>\n<h3>5. Haftungsausschluss<\/h3>\n<p>Der Rechtsweg ist hinsichtlich der Durchf\u00fchrung des Gewinnspiels ausgeschlossen. F\u00fcr technische St\u00f6rungen, Ausf\u00e4lle des Telefonnetzes, des Netzwerks, der Elektronik oder der Computer kann der Veranstalter nicht verantwortlich gemacht werden.<\/p>\n<h3>6. Veranstalter<\/h3>\n<p>Dieses Gewinnspiel wird von der Uelzener Allgemeine Versicherungs-Gesellschaft\u00a0a.\u00a0G. veranstaltet. Das Gewinnspiel steht in keiner Verbindung zu Facebook und wird in keiner Weise von Facebook gesponsert, unterst\u00fctzt und organisiert.<\/p>\n<p>Der Veranstalter ist berechtigt, Teilnehmer:innen zu disqualifizieren, die gegen die Teilnahmebedingungen und\/oder die guten Sitten versto\u00dfen und\/oder anderweitig in unlauterer Weise versuchen, das Gewinnspiel zu beeinflussen.<\/p>\n<p>Uelzener Allgemeine Versicherungs-Gesellschaft a.\u00a0G.<br \/>\nVeer\u00dfer Str. 65\/67<br \/>\n29525 Uelzen<br \/>\nTel: 0581 \u2013 8070-0<br \/>\nE-Mail: <a href=\"mailto:socialmedia@uelzener.de\">socialmedia@uelzener.de<\/a><\/p>\n<p>&nbsp;<\/p>\n","protected":false},"excerpt":{"rendered":"<p>Vom 07.-08. M\u00e4rz 2026 findet die Hundemesse Fellnasen &amp; Friends in Husum statt statt und ihr k\u00f6nnt bei unserem Gewinnspiel Freikarten f\u00fcr die Messe gewinnen. Viel Gl\u00fcck! Allgemeine Teilnahmebedingungen f\u00fcr Social Media Gewinnspiele Mit der Teilnahme an diesem Social Media-Gewinnspiel, das von der Uelzener Allgemeine Versicherungs-Gesellschaft\u00a0a.\u00a0G. veranstaltet wird, erkl\u00e4rt ihr euch mit den vorliegenden Teilnahmebedingungen [&hellip;]<\/p>\n","protected":false},"author":3,"featured_media":16886,"parent":2469,"menu_order":9,"comment_status":"closed","ping_status":"closed","template":"templates\/blog.php","meta":{"_acf_changed":false,"_crdt_document":"","footnotes":"","beyondwords_generate_audio":"","beyondwords_project_id":"","beyondwords_content_id":"","beyondwords_preview_token":"","beyondwords_player_style":"","beyondwords_language_id":"","beyondwords_title_voice_id":"","beyondwords_body_voice_id":"","beyondwords_summary_voice_id":"","beyondwords_error_message":"","beyondwords_disabled":"","beyondwords_delete_content":"","beyondwords_podcast_id":"","beyondwords_hash":"","publish_post_to_speechkit":"","speechkit_hash":"","speechkit_generate_audio":"","speechkit_project_id":"","speechkit_podcast_id":"","speechkit_error_message":"","speechkit_disabled":"","speechkit_access_key":"","speechkit_error":"","speechkit_info":"","speechkit_response":"","speechkit_retries":"","speechkit_status":"","speechkit_updated_at":"","_speechkit_link":"","_speechkit_text":""},"class_list":["post-19584","page","type-page","status-publish","has-post-thumbnail","hentry"],"acf":[],"yoast_head":"<!-- This site is optimized with the Yoast SEO Premium plugin  - https:\/\/yoast.com\/product\/yoast-seo-premium-wordpress\/ -->\n<title>Social Media Gewinnspiel | Freikarten Fellnasen &amp; Friends M\u00e4rz 2026 | Uelzener Magazin<\/title>\n<meta name=\"description\" content=\"Mach mit beim Gewinnspiel auf unserem Instagram-Account und gewinne 2 Freikarten f\u00fcr die Messe Fellnasen &amp; Friends 2026 in Husum!\" \/>\n<meta name=\"robots\" content=\"index, follow, max-snippet:-1, max-image-preview:large, max-video-preview:-1\" \/>\n<link rel=\"canonical\" href=\"https:\/\/uelzener.de\/magazin\/wir\/social-media-gewinnspiel-fellnasen-and-friends-2026\/\" \/>\n<meta property=\"og:locale\" content=\"de_DE\" \/>\n<meta property=\"og:type\" content=\"article\" \/>\n<meta property=\"og:title\" content=\"Social Media Gewinnspiel | Freikarten Fellnasen &amp; Friends M\u00e4rz 2026\" \/>\n<meta property=\"og:description\" content=\"Mach mit beim Gewinnspiel auf unserem Instagram-Account und gewinne 2 Freikarten f\u00fcr die Messe Fellnasen &amp; Friends 2026 in Husum!\" \/>\n<meta property=\"og:url\" content=\"https:\/\/uelzener.de\/magazin\/wir\/social-media-gewinnspiel-fellnasen-and-friends-2026\/\" \/>\n<meta property=\"og:site_name\" content=\"Uelzener Tier-Magazin\" \/>\n<meta property=\"article:publisher\" content=\"https:\/\/www.facebook.com\/Uelzener\" \/>\n<meta property=\"article:modified_time\" content=\"2026-02-24T14:44:24+00:00\" \/>\n<meta property=\"og:image\" content=\"https:\/\/uelzener.de\/magazin\/app\/uploads\/2024\/01\/gewinnspiel-doglive.jpg\" \/>\n\t<meta property=\"og:image:width\" content=\"1024\" \/>\n\t<meta property=\"og:image:height\" content=\"450\" \/>\n\t<meta property=\"og:image:type\" content=\"image\/jpeg\" \/>\n<meta name=\"twitter:card\" content=\"summary_large_image\" \/>\n<meta name=\"twitter:label1\" content=\"Gesch\u00e4tzte Lesezeit\" \/>\n\t<meta name=\"twitter:data1\" content=\"4\u00a0Minuten\" \/>\n<script type=\"application\/ld+json\" class=\"yoast-schema-graph\">{\"@context\":\"https:\/\/schema.org\",\"@graph\":[{\"@type\":\"WebPage\",\"@id\":\"https:\/\/uelzener.de\/magazin\/wir\/social-media-gewinnspiel-fellnasen-and-friends-2026\/\",\"url\":\"https:\/\/uelzener.de\/magazin\/wir\/social-media-gewinnspiel-fellnasen-and-friends-2026\/\",\"name\":\"Social Media Gewinnspiel | Freikarten Fellnasen & Friends M\u00e4rz 2026 | Uelzener Magazin\",\"isPartOf\":{\"@id\":\"https:\/\/uelzener.de\/magazin\/#website\"},\"primaryImageOfPage\":{\"@id\":\"https:\/\/uelzener.de\/magazin\/wir\/social-media-gewinnspiel-fellnasen-and-friends-2026\/#primaryimage\"},\"image\":{\"@id\":\"https:\/\/uelzener.de\/magazin\/wir\/social-media-gewinnspiel-fellnasen-and-friends-2026\/#primaryimage\"},\"thumbnailUrl\":\"https:\/\/uelzener.de\/magazin\/app\/uploads\/2024\/01\/gewinnspiel-doglive.jpg\",\"datePublished\":\"2026-02-24T10:18:41+00:00\",\"dateModified\":\"2026-02-24T14:44:24+00:00\",\"description\":\"Mach mit beim Gewinnspiel auf unserem Instagram-Account und gewinne 2 Freikarten f\u00fcr die Messe Fellnasen & Friends 2026 in Husum!\",\"breadcrumb\":{\"@id\":\"https:\/\/uelzener.de\/magazin\/wir\/social-media-gewinnspiel-fellnasen-and-friends-2026\/#breadcrumb\"},\"inLanguage\":\"de\",\"potentialAction\":[{\"@type\":\"ReadAction\",\"target\":[\"https:\/\/uelzener.de\/magazin\/wir\/social-media-gewinnspiel-fellnasen-and-friends-2026\/\"]}]},{\"@type\":\"ImageObject\",\"inLanguage\":\"de\",\"@id\":\"https:\/\/uelzener.de\/magazin\/wir\/social-media-gewinnspiel-fellnasen-and-friends-2026\/#primaryimage\",\"url\":\"https:\/\/uelzener.de\/magazin\/app\/uploads\/2024\/01\/gewinnspiel-doglive.jpg\",\"contentUrl\":\"https:\/\/uelzener.de\/magazin\/app\/uploads\/2024\/01\/gewinnspiel-doglive.jpg\",\"width\":1024,\"height\":450,\"caption\":\"Kleiner Hund liegt auf Wiese\"},{\"@type\":\"WebSite\",\"@id\":\"https:\/\/uelzener.de\/magazin\/#website\",\"url\":\"https:\/\/uelzener.de\/magazin\/\",\"name\":\"Uelzener Tiermagazin\",\"description\":\"Online Tierratgeber der Uelzener Versicherungen\",\"publisher\":{\"@id\":\"https:\/\/uelzener.de\/magazin\/#organization\"},\"potentialAction\":[{\"@type\":\"SearchAction\",\"target\":{\"@type\":\"EntryPoint\",\"urlTemplate\":\"https:\/\/uelzener.de\/magazin\/?s={search_term_string}\"},\"query-input\":{\"@type\":\"PropertyValueSpecification\",\"valueRequired\":true,\"valueName\":\"search_term_string\"}}],\"inLanguage\":\"de\"},{\"@type\":\"Organization\",\"@id\":\"https:\/\/uelzener.de\/magazin\/#organization\",\"name\":\"Uelzener Versicherungen\",\"url\":\"https:\/\/uelzener.de\/magazin\/\",\"logo\":{\"@type\":\"ImageObject\",\"inLanguage\":\"de\",\"@id\":\"https:\/\/uelzener.de\/magazin\/#\/schema\/logo\/image\/\",\"url\":\"https:\/\/uelzener.de\/magazin\/app\/uploads\/2024\/11\/uelzener_allgemeine_versicherungsgesellschaft_a_g_logo.jpg\",\"contentUrl\":\"https:\/\/uelzener.de\/magazin\/app\/uploads\/2024\/11\/uelzener_allgemeine_versicherungsgesellschaft_a_g_logo.jpg\",\"width\":200,\"height\":200,\"caption\":\"Uelzener Versicherungen\"},\"image\":{\"@id\":\"https:\/\/uelzener.de\/magazin\/#\/schema\/logo\/image\/\"},\"sameAs\":[\"https:\/\/www.facebook.com\/Uelzener\",\"https:\/\/instagram.com\/uelzener\",\"https:\/\/www.xing.com\/pages\/uelzenerallgemeineversicherungs-gesellschafta-g\",\"https:\/\/www.youtube.com\/UelzenerVersicherungen\"]}]}<\/script>\n<!-- \/ Yoast SEO Premium plugin. -->","yoast_head_json":{"title":"Social Media Gewinnspiel | Freikarten Fellnasen & Friends M\u00e4rz 2026 | Uelzener Magazin","description":"Mach mit beim Gewinnspiel auf unserem Instagram-Account und gewinne 2 Freikarten f\u00fcr die Messe Fellnasen & Friends 2026 in Husum!","robots":{"index":"index","follow":"follow","max-snippet":"max-snippet:-1","max-image-preview":"max-image-preview:large","max-video-preview":"max-video-preview:-1"},"canonical":"https:\/\/uelzener.de\/magazin\/wir\/social-media-gewinnspiel-fellnasen-and-friends-2026\/","og_locale":"de_DE","og_type":"article","og_title":"Social Media Gewinnspiel | Freikarten Fellnasen & Friends M\u00e4rz 2026","og_description":"Mach mit beim Gewinnspiel auf unserem Instagram-Account und gewinne 2 Freikarten f\u00fcr die Messe Fellnasen & Friends 2026 in Husum!","og_url":"https:\/\/uelzener.de\/magazin\/wir\/social-media-gewinnspiel-fellnasen-and-friends-2026\/","og_site_name":"Uelzener Tier-Magazin","article_publisher":"https:\/\/www.facebook.com\/Uelzener","article_modified_time":"2026-02-24T14:44:24+00:00","og_image":[{"width":1024,"height":450,"url":"https:\/\/uelzener.de\/magazin\/app\/uploads\/2024\/01\/gewinnspiel-doglive.jpg","type":"image\/jpeg"}],"twitter_card":"summary_large_image","twitter_misc":{"Gesch\u00e4tzte Lesezeit":"4\u00a0Minuten"},"schema":{"@context":"https:\/\/schema.org","@graph":[{"@type":"WebPage","@id":"https:\/\/uelzener.de\/magazin\/wir\/social-media-gewinnspiel-fellnasen-and-friends-2026\/","url":"https:\/\/uelzener.de\/magazin\/wir\/social-media-gewinnspiel-fellnasen-and-friends-2026\/","name":"Social Media Gewinnspiel | Freikarten Fellnasen & Friends M\u00e4rz 2026 | Uelzener Magazin","isPartOf":{"@id":"https:\/\/uelzener.de\/magazin\/#website"},"primaryImageOfPage":{"@id":"https:\/\/uelzener.de\/magazin\/wir\/social-media-gewinnspiel-fellnasen-and-friends-2026\/#primaryimage"},"image":{"@id":"https:\/\/uelzener.de\/magazin\/wir\/social-media-gewinnspiel-fellnasen-and-friends-2026\/#primaryimage"},"thumbnailUrl":"https:\/\/uelzener.de\/magazin\/app\/uploads\/2024\/01\/gewinnspiel-doglive.jpg","datePublished":"2026-02-24T10:18:41+00:00","dateModified":"2026-02-24T14:44:24+00:00","description":"Mach mit beim Gewinnspiel auf unserem Instagram-Account und gewinne 2 Freikarten f\u00fcr die Messe Fellnasen & Friends 2026 in Husum!","breadcrumb":{"@id":"https:\/\/uelzener.de\/magazin\/wir\/social-media-gewinnspiel-fellnasen-and-friends-2026\/#breadcrumb"},"inLanguage":"de","potentialAction":[{"@type":"ReadAction","target":["https:\/\/uelzener.de\/magazin\/wir\/social-media-gewinnspiel-fellnasen-and-friends-2026\/"]}]},{"@type":"ImageObject","inLanguage":"de","@id":"https:\/\/uelzener.de\/magazin\/wir\/social-media-gewinnspiel-fellnasen-and-friends-2026\/#primaryimage","url":"https:\/\/uelzener.de\/magazin\/app\/uploads\/2024\/01\/gewinnspiel-doglive.jpg","contentUrl":"https:\/\/uelzener.de\/magazin\/app\/uploads\/2024\/01\/gewinnspiel-doglive.jpg","width":1024,"height":450,"caption":"Kleiner Hund liegt auf Wiese"},{"@type":"WebSite","@id":"https:\/\/uelzener.de\/magazin\/#website","url":"https:\/\/uelzener.de\/magazin\/","name":"Uelzener Tiermagazin","description":"Online Tierratgeber der Uelzener Versicherungen","publisher":{"@id":"https:\/\/uelzener.de\/magazin\/#organization"},"potentialAction":[{"@type":"SearchAction","target":{"@type":"EntryPoint","urlTemplate":"https:\/\/uelzener.de\/magazin\/?s={search_term_string}"},"query-input":{"@type":"PropertyValueSpecification","valueRequired":true,"valueName":"search_term_string"}}],"inLanguage":"de"},{"@type":"Organization","@id":"https:\/\/uelzener.de\/magazin\/#organization","name":"Uelzener Versicherungen","url":"https:\/\/uelzener.de\/magazin\/","logo":{"@type":"ImageObject","inLanguage":"de","@id":"https:\/\/uelzener.de\/magazin\/#\/schema\/logo\/image\/","url":"https:\/\/uelzener.de\/magazin\/app\/uploads\/2024\/11\/uelzener_allgemeine_versicherungsgesellschaft_a_g_logo.jpg","contentUrl":"https:\/\/uelzener.de\/magazin\/app\/uploads\/2024\/11\/uelzener_allgemeine_versicherungsgesellschaft_a_g_logo.jpg","width":200,"height":200,"caption":"Uelzener Versicherungen"},"image":{"@id":"https:\/\/uelzener.de\/magazin\/#\/schema\/logo\/image\/"},"sameAs":["https:\/\/www.facebook.com\/Uelzener","https:\/\/instagram.com\/uelzener","https:\/\/www.xing.com\/pages\/uelzenerallgemeineversicherungs-gesellschafta-g","https:\/\/www.youtube.com\/UelzenerVersicherungen"]}]}},"_links":{"self":[{"href":"https:\/\/uelzener.de\/magazin\/wp-json\/wp\/v2\/pages\/19584","targetHints":{"allow":["GET"]}}],"collection":[{"href":"https:\/\/uelzener.de\/magazin\/wp-json\/wp\/v2\/pages"}],"about":[{"href":"https:\/\/uelzener.de\/magazin\/wp-json\/wp\/v2\/types\/page"}],"author":[{"embeddable":true,"href":"https:\/\/uelzener.de\/magazin\/wp-json\/wp\/v2\/users\/3"}],"replies":[{"embeddable":true,"href":"https:\/\/uelzener.de\/magazin\/wp-json\/wp\/v2\/comments?post=19584"}],"version-history":[{"count":6,"href":"https:\/\/uelzener.de\/magazin\/wp-json\/wp\/v2\/pages\/19584\/revisions"}],"predecessor-version":[{"id":19770,"href":"https:\/\/uelzener.de\/magazin\/wp-json\/wp\/v2\/pages\/19584\/revisions\/19770"}],"up":[{"embeddable":true,"href":"https:\/\/uelzener.de\/magazin\/wp-json\/wp\/v2\/pages\/2469"}],"wp:featuredmedia":[{"embeddable":true,"href":"https:\/\/uelzener.de\/magazin\/wp-json\/wp\/v2\/media\/16886"}],"wp:attachment":[{"href":"https:\/\/uelzener.de\/magazin\/wp-json\/wp\/v2\/media?parent=19584"}],"curies":[{"name":"wp","href":"https:\/\/api.w.org\/{rel}","templated":true}]}}