{"id":19578,"date":"2025-11-25T16:04:59","date_gmt":"2025-11-25T15:04:59","guid":{"rendered":"https:\/\/uelzener.de\/magazin\/?page_id=19578"},"modified":"2025-12-02T16:19:00","modified_gmt":"2025-12-02T15:19:00","slug":"englisch-reiten","status":"publish","type":"page","link":"https:\/\/uelzener.de\/magazin\/pferd\/erziehung-und-training\/englisch-reiten\/","title":{"rendered":"Englisch Reiten verstehen: Grundlagen, Ausbildung und Ausr\u00fcstung"},"content":{"rendered":"<p>Ob Westernreiten, klassische Reitkunst oder Barockreiten: Jede Reitweise ist von einer eigenen Geschichte, Tradition und Philosophie gepr\u00e4gt und hat eine spezifische Vorstellung vom perfekten Zusammenspiel zwischen Mensch und Pferd. Keine ist per se besser oder schlechter. Vielmehr spiegeln die Reitstile unterschiedliche Auffassungen und Ans\u00e4tze in der Ausbildung wider.<\/p>\n<p>Das englische Reiten geh\u00f6rt zu den bekanntesten Reitstilen und ist in Deutschland und anderen L\u00e4ndern des europ\u00e4ischen Raums weit verbreitet. Es bildet die Grundlage vieler Disziplinen im Pferdesport, angefangen beim Dressur-, Spring- und Vielseitigkeitsreiten \u00fcber das Rennreiten und Jagdreiten bis hin zu Reitspielen wie Polo. In unserem Artikel erf\u00e4hrst du, was die englische Reitweise auszeichnet, wie die Ausbildung aufgebaut ist und was du an Ausr\u00fcstung daf\u00fcr brauchst.<\/p>\n<h2>Das zeichnet die englische Reitweise aus<\/h2>\n<p>Die englische Reitweise hat ihren Ursprung im Milit\u00e4rreiten und wirkt im Gegensatz zum Westernreiten formeller und stilisierter. Sie ist st\u00e4rker auf Form, Haltung, Eleganz und Ausdruck ausgelegt und hat dadurch gewisserma\u00dfen etwas Repr\u00e4sentatives an sich. Demgegen\u00fcber wirkt das Westernreiten, das aus der Reitweise der amerikanischen Cowboys hervorgegangen ist, legerer und l\u00e4ssiger. Das hat damit zu tun, dass der Reitstil aufgrund seiner Historie st\u00e4rker auf Funktionalit\u00e4t, Praktikabilit\u00e4t und Alltagstauglichkeit ausgerichtet ist. Das hei\u00dft jedoch nicht, dass es an Kontrolle fehlt. Auch wenn das Westernreiten eine gewisse Lockerheit vermittelt, ist es technisch sehr anspruchsvoll.<\/p>\n<p>Ein Kernprinzip der englischen Reitweise ist die Anlehnung. Das bedeutet, dass der Reiter oder die Reiterin \u00fcber die Z\u00fcgel einen st\u00e4ndigen Kontakt zum Pferdemaul hat und es zugleich durch Gewichtsverlagerung und Schenkeldruck lenkt. Im Fachjargon hei\u00dft es, das Pferd \u201esteht in den Hilfen\u201c. Dadurch wirkt der Reiter oder die Reiterin permanent, aber fein abgestimmt auf das Tier ein. Diese Technik verlangt viel Pr\u00e4zision, Koordination und Balance. Entscheidend dabei ist, dass die Anlehnung nicht durch Zug am Z\u00fcgel, sondern durch die gegenseitige Verbindung zwischen Pferd und Mensch entsteht. Es kann Jahre dauern, bis man sie beherrscht.<\/p>\n<h2>Gangarten beim englischen Reiten<\/h2>\n<p>Die Grundgangarten beim englischen Reiten sind Schritt, Trab und Galopp. Sie bilden die Basis jeder Ausbildung. Der Schritt ist eine viertaktige, ruhige Gangart, bei der jedes Bein nacheinander aufsetzt. Der Trab ist eine zweitaktige Gangart mit diagonaler Fu\u00dffolge und einer kurzen Schwebephase. Der Galopp ist eine dynamische Dreitaktgangart mit Schwebephase.<\/p>\n<p>In der fortgeschrittenen Dressur kommen Sonderformen hinzu, die auf diesen Grundgangarten aufbauen. Dazu geh\u00f6ren die Passage und die Piaffe. Bei der Passage hebt das Pferd seine Beine im Trab besonders hoch und bewegt sich mit schwebender Eleganz, fast wie in Zeitlupe \u2013 ein Zeichen h\u00f6chster Muskelkontrolle. Bei der Piaffe l\u00e4uft das Pferd im Trab nahezu auf der Stelle. Beide Lektionen erfordern jahrelange Ausbildung, pr\u00e4zise Hilfengebung und absolute Harmonie zwischen Tier und Mensch.<\/p>\n<h2>Die Ausbildungsskala beim englischen Reiten<\/h2>\n<p>Die englische Reitweise ist quasi der Standard im Reitsport und wird auch im Freizeitreiten \u00fcberwiegend gelehrt. Der Reitstil ist ma\u00dfgeblich gepr\u00e4gt durch die Ausbildungsskala. Sie gilt als Leitfaden und umfasst sechs Schritte:<\/p>\n<ol>\n<li>Takt: Das Reiten im Takt bildet die erste Stufe der Ausbildungsskala. Hier geht es darum, eine gleichm\u00e4\u00dfige Bewegung zu erzielen, indem L\u00e4nge und Zeit zwischen den Schritten, Tritten und Spr\u00fcngen immer gleich bleiben. Gleichm\u00e4\u00dfigkeit muss in allen Gangarten gegeben sein.<\/li>\n<li>Losgelassenheit: Das Pferd bleibt w\u00e4hrend des Reitens k\u00f6rperlich und geistig entspannt, l\u00e4uft locker und reagiert vertrauensvoll auf die Hilfen des Reiters oder der Reiterin. Innere Gelassenheit beim Pferd ist Voraussetzung daf\u00fcr, dass es bereitwillig mitarbeitet.<\/li>\n<li>Anlehnung: Als Anlehnung bezeichnet man den st\u00e4ndigen Kontakt zum Pferdemaul \u00fcber die Z\u00fcgel bei gleichzeitigem Einsatz von Schenkel- und Gewichtshilfen. Das Pferd reagiert schon auf feinste Impulse. Erst wenn Mensch und Tier diese Verbindung verstehen und aufrechterhalten k\u00f6nnen, ist das Ziel erreicht.<\/li>\n<li>Schwung: Der Schwung entsteht aus der Schubkraft der Hinterhand. Die Kraft wird \u00fcber den federnden R\u00fccken \u00fcbertragen und resultiert in einer Bewegung, die nach vorne und oben gerichtet ist. Dadurch wird in den Gangarten Trab und Galopp eine l\u00e4ngere Schwebephase erzielt.<\/li>\n<li>Geraderichten: Beim Geraderichten geht es darum, dass das Pferd die Hinterhufe in die Spuren der Vorderhufe bewegt, damit es seine K\u00f6rperkraft effizient und zugleich gelenkschonend einsetzen kann. Voraussetzung daf\u00fcr ist, dass sich das Pferd geschmeidig im Gleichgewicht bewegt.<\/li>\n<li>Versammlung: Die Versammlung markiert den h\u00f6chsten Punkt der Ausbildungsskala. Hier soll die Schubkraft in Tragkraft umgewandelt werden. Dazu tritt das Pferd unter seinen Schwerpunkt, wodurch es mehr Gewicht mit der Hinterhand aufnimmt. Die Vorderhand wird dadurch entlastet und hebt sich.<\/li>\n<\/ol>\n<p>Mit Ausnahme der Versammlung, die stets den letzten Schritt in der Ausbildung einnimmt, ist die Reihenfolge der Schritte 1 bis 5 nicht festgelegt. So kann es beispielsweise sinnvoll sein, \u00dcbungen f\u00fcr den Schwung und das Geraderichten schon fr\u00fch in das Training zu integrieren, damit das Pferd die n\u00f6tige Hinterhandaktivit\u00e4t und Tragkraft entwickelt. Genauso ist Losgelassenheit eine wichtige Voraussetzung f\u00fcr Taktklarheit. Es empfiehlt sich daher, die Abfolge der Ausbildungsschritte an die individuelle Konstitution von Pferd und Mensch anzupassen, um alle Elemente harmonisch aufzubauen. Die Versammlung hingegen kommt immer zum Schluss. Sie sollte erst angegangen werden, wenn Pferd und Mensch dazu bereit sind, also alle vorherigen Schritte sicher beherrschen.<\/p>\n<h2>Ausr\u00fcstung f\u00fcr das englische Reiten<\/h2>\n<p>Beim klassischen englischen Reiten verwendet man einen englischen Reitsattel. Dieser hat sich aus dem englischen Jagdsattel entwickelt und ist deutlich kleiner und leichter als der Westernsattel. Das hat zwei Gr\u00fcnde: Zum einen erm\u00f6glicht der englische Sattel mehr Beweglichkeit und Schnelligkeit, zum anderen sitzt der Reiter oder die Reiterin dichter am Pferd, was die Hilfengebung erleichtert. Je nach Disziplin finden unterschiedliche Satteltypen Anwendung, etwa Dressursattel mit besonders tiefem Satz oder Springsattel, die mit ihren kurzen Sattelbl\u00e4ttern speziell f\u00fcr das Springreiten konzipiert sind.<\/p>\n<p>\u00dcblicherweise werden beim englischen Reiten normale Trensen mit Nasenriemen und einfachem Gebiss verwendet. Profireiter und -reiterinnen nutzen mitunter auch Kandaren, die aufgrund ihrer Hebelwirkung jedoch ein hohes Verletzungsrisiko f\u00fcr das Pferd mit sich bringen und daher viel Erfahrung und Feingef\u00fchl in der Anwendung erfordern. Dar\u00fcber hinaus kommen beim englischen Reiten meist doppelte Z\u00fcgel zum Einsatz, da diese pr\u00e4zisere Hilfengebungen erm\u00f6glichen als geteilte Z\u00fcgel.<\/p>\n<p>Typisch f\u00fcr das englische Reiten ist elegante Kleidung. Bei Turnieren werden \u00fcblicherweise eine Reithose, ein enganliegendes Hemd, ein Turniersakko, ein Reithelm und Reitstiefel getragen. Vor Turnierantritt m\u00fcssen Kleidung und Ausr\u00fcstung sauber und intakt sein. Was die Farbe der Reitkleidung betrifft, gibt es keine Vorschriften. Trotzdem entscheiden sich die meisten f\u00fcr gedeckte T\u00f6ne wie Dunkelblau, Grau oder Schwarz.<\/p>\n<p>Wer als Pferdehalter oder -halterin in den Reitsport einsteigen m\u00f6chte, braucht nicht nur eine passende Ausr\u00fcstung, sondern ist auch mit einem Versicherungsschutz gut beraten. Eine Pferdehaftpflichtversicherung \u00fcbernimmt die Kosten, falls durch das Pferd Sch\u00e4den an Dritten entstehen. Erg\u00e4nzend empfiehlt sich eine Pferdekranken- oder Pferde-OP-Versicherung, um im Falle einer Verletzung oder Erkrankung des Tieres abgesichert zu sein.<\/p>\n\n<div class=\"banner\">\n    <a href=\"https:\/\/uelzener.de\/pferd?agt=0000104925&sem=true&utm_medium=magazin&utm_source=wordpress&utm_campaign=pferd&utm_content=banner\">\n        <img decoding=\"async\" width=\"300\" height=\"212\" src=\"https:\/\/uelzener.de\/magazin\/app\/uploads\/2025\/01\/Pferde-Versicherung.jpg\" class=\"attachment-medium size-medium\" alt=\"Banner Pferde-Versicherung\" \/>    <\/a>\n<\/div>\n\n<h2>Welche Pferde eignen sich f\u00fcr die englische Reitweise?<\/h2>\n<p>Grunds\u00e4tzlich k\u00f6nnen alle Pferde in der englischen Reitweise ausgebildet werden. Trotzdem gibt es Rassen, die sich aufgrund ihrer Physis besonders gut daf\u00fcr eignen. Dazu z\u00e4hlen insbesondere Warmbl\u00fcter wie Hannoveraner, Trakehner, Oldenburger und Holsteiner.<\/p>\n<p>Kennzeichnend f\u00fcr diese Pferde ist ihr muskul\u00f6ser, eleganter K\u00f6rperbau mit meist hoch angesetztem Schweif, der ihnen zus\u00e4tzliche Anmut verleiht. Sie haben kr\u00e4ftige und lange Gliedma\u00dfen, wodurch sie sich gut f\u00fcr raumgreifende Grundgangarten eignen. Au\u00dferdem haben die meisten Warmbl\u00fcter von Hause aus eine starke Hinterhand, was der englischen Reitweise sehr entgegenkommt. Nichtsdestoweniger k\u00f6nnen auch Kleinpferde und Ponys f\u00fcrs englische Reiten eingesetzt werden.<\/p>\n<h2>Fazit<\/h2>\n<p>Das englische Reiten steht wie kaum eine andere Reitweise f\u00fcr Eleganz und Pr\u00e4zision. Es verlangt ein hohes Ma\u00df an K\u00f6rpergef\u00fchl, Geduld und Disziplin und erfordert, dass sich Reiter und Reiterinnen konsequent mit sich selbst und ihrem Pferd auseinandersetzen. Ob in der Dressur, im Springreiten oder im Freizeitsport: Die Prinzipien der englischen Reitweise bilden die Basis f\u00fcr harmonisches Reiten auf h\u00f6chstem Niveau. Wer diesen Weg einschlagen m\u00f6chte, versteht, dass Leichtigkeit im Sattel nur durch eine respektvolle, partnerschaftliche Beziehung zum Pferd entstehen kann.<\/p>\n<h2>FAQ: H\u00e4ufig gestellte Fragen zum Thema englisches Reiten<\/h2>\n<h3>Wie lange dauert es, englisches Reiten richtig zu lernen?<\/h3>\n<p>Die Grundlagen erlernt man meist in einigen Monaten. Bis man in der Lage ist, feine Hilfen zu geben und die Gangarten sicher beherrscht, braucht es jedoch viel \u00dcbung. Die Ausbildung dauert daher oft mehrere Jahre.<\/p>\n<h3>Ist die englische Reitweise auch f\u00fcrs Freizeitreiten geeignet?<\/h3>\n<p>Ja, im Freizeitreiten wird die englische Reitweise h\u00e4ufig gelehrt und genutzt, weil sie vielseitig ist und eine Grundlage f\u00fcr ein sicheres und harmonisches Reiten bildet.<\/p>\n<h3>Warum gilt die englische Reitweise als Grundlage vieler Disziplinen?<\/h3>\n<p>Weil sie auf sensibler Kommunikation, Balance, Taktgef\u00fchl und korrekter Haltung basiert \u2013 Prinzipien, die in nahezu allen Reitsportarten von Bedeutung sind.<\/p>\n<h3>Ist das englische Reiten f\u00fcr Pferde anstrengend?<\/h3>\n<p>Wie jede Reitweise erfordert auch das englische Reiten Ausdauer und Kraft auf Seiten des Pferdes. Entscheidend ist, die Bewegungen korrekt auszuf\u00fchren und das Tier nicht zu \u00fcberfordern.<\/p>\n","protected":false},"excerpt":{"rendered":"<p>Ob Westernreiten, klassische Reitkunst oder Barockreiten: Jede Reitweise ist von einer eigenen Geschichte, Tradition und Philosophie gepr\u00e4gt und hat eine spezifische Vorstellung vom perfekten Zusammenspiel zwischen Mensch und Pferd. Keine ist per se besser oder schlechter. Vielmehr spiegeln die Reitstile unterschiedliche Auffassungen und Ans\u00e4tze in der Ausbildung wider. Das englische Reiten geh\u00f6rt zu den bekanntesten [&hellip;]<\/p>\n","protected":false},"author":11,"featured_media":19581,"parent":11689,"menu_order":15,"comment_status":"closed","ping_status":"closed","template":"templates\/blog.php","meta":{"_acf_changed":false,"_crdt_document":"","footnotes":"","beyondwords_generate_audio":"","beyondwords_project_id":"","beyondwords_content_id":"","beyondwords_preview_token":"","beyondwords_player_style":"","beyondwords_language_id":"","beyondwords_title_voice_id":"","beyondwords_body_voice_id":"","beyondwords_summary_voice_id":"","beyondwords_error_message":"","beyondwords_disabled":"","beyondwords_delete_content":"","beyondwords_podcast_id":"","beyondwords_hash":"","publish_post_to_speechkit":"","speechkit_hash":"","speechkit_generate_audio":"","speechkit_project_id":"","speechkit_podcast_id":"","speechkit_error_message":"","speechkit_disabled":"","speechkit_access_key":"","speechkit_error":"","speechkit_info":"","speechkit_response":"","speechkit_retries":"","speechkit_status":"","speechkit_updated_at":"","_speechkit_link":"","_speechkit_text":""},"class_list":["post-19578","page","type-page","status-publish","has-post-thumbnail","hentry"],"acf":[],"yoast_head":"<!-- This site is optimized with the Yoast SEO Premium plugin  - https:\/\/yoast.com\/product\/yoast-seo-premium-wordpress\/ -->\n<title>Englisch Reiten verstehen: Grundlagen, Ausbildung und Ausr\u00fcstung | Uelzener Magazin<\/title>\n<meta name=\"description\" content=\"Englisch Reiten ist ein facettenreicher Stil im Pferdesport. Erfahre, was ihn auszeichnet und wie die Ausbildung aussieht.\" \/>\n<meta name=\"robots\" content=\"index, follow, max-snippet:-1, max-image-preview:large, max-video-preview:-1\" \/>\n<link rel=\"canonical\" href=\"https:\/\/uelzener.de\/magazin\/pferd\/erziehung-und-training\/englisch-reiten\/\" \/>\n<meta property=\"og:locale\" content=\"de_DE\" \/>\n<meta property=\"og:type\" content=\"article\" \/>\n<meta property=\"og:title\" content=\"Englisch Reiten verstehen: Grundlagen, Ausbildung und Ausr\u00fcstung\" \/>\n<meta property=\"og:description\" content=\"Englisch Reiten ist ein facettenreicher Stil im Pferdesport. Erfahre, was ihn auszeichnet und wie die Ausbildung aussieht.\" \/>\n<meta property=\"og:url\" content=\"https:\/\/uelzener.de\/magazin\/pferd\/erziehung-und-training\/englisch-reiten\/\" \/>\n<meta property=\"og:site_name\" content=\"Uelzener Tier-Magazin\" \/>\n<meta property=\"article:publisher\" content=\"https:\/\/www.facebook.com\/Uelzener\" \/>\n<meta property=\"article:modified_time\" content=\"2025-12-02T15:19:00+00:00\" \/>\n<meta property=\"og:image\" content=\"https:\/\/uelzener.de\/magazin\/app\/uploads\/2025\/12\/Magazin_Header-1025x450-px-1025x450-px-4.jpg\" \/>\n\t<meta property=\"og:image:width\" content=\"1025\" \/>\n\t<meta property=\"og:image:height\" content=\"450\" \/>\n\t<meta property=\"og:image:type\" content=\"image\/jpeg\" \/>\n<meta name=\"twitter:card\" content=\"summary_large_image\" \/>\n<meta name=\"twitter:label1\" content=\"Gesch\u00e4tzte Lesezeit\" \/>\n\t<meta name=\"twitter:data1\" content=\"9\u00a0Minuten\" \/>\n<script type=\"application\/ld+json\" class=\"yoast-schema-graph\">{\"@context\":\"https:\/\/schema.org\",\"@graph\":[{\"@type\":\"WebPage\",\"@id\":\"https:\/\/uelzener.de\/magazin\/pferd\/erziehung-und-training\/englisch-reiten\/\",\"url\":\"https:\/\/uelzener.de\/magazin\/pferd\/erziehung-und-training\/englisch-reiten\/\",\"name\":\"Englisch Reiten verstehen: Grundlagen, Ausbildung und Ausr\u00fcstung | Uelzener Magazin\",\"isPartOf\":{\"@id\":\"https:\/\/uelzener.de\/magazin\/#website\"},\"primaryImageOfPage\":{\"@id\":\"https:\/\/uelzener.de\/magazin\/pferd\/erziehung-und-training\/englisch-reiten\/#primaryimage\"},\"image\":{\"@id\":\"https:\/\/uelzener.de\/magazin\/pferd\/erziehung-und-training\/englisch-reiten\/#primaryimage\"},\"thumbnailUrl\":\"https:\/\/uelzener.de\/magazin\/app\/uploads\/2025\/12\/Magazin_Header-1025x450-px-1025x450-px-4.jpg\",\"datePublished\":\"2025-11-25T15:04:59+00:00\",\"dateModified\":\"2025-12-02T15:19:00+00:00\",\"description\":\"Englisch Reiten ist ein facettenreicher Stil im Pferdesport. Erfahre, was ihn auszeichnet und wie die Ausbildung aussieht.\",\"breadcrumb\":{\"@id\":\"https:\/\/uelzener.de\/magazin\/pferd\/erziehung-und-training\/englisch-reiten\/#breadcrumb\"},\"inLanguage\":\"de\",\"potentialAction\":[{\"@type\":\"ReadAction\",\"target\":[\"https:\/\/uelzener.de\/magazin\/pferd\/erziehung-und-training\/englisch-reiten\/\"]}]},{\"@type\":\"ImageObject\",\"inLanguage\":\"de\",\"@id\":\"https:\/\/uelzener.de\/magazin\/pferd\/erziehung-und-training\/englisch-reiten\/#primaryimage\",\"url\":\"https:\/\/uelzener.de\/magazin\/app\/uploads\/2025\/12\/Magazin_Header-1025x450-px-1025x450-px-4.jpg\",\"contentUrl\":\"https:\/\/uelzener.de\/magazin\/app\/uploads\/2025\/12\/Magazin_Header-1025x450-px-1025x450-px-4.jpg\",\"width\":1025,\"height\":450,\"caption\":\"Englisch Reiten: Frau auf Schimmel.\"},{\"@type\":\"WebSite\",\"@id\":\"https:\/\/uelzener.de\/magazin\/#website\",\"url\":\"https:\/\/uelzener.de\/magazin\/\",\"name\":\"Uelzener Tiermagazin\",\"description\":\"Online Tierratgeber der Uelzener Versicherungen\",\"publisher\":{\"@id\":\"https:\/\/uelzener.de\/magazin\/#organization\"},\"potentialAction\":[{\"@type\":\"SearchAction\",\"target\":{\"@type\":\"EntryPoint\",\"urlTemplate\":\"https:\/\/uelzener.de\/magazin\/?s={search_term_string}\"},\"query-input\":{\"@type\":\"PropertyValueSpecification\",\"valueRequired\":true,\"valueName\":\"search_term_string\"}}],\"inLanguage\":\"de\"},{\"@type\":\"Organization\",\"@id\":\"https:\/\/uelzener.de\/magazin\/#organization\",\"name\":\"Uelzener Versicherungen\",\"url\":\"https:\/\/uelzener.de\/magazin\/\",\"logo\":{\"@type\":\"ImageObject\",\"inLanguage\":\"de\",\"@id\":\"https:\/\/uelzener.de\/magazin\/#\/schema\/logo\/image\/\",\"url\":\"https:\/\/uelzener.de\/magazin\/app\/uploads\/2024\/11\/uelzener_allgemeine_versicherungsgesellschaft_a_g_logo.jpg\",\"contentUrl\":\"https:\/\/uelzener.de\/magazin\/app\/uploads\/2024\/11\/uelzener_allgemeine_versicherungsgesellschaft_a_g_logo.jpg\",\"width\":200,\"height\":200,\"caption\":\"Uelzener Versicherungen\"},\"image\":{\"@id\":\"https:\/\/uelzener.de\/magazin\/#\/schema\/logo\/image\/\"},\"sameAs\":[\"https:\/\/www.facebook.com\/Uelzener\",\"https:\/\/instagram.com\/uelzener\",\"https:\/\/www.xing.com\/pages\/uelzenerallgemeineversicherungs-gesellschafta-g\",\"https:\/\/www.youtube.com\/UelzenerVersicherungen\"]}]}<\/script>\n<!-- \/ Yoast SEO Premium plugin. -->","yoast_head_json":{"title":"Englisch Reiten verstehen: Grundlagen, Ausbildung und Ausr\u00fcstung | Uelzener Magazin","description":"Englisch Reiten ist ein facettenreicher Stil im Pferdesport. Erfahre, was ihn auszeichnet und wie die Ausbildung aussieht.","robots":{"index":"index","follow":"follow","max-snippet":"max-snippet:-1","max-image-preview":"max-image-preview:large","max-video-preview":"max-video-preview:-1"},"canonical":"https:\/\/uelzener.de\/magazin\/pferd\/erziehung-und-training\/englisch-reiten\/","og_locale":"de_DE","og_type":"article","og_title":"Englisch Reiten verstehen: Grundlagen, Ausbildung und Ausr\u00fcstung","og_description":"Englisch Reiten ist ein facettenreicher Stil im Pferdesport. Erfahre, was ihn auszeichnet und wie die Ausbildung aussieht.","og_url":"https:\/\/uelzener.de\/magazin\/pferd\/erziehung-und-training\/englisch-reiten\/","og_site_name":"Uelzener Tier-Magazin","article_publisher":"https:\/\/www.facebook.com\/Uelzener","article_modified_time":"2025-12-02T15:19:00+00:00","og_image":[{"width":1025,"height":450,"url":"https:\/\/uelzener.de\/magazin\/app\/uploads\/2025\/12\/Magazin_Header-1025x450-px-1025x450-px-4.jpg","type":"image\/jpeg"}],"twitter_card":"summary_large_image","twitter_misc":{"Gesch\u00e4tzte Lesezeit":"9\u00a0Minuten"},"schema":{"@context":"https:\/\/schema.org","@graph":[{"@type":"WebPage","@id":"https:\/\/uelzener.de\/magazin\/pferd\/erziehung-und-training\/englisch-reiten\/","url":"https:\/\/uelzener.de\/magazin\/pferd\/erziehung-und-training\/englisch-reiten\/","name":"Englisch Reiten verstehen: Grundlagen, Ausbildung und Ausr\u00fcstung | Uelzener Magazin","isPartOf":{"@id":"https:\/\/uelzener.de\/magazin\/#website"},"primaryImageOfPage":{"@id":"https:\/\/uelzener.de\/magazin\/pferd\/erziehung-und-training\/englisch-reiten\/#primaryimage"},"image":{"@id":"https:\/\/uelzener.de\/magazin\/pferd\/erziehung-und-training\/englisch-reiten\/#primaryimage"},"thumbnailUrl":"https:\/\/uelzener.de\/magazin\/app\/uploads\/2025\/12\/Magazin_Header-1025x450-px-1025x450-px-4.jpg","datePublished":"2025-11-25T15:04:59+00:00","dateModified":"2025-12-02T15:19:00+00:00","description":"Englisch Reiten ist ein facettenreicher Stil im Pferdesport. Erfahre, was ihn auszeichnet und wie die Ausbildung aussieht.","breadcrumb":{"@id":"https:\/\/uelzener.de\/magazin\/pferd\/erziehung-und-training\/englisch-reiten\/#breadcrumb"},"inLanguage":"de","potentialAction":[{"@type":"ReadAction","target":["https:\/\/uelzener.de\/magazin\/pferd\/erziehung-und-training\/englisch-reiten\/"]}]},{"@type":"ImageObject","inLanguage":"de","@id":"https:\/\/uelzener.de\/magazin\/pferd\/erziehung-und-training\/englisch-reiten\/#primaryimage","url":"https:\/\/uelzener.de\/magazin\/app\/uploads\/2025\/12\/Magazin_Header-1025x450-px-1025x450-px-4.jpg","contentUrl":"https:\/\/uelzener.de\/magazin\/app\/uploads\/2025\/12\/Magazin_Header-1025x450-px-1025x450-px-4.jpg","width":1025,"height":450,"caption":"Englisch Reiten: Frau auf Schimmel."},{"@type":"WebSite","@id":"https:\/\/uelzener.de\/magazin\/#website","url":"https:\/\/uelzener.de\/magazin\/","name":"Uelzener Tiermagazin","description":"Online Tierratgeber der Uelzener Versicherungen","publisher":{"@id":"https:\/\/uelzener.de\/magazin\/#organization"},"potentialAction":[{"@type":"SearchAction","target":{"@type":"EntryPoint","urlTemplate":"https:\/\/uelzener.de\/magazin\/?s={search_term_string}"},"query-input":{"@type":"PropertyValueSpecification","valueRequired":true,"valueName":"search_term_string"}}],"inLanguage":"de"},{"@type":"Organization","@id":"https:\/\/uelzener.de\/magazin\/#organization","name":"Uelzener Versicherungen","url":"https:\/\/uelzener.de\/magazin\/","logo":{"@type":"ImageObject","inLanguage":"de","@id":"https:\/\/uelzener.de\/magazin\/#\/schema\/logo\/image\/","url":"https:\/\/uelzener.de\/magazin\/app\/uploads\/2024\/11\/uelzener_allgemeine_versicherungsgesellschaft_a_g_logo.jpg","contentUrl":"https:\/\/uelzener.de\/magazin\/app\/uploads\/2024\/11\/uelzener_allgemeine_versicherungsgesellschaft_a_g_logo.jpg","width":200,"height":200,"caption":"Uelzener Versicherungen"},"image":{"@id":"https:\/\/uelzener.de\/magazin\/#\/schema\/logo\/image\/"},"sameAs":["https:\/\/www.facebook.com\/Uelzener","https:\/\/instagram.com\/uelzener","https:\/\/www.xing.com\/pages\/uelzenerallgemeineversicherungs-gesellschafta-g","https:\/\/www.youtube.com\/UelzenerVersicherungen"]}]}},"_links":{"self":[{"href":"https:\/\/uelzener.de\/magazin\/wp-json\/wp\/v2\/pages\/19578","targetHints":{"allow":["GET"]}}],"collection":[{"href":"https:\/\/uelzener.de\/magazin\/wp-json\/wp\/v2\/pages"}],"about":[{"href":"https:\/\/uelzener.de\/magazin\/wp-json\/wp\/v2\/types\/page"}],"author":[{"embeddable":true,"href":"https:\/\/uelzener.de\/magazin\/wp-json\/wp\/v2\/users\/11"}],"replies":[{"embeddable":true,"href":"https:\/\/uelzener.de\/magazin\/wp-json\/wp\/v2\/comments?post=19578"}],"version-history":[{"count":2,"href":"https:\/\/uelzener.de\/magazin\/wp-json\/wp\/v2\/pages\/19578\/revisions"}],"predecessor-version":[{"id":19580,"href":"https:\/\/uelzener.de\/magazin\/wp-json\/wp\/v2\/pages\/19578\/revisions\/19580"}],"up":[{"embeddable":true,"href":"https:\/\/uelzener.de\/magazin\/wp-json\/wp\/v2\/pages\/11689"}],"wp:featuredmedia":[{"embeddable":true,"href":"https:\/\/uelzener.de\/magazin\/wp-json\/wp\/v2\/media\/19581"}],"wp:attachment":[{"href":"https:\/\/uelzener.de\/magazin\/wp-json\/wp\/v2\/media?parent=19578"}],"curies":[{"name":"wp","href":"https:\/\/api.w.org\/{rel}","templated":true}]}}