{"id":19574,"date":"2025-11-14T10:09:42","date_gmt":"2025-11-14T09:09:42","guid":{"rendered":"https:\/\/uelzener.de\/magazin\/?page_id=19574"},"modified":"2025-12-02T10:17:24","modified_gmt":"2025-12-02T09:17:24","slug":"warum-katze-nicht-bei-erster-rolligkeit-decken-lassen","status":"publish","type":"page","link":"https:\/\/uelzener.de\/magazin\/katze\/tiergesundheit\/warum-katze-nicht-bei-erster-rolligkeit-decken-lassen\/","title":{"rendered":"Warum Katze nicht bei erster Rolligkeit decken lassen?"},"content":{"rendered":"<p>Wenn eine weibliche Katze zum ersten Mal rollig wird, markiert das ihren Eintritt in die Geschlechtsreife. Das Tier ist von nun an fortpflanzungsf\u00e4hig und kann durch Paarung mit einem Kater Nachkommen zeugen. Wer seine Katze f\u00fcr die Zucht verwenden m\u00f6chte, sieht diesem Moment m\u00f6glicherweise mit Spannung entgegen. Allerdings ist es keine gute Idee, das Tier schon bei der ersten Rolligkeit decken zu lassen. Warum das so ist und wann der erste Wurf geplant werden sollte, erkl\u00e4ren wir in diesem Artikel.<\/p>\n<h2>Zur ersten Rolligkeit bei Katzen<\/h2>\n<p>Weibliche Katzen erreichen ihre Geschlechtsreife etwa im Alter von 4 bis 12 Monaten. Wann genau die erste Rolligkeit eintritt, h\u00e4ngt unter anderem von der Rasse bzw. Physis der Katze ab. Kleine und zierliche Katzenrassen werden \u00fcblicherweise fr\u00fcher geschlechtsreif als gro\u00dfe und schwere. Aber auch hormonelle Faktoren und der individuelle Gesundheitszustand haben einen Einfluss.<\/p>\n<p>Die Rolligkeit ist von typischen Verhaltensweisen begleitet. Zu Beginn zeigen sich die Katzen sehr anh\u00e4nglich und verschmust. Sp\u00e4ter kommt das namensgebende Rollen hinzu, bei dem die Tiere mit dem R\u00fccken \u00fcber den Boden robben. Es kommt auch vor, dass rollige Katzen Kopf und Flanken an Gegenst\u00e4nden reiben oder \u00e4hnlich wie Kater markieren. Zudem strecken manche das Hinterteil in die H\u00f6he und legen dabei den Schwanz zur Seite, um ihre Paarungsbereitschaft zu signalisieren.<\/p>\n<p>Grunds\u00e4tzlich bedeutet die Zeit der Rolligkeit f\u00fcr Katzen enormen Stress. Bei manchen zeigt sich das sehr deutlich: Sie maunzen oder schreien viel, laufen rastlos umher und versuchen, nach drau\u00dfen zu gelangen. Andere leiden im Stillen, was das Risiko mit sich bringt, dass man die Qualen, die die Tiere durchleben, nicht erkennt oder zumindest stark untersch\u00e4tzt. Sobald eine Katze geschlechtsreif geworden ist, kann sie mehrmals im Jahr rollig werden. Der Zyklus f\u00fchrt sich bis ins hohe Alter fort, da es bei Katzen keine Menopause wie beim Menschen gibt. Bleibt eine rollige Katze ungedeckt, kann das bedeuten, dass sie schon kurze Zeit sp\u00e4ter wieder rollig wird. Das f\u00fchrt schlimmstenfalls zu einer Dauerrolligkeit, die f\u00fcr das Tier eine enorme Belastung darstellt und schwere gesundheitliche Probleme und Verhaltensst\u00f6rungen zur Folge haben kann.<\/p>\n<p>Wer keine Zuchtabsichten verfolgt, sollte seine Katze daher fr\u00fchzeitig kastrieren lassen, um ihr Stress und Leid zu ersparen und zu verhindern, dass es im Freigang zu einer unkontrollierten Vermehrung kommt. Gut zu wissen: Die Katzen-OP- und die Katzenkrankenversicherung der Uelzener beteiligen sich an den Kastrationskosten und bietet somit finanzielle Unterst\u00fctzung.<\/p>\n\n<div class=\"banner\">\n    <a href=\"https:\/\/uelzener.de\/katze?agt=0000104925&sem=true&utm_medium=magazin&utm_source=wordpress&utm_campaign=katze&utm_content=banner\">\n        <img decoding=\"async\" width=\"300\" height=\"212\" src=\"https:\/\/uelzener.de\/magazin\/app\/uploads\/2025\/01\/Katzenversicherung.jpg\" class=\"attachment-medium size-medium\" alt=\"Banner Katzenversicherung\" \/>    <\/a>\n<\/div>\n\n<h2>Decken bei der ersten Rolligkeit: Gr\u00fcnde, die dagegensprechen<\/h2>\n<p>Wer seine Katze f\u00fcr die Zucht verwenden m\u00f6chte, steht fr\u00fcher oder sp\u00e4ter vor der Frage, wann der richtige Zeitpunkt f\u00fcr die Deckung gekommen ist \u2013 und ob die erste Rolligkeit daf\u00fcr geeignet w\u00e4re. Fachleute der Veterin\u00e4rmedizin und Zuchtverb\u00e4nde raten jedoch davon ab, denn das Erlangen der Geschlechtsreife bedeutet nicht automatisch, dass der K\u00f6rper der Katze vollst\u00e4ndig ausgereift ist. Skelett, Muskulatur und Organe sind oft noch in der Entwicklung begriffen. Eine zu fr\u00fche Tr\u00e4chtigkeit ist f\u00fcr den Organismus der Katze eine enorme Belastung und kann nicht nur zu gesundheitlichen Problemen beim Muttertier, sondern auch beim Nachwuchs f\u00fchren. So besteht beispielsweise die Gefahr, dass die Babys im Mutterleib nicht ausreichend mit N\u00e4hrstoffen versorgt werden und geschw\u00e4cht, unterentwickelt oder sogar tot auf die Welt kommen. Auch Fr\u00fchgeburten kann es geben.<\/p>\n<p>Selbst wenn die Mutter gesunde Kitten auf die Welt bringt, besteht die Gefahr, dass sie im Anschluss nicht genug Milch produziert oder k\u00f6rperlich so stark entkr\u00e4ftet ist, dass sie sich nicht ausreichend um ihre Jungen k\u00fcmmern kann. Kurzum: Eine Deckung bei der ersten Rolligkeit ist f\u00fcr Mutter wie Nachwuchs mit erheblichen Risiken verkn\u00fcpft.<\/p>\n<p>In der Veterin\u00e4rmedizin empfiehlt man deshalb, eine Katze fr\u00fchestens nach dem ersten Geburtstag bzw. nach vollst\u00e4ndiger k\u00f6rperlicher Entwicklung decken zu lassen. Eine Orientierung gibt der Leitfaden f\u00fcr verantwortungsvolle Katzenzucht, den das Bundesministerium f\u00fcr Landwirtschaft, Ern\u00e4hrung und Heimat (BMLEH) im Jahr 2021 auf seiner Webseite ver\u00f6ffentlicht hat. Er enth\u00e4lt Grunds\u00e4tze f\u00fcr die Auswahl, Haltung, Paarung und Pflege von Zuchttieren sowie zur Aufzucht des Nachwuchses. Dort steht: \u201eZuchtk\u00e4tzin und Deckkater d\u00fcrfen erst dann zur Zucht verwendet werden, wenn sie ausgewachsen sind (sexuelle und skelettale Reife erreicht haben). Dieses Alter ist rassespezifisch: Einige gr\u00f6\u00dfere Rassen sind viel sp\u00e4ter ausgewachsen als andere. Idealerweise sollte die Zucht mindestens bis zum 18. Lebensmonat hinausgez\u00f6gert werden und nicht vor dem 12. Lebensmonat stattfinden.\u201c [BMEL, Leitlinien Katzenzucht: S.12, Zugriff am 08.10.2025]<\/p>\n<h2>Die erste Deckung \u2013 Was ist zu beachten?<\/h2>\n<p>Hat die Katze das richtige Alter f\u00fcr eine Verpaarung erreicht, muss sichergestellt sein, dass sie und der Deckkater alle erforderlichen gesundheitlichen Voraussetzungen f\u00fcr eine Deckung erf\u00fcllen.<\/p>\n<p>Im Rahmen einer Zucht beinhaltet das folgende Ma\u00dfnahmen:<\/p>\n<ul>\n<li>Gr\u00fcndliche tier\u00e4rztliche Untersuchung vor der Deckung<\/li>\n<li>Behandlung gegen Endo- und Ektoparasiten<\/li>\n<li>Aktuelle und vollst\u00e4ndige Impfungen, vor allem gegen das Feline Panleukopenie-Virus (FPV), das Feline Herpesvirus (FHV) und das Feline Calicivirus (FCV)<\/li>\n<li>Genetische Tests (z. B. auf Erbkrankheiten)<\/li>\n<li>Blutuntersuchungen auf Katzenleuk\u00e4mie (FelV) und Katzen-Aids (FIV)<\/li>\n<\/ul>\n<p>Generell sollte ein Wurf immer in enger Absprache mit dem Tierarzt oder der Tier\u00e4rztin geplant werden. Eine fachliche Beurteilung und Begleitung sind wichtig, um Komplikationen zu vermeiden und Mutter und Kitten keinem gesundheitlichen Risiko auszusetzen. Des Weiteren sollte man sich bewusst sein, dass ein Wurf allerhand Kapazit\u00e4ten erfordert.<\/p>\n<p>Regelm\u00e4\u00dfige Gesundheitschecks, Unterkunft, Futter, Aufzucht und Sozialisierung der Kitten \u2013 all das beansprucht Zeit und Geld. Eine seri\u00f6se Zucht bedeutet, Verantwortung zu \u00fcbernehmen und daf\u00fcr Sorge zu tragen, dass es den Tieren zu jedem Zeitpunkt gut geht.<\/p>\n<h2>Fazit<\/h2>\n<p>Eine weibliche Katze bei ihrer ersten Rolligkeit decken zu lassen, birgt erhebliche gesundheitliche Risiken f\u00fcr das Tier selbst und f\u00fcr den Nachwuchs. Erst wenn die Katze vollst\u00e4ndig ausgewachsen ist, ein normales Gewicht erreicht hat und keine gesundheitlichen Gr\u00fcnde dagegensprechen, kann ein Wurf verantwortungsvoll geplant werden. Fachleute empfehlen dahingehend, weibliche Katzen fr\u00fchestens nach dem ersten Geburtstag decken zu lassen. Ein Tierarzt oder eine Tier\u00e4rztin sollte den Prozess eng begleiten, um Risiken besser absch\u00e4tzen und Komplikationen vorbeugen zu k\u00f6nnen. Mit einer guten Vorbereitung und viel F\u00fcrsorge schafft man die besten Voraussetzungen f\u00fcr eine erfolgreiche Tr\u00e4chtigkeit.<\/p>\n\n<div class=\"related_articles boxed\">\n    <h2>Mehr zum Thema<\/h2>\n    \n    <div class=\"wrapper\"><div class=\"title align-center\"><h3><a href=\"https:\/\/uelzener.de\/magazin\/katze\/haltung\/katze-traechtig-alles-infos-zur-schwangerschaft\/\">Katze tr\u00e4chtig: Alles Infos zur Schwangerschaft<\/a><\/h3><\/div><div class=\"img align-center\"><img decoding=\"async\" width=\"315\" height=\"180\" src=\"https:\/\/uelzener.de\/magazin\/app\/uploads\/2023\/07\/katze-traechtig-315x180.jpg\" class=\"attachment-315x180 size-315x180 wp-post-image\" alt=\"Schwangere Katze liegt seitlich auf einem Sofa.\" \/><\/div><\/div><div class=\"wrapper\"><div class=\"title align-center\"><h3><a href=\"https:\/\/uelzener.de\/magazin\/katze\/haltung\/katzenbabys-aufziehen\/\">Katzenbabys aufziehen: Alles zum Nachwuchs in der Katzenstube<\/a><\/h3><\/div><div class=\"img align-center\"><img decoding=\"async\" width=\"315\" height=\"180\" src=\"https:\/\/uelzener.de\/magazin\/app\/uploads\/2015\/05\/2bf75e35-087c-44bb-99d2-9b4f9c3835b2-315x180.jpg\" class=\"attachment-315x180 size-315x180 wp-post-image\" alt=\"Ein Korb voller Katzenbabys steht auf einer gr\u00fcnen Wiese.\" srcset=\"https:\/\/uelzener.de\/magazin\/app\/uploads\/2015\/05\/2bf75e35-087c-44bb-99d2-9b4f9c3835b2-315x180.jpg 315w, https:\/\/uelzener.de\/magazin\/app\/uploads\/2015\/05\/2bf75e35-087c-44bb-99d2-9b4f9c3835b2-650x369.jpg 650w\" sizes=\"(max-width: 315px) 100vw, 315px\" \/><\/div><\/div><div class=\"wrapper\"><div class=\"title align-center\"><h3><a href=\"https:\/\/uelzener.de\/magazin\/katze\/erziehung-und-training\/katzenlaute-miauen-fauchen-knurren\/\">Die Katzenlaute und ihre Bedeutung: Miauen, Schnurren, Fauchen und Co.<\/a><\/h3><\/div><div class=\"img align-center\"><img decoding=\"async\" width=\"315\" height=\"180\" src=\"https:\/\/uelzener.de\/magazin\/app\/uploads\/2023\/03\/katzenlaute-miauen-fauchen-schnurren-315x180.jpg\" class=\"attachment-315x180 size-315x180 wp-post-image\" alt=\"Kitten miaut auf gr\u00fcner Wiese. Mit Katzenlauten kommunizieren Katzen mit Mensch und Tier.\" \/><\/div><\/div><\/div>\n\n<h2>FAQ: H\u00e4ufig gestellte Fragen zum Thema Rolligkeit und Deckung von Katzen<\/h2>\n<h3>Welche Rolle spielt die Psyche der Katze bei der ersten Tr\u00e4chtigkeit?<\/h3>\n<p>Nicht nur der K\u00f6rper, auch die Psyche muss reif genug f\u00fcr eine Tr\u00e4chtigkeit sein. Eine unsichere, nerv\u00f6se oder \u00e4ngstliche Katze kann mit der Geburt und der Aufzucht der Kitten \u00fcberfordert sein. Manche verweigern infolgedessen das S\u00e4ugen oder vernachl\u00e4ssigen ihre Jungen. Ein ausgeglichenes und stabiles Wesen ist daher sehr wichtig.<\/p>\n<h3>Wie oft im Jahr k\u00f6nnen Katzen rollig werden?<\/h3>\n<p>Katzen haben einen saisonal poly\u00f6strischen Zyklus, das hei\u00dft: Sie k\u00f6nnen mehrere Rolligkeiten pro Jahr durchlaufen. Das geschieht meist in einem Abstand von zwei bis drei Wochen, wenn sie nicht gedeckt werden. Anders als beim Menschen gibt es keine Menopause. Dadurch k\u00f6nnen Katzen bis ins hohe Alter rollig werden.<\/p>\n<h3>Sollte eine Katze kastriert werden, wenn keine Zucht geplant ist?<\/h3>\n<p>Ja. Eine Kastration verhindert nicht nur ungewollte Vermehrung, sondern erspart der Katze auch unn\u00f6tigen psychischen und k\u00f6rperlichen Stress, der mit einer Rolligkeit einhergeht.<\/p>\n<h3>Gibt es Vorteile, eine Katze einmal werfen zu lassen, auch wenn man keine Zucht betreiben m\u00f6chte?<\/h3>\n<p>Die Ansicht, eine Katze m\u00fcsse mindestens einmal im Leben geworfen haben, h\u00e4lt sich mitunter hartn\u00e4ckig. Es gibt jedoch keine medizinischen Belege, dass das f\u00fcr Katzen in irgendeiner Weise vorteilhaft w\u00e4re. Bestehen keine Zuchtabsichten, empfiehlt sich in jedem Fall eine Kastration \u2013 der Gesundheit und dem Wohlergehen des Tieres zuliebe.<\/p>\n<h3>Wie viele W\u00fcrfe pro Jahr sind f\u00fcr eine Katze vertretbar?<\/h3>\n<p>Seri\u00f6se Z\u00fcchter und Z\u00fcchterinnen lassen ihre Katzen h\u00f6chstens einmal pro Jahr werfen \u2013 oft nur alle zwei Jahre. Mehrere W\u00fcrfe pro Jahr w\u00fcrden das Muttertier enorm schw\u00e4chen und \u00fcberfordern. In Zuchtverb\u00e4nden ist die Zahl der W\u00fcrfe meist streng reglementiert.<\/p>\n","protected":false},"excerpt":{"rendered":"<p>Wenn eine weibliche Katze zum ersten Mal rollig wird, markiert das ihren Eintritt in die Geschlechtsreife. Das Tier ist von nun an fortpflanzungsf\u00e4hig und kann durch Paarung mit einem Kater Nachkommen zeugen. Wer seine Katze f\u00fcr die Zucht verwenden m\u00f6chte, sieht diesem Moment m\u00f6glicherweise mit Spannung entgegen. Allerdings ist es keine gute Idee, das Tier [&hellip;]<\/p>\n","protected":false},"author":11,"featured_media":19576,"parent":11712,"menu_order":22,"comment_status":"closed","ping_status":"closed","template":"templates\/blog.php","meta":{"_acf_changed":false,"_crdt_document":"","footnotes":"","beyondwords_generate_audio":"","beyondwords_project_id":"","beyondwords_content_id":"","beyondwords_preview_token":"","beyondwords_player_style":"","beyondwords_language_id":"","beyondwords_title_voice_id":"","beyondwords_body_voice_id":"","beyondwords_summary_voice_id":"","beyondwords_error_message":"","beyondwords_disabled":"","beyondwords_delete_content":"","beyondwords_podcast_id":"","beyondwords_hash":"","publish_post_to_speechkit":"","speechkit_hash":"","speechkit_generate_audio":"","speechkit_project_id":"","speechkit_podcast_id":"","speechkit_error_message":"","speechkit_disabled":"","speechkit_access_key":"","speechkit_error":"","speechkit_info":"","speechkit_response":"","speechkit_retries":"","speechkit_status":"","speechkit_updated_at":"","_speechkit_link":"","_speechkit_text":""},"class_list":["post-19574","page","type-page","status-publish","has-post-thumbnail","hentry"],"acf":[],"yoast_head":"<!-- This site is optimized with the Yoast SEO Premium plugin  - https:\/\/yoast.com\/product\/yoast-seo-premium-wordpress\/ -->\n<title>Warum Katze nicht bei erster Rolligkeit decken lassen? | Uelzener Magazin<\/title>\n<meta name=\"description\" content=\"Wann wird deine Katze rollig? Alles \u00fcber die Rolligkeit bei Katzen und ihre Fortpflanzung findest du in unserem neuesten Artikel.\" \/>\n<meta name=\"robots\" content=\"index, follow, max-snippet:-1, max-image-preview:large, max-video-preview:-1\" \/>\n<link rel=\"canonical\" href=\"https:\/\/uelzener.de\/magazin\/katze\/tiergesundheit\/warum-katze-nicht-bei-erster-rolligkeit-decken-lassen\/\" \/>\n<meta property=\"og:locale\" content=\"de_DE\" \/>\n<meta property=\"og:type\" content=\"article\" \/>\n<meta property=\"og:title\" content=\"Warum Katze nicht bei erster Rolligkeit decken lassen?\" \/>\n<meta property=\"og:description\" content=\"Wann wird deine Katze rollig? Alles \u00fcber die Rolligkeit bei Katzen und ihre Fortpflanzung findest du in unserem neuesten Artikel.\" \/>\n<meta property=\"og:url\" content=\"https:\/\/uelzener.de\/magazin\/katze\/tiergesundheit\/warum-katze-nicht-bei-erster-rolligkeit-decken-lassen\/\" \/>\n<meta property=\"og:site_name\" content=\"Uelzener Tier-Magazin\" \/>\n<meta property=\"article:publisher\" content=\"https:\/\/www.facebook.com\/Uelzener\" \/>\n<meta property=\"article:modified_time\" content=\"2025-12-02T09:17:24+00:00\" \/>\n<meta property=\"og:image\" content=\"https:\/\/uelzener.de\/magazin\/app\/uploads\/2025\/12\/Magazin_Header-1025x450-px-1025x450-px-3.jpg\" \/>\n\t<meta property=\"og:image:width\" content=\"1025\" \/>\n\t<meta property=\"og:image:height\" content=\"450\" \/>\n\t<meta property=\"og:image:type\" content=\"image\/jpeg\" \/>\n<meta name=\"twitter:card\" content=\"summary_large_image\" \/>\n<meta name=\"twitter:label1\" content=\"Gesch\u00e4tzte Lesezeit\" \/>\n\t<meta name=\"twitter:data1\" content=\"8\u00a0Minuten\" \/>\n<script type=\"application\/ld+json\" class=\"yoast-schema-graph\">{\"@context\":\"https:\/\/schema.org\",\"@graph\":[{\"@type\":\"WebPage\",\"@id\":\"https:\/\/uelzener.de\/magazin\/katze\/tiergesundheit\/warum-katze-nicht-bei-erster-rolligkeit-decken-lassen\/\",\"url\":\"https:\/\/uelzener.de\/magazin\/katze\/tiergesundheit\/warum-katze-nicht-bei-erster-rolligkeit-decken-lassen\/\",\"name\":\"Warum Katze nicht bei erster Rolligkeit decken lassen? | Uelzener Magazin\",\"isPartOf\":{\"@id\":\"https:\/\/uelzener.de\/magazin\/#website\"},\"primaryImageOfPage\":{\"@id\":\"https:\/\/uelzener.de\/magazin\/katze\/tiergesundheit\/warum-katze-nicht-bei-erster-rolligkeit-decken-lassen\/#primaryimage\"},\"image\":{\"@id\":\"https:\/\/uelzener.de\/magazin\/katze\/tiergesundheit\/warum-katze-nicht-bei-erster-rolligkeit-decken-lassen\/#primaryimage\"},\"thumbnailUrl\":\"https:\/\/uelzener.de\/magazin\/app\/uploads\/2025\/12\/Magazin_Header-1025x450-px-1025x450-px-3.jpg\",\"datePublished\":\"2025-11-14T09:09:42+00:00\",\"dateModified\":\"2025-12-02T09:17:24+00:00\",\"description\":\"Wann wird deine Katze rollig? Alles \u00fcber die Rolligkeit bei Katzen und ihre Fortpflanzung findest du in unserem neuesten Artikel.\",\"breadcrumb\":{\"@id\":\"https:\/\/uelzener.de\/magazin\/katze\/tiergesundheit\/warum-katze-nicht-bei-erster-rolligkeit-decken-lassen\/#breadcrumb\"},\"inLanguage\":\"de\",\"potentialAction\":[{\"@type\":\"ReadAction\",\"target\":[\"https:\/\/uelzener.de\/magazin\/katze\/tiergesundheit\/warum-katze-nicht-bei-erster-rolligkeit-decken-lassen\/\"]}]},{\"@type\":\"ImageObject\",\"inLanguage\":\"de\",\"@id\":\"https:\/\/uelzener.de\/magazin\/katze\/tiergesundheit\/warum-katze-nicht-bei-erster-rolligkeit-decken-lassen\/#primaryimage\",\"url\":\"https:\/\/uelzener.de\/magazin\/app\/uploads\/2025\/12\/Magazin_Header-1025x450-px-1025x450-px-3.jpg\",\"contentUrl\":\"https:\/\/uelzener.de\/magazin\/app\/uploads\/2025\/12\/Magazin_Header-1025x450-px-1025x450-px-3.jpg\",\"width\":1025,\"height\":450,\"caption\":\"Rolligkeit bei Katzen.\"},{\"@type\":\"WebSite\",\"@id\":\"https:\/\/uelzener.de\/magazin\/#website\",\"url\":\"https:\/\/uelzener.de\/magazin\/\",\"name\":\"Uelzener Tiermagazin\",\"description\":\"Online Tierratgeber der Uelzener Versicherungen\",\"publisher\":{\"@id\":\"https:\/\/uelzener.de\/magazin\/#organization\"},\"potentialAction\":[{\"@type\":\"SearchAction\",\"target\":{\"@type\":\"EntryPoint\",\"urlTemplate\":\"https:\/\/uelzener.de\/magazin\/?s={search_term_string}\"},\"query-input\":{\"@type\":\"PropertyValueSpecification\",\"valueRequired\":true,\"valueName\":\"search_term_string\"}}],\"inLanguage\":\"de\"},{\"@type\":\"Organization\",\"@id\":\"https:\/\/uelzener.de\/magazin\/#organization\",\"name\":\"Uelzener Versicherungen\",\"url\":\"https:\/\/uelzener.de\/magazin\/\",\"logo\":{\"@type\":\"ImageObject\",\"inLanguage\":\"de\",\"@id\":\"https:\/\/uelzener.de\/magazin\/#\/schema\/logo\/image\/\",\"url\":\"https:\/\/uelzener.de\/magazin\/app\/uploads\/2024\/11\/uelzener_allgemeine_versicherungsgesellschaft_a_g_logo.jpg\",\"contentUrl\":\"https:\/\/uelzener.de\/magazin\/app\/uploads\/2024\/11\/uelzener_allgemeine_versicherungsgesellschaft_a_g_logo.jpg\",\"width\":200,\"height\":200,\"caption\":\"Uelzener Versicherungen\"},\"image\":{\"@id\":\"https:\/\/uelzener.de\/magazin\/#\/schema\/logo\/image\/\"},\"sameAs\":[\"https:\/\/www.facebook.com\/Uelzener\",\"https:\/\/instagram.com\/uelzener\",\"https:\/\/www.xing.com\/pages\/uelzenerallgemeineversicherungs-gesellschafta-g\",\"https:\/\/www.youtube.com\/UelzenerVersicherungen\"]}]}<\/script>\n<!-- \/ Yoast SEO Premium plugin. -->","yoast_head_json":{"title":"Warum Katze nicht bei erster Rolligkeit decken lassen? | Uelzener Magazin","description":"Wann wird deine Katze rollig? Alles \u00fcber die Rolligkeit bei Katzen und ihre Fortpflanzung findest du in unserem neuesten Artikel.","robots":{"index":"index","follow":"follow","max-snippet":"max-snippet:-1","max-image-preview":"max-image-preview:large","max-video-preview":"max-video-preview:-1"},"canonical":"https:\/\/uelzener.de\/magazin\/katze\/tiergesundheit\/warum-katze-nicht-bei-erster-rolligkeit-decken-lassen\/","og_locale":"de_DE","og_type":"article","og_title":"Warum Katze nicht bei erster Rolligkeit decken lassen?","og_description":"Wann wird deine Katze rollig? Alles \u00fcber die Rolligkeit bei Katzen und ihre Fortpflanzung findest du in unserem neuesten Artikel.","og_url":"https:\/\/uelzener.de\/magazin\/katze\/tiergesundheit\/warum-katze-nicht-bei-erster-rolligkeit-decken-lassen\/","og_site_name":"Uelzener Tier-Magazin","article_publisher":"https:\/\/www.facebook.com\/Uelzener","article_modified_time":"2025-12-02T09:17:24+00:00","og_image":[{"width":1025,"height":450,"url":"https:\/\/uelzener.de\/magazin\/app\/uploads\/2025\/12\/Magazin_Header-1025x450-px-1025x450-px-3.jpg","type":"image\/jpeg"}],"twitter_card":"summary_large_image","twitter_misc":{"Gesch\u00e4tzte Lesezeit":"8\u00a0Minuten"},"schema":{"@context":"https:\/\/schema.org","@graph":[{"@type":"WebPage","@id":"https:\/\/uelzener.de\/magazin\/katze\/tiergesundheit\/warum-katze-nicht-bei-erster-rolligkeit-decken-lassen\/","url":"https:\/\/uelzener.de\/magazin\/katze\/tiergesundheit\/warum-katze-nicht-bei-erster-rolligkeit-decken-lassen\/","name":"Warum Katze nicht bei erster Rolligkeit decken lassen? | Uelzener Magazin","isPartOf":{"@id":"https:\/\/uelzener.de\/magazin\/#website"},"primaryImageOfPage":{"@id":"https:\/\/uelzener.de\/magazin\/katze\/tiergesundheit\/warum-katze-nicht-bei-erster-rolligkeit-decken-lassen\/#primaryimage"},"image":{"@id":"https:\/\/uelzener.de\/magazin\/katze\/tiergesundheit\/warum-katze-nicht-bei-erster-rolligkeit-decken-lassen\/#primaryimage"},"thumbnailUrl":"https:\/\/uelzener.de\/magazin\/app\/uploads\/2025\/12\/Magazin_Header-1025x450-px-1025x450-px-3.jpg","datePublished":"2025-11-14T09:09:42+00:00","dateModified":"2025-12-02T09:17:24+00:00","description":"Wann wird deine Katze rollig? Alles \u00fcber die Rolligkeit bei Katzen und ihre Fortpflanzung findest du in unserem neuesten Artikel.","breadcrumb":{"@id":"https:\/\/uelzener.de\/magazin\/katze\/tiergesundheit\/warum-katze-nicht-bei-erster-rolligkeit-decken-lassen\/#breadcrumb"},"inLanguage":"de","potentialAction":[{"@type":"ReadAction","target":["https:\/\/uelzener.de\/magazin\/katze\/tiergesundheit\/warum-katze-nicht-bei-erster-rolligkeit-decken-lassen\/"]}]},{"@type":"ImageObject","inLanguage":"de","@id":"https:\/\/uelzener.de\/magazin\/katze\/tiergesundheit\/warum-katze-nicht-bei-erster-rolligkeit-decken-lassen\/#primaryimage","url":"https:\/\/uelzener.de\/magazin\/app\/uploads\/2025\/12\/Magazin_Header-1025x450-px-1025x450-px-3.jpg","contentUrl":"https:\/\/uelzener.de\/magazin\/app\/uploads\/2025\/12\/Magazin_Header-1025x450-px-1025x450-px-3.jpg","width":1025,"height":450,"caption":"Rolligkeit bei Katzen."},{"@type":"WebSite","@id":"https:\/\/uelzener.de\/magazin\/#website","url":"https:\/\/uelzener.de\/magazin\/","name":"Uelzener Tiermagazin","description":"Online Tierratgeber der Uelzener Versicherungen","publisher":{"@id":"https:\/\/uelzener.de\/magazin\/#organization"},"potentialAction":[{"@type":"SearchAction","target":{"@type":"EntryPoint","urlTemplate":"https:\/\/uelzener.de\/magazin\/?s={search_term_string}"},"query-input":{"@type":"PropertyValueSpecification","valueRequired":true,"valueName":"search_term_string"}}],"inLanguage":"de"},{"@type":"Organization","@id":"https:\/\/uelzener.de\/magazin\/#organization","name":"Uelzener Versicherungen","url":"https:\/\/uelzener.de\/magazin\/","logo":{"@type":"ImageObject","inLanguage":"de","@id":"https:\/\/uelzener.de\/magazin\/#\/schema\/logo\/image\/","url":"https:\/\/uelzener.de\/magazin\/app\/uploads\/2024\/11\/uelzener_allgemeine_versicherungsgesellschaft_a_g_logo.jpg","contentUrl":"https:\/\/uelzener.de\/magazin\/app\/uploads\/2024\/11\/uelzener_allgemeine_versicherungsgesellschaft_a_g_logo.jpg","width":200,"height":200,"caption":"Uelzener Versicherungen"},"image":{"@id":"https:\/\/uelzener.de\/magazin\/#\/schema\/logo\/image\/"},"sameAs":["https:\/\/www.facebook.com\/Uelzener","https:\/\/instagram.com\/uelzener","https:\/\/www.xing.com\/pages\/uelzenerallgemeineversicherungs-gesellschafta-g","https:\/\/www.youtube.com\/UelzenerVersicherungen"]}]}},"_links":{"self":[{"href":"https:\/\/uelzener.de\/magazin\/wp-json\/wp\/v2\/pages\/19574","targetHints":{"allow":["GET"]}}],"collection":[{"href":"https:\/\/uelzener.de\/magazin\/wp-json\/wp\/v2\/pages"}],"about":[{"href":"https:\/\/uelzener.de\/magazin\/wp-json\/wp\/v2\/types\/page"}],"author":[{"embeddable":true,"href":"https:\/\/uelzener.de\/magazin\/wp-json\/wp\/v2\/users\/11"}],"replies":[{"embeddable":true,"href":"https:\/\/uelzener.de\/magazin\/wp-json\/wp\/v2\/comments?post=19574"}],"version-history":[{"count":2,"href":"https:\/\/uelzener.de\/magazin\/wp-json\/wp\/v2\/pages\/19574\/revisions"}],"predecessor-version":[{"id":19577,"href":"https:\/\/uelzener.de\/magazin\/wp-json\/wp\/v2\/pages\/19574\/revisions\/19577"}],"up":[{"embeddable":true,"href":"https:\/\/uelzener.de\/magazin\/wp-json\/wp\/v2\/pages\/11712"}],"wp:featuredmedia":[{"embeddable":true,"href":"https:\/\/uelzener.de\/magazin\/wp-json\/wp\/v2\/media\/19576"}],"wp:attachment":[{"href":"https:\/\/uelzener.de\/magazin\/wp-json\/wp\/v2\/media?parent=19574"}],"curies":[{"name":"wp","href":"https:\/\/api.w.org\/{rel}","templated":true}]}}