{"id":19550,"date":"2025-11-20T11:44:14","date_gmt":"2025-11-20T10:44:14","guid":{"rendered":"https:\/\/uelzener.de\/magazin\/?page_id=19550"},"modified":"2025-11-20T11:44:14","modified_gmt":"2025-11-20T10:44:14","slug":"schuppen-bei-katzen","status":"publish","type":"page","link":"https:\/\/uelzener.de\/magazin\/katze\/tiergesundheit\/schuppen-bei-katzen\/","title":{"rendered":"Schuppen bei Katzen: Wie sie entstehen und was du dagegen tun kannst"},"content":{"rendered":"<p>Ein sch\u00f6nes, gl\u00e4nzendes Fell gilt als Zeichen f\u00fcr Gesundheit und Wohlbefinden, doch in der Realit\u00e4t zeigt sich das Haarkleid unserer Samtpfoten nicht immer so makellos. Es kann Situationen geben, in denen das Fell trocken, stumpf und schuppig aussieht. In vielen F\u00e4llen haben Schuppen harmlose Ursachen. Sie k\u00f6nnen bei Wohnungskatzen beispielsweise durch trockene Heizungsluft entstehen und sind eine h\u00e4ufige Begleiterscheinung beim Fellwechsel. In manchen F\u00e4llen stecken aber auch gesundheitliche Probleme dahinter, etwa Allergien, Hauterkrankungen oder Parasitenbefall. In unserem Artikel erf\u00e4hrst du, welche Ursachen Schuppen bei Katzen haben k\u00f6nnen, was du dagegen tun kannst und wann du deine Samtpfote tier\u00e4rztlich untersuchen lassen solltest.<\/p>\n<h2>Wie Schuppen bei Katzen entstehen<\/h2>\n<p>Die Haut von Katzen besteht genauso wie bei uns Menschen aus mehreren Schichten. Die obere Hautschicht erneuert sich in einem Zyklus von etwa 21 Tagen. Alte Hautzellen an der Oberfl\u00e4che sterben ab, w\u00e4hrend in den tieferen Hautschichten neue Zellen gebildet werden. Wenn sich die Katze putzt, werden die abgestorbenen Hautzellen entfernt. Sterben jedoch vermehrt Hautzellen ab, l\u00f6sen sich nicht oder verklumpen, bilden sich Schuppen in Form von kleinen, wei\u00dfen Partikeln. Sie rieseln heraus, wenn man die Katze streichelt, das Fell b\u00fcrstet oder gegen den Strich k\u00e4mmt. Grunds\u00e4tzlich sind Schuppen keine Erkrankung, sondern ein Symptom. Es kann auf ein tieferliegendes gesundheitliches Problem hinweisen, aber auch vergleichsweise harmlose Ursachen haben.<\/p>\n<h2>Ursachen f\u00fcr Schuppen bei Katzen<\/h2>\n<p>F\u00fcr schuppiges Fell bei Katzen gibt es vielerlei m\u00f6gliche Ursachen. Wir haben eine Auswahl der h\u00e4ufigsten Ausl\u00f6ser zusammengestellt:<\/p>\n<ul>\n<li>Trockene Haut: Viele Wohnungskatzen haben gerade in der kalten Jahreszeit schuppiges Fell. Das hat oft mit der Heizungsluft zu tun. Sie trocknet die Haut aus, so dass sich vermehrt Schuppen bilden. Dasselbe kann bei Katzen passieren, die sich h\u00e4ufig sonnen, da der Haut durch die W\u00e4rme Feuchtigkeit entzogen wird.<\/li>\n<li>Fellwechsel: Katzen, die sich im Fellwechsel befinden, sind ebenfalls h\u00e4ufiger von Schuppen betroffen. In dem Fall werden abgestorbene Hautzellen zusammen mit dem Fell abgesto\u00dfen. Der Fellwechsel findet typischerweise zwei Mal im Jahr statt: Im Fr\u00fchling wird das dichtere Winterfell durch leichteres Sommerfell ersetzt, im Herbst ist es umgekehrt. In der Regel verschwinden die Schuppen wieder, wenn der Fellwechsel abgeschlossen ist.<\/li>\n<li>Mangelnde Fellpflege: Normalerweise betreiben Katzen intensive Fellpflege und putzen sich mehrmals am Tag. Lose Hautschuppen werden dabei beseitigt, so dass man sie kaum bemerkt. Putzt sich die Katze jedoch nicht mehr regelm\u00e4\u00dfig, sammeln sich die Schuppen im Fell an und treten dadurch in Erscheinung. M\u00f6gliche Ursachen f\u00fcr eine nachlassende Fellpflege k\u00f6nnen eine eingeschr\u00e4nkte Beweglichkeit (etwa aufgrund von \u00dcbergewicht oder fortgeschrittenem Alter) oder auch erkrankungsbedingte Schmerzen (Arthrose, Gelenkentz\u00fcndungen etc.) sein.<\/li>\n<li>Falsche Ern\u00e4hrung: Defizite in der Ern\u00e4hrung k\u00f6nnen ebenfalls Schuppen hervorrufen. Die Katze erh\u00e4lt dann nicht alle N\u00e4hrstoffe, die sie braucht, so dass die Haut aus dem Gleichgewicht ger\u00e4t. Eine Unterversorgung kann durch minderwertiges, nicht artgerechtes oder unvertr\u00e4gliches Futter entstehen. Liegt eine Nahrungsmittelunvertr\u00e4glichkeit vor, kann der Organismus das Futter nicht verwerten und somit auch die enthaltenen N\u00e4hrstoffe nicht aufnehmen.<\/li>\n<li>Allergien: Allergien sind eine weitere m\u00f6gliche Ursache f\u00fcr Schuppenbildung bei Katzen. Dabei kann es sich um Futtermittelallergien, aber beispielsweise auch Allergien gegen Pollen oder Hausstaubmilben handeln. H\u00e4ufig kommen dann noch weitere Symptome wie Juckreiz oder ger\u00f6tete Haut hinzu. Eine Hautentz\u00fcndung, die durch Umgebungsallergene wie Pollen, Staub, Milben oder Schimmelpilze hervorgerufen und chronisch wird, nennt man fachsprachlich atopische Dermatitis. Sie tritt meist bei Katzen auf, die eine genetische Veranlagung daf\u00fcr haben. Eine Diagnose wird im Ausschlussverfahren gestellt. Das hei\u00dft, andere Allergien (Flohspeichel, Nahrungsmittel etc.) und Infektionen, die mit \u00e4hnlichen Symptomen einhergehen, m\u00fcssen zun\u00e4chst ausgeschlossen werden.<\/li>\n<li>Parasitenbefall: Parasiten rufen ebenfalls Schuppen hervor. Das trifft vor allem auf Ektoparasiten zu, die ihren Wirt von au\u00dfen befallen und dessen Haut bewohnen. Dazu geh\u00f6ren Milben (katzenspezifische Haarbalg-, Raub- und Grabmilben), Fl\u00f6he und Haarlinge (Kieferl\u00e4use). Aber auch Endoparasiten wie Giardien, die im Darm leben, k\u00f6nnen Schuppen bei Katzen verursachen. Sie l\u00f6sen schwere Durchf\u00e4lle aus, was zu Dehydrierung des K\u00f6rpers und somit auch zu trockener Haut und Schuppen f\u00fchrt.<\/li>\n<li>Pilzinfektionen: Schuppen k\u00f6nnen auch ein Hinweis auf eine Pilzinfektion sein. Hier kommen vor allem Hautpilze (Dermatophyten) und Hefepilze (Malassezien) in Betracht, die sich \u00fcber die Freisetzung von Sporen oder Hyphen verbreiten. Eine Pilzinfektion der Haut \u00e4u\u00dfert sich in struppigem Fell, entz\u00fcndeten, schuppigen Stellen, Juckreiz und Haarausfall. Bleibt der Pilz unbehandelt, kann es zu Sekund\u00e4rinfektionen durch Bakterien kommen.<\/li>\n<li>Bakterielle Infektionen: Bakterielle Infektionen entstehen meist, wenn die Haut bereits vorgesch\u00e4digt ist. Keime haben dann leichtes Spiel, da die nat\u00fcrliche Hautbarriere nicht mehr funktioniert. Sie verursachen Entz\u00fcndungen, die mit Schuppenbildung, Juckreiz und weiteren Symptomen einhergehen. Bakterielle Infektionen k\u00f6nnen eine Folge von Pilzinfektionen sein, aber auch ihrerseits Sekund\u00e4rinfektionen mit Pilzen beg\u00fcnstigen.<\/li>\n<\/ul>\n<p>Endokrine Erkrankungen wie eine Schilddr\u00fcsen\u00fcberfunktion, St\u00f6rungen der Nebennieren oder Diabetes mellitus k\u00f6nnen ebenfalls zu Schuppen bei der Katze f\u00fchren. Ein dauerhaft hoher Blutzuckerspiegel beispielsweise f\u00fchrt dazu, dass Haut- und Bindegewebszellen nicht mehr richtig funktionieren. Die Hautbarriere wird dadurch geschw\u00e4cht, wodurch Pilze und Bakterien leichter eindringen k\u00f6nnen.<\/p>\n<h2>Was tun, wenn die Katze Schuppen hat?<\/h2>\n<p>Schuppiges Fell bei Katzen ist kein Normalzustand, sondern ein Hinweis darauf, dass etwas nicht stimmt. Zwar muss nicht zwangsl\u00e4ufig etwas Ernstes dahinterstecken, es ist jedoch sinnvoll, die Ursache abzukl\u00e4ren und Gegenma\u00dfnahmen zu ergreifen, falls n\u00f6tig. Treten Schuppen w\u00e4hrend des Fellwechsels auf, besteht normalerweise kein Grund zur Sorge. Hier kann man das Tier durch regelm\u00e4\u00dfiges Fellb\u00fcrsten unterst\u00fctzen. Sollte trockene Heizungsluft urs\u00e4chlich f\u00fcr die Schuppen sein, kann es helfen, ein paar Sch\u00e4lchen mit Wasser auf die Heizung zu stellen oder einen Luftbefeuchter einzusetzen, um das Raumklima zu verbessern.<\/p>\n<h3>Sollte sich die Katze nicht mehr regelm\u00e4\u00dfig putzen oder besteht der Verdacht, dass sie gesundheitliche Probleme hat, sollte sie medizinisch untersucht werden. Symptome auf eine ernstzunehmende Erkrankung, sind:<\/h3>\n<ul>\n<li>Starker Juckreiz<\/li>\n<li>Ger\u00f6tete, entz\u00fcndete, n\u00e4ssende Hautpartien<\/li>\n<li>Lichter werdende Stellen<\/li>\n<li>Kreisrunder Haarausfall<\/li>\n<li>Glanzloses, stumpfes Fell<\/li>\n<li>Verschlechtertes Allgemeinbefinden<\/li>\n<\/ul>\n<p>Der Tierarzt oder die Tier\u00e4rztin wird sich die Fell- und Hautbeschaffenheit n\u00e4her anschauen und gegebenenfalls eine Blut- oder Kotuntersuchung veranlassen. Anhand dessen l\u00e4sst sich beispielsweise feststellen, ob eine bakterielle Infektion oder ein Parasitenbefall vorliegt. Gegebenenfalls wird das Tier auch einem Allergietest unterzogen. Besteht der Verdacht auf eine Futtermittelunvertr\u00e4glichkeit, kann es sein, dass eine Eliminationsdi\u00e4t verordnet wird, um herauszufinden, auf welches Nahrungsmittel die Katze reagiert.<\/p>\n<p>Die Behandlung richtet sich nach der Ursache. So werden bei bakteriellen Infektionen beispielsweise Antibiotika, bei Parasitenbefall hingegen Antiparasitika verabreicht. Zus\u00e4tzlich k\u00f6nnen Salben, Cremes oder Lotionen dabei helfen, Juckreiz zu lindern und gereizte oder entz\u00fcndete Hautpartien zu beruhigen. Infektionen mit Pilzen m\u00fcssen besonders sorgf\u00e4ltig behandelt werden, da manche Pilzarten auf den Menschen \u00fcbergehen k\u00f6nnen. Hier kommt es auch darauf an, Hygienema\u00dfnahmen einzuhalten. Liegt eine systemische Erkrankung zugrunde, geht es in erster Linie darum, das Tier medikament\u00f6s richtig einzustellen, um den Hormon- bzw. Blutzuckerspiegel in den Griff zu bekommen. Gut zu wissen: Eine Katzenkrankenversicherung hilft, wenn die Katze tier\u00e4rztlich behandelt werden muss. Sie erstattet die Kosten f\u00fcr Diagnose und Therapie und bietet auf diese Weise finanziellen Schutz.<\/p>\n\n<div class=\"banner\">\n    <a href=\"https:\/\/uelzener.de\/katze\/katzen-krankenversicherung\/?agt=0000104925&sem=true&utm_medium=magazin&utm_source=wordpress&utm_campaign=katze_kv&utm_content=banner\">\n        <img decoding=\"async\" width=\"300\" height=\"212\" src=\"https:\/\/uelzener.de\/magazin\/app\/uploads\/2025\/01\/Katzen-Kranken-Versicherung.jpg\" class=\"attachment-medium size-medium\" alt=\"Banner Katzen-Kranken-Versicherung\" \/>    <\/a>\n<\/div>\n\n<h2>Fazit<\/h2>\n<p>Schuppen bei Katzen k\u00f6nnen immer mal wieder vorkommen und gehen oft von alleine wieder weg. H\u00e4lt der Zustand jedoch an, ist es sinnvoll, tier\u00e4rztlichen Rat einzuholen. Das gilt auch, wenn sich weitere Symptome wie R\u00f6tungen, Juckreiz oder kahle Stellen zeigen, da diese auf ein tiefergehendes gesundheitliches Problem hinweisen. Eine fr\u00fchzeitige Behandlung beugt weiteren Beschwerden vor und sorgt daf\u00fcr, dass sich die Katze schnell wieder wohl in ihrer Haut f\u00fchlt.<\/p>\n\n<div class=\"related_articles boxed\">\n    <h2>Mehr zum Thema<\/h2>\n    \n    <div class=\"wrapper\"><div class=\"title align-center\"><h3><a href=\"https:\/\/uelzener.de\/magazin\/katze\/tiergesundheit\/gewichtsprobleme-bei-katzen-zu-dick-oder-duenn\/\">Gewichtsprobleme bei Katzen: Woran erkenne ich, ob meine Katze zu dick oder d\u00fcnn ist<\/a><\/h3><\/div><div class=\"img align-center\"><img decoding=\"async\" width=\"315\" height=\"180\" src=\"https:\/\/uelzener.de\/magazin\/app\/uploads\/2024\/03\/gewichtsproblem-katzen-315x180.jpg\" class=\"attachment-315x180 size-315x180 wp-post-image\" alt=\"Drei Katzen trinken aus einer Schale. Eine der Katzen hat etwas \u00dcbergewicht.\" \/><\/div><\/div><div class=\"wrapper\"><div class=\"title align-center\"><h3><a href=\"https:\/\/uelzener.de\/magazin\/katze\/haltung\/fellpflege-katze\/\">Fellpflege bei Katzen: So klappt das B\u00fcrsten<\/a><\/h3><\/div><div class=\"img align-center\"><img decoding=\"async\" width=\"315\" height=\"180\" src=\"https:\/\/uelzener.de\/magazin\/app\/uploads\/2017\/09\/371a4c49-997a-42f3-83eb-b663c01e5ad4-315x180.jpg\" class=\"attachment-315x180 size-315x180 wp-post-image\" alt=\"Ein hellbraun wei\u00dfe Katze mit langem Fell sitzt auf einem Holztisch. Bei Katzen mit langen Haaren ist das B\u00fcrsten dieser essentiell.\" srcset=\"https:\/\/uelzener.de\/magazin\/app\/uploads\/2017\/09\/371a4c49-997a-42f3-83eb-b663c01e5ad4-315x180.jpg 315w, https:\/\/uelzener.de\/magazin\/app\/uploads\/2017\/09\/371a4c49-997a-42f3-83eb-b663c01e5ad4-650x369.jpg 650w\" sizes=\"(max-width: 315px) 100vw, 315px\" \/><\/div><\/div><div class=\"wrapper\"><div class=\"title align-center\"><h3><a href=\"https:\/\/uelzener.de\/magazin\/katze\/tiergesundheit\/niereninsuffizienz-nierenversagen\/\">Niereninsuffizienz bei der Katze: Ursachen, Stadien und Symptome<\/a><\/h3><\/div><div class=\"img align-center\"><img decoding=\"async\" width=\"315\" height=\"180\" src=\"https:\/\/uelzener.de\/magazin\/app\/uploads\/2024\/01\/niereninsuffizienz-katze-315x180.jpg\" class=\"attachment-315x180 size-315x180 wp-post-image\" alt=\"Katze mit Niereninsuffizienz trinkt aus dem Wasserhahn.\" \/><\/div><\/div><\/div>\n\n<h2>FAQ: H\u00e4ufig gestellte Fragen zum Thema Schuppen bei Katzen<\/h2>\n<h3>K\u00f6nnen Schuppen bei der Katze mit einer Futterumstellung zusammenh\u00e4ngen?<\/h3>\n<p>Ja. Bekommt eine Katze ein anderes Futter als gewohnt, kann es sein, dass sie schuppiges, strohiges Fell entwickelt. Das legt sich normalerweise innerhalb weniger Tage. Sollte der Zustand l\u00e4nger anhalten, ist ein tier\u00e4rztlicher Check anzuraten. Gegebenenfalls enth\u00e4lt das neue Futter nicht ausreichend N\u00e4hrstoffe, so dass ein anderes gew\u00e4hlt werden muss.<\/p>\n<h3>K\u00f6nnen Schuppen bei Katzen von Stress kommen?<\/h3>\n<p>Ja, das ist m\u00f6glich. Katzen sind sehr sensible Tiere. Stehen sie unter psychischer Belastung, beispielsweise aufgrund eines Umzugs oder weil ein neues Tier in den Haushalt eingezogen ist, kann sich das k\u00f6rperlich mit schuppigem, trockenem Fell oder sogar vermehrtem Haarverlust bemerkbar machen.<\/p>\n<h3>Welche Hausmittel helfen gegen Schuppen bei Katzen?<\/h3>\n<p>Hausmittel k\u00f6nnen unterst\u00fctzend wirken, ersetzen aber keine tier\u00e4rztliche Abkl\u00e4rung. Regelm\u00e4\u00dfiges B\u00fcrsten und gelegentliches Einmassieren von Kokos\u00f6l (in sehr kleinen Mengen) kann beispielsweise w\u00e4hrend der Heizperiode oder beim Fellwechsel helfen. Wichtig ist, nur Mittel zu verwenden, die f\u00fcr Katzen unbedenklich sind.<\/p>\n<h3>Wie kann ich Schuppen bei meiner Katze dauerhaft vorbeugen?<\/h3>\n<p>Eine gesunde und ausgewogene Ern\u00e4hrung, gegebenenfalls Unterst\u00fctzung bei der Fellpflege und ein stressfreies Umfeld sind eine gute Basis. Achte au\u00dferdem auf ein gutes Raumklima, wenn du deine Katze in der Wohnung h\u00e4ltst. Eine regelm\u00e4\u00dfige Parasitenprophylaxe ist ebenfalls sinnvoll, vor allem bei Freig\u00e4ngern.<\/p>\n<h3>Spielen das Alter oder die Jahreszeit eine Rolle bei der Entstehung von Schuppen?<\/h3>\n<p>Ja, beides kann einen Einfluss haben. Katzen im Seniorenalter putzen sich mitunter weniger gr\u00fcndlich, da sie nicht mehr alle Stellen so gut erreichen. Dadurch sammeln sich mehr Hautschuppen im Fell an. Fellwechselphasen im Fr\u00fchjahr und Herbst k\u00f6nnen ebenfalls mit vermehrter Schuppenbildung einhergehen.<\/p>\n","protected":false},"excerpt":{"rendered":"<p>Ein sch\u00f6nes, gl\u00e4nzendes Fell gilt als Zeichen f\u00fcr Gesundheit und Wohlbefinden, doch in der Realit\u00e4t zeigt sich das Haarkleid unserer Samtpfoten nicht immer so makellos. Es kann Situationen geben, in denen das Fell trocken, stumpf und schuppig aussieht. In vielen F\u00e4llen haben Schuppen harmlose Ursachen. Sie k\u00f6nnen bei Wohnungskatzen beispielsweise durch trockene Heizungsluft entstehen und [&hellip;]<\/p>\n","protected":false},"author":11,"featured_media":19552,"parent":11712,"menu_order":18,"comment_status":"closed","ping_status":"closed","template":"templates\/blog.php","meta":{"_acf_changed":false,"_crdt_document":"","footnotes":"","beyondwords_generate_audio":"","beyondwords_project_id":"","beyondwords_content_id":"","beyondwords_preview_token":"","beyondwords_player_style":"","beyondwords_language_id":"","beyondwords_title_voice_id":"","beyondwords_body_voice_id":"","beyondwords_summary_voice_id":"","beyondwords_error_message":"","beyondwords_disabled":"","beyondwords_delete_content":"","beyondwords_podcast_id":"","beyondwords_hash":"","publish_post_to_speechkit":"","speechkit_hash":"","speechkit_generate_audio":"","speechkit_project_id":"","speechkit_podcast_id":"","speechkit_error_message":"","speechkit_disabled":"","speechkit_access_key":"","speechkit_error":"","speechkit_info":"","speechkit_response":"","speechkit_retries":"","speechkit_status":"","speechkit_updated_at":"","_speechkit_link":"","_speechkit_text":""},"class_list":["post-19550","page","type-page","status-publish","has-post-thumbnail","hentry"],"acf":[],"yoast_head":"<!-- This site is optimized with the Yoast SEO Premium plugin  - https:\/\/yoast.com\/product\/yoast-seo-premium-wordpress\/ -->\n<title>Schuppen bei Katzen: Wie sie entstehen und was du dagegen tun kannst | Uelzener Magazin<\/title>\n<meta name=\"description\" content=\"Schuppen bei Katzen k\u00f6nnen harmlos sein oder auf ernste Gesundheitsprobleme hinweisen. Entdecke die h\u00e4ufigsten Ursachen und L\u00f6sungen.\" \/>\n<meta name=\"robots\" content=\"index, follow, max-snippet:-1, max-image-preview:large, max-video-preview:-1\" \/>\n<link rel=\"canonical\" href=\"https:\/\/uelzener.de\/magazin\/katze\/tiergesundheit\/schuppen-bei-katzen\/\" \/>\n<meta property=\"og:locale\" content=\"de_DE\" \/>\n<meta property=\"og:type\" content=\"article\" \/>\n<meta property=\"og:title\" content=\"Schuppen bei Katzen: Wie sie entstehen und was du dagegen tun kannst\" \/>\n<meta property=\"og:description\" content=\"Schuppen bei Katzen k\u00f6nnen harmlos sein oder auf ernste Gesundheitsprobleme hinweisen. Entdecke die h\u00e4ufigsten Ursachen und L\u00f6sungen.\" \/>\n<meta property=\"og:url\" content=\"https:\/\/uelzener.de\/magazin\/katze\/tiergesundheit\/schuppen-bei-katzen\/\" \/>\n<meta property=\"og:site_name\" content=\"Uelzener Tier-Magazin\" \/>\n<meta property=\"article:publisher\" content=\"https:\/\/www.facebook.com\/Uelzener\" \/>\n<meta property=\"og:image\" content=\"https:\/\/uelzener.de\/magazin\/app\/uploads\/2025\/11\/katze-kratzt-sich-schuppen.jpg\" \/>\n\t<meta property=\"og:image:width\" content=\"1025\" \/>\n\t<meta property=\"og:image:height\" content=\"450\" \/>\n\t<meta property=\"og:image:type\" content=\"image\/jpeg\" \/>\n<meta name=\"twitter:card\" content=\"summary_large_image\" \/>\n<meta name=\"twitter:label1\" content=\"Gesch\u00e4tzte Lesezeit\" \/>\n\t<meta name=\"twitter:data1\" content=\"9\u00a0Minuten\" \/>\n<script type=\"application\/ld+json\" class=\"yoast-schema-graph\">{\"@context\":\"https:\/\/schema.org\",\"@graph\":[{\"@type\":\"WebPage\",\"@id\":\"https:\/\/uelzener.de\/magazin\/katze\/tiergesundheit\/schuppen-bei-katzen\/\",\"url\":\"https:\/\/uelzener.de\/magazin\/katze\/tiergesundheit\/schuppen-bei-katzen\/\",\"name\":\"Schuppen bei Katzen: Wie sie entstehen und was du dagegen tun kannst | Uelzener Magazin\",\"isPartOf\":{\"@id\":\"https:\/\/uelzener.de\/magazin\/#website\"},\"primaryImageOfPage\":{\"@id\":\"https:\/\/uelzener.de\/magazin\/katze\/tiergesundheit\/schuppen-bei-katzen\/#primaryimage\"},\"image\":{\"@id\":\"https:\/\/uelzener.de\/magazin\/katze\/tiergesundheit\/schuppen-bei-katzen\/#primaryimage\"},\"thumbnailUrl\":\"https:\/\/uelzener.de\/magazin\/app\/uploads\/2025\/11\/katze-kratzt-sich-schuppen.jpg\",\"datePublished\":\"2025-11-20T10:44:14+00:00\",\"description\":\"Schuppen bei Katzen k\u00f6nnen harmlos sein oder auf ernste Gesundheitsprobleme hinweisen. Entdecke die h\u00e4ufigsten Ursachen und L\u00f6sungen.\",\"breadcrumb\":{\"@id\":\"https:\/\/uelzener.de\/magazin\/katze\/tiergesundheit\/schuppen-bei-katzen\/#breadcrumb\"},\"inLanguage\":\"de\",\"potentialAction\":[{\"@type\":\"ReadAction\",\"target\":[\"https:\/\/uelzener.de\/magazin\/katze\/tiergesundheit\/schuppen-bei-katzen\/\"]}]},{\"@type\":\"ImageObject\",\"inLanguage\":\"de\",\"@id\":\"https:\/\/uelzener.de\/magazin\/katze\/tiergesundheit\/schuppen-bei-katzen\/#primaryimage\",\"url\":\"https:\/\/uelzener.de\/magazin\/app\/uploads\/2025\/11\/katze-kratzt-sich-schuppen.jpg\",\"contentUrl\":\"https:\/\/uelzener.de\/magazin\/app\/uploads\/2025\/11\/katze-kratzt-sich-schuppen.jpg\",\"width\":1025,\"height\":450,\"caption\":\"Katze hat Schuppen.\"},{\"@type\":\"WebSite\",\"@id\":\"https:\/\/uelzener.de\/magazin\/#website\",\"url\":\"https:\/\/uelzener.de\/magazin\/\",\"name\":\"Uelzener Tiermagazin\",\"description\":\"Online Tierratgeber der Uelzener Versicherungen\",\"publisher\":{\"@id\":\"https:\/\/uelzener.de\/magazin\/#organization\"},\"potentialAction\":[{\"@type\":\"SearchAction\",\"target\":{\"@type\":\"EntryPoint\",\"urlTemplate\":\"https:\/\/uelzener.de\/magazin\/?s={search_term_string}\"},\"query-input\":{\"@type\":\"PropertyValueSpecification\",\"valueRequired\":true,\"valueName\":\"search_term_string\"}}],\"inLanguage\":\"de\"},{\"@type\":\"Organization\",\"@id\":\"https:\/\/uelzener.de\/magazin\/#organization\",\"name\":\"Uelzener Versicherungen\",\"url\":\"https:\/\/uelzener.de\/magazin\/\",\"logo\":{\"@type\":\"ImageObject\",\"inLanguage\":\"de\",\"@id\":\"https:\/\/uelzener.de\/magazin\/#\/schema\/logo\/image\/\",\"url\":\"https:\/\/uelzener.de\/magazin\/app\/uploads\/2024\/11\/uelzener_allgemeine_versicherungsgesellschaft_a_g_logo.jpg\",\"contentUrl\":\"https:\/\/uelzener.de\/magazin\/app\/uploads\/2024\/11\/uelzener_allgemeine_versicherungsgesellschaft_a_g_logo.jpg\",\"width\":200,\"height\":200,\"caption\":\"Uelzener Versicherungen\"},\"image\":{\"@id\":\"https:\/\/uelzener.de\/magazin\/#\/schema\/logo\/image\/\"},\"sameAs\":[\"https:\/\/www.facebook.com\/Uelzener\",\"https:\/\/instagram.com\/uelzener\",\"https:\/\/www.xing.com\/pages\/uelzenerallgemeineversicherungs-gesellschafta-g\",\"https:\/\/www.youtube.com\/UelzenerVersicherungen\"]}]}<\/script>\n<!-- \/ Yoast SEO Premium plugin. -->","yoast_head_json":{"title":"Schuppen bei Katzen: Wie sie entstehen und was du dagegen tun kannst | Uelzener Magazin","description":"Schuppen bei Katzen k\u00f6nnen harmlos sein oder auf ernste Gesundheitsprobleme hinweisen. Entdecke die h\u00e4ufigsten Ursachen und L\u00f6sungen.","robots":{"index":"index","follow":"follow","max-snippet":"max-snippet:-1","max-image-preview":"max-image-preview:large","max-video-preview":"max-video-preview:-1"},"canonical":"https:\/\/uelzener.de\/magazin\/katze\/tiergesundheit\/schuppen-bei-katzen\/","og_locale":"de_DE","og_type":"article","og_title":"Schuppen bei Katzen: Wie sie entstehen und was du dagegen tun kannst","og_description":"Schuppen bei Katzen k\u00f6nnen harmlos sein oder auf ernste Gesundheitsprobleme hinweisen. Entdecke die h\u00e4ufigsten Ursachen und L\u00f6sungen.","og_url":"https:\/\/uelzener.de\/magazin\/katze\/tiergesundheit\/schuppen-bei-katzen\/","og_site_name":"Uelzener Tier-Magazin","article_publisher":"https:\/\/www.facebook.com\/Uelzener","og_image":[{"width":1025,"height":450,"url":"https:\/\/uelzener.de\/magazin\/app\/uploads\/2025\/11\/katze-kratzt-sich-schuppen.jpg","type":"image\/jpeg"}],"twitter_card":"summary_large_image","twitter_misc":{"Gesch\u00e4tzte Lesezeit":"9\u00a0Minuten"},"schema":{"@context":"https:\/\/schema.org","@graph":[{"@type":"WebPage","@id":"https:\/\/uelzener.de\/magazin\/katze\/tiergesundheit\/schuppen-bei-katzen\/","url":"https:\/\/uelzener.de\/magazin\/katze\/tiergesundheit\/schuppen-bei-katzen\/","name":"Schuppen bei Katzen: Wie sie entstehen und was du dagegen tun kannst | Uelzener Magazin","isPartOf":{"@id":"https:\/\/uelzener.de\/magazin\/#website"},"primaryImageOfPage":{"@id":"https:\/\/uelzener.de\/magazin\/katze\/tiergesundheit\/schuppen-bei-katzen\/#primaryimage"},"image":{"@id":"https:\/\/uelzener.de\/magazin\/katze\/tiergesundheit\/schuppen-bei-katzen\/#primaryimage"},"thumbnailUrl":"https:\/\/uelzener.de\/magazin\/app\/uploads\/2025\/11\/katze-kratzt-sich-schuppen.jpg","datePublished":"2025-11-20T10:44:14+00:00","description":"Schuppen bei Katzen k\u00f6nnen harmlos sein oder auf ernste Gesundheitsprobleme hinweisen. Entdecke die h\u00e4ufigsten Ursachen und L\u00f6sungen.","breadcrumb":{"@id":"https:\/\/uelzener.de\/magazin\/katze\/tiergesundheit\/schuppen-bei-katzen\/#breadcrumb"},"inLanguage":"de","potentialAction":[{"@type":"ReadAction","target":["https:\/\/uelzener.de\/magazin\/katze\/tiergesundheit\/schuppen-bei-katzen\/"]}]},{"@type":"ImageObject","inLanguage":"de","@id":"https:\/\/uelzener.de\/magazin\/katze\/tiergesundheit\/schuppen-bei-katzen\/#primaryimage","url":"https:\/\/uelzener.de\/magazin\/app\/uploads\/2025\/11\/katze-kratzt-sich-schuppen.jpg","contentUrl":"https:\/\/uelzener.de\/magazin\/app\/uploads\/2025\/11\/katze-kratzt-sich-schuppen.jpg","width":1025,"height":450,"caption":"Katze hat Schuppen."},{"@type":"WebSite","@id":"https:\/\/uelzener.de\/magazin\/#website","url":"https:\/\/uelzener.de\/magazin\/","name":"Uelzener Tiermagazin","description":"Online Tierratgeber der Uelzener Versicherungen","publisher":{"@id":"https:\/\/uelzener.de\/magazin\/#organization"},"potentialAction":[{"@type":"SearchAction","target":{"@type":"EntryPoint","urlTemplate":"https:\/\/uelzener.de\/magazin\/?s={search_term_string}"},"query-input":{"@type":"PropertyValueSpecification","valueRequired":true,"valueName":"search_term_string"}}],"inLanguage":"de"},{"@type":"Organization","@id":"https:\/\/uelzener.de\/magazin\/#organization","name":"Uelzener Versicherungen","url":"https:\/\/uelzener.de\/magazin\/","logo":{"@type":"ImageObject","inLanguage":"de","@id":"https:\/\/uelzener.de\/magazin\/#\/schema\/logo\/image\/","url":"https:\/\/uelzener.de\/magazin\/app\/uploads\/2024\/11\/uelzener_allgemeine_versicherungsgesellschaft_a_g_logo.jpg","contentUrl":"https:\/\/uelzener.de\/magazin\/app\/uploads\/2024\/11\/uelzener_allgemeine_versicherungsgesellschaft_a_g_logo.jpg","width":200,"height":200,"caption":"Uelzener Versicherungen"},"image":{"@id":"https:\/\/uelzener.de\/magazin\/#\/schema\/logo\/image\/"},"sameAs":["https:\/\/www.facebook.com\/Uelzener","https:\/\/instagram.com\/uelzener","https:\/\/www.xing.com\/pages\/uelzenerallgemeineversicherungs-gesellschafta-g","https:\/\/www.youtube.com\/UelzenerVersicherungen"]}]}},"_links":{"self":[{"href":"https:\/\/uelzener.de\/magazin\/wp-json\/wp\/v2\/pages\/19550","targetHints":{"allow":["GET"]}}],"collection":[{"href":"https:\/\/uelzener.de\/magazin\/wp-json\/wp\/v2\/pages"}],"about":[{"href":"https:\/\/uelzener.de\/magazin\/wp-json\/wp\/v2\/types\/page"}],"author":[{"embeddable":true,"href":"https:\/\/uelzener.de\/magazin\/wp-json\/wp\/v2\/users\/11"}],"replies":[{"embeddable":true,"href":"https:\/\/uelzener.de\/magazin\/wp-json\/wp\/v2\/comments?post=19550"}],"version-history":[{"count":2,"href":"https:\/\/uelzener.de\/magazin\/wp-json\/wp\/v2\/pages\/19550\/revisions"}],"predecessor-version":[{"id":19553,"href":"https:\/\/uelzener.de\/magazin\/wp-json\/wp\/v2\/pages\/19550\/revisions\/19553"}],"up":[{"embeddable":true,"href":"https:\/\/uelzener.de\/magazin\/wp-json\/wp\/v2\/pages\/11712"}],"wp:featuredmedia":[{"embeddable":true,"href":"https:\/\/uelzener.de\/magazin\/wp-json\/wp\/v2\/media\/19552"}],"wp:attachment":[{"href":"https:\/\/uelzener.de\/magazin\/wp-json\/wp\/v2\/media?parent=19550"}],"curies":[{"name":"wp","href":"https:\/\/api.w.org\/{rel}","templated":true}]}}