{"id":19541,"date":"2025-11-20T11:18:13","date_gmt":"2025-11-20T10:18:13","guid":{"rendered":"https:\/\/uelzener.de\/magazin\/?page_id=19541"},"modified":"2025-11-20T11:21:59","modified_gmt":"2025-11-20T10:21:59","slug":"warum-scharrt-ein-pferd-mit-den-hufen","status":"publish","type":"page","link":"https:\/\/uelzener.de\/magazin\/pferd\/haeufige-fragen\/warum-scharrt-ein-pferd-mit-den-hufen\/","title":{"rendered":"Warum scharrt ein Pferd mit den Hufen?"},"content":{"rendered":"<p>Das Scharren mit den Hufen geh\u00f6rt bei Pferden zum nat\u00fcrlichen Verhaltensrepertoire und kann in unterschiedlichen Situationen auftreten, beispielsweise bei der Futtersuche oder Kommunikation mit Artgenossen. Doch nicht immer erf\u00fcllt das Verhalten einen Zweck oder ist harmlos. Scharrt ein Pferd mit den Hufen, kann es sich auch um eine sogenannte Stereotypie handeln oder auf Stress, \u00dcberlastung sowie gesundheitliche Probleme hindeuten. In diesem Artikel erf\u00e4hrst du, was dahinterstecken kann, wenn Pferde mit den Hufen scharren, und wann du aufmerksam werden solltest.<\/p>\n<h2>Hufescharren beim Pferd<\/h2>\n<p>Wenn ein Pferd gelegentlich mit den Hufen scharrt, ist das erst einmal kein Grund zur Sorge. Es handelt sich dabei um eine nat\u00fcrliche Verhaltensweise, die in bestimmten Situationen immer mal wieder vorkommen kann. In freier Natur beispielsweise scharren Pferde mit den Hufen, wenn sie auf Nahrungssuche sind. Sie schieben dabei Steine, Erde oder Schnee auf dem Boden beiseite, um an Essbares zu gelangen. Das Verhalten zeigen Pferde auch dann, wenn sie sich einen Platz f\u00fcr das W\u00e4lzen herrichten oder Fliegen abwehren. Bei Hengsten geh\u00f6rt das Hufescharren au\u00dferdem zum Imponiergehabe. Sie versuchen dadurch, die Aufmerksamkeit der Stuten auf sich zu ziehen.<\/p>\n<p>Problematisch wird es, wenn Pferde regelm\u00e4\u00dfig wiederkehrend oder anhaltend mit den Hufen scharren und es keinem offensichtlichen Zweck dient. In dem Fall kann es sein, dass sich das Verhalten zu einer Stereotypie entwickelt hat oder gesundheitliche Beschwerden zugrundeliegen.<\/p>\n<h2>Das Hufescharren als stereotypes Verhalten<\/h2>\n<p>Bei manchen Pferden nimmt das Scharren mit den Hufen stereotype Z\u00fcge an. Das bedeutet, dass das Verhalten regelm\u00e4\u00dfig auftritt, ohne eine bestimmte Funktion zu erf\u00fcllen. Es ist in gewisser Weise zwanghaft, allerdings handelt es sich nicht um eine Zwangsst\u00f6rung im engeren Sinne.<\/p>\n<p>Welche Ursachen dem stereotypen Hufescharren zugrunde liegen, wird breit diskutiert. Viele vertreten die Ansicht, dass die Pferde dadurch Aufmerksamkeit auf sich ziehen und beim Menschen eine Reaktion hervorrufen m\u00f6chten. Andere deuten es als Ausdruck von Ungeduld und ordnen es als Zeichen einer mangelnden Erziehung ein. Wieder andere betrachten das Hufescharren als eine Art Ventil, mit dem sich Pferde Erleichterung verschaffen, wenn sie gestresst, frustriert oder gelangweilt sind oder zu wenig Bewegung haben. Keine der Hypothesen ist wissenschaftlich belegt.<\/p>\n<div style=\"width: 640px;\" class=\"wp-video\"><video class=\"wp-video-shortcode\" id=\"video-19541-1\" width=\"640\" height=\"360\" loop preload=\"metadata\" controls=\"controls\"><source type=\"video\/mp4\" src=\"https:\/\/uelzener.de\/magazin\/app\/uploads\/2025\/11\/GettyImages-487646048.mp4?_=1\" \/><a href=\"https:\/\/uelzener.de\/magazin\/app\/uploads\/2025\/11\/GettyImages-487646048.mp4\">https:\/\/uelzener.de\/magazin\/app\/uploads\/2025\/11\/GettyImages-487646048.mp4<\/a><\/video><\/div>\n<p>Bislang hat sich erst eine Studie (\u201ePawing by Standardbred Racehorses: Frequency and Patterns\u201c) mit dem Hufescharren als stereotypes Verhalten auseinandergesetzt. Sie stammt von den US-amerikanischen Verhaltensforscherinnen Christina L. Butler und Katherine Albro Houpt und wurde 2014 im Journal of Equine Science (25\/3) ver\u00f6ffentlicht. Zusammen mit ihrem Team untersuchten Butler und Houpt, in welcher H\u00e4ufigkeit das Hufscharren bei Trabrennpferden auftritt und ob das Verhalten mit der Tageszeit bzw. dem Trainingsstatus zusammenh\u00e4ngt. Zu diesem Zweck wurden die Tiere \u00fcber einen Zeitraum von 62 Tagen zwei Mal t\u00e4glich in Augenschein genommen: einmal morgens vor dem Training und einmal nachmittags nach dem Training. Insgesamt wurden Daten von insgesamt 41 Pferden erhoben.<\/p>\n<p>Die Studie ergab, dass mehr als die H\u00e4lfte der Tiere (58,5 %) mindestens einmal pro Tag mit den Hufen scharrte. Dabei wurde das Verhalten nach dem Training h\u00e4ufiger festgestellt als vor dem Training. Auff\u00e4llig ist au\u00dferdem, dass die Pferde an Sonntagnachmittagen, wenn kein Training stattfand, seltener scharrten. Alter und Geschlecht scheinen keinen Einfluss zu haben.<br \/>\nDass das Verhalten h\u00e4ufiger nach dem Training auftritt als davor, scheint die Annahme zu widerlegen, dass Langeweile, Bewegungsmangel oder Unterforderung urs\u00e4chlich f\u00fcr das Hufscharren sind. Stattdessen ist es wahrscheinlicher, dass sich die Pferde damit Erleichterung verschaffen m\u00f6chten. Denkbar ist beispielsweise, dass sie durch das Hufescharren versuchen, Verspannungen oder Muskelkater zu lindern. Doch auch diese Annahme ist bislang nicht erwiesen.<\/p>\n<p>Zudem besteht immer die M\u00f6glichkeit, dass das Hufescharren bei Pferden durch den Halter oder die Halterin unbewusst anerzogen ist oder zumindest best\u00e4rkt wird. Scharrt ein Pferd zur F\u00fctterungszeit mit den Hufen und erh\u00e4lt einige Zeit sp\u00e4ter sein Fressen, kann es sein, dass es beide Aktivit\u00e4ten miteinander verkn\u00fcpft. Das Pferd glaubt dann, dass das Futter kommt, wenn es mit den Hufen scharrt. In dem Fall kann man von einer Konditionierung sprechen.<\/p>\n<h2>Hufescharren durch Stress: Was tun?<\/h2>\n<p>Das Scharren mit den Hufen ist ein Verhalten, das bei vielen Haltern und Halterinnen unerw\u00fcnscht ist, besonders wenn es am Putzplatz oder vor der F\u00fctterung auftritt. Zum einen st\u00f6rt es, zum anderen ist es f\u00fcr das Pferd, f\u00fcr Artgenossen und f\u00fcr den Menschen mit einem Verletzungsrisiko verbunden. Gerade auf engem Raum kann es schnell passieren, dass das Pferd beim Scharren sich selbst oder anderen Schaden zuf\u00fcgt. Hinzu kommt, dass sich die Hufe st\u00e4rker abnutzen, wenn sie \u00fcber harte Untergr\u00fcnde wie Beton- oder Steinb\u00f6den schleifen.<\/p>\n<h3>Ist Stress urs\u00e4chlich f\u00fcr das Verhalten, gilt es, den Ursachen auf den Grund zu gehen und gegenzusteuern. Zu den h\u00e4ufigsten Ausl\u00f6sern f\u00fcr Stress bei Pferden z\u00e4hlen:<\/h3>\n<ul>\n<li>Bewegungsmangel<\/li>\n<li>Fehlender Sozialkontakt<\/li>\n<li>Konflikte in der Herde<\/li>\n<li>Ressourcenknappheit<\/li>\n<li>\u00dcberforderung durch Training<\/li>\n<li>Ungeeignete Ern\u00e4hrung<\/li>\n<\/ul>\n<h3>Je nach Ursache k\u00f6nnen folgende Ma\u00dfnahmen dabei helfen, Stress zu reduzieren:<\/h3>\n<ul>\n<li>Weidezeiten verl\u00e4ngern, mehr freie Bewegung erm\u00f6glichen<\/li>\n<li>Training reduzieren, Pausen einhalten<\/li>\n<li>Stall- bzw. Boxenwechsel bei Unstimmigkeiten mit Artgenossen oder fehlendem Sozialkontakt<\/li>\n<li>Ern\u00e4hrung umstellen<\/li>\n<li>Ruhige Umgebung beim F\u00fcttern und Putzen schaffen<\/li>\n<\/ul>\n<p>Wichtig im Hinterkopf zu behalten ist, dass Pferde sehr sensibel auf Au\u00dfenreize reagieren und Stimmungen sehr gut wahrnehmen. Hektik oder Unsicherheiten auf Seiten des Halters oder der Halterin k\u00f6nnen sich schnell auf die Tiere \u00fcbertragen und ebenfalls Stress ausl\u00f6sen. Deswegen ist es entscheidend, als Mensch Ruhe und Selbstbewusstsein auszustrahlen und dem Pferd ein Gef\u00fchl der Sicherheit zu geben.<\/p>\n<h2>Hufescharren als Hinweis auf gesundheitliche Probleme<\/h2>\n<p>H\u00e4ufiges Scharren kann auch ein Hinweis auf gesundheitliche Probleme sein. Pferde, denen beispielsweise die Hufe weh tun, versuchen dadurch, ihr Gewicht zu verlagern und sich Linderung zu verschaffen. Schmerzende Hufe k\u00f6nnen verschiedene Ursachen haben und beispielsweise durch Geschw\u00fcre oder Abszesse hervorgerufen werden. Besonders gef\u00e4hrlich ist die sogenannte Hufrehe, der eine Entz\u00fcndung der Huflederhaut zugrunde liegt. Sie muss umgehend medizinisch behandelt werden, da ansonsten die Blutzufuhr zum Huf unterbrochen werden kann, wodurch im weiteren Verlauf die Abl\u00f6sung der kompletten Hufkapsel droht.<\/p>\n<p>Auch eine Kolik ist ein medizinischer Notfall. Sie \u00e4u\u00dfert sich in krampfartigen Schmerzen in der Bauchgegend und kann beispielsweise auf Verstopfungen oder \u00fcberm\u00e4\u00dfige Gasbildung im Magen-Darm-Trakt zur\u00fcckzuf\u00fchren sein. Aufgrund der Schmerzen sind betroffene Pferde meist sehr unruhig, scharren mit den Hufen, flehmen, werfen den Kopf nach hinten oder w\u00e4lzen sich hin und her. Bleibt eine Kolik unbehandelt, kann es zu einer Darmverschlingung oder einem Darmverschluss kommen. Beides ist lebensbedrohlich. Bei Anzeichen einer Kolik muss das Pferd umgehend medizinisch versorgt werden.<\/p>\n<p>Wenn der Verdacht besteht, dass das Hufescharren mit einem gesundheitlichen Problem zu tun hat, ist es sinnvoll, auf Nummer sicher zu gehen und das Pferd schnellstm\u00f6glich dem Tierarzt oder der Tier\u00e4rztin vorzustellen. Bei so gut wie jeder Erkrankung gilt: Je fr\u00fcher die Diagnose, desto besser die Heilungschancen. Eine Kranken-, OP- oder Kolik-Versicherung f\u00fcr Pferde \u00fcbernimmt die Kosten, wenn das Tier behandelt werden muss, und bietet im Ernstfall finanziellen Schutz.<\/p>\n\n<div class=\"banner\">\n    <a href=\"https:\/\/uelzener.de\/pferd\/pferde-op-versicherung\/?agt=0000104925&sem=true&utm_medium=magazin&utm_source=wordpress&utm_campaign=pferd_kolik&utm_content=banner\">\n        <img decoding=\"async\" width=\"300\" height=\"212\" src=\"https:\/\/uelzener.de\/magazin\/app\/uploads\/2025\/01\/Pferde-Kolik-Versicherung.jpg\" class=\"attachment-medium size-medium\" alt=\"Banner Pferde-Kolik-Versicherung\" \/>    <\/a>\n<\/div>\n\n<h2>Fazit<\/h2>\n<p>Das Scharren mit den Hufen kann verschiedene Gr\u00fcnde haben. Einerseits geh\u00f6rt es zu den nat\u00fcrlichen Verhaltensweisen eines Pferdes, es besteht aber auch die M\u00f6glichkeit, dass es sich um ein Warnsignal handelt, dass auf Stress oder Schmerzen hinweist. Tritt das Scharren nur gelegentlich auf, besteht meist kein Grund zur Sorge. Kommt es jedoch h\u00e4ufiger vor, empfiehlt es sich, die Lebensumst\u00e4nde und die psychische wie physische Konstitution des Pferdes genauer in den Blick zu nehmen. Bei Verdacht auf gesundheitliche Probleme ist ein tier\u00e4rztlicher Check unumg\u00e4nglich. Entscheidend ist, das Pferd aufmerksam zu beobachten und bei Ver\u00e4nderungen lieber fr\u00fcher als sp\u00e4ter zu reagieren.<\/p>\n\n<div class=\"related_articles boxed\">\n    <h2>Mehr zum Thema<\/h2>\n    \n    <div class=\"wrapper\"><div class=\"title align-center\"><h3><a href=\"https:\/\/uelzener.de\/magazin\/pferd\/haltung\/pferdespielzeug-gegen-langeweile-bei-pferden\/\">Pferdespielzeug gegen Langeweile im Stall und auf der Weide<\/a><\/h3><\/div><div class=\"img align-center\"><img decoding=\"async\" width=\"315\" height=\"180\" src=\"https:\/\/uelzener.de\/magazin\/app\/uploads\/2022\/06\/Spielzeug-fuer-Pferde-315x180.jpg\" class=\"attachment-315x180 size-315x180 wp-post-image\" alt=\"Das Pferd schubst den rosa Ball \u00fcber seine Koppel, Pferdespielzeug hilft gegen Langeweile.\" \/><\/div><\/div><div class=\"wrapper\"><div class=\"title align-center\"><h3><a href=\"https:\/\/uelzener.de\/magazin\/pferd\/erziehung-und-training\/pferd-angst-vor-spruehflasche-nehmen-anleitung-training\/\">Dem Pferd die Angst vor der Spr\u00fchflasche nehmen: Anleitung f\u00fcrs Training<\/a><\/h3><\/div><div class=\"img align-center\"><img decoding=\"async\" width=\"315\" height=\"180\" src=\"https:\/\/uelzener.de\/magazin\/app\/uploads\/2024\/08\/pfred-an-sprayflasche-gewoehnen-315x180.jpg\" class=\"attachment-315x180 size-315x180 wp-post-image\" alt=\"Pferd an Spr\u00fchflasche gew\u00f6hnen.\" \/><\/div><\/div><div class=\"wrapper\"><div class=\"title align-center\"><h3><a href=\"https:\/\/uelzener.de\/magazin\/pferd\/tiergesundheit\/koppen-alle-fakten-zur-verhaltensstoerung-beim-pferd\/\">Koppen: Alle Fakten zur Verhaltensst\u00f6rung beim Pferd<\/a><\/h3><\/div><div class=\"img align-center\"><img decoding=\"async\" width=\"315\" height=\"180\" src=\"https:\/\/uelzener.de\/magazin\/app\/uploads\/2025\/03\/Pferd_koppen-315x180.jpg\" class=\"attachment-315x180 size-315x180 wp-post-image\" alt=\"Ein Pferd bei\u00dft verkrampft auf einen Zaun.\" \/><\/div><\/div><\/div>\n\n<h2>FAQ: H\u00e4ufig gestellte Fragen zum Thema Hufescharren beim Pferd<\/h2>\n<h3>Kann Langeweile im Stall Hufescharren ausl\u00f6sen?<\/h3>\n<p>Ja. Manche Pferde, die zu wenig Bewegung oder Besch\u00e4ftigung haben, scharren mit den Hufen und versuchen auf diese Weise, Stress abzubauen. L\u00e4ngere Weidezeiten, mehr Sozialkontakt und ein strukturierter Tagesablauf k\u00f6nnen helfen, dem Verhalten entgegenzusteuern.<\/p>\n<h3>Mein Pferd scharrt vor dem Reiten \u2013 was bedeutet das?<\/h3>\n<p>Das Scharren vor dem Reiten kann ein Ausdruck von Aufregung oder Vorfreude sein, aber auch mit Stress zusammenh\u00e4ngen. Feste Routinen und eine ruhige Vorbereitung k\u00f6nnen dabei helfen, dem Pferd Sicherheit zu vermitteln und die Aufregung zu reduzieren.<\/p>\n<h3>Nutzt sich der Huf durch h\u00e4ufiges Scharren ab?<\/h3>\n<p>Ja, vor allem auf harten B\u00f6den. Die Folge k\u00f6nnen ein zu starker oder ungleichm\u00e4\u00dfiger Hornabrieb und kleine Risse sein. Eine regelm\u00e4\u00dfige Hufkontrolle und -pflege sind dann besonders wichtig.<\/p>\n<h3>Ist Scharren ein Zeichen f\u00fcr schlechte Erziehung?<\/h3>\n<p>Vermehrtes Scharren wird h\u00e4ufig mit mangelnder Erziehung in Verbindung gebracht. Die Angelegenheit ist jedoch komplexer. Manche Pferde lernen durch ung\u00fcnstige Assoziationen, dass das Scharren Aufmerksamkeit bringt \u2013 etwa wenn sie danach Futter bekommen. In diesem Fall werden sie unbeabsichtigter Weise falsch konditioniert.<\/p>\n<h3>Mein Pferd scharrt nur beim Putzen. Warum?<\/h3>\n<p>Das kann darauf hindeuten, dass sich das Pferd unwohl f\u00fchlt oder das Prozedere schnell hinter sich bringen will. Es kann helfen, das Pferd vor dem Putzen kurz zu bewegen oder die Routine abwechslungsreicher zu gestalten.<\/p>\n","protected":false},"excerpt":{"rendered":"<p>Das Scharren mit den Hufen geh\u00f6rt bei Pferden zum nat\u00fcrlichen Verhaltensrepertoire und kann in unterschiedlichen Situationen auftreten, beispielsweise bei der Futtersuche oder Kommunikation mit Artgenossen. Doch nicht immer erf\u00fcllt das Verhalten einen Zweck oder ist harmlos. Scharrt ein Pferd mit den Hufen, kann es sich auch um eine sogenannte Stereotypie handeln oder auf Stress, \u00dcberlastung [&hellip;]<\/p>\n","protected":false},"author":11,"featured_media":19544,"parent":11685,"menu_order":10,"comment_status":"closed","ping_status":"closed","template":"templates\/blog.php","meta":{"_acf_changed":false,"_crdt_document":"","footnotes":"","beyondwords_generate_audio":"","beyondwords_project_id":"","beyondwords_content_id":"","beyondwords_preview_token":"","beyondwords_player_style":"","beyondwords_language_id":"","beyondwords_title_voice_id":"","beyondwords_body_voice_id":"","beyondwords_summary_voice_id":"","beyondwords_error_message":"","beyondwords_disabled":"","beyondwords_delete_content":"","beyondwords_podcast_id":"","beyondwords_hash":"","publish_post_to_speechkit":"","speechkit_hash":"","speechkit_generate_audio":"","speechkit_project_id":"","speechkit_podcast_id":"","speechkit_error_message":"","speechkit_disabled":"","speechkit_access_key":"","speechkit_error":"","speechkit_info":"","speechkit_response":"","speechkit_retries":"","speechkit_status":"","speechkit_updated_at":"","_speechkit_link":"","_speechkit_text":""},"class_list":["post-19541","page","type-page","status-publish","has-post-thumbnail","hentry"],"acf":[],"yoast_head":"<!-- This site is optimized with the Yoast SEO Premium plugin  - https:\/\/yoast.com\/product\/yoast-seo-premium-wordpress\/ -->\n<title>Warum scharrt ein Pferd mit den Hufen? | Uelzener Magazin<\/title>\n<meta name=\"description\" content=\"Das Hufscharren ist ein typisches Verhalten bei Pferden. Finde heraus, wann es normal und wann es alarmierend ist.\" \/>\n<meta name=\"robots\" content=\"index, follow, max-snippet:-1, max-image-preview:large, max-video-preview:-1\" \/>\n<link rel=\"canonical\" href=\"https:\/\/uelzener.de\/magazin\/pferd\/haeufige-fragen\/warum-scharrt-ein-pferd-mit-den-hufen\/\" \/>\n<meta property=\"og:locale\" content=\"de_DE\" \/>\n<meta property=\"og:type\" content=\"article\" \/>\n<meta property=\"og:title\" content=\"Warum scharrt ein Pferd mit den Hufen?\" \/>\n<meta property=\"og:description\" content=\"Das Hufscharren ist ein typisches Verhalten bei Pferden. Finde heraus, wann es normal und wann es alarmierend ist.\" \/>\n<meta property=\"og:url\" content=\"https:\/\/uelzener.de\/magazin\/pferd\/haeufige-fragen\/warum-scharrt-ein-pferd-mit-den-hufen\/\" \/>\n<meta property=\"og:site_name\" content=\"Uelzener Tier-Magazin\" \/>\n<meta property=\"article:publisher\" content=\"https:\/\/www.facebook.com\/Uelzener\" \/>\n<meta property=\"article:modified_time\" content=\"2025-11-20T10:21:59+00:00\" \/>\n<meta property=\"og:image\" content=\"https:\/\/uelzener.de\/magazin\/app\/uploads\/2025\/11\/hufscharren.jpg\" \/>\n\t<meta property=\"og:image:width\" content=\"1025\" \/>\n\t<meta property=\"og:image:height\" content=\"450\" \/>\n\t<meta property=\"og:image:type\" content=\"image\/jpeg\" \/>\n<meta name=\"twitter:card\" content=\"summary_large_image\" \/>\n<meta name=\"twitter:label1\" content=\"Gesch\u00e4tzte Lesezeit\" \/>\n\t<meta name=\"twitter:data1\" content=\"9\u00a0Minuten\" \/>\n<script type=\"application\/ld+json\" class=\"yoast-schema-graph\">{\"@context\":\"https:\/\/schema.org\",\"@graph\":[{\"@type\":\"WebPage\",\"@id\":\"https:\/\/uelzener.de\/magazin\/pferd\/haeufige-fragen\/warum-scharrt-ein-pferd-mit-den-hufen\/\",\"url\":\"https:\/\/uelzener.de\/magazin\/pferd\/haeufige-fragen\/warum-scharrt-ein-pferd-mit-den-hufen\/\",\"name\":\"Warum scharrt ein Pferd mit den Hufen? | Uelzener Magazin\",\"isPartOf\":{\"@id\":\"https:\/\/uelzener.de\/magazin\/#website\"},\"primaryImageOfPage\":{\"@id\":\"https:\/\/uelzener.de\/magazin\/pferd\/haeufige-fragen\/warum-scharrt-ein-pferd-mit-den-hufen\/#primaryimage\"},\"image\":{\"@id\":\"https:\/\/uelzener.de\/magazin\/pferd\/haeufige-fragen\/warum-scharrt-ein-pferd-mit-den-hufen\/#primaryimage\"},\"thumbnailUrl\":\"https:\/\/uelzener.de\/magazin\/app\/uploads\/2025\/11\/hufscharren.jpg\",\"datePublished\":\"2025-11-20T10:18:13+00:00\",\"dateModified\":\"2025-11-20T10:21:59+00:00\",\"description\":\"Das Hufscharren ist ein typisches Verhalten bei Pferden. Finde heraus, wann es normal und wann es alarmierend ist.\",\"breadcrumb\":{\"@id\":\"https:\/\/uelzener.de\/magazin\/pferd\/haeufige-fragen\/warum-scharrt-ein-pferd-mit-den-hufen\/#breadcrumb\"},\"inLanguage\":\"de\",\"potentialAction\":[{\"@type\":\"ReadAction\",\"target\":[\"https:\/\/uelzener.de\/magazin\/pferd\/haeufige-fragen\/warum-scharrt-ein-pferd-mit-den-hufen\/\"]}]},{\"@type\":\"ImageObject\",\"inLanguage\":\"de\",\"@id\":\"https:\/\/uelzener.de\/magazin\/pferd\/haeufige-fragen\/warum-scharrt-ein-pferd-mit-den-hufen\/#primaryimage\",\"url\":\"https:\/\/uelzener.de\/magazin\/app\/uploads\/2025\/11\/hufscharren.jpg\",\"contentUrl\":\"https:\/\/uelzener.de\/magazin\/app\/uploads\/2025\/11\/hufscharren.jpg\",\"width\":1025,\"height\":450},{\"@type\":\"WebSite\",\"@id\":\"https:\/\/uelzener.de\/magazin\/#website\",\"url\":\"https:\/\/uelzener.de\/magazin\/\",\"name\":\"Uelzener Tiermagazin\",\"description\":\"Online Tierratgeber der Uelzener Versicherungen\",\"publisher\":{\"@id\":\"https:\/\/uelzener.de\/magazin\/#organization\"},\"potentialAction\":[{\"@type\":\"SearchAction\",\"target\":{\"@type\":\"EntryPoint\",\"urlTemplate\":\"https:\/\/uelzener.de\/magazin\/?s={search_term_string}\"},\"query-input\":{\"@type\":\"PropertyValueSpecification\",\"valueRequired\":true,\"valueName\":\"search_term_string\"}}],\"inLanguage\":\"de\"},{\"@type\":\"Organization\",\"@id\":\"https:\/\/uelzener.de\/magazin\/#organization\",\"name\":\"Uelzener Versicherungen\",\"url\":\"https:\/\/uelzener.de\/magazin\/\",\"logo\":{\"@type\":\"ImageObject\",\"inLanguage\":\"de\",\"@id\":\"https:\/\/uelzener.de\/magazin\/#\/schema\/logo\/image\/\",\"url\":\"https:\/\/uelzener.de\/magazin\/app\/uploads\/2024\/11\/uelzener_allgemeine_versicherungsgesellschaft_a_g_logo.jpg\",\"contentUrl\":\"https:\/\/uelzener.de\/magazin\/app\/uploads\/2024\/11\/uelzener_allgemeine_versicherungsgesellschaft_a_g_logo.jpg\",\"width\":200,\"height\":200,\"caption\":\"Uelzener Versicherungen\"},\"image\":{\"@id\":\"https:\/\/uelzener.de\/magazin\/#\/schema\/logo\/image\/\"},\"sameAs\":[\"https:\/\/www.facebook.com\/Uelzener\",\"https:\/\/instagram.com\/uelzener\",\"https:\/\/www.xing.com\/pages\/uelzenerallgemeineversicherungs-gesellschafta-g\",\"https:\/\/www.youtube.com\/UelzenerVersicherungen\"]}]}<\/script>\n<!-- \/ Yoast SEO Premium plugin. -->","yoast_head_json":{"title":"Warum scharrt ein Pferd mit den Hufen? | Uelzener Magazin","description":"Das Hufscharren ist ein typisches Verhalten bei Pferden. Finde heraus, wann es normal und wann es alarmierend ist.","robots":{"index":"index","follow":"follow","max-snippet":"max-snippet:-1","max-image-preview":"max-image-preview:large","max-video-preview":"max-video-preview:-1"},"canonical":"https:\/\/uelzener.de\/magazin\/pferd\/haeufige-fragen\/warum-scharrt-ein-pferd-mit-den-hufen\/","og_locale":"de_DE","og_type":"article","og_title":"Warum scharrt ein Pferd mit den Hufen?","og_description":"Das Hufscharren ist ein typisches Verhalten bei Pferden. Finde heraus, wann es normal und wann es alarmierend ist.","og_url":"https:\/\/uelzener.de\/magazin\/pferd\/haeufige-fragen\/warum-scharrt-ein-pferd-mit-den-hufen\/","og_site_name":"Uelzener Tier-Magazin","article_publisher":"https:\/\/www.facebook.com\/Uelzener","article_modified_time":"2025-11-20T10:21:59+00:00","og_image":[{"width":1025,"height":450,"url":"https:\/\/uelzener.de\/magazin\/app\/uploads\/2025\/11\/hufscharren.jpg","type":"image\/jpeg"}],"twitter_card":"summary_large_image","twitter_misc":{"Gesch\u00e4tzte Lesezeit":"9\u00a0Minuten"},"schema":{"@context":"https:\/\/schema.org","@graph":[{"@type":"WebPage","@id":"https:\/\/uelzener.de\/magazin\/pferd\/haeufige-fragen\/warum-scharrt-ein-pferd-mit-den-hufen\/","url":"https:\/\/uelzener.de\/magazin\/pferd\/haeufige-fragen\/warum-scharrt-ein-pferd-mit-den-hufen\/","name":"Warum scharrt ein Pferd mit den Hufen? | Uelzener Magazin","isPartOf":{"@id":"https:\/\/uelzener.de\/magazin\/#website"},"primaryImageOfPage":{"@id":"https:\/\/uelzener.de\/magazin\/pferd\/haeufige-fragen\/warum-scharrt-ein-pferd-mit-den-hufen\/#primaryimage"},"image":{"@id":"https:\/\/uelzener.de\/magazin\/pferd\/haeufige-fragen\/warum-scharrt-ein-pferd-mit-den-hufen\/#primaryimage"},"thumbnailUrl":"https:\/\/uelzener.de\/magazin\/app\/uploads\/2025\/11\/hufscharren.jpg","datePublished":"2025-11-20T10:18:13+00:00","dateModified":"2025-11-20T10:21:59+00:00","description":"Das Hufscharren ist ein typisches Verhalten bei Pferden. Finde heraus, wann es normal und wann es alarmierend ist.","breadcrumb":{"@id":"https:\/\/uelzener.de\/magazin\/pferd\/haeufige-fragen\/warum-scharrt-ein-pferd-mit-den-hufen\/#breadcrumb"},"inLanguage":"de","potentialAction":[{"@type":"ReadAction","target":["https:\/\/uelzener.de\/magazin\/pferd\/haeufige-fragen\/warum-scharrt-ein-pferd-mit-den-hufen\/"]}]},{"@type":"ImageObject","inLanguage":"de","@id":"https:\/\/uelzener.de\/magazin\/pferd\/haeufige-fragen\/warum-scharrt-ein-pferd-mit-den-hufen\/#primaryimage","url":"https:\/\/uelzener.de\/magazin\/app\/uploads\/2025\/11\/hufscharren.jpg","contentUrl":"https:\/\/uelzener.de\/magazin\/app\/uploads\/2025\/11\/hufscharren.jpg","width":1025,"height":450},{"@type":"WebSite","@id":"https:\/\/uelzener.de\/magazin\/#website","url":"https:\/\/uelzener.de\/magazin\/","name":"Uelzener Tiermagazin","description":"Online Tierratgeber der Uelzener Versicherungen","publisher":{"@id":"https:\/\/uelzener.de\/magazin\/#organization"},"potentialAction":[{"@type":"SearchAction","target":{"@type":"EntryPoint","urlTemplate":"https:\/\/uelzener.de\/magazin\/?s={search_term_string}"},"query-input":{"@type":"PropertyValueSpecification","valueRequired":true,"valueName":"search_term_string"}}],"inLanguage":"de"},{"@type":"Organization","@id":"https:\/\/uelzener.de\/magazin\/#organization","name":"Uelzener Versicherungen","url":"https:\/\/uelzener.de\/magazin\/","logo":{"@type":"ImageObject","inLanguage":"de","@id":"https:\/\/uelzener.de\/magazin\/#\/schema\/logo\/image\/","url":"https:\/\/uelzener.de\/magazin\/app\/uploads\/2024\/11\/uelzener_allgemeine_versicherungsgesellschaft_a_g_logo.jpg","contentUrl":"https:\/\/uelzener.de\/magazin\/app\/uploads\/2024\/11\/uelzener_allgemeine_versicherungsgesellschaft_a_g_logo.jpg","width":200,"height":200,"caption":"Uelzener Versicherungen"},"image":{"@id":"https:\/\/uelzener.de\/magazin\/#\/schema\/logo\/image\/"},"sameAs":["https:\/\/www.facebook.com\/Uelzener","https:\/\/instagram.com\/uelzener","https:\/\/www.xing.com\/pages\/uelzenerallgemeineversicherungs-gesellschafta-g","https:\/\/www.youtube.com\/UelzenerVersicherungen"]}]}},"_links":{"self":[{"href":"https:\/\/uelzener.de\/magazin\/wp-json\/wp\/v2\/pages\/19541","targetHints":{"allow":["GET"]}}],"collection":[{"href":"https:\/\/uelzener.de\/magazin\/wp-json\/wp\/v2\/pages"}],"about":[{"href":"https:\/\/uelzener.de\/magazin\/wp-json\/wp\/v2\/types\/page"}],"author":[{"embeddable":true,"href":"https:\/\/uelzener.de\/magazin\/wp-json\/wp\/v2\/users\/11"}],"replies":[{"embeddable":true,"href":"https:\/\/uelzener.de\/magazin\/wp-json\/wp\/v2\/comments?post=19541"}],"version-history":[{"count":2,"href":"https:\/\/uelzener.de\/magazin\/wp-json\/wp\/v2\/pages\/19541\/revisions"}],"predecessor-version":[{"id":19548,"href":"https:\/\/uelzener.de\/magazin\/wp-json\/wp\/v2\/pages\/19541\/revisions\/19548"}],"up":[{"embeddable":true,"href":"https:\/\/uelzener.de\/magazin\/wp-json\/wp\/v2\/pages\/11685"}],"wp:featuredmedia":[{"embeddable":true,"href":"https:\/\/uelzener.de\/magazin\/wp-json\/wp\/v2\/media\/19544"}],"wp:attachment":[{"href":"https:\/\/uelzener.de\/magazin\/wp-json\/wp\/v2\/media?parent=19541"}],"curies":[{"name":"wp","href":"https:\/\/api.w.org\/{rel}","templated":true}]}}