{"id":19537,"date":"2025-11-19T10:14:29","date_gmt":"2025-11-19T09:14:29","guid":{"rendered":"https:\/\/uelzener.de\/magazin\/?page_id=19537"},"modified":"2025-11-20T10:33:51","modified_gmt":"2025-11-20T09:33:51","slug":"selkirk-rex-lockenfell","status":"publish","type":"page","link":"https:\/\/uelzener.de\/magazin\/katze\/rasseportrait\/selkirk-rex-lockenfell\/","title":{"rendered":"Selkirk Rex: Sanfte Sch\u00f6nheit mit Lockenfell"},"content":{"rendered":"<p>Die Selkirk Rex wird seit Ende der 1980er-Jahre gez\u00fcchtet und ist damit eine noch relativ junge Katzenrasse. Trotzdem hat sie bereits viele Herzen im Sturm erobert. Ihr Markenzeichen ist ihr gelocktes Fell, das lang oder kurz ausgebildet sein kann und der Katze ein fast pl\u00fcschiges Aussehen verleiht. Die Selkirk Rex zeichnet sich aber nicht nur durch eine au\u00dfergew\u00f6hnliche Optik, sondern auch durch einen \u00e4u\u00dferst sanftm\u00fctigen Charakter aus. Sie gilt als freundlich, ausgeglichen und verspielt und ist dem Menschen sehr zugewandt. In unserem Artikel verraten wir dir mehr \u00fcber die Herkunft und die Besonderheiten der Selkirk Rex und erkl\u00e4ren, worauf bei der Haltung zu achten ist.<\/p>\n<h2>Zur Geschichte der Selkirk Rex<\/h2>\n<p>Die Selkirk Rex blickt auf eine noch relativ kurze Rassegeschichte zur\u00fcck. \u201eEntdeckt\u201c wurde sie im Jahr 1987 in einem US-amerikanischen Tierheim. Dort wurde ein Wurf mit Hausk\u00e4tzchen abgegeben, unter denen sich ein Kitten mit blau-wei\u00dfem, gelocktem Fell, krausen Schnurhaaren und strahlend gr\u00fcnen Augen befand. Schnell war klar, dass es sich dabei nicht um eine gew\u00f6hnliche Hauskatze handeln konnte. Infolgedessen \u00fcbergab man das Tier an eine Perserkatzenz\u00fcchterin namens Jeri Newman. Sie nannte die Katze \u201eMiss Depesto of Noface\u201c und startete mit ihr ein Zuchtprogramm. Dabei fand sie heraus, dass das Lockenfell dominant vererbt wird. Darin unterscheidet sich die Selkirk Rex von der Devon Rex und Cornish Rex. Diese beiden Katzenrassen haben ebenfalls gelocktes Fell, dieses wird allerdings rezessiv vererbt. Da der Genpool der Selkirk Rex verh\u00e4ltnism\u00e4\u00dfig klein ist, werden bei der Zucht gezielt andere Rassen wie die British Shorthair, Exotic Shorthair oder Perserkatze eingekreuzt. Dadurch kann es sein, dass aus einem Wurf auch glatthaarige Selkirk Rex hervorgehen. In dem Fall sind beide Elternteile mischerbig.<\/p>\n<h2>Zum Aussehen der Selkirk Rex<\/h2>\n<p>Die Selkirk Rex ist eine mittelgro\u00dfe bis gro\u00dfe Katze mit einem st\u00e4mmigen, muskul\u00f6sen K\u00f6rperbau, breiten Schultern und mittellangen Beinen, die in gro\u00dfen Pfoten enden. Sie hat einen runden Kopf, volle Wangen, eine kurze Nase, ein kr\u00e4ftiges Kinn und kurze, breite Ohren. Die gro\u00dfen, runden Augen stehen weit auseinander und haben eine gr\u00fcne, goldene oder gelbe Farbe. Kennzeichnend f\u00fcr die Selkirk Rex ist ihr Lockenfell, wobei es auch Exemplare mit glattem Haarkleid gibt. Das Fell kann in allen Farben und Mustern vorkommen und lang oder kurz ausgepr\u00e4gt sein. Der Schwanz ist buschig und endet in einer runden Spitze.<\/p>\n<p>Problematisch an dem Locken-Gen der Selkirk Rex ist, dass es gekr\u00e4uselte Schnurrhaare verursacht. Diese k\u00f6nnen als Qualzuchtmerkmal eingeordnet werden. Normalerweise nutzen Katzen ihre Schnurrhaare wie eine Art Tastorgan, um Entfernungen einzusch\u00e4tzen, sich im Dunkeln zu orientieren und \u00fcber die Wahrnehmung von Luftstr\u00f6mungen Beutetiere zu orten. Da die Schnurrhaare bei der Selkirk Rex gewellt und verk\u00fcrzt sind, sind sie in ihrer Tastfunktion stark eingeschr\u00e4nkt. Das f\u00fchrt dazu, dass sich die Katzen nicht arttypisch verhalten k\u00f6nnen.<\/p>\n<h2>Charakter der Selkirk Rex<\/h2>\n<p>Die Selkirk Rex ist eine freundliche, neugierige und aufgeschlossene Katze. Sie ist verspielt und verschmust, bindet sich eng an ihren Menschen und liebt es, in seiner N\u00e4he zu sein. Aus diesem Grund wird die Katzenrasse h\u00e4ufig mit Hunden verglichen. Die Anh\u00e4nglichkeit hat aber auch einen Nachteil: Alleine bleiben kann die Selkirk Rex nicht besonders gut. Sie braucht Gesellschaft \u2013 sei es durch ihre Familie oder Artgenossen. Das ist bei der Anschaffung vorab zu bedenken. Mit Kindern kommt die Rasse im Normalfall gut zurecht, ein respektvoller Umgang vorausgesetzt. Wichtig ist, dass sich das Tier jederzeit zur\u00fcckziehen kann. Denn nur weil die Selkirk Rex Gesellschaft mag, hei\u00dft das nicht, dass sie nicht auch mal Ruhe braucht.<\/p>\n<h2>Was ist bei der Haltung und Pflege der Selkirk Rex zu beachten?<\/h2>\n<p>Die Selkirk Rex kann gut als Wohnungskatze gehalten werden, sofern sie nicht dauerhaft auf sich allein gestellt ist. Wenn du mehrere Stunden am Tag au\u00dfer Haus bist, solltest du sicherstellen, dass sie in irgendeiner Form Gesellschaft hat. Empfehlenswert in dem Zusammenhang ist die Haltung mit einer weiteren Katze oder einem gut sozialisierten Hund. Allerdings akzeptiert nicht jede Selkirk Rex einen Artgenossen oder ein anderes Tier als Ersatz f\u00fcr ihre Bezugsperson, was sich in maunzendem Protest \u00e4u\u00dfern kann.<\/p>\n<p>Wichtig ist zudem, dass der Selkirk Rex ausreichend Besch\u00e4ftigungsm\u00f6glichkeiten zur Verf\u00fcgung stehen. Dazu eignen sich beispielsweise:<\/p>\n<ul>\n<li>B\u00e4lle und Federangeln: Die Selkirk Rex liebt Spiele, in denen sie gemeinsam mit ihrem Menschen interagieren kann.<\/li>\n<li>Kletter- und Kratzm\u00f6bel: Kletterb\u00e4ume und Kratzm\u00f6bel werden von fast allen Katzen gerne genutzt. Besonders gut kommen Modelle mit mehreren Ebenen und R\u00fcckzugsorten zum Beobachten und D\u00f6sen an.<\/li>\n<li>Intelligenz- und Futterspielzeug: Intelligenz- und Futterspielzeug eignet sich wunderbar f\u00fcr die neugierige Selkirk Rex und h\u00e4lt sie geistig auf Trab.<\/li>\n<li>Tricks: Kleine Trainingseinheiten, etwa das Erlernen einfacher Tricks, f\u00f6rdern die Bindung zwischen Mensch und Tier und sind eine tolle Besch\u00e4ftigungsm\u00f6glichkeit. Es reicht nicht, sich mit dem Tier einmal pro Tag auseinanderzusetzen. Die Selkirk Rex ist eine aktive Katze, die geistig und k\u00f6rperlich gef\u00f6rdert werden und am Alltag ihrer Familie teilnehmen will.<\/li>\n<\/ul>\n<p>Trotz ihres pl\u00fcschigen Haarkleids ist die Selkirk Rex relativ pflegeleicht. Es reicht, sie w\u00f6chentlich durchzub\u00fcrsten \u2013 w\u00e4hrend des Fellwechsels vielleicht das ein oder andere Mal mehr. Das Fell haart kaum und neigt nicht zum Verfilzen. Dadurch muss wenig Aufwand betrieben werden. Regelm\u00e4\u00dfige Kontrollen der Pfoten, Ohren, Augen und Z\u00e4hne geh\u00f6ren wie bei jeder Katze dazu, um gesundheitliche Probleme fr\u00fchzeitig zu erkennen. Was die Ern\u00e4hrung betrifft, ist auf ein hochwertiges, gesundes und ausgewogenes Futter zu achten. Gerade Wohnungskatzen k\u00f6nnen schnell \u00dcbergewicht entwickeln, so dass hier besonderes Augenmerk gefordert ist.<\/p>\n\n<div class=\"banner\">\n    <a href=\"https:\/\/uelzener.de\/katze\/katzen-krankenversicherung\/?agt=0000104925&sem=true&utm_medium=magazin&utm_source=wordpress&utm_campaign=katze_kv&utm_content=banner\">\n        <img decoding=\"async\" width=\"300\" height=\"212\" src=\"https:\/\/uelzener.de\/magazin\/app\/uploads\/2025\/01\/Katzen-Kranken-Versicherung.jpg\" class=\"attachment-medium size-medium\" alt=\"Banner Katzen-Kranken-Versicherung\" \/>    <\/a>\n<\/div>\n\n<h2>Fazit<\/h2>\n<p>Die Selkirk Rex vereint eine markante Optik mit einem liebenswerten Wesen. Sie kommt gut mit anderen Tieren und Kindern zurecht und kann als Wohnungskatze mit oder ohne Freigang gehalten werden. Allerdings solltest du ber\u00fccksichtigen, dass sie nicht gern alleine ist und viel N\u00e4he und Besch\u00e4ftigung braucht. Wenn du ihr diese Aufmerksamkeit Tag f\u00fcr Tag schenken kannst, findest du in der Selkirk Rex eine verschmuste, verspielte und treue Begleiterin, die viel W\u00e4rme in dein Leben bringt.<\/p>\n\n<div class=\"related_articles boxed\">\n    <h2>Mehr zum Thema<\/h2>\n    \n    <div class=\"wrapper\"><div class=\"title align-center\"><h3><a href=\"https:\/\/uelzener.de\/magazin\/katze\/haeufige-fragen\/qualzucht-bei-katzen\/\">Qualzucht bei Katzen: Darauf musst du achten<\/a><\/h3><\/div><div class=\"img align-center\"><img decoding=\"async\" width=\"315\" height=\"180\" src=\"https:\/\/uelzener.de\/magazin\/app\/uploads\/2023\/04\/qualzucht-bei-katzen-highland-fold-315x180.jpg\" class=\"attachment-315x180 size-315x180 wp-post-image\" alt=\"Highland Fold Katze mit gefalteten Ohren und kurzen Beinen. Diese Rasse geh\u00f6rt zu den Qualzuchten bei Katzen.\" \/><\/div><\/div><div class=\"wrapper\"><div class=\"title align-center\"><h3><a href=\"https:\/\/uelzener.de\/magazin\/katze\/haeufige-fragen\/katzen-fellfarben\/\">Fellfarben bei Katzen: Wie sie entstehen und welche Bedeutung sie haben<\/a><\/h3><\/div><div class=\"img align-center\"><img decoding=\"async\" width=\"315\" height=\"180\" src=\"https:\/\/uelzener.de\/magazin\/app\/uploads\/2022\/09\/Fellfarben-Katzen-315x180.jpg\" class=\"attachment-315x180 size-315x180 wp-post-image\" alt=\"4 Katzen in unterschiedlichen Fellfarben liegen beieinander.\" \/><\/div><\/div><div class=\"wrapper\"><div class=\"title align-center\"><h3><a href=\"https:\/\/uelzener.de\/magazin\/katze\/erziehung-und-training\/clickertraining-katzen-apportieren-beibringen\/\">Clickertraining: Katzen apportieren beibringen<\/a><\/h3><\/div><div class=\"img align-center\"><img decoding=\"async\" width=\"315\" height=\"180\" src=\"https:\/\/uelzener.de\/magazin\/app\/uploads\/2023\/03\/clickertraining-katzen-lernen-315x180.jpg\" class=\"attachment-315x180 size-315x180 wp-post-image\" alt=\"Katzen mit Clickertraining und Leckerlis das Lernen beibringen.\" \/><\/div><\/div><\/div>\n\n<h2>FAQ: H\u00e4ufig gestellte Fragen zur Katzenrasse Selkirk Rex<\/h2>\n<h3>Warum hat die Selkirk Rex Locken?<\/h3>\n<p>Das gelockte Fell wird durch ein dominantes Gen vererbt. Bereits ein Elternteil mit Locken-Gen reicht, um die Fellstruktur an die Nachkommen weiterzugeben. Man geht davon aus, dass das Gen durch eine Spontanmutation entstanden ist.<\/p>\n<h3>Ist die Selkirk Rex eine seltene Rasse?<\/h3>\n<p>Die Selkirk Rex erfreut sich vor allem in den Vereinigten Staaten und Kanada gro\u00dfer Beliebtheit. In Europa ist sie noch nicht weit verbreitet.<\/p>\n<h3>Gibt es gesundheitliche Besonderheiten bei der Selkirk Rex?<\/h3>\n<p>Die gekr\u00e4uselten Schnurrhaare k\u00f6nnen als Qualzuchtmerkmal eingeordnet werden, da sie in ihrer Tastfunktion eingeschr\u00e4nkt sind. Ansonsten gilt die Rasse als robust.<\/p>\n<h3>Wie schwer wird die Selkirk Rex?<\/h3>\n<p>Die Selkirk Rex bringt \u00fcblicherweise zwischen 4 und 7 Kilogramm auf die Waage.<\/p>\n<h3>Wie alt wird die Selkirk Rex?<\/h3>\n<p>Die statistische Lebenserwartung dieser Rasse betr\u00e4gt 15 Jahre. Manche Tiere werden noch \u00e4lter.<\/p>\n","protected":false},"excerpt":{"rendered":"<p>Die Selkirk Rex wird seit Ende der 1980er-Jahre gez\u00fcchtet und ist damit eine noch relativ junge Katzenrasse. Trotzdem hat sie bereits viele Herzen im Sturm erobert. Ihr Markenzeichen ist ihr gelocktes Fell, das lang oder kurz ausgebildet sein kann und der Katze ein fast pl\u00fcschiges Aussehen verleiht. Die Selkirk Rex zeichnet sich aber nicht nur [&hellip;]<\/p>\n","protected":false},"author":11,"featured_media":19539,"parent":2482,"menu_order":1,"comment_status":"closed","ping_status":"closed","template":"templates\/blog.php","meta":{"_acf_changed":false,"_crdt_document":"","footnotes":"","beyondwords_generate_audio":"","beyondwords_project_id":"","beyondwords_content_id":"","beyondwords_preview_token":"","beyondwords_player_style":"","beyondwords_language_id":"","beyondwords_title_voice_id":"","beyondwords_body_voice_id":"","beyondwords_summary_voice_id":"","beyondwords_error_message":"","beyondwords_disabled":"","beyondwords_delete_content":"","beyondwords_podcast_id":"","beyondwords_hash":"","publish_post_to_speechkit":"","speechkit_hash":"","speechkit_generate_audio":"","speechkit_project_id":"","speechkit_podcast_id":"","speechkit_error_message":"","speechkit_disabled":"","speechkit_access_key":"","speechkit_error":"","speechkit_info":"","speechkit_response":"","speechkit_retries":"","speechkit_status":"","speechkit_updated_at":"","_speechkit_link":"","_speechkit_text":""},"class_list":["post-19537","page","type-page","status-publish","has-post-thumbnail","hentry"],"acf":[],"yoast_head":"<!-- This site is optimized with the Yoast SEO Premium plugin  - https:\/\/yoast.com\/product\/yoast-seo-premium-wordpress\/ -->\n<title>Selkirk Rex: Sanfte Sch\u00f6nheit mit Lockenfell | Uelzener Magazin<\/title>\n<meta name=\"description\" content=\"Die Selkirk Rex begeistert mit ihrem pl\u00fcschigen Aussehen und einem freundlichen Wesen. Entdecke diese junge Katzenrasse.\" \/>\n<meta name=\"robots\" content=\"index, follow, max-snippet:-1, max-image-preview:large, max-video-preview:-1\" \/>\n<link rel=\"canonical\" href=\"https:\/\/uelzener.de\/magazin\/katze\/rasseportrait\/selkirk-rex-lockenfell\/\" \/>\n<meta property=\"og:locale\" content=\"de_DE\" \/>\n<meta property=\"og:type\" content=\"article\" \/>\n<meta property=\"og:title\" content=\"Selkirk Rex: Sanfte Sch\u00f6nheit mit Lockenfell\" \/>\n<meta property=\"og:description\" content=\"Die Selkirk Rex begeistert mit ihrem pl\u00fcschigen Aussehen und einem freundlichen Wesen. Entdecke diese junge Katzenrasse.\" \/>\n<meta property=\"og:url\" content=\"https:\/\/uelzener.de\/magazin\/katze\/rasseportrait\/selkirk-rex-lockenfell\/\" \/>\n<meta property=\"og:site_name\" content=\"Uelzener Tier-Magazin\" \/>\n<meta property=\"article:publisher\" content=\"https:\/\/www.facebook.com\/Uelzener\" \/>\n<meta property=\"article:modified_time\" content=\"2025-11-20T09:33:51+00:00\" \/>\n<meta property=\"og:image\" content=\"https:\/\/uelzener.de\/magazin\/app\/uploads\/2025\/11\/selkirk-rex.jpg\" \/>\n\t<meta property=\"og:image:width\" content=\"1025\" \/>\n\t<meta property=\"og:image:height\" content=\"450\" \/>\n\t<meta property=\"og:image:type\" content=\"image\/jpeg\" \/>\n<meta name=\"twitter:card\" content=\"summary_large_image\" \/>\n<meta name=\"twitter:label1\" content=\"Gesch\u00e4tzte Lesezeit\" \/>\n\t<meta name=\"twitter:data1\" content=\"7\u00a0Minuten\" \/>\n<script type=\"application\/ld+json\" class=\"yoast-schema-graph\">{\"@context\":\"https:\/\/schema.org\",\"@graph\":[{\"@type\":\"WebPage\",\"@id\":\"https:\/\/uelzener.de\/magazin\/katze\/rasseportrait\/selkirk-rex-lockenfell\/\",\"url\":\"https:\/\/uelzener.de\/magazin\/katze\/rasseportrait\/selkirk-rex-lockenfell\/\",\"name\":\"Selkirk Rex: Sanfte Sch\u00f6nheit mit Lockenfell | Uelzener Magazin\",\"isPartOf\":{\"@id\":\"https:\/\/uelzener.de\/magazin\/#website\"},\"primaryImageOfPage\":{\"@id\":\"https:\/\/uelzener.de\/magazin\/katze\/rasseportrait\/selkirk-rex-lockenfell\/#primaryimage\"},\"image\":{\"@id\":\"https:\/\/uelzener.de\/magazin\/katze\/rasseportrait\/selkirk-rex-lockenfell\/#primaryimage\"},\"thumbnailUrl\":\"https:\/\/uelzener.de\/magazin\/app\/uploads\/2025\/11\/selkirk-rex.jpg\",\"datePublished\":\"2025-11-19T09:14:29+00:00\",\"dateModified\":\"2025-11-20T09:33:51+00:00\",\"description\":\"Die Selkirk Rex begeistert mit ihrem pl\u00fcschigen Aussehen und einem freundlichen Wesen. Entdecke diese junge Katzenrasse.\",\"breadcrumb\":{\"@id\":\"https:\/\/uelzener.de\/magazin\/katze\/rasseportrait\/selkirk-rex-lockenfell\/#breadcrumb\"},\"inLanguage\":\"de\",\"potentialAction\":[{\"@type\":\"ReadAction\",\"target\":[\"https:\/\/uelzener.de\/magazin\/katze\/rasseportrait\/selkirk-rex-lockenfell\/\"]}]},{\"@type\":\"ImageObject\",\"inLanguage\":\"de\",\"@id\":\"https:\/\/uelzener.de\/magazin\/katze\/rasseportrait\/selkirk-rex-lockenfell\/#primaryimage\",\"url\":\"https:\/\/uelzener.de\/magazin\/app\/uploads\/2025\/11\/selkirk-rex.jpg\",\"contentUrl\":\"https:\/\/uelzener.de\/magazin\/app\/uploads\/2025\/11\/selkirk-rex.jpg\",\"width\":1025,\"height\":450,\"caption\":\"Eine Selkrik Rex Katze.\"},{\"@type\":\"WebSite\",\"@id\":\"https:\/\/uelzener.de\/magazin\/#website\",\"url\":\"https:\/\/uelzener.de\/magazin\/\",\"name\":\"Uelzener Tiermagazin\",\"description\":\"Online Tierratgeber der Uelzener Versicherungen\",\"publisher\":{\"@id\":\"https:\/\/uelzener.de\/magazin\/#organization\"},\"potentialAction\":[{\"@type\":\"SearchAction\",\"target\":{\"@type\":\"EntryPoint\",\"urlTemplate\":\"https:\/\/uelzener.de\/magazin\/?s={search_term_string}\"},\"query-input\":{\"@type\":\"PropertyValueSpecification\",\"valueRequired\":true,\"valueName\":\"search_term_string\"}}],\"inLanguage\":\"de\"},{\"@type\":\"Organization\",\"@id\":\"https:\/\/uelzener.de\/magazin\/#organization\",\"name\":\"Uelzener Versicherungen\",\"url\":\"https:\/\/uelzener.de\/magazin\/\",\"logo\":{\"@type\":\"ImageObject\",\"inLanguage\":\"de\",\"@id\":\"https:\/\/uelzener.de\/magazin\/#\/schema\/logo\/image\/\",\"url\":\"https:\/\/uelzener.de\/magazin\/app\/uploads\/2024\/11\/uelzener_allgemeine_versicherungsgesellschaft_a_g_logo.jpg\",\"contentUrl\":\"https:\/\/uelzener.de\/magazin\/app\/uploads\/2024\/11\/uelzener_allgemeine_versicherungsgesellschaft_a_g_logo.jpg\",\"width\":200,\"height\":200,\"caption\":\"Uelzener Versicherungen\"},\"image\":{\"@id\":\"https:\/\/uelzener.de\/magazin\/#\/schema\/logo\/image\/\"},\"sameAs\":[\"https:\/\/www.facebook.com\/Uelzener\",\"https:\/\/instagram.com\/uelzener\",\"https:\/\/www.xing.com\/pages\/uelzenerallgemeineversicherungs-gesellschafta-g\",\"https:\/\/www.youtube.com\/UelzenerVersicherungen\"]}]}<\/script>\n<!-- \/ Yoast SEO Premium plugin. -->","yoast_head_json":{"title":"Selkirk Rex: Sanfte Sch\u00f6nheit mit Lockenfell | Uelzener Magazin","description":"Die Selkirk Rex begeistert mit ihrem pl\u00fcschigen Aussehen und einem freundlichen Wesen. Entdecke diese junge Katzenrasse.","robots":{"index":"index","follow":"follow","max-snippet":"max-snippet:-1","max-image-preview":"max-image-preview:large","max-video-preview":"max-video-preview:-1"},"canonical":"https:\/\/uelzener.de\/magazin\/katze\/rasseportrait\/selkirk-rex-lockenfell\/","og_locale":"de_DE","og_type":"article","og_title":"Selkirk Rex: Sanfte Sch\u00f6nheit mit Lockenfell","og_description":"Die Selkirk Rex begeistert mit ihrem pl\u00fcschigen Aussehen und einem freundlichen Wesen. Entdecke diese junge Katzenrasse.","og_url":"https:\/\/uelzener.de\/magazin\/katze\/rasseportrait\/selkirk-rex-lockenfell\/","og_site_name":"Uelzener Tier-Magazin","article_publisher":"https:\/\/www.facebook.com\/Uelzener","article_modified_time":"2025-11-20T09:33:51+00:00","og_image":[{"width":1025,"height":450,"url":"https:\/\/uelzener.de\/magazin\/app\/uploads\/2025\/11\/selkirk-rex.jpg","type":"image\/jpeg"}],"twitter_card":"summary_large_image","twitter_misc":{"Gesch\u00e4tzte Lesezeit":"7\u00a0Minuten"},"schema":{"@context":"https:\/\/schema.org","@graph":[{"@type":"WebPage","@id":"https:\/\/uelzener.de\/magazin\/katze\/rasseportrait\/selkirk-rex-lockenfell\/","url":"https:\/\/uelzener.de\/magazin\/katze\/rasseportrait\/selkirk-rex-lockenfell\/","name":"Selkirk Rex: Sanfte Sch\u00f6nheit mit Lockenfell | Uelzener Magazin","isPartOf":{"@id":"https:\/\/uelzener.de\/magazin\/#website"},"primaryImageOfPage":{"@id":"https:\/\/uelzener.de\/magazin\/katze\/rasseportrait\/selkirk-rex-lockenfell\/#primaryimage"},"image":{"@id":"https:\/\/uelzener.de\/magazin\/katze\/rasseportrait\/selkirk-rex-lockenfell\/#primaryimage"},"thumbnailUrl":"https:\/\/uelzener.de\/magazin\/app\/uploads\/2025\/11\/selkirk-rex.jpg","datePublished":"2025-11-19T09:14:29+00:00","dateModified":"2025-11-20T09:33:51+00:00","description":"Die Selkirk Rex begeistert mit ihrem pl\u00fcschigen Aussehen und einem freundlichen Wesen. Entdecke diese junge Katzenrasse.","breadcrumb":{"@id":"https:\/\/uelzener.de\/magazin\/katze\/rasseportrait\/selkirk-rex-lockenfell\/#breadcrumb"},"inLanguage":"de","potentialAction":[{"@type":"ReadAction","target":["https:\/\/uelzener.de\/magazin\/katze\/rasseportrait\/selkirk-rex-lockenfell\/"]}]},{"@type":"ImageObject","inLanguage":"de","@id":"https:\/\/uelzener.de\/magazin\/katze\/rasseportrait\/selkirk-rex-lockenfell\/#primaryimage","url":"https:\/\/uelzener.de\/magazin\/app\/uploads\/2025\/11\/selkirk-rex.jpg","contentUrl":"https:\/\/uelzener.de\/magazin\/app\/uploads\/2025\/11\/selkirk-rex.jpg","width":1025,"height":450,"caption":"Eine Selkrik Rex Katze."},{"@type":"WebSite","@id":"https:\/\/uelzener.de\/magazin\/#website","url":"https:\/\/uelzener.de\/magazin\/","name":"Uelzener Tiermagazin","description":"Online Tierratgeber der Uelzener Versicherungen","publisher":{"@id":"https:\/\/uelzener.de\/magazin\/#organization"},"potentialAction":[{"@type":"SearchAction","target":{"@type":"EntryPoint","urlTemplate":"https:\/\/uelzener.de\/magazin\/?s={search_term_string}"},"query-input":{"@type":"PropertyValueSpecification","valueRequired":true,"valueName":"search_term_string"}}],"inLanguage":"de"},{"@type":"Organization","@id":"https:\/\/uelzener.de\/magazin\/#organization","name":"Uelzener Versicherungen","url":"https:\/\/uelzener.de\/magazin\/","logo":{"@type":"ImageObject","inLanguage":"de","@id":"https:\/\/uelzener.de\/magazin\/#\/schema\/logo\/image\/","url":"https:\/\/uelzener.de\/magazin\/app\/uploads\/2024\/11\/uelzener_allgemeine_versicherungsgesellschaft_a_g_logo.jpg","contentUrl":"https:\/\/uelzener.de\/magazin\/app\/uploads\/2024\/11\/uelzener_allgemeine_versicherungsgesellschaft_a_g_logo.jpg","width":200,"height":200,"caption":"Uelzener Versicherungen"},"image":{"@id":"https:\/\/uelzener.de\/magazin\/#\/schema\/logo\/image\/"},"sameAs":["https:\/\/www.facebook.com\/Uelzener","https:\/\/instagram.com\/uelzener","https:\/\/www.xing.com\/pages\/uelzenerallgemeineversicherungs-gesellschafta-g","https:\/\/www.youtube.com\/UelzenerVersicherungen"]}]}},"_links":{"self":[{"href":"https:\/\/uelzener.de\/magazin\/wp-json\/wp\/v2\/pages\/19537","targetHints":{"allow":["GET"]}}],"collection":[{"href":"https:\/\/uelzener.de\/magazin\/wp-json\/wp\/v2\/pages"}],"about":[{"href":"https:\/\/uelzener.de\/magazin\/wp-json\/wp\/v2\/types\/page"}],"author":[{"embeddable":true,"href":"https:\/\/uelzener.de\/magazin\/wp-json\/wp\/v2\/users\/11"}],"replies":[{"embeddable":true,"href":"https:\/\/uelzener.de\/magazin\/wp-json\/wp\/v2\/comments?post=19537"}],"version-history":[{"count":2,"href":"https:\/\/uelzener.de\/magazin\/wp-json\/wp\/v2\/pages\/19537\/revisions"}],"predecessor-version":[{"id":19542,"href":"https:\/\/uelzener.de\/magazin\/wp-json\/wp\/v2\/pages\/19537\/revisions\/19542"}],"up":[{"embeddable":true,"href":"https:\/\/uelzener.de\/magazin\/wp-json\/wp\/v2\/pages\/2482"}],"wp:featuredmedia":[{"embeddable":true,"href":"https:\/\/uelzener.de\/magazin\/wp-json\/wp\/v2\/media\/19539"}],"wp:attachment":[{"href":"https:\/\/uelzener.de\/magazin\/wp-json\/wp\/v2\/media?parent=19537"}],"curies":[{"name":"wp","href":"https:\/\/api.w.org\/{rel}","templated":true}]}}