{"id":19531,"date":"2025-11-18T09:59:34","date_gmt":"2025-11-18T08:59:34","guid":{"rendered":"https:\/\/uelzener.de\/magazin\/?page_id=19531"},"modified":"2025-11-20T10:09:09","modified_gmt":"2025-11-20T09:09:09","slug":"grauer-star-beim-hund","status":"publish","type":"page","link":"https:\/\/uelzener.de\/magazin\/hund\/tiergesundheit\/grauer-star-beim-hund\/","title":{"rendered":"Grauer Star beim Hund: Ursachen, Symptome und Heilungschancen"},"content":{"rendered":"<p>Wenn das Sehverm\u00f6gen eines Hundes nachl\u00e4sst und sich ein milchiger Schleier \u00fcber seine Augen legt, steckt oft eine Erkrankung dahinter, die auch wir Menschen kennen: der Graue Star. Dabei tr\u00fcbt sich die Linse des Auges zunehmend ein, wodurch die Sicht nach und nach verschwimmt \u2013 \u00e4hnlich wie durch eine beschlagene Fensterscheibe. Bleibt die Erkrankung unbehandelt, kann das fr\u00fcher oder sp\u00e4ter in einer vollst\u00e4ndigen Erblindung resultieren. F\u00fcr betroffene Tiere ist das Nachlassen der Sehkraft mit gro\u00dfen Einschr\u00e4nkungen verbunden, weil sie sich im Alltag v\u00f6llig neu orientieren m\u00fcssen. Gl\u00fccklicherweise gibt es die M\u00f6glichkeit, einen Grauen Star zu operieren und das Augenlicht des Hundes zu retten. Voraussetzung daf\u00fcr ist jedoch eine fr\u00fchzeitige Diagnose. In unserem Artikel erf\u00e4hrst du, was den Grauen Star beim Hund verursacht, welche Symptome damit einhergehen und was du tun kannst, wenn dein Vierbeiner daran erkrankt.<\/p>\n<h2>Grauer Star beim Hund: Was steckt dahinter?<\/h2>\n<p>Grauer Star, fachsprachlich Katarakt genannt, ist eine Sammelbezeichnung f\u00fcr Augenerkrankungen, die mit einer Tr\u00fcbung der Linse einhergehen. Dadurch verschlechtert sich das Sehverm\u00f6gen, da die Linse in ihrer Brechkraft nachl\u00e4sst und nicht mehr in der Lage ist, einfallendes Licht richtig auf die Netzhaut zu b\u00fcndeln. In welchem Ausma\u00df und in welcher Geschwindigkeit die Sehf\u00e4higkeit nachl\u00e4sst, ist von Fall zu Fall unterschiedlich. Sicher ist jedoch, dass es sich bei Grauem Star um eine progressive Erkrankung handelt. Bleibt sie unbehandelt, kann es zu einer chronischen Augenentz\u00fcndung, einem erh\u00f6hten Augeninnendruck (Gr\u00fcner Star) und zur Erblindung kommen.<\/p>\n<p>Grauer Star tritt zwar h\u00e4ufig bei \u00e4lteren Hunden auf, ist aber nicht zu verwechseln mit der Linsensklerose, einer altersbedingten Grauf\u00e4rbung der Linse, die keine Auswirkungen auf das Sehverm\u00f6gen hat. Es handelt sich auch nicht um eine ausschlie\u00dfliche Alterserkrankung, da auch junge Hunde betroffen sein k\u00f6nnen. So kann Grauer Star beispielsweise durch Entz\u00fcndungen oder Verletzungen am Auge hervorgerufen werden oder als Folge von Stoffwechselst\u00f6rungen wie Diabetes mellitus entstehen. Auch die Genetik spielt eine Rolle. Es gibt Rassen, die als anf\u00e4lliger f\u00fcr Grauen Star gelten. Dazu z\u00e4hlen:<\/p>\n<ul>\n<li>Afghane<\/li>\n<li>Cocker Spaniel<\/li>\n<li>Dackel<\/li>\n<li>Labrador Retriever<\/li>\n<li>Golden Retriever<\/li>\n<li>Husky<\/li>\n<li>Pudel<\/li>\n<li>Schnauzer<\/li>\n<\/ul>\n<p>Grunds\u00e4tzlich kann die Erkrankung jedoch Hunde jeder Rasse und auch Mischlinge treffen.<\/p>\n<h2>Grauen Star beim Hund erkennen<\/h2>\n<p>Ein signifikantes Merkmal von Grauem Star ist eine wei\u00dfliche bis wei\u00df-bl\u00e4uliche Tr\u00fcbung der Linse. Zun\u00e4chst bilden sich kleine, schwache Flecken, die allm\u00e4hlich gr\u00f6\u00dfer werden, bis der Augenhintergrund nicht mehr sichtbar ist. Tr\u00fcbt sich die Linse, ist das Stadium der Erkrankung bereits fortgeschritten. Der Hund hat in dem Fall also schon mit Sehproblemen zu k\u00e4mpfen. Diese \u00e4u\u00dfern sich am Anfang durch Orientierungsschwierigkeiten und Unsicherheiten beim Laufen. Dem Hund f\u00e4llt es zunehmend schwerer, im Dunkeln zu sehen und Hindernisse zu erkennen, wodurch er immer h\u00e4ufiger stolpert oder an Gegenst\u00e4nde st\u00f6\u00dft. Auch eine erh\u00f6hte Lichtempfindlichkeit und eine verschlechterte r\u00e4umliche Wahrnehmung und Fernsicht geh\u00f6ren zu typischen Symptomen.<\/p>\n<h2>Grauen Star beim Hund operieren<\/h2>\n<p>Wenn du feststellst, dass dein Hund Sehprobleme hat oder dass seine Linse sogar schon getr\u00fcbt ist, solltest du ihn umgehend \u00e4rztlich durchchecken lassen. Um eine sichere Diagnose stellen und andere m\u00f6gliche Augenerkrankungen ausschlie\u00dfen zu k\u00f6nnen, wird der Tierarzt oder die Tier\u00e4rztin zun\u00e4chst gr\u00fcndlich die Augen untersuchen. Sollte sich der Verdacht auf Grauen Star best\u00e4tigen, gilt es, die Ursache ausfindig zu machen. In dem Zusammenhang kann es sein, dass dem Hund Blut abgenommen wird, um m\u00f6gliche sekund\u00e4re Erkrankungen ausfindig zu machen. Diese werden dann entsprechend therapiert. Der Graue Star selbst ist nicht mit Medikamenten behandelbar. Nur mithilfe einer Operation kann das Augenlicht des Tieres gerettet werden. Je eher der Eingriff erfolgt, desto geringer ist das Risiko von Entz\u00fcndungen im Augeninneren und desto besser stehen die Heilungschancen.<\/p>\n<p>Das Operationsverfahren, das bei Grauem Star Anwendung findet, nennt sich Phakoemulsifikation. Dabei wird ein Schnitt in die Hornhaut gesetzt und die Linsenkapsel ge\u00f6ffnet, um ein Phakoemulsifikationsger\u00e4t einzuf\u00fchren. Dessen Kan\u00fcle zertr\u00fcmmert die Linse mit Ultraschallwellen, w\u00e4hrend die entstehenden Fragmente \u00fcber eine Saugsp\u00fclvorrichtung abgesaugt werden. Anschlie\u00dfend setzt der Tierarzt oder die Tier\u00e4rztin eine Kunstlinse ein und n\u00e4ht das Auge mit ultrafeinen F\u00e4den wieder zu. Da hierbei sehr genau gearbeitet werden muss, erfolgt der Eingriff unter dem Mikroskop. Nach der Operation erh\u00e4lt der Hund noch eine Zeitlang entz\u00fcndungshemmende und antibiotische Medikamente in Form von Tabletten und Augentropfen. Die Verabreichung kann der Hundehalter oder die Hundehalterin selbst \u00fcbernehmen. Die ersten zwei Wochen sollte der Hund einen Halskragen tragen und nur an der Leine in den Auslauf gelassen werden, damit es nicht zu Verletzungen am Auge kommt. Regelm\u00e4\u00dfige Kontrolltermine beim Tierarzt oder bei der Tier\u00e4rztin dienen dazu, den Zustand und Genesungsfortschritt im Blick zu behalten. Eine Hunde-OP-Versicherung oder Hundekrankenversicherung deckt die Kosten f\u00fcr chirurgische Eingriffe und damit verbundene Nachbehandlungen, so dass dem Hund die bestm\u00f6gliche Versorgung zuteilwerden kann.<\/p>\n\n<div class=\"banner\">\n    <a href=\"https:\/\/uelzener.de\/hund\/?agt=0000104925&sem=true&utm_medium=magazin&utm_source=wordpress&utm_campaign=hund&utm_content=banner\">\n        <img decoding=\"async\" width=\"300\" height=\"212\" src=\"https:\/\/uelzener.de\/magazin\/app\/uploads\/2023\/10\/Hunde-Versicherung.jpg\" class=\"attachment-medium size-medium\" alt=\"Banner Hunde-Versicherung\" \/>    <\/a>\n<\/div>\n\n<p>Grunds\u00e4tzlich ist die Erfolgsquote bei Katarakt-Operationen sehr hoch. Komplikationen kommen selten vor und die meisten Hunde k\u00f6nnen unmittelbar nach dem Eingriff wieder sehen. Allerdings ist eine OP nicht immer m\u00f6glich oder sinnvoll. Zum einen kann eine Phakoemulsifikation nur durchgef\u00fchrt werden, wenn das Auge entz\u00fcndungsfrei und der Kammerwinkelabfluss ge\u00f6ffnet ist, damit es nicht zu einem erh\u00f6hten Augeninnendruck kommt. Zum anderen erfordert der Eingriff eine Vollnarkose. Das setzt voraus, dass das Tier narkosef\u00e4hig ist. F\u00fcr sehr alte oder kranke Hunde, die beispielsweise Herz-Kreislauf-Probleme haben, kann eine Narkose eine zu hohe k\u00f6rperliche Belastung bedeuten, so dass von einer Operation abgesehen werden muss. Des Weiteren gibt es Situationen, in denen absehbar ist, dass eine Phakoemulsifikation keinen Erfolg erzielen wird. Ist die Netzhaut besch\u00e4digt bzw. sind deren Sehzellen nicht mehr funktionst\u00fcchtig (ermittelbar anhand eines Elektroretinogramms), l\u00e4sst sich das Sehverm\u00f6gen durch eine Katarakt-Operation nicht wiederherstellen.<\/p>\n<h2>Fazit<\/h2>\n<p>Grauer Star bei Hunden ist eine ernstzunehmende Augenerkrankung, die mit einer Linsentr\u00fcbung einhergeht und zu Beeintr\u00e4chtigungen des Sehverm\u00f6gens f\u00fchrt. Sie kann unterschiedliche Ursachen haben und beispielsweise genetisch bedingt sein, aber auch infolge von Erkrankungen wie Diabetes hervorgerufen werden. Grunds\u00e4tzlich k\u00f6nnen Hunde jeder Rasse und jeden Alters davon betroffen sein. Problematisch an Grauem Star ist, dass er stetig fortschreitet und unbehandelt zum vollst\u00e4ndigen der Verlust der Sehkraft f\u00fchren kann. Eine Operation ist der einzige Weg, um das Sehverm\u00f6gen des Tieres zu retten. Ob dieser Schritt m\u00f6glich ist, h\u00e4ngt ma\u00dfgeblich vom Gesundheitszustand des Hundes ab. Je fr\u00fcher die Erkrankung erkannt wird, desto besser die Chance, dass der Vierbeiner wieder ein unbeschwertes Leben f\u00fchren kann.<\/p>\n\n<div class=\"related_articles boxed\">\n    <h2>Mehr zum Thema<\/h2>\n    \n    <div class=\"wrapper\"><div class=\"title align-center\"><h3><a href=\"https:\/\/uelzener.de\/magazin\/hund\/haeufige-fragen\/blinde-hunde\/\">Blinde Hunde: Tipps f\u00fcr ein gl\u00fcckliches Hundeleben trotz Handicap<\/a><\/h3><\/div><div class=\"img align-center\"><img decoding=\"async\" width=\"315\" height=\"180\" src=\"https:\/\/uelzener.de\/magazin\/app\/uploads\/2023\/07\/blinde-hunde-315x180.jpg\" class=\"attachment-315x180 size-315x180 wp-post-image\" alt=\"Ein blinder Hund genie\u00dft die frische Luft am See.\" \/><\/div><\/div><div class=\"wrapper\"><div class=\"title align-center\"><h3><a href=\"https:\/\/uelzener.de\/magazin\/hund\/tiergesundheit\/hundekrankheiten-unfaelle\/\">Hundekrankheiten und Unf\u00e4lle, die du unbedingt kennen musst<\/a><\/h3><\/div><div class=\"img align-center\"><img decoding=\"async\" width=\"315\" height=\"180\" src=\"https:\/\/uelzener.de\/magazin\/app\/uploads\/2023\/01\/haeufige-hundekrankheiten-unfaelle-315x180.jpg\" class=\"attachment-315x180 size-315x180 wp-post-image\" alt=\"Kranker Hund wird gestreichelt.\" \/><\/div><\/div><\/div>\n\n<h2>FAQ: H\u00e4ufig gestellte Fragen zu Grauem Star bei Hunden<\/h2>\n<h3>Kann man Grauem Star beim Hund vorbeugen?<\/h3>\n<p>Leider nicht, da die Erkrankung vielf\u00e4ltige Ursachen haben kann. Allerdings k\u00f6nnen regelm\u00e4\u00dfige Kontrolluntersuchungen beim Tierarzt oder bei der Tier\u00e4rztin dabei helfen, Ver\u00e4nderungen an den Augen fr\u00fchzeitig zu erkennen und entsprechend gegenzusteuern, so dass es im Fall einer Erkrankung gar nicht erst zu gr\u00f6\u00dferen Beeintr\u00e4chtigungen f\u00fcr den Hund kommt.<\/p>\n<h3>Ist es f\u00fcr Hunde schlimm, wenn sie erblinden?<\/h3>\n<p>Hunde ben\u00f6tigen ihren Sehsinn genauso wie wir Menschen, um sich in ihrer Umgebung zu orientieren und kommunizieren zu k\u00f6nnen. Sind sie nur auf einem Auge blind, kommen sie meist gut damit zurecht. Anders sieht es aus, wenn beide Augen ihre Sehkraft verlieren. Zwar k\u00f6nnen blinde Hunde die Welt auch \u00fcber den Geruchs-, H\u00f6r- und Tastsinn wahrnehmen, allerdings mit deutlichen Einschr\u00e4nkungen, die sich auch auf die Lebensqualit\u00e4t auswirken. Aus diesem Grund sollte man alle m\u00f6glichen Ma\u00dfnahmen ergreifen, um den Verlust der Sehkraft abzuwenden.<\/p>\n<h3>Wie schnell muss ich meinen Hund bei Grauem Star operieren lassen?<\/h3>\n<p>Wird Grauer Star bei deinem Hund diagnostiziert, solltest du ihn schnellstm\u00f6glich operieren lassen. Besonders wichtig ist das, wenn die Erkrankung durch Diabetes bedingt ist. In dem Fall ist das Risiko einer Linsenruptur (Platzen der Linse) erh\u00f6ht, weswegen rasch operiert werden sollte.<\/p>\n<h3>Kann man Grauen Star an beiden Augen gleichzeitig operieren?<\/h3>\n<p>Ja und so wird es normalerweise auch empfohlen, um dem Tier eine weitere Narkose zu ersparen.<\/p>\n","protected":false},"excerpt":{"rendered":"<p>Wenn das Sehverm\u00f6gen eines Hundes nachl\u00e4sst und sich ein milchiger Schleier \u00fcber seine Augen legt, steckt oft eine Erkrankung dahinter, die auch wir Menschen kennen: der Graue Star. Dabei tr\u00fcbt sich die Linse des Auges zunehmend ein, wodurch die Sicht nach und nach verschwimmt \u2013 \u00e4hnlich wie durch eine beschlagene Fensterscheibe. Bleibt die Erkrankung unbehandelt, [&hellip;]<\/p>\n","protected":false},"author":11,"featured_media":19533,"parent":11701,"menu_order":11,"comment_status":"closed","ping_status":"closed","template":"templates\/blog.php","meta":{"_acf_changed":false,"_crdt_document":"","footnotes":"","beyondwords_generate_audio":"","beyondwords_project_id":"","beyondwords_content_id":"","beyondwords_preview_token":"","beyondwords_player_style":"","beyondwords_language_id":"","beyondwords_title_voice_id":"","beyondwords_body_voice_id":"","beyondwords_summary_voice_id":"","beyondwords_error_message":"","beyondwords_disabled":"","beyondwords_delete_content":"","beyondwords_podcast_id":"","beyondwords_hash":"","publish_post_to_speechkit":"","speechkit_hash":"","speechkit_generate_audio":"","speechkit_project_id":"","speechkit_podcast_id":"","speechkit_error_message":"","speechkit_disabled":"","speechkit_access_key":"","speechkit_error":"","speechkit_info":"","speechkit_response":"","speechkit_retries":"","speechkit_status":"","speechkit_updated_at":"","_speechkit_link":"","_speechkit_text":""},"class_list":["post-19531","page","type-page","status-publish","has-post-thumbnail","hentry"],"acf":[],"yoast_head":"<!-- This site is optimized with the Yoast SEO Premium plugin  - https:\/\/yoast.com\/product\/yoast-seo-premium-wordpress\/ -->\n<title>Grauer Star beim Hund: Ursachen, Symptome und Heilungschancen | Uelzener Magazin<\/title>\n<meta name=\"description\" content=\"Der Graue Star kann die Sicht des Hundes stark beeintr\u00e4chtigen. Informiere dich \u00fcber Symptome und Behandlungsm\u00f6glichkeiten.\" \/>\n<meta name=\"robots\" content=\"index, follow, max-snippet:-1, max-image-preview:large, max-video-preview:-1\" \/>\n<link rel=\"canonical\" href=\"https:\/\/uelzener.de\/magazin\/hund\/tiergesundheit\/grauer-star-beim-hund\/\" \/>\n<meta property=\"og:locale\" content=\"de_DE\" \/>\n<meta property=\"og:type\" content=\"article\" \/>\n<meta property=\"og:title\" content=\"Grauer Star beim Hund: Ursachen, Symptome und Heilungschancen\" \/>\n<meta property=\"og:description\" content=\"Der Graue Star kann die Sicht des Hundes stark beeintr\u00e4chtigen. Informiere dich \u00fcber Symptome und Behandlungsm\u00f6glichkeiten.\" \/>\n<meta property=\"og:url\" content=\"https:\/\/uelzener.de\/magazin\/hund\/tiergesundheit\/grauer-star-beim-hund\/\" \/>\n<meta property=\"og:site_name\" content=\"Uelzener Tier-Magazin\" \/>\n<meta property=\"article:publisher\" content=\"https:\/\/www.facebook.com\/Uelzener\" \/>\n<meta property=\"article:modified_time\" content=\"2025-11-20T09:09:09+00:00\" \/>\n<meta property=\"og:image\" content=\"https:\/\/uelzener.de\/magazin\/app\/uploads\/2025\/11\/grauer-star-hund.jpg\" \/>\n\t<meta property=\"og:image:width\" content=\"1025\" \/>\n\t<meta property=\"og:image:height\" content=\"450\" \/>\n\t<meta property=\"og:image:type\" content=\"image\/jpeg\" \/>\n<meta name=\"twitter:card\" content=\"summary_large_image\" \/>\n<meta name=\"twitter:label1\" content=\"Gesch\u00e4tzte Lesezeit\" \/>\n\t<meta name=\"twitter:data1\" content=\"8\u00a0Minuten\" \/>\n<script type=\"application\/ld+json\" class=\"yoast-schema-graph\">{\"@context\":\"https:\/\/schema.org\",\"@graph\":[{\"@type\":\"WebPage\",\"@id\":\"https:\/\/uelzener.de\/magazin\/hund\/tiergesundheit\/grauer-star-beim-hund\/\",\"url\":\"https:\/\/uelzener.de\/magazin\/hund\/tiergesundheit\/grauer-star-beim-hund\/\",\"name\":\"Grauer Star beim Hund: Ursachen, Symptome und Heilungschancen | Uelzener Magazin\",\"isPartOf\":{\"@id\":\"https:\/\/uelzener.de\/magazin\/#website\"},\"primaryImageOfPage\":{\"@id\":\"https:\/\/uelzener.de\/magazin\/hund\/tiergesundheit\/grauer-star-beim-hund\/#primaryimage\"},\"image\":{\"@id\":\"https:\/\/uelzener.de\/magazin\/hund\/tiergesundheit\/grauer-star-beim-hund\/#primaryimage\"},\"thumbnailUrl\":\"https:\/\/uelzener.de\/magazin\/app\/uploads\/2025\/11\/grauer-star-hund.jpg\",\"datePublished\":\"2025-11-18T08:59:34+00:00\",\"dateModified\":\"2025-11-20T09:09:09+00:00\",\"description\":\"Der Graue Star kann die Sicht des Hundes stark beeintr\u00e4chtigen. Informiere dich \u00fcber Symptome und Behandlungsm\u00f6glichkeiten.\",\"breadcrumb\":{\"@id\":\"https:\/\/uelzener.de\/magazin\/hund\/tiergesundheit\/grauer-star-beim-hund\/#breadcrumb\"},\"inLanguage\":\"de\",\"potentialAction\":[{\"@type\":\"ReadAction\",\"target\":[\"https:\/\/uelzener.de\/magazin\/hund\/tiergesundheit\/grauer-star-beim-hund\/\"]}]},{\"@type\":\"ImageObject\",\"inLanguage\":\"de\",\"@id\":\"https:\/\/uelzener.de\/magazin\/hund\/tiergesundheit\/grauer-star-beim-hund\/#primaryimage\",\"url\":\"https:\/\/uelzener.de\/magazin\/app\/uploads\/2025\/11\/grauer-star-hund.jpg\",\"contentUrl\":\"https:\/\/uelzener.de\/magazin\/app\/uploads\/2025\/11\/grauer-star-hund.jpg\",\"width\":1025,\"height\":450,\"caption\":\"Hund mit Grauer Star.\"},{\"@type\":\"WebSite\",\"@id\":\"https:\/\/uelzener.de\/magazin\/#website\",\"url\":\"https:\/\/uelzener.de\/magazin\/\",\"name\":\"Uelzener Tiermagazin\",\"description\":\"Online Tierratgeber der Uelzener Versicherungen\",\"publisher\":{\"@id\":\"https:\/\/uelzener.de\/magazin\/#organization\"},\"potentialAction\":[{\"@type\":\"SearchAction\",\"target\":{\"@type\":\"EntryPoint\",\"urlTemplate\":\"https:\/\/uelzener.de\/magazin\/?s={search_term_string}\"},\"query-input\":{\"@type\":\"PropertyValueSpecification\",\"valueRequired\":true,\"valueName\":\"search_term_string\"}}],\"inLanguage\":\"de\"},{\"@type\":\"Organization\",\"@id\":\"https:\/\/uelzener.de\/magazin\/#organization\",\"name\":\"Uelzener Versicherungen\",\"url\":\"https:\/\/uelzener.de\/magazin\/\",\"logo\":{\"@type\":\"ImageObject\",\"inLanguage\":\"de\",\"@id\":\"https:\/\/uelzener.de\/magazin\/#\/schema\/logo\/image\/\",\"url\":\"https:\/\/uelzener.de\/magazin\/app\/uploads\/2024\/11\/uelzener_allgemeine_versicherungsgesellschaft_a_g_logo.jpg\",\"contentUrl\":\"https:\/\/uelzener.de\/magazin\/app\/uploads\/2024\/11\/uelzener_allgemeine_versicherungsgesellschaft_a_g_logo.jpg\",\"width\":200,\"height\":200,\"caption\":\"Uelzener Versicherungen\"},\"image\":{\"@id\":\"https:\/\/uelzener.de\/magazin\/#\/schema\/logo\/image\/\"},\"sameAs\":[\"https:\/\/www.facebook.com\/Uelzener\",\"https:\/\/instagram.com\/uelzener\",\"https:\/\/www.xing.com\/pages\/uelzenerallgemeineversicherungs-gesellschafta-g\",\"https:\/\/www.youtube.com\/UelzenerVersicherungen\"]}]}<\/script>\n<!-- \/ Yoast SEO Premium plugin. -->","yoast_head_json":{"title":"Grauer Star beim Hund: Ursachen, Symptome und Heilungschancen | Uelzener Magazin","description":"Der Graue Star kann die Sicht des Hundes stark beeintr\u00e4chtigen. Informiere dich \u00fcber Symptome und Behandlungsm\u00f6glichkeiten.","robots":{"index":"index","follow":"follow","max-snippet":"max-snippet:-1","max-image-preview":"max-image-preview:large","max-video-preview":"max-video-preview:-1"},"canonical":"https:\/\/uelzener.de\/magazin\/hund\/tiergesundheit\/grauer-star-beim-hund\/","og_locale":"de_DE","og_type":"article","og_title":"Grauer Star beim Hund: Ursachen, Symptome und Heilungschancen","og_description":"Der Graue Star kann die Sicht des Hundes stark beeintr\u00e4chtigen. Informiere dich \u00fcber Symptome und Behandlungsm\u00f6glichkeiten.","og_url":"https:\/\/uelzener.de\/magazin\/hund\/tiergesundheit\/grauer-star-beim-hund\/","og_site_name":"Uelzener Tier-Magazin","article_publisher":"https:\/\/www.facebook.com\/Uelzener","article_modified_time":"2025-11-20T09:09:09+00:00","og_image":[{"width":1025,"height":450,"url":"https:\/\/uelzener.de\/magazin\/app\/uploads\/2025\/11\/grauer-star-hund.jpg","type":"image\/jpeg"}],"twitter_card":"summary_large_image","twitter_misc":{"Gesch\u00e4tzte Lesezeit":"8\u00a0Minuten"},"schema":{"@context":"https:\/\/schema.org","@graph":[{"@type":"WebPage","@id":"https:\/\/uelzener.de\/magazin\/hund\/tiergesundheit\/grauer-star-beim-hund\/","url":"https:\/\/uelzener.de\/magazin\/hund\/tiergesundheit\/grauer-star-beim-hund\/","name":"Grauer Star beim Hund: Ursachen, Symptome und Heilungschancen | Uelzener Magazin","isPartOf":{"@id":"https:\/\/uelzener.de\/magazin\/#website"},"primaryImageOfPage":{"@id":"https:\/\/uelzener.de\/magazin\/hund\/tiergesundheit\/grauer-star-beim-hund\/#primaryimage"},"image":{"@id":"https:\/\/uelzener.de\/magazin\/hund\/tiergesundheit\/grauer-star-beim-hund\/#primaryimage"},"thumbnailUrl":"https:\/\/uelzener.de\/magazin\/app\/uploads\/2025\/11\/grauer-star-hund.jpg","datePublished":"2025-11-18T08:59:34+00:00","dateModified":"2025-11-20T09:09:09+00:00","description":"Der Graue Star kann die Sicht des Hundes stark beeintr\u00e4chtigen. Informiere dich \u00fcber Symptome und Behandlungsm\u00f6glichkeiten.","breadcrumb":{"@id":"https:\/\/uelzener.de\/magazin\/hund\/tiergesundheit\/grauer-star-beim-hund\/#breadcrumb"},"inLanguage":"de","potentialAction":[{"@type":"ReadAction","target":["https:\/\/uelzener.de\/magazin\/hund\/tiergesundheit\/grauer-star-beim-hund\/"]}]},{"@type":"ImageObject","inLanguage":"de","@id":"https:\/\/uelzener.de\/magazin\/hund\/tiergesundheit\/grauer-star-beim-hund\/#primaryimage","url":"https:\/\/uelzener.de\/magazin\/app\/uploads\/2025\/11\/grauer-star-hund.jpg","contentUrl":"https:\/\/uelzener.de\/magazin\/app\/uploads\/2025\/11\/grauer-star-hund.jpg","width":1025,"height":450,"caption":"Hund mit Grauer Star."},{"@type":"WebSite","@id":"https:\/\/uelzener.de\/magazin\/#website","url":"https:\/\/uelzener.de\/magazin\/","name":"Uelzener Tiermagazin","description":"Online Tierratgeber der Uelzener Versicherungen","publisher":{"@id":"https:\/\/uelzener.de\/magazin\/#organization"},"potentialAction":[{"@type":"SearchAction","target":{"@type":"EntryPoint","urlTemplate":"https:\/\/uelzener.de\/magazin\/?s={search_term_string}"},"query-input":{"@type":"PropertyValueSpecification","valueRequired":true,"valueName":"search_term_string"}}],"inLanguage":"de"},{"@type":"Organization","@id":"https:\/\/uelzener.de\/magazin\/#organization","name":"Uelzener Versicherungen","url":"https:\/\/uelzener.de\/magazin\/","logo":{"@type":"ImageObject","inLanguage":"de","@id":"https:\/\/uelzener.de\/magazin\/#\/schema\/logo\/image\/","url":"https:\/\/uelzener.de\/magazin\/app\/uploads\/2024\/11\/uelzener_allgemeine_versicherungsgesellschaft_a_g_logo.jpg","contentUrl":"https:\/\/uelzener.de\/magazin\/app\/uploads\/2024\/11\/uelzener_allgemeine_versicherungsgesellschaft_a_g_logo.jpg","width":200,"height":200,"caption":"Uelzener Versicherungen"},"image":{"@id":"https:\/\/uelzener.de\/magazin\/#\/schema\/logo\/image\/"},"sameAs":["https:\/\/www.facebook.com\/Uelzener","https:\/\/instagram.com\/uelzener","https:\/\/www.xing.com\/pages\/uelzenerallgemeineversicherungs-gesellschafta-g","https:\/\/www.youtube.com\/UelzenerVersicherungen"]}]}},"_links":{"self":[{"href":"https:\/\/uelzener.de\/magazin\/wp-json\/wp\/v2\/pages\/19531","targetHints":{"allow":["GET"]}}],"collection":[{"href":"https:\/\/uelzener.de\/magazin\/wp-json\/wp\/v2\/pages"}],"about":[{"href":"https:\/\/uelzener.de\/magazin\/wp-json\/wp\/v2\/types\/page"}],"author":[{"embeddable":true,"href":"https:\/\/uelzener.de\/magazin\/wp-json\/wp\/v2\/users\/11"}],"replies":[{"embeddable":true,"href":"https:\/\/uelzener.de\/magazin\/wp-json\/wp\/v2\/comments?post=19531"}],"version-history":[{"count":2,"href":"https:\/\/uelzener.de\/magazin\/wp-json\/wp\/v2\/pages\/19531\/revisions"}],"predecessor-version":[{"id":19534,"href":"https:\/\/uelzener.de\/magazin\/wp-json\/wp\/v2\/pages\/19531\/revisions\/19534"}],"up":[{"embeddable":true,"href":"https:\/\/uelzener.de\/magazin\/wp-json\/wp\/v2\/pages\/11701"}],"wp:featuredmedia":[{"embeddable":true,"href":"https:\/\/uelzener.de\/magazin\/wp-json\/wp\/v2\/media\/19533"}],"wp:attachment":[{"href":"https:\/\/uelzener.de\/magazin\/wp-json\/wp\/v2\/media?parent=19531"}],"curies":[{"name":"wp","href":"https:\/\/api.w.org\/{rel}","templated":true}]}}