{"id":19414,"date":"2025-11-06T11:04:37","date_gmt":"2025-11-06T10:04:37","guid":{"rendered":"https:\/\/uelzener.de\/magazin\/?page_id=19414"},"modified":"2025-11-06T11:04:37","modified_gmt":"2025-11-06T10:04:37","slug":"analdruesenentzuendung-beim-hund","status":"publish","type":"page","link":"https:\/\/uelzener.de\/magazin\/hund\/tiergesundheit\/analdruesenentzuendung-beim-hund\/","title":{"rendered":"Analdr\u00fcsenentz\u00fcndung beim Hund: Von ersten Anzeichen bis zur Behandlung"},"content":{"rendered":"<p>Wenn der Vierbeiner mit dem Hinterteil \u00fcber den Boden rutscht oder sich im Kreis dreht und nach seiner Rute jagt, mag das auf den ersten Blick vielleicht lustig aussehen, es kann sich aber auch um ein Warnsignal handeln. Oft stecken n\u00e4mlich Probleme mit den Analdr\u00fcsen dahinter. Sind sie verstopft oder entz\u00fcndet, kann das f\u00fcr betroffene Tiere sehr unangenehm und schmerzhaft sein und zu weiteren gesundheitlichen Beschwerden f\u00fchren, wenn eine Behandlung ausbleibt. Es ist daher wichtig, den Hund tier\u00e4rztlich untersuchen zu lassen, wenn der Verdacht auf Analdr\u00fcsenprobleme besteht. In unserem Artikel erf\u00e4hrst du, welche Symptome auf eine Analdr\u00fcsenentz\u00fcndung hindeuten, wie sie entstehen kann und was f\u00fcr Therapiem\u00f6glichkeiten es gibt.<\/p>\n<h2>Analdr\u00fcsenentz\u00fcndung beim Hund: Das steckt dahinter<\/h2>\n<p>Um zu verstehen, wie es zu einer Analdr\u00fcsenentz\u00fcndung kommen kann, muss man sich etwas n\u00e4her mit der Anatomie des Hundes besch\u00e4ftigen. Die Analdr\u00fcsen sind sowohl bei R\u00fcden als auch bei H\u00fcndinnen ausgebildet. Es handelt sich dabei um zwei kleine, etwa erbsengro\u00dfe Hohlr\u00e4ume, die sich links und rechts vom After befinden, und zwar zwischen dem inneren und \u00e4u\u00dferen Schlie\u00dfmuskel. Der medizinisch korrekte Begriff lautet Analbeutel. Darin befinden sich die eigentlichen Dr\u00fcsen. Sie produzieren vor allem Talg und Schwei\u00df, woraus in Verbindung mit abgestorbenen Epithelzellen, Bakterien und Hefepilzen ein stark riechendes Sekret entsteht. Dieses ist gewisserma\u00dfen die Duftmarke des Hundes und dient der Reviermarkie&lt;rung bzw. Kommunikation mit Artgenossen. Jedes Mal, wenn der Hund Kot absetzt, wird auch etwas von dem Sekret abgegeben. Auf diese Weise entleeren sich die Analbeutel auf nat\u00fcrlichem Weg.<\/p>\n<p>Ist der Entleerungsvorgang gest\u00f6rt oder wird zu viel Sekret produziert, kann es passieren, dass die Analbeutel oder die Ausf\u00fchrungsg\u00e4nge, die mit dem Anus verbunden sind, verstopfen. Das ist f\u00fcr betroffene Tiere zun\u00e4chst nicht zwingend schmerzhaft, aber unangenehm. H\u00e4lt der Zustand an, wird das Sekret immer z\u00e4hfl\u00fcssiger. Durch eindringende Bakterien kann es dann zu Entz\u00fcndungen kommen. Es bildet sich Eiter, der Schwellungen verursacht und die Verstopfung weiter verschlimmert. Sp\u00e4testens in diesem Stadium ist eine Analdr\u00fcsenentz\u00fcndung mit Schmerzen verbunden, weil der Druck auf den Analbeutel permanent steigt. In der Folge k\u00f6nnen sich Abszesse oder Fisteln bilden, die in h\u00f6chstem Ma\u00dfe schmerzhaft sind. Bricht der Abszess von alleine auf und entleert sich, kann es passieren, dass Bakterien in die Blutbahn gelangen und andere Organe infizieren oder eine Blutvergiftung ausl\u00f6sen. In diesem Fall ist sofortige tier\u00e4rztliche Hilfe erforderlich.<\/p>\n<h2>Wie entsteht eine Analbeutelentz\u00fcndung beim Hund?<\/h2>\n<p>Einer Analdr\u00fcsenentz\u00fcndung geht im Regelfall eine Analdr\u00fcsenverstopfung voraus. Diese wird dadurch verursacht, dass der nat\u00fcrliche Entleerungsprozess nicht mehr richtig funktioniert oder zu viel Sekret produziert wird. Aber wie kommt es dazu? Hier gibt es mehrere M\u00f6glichkeiten.<\/p>\n<ul>\n<li><strong>Anhaltend weicher Kot\/Durchfall<\/strong>: Ist der Kot zu weich oder sogar d\u00fcnnfl\u00fcssig, hat das zur Folge, dass das Sekret nicht mit dem Stuhlgang herausgepresst werden kann. Dann fehlt schlicht der n\u00f6tige \u201eDruck\u201c, um die Analbeutel zu leeren. Problematisch wird es, wenn dieser Zustand anh\u00e4lt. M\u00f6gliche Gr\u00fcnde f\u00fcr zu weichen Kot oder Durchfall sind Nahrungsmittelunvertr\u00e4glichkeiten, ungeeignetes oder minderwertiges Futter, St\u00f6rungen der Darmflora (bspw. medikament\u00f6s bedingt), Parasiten (Giardien, W\u00fcrmer) sowie bakterielle Infektionen im Magen-Darm-Trakt.<\/li>\n<li><strong>Anhaltend harter Kot<\/strong>: Eine Entleerung wird auch verhindert, wenn der Hund dauerhaft zu festen Kot absetzt. Der Stuhl dr\u00fcckt dann gegen die Ausg\u00e4nge der Dr\u00fcsen, wodurch das Sekret nicht herausflie\u00dfen kann.<\/li>\n<li><strong>Dichtes oder langes Fell<\/strong>: Hunde mit sehr dichtem oder sehr langem Fell haben mitunter Schwierigkeiten, die Analregion sauber zu halten. Das resultiert in verklebten oder verfilzten Haaren. Durch die mangelnde Hygiene haben Bakterien leichtes Spiel.<\/li>\n<li><strong>Zu wenig Bewegung<\/strong>: Hat ein Hund zu wenig Bewegung, kann das \u00e4hnlich wie beim Menschen zu Verstopfung f\u00fchren. K\u00f6rperliche Aktivit\u00e4t ist wichtig, um die Darmt\u00e4tigkeit anzuregen und einen regelm\u00e4\u00dfigen Stuhlgang zu f\u00f6rdern.<\/li>\n<li><strong>Allergien oder Hormonst\u00f6rungen<\/strong>: Allergien oder hormonelle Erkrankungen k\u00f6nnen urs\u00e4chlich f\u00fcr eine \u00dcberproduktion von Sekret in den Analbeuteln sein. Wird dieses nicht abgef\u00fchrt, kommt es zur Verstopfung und im weiteren Verlauf zur Analdr\u00fcsenentz\u00fcndung.<\/li>\n<li><strong>Zu enge Ausf\u00fchrungsg\u00e4nge<\/strong>: Um das Sekret beim Stuhlgang nach au\u00dfen zu leiten, sind die Analbeutel \u00fcber feine Ausf\u00fchrungsg\u00e4nge mit dem Anus verbunden. Sind diese G\u00e4nge verengt, wird das Entleeren erschwert. Eine Verengung kann anatomisch bedingt, aber auch auf Tumorerkrankungen im Bereich des Enddarms zur\u00fcckzuf\u00fchren sein.<\/li>\n<\/ul>\n<p>Dar\u00fcber hinaus kann eine genetische Disposition zugrunde liegen. So haben kleine Hunde tendenziell \u00f6fter mit verstopften und entz\u00fcndeten Analdr\u00fcsen zu k\u00e4mpfen als gro\u00dfe. Zu den am h\u00e4ufigsten betroffenen Rassen geh\u00f6ren der Chihuahua, Malteser, Beagle, Pudel und Spaniel.<\/p>\n<h2>Analdr\u00fcsenentz\u00fcndung erkennen: Symptome im \u00dcberblick<\/h2>\n<p>Eine Analdr\u00fcsenentz\u00fcndung kann sich zu Beginn recht unspezifisch \u00e4u\u00dfern. Im fortgeschrittenen Stadium zeigen sich jedoch verh\u00e4ltnism\u00e4\u00dfig typische Symptome:<\/p>\n<ul>\n<li>H\u00e4ufiges Lecken und Beknabbern der Analregion<\/li>\n<li>\u201eSchlittenfahren\u201c: aufgrund von Juckreiz rutscht der Hund mit dem Ges\u00e4\u00df \u00fcber den Boden<\/li>\n<li>Knabbern und Bei\u00dfen in die Rute<\/li>\n<li>Rutenjagen<\/li>\n<li>Unangenehmer Geruch aus After und Maul<\/li>\n<li>Schwellungen und R\u00f6tungen im Bereich der Analbeutel<\/li>\n<li>Schwierigkeiten beim Kotabsatz<\/li>\n<li>Schwierigkeiten beim Sitzen<\/li>\n<li>Verlust von Sekret: braune bis r\u00f6tlich-braune Flecken in der Umgebung<\/li>\n<li>Schmerzen<\/li>\n<li>Fress- und Bewegungsunlust<\/li>\n<li>Apathie, Abgeschlagenheit<\/li>\n<\/ul>\n<p>Wenn du Anzeichen f\u00fcr eine Analdr\u00fcsenentz\u00fcndung bei deinem Hund bemerkst, solltest du ihn schnellstm\u00f6glich tier\u00e4rztlich untersuchen lassen \u2013 nicht nur, weil die Erkrankung f\u00fcr betroffene Tiere \u00e4u\u00dferst unangenehm und schmerzhaft sein kann, sondern auch, weil sich ohne Behandlung schwerwiegende gesundheitliche Probleme entwickeln k\u00f6nnen.<\/p>\n<h2>Wie wird eine Analdr\u00fcsenentz\u00fcndung beim Hund behandelt?<\/h2>\n<p>Bei Verdacht auf eine Analdr\u00fcsenentz\u00fcndung erstellt der Tierarzt oder die Tier\u00e4rztin erst einmal eine ausf\u00fchrliche Anamnese und pr\u00fcft den allgemeinen Gesundheitszustand des Tieres (Abh\u00f6ren von Herz und Lunge, Fiebermessen etc.). Danach werden die Analdr\u00fcsen visuell untersucht und abgetastet, um Gr\u00f6\u00dfe, W\u00e4rmeentwicklung, Schmerzhaftigkeit und m\u00f6gliche Schwellungen einzusch\u00e4tzen. Daran kann sich eine Blutuntersuchung oder eine Biopsie anschlie\u00dfen. So l\u00e4sst sich beispielsweise herausfinden, ob bereits eine Sepsis vorliegt oder ob ein Tumor urs\u00e4chlich f\u00fcr die Entz\u00fcndung ist.<\/p>\n<p>Steht fest, dass die Analbeutel verstopft oder entz\u00fcndet sind, werden sie in einem ersten Schritt manuell entleert. Dazu streicht der Tierarzt oder die Tier\u00e4rztin das Sekret mit den Fingern vorsichtig heraus. Des Weiteren erfolgt eine Sp\u00fclung. Zu diesem Zweck wird eine antiseptische L\u00f6sung in den Analbeutel injiziert. Das dient der Reinigung und hilft dabei, das Sekret d\u00fcnnfl\u00fcssiger zu machen, damit es besser abl\u00e4uft. Haben sich bereits Abszesse oder Fisteln gebildet, ist es wichtig, die \u00d6ffnung frei und sauber zu halten, damit sich das Wundsekret nicht staut. Um das sicherzustellen, kann es notwendig sein, den Hund t\u00e4glich in die Tierarztpraxis zu bringen. Eine Hundekrankenversicherung ist in solchen F\u00e4llen eine gro\u00dfe Hilfe, da sie die Kosten f\u00fcr veterin\u00e4rmedizinische Versorgungsleistungen \u00fcbernimmt. Nach der Behandlung der Analdr\u00fcsen werden dem Hund in der Regel Entz\u00fcndungshemmer oder Antibiotika verabreicht. Das ist auch der Fall, wenn das Tier Fieber hat oder das Risiko einer Sepsis besteht. Normalerweise k\u00f6nnen die Analbeutel ohne Sedierung geleert werden. Hat der Hund dabei jedoch starke Schmerzen, kann es notwendig sein, ihm vorab Schmerz- oder Beruhigungsmittel zu geben.<\/p>\n\n<div class=\"banner\">\n    <a href=\"https:\/\/uelzener.de\/hund\/hunde-krankenversicherung\/?agt=0000104925&sem=true&utm_medium=magazin&utm_source=wordpress&utm_campaign=hund_kv&utm_content=banner\">\n        <img decoding=\"async\" width=\"300\" height=\"212\" src=\"https:\/\/uelzener.de\/magazin\/app\/uploads\/2025\/01\/Hunde-Kranken-Versicherung.jpg\" class=\"attachment-medium size-medium\" alt=\"Banner Hunde-Kranken-Versicherung\" \/>    <\/a>\n<\/div>\n\n<p>Im n\u00e4chsten Schritt geht es darum, die Ursache f\u00fcr die Analdr\u00fcsenentz\u00fcndung ausfindig zu machen und zu beheben, um ein erneutes Auftreten zu verhindern. Je nach Ausl\u00f6ser kann das beispielsweise eine Futterumstellung oder die Gabe von Antiparasitika beinhalten. Ist ein Tumor urs\u00e4chlich f\u00fcr die Entz\u00fcndung, gilt es diesen nach M\u00f6glichkeit zu entfernen. Leider kann es trotz aller Bem\u00fchungen passieren, dass sich eine Analdr\u00fcsenentz\u00fcndung nicht in den Griff kriegen l\u00e4sst und chronisch wird. In solchen F\u00e4llen besteht die M\u00f6glichkeit, die Analbeutel operativ zu entfernen. Ob ein chirurgischer Eingriff sinnvoll und \u00fcberhaupt durchf\u00fchrbar ist, h\u00e4ngt vom Zustand des Tieres ab. Der Tierarzt oder die Tier\u00e4rztin kann hierzu umfassend beraten.<\/p>\n<h2>Analdr\u00fcsenentz\u00fcndung vorbeugen: Hilfreiche Tipps<\/h2>\n<p>Um einer Analdr\u00fcsenentz\u00fcndung vorzubeugen, ist es in erster Linie wichtig, den nat\u00fcrlichen Entleerungsprozess der Analbeutel zu unterst\u00fctzen. Damit das Sekret abgegeben werden kann und sich nicht staut, sind die richtige Kotkonsistenz und ein regelm\u00e4\u00dfiger Stuhlgang entscheidend. In dem Zusammenhang spielen folgende Faktoren eine Rolle:<\/p>\n<ul>\n<li>Vertr\u00e4gliches, gesundes, ballaststoffreiches Futter<\/li>\n<li>Ausreichend Bewegung<\/li>\n<li>Hygiene: Fell bei langhaarigen Hunden in der Analregion kurz halten<\/li>\n<li>Gesundes K\u00f6rpergewicht<\/li>\n<li>Gegebenenfalls Verabreichung von Pr\u00e4- und Probiotika zur Unterst\u00fctzung der Darmflora (nur nach tier\u00e4rztlicher Absprache)<\/li>\n<\/ul>\n<p>Manche Hunde haben eine Veranlagung zu verstopften Analdr\u00fcsen, so dass sich mit vorbeugenden Ma\u00dfnahmen nicht viel ausrichten l\u00e4sst. Dann kann es sinnvoll sein, die Analdr\u00fcsen des Hundes selbst zu leeren. Wie das geht, kann man sich vom Tierarzt oder der Tier\u00e4rztin zeigen lassen. Das mag zwar erst \u00dcberwindung kosten, erm\u00f6glicht es aber, einer Entz\u00fcndung vorzubeugen und dem Hund wieder zu mehr Wohlbefinden zu verhelfen.<\/p>\n<h2>Fazit<\/h2>\n<p>Analdr\u00fcsenentz\u00fcndungen sind bei Hunden keine Seltenheit. Zum Gl\u00fcck lassen sie sich in den meisten F\u00e4llen gut behandeln, so dass die Beschwerden schnell wieder abklingen. Entscheidend ist jedoch, nicht lange abzuwarten, sondern fr\u00fchzeitig tier\u00e4rztliche Hilfe zu suchen. Je l\u00e4nger die Entz\u00fcndung unbehandelt bleibt, desto gr\u00f6\u00dfer ist die Gefahr, dass sich Abszesse bilden, die Infektion sich ausbreitet oder die Probleme chronisch werden. Mit einer fr\u00fchzeitigen Versorgung kann man dem Hund viel Leid ersparen, so dass er bald wieder beschwerdefrei durchs Leben gehen kann.<\/p>\n\n<div class=\"related_articles boxed\">\n    <h2>Mehr zum Thema<\/h2>\n    \n    <div class=\"wrapper\"><div class=\"title align-center\"><h3><a href=\"https:\/\/uelzener.de\/magazin\/hund\/haeufige-fragen\/warum-frisst-mein-hund-kot\/\">Warum frisst mein Hund Kot?<\/a><\/h3><\/div><div class=\"img align-center\"><img decoding=\"async\" width=\"315\" height=\"138\" src=\"https:\/\/uelzener.de\/magazin\/app\/uploads\/2025\/09\/hund-frisst-kot.png\" class=\"attachment-315x180 size-315x180 wp-post-image\" alt=\"Hund frisst Kot.\" \/><\/div><\/div><div class=\"wrapper\"><div class=\"title align-center\"><h3><a href=\"https:\/\/uelzener.de\/magazin\/hund\/tiergesundheit\/hundekrankheiten-unfaelle\/\">Hundekrankheiten und Unf\u00e4lle, die du unbedingt kennen musst<\/a><\/h3><\/div><div class=\"img align-center\"><img decoding=\"async\" width=\"315\" height=\"180\" src=\"https:\/\/uelzener.de\/magazin\/app\/uploads\/2023\/01\/haeufige-hundekrankheiten-unfaelle-315x180.jpg\" class=\"attachment-315x180 size-315x180 wp-post-image\" alt=\"Kranker Hund wird gestreichelt.\" \/><\/div><\/div><\/div>\n\n<h2>FAQ: H\u00e4ufig gestellte Fragen zur Analdr\u00fcsenentz\u00fcndung bei Hunden<\/h2>\n<h3>Tut eine Analdr\u00fcsenentz\u00fcndung meinem Hund weh?<\/h3>\n<p>Ja, im fortgeschrittenen Stadium ist sie mit einem unangenehmen Druckgef\u00fchl, Juckreiz und Schmerzen verbunden.<\/p>\n<h3>Helfen Hausmittel gegen Analdr\u00fcsenentz\u00fcndung?<\/h3>\n<p>Bei entz\u00fcndeten Analdr\u00fcsen k\u00f6nnen warme Kompressen mit Kamille oder Salzwasser f\u00fcr den Hund sehr wohltuend sein. Sie ersetzen jedoch keine medizinische Behandlung und sollten nur unterst\u00fctzend sowie nach Absprache mit dem Tierarzt oder der Tier\u00e4rztin eingesetzt werden.<\/p>\n<h3>Ist eine Analdr\u00fcsenentz\u00fcndung ansteckend?<\/h3>\n<p>Nein, eine Analdr\u00fcsenentz\u00fcndung kann nicht \u00fcbertragen werden.<\/p>\n","protected":false},"excerpt":{"rendered":"<p>Wenn der Vierbeiner mit dem Hinterteil \u00fcber den Boden rutscht oder sich im Kreis dreht und nach seiner Rute jagt, mag das auf den ersten Blick vielleicht lustig aussehen, es kann sich aber auch um ein Warnsignal handeln. Oft stecken n\u00e4mlich Probleme mit den Analdr\u00fcsen dahinter. Sind sie verstopft oder entz\u00fcndet, kann das f\u00fcr betroffene [&hellip;]<\/p>\n","protected":false},"author":11,"featured_media":19415,"parent":11701,"menu_order":33,"comment_status":"closed","ping_status":"closed","template":"templates\/blog.php","meta":{"_acf_changed":false,"_crdt_document":"","footnotes":"","beyondwords_generate_audio":"","beyondwords_project_id":"","beyondwords_content_id":"","beyondwords_preview_token":"","beyondwords_player_style":"","beyondwords_language_id":"","beyondwords_title_voice_id":"","beyondwords_body_voice_id":"","beyondwords_summary_voice_id":"","beyondwords_error_message":"","beyondwords_disabled":"","beyondwords_delete_content":"","beyondwords_podcast_id":"","beyondwords_hash":"","publish_post_to_speechkit":"","speechkit_hash":"","speechkit_generate_audio":"","speechkit_project_id":"","speechkit_podcast_id":"","speechkit_error_message":"","speechkit_disabled":"","speechkit_access_key":"","speechkit_error":"","speechkit_info":"","speechkit_response":"","speechkit_retries":"","speechkit_status":"","speechkit_updated_at":"","_speechkit_link":"","_speechkit_text":""},"class_list":["post-19414","page","type-page","status-publish","has-post-thumbnail","hentry"],"acf":[],"yoast_head":"<!-- This site is optimized with the Yoast SEO Premium plugin  - https:\/\/yoast.com\/product\/yoast-seo-premium-wordpress\/ -->\n<title>Analdr\u00fcsenentz\u00fcndung beim Hund: Von ersten Anzeichen bis zur Behandlung | Uelzener Magazin<\/title>\n<meta name=\"description\" content=\"Eine Analdr\u00fcsenentz\u00fcndung kann bei Hunden ernsthafte Beschwerden verursachen. Entdecke die Symptome und Behandlungsm\u00f6glichkeiten.\" \/>\n<meta name=\"robots\" content=\"index, follow, max-snippet:-1, max-image-preview:large, max-video-preview:-1\" \/>\n<link rel=\"canonical\" href=\"https:\/\/uelzener.de\/magazin\/hund\/tiergesundheit\/analdruesenentzuendung-beim-hund\/\" \/>\n<meta property=\"og:locale\" content=\"de_DE\" \/>\n<meta property=\"og:type\" content=\"article\" \/>\n<meta property=\"og:title\" content=\"Analdr\u00fcsenentz\u00fcndung beim Hund: Von ersten Anzeichen bis zur Behandlung\" \/>\n<meta property=\"og:description\" content=\"Eine Analdr\u00fcsenentz\u00fcndung kann bei Hunden ernsthafte Beschwerden verursachen. Entdecke die Symptome und Behandlungsm\u00f6glichkeiten.\" \/>\n<meta property=\"og:url\" content=\"https:\/\/uelzener.de\/magazin\/hund\/tiergesundheit\/analdruesenentzuendung-beim-hund\/\" \/>\n<meta property=\"og:site_name\" content=\"Uelzener Tier-Magazin\" \/>\n<meta property=\"article:publisher\" content=\"https:\/\/www.facebook.com\/Uelzener\" \/>\n<meta property=\"og:image\" content=\"https:\/\/uelzener.de\/magazin\/app\/uploads\/2025\/11\/hund-analdruesenentzuendung.png\" \/>\n\t<meta property=\"og:image:width\" content=\"1025\" \/>\n\t<meta property=\"og:image:height\" content=\"450\" \/>\n\t<meta property=\"og:image:type\" content=\"image\/png\" \/>\n<meta name=\"twitter:card\" content=\"summary_large_image\" \/>\n<meta name=\"twitter:label1\" content=\"Gesch\u00e4tzte Lesezeit\" \/>\n\t<meta name=\"twitter:data1\" content=\"9\u00a0Minuten\" \/>\n<script type=\"application\/ld+json\" class=\"yoast-schema-graph\">{\"@context\":\"https:\/\/schema.org\",\"@graph\":[{\"@type\":\"WebPage\",\"@id\":\"https:\/\/uelzener.de\/magazin\/hund\/tiergesundheit\/analdruesenentzuendung-beim-hund\/\",\"url\":\"https:\/\/uelzener.de\/magazin\/hund\/tiergesundheit\/analdruesenentzuendung-beim-hund\/\",\"name\":\"Analdr\u00fcsenentz\u00fcndung beim Hund: Von ersten Anzeichen bis zur Behandlung | Uelzener Magazin\",\"isPartOf\":{\"@id\":\"https:\/\/uelzener.de\/magazin\/#website\"},\"primaryImageOfPage\":{\"@id\":\"https:\/\/uelzener.de\/magazin\/hund\/tiergesundheit\/analdruesenentzuendung-beim-hund\/#primaryimage\"},\"image\":{\"@id\":\"https:\/\/uelzener.de\/magazin\/hund\/tiergesundheit\/analdruesenentzuendung-beim-hund\/#primaryimage\"},\"thumbnailUrl\":\"https:\/\/uelzener.de\/magazin\/app\/uploads\/2025\/11\/hund-analdruesenentzuendung.png\",\"datePublished\":\"2025-11-06T10:04:37+00:00\",\"description\":\"Eine Analdr\u00fcsenentz\u00fcndung kann bei Hunden ernsthafte Beschwerden verursachen. Entdecke die Symptome und Behandlungsm\u00f6glichkeiten.\",\"breadcrumb\":{\"@id\":\"https:\/\/uelzener.de\/magazin\/hund\/tiergesundheit\/analdruesenentzuendung-beim-hund\/#breadcrumb\"},\"inLanguage\":\"de\",\"potentialAction\":[{\"@type\":\"ReadAction\",\"target\":[\"https:\/\/uelzener.de\/magazin\/hund\/tiergesundheit\/analdruesenentzuendung-beim-hund\/\"]}]},{\"@type\":\"ImageObject\",\"inLanguage\":\"de\",\"@id\":\"https:\/\/uelzener.de\/magazin\/hund\/tiergesundheit\/analdruesenentzuendung-beim-hund\/#primaryimage\",\"url\":\"https:\/\/uelzener.de\/magazin\/app\/uploads\/2025\/11\/hund-analdruesenentzuendung.png\",\"contentUrl\":\"https:\/\/uelzener.de\/magazin\/app\/uploads\/2025\/11\/hund-analdruesenentzuendung.png\",\"width\":1025,\"height\":450,\"caption\":\"Hund zieht Hintern \u00fcber den Boden.\"},{\"@type\":\"WebSite\",\"@id\":\"https:\/\/uelzener.de\/magazin\/#website\",\"url\":\"https:\/\/uelzener.de\/magazin\/\",\"name\":\"Uelzener Tiermagazin\",\"description\":\"Online Tierratgeber der Uelzener Versicherungen\",\"publisher\":{\"@id\":\"https:\/\/uelzener.de\/magazin\/#organization\"},\"potentialAction\":[{\"@type\":\"SearchAction\",\"target\":{\"@type\":\"EntryPoint\",\"urlTemplate\":\"https:\/\/uelzener.de\/magazin\/?s={search_term_string}\"},\"query-input\":{\"@type\":\"PropertyValueSpecification\",\"valueRequired\":true,\"valueName\":\"search_term_string\"}}],\"inLanguage\":\"de\"},{\"@type\":\"Organization\",\"@id\":\"https:\/\/uelzener.de\/magazin\/#organization\",\"name\":\"Uelzener Versicherungen\",\"url\":\"https:\/\/uelzener.de\/magazin\/\",\"logo\":{\"@type\":\"ImageObject\",\"inLanguage\":\"de\",\"@id\":\"https:\/\/uelzener.de\/magazin\/#\/schema\/logo\/image\/\",\"url\":\"https:\/\/uelzener.de\/magazin\/app\/uploads\/2024\/11\/uelzener_allgemeine_versicherungsgesellschaft_a_g_logo.jpg\",\"contentUrl\":\"https:\/\/uelzener.de\/magazin\/app\/uploads\/2024\/11\/uelzener_allgemeine_versicherungsgesellschaft_a_g_logo.jpg\",\"width\":200,\"height\":200,\"caption\":\"Uelzener Versicherungen\"},\"image\":{\"@id\":\"https:\/\/uelzener.de\/magazin\/#\/schema\/logo\/image\/\"},\"sameAs\":[\"https:\/\/www.facebook.com\/Uelzener\",\"https:\/\/instagram.com\/uelzener\",\"https:\/\/www.xing.com\/pages\/uelzenerallgemeineversicherungs-gesellschafta-g\",\"https:\/\/www.youtube.com\/UelzenerVersicherungen\"]}]}<\/script>\n<!-- \/ Yoast SEO Premium plugin. -->","yoast_head_json":{"title":"Analdr\u00fcsenentz\u00fcndung beim Hund: Von ersten Anzeichen bis zur Behandlung | Uelzener Magazin","description":"Eine Analdr\u00fcsenentz\u00fcndung kann bei Hunden ernsthafte Beschwerden verursachen. Entdecke die Symptome und Behandlungsm\u00f6glichkeiten.","robots":{"index":"index","follow":"follow","max-snippet":"max-snippet:-1","max-image-preview":"max-image-preview:large","max-video-preview":"max-video-preview:-1"},"canonical":"https:\/\/uelzener.de\/magazin\/hund\/tiergesundheit\/analdruesenentzuendung-beim-hund\/","og_locale":"de_DE","og_type":"article","og_title":"Analdr\u00fcsenentz\u00fcndung beim Hund: Von ersten Anzeichen bis zur Behandlung","og_description":"Eine Analdr\u00fcsenentz\u00fcndung kann bei Hunden ernsthafte Beschwerden verursachen. Entdecke die Symptome und Behandlungsm\u00f6glichkeiten.","og_url":"https:\/\/uelzener.de\/magazin\/hund\/tiergesundheit\/analdruesenentzuendung-beim-hund\/","og_site_name":"Uelzener Tier-Magazin","article_publisher":"https:\/\/www.facebook.com\/Uelzener","og_image":[{"width":1025,"height":450,"url":"https:\/\/uelzener.de\/magazin\/app\/uploads\/2025\/11\/hund-analdruesenentzuendung.png","type":"image\/png"}],"twitter_card":"summary_large_image","twitter_misc":{"Gesch\u00e4tzte Lesezeit":"9\u00a0Minuten"},"schema":{"@context":"https:\/\/schema.org","@graph":[{"@type":"WebPage","@id":"https:\/\/uelzener.de\/magazin\/hund\/tiergesundheit\/analdruesenentzuendung-beim-hund\/","url":"https:\/\/uelzener.de\/magazin\/hund\/tiergesundheit\/analdruesenentzuendung-beim-hund\/","name":"Analdr\u00fcsenentz\u00fcndung beim Hund: Von ersten Anzeichen bis zur Behandlung | Uelzener Magazin","isPartOf":{"@id":"https:\/\/uelzener.de\/magazin\/#website"},"primaryImageOfPage":{"@id":"https:\/\/uelzener.de\/magazin\/hund\/tiergesundheit\/analdruesenentzuendung-beim-hund\/#primaryimage"},"image":{"@id":"https:\/\/uelzener.de\/magazin\/hund\/tiergesundheit\/analdruesenentzuendung-beim-hund\/#primaryimage"},"thumbnailUrl":"https:\/\/uelzener.de\/magazin\/app\/uploads\/2025\/11\/hund-analdruesenentzuendung.png","datePublished":"2025-11-06T10:04:37+00:00","description":"Eine Analdr\u00fcsenentz\u00fcndung kann bei Hunden ernsthafte Beschwerden verursachen. Entdecke die Symptome und Behandlungsm\u00f6glichkeiten.","breadcrumb":{"@id":"https:\/\/uelzener.de\/magazin\/hund\/tiergesundheit\/analdruesenentzuendung-beim-hund\/#breadcrumb"},"inLanguage":"de","potentialAction":[{"@type":"ReadAction","target":["https:\/\/uelzener.de\/magazin\/hund\/tiergesundheit\/analdruesenentzuendung-beim-hund\/"]}]},{"@type":"ImageObject","inLanguage":"de","@id":"https:\/\/uelzener.de\/magazin\/hund\/tiergesundheit\/analdruesenentzuendung-beim-hund\/#primaryimage","url":"https:\/\/uelzener.de\/magazin\/app\/uploads\/2025\/11\/hund-analdruesenentzuendung.png","contentUrl":"https:\/\/uelzener.de\/magazin\/app\/uploads\/2025\/11\/hund-analdruesenentzuendung.png","width":1025,"height":450,"caption":"Hund zieht Hintern \u00fcber den Boden."},{"@type":"WebSite","@id":"https:\/\/uelzener.de\/magazin\/#website","url":"https:\/\/uelzener.de\/magazin\/","name":"Uelzener Tiermagazin","description":"Online Tierratgeber der Uelzener Versicherungen","publisher":{"@id":"https:\/\/uelzener.de\/magazin\/#organization"},"potentialAction":[{"@type":"SearchAction","target":{"@type":"EntryPoint","urlTemplate":"https:\/\/uelzener.de\/magazin\/?s={search_term_string}"},"query-input":{"@type":"PropertyValueSpecification","valueRequired":true,"valueName":"search_term_string"}}],"inLanguage":"de"},{"@type":"Organization","@id":"https:\/\/uelzener.de\/magazin\/#organization","name":"Uelzener Versicherungen","url":"https:\/\/uelzener.de\/magazin\/","logo":{"@type":"ImageObject","inLanguage":"de","@id":"https:\/\/uelzener.de\/magazin\/#\/schema\/logo\/image\/","url":"https:\/\/uelzener.de\/magazin\/app\/uploads\/2024\/11\/uelzener_allgemeine_versicherungsgesellschaft_a_g_logo.jpg","contentUrl":"https:\/\/uelzener.de\/magazin\/app\/uploads\/2024\/11\/uelzener_allgemeine_versicherungsgesellschaft_a_g_logo.jpg","width":200,"height":200,"caption":"Uelzener Versicherungen"},"image":{"@id":"https:\/\/uelzener.de\/magazin\/#\/schema\/logo\/image\/"},"sameAs":["https:\/\/www.facebook.com\/Uelzener","https:\/\/instagram.com\/uelzener","https:\/\/www.xing.com\/pages\/uelzenerallgemeineversicherungs-gesellschafta-g","https:\/\/www.youtube.com\/UelzenerVersicherungen"]}]}},"_links":{"self":[{"href":"https:\/\/uelzener.de\/magazin\/wp-json\/wp\/v2\/pages\/19414","targetHints":{"allow":["GET"]}}],"collection":[{"href":"https:\/\/uelzener.de\/magazin\/wp-json\/wp\/v2\/pages"}],"about":[{"href":"https:\/\/uelzener.de\/magazin\/wp-json\/wp\/v2\/types\/page"}],"author":[{"embeddable":true,"href":"https:\/\/uelzener.de\/magazin\/wp-json\/wp\/v2\/users\/11"}],"replies":[{"embeddable":true,"href":"https:\/\/uelzener.de\/magazin\/wp-json\/wp\/v2\/comments?post=19414"}],"version-history":[{"count":1,"href":"https:\/\/uelzener.de\/magazin\/wp-json\/wp\/v2\/pages\/19414\/revisions"}],"predecessor-version":[{"id":19416,"href":"https:\/\/uelzener.de\/magazin\/wp-json\/wp\/v2\/pages\/19414\/revisions\/19416"}],"up":[{"embeddable":true,"href":"https:\/\/uelzener.de\/magazin\/wp-json\/wp\/v2\/pages\/11701"}],"wp:featuredmedia":[{"embeddable":true,"href":"https:\/\/uelzener.de\/magazin\/wp-json\/wp\/v2\/media\/19415"}],"wp:attachment":[{"href":"https:\/\/uelzener.de\/magazin\/wp-json\/wp\/v2\/media?parent=19414"}],"curies":[{"name":"wp","href":"https:\/\/api.w.org\/{rel}","templated":true}]}}