{"id":19408,"date":"2025-10-30T11:27:15","date_gmt":"2025-10-30T10:27:15","guid":{"rendered":"https:\/\/uelzener.de\/magazin\/?page_id=19408"},"modified":"2025-11-13T11:49:17","modified_gmt":"2025-11-13T10:49:17","slug":"schwarze-katze-von-links-nach-rechts-glueck-pech-aberglaube","status":"publish","type":"page","link":"https:\/\/uelzener.de\/magazin\/katze\/haeufige-fragen\/schwarze-katze-von-links-nach-rechts-glueck-pech-aberglaube\/","title":{"rendered":"Schwarze Katze von links nach rechts \u2013 Gl\u00fcck, Pech oder nichts von alledem?"},"content":{"rendered":"<p>Kaum ein Tier ist so stark mit Mystik und Aberglauben verkn\u00fcpft wie die schwarze Katze. Seit Jahrhunderten gilt sie in vielen Teilen der Welt als Symbol f\u00fcr Magie, das Schicksalhafte und \u00dcbersinnliche. Schon in heidnischen Kulturen galten Katzen als Wesen, die zwischen der Welt der Menschen und der Welt der Geister wandeln. Daraus entwickelte sich die Vorstellung, dass ihr Erscheinen nicht dem Zufall geschuldet ist, sondern eine tiefergehende Bedeutung hat. Spannend dabei: Sogar die Richtung, aus der eine schwarze Katze kommt und in die sie geht, wurde als Omen gedeutet. Dahinter steckt eine lange Tradition aus \u00dcberlieferungen, die die Weltanschauungen und gesellschaftlichen Werte ihrer Zeit widerspiegeln und bis heute nachwirken. In diesem Artikel geben wir dir einen Einblick in die kulturgeschichtliche Rolle von schwarzen Katzen und verraten dir, was es bedeutet, wenn sie von links nach rechts oder von rechts nach links l\u00e4uft.<\/p>\n<h2>Wurzeln des Aberglaubens: Von der Antike bis zum Mittelalter<\/h2>\n<p>Der Aberglaube rund um die schwarze Katze hat Wurzeln, die weit in die vorchristliche Zeit zur\u00fcckreichen. In der Antike, allen voran im Alten \u00c4gypten, hatten Katzen einen sehr hohen Stellenwert. Sie galten als \u00fcberaus n\u00fctzlich, da sie Getreidespeicher, Tempel und heilige Orte von Ungeziefer freihielten, und wurden sogar als Haustiere gehalten. Die Wertsch\u00e4tzung, die Katzen damals erfuhren, war so gro\u00df, dass sich manche \u00c4gypter und \u00c4gypterinnen sogar mit ihnen bestatten lie\u00dfen, um sie im Jenseits bei sich zu haben. Zudem wurden Katzen als Inkarnation der G\u00f6ttin Bastet betrachtet, die unter anderem f\u00fcr Liebe, Fruchtbarkeit, Freude und Tanz stand. In der Stadt Bubastis wurde ihr eine Tempelanlage geweiht, die sich im Verlauf der Zeit als regelrechte Kultst\u00e4tte etablierte. So fanden Arch\u00e4ologen und Arch\u00e4ologinnen zahlreiche aufwendig einbalsamierte Katzenmumien, die dort als Opfergaben beigesetzt wurden.<\/p>\n<h3>Katzen in \u00c4gypten<\/h3>\n<p>W\u00e4hrend Katzen in \u00c4gypten einen gott\u00e4hnlichen Status innehatten, erhielten sie in den heidnischen Kulturen Europas eine eher mystische Rolle und galten als Begleiter mythischer Gestalten. Spuren davon finden sich in der nordischen Sagenwelt, etwa bei der G\u00f6ttin Freyja, deren Wagen von zwei riesigen Katzen gezogen worden sein soll. Sie symbolisieren dualistische Attribute: Liebe und Sanftmut auf der einen Seite, Macht und Unabh\u00e4ngigkeit auf der anderen. Dar\u00fcber hinaus wurden Katzen in der Wikingerzeit eng mit Magie, Spiritualit\u00e4t und Weisheit in Verbindung gebracht. Man betrachtete sie als Wesen, die zwischen der G\u00f6tter- und Menschenwelt wandeln und die Grenzen zwischen Tod und Leben \u00fcberwinden konnten.<\/p>\n<h3>Katzen w\u00e4hrend der Christianisierung in Europa<\/h3>\n<p>Mit der Christianisierung Europas \u00e4nderte sich jedoch die Sichtweise. Alles, was mit alten G\u00f6ttern oder heidnischen Ritualen verbunden war, wurde zunehmend als gef\u00e4hrlich und s\u00fcndhaft betrachtet. Die Katze geriet dadurch in Verruf. Ihre scharfen Sinne, ihre Jagdk\u00fcnste und ihre F\u00e4higkeit, sich nahezu lautlos zu bewegen, passten in das Bild des Unheimlichen, das fortan mit Bedrohung verkn\u00fcpft wurde. Im Mittelalter verfestigte sich das Bild weiter. Durch den aufkommenden Hexenglauben wurden vor allem schwarze Katzen zur Projektionsfl\u00e4che f\u00fcr alles, was sich der menschlichen Kontrolle und dem Erkl\u00e4rbaren entzog. Sie galten als \u201eHexentiere\u201c und Werkzeuge des Teufels. Dabei spielte auch die Symbolik der Farbe Schwarz eine Rolle. Schwarz stand in der mittelalterlichen Deutung f\u00fcr die ewige Dunkelheit, den Tod und das B\u00f6se. Eine schwarze Katze, die pl\u00f6tzlich den Weg kreuzte, konnte daher leicht als schlechtes Omen verstanden werden. So kam es, dass die Menschen eine Begegnung mit Unheil, Krankheit und dunklen M\u00e4chten in Verbindung brachten.<\/p>\n<h2>Links oder rechts? Welche Bedeutung hat die Richtung?<\/h2>\n<p>Im deutschen Volksglauben hat sich im Verlauf der Jahrhunderte herauskristallisiert, dass die Richtung, aus der eine schwarze Katze kommt, dar\u00fcber entscheidet, ob es sich um ein gutes oder ein schlechtes Omen handelt. Folgende Deutung ist hierzulande gebr\u00e4uchlich:<\/p>\n<ul>\n<li><strong>Schwarze Katze von links nach rechts<\/strong>: L\u00e4uft eine schwarze Katze von links nach rechts, ist das ein schlechtes Vorzeichen und bedeutet, dass Unheil und Pech bevorstehen. Merkspruch: \u201eVon links nach rechts \u2013 was Schlecht\u2019s!\u201c<\/li>\n<li><strong>Schwarze Katze von rechts nach links<\/strong>: L\u00e4uft eine schwarze Katze von rechts nach links, ist das ein gutes Vorzeichen und bedeutet, dass Gl\u00fcck und Segen bevorstehen. Merkspruch: \u201eVon rechts nach links \u2013 gelingt\u2019s!\u201c<\/li>\n<\/ul>\n<p>Hinter diesem Aberglauben steckt eine christlich aufgeladene Bedeutung von \u201elinks\u201c und \u201erechts\u201c. Im Christentum gilt die rechte Seite als die richtige, g\u00fcnstige und rechtschaffene, w\u00e4hrend die linke als falsch und unheilvoll betrachtet wird. Kommt die Katze also von links, bringt sie Pech mit. Kommt sie von rechts, hat sie Gl\u00fcck im Gep\u00e4ck. Voraussetzung daf\u00fcr ist allerdings, dass die Richtung, aus der die Katze kommt, als ausschlaggebend betrachtet wird. Liegt der Fokus auf der Richtung, in die eine schwarze Katze geht, ist auch eine umgekehrte Interpretation m\u00f6glich: L\u00e4uft sie von links nach rechts, ist das ein positives Zeichen. L\u00e4uft sie von rechts nach links, ist das ein negatives Zeichen.<\/p>\n<h2>Die schwarze Katze als Gl\u00fccksbringer<\/h2>\n<p>Auch in anderen Teilen der Welt sind schwarze Katzen im Aberglauben verwurzelt. Allerdings spielt es dabei weniger eine Rolle, ob sie von links nach rechts oder von rechts nach links laufen. Zudem m\u00fcssen sie nicht zwingend Ungl\u00fcck bringen. Hier ein paar Beispiele:<\/p>\n<ul>\n<li><strong>England<\/strong>: In England ist es generell ein gutes Omen, wenn die Katze auf einen zugeht. Britische und irische Seeleute nahmen fr\u00fcher schwarze Katzen mit aufs Schiff, damit sie die Reise gut \u00fcberstehen und wohlbehalten zur\u00fcckkehren.<\/li>\n<li><strong>Schottland<\/strong>: In Schottland h\u00e4lt sich der Aberglaube, dass eine Katze vor der Haust\u00fcr Wohlstand und Reichtum ank\u00fcndigt.<\/li>\n<li><strong>Japan<\/strong>: In Japan gelten schwarze Katzen als Gl\u00fccksbringer f\u00fcr unverheiratete Frauen, die auf der Suche nach einem Partner sind. Die Tiere sollen dabei helfen, Verehrer anzulocken.<\/li>\n<\/ul>\n<p>Es wird deutlich, dass die Symbolik schwarzer Katzen stark vom kulturellen Kontext abh\u00e4ngt. Sie gelten keineswegs \u00fcberall als Ungl\u00fccksboten, sondern k\u00f6nnen auch Hoffnung, Schutz und Wohlstand verhei\u00dfen.<\/p>\n<h2>Die schwarze Katze heute: Der Kampf gegen Vorurteile<\/h2>\n<p>Heutzutage spielt Aberglauben in der westlichen Welt zwar keine so gro\u00dfe Rolle mehr wie fr\u00fcher, trotzdem scheinen manche Vorstellungen nach wie vor in den K\u00f6pfen der Menschen verankert zu sein und nachzuwirken. Das zeigt sich daran, dass sich schwarze Katzen in Tierheimen nachweislich schlechter vermitteln lassen als Katzen anderer Fellfarben. Zudem sind es meist die nicht-schwarzen Kitten eines Wurfs, die schneller ein Zuhause finden. Das liegt mitunter darin begr\u00fcndet, dass schwarzen Katzen immer noch das Vorurteil des Unheilbringers anhaftet. Aber auch die Farbe Schwarz als solches scheint negativ besetzt zu sein, denn es sind nicht nur schwarze Katzen, die es schwer haben, adoptiert zu werden. Auch andere Tiere mit schwarzem Fell sind betroffen, beispielsweise Hunde oder Kaninchen.<\/p>\n<p>Um Vorbehalte abzubauen, wurde 2011 der Tag der schwarzen Katzen ins Leben gerufen. Er findet jedes Jahr am 17. August statt und soll dabei helfen, Aufmerksamkeit zu erzeugen, Missverst\u00e4ndnisse aufzukl\u00e4ren und schwarze Katzen als das darzustellen, was sie sind: charaktervolle Samtpfoten, die es genauso verdienen, gesehen und geliebt zu werden wie alle anderen Katzen auch.<\/p>\n<h2>Fazit<\/h2>\n<p>Die schwarze Katze ist das perfekte Beispiel daf\u00fcr, wie sich Mythen und Aberglauben \u00fcber Jahrhunderte hinweg wandeln k\u00f6nnen. Ihre Symbolik spiegelt die Denkweisen und \u00c4ngste verschiedener Gesellschaften und Epochen wider \u2013 von der Verehrung im Alten \u00c4gypten \u00fcber die Verteufelung im europ\u00e4ischen Mittelalter bis hin zum Volksglauben unserer Zeit. Klar ist: Weder ihre Fellfarbe noch die Richtung, aus der sie kommt oder in die sie geht, entscheidet \u00fcber Gl\u00fcck oder Ungl\u00fcck. Ob von links oder rechts \u2013 wenn eine schwarze Katze den Weg kreuzt, bedeutet das in erster Linie: Da ist eine Katze unterwegs. Nicht mehr und nicht weniger. Es ist wichtig, sich bewusst zu machen, wie stark kulturelle Vorstellungen unsere Sicht auf Tiere pr\u00e4gen. Wer einer schwarzen Katze unvoreingenommen begegnet, wird mitnichten einen Unheilsbringer entdecken, sondern kann einen treuen Gef\u00e4hrten und Freund f\u00fcrs Leben finden.<\/p>\n\n<div class=\"related_articles boxed\">\n    <h2>Mehr zum Thema<\/h2>\n    \n    <div class=\"wrapper\"><div class=\"title align-center\"><h3><a href=\"https:\/\/uelzener.de\/magazin\/katze\/haeufige-fragen\/herbstkatzen\/\">Herbstkatzen: Sind sie die schlechteren Katzen?<\/a><\/h3><\/div><div class=\"img align-center\"><img decoding=\"async\" width=\"315\" height=\"180\" src=\"https:\/\/uelzener.de\/magazin\/app\/uploads\/2022\/10\/herbstkaetzchen-315x180.jpg\" class=\"attachment-315x180 size-315x180 wp-post-image\" alt=\"Sind Herbstkatzen die schlechteren Katzen?\" \/><\/div><\/div><div class=\"wrapper\"><div class=\"title align-center\"><h3><a href=\"https:\/\/uelzener.de\/magazin\/katze\/rasseportrait\/glueckskatze-dreifarbig-schildpatt\/\">Die Gl\u00fcckskatze: eine mythenumrankte und seltene dreifarbige Sch\u00f6nheit<\/a><\/h3><\/div><div class=\"img align-center\"><img decoding=\"async\" width=\"315\" height=\"180\" src=\"https:\/\/uelzener.de\/magazin\/app\/uploads\/2022\/12\/glueckskatze-schildpatt-tricolor-315x180.jpg\" class=\"attachment-315x180 size-315x180 wp-post-image\" alt=\"Dreifarbige Gl\u00fcckskatze sitz im Haus und schaut zum kleinen Fenster neben der Haust\u00fcr raus.\" \/><\/div><\/div><\/div>\n\n<h2>FAQ: H\u00e4ufig gestellte Fragen zum Thema schwarze Katzen<\/h2>\n<h3>Kann eine schwarze Katze Gl\u00fcck oder Ungl\u00fcck bringen?<\/h3>\n<p>Nein, das ist ein Aberglaube. Schwarze Katzen sind ganz normale Haustiere mit denselben Eigenschaften wie Katzen anderer Fellfarben.<\/p>\n<h3>Sind schwarze Katzen anf\u00e4lliger f\u00fcr Krankheiten als Katzen anderer Fellfarben?<\/h3>\n<p>Nein, schwarze Katzen sind nicht anf\u00e4lliger f\u00fcr Krankheiten als andere. Ihre Fellfarbe hat keinen Einfluss auf ihre Gesundheit. Entscheidend sind vielmehr Faktoren wie Genetik, Haltung, Pflege, Ern\u00e4hrung und tier\u00e4rztliche Versorgung. Sollte die Katze einmal krank werden oder sich verletzen, leistet eine Katzenkrankenversicherung gute Dienste. Sie hilft, hohe Tierarztkosten abzufedern und bietet dadurch finanziellen Schutz.<\/p>\n\n<div class=\"banner\">\n    <a href=\"https:\/\/uelzener.de\/katze\/katzen-krankenversicherung\/?agt=0000104925&sem=true&utm_medium=magazin&utm_source=wordpress&utm_campaign=katze_kv&utm_content=banner\">\n        <img decoding=\"async\" width=\"300\" height=\"212\" src=\"https:\/\/uelzener.de\/magazin\/app\/uploads\/2025\/01\/Katzen-Kranken-Versicherung.jpg\" class=\"attachment-medium size-medium\" alt=\"Banner Katzen-Kranken-Versicherung\" \/>    <\/a>\n<\/div>\n\n<h3>Warum sind schwarze Katzen schwer zu fotografieren?<\/h3>\n<p>Schwarze Katzen gelten als schwer zu fotografieren, weil ihr Fell wenig Kontraste bietet und ihre Gesichtsz\u00fcge dadurch schwerer zu erkennen sind. Bei gutem Licht kommen sie aber wunderbar zur Geltung.<\/p>\n<h3>Wie kann man helfen, Vorurteile gegen schwarze Katzen abzubauen?<\/h3>\n<p>Indem man \u00fcber ihre Geschichte aufkl\u00e4rt, positive Erfahrungen teilt und ihre Sch\u00f6nheit sichtbar macht \u2013 etwa durch ausdrucksstarke Bilder oder liebevolle Geschichten.<\/p>\n<h3>Haben schwarze Katzen besondere Charaktereigenschaften?<\/h3>\n<p>Nein, denn der Charakter h\u00e4ngt nicht von der Fellfarbe ab. Er ist bei jeder Katze individuell ausgepr\u00e4gt.<\/p>\n<h3>Gibt es Rassen, die auch vollst\u00e4ndig schwarze Katzen hervorbringen?<\/h3>\n<p>Ja, bei Rassen wie der Bombay-Katze, Maine Coon und Britisch Kurzhaar treten vollst\u00e4ndig schwarze Varianten auf.<\/p>\n","protected":false},"excerpt":{"rendered":"<p>Kaum ein Tier ist so stark mit Mystik und Aberglauben verkn\u00fcpft wie die schwarze Katze. Seit Jahrhunderten gilt sie in vielen Teilen der Welt als Symbol f\u00fcr Magie, das Schicksalhafte und \u00dcbersinnliche. Schon in heidnischen Kulturen galten Katzen als Wesen, die zwischen der Welt der Menschen und der Welt der Geister wandeln. Daraus entwickelte sich [&hellip;]<\/p>\n","protected":false},"author":11,"featured_media":19409,"parent":11691,"menu_order":32,"comment_status":"closed","ping_status":"closed","template":"templates\/blog.php","meta":{"_acf_changed":false,"_crdt_document":"","footnotes":"","beyondwords_generate_audio":"","beyondwords_project_id":"","beyondwords_content_id":"","beyondwords_preview_token":"","beyondwords_player_style":"","beyondwords_language_id":"","beyondwords_title_voice_id":"","beyondwords_body_voice_id":"","beyondwords_summary_voice_id":"","beyondwords_error_message":"","beyondwords_disabled":"","beyondwords_delete_content":"","beyondwords_podcast_id":"","beyondwords_hash":"","publish_post_to_speechkit":"","speechkit_hash":"","speechkit_generate_audio":"","speechkit_project_id":"","speechkit_podcast_id":"","speechkit_error_message":"","speechkit_disabled":"","speechkit_access_key":"","speechkit_error":"","speechkit_info":"","speechkit_response":"","speechkit_retries":"","speechkit_status":"","speechkit_updated_at":"","_speechkit_link":"","_speechkit_text":""},"class_list":["post-19408","page","type-page","status-publish","has-post-thumbnail","hentry"],"acf":[],"yoast_head":"<!-- This site is optimized with the Yoast SEO Premium plugin  - https:\/\/yoast.com\/product\/yoast-seo-premium-wordpress\/ -->\n<title>Schwarze Katze von links nach rechts \u2013 Gl\u00fcck, Pech oder nichts von alledem? | Uelzener Magazin<\/title>\n<meta name=\"description\" content=\"Die schwarze Katze: Ein Symbol f\u00fcr Magie und Schicksal. Erfahre, welche Bedeutung ihr Auftritt hat.\" \/>\n<meta name=\"robots\" content=\"index, follow, max-snippet:-1, max-image-preview:large, max-video-preview:-1\" \/>\n<link rel=\"canonical\" href=\"https:\/\/uelzener.de\/magazin\/katze\/haeufige-fragen\/schwarze-katze-von-links-nach-rechts-glueck-pech-aberglaube\/\" \/>\n<meta property=\"og:locale\" content=\"de_DE\" \/>\n<meta property=\"og:type\" content=\"article\" \/>\n<meta property=\"og:title\" content=\"Schwarze Katze von links nach rechts \u2013 Gl\u00fcck, Pech oder nichts von alledem?\" \/>\n<meta property=\"og:description\" content=\"Die schwarze Katze: Ein Symbol f\u00fcr Magie und Schicksal. Erfahre, welche Bedeutung ihr Auftritt hat.\" \/>\n<meta property=\"og:url\" content=\"https:\/\/uelzener.de\/magazin\/katze\/haeufige-fragen\/schwarze-katze-von-links-nach-rechts-glueck-pech-aberglaube\/\" \/>\n<meta property=\"og:site_name\" content=\"Uelzener Tier-Magazin\" \/>\n<meta property=\"article:publisher\" content=\"https:\/\/www.facebook.com\/Uelzener\" \/>\n<meta property=\"article:modified_time\" content=\"2025-11-13T10:49:17+00:00\" \/>\n<meta property=\"og:image\" content=\"https:\/\/uelzener.de\/magazin\/app\/uploads\/2025\/10\/katze-von-links-aberglaube.png\" \/>\n\t<meta property=\"og:image:width\" content=\"1025\" \/>\n\t<meta property=\"og:image:height\" content=\"450\" \/>\n\t<meta property=\"og:image:type\" content=\"image\/png\" \/>\n<meta name=\"twitter:card\" content=\"summary_large_image\" \/>\n<meta name=\"twitter:label1\" content=\"Gesch\u00e4tzte Lesezeit\" \/>\n\t<meta name=\"twitter:data1\" content=\"9\u00a0Minuten\" \/>\n<script type=\"application\/ld+json\" class=\"yoast-schema-graph\">{\"@context\":\"https:\/\/schema.org\",\"@graph\":[{\"@type\":\"WebPage\",\"@id\":\"https:\/\/uelzener.de\/magazin\/katze\/haeufige-fragen\/schwarze-katze-von-links-nach-rechts-glueck-pech-aberglaube\/\",\"url\":\"https:\/\/uelzener.de\/magazin\/katze\/haeufige-fragen\/schwarze-katze-von-links-nach-rechts-glueck-pech-aberglaube\/\",\"name\":\"Schwarze Katze von links nach rechts \u2013 Gl\u00fcck, Pech oder nichts von alledem? | Uelzener Magazin\",\"isPartOf\":{\"@id\":\"https:\/\/uelzener.de\/magazin\/#website\"},\"primaryImageOfPage\":{\"@id\":\"https:\/\/uelzener.de\/magazin\/katze\/haeufige-fragen\/schwarze-katze-von-links-nach-rechts-glueck-pech-aberglaube\/#primaryimage\"},\"image\":{\"@id\":\"https:\/\/uelzener.de\/magazin\/katze\/haeufige-fragen\/schwarze-katze-von-links-nach-rechts-glueck-pech-aberglaube\/#primaryimage\"},\"thumbnailUrl\":\"https:\/\/uelzener.de\/magazin\/app\/uploads\/2025\/10\/katze-von-links-aberglaube.png\",\"datePublished\":\"2025-10-30T10:27:15+00:00\",\"dateModified\":\"2025-11-13T10:49:17+00:00\",\"description\":\"Die schwarze Katze: Ein Symbol f\u00fcr Magie und Schicksal. Erfahre, welche Bedeutung ihr Auftritt hat.\",\"breadcrumb\":{\"@id\":\"https:\/\/uelzener.de\/magazin\/katze\/haeufige-fragen\/schwarze-katze-von-links-nach-rechts-glueck-pech-aberglaube\/#breadcrumb\"},\"inLanguage\":\"de\",\"potentialAction\":[{\"@type\":\"ReadAction\",\"target\":[\"https:\/\/uelzener.de\/magazin\/katze\/haeufige-fragen\/schwarze-katze-von-links-nach-rechts-glueck-pech-aberglaube\/\"]}]},{\"@type\":\"ImageObject\",\"inLanguage\":\"de\",\"@id\":\"https:\/\/uelzener.de\/magazin\/katze\/haeufige-fragen\/schwarze-katze-von-links-nach-rechts-glueck-pech-aberglaube\/#primaryimage\",\"url\":\"https:\/\/uelzener.de\/magazin\/app\/uploads\/2025\/10\/katze-von-links-aberglaube.png\",\"contentUrl\":\"https:\/\/uelzener.de\/magazin\/app\/uploads\/2025\/10\/katze-von-links-aberglaube.png\",\"width\":1025,\"height\":450,\"caption\":\"Katzen spielt mit K\u00fcrbis.\"},{\"@type\":\"WebSite\",\"@id\":\"https:\/\/uelzener.de\/magazin\/#website\",\"url\":\"https:\/\/uelzener.de\/magazin\/\",\"name\":\"Uelzener Tiermagazin\",\"description\":\"Online Tierratgeber der Uelzener Versicherungen\",\"publisher\":{\"@id\":\"https:\/\/uelzener.de\/magazin\/#organization\"},\"potentialAction\":[{\"@type\":\"SearchAction\",\"target\":{\"@type\":\"EntryPoint\",\"urlTemplate\":\"https:\/\/uelzener.de\/magazin\/?s={search_term_string}\"},\"query-input\":{\"@type\":\"PropertyValueSpecification\",\"valueRequired\":true,\"valueName\":\"search_term_string\"}}],\"inLanguage\":\"de\"},{\"@type\":\"Organization\",\"@id\":\"https:\/\/uelzener.de\/magazin\/#organization\",\"name\":\"Uelzener Versicherungen\",\"url\":\"https:\/\/uelzener.de\/magazin\/\",\"logo\":{\"@type\":\"ImageObject\",\"inLanguage\":\"de\",\"@id\":\"https:\/\/uelzener.de\/magazin\/#\/schema\/logo\/image\/\",\"url\":\"https:\/\/uelzener.de\/magazin\/app\/uploads\/2024\/11\/uelzener_allgemeine_versicherungsgesellschaft_a_g_logo.jpg\",\"contentUrl\":\"https:\/\/uelzener.de\/magazin\/app\/uploads\/2024\/11\/uelzener_allgemeine_versicherungsgesellschaft_a_g_logo.jpg\",\"width\":200,\"height\":200,\"caption\":\"Uelzener Versicherungen\"},\"image\":{\"@id\":\"https:\/\/uelzener.de\/magazin\/#\/schema\/logo\/image\/\"},\"sameAs\":[\"https:\/\/www.facebook.com\/Uelzener\",\"https:\/\/instagram.com\/uelzener\",\"https:\/\/www.xing.com\/pages\/uelzenerallgemeineversicherungs-gesellschafta-g\",\"https:\/\/www.youtube.com\/UelzenerVersicherungen\"]}]}<\/script>\n<!-- \/ Yoast SEO Premium plugin. -->","yoast_head_json":{"title":"Schwarze Katze von links nach rechts \u2013 Gl\u00fcck, Pech oder nichts von alledem? | Uelzener Magazin","description":"Die schwarze Katze: Ein Symbol f\u00fcr Magie und Schicksal. Erfahre, welche Bedeutung ihr Auftritt hat.","robots":{"index":"index","follow":"follow","max-snippet":"max-snippet:-1","max-image-preview":"max-image-preview:large","max-video-preview":"max-video-preview:-1"},"canonical":"https:\/\/uelzener.de\/magazin\/katze\/haeufige-fragen\/schwarze-katze-von-links-nach-rechts-glueck-pech-aberglaube\/","og_locale":"de_DE","og_type":"article","og_title":"Schwarze Katze von links nach rechts \u2013 Gl\u00fcck, Pech oder nichts von alledem?","og_description":"Die schwarze Katze: Ein Symbol f\u00fcr Magie und Schicksal. Erfahre, welche Bedeutung ihr Auftritt hat.","og_url":"https:\/\/uelzener.de\/magazin\/katze\/haeufige-fragen\/schwarze-katze-von-links-nach-rechts-glueck-pech-aberglaube\/","og_site_name":"Uelzener Tier-Magazin","article_publisher":"https:\/\/www.facebook.com\/Uelzener","article_modified_time":"2025-11-13T10:49:17+00:00","og_image":[{"width":1025,"height":450,"url":"https:\/\/uelzener.de\/magazin\/app\/uploads\/2025\/10\/katze-von-links-aberglaube.png","type":"image\/png"}],"twitter_card":"summary_large_image","twitter_misc":{"Gesch\u00e4tzte Lesezeit":"9\u00a0Minuten"},"schema":{"@context":"https:\/\/schema.org","@graph":[{"@type":"WebPage","@id":"https:\/\/uelzener.de\/magazin\/katze\/haeufige-fragen\/schwarze-katze-von-links-nach-rechts-glueck-pech-aberglaube\/","url":"https:\/\/uelzener.de\/magazin\/katze\/haeufige-fragen\/schwarze-katze-von-links-nach-rechts-glueck-pech-aberglaube\/","name":"Schwarze Katze von links nach rechts \u2013 Gl\u00fcck, Pech oder nichts von alledem? | Uelzener Magazin","isPartOf":{"@id":"https:\/\/uelzener.de\/magazin\/#website"},"primaryImageOfPage":{"@id":"https:\/\/uelzener.de\/magazin\/katze\/haeufige-fragen\/schwarze-katze-von-links-nach-rechts-glueck-pech-aberglaube\/#primaryimage"},"image":{"@id":"https:\/\/uelzener.de\/magazin\/katze\/haeufige-fragen\/schwarze-katze-von-links-nach-rechts-glueck-pech-aberglaube\/#primaryimage"},"thumbnailUrl":"https:\/\/uelzener.de\/magazin\/app\/uploads\/2025\/10\/katze-von-links-aberglaube.png","datePublished":"2025-10-30T10:27:15+00:00","dateModified":"2025-11-13T10:49:17+00:00","description":"Die schwarze Katze: Ein Symbol f\u00fcr Magie und Schicksal. Erfahre, welche Bedeutung ihr Auftritt hat.","breadcrumb":{"@id":"https:\/\/uelzener.de\/magazin\/katze\/haeufige-fragen\/schwarze-katze-von-links-nach-rechts-glueck-pech-aberglaube\/#breadcrumb"},"inLanguage":"de","potentialAction":[{"@type":"ReadAction","target":["https:\/\/uelzener.de\/magazin\/katze\/haeufige-fragen\/schwarze-katze-von-links-nach-rechts-glueck-pech-aberglaube\/"]}]},{"@type":"ImageObject","inLanguage":"de","@id":"https:\/\/uelzener.de\/magazin\/katze\/haeufige-fragen\/schwarze-katze-von-links-nach-rechts-glueck-pech-aberglaube\/#primaryimage","url":"https:\/\/uelzener.de\/magazin\/app\/uploads\/2025\/10\/katze-von-links-aberglaube.png","contentUrl":"https:\/\/uelzener.de\/magazin\/app\/uploads\/2025\/10\/katze-von-links-aberglaube.png","width":1025,"height":450,"caption":"Katzen spielt mit K\u00fcrbis."},{"@type":"WebSite","@id":"https:\/\/uelzener.de\/magazin\/#website","url":"https:\/\/uelzener.de\/magazin\/","name":"Uelzener Tiermagazin","description":"Online Tierratgeber der Uelzener Versicherungen","publisher":{"@id":"https:\/\/uelzener.de\/magazin\/#organization"},"potentialAction":[{"@type":"SearchAction","target":{"@type":"EntryPoint","urlTemplate":"https:\/\/uelzener.de\/magazin\/?s={search_term_string}"},"query-input":{"@type":"PropertyValueSpecification","valueRequired":true,"valueName":"search_term_string"}}],"inLanguage":"de"},{"@type":"Organization","@id":"https:\/\/uelzener.de\/magazin\/#organization","name":"Uelzener Versicherungen","url":"https:\/\/uelzener.de\/magazin\/","logo":{"@type":"ImageObject","inLanguage":"de","@id":"https:\/\/uelzener.de\/magazin\/#\/schema\/logo\/image\/","url":"https:\/\/uelzener.de\/magazin\/app\/uploads\/2024\/11\/uelzener_allgemeine_versicherungsgesellschaft_a_g_logo.jpg","contentUrl":"https:\/\/uelzener.de\/magazin\/app\/uploads\/2024\/11\/uelzener_allgemeine_versicherungsgesellschaft_a_g_logo.jpg","width":200,"height":200,"caption":"Uelzener Versicherungen"},"image":{"@id":"https:\/\/uelzener.de\/magazin\/#\/schema\/logo\/image\/"},"sameAs":["https:\/\/www.facebook.com\/Uelzener","https:\/\/instagram.com\/uelzener","https:\/\/www.xing.com\/pages\/uelzenerallgemeineversicherungs-gesellschafta-g","https:\/\/www.youtube.com\/UelzenerVersicherungen"]}]}},"_links":{"self":[{"href":"https:\/\/uelzener.de\/magazin\/wp-json\/wp\/v2\/pages\/19408","targetHints":{"allow":["GET"]}}],"collection":[{"href":"https:\/\/uelzener.de\/magazin\/wp-json\/wp\/v2\/pages"}],"about":[{"href":"https:\/\/uelzener.de\/magazin\/wp-json\/wp\/v2\/types\/page"}],"author":[{"embeddable":true,"href":"https:\/\/uelzener.de\/magazin\/wp-json\/wp\/v2\/users\/11"}],"replies":[{"embeddable":true,"href":"https:\/\/uelzener.de\/magazin\/wp-json\/wp\/v2\/comments?post=19408"}],"version-history":[{"count":2,"href":"https:\/\/uelzener.de\/magazin\/wp-json\/wp\/v2\/pages\/19408\/revisions"}],"predecessor-version":[{"id":19508,"href":"https:\/\/uelzener.de\/magazin\/wp-json\/wp\/v2\/pages\/19408\/revisions\/19508"}],"up":[{"embeddable":true,"href":"https:\/\/uelzener.de\/magazin\/wp-json\/wp\/v2\/pages\/11691"}],"wp:featuredmedia":[{"embeddable":true,"href":"https:\/\/uelzener.de\/magazin\/wp-json\/wp\/v2\/media\/19409"}],"wp:attachment":[{"href":"https:\/\/uelzener.de\/magazin\/wp-json\/wp\/v2\/media?parent=19408"}],"curies":[{"name":"wp","href":"https:\/\/api.w.org\/{rel}","templated":true}]}}