{"id":19372,"date":"2025-10-22T13:12:29","date_gmt":"2025-10-22T11:12:29","guid":{"rendered":"https:\/\/uelzener.de\/magazin\/?page_id=19372"},"modified":"2025-10-22T13:12:29","modified_gmt":"2025-10-22T11:12:29","slug":"ueberkoeten-beim-hund","status":"publish","type":"page","link":"https:\/\/uelzener.de\/magazin\/hund\/tiergesundheit\/ueberkoeten-beim-hund\/","title":{"rendered":"\u00dcberk\u00f6ten beim Hund: Wenn die Pfote nicht gehorchen will"},"content":{"rendered":"<p><span style=\"font-weight: 400;\">Als \u00dcberk\u00f6ten bezeichnet man eine Fehlstellung der Vorder- oder Hintergliedma\u00dfe. Sie \u00e4u\u00dfert sich darin, dass der Hund die Pfote nicht flach auf den Boden aufstellen kann, sondern sie umschl\u00e4gt, so dass er mit dem Pfotenr\u00fccken aufsetzt. Zustande kommt diese Haltung durch eine krankhafte Beugung der Zehengelenke. Diese ist meist auf neurologische St\u00f6rungen zur\u00fcckzuf\u00fchren, die wiederum vielf\u00e4ltige Ursachen haben k\u00f6nnen. Je fr\u00fcher betroffene Hunde medizinisch behandelt werden, desto besser stehen die Chancen, ihnen zu mehr Lebensqualit\u00e4t zu verhelfen. In diesem Artikel erf\u00e4hrst du alles, was du zum Thema \u00dcberk\u00f6ten bei Hunden wissen musst.<\/span><\/p>\n<h2>M\u00f6gliche Ursachen f\u00fcr das \u00dcberk\u00f6ten beim Hund<\/h2>\n<p><span style=\"font-weight: 400;\">Das \u00dcberkoten beim Hund hat in den allermeisten F\u00e4llen neurologische Ursachen. Oft liegen Sch\u00e4digungen der Nerven zugrunde, was die Impuls\u00fcbertragung zu den Muskeln beeintr\u00e4chtigt. Diese k\u00f6nnen ihre Funktion als Aktoren dann nicht mehr erf\u00fcllen, so dass L\u00e4hmungserscheinungen die Folge sind. Das \u00dcberk\u00f6ten kann sowohl an den Vorder- als auch an den Hintergliedma\u00dfen auftreten.<\/span><\/p>\n<ul>\n<li style=\"font-weight: 400;\" aria-level=\"1\"><b>Vordergliedma\u00dfe<\/b><span style=\"font-weight: 400;\">: Tritt das \u00dcberk\u00f6ten an den Vordergliedma\u00dfen auf, ist \u00fcblicherweise der <\/span><i><span style=\"font-weight: 400;\">Nervus radialis<\/span><\/i><span style=\"font-weight: 400;\"> betroffen. Seine Aufgabe ist es, Impulse an die Streckmuskulatur der vorderen Zehen und des Vorderfu\u00dfwurzelgelenks zu senden. Ist der <\/span><i><span style=\"font-weight: 400;\">Nervus radialis<\/span><\/i><span style=\"font-weight: 400;\"> gesch\u00e4digt, kommt es zu einer Radialisl\u00e4hmung (Radialisparese). Der Vorderfu\u00df bleibt gebeugt, da die Streckmuskulatur nicht mehr funktioniert.\u00a0<\/span><\/li>\n<li style=\"font-weight: 400;\" aria-level=\"1\"><b>Hintergliedma\u00dfe<\/b><span style=\"font-weight: 400;\">: Betrifft das \u00dcberk\u00f6ten die Hintergliedma\u00dfe, ist meist der <\/span><i><span style=\"font-weight: 400;\">Nervus peronaeus communis <\/span><\/i><span style=\"font-weight: 400;\">beeintr\u00e4chtigt. Seine Aufgabe ist es, Impulse an die hinteren Zehenstrecker und Beuger des Sprunggelenks zu senden. Liegt eine Sch\u00e4digung des Nervs vor, bleibt der Hinterfu\u00df im Sprunggelenk gestreckt und schleift \u00fcber den Boden.<\/span><\/li>\n<\/ul>\n<h3><span style=\"font-weight: 400;\">Die Ursachen f\u00fcr Nervensch\u00e4digungen, die zum \u00dcberk\u00f6ten f\u00fchren, k\u00f6nnen vielf\u00e4ltig sein.\u00a0<\/span><\/h3>\n<ul>\n<li style=\"font-weight: 400;\" aria-level=\"1\"><b>Traumata und Verletzungen<\/b><span style=\"font-weight: 400;\">: Durch Knochenbr\u00fcche, Quetschungen und Schnittverletzungen k\u00f6nnen Nerven in Mitleidenschaft gezogen werden, indem sie rei\u00dfen oder \u00fcberdehnen. Eine Radiall\u00e4hmung ist bei Hunden beispielsweise eine h\u00e4ufige Folge von Oberarmbr\u00fcchen.<\/span><\/li>\n<li style=\"font-weight: 400;\" aria-level=\"1\"><b>Degenerative Myelopathie<\/b><span style=\"font-weight: 400;\">: Zum \u00dcberk\u00f6ten kann es auch durch neurologische Erkrankungen kommen. Ein Beispiel daf\u00fcr ist die degenerative Myelopathie. Dabei handelt es sich um eine fortschreitende Erkrankung, bei der die Nervenbahnen im R\u00fcckenmark allm\u00e4hlich zerst\u00f6rt werden. Sie ist nicht heilbar und betrifft vor allem gr\u00f6\u00dfere Hunderassen wie den Deutschen Sch\u00e4ferhund, Collie und Berner Sennenhund.\u00a0<\/span><\/li>\n<li style=\"font-weight: 400;\" aria-level=\"1\"><b>Cauda-Equina-Kompressionssyndrom<\/b><span style=\"font-weight: 400;\">: Beim Cauda-Equina-Kompressionssyndrom werden Nervenwurzeln im unteren R\u00fcckenmark aufgrund von Quetschung bzw. zu viel Druck (Kompression) gesch\u00e4digt. Dem gehen h\u00e4ufig Bandscheibenvorf\u00e4lle oder krankhafte Ver\u00e4nderungen an der Wirbels\u00e4ule (Verengung des Spinalkanals) voran. Da sich die Erkrankung schleichend entwickelt, wird sie h\u00e4ufig mit altersbedingten Verschlei\u00dferscheinungen verwechselt.\u00a0<\/span><\/li>\n<\/ul>\n<p><span style=\"font-weight: 400;\">Es gibt auch F\u00e4lle, in denen das \u00dcberk\u00f6ten auf eine internistische Erkrankung, also eine Dysfunktion oder Sch\u00e4digung innerer Organe zur\u00fcckzuf\u00fchren ist. Diese bilden aber die Ausnahme.<\/span><\/p>\n<h2>\u00dcberk\u00f6ten beim Hund erkennen<\/h2>\n<p><span style=\"font-weight: 400;\">Das \u00dcberk\u00f6ten \u00e4u\u00dfert sich in einer Fehlstellung der Vorder- oder Hintergliedma\u00dfe, die relativ einfach zu erkennen ist: Der Hund ist nicht in der Lage, seine Pfote zu strecken und mit dem ganzen Fu\u00df auf den Boden aufzutreten. Stattdessen bleiben die Zehen gebeugt, so dass der Pfotenr\u00fccken beim Laufen \u00fcber den Boden schleift. Das schr\u00e4nkt den Hund nicht nur in seiner Beweglichkeit ein, sondern hat auch zur Folge, dass sich mit der Zeit das Fell an den Kontaktbereichen abwetzt und fr\u00fcher oder sp\u00e4ter Sch\u00fcrfwunden entstehen. Auch Schwierigkeiten mit dem Gleichgewicht und ein unsicherer Gang (Stolpern, Einknicken, Hinfallen etc.) kommen oft hinzu. Bei andauerndem \u00dcberk\u00f6ten stellen sich weitere Symptome ein. Da die Streckmuskulatur nicht mehr genutzt wird, baut sie sich allm\u00e4hlich ab. Gleichzeitig verk\u00fcrzen sich die Beugesehnen. Auch der Tastsinn und die Bewegungswahrnehmung an der betroffenen Pfote verschlechtern sich, da die Reize ausgehend vom Untergrund kaum noch verarbeitet werden k\u00f6nnen.\u00a0<\/span><\/p>\n<h2>\u00dcberk\u00f6ten beim Hund behandeln<\/h2>\n<p><span style=\"font-weight: 400;\">Um das \u00dcberk\u00f6ten in den Griff zu bekommen und dem Hund wieder zu mehr Lebensqualit\u00e4t zu verhelfen, ist es wichtig, die Ursache herauszufinden. Dazu wird der Tierarzt oder die Tier\u00e4rztin den Hund erst einmal gr\u00fcndlich untersuchen und sich einen Eindruck \u00fcber Pfotenstellung und Gangbild verschaffen. Danach werden neurologische Tests durchgef\u00fchrt, um die Funktionalit\u00e4t der Nerven zu pr\u00fcfen. Gegebenenfalls folgen spezielle Untersuchungen, um die Reizleitung- und Reiz\u00fcbertragung der Nerven zu messen. Auch bildgebende Verfahren sind meist Bestandteil der Diagnostik, da sich \u00fcber R\u00f6ntgen-, CT- oder MRT-Aufnahmen beispielsweise Ver\u00e4nderungen an der Wirbels\u00e4ule erkennen lassen.\u00a0<\/span><\/p>\n<p><span style=\"font-weight: 400;\">Ist die Ursache gefunden, geht es darum, eine geeignete Behandlung zu w\u00e4hlen. Liegt ein Trauma oder eine Verletzung vor, muss diese versorgt werden. Ist ein Cauda-Equina-Kompressionssyndrom als Folge einer Wirbels\u00e4ulenver\u00e4nderung urs\u00e4chlich, kann gegebenenfalls ein operativer Eingriff helfen, den Druck zu lindern und die Nerven zu entlasten. Mitunter werden auch Medikamente und Nahrungserg\u00e4nzungsmittel mit B-Vitaminen eingesetzt, um die Regeneration gesch\u00e4digter Nerven zu unterst\u00fctzen. Bei einer degenerativen Myelopathie ist keine Heilung m\u00f6glich. Hier kann nur versucht werden, die Belastung f\u00fcr das Tier so gut es geht einzud\u00e4mmen.<\/span><\/p>\n<p><span style=\"font-weight: 400;\">Einen gro\u00dfen Stellenwert bei der Behandlung hat die Physiotherapie. Die meisten Hunde bewegen sich von Natur aus gerne und machen Ausdauer-, Kraft-, Koordinations- und Gleichgewichts\u00fcbungen bereitwillig mit. Wichtig ist, das Training regelm\u00e4\u00dfig durchzuf\u00fchren \u2013 sowohl unter fachkundiger Anleitung als auch zu Hause. Unterst\u00fctzend kann beispielsweise eine Trainingsbandage eingesetzt werden. Sie wird oberhalb der betroffenen Pfote angelegt und an der Vorderseite des Brustgeschirrs befestigt. Das hat den Effekt, dass die Pfote beim Laufen nach vorne gef\u00fchrt wird. Dadurch schult der Hund den korrekten Bewegungsablauf und kann s\u00e4mtliche Reize des Untergrunds wahrnehmen, was dabei hilft, sein Reaktionsverm\u00f6gen zu verbessern.\u00a0<\/span><\/p>\n<p><span style=\"font-weight: 400;\">Um dem Tier im Alltag Erleichterung zu verschaffen und einer (weiteren) Verk\u00fcmmerung der Muskulatur vorzubeugen, k\u00f6nnen Orthesen oder Pfotenschuhe gute Dienste leisten. Dabei handelt es sich um medizinische Hilfsmittel, die den Fu\u00df in der richtigen Position fixieren und verhindern, dass weitere Sch\u00e4den durch falsches Aufsetzen entstehen.\u00a0<\/span><\/p>\n<p><span style=\"font-weight: 400;\">Grunds\u00e4tzlich h\u00e4ngt die Prognose stark von der Ursache und dem Grad der Nervensch\u00e4digung ab. Mit steigendem Ausma\u00df sinkt die Wahrscheinlichkeit auf vollst\u00e4ndige Heilung. Je geringer der Schaden und je fr\u00fcher die Behandlung erfolgt, desto besser stehen die Aussichten, dass der Hund seine Pfote wieder normal aufsetzen und belasten kann.<\/span><\/p>\n\n<div class=\"related_articles boxed\">\n    <h2>Mehr zum Thema<\/h2>\n    \n    <div class=\"wrapper\"><div class=\"title align-center\"><h3><a href=\"https:\/\/uelzener.de\/magazin\/hund\/tiergesundheit\/physiotherapie-beim-hund\/\">Physiotherapie beim Hund: Sanfte Hilfe f\u00fcr mehr Lebensqualit\u00e4t<\/a><\/h3><\/div><div class=\"img align-center\"><img decoding=\"async\" width=\"315\" height=\"180\" src=\"https:\/\/uelzener.de\/magazin\/app\/uploads\/2024\/10\/pysiotherapie-beim-hund-315x180.jpg\" class=\"attachment-315x180 size-315x180 wp-post-image\" alt=\"Hund bei der Physiotherapie.\" \/><\/div><\/div><div class=\"wrapper\"><div class=\"title align-center\"><h3><a href=\"https:\/\/uelzener.de\/magazin\/hund\/tiergesundheit\/hundepfoten-auf-heissem-asphalt-verbrennungen\/\">Hundepfoten auf hei\u00dfem Asphalt: Verbrennungen vorbeugen und im Ernstfall behandeln<\/a><\/h3><\/div><div class=\"img align-center\"><img decoding=\"async\" width=\"315\" height=\"180\" src=\"https:\/\/uelzener.de\/magazin\/app\/uploads\/2024\/08\/Hund-heisser-Asphalt-315x180.jpg\" class=\"attachment-315x180 size-315x180 wp-post-image\" alt=\"Hund auf hei\u00dfem Asphalt in der Stadt.\" \/><\/div><\/div><div class=\"wrapper\"><div class=\"title align-center\"><h3><a href=\"https:\/\/uelzener.de\/magazin\/hund\/tiergesundheit\/arthrose-beim-hund-wie-man-sie-erkennt-und-behandeln-kann\/\">Arthrose beim Hund: Wie man sie erkennt und behandeln kann<\/a><\/h3><\/div><div class=\"img align-center\"><img decoding=\"async\" width=\"315\" height=\"180\" src=\"https:\/\/uelzener.de\/magazin\/app\/uploads\/2023\/05\/arthrose-hund-315x180.jpg\" class=\"attachment-315x180 size-315x180 wp-post-image\" alt=\"Hundepfote wird auf Arthrose-Hinweise abgetastet.\" \/><\/div><\/div><\/div>\n\n<h2>Fazit<\/h2>\n<p><span style=\"font-weight: 400;\">Das \u00dcberk\u00f6ten beim Hund deutet in den meisten F\u00e4llen darauf hin, dass mit dem Bewegungsapparat oder dem Nervensystem etwas nicht stimmt. In der Regel liegen neurologische St\u00f6rungen zugrunde, die vielf\u00e4ltige Ursachen haben k\u00f6nnen. Eine tier\u00e4rztliche Untersuchung ist unumg\u00e4nglich, um herauszufinden, warum der Hund \u00fcberk\u00f6tet, und eine geeignete Therapie einzuleiten. Grunds\u00e4tzlich gilt: Je fr\u00fcher die Fehlstellung erkannt und behandelt wird, desto besser ist die Prognose. Das \u00dcberk\u00f6ten ist an und f\u00fcr sich zwar nicht lebensbedrohlich, schr\u00e4nkt aber die Lebensqualit\u00e4t des Hundes mitunter stark ein. Aus diesem Grund ist es wichtig, alle M\u00f6glichkeiten auszusch\u00f6pfen, um dem Tier zu helfen.<\/span><\/p>\n<h2>FAQ: H\u00e4ufig gestellte Fragen zum \u00dcberk\u00f6ten beim Hund<\/h2>\n<h3>Ist \u00dcberk\u00f6ten f\u00fcr den Hund schmerzhaft?<\/h3>\n<p><span style=\"font-weight: 400;\">Am Anfang nicht unbedingt. Allerdings steigt durch das \u00dcberk\u00f6ten die Gefahr, zu st\u00fcrzen und Sch\u00fcrfwunden davonzutragen. Im weiteren Verlauf k\u00f6nnen sich auch Gelenk- und Muskelprobleme einstellen. Das ist durchaus mit Schmerzen f\u00fcr den Hund verbunden.<\/span><\/p>\n<h3>Muss ich mit meinem Hund zum Tierarzt, wenn er \u00fcberk\u00f6tet?<\/h3>\n<p><span style=\"font-weight: 400;\">Ja. Das \u00dcberk\u00f6ten weist auf ein tiefergehendes Problem hin und muss daher tier\u00e4rztlich abgekl\u00e4rt werden, um Folgesch\u00e4den zu vermeiden und dem Tier wieder mehr Bewegungsfreiheit zu verschaffen. Eine <\/span><span style=\"font-weight: 400;\">Hundekrankenversicherung<\/span><span style=\"font-weight: 400;\"> sch\u00fctzt vor hohen Kosten, die durch Untersuchungen, Diagnose- und Behandlungsma\u00dfnahmen entstehen k\u00f6nnen, so dass du finanziell auf der sicheren Seite bist.<\/span><\/p>\n\n<div class=\"banner\">\n    <a href=\"https:\/\/uelzener.de\/hund\/hunde-krankenversicherung\/?agt=0000104925&sem=true&utm_medium=magazin&utm_source=wordpress&utm_campaign=hund_kv&utm_content=banner\">\n        <img decoding=\"async\" width=\"300\" height=\"212\" src=\"https:\/\/uelzener.de\/magazin\/app\/uploads\/2025\/01\/Hunde-Kranken-Versicherung.jpg\" class=\"attachment-medium size-medium\" alt=\"Banner Hunde-Kranken-Versicherung\" \/>    <\/a>\n<\/div>\n\n<h3>Kann \u00dcberk\u00f6ten pl\u00f6tzlich auftreten?<\/h3>\n<p><span style=\"font-weight: 400;\">Ja, manchmal tritt das \u00dcberk\u00f6ten von einem Tag auf den anderen auf. Es kann sich aber auch schleichend entwickeln.<\/span><\/p>\n<h3>Ist \u00dcberk\u00f6ten nur bei \u00e4lteren Hunden ein Problem?<\/h3>\n<p><span style=\"font-weight: 400;\">Nein, auch j\u00fcngere Hunde k\u00f6nnen betroffen sein, zum Beispiel aufgrund von Verletzungen oder neurologischen Erkrankungen.<\/span><\/p>\n<h3>Darf mein Hund trotz \u00dcberk\u00f6ten weiterhin normal laufen und spielen?<\/h3>\n<p><span style=\"font-weight: 400;\">In Ma\u00dfen ja, denn Bewegung ist wichtig. Allerdings solltest du darauf achten, dass dein Hund sich auf m\u00f6glichst sicheren Untergr\u00fcnden bewegt, und die Dauer der Spazierg\u00e4nge anpassen.<\/span><\/p>\n","protected":false},"excerpt":{"rendered":"<p>Als \u00dcberk\u00f6ten bezeichnet man eine Fehlstellung der Vorder- oder Hintergliedma\u00dfe. Sie \u00e4u\u00dfert sich darin, dass der Hund die Pfote nicht flach auf den Boden aufstellen kann, sondern sie umschl\u00e4gt, so dass er mit dem Pfotenr\u00fccken aufsetzt. Zustande kommt diese Haltung durch eine krankhafte Beugung der Zehengelenke. Diese ist meist auf neurologische St\u00f6rungen zur\u00fcckzuf\u00fchren, die wiederum [&hellip;]<\/p>\n","protected":false},"author":11,"featured_media":19373,"parent":11701,"menu_order":27,"comment_status":"closed","ping_status":"closed","template":"templates\/blog.php","meta":{"_acf_changed":false,"_crdt_document":"","footnotes":"","beyondwords_generate_audio":"","beyondwords_project_id":"","beyondwords_content_id":"","beyondwords_preview_token":"","beyondwords_player_style":"","beyondwords_language_id":"","beyondwords_title_voice_id":"","beyondwords_body_voice_id":"","beyondwords_summary_voice_id":"","beyondwords_error_message":"","beyondwords_disabled":"","beyondwords_delete_content":"","beyondwords_podcast_id":"","beyondwords_hash":"","publish_post_to_speechkit":"","speechkit_hash":"","speechkit_generate_audio":"","speechkit_project_id":"","speechkit_podcast_id":"","speechkit_error_message":"","speechkit_disabled":"","speechkit_access_key":"","speechkit_error":"","speechkit_info":"","speechkit_response":"","speechkit_retries":"","speechkit_status":"","speechkit_updated_at":"","_speechkit_link":"","_speechkit_text":""},"class_list":["post-19372","page","type-page","status-publish","has-post-thumbnail","hentry"],"acf":[],"yoast_head":"<!-- This site is optimized with the Yoast SEO Premium plugin  - https:\/\/yoast.com\/product\/yoast-seo-premium-wordpress\/ -->\n<title>\u00dcberk\u00f6ten beim Hund: Wenn die Pfote nicht gehorchen will | Uelzener Magazin<\/title>\n<meta name=\"description\" content=\"Was ist \u00dcberk\u00f6ten? Entdecke die Fehlstellung bei Hunden und deren neurologische Ursachen sowie m\u00f6gliche L\u00f6sungen.\" \/>\n<meta name=\"robots\" content=\"index, follow, max-snippet:-1, max-image-preview:large, max-video-preview:-1\" \/>\n<link rel=\"canonical\" href=\"https:\/\/uelzener.de\/magazin\/hund\/tiergesundheit\/ueberkoeten-beim-hund\/\" \/>\n<meta property=\"og:locale\" content=\"de_DE\" \/>\n<meta property=\"og:type\" content=\"article\" \/>\n<meta property=\"og:title\" content=\"\u00dcberk\u00f6ten beim Hund: Wenn die Pfote nicht gehorchen will\" \/>\n<meta property=\"og:description\" content=\"Was ist \u00dcberk\u00f6ten? Entdecke die Fehlstellung bei Hunden und deren neurologische Ursachen sowie m\u00f6gliche L\u00f6sungen.\" \/>\n<meta property=\"og:url\" content=\"https:\/\/uelzener.de\/magazin\/hund\/tiergesundheit\/ueberkoeten-beim-hund\/\" \/>\n<meta property=\"og:site_name\" content=\"Uelzener Tier-Magazin\" \/>\n<meta property=\"article:publisher\" content=\"https:\/\/www.facebook.com\/Uelzener\" \/>\n<meta property=\"og:image\" content=\"https:\/\/uelzener.de\/magazin\/app\/uploads\/2025\/10\/ueberkoeten-hund.png\" \/>\n\t<meta property=\"og:image:width\" content=\"1025\" \/>\n\t<meta property=\"og:image:height\" content=\"450\" \/>\n\t<meta property=\"og:image:type\" content=\"image\/png\" \/>\n<meta name=\"twitter:card\" content=\"summary_large_image\" \/>\n<meta name=\"twitter:label1\" content=\"Gesch\u00e4tzte Lesezeit\" \/>\n\t<meta name=\"twitter:data1\" content=\"8\u00a0Minuten\" \/>\n<script type=\"application\/ld+json\" class=\"yoast-schema-graph\">{\"@context\":\"https:\/\/schema.org\",\"@graph\":[{\"@type\":\"WebPage\",\"@id\":\"https:\/\/uelzener.de\/magazin\/hund\/tiergesundheit\/ueberkoeten-beim-hund\/\",\"url\":\"https:\/\/uelzener.de\/magazin\/hund\/tiergesundheit\/ueberkoeten-beim-hund\/\",\"name\":\"\u00dcberk\u00f6ten beim Hund: Wenn die Pfote nicht gehorchen will | Uelzener Magazin\",\"isPartOf\":{\"@id\":\"https:\/\/uelzener.de\/magazin\/#website\"},\"primaryImageOfPage\":{\"@id\":\"https:\/\/uelzener.de\/magazin\/hund\/tiergesundheit\/ueberkoeten-beim-hund\/#primaryimage\"},\"image\":{\"@id\":\"https:\/\/uelzener.de\/magazin\/hund\/tiergesundheit\/ueberkoeten-beim-hund\/#primaryimage\"},\"thumbnailUrl\":\"https:\/\/uelzener.de\/magazin\/app\/uploads\/2025\/10\/ueberkoeten-hund.png\",\"datePublished\":\"2025-10-22T11:12:29+00:00\",\"description\":\"Was ist \u00dcberk\u00f6ten? Entdecke die Fehlstellung bei Hunden und deren neurologische Ursachen sowie m\u00f6gliche L\u00f6sungen.\",\"breadcrumb\":{\"@id\":\"https:\/\/uelzener.de\/magazin\/hund\/tiergesundheit\/ueberkoeten-beim-hund\/#breadcrumb\"},\"inLanguage\":\"de\",\"potentialAction\":[{\"@type\":\"ReadAction\",\"target\":[\"https:\/\/uelzener.de\/magazin\/hund\/tiergesundheit\/ueberkoeten-beim-hund\/\"]}]},{\"@type\":\"ImageObject\",\"inLanguage\":\"de\",\"@id\":\"https:\/\/uelzener.de\/magazin\/hund\/tiergesundheit\/ueberkoeten-beim-hund\/#primaryimage\",\"url\":\"https:\/\/uelzener.de\/magazin\/app\/uploads\/2025\/10\/ueberkoeten-hund.png\",\"contentUrl\":\"https:\/\/uelzener.de\/magazin\/app\/uploads\/2025\/10\/ueberkoeten-hund.png\",\"width\":1025,\"height\":450,\"caption\":\"Hund wird auf das \u00dcberk\u00f6ten untersucht.\"},{\"@type\":\"WebSite\",\"@id\":\"https:\/\/uelzener.de\/magazin\/#website\",\"url\":\"https:\/\/uelzener.de\/magazin\/\",\"name\":\"Uelzener Tiermagazin\",\"description\":\"Online Tierratgeber der Uelzener Versicherungen\",\"publisher\":{\"@id\":\"https:\/\/uelzener.de\/magazin\/#organization\"},\"potentialAction\":[{\"@type\":\"SearchAction\",\"target\":{\"@type\":\"EntryPoint\",\"urlTemplate\":\"https:\/\/uelzener.de\/magazin\/?s={search_term_string}\"},\"query-input\":{\"@type\":\"PropertyValueSpecification\",\"valueRequired\":true,\"valueName\":\"search_term_string\"}}],\"inLanguage\":\"de\"},{\"@type\":\"Organization\",\"@id\":\"https:\/\/uelzener.de\/magazin\/#organization\",\"name\":\"Uelzener Versicherungen\",\"url\":\"https:\/\/uelzener.de\/magazin\/\",\"logo\":{\"@type\":\"ImageObject\",\"inLanguage\":\"de\",\"@id\":\"https:\/\/uelzener.de\/magazin\/#\/schema\/logo\/image\/\",\"url\":\"https:\/\/uelzener.de\/magazin\/app\/uploads\/2024\/11\/uelzener_allgemeine_versicherungsgesellschaft_a_g_logo.jpg\",\"contentUrl\":\"https:\/\/uelzener.de\/magazin\/app\/uploads\/2024\/11\/uelzener_allgemeine_versicherungsgesellschaft_a_g_logo.jpg\",\"width\":200,\"height\":200,\"caption\":\"Uelzener Versicherungen\"},\"image\":{\"@id\":\"https:\/\/uelzener.de\/magazin\/#\/schema\/logo\/image\/\"},\"sameAs\":[\"https:\/\/www.facebook.com\/Uelzener\",\"https:\/\/instagram.com\/uelzener\",\"https:\/\/www.xing.com\/pages\/uelzenerallgemeineversicherungs-gesellschafta-g\",\"https:\/\/www.youtube.com\/UelzenerVersicherungen\"]}]}<\/script>\n<!-- \/ Yoast SEO Premium plugin. -->","yoast_head_json":{"title":"\u00dcberk\u00f6ten beim Hund: Wenn die Pfote nicht gehorchen will | Uelzener Magazin","description":"Was ist \u00dcberk\u00f6ten? Entdecke die Fehlstellung bei Hunden und deren neurologische Ursachen sowie m\u00f6gliche L\u00f6sungen.","robots":{"index":"index","follow":"follow","max-snippet":"max-snippet:-1","max-image-preview":"max-image-preview:large","max-video-preview":"max-video-preview:-1"},"canonical":"https:\/\/uelzener.de\/magazin\/hund\/tiergesundheit\/ueberkoeten-beim-hund\/","og_locale":"de_DE","og_type":"article","og_title":"\u00dcberk\u00f6ten beim Hund: Wenn die Pfote nicht gehorchen will","og_description":"Was ist \u00dcberk\u00f6ten? Entdecke die Fehlstellung bei Hunden und deren neurologische Ursachen sowie m\u00f6gliche L\u00f6sungen.","og_url":"https:\/\/uelzener.de\/magazin\/hund\/tiergesundheit\/ueberkoeten-beim-hund\/","og_site_name":"Uelzener Tier-Magazin","article_publisher":"https:\/\/www.facebook.com\/Uelzener","og_image":[{"width":1025,"height":450,"url":"https:\/\/uelzener.de\/magazin\/app\/uploads\/2025\/10\/ueberkoeten-hund.png","type":"image\/png"}],"twitter_card":"summary_large_image","twitter_misc":{"Gesch\u00e4tzte Lesezeit":"8\u00a0Minuten"},"schema":{"@context":"https:\/\/schema.org","@graph":[{"@type":"WebPage","@id":"https:\/\/uelzener.de\/magazin\/hund\/tiergesundheit\/ueberkoeten-beim-hund\/","url":"https:\/\/uelzener.de\/magazin\/hund\/tiergesundheit\/ueberkoeten-beim-hund\/","name":"\u00dcberk\u00f6ten beim Hund: Wenn die Pfote nicht gehorchen will | Uelzener Magazin","isPartOf":{"@id":"https:\/\/uelzener.de\/magazin\/#website"},"primaryImageOfPage":{"@id":"https:\/\/uelzener.de\/magazin\/hund\/tiergesundheit\/ueberkoeten-beim-hund\/#primaryimage"},"image":{"@id":"https:\/\/uelzener.de\/magazin\/hund\/tiergesundheit\/ueberkoeten-beim-hund\/#primaryimage"},"thumbnailUrl":"https:\/\/uelzener.de\/magazin\/app\/uploads\/2025\/10\/ueberkoeten-hund.png","datePublished":"2025-10-22T11:12:29+00:00","description":"Was ist \u00dcberk\u00f6ten? Entdecke die Fehlstellung bei Hunden und deren neurologische Ursachen sowie m\u00f6gliche L\u00f6sungen.","breadcrumb":{"@id":"https:\/\/uelzener.de\/magazin\/hund\/tiergesundheit\/ueberkoeten-beim-hund\/#breadcrumb"},"inLanguage":"de","potentialAction":[{"@type":"ReadAction","target":["https:\/\/uelzener.de\/magazin\/hund\/tiergesundheit\/ueberkoeten-beim-hund\/"]}]},{"@type":"ImageObject","inLanguage":"de","@id":"https:\/\/uelzener.de\/magazin\/hund\/tiergesundheit\/ueberkoeten-beim-hund\/#primaryimage","url":"https:\/\/uelzener.de\/magazin\/app\/uploads\/2025\/10\/ueberkoeten-hund.png","contentUrl":"https:\/\/uelzener.de\/magazin\/app\/uploads\/2025\/10\/ueberkoeten-hund.png","width":1025,"height":450,"caption":"Hund wird auf das \u00dcberk\u00f6ten untersucht."},{"@type":"WebSite","@id":"https:\/\/uelzener.de\/magazin\/#website","url":"https:\/\/uelzener.de\/magazin\/","name":"Uelzener Tiermagazin","description":"Online Tierratgeber der Uelzener Versicherungen","publisher":{"@id":"https:\/\/uelzener.de\/magazin\/#organization"},"potentialAction":[{"@type":"SearchAction","target":{"@type":"EntryPoint","urlTemplate":"https:\/\/uelzener.de\/magazin\/?s={search_term_string}"},"query-input":{"@type":"PropertyValueSpecification","valueRequired":true,"valueName":"search_term_string"}}],"inLanguage":"de"},{"@type":"Organization","@id":"https:\/\/uelzener.de\/magazin\/#organization","name":"Uelzener Versicherungen","url":"https:\/\/uelzener.de\/magazin\/","logo":{"@type":"ImageObject","inLanguage":"de","@id":"https:\/\/uelzener.de\/magazin\/#\/schema\/logo\/image\/","url":"https:\/\/uelzener.de\/magazin\/app\/uploads\/2024\/11\/uelzener_allgemeine_versicherungsgesellschaft_a_g_logo.jpg","contentUrl":"https:\/\/uelzener.de\/magazin\/app\/uploads\/2024\/11\/uelzener_allgemeine_versicherungsgesellschaft_a_g_logo.jpg","width":200,"height":200,"caption":"Uelzener Versicherungen"},"image":{"@id":"https:\/\/uelzener.de\/magazin\/#\/schema\/logo\/image\/"},"sameAs":["https:\/\/www.facebook.com\/Uelzener","https:\/\/instagram.com\/uelzener","https:\/\/www.xing.com\/pages\/uelzenerallgemeineversicherungs-gesellschafta-g","https:\/\/www.youtube.com\/UelzenerVersicherungen"]}]}},"_links":{"self":[{"href":"https:\/\/uelzener.de\/magazin\/wp-json\/wp\/v2\/pages\/19372","targetHints":{"allow":["GET"]}}],"collection":[{"href":"https:\/\/uelzener.de\/magazin\/wp-json\/wp\/v2\/pages"}],"about":[{"href":"https:\/\/uelzener.de\/magazin\/wp-json\/wp\/v2\/types\/page"}],"author":[{"embeddable":true,"href":"https:\/\/uelzener.de\/magazin\/wp-json\/wp\/v2\/users\/11"}],"replies":[{"embeddable":true,"href":"https:\/\/uelzener.de\/magazin\/wp-json\/wp\/v2\/comments?post=19372"}],"version-history":[{"count":1,"href":"https:\/\/uelzener.de\/magazin\/wp-json\/wp\/v2\/pages\/19372\/revisions"}],"predecessor-version":[{"id":19374,"href":"https:\/\/uelzener.de\/magazin\/wp-json\/wp\/v2\/pages\/19372\/revisions\/19374"}],"up":[{"embeddable":true,"href":"https:\/\/uelzener.de\/magazin\/wp-json\/wp\/v2\/pages\/11701"}],"wp:featuredmedia":[{"embeddable":true,"href":"https:\/\/uelzener.de\/magazin\/wp-json\/wp\/v2\/media\/19373"}],"wp:attachment":[{"href":"https:\/\/uelzener.de\/magazin\/wp-json\/wp\/v2\/media?parent=19372"}],"curies":[{"name":"wp","href":"https:\/\/api.w.org\/{rel}","templated":true}]}}