{"id":19337,"date":"2025-10-14T15:10:42","date_gmt":"2025-10-14T13:10:42","guid":{"rendered":"https:\/\/uelzener.de\/magazin\/?page_id=19337"},"modified":"2025-11-13T11:44:16","modified_gmt":"2025-11-13T10:44:16","slug":"warum-starrt-meine-katze-mich-an","status":"publish","type":"page","link":"https:\/\/uelzener.de\/magazin\/katze\/haeufige-fragen\/warum-starrt-meine-katze-mich-an\/","title":{"rendered":"Warum starrt meine Katze mich an?"},"content":{"rendered":"<p><span style=\"font-weight: 400;\">Du sitzt entspannt auf dem Sofa, liest ein Buch, schaust fern oder isst eine Kleinigkeit. Pl\u00f6tzlich merkst du, wie dich von der Seite ein Augenpaar fixiert. Du schaust zu deiner Katze und stellst fest, dass sie dich kontinuierlich anstarrt. Viele Halter und Halterinnen kennen solche Situationen und fragen sich: Was steckt hinter diesem intensiven Blick? Hat mein Tier Hunger, f\u00fchlt es sich unwohl oder will spielen? <\/span><\/p>\n<p><span style=\"font-weight: 400;\">Die Frage ist berechtigt, denn Katzen starren nicht ohne Grund. Sie k\u00f6nnen damit Neugier, Zuneigung oder auch ein Bed\u00fcrfnis nach Aufmerksamkeit ausdr\u00fccken. Manchmal steckt ein Kommunikationsversuch, manchmal aber auch instinktives Verhalten oder sogar eine gesundheitliche Ursache dahinter. <\/span><\/p>\n<p><span style=\"font-weight: 400;\">In diesem Artikel erkl\u00e4ren wir dir, warum Katzen starren und wie du die Signale deiner Samtpfote richtig deutest.<\/span><\/p>\n<h2>Wissenswertes zur Kommunikation bei Katzen<\/h2>\n<p><span style=\"font-weight: 400;\">Katzen kommunizieren vor allem \u00fcber Pheromone und mithilfe ihrer K\u00f6rpersprache untereinander. Laute und Augenkontakt spielen eine untergeordnete Rolle. Sich gegenseitig anzustarren, gilt unter Katzen sogar als unh\u00f6flich und bedrohlich. Bei der Kommunikation mit Menschen sieht es jedoch anders aus. Katzen scheinen gelernt zu haben, dass sie bei ihren Halterinnen und Haltern mit Augenkontakt mehr erreichen. Aus diesem Grund nutzen sie ihre Blicke, um Gef\u00fchle, Stimmungen oder Absichten auszudr\u00fccken. Das Starren kann also als stiller Dialog verstanden werden. Sitzt deine Katze dir gegen\u00fcber und schaut dich unentwegt an, will sie dir wahrscheinlich etwas mitteilen. Worum es sich genau handelt, ist allerdings kontextabh\u00e4ngig. Um den Blick einer Katze zu deuten, m\u00fcssen die individuelle Situation, ihre Pers\u00f6nlichkeit und ihre Gewohnheiten sowie weitere k\u00f6rperliche Signale ber\u00fccksichtigt werden.<\/span><\/p>\n<h2>Was es bedeutet, wenn Katzen starren<\/h2>\n<p><span style=\"font-weight: 400;\">Wenn Katzen ihren Menschen anstarren, ist das in den seltensten F\u00e4llen bedeutungslos. Meist sind intensive Blicke positiv zu interpretieren, es k\u00f6nnen aber auch instinktive Verhaltensweisen oder gesundheitliche Probleme urs\u00e4chlich sein.\u00a0\u00a0<\/span><\/p>\n<h3>Positive Bedeutungen des Starrens<\/h3>\n<p><span style=\"font-weight: 400;\">Hinter dem intensiven Blick einer Katze steckt oft etwas Sch\u00f6nes. Typische positive Bedeutungen sind zum Beispiel:<\/span><\/p>\n<ul>\n<li style=\"font-weight: 400;\" aria-level=\"1\"><b>Zuneigung und Vertrauen<\/b><span style=\"font-weight: 400;\">: Starrt deine Katze dich an, kann das bedeuten, dass sie damit ihre Zuneigung zu dir ausdr\u00fccken m\u00f6chte. Auch das langsame Blinzeln geh\u00f6rt in diesen Zusammenhang: Es gilt als \u201eKatzenkuss\u201c und ist als Liebes- und Vertrauensbeweis zu verstehen. Indem du langsam zur\u00fcckblinzelst, kannst du die Botschaft erwidern und eure Bindung st\u00e4rken.<\/span><\/li>\n<li style=\"font-weight: 400;\" aria-level=\"1\"><b>Aufmerksamkeit und Interaktion<\/b><span style=\"font-weight: 400;\">: Ein weiterer Grund f\u00fcrs Starren kann sein, dass deine Katze deine Aufmerksamkeit erregen und mit dir spielen oder schmusen m\u00f6chte. Eventuell m\u00f6chte sie dir auch mitteilen, dass sie Hunger hat und gef\u00fcttert werden m\u00f6chte. Katzen haben eine innere Uhr und wissen genau, wann die Zeit der n\u00e4chsten Mahlzeit n\u00e4her r\u00fcckt. Um ihrer Forderung noch mehr Nachdruck zu verleihen, stellen manche Samtpfoten den Schwanz steil in die H\u00f6he, streichen ihrem Menschen um die Beine, heben eine Pfote hoch, miauen oder schnurren.<\/span><\/li>\n<li style=\"font-weight: 400;\" aria-level=\"1\"><b>Interesse und Neugier<\/b><span style=\"font-weight: 400;\">: M\u00f6glicherweise beobachtet deine Samtpfote dich, weil du gerade etwas Spannendes machst. Aufmerksam werden Katzen beispielsweise dann, wenn man einen Gegenstand schnell hin und her bewegt, beispielsweise einen Stift beim Zeichnen oder Schreiben. Das weckt ihren Jagd- bzw. Spieltrieb.\u00a0<\/span><\/li>\n<li style=\"font-weight: 400;\" aria-level=\"1\"><b>Entspannung und Wohlbefinden<\/b><span style=\"font-weight: 400;\">: Viele Katzen starren, wenn sie auf ihrem Lieblingsplatz entspannen und ausruhen. Sie zeigen damit, dass sie sich sicher und geborgen f\u00fchlen.<\/span><\/li>\n<\/ul>\n<h3>Das Starren als instinktives Verhalten<\/h3>\n<p><span style=\"font-weight: 400;\">Das Starren einer Katze kann auch ihren nat\u00fcrlichen Instinkten entspringen. Typische Hintergr\u00fcnde sind:<\/span><\/p>\n<ul>\n<li style=\"font-weight: 400;\" aria-level=\"1\"><b>Jagdtrieb<\/b><span style=\"font-weight: 400;\">: Katzen fixieren ihre Beute mit starrem Blick und geweiteten Pupillen, bevor sie zum Sprung ansetzen. Der K\u00f6rper ist dabei leicht angespannt und genauso wie Ohren und Schnurrhaare nach vorne ausgerichtet, w\u00e4hrend der Schwanz aufgeregt zuckt. Das Verhalten zeigen Katzen manchmal auch beim Spielen oder wenn der Mensch seine Zehen oder Finger bewegt.\u00a0<\/span><\/li>\n<li style=\"font-weight: 400;\" aria-level=\"1\"><b>Wachsamkeit<\/b><span style=\"font-weight: 400;\">: Katzen sind von Natur aus wachsame Tiere und beobachten ihre Umgebung genau, um Gefahren fr\u00fch zu erkennen. Beim Starren fokussieren sie ihre Aufmerksamkeit voll und ganz auf ein Ziel, zum Beispiel wenn sie ein Ger\u00e4usch oder eine Bewegung wahrgenommen haben. Das hilft ihnen dabei, besser abzusch\u00e4tzen, was als n\u00e4chstes passiert.\u00a0<\/span><\/li>\n<li><b>Revierverteidigung<\/b><span style=\"font-weight: 400;\">: F\u00fcr die Kommunikation untereinander nutzen Katzen \u00fcblicherweise keinen Augenkontakt \u2013 es sei denn, sie m\u00f6chten ihre Artgenossen einsch\u00fcchtern. Das kann beispielsweise der Fall sein, wenn sie sich in ihrem Revier behaupten m\u00fcssen. Indem sie den Gegner mit den Augen fixieren, sprechen sie quasi eine Drohung aus und verteidigen ihr Territorium. Duckt sich die Katze dabei oder macht einen Katzenbuckel, ist das als Warnung zu verstehen. Steht sie kurz vor dem Angriff, versteift sie sich, legt die Ohren an, verengt die Pupillen, bleckt die Z\u00e4hne, grollt, faucht oder knurrt.\u00a0<\/span><\/li>\n<li><b>Dominanzverhalten<\/b><span style=\"font-weight: 400;\">: Ein intensiver, harter Blick kann auch als Versuch verstanden werden, die Rangordnung in Frage zu stellen. Die Katze m\u00f6chte dann ihre Grenzen austesten und dich m\u00f6glicherweise sogar herausfordern. Darauf solltest du souver\u00e4n reagieren und ihrem Blick freundlich, aber bestimmt standhalten.<\/span><\/li>\n<li><b>Angst oder Stress<\/b><span style=\"font-weight: 400;\">: Manche Katzen starren, wenn sie eine Situation nicht einordnen k\u00f6nnen oder \u00fcberfordert sind. Kommen weitere k\u00f6rperliche Signale wie aufgestellte Ohren, gestr\u00e4ubtes Fell oder Fauchen hinzu, ist das ein Zeichen von tiefem Unbehagen. \u00c4ngstliche Katzen machen sich klein, dr\u00fccken sich in eine Ecke oder gegen die Wand und legen den Schwanz sch\u00fctzend um sich herum. Die Pupillen sind gro\u00df und die Ohren zur Seite oder nach hinten gedreht.\u00a0<\/span><\/li>\n<\/ul>\n<h2>Starren als Ausdruck gesundheitlicher Probleme<\/h2>\n<p><span style=\"font-weight: 400;\">Ist eine Katze gesundheitlich angeschlagen, kann sich das ebenfalls in Starren \u00e4u\u00dfern. Folgende Probleme k\u00f6nnen dabei eine Rolle spielen:<\/span><\/p>\n<ul>\n<li><b>Sehst\u00f6rungen:<\/b><span style=\"font-weight: 400;\"> Ist das Sehverm\u00f6gen einer Katze beeintr\u00e4chtigt, \u00e4u\u00dfert sich das mitunter in einem starren Blick. Dem k\u00f6nnen beispielsweise Augenerkrankungen wie Grauer oder Gr\u00fcner Star zugrunde liegen.<\/span><\/li>\n<li><b>Schmerzen:<\/b><span style=\"font-weight: 400;\"> Katzen, die unter Schmerzen leiden, wirken oft abwesend und starren ins Leere.<\/span><\/li>\n<li><b>Neurologische St\u00f6rungen:<\/b><span style=\"font-weight: 400;\"> Neurologische Ausf\u00e4lle und Erkrankungen k\u00f6nnen dazu f\u00fchren, dass sich der Blick der Katze ver\u00e4ndert und in ein Starren \u00fcbergeht.<\/span><\/li>\n<li><b>Alterserscheinungen:<\/b><span style=\"font-weight: 400;\"> Das Starren kann auch mit zunehmendem Alter auftreten, allen voran bei Katzen, die dement werden oder deren kognitive Leistungsf\u00e4higkeit abnimmt.<\/span><\/li>\n<li><b>K\u00f6rperliche Reaktion:<\/b><span style=\"font-weight: 400;\"> Hat eine Katze Katzenminze genascht, ger\u00e4t sie in einen Zustand der Euphorie, der durch das enthaltene Nepetalacton verursacht wird. Dabei weiten sich die Pupillen und der Blick wird starr.\u00a0<\/span><\/li>\n<\/ul>\n<p><span style=\"font-weight: 400;\">Wichtig: Hast du den Eindruck, dass k\u00f6rperliche Beschwerden Grund f\u00fcr das Starren deiner Katze sind, solltest du sicherheitshalber eine Tier\u00e4rztin oder einen Tierarzt aufsuchen. So kannst du abkl\u00e4ren lassen, ob deine Samtpfote gesund ist oder medizinische Hilfe braucht. Eine <\/span><span style=\"font-weight: 400;\">Katzenkrankenversicherung<\/span><span style=\"font-weight: 400;\"> ist in solchen F\u00e4llen eine gro\u00dfe Hilfe, da sie die Tierarztkosten \u00fcbernimmt und dadurch finanziellen Schutz bietet.<\/span><\/p>\n\n<div class=\"banner\">\n    <a href=\"https:\/\/uelzener.de\/katze\/katzen-krankenversicherung\/?agt=0000104925&sem=true&utm_medium=magazin&utm_source=wordpress&utm_campaign=katze_kv&utm_content=banner\">\n        <img decoding=\"async\" width=\"300\" height=\"212\" src=\"https:\/\/uelzener.de\/magazin\/app\/uploads\/2025\/01\/Katzen-Kranken-Versicherung.jpg\" class=\"attachment-medium size-medium\" alt=\"Banner Katzen-Kranken-Versicherung\" \/>    <\/a>\n<\/div>\n\n<h2>Was tun, wenn die Katze mich anstarrt?<\/h2>\n<p><span style=\"font-weight: 400;\">Wenn deine Katze dich anstarrt, ist es zun\u00e4chst einmal wichtig, die Situation einzuordnen. Dazu solltest du den Kontext und weitere k\u00f6rperliche Signale einbeziehen. Hast du den Eindruck, dass es sich um einen Liebesblick handelt, kannst du ihn erwidern, indem du langsam zur\u00fcckblinzelst oder die Katze sanft ansprichst. Das tut eurer Bindung gut und zeigt, dass du ihr ebenfalls Zuneigung und Vertrauen entgegenbringst.<\/span><\/p>\n<p><span style=\"font-weight: 400;\">Ist deine Katze angespannt oder verh\u00e4lt sich fordernd, lohnt es sich, genauer hinzusehen. Eine steife Haltung, gestr\u00e4ubtes Fell und geweitete oder zu Schlitzen verengte Pupillen k\u00f6nnen ein Zeichen von Unbehagen oder Angriffslust sein. In dem Fall solltest du keinesfalls zur\u00fcckstarren oder sie bedr\u00e4ngen, sondern wegschauen und dich zur\u00fcckziehen. Dadurch wirkst du deeskalierend, entsch\u00e4rfst die Situation und gibst deiner Katze den n\u00f6tigen Raum, sich zu beruhigen.\u00a0<\/span><\/p>\n<p><span style=\"font-weight: 400;\">Wenn das Starren so gar nicht zu dem \u00fcblichen Verhalten deiner Katze passt, ist es sinnvoll, tier\u00e4rztlichen Rat einzuholen. So kannst du herausfinden, ob gesundheitliche Probleme dahinterstecken und deine Katze entsprechend behandeln lassen.<\/span><\/p>\n\n<div class=\"related_articles boxed\">\n    <h2>Mehr zum Thema<\/h2>\n    \n    <div class=\"wrapper\"><div class=\"title align-center\"><h3><a href=\"https:\/\/uelzener.de\/magazin\/katze\/erziehung-und-training\/katzen-blinzeln\/\">Katzen blinzeln aus Freundschaft<\/a><\/h3><\/div><div class=\"img align-center\"><img decoding=\"async\" width=\"315\" height=\"180\" src=\"https:\/\/uelzener.de\/magazin\/app\/uploads\/2023\/02\/katze-blinzeln-315x180.jpg\" class=\"attachment-315x180 size-315x180 wp-post-image\" alt=\"Wei\u00dfe Katze liegt und blinzelt einem lieb zu.\" \/><\/div><\/div><div class=\"wrapper\"><div class=\"title align-center\"><h3><a href=\"https:\/\/uelzener.de\/magazin\/katze\/haeufige-fragen\/10-anzeichen-dass-deine-katze-dich-liebt\/\">10 Anzeichen, dass deine Katze dich liebt<\/a><\/h3><\/div><div class=\"img align-center\"><img decoding=\"async\" width=\"315\" height=\"180\" src=\"https:\/\/uelzener.de\/magazin\/app\/uploads\/2022\/02\/10-Anzeichen-dass-deine-Katze-dich-liebt-315x180.jpg\" class=\"attachment-315x180 size-315x180 wp-post-image\" alt=\"Katze kuschelt mit b\u00e4rtigem Mann, sie zeigt ihm seine Zuneigung.\" \/><\/div><\/div><div class=\"wrapper\"><div class=\"title align-center\"><h3><a href=\"https:\/\/uelzener.de\/magazin\/katze\/haeufige-fragen\/koennen-katzen-farben-sehen\/\">K\u00f6nnen Katzen Farben sehen?<\/a><\/h3><\/div><div class=\"img align-center\"><img decoding=\"async\" width=\"315\" height=\"180\" src=\"https:\/\/uelzener.de\/magazin\/app\/uploads\/2022\/02\/Katze_Farben_sehen_Header-315x180.jpg\" class=\"attachment-315x180 size-315x180 wp-post-image\" alt=\"Getigerte Katze mit gr\u00fcnen Augen vor gr\u00fcnem Hintergrund, kann sie die Farben \u00fcberhaupt sehen?\" \/><\/div><\/div><\/div>\n\n<h2>Fazit<\/h2>\n<p><span style=\"font-weight: 400;\">Wenn Katzen starren, kann das vielerlei Bedeutungen haben. Manche m\u00f6chten damit ihre Sympathie ausdr\u00fccken, andere ihre Bed\u00fcrfnisse kundtun oder ihren Menschen zur Interaktion einladen. Auch Instinktverhalten wie ein nat\u00fcrlicher Jagd- oder Spieltrieb k\u00f6nnen dahinterstecken. Indem du die \u00fcbrige K\u00f6rpersprache und den Kontext einbeziehst, kannst du die Signale richtig deuten und entsprechend reagieren. Im ung\u00fcnstigsten Fall h\u00e4ngt das Starren mit gesundheitlichen Beschwerden zusammen. Um diesen auf die Schliche zu kommen, solltest du dein Tier genau im Blick behalten und auf m\u00f6gliche weitere Symptome achten. Im Zweifel ist es besser, die Katze lieber einmal zu viel als einmal zu wenig tier\u00e4rztlich durchchecken zu lassen, um Sicherheit zu haben.\u00a0<\/span><\/p>\n<h2>FAQ: H\u00e4ufig gestellte Fragen zum Thema Starren bei Katzen<\/h2>\n<h3>Warum starrt meine Katze mich beim Essen an?<\/h3>\n<p><span style=\"font-weight: 400;\">Wenn dich deine Katze beim Essen anstarrt, hofft sie wahrscheinlich, etwas abzukommen. Manche Tiere weisen sogar regelrecht daraufhin, indem sie abwechselnd zum Teller und zu ihrem Menschen schauen. Es kann auch sein, dass deine Katze das, was du gerade zu dir nimmst, einfach nur sehr interessant findet.<\/span><\/p>\n<h3>Warum starrt meine Katze mich an, wenn ich telefoniere?<\/h3>\n<p><span style=\"font-weight: 400;\">Das ist sicherlich der Neugier geschuldet. Deine Katze registriert deine Stimme und fragt sich vermutlich, warum du gerade sprichst.\u00a0<\/span><\/p>\n<h3>Warum starrt meine Katze ins Leere?<\/h3>\n<p><span style=\"font-weight: 400;\">Katzen haben sehr gute Sinne und nehmen ihre Umwelt dadurch intensiver wahr als wir Menschen. W\u00e4hrend es f\u00fcr uns so aussieht, als w\u00fcrden sie ins Leere starren, ist es in der Realit\u00e4t oft so, dass sie etwas registrieren, was wir nicht bemerken. Allerdings k\u00f6nnen auch Orientierungslosigkeit oder Erkrankungen wie Demenz dahinterstecken. <\/span><\/p>\n","protected":false},"excerpt":{"rendered":"<p>Du sitzt entspannt auf dem Sofa, liest ein Buch, schaust fern oder isst eine Kleinigkeit. Pl\u00f6tzlich merkst du, wie dich von der Seite ein Augenpaar fixiert. Du schaust zu deiner Katze und stellst fest, dass sie dich kontinuierlich anstarrt. Viele Halter und Halterinnen kennen solche Situationen und fragen sich: Was steckt hinter diesem intensiven Blick? [&hellip;]<\/p>\n","protected":false},"author":11,"featured_media":19338,"parent":11691,"menu_order":22,"comment_status":"closed","ping_status":"closed","template":"templates\/blog.php","meta":{"_acf_changed":false,"_crdt_document":"","footnotes":"","beyondwords_generate_audio":"","beyondwords_project_id":"","beyondwords_content_id":"","beyondwords_preview_token":"","beyondwords_player_style":"","beyondwords_language_id":"","beyondwords_title_voice_id":"","beyondwords_body_voice_id":"","beyondwords_summary_voice_id":"","beyondwords_error_message":"","beyondwords_disabled":"","beyondwords_delete_content":"","beyondwords_podcast_id":"","beyondwords_hash":"","publish_post_to_speechkit":"","speechkit_hash":"","speechkit_generate_audio":"","speechkit_project_id":"","speechkit_podcast_id":"","speechkit_error_message":"","speechkit_disabled":"","speechkit_access_key":"","speechkit_error":"","speechkit_info":"","speechkit_response":"","speechkit_retries":"","speechkit_status":"","speechkit_updated_at":"","_speechkit_link":"","_speechkit_text":""},"class_list":["post-19337","page","type-page","status-publish","has-post-thumbnail","hentry"],"acf":[],"yoast_head":"<!-- This site is optimized with the Yoast SEO Premium plugin  - https:\/\/yoast.com\/product\/yoast-seo-premium-wordpress\/ -->\n<title>Warum starrt meine Katze mich an? | Uelzener Magazin<\/title>\n<meta name=\"description\" content=\"Entdecke die Gr\u00fcnde, warum deine Katze starrt! Von Neugier bis zur Kommunikation, erfahre alles \u00fcber ihr Verhalten.\" \/>\n<meta name=\"robots\" content=\"index, follow, max-snippet:-1, max-image-preview:large, max-video-preview:-1\" \/>\n<link rel=\"canonical\" href=\"https:\/\/uelzener.de\/magazin\/katze\/haeufige-fragen\/warum-starrt-meine-katze-mich-an\/\" \/>\n<meta property=\"og:locale\" content=\"de_DE\" \/>\n<meta property=\"og:type\" content=\"article\" \/>\n<meta property=\"og:title\" content=\"Warum starrt meine Katze mich an?\" \/>\n<meta property=\"og:description\" content=\"Entdecke die Gr\u00fcnde, warum deine Katze starrt! Von Neugier bis zur Kommunikation, erfahre alles \u00fcber ihr Verhalten.\" \/>\n<meta property=\"og:url\" content=\"https:\/\/uelzener.de\/magazin\/katze\/haeufige-fragen\/warum-starrt-meine-katze-mich-an\/\" \/>\n<meta property=\"og:site_name\" content=\"Uelzener Tier-Magazin\" \/>\n<meta property=\"article:publisher\" content=\"https:\/\/www.facebook.com\/Uelzener\" \/>\n<meta property=\"article:modified_time\" content=\"2025-11-13T10:44:16+00:00\" \/>\n<meta property=\"og:image\" content=\"https:\/\/uelzener.de\/magazin\/app\/uploads\/2025\/10\/katze-starrt.png\" \/>\n\t<meta property=\"og:image:width\" content=\"1025\" \/>\n\t<meta property=\"og:image:height\" content=\"450\" \/>\n\t<meta property=\"og:image:type\" content=\"image\/png\" \/>\n<meta name=\"twitter:card\" content=\"summary_large_image\" \/>\n<meta name=\"twitter:label1\" content=\"Gesch\u00e4tzte Lesezeit\" \/>\n\t<meta name=\"twitter:data1\" content=\"9\u00a0Minuten\" \/>\n<script type=\"application\/ld+json\" class=\"yoast-schema-graph\">{\"@context\":\"https:\/\/schema.org\",\"@graph\":[{\"@type\":\"WebPage\",\"@id\":\"https:\/\/uelzener.de\/magazin\/katze\/haeufige-fragen\/warum-starrt-meine-katze-mich-an\/\",\"url\":\"https:\/\/uelzener.de\/magazin\/katze\/haeufige-fragen\/warum-starrt-meine-katze-mich-an\/\",\"name\":\"Warum starrt meine Katze mich an? | Uelzener Magazin\",\"isPartOf\":{\"@id\":\"https:\/\/uelzener.de\/magazin\/#website\"},\"primaryImageOfPage\":{\"@id\":\"https:\/\/uelzener.de\/magazin\/katze\/haeufige-fragen\/warum-starrt-meine-katze-mich-an\/#primaryimage\"},\"image\":{\"@id\":\"https:\/\/uelzener.de\/magazin\/katze\/haeufige-fragen\/warum-starrt-meine-katze-mich-an\/#primaryimage\"},\"thumbnailUrl\":\"https:\/\/uelzener.de\/magazin\/app\/uploads\/2025\/10\/katze-starrt.png\",\"datePublished\":\"2025-10-14T13:10:42+00:00\",\"dateModified\":\"2025-11-13T10:44:16+00:00\",\"description\":\"Entdecke die Gr\u00fcnde, warum deine Katze starrt! Von Neugier bis zur Kommunikation, erfahre alles \u00fcber ihr Verhalten.\",\"breadcrumb\":{\"@id\":\"https:\/\/uelzener.de\/magazin\/katze\/haeufige-fragen\/warum-starrt-meine-katze-mich-an\/#breadcrumb\"},\"inLanguage\":\"de\",\"potentialAction\":[{\"@type\":\"ReadAction\",\"target\":[\"https:\/\/uelzener.de\/magazin\/katze\/haeufige-fragen\/warum-starrt-meine-katze-mich-an\/\"]}]},{\"@type\":\"ImageObject\",\"inLanguage\":\"de\",\"@id\":\"https:\/\/uelzener.de\/magazin\/katze\/haeufige-fragen\/warum-starrt-meine-katze-mich-an\/#primaryimage\",\"url\":\"https:\/\/uelzener.de\/magazin\/app\/uploads\/2025\/10\/katze-starrt.png\",\"contentUrl\":\"https:\/\/uelzener.de\/magazin\/app\/uploads\/2025\/10\/katze-starrt.png\",\"width\":1025,\"height\":450,\"caption\":\"Schwarze Katze starrt dich an.\"},{\"@type\":\"WebSite\",\"@id\":\"https:\/\/uelzener.de\/magazin\/#website\",\"url\":\"https:\/\/uelzener.de\/magazin\/\",\"name\":\"Uelzener Tiermagazin\",\"description\":\"Online Tierratgeber der Uelzener Versicherungen\",\"publisher\":{\"@id\":\"https:\/\/uelzener.de\/magazin\/#organization\"},\"potentialAction\":[{\"@type\":\"SearchAction\",\"target\":{\"@type\":\"EntryPoint\",\"urlTemplate\":\"https:\/\/uelzener.de\/magazin\/?s={search_term_string}\"},\"query-input\":{\"@type\":\"PropertyValueSpecification\",\"valueRequired\":true,\"valueName\":\"search_term_string\"}}],\"inLanguage\":\"de\"},{\"@type\":\"Organization\",\"@id\":\"https:\/\/uelzener.de\/magazin\/#organization\",\"name\":\"Uelzener Versicherungen\",\"url\":\"https:\/\/uelzener.de\/magazin\/\",\"logo\":{\"@type\":\"ImageObject\",\"inLanguage\":\"de\",\"@id\":\"https:\/\/uelzener.de\/magazin\/#\/schema\/logo\/image\/\",\"url\":\"https:\/\/uelzener.de\/magazin\/app\/uploads\/2024\/11\/uelzener_allgemeine_versicherungsgesellschaft_a_g_logo.jpg\",\"contentUrl\":\"https:\/\/uelzener.de\/magazin\/app\/uploads\/2024\/11\/uelzener_allgemeine_versicherungsgesellschaft_a_g_logo.jpg\",\"width\":200,\"height\":200,\"caption\":\"Uelzener Versicherungen\"},\"image\":{\"@id\":\"https:\/\/uelzener.de\/magazin\/#\/schema\/logo\/image\/\"},\"sameAs\":[\"https:\/\/www.facebook.com\/Uelzener\",\"https:\/\/instagram.com\/uelzener\",\"https:\/\/www.xing.com\/pages\/uelzenerallgemeineversicherungs-gesellschafta-g\",\"https:\/\/www.youtube.com\/UelzenerVersicherungen\"]}]}<\/script>\n<!-- \/ Yoast SEO Premium plugin. -->","yoast_head_json":{"title":"Warum starrt meine Katze mich an? | Uelzener Magazin","description":"Entdecke die Gr\u00fcnde, warum deine Katze starrt! Von Neugier bis zur Kommunikation, erfahre alles \u00fcber ihr Verhalten.","robots":{"index":"index","follow":"follow","max-snippet":"max-snippet:-1","max-image-preview":"max-image-preview:large","max-video-preview":"max-video-preview:-1"},"canonical":"https:\/\/uelzener.de\/magazin\/katze\/haeufige-fragen\/warum-starrt-meine-katze-mich-an\/","og_locale":"de_DE","og_type":"article","og_title":"Warum starrt meine Katze mich an?","og_description":"Entdecke die Gr\u00fcnde, warum deine Katze starrt! Von Neugier bis zur Kommunikation, erfahre alles \u00fcber ihr Verhalten.","og_url":"https:\/\/uelzener.de\/magazin\/katze\/haeufige-fragen\/warum-starrt-meine-katze-mich-an\/","og_site_name":"Uelzener Tier-Magazin","article_publisher":"https:\/\/www.facebook.com\/Uelzener","article_modified_time":"2025-11-13T10:44:16+00:00","og_image":[{"width":1025,"height":450,"url":"https:\/\/uelzener.de\/magazin\/app\/uploads\/2025\/10\/katze-starrt.png","type":"image\/png"}],"twitter_card":"summary_large_image","twitter_misc":{"Gesch\u00e4tzte Lesezeit":"9\u00a0Minuten"},"schema":{"@context":"https:\/\/schema.org","@graph":[{"@type":"WebPage","@id":"https:\/\/uelzener.de\/magazin\/katze\/haeufige-fragen\/warum-starrt-meine-katze-mich-an\/","url":"https:\/\/uelzener.de\/magazin\/katze\/haeufige-fragen\/warum-starrt-meine-katze-mich-an\/","name":"Warum starrt meine Katze mich an? | Uelzener Magazin","isPartOf":{"@id":"https:\/\/uelzener.de\/magazin\/#website"},"primaryImageOfPage":{"@id":"https:\/\/uelzener.de\/magazin\/katze\/haeufige-fragen\/warum-starrt-meine-katze-mich-an\/#primaryimage"},"image":{"@id":"https:\/\/uelzener.de\/magazin\/katze\/haeufige-fragen\/warum-starrt-meine-katze-mich-an\/#primaryimage"},"thumbnailUrl":"https:\/\/uelzener.de\/magazin\/app\/uploads\/2025\/10\/katze-starrt.png","datePublished":"2025-10-14T13:10:42+00:00","dateModified":"2025-11-13T10:44:16+00:00","description":"Entdecke die Gr\u00fcnde, warum deine Katze starrt! Von Neugier bis zur Kommunikation, erfahre alles \u00fcber ihr Verhalten.","breadcrumb":{"@id":"https:\/\/uelzener.de\/magazin\/katze\/haeufige-fragen\/warum-starrt-meine-katze-mich-an\/#breadcrumb"},"inLanguage":"de","potentialAction":[{"@type":"ReadAction","target":["https:\/\/uelzener.de\/magazin\/katze\/haeufige-fragen\/warum-starrt-meine-katze-mich-an\/"]}]},{"@type":"ImageObject","inLanguage":"de","@id":"https:\/\/uelzener.de\/magazin\/katze\/haeufige-fragen\/warum-starrt-meine-katze-mich-an\/#primaryimage","url":"https:\/\/uelzener.de\/magazin\/app\/uploads\/2025\/10\/katze-starrt.png","contentUrl":"https:\/\/uelzener.de\/magazin\/app\/uploads\/2025\/10\/katze-starrt.png","width":1025,"height":450,"caption":"Schwarze Katze starrt dich an."},{"@type":"WebSite","@id":"https:\/\/uelzener.de\/magazin\/#website","url":"https:\/\/uelzener.de\/magazin\/","name":"Uelzener Tiermagazin","description":"Online Tierratgeber der Uelzener Versicherungen","publisher":{"@id":"https:\/\/uelzener.de\/magazin\/#organization"},"potentialAction":[{"@type":"SearchAction","target":{"@type":"EntryPoint","urlTemplate":"https:\/\/uelzener.de\/magazin\/?s={search_term_string}"},"query-input":{"@type":"PropertyValueSpecification","valueRequired":true,"valueName":"search_term_string"}}],"inLanguage":"de"},{"@type":"Organization","@id":"https:\/\/uelzener.de\/magazin\/#organization","name":"Uelzener Versicherungen","url":"https:\/\/uelzener.de\/magazin\/","logo":{"@type":"ImageObject","inLanguage":"de","@id":"https:\/\/uelzener.de\/magazin\/#\/schema\/logo\/image\/","url":"https:\/\/uelzener.de\/magazin\/app\/uploads\/2024\/11\/uelzener_allgemeine_versicherungsgesellschaft_a_g_logo.jpg","contentUrl":"https:\/\/uelzener.de\/magazin\/app\/uploads\/2024\/11\/uelzener_allgemeine_versicherungsgesellschaft_a_g_logo.jpg","width":200,"height":200,"caption":"Uelzener Versicherungen"},"image":{"@id":"https:\/\/uelzener.de\/magazin\/#\/schema\/logo\/image\/"},"sameAs":["https:\/\/www.facebook.com\/Uelzener","https:\/\/instagram.com\/uelzener","https:\/\/www.xing.com\/pages\/uelzenerallgemeineversicherungs-gesellschafta-g","https:\/\/www.youtube.com\/UelzenerVersicherungen"]}]}},"_links":{"self":[{"href":"https:\/\/uelzener.de\/magazin\/wp-json\/wp\/v2\/pages\/19337","targetHints":{"allow":["GET"]}}],"collection":[{"href":"https:\/\/uelzener.de\/magazin\/wp-json\/wp\/v2\/pages"}],"about":[{"href":"https:\/\/uelzener.de\/magazin\/wp-json\/wp\/v2\/types\/page"}],"author":[{"embeddable":true,"href":"https:\/\/uelzener.de\/magazin\/wp-json\/wp\/v2\/users\/11"}],"replies":[{"embeddable":true,"href":"https:\/\/uelzener.de\/magazin\/wp-json\/wp\/v2\/comments?post=19337"}],"version-history":[{"count":2,"href":"https:\/\/uelzener.de\/magazin\/wp-json\/wp\/v2\/pages\/19337\/revisions"}],"predecessor-version":[{"id":19486,"href":"https:\/\/uelzener.de\/magazin\/wp-json\/wp\/v2\/pages\/19337\/revisions\/19486"}],"up":[{"embeddable":true,"href":"https:\/\/uelzener.de\/magazin\/wp-json\/wp\/v2\/pages\/11691"}],"wp:featuredmedia":[{"embeddable":true,"href":"https:\/\/uelzener.de\/magazin\/wp-json\/wp\/v2\/media\/19338"}],"wp:attachment":[{"href":"https:\/\/uelzener.de\/magazin\/wp-json\/wp\/v2\/media?parent=19337"}],"curies":[{"name":"wp","href":"https:\/\/api.w.org\/{rel}","templated":true}]}}