{"id":19328,"date":"2025-10-09T09:39:56","date_gmt":"2025-10-09T07:39:56","guid":{"rendered":"https:\/\/uelzener.de\/magazin\/?page_id=19328"},"modified":"2025-10-09T09:58:05","modified_gmt":"2025-10-09T07:58:05","slug":"8-tipps-ecken-bewusst-durchreiten","status":"publish","type":"page","link":"https:\/\/uelzener.de\/magazin\/pferd\/erziehung-und-training\/8-tipps-ecken-bewusst-durchreiten\/","title":{"rendered":"8 Praktische Tipps f\u00fcr das Reiten durch die Ecke"},"content":{"rendered":"<p>Die Ausbildung von Pferd und Mensch ist ein Zusammenspiel von Balance, Rhythmus und Gef\u00fchl. F\u00fcr Reiterinnen oder Reiter ist es wichtig, ein Gef\u00fchl daf\u00fcr zu entwickeln, wo und wie das Pferd seine Beine unter seinem K\u00f6rper setzt und welche Wirkung das auf seine Balance hat. Aus diesem Grund ist es hilfreich, das reiterliche Gef\u00fchl f\u00fcr die Beinbewegungen in passenden Momenten zu verbessern.<\/p>\n<h2>Das eigene reiterliche Gef\u00fchl f\u00fcr die Beinbewegungen schulen<\/h2>\n<p><img decoding=\"async\" class=\"alignnone wp-image-19331\" src=\"https:\/\/uelzener.de\/magazin\/app\/uploads\/2025\/10\/Claudia_1_quad_Kreinberg.jpg\" alt=\"Claudia \u00fcbt, wie man durch eine Ecke reitet, 1.\" width=\"800\" height=\"800\" \/><\/p>\n<p>Je nach Gangart, K\u00f6rperbau und Bewegungsablauf kann ein Pferd sein Gewicht unterschiedlich auf seine Beine verteilen:<\/p>\n<ul>\n<li>auf die Diagonale vorne links \/ hinten rechts oder vorne rechts \/ hinten links,<\/li>\n<li>vermehrt auf die beiden Vorderbeine,<\/li>\n<li>oder st\u00e4rker auf der Hinterhand, also auf beide Hinterbeine,<\/li>\n<li>auch seitliche Verschiebungen \u2013 etwa von rechts nach links \u2013 und r\u00fcckw\u00e4rts geh\u00f6ren dazu.<\/li>\n<\/ul>\n<p>Um diese Bewegungen im Sattel zu erf\u00fchlen und dein Pferd zu f\u00f6rdern und harmonischer zu reiten, dazu kann dir die Vorstellung von vier Bewegungsbildern bzw. -profilen helfen.<\/p>\n<ol>\n<li><strong>Erstes Bewegungsprofil: <\/strong>Das Pferd hat vier einzelne Beine, vorn rechts, vorn links, hinten rechts, hinten links<\/li>\n<li><strong>Zweites Bewegungsprofil: <\/strong>Das Pferd hat zwei Vorderbeine und zwei Hinterbeine (Vorhand\/Hinterhand)<\/li>\n<li><strong>Drittes Bewegungsprofil: <\/strong>Das Pferd hat zwei rechte und zwei linke Beinpaare<\/li>\n<li><strong>Viertes Bewegungsprofil: <\/strong>Linke Diagonale \u2013 vorn links und hinten rechts sowie rechte Diagonale \u2013 vorn rechts und hinten links<\/li>\n<\/ol>\n<h2>Lektionen als Trainingselement<\/h2>\n<p>Eine gute Ausbildung erfolgt planvoll, geregelt und immer in einem kleinschrittigen, systematischen Aufbau. Ein regelm\u00e4\u00dfiges Tempo in den Gangarten und das immer pr\u00e4zisere Reiten (Lenken) auf Bahnfiguren bildet die Grundlage. Wiederholungs\u00fcbungen erleichtern das Bewegungslernen und schaffen neue, gew\u00fcnschte Bewegungsmuster (Lektionen).<\/p>\n<p>Lektionen sind dabei nicht Selbstzweck, um sie z. B. auf einem Turnier oder in einer Show zu zeigen, sondern sie sind Mittel zum Zweck. Sie sind Teil eines Trainings, das das Pferd \u00fcber l\u00e4ngere Zeit kr\u00e4ftigt, geschmeidiger macht und ihm erm\u00f6glicht, mehr Gewicht vermehrt mit der Hinterhand zu \u00fcbernehmen.<\/p>\n<p>Ob ein Pferd sich als Reitpferd balanciert und funktional bewegt oder nicht, das kann man vom Boden aus recht gut sehen. Daher ist es wichtig, bereits in der Bodenarbeit oder in der Handarbeit ein Gef\u00fchl f\u00fcr Balance zu entwickeln, bevor diese Arbeit im Sattel weitergef\u00fchrt wird. Eine gute Ausbildung erfolgt planvoll, geregelt und immer in einem kleinschrittigen, systematischen Aufbau.<\/p>\n<h2>Effektiv: Viertel-Volten in jeder Ecke<\/h2>\n<p>Eine h\u00e4ufige Ursache f\u00fcr Balancest\u00f6rungen bei einem Reitpferd ist die \u201enat\u00fcrliche Schiefe\u201c. Dabei belastet ein Pferd ein Vorderbein bzw. eine Schulter st\u00e4rker, zeigt dies h\u00e4ufig auch durch eine leicht schiefe Kruppe und eine einseitige Steifheit.<\/p>\n<p>Das Reiten von Volten, Zirkeln und Schlangenlinien sowie Richtungs-, Tempo- und Gangartwechsel sind das bew\u00e4hrte Mittel, um eine gleichm\u00e4\u00dfige Muskelt\u00e4tigkeit zu f\u00f6rdern. F\u00fcr dich als Reiter:in bedeutet das: Auch mit deinem Sitz und deiner Haltung solltest du dich gef\u00fchlvoll anpassen oder eventuell passiv oder aktiv auf die Balance deines Pferdes wirken.<\/p>\n<p>Neben den schon erw\u00e4hnten Bahnfiguren ist das korrekte Durchreiten der Ecken als Viertelvolten besonders wertvoll. Die Ecken werden durch die st\u00e4ndige Wiederholung bei jeder Runde f\u00fcr das Pferd zu vier besonderen Orten. Es lernt, sich f\u00fcr die Viertelvolte jedes Mal etwas mehr durch Zur\u00fccknehmen des Tempos zu versammeln und f\u00fcr einige Schritte in Biegung zu gehen. Vom Reiter erh\u00e4lt es vorbereitende und begleitende \u201eHilfestellung\u201c mit den Hilfen.<\/p>\n<p><img decoding=\"async\" class=\"alignnone wp-image-19333\" src=\"https:\/\/uelzener.de\/magazin\/app\/uploads\/2025\/10\/Claudia_6743_quad_Kreinberg.jpg\" alt=\"Claudia \u00fcbt, wie man durch eine Ecke reitet, 2.\" width=\"800\" height=\"800\" \/><\/p>\n<h2>8 Praktische Tipps f\u00fcr das Reiten durch die Ecke<\/h2>\n<h3>Tipp 1: Verlagerung des K\u00f6rperschwerpunktes nach hinten\/au\u00dfen<\/h3>\n<p>Beginne einige Pferdel\u00e4ngen vor der Ecke, das Tempo des Pferdes (besonders im Trab) etwas zu verlangsamen. Gib dazu mit dem \u00e4u\u00dferen Z\u00fcgel halbe Paraden. Verlagere deinen K\u00f6rperschwerpunkt leicht nach hinten\/au\u00dfen. Durch diese Hilfen entlastest du die innere Schulter deines Pferdes. Du regst es an, mit dem bis dahin schiebenden Hinterbein etwas mehr Last aufzunehmen.<\/p>\n<h3>Tipp 2: Stelle dein Pferd vor der Ecke<\/h3>\n<p>Bevor du die Ecke beginnst, stelle dein Pferd leicht mit dem inneren Z\u00fcgel nach innen. Gemeint ist eine minimale Stellung im Genick (Atlas\/Axis), nicht ein Abknicken im Hals. Der innere Z\u00fcgel liegt dabei auch sanft am Hals an, ohne zu stark einzuwirken. Dadurch begrenzt er auch die Schulter und wirkt einer \u00dcberlastung entgegen. Der \u00e4u\u00dfere Z\u00fcgel regelt den Grad der Stellung.<\/p>\n<h3>Tipp 3: Achte auf deinen Blick<\/h3>\n<p>Deine Blickrichtung bestimmt deinen Schwerpunkt. Schaust du nach innen-vorne-unten, verlagert sich auch dein Gewicht dorthin. Das f\u00fchrt zu einer ungleichen Belastung der Vorderbeine, besonders der inneren Schulter des Pferdes. Schaue stattdessen am \u00e4u\u00dferen Ohr voraus.<\/p>\n<h3>Tipp 4: Achte auf deine Haltung<\/h3>\n<p>Besonders wichtig ist es, in den Ecken nicht nach innen zu lehnen \u2013 das geschieht h\u00e4ufig unbewusst und gewohnheitsgem\u00e4\u00df. Lass dich von jemandem beobachten oder filme dich, um diesen weit verbreiteten Haltungsfehler zu erkennen und zu korrigieren. Schon ein leichtes Lehnen hat gravierende negative Wirkung auf das Balancegef\u00fchl deines Pferdes. \u00dcbe zur Korrektur in jeder Ecke etwas \u00fcbertrieben den Drehsitz. Dazu senkst du etwas mehr die \u00e4u\u00dfere H\u00fcfte ab und rotierst mit der \u00e4u\u00dferen K\u00f6rperh\u00e4lfte vorw\u00e4rts mit der Schulterbewegung deines Pferdes.<\/p>\n<h3>Tipp 5: Halte den Rhythmus<\/h3>\n<p>W\u00e4hrend du dein Pferd stellst, bleibt dein eigener K\u00f6rperrhythmus regelm\u00e4\u00dfig. Verlagere deinen \u00e4u\u00dferen Schenkel leicht nach hinten, w\u00e4hrend die innere Wade am Pferd bleibt. So bleiben Schub und Raumgriff erhalten. Wichtig ist ein weiterhin flei\u00dfiger Schritt oder Trab, der nicht unterbrochen wird.<\/p>\n<h3>Tipp 6: Achte bewusst auf den \u00e4u\u00dferen Z\u00fcgel<\/h3>\n<p>Der \u00e4u\u00dfere Z\u00fcgel \u00fcbernimmt in der Ecke je nach Ausbildungsstand des Pferdes mehrere Aufgaben:<\/p>\n<ul>\n<li>Er gibt nach vorn zum Maul etwas nach, um die Schulter-Hals-Dehnung des Pferdes zu erm\u00f6glichen.<\/li>\n<li>Er begrenzt die Stellung nach innen und verhindert eine zu starke Halsbiegung.<\/li>\n<li>Er reguliert die Ausrichtung des Pferdes, insbesondere die Nase zur Senkrechten.<\/li>\n<li>Er wirkt auf das \u00e4u\u00dfere Hinterbein und hilft beim Geraderichten oder Versammeln.<\/li>\n<\/ul>\n<h3>Tipp 7: Achte auf vermehrten Flei\u00df nach der Ecke<\/h3>\n<p>Durch das bewusste Durchreiten der Ecken entwickelt dein Pferd dort eine balanciertere Haltung. Es beginnt, eine Selbsthaltung f\u00fcr die wenigen Schritte einzunehmen und beizubehalten. Damit es nach der Ecke nicht wieder \u201eauseinanderf\u00e4llt\u201c, ist es wichtig, es wieder zu schiebender Beint\u00e4tigkeit mit den Hinterbeinen anzuregen. Am besten ist eine Gerte hier als Impulsgeber geeignet. Klopfende oder dr\u00fcckende Schenkeleinwirkungen stumpfen es nur ab und bewirken das Gegenteil. Im Trab ist diese Aufforderung zu flei\u00dfigem Gehen besonders wichtig.<\/p>\n<h3>Tipp 8: Die Nutzung der Bewegungsprofile<\/h3>\n<p>Wird die \u00dcbungsreihe im Schritt geritten, so ist sie hervorragend geeignet, im Viertakt des Schrittes ein Gef\u00fchl f\u00fcr die einzelnen Beine des Pferdes und f\u00fcr die Hangbein- bzw. St\u00fctzbeinphasen zu erlernen. In der Ecke selbst kann man den inneren Schenkel mit leichtem Impulsdruck auf das abfu\u00dfende, \u00e4u\u00dfere Vorderbein abstimmen \u2013 dies wirkt dem \u201eAbk\u00fcrzen\u201c der Ecke entgegen, f\u00f6rdert die Biegung des Pferdes und f\u00fchrt es tiefer in die Ecke.<\/p>\n\n<div class=\"related_articles boxed\">\n    <h2>Mehr zum Thema<\/h2>\n    \n    <div class=\"wrapper\"><div class=\"title align-center\"><h3><a href=\"https:\/\/uelzener.de\/magazin\/pferd\/erziehung-und-training\/handarbeit\/\">Handarbeit: Warum ist \u201eBalance\u201c so wichtig?<\/a><\/h3><\/div><div class=\"img align-center\"><img decoding=\"async\" width=\"315\" height=\"180\" src=\"https:\/\/uelzener.de\/magazin\/app\/uploads\/2023\/11\/handarbeit-pferd-315x180.jpg\" class=\"attachment-315x180 size-315x180 wp-post-image\" alt=\"Peter Kreinberg bei der Handarbeit am Pferd.\" \/><\/div><\/div><div class=\"wrapper\"><div class=\"title align-center\"><h3><a href=\"https:\/\/uelzener.de\/magazin\/pferd\/erziehung-und-training\/pferd-rueckwaertsrichten\/\">R\u00fcckw\u00e4rtsrichten mit Leichtigkeit Aktiviere die Bauch- &#038; Rumpft\u00e4tigkeit des Pferdes<\/a><\/h3><\/div><div class=\"img align-center\"><img decoding=\"async\" width=\"315\" height=\"180\" src=\"https:\/\/uelzener.de\/magazin\/app\/uploads\/2024\/02\/rueckwaertsrichten-kreinberg-uelzener-tipp-315x180.jpg\" class=\"attachment-315x180 size-315x180 wp-post-image\" alt=\"Peter Kreinberg auf Pferd. Zeigt \u00dcbung zum R\u00fcckw\u00e4rtsausrichten.\" \/><\/div><\/div><div class=\"wrapper\"><div class=\"title align-center\"><h3><a href=\"https:\/\/uelzener.de\/magazin\/pferd\/erziehung-und-training\/verbessere-dein-sitzgefuehl\/\">Verbessere dein Sitzgef\u00fchl<\/a><\/h3><\/div><div class=\"img align-center\"><img decoding=\"async\" width=\"315\" height=\"180\" src=\"https:\/\/uelzener.de\/magazin\/app\/uploads\/2024\/03\/sitzgefuehl-pferd-315x180.jpg\" class=\"attachment-315x180 size-315x180 wp-post-image\" alt=\"Das Sitzgef\u00fchl ist beim Reiten wichtig.\" \/><\/div><\/div><\/div>\n\n<p>Im Zweitakt des Trabes ist jeweils eine Beindiagonale am Boden, w\u00e4hrend die andere in der Luft ist. Hier l\u00e4sst sich im Aussitzen wie im Leichttraben besonders das Rhythmusgef\u00fchl schulen. Beim Verlangsamen vor den Ecken kann man sein Gef\u00fchl f\u00fcr die Z\u00fcgelhilfen (halbe Paraden) in Bezug auf die Hinterbeine gut schulen.<\/p>\n<p><img decoding=\"async\" class=\"alignnone wp-image-19334\" src=\"https:\/\/uelzener.de\/magazin\/app\/uploads\/2025\/10\/Claudia_5839_quad_Kreinberg.jpg\" alt=\"Claudia \u00fcbt, wie man durch eine Ecke reitet, 3.\" width=\"800\" height=\"800\" \/><\/p>\n<p>Sowohl Z\u00fcgel- wie Schenkelhilfen k\u00f6nnen immer nur die erw\u00fcnschte Wirkung zeigen, wenn sie auf ein Bein in der Hangbeinphase abgestimmt werden \u2013 das gelingt nur mit einiger \u00dcbung.<\/p>\n<p>Der Wechsel von schiebender oder st\u00fctzender Hinterbeint\u00e4tigkeit in jeder der vier Ecken bei jeder Runde ist ein hervorragendes Intervalltraining. Das Pferd wird aufmerksam gehalten und zur selbstt\u00e4tigen Haltungs- und Balanceverbesserung angeregt. Sowohl die Beinmuskulatur wie die Rumpfmuskulatur wird ausgewogen gymnastisch gearbeitet.<\/p>\n<p>Takt, Losgelassenheit und Hilfenverst\u00e4ndnis werden verfeinert, und die Leichtigkeit der Bewegungen bei Pferd und Reitenden verbessert sich. Reiterin oder Reiter k\u00f6nnen sich auf den Geraden an langen und kurzen Seiten passiv lockern und ihre Haltung \u00fcberpr\u00fcfen und in den Ecken f\u00fcr einige Pferdel\u00e4ngen gef\u00fchlvoll ihr Pferd erf\u00fchlen und fein unterst\u00fctzende Hilfen anbieten. Nach einigen Trainingseinheiten wird es f\u00fcr Pferd und Reiter zur Gewohnheit, die Ecken aktiv und bewusst im gef\u00fchlvollen Dialog miteinander zu durchreiten.<\/p>\n<h2>Zielsetzung der Ausbildung<\/h2>\n<p>Das \u00fcbergeordnete Ziel besteht darin, dass das Pferd sein Gewicht zunehmend von der Vorhand auf die Hinterhand verlagert. Dies gelingt nicht durch schnelle Erfolge, sondern \u00fcber viele kleine, sorgf\u00e4ltige Schritte, die Geduld und Konsequenz erfordern.<\/p>\n<p>Diese Form der Arbeit eignet sich f\u00fcr alle Reiterinnen und Reiter \u2013 unabh\u00e4ngig davon, ob sie im Freizeit- oder Dressurbereich unterwegs sind. Sie stellt sicher, dass Pferd und Mensch gleicherma\u00dfen gymnastisch geschult werden und sich harmonisch entwickeln k\u00f6nnen.<\/p>\n<p>Die Idee der wechselnden \u201eBewegungsprofile\u201c verdeutlicht: Ein Pferd bewegt sich nie statisch, sondern in einem st\u00e4ndigen Rhythmus von Gewichtsverschiebungen. Als Reiter:in hast du bei jeder Ecke, jeder Volte und jedem Schritt die Chance, diese Balance bewusst zu sp\u00fcren und positiv zu beeinflussen.<\/p>\n<p>Versuche in den n\u00e4chsten Reitstunden einmal, nicht nur \u201eRunden\u201c zu reiten, sondern bewusst die Ecken zu nutzen \u2013 in jeder einzelnen hast du die M\u00f6glichkeit, die Balance deines Pferdes zu verbessern und dein Reitgef\u00fchl zu verfeinern.<\/p>\n<p><em><strong>Uelzener-Tipp von Peter Kreinberg: Timing: <\/strong><\/em><strong><em>\u201eEcken bewusst durchreiten\u201c \u2013 die Entwicklung einer balancierten Haltung<\/em><\/strong><em><strong>. Im Original erschienen auf <a href=\"https:\/\/www.thegentletouch.de\/post\/balanciert-eckenreiten\" target=\"_blank\" rel=\"noopener\">The Gentle Touch<\/a>.<\/strong><\/em><\/p>\n","protected":false},"excerpt":{"rendered":"<p>Die Ausbildung von Pferd und Mensch ist ein Zusammenspiel von Balance, Rhythmus und Gef\u00fchl. F\u00fcr Reiterinnen oder Reiter ist es wichtig, ein Gef\u00fchl daf\u00fcr zu entwickeln, wo und wie das Pferd seine Beine unter seinem K\u00f6rper setzt und welche Wirkung das auf seine Balance hat. Aus diesem Grund ist es hilfreich, das reiterliche Gef\u00fchl f\u00fcr [&hellip;]<\/p>\n","protected":false},"author":11,"featured_media":19329,"parent":11689,"menu_order":16,"comment_status":"closed","ping_status":"closed","template":"templates\/blog.php","meta":{"_acf_changed":false,"_crdt_document":"","footnotes":"","beyondwords_generate_audio":"","beyondwords_project_id":"","beyondwords_content_id":"","beyondwords_preview_token":"","beyondwords_player_style":"","beyondwords_language_id":"","beyondwords_title_voice_id":"","beyondwords_body_voice_id":"","beyondwords_summary_voice_id":"","beyondwords_error_message":"","beyondwords_disabled":"","beyondwords_delete_content":"","beyondwords_podcast_id":"","beyondwords_hash":"","publish_post_to_speechkit":"","speechkit_hash":"","speechkit_generate_audio":"","speechkit_project_id":"","speechkit_podcast_id":"","speechkit_error_message":"","speechkit_disabled":"","speechkit_access_key":"","speechkit_error":"","speechkit_info":"","speechkit_response":"","speechkit_retries":"","speechkit_status":"","speechkit_updated_at":"","_speechkit_link":"","_speechkit_text":""},"class_list":["post-19328","page","type-page","status-publish","has-post-thumbnail","hentry"],"acf":[],"yoast_head":"<!-- This site is optimized with the Yoast SEO Premium plugin  - https:\/\/yoast.com\/product\/yoast-seo-premium-wordpress\/ -->\n<title>8 Praktische Tipps f\u00fcr das Reiten durch die Ecke | Uelzener Magazin<\/title>\n<meta name=\"description\" content=\"Versuche nicht nur \u201eRunden\u201c zu reiten, sondern bewusst die Ecken zu nutzen. In jeder einzelnen hast du die M\u00f6glichkeit, die Balance deines Pferdes zu verbessern.\" \/>\n<meta name=\"robots\" content=\"index, follow, max-snippet:-1, max-image-preview:large, max-video-preview:-1\" \/>\n<link rel=\"canonical\" href=\"https:\/\/uelzener.de\/magazin\/pferd\/erziehung-und-training\/8-tipps-ecken-bewusst-durchreiten\/\" \/>\n<meta property=\"og:locale\" content=\"de_DE\" \/>\n<meta property=\"og:type\" content=\"article\" \/>\n<meta property=\"og:title\" content=\"8 Praktische Tipps f\u00fcr das Reiten durch die Ecke\" \/>\n<meta property=\"og:description\" content=\"Versuche nicht nur \u201eRunden\u201c zu reiten, sondern bewusst die Ecken zu nutzen. In jeder einzelnen hast du die M\u00f6glichkeit, die Balance deines Pferdes zu verbessern.\" \/>\n<meta property=\"og:url\" content=\"https:\/\/uelzener.de\/magazin\/pferd\/erziehung-und-training\/8-tipps-ecken-bewusst-durchreiten\/\" \/>\n<meta property=\"og:site_name\" content=\"Uelzener Tier-Magazin\" \/>\n<meta property=\"article:publisher\" content=\"https:\/\/www.facebook.com\/Uelzener\" \/>\n<meta property=\"article:modified_time\" content=\"2025-10-09T07:58:05+00:00\" \/>\n<meta property=\"og:image\" content=\"https:\/\/uelzener.de\/magazin\/app\/uploads\/2025\/10\/um-ecken-reiten.png\" \/>\n\t<meta property=\"og:image:width\" content=\"1025\" \/>\n\t<meta property=\"og:image:height\" content=\"450\" \/>\n\t<meta property=\"og:image:type\" content=\"image\/png\" \/>\n<meta name=\"twitter:card\" content=\"summary_large_image\" \/>\n<meta name=\"twitter:label1\" content=\"Gesch\u00e4tzte Lesezeit\" \/>\n\t<meta name=\"twitter:data1\" content=\"9\u00a0Minuten\" \/>\n<script type=\"application\/ld+json\" class=\"yoast-schema-graph\">{\"@context\":\"https:\/\/schema.org\",\"@graph\":[{\"@type\":\"WebPage\",\"@id\":\"https:\/\/uelzener.de\/magazin\/pferd\/erziehung-und-training\/8-tipps-ecken-bewusst-durchreiten\/\",\"url\":\"https:\/\/uelzener.de\/magazin\/pferd\/erziehung-und-training\/8-tipps-ecken-bewusst-durchreiten\/\",\"name\":\"8 Praktische Tipps f\u00fcr das Reiten durch die Ecke | Uelzener Magazin\",\"isPartOf\":{\"@id\":\"https:\/\/uelzener.de\/magazin\/#website\"},\"primaryImageOfPage\":{\"@id\":\"https:\/\/uelzener.de\/magazin\/pferd\/erziehung-und-training\/8-tipps-ecken-bewusst-durchreiten\/#primaryimage\"},\"image\":{\"@id\":\"https:\/\/uelzener.de\/magazin\/pferd\/erziehung-und-training\/8-tipps-ecken-bewusst-durchreiten\/#primaryimage\"},\"thumbnailUrl\":\"https:\/\/uelzener.de\/magazin\/app\/uploads\/2025\/10\/um-ecken-reiten.png\",\"datePublished\":\"2025-10-09T07:39:56+00:00\",\"dateModified\":\"2025-10-09T07:58:05+00:00\",\"description\":\"Versuche nicht nur \u201eRunden\u201c zu reiten, sondern bewusst die Ecken zu nutzen. In jeder einzelnen hast du die M\u00f6glichkeit, die Balance deines Pferdes zu verbessern.\",\"breadcrumb\":{\"@id\":\"https:\/\/uelzener.de\/magazin\/pferd\/erziehung-und-training\/8-tipps-ecken-bewusst-durchreiten\/#breadcrumb\"},\"inLanguage\":\"de\",\"potentialAction\":[{\"@type\":\"ReadAction\",\"target\":[\"https:\/\/uelzener.de\/magazin\/pferd\/erziehung-und-training\/8-tipps-ecken-bewusst-durchreiten\/\"]}]},{\"@type\":\"ImageObject\",\"inLanguage\":\"de\",\"@id\":\"https:\/\/uelzener.de\/magazin\/pferd\/erziehung-und-training\/8-tipps-ecken-bewusst-durchreiten\/#primaryimage\",\"url\":\"https:\/\/uelzener.de\/magazin\/app\/uploads\/2025\/10\/um-ecken-reiten.png\",\"contentUrl\":\"https:\/\/uelzener.de\/magazin\/app\/uploads\/2025\/10\/um-ecken-reiten.png\",\"width\":1025,\"height\":450,\"caption\":\"Reiterin \u00fcbt, wie man um eine Ecke reitet.\"},{\"@type\":\"WebSite\",\"@id\":\"https:\/\/uelzener.de\/magazin\/#website\",\"url\":\"https:\/\/uelzener.de\/magazin\/\",\"name\":\"Uelzener Tiermagazin\",\"description\":\"Online Tierratgeber der Uelzener Versicherungen\",\"publisher\":{\"@id\":\"https:\/\/uelzener.de\/magazin\/#organization\"},\"potentialAction\":[{\"@type\":\"SearchAction\",\"target\":{\"@type\":\"EntryPoint\",\"urlTemplate\":\"https:\/\/uelzener.de\/magazin\/?s={search_term_string}\"},\"query-input\":{\"@type\":\"PropertyValueSpecification\",\"valueRequired\":true,\"valueName\":\"search_term_string\"}}],\"inLanguage\":\"de\"},{\"@type\":\"Organization\",\"@id\":\"https:\/\/uelzener.de\/magazin\/#organization\",\"name\":\"Uelzener Versicherungen\",\"url\":\"https:\/\/uelzener.de\/magazin\/\",\"logo\":{\"@type\":\"ImageObject\",\"inLanguage\":\"de\",\"@id\":\"https:\/\/uelzener.de\/magazin\/#\/schema\/logo\/image\/\",\"url\":\"https:\/\/uelzener.de\/magazin\/app\/uploads\/2024\/11\/uelzener_allgemeine_versicherungsgesellschaft_a_g_logo.jpg\",\"contentUrl\":\"https:\/\/uelzener.de\/magazin\/app\/uploads\/2024\/11\/uelzener_allgemeine_versicherungsgesellschaft_a_g_logo.jpg\",\"width\":200,\"height\":200,\"caption\":\"Uelzener Versicherungen\"},\"image\":{\"@id\":\"https:\/\/uelzener.de\/magazin\/#\/schema\/logo\/image\/\"},\"sameAs\":[\"https:\/\/www.facebook.com\/Uelzener\",\"https:\/\/instagram.com\/uelzener\",\"https:\/\/www.xing.com\/pages\/uelzenerallgemeineversicherungs-gesellschafta-g\",\"https:\/\/www.youtube.com\/UelzenerVersicherungen\"]}]}<\/script>\n<!-- \/ Yoast SEO Premium plugin. -->","yoast_head_json":{"title":"8 Praktische Tipps f\u00fcr das Reiten durch die Ecke | Uelzener Magazin","description":"Versuche nicht nur \u201eRunden\u201c zu reiten, sondern bewusst die Ecken zu nutzen. In jeder einzelnen hast du die M\u00f6glichkeit, die Balance deines Pferdes zu verbessern.","robots":{"index":"index","follow":"follow","max-snippet":"max-snippet:-1","max-image-preview":"max-image-preview:large","max-video-preview":"max-video-preview:-1"},"canonical":"https:\/\/uelzener.de\/magazin\/pferd\/erziehung-und-training\/8-tipps-ecken-bewusst-durchreiten\/","og_locale":"de_DE","og_type":"article","og_title":"8 Praktische Tipps f\u00fcr das Reiten durch die Ecke","og_description":"Versuche nicht nur \u201eRunden\u201c zu reiten, sondern bewusst die Ecken zu nutzen. In jeder einzelnen hast du die M\u00f6glichkeit, die Balance deines Pferdes zu verbessern.","og_url":"https:\/\/uelzener.de\/magazin\/pferd\/erziehung-und-training\/8-tipps-ecken-bewusst-durchreiten\/","og_site_name":"Uelzener Tier-Magazin","article_publisher":"https:\/\/www.facebook.com\/Uelzener","article_modified_time":"2025-10-09T07:58:05+00:00","og_image":[{"width":1025,"height":450,"url":"https:\/\/uelzener.de\/magazin\/app\/uploads\/2025\/10\/um-ecken-reiten.png","type":"image\/png"}],"twitter_card":"summary_large_image","twitter_misc":{"Gesch\u00e4tzte Lesezeit":"9\u00a0Minuten"},"schema":{"@context":"https:\/\/schema.org","@graph":[{"@type":"WebPage","@id":"https:\/\/uelzener.de\/magazin\/pferd\/erziehung-und-training\/8-tipps-ecken-bewusst-durchreiten\/","url":"https:\/\/uelzener.de\/magazin\/pferd\/erziehung-und-training\/8-tipps-ecken-bewusst-durchreiten\/","name":"8 Praktische Tipps f\u00fcr das Reiten durch die Ecke | Uelzener Magazin","isPartOf":{"@id":"https:\/\/uelzener.de\/magazin\/#website"},"primaryImageOfPage":{"@id":"https:\/\/uelzener.de\/magazin\/pferd\/erziehung-und-training\/8-tipps-ecken-bewusst-durchreiten\/#primaryimage"},"image":{"@id":"https:\/\/uelzener.de\/magazin\/pferd\/erziehung-und-training\/8-tipps-ecken-bewusst-durchreiten\/#primaryimage"},"thumbnailUrl":"https:\/\/uelzener.de\/magazin\/app\/uploads\/2025\/10\/um-ecken-reiten.png","datePublished":"2025-10-09T07:39:56+00:00","dateModified":"2025-10-09T07:58:05+00:00","description":"Versuche nicht nur \u201eRunden\u201c zu reiten, sondern bewusst die Ecken zu nutzen. In jeder einzelnen hast du die M\u00f6glichkeit, die Balance deines Pferdes zu verbessern.","breadcrumb":{"@id":"https:\/\/uelzener.de\/magazin\/pferd\/erziehung-und-training\/8-tipps-ecken-bewusst-durchreiten\/#breadcrumb"},"inLanguage":"de","potentialAction":[{"@type":"ReadAction","target":["https:\/\/uelzener.de\/magazin\/pferd\/erziehung-und-training\/8-tipps-ecken-bewusst-durchreiten\/"]}]},{"@type":"ImageObject","inLanguage":"de","@id":"https:\/\/uelzener.de\/magazin\/pferd\/erziehung-und-training\/8-tipps-ecken-bewusst-durchreiten\/#primaryimage","url":"https:\/\/uelzener.de\/magazin\/app\/uploads\/2025\/10\/um-ecken-reiten.png","contentUrl":"https:\/\/uelzener.de\/magazin\/app\/uploads\/2025\/10\/um-ecken-reiten.png","width":1025,"height":450,"caption":"Reiterin \u00fcbt, wie man um eine Ecke reitet."},{"@type":"WebSite","@id":"https:\/\/uelzener.de\/magazin\/#website","url":"https:\/\/uelzener.de\/magazin\/","name":"Uelzener Tiermagazin","description":"Online Tierratgeber der Uelzener Versicherungen","publisher":{"@id":"https:\/\/uelzener.de\/magazin\/#organization"},"potentialAction":[{"@type":"SearchAction","target":{"@type":"EntryPoint","urlTemplate":"https:\/\/uelzener.de\/magazin\/?s={search_term_string}"},"query-input":{"@type":"PropertyValueSpecification","valueRequired":true,"valueName":"search_term_string"}}],"inLanguage":"de"},{"@type":"Organization","@id":"https:\/\/uelzener.de\/magazin\/#organization","name":"Uelzener Versicherungen","url":"https:\/\/uelzener.de\/magazin\/","logo":{"@type":"ImageObject","inLanguage":"de","@id":"https:\/\/uelzener.de\/magazin\/#\/schema\/logo\/image\/","url":"https:\/\/uelzener.de\/magazin\/app\/uploads\/2024\/11\/uelzener_allgemeine_versicherungsgesellschaft_a_g_logo.jpg","contentUrl":"https:\/\/uelzener.de\/magazin\/app\/uploads\/2024\/11\/uelzener_allgemeine_versicherungsgesellschaft_a_g_logo.jpg","width":200,"height":200,"caption":"Uelzener Versicherungen"},"image":{"@id":"https:\/\/uelzener.de\/magazin\/#\/schema\/logo\/image\/"},"sameAs":["https:\/\/www.facebook.com\/Uelzener","https:\/\/instagram.com\/uelzener","https:\/\/www.xing.com\/pages\/uelzenerallgemeineversicherungs-gesellschafta-g","https:\/\/www.youtube.com\/UelzenerVersicherungen"]}]}},"_links":{"self":[{"href":"https:\/\/uelzener.de\/magazin\/wp-json\/wp\/v2\/pages\/19328","targetHints":{"allow":["GET"]}}],"collection":[{"href":"https:\/\/uelzener.de\/magazin\/wp-json\/wp\/v2\/pages"}],"about":[{"href":"https:\/\/uelzener.de\/magazin\/wp-json\/wp\/v2\/types\/page"}],"author":[{"embeddable":true,"href":"https:\/\/uelzener.de\/magazin\/wp-json\/wp\/v2\/users\/11"}],"replies":[{"embeddable":true,"href":"https:\/\/uelzener.de\/magazin\/wp-json\/wp\/v2\/comments?post=19328"}],"version-history":[{"count":3,"href":"https:\/\/uelzener.de\/magazin\/wp-json\/wp\/v2\/pages\/19328\/revisions"}],"predecessor-version":[{"id":19335,"href":"https:\/\/uelzener.de\/magazin\/wp-json\/wp\/v2\/pages\/19328\/revisions\/19335"}],"up":[{"embeddable":true,"href":"https:\/\/uelzener.de\/magazin\/wp-json\/wp\/v2\/pages\/11689"}],"wp:featuredmedia":[{"embeddable":true,"href":"https:\/\/uelzener.de\/magazin\/wp-json\/wp\/v2\/media\/19329"}],"wp:attachment":[{"href":"https:\/\/uelzener.de\/magazin\/wp-json\/wp\/v2\/media?parent=19328"}],"curies":[{"name":"wp","href":"https:\/\/api.w.org\/{rel}","templated":true}]}}