{"id":19261,"date":"2025-09-23T10:20:19","date_gmt":"2025-09-23T08:20:19","guid":{"rendered":"https:\/\/uelzener.de\/magazin\/?page_id=19261"},"modified":"2025-11-06T11:06:03","modified_gmt":"2025-11-06T10:06:03","slug":"warum-frisst-mein-hund-kot","status":"publish","type":"page","link":"https:\/\/uelzener.de\/magazin\/hund\/haeufige-fragen\/warum-frisst-mein-hund-kot\/","title":{"rendered":"Warum frisst mein Hund Kot?"},"content":{"rendered":"<p><span style=\"font-weight: 400;\">Wenn der Hund Kot frisst, l\u00f6st das bei den meisten Halterinnen und Haltern zun\u00e4chst einmal Irritation aus. Auf uns Menschen wirkt das Verhalten befremdlich oder sogar absto\u00dfend. Doch f\u00fcr Hunde ist Koprophagie, wie das Kotfressen fachsprachlich genannt wird, gar nicht so ungew\u00f6hnlich. H\u00fcndinnen beispielsweise fressen in der Anfangszeit die Hinterlassenschaften ihres Wurfs, um das Lager sauber zu halten und Duftspuren zu beseitigen, damit keine Raubtiere angelockt werden. Welpen wiederum erkunden die Welt mit Feuereifer und probieren dabei auch Dinge, die wir eher nicht auf ihren Futterplan setzen w\u00fcrden. Trotzdem ist das Kotfressen nicht unbedingt etwas Allt\u00e4gliches und es k\u00f6nnen durchaus auch ernstere Gr\u00fcnde wie Stress oder gesundheitliche Probleme dahinterstecken. Aus diesem Grund ist es wichtig, genauer hinzuschauen und herauszufinden, ob es sich um ein harmloses Verhalten oder ein Warnsignal handelt. In diesem Ratgeber verraten wir dir alles, was du zum Thema Kotfressen beim Hund wissen musst.<\/span><\/p>\n<h2>M\u00f6gliche Ursachen f\u00fcr das Kotfressen beim Hund<\/h2>\n<p><span style=\"font-weight: 400;\">Dass sich Hunde f\u00fcr die Hinterlassenschaften von Artgenossen interessieren, d\u00fcrfte den meisten Haltern und Halterinnen bekannt sein. Das hat damit zu tun, dass unsere Vierbeiner \u00fcber die Analdr\u00fcsen Duftstoffe absondern, die mit dem Kot in die Umwelt gelangen und quasi der Kommunikation dienen. Sie geben Aufschluss \u00fcber Alter, Geschlecht, Gesundheitszustand und Hormonstatus des jeweiligen Tieres. Das hei\u00dft: Hunde k\u00f6nnen sich \u00fcber den Kot ihrer Artgenossen quasi alle relevanten Informationen erschn\u00fcffeln.<\/span><\/p>\n<p><span style=\"font-weight: 400;\">Beim Schn\u00fcffeln bleibt es jedoch nicht immer. Es gibt Situationen, in denen Hunde den Kot von Artgenossen oder anderen Tieren fressen. Auch das ist nicht zwingend etwas Ungew\u00f6hnliches. Wird es allerdings zur Regel, kann es problematisch werden. Zum einen ist der Hund dann einem h\u00f6heren Risiko ausgesetzt, sich mit Parasiten und Krankheitserregern zu infizieren oder toxische Substanzen in Form von Medikamentenr\u00fcckst\u00e4nden aufzunehmen, zum anderen steigt die Wahrscheinlichkeit, dass eine ernste Ursache dahintersteckt. Wir geben einen \u00dcberblick \u00fcber m\u00f6gliche Gr\u00fcnde, warum Hunde Kot fressen.<\/span><\/p>\n<h3>Psychische und verhaltensbezogene Ursachen<\/h3>\n<ul>\n<li style=\"font-weight: 400;\" aria-level=\"1\"><b>Stress und \u00dcberforderung<\/b><span style=\"font-weight: 400;\">: Ist ein Hund unsicher in Bezug auf seine Position im Rudel oder in der Familie, permanentem Stress ausgesetzt oder \u00fcberfordert, kann das Kotfressen Ausdruck dessen sein.\u00a0<\/span><\/li>\n<li style=\"font-weight: 400;\" aria-level=\"1\"><b>Langeweile<\/b><span style=\"font-weight: 400;\">: Manche Hunde fressen Kot, wenn sie unterfordert sind und sich langweilen. Dazu kann es kommen, wenn sie viel alleine sind oder zu wenig k\u00f6rperliche und geistige Besch\u00e4ftigung haben.\u00a0<\/span><\/li>\n<li style=\"font-weight: 400;\" aria-level=\"1\"><b>Aufmerksamkeitsstrategie<\/b><span style=\"font-weight: 400;\">: Manche Tiere nutzen das Kotfressen als Strategie, um Aufmerksamkeit von ihrem Menschen zu bekommen \u2013 und der Plan geht auf, denn die wenigsten Halter und Halterinnen reagieren darauf mit Gleichg\u00fcltigkeit.<\/span><\/li>\n<li style=\"font-weight: 400;\" aria-level=\"1\"><b>Territorialverhalten<\/b><span style=\"font-weight: 400;\">: Das Kotfressen kann auch Ausdruck eines \u00fcbersteigerten Revierverhaltens sein. Der Hund versucht auf diese Weise, s\u00e4mtliche Duftnoten potenzieller Rivalen zu eliminieren.<\/span><\/li>\n<li style=\"font-weight: 400;\" aria-level=\"1\"><b>Erlerntes Verhalten<\/b><span style=\"font-weight: 400;\">: Manche Tiere schauen sich das Kotfressen von Artgenossen ab und eignen es sich an. Das kann beispielsweise bei Welpen der Fall sein, wenn sie ihre Mutter dabei beobachten, wie sie das Wurflager sauber h\u00e4lt.<\/span><\/li>\n<li style=\"font-weight: 400;\" aria-level=\"1\"><b>Verhaltensst\u00f6rung<\/b><span style=\"font-weight: 400;\">: Traumatisierte oder verwahrloste Hunde, die nicht artgerecht gehalten werden, fressen mitunter ebenfalls Kot. Das ist beispielsweise bei Zwingerhaltung zu beobachten, wenn viele Tiere eng zusammenleben. Das Kotfressen kann dann auch eine Ma\u00dfnahme sein, f\u00fcr mehr Hygiene zu sorgen.<\/span><\/li>\n<\/ul>\n<h3>K\u00f6rperliche und medizinische Ursachen<\/h3>\n<ul>\n<li style=\"font-weight: 400;\" aria-level=\"1\"><b>N\u00e4hrstoffmangel<\/b><span style=\"font-weight: 400;\">: Fehlt es dem Hund an N\u00e4hrstoffen, beispielsweise aufgrund von minderwertigem, schlecht verdaulichem oder unvertr\u00e4glichem Futter, kann es sein, dass er den Mangel \u00fcber das Fressen von Kot auszugleichen versucht.<\/span><\/li>\n<li style=\"font-weight: 400;\" aria-level=\"1\"><b>Energiedefizit<\/b><span style=\"font-weight: 400;\">: Manche Hunde fressen Kot, weil sie gemessen an ihrem Verbrauch zu wenig Energie \u00fcber das Futter erhalten. Das kann passieren, wenn k\u00f6rperlich stark beanspruchte Tiere wie Schlittenhunde oder Hunde im Leistungssport zu wenig oder nicht vollwertig gef\u00fcttert werden.<\/span><\/li>\n<li style=\"font-weight: 400;\" aria-level=\"1\"><b>Parasitenbefall<\/b><span style=\"font-weight: 400;\">: Parasiten wie W\u00fcrmer oder Giardien beeintr\u00e4chtigen die N\u00e4hrstoffaufnahme im Darm. In der Folge entsteht eine Unterversorgung, der der Hund durch Kotfressen entgegenzusteuern versucht.\u00a0<\/span><\/li>\n<li style=\"font-weight: 400;\" aria-level=\"1\"><b>Erkrankungen<\/b><span style=\"font-weight: 400;\">: Auch Erkrankungen wie eine Unterfunktion der Bauchspeicheldr\u00fcse k\u00f6nnen Ursache f\u00fcr das Kotfressen sein. Hier fehlen dem Hund wichtige Enzyme zur Nahrungsverwertung, was ebenfalls in einer Unterversorgung resultiert.<\/span><\/li>\n<\/ul>\n<p><span style=\"font-weight: 400;\">Wichtig zu wissen ist, dass das Kotfressen nicht nur Gesundheitsrisiken f\u00fcr den Hund, sondern auch f\u00fcr den Menschen birgt. Leckt das Tier eine Person im Haushalt \u00fcber Gesicht oder H\u00e4nde, k\u00f6nnen Keime oder Parasiten \u00fcber den Speichel \u00fcbertragen werden. Auch aus diesem Grund sollte das Kotfressen unterbunden werden.<\/span><\/p>\n<h2>Mein Hund frisst Kot \u2013 was nun?<\/h2>\n<p><span style=\"font-weight: 400;\">Frisst dein Hund Kot und handelt es sich dabei nicht um Ausnahmef\u00e4lle, sondern um ein relativ h\u00e4ufig auftretendes Verhalten, muss Ursachenforschung betrieben werden. Das gelingt mit folgenden 5 Ma\u00dfnahmen:<\/span><\/p>\n<ol>\n<li style=\"font-weight: 400;\" aria-level=\"1\"><b>Tier\u00e4rztliche Abkl\u00e4rung: <\/b><span style=\"font-weight: 400;\">Um herauszufinden, ob dem Kotfressen eine medizinische Ursache zugrunde liegt, solltest du deinen Hund tier\u00e4rztlich untersuchen lassen. Der Tierarzt oder die Tier\u00e4rztin kann Mangelerscheinungen erkennen und herausfinden, ob beispielsweise ein Parasitenbefall, eine Erkrankung des Magen-Darm-Trakts oder eine Stoffwechselst\u00f6rung vorliegt. Mit einer geeigneten Therapie kann dem Hund geholfen werden. Eine <\/span><span style=\"font-weight: 400;\">Hundekrankenversicherung<\/span><span style=\"font-weight: 400;\"> erstattet die Kosten f\u00fcr die Behandlung und bietet somit finanziellen Schutz.<\/span><\/li>\n<li style=\"font-weight: 400;\" aria-level=\"1\"><b>F\u00fctterung \u00fcberpr\u00fcfen: <\/b><span style=\"font-weight: 400;\">Eine ausgewogene Ern\u00e4hrung ist das A und O. Pr\u00fcfe deswegen unbedingt die Inhaltsstoffe des Hundefutters, das du verabreichst. Dein Tierarzt oder deine Tier\u00e4rztin kann dich hierbei unterst\u00fctzen. Stellt sich heraus, dass das Futter schlecht verdaulich oder minderwertig ist, solltest du auf ein qualitativ hochwertiges, vertr\u00e4glicheres Futter umsteigen. In manchen F\u00e4llen kann auch eine Nahrungserg\u00e4nzung sinnvoll sein \u2013 aber nur nach tier\u00e4rztlicher R\u00fccksprache.<\/span><\/li>\n<li style=\"font-weight: 400;\" aria-level=\"1\"><b>Training und Management: <\/b><span style=\"font-weight: 400;\">Hat sich das Kotfressen als Verhalten manifestiert, kann ein konsequentes Training dabei helfen, es zu unterbinden. Wichtig dabei ist die Etablierung eines Abbruchsignals wie \u201eNein!\u201c oder \u201ePfui!\u201c und das gezielte Belohnen, wenn der Hund dem Signal folgt oder entspannt an den Hinterlassenschaften eines Tieres vorbeigeht. Am Anfang kann es sinnvoll sein, den Hund an die Leine zu nehmen, um seinen Radius zu begrenzen, oder ihm einen Maulkorb anzulegen.<\/span><\/li>\n<li style=\"font-weight: 400;\" aria-level=\"1\"><b>Mehr Besch\u00e4ftigung und Auslastung: <\/b><span style=\"font-weight: 400;\">Ist Langeweile oder fehlende geistige und k\u00f6rperliche Besch\u00e4ftigung der Grund f\u00fcrs Kotfressen, l\u00e4sst sich gegensteuern, indem man den Alltag des Hundes abwechslungsreicher gestaltet \u2013 sei es durch Spiele, Trainingseinheiten oder mehr Interaktion bei Spazierg\u00e4ngen. Der Hund ist dann ausgelasteter und hat weniger das Bed\u00fcrfnis, Kot zu fressen.<\/span><\/li>\n<li style=\"font-weight: 400;\" aria-level=\"1\"><b>Aufmerksamkeit richtig lenken: <\/b><span style=\"font-weight: 400;\">Viele Hunde fressen Kot, weil sie dadurch eine sofortige Reaktion von Frauchen oder Herrchen bekommen. Versuche in dem Fall, ruhig und konsequent zu bleiben: Lobe deinen Hund, wenn er sich dir zuwendet, statt sich f\u00fcr Hundehaufen zu interessieren. Wichtig ist, dass du seine Aufmerksamkeit vom Kotfressen weg und hin zu dir lenkst, denn letztlich bist du es ja, den dein Hund mit dem Verhalten zu erreichen versucht.\u00a0<\/span><\/li>\n<\/ol>\n\n<div class=\"banner\">\n    <a href=\"https:\/\/uelzener.de\/hund\/hunde-krankenversicherung\/?agt=0000104925&sem=true&utm_medium=magazin&utm_source=wordpress&utm_campaign=hund_kv&utm_content=banner\">\n        <img decoding=\"async\" width=\"300\" height=\"212\" src=\"https:\/\/uelzener.de\/magazin\/app\/uploads\/2025\/01\/Hunde-Kranken-Versicherung.jpg\" class=\"attachment-medium size-medium\" alt=\"Banner Hunde-Kranken-Versicherung\" \/>    <\/a>\n<\/div>\n\n<p><span style=\"font-weight: 400;\">Sind k\u00f6rperliche Ursachen ausgeschlossen und sollte es trotz aller Bem\u00fchungen nicht gelingen, den Hund vom Kotfressen abzubringen, kann es sinnvoll sein, ein professionelles Hundetraining oder eine Verhaltenstherapie in Anspruch zu nehmen. So lernst du Strategien, mit denen du deinem Hund eine klare Orientierung geben und sein Verhalten langfristig \u00e4ndern kannst.\u00a0<\/span><\/p>\n\n<div class=\"related_articles boxed\">\n    <h2>Mehr zum Thema<\/h2>\n    \n    <div class=\"wrapper\"><div class=\"title align-center\"><h3><a href=\"https:\/\/uelzener.de\/magazin\/hund\/tiergesundheit\/bindehautentzuendung-beim-hund\/\">Bindehautentz\u00fcndung beim Hund erkennen und behandeln<\/a><\/h3><\/div><div class=\"img align-center\"><img decoding=\"async\" width=\"315\" height=\"180\" src=\"https:\/\/uelzener.de\/magazin\/app\/uploads\/2023\/01\/bindehautentzuendung-hund-315x180.jpg\" class=\"attachment-315x180 size-315x180 wp-post-image\" alt=\"Hund mit Bindehautentz\u00fcndung wird von einer Tier\u00e4rztin untersucht.\" \/><\/div><\/div><div class=\"wrapper\"><div class=\"title align-center\"><h3><a href=\"https:\/\/uelzener.de\/magazin\/hund\/tiergesundheit\/giardien-beim-hund\/\">Giardien beim Hund erkennen und behandeln<\/a><\/h3><\/div><div class=\"img align-center\"><img decoding=\"async\" width=\"315\" height=\"180\" src=\"https:\/\/uelzener.de\/magazin\/app\/uploads\/2023\/07\/giardien-beim-hund-315x180.jpg\" class=\"attachment-315x180 size-315x180 wp-post-image\" alt=\"Hunde k\u00f6nnen mit Giardien infiziert werden, wenn sie aus Pf\u00fctzen trinken.\" \/><\/div><\/div><div class=\"wrapper\"><div class=\"title align-center\"><h3><a href=\"https:\/\/uelzener.de\/magazin\/hund\/tiergesundheit\/analdruesenentzuendung-beim-hund\/\">Analdr\u00fcsenentz\u00fcndung beim Hund: Von ersten Anzeichen bis zur Behandlung<\/a><\/h3><\/div><div class=\"img align-center\"><img decoding=\"async\" width=\"315\" height=\"138\" src=\"https:\/\/uelzener.de\/magazin\/app\/uploads\/2025\/11\/hund-analdruesenentzuendung.png\" class=\"attachment-315x180 size-315x180 wp-post-image\" alt=\"Hund zieht Hintern \u00fcber den Boden.\" \/><\/div><\/div><\/div>\n\n<h2>Fazit<\/h2>\n<p><span style=\"font-weight: 400;\">Frisst der Hund Kot, ist das f\u00fcr uns Menschen oft unangenehm und befremdlich. Es besteht aber kein Grund zur Panik, denn in vielen F\u00e4llen handelt es sich um ein Verhalten mit erkl\u00e4rbarer Ursache. Eine tier\u00e4rztliche Untersuchung kann dabei helfen, gesundheitlichen Problemen auf die Schliche zu kommen. Auch das Futtermanagement und die Zusammensetzung und Qualit\u00e4t der Hundenahrung gilt es kritisch zu pr\u00fcfen. Dar\u00fcber hinaus m\u00fcssen die Lebensumst\u00e4nde des Tieres und m\u00f6gliche Stressfaktoren in den Blick genommen werden. All das sind wichtige Schritte, um zu verstehen, warum der Hund Kot frisst, und entsprechend gegensteuern zu k\u00f6nnen. Mit Geduld, Konsequenz und gegebenenfalls professioneller Unterst\u00fctzung l\u00e4sst sich das Verhalten in den meisten F\u00e4llen in den Griff bekommen \u2013 und Spazierg\u00e4nge werden f\u00fcr Mensch und Hund wieder entspannter.<\/span><\/p>\n<h2>FAQ: H\u00e4ufig gestellte Fragen zum Thema Kotfressen beim Hund<\/h2>\n<h3>Soll ich meinen Hund bestrafen, wenn er Kot frisst?<\/h3>\n<p><span style=\"font-weight: 400;\">Nein, Bestrafung verschlimmert das Problem oft. Besser ist es, den Hund positiv zu lenken, ein Abbruchsignal aufzubauen und das gew\u00fcnschte Verhalten zu belohnen.<\/span><\/p>\n<h3>Mein Hund frisst vor allem Pferde- oder Katzenkot \u2013 warum?<\/h3>\n<p><span style=\"font-weight: 400;\">Kot von Pferden und Katzen enth\u00e4lt oft Futterreste, die f\u00fcr Hunde besonders verlockend riechen. Deswegen f\u00fchlen sich viele davon angezogen.<\/span><\/p>\n<h3>Hilft es, den Kot im Garten sofort zu entfernen?<\/h3>\n<p><span style=\"font-weight: 400;\">Definitiv. Je weniger Gelegenheit dein Hund hat, Kot zu fressen, desto leichter l\u00e4sst sich das Verhalten kontrollieren.<\/span><\/p>\n","protected":false},"excerpt":{"rendered":"<p>Wenn der Hund Kot frisst, l\u00f6st das bei den meisten Halterinnen und Haltern zun\u00e4chst einmal Irritation aus. Auf uns Menschen wirkt das Verhalten befremdlich oder sogar absto\u00dfend. Doch f\u00fcr Hunde ist Koprophagie, wie das Kotfressen fachsprachlich genannt wird, gar nicht so ungew\u00f6hnlich. H\u00fcndinnen beispielsweise fressen in der Anfangszeit die Hinterlassenschaften ihres Wurfs, um das Lager [&hellip;]<\/p>\n","protected":false},"author":11,"featured_media":19262,"parent":11687,"menu_order":8,"comment_status":"closed","ping_status":"closed","template":"templates\/blog.php","meta":{"_acf_changed":false,"_crdt_document":"","footnotes":"","beyondwords_generate_audio":"","beyondwords_project_id":"","beyondwords_content_id":"","beyondwords_preview_token":"","beyondwords_player_style":"","beyondwords_language_id":"","beyondwords_title_voice_id":"","beyondwords_body_voice_id":"","beyondwords_summary_voice_id":"","beyondwords_error_message":"","beyondwords_disabled":"","beyondwords_delete_content":"","beyondwords_podcast_id":"","beyondwords_hash":"","publish_post_to_speechkit":"","speechkit_hash":"","speechkit_generate_audio":"","speechkit_project_id":"","speechkit_podcast_id":"","speechkit_error_message":"","speechkit_disabled":"","speechkit_access_key":"","speechkit_error":"","speechkit_info":"","speechkit_response":"","speechkit_retries":"","speechkit_status":"","speechkit_updated_at":"","_speechkit_link":"","_speechkit_text":""},"class_list":["post-19261","page","type-page","status-publish","has-post-thumbnail","hentry"],"acf":[],"yoast_head":"<!-- This site is optimized with the Yoast SEO Premium plugin  - https:\/\/yoast.com\/product\/yoast-seo-premium-wordpress\/ -->\n<title>Warum frisst mein Hund Kot? | Uelzener Magazin<\/title>\n<meta name=\"description\" content=\"Koprophagie bei Hunden: Erfahre, warum es f\u00fcr viele Hunde normal ist und welche gesundheitlichen Probleme dahinterstecken k\u00f6nnen.\" \/>\n<meta name=\"robots\" content=\"index, follow, max-snippet:-1, max-image-preview:large, max-video-preview:-1\" \/>\n<link rel=\"canonical\" href=\"https:\/\/uelzener.de\/magazin\/hund\/haeufige-fragen\/warum-frisst-mein-hund-kot\/\" \/>\n<meta property=\"og:locale\" content=\"de_DE\" \/>\n<meta property=\"og:type\" content=\"article\" \/>\n<meta property=\"og:title\" content=\"Warum frisst mein Hund Kot?\" \/>\n<meta property=\"og:description\" content=\"Koprophagie bei Hunden: Erfahre, warum es f\u00fcr viele Hunde normal ist und welche gesundheitlichen Probleme dahinterstecken k\u00f6nnen.\" \/>\n<meta property=\"og:url\" content=\"https:\/\/uelzener.de\/magazin\/hund\/haeufige-fragen\/warum-frisst-mein-hund-kot\/\" \/>\n<meta property=\"og:site_name\" content=\"Uelzener Tier-Magazin\" \/>\n<meta property=\"article:publisher\" content=\"https:\/\/www.facebook.com\/Uelzener\" \/>\n<meta property=\"article:modified_time\" content=\"2025-11-06T10:06:03+00:00\" \/>\n<meta property=\"og:image\" content=\"https:\/\/uelzener.de\/magazin\/app\/uploads\/2025\/09\/hund-frisst-kot.png\" \/>\n\t<meta property=\"og:image:width\" content=\"1025\" \/>\n\t<meta property=\"og:image:height\" content=\"450\" \/>\n\t<meta property=\"og:image:type\" content=\"image\/png\" \/>\n<meta name=\"twitter:card\" content=\"summary_large_image\" \/>\n<meta name=\"twitter:label1\" content=\"Gesch\u00e4tzte Lesezeit\" \/>\n\t<meta name=\"twitter:data1\" content=\"8\u00a0Minuten\" \/>\n<script type=\"application\/ld+json\" class=\"yoast-schema-graph\">{\"@context\":\"https:\/\/schema.org\",\"@graph\":[{\"@type\":\"WebPage\",\"@id\":\"https:\/\/uelzener.de\/magazin\/hund\/haeufige-fragen\/warum-frisst-mein-hund-kot\/\",\"url\":\"https:\/\/uelzener.de\/magazin\/hund\/haeufige-fragen\/warum-frisst-mein-hund-kot\/\",\"name\":\"Warum frisst mein Hund Kot? | Uelzener Magazin\",\"isPartOf\":{\"@id\":\"https:\/\/uelzener.de\/magazin\/#website\"},\"primaryImageOfPage\":{\"@id\":\"https:\/\/uelzener.de\/magazin\/hund\/haeufige-fragen\/warum-frisst-mein-hund-kot\/#primaryimage\"},\"image\":{\"@id\":\"https:\/\/uelzener.de\/magazin\/hund\/haeufige-fragen\/warum-frisst-mein-hund-kot\/#primaryimage\"},\"thumbnailUrl\":\"https:\/\/uelzener.de\/magazin\/app\/uploads\/2025\/09\/hund-frisst-kot.png\",\"datePublished\":\"2025-09-23T08:20:19+00:00\",\"dateModified\":\"2025-11-06T10:06:03+00:00\",\"description\":\"Koprophagie bei Hunden: Erfahre, warum es f\u00fcr viele Hunde normal ist und welche gesundheitlichen Probleme dahinterstecken k\u00f6nnen.\",\"breadcrumb\":{\"@id\":\"https:\/\/uelzener.de\/magazin\/hund\/haeufige-fragen\/warum-frisst-mein-hund-kot\/#breadcrumb\"},\"inLanguage\":\"de\",\"potentialAction\":[{\"@type\":\"ReadAction\",\"target\":[\"https:\/\/uelzener.de\/magazin\/hund\/haeufige-fragen\/warum-frisst-mein-hund-kot\/\"]}]},{\"@type\":\"ImageObject\",\"inLanguage\":\"de\",\"@id\":\"https:\/\/uelzener.de\/magazin\/hund\/haeufige-fragen\/warum-frisst-mein-hund-kot\/#primaryimage\",\"url\":\"https:\/\/uelzener.de\/magazin\/app\/uploads\/2025\/09\/hund-frisst-kot.png\",\"contentUrl\":\"https:\/\/uelzener.de\/magazin\/app\/uploads\/2025\/09\/hund-frisst-kot.png\",\"width\":1025,\"height\":450,\"caption\":\"Hund frisst Kot.\"},{\"@type\":\"WebSite\",\"@id\":\"https:\/\/uelzener.de\/magazin\/#website\",\"url\":\"https:\/\/uelzener.de\/magazin\/\",\"name\":\"Uelzener Tiermagazin\",\"description\":\"Online Tierratgeber der Uelzener Versicherungen\",\"publisher\":{\"@id\":\"https:\/\/uelzener.de\/magazin\/#organization\"},\"potentialAction\":[{\"@type\":\"SearchAction\",\"target\":{\"@type\":\"EntryPoint\",\"urlTemplate\":\"https:\/\/uelzener.de\/magazin\/?s={search_term_string}\"},\"query-input\":{\"@type\":\"PropertyValueSpecification\",\"valueRequired\":true,\"valueName\":\"search_term_string\"}}],\"inLanguage\":\"de\"},{\"@type\":\"Organization\",\"@id\":\"https:\/\/uelzener.de\/magazin\/#organization\",\"name\":\"Uelzener Versicherungen\",\"url\":\"https:\/\/uelzener.de\/magazin\/\",\"logo\":{\"@type\":\"ImageObject\",\"inLanguage\":\"de\",\"@id\":\"https:\/\/uelzener.de\/magazin\/#\/schema\/logo\/image\/\",\"url\":\"https:\/\/uelzener.de\/magazin\/app\/uploads\/2024\/11\/uelzener_allgemeine_versicherungsgesellschaft_a_g_logo.jpg\",\"contentUrl\":\"https:\/\/uelzener.de\/magazin\/app\/uploads\/2024\/11\/uelzener_allgemeine_versicherungsgesellschaft_a_g_logo.jpg\",\"width\":200,\"height\":200,\"caption\":\"Uelzener Versicherungen\"},\"image\":{\"@id\":\"https:\/\/uelzener.de\/magazin\/#\/schema\/logo\/image\/\"},\"sameAs\":[\"https:\/\/www.facebook.com\/Uelzener\",\"https:\/\/instagram.com\/uelzener\",\"https:\/\/www.xing.com\/pages\/uelzenerallgemeineversicherungs-gesellschafta-g\",\"https:\/\/www.youtube.com\/UelzenerVersicherungen\"]}]}<\/script>\n<!-- \/ Yoast SEO Premium plugin. -->","yoast_head_json":{"title":"Warum frisst mein Hund Kot? | Uelzener Magazin","description":"Koprophagie bei Hunden: Erfahre, warum es f\u00fcr viele Hunde normal ist und welche gesundheitlichen Probleme dahinterstecken k\u00f6nnen.","robots":{"index":"index","follow":"follow","max-snippet":"max-snippet:-1","max-image-preview":"max-image-preview:large","max-video-preview":"max-video-preview:-1"},"canonical":"https:\/\/uelzener.de\/magazin\/hund\/haeufige-fragen\/warum-frisst-mein-hund-kot\/","og_locale":"de_DE","og_type":"article","og_title":"Warum frisst mein Hund Kot?","og_description":"Koprophagie bei Hunden: Erfahre, warum es f\u00fcr viele Hunde normal ist und welche gesundheitlichen Probleme dahinterstecken k\u00f6nnen.","og_url":"https:\/\/uelzener.de\/magazin\/hund\/haeufige-fragen\/warum-frisst-mein-hund-kot\/","og_site_name":"Uelzener Tier-Magazin","article_publisher":"https:\/\/www.facebook.com\/Uelzener","article_modified_time":"2025-11-06T10:06:03+00:00","og_image":[{"width":1025,"height":450,"url":"https:\/\/uelzener.de\/magazin\/app\/uploads\/2025\/09\/hund-frisst-kot.png","type":"image\/png"}],"twitter_card":"summary_large_image","twitter_misc":{"Gesch\u00e4tzte Lesezeit":"8\u00a0Minuten"},"schema":{"@context":"https:\/\/schema.org","@graph":[{"@type":"WebPage","@id":"https:\/\/uelzener.de\/magazin\/hund\/haeufige-fragen\/warum-frisst-mein-hund-kot\/","url":"https:\/\/uelzener.de\/magazin\/hund\/haeufige-fragen\/warum-frisst-mein-hund-kot\/","name":"Warum frisst mein Hund Kot? | Uelzener Magazin","isPartOf":{"@id":"https:\/\/uelzener.de\/magazin\/#website"},"primaryImageOfPage":{"@id":"https:\/\/uelzener.de\/magazin\/hund\/haeufige-fragen\/warum-frisst-mein-hund-kot\/#primaryimage"},"image":{"@id":"https:\/\/uelzener.de\/magazin\/hund\/haeufige-fragen\/warum-frisst-mein-hund-kot\/#primaryimage"},"thumbnailUrl":"https:\/\/uelzener.de\/magazin\/app\/uploads\/2025\/09\/hund-frisst-kot.png","datePublished":"2025-09-23T08:20:19+00:00","dateModified":"2025-11-06T10:06:03+00:00","description":"Koprophagie bei Hunden: Erfahre, warum es f\u00fcr viele Hunde normal ist und welche gesundheitlichen Probleme dahinterstecken k\u00f6nnen.","breadcrumb":{"@id":"https:\/\/uelzener.de\/magazin\/hund\/haeufige-fragen\/warum-frisst-mein-hund-kot\/#breadcrumb"},"inLanguage":"de","potentialAction":[{"@type":"ReadAction","target":["https:\/\/uelzener.de\/magazin\/hund\/haeufige-fragen\/warum-frisst-mein-hund-kot\/"]}]},{"@type":"ImageObject","inLanguage":"de","@id":"https:\/\/uelzener.de\/magazin\/hund\/haeufige-fragen\/warum-frisst-mein-hund-kot\/#primaryimage","url":"https:\/\/uelzener.de\/magazin\/app\/uploads\/2025\/09\/hund-frisst-kot.png","contentUrl":"https:\/\/uelzener.de\/magazin\/app\/uploads\/2025\/09\/hund-frisst-kot.png","width":1025,"height":450,"caption":"Hund frisst Kot."},{"@type":"WebSite","@id":"https:\/\/uelzener.de\/magazin\/#website","url":"https:\/\/uelzener.de\/magazin\/","name":"Uelzener Tiermagazin","description":"Online Tierratgeber der Uelzener Versicherungen","publisher":{"@id":"https:\/\/uelzener.de\/magazin\/#organization"},"potentialAction":[{"@type":"SearchAction","target":{"@type":"EntryPoint","urlTemplate":"https:\/\/uelzener.de\/magazin\/?s={search_term_string}"},"query-input":{"@type":"PropertyValueSpecification","valueRequired":true,"valueName":"search_term_string"}}],"inLanguage":"de"},{"@type":"Organization","@id":"https:\/\/uelzener.de\/magazin\/#organization","name":"Uelzener Versicherungen","url":"https:\/\/uelzener.de\/magazin\/","logo":{"@type":"ImageObject","inLanguage":"de","@id":"https:\/\/uelzener.de\/magazin\/#\/schema\/logo\/image\/","url":"https:\/\/uelzener.de\/magazin\/app\/uploads\/2024\/11\/uelzener_allgemeine_versicherungsgesellschaft_a_g_logo.jpg","contentUrl":"https:\/\/uelzener.de\/magazin\/app\/uploads\/2024\/11\/uelzener_allgemeine_versicherungsgesellschaft_a_g_logo.jpg","width":200,"height":200,"caption":"Uelzener Versicherungen"},"image":{"@id":"https:\/\/uelzener.de\/magazin\/#\/schema\/logo\/image\/"},"sameAs":["https:\/\/www.facebook.com\/Uelzener","https:\/\/instagram.com\/uelzener","https:\/\/www.xing.com\/pages\/uelzenerallgemeineversicherungs-gesellschafta-g","https:\/\/www.youtube.com\/UelzenerVersicherungen"]}]}},"_links":{"self":[{"href":"https:\/\/uelzener.de\/magazin\/wp-json\/wp\/v2\/pages\/19261","targetHints":{"allow":["GET"]}}],"collection":[{"href":"https:\/\/uelzener.de\/magazin\/wp-json\/wp\/v2\/pages"}],"about":[{"href":"https:\/\/uelzener.de\/magazin\/wp-json\/wp\/v2\/types\/page"}],"author":[{"embeddable":true,"href":"https:\/\/uelzener.de\/magazin\/wp-json\/wp\/v2\/users\/11"}],"replies":[{"embeddable":true,"href":"https:\/\/uelzener.de\/magazin\/wp-json\/wp\/v2\/comments?post=19261"}],"version-history":[{"count":3,"href":"https:\/\/uelzener.de\/magazin\/wp-json\/wp\/v2\/pages\/19261\/revisions"}],"predecessor-version":[{"id":19418,"href":"https:\/\/uelzener.de\/magazin\/wp-json\/wp\/v2\/pages\/19261\/revisions\/19418"}],"up":[{"embeddable":true,"href":"https:\/\/uelzener.de\/magazin\/wp-json\/wp\/v2\/pages\/11687"}],"wp:featuredmedia":[{"embeddable":true,"href":"https:\/\/uelzener.de\/magazin\/wp-json\/wp\/v2\/media\/19262"}],"wp:attachment":[{"href":"https:\/\/uelzener.de\/magazin\/wp-json\/wp\/v2\/media?parent=19261"}],"curies":[{"name":"wp","href":"https:\/\/api.w.org\/{rel}","templated":true}]}}