{"id":19183,"date":"2025-09-09T14:58:24","date_gmt":"2025-09-09T12:58:24","guid":{"rendered":"https:\/\/uelzener.de\/magazin\/?page_id=19183"},"modified":"2025-09-11T11:51:22","modified_gmt":"2025-09-11T09:51:22","slug":"milbenbefall-beim-pferd","status":"publish","type":"page","link":"https:\/\/uelzener.de\/magazin\/pferd\/tiergesundheit\/milbenbefall-beim-pferd\/","title":{"rendered":"Milbenbefall beim Pferd: Kleine Plagegeister, gro\u00dfe Auswirkung"},"content":{"rendered":"<p><span style=\"font-weight: 400;\">Milben k\u00f6nnen echte Plagegeister sein und das Wohlbefinden von Pferden erheblich beeintr\u00e4chtigen. Die winzigen Parasiten sind mit blo\u00dfem Auge kaum zu erkennen, ihre Auswirkungen sind in Form von Juckreiz, Schuppen oder kahlen Stellen im Fell jedoch umso deutlicher. Doch Milbe ist nicht gleich Milbe. W\u00e4hrend manche Arten starke gesundheitliche\u00a0 Probleme verursachen, machen andere Arten gar keine Schwierigkeiten. F\u00fcr Pferdehalter und -halterinnen ist es daher wichtig, die verschiedenen Milbenarten und ihre Symptomatiken zu kennen. In diesem Artikel erf\u00e4hrst du alles, was du zum Thema Milbenbefall beim Pferd wissen musst.<\/span><\/p>\n<h2>Milben im \u00dcberblick: Merkmale und Vorkommen<\/h2>\n<p><span style=\"font-weight: 400;\">Milben geh\u00f6ren mit ihren acht Beinen zu den Spinnentieren. Derzeit sind insgesamt ungef\u00e4hr 30.000 Arten bekannt, von denen etwa die H\u00e4lfte am Boden vorkommt. Andere Arten leben hingegen parasit\u00e4r und besiedeln Wirte. Die wohl bekannteste und gleichzeitig gr\u00f6\u00dfte Milbenart ist die Zecke. Abgesehen davon sind die allermeisten Milbenarten mit blo\u00dfem Auge nicht erkennbar.<\/span><\/p>\n<p><span style=\"font-weight: 400;\">Milben f\u00fchlen sich oftmals in feuchter und warmer Umgebung wohl. Der Fr\u00fchling und der Herbst gelten daher als typische Milbenzeit. Doch auch in den anderen Jahreszeiten sind unsere Vierbeiner nicht vor ihnen gefeit. Generell sind Pferde mit ausgepr\u00e4gten Fellwuchs an den Beinen und einer dichten M\u00e4hne \u00f6fter oder st\u00e4rker betroffen, da sie ein willkommenes Milieu f\u00fcr die Parasiten bereitstellen.<\/span><\/p>\n<h2>Welche Milbenarten plagen Pferde?<\/h2>\n<p><span style=\"font-weight: 400;\">Viele parasit\u00e4re Milbenarten sind wirtsspezifisch. Daher stellen nicht alle von ihnen eine potenzielle Gefahr f\u00fcr Pferde dar. Manche kommen daf\u00fcr besonders h\u00e4ufig in der Umgebung oder auf der Haut unserer Vierbeiner vor.\u00a0<\/span><\/p>\n<h3>Chorioptesmilben (Nagemilben)<\/h3>\n<p><span style=\"font-weight: 400;\">Zu den h\u00e4ufigsten Milbenarten, die Pferde befallen, z\u00e4hlen die Chorioptesmilben (Chorioptes equi). Sie leben auf der Hautoberfl\u00e4che und ern\u00e4hren sich von Hautschuppen und -sekreten.\u00a0<\/span><\/p>\n<p><span style=\"font-weight: 400;\">Der Befall f\u00fchrt meist zu <\/span><i><span style=\"font-weight: 400;\">Fu\u00dfr\u00e4ude<\/span><\/i><span style=\"font-weight: 400;\">. Diese entsteht in der Fesselbeuge des Pferdes und breitet sich \u00fcber das Rohrbein in Richtung Rumpf aus. Die Fu\u00dfr\u00e4ude ist erkennbar durch ger\u00f6tete, mit grauen Schuppen bedeckte Bereiche, die sich zu Anfang typischerweise wie Noppen anf\u00fchlen. Besonders Pferde mit langem Fesselbehang, wie Friesen, <a href=\"https:\/\/uelzener.de\/magazin\/pferd\/rasseportrait\/tinker\/\" target=\"_blank\" rel=\"noopener\">Tinker<\/a> oder Kaltbl\u00fcter, sind f\u00fcr diese Milbenart anf\u00e4llig.\u00a0<\/span><\/p>\n<h3>Sarcoptesmilben (Grabmilben)<\/h3>\n<p><span style=\"font-weight: 400;\">Die Sarcoptesmilben bohren G\u00e4nge in die oberen Hautschichten des Pferdes, in denen sie dann ihre Eier ablegen. Diese G\u00e4nge k\u00f6nnen bis zu 1 cm tief sein.\u00a0<\/span><\/p>\n<p><span style=\"font-weight: 400;\">Der Befall mit Sarcoptesmilben verursacht h\u00e4ufig <\/span><i><span style=\"font-weight: 400;\">Kopfr\u00e4ude<\/span><\/i><span style=\"font-weight: 400;\">. Diese breitet sich vom Kopf zum Hals und schlie\u00dflich \u00fcber den gesamten K\u00f6rper aus. Charakteristisch sind ein gro\u00dffl\u00e4chiger Haarausfall sowie die Bildung von Kn\u00f6tchen und Bl\u00e4schen mit starkem Juckreiz. In schweren F\u00e4llen l\u00e4sst sich eine rapide Gewichtsabnahme des Tieres verzeichnen.\u00a0<\/span><\/p>\n<h3>Psoroptesmilben (Saugmilben)<\/h3>\n<p><span style=\"font-weight: 400;\">Die Saugmilbe f\u00fchlt sich besonders an dicht behaarten K\u00f6rperregionen wohl, etwa dem M\u00e4hnenansatz oder der Schweifr\u00fcbe. Sie verbreitet sich von dort aus \u00fcber den Rumpf und l\u00f6st die <\/span><i><span style=\"font-weight: 400;\">K\u00f6rperr\u00e4ude <\/span><\/i><span style=\"font-weight: 400;\">aus. Typische Begleiterscheinungen sind lokaler Haarausfall, Juckreiz, Borkenbildung und Hautverdickungen sowie trockene und spr\u00f6de Haut.\u00a0<\/span><\/p>\n<p><span style=\"font-weight: 400;\">Zu den Saugmilben geh\u00f6rt auch eine spezielle Unterart, die vorrangig im Geh\u00f6rgang des Pferdes zu finden ist und dort die <\/span><i><span style=\"font-weight: 400;\">Ohrr\u00e4ude <\/span><\/i><span style=\"font-weight: 400;\">verursacht. Starkes Kopfsch\u00fctteln, Schiefhalten des Kopfes und das Aufscheuern der Ohren an Gegenst\u00e4nden sind klare Anzeichen f\u00fcr einen Befall.<\/span><\/p>\n<h3>Herbstgrasmilben<\/h3>\n<p><a href=\"https:\/\/uelzener.de\/magazin\/pferd\/tiergesundheit\/herbstgrasmilben-beim-pferd-befall-erkennen-und-behandeln\/\"><span style=\"font-weight: 400;\">Herbstgrasmilben<\/span><\/a><span style=\"font-weight: 400;\"> sind haupts\u00e4chlich im Sp\u00e4tsommer und Herbst aktiv. Man findet sie meist auf Wiesen sowie in der N\u00e4he von Waldr\u00e4ndern und Gew\u00e4ssern. Im Larvenstadium befallen sie ihren Wirt, ritzen die obersten Hautschichten ein und ern\u00e4hren sich mithilfe eines Nahrungsrohrs von Gewebsfl\u00fcssigkeit und Lymphe. Haben sie sich vollgesogen, fallen sie wieder zu Boden und entwickeln sich von dort aus weiter.<\/span><\/p>\n<p><span style=\"font-weight: 400;\">Befallen sind h\u00e4ufig die Fesseln, der Bauch und der Kopfbereich des Pferdes. Da Reaktionen wie Juckreiz, Hautirritationen, Krustenbildung, offene Wunden oder Pusteln meist zeitversetzt auftreten, sind die Herbstgrasmilben und deren Bisse bei aufkommender Symptomatik h\u00e4ufig schon nicht mehr zu erkennen.<\/span><\/p>\n<h2>Milbenbefall beim Pferd erkennen<\/h2>\n<p><span style=\"font-weight: 400;\">Milbenbefall bei Pferden kann arten\u00fcbergreifend zu starkem Juckreiz, Haarausfall und Hautirritationen f\u00fchren. Betroffene Pferde kratzen, scheuern und benagen sich vermehrt. Zudem zeigen sie oftmals ein unruhiges Verhalten und scharren beispielsweise mit den Hufen. Spezifische Symptome und die Lokalisation k\u00f6nnen erste Hinweise darauf liefern, um welche Milbenart es sich handelt.<\/span><\/p>\n<h2>Gefahren und Folgen von Milbenbefall<\/h2>\n<p><span style=\"font-weight: 400;\">Bleibt ein Milbenbefall unbehandelt, k\u00f6nnen sich weitere gesundheitliche Probleme entwickeln. So entstehen durch das Kratzen und Scheuern schnell Wunden, was das Risiko von Sekund\u00e4rinfektionen mit sich bringt. Ein anhaltender Milbenbefall kann zu einer dauerhaften Hautempfindlichkeit oder zu allergischen Reaktionen f\u00fchren.<\/span><\/p>\n<p><span style=\"font-weight: 400;\">Die Milben selbst k\u00f6nnen Erreger \u00fcbertragen, die mitunter schwerwiegende Krankheiten wie Borreliose ausl\u00f6sen.<\/span><\/p>\n<h2>Milbenbefall beim Pferd behandeln<\/h2>\n<p><span style=\"font-weight: 400;\">F\u00fcr eine zuverl\u00e4ssige Diagnose und sichere Bestimmung der Milbenart muss das Pferd tier\u00e4rztlich untersucht werden. Hierf\u00fcr wird ein Hautgeschabsel unter dem Mikroskop analysiert. Wie die Behandlung genau aussieht, h\u00e4ngt stark von der Milbenart ab. In vielen F\u00e4llen werden zur Bek\u00e4mpfung von Milben Antiparasitika wie Ivermectin genutzt. Dazu k\u00f6nnen spezielle Shampoos und Waschl\u00f6sungen zum Einsatz kommen.<\/span><\/p>\n<p><span style=\"font-weight: 400;\">Um den Juckreiz zu lindern, empfehlen sich Hausmittel wie feuchte Umschl\u00e4ge. Auch Kokos\u00f6l in Kombination mit Teebaum- und Neem\u00f6l kann helfen. Zur F\u00f6rderung der Wundheilung k\u00f6nnen Salben und Kr\u00e4uter eingesetzt werden, die Entz\u00fcndungen hemmen und die Haut beruhigen k\u00f6nnen.<\/span><\/p>\n<p><span style=\"font-weight: 400;\">Auch wenn Hausmittel eine gute Erg\u00e4nzung darstellen, ist eine medikament\u00f6se Behandlung durch einen Tierarzt oder eine Tier\u00e4rztin bei einem Milbenbefall unerl\u00e4sslich. Eine <\/span><span style=\"font-weight: 400;\">Pferdekrankenversicherung<\/span><span style=\"font-weight: 400;\"> leistet in dem Zusammenhang gute Dienste, da sie die Kosten f\u00fcr diagnostische Verfahren, tiermedizinische Behandlungen und Vorsorgema\u00dfnahmen abdeckt.<\/span><\/p>\n\n<div class=\"banner\">\n    <a href=\"https:\/\/uelzener.de\/pferd\/herden-versicherung\/?agt=0000104925&sem=true&utm_medium=magazin&utm_source=wordpress&utm_campaign=pferd_kv&utm_content=banner    \">\n        <img decoding=\"async\" width=\"300\" height=\"212\" src=\"https:\/\/uelzener.de\/magazin\/app\/uploads\/2025\/01\/Pferde-Kranken-Versicherung.jpg\" class=\"attachment-medium size-medium\" alt=\"Banner Pferde-Kranken-Versicherung\" \/>    <\/a>\n<\/div>\n\n<h2><b>Befall und Ausbreitung von Milben vorbeugen<\/b><\/h2>\n<p><span style=\"font-weight: 400;\">Um einem Milbenbefall oder einer weiteren Ausbreitung vorzubeugen, ist es wichtig, nicht nur das Pferd regelm\u00e4\u00dfig zu reinigen und zu pflegen, sondern auch die Umgebung und das Equipment. Der Pferdestall sowie Putz- und Sattelzeug m\u00fcssen sorgf\u00e4ltig ges\u00e4ubert und desinfiziert werden \u2013 auch um eine \u00dcbertragung auf Stallgenossen zu verhindern.<\/span><\/p>\n<p><span style=\"font-weight: 400;\">Einem immunstarken Pferd k\u00f6nnen Milben tendenziell weniger anhaben. Um das Immunsystem des Pferdes zu st\u00e4rken, gilt es, f\u00fcr ein stressfreies Umfeld zu sorgen und auf gen\u00fcgend Bewegung zu achten, es jedoch auch nicht zu \u00fcberlasten. Eine hochwertige und art- und bedarfsgerechte F\u00fctterung ist ebenfalls sehr wichtig. Bei einem N\u00e4hrstoffmangel kann sich eine gezielte Supplementierung empfehlen. Diese sollte aber nur in Absprache mit einem Tierarzt oder einer Tier\u00e4rztin erfolgen.<\/span><\/p>\n\n<div class=\"related_articles boxed\">\n    <h2>Mehr zum Thema<\/h2>\n    \n    <div class=\"wrapper\"><div class=\"title align-center\"><h3><a href=\"https:\/\/uelzener.de\/magazin\/pferd\/tiergesundheit\/herbstgrasmilben-beim-pferd-befall-erkennen-und-behandeln\/\">Herbstgrasmilben beim Pferd: Befall erkennen und behandeln<\/a><\/h3><\/div><div class=\"img align-center\"><img decoding=\"async\" width=\"315\" height=\"180\" src=\"https:\/\/uelzener.de\/magazin\/app\/uploads\/2024\/09\/Herbstgrasmilben-Pferd-315x180.jpg\" class=\"attachment-315x180 size-315x180 wp-post-image\" alt=\"\" \/><\/div><\/div><div class=\"wrapper\"><div class=\"title align-center\"><h3><a href=\"https:\/\/uelzener.de\/magazin\/pferd\/haltung\/einstreu-stroh-pellets-pferd\/\">Einstreu f\u00fcr Pferde: So triffst du die richtige Wahl!<\/a><\/h3><\/div><div class=\"img align-center\"><img decoding=\"async\" width=\"315\" height=\"180\" src=\"https:\/\/uelzener.de\/magazin\/app\/uploads\/2022\/12\/einstreu-pferd-315x180.jpg\" class=\"attachment-315x180 size-315x180 wp-post-image\" alt=\"Alter Holzstall mit Heu als Einstreu f\u00fcr Pferde.\" \/><\/div><\/div><div class=\"wrapper\"><div class=\"title align-center\"><h3><a href=\"https:\/\/uelzener.de\/magazin\/pferd\/tiergesundheit\/parasiten-beim-pferd-das-solltest-du-wissen\/\">Parasiten beim Pferd: Das solltest du wissen!<\/a><\/h3><\/div><div class=\"img align-center\"><img decoding=\"async\" width=\"315\" height=\"180\" src=\"https:\/\/uelzener.de\/magazin\/app\/uploads\/2022\/06\/Parasiten-beim-Pferd-315x180.jpg\" class=\"attachment-315x180 size-315x180 wp-post-image\" alt=\"Pferd mit Parasiten Fliegen\" \/><\/div><\/div><\/div>\n\n<h2>Fazit<\/h2>\n<p><span style=\"font-weight: 400;\">Ein Milbenbefall ist f\u00fcr Pferde nicht nur unangenehm, sondern kann auch ernsthafte gesundheitliche Folgen haben, wenn er unbehandelt bleibt. Eine fr\u00fchzeitige Diagnose durch den Tierarzt oder die Tier\u00e4rztin kombiniert mit gezielten Behandlungsma\u00dfnahmen und konsequenter Hygiene sind entscheidend f\u00fcr eine schnelle Genesung. Pr\u00e4vention beginnt bei der richtigen Pflege, Haltung und F\u00fctterung. Wer sein Pferd beobachtet, hygienische Standards einh\u00e4lt und bei ersten Anzeichen rasch handelt, kann einem Milbenbefall effektiv vorbeugen oder ihn erfolgreich bek\u00e4mpfen.<\/span><\/p>\n<h2>FAQ: H\u00e4ufige Fragen rund um Milben beim Pferd<\/h2>\n<h3>K\u00f6nnen Milben vom Pferd auf den Menschen \u00fcbertragen werden?<\/h3>\n<p><span style=\"font-weight: 400;\">Milben k\u00f6nnen von Pferd auf Mensch und umgekehrt \u00fcbertragen werden. Jedoch ist das eher selten der Fall. Wenn es doch passiert, h\u00e4lt der Befall nicht lange an, da Milben im Regelfall einen spezifischen Wirt bevorzugen und sich im Hautmilieu anderer Lebewesen nicht wohlf\u00fchlen.<\/span><\/p>\n<h3>Wie lange \u00fcberleben Milben in der Umgebung?<\/h3>\n<p><span style=\"font-weight: 400;\">Parasit\u00e4re Milben k\u00f6nnen ohne Wirt mehrere Tage bis Wochen \u00fcberleben \u2013 im Falle der Choriptesmilben sind es bis zu zehn Wochen. Gerade deshalb sind eine umfassende Reinigung und Desinfektion der Umgebung des Pferdes von gro\u00dfer Bedeutung.\u00a0<\/span><\/p>\n<h3>Wie oft sollte man bei einem betroffenen Pferd das Equipment reinigen?<\/h3>\n<p><span style=\"font-weight: 400;\">Bei einem Milbenbefall sollten Sattelzeug, Putzzeug und Decken gr\u00fcndlich gereinigt und m\u00f6glichst desinfiziert werden \u2013 und zwar nach jeder Benutzung. Auch nach \u00fcberstandenem Befall empfiehlt sich eine regelm\u00e4\u00dfige Reinigung zur Vorbeugung.<\/span><\/p>\n","protected":false},"excerpt":{"rendered":"<p>Milben k\u00f6nnen echte Plagegeister sein und das Wohlbefinden von Pferden erheblich beeintr\u00e4chtigen. Die winzigen Parasiten sind mit blo\u00dfem Auge kaum zu erkennen, ihre Auswirkungen sind in Form von Juckreiz, Schuppen oder kahlen Stellen im Fell jedoch umso deutlicher. Doch Milbe ist nicht gleich Milbe. W\u00e4hrend manche Arten starke gesundheitliche\u00a0 Probleme verursachen, machen andere Arten gar [&hellip;]<\/p>\n","protected":false},"author":11,"featured_media":19188,"parent":11706,"menu_order":46,"comment_status":"closed","ping_status":"closed","template":"templates\/blog.php","meta":{"_acf_changed":false,"_crdt_document":"","footnotes":"","beyondwords_generate_audio":"","beyondwords_project_id":"","beyondwords_content_id":"","beyondwords_preview_token":"","beyondwords_player_style":"","beyondwords_language_id":"","beyondwords_title_voice_id":"","beyondwords_body_voice_id":"","beyondwords_summary_voice_id":"","beyondwords_error_message":"","beyondwords_disabled":"","beyondwords_delete_content":"","beyondwords_podcast_id":"","beyondwords_hash":"","publish_post_to_speechkit":"","speechkit_hash":"","speechkit_generate_audio":"","speechkit_project_id":"","speechkit_podcast_id":"","speechkit_error_message":"","speechkit_disabled":"","speechkit_access_key":"","speechkit_error":"","speechkit_info":"","speechkit_response":"","speechkit_retries":"","speechkit_status":"","speechkit_updated_at":"","_speechkit_link":"","_speechkit_text":""},"class_list":["post-19183","page","type-page","status-publish","has-post-thumbnail","hentry"],"acf":[],"yoast_head":"<!-- This site is optimized with the Yoast SEO Premium plugin  - https:\/\/yoast.com\/product\/yoast-seo-premium-wordpress\/ -->\n<title>Milbenbefall beim Pferd: Kleine Plagegeister, gro\u00dfe Auswirkung | Uelzener Magazin<\/title>\n<meta name=\"description\" content=\"Milben beim Pferd k\u00f6nnen Juckreiz, Schuppen und kahle Stellen verursachen. Informiere dich \u00fcber die Symptome und Arten.\" \/>\n<meta name=\"robots\" content=\"index, follow, max-snippet:-1, max-image-preview:large, max-video-preview:-1\" \/>\n<link rel=\"canonical\" href=\"https:\/\/uelzener.de\/magazin\/pferd\/tiergesundheit\/milbenbefall-beim-pferd\/\" \/>\n<meta property=\"og:locale\" content=\"de_DE\" \/>\n<meta property=\"og:type\" content=\"article\" \/>\n<meta property=\"og:title\" content=\"Milbenbefall beim Pferd: Kleine Plagegeister, gro\u00dfe Auswirkung\" \/>\n<meta property=\"og:description\" content=\"Milben beim Pferd k\u00f6nnen Juckreiz, Schuppen und kahle Stellen verursachen. Informiere dich \u00fcber die Symptome und Arten.\" \/>\n<meta property=\"og:url\" content=\"https:\/\/uelzener.de\/magazin\/pferd\/tiergesundheit\/milbenbefall-beim-pferd\/\" \/>\n<meta property=\"og:site_name\" content=\"Uelzener Tier-Magazin\" \/>\n<meta property=\"article:publisher\" content=\"https:\/\/www.facebook.com\/Uelzener\" \/>\n<meta property=\"article:modified_time\" content=\"2025-09-11T09:51:22+00:00\" \/>\n<meta property=\"og:image\" content=\"https:\/\/uelzener.de\/magazin\/app\/uploads\/2025\/09\/milben-pferd.png\" \/>\n\t<meta property=\"og:image:width\" content=\"1025\" \/>\n\t<meta property=\"og:image:height\" content=\"450\" \/>\n\t<meta property=\"og:image:type\" content=\"image\/png\" \/>\n<meta name=\"twitter:card\" content=\"summary_large_image\" \/>\n<meta name=\"twitter:label1\" content=\"Gesch\u00e4tzte Lesezeit\" \/>\n\t<meta name=\"twitter:data1\" content=\"7\u00a0Minuten\" \/>\n<script type=\"application\/ld+json\" class=\"yoast-schema-graph\">{\"@context\":\"https:\/\/schema.org\",\"@graph\":[{\"@type\":\"WebPage\",\"@id\":\"https:\/\/uelzener.de\/magazin\/pferd\/tiergesundheit\/milbenbefall-beim-pferd\/\",\"url\":\"https:\/\/uelzener.de\/magazin\/pferd\/tiergesundheit\/milbenbefall-beim-pferd\/\",\"name\":\"Milbenbefall beim Pferd: Kleine Plagegeister, gro\u00dfe Auswirkung | Uelzener Magazin\",\"isPartOf\":{\"@id\":\"https:\/\/uelzener.de\/magazin\/#website\"},\"primaryImageOfPage\":{\"@id\":\"https:\/\/uelzener.de\/magazin\/pferd\/tiergesundheit\/milbenbefall-beim-pferd\/#primaryimage\"},\"image\":{\"@id\":\"https:\/\/uelzener.de\/magazin\/pferd\/tiergesundheit\/milbenbefall-beim-pferd\/#primaryimage\"},\"thumbnailUrl\":\"https:\/\/uelzener.de\/magazin\/app\/uploads\/2025\/09\/milben-pferd.png\",\"datePublished\":\"2025-09-09T12:58:24+00:00\",\"dateModified\":\"2025-09-11T09:51:22+00:00\",\"description\":\"Milben beim Pferd k\u00f6nnen Juckreiz, Schuppen und kahle Stellen verursachen. Informiere dich \u00fcber die Symptome und Arten.\",\"breadcrumb\":{\"@id\":\"https:\/\/uelzener.de\/magazin\/pferd\/tiergesundheit\/milbenbefall-beim-pferd\/#breadcrumb\"},\"inLanguage\":\"de\",\"potentialAction\":[{\"@type\":\"ReadAction\",\"target\":[\"https:\/\/uelzener.de\/magazin\/pferd\/tiergesundheit\/milbenbefall-beim-pferd\/\"]}]},{\"@type\":\"ImageObject\",\"inLanguage\":\"de\",\"@id\":\"https:\/\/uelzener.de\/magazin\/pferd\/tiergesundheit\/milbenbefall-beim-pferd\/#primaryimage\",\"url\":\"https:\/\/uelzener.de\/magazin\/app\/uploads\/2025\/09\/milben-pferd.png\",\"contentUrl\":\"https:\/\/uelzener.de\/magazin\/app\/uploads\/2025\/09\/milben-pferd.png\",\"width\":1025,\"height\":450,\"caption\":\"Pferd mit langer M\u00e4hne auf Wiese.\"},{\"@type\":\"WebSite\",\"@id\":\"https:\/\/uelzener.de\/magazin\/#website\",\"url\":\"https:\/\/uelzener.de\/magazin\/\",\"name\":\"Uelzener Tiermagazin\",\"description\":\"Online Tierratgeber der Uelzener Versicherungen\",\"publisher\":{\"@id\":\"https:\/\/uelzener.de\/magazin\/#organization\"},\"potentialAction\":[{\"@type\":\"SearchAction\",\"target\":{\"@type\":\"EntryPoint\",\"urlTemplate\":\"https:\/\/uelzener.de\/magazin\/?s={search_term_string}\"},\"query-input\":{\"@type\":\"PropertyValueSpecification\",\"valueRequired\":true,\"valueName\":\"search_term_string\"}}],\"inLanguage\":\"de\"},{\"@type\":\"Organization\",\"@id\":\"https:\/\/uelzener.de\/magazin\/#organization\",\"name\":\"Uelzener Versicherungen\",\"url\":\"https:\/\/uelzener.de\/magazin\/\",\"logo\":{\"@type\":\"ImageObject\",\"inLanguage\":\"de\",\"@id\":\"https:\/\/uelzener.de\/magazin\/#\/schema\/logo\/image\/\",\"url\":\"https:\/\/uelzener.de\/magazin\/app\/uploads\/2024\/11\/uelzener_allgemeine_versicherungsgesellschaft_a_g_logo.jpg\",\"contentUrl\":\"https:\/\/uelzener.de\/magazin\/app\/uploads\/2024\/11\/uelzener_allgemeine_versicherungsgesellschaft_a_g_logo.jpg\",\"width\":200,\"height\":200,\"caption\":\"Uelzener Versicherungen\"},\"image\":{\"@id\":\"https:\/\/uelzener.de\/magazin\/#\/schema\/logo\/image\/\"},\"sameAs\":[\"https:\/\/www.facebook.com\/Uelzener\",\"https:\/\/instagram.com\/uelzener\",\"https:\/\/www.xing.com\/pages\/uelzenerallgemeineversicherungs-gesellschafta-g\",\"https:\/\/www.youtube.com\/UelzenerVersicherungen\"]}]}<\/script>\n<!-- \/ Yoast SEO Premium plugin. -->","yoast_head_json":{"title":"Milbenbefall beim Pferd: Kleine Plagegeister, gro\u00dfe Auswirkung | Uelzener Magazin","description":"Milben beim Pferd k\u00f6nnen Juckreiz, Schuppen und kahle Stellen verursachen. Informiere dich \u00fcber die Symptome und Arten.","robots":{"index":"index","follow":"follow","max-snippet":"max-snippet:-1","max-image-preview":"max-image-preview:large","max-video-preview":"max-video-preview:-1"},"canonical":"https:\/\/uelzener.de\/magazin\/pferd\/tiergesundheit\/milbenbefall-beim-pferd\/","og_locale":"de_DE","og_type":"article","og_title":"Milbenbefall beim Pferd: Kleine Plagegeister, gro\u00dfe Auswirkung","og_description":"Milben beim Pferd k\u00f6nnen Juckreiz, Schuppen und kahle Stellen verursachen. Informiere dich \u00fcber die Symptome und Arten.","og_url":"https:\/\/uelzener.de\/magazin\/pferd\/tiergesundheit\/milbenbefall-beim-pferd\/","og_site_name":"Uelzener Tier-Magazin","article_publisher":"https:\/\/www.facebook.com\/Uelzener","article_modified_time":"2025-09-11T09:51:22+00:00","og_image":[{"width":1025,"height":450,"url":"https:\/\/uelzener.de\/magazin\/app\/uploads\/2025\/09\/milben-pferd.png","type":"image\/png"}],"twitter_card":"summary_large_image","twitter_misc":{"Gesch\u00e4tzte Lesezeit":"7\u00a0Minuten"},"schema":{"@context":"https:\/\/schema.org","@graph":[{"@type":"WebPage","@id":"https:\/\/uelzener.de\/magazin\/pferd\/tiergesundheit\/milbenbefall-beim-pferd\/","url":"https:\/\/uelzener.de\/magazin\/pferd\/tiergesundheit\/milbenbefall-beim-pferd\/","name":"Milbenbefall beim Pferd: Kleine Plagegeister, gro\u00dfe Auswirkung | Uelzener Magazin","isPartOf":{"@id":"https:\/\/uelzener.de\/magazin\/#website"},"primaryImageOfPage":{"@id":"https:\/\/uelzener.de\/magazin\/pferd\/tiergesundheit\/milbenbefall-beim-pferd\/#primaryimage"},"image":{"@id":"https:\/\/uelzener.de\/magazin\/pferd\/tiergesundheit\/milbenbefall-beim-pferd\/#primaryimage"},"thumbnailUrl":"https:\/\/uelzener.de\/magazin\/app\/uploads\/2025\/09\/milben-pferd.png","datePublished":"2025-09-09T12:58:24+00:00","dateModified":"2025-09-11T09:51:22+00:00","description":"Milben beim Pferd k\u00f6nnen Juckreiz, Schuppen und kahle Stellen verursachen. Informiere dich \u00fcber die Symptome und Arten.","breadcrumb":{"@id":"https:\/\/uelzener.de\/magazin\/pferd\/tiergesundheit\/milbenbefall-beim-pferd\/#breadcrumb"},"inLanguage":"de","potentialAction":[{"@type":"ReadAction","target":["https:\/\/uelzener.de\/magazin\/pferd\/tiergesundheit\/milbenbefall-beim-pferd\/"]}]},{"@type":"ImageObject","inLanguage":"de","@id":"https:\/\/uelzener.de\/magazin\/pferd\/tiergesundheit\/milbenbefall-beim-pferd\/#primaryimage","url":"https:\/\/uelzener.de\/magazin\/app\/uploads\/2025\/09\/milben-pferd.png","contentUrl":"https:\/\/uelzener.de\/magazin\/app\/uploads\/2025\/09\/milben-pferd.png","width":1025,"height":450,"caption":"Pferd mit langer M\u00e4hne auf Wiese."},{"@type":"WebSite","@id":"https:\/\/uelzener.de\/magazin\/#website","url":"https:\/\/uelzener.de\/magazin\/","name":"Uelzener Tiermagazin","description":"Online Tierratgeber der Uelzener Versicherungen","publisher":{"@id":"https:\/\/uelzener.de\/magazin\/#organization"},"potentialAction":[{"@type":"SearchAction","target":{"@type":"EntryPoint","urlTemplate":"https:\/\/uelzener.de\/magazin\/?s={search_term_string}"},"query-input":{"@type":"PropertyValueSpecification","valueRequired":true,"valueName":"search_term_string"}}],"inLanguage":"de"},{"@type":"Organization","@id":"https:\/\/uelzener.de\/magazin\/#organization","name":"Uelzener Versicherungen","url":"https:\/\/uelzener.de\/magazin\/","logo":{"@type":"ImageObject","inLanguage":"de","@id":"https:\/\/uelzener.de\/magazin\/#\/schema\/logo\/image\/","url":"https:\/\/uelzener.de\/magazin\/app\/uploads\/2024\/11\/uelzener_allgemeine_versicherungsgesellschaft_a_g_logo.jpg","contentUrl":"https:\/\/uelzener.de\/magazin\/app\/uploads\/2024\/11\/uelzener_allgemeine_versicherungsgesellschaft_a_g_logo.jpg","width":200,"height":200,"caption":"Uelzener Versicherungen"},"image":{"@id":"https:\/\/uelzener.de\/magazin\/#\/schema\/logo\/image\/"},"sameAs":["https:\/\/www.facebook.com\/Uelzener","https:\/\/instagram.com\/uelzener","https:\/\/www.xing.com\/pages\/uelzenerallgemeineversicherungs-gesellschafta-g","https:\/\/www.youtube.com\/UelzenerVersicherungen"]}]}},"_links":{"self":[{"href":"https:\/\/uelzener.de\/magazin\/wp-json\/wp\/v2\/pages\/19183","targetHints":{"allow":["GET"]}}],"collection":[{"href":"https:\/\/uelzener.de\/magazin\/wp-json\/wp\/v2\/pages"}],"about":[{"href":"https:\/\/uelzener.de\/magazin\/wp-json\/wp\/v2\/types\/page"}],"author":[{"embeddable":true,"href":"https:\/\/uelzener.de\/magazin\/wp-json\/wp\/v2\/users\/11"}],"replies":[{"embeddable":true,"href":"https:\/\/uelzener.de\/magazin\/wp-json\/wp\/v2\/comments?post=19183"}],"version-history":[{"count":7,"href":"https:\/\/uelzener.de\/magazin\/wp-json\/wp\/v2\/pages\/19183\/revisions"}],"predecessor-version":[{"id":19208,"href":"https:\/\/uelzener.de\/magazin\/wp-json\/wp\/v2\/pages\/19183\/revisions\/19208"}],"up":[{"embeddable":true,"href":"https:\/\/uelzener.de\/magazin\/wp-json\/wp\/v2\/pages\/11706"}],"wp:featuredmedia":[{"embeddable":true,"href":"https:\/\/uelzener.de\/magazin\/wp-json\/wp\/v2\/media\/19188"}],"wp:attachment":[{"href":"https:\/\/uelzener.de\/magazin\/wp-json\/wp\/v2\/media?parent=19183"}],"curies":[{"name":"wp","href":"https:\/\/api.w.org\/{rel}","templated":true}]}}