{"id":19168,"date":"2025-09-08T13:11:47","date_gmt":"2025-09-08T11:11:47","guid":{"rendered":"https:\/\/uelzener.de\/magazin\/?page_id=19168"},"modified":"2025-09-24T09:18:27","modified_gmt":"2025-09-24T07:18:27","slug":"tonkanese-katze","status":"publish","type":"page","link":"https:\/\/uelzener.de\/magazin\/katze\/rasseportrait\/tonkanese-katze\/","title":{"rendered":"Tonkanese: Faszinierender Mix aus Siam und Burma"},"content":{"rendered":"<p><span style=\"font-weight: 400;\">Anmutig und elegant \u2013 das sind die Attribute der Tonkanese. Ihr seidig gl\u00e4nzendes Fell und ihre mandelf\u00f6rmigen Augen begeistern Katzenfans auf der ganzen Welt. Ihr Erscheinungsbild erinnert an Burma- und Siamkatzen. Und das ist kein Zufall, denn die Tonkanese ist eine Hybridrasse, die die charakteristischen Merkmale beider Katzenrassen in sich vereint. Welche besonderen Eigenschaften die Tonkanese au\u00dferdem auszeichnen, erf\u00e4hrst du in diesem Artikel.<\/span><\/p>\n<h2>\u00c4u\u00dferliche Merkmale der Tonkanese<\/h2>\n<p><span style=\"font-weight: 400;\">Der K\u00f6rperbau der Tonkanese ist kr\u00e4ftig und muskul\u00f6s. Als mittelgro\u00dfe Katzen vereinen sie die optischen Merkmale ihrer beiden Ursprungsrassen: die kompakte, rundliche Statur der Burma und die schlanke, elegante Linie der Siamkatze. Im Verh\u00e4ltnis zu ihrer Gr\u00f6\u00dfe bringen sie ein stattliches Gewicht auf die Waage. Katzen wiegen zwischen drei bis vier Kilogramm, Kater bis zu f\u00fcnf Kilogramm.\u00a0<\/span><\/p>\n<p><span style=\"font-weight: 400;\">Ihr Kopf ist keilf\u00f6rmig und hat weiche, harmonische Rundungen. Die mittelgro\u00dfen, seitlich sitzenden Ohren sind an der Basis breit, laufen zum Ende spitz zu und unterstreichen so die Keilform des Kopfes. Lange, schlanke Beine sind ebenfalls typisch f\u00fcr die Tonkanese, wobei die Hinterbeine etwas l\u00e4nger sind als die Vorderbeine. Ihr mittellanger Schwanz endet in einer grazilen gerundeten Spitze.\u00a0<\/span><\/p>\n<p><span style=\"font-weight: 400;\">Das Fell der Samtpfoten l\u00e4dt direkt zum Streicheln ein: Es ist kurz, eng anliegend, seidig weich und gl\u00e4nzend.<\/span><\/p>\n<h3>Farbvarianten im \u00dcberblick<\/h3>\n<p><span style=\"font-weight: 400;\">Die Tonkanese gibt es in drei Variationen:<\/span><\/p>\n<ul>\n<li style=\"font-weight: 400;\" aria-level=\"1\"><b>Pointed <\/b><span style=\"font-weight: 400;\">mit starkem Kontrast zwischen heller K\u00f6rperfarbe und dunkleren Points, \u00e4hnlich der <\/span><span style=\"font-weight: 400;\">Siamkatzen<\/span><\/li>\n<li style=\"font-weight: 400;\" aria-level=\"1\"><b>Mink <\/b><span style=\"font-weight: 400;\">mit mittlerem Kontrast zwischen K\u00f6rperfarbe und Points, die klassische Variante der Tonkanese<\/span><\/li>\n<li style=\"font-weight: 400;\" aria-level=\"1\"><b>Sepia <\/b><span style=\"font-weight: 400;\">(auch Solid) mit schwachem Kontrast zwischen K\u00f6rperfarbe und Points, \u00e4hnlich der Burmakatzen<\/span><\/li>\n<\/ul>\n<p><span style=\"font-weight: 400;\">Als Grundfarben kommen zum Beispiel Natural, Lilac\/Platinum, Chocolate\/Champagne und Blue vor.\u00a0\u00a0<\/span><\/p>\n<p><span style=\"font-weight: 400;\">Die endg\u00fcltige Fellfarbe entwickelt sich in den ersten zwei Lebensjahren. Dadurch l\u00e4sst sich bei Kitten schwer vorhersagen, welchen Farbton sie sp\u00e4ter haben werden.<\/span><\/p>\n<h3>Die faszinierenden Augen der Tonkanese<\/h3>\n<p><span style=\"font-weight: 400;\">Kennzeichnend f\u00fcr die Tonkanese sind ihre gro\u00dfen, mandelf\u00f6rmigen Augen. Das Farbspektrum reicht von Hellblau bis Gr\u00fcn. Tonkanesen des Typs Pointed weisen in der Regel strahlend blaue Augen auf. Katzen des Typs Mink faszinieren mit hellt\u00fcrkis- oder aquamarinfarbenen Augen, w\u00e4hrend Sepia-Tonkanesen gr\u00fcne bis gelbgr\u00fcne Augen haben.\u00a0<\/span><\/p>\n<h2>Verspielt und gespr\u00e4chig \u2013 Charakter der Tonkanese<\/h2>\n<p><span style=\"font-weight: 400;\">Tonkanesen gelten als sehr gesellig, intelligent und neugierig. Sie verstehen es, Aufmerksamkeit auf sich zu ziehen, und genie\u00dfen es, im Mittelpunkt zu stehen. Ausgiebige Streicheleinheiten lieben sie genauso wie Gespr\u00e4che. <a href=\"https:\/\/uelzener.de\/magazin\/katze\/haeufige-fragen\/warum-miaut-katze-nicht\/\" target=\"_blank\" rel=\"noopener\">Zwar miauen Tonkanesen nicht so laut wie Siamkatzen<\/a>. Doch sie wissen, wie sie sich akustisch bemerkbar machen. In einem lebhaften Zuhause f\u00fchlen sich Tonkanesen besonders wohl. Sie kommen auch gut mit Kindern, anderen Katzen und Hunden zurecht.<\/span><\/p>\n<p><span style=\"font-weight: 400;\">Mit ihrer aufgeweckten, lernfreudigen Pers\u00f6nlichkeit sind Tonkanesen f\u00fcr nahezu alles zu haben. Am besten lastet man die cleveren Stubentiger mit Intelligenzspielzeug oder kleinen Trainingseinheiten aus. Viele Tonkanesen sind mit Begeisterung dabei, wenn es darum geht, Tricks zu erlernen. Ebenso wichtig ist k\u00f6rperliche Aktivit\u00e4t. Mit Bewegungsspielen, aber auch vielen Kletter- und Besch\u00e4ftigungsm\u00f6glichkeiten k\u00f6nnen sich Tonkanesen auspowern \u2013 im Idealfall nicht nur in der Wohnung, sondern auch im gesicherten Freigang.\u00a0<\/span><\/p>\n<h2>Genetisch bedingte Krankheiten bei der Tonkanese<\/h2>\n<p><span style=\"font-weight: 400;\">Im Allgemeinen gelten Tonkanesen als robust. Mit einer durchschnittlichen Lebenserwartung von 15 bis 18 Jahren stehen dir mit diesen Samtpfoten viele gemeinsame Jahre bevor.\u00a0<\/span><\/p>\n<p><span style=\"font-weight: 400;\">Dennoch gibt es einige Krankheiten, die bei Tonkanesen h\u00e4ufiger auftreten k\u00f6nnen. Dazu geh\u00f6ren etwa Zahnprobleme, Erkrankungen des unteren Harntrakts, entz\u00fcndliche Darmerkrankungen oder Speicherkrankheiten wie Amyloidose oder Mucopolysaccharidose Typ VI.<\/span><\/p>\n\n<div class=\"banner\">\n    <a href=\"https:\/\/uelzener.de\/katze\/katzen-zahn-versicherung\/?agt=0000104925&sem=true&utm_medium=magazin&utm_source=wordpress&utm_campaign=katze_zahn&utm_content=banner\">\n        <img decoding=\"async\" width=\"300\" height=\"212\" src=\"https:\/\/uelzener.de\/magazin\/app\/uploads\/2025\/08\/Katzen-Zahn-Versicherung.jpg\" class=\"attachment-medium size-medium\" alt=\"Banner Katzen-Zahn-Versicherung\" \/>    <\/a>\n<\/div>\n\n<p><span style=\"font-weight: 400;\">Auch wenn Tonkanesen im Allgemeinen nicht sonderlich anf\u00e4llig f\u00fcr genetisch bedingte Erkrankungen sind, kann eine <\/span><span style=\"font-weight: 400;\">Katzenkrankenversicherung<\/span><span style=\"font-weight: 400;\"> sinnvoll sein. So bist du im Fall tiermedizinischer Behandlungen finanziell abgesichert und kannst deiner Katze die optimale Versorgung erm\u00f6glichen.\u00a0<\/span><\/p>\n\n<div class=\"banner\">\n    <a href=\"https:\/\/uelzener.de\/katze\/katzen-krankenversicherung\/?agt=0000104925&sem=true&utm_medium=magazin&utm_source=wordpress&utm_campaign=katze_kv&utm_content=banner\">\n        <img decoding=\"async\" width=\"300\" height=\"212\" src=\"https:\/\/uelzener.de\/magazin\/app\/uploads\/2025\/01\/Katzen-Kranken-Versicherung.jpg\" class=\"attachment-medium size-medium\" alt=\"Banner Katzen-Kranken-Versicherung\" \/>    <\/a>\n<\/div>\n\n<h2>Tonkanese-Katzen im Alltag: von der Fellpflege bis zum Futter<\/h2>\n<p><span style=\"font-weight: 400;\">Tonkanesen schmusen, spielen und schlafen gern. Sie sind sehr gesellig und lieben es, Zeit mit ihren Menschen oder Artgenossen zu verbringen. Deswegen ist es nicht verkehrt, ihr eine weitere Katze zur Seite zu stellen.\u00a0<\/span><\/p>\n<p><span style=\"font-weight: 400;\">Um die Fellpflege k\u00fcmmert sich die Katze zwar grundlegend selbst, damit das Fell sch\u00f6n seidig bleibt, empfiehlt es sich aber, gelegentlich nachzuhelfen. Lose Haare kannst du ganz unkompliziert mit einer weichen Katzenb\u00fcrste oder mit einem leicht angefeuchteten Fellpflegehandschuh abstreifen. So bleibt das Fell geschmeidig und gl\u00e4nzend.\u00a0<\/span><\/p>\n<p><span style=\"font-weight: 400;\">Um das Idealgewicht und die allgemeine Gesundheit deiner Katze zu erhalten, ist eine ausgewogene Ern\u00e4hrung entscheidend. Aus diesem Grund solltest du ein hochwertiges Katzenfutter mit hohem Fleischanteil w\u00e4hlen. So sorgst du daf\u00fcr, dass deine Katze genug Energie f\u00fcr den Tag hat und mit allen wichtigen N\u00e4hrstoffen versorgt wird.\u00a0<\/span><\/p>\n<h2>Ursprung der Katzenrasse<\/h2>\n<p><span style=\"font-weight: 400;\">1930 brachte der US-amerikanische Schiffsarzt Dr. Joseph Thompson eine Katze namens Wong Mau von einer Reise mit nach San Francisco. Man ging damals davon aus, dass es sich um eine Burmakatze handelte, weshalb Wong Mau lange Zeit als Urmutter aller Burmakatzen galt. Heute wird jedoch angenommen, dass sie eine Mink-Tonkanese war. Diese Rasse war zur damaligen Zeit noch unbekannt.\u00a0<\/span><\/p>\n<p><span style=\"font-weight: 400;\">Erst sp\u00e4ter hatten zwei Z\u00fcchterinnen unabh\u00e4ngig voneinander die Idee, Burmakatzen mit Siamkatzen zu verpaaren. Diesen Plan verfolgten sie sp\u00e4ter sogar gemeinsam. 1974 wurde die Tonkanese von der Canadian Cat Association (CCA) offiziell als Rasse anerkannt. Die Geschichte dieser Katzen reicht aber vermutlich noch viel weiter zur\u00fcck. In historischen Manuskripten werden Katzen beschrieben, die der Tonkanese sehr \u00e4hnlich waren.\u00a0<\/span><\/p>\n\n<div class=\"related_articles boxed\">\n    <h2>Mehr zum Thema<\/h2>\n    \n    <div class=\"wrapper\"><div class=\"title align-center\"><h3><a href=\"https:\/\/uelzener.de\/magazin\/katze\/rasseportrait\/was-ist-eine-pointkatze\/\">Was ist eine Pointkatze?<\/a><\/h3><\/div><div class=\"img align-center\"><img decoding=\"async\" width=\"315\" height=\"180\" src=\"https:\/\/uelzener.de\/magazin\/app\/uploads\/2016\/07\/b5a405cd-5322-41f6-9b42-17a75748959f-315x180.jpg\" class=\"attachment-315x180 size-315x180 wp-post-image\" alt=\"Pointkatze sitzt vor einem Blumenstrau\u00df es ist eine sehr sch\u00f6ne Rasse.\" srcset=\"https:\/\/uelzener.de\/magazin\/app\/uploads\/2016\/07\/b5a405cd-5322-41f6-9b42-17a75748959f-315x180.jpg 315w, https:\/\/uelzener.de\/magazin\/app\/uploads\/2016\/07\/b5a405cd-5322-41f6-9b42-17a75748959f-650x369.jpg 650w\" sizes=\"(max-width: 315px) 100vw, 315px\" \/><\/div><\/div><div class=\"wrapper\"><div class=\"title align-center\"><h3><a href=\"https:\/\/uelzener.de\/magazin\/katze\/rasseportrait\/heilige-birma\/\">Die Heilige Birma: Eine treue Katzenseele<\/a><\/h3><\/div><div class=\"img align-center\"><img decoding=\"async\" width=\"315\" height=\"180\" src=\"https:\/\/uelzener.de\/magazin\/app\/uploads\/2019\/07\/1d3f8967-2839-40c1-9dd1-3b5f17ae28ee-315x180.jpg\" class=\"attachment-315x180 size-315x180 wp-post-image\" alt=\"Eine wei\u00dfe Heilige Birma Katze mit braunem Gesicht und Ohren liegt gem\u00fctlich auf einem Tisch.\" srcset=\"https:\/\/uelzener.de\/magazin\/app\/uploads\/2019\/07\/1d3f8967-2839-40c1-9dd1-3b5f17ae28ee-315x180.jpg 315w, https:\/\/uelzener.de\/magazin\/app\/uploads\/2019\/07\/1d3f8967-2839-40c1-9dd1-3b5f17ae28ee-650x369.jpg 650w\" sizes=\"(max-width: 315px) 100vw, 315px\" \/><\/div><\/div><div class=\"wrapper\"><div class=\"title align-center\"><h3><a href=\"https:\/\/uelzener.de\/magazin\/katze\/rasseportrait\/siamkatze\/\">Die Siamkatze: Eine orientalische Sch\u00f6nheit<\/a><\/h3><\/div><div class=\"img align-center\"><img decoding=\"async\" width=\"315\" height=\"180\" src=\"https:\/\/uelzener.de\/magazin\/app\/uploads\/2015\/08\/44cb52e7-db7a-4186-a48c-c0d0c12f2abc-315x180.jpg\" class=\"attachment-315x180 size-315x180 wp-post-image\" alt=\"Eine kleine Siamkatze steht auf einem wei\u00dfen Kissen.\" srcset=\"https:\/\/uelzener.de\/magazin\/app\/uploads\/2015\/08\/44cb52e7-db7a-4186-a48c-c0d0c12f2abc-315x180.jpg 315w, https:\/\/uelzener.de\/magazin\/app\/uploads\/2015\/08\/44cb52e7-db7a-4186-a48c-c0d0c12f2abc-650x369.jpg 650w\" sizes=\"(max-width: 315px) 100vw, 315px\" \/><\/div><\/div><\/div>\n\n<h2>Fazit<\/h2>\n<p><span style=\"font-weight: 400;\">Die Tonkanese ist eine faszinierende Katzenrasse \u2013 schon allein aufgrund ihrer \u00e4u\u00dferlichen Erscheinung, die einen Mix aus Burma- und Siamkatze darstellt. Besonders spannend wird es im zweiten Lebensjahr, wenn sich Fell- und Augenfarbe endg\u00fcltig herauskristallisieren.\u00a0<\/span><\/p>\n<p><span style=\"font-weight: 400;\">Ebenso einzigartig ist ihr Charakter: Tonkanesen lieben Gesellschaft, Aufmerksamkeit und Abenteuer, brauchen aber auch viel Zuwendung. Wenn du dich darauf einlassen kannst, ist die hierzulande noch seltene Rasse genau die richtige f\u00fcr dich.\u00a0<\/span><\/p>\n<h2>FAQ: H\u00e4ufig gestellte Fragen zu Tonkanesen<\/h2>\n<h3>Ist die Tonkanese eine offiziell anerkannte Katzenrasse?<\/h3>\n<p><span style=\"font-weight: 400;\">Tonkanesen sind von einigen Dachverb\u00e4nden bereits als eigenst\u00e4ndige Rasse anerkannt. Dazu geh\u00f6ren die Canadian Cat Association (CCA), The International Cat Association (TICA), die World Cat Federation (WCF) und der britische Verband Governing Council of the Cat Fancy (GCCF). Die F\u00e9d\u00e9ration Internationale F\u00e9line (FIF\u00e9) f\u00fchrt die Tonkanese hingegen nicht als eigenst\u00e4ndige Katzenrasse.\u00a0<\/span><\/p>\n<h3>Ist eine Tonkanese f\u00fcr einen Mehrkatzenhaushalt geeignet?<\/h3>\n<p><span style=\"font-weight: 400;\">Definitiv! Da Tonkanesen Gesellschaft lieben, f\u00fchlen sie sich in einem Mehrkatzenhaushalt besonders wohl. Sie genie\u00dfen n\u00e4mlich nicht nur den Kontakt zu Menschen, sondern auch zu Artgenossen. Nat\u00fcrlich ist auch bei Tonkanesen eine behutsame Vergesellschaftung mit anderen Katzen notwendig.\u00a0\u00a0<\/span><\/p>\n<h3>Woher wei\u00df ich, welche Farbe ein Kitten sp\u00e4ter haben wird?<\/h3>\n<p><span style=\"font-weight: 400;\">Die eigentliche Fell- und Augenfarbe einer Tonkanese entwickelt sich erst im zweiten Lebensjahr. Nach 18 bis 24 Monaten sind die K\u00f6rperfarbe und Points vollst\u00e4ndig ausgebildet und die Augen haben ihren endg\u00fcltigen Farbton entwickelt. Zwar k\u00f6nnen erfahrene Z\u00fcchter und Z\u00fcchterinnen anhand erster Anzeichen eine Prognose \u00fcber die weitere Entwicklung stellen, absolute Sicherheit besteht jedoch nicht. <\/span><\/p>\n","protected":false},"excerpt":{"rendered":"<p>Anmutig und elegant \u2013 das sind die Attribute der Tonkanese. Ihr seidig gl\u00e4nzendes Fell und ihre mandelf\u00f6rmigen Augen begeistern Katzenfans auf der ganzen Welt. Ihr Erscheinungsbild erinnert an Burma- und Siamkatzen. Und das ist kein Zufall, denn die Tonkanese ist eine Hybridrasse, die die charakteristischen Merkmale beider Katzenrassen in sich vereint. Welche besonderen Eigenschaften die [&hellip;]<\/p>\n","protected":false},"author":11,"featured_media":19170,"parent":2482,"menu_order":8,"comment_status":"closed","ping_status":"closed","template":"templates\/blog.php","meta":{"_acf_changed":false,"_crdt_document":"","footnotes":"","beyondwords_generate_audio":"","beyondwords_project_id":"","beyondwords_content_id":"","beyondwords_preview_token":"","beyondwords_player_style":"","beyondwords_language_id":"","beyondwords_title_voice_id":"","beyondwords_body_voice_id":"","beyondwords_summary_voice_id":"","beyondwords_error_message":"","beyondwords_disabled":"","beyondwords_delete_content":"","beyondwords_podcast_id":"","beyondwords_hash":"","publish_post_to_speechkit":"","speechkit_hash":"","speechkit_generate_audio":"","speechkit_project_id":"","speechkit_podcast_id":"","speechkit_error_message":"","speechkit_disabled":"","speechkit_access_key":"","speechkit_error":"","speechkit_info":"","speechkit_response":"","speechkit_retries":"","speechkit_status":"","speechkit_updated_at":"","_speechkit_link":"","_speechkit_text":""},"class_list":["post-19168","page","type-page","status-publish","has-post-thumbnail","hentry"],"acf":[],"yoast_head":"<!-- This site is optimized with the Yoast SEO Premium plugin  - https:\/\/yoast.com\/product\/yoast-seo-premium-wordpress\/ -->\n<title>Tonkanese: Faszinierender Mix aus Siam und Burma | Uelzener Magazin<\/title>\n<meta name=\"description\" content=\"Lerne die Tonkanese kennen: mittelgro\u00df, muskul\u00f6s und elegant mit einzigartigen Eigenschaften. Erfahre mehr in unserem Artikel!\" \/>\n<meta name=\"robots\" content=\"index, follow, max-snippet:-1, max-image-preview:large, max-video-preview:-1\" \/>\n<link rel=\"canonical\" href=\"https:\/\/uelzener.de\/magazin\/katze\/rasseportrait\/tonkanese-katze\/\" \/>\n<meta property=\"og:locale\" content=\"de_DE\" \/>\n<meta property=\"og:type\" content=\"article\" \/>\n<meta property=\"og:title\" content=\"Tonkanese: Faszinierender Mix aus Siam und Burma\" \/>\n<meta property=\"og:description\" content=\"Lerne die Tonkanese kennen: mittelgro\u00df, muskul\u00f6s und elegant mit einzigartigen Eigenschaften. Erfahre mehr in unserem Artikel!\" \/>\n<meta property=\"og:url\" content=\"https:\/\/uelzener.de\/magazin\/katze\/rasseportrait\/tonkanese-katze\/\" \/>\n<meta property=\"og:site_name\" content=\"Uelzener Tier-Magazin\" \/>\n<meta property=\"article:publisher\" content=\"https:\/\/www.facebook.com\/Uelzener\" \/>\n<meta property=\"article:modified_time\" content=\"2025-09-24T07:18:27+00:00\" \/>\n<meta property=\"og:image\" content=\"https:\/\/uelzener.de\/magazin\/app\/uploads\/2025\/09\/tonkanese-katzen.png\" \/>\n\t<meta property=\"og:image:width\" content=\"1025\" \/>\n\t<meta property=\"og:image:height\" content=\"450\" \/>\n\t<meta property=\"og:image:type\" content=\"image\/png\" \/>\n<meta name=\"twitter:card\" content=\"summary_large_image\" \/>\n<meta name=\"twitter:label1\" content=\"Gesch\u00e4tzte Lesezeit\" \/>\n\t<meta name=\"twitter:data1\" content=\"7\u00a0Minuten\" \/>\n<script type=\"application\/ld+json\" class=\"yoast-schema-graph\">{\"@context\":\"https:\/\/schema.org\",\"@graph\":[{\"@type\":\"WebPage\",\"@id\":\"https:\/\/uelzener.de\/magazin\/katze\/rasseportrait\/tonkanese-katze\/\",\"url\":\"https:\/\/uelzener.de\/magazin\/katze\/rasseportrait\/tonkanese-katze\/\",\"name\":\"Tonkanese: Faszinierender Mix aus Siam und Burma | Uelzener Magazin\",\"isPartOf\":{\"@id\":\"https:\/\/uelzener.de\/magazin\/#website\"},\"primaryImageOfPage\":{\"@id\":\"https:\/\/uelzener.de\/magazin\/katze\/rasseportrait\/tonkanese-katze\/#primaryimage\"},\"image\":{\"@id\":\"https:\/\/uelzener.de\/magazin\/katze\/rasseportrait\/tonkanese-katze\/#primaryimage\"},\"thumbnailUrl\":\"https:\/\/uelzener.de\/magazin\/app\/uploads\/2025\/09\/tonkanese-katzen.png\",\"datePublished\":\"2025-09-08T11:11:47+00:00\",\"dateModified\":\"2025-09-24T07:18:27+00:00\",\"description\":\"Lerne die Tonkanese kennen: mittelgro\u00df, muskul\u00f6s und elegant mit einzigartigen Eigenschaften. Erfahre mehr in unserem Artikel!\",\"breadcrumb\":{\"@id\":\"https:\/\/uelzener.de\/magazin\/katze\/rasseportrait\/tonkanese-katze\/#breadcrumb\"},\"inLanguage\":\"de\",\"potentialAction\":[{\"@type\":\"ReadAction\",\"target\":[\"https:\/\/uelzener.de\/magazin\/katze\/rasseportrait\/tonkanese-katze\/\"]}]},{\"@type\":\"ImageObject\",\"inLanguage\":\"de\",\"@id\":\"https:\/\/uelzener.de\/magazin\/katze\/rasseportrait\/tonkanese-katze\/#primaryimage\",\"url\":\"https:\/\/uelzener.de\/magazin\/app\/uploads\/2025\/09\/tonkanese-katzen.png\",\"contentUrl\":\"https:\/\/uelzener.de\/magazin\/app\/uploads\/2025\/09\/tonkanese-katzen.png\",\"width\":1025,\"height\":450,\"caption\":\"Vier Tonkanese-Kitten mit Muttertier auf einem Sofa.\"},{\"@type\":\"WebSite\",\"@id\":\"https:\/\/uelzener.de\/magazin\/#website\",\"url\":\"https:\/\/uelzener.de\/magazin\/\",\"name\":\"Uelzener Tiermagazin\",\"description\":\"Online Tierratgeber der Uelzener Versicherungen\",\"publisher\":{\"@id\":\"https:\/\/uelzener.de\/magazin\/#organization\"},\"potentialAction\":[{\"@type\":\"SearchAction\",\"target\":{\"@type\":\"EntryPoint\",\"urlTemplate\":\"https:\/\/uelzener.de\/magazin\/?s={search_term_string}\"},\"query-input\":{\"@type\":\"PropertyValueSpecification\",\"valueRequired\":true,\"valueName\":\"search_term_string\"}}],\"inLanguage\":\"de\"},{\"@type\":\"Organization\",\"@id\":\"https:\/\/uelzener.de\/magazin\/#organization\",\"name\":\"Uelzener Versicherungen\",\"url\":\"https:\/\/uelzener.de\/magazin\/\",\"logo\":{\"@type\":\"ImageObject\",\"inLanguage\":\"de\",\"@id\":\"https:\/\/uelzener.de\/magazin\/#\/schema\/logo\/image\/\",\"url\":\"https:\/\/uelzener.de\/magazin\/app\/uploads\/2024\/11\/uelzener_allgemeine_versicherungsgesellschaft_a_g_logo.jpg\",\"contentUrl\":\"https:\/\/uelzener.de\/magazin\/app\/uploads\/2024\/11\/uelzener_allgemeine_versicherungsgesellschaft_a_g_logo.jpg\",\"width\":200,\"height\":200,\"caption\":\"Uelzener Versicherungen\"},\"image\":{\"@id\":\"https:\/\/uelzener.de\/magazin\/#\/schema\/logo\/image\/\"},\"sameAs\":[\"https:\/\/www.facebook.com\/Uelzener\",\"https:\/\/instagram.com\/uelzener\",\"https:\/\/www.xing.com\/pages\/uelzenerallgemeineversicherungs-gesellschafta-g\",\"https:\/\/www.youtube.com\/UelzenerVersicherungen\"]}]}<\/script>\n<!-- \/ Yoast SEO Premium plugin. -->","yoast_head_json":{"title":"Tonkanese: Faszinierender Mix aus Siam und Burma | Uelzener Magazin","description":"Lerne die Tonkanese kennen: mittelgro\u00df, muskul\u00f6s und elegant mit einzigartigen Eigenschaften. Erfahre mehr in unserem Artikel!","robots":{"index":"index","follow":"follow","max-snippet":"max-snippet:-1","max-image-preview":"max-image-preview:large","max-video-preview":"max-video-preview:-1"},"canonical":"https:\/\/uelzener.de\/magazin\/katze\/rasseportrait\/tonkanese-katze\/","og_locale":"de_DE","og_type":"article","og_title":"Tonkanese: Faszinierender Mix aus Siam und Burma","og_description":"Lerne die Tonkanese kennen: mittelgro\u00df, muskul\u00f6s und elegant mit einzigartigen Eigenschaften. Erfahre mehr in unserem Artikel!","og_url":"https:\/\/uelzener.de\/magazin\/katze\/rasseportrait\/tonkanese-katze\/","og_site_name":"Uelzener Tier-Magazin","article_publisher":"https:\/\/www.facebook.com\/Uelzener","article_modified_time":"2025-09-24T07:18:27+00:00","og_image":[{"width":1025,"height":450,"url":"https:\/\/uelzener.de\/magazin\/app\/uploads\/2025\/09\/tonkanese-katzen.png","type":"image\/png"}],"twitter_card":"summary_large_image","twitter_misc":{"Gesch\u00e4tzte Lesezeit":"7\u00a0Minuten"},"schema":{"@context":"https:\/\/schema.org","@graph":[{"@type":"WebPage","@id":"https:\/\/uelzener.de\/magazin\/katze\/rasseportrait\/tonkanese-katze\/","url":"https:\/\/uelzener.de\/magazin\/katze\/rasseportrait\/tonkanese-katze\/","name":"Tonkanese: Faszinierender Mix aus Siam und Burma | Uelzener Magazin","isPartOf":{"@id":"https:\/\/uelzener.de\/magazin\/#website"},"primaryImageOfPage":{"@id":"https:\/\/uelzener.de\/magazin\/katze\/rasseportrait\/tonkanese-katze\/#primaryimage"},"image":{"@id":"https:\/\/uelzener.de\/magazin\/katze\/rasseportrait\/tonkanese-katze\/#primaryimage"},"thumbnailUrl":"https:\/\/uelzener.de\/magazin\/app\/uploads\/2025\/09\/tonkanese-katzen.png","datePublished":"2025-09-08T11:11:47+00:00","dateModified":"2025-09-24T07:18:27+00:00","description":"Lerne die Tonkanese kennen: mittelgro\u00df, muskul\u00f6s und elegant mit einzigartigen Eigenschaften. Erfahre mehr in unserem Artikel!","breadcrumb":{"@id":"https:\/\/uelzener.de\/magazin\/katze\/rasseportrait\/tonkanese-katze\/#breadcrumb"},"inLanguage":"de","potentialAction":[{"@type":"ReadAction","target":["https:\/\/uelzener.de\/magazin\/katze\/rasseportrait\/tonkanese-katze\/"]}]},{"@type":"ImageObject","inLanguage":"de","@id":"https:\/\/uelzener.de\/magazin\/katze\/rasseportrait\/tonkanese-katze\/#primaryimage","url":"https:\/\/uelzener.de\/magazin\/app\/uploads\/2025\/09\/tonkanese-katzen.png","contentUrl":"https:\/\/uelzener.de\/magazin\/app\/uploads\/2025\/09\/tonkanese-katzen.png","width":1025,"height":450,"caption":"Vier Tonkanese-Kitten mit Muttertier auf einem Sofa."},{"@type":"WebSite","@id":"https:\/\/uelzener.de\/magazin\/#website","url":"https:\/\/uelzener.de\/magazin\/","name":"Uelzener Tiermagazin","description":"Online Tierratgeber der Uelzener Versicherungen","publisher":{"@id":"https:\/\/uelzener.de\/magazin\/#organization"},"potentialAction":[{"@type":"SearchAction","target":{"@type":"EntryPoint","urlTemplate":"https:\/\/uelzener.de\/magazin\/?s={search_term_string}"},"query-input":{"@type":"PropertyValueSpecification","valueRequired":true,"valueName":"search_term_string"}}],"inLanguage":"de"},{"@type":"Organization","@id":"https:\/\/uelzener.de\/magazin\/#organization","name":"Uelzener Versicherungen","url":"https:\/\/uelzener.de\/magazin\/","logo":{"@type":"ImageObject","inLanguage":"de","@id":"https:\/\/uelzener.de\/magazin\/#\/schema\/logo\/image\/","url":"https:\/\/uelzener.de\/magazin\/app\/uploads\/2024\/11\/uelzener_allgemeine_versicherungsgesellschaft_a_g_logo.jpg","contentUrl":"https:\/\/uelzener.de\/magazin\/app\/uploads\/2024\/11\/uelzener_allgemeine_versicherungsgesellschaft_a_g_logo.jpg","width":200,"height":200,"caption":"Uelzener Versicherungen"},"image":{"@id":"https:\/\/uelzener.de\/magazin\/#\/schema\/logo\/image\/"},"sameAs":["https:\/\/www.facebook.com\/Uelzener","https:\/\/instagram.com\/uelzener","https:\/\/www.xing.com\/pages\/uelzenerallgemeineversicherungs-gesellschafta-g","https:\/\/www.youtube.com\/UelzenerVersicherungen"]}]}},"_links":{"self":[{"href":"https:\/\/uelzener.de\/magazin\/wp-json\/wp\/v2\/pages\/19168","targetHints":{"allow":["GET"]}}],"collection":[{"href":"https:\/\/uelzener.de\/magazin\/wp-json\/wp\/v2\/pages"}],"about":[{"href":"https:\/\/uelzener.de\/magazin\/wp-json\/wp\/v2\/types\/page"}],"author":[{"embeddable":true,"href":"https:\/\/uelzener.de\/magazin\/wp-json\/wp\/v2\/users\/11"}],"replies":[{"embeddable":true,"href":"https:\/\/uelzener.de\/magazin\/wp-json\/wp\/v2\/comments?post=19168"}],"version-history":[{"count":3,"href":"https:\/\/uelzener.de\/magazin\/wp-json\/wp\/v2\/pages\/19168\/revisions"}],"predecessor-version":[{"id":19285,"href":"https:\/\/uelzener.de\/magazin\/wp-json\/wp\/v2\/pages\/19168\/revisions\/19285"}],"up":[{"embeddable":true,"href":"https:\/\/uelzener.de\/magazin\/wp-json\/wp\/v2\/pages\/2482"}],"wp:featuredmedia":[{"embeddable":true,"href":"https:\/\/uelzener.de\/magazin\/wp-json\/wp\/v2\/media\/19170"}],"wp:attachment":[{"href":"https:\/\/uelzener.de\/magazin\/wp-json\/wp\/v2\/media?parent=19168"}],"curies":[{"name":"wp","href":"https:\/\/api.w.org\/{rel}","templated":true}]}}