{"id":18967,"date":"2025-08-26T10:11:58","date_gmt":"2025-08-26T08:11:58","guid":{"rendered":"https:\/\/uelzener.de\/magazin\/?page_id=18967"},"modified":"2025-09-02T13:08:41","modified_gmt":"2025-09-02T11:08:41","slug":"uelzener-versicherungen-unterstuetzen-rehahunde-deutschland-e-v","status":"publish","type":"page","link":"https:\/\/uelzener.de\/magazin\/wir\/uelzener-versicherungen-unterstuetzen-rehahunde-deutschland-e-v\/","title":{"rendered":"Gemeinsam f\u00fcr mehr Lebensfreude \u2013 Wir unterst\u00fctzen Rehahunde Deutschland e.V."},"content":{"rendered":"<p data-renderer-start-pos=\"234\">Als Spezialversicherer f\u00fcr Tiere erleben wir t\u00e4glich, wie stark die Verbindung zwischen Mensch und Tier ist. Tiere schenken nicht nur Freude und N\u00e4he \u2013 sie geben Halt, Sicherheit und in vielen F\u00e4llen ein St\u00fcck Lebensqualit\u00e4t zur\u00fcck. Besonders dann, wenn sie mehr als nur tierische Begleiter sind.<\/p>\n<p data-renderer-start-pos=\"532\">Deshalb freuen wir uns sehr, den Verein <strong data-renderer-mark=\"true\">Rehahunde Deutschland e.V.<\/strong> mit einem Sponsoring zu unterst\u00fctzen.<\/p>\n<p data-renderer-start-pos=\"532\">Der gemeinn\u00fctzige Verein bildet Assistenzhunde f\u00fcr Menschen mit k\u00f6rperlichen oder psychischen Einschr\u00e4nkungen aus \u2013 und vermittelt sie an genau die Menschen, f\u00fcr die sie eine echte Hilfe im Alltag sind. Diese speziell ausgebildeten Hunde leisten weit mehr als Assistenz: Sie f\u00f6rdern Unabh\u00e4ngigkeit, schenken Stabilit\u00e4t und erleichtern soziale Teilhabe.<\/p>\n<p data-renderer-start-pos=\"991\">Ausgebildet werden unter anderem:<\/p>\n<ul class=\"ak-ul\" data-indent-level=\"1\">\n<li>\n<p data-renderer-start-pos=\"1028\">Assistenzhunde f\u00fcr Menschen mit Mobilit\u00e4tseinschr\u00e4nkungen<\/p>\n<\/li>\n<li>\n<p data-renderer-start-pos=\"1089\">PTBS-Assistenzhunde (f\u00fcr Einsatzkr\u00e4fte bzw. Berufstraumatisierte mit PTBS und Traumafolgest\u00f6rungen)<\/p>\n<\/li>\n<li>\n<p data-renderer-start-pos=\"1192\">Autismus-Assistenzhunde<\/p>\n<\/li>\n<\/ul>\n<p data-renderer-start-pos=\"1219\">Die Ausbildung ist intensiv, individuell auf Mensch und Tier abgestimmt und dauert meist bis zu zwei Jahre. Die Kosten belaufen sich auf 15.000 bis 25.000\u202fEuro \u2013 eine Summe, die viele Betroffene allein nicht stemmen k\u00f6nnen.<\/p>\n<p data-renderer-start-pos=\"1219\">\n<div class=\"related_articles boxed\">\n    <h2>Mehr zum Thema<\/h2>\n    \n    <div class=\"wrapper\"><div class=\"title align-center\"><h3><a href=\"https:\/\/uelzener.de\/magazin\/hund\/tipps-fuer-den-alltag\/blindenhund\/\">Blindenhund: Auswahl und Ausbildung eines Blindenf\u00fchrhundes<\/a><\/h3><\/div><div class=\"img align-center\"><img decoding=\"async\" width=\"315\" height=\"180\" src=\"https:\/\/uelzener.de\/magazin\/app\/uploads\/2023\/01\/blindenhund-315x180.jpg\" class=\"attachment-315x180 size-315x180 wp-post-image\" alt=\"Ein Blindenhund f\u00fchrt Sehbehinderte-Menschen durch ihren Alltag.\" \/><\/div><\/div><div class=\"wrapper\"><div class=\"title align-center\"><h3><a href=\"https:\/\/uelzener.de\/magazin\/hund\/haeufige-fragen\/assistenzhund\/\">Assistenzhunde: Definition, Ausbildung und Einsatzbereiche<\/a><\/h3><\/div><div class=\"img align-center\"><img decoding=\"async\" width=\"315\" height=\"180\" src=\"https:\/\/uelzener.de\/magazin\/app\/uploads\/2022\/12\/assistenzhund-315x180.jpg\" class=\"attachment-315x180 size-315x180 wp-post-image\" alt=\"Beiger Assistenzhund mit zwei Jugendlichen in Rollst\u00fchlen.\" \/><\/div><\/div><div class=\"wrapper\"><div class=\"title align-center\"><h3><a href=\"https:\/\/uelzener.de\/magazin\/hund\/haeufige-fragen\/schulhund-ebony\/\">Vier Pfoten im Klassenzimmer: Schulhund Ebony<\/a><\/h3><\/div><div class=\"img align-center\"><img decoding=\"async\" width=\"315\" height=\"180\" src=\"https:\/\/uelzener.de\/magazin\/app\/uploads\/2023\/11\/schulhund-315x180.jpg\" class=\"attachment-315x180 size-315x180 wp-post-image\" alt=\"M\u00e4dchen liest. Neben ihr ein Schulhund.\" \/><\/div><\/div><\/div>\n<\/p>\n<h3 data-renderer-start-pos=\"1444\">Tiere ver\u00e4ndern Leben \u2013 diese \u00dcberzeugung teilt die Uelzener Versicherungen als Unternehmen<\/h3>\n<p data-renderer-start-pos=\"1444\">Die Arbeit von Rehahunde Deutschland e.V. zeigt auf eindrucksvolle Weise, wie Tiere Menschen nicht nur begleiten, sondern ihnen neue Wege er\u00f6ffnen. Wege in ein selbstbestimmteres, sichereres und erf\u00fcllteres Leben.<\/p>\n<p data-renderer-start-pos=\"1729\">Mit unserem Sponsoring m\u00f6chten wir dazu beitragen, dass noch mehr Menschen von einem Assistenzhund profitieren k\u00f6nnen \u2013 und damit von mehr Lebensfreude, mehr Teilhabe und einem Alltag mit tierischer Unterst\u00fctzung an ihrer Seite.<\/p>\n<h3 data-renderer-start-pos=\"1960\">Mehr erfahren?<\/h3>\n<p data-renderer-start-pos=\"1976\">Wenn du mehr \u00fcber den Verein erfahren oder dich pers\u00f6nlich engagieren m\u00f6chtest, schau gern auf der <a class=\"_mizu194a _1ah31bk5 _ra3xnqa1 _128m1bk5 _1cvmnqa1 _4davt94y _4bfu18uv _1hms8stv _ajmmnqa1 _vchhusvi _kqswh2mm _syaz14q2 _ect41gqc _1a3b18uv _4fpr8stv _5goinqa1 _f8pj14q2 _9oik18uv _1bnxglyw _jf4cnqa1 _30l314q2 _1nrm18uv _c2waglyw _1iohnqa1 _9h8h16c2 _1053w7te _1ienw7te _n0fxw7te _1vhvg3x0\" title=\"http:\/\/www.rehahunde.de\" href=\"http:\/\/www.rehahunde.de\/\" data-renderer-mark=\"true\" data-is-router-link=\"false\" data-testid=\"link-with-safety\">Website<\/a> vorbei.<\/p>\n","protected":false},"excerpt":{"rendered":"<p>Als Spezialversicherer f\u00fcr Tiere erleben wir t\u00e4glich, wie stark die Verbindung zwischen Mensch und Tier ist. Tiere schenken nicht nur Freude und N\u00e4he \u2013 sie geben Halt, Sicherheit und in vielen F\u00e4llen ein St\u00fcck Lebensqualit\u00e4t zur\u00fcck. Besonders dann, wenn sie mehr als nur tierische Begleiter sind. Deshalb freuen wir uns sehr, den Verein Rehahunde Deutschland [&hellip;]<\/p>\n","protected":false},"author":11,"featured_media":18974,"parent":2469,"menu_order":2,"comment_status":"closed","ping_status":"closed","template":"templates\/blog.php","meta":{"_acf_changed":false,"_crdt_document":"","footnotes":"","beyondwords_generate_audio":"","beyondwords_project_id":"","beyondwords_content_id":"","beyondwords_preview_token":"","beyondwords_player_style":"","beyondwords_language_id":"","beyondwords_title_voice_id":"","beyondwords_body_voice_id":"","beyondwords_summary_voice_id":"","beyondwords_error_message":"","beyondwords_disabled":"","beyondwords_delete_content":"","beyondwords_podcast_id":"","beyondwords_hash":"","publish_post_to_speechkit":"","speechkit_hash":"","speechkit_generate_audio":"","speechkit_project_id":"","speechkit_podcast_id":"","speechkit_error_message":"","speechkit_disabled":"","speechkit_access_key":"","speechkit_error":"","speechkit_info":"","speechkit_response":"","speechkit_retries":"","speechkit_status":"","speechkit_updated_at":"","_speechkit_link":"","_speechkit_text":""},"class_list":["post-18967","page","type-page","status-publish","has-post-thumbnail","hentry"],"acf":[],"yoast_head":"<!-- This site is optimized with the Yoast SEO Premium plugin  - https:\/\/yoast.com\/product\/yoast-seo-premium-wordpress\/ -->\n<title>Gemeinsam f\u00fcr mehr Lebensfreude \u2013 Wir unterst\u00fctzen Rehahunde Deutschland e.V. | Uelzener Magazin<\/title>\n<meta name=\"description\" content=\"Rehahunde Deutschland e.V. unterst\u00fctzt Menschen durch speziell ausgebildete Assistenzhunde.\" \/>\n<meta name=\"robots\" content=\"index, follow, max-snippet:-1, max-image-preview:large, max-video-preview:-1\" \/>\n<link rel=\"canonical\" href=\"https:\/\/uelzener.de\/magazin\/wir\/uelzener-versicherungen-unterstuetzen-rehahunde-deutschland-e-v\/\" \/>\n<meta property=\"og:locale\" content=\"de_DE\" \/>\n<meta property=\"og:type\" content=\"article\" \/>\n<meta property=\"og:title\" content=\"Gemeinsam f\u00fcr mehr Lebensfreude \u2013 Wir unterst\u00fctzen Rehahunde Deutschland e.V.\" \/>\n<meta property=\"og:description\" content=\"Rehahunde Deutschland e.V. unterst\u00fctzt Menschen durch speziell ausgebildete Assistenzhunde.\" \/>\n<meta property=\"og:url\" content=\"https:\/\/uelzener.de\/magazin\/wir\/uelzener-versicherungen-unterstuetzen-rehahunde-deutschland-e-v\/\" \/>\n<meta property=\"og:site_name\" content=\"Uelzener Tier-Magazin\" \/>\n<meta property=\"article:publisher\" content=\"https:\/\/www.facebook.com\/Uelzener\" \/>\n<meta property=\"article:modified_time\" content=\"2025-09-02T11:08:41+00:00\" \/>\n<meta property=\"og:image\" content=\"https:\/\/uelzener.de\/magazin\/app\/uploads\/2025\/08\/rehahunde-ev.jpg\" \/>\n\t<meta property=\"og:image:width\" content=\"1025\" \/>\n\t<meta property=\"og:image:height\" content=\"450\" \/>\n\t<meta property=\"og:image:type\" content=\"image\/jpeg\" \/>\n<meta name=\"twitter:card\" content=\"summary_large_image\" \/>\n<meta name=\"twitter:label1\" content=\"Gesch\u00e4tzte Lesezeit\" \/>\n\t<meta name=\"twitter:data1\" content=\"2\u00a0Minuten\" \/>\n<script type=\"application\/ld+json\" class=\"yoast-schema-graph\">{\"@context\":\"https:\/\/schema.org\",\"@graph\":[{\"@type\":\"WebPage\",\"@id\":\"https:\/\/uelzener.de\/magazin\/wir\/uelzener-versicherungen-unterstuetzen-rehahunde-deutschland-e-v\/\",\"url\":\"https:\/\/uelzener.de\/magazin\/wir\/uelzener-versicherungen-unterstuetzen-rehahunde-deutschland-e-v\/\",\"name\":\"Gemeinsam f\u00fcr mehr Lebensfreude \u2013 Wir unterst\u00fctzen Rehahunde Deutschland e.V. | Uelzener Magazin\",\"isPartOf\":{\"@id\":\"https:\/\/uelzener.de\/magazin\/#website\"},\"primaryImageOfPage\":{\"@id\":\"https:\/\/uelzener.de\/magazin\/wir\/uelzener-versicherungen-unterstuetzen-rehahunde-deutschland-e-v\/#primaryimage\"},\"image\":{\"@id\":\"https:\/\/uelzener.de\/magazin\/wir\/uelzener-versicherungen-unterstuetzen-rehahunde-deutschland-e-v\/#primaryimage\"},\"thumbnailUrl\":\"https:\/\/uelzener.de\/magazin\/app\/uploads\/2025\/08\/rehahunde-ev.jpg\",\"datePublished\":\"2025-08-26T08:11:58+00:00\",\"dateModified\":\"2025-09-02T11:08:41+00:00\",\"description\":\"Rehahunde Deutschland e.V. unterst\u00fctzt Menschen durch speziell ausgebildete Assistenzhunde.\",\"breadcrumb\":{\"@id\":\"https:\/\/uelzener.de\/magazin\/wir\/uelzener-versicherungen-unterstuetzen-rehahunde-deutschland-e-v\/#breadcrumb\"},\"inLanguage\":\"de\",\"potentialAction\":[{\"@type\":\"ReadAction\",\"target\":[\"https:\/\/uelzener.de\/magazin\/wir\/uelzener-versicherungen-unterstuetzen-rehahunde-deutschland-e-v\/\"]}]},{\"@type\":\"ImageObject\",\"inLanguage\":\"de\",\"@id\":\"https:\/\/uelzener.de\/magazin\/wir\/uelzener-versicherungen-unterstuetzen-rehahunde-deutschland-e-v\/#primaryimage\",\"url\":\"https:\/\/uelzener.de\/magazin\/app\/uploads\/2025\/08\/rehahunde-ev.jpg\",\"contentUrl\":\"https:\/\/uelzener.de\/magazin\/app\/uploads\/2025\/08\/rehahunde-ev.jpg\",\"width\":1025,\"height\":450,\"caption\":\"Hunde des Rehahunde e.V. am Hamburger Hafen.\"},{\"@type\":\"WebSite\",\"@id\":\"https:\/\/uelzener.de\/magazin\/#website\",\"url\":\"https:\/\/uelzener.de\/magazin\/\",\"name\":\"Uelzener Tiermagazin\",\"description\":\"Online Tierratgeber der Uelzener Versicherungen\",\"publisher\":{\"@id\":\"https:\/\/uelzener.de\/magazin\/#organization\"},\"potentialAction\":[{\"@type\":\"SearchAction\",\"target\":{\"@type\":\"EntryPoint\",\"urlTemplate\":\"https:\/\/uelzener.de\/magazin\/?s={search_term_string}\"},\"query-input\":{\"@type\":\"PropertyValueSpecification\",\"valueRequired\":true,\"valueName\":\"search_term_string\"}}],\"inLanguage\":\"de\"},{\"@type\":\"Organization\",\"@id\":\"https:\/\/uelzener.de\/magazin\/#organization\",\"name\":\"Uelzener Versicherungen\",\"url\":\"https:\/\/uelzener.de\/magazin\/\",\"logo\":{\"@type\":\"ImageObject\",\"inLanguage\":\"de\",\"@id\":\"https:\/\/uelzener.de\/magazin\/#\/schema\/logo\/image\/\",\"url\":\"https:\/\/uelzener.de\/magazin\/app\/uploads\/2024\/11\/uelzener_allgemeine_versicherungsgesellschaft_a_g_logo.jpg\",\"contentUrl\":\"https:\/\/uelzener.de\/magazin\/app\/uploads\/2024\/11\/uelzener_allgemeine_versicherungsgesellschaft_a_g_logo.jpg\",\"width\":200,\"height\":200,\"caption\":\"Uelzener Versicherungen\"},\"image\":{\"@id\":\"https:\/\/uelzener.de\/magazin\/#\/schema\/logo\/image\/\"},\"sameAs\":[\"https:\/\/www.facebook.com\/Uelzener\",\"https:\/\/instagram.com\/uelzener\",\"https:\/\/www.xing.com\/pages\/uelzenerallgemeineversicherungs-gesellschafta-g\",\"https:\/\/www.youtube.com\/UelzenerVersicherungen\"]}]}<\/script>\n<!-- \/ Yoast SEO Premium plugin. -->","yoast_head_json":{"title":"Gemeinsam f\u00fcr mehr Lebensfreude \u2013 Wir unterst\u00fctzen Rehahunde Deutschland e.V. | Uelzener Magazin","description":"Rehahunde Deutschland e.V. unterst\u00fctzt Menschen durch speziell ausgebildete Assistenzhunde.","robots":{"index":"index","follow":"follow","max-snippet":"max-snippet:-1","max-image-preview":"max-image-preview:large","max-video-preview":"max-video-preview:-1"},"canonical":"https:\/\/uelzener.de\/magazin\/wir\/uelzener-versicherungen-unterstuetzen-rehahunde-deutschland-e-v\/","og_locale":"de_DE","og_type":"article","og_title":"Gemeinsam f\u00fcr mehr Lebensfreude \u2013 Wir unterst\u00fctzen Rehahunde Deutschland e.V.","og_description":"Rehahunde Deutschland e.V. unterst\u00fctzt Menschen durch speziell ausgebildete Assistenzhunde.","og_url":"https:\/\/uelzener.de\/magazin\/wir\/uelzener-versicherungen-unterstuetzen-rehahunde-deutschland-e-v\/","og_site_name":"Uelzener Tier-Magazin","article_publisher":"https:\/\/www.facebook.com\/Uelzener","article_modified_time":"2025-09-02T11:08:41+00:00","og_image":[{"width":1025,"height":450,"url":"https:\/\/uelzener.de\/magazin\/app\/uploads\/2025\/08\/rehahunde-ev.jpg","type":"image\/jpeg"}],"twitter_card":"summary_large_image","twitter_misc":{"Gesch\u00e4tzte Lesezeit":"2\u00a0Minuten"},"schema":{"@context":"https:\/\/schema.org","@graph":[{"@type":"WebPage","@id":"https:\/\/uelzener.de\/magazin\/wir\/uelzener-versicherungen-unterstuetzen-rehahunde-deutschland-e-v\/","url":"https:\/\/uelzener.de\/magazin\/wir\/uelzener-versicherungen-unterstuetzen-rehahunde-deutschland-e-v\/","name":"Gemeinsam f\u00fcr mehr Lebensfreude \u2013 Wir unterst\u00fctzen Rehahunde Deutschland e.V. | Uelzener Magazin","isPartOf":{"@id":"https:\/\/uelzener.de\/magazin\/#website"},"primaryImageOfPage":{"@id":"https:\/\/uelzener.de\/magazin\/wir\/uelzener-versicherungen-unterstuetzen-rehahunde-deutschland-e-v\/#primaryimage"},"image":{"@id":"https:\/\/uelzener.de\/magazin\/wir\/uelzener-versicherungen-unterstuetzen-rehahunde-deutschland-e-v\/#primaryimage"},"thumbnailUrl":"https:\/\/uelzener.de\/magazin\/app\/uploads\/2025\/08\/rehahunde-ev.jpg","datePublished":"2025-08-26T08:11:58+00:00","dateModified":"2025-09-02T11:08:41+00:00","description":"Rehahunde Deutschland e.V. unterst\u00fctzt Menschen durch speziell ausgebildete Assistenzhunde.","breadcrumb":{"@id":"https:\/\/uelzener.de\/magazin\/wir\/uelzener-versicherungen-unterstuetzen-rehahunde-deutschland-e-v\/#breadcrumb"},"inLanguage":"de","potentialAction":[{"@type":"ReadAction","target":["https:\/\/uelzener.de\/magazin\/wir\/uelzener-versicherungen-unterstuetzen-rehahunde-deutschland-e-v\/"]}]},{"@type":"ImageObject","inLanguage":"de","@id":"https:\/\/uelzener.de\/magazin\/wir\/uelzener-versicherungen-unterstuetzen-rehahunde-deutschland-e-v\/#primaryimage","url":"https:\/\/uelzener.de\/magazin\/app\/uploads\/2025\/08\/rehahunde-ev.jpg","contentUrl":"https:\/\/uelzener.de\/magazin\/app\/uploads\/2025\/08\/rehahunde-ev.jpg","width":1025,"height":450,"caption":"Hunde des Rehahunde e.V. am Hamburger Hafen."},{"@type":"WebSite","@id":"https:\/\/uelzener.de\/magazin\/#website","url":"https:\/\/uelzener.de\/magazin\/","name":"Uelzener Tiermagazin","description":"Online Tierratgeber der Uelzener Versicherungen","publisher":{"@id":"https:\/\/uelzener.de\/magazin\/#organization"},"potentialAction":[{"@type":"SearchAction","target":{"@type":"EntryPoint","urlTemplate":"https:\/\/uelzener.de\/magazin\/?s={search_term_string}"},"query-input":{"@type":"PropertyValueSpecification","valueRequired":true,"valueName":"search_term_string"}}],"inLanguage":"de"},{"@type":"Organization","@id":"https:\/\/uelzener.de\/magazin\/#organization","name":"Uelzener Versicherungen","url":"https:\/\/uelzener.de\/magazin\/","logo":{"@type":"ImageObject","inLanguage":"de","@id":"https:\/\/uelzener.de\/magazin\/#\/schema\/logo\/image\/","url":"https:\/\/uelzener.de\/magazin\/app\/uploads\/2024\/11\/uelzener_allgemeine_versicherungsgesellschaft_a_g_logo.jpg","contentUrl":"https:\/\/uelzener.de\/magazin\/app\/uploads\/2024\/11\/uelzener_allgemeine_versicherungsgesellschaft_a_g_logo.jpg","width":200,"height":200,"caption":"Uelzener Versicherungen"},"image":{"@id":"https:\/\/uelzener.de\/magazin\/#\/schema\/logo\/image\/"},"sameAs":["https:\/\/www.facebook.com\/Uelzener","https:\/\/instagram.com\/uelzener","https:\/\/www.xing.com\/pages\/uelzenerallgemeineversicherungs-gesellschafta-g","https:\/\/www.youtube.com\/UelzenerVersicherungen"]}]}},"_links":{"self":[{"href":"https:\/\/uelzener.de\/magazin\/wp-json\/wp\/v2\/pages\/18967","targetHints":{"allow":["GET"]}}],"collection":[{"href":"https:\/\/uelzener.de\/magazin\/wp-json\/wp\/v2\/pages"}],"about":[{"href":"https:\/\/uelzener.de\/magazin\/wp-json\/wp\/v2\/types\/page"}],"author":[{"embeddable":true,"href":"https:\/\/uelzener.de\/magazin\/wp-json\/wp\/v2\/users\/11"}],"replies":[{"embeddable":true,"href":"https:\/\/uelzener.de\/magazin\/wp-json\/wp\/v2\/comments?post=18967"}],"version-history":[{"count":6,"href":"https:\/\/uelzener.de\/magazin\/wp-json\/wp\/v2\/pages\/18967\/revisions"}],"predecessor-version":[{"id":19101,"href":"https:\/\/uelzener.de\/magazin\/wp-json\/wp\/v2\/pages\/18967\/revisions\/19101"}],"up":[{"embeddable":true,"href":"https:\/\/uelzener.de\/magazin\/wp-json\/wp\/v2\/pages\/2469"}],"wp:featuredmedia":[{"embeddable":true,"href":"https:\/\/uelzener.de\/magazin\/wp-json\/wp\/v2\/media\/18974"}],"wp:attachment":[{"href":"https:\/\/uelzener.de\/magazin\/wp-json\/wp\/v2\/media?parent=18967"}],"curies":[{"name":"wp","href":"https:\/\/api.w.org\/{rel}","templated":true}]}}