{"id":18859,"date":"2025-08-18T12:07:00","date_gmt":"2025-08-18T10:07:00","guid":{"rendered":"https:\/\/uelzener.de\/magazin\/?page_id=18859"},"modified":"2025-08-18T12:07:00","modified_gmt":"2025-08-18T10:07:00","slug":"katze-hat-verstopfung","status":"publish","type":"page","link":"https:\/\/uelzener.de\/magazin\/katze\/tiergesundheit\/katze-hat-verstopfung\/","title":{"rendered":"Katze hat Verstopfung \u2013 was tun?"},"content":{"rendered":"<p><span style=\"font-weight: 400;\">Verstopfung ist bei Katzen grunds\u00e4tzlich nichts Ungew\u00f6hnliches und kann immer wieder mal vorkommen. Besonders \u00e4ltere Samtpfoten, die weniger aktiv sind und deren Verdauung tr\u00e4ger wird, sind h\u00e4ufiger davon betroffen. Eine ausgewogene Ern\u00e4hrung, ausreichend Fl\u00fcssigkeit und Bewegung bilden die Grundlage f\u00fcr eine gesunde Verdauung.\u00a0<\/span><\/p>\n<p><span style=\"font-weight: 400;\">Doch was tun, wenn der Kotabsatz trotzdem ausbleibt und die Katze sichtlich leidet? Wir fassen alles Wichtige rund ums Thema Verstopfung bei Katzen zusammen und geben praktische Tipps f\u00fcr den Alltag.<\/span><\/p>\n<h2>Kotabsatz bei Katzen: Woran du eine gesunde Verdauung erkennst<\/h2>\n<p><span style=\"font-weight: 400;\">Katzen sind Fleischfresser und nehmen \u00fcber den Tag verteilt mehrere kleine Mahlzeiten zu sich. Ihr kr\u00e4ftiges Raubtiergebiss hilft ihnen dabei, ihr Futter oder ihre Beute in kleine St\u00fccke zu zerteilen. Das Futter wandert anschlie\u00dfend durch die Speiser\u00f6hre in den Magen und weiter in D\u00fcnn- und Dickdarm, wo wichtige Verdauungsprozesse stattfinden. Bis die Verdauung komplett abgeschlossen ist, vergehen etwa 24 Stunden, in manchen F\u00e4llen auch bis zu 36 Stunden. Die Dauer h\u00e4ngt unter anderem von der Zusammensetzung des Futters, der Trinkmenge und dem Ma\u00df an Bewegung ab. In dieser Zeit entzieht der K\u00f6rper der Nahrung alle wichtigen N\u00e4hrstoffe und Mineralien. Unverdauliches wird schlie\u00dflich als Kot ausgeschieden.\u00a0<\/span><\/p>\n<p><span style=\"font-weight: 400;\">Etwa ein Mal pro Tag setzt eine Samtpfote demnach Kot ab. Das ist jedoch nur ein grober Richtwert. Wie oft eine Katze ihr gro\u00dfes Gesch\u00e4ft verrichtet, ist individuell. In der Regel aber sollten zwischen den Kotausscheidungen nicht mehr als 36 Stunden vergehen.<\/span><\/p>\n<p><span style=\"font-weight: 400;\">Gesunder Katzenkot ist fest, l\u00e4nglich geformt und hell- bis dunkelbraun. Je l\u00e4nger der Kot im Dickdarm verbleibt, desto h\u00e4rter wird er. Auff\u00e4llige Abweichungen in Farbe und Konsistenz k\u00f6nnen auf Verdauungsprobleme hinweisen.\u00a0<\/span><\/p>\n<h2>Anzeichen f\u00fcr eine Verstopfung bei Katzen<\/h2>\n<p><span style=\"font-weight: 400;\">Wenn deine Katze alle ein bis maximal zwei Tage braunen, festen Kot absetzt, deutet das auf eine gesunde Verdauung hin. Allerdings l\u00e4sst sich das bei Freig\u00e4ngerkatzen nicht immer leicht kontrollieren, da sie ihr Gesch\u00e4ft oft drau\u00dfen erledigen. Trotzdem gibt es auch bei Freig\u00e4ngern Anzeichen, an denen du eine Verstopfung erkennen kannst:<\/span><\/p>\n<ul>\n<li style=\"font-weight: 400;\" aria-level=\"1\"><span style=\"font-weight: 400;\">kleine Kotmengen (meist kleine harte K\u00fcgelchen) im Katzenklo<\/span><\/li>\n<li style=\"font-weight: 400;\" aria-level=\"1\"><span style=\"font-weight: 400;\">seltene Kotausscheidung (eventuell auch unter Schmerz)<\/span><\/li>\n<li style=\"font-weight: 400;\" aria-level=\"1\"><span style=\"font-weight: 400;\">h\u00e4ufiges Aufsuchen der Katzentoilette ohne Kot- oder Urinabsatz<\/span><\/li>\n<li style=\"font-weight: 400;\" aria-level=\"1\"><span style=\"font-weight: 400;\">verh\u00e4rteter, angespannter Bauch<\/span><\/li>\n<li style=\"font-weight: 400;\" aria-level=\"1\"><span style=\"font-weight: 400;\">Schmerzen im Bauchbereich (etwa bei Ber\u00fchrung)<\/span><\/li>\n<li style=\"font-weight: 400;\" aria-level=\"1\"><span style=\"font-weight: 400;\">Unruhe<\/span><\/li>\n<li style=\"font-weight: 400;\" aria-level=\"1\"><span style=\"font-weight: 400;\">Appetitlosigkeit<\/span><\/li>\n<li style=\"font-weight: 400;\" aria-level=\"1\"><span style=\"font-weight: 400;\">Erbrechen<\/span><\/li>\n<\/ul>\n<p><span style=\"font-weight: 400;\">Unwohlsein und Schmerzen k\u00f6nnen Katzen oft lange verbergen. Wenn du bemerkst, dass sich deine Katze ungew\u00f6hnlich verh\u00e4lt, ist es ratsam, sie einem Tierarzt oder einer Tier\u00e4rztin vorzustellen.\u00a0<\/span><\/p>\n<h2>Kein Kot im Katzenklo: Wann zum Tierarzt?<\/h2>\n<p><span style=\"font-weight: 400;\">Wenn du eine Verstopfung bei deiner Katze vermutest und sich das Problem auch mit einer erh\u00f6hten Fl\u00fcssigkeitszufuhr oder sanften Hausmitteln nicht beheben l\u00e4sst, solltest du sie tier\u00e4rztlich untersuchen lassen. Die <\/span><span style=\"font-weight: 400;\">Uelzener Krankenv<\/span><span style=\"font-weight: 400;\">e<\/span><span style=\"font-weight: 400;\">rsicherung f\u00fcr Katzen<\/span><span style=\"font-weight: 400;\"> \u00fcbernimmt die Kosten f\u00fcr medizinische Behandlungen. So musst du dir keine Sorgen um finanzielle Belastungen machen.<\/span><\/p>\n\n<div class=\"banner\">\n    <a href=\"https:\/\/uelzener.de\/katze\/katzen-krankenversicherung\/?agt=0000104925&sem=true&utm_medium=magazin&utm_source=wordpress&utm_campaign=katze_kv&utm_content=banner\">\n        <img decoding=\"async\" width=\"300\" height=\"212\" src=\"https:\/\/uelzener.de\/magazin\/app\/uploads\/2025\/01\/Katzen-Kranken-Versicherung.jpg\" class=\"attachment-medium size-medium\" alt=\"Banner Katzen-Kranken-Versicherung\" \/>    <\/a>\n<\/div>\n\n<p><span style=\"font-weight: 400;\">Beim Besuch in der Tierarztpraxis stehen eine gr\u00fcndliche Anamnese und Allgemeinuntersuchung an. Der Tierarzt oder die Tier\u00e4rztin wird den Bauch der Katze gr\u00fcndlich abtasten. In den meisten F\u00e4llen l\u00e4sst sich so bereits feststellen, ob eine Verstopfung vorliegt. Bei einer leichten Auspr\u00e4gung reichen sanfte Mittel, um den Kotabsatz wieder in Schwung zu bringen.<\/span><\/p>\n<p><span style=\"font-weight: 400;\">Handelt es sich jedoch um eine schwere Verstopfung (erschwerte und unvollst\u00e4ndige Darmentleerung, Schmerzhaftigkeit), muss der Ursache genauer auf den Grund gegangen werden. Dazu k\u00f6nnen R\u00f6ntgenaufnahmen oder Ultraschalluntersuchungen notwendig sein. Anhand dieser kann der Tierarzt oder die Tier\u00e4rztin den Grad der Verstopfung besser einsch\u00e4tzen und eine passende Behandlungsmethode w\u00e4hlen.\u00a0<\/span><\/p>\n<p><span style=\"font-weight: 400;\">Bei stark verh\u00e4rtetem Kot und gr\u00f6\u00dferen Nahrungsmengen im Darm ist gegebenenfalls eine Darmsp\u00fclung oder sogar ein operativer Eingriff n\u00f6tig. Dazu wird die Katze kurzzeitig sediert oder in Vollnarkose versetzt. Um den Allgemeinzustand des Tieres zu verbessern, k\u00f6nnen erg\u00e4nzend Schmerzmittel und Infusionen verabreicht werden.\u00a0<\/span><\/p>\n<p><span style=\"font-weight: 400;\">H\u00e4lt eine Verstopfung l\u00e4nger an oder ist besonders hartn\u00e4ckig und kommt immer wieder vor, kann das zu einer Koprostase f\u00fchren. Dabei staut sich der Kot und wird nicht mehr weitertransportiert. Auch ein Megakolon ist m\u00f6glich. Dabei handelt es sich um eine\u00a0 krankhafte Erweiterung des Dickdarms, in der sich der Kot in besonders gro\u00dfen Mengen ansammelt. Im schlimmsten Fall kann es zu einem Darmverschluss kommen. Das ist ein absoluter Notfall und muss sofort tier\u00e4rztlich behandelt werden.<\/span><\/p>\n<h2>Ursachen f\u00fcr eine Verstopfung<\/h2>\n<p><span style=\"font-weight: 400;\">Eine Verstopfung bei Katzen kann verschiedene Ursachen haben. Oft stecken eine nicht artgerechte Ern\u00e4hrung und eine zu geringe Wasseraufnahme dahinter. Auch das Alter spielt eine Rolle: Wenn Katzen mit den Jahren immer mehr d\u00f6sen und sich weniger bewegen, wird die Verdauung tr\u00e4ger, was wiederum zu Verstopfungen f\u00fchrt. Bewegungsmangel kann grunds\u00e4tzlich zu Verdauungsproblemen f\u00fchren, weshalb auch \u00fcbergewichtige Katzen mitunter betroffen sind.<\/span><\/p>\n<p><span style=\"font-weight: 400;\">Dar\u00fcber hinaus k\u00f6nnen Haarballen den Kotabsatz erschweren. Das Risiko besteht vor allem bei Langhaarkatzen. \u00c4hnlich problematisch sind verschluckte Fremdk\u00f6rper wie lange Grashalme oder Geschenkb\u00e4nder.<\/span><\/p>\n<p><span style=\"font-weight: 400;\">Medikamente, aber auch Stress oder Unwohlsein sind weitere Faktoren, die eine Verstopfung hervorrufen k\u00f6nnen. Ver\u00e4nderungen im Haushalt oder der Lebenssituation setzen Katzen als Gewohnheitstieren oft zu.\u00a0<\/span><\/p>\n<p><span style=\"font-weight: 400;\">Zudem k\u00f6nnen Erkrankungen wie Arthrose, Fehlbildungen und anderweitige Probleme im Darmtrakt dazu f\u00fchren, dass die Katze Schmerzen hat, wenn sie auf Toilette geht, und den Stuhlgang so lange wie m\u00f6glich hinausz\u00f6gert.\u00a0<\/span><\/p>\n<h2>Verstopfung mit sanften Mitteln l\u00f6sen<\/h2>\n<p><span style=\"font-weight: 400;\">Leichte Verstopfungen lassen sich oftmals problemlos l\u00f6sen. Gut geeignet sind Hausmittel, die leicht abf\u00fchrend wirken und von vielen Stubentigern gern angenommen werden. Dazu z\u00e4hlen Milchprodukte wie Kondensmilch oder Naturjoghurt. Viele Katzen schlecken diese mit Begeisterung. Der praktische Nebeneffekt: Milchprodukte regen die Verdauung an. Einen \u00e4hnlichen Effekt erzielst du mit \u00d6l, das du in kleinen Mengen unters Nassfutter mischen kannst. Malzpaste f\u00fcr Katzen kann ebenfalls helfen. Aber Achtung: Zu gro\u00dfe Mengen an Milchprodukten, \u00d6l oder Malz verursachen Durchfall.\u00a0<\/span><\/p>\n<p><span style=\"font-weight: 400;\">Medizinische Abf\u00fchrmittel sollten nur in Absprache mit dem Tierarzt oder der Tier\u00e4rztin gegeben werden und m\u00fcssen speziell f\u00fcr Katzen geeignet sein..\u00a0<\/span><\/p>\n<h2>Verstopfung bei Katzen vorbeugen<\/h2>\n<p><span style=\"font-weight: 400;\">Wir haben dir ein paar praktische Alltagstipps zusammengestellt, mit denen du die Verdauung deiner Katze in Schwung h\u00e4ltst und Verstopfung vorbeugen kannst.<\/span><\/p>\n<ul>\n<li style=\"font-weight: 400;\" aria-level=\"1\"><b>Viel Bewegung:<\/b><span style=\"font-weight: 400;\"> Bewegung regt die Darmt\u00e4tigkeit an und wirkt sich unterst\u00fctzend auf die Verdauung aus.<\/span><\/li>\n<li style=\"font-weight: 400;\" aria-level=\"1\"><b>Ausgewogenes Futter:<\/b><span style=\"font-weight: 400;\"> Eine gesunde und ausgewogene Ern\u00e4hrung liefert wichtige N\u00e4hrstoffe und tr\u00e4gt zur Darmgesundheit bei.<\/span><\/li>\n<li style=\"font-weight: 400;\" aria-level=\"1\"><b>Regelm\u00e4\u00dfiges B\u00fcrsten: <\/b><span style=\"font-weight: 400;\">Beim B\u00fcrsten entfernst du lose Haare und verhinderst, dass deine Katze sie beim Putzen verschluckt. So gelangen weniger davon in den Magen-Darm-Trakt.<\/span><\/li>\n<li style=\"font-weight: 400;\" aria-level=\"1\"><b>Ausreichende Fl\u00fcssigkeitszufuhr: <\/b><span style=\"font-weight: 400;\">Mehrere Sch\u00fcsseln mit Wasser oder Trinkbrunnen animieren deine Katze dazu, genug zu trinken. So bleibt der Kot im Darm weich und kann besser ausgeschieden werden.\u00a0<\/span><\/li>\n<li style=\"font-weight: 400;\" aria-level=\"1\"><b>Stressfreie Umgebung:<\/b><span style=\"font-weight: 400;\"> Ein entspanntes Katzenleben tut dem Darm gut. Besonders auf der Katzentoilette sollte sich deine Katze sicher und ungest\u00f6rt f\u00fchlen, damit der Kotabsatz nicht unn\u00f6tig hinausgez\u00f6gert wird.\u00a0<\/span><\/li>\n<\/ul>\n<p><span style=\"font-weight: 400;\">Beachte jedoch, dass diese Tipps nur bei gesunden Tieren helfen. Wird die Verstopfung durch Erkrankungen oder Fehlbildungen verursacht, ist tier\u00e4rztlicher Rat gefragt.<\/span><\/p>\n\n<div class=\"related_articles boxed\">\n    <h2>Mehr zum Thema<\/h2>\n    \n    <div class=\"wrapper\"><div class=\"title align-center\"><h3><a href=\"https:\/\/uelzener.de\/magazin\/katze\/tiergesundheit\/gewichtsprobleme-bei-katzen-zu-dick-oder-duenn\/\">Gewichtsprobleme bei Katzen: Woran erkenne ich, ob meine Katze zu dick oder d\u00fcnn ist<\/a><\/h3><\/div><div class=\"img align-center\"><img decoding=\"async\" width=\"315\" height=\"180\" src=\"https:\/\/uelzener.de\/magazin\/app\/uploads\/2024\/03\/gewichtsproblem-katzen-315x180.jpg\" class=\"attachment-315x180 size-315x180 wp-post-image\" alt=\"Drei Katzen trinken aus einer Schale. Eine der Katzen hat etwas \u00dcbergewicht.\" \/><\/div><\/div><div class=\"wrapper\"><div class=\"title align-center\"><h3><a href=\"https:\/\/uelzener.de\/magazin\/katze\/ernaehrung\/barfen-bei-der-katze-frische-rohkost-statt-dosenfutter\/\">Barfen bei der Katze: Frische Rohkost statt Dosenfutter<\/a><\/h3><\/div><div class=\"img align-center\"><img decoding=\"async\" width=\"315\" height=\"180\" src=\"https:\/\/uelzener.de\/magazin\/app\/uploads\/2024\/09\/Barfen-bei-Katzen-Frische-Rohkost-statt-Dosenfutter-315x180.jpg\" class=\"attachment-315x180 size-315x180 wp-post-image\" alt=\"Barfen bei Katzen\" \/><\/div><\/div><div class=\"wrapper\"><div class=\"title align-center\"><h3><a href=\"https:\/\/uelzener.de\/magazin\/katze\/haltung\/fellpflege-katze\/\">Fellpflege bei Katzen: So klappt das B\u00fcrsten<\/a><\/h3><\/div><div class=\"img align-center\"><img decoding=\"async\" width=\"315\" height=\"180\" src=\"https:\/\/uelzener.de\/magazin\/app\/uploads\/2017\/09\/371a4c49-997a-42f3-83eb-b663c01e5ad4-315x180.jpg\" class=\"attachment-315x180 size-315x180 wp-post-image\" alt=\"Ein hellbraun wei\u00dfe Katze mit langem Fell sitzt auf einem Holztisch. Bei Katzen mit langen Haaren ist das B\u00fcrsten dieser essentiell.\" srcset=\"https:\/\/uelzener.de\/magazin\/app\/uploads\/2017\/09\/371a4c49-997a-42f3-83eb-b663c01e5ad4-315x180.jpg 315w, https:\/\/uelzener.de\/magazin\/app\/uploads\/2017\/09\/371a4c49-997a-42f3-83eb-b663c01e5ad4-650x369.jpg 650w\" sizes=\"(max-width: 315px) 100vw, 315px\" \/><\/div><\/div><\/div>\n\n<h2>Fazit<\/h2>\n<p><span style=\"font-weight: 400;\">Katzen, die selten aktiv sind und zu wenig trinken, leiden h\u00e4ufiger unter Verstopfung. Oft helfen kleine Anpassungen im Alltag, um zu mehr Bewegung und Fl\u00fcssigkeitsaufnahme zu motivieren. Leichte Verstopfungen lassen sich meist schnell mit sanften Hausmitteln in den Griff bekommen. Bleibt der Kotabsatz jedoch aus und leidet deine Katze unter Schmerzen, ist ein Besuch beim Tierarzt oder bei der Tier\u00e4rztin unerl\u00e4sslich. Nur so k\u00f6nnen ernsthafte gesundheitliche Folgen vermieden werden.<\/span><\/p>\n<h2>FAQ: H\u00e4ufig gestellte Fragen zur Verstopfung bei Katzen<\/h2>\n<h3>Ist eine Verstopfung lebensbedrohlich?<\/h3>\n<p><span style=\"font-weight: 400;\">Eine einfache Verstopfung kann meist leicht gel\u00f6st werden. Dauert die Verstopfung jedoch an, kann sie zu einem Notfall werden. Deshalb solltest du nicht lange warten und den Tierarzt oder die Tier\u00e4rztin konsultieren.\u00a0<\/span><\/p>\n<h3>Welche Hausmittel wirken bei Katzen abf\u00fchrend?<\/h3>\n<p><span style=\"font-weight: 400;\">Wenn deine Katze an einer leichten Verstopfung leidet, kannst du ihr eine kleine Portion Joghurt, Kondensmilch oder Milch zum Schlecken anbieten oder unters Futter mischen. Auch \u00d6l oder Malzpaste k\u00f6nnen helfen.\u00a0<\/span><\/p>\n<h3>Welche Untersuchungen sind beim Tierarzt wirklich notwendig?<\/h3>\n<p><span style=\"font-weight: 400;\">Das ist von Fall zu Fall unterschiedlich und h\u00e4ngt vor allem davon ab, wie schlimm die Verstopfung ist und welche Ursachen vermutet werden. Bei schwierigen F\u00e4llen sind bildgebende Verfahren wie R\u00f6ntgen oder Ultraschall n\u00f6tig. Auch Blutanalysen k\u00f6nnen wichtige Hinweise liefern. Unter Umst\u00e4nden sind zudem rektale oder endoskopische Untersuchungen erforderlich, um eine genaue Diagnose zu stellen.\u00a0 <\/span><\/p>\n","protected":false},"excerpt":{"rendered":"<p>Verstopfung ist bei Katzen grunds\u00e4tzlich nichts Ungew\u00f6hnliches und kann immer wieder mal vorkommen. Besonders \u00e4ltere Samtpfoten, die weniger aktiv sind und deren Verdauung tr\u00e4ger wird, sind h\u00e4ufiger davon betroffen. Eine ausgewogene Ern\u00e4hrung, ausreichend Fl\u00fcssigkeit und Bewegung bilden die Grundlage f\u00fcr eine gesunde Verdauung.\u00a0 Doch was tun, wenn der Kotabsatz trotzdem ausbleibt und die Katze sichtlich [&hellip;]<\/p>\n","protected":false},"author":11,"featured_media":18863,"parent":11712,"menu_order":27,"comment_status":"closed","ping_status":"closed","template":"templates\/blog.php","meta":{"_acf_changed":false,"_crdt_document":"","footnotes":"","beyondwords_generate_audio":"","beyondwords_project_id":"","beyondwords_content_id":"","beyondwords_preview_token":"","beyondwords_player_style":"","beyondwords_language_id":"","beyondwords_title_voice_id":"","beyondwords_body_voice_id":"","beyondwords_summary_voice_id":"","beyondwords_error_message":"","beyondwords_disabled":"","beyondwords_delete_content":"","beyondwords_podcast_id":"","beyondwords_hash":"","publish_post_to_speechkit":"","speechkit_hash":"","speechkit_generate_audio":"","speechkit_project_id":"","speechkit_podcast_id":"","speechkit_error_message":"","speechkit_disabled":"","speechkit_access_key":"","speechkit_error":"","speechkit_info":"","speechkit_response":"","speechkit_retries":"","speechkit_status":"","speechkit_updated_at":"","_speechkit_link":"","_speechkit_text":""},"class_list":["post-18859","page","type-page","status-publish","has-post-thumbnail","hentry"],"acf":[],"yoast_head":"<!-- This site is optimized with the Yoast SEO Premium plugin  - https:\/\/yoast.com\/product\/yoast-seo-premium-wordpress\/ -->\n<title>Katze hat Verstopfung \u2013 was tun? | Uelzener Magazin<\/title>\n<meta name=\"description\" content=\"Verstopfung bei Katzen kann problematisch sein. Lese hier, wie du das Wohlbefinden deiner Katze unterst\u00fctzen kannst.\" \/>\n<meta name=\"robots\" content=\"index, follow, max-snippet:-1, max-image-preview:large, max-video-preview:-1\" \/>\n<link rel=\"canonical\" href=\"https:\/\/uelzener.de\/magazin\/katze\/tiergesundheit\/katze-hat-verstopfung\/\" \/>\n<meta property=\"og:locale\" content=\"de_DE\" \/>\n<meta property=\"og:type\" content=\"article\" \/>\n<meta property=\"og:title\" content=\"Katze hat Verstopfung \u2013 was tun?\" \/>\n<meta property=\"og:description\" content=\"Verstopfung bei Katzen kann problematisch sein. Lese hier, wie du das Wohlbefinden deiner Katze unterst\u00fctzen kannst.\" \/>\n<meta property=\"og:url\" content=\"https:\/\/uelzener.de\/magazin\/katze\/tiergesundheit\/katze-hat-verstopfung\/\" \/>\n<meta property=\"og:site_name\" content=\"Uelzener Tier-Magazin\" \/>\n<meta property=\"article:publisher\" content=\"https:\/\/www.facebook.com\/Uelzener\" \/>\n<meta property=\"og:image\" content=\"https:\/\/uelzener.de\/magazin\/app\/uploads\/2025\/08\/verstopfung-katze.png\" \/>\n\t<meta property=\"og:image:width\" content=\"1025\" \/>\n\t<meta property=\"og:image:height\" content=\"450\" \/>\n\t<meta property=\"og:image:type\" content=\"image\/png\" \/>\n<meta name=\"twitter:card\" content=\"summary_large_image\" \/>\n<meta name=\"twitter:label1\" content=\"Gesch\u00e4tzte Lesezeit\" \/>\n\t<meta name=\"twitter:data1\" content=\"8\u00a0Minuten\" \/>\n<script type=\"application\/ld+json\" class=\"yoast-schema-graph\">{\"@context\":\"https:\/\/schema.org\",\"@graph\":[{\"@type\":\"WebPage\",\"@id\":\"https:\/\/uelzener.de\/magazin\/katze\/tiergesundheit\/katze-hat-verstopfung\/\",\"url\":\"https:\/\/uelzener.de\/magazin\/katze\/tiergesundheit\/katze-hat-verstopfung\/\",\"name\":\"Katze hat Verstopfung \u2013 was tun? | Uelzener Magazin\",\"isPartOf\":{\"@id\":\"https:\/\/uelzener.de\/magazin\/#website\"},\"primaryImageOfPage\":{\"@id\":\"https:\/\/uelzener.de\/magazin\/katze\/tiergesundheit\/katze-hat-verstopfung\/#primaryimage\"},\"image\":{\"@id\":\"https:\/\/uelzener.de\/magazin\/katze\/tiergesundheit\/katze-hat-verstopfung\/#primaryimage\"},\"thumbnailUrl\":\"https:\/\/uelzener.de\/magazin\/app\/uploads\/2025\/08\/verstopfung-katze.png\",\"datePublished\":\"2025-08-18T10:07:00+00:00\",\"description\":\"Verstopfung bei Katzen kann problematisch sein. Lese hier, wie du das Wohlbefinden deiner Katze unterst\u00fctzen kannst.\",\"breadcrumb\":{\"@id\":\"https:\/\/uelzener.de\/magazin\/katze\/tiergesundheit\/katze-hat-verstopfung\/#breadcrumb\"},\"inLanguage\":\"de\",\"potentialAction\":[{\"@type\":\"ReadAction\",\"target\":[\"https:\/\/uelzener.de\/magazin\/katze\/tiergesundheit\/katze-hat-verstopfung\/\"]}]},{\"@type\":\"ImageObject\",\"inLanguage\":\"de\",\"@id\":\"https:\/\/uelzener.de\/magazin\/katze\/tiergesundheit\/katze-hat-verstopfung\/#primaryimage\",\"url\":\"https:\/\/uelzener.de\/magazin\/app\/uploads\/2025\/08\/verstopfung-katze.png\",\"contentUrl\":\"https:\/\/uelzener.de\/magazin\/app\/uploads\/2025\/08\/verstopfung-katze.png\",\"width\":1025,\"height\":450,\"caption\":\"Katze mit Verstopfung im Katzenklo.\"},{\"@type\":\"WebSite\",\"@id\":\"https:\/\/uelzener.de\/magazin\/#website\",\"url\":\"https:\/\/uelzener.de\/magazin\/\",\"name\":\"Uelzener Tiermagazin\",\"description\":\"Online Tierratgeber der Uelzener Versicherungen\",\"publisher\":{\"@id\":\"https:\/\/uelzener.de\/magazin\/#organization\"},\"potentialAction\":[{\"@type\":\"SearchAction\",\"target\":{\"@type\":\"EntryPoint\",\"urlTemplate\":\"https:\/\/uelzener.de\/magazin\/?s={search_term_string}\"},\"query-input\":{\"@type\":\"PropertyValueSpecification\",\"valueRequired\":true,\"valueName\":\"search_term_string\"}}],\"inLanguage\":\"de\"},{\"@type\":\"Organization\",\"@id\":\"https:\/\/uelzener.de\/magazin\/#organization\",\"name\":\"Uelzener Versicherungen\",\"url\":\"https:\/\/uelzener.de\/magazin\/\",\"logo\":{\"@type\":\"ImageObject\",\"inLanguage\":\"de\",\"@id\":\"https:\/\/uelzener.de\/magazin\/#\/schema\/logo\/image\/\",\"url\":\"https:\/\/uelzener.de\/magazin\/app\/uploads\/2024\/11\/uelzener_allgemeine_versicherungsgesellschaft_a_g_logo.jpg\",\"contentUrl\":\"https:\/\/uelzener.de\/magazin\/app\/uploads\/2024\/11\/uelzener_allgemeine_versicherungsgesellschaft_a_g_logo.jpg\",\"width\":200,\"height\":200,\"caption\":\"Uelzener Versicherungen\"},\"image\":{\"@id\":\"https:\/\/uelzener.de\/magazin\/#\/schema\/logo\/image\/\"},\"sameAs\":[\"https:\/\/www.facebook.com\/Uelzener\",\"https:\/\/instagram.com\/uelzener\",\"https:\/\/www.xing.com\/pages\/uelzenerallgemeineversicherungs-gesellschafta-g\",\"https:\/\/www.youtube.com\/UelzenerVersicherungen\"]}]}<\/script>\n<!-- \/ Yoast SEO Premium plugin. -->","yoast_head_json":{"title":"Katze hat Verstopfung \u2013 was tun? | Uelzener Magazin","description":"Verstopfung bei Katzen kann problematisch sein. Lese hier, wie du das Wohlbefinden deiner Katze unterst\u00fctzen kannst.","robots":{"index":"index","follow":"follow","max-snippet":"max-snippet:-1","max-image-preview":"max-image-preview:large","max-video-preview":"max-video-preview:-1"},"canonical":"https:\/\/uelzener.de\/magazin\/katze\/tiergesundheit\/katze-hat-verstopfung\/","og_locale":"de_DE","og_type":"article","og_title":"Katze hat Verstopfung \u2013 was tun?","og_description":"Verstopfung bei Katzen kann problematisch sein. Lese hier, wie du das Wohlbefinden deiner Katze unterst\u00fctzen kannst.","og_url":"https:\/\/uelzener.de\/magazin\/katze\/tiergesundheit\/katze-hat-verstopfung\/","og_site_name":"Uelzener Tier-Magazin","article_publisher":"https:\/\/www.facebook.com\/Uelzener","og_image":[{"width":1025,"height":450,"url":"https:\/\/uelzener.de\/magazin\/app\/uploads\/2025\/08\/verstopfung-katze.png","type":"image\/png"}],"twitter_card":"summary_large_image","twitter_misc":{"Gesch\u00e4tzte Lesezeit":"8\u00a0Minuten"},"schema":{"@context":"https:\/\/schema.org","@graph":[{"@type":"WebPage","@id":"https:\/\/uelzener.de\/magazin\/katze\/tiergesundheit\/katze-hat-verstopfung\/","url":"https:\/\/uelzener.de\/magazin\/katze\/tiergesundheit\/katze-hat-verstopfung\/","name":"Katze hat Verstopfung \u2013 was tun? | Uelzener Magazin","isPartOf":{"@id":"https:\/\/uelzener.de\/magazin\/#website"},"primaryImageOfPage":{"@id":"https:\/\/uelzener.de\/magazin\/katze\/tiergesundheit\/katze-hat-verstopfung\/#primaryimage"},"image":{"@id":"https:\/\/uelzener.de\/magazin\/katze\/tiergesundheit\/katze-hat-verstopfung\/#primaryimage"},"thumbnailUrl":"https:\/\/uelzener.de\/magazin\/app\/uploads\/2025\/08\/verstopfung-katze.png","datePublished":"2025-08-18T10:07:00+00:00","description":"Verstopfung bei Katzen kann problematisch sein. Lese hier, wie du das Wohlbefinden deiner Katze unterst\u00fctzen kannst.","breadcrumb":{"@id":"https:\/\/uelzener.de\/magazin\/katze\/tiergesundheit\/katze-hat-verstopfung\/#breadcrumb"},"inLanguage":"de","potentialAction":[{"@type":"ReadAction","target":["https:\/\/uelzener.de\/magazin\/katze\/tiergesundheit\/katze-hat-verstopfung\/"]}]},{"@type":"ImageObject","inLanguage":"de","@id":"https:\/\/uelzener.de\/magazin\/katze\/tiergesundheit\/katze-hat-verstopfung\/#primaryimage","url":"https:\/\/uelzener.de\/magazin\/app\/uploads\/2025\/08\/verstopfung-katze.png","contentUrl":"https:\/\/uelzener.de\/magazin\/app\/uploads\/2025\/08\/verstopfung-katze.png","width":1025,"height":450,"caption":"Katze mit Verstopfung im Katzenklo."},{"@type":"WebSite","@id":"https:\/\/uelzener.de\/magazin\/#website","url":"https:\/\/uelzener.de\/magazin\/","name":"Uelzener Tiermagazin","description":"Online Tierratgeber der Uelzener Versicherungen","publisher":{"@id":"https:\/\/uelzener.de\/magazin\/#organization"},"potentialAction":[{"@type":"SearchAction","target":{"@type":"EntryPoint","urlTemplate":"https:\/\/uelzener.de\/magazin\/?s={search_term_string}"},"query-input":{"@type":"PropertyValueSpecification","valueRequired":true,"valueName":"search_term_string"}}],"inLanguage":"de"},{"@type":"Organization","@id":"https:\/\/uelzener.de\/magazin\/#organization","name":"Uelzener Versicherungen","url":"https:\/\/uelzener.de\/magazin\/","logo":{"@type":"ImageObject","inLanguage":"de","@id":"https:\/\/uelzener.de\/magazin\/#\/schema\/logo\/image\/","url":"https:\/\/uelzener.de\/magazin\/app\/uploads\/2024\/11\/uelzener_allgemeine_versicherungsgesellschaft_a_g_logo.jpg","contentUrl":"https:\/\/uelzener.de\/magazin\/app\/uploads\/2024\/11\/uelzener_allgemeine_versicherungsgesellschaft_a_g_logo.jpg","width":200,"height":200,"caption":"Uelzener Versicherungen"},"image":{"@id":"https:\/\/uelzener.de\/magazin\/#\/schema\/logo\/image\/"},"sameAs":["https:\/\/www.facebook.com\/Uelzener","https:\/\/instagram.com\/uelzener","https:\/\/www.xing.com\/pages\/uelzenerallgemeineversicherungs-gesellschafta-g","https:\/\/www.youtube.com\/UelzenerVersicherungen"]}]}},"_links":{"self":[{"href":"https:\/\/uelzener.de\/magazin\/wp-json\/wp\/v2\/pages\/18859","targetHints":{"allow":["GET"]}}],"collection":[{"href":"https:\/\/uelzener.de\/magazin\/wp-json\/wp\/v2\/pages"}],"about":[{"href":"https:\/\/uelzener.de\/magazin\/wp-json\/wp\/v2\/types\/page"}],"author":[{"embeddable":true,"href":"https:\/\/uelzener.de\/magazin\/wp-json\/wp\/v2\/users\/11"}],"replies":[{"embeddable":true,"href":"https:\/\/uelzener.de\/magazin\/wp-json\/wp\/v2\/comments?post=18859"}],"version-history":[{"count":3,"href":"https:\/\/uelzener.de\/magazin\/wp-json\/wp\/v2\/pages\/18859\/revisions"}],"predecessor-version":[{"id":18862,"href":"https:\/\/uelzener.de\/magazin\/wp-json\/wp\/v2\/pages\/18859\/revisions\/18862"}],"up":[{"embeddable":true,"href":"https:\/\/uelzener.de\/magazin\/wp-json\/wp\/v2\/pages\/11712"}],"wp:featuredmedia":[{"embeddable":true,"href":"https:\/\/uelzener.de\/magazin\/wp-json\/wp\/v2\/media\/18863"}],"wp:attachment":[{"href":"https:\/\/uelzener.de\/magazin\/wp-json\/wp\/v2\/media?parent=18859"}],"curies":[{"name":"wp","href":"https:\/\/api.w.org\/{rel}","templated":true}]}}