{"id":18839,"date":"2025-08-11T09:32:54","date_gmt":"2025-08-11T07:32:54","guid":{"rendered":"https:\/\/uelzener.de\/magazin\/?page_id=18839"},"modified":"2025-08-11T09:32:54","modified_gmt":"2025-08-11T07:32:54","slug":"warum-koennen-pferde-nicht-erbrechen","status":"publish","type":"page","link":"https:\/\/uelzener.de\/magazin\/pferd\/tiergesundheit\/warum-koennen-pferde-nicht-erbrechen\/","title":{"rendered":"Warum k\u00f6nnen Pferde nicht erbrechen?"},"content":{"rendered":"<p><span style=\"font-weight: 400;\">Wenn Hund, Katze oder Mensch etwas Unvertr\u00e4gliches zu sich genommen haben, k\u00f6nnen sie es durch Erbrechen wieder loswerden. Pferde hingegen sind anatomisch nicht in der Lage zu erbrechen. Das kann im schlimmsten Fall lebensbedrohlich sein, etwa bei einer Vergiftung. Doch woran liegt das \u00fcberhaupt? In unserem Artikel erkl\u00e4ren wir dir, warum Pferde nicht erbrechen k\u00f6nnen, weshalb das problematisch ist und wie du dein Tier vor gesundheitlichen Risiken sch\u00fctzen kannst.<\/span><\/p>\n<h2>Anatomische Besonderheiten, die Pferde am Erbrechen hindern<\/h2>\n<p><span style=\"font-weight: 400;\">Der Verdauungstrakt von Pferden ist grunds\u00e4tzlich sehr speziell aufgebaut. Die Speiser\u00f6hre ist ungef\u00e4hr 1,20 Meter lang und m\u00fcndet in den Pferdemagen, der mit einem Fassungsverm\u00f6gen von 12 bis 15 Litern im Verh\u00e4ltnis zur K\u00f6rpergr\u00f6\u00dfe recht klein ist. <\/span><\/p>\n<p><span style=\"font-weight: 400;\">Am Mageneingang befindet sich ein Schlie\u00dfmuskel, der untere \u00d6sophagussphinkter, auch Kardia-Schlie\u00dfmuskel genannt. Er ist bei Pferden au\u00dfergew\u00f6hnlich stark ausgepr\u00e4gt. <\/span><span style=\"font-weight: 400;\">Hat der Nahrungsbrei die Speiser\u00f6hre passiert und ist im Magen angekommen, schlie\u00dft der Muskel dicht und fest. Auf diese Weise verhindert er, dass Futter aus dem Magen in die Speiser\u00f6hre zur\u00fcckflie\u00dft. Das hat auch einen Vorteil, denn dadurch sind Entz\u00fcndungen der Speiser\u00f6hre aufgrund von zur\u00fcckflie\u00dfendem Magensaft, wie sie etwa bei Hunden entstehen k\u00f6nnen, bei Pferden ausgeschlossen. Hinzu kommt, dass die Speiser\u00f6hre in einem sehr spitzen Winkel in den Magen m\u00fcndet, was den R\u00fcckfluss abermals erschwert. <\/span><\/p>\n<p><span style=\"font-weight: 400;\">Es gibt also mehrere anatomische und physiologische Faktoren, die zusammenspielen und das Erbrechen f\u00fcr Pferde quasi unm\u00f6glich machen.\u00a0<\/span><\/p>\n<h2>Und doch: Es gibt Ausnahmen<\/h2>\n<p><span style=\"font-weight: 400;\">Pferde sind aufgrund ihrer Anatomie nicht in der Lage, zu erbrechen und trotzdem kann es Situationen geben, in denen sie es tun. Dabei erbrechen sie jedoch nicht aus dem Maul, sondern durch die Nase, was wiederum auf die Anatomie des Pferderachens zur\u00fcckzuf\u00fchren ist. Grund daf\u00fcr kann eine Magen\u00fcberladung sein: Dazu kann es kommen, wenn ein Pferd zu schnell und zu viel frisst \u2013 insbesondere quellendes oder g\u00e4rendes Futter, das sein Volumen im Magen nochmals vergr\u00f6\u00dfert. Das Pferd entwickelt dann einen W\u00fcrgereiz und der Schlie\u00dfmuskel \u00f6ffnet sich doch, so dass der Futterbrei \u00fcber Speiser\u00f6hre und Nase nach au\u00dfen gelangt. Voraussetzung daf\u00fcr ist allerdings, dass der Mageninhalt einen hohen Fl\u00fcssigkeitsanteil hat.\u00a0<\/span><\/p>\n<p><span style=\"font-weight: 400;\">Eine Magen\u00fcberladung kann auch infolge einer Verstopfung auftreten, denn flie\u00dft der Futterbrei nicht mehr weiter, kommt es zu einem R\u00fcckstau im Magen. Auch ein Darmverschluss kann Ursache f\u00fcrs Erbrechen sein, n\u00e4mlich dann, wenn D\u00fcnndarms\u00e4fte in den Magen zur\u00fcckflie\u00dfen und diesen so weit f\u00fcllen, dass sich der Schlie\u00dfmuskel \u00f6ffnet. Abgesehen davon husten und w\u00fcrgen Pferde auch, wenn ihnen Futter im Schlund steckenbleibt. Die Nahrung flie\u00dft dann aus den N\u00fcstern heraus.\u00a0<\/span><\/p>\n<h2>Warum es problematisch ist, dass Pferde nicht erbrechen k\u00f6nnen<\/h2>\n<p><span style=\"font-weight: 400;\">Dass Pferde nicht erbrechen k\u00f6nnen, ist aus verschiedenen Gr\u00fcnden problematisch.\u00a0<\/span><\/p>\n<ul>\n<li style=\"font-weight: 400;\" aria-level=\"1\"><b>Hohes Risiko f\u00fcr Magenruptur<\/b><span style=\"font-weight: 400;\">: Der Magen eines Pferdes ist relativ klein und kann sich nur begrenzt dehnen. Bei zu gro\u00dfer Futter- oder Gasansammlung kann er \u00fcberdehnt werden. Da das Pferd nicht erbrechen kann, fehlt der nat\u00fcrliche Entlastungsmechanismus. Im Extremfall droht eine Magenruptur oder ein Magendurchbruch. Dazu kann es auch kommen, wenn das Pferd versucht, sich zu erbrechen. Denn dabei baut sich eine derart gro\u00dfe Spannung auf, dass der Magen rei\u00dfen kann. Das ist ein Notfall und f\u00fcr das Pferd lebensbedrohlich<\/span><\/li>\n<li style=\"font-weight: 400;\" aria-level=\"1\"><b>Hohes Risiko bei Koliken<\/b><span style=\"font-weight: 400;\">: Koliken sind Erkrankungen des Magen-Darm-Trakts und bei Pferden besonders ernst zu nehmen, weil sie sich weder durch Erbrechen noch \u00fcber andere Wege schnell entlasten k\u00f6nnen. Aus diesem Grund kann eine Kolik schnell extreme Ausma\u00dfe annehmen und zum Kreislaufversagen f\u00fchren.<\/span><\/li>\n<li style=\"font-weight: 400;\" aria-level=\"1\"><b>Hohes Risiko f\u00fcr Vergiftung<\/b><span style=\"font-weight: 400;\">: Wenn Pferde sch\u00e4dliche Substanzen aufgenommen haben, beispielsweise Giftpflanzen oder verdorbenes Futter, ist eine gezielte Ausleitung durch Erbrechen, wie sie beim Menschen m\u00f6glich ist, nicht umsetzbar. Das erh\u00f6ht das Risiko einer Vergiftung.<\/span><\/li>\n<\/ul>\n\n<div class=\"banner\">\n    <a href=\"https:\/\/uelzener.de\/pferd\/pferde-op-versicherung\/?agt=0000104925&sem=true&utm_medium=magazin&utm_source=wordpress&utm_campaign=pferd_kolik&utm_content=banner\">\n        <img decoding=\"async\" width=\"300\" height=\"212\" src=\"https:\/\/uelzener.de\/magazin\/app\/uploads\/2025\/01\/Pferde-Kolik-Versicherung.jpg\" class=\"attachment-medium size-medium\" alt=\"Banner Pferde-Kolik-Versicherung\" \/>    <\/a>\n<\/div>\n\n<p><span style=\"font-weight: 400;\">Aufgrund der Risiken, die sich f\u00fcr Pferde aus der mangelnden F\u00e4higkeit, erbrechen zu k\u00f6nnen, ergeben, werden an das F\u00fctterungs-, Haltungs- und Gesundheitsmanagement hohe Anforderungen gestellt. Entscheidend ist nicht nur, das Pferd artgerecht und ausgewogen zu ern\u00e4hren, sondern auch regelm\u00e4\u00dfige Vorsorgeuntersuchungen durchf\u00fchren zu lassen. Als Halter oder Halterin solltest du dein Pferd genau im Blick behalten und bei Verdacht auf Verdauungsprobleme, Koliken oder Vergiftungen umgehend tier\u00e4rztliche Hilfe in Anspruch nehmen.\u00a0<\/span><\/p>\n\n<div class=\"related_articles boxed\">\n    <h2>Mehr zum Thema<\/h2>\n    \n    <div class=\"wrapper\"><div class=\"title align-center\"><h3><a href=\"https:\/\/uelzener.de\/magazin\/pferd\/tiergesundheit\/kolik-beim-pferd\/\">Kolik beim Pferd: Ursachen, Symptome, Behandlung und Kosten<\/a><\/h3><\/div><div class=\"img align-center\"><img decoding=\"async\" width=\"315\" height=\"180\" src=\"https:\/\/uelzener.de\/magazin\/app\/uploads\/2021\/09\/1024x450_Nahaufnahme-Tieraerztin-untersucht-Pferd-315x180.jpg\" class=\"attachment-315x180 size-315x180 wp-post-image\" alt=\"Tier\u00e4rztin untersuch braunes Pferd mit Stethoskop auf Anzeichen von Kolik.\" \/><\/div><\/div><div class=\"wrapper\"><div class=\"title align-center\"><h3><a href=\"https:\/\/uelzener.de\/magazin\/pferd\/haeufige-fragen\/kolik-hausmittel\/\">Kolik: Welche Hausmittel helfen wirklich?<\/a><\/h3><\/div><div class=\"img align-center\"><img decoding=\"async\" width=\"315\" height=\"180\" src=\"https:\/\/uelzener.de\/magazin\/app\/uploads\/2022\/10\/Hausmittel-Kolik-Pferd-315x180.jpg\" class=\"attachment-315x180 size-315x180 wp-post-image\" alt=\"Pferd liegt auf der Wiese. Welche Hausmittel helfen bei Kolik?\" \/><\/div><\/div><div class=\"wrapper\"><div class=\"title align-center\"><h3><a href=\"https:\/\/uelzener.de\/magazin\/pferd\/tiergesundheit\/giftpflanzen-pferd\/\">Giftpflanzen f\u00fcr das Pferd: Lebensbedrohliche Gefahren erkennen<\/a><\/h3><\/div><div class=\"img align-center\"><img decoding=\"async\" width=\"315\" height=\"180\" src=\"https:\/\/uelzener.de\/magazin\/app\/uploads\/2022\/05\/Giftpflanzen-Pferde-315x180.jpg\" class=\"attachment-315x180 size-315x180 wp-post-image\" alt=\"Pferd frisst Gras giftige Pflanzen f\u00fcr Pferde\" \/><\/div><\/div><\/div>\n\n<h2>Verdauungsprobleme fr\u00fchzeitig erkennen<\/h2>\n<p><span style=\"font-weight: 400;\">Wenn Tiere erbrechen, ist das h\u00e4ufig ein Anzeichen daf\u00fcr, dass etwas mit dem Verdauungstrakt nicht stimmt. Da Pferde dazu nicht imstande sind, f\u00e4llt dieses Symptom weg. Dadurch ist es schwerer, Magen-Darm-Problemen auf die Schliche zu kommen. Aus diesem Grund solltest du besonders aufmerksam sein und schon auf kleinste Anzeichen von Unwohlsein oder gesundheitlichen Beschwerden achten.<\/span><\/p>\n<p><span style=\"font-weight: 400;\">Dazu geh\u00f6ren:<\/span><\/p>\n<ul>\n<li style=\"font-weight: 400;\" aria-level=\"1\"><span style=\"font-weight: 400;\">Verhaltens\u00e4nderungen wie pl\u00f6tzliche Unruhe und Nervosit\u00e4t<\/span><\/li>\n<li style=\"font-weight: 400;\" aria-level=\"1\"><span style=\"font-weight: 400;\">Scharren, W\u00e4lze, vermehrtes Hinlegen und wieder Aufstehen<\/span><\/li>\n<li style=\"font-weight: 400;\" aria-level=\"1\"><span style=\"font-weight: 400;\">Abgeschlagenheit, Apathie, verminderte Aktivit\u00e4t<\/span><\/li>\n<li style=\"font-weight: 400;\" aria-level=\"1\"><span style=\"font-weight: 400;\">Appetitlosigkeit, Nahrungsverweigerung<\/span><\/li>\n<li style=\"font-weight: 400;\" aria-level=\"1\"><span style=\"font-weight: 400;\">\u00dcberm\u00e4\u00dfiges Schlucken beim Fressen<\/span><\/li>\n<li style=\"font-weight: 400;\" aria-level=\"1\"><span style=\"font-weight: 400;\">Ver\u00e4nderungen beim Stuhlgang, was die H\u00e4ufigkeit, die Konsistenz und die Menge betrifft<\/span><\/li>\n<li style=\"font-weight: 400;\" aria-level=\"1\"><span style=\"font-weight: 400;\">Aufgebl\u00e4hter Bauch<\/span><\/li>\n<li style=\"font-weight: 400;\" aria-level=\"1\"><span style=\"font-weight: 400;\">Schwitzen<\/span><\/li>\n<\/ul>\n<p><span style=\"font-weight: 400;\">Bei solchen Symptomen solltest du unbedingt einen Tierarzt oder eine Tier\u00e4rztin hinzuziehen \u2013 je fr\u00fcher, desto besser. Eine <\/span><span style=\"font-weight: 400;\">Pferdekrankenversicherung<\/span><span style=\"font-weight: 400;\"> bietet dir in solchen F\u00e4llen finanziellen Schutz. Sie erstattet die Tierarztkosten, so dass deinem Pferd die optimale medizinische Versorgung zuteil werden kann.<\/span><\/p>\n\n<div class=\"banner\">\n    <a href=\"https:\/\/uelzener.de\/pferd\/herden-versicherung\/?agt=0000104925&sem=true&utm_medium=magazin&utm_source=wordpress&utm_campaign=pferd_kv&utm_content=banner    \">\n        <img decoding=\"async\" width=\"300\" height=\"212\" src=\"https:\/\/uelzener.de\/magazin\/app\/uploads\/2025\/01\/Pferde-Kranken-Versicherung.jpg\" class=\"attachment-medium size-medium\" alt=\"Banner Pferde-Kranken-Versicherung\" \/>    <\/a>\n<\/div>\n\n<h2>Fazit<\/h2>\n<p><span style=\"font-weight: 400;\">Pferde k\u00f6nnen anatomisch bedingt nicht erbrechen. Das ist f\u00fcr sie mit erheblichen gesundheitlichen Risiken verbunden. Bei Verdauungsst\u00f6rungen, Magen\u00fcberladungen oder der Aufnahme sch\u00e4dlicher Substanzen fehlt ihnen ein nat\u00fcrlicher Schutzmechanismus, um den Mageninhalt rasch loszuwerden. Selbst wenn sie versuchen, sich zu \u00fcbergeben, kann das in einer lebensbedrohlichen Magenruptur enden, da ihr Organismus nicht auf das Erbrechen ausgelegt ist. Aus diesem Grund sind ein gutes F\u00fctterungs-, Pflege- und Gesundheitsmanagement enorm wichtig. Schon bei ersten Anzeichen auf Verdauungsprobleme oder eine Vergiftung sollte tier\u00e4rztliche Hilfe in Anspruch genommen werden, um Schlimmeres zu verhindern.<\/span><\/p>\n<h2>FAQ: H\u00e4ufig gestellte Fragen zum Thema Erbrechen bei Pferden<\/h2>\n<h3>Wie kann man vorbeugen, wenn Pferde nicht erbrechen k\u00f6nnen?<\/h3>\n<p><span style=\"font-weight: 400;\">Da Pferde sich im Notfall nicht durch Erbrechen entlasten k\u00f6nnen, ist Vorbeugung besonders wichtig. Hier einige Ma\u00dfnahmen:<\/span><\/p>\n<ul>\n<li style=\"font-weight: 400;\" aria-level=\"1\"><b>Futterhygiene sicherstellen:<\/b><span style=\"font-weight: 400;\"> Nur qualitativ einwandfreies, nicht schimmelndes oder g\u00e4rendes Futter anbieten. Auch bei Obst und Gem\u00fcse auf Frische achten.<\/span><\/li>\n<li style=\"font-weight: 400;\" aria-level=\"1\"><b>Langsame Futterumstellungen:<\/b><span style=\"font-weight: 400;\"> Neue Futtermittel oder Futterrationen immer schrittweise einf\u00fchren, damit sich der Verdauungstrakt anpassen kann.<\/span><\/li>\n<li style=\"font-weight: 400;\" aria-level=\"1\"><b>Mehrere kleine Portionen f\u00fcttern:<\/b><span style=\"font-weight: 400;\"> Gro\u00dfe Futtermengen auf einmal erh\u00f6hen das Risiko f\u00fcr Fehlg\u00e4rungen und Magen\u00fcberladungen.<\/span><\/li>\n<li style=\"font-weight: 400;\" aria-level=\"1\"><b>Ausreichend Raufutter zur Verf\u00fcgung stellen:<\/b><span style=\"font-weight: 400;\"> Eine dauerhafte Heuzufuhr unterst\u00fctzt die Verdauung und verhindert Leerlauf im Magen.<\/span><\/li>\n<li style=\"font-weight: 400;\" aria-level=\"1\"><b>St\u00e4ndige Wasserverf\u00fcgbarkeit:<\/b><span style=\"font-weight: 400;\"> Frisches, sauberes Wasser ist essenziell f\u00fcr die Verdauung.<\/span><\/li>\n<li style=\"font-weight: 400;\" aria-level=\"1\"><b>Stress vermeiden:<\/b><span style=\"font-weight: 400;\"> Pl\u00f6tzliche Ver\u00e4nderungen, Transporte oder Haltungswechsel k\u00f6nnen sich negativ auf die Verdauung auswirken.<\/span><\/li>\n<li style=\"font-weight: 400;\" aria-level=\"1\"><b>Regelm\u00e4\u00dfige Bewegung:<\/b><span style=\"font-weight: 400;\"> Bewegung unterst\u00fctzt die Darmt\u00e4tigkeit und hilft dabei, Verdauungsproblemen vorzubeugen.<\/span><\/li>\n<li style=\"font-weight: 400;\" aria-level=\"1\"><b>Gesundheitskontrollen &amp; Z\u00e4hne pr\u00fcfen lassen:<\/b><span style=\"font-weight: 400;\"> Unzureichend zerkleinertes Futter (bspw. durch Zahnprobleme) kann die Verdauung belasten.<\/span><\/li>\n<\/ul>\n<h3>K\u00f6nnen Fohlen erbrechen?<\/h3>\n<p><span style=\"font-weight: 400;\">Nein, auch Fohlen k\u00f6nnen nicht erbrechen. Die anatomischen Voraussetzungen, die das verhindern, sind bereits bei Geburt ausgepr\u00e4gt. Fohlen sind daher denselben Risiken ausgesetzt wie ausgewachsene Pferde.<\/span><\/p>\n<h3>Was tun, wenn mein Pferd versehentlich etwas Giftiges gefressen hat?<\/h3>\n<p><span style=\"font-weight: 400;\">Sofort tier\u00e4rztliche Hilfe holen! Da das Pferd nicht erbrechen kann, m\u00fcssen andere Ma\u00dfnahmen erwogen werden. Je schneller gehandelt wird, desto besser sind die Chancen, dass das Pferd \u00fcberlebt.<\/span><\/p>\n","protected":false},"excerpt":{"rendered":"<p>Wenn Hund, Katze oder Mensch etwas Unvertr\u00e4gliches zu sich genommen haben, k\u00f6nnen sie es durch Erbrechen wieder loswerden. Pferde hingegen sind anatomisch nicht in der Lage zu erbrechen. Das kann im schlimmsten Fall lebensbedrohlich sein, etwa bei einer Vergiftung. Doch woran liegt das \u00fcberhaupt? In unserem Artikel erkl\u00e4ren wir dir, warum Pferde nicht erbrechen k\u00f6nnen, [&hellip;]<\/p>\n","protected":false},"author":11,"featured_media":18842,"parent":11706,"menu_order":25,"comment_status":"closed","ping_status":"closed","template":"templates\/blog.php","meta":{"_acf_changed":false,"_crdt_document":"","footnotes":"","beyondwords_generate_audio":"","beyondwords_project_id":"","beyondwords_content_id":"","beyondwords_preview_token":"","beyondwords_player_style":"","beyondwords_language_id":"","beyondwords_title_voice_id":"","beyondwords_body_voice_id":"","beyondwords_summary_voice_id":"","beyondwords_error_message":"","beyondwords_disabled":"","beyondwords_delete_content":"","beyondwords_podcast_id":"","beyondwords_hash":"","publish_post_to_speechkit":"","speechkit_hash":"","speechkit_generate_audio":"","speechkit_project_id":"","speechkit_podcast_id":"","speechkit_error_message":"","speechkit_disabled":"","speechkit_access_key":"","speechkit_error":"","speechkit_info":"","speechkit_response":"","speechkit_retries":"","speechkit_status":"","speechkit_updated_at":"","_speechkit_link":"","_speechkit_text":""},"class_list":["post-18839","page","type-page","status-publish","has-post-thumbnail","hentry"],"acf":[],"yoast_head":"<!-- This site is optimized with the Yoast SEO Premium plugin  - https:\/\/yoast.com\/product\/yoast-seo-premium-wordpress\/ -->\n<title>Warum k\u00f6nnen Pferde nicht erbrechen? | Uelzener Magazin<\/title>\n<meta name=\"description\" content=\"Erbrechen ist f\u00fcr Tiere notwendig, doch Pferde sind anatomisch nicht dazu in der Lage. Erfahre hier mehr dar\u00fcber.\" \/>\n<meta name=\"robots\" content=\"index, follow, max-snippet:-1, max-image-preview:large, max-video-preview:-1\" \/>\n<link rel=\"canonical\" href=\"https:\/\/uelzener.de\/magazin\/pferd\/tiergesundheit\/warum-koennen-pferde-nicht-erbrechen\/\" \/>\n<meta property=\"og:locale\" content=\"de_DE\" \/>\n<meta property=\"og:type\" content=\"article\" \/>\n<meta property=\"og:title\" content=\"Warum k\u00f6nnen Pferde nicht erbrechen?\" \/>\n<meta property=\"og:description\" content=\"Erbrechen ist f\u00fcr Tiere notwendig, doch Pferde sind anatomisch nicht dazu in der Lage. Erfahre hier mehr dar\u00fcber.\" \/>\n<meta property=\"og:url\" content=\"https:\/\/uelzener.de\/magazin\/pferd\/tiergesundheit\/warum-koennen-pferde-nicht-erbrechen\/\" \/>\n<meta property=\"og:site_name\" content=\"Uelzener Tier-Magazin\" \/>\n<meta property=\"article:publisher\" content=\"https:\/\/www.facebook.com\/Uelzener\" \/>\n<meta property=\"og:image\" content=\"https:\/\/uelzener.de\/magazin\/app\/uploads\/2025\/08\/pferd-erbrechen.jpg\" \/>\n\t<meta property=\"og:image:width\" content=\"1025\" \/>\n\t<meta property=\"og:image:height\" content=\"450\" \/>\n\t<meta property=\"og:image:type\" content=\"image\/jpeg\" \/>\n<meta name=\"twitter:card\" content=\"summary_large_image\" \/>\n<meta name=\"twitter:label1\" content=\"Gesch\u00e4tzte Lesezeit\" \/>\n\t<meta name=\"twitter:data1\" content=\"7\u00a0Minuten\" \/>\n<script type=\"application\/ld+json\" class=\"yoast-schema-graph\">{\"@context\":\"https:\/\/schema.org\",\"@graph\":[{\"@type\":\"WebPage\",\"@id\":\"https:\/\/uelzener.de\/magazin\/pferd\/tiergesundheit\/warum-koennen-pferde-nicht-erbrechen\/\",\"url\":\"https:\/\/uelzener.de\/magazin\/pferd\/tiergesundheit\/warum-koennen-pferde-nicht-erbrechen\/\",\"name\":\"Warum k\u00f6nnen Pferde nicht erbrechen? | Uelzener Magazin\",\"isPartOf\":{\"@id\":\"https:\/\/uelzener.de\/magazin\/#website\"},\"primaryImageOfPage\":{\"@id\":\"https:\/\/uelzener.de\/magazin\/pferd\/tiergesundheit\/warum-koennen-pferde-nicht-erbrechen\/#primaryimage\"},\"image\":{\"@id\":\"https:\/\/uelzener.de\/magazin\/pferd\/tiergesundheit\/warum-koennen-pferde-nicht-erbrechen\/#primaryimage\"},\"thumbnailUrl\":\"https:\/\/uelzener.de\/magazin\/app\/uploads\/2025\/08\/pferd-erbrechen.jpg\",\"datePublished\":\"2025-08-11T07:32:54+00:00\",\"description\":\"Erbrechen ist f\u00fcr Tiere notwendig, doch Pferde sind anatomisch nicht dazu in der Lage. Erfahre hier mehr dar\u00fcber.\",\"breadcrumb\":{\"@id\":\"https:\/\/uelzener.de\/magazin\/pferd\/tiergesundheit\/warum-koennen-pferde-nicht-erbrechen\/#breadcrumb\"},\"inLanguage\":\"de\",\"potentialAction\":[{\"@type\":\"ReadAction\",\"target\":[\"https:\/\/uelzener.de\/magazin\/pferd\/tiergesundheit\/warum-koennen-pferde-nicht-erbrechen\/\"]}]},{\"@type\":\"ImageObject\",\"inLanguage\":\"de\",\"@id\":\"https:\/\/uelzener.de\/magazin\/pferd\/tiergesundheit\/warum-koennen-pferde-nicht-erbrechen\/#primaryimage\",\"url\":\"https:\/\/uelzener.de\/magazin\/app\/uploads\/2025\/08\/pferd-erbrechen.jpg\",\"contentUrl\":\"https:\/\/uelzener.de\/magazin\/app\/uploads\/2025\/08\/pferd-erbrechen.jpg\",\"width\":1025,\"height\":450,\"caption\":\"Pferd hat Maul ge\u00f6ffnet als w\u00fcrde es erbrechen.\"},{\"@type\":\"WebSite\",\"@id\":\"https:\/\/uelzener.de\/magazin\/#website\",\"url\":\"https:\/\/uelzener.de\/magazin\/\",\"name\":\"Uelzener Tiermagazin\",\"description\":\"Online Tierratgeber der Uelzener Versicherungen\",\"publisher\":{\"@id\":\"https:\/\/uelzener.de\/magazin\/#organization\"},\"potentialAction\":[{\"@type\":\"SearchAction\",\"target\":{\"@type\":\"EntryPoint\",\"urlTemplate\":\"https:\/\/uelzener.de\/magazin\/?s={search_term_string}\"},\"query-input\":{\"@type\":\"PropertyValueSpecification\",\"valueRequired\":true,\"valueName\":\"search_term_string\"}}],\"inLanguage\":\"de\"},{\"@type\":\"Organization\",\"@id\":\"https:\/\/uelzener.de\/magazin\/#organization\",\"name\":\"Uelzener Versicherungen\",\"url\":\"https:\/\/uelzener.de\/magazin\/\",\"logo\":{\"@type\":\"ImageObject\",\"inLanguage\":\"de\",\"@id\":\"https:\/\/uelzener.de\/magazin\/#\/schema\/logo\/image\/\",\"url\":\"https:\/\/uelzener.de\/magazin\/app\/uploads\/2024\/11\/uelzener_allgemeine_versicherungsgesellschaft_a_g_logo.jpg\",\"contentUrl\":\"https:\/\/uelzener.de\/magazin\/app\/uploads\/2024\/11\/uelzener_allgemeine_versicherungsgesellschaft_a_g_logo.jpg\",\"width\":200,\"height\":200,\"caption\":\"Uelzener Versicherungen\"},\"image\":{\"@id\":\"https:\/\/uelzener.de\/magazin\/#\/schema\/logo\/image\/\"},\"sameAs\":[\"https:\/\/www.facebook.com\/Uelzener\",\"https:\/\/instagram.com\/uelzener\",\"https:\/\/www.xing.com\/pages\/uelzenerallgemeineversicherungs-gesellschafta-g\",\"https:\/\/www.youtube.com\/UelzenerVersicherungen\"]}]}<\/script>\n<!-- \/ Yoast SEO Premium plugin. -->","yoast_head_json":{"title":"Warum k\u00f6nnen Pferde nicht erbrechen? | Uelzener Magazin","description":"Erbrechen ist f\u00fcr Tiere notwendig, doch Pferde sind anatomisch nicht dazu in der Lage. Erfahre hier mehr dar\u00fcber.","robots":{"index":"index","follow":"follow","max-snippet":"max-snippet:-1","max-image-preview":"max-image-preview:large","max-video-preview":"max-video-preview:-1"},"canonical":"https:\/\/uelzener.de\/magazin\/pferd\/tiergesundheit\/warum-koennen-pferde-nicht-erbrechen\/","og_locale":"de_DE","og_type":"article","og_title":"Warum k\u00f6nnen Pferde nicht erbrechen?","og_description":"Erbrechen ist f\u00fcr Tiere notwendig, doch Pferde sind anatomisch nicht dazu in der Lage. Erfahre hier mehr dar\u00fcber.","og_url":"https:\/\/uelzener.de\/magazin\/pferd\/tiergesundheit\/warum-koennen-pferde-nicht-erbrechen\/","og_site_name":"Uelzener Tier-Magazin","article_publisher":"https:\/\/www.facebook.com\/Uelzener","og_image":[{"width":1025,"height":450,"url":"https:\/\/uelzener.de\/magazin\/app\/uploads\/2025\/08\/pferd-erbrechen.jpg","type":"image\/jpeg"}],"twitter_card":"summary_large_image","twitter_misc":{"Gesch\u00e4tzte Lesezeit":"7\u00a0Minuten"},"schema":{"@context":"https:\/\/schema.org","@graph":[{"@type":"WebPage","@id":"https:\/\/uelzener.de\/magazin\/pferd\/tiergesundheit\/warum-koennen-pferde-nicht-erbrechen\/","url":"https:\/\/uelzener.de\/magazin\/pferd\/tiergesundheit\/warum-koennen-pferde-nicht-erbrechen\/","name":"Warum k\u00f6nnen Pferde nicht erbrechen? | Uelzener Magazin","isPartOf":{"@id":"https:\/\/uelzener.de\/magazin\/#website"},"primaryImageOfPage":{"@id":"https:\/\/uelzener.de\/magazin\/pferd\/tiergesundheit\/warum-koennen-pferde-nicht-erbrechen\/#primaryimage"},"image":{"@id":"https:\/\/uelzener.de\/magazin\/pferd\/tiergesundheit\/warum-koennen-pferde-nicht-erbrechen\/#primaryimage"},"thumbnailUrl":"https:\/\/uelzener.de\/magazin\/app\/uploads\/2025\/08\/pferd-erbrechen.jpg","datePublished":"2025-08-11T07:32:54+00:00","description":"Erbrechen ist f\u00fcr Tiere notwendig, doch Pferde sind anatomisch nicht dazu in der Lage. Erfahre hier mehr dar\u00fcber.","breadcrumb":{"@id":"https:\/\/uelzener.de\/magazin\/pferd\/tiergesundheit\/warum-koennen-pferde-nicht-erbrechen\/#breadcrumb"},"inLanguage":"de","potentialAction":[{"@type":"ReadAction","target":["https:\/\/uelzener.de\/magazin\/pferd\/tiergesundheit\/warum-koennen-pferde-nicht-erbrechen\/"]}]},{"@type":"ImageObject","inLanguage":"de","@id":"https:\/\/uelzener.de\/magazin\/pferd\/tiergesundheit\/warum-koennen-pferde-nicht-erbrechen\/#primaryimage","url":"https:\/\/uelzener.de\/magazin\/app\/uploads\/2025\/08\/pferd-erbrechen.jpg","contentUrl":"https:\/\/uelzener.de\/magazin\/app\/uploads\/2025\/08\/pferd-erbrechen.jpg","width":1025,"height":450,"caption":"Pferd hat Maul ge\u00f6ffnet als w\u00fcrde es erbrechen."},{"@type":"WebSite","@id":"https:\/\/uelzener.de\/magazin\/#website","url":"https:\/\/uelzener.de\/magazin\/","name":"Uelzener Tiermagazin","description":"Online Tierratgeber der Uelzener Versicherungen","publisher":{"@id":"https:\/\/uelzener.de\/magazin\/#organization"},"potentialAction":[{"@type":"SearchAction","target":{"@type":"EntryPoint","urlTemplate":"https:\/\/uelzener.de\/magazin\/?s={search_term_string}"},"query-input":{"@type":"PropertyValueSpecification","valueRequired":true,"valueName":"search_term_string"}}],"inLanguage":"de"},{"@type":"Organization","@id":"https:\/\/uelzener.de\/magazin\/#organization","name":"Uelzener Versicherungen","url":"https:\/\/uelzener.de\/magazin\/","logo":{"@type":"ImageObject","inLanguage":"de","@id":"https:\/\/uelzener.de\/magazin\/#\/schema\/logo\/image\/","url":"https:\/\/uelzener.de\/magazin\/app\/uploads\/2024\/11\/uelzener_allgemeine_versicherungsgesellschaft_a_g_logo.jpg","contentUrl":"https:\/\/uelzener.de\/magazin\/app\/uploads\/2024\/11\/uelzener_allgemeine_versicherungsgesellschaft_a_g_logo.jpg","width":200,"height":200,"caption":"Uelzener Versicherungen"},"image":{"@id":"https:\/\/uelzener.de\/magazin\/#\/schema\/logo\/image\/"},"sameAs":["https:\/\/www.facebook.com\/Uelzener","https:\/\/instagram.com\/uelzener","https:\/\/www.xing.com\/pages\/uelzenerallgemeineversicherungs-gesellschafta-g","https:\/\/www.youtube.com\/UelzenerVersicherungen"]}]}},"_links":{"self":[{"href":"https:\/\/uelzener.de\/magazin\/wp-json\/wp\/v2\/pages\/18839","targetHints":{"allow":["GET"]}}],"collection":[{"href":"https:\/\/uelzener.de\/magazin\/wp-json\/wp\/v2\/pages"}],"about":[{"href":"https:\/\/uelzener.de\/magazin\/wp-json\/wp\/v2\/types\/page"}],"author":[{"embeddable":true,"href":"https:\/\/uelzener.de\/magazin\/wp-json\/wp\/v2\/users\/11"}],"replies":[{"embeddable":true,"href":"https:\/\/uelzener.de\/magazin\/wp-json\/wp\/v2\/comments?post=18839"}],"version-history":[{"count":2,"href":"https:\/\/uelzener.de\/magazin\/wp-json\/wp\/v2\/pages\/18839\/revisions"}],"predecessor-version":[{"id":18841,"href":"https:\/\/uelzener.de\/magazin\/wp-json\/wp\/v2\/pages\/18839\/revisions\/18841"}],"up":[{"embeddable":true,"href":"https:\/\/uelzener.de\/magazin\/wp-json\/wp\/v2\/pages\/11706"}],"wp:featuredmedia":[{"embeddable":true,"href":"https:\/\/uelzener.de\/magazin\/wp-json\/wp\/v2\/media\/18842"}],"wp:attachment":[{"href":"https:\/\/uelzener.de\/magazin\/wp-json\/wp\/v2\/media?parent=18839"}],"curies":[{"name":"wp","href":"https:\/\/api.w.org\/{rel}","templated":true}]}}