{"id":18834,"date":"2025-08-11T09:18:40","date_gmt":"2025-08-11T07:18:40","guid":{"rendered":"https:\/\/uelzener.de\/magazin\/?page_id=18834"},"modified":"2026-01-22T17:11:14","modified_gmt":"2026-01-22T16:11:14","slug":"warum-hechelt-meine-katze","status":"publish","type":"page","link":"https:\/\/uelzener.de\/magazin\/katze\/haeufige-fragen\/warum-hechelt-meine-katze\/","title":{"rendered":"Warum hechelt meine Katze?"},"content":{"rendered":"<p><span style=\"font-weight: 400;\">Offenes Maul, rausgestreckte Zunge und schneller, flacher Atem \u2013 Hundehalter und -halterinnen kennen diesen Anblick nur zu gut. Das Verhalten ist f\u00fcr Hunde n\u00e4mlich relativ typisch, da sie auf diese Weise \u00fcbersch\u00fcssige W\u00e4rme an die Umgebung abgeben und ihre K\u00f6rpertemperatur regulieren. Aber auch Katzen sind imstande zu hecheln \u2013 wenngleich das deutlich seltener zu beobachten ist. Die Gr\u00fcnde daf\u00fcr k\u00f6nnen vielf\u00e4ltig sein. Wir erkl\u00e4ren dir, warum Katzen in bestimmten Situationen wie Hunde hecheln und wann eine tier\u00e4rztliche Abkl\u00e4rung anzuraten ist.\u00a0<\/span><\/p>\n<h2>Die Katze hechelt: m\u00f6gliche Ursachen<\/h2>\n<p><span style=\"font-weight: 400;\">Beim Hecheln atmet die Katze deutlich flacher und schneller als normalerweise. Dadurch verdunstet die Feuchtigkeit auf der Zunge und den Schleimh\u00e4uten besser, was dabei hilft, den K\u00f6rper herunterzuk\u00fchlen und wieder auf Normaltemperatur zu bringen.\u00a0<\/span><\/p>\n<p><span style=\"font-weight: 400;\">Wenn du deine Katze zum ersten Mal hecheln siehst, bist du vielleicht irritiert oder beunruhigt. Schlie\u00dflich ist das Verhalten eher typisch f\u00fcr Hunde. Es gibt jedoch Situationen, in denen auch Katzen hecheln, etwa aufgrund von Hitze, k\u00f6rperlicher Anstrengung oder Stress.\u00a0<\/span><\/p>\n<h3>Wenn es zu hei\u00df ist<\/h3>\n<p><span style=\"font-weight: 400;\">Hitze kann Katzen ganz sch\u00f6n zu schaffen machen, denn sie schwitzen nicht gro\u00dffl\u00e4chig \u00fcber die Haut, wie es uns Menschen m\u00f6glich ist. Ihre Schwei\u00dfdr\u00fcsen finden sich fast ausschlie\u00dflich\u00a0 an den haarlosen Ballen der Pfoten und dienen haupts\u00e4chlich dem Markieren.<\/span><\/p>\n<p><span style=\"font-weight: 400;\">Um sich abzuk\u00fchlen, setzen Katzen daher auf andere Strategien: Sie d\u00f6sen an schattigen, k\u00fchlen Orten und putzen sich noch intensiver als gew\u00f6hnlich, um ihr Fell mit Speichel zu benetzen und die Verdunstungsk\u00fchle zu nutzen. Reicht das nicht aus, kann es sein, dass sich Katzen durch Hecheln versuchen, Linderung zu verschaffen.<\/span><\/p>\n<h3>Wenn zu wild gespielt wird<\/h3>\n<p><span style=\"font-weight: 400;\">Das Hecheln kann bei Katzen auch nach wildem Toben oder Spielen zu beobachten sein. Wenn sich die Vierbeiner so richtig verausgaben, geraten sie aus der Puste. Dann brauchen sie erst einmal eine Pause und hecheln, um sich abzuk\u00fchlen und das Sauerstoffdefizit im K\u00f6rper auszugleichen. Insbesondere junge Katzen \u00fcbersch\u00e4tzen oft ihre Ausdauer. Hier ist es sinnvoll, Spieleinheiten immer mal wieder mit Ruhephasen zu unterbrechen, damit sich die Tiere nicht \u00fcberanstrengen.<\/span><\/p>\n<h3>Wenn die Nerven blank liegen<\/h3>\n<p><span style=\"font-weight: 400;\">Katzen hecheln auch, wenn sie gestresst sind. Der Transport in einer Box oder der Besuch in der Tierarztpraxis kann f\u00fcr sie eine enorme Belastung sein. Auch ungewohnte Umgebungen, sei es ein neues Zuhause oder eine Katzenpension, geh\u00f6ren zu den klassischen Stressausl\u00f6sern bei Katzen. \u00c4hnliches gilt beim Aufeinandertreffen mit neuen Mitbewohnern \u2013 sei es ein Mensch oder ein weiteres Haustier.\u00a0<\/span><\/p>\n<h3>Wenn es richtig weh tut<\/h3>\n<p><span style=\"font-weight: 400;\">Auf Schmerz k\u00f6nnen Stubentiger ebenfalls mit Hecheln reagieren. In solchen F\u00e4llen solltest du deine Katze unverz\u00fcglich dem Tierarzt oder der Tier\u00e4rztin vorstellen. Nur mit einer professionellen Untersuchung l\u00e4sst sich kl\u00e4ren, woher die Schmerzen kommen und was dagegen unternommen werden kann. \u00dcbrigens: H\u00e4ufig wird das Hecheln bei Katzen beobachtet, wenn sie ihre Jungen zur Welt bringen.\u00a0<\/span><\/p>\n\n<div class=\"related_articles boxed\">\n    <h2>Mehr zum Thema<\/h2>\n    \n    <div class=\"wrapper\"><div class=\"title align-center\"><h3><a href=\"https:\/\/uelzener.de\/magazin\/katze\/haeufige-fragen\/warum-sabbert-meine-katze\/\">Warum sabbert meine Katze?<\/a><\/h3><\/div><div class=\"img align-center\"><img decoding=\"async\" width=\"315\" height=\"180\" src=\"https:\/\/uelzener.de\/magazin\/app\/uploads\/2025\/07\/katze-sabbert-315x180.jpg\" class=\"attachment-315x180 size-315x180 wp-post-image\" alt=\"Schwarze Katze sabbert.\" \/><\/div><\/div><div class=\"wrapper\"><div class=\"title align-center\"><h3><a href=\"https:\/\/uelzener.de\/magazin\/katze\/tipps-fuer-den-alltag\/katze-abkuehlen-bei-hitze\/\">Katze bei Hitze abk\u00fchlen: Tipps f\u00fcr den Sommer<\/a><\/h3><\/div><div class=\"img align-center\"><img decoding=\"async\" width=\"315\" height=\"180\" src=\"https:\/\/uelzener.de\/magazin\/app\/uploads\/2022\/06\/Sommertipps-fuer-Katzen-315x180.jpg\" class=\"attachment-315x180 size-315x180 wp-post-image\" alt=\"Katze abk\u00fchlen im Sommer\" \/><\/div><\/div><div class=\"wrapper\"><div class=\"title align-center\"><h3><a href=\"https:\/\/uelzener.de\/magazin\/katze\/ernaehrung\/was-duerfen-katzen-nicht-trinken\/\">Was d\u00fcrfen Katzen nicht trinken?<\/a><\/h3><\/div><div class=\"img align-center\"><img decoding=\"async\" width=\"315\" height=\"180\" src=\"https:\/\/uelzener.de\/magazin\/app\/uploads\/2024\/06\/was-duerfen-katzen-trinken-315x180.jpg\" class=\"attachment-315x180 size-315x180 wp-post-image\" alt=\"K\u00e4tzchen trinkt aus Schale am Boden.\" \/><\/div><\/div><\/div>\n\n<h2>Wann tier\u00e4rztlicher Rat notwendig ist<\/h2>\n<p><span style=\"font-weight: 400;\">Wenn deine Katze ohne ersichtlichen Grund hechelt, solltest du die Ursache abkl\u00e4ren lassen. Hechelt sie, weil ihr zu warm ist, sie gerade eine stressige Situation durchlebt oder zu wild getobt hat, kannst du die Situation erst einmal beobachten. H\u00f6rt das Hecheln nach kurzer Zeit wieder auf, besteht normalerweise kein Grund zur Sorge. Anders sieht es aus, wenn das Hecheln anh\u00e4lt oder wiederkehrt. Denn: Bei Katzen kann das Hecheln auf ernste gesundheitliche Probleme hindeuten.\u00a0<\/span><\/p>\n<p><span style=\"font-weight: 400;\">Dazu z\u00e4hlen beispielsweise:\u00a0<\/span><\/p>\n<ul>\n<li style=\"font-weight: 400;\" aria-level=\"1\"><b>\u00dcbergewicht: <\/b><span style=\"font-weight: 400;\">Ist die Katze zu schwer, kann es sein, dass sie schon bei leichter k\u00f6rperlicher Belastung zu hecheln beginnt. Da \u00dcbergewicht ein Risikofaktor f\u00fcr weitere Erkrankungen ist, sollte die Katze auf gesundem Weg auf Normalgewicht gebracht werden.<\/span><\/li>\n<li style=\"font-weight: 400;\" aria-level=\"1\"><b>Atemswegserkrankungen:<\/b><span style=\"font-weight: 400;\"> Atemwegsprobleme k\u00f6nnen ebenfalls Ursache daf\u00fcr sein, dass Katzen hecheln.\u00a0<\/span><\/li>\n<li style=\"font-weight: 400;\" aria-level=\"1\"><b>Herzerkrankungen: Auch <\/b><span style=\"font-weight: 400;\">Herzerkrankungen k\u00f6nnen sich in vermehrtem Hecheln \u00e4u\u00dfern. Sie gehen mit weiteren Symptomen einher, beispielsweise Appetitlosigkeit, Gewichtsverlust und allgemeine Schw\u00e4che.<\/span><\/li>\n<li style=\"font-weight: 400;\" aria-level=\"1\"><b>Schilddr\u00fcsen\u00fcberfunktion:<\/b><span style=\"font-weight: 400;\"> Bei einer Schilddr\u00fcsen\u00fcberfunktion l\u00e4uft der Stoffwechsel auf Hochtouren, was zu Unruhe, gesteigertem Durst- und Hungergef\u00fchl sowie zu vermehrtem Urinabsatz f\u00fchrt. Das Hecheln kann eine weitere Begleiterscheinung sein.<\/span><\/li>\n<li style=\"font-weight: 400;\" aria-level=\"1\"><b>Bauchfellentz\u00fcndung:<\/b><span style=\"font-weight: 400;\"> Neben Unruhe und Appetitlosigkeit kommen Symptome wie starke Schmerzen und Fieber hinzu, denen die Katze durchs Hecheln versucht entgegenzuwirken.<\/span><\/li>\n<li style=\"font-weight: 400;\" aria-level=\"1\"><b>Atemnot: <\/b><span style=\"font-weight: 400;\">Bei sehr hektischer, flacher Atmung, Verf\u00e4rbung der Schleimh\u00e4ute und auff\u00e4lligen Atemger\u00e4uschen ist schnelles Handeln gefragt. Diese Anzeichen sprechen f\u00fcr einen Notfall.<\/span><\/li>\n<\/ul>\n<p><span style=\"font-weight: 400;\">Wenn deine Katze permanent oder wiederkehrend hechelt, solltest du dein Tier in jedem Fall professionell untersuchen lassen. Mit einer <\/span><span style=\"font-weight: 400;\">Katzenkrankenversicherung<\/span><span style=\"font-weight: 400;\"> bist du vor hohen Tierarztkosten gesch\u00fctzt und im Ernstfall auf der sicheren Seite.<\/span><\/p>\n\n<div class=\"banner\">\n    <a href=\"https:\/\/uelzener.de\/katze\/katzen-krankenversicherung\/?agt=0000104925&sem=true&utm_medium=magazin&utm_source=wordpress&utm_campaign=katze_kv&utm_content=banner\">\n        <img decoding=\"async\" width=\"300\" height=\"212\" src=\"https:\/\/uelzener.de\/magazin\/app\/uploads\/2025\/01\/Katzen-Kranken-Versicherung.jpg\" class=\"attachment-medium size-medium\" alt=\"Banner Katzen-Kranken-Versicherung\" \/>    <\/a>\n<\/div>\n\n<h2>Fazit<\/h2>\n<p><span style=\"font-weight: 400;\">Katzen hecheln zwar selten, bei Hitze, k\u00f6rperlicher Anstrengung, Stress oder Schmerzen kann das Verhalten jedoch durchaus auftreten. H\u00e4lt das Hecheln \u00fcber einen l\u00e4ngeren Zeitraum an oder geschieht ohne ersichtlichen Grund, kann das auf eine ernstzunehmende Erkrankung hindeuten. In solchen F\u00e4llen ist dringend anzuraten, die Samtpfote tier\u00e4rztlich untersuchen und die Ursache abkl\u00e4ren zu lassen.<\/span><\/p>\n<h2>FAQ: H\u00e4ufig gestellte Fragen zum Hecheln bei Katzen<\/h2>\n<h3>Was tun, wenn die Katze nicht aufh\u00f6rt zu hecheln und kein Ausl\u00f6ser daf\u00fcr erkennbar ist?<\/h3>\n<p><span style=\"font-weight: 400;\">In diesem Fall solltest du nicht z\u00f6gern und schnell eine Tierarztpraxis oder eine Tierklinik aufsuchen. Das gilt vor allem dann, wenn das Tier auffallend hektisch atmet, keucht oder wenn du Ger\u00e4usche wie ein R\u00f6cheln oder Pfeifen wahrnimmst. Das kann auf Atemnot hindeuten und ist ein medizinischer Notfall.<\/span><\/p>\n<h3>Woher wei\u00df ich, wann Hecheln bei Katzen ein Warnsignal ist?<\/h3>\n<p><span style=\"font-weight: 400;\">Wenn deine Katze pl\u00f6tzlich und ohne erkennbaren Grund zu hecheln beginnt, ist das nicht normal. Besonders dann, wenn das Hecheln l\u00e4nger anh\u00e4lt oder immer wieder auftritt, solltest du aufmerksam werden und deine Katze untersuchen lassen.<\/span><\/p>\n<h3><b>Meine Katze hechelt bei Hitze. Wie kann ich ihr helfen?<\/b><\/h3>\n<p><span style=\"font-weight: 400;\">Deiner Katze hechelt h\u00e4ufiger, weil ihr die Hitze zu schaffen macht? Dann solltest du ihr zun\u00e4chst ein paar schattige R\u00fcckzugsorte anbieten, an denen sie in Ruhe d\u00f6sen kann. Wichtig ist auch, dass sie ausreichend trinkt und stets Zugang zu frischem Wasser hat. Durch regelm\u00e4\u00dfiges B\u00fcrsten entfernst du Unterwolle und lose Haare, die unn\u00f6tig w\u00e4rmen. Mit einem Katzeneis oder einem gek\u00fchlten Leckerli bereitest du deiner Samtpfote eine Freude und sorgst zugleich f\u00fcr Abk\u00fchlung. <\/span><\/p>\n","protected":false},"excerpt":{"rendered":"<p>Offenes Maul, rausgestreckte Zunge und schneller, flacher Atem \u2013 Hundehalter und -halterinnen kennen diesen Anblick nur zu gut. Das Verhalten ist f\u00fcr Hunde n\u00e4mlich relativ typisch, da sie auf diese Weise \u00fcbersch\u00fcssige W\u00e4rme an die Umgebung abgeben und ihre K\u00f6rpertemperatur regulieren. Aber auch Katzen sind imstande zu hecheln \u2013 wenngleich das deutlich seltener zu beobachten [&hellip;]<\/p>\n","protected":false},"author":11,"featured_media":18836,"parent":11691,"menu_order":23,"comment_status":"closed","ping_status":"closed","template":"templates\/blog.php","meta":{"_acf_changed":false,"_crdt_document":"","footnotes":"","beyondwords_generate_audio":"","beyondwords_project_id":"","beyondwords_content_id":"","beyondwords_preview_token":"","beyondwords_player_style":"","beyondwords_language_id":"","beyondwords_title_voice_id":"","beyondwords_body_voice_id":"","beyondwords_summary_voice_id":"","beyondwords_error_message":"","beyondwords_disabled":"","beyondwords_delete_content":"","beyondwords_podcast_id":"","beyondwords_hash":"","publish_post_to_speechkit":"","speechkit_hash":"","speechkit_generate_audio":"","speechkit_project_id":"","speechkit_podcast_id":"","speechkit_error_message":"","speechkit_disabled":"","speechkit_access_key":"","speechkit_error":"","speechkit_info":"","speechkit_response":"","speechkit_retries":"","speechkit_status":"","speechkit_updated_at":"","_speechkit_link":"","_speechkit_text":""},"class_list":["post-18834","page","type-page","status-publish","has-post-thumbnail","hentry"],"acf":[],"yoast_head":"<!-- This site is optimized with the Yoast SEO Premium plugin  - https:\/\/yoast.com\/product\/yoast-seo-premium-wordpress\/ -->\n<title>Warum hechelt meine Katze? | Uelzener Magazin<\/title>\n<meta name=\"description\" content=\"Hecheln ist nicht nur f\u00fcr Hunde typisch. Lies, warum auch Katzen hecheln und was es f\u00fcr ihre Gesundheit bedeutet.\" \/>\n<meta name=\"robots\" content=\"index, follow, max-snippet:-1, max-image-preview:large, max-video-preview:-1\" \/>\n<link rel=\"canonical\" href=\"https:\/\/uelzener.de\/magazin\/katze\/haeufige-fragen\/warum-hechelt-meine-katze\/\" \/>\n<meta property=\"og:locale\" content=\"de_DE\" \/>\n<meta property=\"og:type\" content=\"article\" \/>\n<meta property=\"og:title\" content=\"Warum hechelt meine Katze?\" \/>\n<meta property=\"og:description\" content=\"Hecheln ist nicht nur f\u00fcr Hunde typisch. Lies, warum auch Katzen hecheln und was es f\u00fcr ihre Gesundheit bedeutet.\" \/>\n<meta property=\"og:url\" content=\"https:\/\/uelzener.de\/magazin\/katze\/haeufige-fragen\/warum-hechelt-meine-katze\/\" \/>\n<meta property=\"og:site_name\" content=\"Uelzener Tier-Magazin\" \/>\n<meta property=\"article:publisher\" content=\"https:\/\/www.facebook.com\/Uelzener\" \/>\n<meta property=\"article:modified_time\" content=\"2026-01-22T16:11:14+00:00\" \/>\n<meta property=\"og:image\" content=\"https:\/\/uelzener.de\/magazin\/app\/uploads\/2025\/08\/katze-hecheln.jpg\" \/>\n\t<meta property=\"og:image:width\" content=\"1025\" \/>\n\t<meta property=\"og:image:height\" content=\"450\" \/>\n\t<meta property=\"og:image:type\" content=\"image\/jpeg\" \/>\n<meta name=\"twitter:card\" content=\"summary_large_image\" \/>\n<meta name=\"twitter:label1\" content=\"Gesch\u00e4tzte Lesezeit\" \/>\n\t<meta name=\"twitter:data1\" content=\"6\u00a0Minuten\" \/>\n<script type=\"application\/ld+json\" class=\"yoast-schema-graph\">{\"@context\":\"https:\/\/schema.org\",\"@graph\":[{\"@type\":\"WebPage\",\"@id\":\"https:\/\/uelzener.de\/magazin\/katze\/haeufige-fragen\/warum-hechelt-meine-katze\/\",\"url\":\"https:\/\/uelzener.de\/magazin\/katze\/haeufige-fragen\/warum-hechelt-meine-katze\/\",\"name\":\"Warum hechelt meine Katze? | Uelzener Magazin\",\"isPartOf\":{\"@id\":\"https:\/\/uelzener.de\/magazin\/#website\"},\"primaryImageOfPage\":{\"@id\":\"https:\/\/uelzener.de\/magazin\/katze\/haeufige-fragen\/warum-hechelt-meine-katze\/#primaryimage\"},\"image\":{\"@id\":\"https:\/\/uelzener.de\/magazin\/katze\/haeufige-fragen\/warum-hechelt-meine-katze\/#primaryimage\"},\"thumbnailUrl\":\"https:\/\/uelzener.de\/magazin\/app\/uploads\/2025\/08\/katze-hecheln.jpg\",\"datePublished\":\"2025-08-11T07:18:40+00:00\",\"dateModified\":\"2026-01-22T16:11:14+00:00\",\"description\":\"Hecheln ist nicht nur f\u00fcr Hunde typisch. Lies, warum auch Katzen hecheln und was es f\u00fcr ihre Gesundheit bedeutet.\",\"breadcrumb\":{\"@id\":\"https:\/\/uelzener.de\/magazin\/katze\/haeufige-fragen\/warum-hechelt-meine-katze\/#breadcrumb\"},\"inLanguage\":\"de\",\"potentialAction\":[{\"@type\":\"ReadAction\",\"target\":[\"https:\/\/uelzener.de\/magazin\/katze\/haeufige-fragen\/warum-hechelt-meine-katze\/\"]}]},{\"@type\":\"ImageObject\",\"inLanguage\":\"de\",\"@id\":\"https:\/\/uelzener.de\/magazin\/katze\/haeufige-fragen\/warum-hechelt-meine-katze\/#primaryimage\",\"url\":\"https:\/\/uelzener.de\/magazin\/app\/uploads\/2025\/08\/katze-hecheln.jpg\",\"contentUrl\":\"https:\/\/uelzener.de\/magazin\/app\/uploads\/2025\/08\/katze-hecheln.jpg\",\"width\":1025,\"height\":450,\"caption\":\"Eine Katze hechelt in der Sonne.\"},{\"@type\":\"WebSite\",\"@id\":\"https:\/\/uelzener.de\/magazin\/#website\",\"url\":\"https:\/\/uelzener.de\/magazin\/\",\"name\":\"Uelzener Tiermagazin\",\"description\":\"Online Tierratgeber der Uelzener Versicherungen\",\"publisher\":{\"@id\":\"https:\/\/uelzener.de\/magazin\/#organization\"},\"potentialAction\":[{\"@type\":\"SearchAction\",\"target\":{\"@type\":\"EntryPoint\",\"urlTemplate\":\"https:\/\/uelzener.de\/magazin\/?s={search_term_string}\"},\"query-input\":{\"@type\":\"PropertyValueSpecification\",\"valueRequired\":true,\"valueName\":\"search_term_string\"}}],\"inLanguage\":\"de\"},{\"@type\":\"Organization\",\"@id\":\"https:\/\/uelzener.de\/magazin\/#organization\",\"name\":\"Uelzener Versicherungen\",\"url\":\"https:\/\/uelzener.de\/magazin\/\",\"logo\":{\"@type\":\"ImageObject\",\"inLanguage\":\"de\",\"@id\":\"https:\/\/uelzener.de\/magazin\/#\/schema\/logo\/image\/\",\"url\":\"https:\/\/uelzener.de\/magazin\/app\/uploads\/2024\/11\/uelzener_allgemeine_versicherungsgesellschaft_a_g_logo.jpg\",\"contentUrl\":\"https:\/\/uelzener.de\/magazin\/app\/uploads\/2024\/11\/uelzener_allgemeine_versicherungsgesellschaft_a_g_logo.jpg\",\"width\":200,\"height\":200,\"caption\":\"Uelzener Versicherungen\"},\"image\":{\"@id\":\"https:\/\/uelzener.de\/magazin\/#\/schema\/logo\/image\/\"},\"sameAs\":[\"https:\/\/www.facebook.com\/Uelzener\",\"https:\/\/instagram.com\/uelzener\",\"https:\/\/www.xing.com\/pages\/uelzenerallgemeineversicherungs-gesellschafta-g\",\"https:\/\/www.youtube.com\/UelzenerVersicherungen\"]}]}<\/script>\n<!-- \/ Yoast SEO Premium plugin. -->","yoast_head_json":{"title":"Warum hechelt meine Katze? | Uelzener Magazin","description":"Hecheln ist nicht nur f\u00fcr Hunde typisch. Lies, warum auch Katzen hecheln und was es f\u00fcr ihre Gesundheit bedeutet.","robots":{"index":"index","follow":"follow","max-snippet":"max-snippet:-1","max-image-preview":"max-image-preview:large","max-video-preview":"max-video-preview:-1"},"canonical":"https:\/\/uelzener.de\/magazin\/katze\/haeufige-fragen\/warum-hechelt-meine-katze\/","og_locale":"de_DE","og_type":"article","og_title":"Warum hechelt meine Katze?","og_description":"Hecheln ist nicht nur f\u00fcr Hunde typisch. Lies, warum auch Katzen hecheln und was es f\u00fcr ihre Gesundheit bedeutet.","og_url":"https:\/\/uelzener.de\/magazin\/katze\/haeufige-fragen\/warum-hechelt-meine-katze\/","og_site_name":"Uelzener Tier-Magazin","article_publisher":"https:\/\/www.facebook.com\/Uelzener","article_modified_time":"2026-01-22T16:11:14+00:00","og_image":[{"width":1025,"height":450,"url":"https:\/\/uelzener.de\/magazin\/app\/uploads\/2025\/08\/katze-hecheln.jpg","type":"image\/jpeg"}],"twitter_card":"summary_large_image","twitter_misc":{"Gesch\u00e4tzte Lesezeit":"6\u00a0Minuten"},"schema":{"@context":"https:\/\/schema.org","@graph":[{"@type":"WebPage","@id":"https:\/\/uelzener.de\/magazin\/katze\/haeufige-fragen\/warum-hechelt-meine-katze\/","url":"https:\/\/uelzener.de\/magazin\/katze\/haeufige-fragen\/warum-hechelt-meine-katze\/","name":"Warum hechelt meine Katze? | Uelzener Magazin","isPartOf":{"@id":"https:\/\/uelzener.de\/magazin\/#website"},"primaryImageOfPage":{"@id":"https:\/\/uelzener.de\/magazin\/katze\/haeufige-fragen\/warum-hechelt-meine-katze\/#primaryimage"},"image":{"@id":"https:\/\/uelzener.de\/magazin\/katze\/haeufige-fragen\/warum-hechelt-meine-katze\/#primaryimage"},"thumbnailUrl":"https:\/\/uelzener.de\/magazin\/app\/uploads\/2025\/08\/katze-hecheln.jpg","datePublished":"2025-08-11T07:18:40+00:00","dateModified":"2026-01-22T16:11:14+00:00","description":"Hecheln ist nicht nur f\u00fcr Hunde typisch. Lies, warum auch Katzen hecheln und was es f\u00fcr ihre Gesundheit bedeutet.","breadcrumb":{"@id":"https:\/\/uelzener.de\/magazin\/katze\/haeufige-fragen\/warum-hechelt-meine-katze\/#breadcrumb"},"inLanguage":"de","potentialAction":[{"@type":"ReadAction","target":["https:\/\/uelzener.de\/magazin\/katze\/haeufige-fragen\/warum-hechelt-meine-katze\/"]}]},{"@type":"ImageObject","inLanguage":"de","@id":"https:\/\/uelzener.de\/magazin\/katze\/haeufige-fragen\/warum-hechelt-meine-katze\/#primaryimage","url":"https:\/\/uelzener.de\/magazin\/app\/uploads\/2025\/08\/katze-hecheln.jpg","contentUrl":"https:\/\/uelzener.de\/magazin\/app\/uploads\/2025\/08\/katze-hecheln.jpg","width":1025,"height":450,"caption":"Eine Katze hechelt in der Sonne."},{"@type":"WebSite","@id":"https:\/\/uelzener.de\/magazin\/#website","url":"https:\/\/uelzener.de\/magazin\/","name":"Uelzener Tiermagazin","description":"Online Tierratgeber der Uelzener Versicherungen","publisher":{"@id":"https:\/\/uelzener.de\/magazin\/#organization"},"potentialAction":[{"@type":"SearchAction","target":{"@type":"EntryPoint","urlTemplate":"https:\/\/uelzener.de\/magazin\/?s={search_term_string}"},"query-input":{"@type":"PropertyValueSpecification","valueRequired":true,"valueName":"search_term_string"}}],"inLanguage":"de"},{"@type":"Organization","@id":"https:\/\/uelzener.de\/magazin\/#organization","name":"Uelzener Versicherungen","url":"https:\/\/uelzener.de\/magazin\/","logo":{"@type":"ImageObject","inLanguage":"de","@id":"https:\/\/uelzener.de\/magazin\/#\/schema\/logo\/image\/","url":"https:\/\/uelzener.de\/magazin\/app\/uploads\/2024\/11\/uelzener_allgemeine_versicherungsgesellschaft_a_g_logo.jpg","contentUrl":"https:\/\/uelzener.de\/magazin\/app\/uploads\/2024\/11\/uelzener_allgemeine_versicherungsgesellschaft_a_g_logo.jpg","width":200,"height":200,"caption":"Uelzener Versicherungen"},"image":{"@id":"https:\/\/uelzener.de\/magazin\/#\/schema\/logo\/image\/"},"sameAs":["https:\/\/www.facebook.com\/Uelzener","https:\/\/instagram.com\/uelzener","https:\/\/www.xing.com\/pages\/uelzenerallgemeineversicherungs-gesellschafta-g","https:\/\/www.youtube.com\/UelzenerVersicherungen"]}]}},"_links":{"self":[{"href":"https:\/\/uelzener.de\/magazin\/wp-json\/wp\/v2\/pages\/18834","targetHints":{"allow":["GET"]}}],"collection":[{"href":"https:\/\/uelzener.de\/magazin\/wp-json\/wp\/v2\/pages"}],"about":[{"href":"https:\/\/uelzener.de\/magazin\/wp-json\/wp\/v2\/types\/page"}],"author":[{"embeddable":true,"href":"https:\/\/uelzener.de\/magazin\/wp-json\/wp\/v2\/users\/11"}],"replies":[{"embeddable":true,"href":"https:\/\/uelzener.de\/magazin\/wp-json\/wp\/v2\/comments?post=18834"}],"version-history":[{"count":6,"href":"https:\/\/uelzener.de\/magazin\/wp-json\/wp\/v2\/pages\/18834\/revisions"}],"predecessor-version":[{"id":19713,"href":"https:\/\/uelzener.de\/magazin\/wp-json\/wp\/v2\/pages\/18834\/revisions\/19713"}],"up":[{"embeddable":true,"href":"https:\/\/uelzener.de\/magazin\/wp-json\/wp\/v2\/pages\/11691"}],"wp:featuredmedia":[{"embeddable":true,"href":"https:\/\/uelzener.de\/magazin\/wp-json\/wp\/v2\/media\/18836"}],"wp:attachment":[{"href":"https:\/\/uelzener.de\/magazin\/wp-json\/wp\/v2\/media?parent=18834"}],"curies":[{"name":"wp","href":"https:\/\/api.w.org\/{rel}","templated":true}]}}