{"id":18826,"date":"2025-08-11T09:05:12","date_gmt":"2025-08-11T07:05:12","guid":{"rendered":"https:\/\/uelzener.de\/magazin\/?page_id=18826"},"modified":"2025-08-11T09:07:58","modified_gmt":"2025-08-11T07:07:58","slug":"duerfen-hunde-wassermelonen-essen","status":"publish","type":"page","link":"https:\/\/uelzener.de\/magazin\/hund\/ernaehrung\/duerfen-hunde-wassermelonen-essen\/","title":{"rendered":"D\u00fcrfen Hunde Wassermelonen essen?"},"content":{"rendered":"<p><span style=\"font-weight: 400;\">Knackig, saftig, s\u00fc\u00df \u2013 f\u00fcr die meisten von uns sind Wassermelonen der Inbegriff sommerlicher Erfrischung. Ob das unsere Hunde genauso sehen? Durchaus, denn bei vielen Vierbeinern kommt die Wassermelone sehr gut an. Da stellt sich die Frage, ob das Obst f\u00fcr unsere Tiere \u00fcberhaupt vertr\u00e4glich ist. D\u00fcrfen Hunde Wassermelonen essen \u2013 und wenn ja, wie viel? Wir verraten dir alles, was du zu dem Thema wissen musst!<\/span><\/p>\n<h2>Sind Wassermelonen f\u00fcr Hunde gesund?<\/h2>\n<p><span style=\"font-weight: 400;\">Wassermelonen machen ihrem Namen alle Ehre, denn sie bestehen zu 90 bis 95 % aus Wasser. Aus diesem Grund sind sie f\u00fcr uns Menschen ein hervorragender Durstl\u00f6scher an hei\u00dfen Sommertagen. Doch wie jedes Obst enth\u00e4lt auch Wassermelone Zucker. Zwar ist der Anteil geringer als beispielsweise bei Bananen, trotzdem gilt: Zu viel davon kann f\u00fcr Hunde sch\u00e4dlich sein \u2013 erst recht, wenn sie an Diabetes leiden oder \u00dcbergewicht haben. In Ma\u00dfen verabreicht kann Wassermelone f\u00fcr gesunde, fitte und normalgewichtig Vierbeiner jedoch eine willkommene Abwechslung sein.<\/span><\/p>\n<h2>Dem Hund Wassermelone f\u00fcttern: Darauf musst du achten!<\/h2>\n<p><span style=\"font-weight: 400;\">Wassermelone darf nicht einfach so verabreicht werden. Das liegt in den Kernen und der Schale begr\u00fcndet. Wassermelonenkerne k\u00f6nnen von Hunden schlecht verdaut werden und schlimmstenfalls zu einem Darmverschluss f\u00fchren. Auch die harte gr\u00fcne Schale ist schwer verdaulich. Zudem besteht das Risiko, dass sie mit chemischen Mitteln behandelt ist, die gesundheitliche Probleme verursachen k\u00f6nnen, wenn sie in den Hundeorganismus gelangen.<\/span><\/p>\n<p><span style=\"font-weight: 400;\">Aus diesem Grund solltest du darauf achten, deinem Hund ausschlie\u00dflich das Fruchtfleisch zu geben. Das bedeutet: Entferne s\u00e4mtliche Kerne und schneide die Schale gro\u00dfz\u00fcgig ab. Der wei\u00dfe Rand zwischen der gr\u00fcnen Melonenschale und dem roten Fruchtfleisch ist f\u00fcr gew\u00f6hnlich unbedenklich.\u00a0<\/span><\/p>\n<p><span style=\"font-weight: 400;\">Des Weiteren solltest du deinen Hund langsam an Wassermelone heranf\u00fchren, um zu pr\u00fcfen, ob er sie vertr\u00e4gt. Das empfiehlt sich vor allem dann, wenn dein Vierbeiner einen empfindlichen Magen-Darm-Trakt hat. Zwar gilt das Fruchtfleisch allgemein als vertr\u00e4glich, trotzdem gibt es Hunde, die mit Durchfall oder Bl\u00e4hungen darauf reagieren. Ist das bei deinem Tier der Fall, solltest du auf Wassermelone verzichten.<\/span><\/p>\n<h2>Wie viel Wassermelone d\u00fcrfen Hunde essen?<\/h2>\n<p><span style=\"font-weight: 400;\">Wassermelone eignet sich gut als Leckerli zwischendurch, sollte aber keinesfalls den Hauptbestandteil der Nahrung ausmachen. Zudem sollte die Menge an die Gr\u00f6\u00dfe des Hundes angepasst werden. Drei oder vier kleine St\u00fcckchen sind f\u00fcr kleine Hunde v\u00f6llig ausreichend. Gro\u00dfe Hunde d\u00fcrfen etwas mehr fressen.\u00a0<\/span><\/p>\n<p><span style=\"font-weight: 400;\">Als Faustregel gilt: Snacks sollten nicht mehr als 10 % der t\u00e4glichen Futterration eines Hundes ausmachen. Daran kannst du dich orientieren. Vergiss aber nicht, dass andere Snacks, die du am Tag f\u00fctterst, ebenfalls mit dazu z\u00e4hlen. Au\u00dferdem solltest du ber\u00fccksichtigen, dass auch Wassermelone Kalorien enth\u00e4lt, und dies in Bezug auf den Tageskalorienbedarf deines Hundes einkalkulieren.\u00a0<\/span><\/p>\n<h2>Der perfekte Sommersnack: Wassermelone f\u00fcr Hunde<\/h2>\n<p><span style=\"font-weight: 400;\">Wassermelone kann f\u00fcr Hunde wie f\u00fcr Menschen herrlich erfrischend sein \u2013 erst recht, wenn sie kalt aus dem K\u00fchlschrank oder tiefgefroren verabreicht wird. Gerade an hei\u00dfen Sommertagen kann das f\u00fcr unsere Hunde eine echte Wohltat sein und ihnen dabei helfen, sich abzuk\u00fchlen.<\/span><\/p>\n<p><span style=\"font-weight: 400;\">Tipp: Gib eine Handvoll Fruchtfleisch ohne Kerne und Schale in den Mixer und p\u00fcriere das Ganze mit etwas Wasser. Wenn du m\u00f6chtest und dein Hund es vertr\u00e4gt, kannst du noch ein paar Beeren, ein Blatt frische Minze oder auch einen L\u00f6ffel Magerquark oder Naturjoghurt hinzugeben. Die Masse l\u00e4sst sich sehr gut auf einer Schleckmatte verstreichen, du kannst sie aber auch in eine Eisw\u00fcrfelform f\u00fcllen und tiefk\u00fchlen. So hast du immer eine kleine Erfrischung f\u00fcr deinen Hund parat.<\/span><\/p>\n<p><span style=\"font-weight: 400;\">Hier noch ein paar Ideen, wie du deinem Hund Wassermelone geben kannst:\u00a0<\/span><\/p>\n<ul>\n<li style=\"font-weight: 400;\" aria-level=\"1\"><b>F\u00fcr Verspielte<\/b><span style=\"font-weight: 400;\">: Wassermelone in kleine St\u00fccke schneiden und in einen Kong oder ein Intelligenzspielzeug f\u00fcllen.<\/span><\/li>\n<li style=\"font-weight: 400;\" aria-level=\"1\"><b>F\u00fcr<\/b> <b>Trinkfaule<\/b><span style=\"font-weight: 400;\">: Ein Melonenst\u00fcck (gefroren oder ungefroren) in den Wassernapf geben. Das sorgt f\u00fcr Anregung und Extra-Erfrischung.<\/span><\/li>\n<li style=\"font-weight: 400;\" aria-level=\"1\"><b>F\u00fcr Aktive<\/b><span style=\"font-weight: 400;\">: Ein paar gut gek\u00fchlte Melonenw\u00fcrfel in einem Thermobecher mitnehmen \u2013 perfekt f\u00fcr Pausen unterwegs.<\/span><\/li>\n<li style=\"font-weight: 400;\" aria-level=\"1\"><b>F\u00fcr Entdecker<\/b><span style=\"font-weight: 400;\">: Kleine Melonenst\u00fcckchen im Schn\u00fcffelteppich verstecken oder als \u201eMelonenspur\u201c im Abstand zueinander im Garten verteilen \u2013 so hat die Nase etwas zu tun.<\/span><\/li>\n<\/ul>\n<p><span style=\"font-weight: 400;\">Probiere einfach aus, welche Variante deinem Hund am besten gef\u00e4llt. Mit ein bisschen Kreativit\u00e4t wird aus einem kleinen St\u00fcck Wassermelone ein echtes Sommer-Highlight f\u00fcr deinen Vierbeiner.<\/span><\/p>\n\n<div class=\"related_articles boxed\">\n    <h2>Mehr zum Thema<\/h2>\n    \n    <div class=\"wrapper\"><div class=\"title align-center\"><h3><a href=\"https:\/\/uelzener.de\/magazin\/hund\/ernaehrung\/was-essen-hunde\/\">Was essen Hunde au\u00dfer Hundefutter?<\/a><\/h3><\/div><div class=\"img align-center\"><img decoding=\"async\" width=\"315\" height=\"180\" src=\"https:\/\/uelzener.de\/magazin\/app\/uploads\/2022\/11\/was-essen-hunde-ausser-hundefutter-315x180.jpg\" class=\"attachment-315x180 size-315x180 wp-post-image\" alt=\"Ein Hund bekommt eine Himbeere. Was essen Hunde au\u00dfer Hundefutter?\" \/><\/div><\/div><div class=\"wrapper\"><div class=\"title align-center\"><h3><a href=\"https:\/\/uelzener.de\/magazin\/hund\/ernaehrung\/duerfen-hunde-erdbeeren-essen\/\">D\u00fcrfen Hunde Erdbeeren essen?<\/a><\/h3><\/div><div class=\"img align-center\"><img decoding=\"async\" width=\"315\" height=\"180\" src=\"https:\/\/uelzener.de\/magazin\/app\/uploads\/2025\/05\/hund-erdbeeren-315x180.jpg\" class=\"attachment-315x180 size-315x180 wp-post-image\" alt=\"Welpe frisst Erdbeeren aus einer Schale.\" \/><\/div><\/div><div class=\"wrapper\"><div class=\"title align-center\"><h3><a href=\"https:\/\/uelzener.de\/magazin\/hund\/ernaehrung\/duerfen-hunde-bananen-essen\/\">D\u00fcrfen Hunde Bananen essen?<\/a><\/h3><\/div><div class=\"img align-center\"><img decoding=\"async\" width=\"315\" height=\"180\" src=\"https:\/\/uelzener.de\/magazin\/app\/uploads\/2025\/02\/duerfen-hunde-bananen-essen-315x180.jpg\" class=\"attachment-315x180 size-315x180 wp-post-image\" alt=\"Ein Hund frisst eine Banane.\" \/><\/div><\/div><\/div>\n\n<h2>Fazit<\/h2>\n<p><span style=\"font-weight: 400;\">Wassermelone kommt bei vielen Hunden sehr gut an und eignet sich gerade im Sommer als erfrischender Snack zwischendurch. Wichtig ist, nur das rote Fruchtfleisch zu f\u00fcttern und Kerne und Schale vorab sorgf\u00e4ltig zu entfernen. Wie viel Wassermelone du geben kannst, richtet sich nach der Gr\u00f6\u00dfe und dem Kalorienbedarf deines Hundes. Grunds\u00e4tzlich gilt: Weniger ist mehr. Denn auch wenn Wassermelone den meisten Vierbeinern schmeckt, ist sie als Hauptnahrung keinesfalls geeignet. Hat dein Hund Diabetes oder ist \u00fcbergewichtig, solltest du lieber nach Alternativen Ausschau halten.<\/span><\/p>\n<h2>FAQ: H\u00e4ufig gestellte Fragen zum Thema Wassermelone f\u00fcr den Hund<\/h2>\n<h3>K\u00f6nnen Hunde auch Cantaloupe-Melone und Honigmelone essen?<\/h3>\n<p><span style=\"font-weight: 400;\">Cantaloupe-Melonen und Honigmelonen enthalten etwas mehr Zucker als Wassermelonen und sollten daher in geringeren Mengen gef\u00fcttert werden. Sie sind aber f\u00fcr die meisten Hunde vertr\u00e4glich. Wichtig ist auch hier, nur das Fruchtfleisch ohne Kerne und Schale zu geben.<\/span><\/p>\n<h3>Warum eignet sich Wassermelone nicht f\u00fcr \u00fcbergewichtige Hunde?<\/h3>\n<p><span style=\"font-weight: 400;\">Wassermelone gilt als kalorienarm, enth\u00e4lt jedoch nat\u00fcrlichen Fruchtzucker. Der Anteil f\u00e4llt zwar geringer aus als etwa bei Mangos oder Bananen. Als regelm\u00e4\u00dfiger Snack sollte Wassermelone trotzdem nicht angeboten werden. Hier ist es besser, auf Gem\u00fcse zur\u00fcckzugreifen. Ein Tierarzt oder eine Tier\u00e4rztin kann in Sachen Ern\u00e4hrung umfassend beraten und hilfreiche Tipps geben.\u00a0<\/span><\/p>\n<h3>D\u00fcrfen Welpen Wassermelone fressen?<\/h3>\n<p><span style=\"font-weight: 400;\">Auch Welpen d\u00fcrfen mal ein kleines St\u00fcck Wassermelone probieren, sofern es sich um das blo\u00dfe Fruchtfleisch ohne Kerne und Schale handelt. Allerdings sind auch hier nur geringe Mengen geboten.<\/span><\/p>\n<h3>Was tun, wenn mein Hund Durchfall bekommt?<\/h3>\n<p><span style=\"font-weight: 400;\">Wenn dein Hund Durchfall von Melone bekommt, solltest du ihm keine mehr geben. Auch wenn das Obst als allgemein gut vertr\u00e4glich gilt, lassen sich Allergien und Nahrungsmittelunvertr\u00e4glichkeiten nie ausschlie\u00dfen. H\u00e4lt der Durchfall an oder kommen weitere Symptome wie starke Unruhe und Erbrechen hinzu, solltest du deinen Hund tier\u00e4rztlich untersuchen lassen, um die Ursache abzukl\u00e4ren. Eine <\/span><span style=\"font-weight: 400;\">Hundekrankenversicherung<\/span><span style=\"font-weight: 400;\"> sch\u00fctzt vor hohen Tierarztkosten, so dass du deinen Vierbeiner bestm\u00f6glich versorgen lassen kannst.<\/span><\/p>\n\n<div class=\"banner\">\n    <a href=\"https:\/\/uelzener.de\/hund\/hunde-krankenversicherung\/?agt=0000104925&sem=true&utm_medium=magazin&utm_source=wordpress&utm_campaign=hund_kv&utm_content=banner\">\n        <img decoding=\"async\" width=\"300\" height=\"212\" src=\"https:\/\/uelzener.de\/magazin\/app\/uploads\/2025\/01\/Hunde-Kranken-Versicherung.jpg\" class=\"attachment-medium size-medium\" alt=\"Banner Hunde-Kranken-Versicherung\" \/>    <\/a>\n<\/div>\n\n","protected":false},"excerpt":{"rendered":"<p>Knackig, saftig, s\u00fc\u00df \u2013 f\u00fcr die meisten von uns sind Wassermelonen der Inbegriff sommerlicher Erfrischung. Ob das unsere Hunde genauso sehen? Durchaus, denn bei vielen Vierbeinern kommt die Wassermelone sehr gut an. Da stellt sich die Frage, ob das Obst f\u00fcr unsere Tiere \u00fcberhaupt vertr\u00e4glich ist. D\u00fcrfen Hunde Wassermelonen essen \u2013 und wenn ja, wie [&hellip;]<\/p>\n","protected":false},"author":11,"featured_media":18828,"parent":11674,"menu_order":3,"comment_status":"closed","ping_status":"closed","template":"templates\/blog.php","meta":{"_acf_changed":false,"_crdt_document":"","footnotes":"","beyondwords_generate_audio":"","beyondwords_project_id":"","beyondwords_content_id":"","beyondwords_preview_token":"","beyondwords_player_style":"","beyondwords_language_id":"","beyondwords_title_voice_id":"","beyondwords_body_voice_id":"","beyondwords_summary_voice_id":"","beyondwords_error_message":"","beyondwords_disabled":"","beyondwords_delete_content":"","beyondwords_podcast_id":"","beyondwords_hash":"","publish_post_to_speechkit":"","speechkit_hash":"","speechkit_generate_audio":"","speechkit_project_id":"","speechkit_podcast_id":"","speechkit_error_message":"","speechkit_disabled":"","speechkit_access_key":"","speechkit_error":"","speechkit_info":"","speechkit_response":"","speechkit_retries":"","speechkit_status":"","speechkit_updated_at":"","_speechkit_link":"","_speechkit_text":""},"class_list":["post-18826","page","type-page","status-publish","has-post-thumbnail","hentry"],"acf":[],"yoast_head":"<!-- This site is optimized with the Yoast SEO Premium plugin  - https:\/\/yoast.com\/product\/yoast-seo-premium-wordpress\/ -->\n<title>D\u00fcrfen Hunde Wassermelonen essen? | Uelzener Magazin<\/title>\n<meta name=\"description\" content=\"Wassermelonen sind erfrischend, aber sind sie f\u00fcr Hunde geeignet? Entdecke die Fakten \u00fcber Wassermelone f\u00fcr Vierbeiner.\" \/>\n<meta name=\"robots\" content=\"index, follow, max-snippet:-1, max-image-preview:large, max-video-preview:-1\" \/>\n<link rel=\"canonical\" href=\"https:\/\/uelzener.de\/magazin\/hund\/ernaehrung\/duerfen-hunde-wassermelonen-essen\/\" \/>\n<meta property=\"og:locale\" content=\"de_DE\" \/>\n<meta property=\"og:type\" content=\"article\" \/>\n<meta property=\"og:title\" content=\"D\u00fcrfen Hunde Wassermelonen essen?\" \/>\n<meta property=\"og:description\" content=\"Wassermelonen sind erfrischend, aber sind sie f\u00fcr Hunde geeignet? Entdecke die Fakten \u00fcber Wassermelone f\u00fcr Vierbeiner.\" \/>\n<meta property=\"og:url\" content=\"https:\/\/uelzener.de\/magazin\/hund\/ernaehrung\/duerfen-hunde-wassermelonen-essen\/\" \/>\n<meta property=\"og:site_name\" content=\"Uelzener Tier-Magazin\" \/>\n<meta property=\"article:publisher\" content=\"https:\/\/www.facebook.com\/Uelzener\" \/>\n<meta property=\"article:modified_time\" content=\"2025-08-11T07:07:58+00:00\" \/>\n<meta property=\"og:image\" content=\"https:\/\/uelzener.de\/magazin\/app\/uploads\/2025\/08\/hund-isst-wassermelone.jpg\" \/>\n\t<meta property=\"og:image:width\" content=\"1025\" \/>\n\t<meta property=\"og:image:height\" content=\"450\" \/>\n\t<meta property=\"og:image:type\" content=\"image\/jpeg\" \/>\n<meta name=\"twitter:card\" content=\"summary_large_image\" \/>\n<meta name=\"twitter:label1\" content=\"Gesch\u00e4tzte Lesezeit\" \/>\n\t<meta name=\"twitter:data1\" content=\"6\u00a0Minuten\" \/>\n<script type=\"application\/ld+json\" class=\"yoast-schema-graph\">{\"@context\":\"https:\/\/schema.org\",\"@graph\":[{\"@type\":\"WebPage\",\"@id\":\"https:\/\/uelzener.de\/magazin\/hund\/ernaehrung\/duerfen-hunde-wassermelonen-essen\/\",\"url\":\"https:\/\/uelzener.de\/magazin\/hund\/ernaehrung\/duerfen-hunde-wassermelonen-essen\/\",\"name\":\"D\u00fcrfen Hunde Wassermelonen essen? | Uelzener Magazin\",\"isPartOf\":{\"@id\":\"https:\/\/uelzener.de\/magazin\/#website\"},\"primaryImageOfPage\":{\"@id\":\"https:\/\/uelzener.de\/magazin\/hund\/ernaehrung\/duerfen-hunde-wassermelonen-essen\/#primaryimage\"},\"image\":{\"@id\":\"https:\/\/uelzener.de\/magazin\/hund\/ernaehrung\/duerfen-hunde-wassermelonen-essen\/#primaryimage\"},\"thumbnailUrl\":\"https:\/\/uelzener.de\/magazin\/app\/uploads\/2025\/08\/hund-isst-wassermelone.jpg\",\"datePublished\":\"2025-08-11T07:05:12+00:00\",\"dateModified\":\"2025-08-11T07:07:58+00:00\",\"description\":\"Wassermelonen sind erfrischend, aber sind sie f\u00fcr Hunde geeignet? Entdecke die Fakten \u00fcber Wassermelone f\u00fcr Vierbeiner.\",\"breadcrumb\":{\"@id\":\"https:\/\/uelzener.de\/magazin\/hund\/ernaehrung\/duerfen-hunde-wassermelonen-essen\/#breadcrumb\"},\"inLanguage\":\"de\",\"potentialAction\":[{\"@type\":\"ReadAction\",\"target\":[\"https:\/\/uelzener.de\/magazin\/hund\/ernaehrung\/duerfen-hunde-wassermelonen-essen\/\"]}]},{\"@type\":\"ImageObject\",\"inLanguage\":\"de\",\"@id\":\"https:\/\/uelzener.de\/magazin\/hund\/ernaehrung\/duerfen-hunde-wassermelonen-essen\/#primaryimage\",\"url\":\"https:\/\/uelzener.de\/magazin\/app\/uploads\/2025\/08\/hund-isst-wassermelone.jpg\",\"contentUrl\":\"https:\/\/uelzener.de\/magazin\/app\/uploads\/2025\/08\/hund-isst-wassermelone.jpg\",\"width\":1025,\"height\":450,\"caption\":\"Hund isst Wassermelone.\"},{\"@type\":\"WebSite\",\"@id\":\"https:\/\/uelzener.de\/magazin\/#website\",\"url\":\"https:\/\/uelzener.de\/magazin\/\",\"name\":\"Uelzener Tiermagazin\",\"description\":\"Online Tierratgeber der Uelzener Versicherungen\",\"publisher\":{\"@id\":\"https:\/\/uelzener.de\/magazin\/#organization\"},\"potentialAction\":[{\"@type\":\"SearchAction\",\"target\":{\"@type\":\"EntryPoint\",\"urlTemplate\":\"https:\/\/uelzener.de\/magazin\/?s={search_term_string}\"},\"query-input\":{\"@type\":\"PropertyValueSpecification\",\"valueRequired\":true,\"valueName\":\"search_term_string\"}}],\"inLanguage\":\"de\"},{\"@type\":\"Organization\",\"@id\":\"https:\/\/uelzener.de\/magazin\/#organization\",\"name\":\"Uelzener Versicherungen\",\"url\":\"https:\/\/uelzener.de\/magazin\/\",\"logo\":{\"@type\":\"ImageObject\",\"inLanguage\":\"de\",\"@id\":\"https:\/\/uelzener.de\/magazin\/#\/schema\/logo\/image\/\",\"url\":\"https:\/\/uelzener.de\/magazin\/app\/uploads\/2024\/11\/uelzener_allgemeine_versicherungsgesellschaft_a_g_logo.jpg\",\"contentUrl\":\"https:\/\/uelzener.de\/magazin\/app\/uploads\/2024\/11\/uelzener_allgemeine_versicherungsgesellschaft_a_g_logo.jpg\",\"width\":200,\"height\":200,\"caption\":\"Uelzener Versicherungen\"},\"image\":{\"@id\":\"https:\/\/uelzener.de\/magazin\/#\/schema\/logo\/image\/\"},\"sameAs\":[\"https:\/\/www.facebook.com\/Uelzener\",\"https:\/\/instagram.com\/uelzener\",\"https:\/\/www.xing.com\/pages\/uelzenerallgemeineversicherungs-gesellschafta-g\",\"https:\/\/www.youtube.com\/UelzenerVersicherungen\"]}]}<\/script>\n<!-- \/ Yoast SEO Premium plugin. -->","yoast_head_json":{"title":"D\u00fcrfen Hunde Wassermelonen essen? | Uelzener Magazin","description":"Wassermelonen sind erfrischend, aber sind sie f\u00fcr Hunde geeignet? Entdecke die Fakten \u00fcber Wassermelone f\u00fcr Vierbeiner.","robots":{"index":"index","follow":"follow","max-snippet":"max-snippet:-1","max-image-preview":"max-image-preview:large","max-video-preview":"max-video-preview:-1"},"canonical":"https:\/\/uelzener.de\/magazin\/hund\/ernaehrung\/duerfen-hunde-wassermelonen-essen\/","og_locale":"de_DE","og_type":"article","og_title":"D\u00fcrfen Hunde Wassermelonen essen?","og_description":"Wassermelonen sind erfrischend, aber sind sie f\u00fcr Hunde geeignet? Entdecke die Fakten \u00fcber Wassermelone f\u00fcr Vierbeiner.","og_url":"https:\/\/uelzener.de\/magazin\/hund\/ernaehrung\/duerfen-hunde-wassermelonen-essen\/","og_site_name":"Uelzener Tier-Magazin","article_publisher":"https:\/\/www.facebook.com\/Uelzener","article_modified_time":"2025-08-11T07:07:58+00:00","og_image":[{"width":1025,"height":450,"url":"https:\/\/uelzener.de\/magazin\/app\/uploads\/2025\/08\/hund-isst-wassermelone.jpg","type":"image\/jpeg"}],"twitter_card":"summary_large_image","twitter_misc":{"Gesch\u00e4tzte Lesezeit":"6\u00a0Minuten"},"schema":{"@context":"https:\/\/schema.org","@graph":[{"@type":"WebPage","@id":"https:\/\/uelzener.de\/magazin\/hund\/ernaehrung\/duerfen-hunde-wassermelonen-essen\/","url":"https:\/\/uelzener.de\/magazin\/hund\/ernaehrung\/duerfen-hunde-wassermelonen-essen\/","name":"D\u00fcrfen Hunde Wassermelonen essen? | Uelzener Magazin","isPartOf":{"@id":"https:\/\/uelzener.de\/magazin\/#website"},"primaryImageOfPage":{"@id":"https:\/\/uelzener.de\/magazin\/hund\/ernaehrung\/duerfen-hunde-wassermelonen-essen\/#primaryimage"},"image":{"@id":"https:\/\/uelzener.de\/magazin\/hund\/ernaehrung\/duerfen-hunde-wassermelonen-essen\/#primaryimage"},"thumbnailUrl":"https:\/\/uelzener.de\/magazin\/app\/uploads\/2025\/08\/hund-isst-wassermelone.jpg","datePublished":"2025-08-11T07:05:12+00:00","dateModified":"2025-08-11T07:07:58+00:00","description":"Wassermelonen sind erfrischend, aber sind sie f\u00fcr Hunde geeignet? Entdecke die Fakten \u00fcber Wassermelone f\u00fcr Vierbeiner.","breadcrumb":{"@id":"https:\/\/uelzener.de\/magazin\/hund\/ernaehrung\/duerfen-hunde-wassermelonen-essen\/#breadcrumb"},"inLanguage":"de","potentialAction":[{"@type":"ReadAction","target":["https:\/\/uelzener.de\/magazin\/hund\/ernaehrung\/duerfen-hunde-wassermelonen-essen\/"]}]},{"@type":"ImageObject","inLanguage":"de","@id":"https:\/\/uelzener.de\/magazin\/hund\/ernaehrung\/duerfen-hunde-wassermelonen-essen\/#primaryimage","url":"https:\/\/uelzener.de\/magazin\/app\/uploads\/2025\/08\/hund-isst-wassermelone.jpg","contentUrl":"https:\/\/uelzener.de\/magazin\/app\/uploads\/2025\/08\/hund-isst-wassermelone.jpg","width":1025,"height":450,"caption":"Hund isst Wassermelone."},{"@type":"WebSite","@id":"https:\/\/uelzener.de\/magazin\/#website","url":"https:\/\/uelzener.de\/magazin\/","name":"Uelzener Tiermagazin","description":"Online Tierratgeber der Uelzener Versicherungen","publisher":{"@id":"https:\/\/uelzener.de\/magazin\/#organization"},"potentialAction":[{"@type":"SearchAction","target":{"@type":"EntryPoint","urlTemplate":"https:\/\/uelzener.de\/magazin\/?s={search_term_string}"},"query-input":{"@type":"PropertyValueSpecification","valueRequired":true,"valueName":"search_term_string"}}],"inLanguage":"de"},{"@type":"Organization","@id":"https:\/\/uelzener.de\/magazin\/#organization","name":"Uelzener Versicherungen","url":"https:\/\/uelzener.de\/magazin\/","logo":{"@type":"ImageObject","inLanguage":"de","@id":"https:\/\/uelzener.de\/magazin\/#\/schema\/logo\/image\/","url":"https:\/\/uelzener.de\/magazin\/app\/uploads\/2024\/11\/uelzener_allgemeine_versicherungsgesellschaft_a_g_logo.jpg","contentUrl":"https:\/\/uelzener.de\/magazin\/app\/uploads\/2024\/11\/uelzener_allgemeine_versicherungsgesellschaft_a_g_logo.jpg","width":200,"height":200,"caption":"Uelzener Versicherungen"},"image":{"@id":"https:\/\/uelzener.de\/magazin\/#\/schema\/logo\/image\/"},"sameAs":["https:\/\/www.facebook.com\/Uelzener","https:\/\/instagram.com\/uelzener","https:\/\/www.xing.com\/pages\/uelzenerallgemeineversicherungs-gesellschafta-g","https:\/\/www.youtube.com\/UelzenerVersicherungen"]}]}},"_links":{"self":[{"href":"https:\/\/uelzener.de\/magazin\/wp-json\/wp\/v2\/pages\/18826","targetHints":{"allow":["GET"]}}],"collection":[{"href":"https:\/\/uelzener.de\/magazin\/wp-json\/wp\/v2\/pages"}],"about":[{"href":"https:\/\/uelzener.de\/magazin\/wp-json\/wp\/v2\/types\/page"}],"author":[{"embeddable":true,"href":"https:\/\/uelzener.de\/magazin\/wp-json\/wp\/v2\/users\/11"}],"replies":[{"embeddable":true,"href":"https:\/\/uelzener.de\/magazin\/wp-json\/wp\/v2\/comments?post=18826"}],"version-history":[{"count":3,"href":"https:\/\/uelzener.de\/magazin\/wp-json\/wp\/v2\/pages\/18826\/revisions"}],"predecessor-version":[{"id":18830,"href":"https:\/\/uelzener.de\/magazin\/wp-json\/wp\/v2\/pages\/18826\/revisions\/18830"}],"up":[{"embeddable":true,"href":"https:\/\/uelzener.de\/magazin\/wp-json\/wp\/v2\/pages\/11674"}],"wp:featuredmedia":[{"embeddable":true,"href":"https:\/\/uelzener.de\/magazin\/wp-json\/wp\/v2\/media\/18828"}],"wp:attachment":[{"href":"https:\/\/uelzener.de\/magazin\/wp-json\/wp\/v2\/media?parent=18826"}],"curies":[{"name":"wp","href":"https:\/\/api.w.org\/{rel}","templated":true}]}}