{"id":18772,"date":"2025-07-30T14:26:25","date_gmt":"2025-07-30T12:26:25","guid":{"rendered":"https:\/\/uelzener.de\/magazin\/?page_id=18772"},"modified":"2025-11-20T12:14:30","modified_gmt":"2025-11-20T11:14:30","slug":"hautpilz-bei-pferden-erkennen-behandeln-und-vorbeugen","status":"publish","type":"page","link":"https:\/\/uelzener.de\/magazin\/pferd\/tiergesundheit\/hautpilz-bei-pferden-erkennen-behandeln-und-vorbeugen\/","title":{"rendered":"Hautpilz bei Pferden erkennen, behandeln und vorbeugen"},"content":{"rendered":"<p><span style=\"font-weight: 400;\">Ein gl\u00e4nzendes, gesundes Fell ist nicht nur sch\u00f6n anzusehen, sondern auch ein Indikator daf\u00fcr, dass es dem Pferd gesundheitlich gut geht. Treten jedoch pl\u00f6tzlich kahle, schuppige oder verkrustete Stellen auf, kann das auf eine Pilzerkrankung hinweisen. Der folgende Artikel erkl\u00e4rt, wie man Hautpilz erkennt, welche Behandlungsm\u00f6glichkeiten es gibt und wie man einem Befall effektiv vorbeugen kann.<\/span><\/p>\n<h2>Charakteristika: Woran erkenne ich Hautpilz bei meinem Pferd?<\/h2>\n<p><span style=\"font-weight: 400;\">Besonders zur Fellwechselzeit und bei starken Wetterumschw\u00fcngen haben viele Pferde mit Hautpilzerkrankungen, fachsprachlich <\/span><i><span style=\"font-weight: 400;\">Dermatomykose<\/span><\/i><span style=\"font-weight: 400;\"> genannt, zu k\u00e4mpfen. Besonders anf\u00e4llig sind \u00e4ltere, sehr junge und immungeschw\u00e4chte Pferde.<\/span><\/p>\n<p><span style=\"font-weight: 400;\">Zu den h\u00e4ufigsten Ausl\u00f6sern z\u00e4hlen die Pilzarten <\/span><i><span style=\"font-weight: 400;\">Trichophyton <\/span><\/i><span style=\"font-weight: 400;\">und <\/span><i><span style=\"font-weight: 400;\">Microsporum. <\/span><\/i><span style=\"font-weight: 400;\">Als <\/span><i><span style=\"font-weight: 400;\">Dermatophyten<\/span><\/i><span style=\"font-weight: 400;\"> befallen sie vor allem die oberste Hautschicht und f\u00fchren zu Fellver\u00e4nderungen. Zu den typischen Merkmalen z\u00e4hlen:<\/span><\/p>\n<ul>\n<li style=\"font-weight: 400;\" aria-level=\"1\"><span style=\"font-weight: 400;\">Rundliche, kahle Stellen, die in Gr\u00f6\u00dfe und Anzahl variieren k\u00f6nnen<\/span><\/li>\n<li style=\"font-weight: 400;\" aria-level=\"1\"><span style=\"font-weight: 400;\">Stellenweise gestr\u00e4ubte Haare<\/span><\/li>\n<li style=\"font-weight: 400;\" aria-level=\"1\"><span style=\"font-weight: 400;\">Schuppige, verkrustete Hautbereiche, die durch abgestorbene Hautzellen entstehen<\/span><\/li>\n<li style=\"font-weight: 400;\" aria-level=\"1\"><span style=\"font-weight: 400;\">Ger\u00f6tete und manchmal blutige Scheuerstellen<\/span><\/li>\n<li style=\"font-weight: 400;\" aria-level=\"1\"><span style=\"font-weight: 400;\">Kleine Schwellungen<\/span><\/li>\n<li style=\"font-weight: 400;\" aria-level=\"1\"><span style=\"font-weight: 400;\">Juckreiz und eine daraus entstehende Entz\u00fcndung an der Haut<\/span><\/li>\n<\/ul>\n<p><span style=\"font-weight: 400;\">Der Hautpilz bevorzugt eine warme und feuchte Umgebung. Dort bietet sich ihm der ideale N\u00e4hrboden. Er f\u00fchlt sich daher besonders in Arealen wohl, in denen Pferde viel schwitzen. H\u00e4ufig breitet sich ein Hautpilz daher in der Sattel- und Gurtlage sowie im Achsel- und Schulterbereich des Pferdes aus. Auch am Kopf, insbesondere im Bereich, wo Trense und Halfter aufliegen, ist h\u00e4ufig ein Befall erkennbar.\u00a0<\/span><\/p>\n<h2>M\u00f6gliche Ursachen von Hautpilz bei Pferden<\/h2>\n<p><span style=\"font-weight: 400;\">Alle Pferde tragen Pilzsporen auf der Haut und im Fell. Ob sich daraus jedoch eine Hautpilzerkrankung entwickelt, h\u00e4ngt von verschiedenen Faktoren ab und ist nicht unbedingt eine Frage mangelnder Hygiene oder Pflege. Tats\u00e4chlich kann sogar die Nutzung von zu viel oder falschen Pflegeprodukten wie Shampoo eine Pilzinfektion beg\u00fcnstigen, da so das nat\u00fcrliche Gleichgewicht der Haut gest\u00f6rt werden kann.\u00a0<\/span><\/p>\n<p><span style=\"font-weight: 400;\">Weitere m\u00f6gliche Faktoren f\u00fcr die Entstehung einer Hautpilzerkrankung sind:<\/span><\/p>\n<ul>\n<li style=\"font-weight: 400;\" aria-level=\"1\"><span style=\"font-weight: 400;\">Ein geschw\u00e4chtes Immunsystem, beispielsweise durch Vorerkrankungen, Mangelern\u00e4hrung oder \u00fcberm\u00e4\u00dfigen Stress<\/span><\/li>\n<li style=\"font-weight: 400;\" aria-level=\"1\"><span style=\"font-weight: 400;\">Eine feuchte, warme und ungen\u00fcgend saubere Umgebung, die somit optimale Bedingungen f\u00fcr das Pilzwachstum bietet<\/span><\/li>\n<li style=\"font-weight: 400;\" aria-level=\"1\"><span style=\"font-weight: 400;\">Hautverletzungen oder Parasiten wie <a href=\"https:\/\/uelzener.de\/magazin\/pferd\/tiergesundheit\/milbenbefall-beim-pferd\/\" target=\"_blank\" rel=\"noopener\">Milben<\/a>, durch die Pilzsporen leichter in die Pferdehaut eindringen k\u00f6nnen<\/span><\/li>\n<li style=\"font-weight: 400;\" aria-level=\"1\"><span style=\"font-weight: 400;\">Saisonale Faktoren, wie Feuchtigkeit durch Regen und Schnee oder vermehrte Schwei\u00dfbildung durch Hitze<\/span><\/li>\n<\/ul>\n<p><span style=\"font-weight: 400;\">Nicht zuletzt ist die Virulenz, also die krankmachenden Eigenschaften<\/span> <span style=\"font-weight: 400;\">der spezifischen Pilzart, entscheidend, ob und in welchem Ausma\u00df die Erkrankung ausbricht.<\/span><\/p>\n<h3>Hochansteckend: \u00dcbertragung von Hautpilz<\/h3>\n<p><span style=\"font-weight: 400;\">Die \u00dcbertragung von Hautpilz kann durch den direkten Kontakt mit infizierten Pferden oder Menschen erfolgen, selbst wenn diese keine Symptome zeigen. Des Weiteren k\u00f6nnen sich Pferde indirekt \u00fcber kontaminierte Gegenst\u00e4nde wie Decken, Putz- und Sattelzeug anstecken. Auch Stallw\u00e4nde oder Futtertr\u00f6ge k\u00f6nnen Sporen enthalten und sogar \u00fcber die Luft ist eine \u00dcbertragung m\u00f6glich.<\/span><\/p>\n<p><span style=\"font-weight: 400;\">Um die Verbreitung des Hautpilzes innerhalb des Stalls oder der Herde bestm\u00f6glich einzud\u00e4mmen, ist es wichtig, betroffene Pferde schnell zu isolieren und kontaminierte Gegenst\u00e4nde zu desinfizieren. Zu beachten ist, dass Pferde die Erreger auch \u00fcbertragen k\u00f6nnen, wenn die Symptome bereits abgeklungen sind.\u00a0<\/span><\/p>\n<h2>So wird Hautpilz bei Pferden diagnostiziert<\/h2>\n<p><span style=\"font-weight: 400;\">Der Hautpilz wird meist durch eine \u00e4u\u00dfere Untersuchung diagnostiziert. Zur Absicherung kann ein Hautgeschabsel im Labor auf Pilzsporen untersucht werden. Diese Untersuchungen helfen auch, Hautpilz von anderen Erkrankungen wie Milbenbefall oder Ekzemen abzugrenzen, deren Symptomatik \u00e4hnlich sein kann.<\/span><\/p>\n<p><span style=\"font-weight: 400;\">Um sich vor hohen Kosten f\u00fcr diagnostische Verfahren und Heilbehandlungen zu sch\u00fctzen, lohnt sich der Abschluss einer <\/span><span style=\"font-weight: 400;\">Krankenversicherung f\u00fcr Pferde<\/span><span style=\"font-weight: 400;\">. So kann dem vierbeinigen Liebling im Ernstfall bestm\u00f6glich geholfen werden, ohne sich Sorgen um finanzielle Risiken machen zu m\u00fcssen.<\/span><\/p>\n\n<div class=\"banner\">\n    <a href=\"https:\/\/uelzener.de\/pferd\/herden-versicherung\/?agt=0000104925&sem=true&utm_medium=magazin&utm_source=wordpress&utm_campaign=pferd_kv&utm_content=banner    \">\n        <img decoding=\"async\" width=\"300\" height=\"212\" src=\"https:\/\/uelzener.de\/magazin\/app\/uploads\/2025\/01\/Pferde-Kranken-Versicherung.jpg\" class=\"attachment-medium size-medium\" alt=\"Banner Pferde-Kranken-Versicherung\" \/>    <\/a>\n<\/div>\n\n<h2>Behandlung einer Hautpilzerkrankung<\/h2>\n<p><span style=\"font-weight: 400;\">Hautpilz verbreitet sich leicht. Hinzu kommt, dass durch die offenen Hautstellen Bakterien eindringen und eine Sekund\u00e4rinfektion ausl\u00f6sen k\u00f6nnen. Eine schnelle Behandlung ist daher essentiell. Zwar kann eine Pilzinfektion auch von alleine abklingen, jedoch ist der Heilungsprozess ohne therapeutische Mittel langwierig und kann in schweren F\u00e4llen mehrere Monate andauern. Unzureichend behandelt kann Hautpilz zudem zu weiteren Problemen f\u00fchren. Es kann unter Umst\u00e4nden festes Narbengewebe entstehen, das so stark in der Bewegung spannt, dass das Pferd zu lahmen beginnt.<\/span><\/p>\n<p><span style=\"font-weight: 400;\">Eine medizinische Behandlung dauert in der Regel wenige Wochen. Hier gibt es verschiedene M\u00f6glichkeiten.\u00a0<\/span><b><\/b><\/p>\n<ul>\n<li aria-level=\"1\"><b>\u00c4u\u00dferliche Behandlung: <\/b><span style=\"font-weight: 400;\">Es kann hilfreich sein, das Pferd mit einer speziellen antimykotischen Waschlotion zu waschen. Bestenfalls f\u00fchrst du diese Behandlung am gesamten Pferdek\u00f6rper durch. Steht im Winter kein Solarium zum Trocknen zur Verf\u00fcgung, sollten mindestens die betroffenen Stellen gewaschen werden. Alternativ kann auch Obstessig im Verh\u00e4ltnis 1:2 mit Wasser gemischt Abhilfe schaffen. Diese L\u00f6sung solltest du alle zwei bis drei Tage auf die betroffenen Stellen geben. Jedoch empfiehlt sich diese Behandlung nur, solange sich keine Krusten gebildet haben.<\/span><\/li>\n<li aria-level=\"1\"><b>Innerliche Behandlung: <\/b><span style=\"font-weight: 400;\">Spezielle vorbeugende Pilzimpfungen k\u00f6nnen den Ausbruch der Infektion zwar nicht verhindern, aber deren Verlauf mildern und die Heilung beschleunigen. Ein gut funktionierendes Immunsystem tr\u00e4gt dar\u00fcber hinaus einen wichtigen Teil zum Heilungsprozess bei. Vitaminpr\u00e4parate und Erg\u00e4nzungsfutter k\u00f6nnen die Abwehrkr\u00e4fte st\u00e4rken, wenn sie auf die Bed\u00fcrfnisse des Pferdes angepasst werden.<\/span><\/li>\n<\/ul>\n<p><span style=\"font-weight: 400;\">Welche Behandlungsmethode sich am besten f\u00fcr den Vierbeiner eignet, sollte stets in Abstimmung mit einem Tierarzt oder einer Tier\u00e4rztin entschieden werden. In einigen F\u00e4llen kann eine Kombination verschiedener Ma\u00dfnahmen sinnvoll sein.<\/span><\/p>\n\n<div class=\"related_articles boxed\">\n    <h2>Mehr zum Thema<\/h2>\n    \n    <div class=\"wrapper\"><div class=\"title align-center\"><h3><a href=\"https:\/\/uelzener.de\/magazin\/pferd\/tiergesundheit\/dermatophilose-regenraeude\/\">Dermatophilose: Alles Wissenswerte zur \u201eRegenr\u00e4ude\u201c<\/a><\/h3><\/div><div class=\"img align-center\"><img decoding=\"async\" width=\"315\" height=\"180\" src=\"https:\/\/uelzener.de\/magazin\/app\/uploads\/2025\/11\/pferd-im-regen-dermatophilose-315x180.jpg\" class=\"attachment-315x180 size-315x180 wp-post-image\" alt=\"Zwei Pferde im Regen.\" \/><\/div><\/div><div class=\"wrapper\"><div class=\"title align-center\"><h3><a href=\"https:\/\/uelzener.de\/magazin\/pferd\/tiergesundheit\/herbstgrasmilben-beim-pferd-befall-erkennen-und-behandeln\/\">Herbstgrasmilben beim Pferd: Befall erkennen und behandeln<\/a><\/h3><\/div><div class=\"img align-center\"><img decoding=\"async\" width=\"315\" height=\"180\" src=\"https:\/\/uelzener.de\/magazin\/app\/uploads\/2024\/09\/Herbstgrasmilben-Pferd-315x180.jpg\" class=\"attachment-315x180 size-315x180 wp-post-image\" alt=\"\" \/><\/div><\/div><div class=\"wrapper\"><div class=\"title align-center\"><h3><a href=\"https:\/\/uelzener.de\/magazin\/pferd\/tiergesundheit\/sommerekzem-pferd\/\">Sommerekzem beim Pferd: Insektenstiche verursachen starken Juckreiz<\/a><\/h3><\/div><div class=\"img align-center\"><img decoding=\"async\" width=\"315\" height=\"180\" src=\"https:\/\/uelzener.de\/magazin\/app\/uploads\/2023\/05\/sommerekzem_pferd-315x180.jpg\" class=\"attachment-315x180 size-315x180 wp-post-image\" alt=\"Zwei Pferde auf der Weide. Eines in Fliegenschutz, um Sommerekzeme vorzubeugen.\" \/><\/div><\/div><\/div>\n\n<h2>Pilzerkrankungen bei Pferden vorbeugen<\/h2>\n<p><span style=\"font-weight: 400;\">Es gibt einige Tipps und Tricks, die unkompliziert im Alltag umsetzbar sind und helfen k\u00f6nnen, Hautpilz vorzubeugen. Dazu geh\u00f6rt die regelm\u00e4\u00dfige, gr\u00fcndliche Reinigung der Ausr\u00fcstung, um vorhandene Sporen zu entfernen. Die regelm\u00e4\u00dfige Desinfektion der H\u00e4nde sowie des Putzzeugs ebenso von Bedeutung \u2013 vor allem nach einer Erkrankung.<\/span><\/p>\n<p><span style=\"font-weight: 400;\">Um eine optimale N\u00e4hrstoffversorgung sicherzustellen und so das Immunsystem zu st\u00e4rken, sollte hochwertiges Futter gef\u00fcttert und Heu und Stroh stets auf Feuchtigkeit und Schimmel untersucht werden. Die Vermeidung von Stress kann auch f\u00f6rderlich f\u00fcr das Immunsystem sein, weshalb eine ruhige Umgebung und eine Haltungsform mit gen\u00fcgend Auslauf sehr wichtig sind.<\/span><\/p>\n<h2>Fazit<\/h2>\n<p><span style=\"font-weight: 400;\">Hautpilz kann f\u00fcr betroffene Pferde zwar unangenehm sein, ist aber mit den richtigen Ma\u00dfnahmen gut behandelbar. Wichtig ist eine fr\u00fchzeitige Erkennung der Symptome sowie eine konsequente Behandlung. Durch gezielte Hygienema\u00dfnahmen und die St\u00e4rkung des Immunsystems l\u00e4sst sich das Risiko eines Ausbruchs reduzieren. Wer aufmerksam auf Ver\u00e4nderungen von Haut und Fell achtet und bei Verdacht schnell handelt, sch\u00fctzt nicht nur das einzelne Tier, sondern die gesamte Herde.<\/span><\/p>\n<h2>FAQ: H\u00e4ufig gestellte Fragen zum Thema Hautpilz bei Pferden<\/h2>\n<h3>Kann mein Pferd mehrmals an Hautpilz erkranken?<\/h3>\n<p><span style=\"font-weight: 400;\">Ja, zwar sind kurierte Pferde einige Wochen bis Monate immun, jedoch sch\u00fctzt eine \u00fcberstandene Infektion nicht automatisch vor einer erneuten Erkrankung.\u00a0<\/span><\/p>\n<h3>Wie lange sind Pilzsporen in der Umgebung \u00fcberlebensf\u00e4hig?<\/h3>\n<p><span style=\"font-weight: 400;\">Pilzsporen sind \u00e4u\u00dferst widerstandsf\u00e4hig und k\u00f6nnen in der Umgebung, etwa in Decken, B\u00fcrsten oder an Stallw\u00e4nden, mehrere Monate bis Jahre \u00fcberdauern. Eine gr\u00fcndliche Reinigung und Desinfektion der Ausr\u00fcstung und Umgebung des Pferdes sind daher entscheidend.\u00a0<\/span><\/p>\n<h3>Wie kann ich Putzzeug und Decken wirksam desinfizieren?<\/h3>\n<p><span style=\"font-weight: 400;\">Putzzeug aus Kunststoff kann mit hei\u00dfem Wasser und einem fungiziden Desinfektionsmittel gereinigt werden. Textilien wie Decken oder Schabracken sollten m\u00f6glichst hei\u00df gewaschen und mit einem desinfizierenden Waschzusatz behandelt werden. Einige Reitbedarfsh\u00e4ndler bieten auch spezielle Wasch- und Desinfektionsservices an.<\/span><\/p>\n<h3>Wie schnell nach der Infektion zeigen sich erste Symptome?<\/h3>\n<p><span style=\"font-weight: 400;\">Nach dem Kontakt mit Pilzsporen kann es mehrere Tage bis Wochen dauern, bis sichtbare Symptome auftreten. In dieser Zeit kann das Pferd bereits andere Tiere oder Menschen anstecken, was die schnelle Isolation im Verdachtsfall umso wichtiger macht.<\/span><\/p>\n","protected":false},"excerpt":{"rendered":"<p>Ein gl\u00e4nzendes, gesundes Fell ist nicht nur sch\u00f6n anzusehen, sondern auch ein Indikator daf\u00fcr, dass es dem Pferd gesundheitlich gut geht. Treten jedoch pl\u00f6tzlich kahle, schuppige oder verkrustete Stellen auf, kann das auf eine Pilzerkrankung hinweisen. Der folgende Artikel erkl\u00e4rt, wie man Hautpilz erkennt, welche Behandlungsm\u00f6glichkeiten es gibt und wie man einem Befall effektiv vorbeugen [&hellip;]<\/p>\n","protected":false},"author":11,"featured_media":18773,"parent":11706,"menu_order":16,"comment_status":"closed","ping_status":"closed","template":"templates\/blog.php","meta":{"_acf_changed":false,"_crdt_document":"","footnotes":"","beyondwords_generate_audio":"","beyondwords_project_id":"","beyondwords_content_id":"","beyondwords_preview_token":"","beyondwords_player_style":"","beyondwords_language_id":"","beyondwords_title_voice_id":"","beyondwords_body_voice_id":"","beyondwords_summary_voice_id":"","beyondwords_error_message":"","beyondwords_disabled":"","beyondwords_delete_content":"","beyondwords_podcast_id":"","beyondwords_hash":"","publish_post_to_speechkit":"","speechkit_hash":"","speechkit_generate_audio":"","speechkit_project_id":"","speechkit_podcast_id":"","speechkit_error_message":"","speechkit_disabled":"","speechkit_access_key":"","speechkit_error":"","speechkit_info":"","speechkit_response":"","speechkit_retries":"","speechkit_status":"","speechkit_updated_at":"","_speechkit_link":"","_speechkit_text":""},"class_list":["post-18772","page","type-page","status-publish","has-post-thumbnail","hentry"],"acf":[],"yoast_head":"<!-- This site is optimized with the Yoast SEO Premium plugin  - https:\/\/yoast.com\/product\/yoast-seo-premium-wordpress\/ -->\n<title>Hautpilz bei Pferden erkennen, behandeln und vorbeugen | Uelzener Magazin<\/title>\n<meta name=\"robots\" content=\"index, follow, max-snippet:-1, max-image-preview:large, max-video-preview:-1\" \/>\n<link rel=\"canonical\" href=\"https:\/\/uelzener.de\/magazin\/pferd\/tiergesundheit\/hautpilz-bei-pferden-erkennen-behandeln-und-vorbeugen\/\" \/>\n<meta property=\"og:locale\" content=\"de_DE\" \/>\n<meta property=\"og:type\" content=\"article\" \/>\n<meta property=\"og:title\" content=\"Hautpilz bei Pferden erkennen, behandeln und vorbeugen\" \/>\n<meta property=\"og:description\" content=\"Ein gl\u00e4nzendes, gesundes Fell ist nicht nur sch\u00f6n anzusehen, sondern auch ein Indikator daf\u00fcr, dass es dem Pferd gesundheitlich gut geht. Treten jedoch pl\u00f6tzlich kahle, schuppige oder verkrustete Stellen auf, kann das auf eine Pilzerkrankung hinweisen. Der folgende Artikel erkl\u00e4rt, wie man Hautpilz erkennt, welche Behandlungsm\u00f6glichkeiten es gibt und wie man einem Befall effektiv vorbeugen [&hellip;]\" \/>\n<meta property=\"og:url\" content=\"https:\/\/uelzener.de\/magazin\/pferd\/tiergesundheit\/hautpilz-bei-pferden-erkennen-behandeln-und-vorbeugen\/\" \/>\n<meta property=\"og:site_name\" content=\"Uelzener Tier-Magazin\" \/>\n<meta property=\"article:publisher\" content=\"https:\/\/www.facebook.com\/Uelzener\" \/>\n<meta property=\"article:modified_time\" content=\"2025-11-20T11:14:30+00:00\" \/>\n<meta property=\"og:image\" content=\"https:\/\/uelzener.de\/magazin\/app\/uploads\/2025\/07\/pferd-hautpilz.jpg\" \/>\n\t<meta property=\"og:image:width\" content=\"1025\" \/>\n\t<meta property=\"og:image:height\" content=\"450\" \/>\n\t<meta property=\"og:image:type\" content=\"image\/jpeg\" \/>\n<meta name=\"twitter:card\" content=\"summary_large_image\" \/>\n<meta name=\"twitter:label1\" content=\"Gesch\u00e4tzte Lesezeit\" \/>\n\t<meta name=\"twitter:data1\" content=\"7\u00a0Minuten\" \/>\n<script type=\"application\/ld+json\" class=\"yoast-schema-graph\">{\"@context\":\"https:\/\/schema.org\",\"@graph\":[{\"@type\":\"WebPage\",\"@id\":\"https:\/\/uelzener.de\/magazin\/pferd\/tiergesundheit\/hautpilz-bei-pferden-erkennen-behandeln-und-vorbeugen\/\",\"url\":\"https:\/\/uelzener.de\/magazin\/pferd\/tiergesundheit\/hautpilz-bei-pferden-erkennen-behandeln-und-vorbeugen\/\",\"name\":\"Hautpilz bei Pferden erkennen, behandeln und vorbeugen | Uelzener Magazin\",\"isPartOf\":{\"@id\":\"https:\/\/uelzener.de\/magazin\/#website\"},\"primaryImageOfPage\":{\"@id\":\"https:\/\/uelzener.de\/magazin\/pferd\/tiergesundheit\/hautpilz-bei-pferden-erkennen-behandeln-und-vorbeugen\/#primaryimage\"},\"image\":{\"@id\":\"https:\/\/uelzener.de\/magazin\/pferd\/tiergesundheit\/hautpilz-bei-pferden-erkennen-behandeln-und-vorbeugen\/#primaryimage\"},\"thumbnailUrl\":\"https:\/\/uelzener.de\/magazin\/app\/uploads\/2025\/07\/pferd-hautpilz.jpg\",\"datePublished\":\"2025-07-30T12:26:25+00:00\",\"dateModified\":\"2025-11-20T11:14:30+00:00\",\"breadcrumb\":{\"@id\":\"https:\/\/uelzener.de\/magazin\/pferd\/tiergesundheit\/hautpilz-bei-pferden-erkennen-behandeln-und-vorbeugen\/#breadcrumb\"},\"inLanguage\":\"de\",\"potentialAction\":[{\"@type\":\"ReadAction\",\"target\":[\"https:\/\/uelzener.de\/magazin\/pferd\/tiergesundheit\/hautpilz-bei-pferden-erkennen-behandeln-und-vorbeugen\/\"]}]},{\"@type\":\"ImageObject\",\"inLanguage\":\"de\",\"@id\":\"https:\/\/uelzener.de\/magazin\/pferd\/tiergesundheit\/hautpilz-bei-pferden-erkennen-behandeln-und-vorbeugen\/#primaryimage\",\"url\":\"https:\/\/uelzener.de\/magazin\/app\/uploads\/2025\/07\/pferd-hautpilz.jpg\",\"contentUrl\":\"https:\/\/uelzener.de\/magazin\/app\/uploads\/2025\/07\/pferd-hautpilz.jpg\",\"width\":1025,\"height\":450,\"caption\":\"Pferd zeigt Symptome von einem Hautpilz.\"},{\"@type\":\"WebSite\",\"@id\":\"https:\/\/uelzener.de\/magazin\/#website\",\"url\":\"https:\/\/uelzener.de\/magazin\/\",\"name\":\"Uelzener Tiermagazin\",\"description\":\"Online Tierratgeber der Uelzener Versicherungen\",\"publisher\":{\"@id\":\"https:\/\/uelzener.de\/magazin\/#organization\"},\"potentialAction\":[{\"@type\":\"SearchAction\",\"target\":{\"@type\":\"EntryPoint\",\"urlTemplate\":\"https:\/\/uelzener.de\/magazin\/?s={search_term_string}\"},\"query-input\":{\"@type\":\"PropertyValueSpecification\",\"valueRequired\":true,\"valueName\":\"search_term_string\"}}],\"inLanguage\":\"de\"},{\"@type\":\"Organization\",\"@id\":\"https:\/\/uelzener.de\/magazin\/#organization\",\"name\":\"Uelzener Versicherungen\",\"url\":\"https:\/\/uelzener.de\/magazin\/\",\"logo\":{\"@type\":\"ImageObject\",\"inLanguage\":\"de\",\"@id\":\"https:\/\/uelzener.de\/magazin\/#\/schema\/logo\/image\/\",\"url\":\"https:\/\/uelzener.de\/magazin\/app\/uploads\/2024\/11\/uelzener_allgemeine_versicherungsgesellschaft_a_g_logo.jpg\",\"contentUrl\":\"https:\/\/uelzener.de\/magazin\/app\/uploads\/2024\/11\/uelzener_allgemeine_versicherungsgesellschaft_a_g_logo.jpg\",\"width\":200,\"height\":200,\"caption\":\"Uelzener Versicherungen\"},\"image\":{\"@id\":\"https:\/\/uelzener.de\/magazin\/#\/schema\/logo\/image\/\"},\"sameAs\":[\"https:\/\/www.facebook.com\/Uelzener\",\"https:\/\/instagram.com\/uelzener\",\"https:\/\/www.xing.com\/pages\/uelzenerallgemeineversicherungs-gesellschafta-g\",\"https:\/\/www.youtube.com\/UelzenerVersicherungen\"]}]}<\/script>\n<!-- \/ Yoast SEO Premium plugin. -->","yoast_head_json":{"title":"Hautpilz bei Pferden erkennen, behandeln und vorbeugen | Uelzener Magazin","robots":{"index":"index","follow":"follow","max-snippet":"max-snippet:-1","max-image-preview":"max-image-preview:large","max-video-preview":"max-video-preview:-1"},"canonical":"https:\/\/uelzener.de\/magazin\/pferd\/tiergesundheit\/hautpilz-bei-pferden-erkennen-behandeln-und-vorbeugen\/","og_locale":"de_DE","og_type":"article","og_title":"Hautpilz bei Pferden erkennen, behandeln und vorbeugen","og_description":"Ein gl\u00e4nzendes, gesundes Fell ist nicht nur sch\u00f6n anzusehen, sondern auch ein Indikator daf\u00fcr, dass es dem Pferd gesundheitlich gut geht. Treten jedoch pl\u00f6tzlich kahle, schuppige oder verkrustete Stellen auf, kann das auf eine Pilzerkrankung hinweisen. Der folgende Artikel erkl\u00e4rt, wie man Hautpilz erkennt, welche Behandlungsm\u00f6glichkeiten es gibt und wie man einem Befall effektiv vorbeugen [&hellip;]","og_url":"https:\/\/uelzener.de\/magazin\/pferd\/tiergesundheit\/hautpilz-bei-pferden-erkennen-behandeln-und-vorbeugen\/","og_site_name":"Uelzener Tier-Magazin","article_publisher":"https:\/\/www.facebook.com\/Uelzener","article_modified_time":"2025-11-20T11:14:30+00:00","og_image":[{"width":1025,"height":450,"url":"https:\/\/uelzener.de\/magazin\/app\/uploads\/2025\/07\/pferd-hautpilz.jpg","type":"image\/jpeg"}],"twitter_card":"summary_large_image","twitter_misc":{"Gesch\u00e4tzte Lesezeit":"7\u00a0Minuten"},"schema":{"@context":"https:\/\/schema.org","@graph":[{"@type":"WebPage","@id":"https:\/\/uelzener.de\/magazin\/pferd\/tiergesundheit\/hautpilz-bei-pferden-erkennen-behandeln-und-vorbeugen\/","url":"https:\/\/uelzener.de\/magazin\/pferd\/tiergesundheit\/hautpilz-bei-pferden-erkennen-behandeln-und-vorbeugen\/","name":"Hautpilz bei Pferden erkennen, behandeln und vorbeugen | Uelzener Magazin","isPartOf":{"@id":"https:\/\/uelzener.de\/magazin\/#website"},"primaryImageOfPage":{"@id":"https:\/\/uelzener.de\/magazin\/pferd\/tiergesundheit\/hautpilz-bei-pferden-erkennen-behandeln-und-vorbeugen\/#primaryimage"},"image":{"@id":"https:\/\/uelzener.de\/magazin\/pferd\/tiergesundheit\/hautpilz-bei-pferden-erkennen-behandeln-und-vorbeugen\/#primaryimage"},"thumbnailUrl":"https:\/\/uelzener.de\/magazin\/app\/uploads\/2025\/07\/pferd-hautpilz.jpg","datePublished":"2025-07-30T12:26:25+00:00","dateModified":"2025-11-20T11:14:30+00:00","breadcrumb":{"@id":"https:\/\/uelzener.de\/magazin\/pferd\/tiergesundheit\/hautpilz-bei-pferden-erkennen-behandeln-und-vorbeugen\/#breadcrumb"},"inLanguage":"de","potentialAction":[{"@type":"ReadAction","target":["https:\/\/uelzener.de\/magazin\/pferd\/tiergesundheit\/hautpilz-bei-pferden-erkennen-behandeln-und-vorbeugen\/"]}]},{"@type":"ImageObject","inLanguage":"de","@id":"https:\/\/uelzener.de\/magazin\/pferd\/tiergesundheit\/hautpilz-bei-pferden-erkennen-behandeln-und-vorbeugen\/#primaryimage","url":"https:\/\/uelzener.de\/magazin\/app\/uploads\/2025\/07\/pferd-hautpilz.jpg","contentUrl":"https:\/\/uelzener.de\/magazin\/app\/uploads\/2025\/07\/pferd-hautpilz.jpg","width":1025,"height":450,"caption":"Pferd zeigt Symptome von einem Hautpilz."},{"@type":"WebSite","@id":"https:\/\/uelzener.de\/magazin\/#website","url":"https:\/\/uelzener.de\/magazin\/","name":"Uelzener Tiermagazin","description":"Online Tierratgeber der Uelzener Versicherungen","publisher":{"@id":"https:\/\/uelzener.de\/magazin\/#organization"},"potentialAction":[{"@type":"SearchAction","target":{"@type":"EntryPoint","urlTemplate":"https:\/\/uelzener.de\/magazin\/?s={search_term_string}"},"query-input":{"@type":"PropertyValueSpecification","valueRequired":true,"valueName":"search_term_string"}}],"inLanguage":"de"},{"@type":"Organization","@id":"https:\/\/uelzener.de\/magazin\/#organization","name":"Uelzener Versicherungen","url":"https:\/\/uelzener.de\/magazin\/","logo":{"@type":"ImageObject","inLanguage":"de","@id":"https:\/\/uelzener.de\/magazin\/#\/schema\/logo\/image\/","url":"https:\/\/uelzener.de\/magazin\/app\/uploads\/2024\/11\/uelzener_allgemeine_versicherungsgesellschaft_a_g_logo.jpg","contentUrl":"https:\/\/uelzener.de\/magazin\/app\/uploads\/2024\/11\/uelzener_allgemeine_versicherungsgesellschaft_a_g_logo.jpg","width":200,"height":200,"caption":"Uelzener Versicherungen"},"image":{"@id":"https:\/\/uelzener.de\/magazin\/#\/schema\/logo\/image\/"},"sameAs":["https:\/\/www.facebook.com\/Uelzener","https:\/\/instagram.com\/uelzener","https:\/\/www.xing.com\/pages\/uelzenerallgemeineversicherungs-gesellschafta-g","https:\/\/www.youtube.com\/UelzenerVersicherungen"]}]}},"_links":{"self":[{"href":"https:\/\/uelzener.de\/magazin\/wp-json\/wp\/v2\/pages\/18772","targetHints":{"allow":["GET"]}}],"collection":[{"href":"https:\/\/uelzener.de\/magazin\/wp-json\/wp\/v2\/pages"}],"about":[{"href":"https:\/\/uelzener.de\/magazin\/wp-json\/wp\/v2\/types\/page"}],"author":[{"embeddable":true,"href":"https:\/\/uelzener.de\/magazin\/wp-json\/wp\/v2\/users\/11"}],"replies":[{"embeddable":true,"href":"https:\/\/uelzener.de\/magazin\/wp-json\/wp\/v2\/comments?post=18772"}],"version-history":[{"count":4,"href":"https:\/\/uelzener.de\/magazin\/wp-json\/wp\/v2\/pages\/18772\/revisions"}],"predecessor-version":[{"id":19562,"href":"https:\/\/uelzener.de\/magazin\/wp-json\/wp\/v2\/pages\/18772\/revisions\/19562"}],"up":[{"embeddable":true,"href":"https:\/\/uelzener.de\/magazin\/wp-json\/wp\/v2\/pages\/11706"}],"wp:featuredmedia":[{"embeddable":true,"href":"https:\/\/uelzener.de\/magazin\/wp-json\/wp\/v2\/media\/18773"}],"wp:attachment":[{"href":"https:\/\/uelzener.de\/magazin\/wp-json\/wp\/v2\/media?parent=18772"}],"curies":[{"name":"wp","href":"https:\/\/api.w.org\/{rel}","templated":true}]}}