{"id":18768,"date":"2025-07-30T14:17:10","date_gmt":"2025-07-30T12:17:10","guid":{"rendered":"https:\/\/uelzener.de\/magazin\/?page_id=18768"},"modified":"2025-08-05T14:50:59","modified_gmt":"2025-08-05T12:50:59","slug":"was-kostet-eine-katze-im-monat","status":"publish","type":"page","link":"https:\/\/uelzener.de\/magazin\/katze\/haltung\/was-kostet-eine-katze-im-monat\/","title":{"rendered":"Was kostet eine Katze im Monat? Von der Anschaffung bis zum Zubeh\u00f6r"},"content":{"rendered":"<p><span style=\"font-weight: 400;\">Eine Katze ins Haus zu holen ist oftmals der Beginn einer ganz besonderen Verbindung. Wer sich f\u00fcr das Leben mit einer Samtpfote entscheidet, \u00fcbernimmt aber auch Verantwortung. Neben schnurrender Gesellschaft bringt eine Katze sowohl einmalige als auch wiederkehrende Kosten mit sich \u2013 sei es f\u00fcr Futter, Tierarztbesuche, Spielzeug oder Katzenstreu.\u00a0<\/span><\/p>\n<p><span style=\"font-weight: 400;\">In unserem Artikel geben wir dir eine Orientierung, mit welchen Ausgaben du monatlich f\u00fcr deine Katze rechnen kannst. Unser \u00dcberblick beruht auf Sch\u00e4tzungen, pers\u00f6nlichen Erfahrungsberichten von Katzenbesitzerinnen und -besitzern und aktuellen Recherchen, so dass du davon ausgehen kannst, ein realistisches Bild zu erhalten.<\/span><\/p>\n<h2>Kosten f\u00fcr die Anschaffung und Erstaustattung<\/h2>\n<p><span style=\"font-weight: 400;\">Wie weit bei der Anschaffung einer Katze ins Portemonnaie gegriffen werden muss, h\u00e4ngt ma\u00dfgeblich von ihrer Herkunft ab. Wer einen Vierbeiner aus dem Tierschutz holt, den erwartet in der Regel eine Schutzgeb\u00fchr von 50 bis 150 Euro. Bei einer Rassekatze vom Z\u00fcchter bewegt sich die Kaufsumme h\u00e4ufig im mittleren bis hohen dreistelligen oder sogar im vierstelligen Bereich. Hier spielen die Abstammung, Zuchtbedingungen und vorhandenen Papiere eine wichtige Rolle. Bei besonderen und seltenen Z\u00fcchtungen k\u00f6nnen die Anschaffungskosten nochmals deutlich h\u00f6her ausfallen, nach oben ist quasi alles offen.<\/span><\/p>\n<p><span style=\"font-weight: 400;\">Bevor eine Katze einzieht, wird eine Grundausstattung ben\u00f6tigt. Dazu geh\u00f6ren unter anderem folgende Dinge:<\/span><\/p>\n<ul>\n<li style=\"font-weight: 400;\" aria-level=\"1\"><span style=\"font-weight: 400;\">ein stabiler Kratzbaum<\/span><\/li>\n<li style=\"font-weight: 400;\" aria-level=\"1\"><span style=\"font-weight: 400;\">Futter- und Wassern\u00e4pfe<\/span><\/li>\n<li style=\"font-weight: 400;\" aria-level=\"1\"><span style=\"font-weight: 400;\">eine Transportbox<\/span><\/li>\n<li style=\"font-weight: 400;\" aria-level=\"1\"><span style=\"font-weight: 400;\">Sicherungen f\u00fcr Balkone und Fenster<\/span><\/li>\n<li style=\"font-weight: 400;\" aria-level=\"1\"><span style=\"font-weight: 400;\">Utensilien zur Fellpflege (B\u00fcrste, Milbenkamm, Zeckenkarte etc.)<\/span><\/li>\n<li style=\"font-weight: 400;\" aria-level=\"1\"><span style=\"font-weight: 400;\">mindestens ein Katzenklo pro Katze plus Katzenstreu<\/span><\/li>\n<li style=\"font-weight: 400;\" aria-level=\"1\"><span style=\"font-weight: 400;\">Spielzeug\u00a0<\/span><\/li>\n<\/ul>\n<p><span style=\"font-weight: 400;\">Je nach Qualit\u00e4t und Gr\u00f6\u00dfe kostet eine Erstausstattung durchschnittlich 150 bis 500 Euro. Wer auf besonders hochwertige und designorientierte Produkte setzt, landet auch schnell dar\u00fcber. So kann ein Premium-Kratzbaum auch mal 800 Euro oder mehr kosten. Auch spezielle Extras, wie ein selbstreinigendes Katzenklo oder elektrisch angetriebene Spielb\u00e4lle, gehen meist mehr ins Geld als die herk\u00f6mmlichen Varianten.<\/span><\/p>\n\n<div class=\"related_articles boxed\">\n    <h2>Mehr zum Thema<\/h2>\n    \n    <div class=\"wrapper\"><div class=\"title align-center\"><h3><a href=\"https:\/\/uelzener.de\/magazin\/katze\/tiergesundheit\/katzen-blut-abnehmen-lassen\/\">Katzen Blut abnehmen lassen: Gr\u00fcnde, Ablauf und Kosten<\/a><\/h3><\/div><div class=\"img align-center\"><img decoding=\"async\" width=\"315\" height=\"180\" src=\"https:\/\/uelzener.de\/magazin\/app\/uploads\/2023\/11\/katze-blutabnahme-315x180.jpg\" class=\"attachment-315x180 size-315x180 wp-post-image\" alt=\"Einer Katze wird Blut abgenommen.\" \/><\/div><\/div><div class=\"wrapper\"><div class=\"title align-center\"><h3><a href=\"https:\/\/uelzener.de\/magazin\/katze\/tiergesundheit\/abgebrochener-zahn-katze-ursachen-risiken-behandlungsmethoden\/\">Abgebrochener Zahn bei der Katze: Ursachen, Risiken und Behandlungsmethoden<\/a><\/h3><\/div><div class=\"img align-center\"><img decoding=\"async\" width=\"315\" height=\"180\" src=\"https:\/\/uelzener.de\/magazin\/app\/uploads\/2024\/08\/katze-zahn-abgebrochen-315x180.jpg\" class=\"attachment-315x180 size-315x180 wp-post-image\" alt=\"Orangene Katze mit abgebrochem Eckzahn.\" \/><\/div><\/div><div class=\"wrapper\"><div class=\"title align-center\"><h3><a href=\"https:\/\/uelzener.de\/magazin\/katze\/tiergesundheit\/kastration-katze-und-kater\/\">Kastration bei Katze und Kater<\/a><\/h3><\/div><div class=\"img align-center\"><img decoding=\"async\" width=\"315\" height=\"180\" src=\"https:\/\/uelzener.de\/magazin\/app\/uploads\/2025\/04\/kastration-katze-kater-315x180.jpg\" class=\"attachment-315x180 size-315x180 wp-post-image\" alt=\"Kater nach Kastration.\" \/><\/div><\/div><\/div>\n\n<h2>Kosten f\u00fcr tiermedizinische Leistungen bei Katzen<\/h2>\n<p><span style=\"font-weight: 400;\">Neben dem einmaligen Chippen k\u00f6nnen Kosten f\u00fcr die Kastration entstehen. Dar\u00fcber hinaus sind regelm\u00e4\u00dfige Impfungen, Entwurmungen und Gesundheitschecks ein Muss. In der Regel fallen daf\u00fcr j\u00e4hrlich rund 50 bis 100 Euro an. Bei akuten Erkrankungen oder Operationen k\u00f6nnen die Ausgaben schnell in die H\u00f6he schie\u00dfen. Wer wissen m\u00f6chte, welche Kosten bei einzelnen Behandlungen entstehen k\u00f6nnen, kann in die aktuelle Geb\u00fchrenordnung f\u00fcr Tier\u00e4rztinnen und Tier\u00e4rzte (GOT) der Bundestier\u00e4rztekammer schauen. Diese gibt einen Geb\u00fchrenrahmen vom einfachen bis zum dreifachen Satz vor (im Notdienst ist ein bis zu vierfacher Satz m\u00f6glich), an den sich Tierarztpraxen halten m\u00fcssen.<\/span><\/p>\n<h2>Umfassend gesch\u00fctzt: Kosten f\u00fcr Katzenversicherungen<\/h2>\n<p><span style=\"font-weight: 400;\">Braucht die Katze medizinische Hilfe, k\u00f6nnen daraus resultierende Kosten f\u00fcr eine gro\u00dfe finanzielle Belastung darstellen. Deshalb ist der Abschluss einer Versicherung ratsam. Mit den <\/span><span style=\"font-weight: 400;\">Katzenversicherungen der Uelzener<\/span><span style=\"font-weight: 400;\"> bieten sich Haltern und Halterinnen mehrere Optionen, um sich und die Samtpfote abzusichern.<\/span><b><\/b><\/p>\n<ul>\n<li aria-level=\"1\"><a href=\"https:\/\/uelzener.de\/katze\/katzen-op-versicherung\/\"><b>Katzen-OP-Versicherung<\/b><\/a><b>: <\/b><span style=\"font-weight: 400;\">Sie deckt die Kosten f\u00fcr chirurgische Eingriffe und damit verbundene Vor- und Nachbehandlungen.<\/span><\/li>\n<li aria-level=\"1\"><a href=\"https:\/\/uelzener.de\/katze\/katzen-krankenversicherung\/\"><b>Katzen-Krankenversicherung<\/b><\/a><b>: <\/b><span style=\"font-weight: 400;\">Die Krankenversicherung f\u00fcr Katzen bietet umfassenderen Schutz. Sie inkludiert die Leistungen der Katzen-OP-Versicherung und \u00fcbernimmt zus\u00e4tzlich noch konservative Behandlungen, Beratungen und Diagnoseverfahren. Der zus\u00e4tzliche Baustein Gesundheit PLUS bezuschusst Vorsorgema\u00dfnahmen wie Impfungen oder Wurmkuren.<\/span><\/li>\n<\/ul>\n<p><span style=\"font-weight: 400;\">Die Kosten f\u00fcr eine Versicherung h\u00e4ngen unter anderem vom gew\u00e4hlten Versicherungstarif ab.<\/span><\/p>\n\n<div class=\"banner\">\n    <a href=\"https:\/\/uelzener.de\/katze?agt=0000104925&sem=true&utm_medium=magazin&utm_source=wordpress&utm_campaign=katze&utm_content=banner\">\n        <img decoding=\"async\" width=\"300\" height=\"212\" src=\"https:\/\/uelzener.de\/magazin\/app\/uploads\/2025\/01\/Katzenversicherung.jpg\" class=\"attachment-medium size-medium\" alt=\"Banner Katzenversicherung\" \/>    <\/a>\n<\/div>\n\n<h2>Wiederkehrende und laufende Kosten f\u00fcr die Katzenhaltung<\/h2>\n<p><span style=\"font-weight: 400;\">Zur Grundversorgung einer Katze geh\u00f6ren Futter und Leckerlis. Die Kosten daf\u00fcr variieren abh\u00e4ngig von der Qualit\u00e4t und davon, welche besonderen Anforderungen an das Futter bestehen. So kostet Spezialfutter, hochwertiges Nassfutter oder eine BARF-F\u00fctterung im Regelfall mehr als regul\u00e4res Trockenfutter. Es empfiehlt sich, auf m\u00f6glichst qualitatives Futter zu setzen, da g\u00fcnstigen Futtermitteln oft unn\u00f6tige F\u00fcllstoffe zugesetzt werden. Im Monat belaufen sich die Kosten f\u00fcr Katzenfutter auf ungef\u00e4hr 20 bis 80 Euro.<\/span><\/p>\n<p><span style=\"font-weight: 400;\">Katzenstreu muss ebenfalls regelm\u00e4\u00dfig nachgekauft werden. Auch hier h\u00e4ngen die Kosten von Qualit\u00e4t und Verbrauch ab. Monatlich kann mit rund 10 bis 30 Euro gerechnet werden.<\/span><\/p>\n<h2>Variable und indirekte Ausgaben f\u00fcr eine Katze<\/h2>\n<p><span style=\"font-weight: 400;\">Neben den monatlichen Fixkosten gibt es variable Kosten, die bei Bedarf oder einmalig anfallen. Dazu geh\u00f6ren beispielsweise vor\u00fcbergehende Betreuungsl\u00f6sungen in Form von Katzensitting oder Katzenpensionen. Meist liegt der Preis zwischen 10 und 30 Euro pro Tag in einer Katzenpension und zwischen 30 und 90 Euro pro Besuch eines Sitters oder einer Sitterin.<\/span><\/p>\n<p><span style=\"font-weight: 400;\">Weitere Sonderausgaben k\u00f6nnen Dinge betreffen, die nicht unbedingt zur Grundausstattung geh\u00f6ren, aber zus\u00e4tzlichen Komfort oder Sicherheit bieten. Das kann der Einbau einer Katzenklappe sein, die optional mit Mikrochip-Erkennung steuerbar ist, so dass nur die eigene Katze hindurchgehen kann. F\u00fcr Freig\u00e4nger kommen GPS-Tracker in Frage, um nachvollziehen zu k\u00f6nnen, wo sich der vierbeinige Liebling gerade aufh\u00e4lt. Automatisierte Futterautomaten oder \u00dcberwachungskameras sind weitere Gadgets, die den Alltag mit der Katze angenehmer gestalten k\u00f6nnen, aber auch ins Geld gehen.<\/span><\/p>\n<p><span style=\"font-weight: 400;\">Indirekte Kosten k\u00f6nnen ebenfalls entstehen, beispielsweise durch M\u00f6bel oder Gegenst\u00e4nde, die von der Fellnase besch\u00e4digt wurden und infolgedessen ersetzt oder repariert werden m\u00fcssen.<\/span><\/p>\n<h2>Fazit<\/h2>\n<p><span style=\"font-weight: 400;\">Die Haltung einer Katze bringt regelm\u00e4\u00dfige Kosten mit sich, die nicht untersch\u00e4tzt werden sollten. Rechnet man die monatlichen Ausgaben f\u00fcr Futter, Katzenstreu, tier\u00e4rztliche Vorsorge sowie anteilige Beitr\u00e4ge f\u00fcr eine Versicherung aus, so ergibt sich ein durchschnittlicher monatlicher Grundbedarf von etwa 45 bis 160\u202fEuro.<\/span><\/p>\n<p><span style=\"font-weight: 400;\">Einmalige Anschaffungs- und Ausstattungskosten wie Kratzbaum, N\u00e4pfe oder Transportbox schlagen mit etwa 150 bis 500\u202fEuro zu Buche, bei hochwertiger Ausstattung oder besonderen W\u00fcnschen auch deutlich mehr. Diese Kosten verteilen sich zwar im besten Fall \u00fcber die Lebenszeit der Katze, sollten aber beim Einstieg mit eingeplant werden.<\/span><\/p>\n<p><span style=\"font-weight: 400;\">Insgesamt k\u00f6nnen Katzenhalter- und halterinnen mit j\u00e4hrlichen Gesamtkosten von rund 540 bis 1.920\u202fEuro rechnen, noch ohne Sonderausgaben, wie etwa Urlaubsbetreuung, unerwartete Tierarztkosten oder technische Extras. Wer mehr Komfort oder Absicherung f\u00fcr seinen Stubentiger m\u00f6chte, sollte zus\u00e4tzlich ein finanzielles Polster f\u00fcr variable und unerwartete Ausgaben einplanen. Eine vorausschauende Planung sorgt dabei nicht nur f\u00fcr ein gutes Gef\u00fchl, sondern auch f\u00fcr eine entspannte Zeit mit der Katze.<\/span><\/p>\n<h2>FAQ: H\u00e4ufig gestellte Fragen zum Thema Kosten f\u00fcr eine Katze<\/h2>\n<h3>Inwiefern unterscheiden sich die anfallenden Kosten zwischen einer Wohnungskatze und einem Freig\u00e4nger?<\/h3>\n<p><span style=\"font-weight: 400;\">Bei Wohnungskatzen k\u00f6nnen h\u00f6here Ausgaben f\u00fcr Spielzeug, Besch\u00e4ftigung oder ein ausgekl\u00fcgeltes Kletter- und Kratzsystem anfallen. Auch gibt es in vielen F\u00e4llen einen h\u00f6heren Bedarf an Katzenstreu. Bei Freig\u00e4ngern hingegen fallen gegebenenfalls Kosten f\u00fcr Sicherheitsma\u00dfnahmen wie GPS-Tracker oder Katzenklappen an.<\/span><\/p>\n<h3>Fallen Steuern oder beh\u00f6rdliche Abgaben f\u00fcr die Katzenhaltung an?<\/h3>\n<p><span style=\"font-weight: 400;\">Im Gegensatz zu Hunden f\u00e4llt f\u00fcr die Haltung von Katzen in Deutschland keine Steuer an. Auch eine Meldepflicht besteht nicht. Einige Gemeinden sehen jedoch vor, dass freilaufende Katzen gechippt und kastriert sein m\u00fcssen.<\/span><\/p>\n<h3>Wo kann ich bei der Katzenhaltung sinnvoll sparen?<\/h3>\n<p><span style=\"font-weight: 400;\">Bei der Wahl des Zubeh\u00f6rs lohnt sich eine gr\u00fcndliche Recherche mit Preisvergleich. Teuer hei\u00dft hier nicht immer besser. Auf ein Grundma\u00df an Qualit\u00e4t solltest du aber schon achten, da schlecht verarbeitete Produkte schneller kaputt gehen k\u00f6nnen und somit eher nachgekauft werden m\u00fcssen. Ein weiterer Spartipp sind gro\u00dfe Futterpackungen, die auf den Kilopreis gerechnet meist deutlich g\u00fcnstiger sind. Gespart werden sollte jedoch nie an der Gesundheit, etwa durch fehlende Impfungen oder billiges Futter mit minderwertigen Inhaltsstoffen.<\/span><\/p>\n","protected":false},"excerpt":{"rendered":"<p>Eine Katze ins Haus zu holen ist oftmals der Beginn einer ganz besonderen Verbindung. Wer sich f\u00fcr das Leben mit einer Samtpfote entscheidet, \u00fcbernimmt aber auch Verantwortung. Neben schnurrender Gesellschaft bringt eine Katze sowohl einmalige als auch wiederkehrende Kosten mit sich \u2013 sei es f\u00fcr Futter, Tierarztbesuche, Spielzeug oder Katzenstreu.\u00a0 In unserem Artikel geben wir [&hellip;]<\/p>\n","protected":false},"author":11,"featured_media":18769,"parent":11683,"menu_order":4,"comment_status":"closed","ping_status":"closed","template":"templates\/blog.php","meta":{"_acf_changed":false,"_crdt_document":"","footnotes":"","beyondwords_generate_audio":"","beyondwords_project_id":"","beyondwords_content_id":"","beyondwords_preview_token":"","beyondwords_player_style":"","beyondwords_language_id":"","beyondwords_title_voice_id":"","beyondwords_body_voice_id":"","beyondwords_summary_voice_id":"","beyondwords_error_message":"","beyondwords_disabled":"","beyondwords_delete_content":"","beyondwords_podcast_id":"","beyondwords_hash":"","publish_post_to_speechkit":"","speechkit_hash":"","speechkit_generate_audio":"","speechkit_project_id":"","speechkit_podcast_id":"","speechkit_error_message":"","speechkit_disabled":"","speechkit_access_key":"","speechkit_error":"","speechkit_info":"","speechkit_response":"","speechkit_retries":"","speechkit_status":"","speechkit_updated_at":"","_speechkit_link":"","_speechkit_text":""},"class_list":["post-18768","page","type-page","status-publish","has-post-thumbnail","hentry"],"acf":[],"yoast_head":"<!-- This site is optimized with the Yoast SEO Premium plugin  - https:\/\/yoast.com\/product\/yoast-seo-premium-wordpress\/ -->\n<title>Was kostet eine Katze im Monat? Von der Anschaffung bis zum Zubeh\u00f6r | Uelzener Magazin<\/title>\n<meta name=\"description\" content=\"Erfahre mehr \u00fcber die Kosten, die mit der Haltung einer Katze verbunden sind, von Futter bis Tierarztbesuchen.\" \/>\n<meta name=\"robots\" content=\"index, follow, max-snippet:-1, max-image-preview:large, max-video-preview:-1\" \/>\n<link rel=\"canonical\" href=\"https:\/\/uelzener.de\/magazin\/katze\/haltung\/was-kostet-eine-katze-im-monat\/\" \/>\n<meta property=\"og:locale\" content=\"de_DE\" \/>\n<meta property=\"og:type\" content=\"article\" \/>\n<meta property=\"og:title\" content=\"Was kostet eine Katze im Monat? Von der Anschaffung bis zum Zubeh\u00f6r\" \/>\n<meta property=\"og:description\" content=\"Erfahre mehr \u00fcber die Kosten, die mit der Haltung einer Katze verbunden sind, von Futter bis Tierarztbesuchen.\" \/>\n<meta property=\"og:url\" content=\"https:\/\/uelzener.de\/magazin\/katze\/haltung\/was-kostet-eine-katze-im-monat\/\" \/>\n<meta property=\"og:site_name\" content=\"Uelzener Tier-Magazin\" \/>\n<meta property=\"article:publisher\" content=\"https:\/\/www.facebook.com\/Uelzener\" \/>\n<meta property=\"article:modified_time\" content=\"2025-08-05T12:50:59+00:00\" \/>\n<meta property=\"og:image\" content=\"https:\/\/uelzener.de\/magazin\/app\/uploads\/2025\/07\/katze-kosten-pro-monat.jpg\" \/>\n\t<meta property=\"og:image:width\" content=\"1025\" \/>\n\t<meta property=\"og:image:height\" content=\"450\" \/>\n\t<meta property=\"og:image:type\" content=\"image\/jpeg\" \/>\n<meta name=\"twitter:card\" content=\"summary_large_image\" \/>\n<meta name=\"twitter:label1\" content=\"Gesch\u00e4tzte Lesezeit\" \/>\n\t<meta name=\"twitter:data1\" content=\"7\u00a0Minuten\" \/>\n<script type=\"application\/ld+json\" class=\"yoast-schema-graph\">{\"@context\":\"https:\/\/schema.org\",\"@graph\":[{\"@type\":\"WebPage\",\"@id\":\"https:\/\/uelzener.de\/magazin\/katze\/haltung\/was-kostet-eine-katze-im-monat\/\",\"url\":\"https:\/\/uelzener.de\/magazin\/katze\/haltung\/was-kostet-eine-katze-im-monat\/\",\"name\":\"Was kostet eine Katze im Monat? Von der Anschaffung bis zum Zubeh\u00f6r | Uelzener Magazin\",\"isPartOf\":{\"@id\":\"https:\/\/uelzener.de\/magazin\/#website\"},\"primaryImageOfPage\":{\"@id\":\"https:\/\/uelzener.de\/magazin\/katze\/haltung\/was-kostet-eine-katze-im-monat\/#primaryimage\"},\"image\":{\"@id\":\"https:\/\/uelzener.de\/magazin\/katze\/haltung\/was-kostet-eine-katze-im-monat\/#primaryimage\"},\"thumbnailUrl\":\"https:\/\/uelzener.de\/magazin\/app\/uploads\/2025\/07\/katze-kosten-pro-monat.jpg\",\"datePublished\":\"2025-07-30T12:17:10+00:00\",\"dateModified\":\"2025-08-05T12:50:59+00:00\",\"description\":\"Erfahre mehr \u00fcber die Kosten, die mit der Haltung einer Katze verbunden sind, von Futter bis Tierarztbesuchen.\",\"breadcrumb\":{\"@id\":\"https:\/\/uelzener.de\/magazin\/katze\/haltung\/was-kostet-eine-katze-im-monat\/#breadcrumb\"},\"inLanguage\":\"de\",\"potentialAction\":[{\"@type\":\"ReadAction\",\"target\":[\"https:\/\/uelzener.de\/magazin\/katze\/haltung\/was-kostet-eine-katze-im-monat\/\"]}]},{\"@type\":\"ImageObject\",\"inLanguage\":\"de\",\"@id\":\"https:\/\/uelzener.de\/magazin\/katze\/haltung\/was-kostet-eine-katze-im-monat\/#primaryimage\",\"url\":\"https:\/\/uelzener.de\/magazin\/app\/uploads\/2025\/07\/katze-kosten-pro-monat.jpg\",\"contentUrl\":\"https:\/\/uelzener.de\/magazin\/app\/uploads\/2025\/07\/katze-kosten-pro-monat.jpg\",\"width\":1025,\"height\":450,\"caption\":\"Wie viel kostet eine Katze pro Monat?\"},{\"@type\":\"WebSite\",\"@id\":\"https:\/\/uelzener.de\/magazin\/#website\",\"url\":\"https:\/\/uelzener.de\/magazin\/\",\"name\":\"Uelzener Tiermagazin\",\"description\":\"Online Tierratgeber der Uelzener Versicherungen\",\"publisher\":{\"@id\":\"https:\/\/uelzener.de\/magazin\/#organization\"},\"potentialAction\":[{\"@type\":\"SearchAction\",\"target\":{\"@type\":\"EntryPoint\",\"urlTemplate\":\"https:\/\/uelzener.de\/magazin\/?s={search_term_string}\"},\"query-input\":{\"@type\":\"PropertyValueSpecification\",\"valueRequired\":true,\"valueName\":\"search_term_string\"}}],\"inLanguage\":\"de\"},{\"@type\":\"Organization\",\"@id\":\"https:\/\/uelzener.de\/magazin\/#organization\",\"name\":\"Uelzener Versicherungen\",\"url\":\"https:\/\/uelzener.de\/magazin\/\",\"logo\":{\"@type\":\"ImageObject\",\"inLanguage\":\"de\",\"@id\":\"https:\/\/uelzener.de\/magazin\/#\/schema\/logo\/image\/\",\"url\":\"https:\/\/uelzener.de\/magazin\/app\/uploads\/2024\/11\/uelzener_allgemeine_versicherungsgesellschaft_a_g_logo.jpg\",\"contentUrl\":\"https:\/\/uelzener.de\/magazin\/app\/uploads\/2024\/11\/uelzener_allgemeine_versicherungsgesellschaft_a_g_logo.jpg\",\"width\":200,\"height\":200,\"caption\":\"Uelzener Versicherungen\"},\"image\":{\"@id\":\"https:\/\/uelzener.de\/magazin\/#\/schema\/logo\/image\/\"},\"sameAs\":[\"https:\/\/www.facebook.com\/Uelzener\",\"https:\/\/instagram.com\/uelzener\",\"https:\/\/www.xing.com\/pages\/uelzenerallgemeineversicherungs-gesellschafta-g\",\"https:\/\/www.youtube.com\/UelzenerVersicherungen\"]}]}<\/script>\n<!-- \/ Yoast SEO Premium plugin. -->","yoast_head_json":{"title":"Was kostet eine Katze im Monat? Von der Anschaffung bis zum Zubeh\u00f6r | Uelzener Magazin","description":"Erfahre mehr \u00fcber die Kosten, die mit der Haltung einer Katze verbunden sind, von Futter bis Tierarztbesuchen.","robots":{"index":"index","follow":"follow","max-snippet":"max-snippet:-1","max-image-preview":"max-image-preview:large","max-video-preview":"max-video-preview:-1"},"canonical":"https:\/\/uelzener.de\/magazin\/katze\/haltung\/was-kostet-eine-katze-im-monat\/","og_locale":"de_DE","og_type":"article","og_title":"Was kostet eine Katze im Monat? Von der Anschaffung bis zum Zubeh\u00f6r","og_description":"Erfahre mehr \u00fcber die Kosten, die mit der Haltung einer Katze verbunden sind, von Futter bis Tierarztbesuchen.","og_url":"https:\/\/uelzener.de\/magazin\/katze\/haltung\/was-kostet-eine-katze-im-monat\/","og_site_name":"Uelzener Tier-Magazin","article_publisher":"https:\/\/www.facebook.com\/Uelzener","article_modified_time":"2025-08-05T12:50:59+00:00","og_image":[{"width":1025,"height":450,"url":"https:\/\/uelzener.de\/magazin\/app\/uploads\/2025\/07\/katze-kosten-pro-monat.jpg","type":"image\/jpeg"}],"twitter_card":"summary_large_image","twitter_misc":{"Gesch\u00e4tzte Lesezeit":"7\u00a0Minuten"},"schema":{"@context":"https:\/\/schema.org","@graph":[{"@type":"WebPage","@id":"https:\/\/uelzener.de\/magazin\/katze\/haltung\/was-kostet-eine-katze-im-monat\/","url":"https:\/\/uelzener.de\/magazin\/katze\/haltung\/was-kostet-eine-katze-im-monat\/","name":"Was kostet eine Katze im Monat? Von der Anschaffung bis zum Zubeh\u00f6r | Uelzener Magazin","isPartOf":{"@id":"https:\/\/uelzener.de\/magazin\/#website"},"primaryImageOfPage":{"@id":"https:\/\/uelzener.de\/magazin\/katze\/haltung\/was-kostet-eine-katze-im-monat\/#primaryimage"},"image":{"@id":"https:\/\/uelzener.de\/magazin\/katze\/haltung\/was-kostet-eine-katze-im-monat\/#primaryimage"},"thumbnailUrl":"https:\/\/uelzener.de\/magazin\/app\/uploads\/2025\/07\/katze-kosten-pro-monat.jpg","datePublished":"2025-07-30T12:17:10+00:00","dateModified":"2025-08-05T12:50:59+00:00","description":"Erfahre mehr \u00fcber die Kosten, die mit der Haltung einer Katze verbunden sind, von Futter bis Tierarztbesuchen.","breadcrumb":{"@id":"https:\/\/uelzener.de\/magazin\/katze\/haltung\/was-kostet-eine-katze-im-monat\/#breadcrumb"},"inLanguage":"de","potentialAction":[{"@type":"ReadAction","target":["https:\/\/uelzener.de\/magazin\/katze\/haltung\/was-kostet-eine-katze-im-monat\/"]}]},{"@type":"ImageObject","inLanguage":"de","@id":"https:\/\/uelzener.de\/magazin\/katze\/haltung\/was-kostet-eine-katze-im-monat\/#primaryimage","url":"https:\/\/uelzener.de\/magazin\/app\/uploads\/2025\/07\/katze-kosten-pro-monat.jpg","contentUrl":"https:\/\/uelzener.de\/magazin\/app\/uploads\/2025\/07\/katze-kosten-pro-monat.jpg","width":1025,"height":450,"caption":"Wie viel kostet eine Katze pro Monat?"},{"@type":"WebSite","@id":"https:\/\/uelzener.de\/magazin\/#website","url":"https:\/\/uelzener.de\/magazin\/","name":"Uelzener Tiermagazin","description":"Online Tierratgeber der Uelzener Versicherungen","publisher":{"@id":"https:\/\/uelzener.de\/magazin\/#organization"},"potentialAction":[{"@type":"SearchAction","target":{"@type":"EntryPoint","urlTemplate":"https:\/\/uelzener.de\/magazin\/?s={search_term_string}"},"query-input":{"@type":"PropertyValueSpecification","valueRequired":true,"valueName":"search_term_string"}}],"inLanguage":"de"},{"@type":"Organization","@id":"https:\/\/uelzener.de\/magazin\/#organization","name":"Uelzener Versicherungen","url":"https:\/\/uelzener.de\/magazin\/","logo":{"@type":"ImageObject","inLanguage":"de","@id":"https:\/\/uelzener.de\/magazin\/#\/schema\/logo\/image\/","url":"https:\/\/uelzener.de\/magazin\/app\/uploads\/2024\/11\/uelzener_allgemeine_versicherungsgesellschaft_a_g_logo.jpg","contentUrl":"https:\/\/uelzener.de\/magazin\/app\/uploads\/2024\/11\/uelzener_allgemeine_versicherungsgesellschaft_a_g_logo.jpg","width":200,"height":200,"caption":"Uelzener Versicherungen"},"image":{"@id":"https:\/\/uelzener.de\/magazin\/#\/schema\/logo\/image\/"},"sameAs":["https:\/\/www.facebook.com\/Uelzener","https:\/\/instagram.com\/uelzener","https:\/\/www.xing.com\/pages\/uelzenerallgemeineversicherungs-gesellschafta-g","https:\/\/www.youtube.com\/UelzenerVersicherungen"]}]}},"_links":{"self":[{"href":"https:\/\/uelzener.de\/magazin\/wp-json\/wp\/v2\/pages\/18768","targetHints":{"allow":["GET"]}}],"collection":[{"href":"https:\/\/uelzener.de\/magazin\/wp-json\/wp\/v2\/pages"}],"about":[{"href":"https:\/\/uelzener.de\/magazin\/wp-json\/wp\/v2\/types\/page"}],"author":[{"embeddable":true,"href":"https:\/\/uelzener.de\/magazin\/wp-json\/wp\/v2\/users\/11"}],"replies":[{"embeddable":true,"href":"https:\/\/uelzener.de\/magazin\/wp-json\/wp\/v2\/comments?post=18768"}],"version-history":[{"count":4,"href":"https:\/\/uelzener.de\/magazin\/wp-json\/wp\/v2\/pages\/18768\/revisions"}],"predecessor-version":[{"id":18809,"href":"https:\/\/uelzener.de\/magazin\/wp-json\/wp\/v2\/pages\/18768\/revisions\/18809"}],"up":[{"embeddable":true,"href":"https:\/\/uelzener.de\/magazin\/wp-json\/wp\/v2\/pages\/11683"}],"wp:featuredmedia":[{"embeddable":true,"href":"https:\/\/uelzener.de\/magazin\/wp-json\/wp\/v2\/media\/18769"}],"wp:attachment":[{"href":"https:\/\/uelzener.de\/magazin\/wp-json\/wp\/v2\/media?parent=18768"}],"curies":[{"name":"wp","href":"https:\/\/api.w.org\/{rel}","templated":true}]}}