{"id":18704,"date":"2025-07-28T10:47:51","date_gmt":"2025-07-28T08:47:51","guid":{"rendered":"https:\/\/uelzener.de\/magazin\/?page_id=18704"},"modified":"2025-09-24T09:18:52","modified_gmt":"2025-09-24T07:18:52","slug":"warum-sabbert-meine-katze","status":"publish","type":"page","link":"https:\/\/uelzener.de\/magazin\/katze\/haeufige-fragen\/warum-sabbert-meine-katze\/","title":{"rendered":"Warum sabbert meine Katze?"},"content":{"rendered":"<p><span style=\"font-weight: 400;\">Wenn dein Stubentiger entspannt auf seinem Lieblingsplatz d\u00f6st, kann es passieren, dass nach dem Aufstehen ein kleiner Sabberfleck zur\u00fcckbleibt. Oder du entdeckst nach einer ausgiebigen Kuschelrunde mit deiner Samtpfote pl\u00f6tzlich Katzenspeichel auf deinem Scho\u00df. Intensiver Speichelfluss tritt bei Katzen deutlich seltener auf als bei Hunden, doch auch bei ihnen kann es manchmal aus dem M\u00e4ulchen tropfen. \u00dcberm\u00e4\u00dfiges Sabbern, fachsprachlich Hypersalivation genannt, kann viele Ursachen haben. Nicht alle davon sind ernst oder behandlungsbed\u00fcrftig. Wir erkl\u00e4ren dir, warum Katzen sabbern und wann tier\u00e4rztlicher Rat gefragt ist.\u00a0<\/span><\/p>\n<h2>Von Fellpflege bis zur Vorfreude aufs Futter: Sabbern als nat\u00fcrliches Verhalten<\/h2>\n<p><span style=\"font-weight: 400;\">Katzen setzen ihren Speichel f\u00fcr verschiedene Dinge ein \u2013 allen voran bei der Fellpflege. Dabei leistet die raue Katzenzunge echte Schwerstarbeit. \u00dcber die Zunge bef\u00f6rdert die Katze kleine Speichelmengen auf ihren Pelz und nutzt diese zum Reinigen, gleichzeitig aber auch zum Abk\u00fchlen. Wenn du also feuchte Stellen im Fell deiner Katze entdeckst, nachdem sie sich geputzt hat, ist das v\u00f6llig normal.<\/span><\/p>\n<p><span style=\"font-weight: 400;\">Manche Katzen sabbern dar\u00fcber hinaus im Schlaf. Auch in sehr entspannten Situationen \u2013 etwa beim intensiven Kuscheln mit dir \u2013 kann es passieren, dass dem Stubentiger etwas Speichel aus dem Mund flie\u00dft. Des Weiteren kann Katzenminze, die bekannt f\u00fcr ihre berauschende Wirkung bei den Samtpfoten ist, die Speichelproduktion ankurbeln. Und wenn sich die F\u00fctterungszeit n\u00e4hert, dann l\u00e4uft manch einer Samtpfote im wahrsten Sinne des Wortes das Wasser im M\u00e4ulchen zusammen.\u00a0<\/span><\/p>\n<p><span style=\"font-weight: 400;\">Kommt es jedoch sehr pl\u00f6tzlich zu starkem Speichelfluss, solltest du der Ursache auf den Grund gehen.\u00a0<\/span><\/p>\n<h2>Katzensabber als m\u00f6gliches Warnsignal<\/h2>\n<p><span style=\"font-weight: 400;\">Wenn deine Katze pl\u00f6tzlich stark sabbert und du Verhaltens\u00e4nderungen an ihr bemerkst, ist es ratsam, mit deinem Stubentiger in einer Tierarztpraxis vorstellig zu werden. Eine <\/span><span style=\"font-weight: 400;\">Krankenversicherung f\u00fcr Katzen<\/span><span style=\"font-weight: 400;\"> sichert dich finanziell ab, so dass du dir \u00fcber die Kosten f\u00fcr Untersuchung und Behandlung keine Sorgen machen musst.<\/span><\/p>\n\n<div class=\"banner\">\n    <a href=\"https:\/\/uelzener.de\/katze\/katzen-krankenversicherung\/?agt=0000104925&sem=true&utm_medium=magazin&utm_source=wordpress&utm_campaign=katze_kv&utm_content=banner\">\n        <img decoding=\"async\" width=\"300\" height=\"212\" src=\"https:\/\/uelzener.de\/magazin\/app\/uploads\/2025\/01\/Katzen-Kranken-Versicherung.jpg\" class=\"attachment-medium size-medium\" alt=\"Banner Katzen-Kranken-Versicherung\" \/>    <\/a>\n<\/div>\n\n<p><span style=\"font-weight: 400;\">Was hinter vermehrtem Speichelfluss bei deiner Katze stecken k\u00f6nnte, fassen wir im Folgenden f\u00fcr dich zusammen:<\/span><\/p>\n<ul>\n<li style=\"font-weight: 400;\" aria-level=\"1\"><b>Stress: <\/b><span style=\"font-weight: 400;\">Neue Situationen bedeuten f\u00fcr viele Stubentiger Stress. Besonders aufregend und oft be\u00e4ngstigend ist zum Beispiel der Transport in der Katzenbox zum Tierarzt oder zur Tier\u00e4rztin. Aber auch zu Hause kann deine Katze Stress empfinden und als Reaktion darauf vermehrt sabbern, etwa wenn ein neues Familienmitglied einzieht.<\/span><\/li>\n<li style=\"font-weight: 400;\" aria-level=\"1\"><b>Vergiftung: <\/b><span style=\"font-weight: 400;\">Hat eine Katze etwas Giftiges zu sich genommen, zum Beispiel bestimmte Pflanzen oder unvertr\u00e4gliche Lebensmittel, kann sie mit \u00fcberm\u00e4\u00dfigen Sabbern darauf reagieren. Mitunter k\u00f6nnen weitere Symptome wie Erbrechen oder Durchfall auftreten.<\/span><\/li>\n<li style=\"font-weight: 400;\" aria-level=\"1\"><b>Zahnprobleme: <\/b><span style=\"font-weight: 400;\">Vermehrtes Sabbern kann auch auf Zahnprobleme hindeuten. Zahnstein, Karies oder entz\u00fcndetes Zahnfleisch sind m\u00f6gliche Ausl\u00f6ser. Auch Infektionen im Maul f\u00fchren h\u00e4ufig dazu, dass Katzen \u00fcberm\u00e4\u00dfig speicheln. Kommt \u00fcbler Geruch aus der Maulh\u00f6hle hinzu, ist eine genauere Betrachtung der Z\u00e4hne und des Mauls unumg\u00e4nglich.<\/span><\/li>\n<\/ul>\n\n<div class=\"banner\">\n    <a href=\"https:\/\/uelzener.de\/katze\/katzen-zahn-versicherung\/?agt=0000104925&sem=true&utm_medium=magazin&utm_source=wordpress&utm_campaign=katze_zahn&utm_content=banner\">\n        <img decoding=\"async\" width=\"300\" height=\"212\" src=\"https:\/\/uelzener.de\/magazin\/app\/uploads\/2025\/08\/Katzen-Zahn-Versicherung.jpg\" class=\"attachment-medium size-medium\" alt=\"Banner Katzen-Zahn-Versicherung\" \/>    <\/a>\n<\/div>\n\n<ul>\n<li style=\"font-weight: 400;\" aria-level=\"1\"><b>Fremdk\u00f6rper: <\/b><span style=\"font-weight: 400;\">Fremdk\u00f6rper in der Maulh\u00f6hle wie Textilf\u00e4den oder Kleinteile von Spielzeug k\u00f6nnen ebenfalls f\u00fcr verst\u00e4rkten Speichelfluss sorgen. Die Katze wird versuchen, sich mit der Pfote ins Maul zu greifen und den st\u00f6renden Fremdk\u00f6rper loszuwerden. Du wirst also schnell mitbekommen, dass etwas nicht stimmt. Allerdings k\u00f6nnen Katzen auch auf verschluckte Fremdk\u00f6rper mit Sabbern reagieren und dabei \u00e4hnliche Symptome zeigen wie bei einer Vergiftung.<\/span><\/li>\n<li style=\"font-weight: 400;\" aria-level=\"1\"><b>Reaktion auf Medikamente: <\/b><span style=\"font-weight: 400;\">Es gibt Medikamente, die \u00fcberm\u00e4\u00dfiges Sabbern beg\u00fcnstigen. Am besten schilderst du die Problematik dem Tierarzt oder der Tier\u00e4rztin und l\u00e4sst kontrollieren, ob der Speichelfluss noch im Rahmen ist.<\/span><\/li>\n<li style=\"font-weight: 400;\" aria-level=\"1\"><b>Hitzschlag: <\/b><span style=\"font-weight: 400;\">Sabbern kann in Kombination mit weiteren Symptomen wie Abgeschlagenheit, flacher, schneller Atmung und einer erh\u00f6hten K\u00f6rpertemperatur auch auf einen Hitzschlag hindeuten. In dem Fall solltest du dein Tier umgehend versorgen und deine Praxis kontaktieren.<\/span><\/li>\n<\/ul>\n<p><span style=\"font-weight: 400;\">Verst\u00e4rkter Speichelfluss kann noch weitere gesundheitliche Ursachen haben. Dazu geh\u00f6ren Infekte, Erkrankungen der Speicheldr\u00fcse, Nierenleiden, neurologische St\u00f6rungen oder Stoffwechselprobleme. Bei anhaltenden Symptomen solltest du deine Katze immer tier\u00e4rztlich untersuchen lassen.<\/span><\/p>\n<h2>Praktische Tipps f\u00fcr den Alltag: Was tun, wenn die Katze sabbert?<\/h2>\n<p><span style=\"font-weight: 400;\">Zun\u00e4chst einmal gilt es, Ruhe zu bewahren, denn bei leichtem Sabbern besteht kein Grund zur Sorge. Wirkt deine Katze jedoch anders als sonst, zieht sich zur\u00fcck oder frisst sehr wenig, dann solltest du sie genau beobachten.<\/span><\/p>\n<p><span style=\"font-weight: 400;\">Ein Blick in die Maulh\u00f6hle lohnt sich in jedem Fall, um m\u00f6gliche R\u00f6tungen oder Schwellungen am Zahnfleisch, starken Zahnstein oder Verletzungen ausfindig zu machen. Pr\u00fcfe auch, ob sich im Maul ein Fremdk\u00f6rper festgesetzt hat. Es empfiehlt sich zudem, die K\u00f6rpertemperatur der Katze zu messen. Insbesondere an hei\u00dfen Tagen solltest du deinem Tier ein schattiges, ruhiges Pl\u00e4tzchen und frisches Wasser anbieten.<\/span><\/p>\n<p><span style=\"font-weight: 400;\">H\u00e4lt das Sabbern weiterhin an oder kommen andere Symptome wie Fieber oder Unruhe hinzu, solltest du deine Samtpfote tier\u00e4rztlich untersuchen lassen, um der Ursache auf den Grund zu gehen.<\/span><\/p>\n\n<div class=\"related_articles boxed\">\n    <h2>Mehr zum Thema<\/h2>\n    \n    <div class=\"wrapper\"><div class=\"title align-center\"><h3><a href=\"https:\/\/uelzener.de\/magazin\/katze\/tiergesundheit\/abgebrochener-zahn-katze-ursachen-risiken-behandlungsmethoden\/\">Abgebrochener Zahn bei der Katze: Ursachen, Risiken und Behandlungsmethoden<\/a><\/h3><\/div><div class=\"img align-center\"><img decoding=\"async\" width=\"315\" height=\"180\" src=\"https:\/\/uelzener.de\/magazin\/app\/uploads\/2024\/08\/katze-zahn-abgebrochen-315x180.jpg\" class=\"attachment-315x180 size-315x180 wp-post-image\" alt=\"Orangene Katze mit abgebrochem Eckzahn.\" \/><\/div><\/div><div class=\"wrapper\"><div class=\"title align-center\"><h3><a href=\"https:\/\/uelzener.de\/magazin\/katze\/ernaehrung\/was-duerfen-katzen-nicht-trinken\/\">Was d\u00fcrfen Katzen nicht trinken?<\/a><\/h3><\/div><div class=\"img align-center\"><img decoding=\"async\" width=\"315\" height=\"180\" src=\"https:\/\/uelzener.de\/magazin\/app\/uploads\/2024\/06\/was-duerfen-katzen-trinken-315x180.jpg\" class=\"attachment-315x180 size-315x180 wp-post-image\" alt=\"K\u00e4tzchen trinkt aus Schale am Boden.\" \/><\/div><\/div><div class=\"wrapper\"><div class=\"title align-center\"><h3><a href=\"https:\/\/uelzener.de\/magazin\/katze\/tipps-fuer-den-alltag\/umzug-mit-katze\/\">Umzug mit Katze stressfrei gestalten<\/a><\/h3><\/div><div class=\"img align-center\"><img decoding=\"async\" width=\"315\" height=\"180\" src=\"https:\/\/uelzener.de\/magazin\/app\/uploads\/2023\/06\/umzug-mit-katze-315x180.jpg\" class=\"attachment-315x180 size-315x180 wp-post-image\" alt=\"Umzug mit Katze muss nicht stressig sein.\" \/><\/div><\/div><\/div>\n\n<h2>Fazit<\/h2>\n<p><span style=\"font-weight: 400;\">Wenn eine Katze sabbert, kann das viele Gr\u00fcnde haben. Nicht immer m\u00fcssen gesundheitliche Probleme dahinterstecken. So speicheln manche Tiere beispielsweise auch, wenn sie Appetit haben oder sich wohlf\u00fchlen. Wichtig ist, dass du deinen Stubentiger im Blick beh\u00e4ltst und bei Unsicherheiten oder Auff\u00e4lligkeiten tier\u00e4rztlichen Rat einholst.<\/span><\/p>\n<h2>FAQ \u2013 h\u00e4ufig gestellte Fragen zu Katzen, die sabbern<\/h2>\n<h3>Ist Sabbern bei Katzen normal?<\/h3>\n<p><span style=\"font-weight: 400;\">Leichter Speichelfluss ist bei Katzen durchaus normal. Tritt er in entspannten Situationen oder vor der F\u00fctterung auf, besteht meist kein Grund zur Sorge. Anders verh\u00e4lt es sich, wenn es um pl\u00f6tzlich auftretenden, starken Speichelfluss handelt, der gegebenenfalls von anderen Symptomen begleitet wird. Das sollte tier\u00e4rztlich abgekl\u00e4rt werden. Das gilt auch, wenn der Speichel dickfl\u00fcssig oder blutig ist.\u00a0<\/span><\/p>\n<h3>Kann man Sabbern bei Katzen vorbeugen?<\/h3>\n<p><span style=\"font-weight: 400;\">Vorsorge spielt eine wichtige Rolle, um Erkrankungen, die zu einem st\u00e4rkeren Speichelfluss f\u00fchren k\u00f6nnen, vorzubeugen oder diese rechtzeitig zu erkennen und zu behandeln. Regelm\u00e4\u00dfige Check-ups beim Tierarzt oder bei der Tier\u00e4rztin sind daher sehr empfehlenswert.<\/span><\/p>\n<h3>Was kann ich tun, wenn ich merke, dass meine Katze stark sabbert?<\/h3>\n<p><span style=\"font-weight: 400;\">Im ersten Schritt solltest du die Maulh\u00f6hle auf Fremdk\u00f6rper \u00fcberpr\u00fcfen und \u00fcberlegen, ob eine Vergiftung oder ein Hitzschlag vorliegen k\u00f6nnte. Im zweiten Schritt solltest du deine Samtpfote zur Tierarztpraxis bringen, um gesundheitliche Ursachen abkl\u00e4ren zu lassen.\u00a0<\/span><\/p>\n","protected":false},"excerpt":{"rendered":"<p>Wenn dein Stubentiger entspannt auf seinem Lieblingsplatz d\u00f6st, kann es passieren, dass nach dem Aufstehen ein kleiner Sabberfleck zur\u00fcckbleibt. Oder du entdeckst nach einer ausgiebigen Kuschelrunde mit deiner Samtpfote pl\u00f6tzlich Katzenspeichel auf deinem Scho\u00df. Intensiver Speichelfluss tritt bei Katzen deutlich seltener auf als bei Hunden, doch auch bei ihnen kann es manchmal aus dem M\u00e4ulchen [&hellip;]<\/p>\n","protected":false},"author":11,"featured_media":18705,"parent":11691,"menu_order":3,"comment_status":"closed","ping_status":"closed","template":"templates\/blog.php","meta":{"_acf_changed":false,"_crdt_document":"","footnotes":"","beyondwords_generate_audio":"","beyondwords_project_id":"","beyondwords_content_id":"","beyondwords_preview_token":"","beyondwords_player_style":"","beyondwords_language_id":"","beyondwords_title_voice_id":"","beyondwords_body_voice_id":"","beyondwords_summary_voice_id":"","beyondwords_error_message":"","beyondwords_disabled":"","beyondwords_delete_content":"","beyondwords_podcast_id":"","beyondwords_hash":"","publish_post_to_speechkit":"","speechkit_hash":"","speechkit_generate_audio":"","speechkit_project_id":"","speechkit_podcast_id":"","speechkit_error_message":"","speechkit_disabled":"","speechkit_access_key":"","speechkit_error":"","speechkit_info":"","speechkit_response":"","speechkit_retries":"","speechkit_status":"","speechkit_updated_at":"","_speechkit_link":"","_speechkit_text":""},"class_list":["post-18704","page","type-page","status-publish","has-post-thumbnail","hentry"],"acf":[],"yoast_head":"<!-- This site is optimized with the Yoast SEO Premium plugin  - https:\/\/yoast.com\/product\/yoast-seo-premium-wordpress\/ -->\n<title>Warum sabbert meine Katze? | Uelzener Magazin<\/title>\n<meta name=\"description\" content=\"Entdecke die Ursachen von Sabbern bei Katzen. Verstehe, wann \u00fcberm\u00e4\u00dfiges Sabbern ein ernsthaftes Problem sein kann.\" \/>\n<meta name=\"robots\" content=\"index, follow, max-snippet:-1, max-image-preview:large, max-video-preview:-1\" \/>\n<link rel=\"canonical\" href=\"https:\/\/uelzener.de\/magazin\/katze\/haeufige-fragen\/warum-sabbert-meine-katze\/\" \/>\n<meta property=\"og:locale\" content=\"de_DE\" \/>\n<meta property=\"og:type\" content=\"article\" \/>\n<meta property=\"og:title\" content=\"Warum sabbert meine Katze?\" \/>\n<meta property=\"og:description\" content=\"Entdecke die Ursachen von Sabbern bei Katzen. Verstehe, wann \u00fcberm\u00e4\u00dfiges Sabbern ein ernsthaftes Problem sein kann.\" \/>\n<meta property=\"og:url\" content=\"https:\/\/uelzener.de\/magazin\/katze\/haeufige-fragen\/warum-sabbert-meine-katze\/\" \/>\n<meta property=\"og:site_name\" content=\"Uelzener Tier-Magazin\" \/>\n<meta property=\"article:publisher\" content=\"https:\/\/www.facebook.com\/Uelzener\" \/>\n<meta property=\"article:modified_time\" content=\"2025-09-24T07:18:52+00:00\" \/>\n<meta property=\"og:image\" content=\"https:\/\/uelzener.de\/magazin\/app\/uploads\/2025\/07\/katze-sabbert.jpg\" \/>\n\t<meta property=\"og:image:width\" content=\"1025\" \/>\n\t<meta property=\"og:image:height\" content=\"450\" \/>\n\t<meta property=\"og:image:type\" content=\"image\/jpeg\" \/>\n<meta name=\"twitter:card\" content=\"summary_large_image\" \/>\n<meta name=\"twitter:label1\" content=\"Gesch\u00e4tzte Lesezeit\" \/>\n\t<meta name=\"twitter:data1\" content=\"6\u00a0Minuten\" \/>\n<script type=\"application\/ld+json\" class=\"yoast-schema-graph\">{\"@context\":\"https:\/\/schema.org\",\"@graph\":[{\"@type\":\"WebPage\",\"@id\":\"https:\/\/uelzener.de\/magazin\/katze\/haeufige-fragen\/warum-sabbert-meine-katze\/\",\"url\":\"https:\/\/uelzener.de\/magazin\/katze\/haeufige-fragen\/warum-sabbert-meine-katze\/\",\"name\":\"Warum sabbert meine Katze? | Uelzener Magazin\",\"isPartOf\":{\"@id\":\"https:\/\/uelzener.de\/magazin\/#website\"},\"primaryImageOfPage\":{\"@id\":\"https:\/\/uelzener.de\/magazin\/katze\/haeufige-fragen\/warum-sabbert-meine-katze\/#primaryimage\"},\"image\":{\"@id\":\"https:\/\/uelzener.de\/magazin\/katze\/haeufige-fragen\/warum-sabbert-meine-katze\/#primaryimage\"},\"thumbnailUrl\":\"https:\/\/uelzener.de\/magazin\/app\/uploads\/2025\/07\/katze-sabbert.jpg\",\"datePublished\":\"2025-07-28T08:47:51+00:00\",\"dateModified\":\"2025-09-24T07:18:52+00:00\",\"description\":\"Entdecke die Ursachen von Sabbern bei Katzen. Verstehe, wann \u00fcberm\u00e4\u00dfiges Sabbern ein ernsthaftes Problem sein kann.\",\"breadcrumb\":{\"@id\":\"https:\/\/uelzener.de\/magazin\/katze\/haeufige-fragen\/warum-sabbert-meine-katze\/#breadcrumb\"},\"inLanguage\":\"de\",\"potentialAction\":[{\"@type\":\"ReadAction\",\"target\":[\"https:\/\/uelzener.de\/magazin\/katze\/haeufige-fragen\/warum-sabbert-meine-katze\/\"]}]},{\"@type\":\"ImageObject\",\"inLanguage\":\"de\",\"@id\":\"https:\/\/uelzener.de\/magazin\/katze\/haeufige-fragen\/warum-sabbert-meine-katze\/#primaryimage\",\"url\":\"https:\/\/uelzener.de\/magazin\/app\/uploads\/2025\/07\/katze-sabbert.jpg\",\"contentUrl\":\"https:\/\/uelzener.de\/magazin\/app\/uploads\/2025\/07\/katze-sabbert.jpg\",\"width\":1025,\"height\":450,\"caption\":\"Schwarze Katze sabbert.\"},{\"@type\":\"WebSite\",\"@id\":\"https:\/\/uelzener.de\/magazin\/#website\",\"url\":\"https:\/\/uelzener.de\/magazin\/\",\"name\":\"Uelzener Tiermagazin\",\"description\":\"Online Tierratgeber der Uelzener Versicherungen\",\"publisher\":{\"@id\":\"https:\/\/uelzener.de\/magazin\/#organization\"},\"potentialAction\":[{\"@type\":\"SearchAction\",\"target\":{\"@type\":\"EntryPoint\",\"urlTemplate\":\"https:\/\/uelzener.de\/magazin\/?s={search_term_string}\"},\"query-input\":{\"@type\":\"PropertyValueSpecification\",\"valueRequired\":true,\"valueName\":\"search_term_string\"}}],\"inLanguage\":\"de\"},{\"@type\":\"Organization\",\"@id\":\"https:\/\/uelzener.de\/magazin\/#organization\",\"name\":\"Uelzener Versicherungen\",\"url\":\"https:\/\/uelzener.de\/magazin\/\",\"logo\":{\"@type\":\"ImageObject\",\"inLanguage\":\"de\",\"@id\":\"https:\/\/uelzener.de\/magazin\/#\/schema\/logo\/image\/\",\"url\":\"https:\/\/uelzener.de\/magazin\/app\/uploads\/2024\/11\/uelzener_allgemeine_versicherungsgesellschaft_a_g_logo.jpg\",\"contentUrl\":\"https:\/\/uelzener.de\/magazin\/app\/uploads\/2024\/11\/uelzener_allgemeine_versicherungsgesellschaft_a_g_logo.jpg\",\"width\":200,\"height\":200,\"caption\":\"Uelzener Versicherungen\"},\"image\":{\"@id\":\"https:\/\/uelzener.de\/magazin\/#\/schema\/logo\/image\/\"},\"sameAs\":[\"https:\/\/www.facebook.com\/Uelzener\",\"https:\/\/instagram.com\/uelzener\",\"https:\/\/www.xing.com\/pages\/uelzenerallgemeineversicherungs-gesellschafta-g\",\"https:\/\/www.youtube.com\/UelzenerVersicherungen\"]}]}<\/script>\n<!-- \/ Yoast SEO Premium plugin. -->","yoast_head_json":{"title":"Warum sabbert meine Katze? | Uelzener Magazin","description":"Entdecke die Ursachen von Sabbern bei Katzen. Verstehe, wann \u00fcberm\u00e4\u00dfiges Sabbern ein ernsthaftes Problem sein kann.","robots":{"index":"index","follow":"follow","max-snippet":"max-snippet:-1","max-image-preview":"max-image-preview:large","max-video-preview":"max-video-preview:-1"},"canonical":"https:\/\/uelzener.de\/magazin\/katze\/haeufige-fragen\/warum-sabbert-meine-katze\/","og_locale":"de_DE","og_type":"article","og_title":"Warum sabbert meine Katze?","og_description":"Entdecke die Ursachen von Sabbern bei Katzen. Verstehe, wann \u00fcberm\u00e4\u00dfiges Sabbern ein ernsthaftes Problem sein kann.","og_url":"https:\/\/uelzener.de\/magazin\/katze\/haeufige-fragen\/warum-sabbert-meine-katze\/","og_site_name":"Uelzener Tier-Magazin","article_publisher":"https:\/\/www.facebook.com\/Uelzener","article_modified_time":"2025-09-24T07:18:52+00:00","og_image":[{"width":1025,"height":450,"url":"https:\/\/uelzener.de\/magazin\/app\/uploads\/2025\/07\/katze-sabbert.jpg","type":"image\/jpeg"}],"twitter_card":"summary_large_image","twitter_misc":{"Gesch\u00e4tzte Lesezeit":"6\u00a0Minuten"},"schema":{"@context":"https:\/\/schema.org","@graph":[{"@type":"WebPage","@id":"https:\/\/uelzener.de\/magazin\/katze\/haeufige-fragen\/warum-sabbert-meine-katze\/","url":"https:\/\/uelzener.de\/magazin\/katze\/haeufige-fragen\/warum-sabbert-meine-katze\/","name":"Warum sabbert meine Katze? | Uelzener Magazin","isPartOf":{"@id":"https:\/\/uelzener.de\/magazin\/#website"},"primaryImageOfPage":{"@id":"https:\/\/uelzener.de\/magazin\/katze\/haeufige-fragen\/warum-sabbert-meine-katze\/#primaryimage"},"image":{"@id":"https:\/\/uelzener.de\/magazin\/katze\/haeufige-fragen\/warum-sabbert-meine-katze\/#primaryimage"},"thumbnailUrl":"https:\/\/uelzener.de\/magazin\/app\/uploads\/2025\/07\/katze-sabbert.jpg","datePublished":"2025-07-28T08:47:51+00:00","dateModified":"2025-09-24T07:18:52+00:00","description":"Entdecke die Ursachen von Sabbern bei Katzen. Verstehe, wann \u00fcberm\u00e4\u00dfiges Sabbern ein ernsthaftes Problem sein kann.","breadcrumb":{"@id":"https:\/\/uelzener.de\/magazin\/katze\/haeufige-fragen\/warum-sabbert-meine-katze\/#breadcrumb"},"inLanguage":"de","potentialAction":[{"@type":"ReadAction","target":["https:\/\/uelzener.de\/magazin\/katze\/haeufige-fragen\/warum-sabbert-meine-katze\/"]}]},{"@type":"ImageObject","inLanguage":"de","@id":"https:\/\/uelzener.de\/magazin\/katze\/haeufige-fragen\/warum-sabbert-meine-katze\/#primaryimage","url":"https:\/\/uelzener.de\/magazin\/app\/uploads\/2025\/07\/katze-sabbert.jpg","contentUrl":"https:\/\/uelzener.de\/magazin\/app\/uploads\/2025\/07\/katze-sabbert.jpg","width":1025,"height":450,"caption":"Schwarze Katze sabbert."},{"@type":"WebSite","@id":"https:\/\/uelzener.de\/magazin\/#website","url":"https:\/\/uelzener.de\/magazin\/","name":"Uelzener Tiermagazin","description":"Online Tierratgeber der Uelzener Versicherungen","publisher":{"@id":"https:\/\/uelzener.de\/magazin\/#organization"},"potentialAction":[{"@type":"SearchAction","target":{"@type":"EntryPoint","urlTemplate":"https:\/\/uelzener.de\/magazin\/?s={search_term_string}"},"query-input":{"@type":"PropertyValueSpecification","valueRequired":true,"valueName":"search_term_string"}}],"inLanguage":"de"},{"@type":"Organization","@id":"https:\/\/uelzener.de\/magazin\/#organization","name":"Uelzener Versicherungen","url":"https:\/\/uelzener.de\/magazin\/","logo":{"@type":"ImageObject","inLanguage":"de","@id":"https:\/\/uelzener.de\/magazin\/#\/schema\/logo\/image\/","url":"https:\/\/uelzener.de\/magazin\/app\/uploads\/2024\/11\/uelzener_allgemeine_versicherungsgesellschaft_a_g_logo.jpg","contentUrl":"https:\/\/uelzener.de\/magazin\/app\/uploads\/2024\/11\/uelzener_allgemeine_versicherungsgesellschaft_a_g_logo.jpg","width":200,"height":200,"caption":"Uelzener Versicherungen"},"image":{"@id":"https:\/\/uelzener.de\/magazin\/#\/schema\/logo\/image\/"},"sameAs":["https:\/\/www.facebook.com\/Uelzener","https:\/\/instagram.com\/uelzener","https:\/\/www.xing.com\/pages\/uelzenerallgemeineversicherungs-gesellschafta-g","https:\/\/www.youtube.com\/UelzenerVersicherungen"]}]}},"_links":{"self":[{"href":"https:\/\/uelzener.de\/magazin\/wp-json\/wp\/v2\/pages\/18704","targetHints":{"allow":["GET"]}}],"collection":[{"href":"https:\/\/uelzener.de\/magazin\/wp-json\/wp\/v2\/pages"}],"about":[{"href":"https:\/\/uelzener.de\/magazin\/wp-json\/wp\/v2\/types\/page"}],"author":[{"embeddable":true,"href":"https:\/\/uelzener.de\/magazin\/wp-json\/wp\/v2\/users\/11"}],"replies":[{"embeddable":true,"href":"https:\/\/uelzener.de\/magazin\/wp-json\/wp\/v2\/comments?post=18704"}],"version-history":[{"count":2,"href":"https:\/\/uelzener.de\/magazin\/wp-json\/wp\/v2\/pages\/18704\/revisions"}],"predecessor-version":[{"id":19286,"href":"https:\/\/uelzener.de\/magazin\/wp-json\/wp\/v2\/pages\/18704\/revisions\/19286"}],"up":[{"embeddable":true,"href":"https:\/\/uelzener.de\/magazin\/wp-json\/wp\/v2\/pages\/11691"}],"wp:featuredmedia":[{"embeddable":true,"href":"https:\/\/uelzener.de\/magazin\/wp-json\/wp\/v2\/media\/18705"}],"wp:attachment":[{"href":"https:\/\/uelzener.de\/magazin\/wp-json\/wp\/v2\/media?parent=18704"}],"curies":[{"name":"wp","href":"https:\/\/api.w.org\/{rel}","templated":true}]}}