{"id":18683,"date":"2025-07-21T11:28:42","date_gmt":"2025-07-21T09:28:42","guid":{"rendered":"https:\/\/uelzener.de\/magazin\/?page_id=18683"},"modified":"2025-08-18T13:06:18","modified_gmt":"2025-08-18T11:06:18","slug":"sicheres-aufsteigen-eine-unterschaetzte-schluesseluebung","status":"publish","type":"page","link":"https:\/\/uelzener.de\/magazin\/pferd\/erziehung-und-training\/sicheres-aufsteigen-eine-unterschaetzte-schluesseluebung\/","title":{"rendered":"Sicheres Aufsteigen: Eine untersch\u00e4tzte Schl\u00fcssel\u00fcbung"},"content":{"rendered":"<p>\u201eDie erste \u00dcbung in unserem Handbuch TGT\u00ae-Ausbildung REITEN ist \u2013 ganz bewusst \u2013 das sichere, ruhige Aufsteigen vom Aufstiegbock aus. Eine scheinbar banale Handlung, die jedoch weitreichende Bedeutung f\u00fcr Vertrauen, Kommunikation und Sicherheit zwischen Pferd und Reiter hat\u201c, erkl\u00e4rt Peter Kreinberg.\u00a0In der Praxis zeigt sich immer wieder: Fehlende Vorbereitung f\u00fchrt zu Unsicherheit, Widerstand und sogar Unf\u00e4llen. Dabei ist ein gelungener Aufstieg eine direkte Folge solider Bodenarbeit \u2013 und damit eine logische Fortsetzung unserer kommunikativen Grundschule mit dem Pferd (TGT\u00ae Bodenschule).<\/p>\n<div data-breakout=\"normal\">\n<h2 id=\"viewer-3k15g\" class=\"BvkOb UkKbT bIc1y -Gy9d\" dir=\"auto\"><span class=\"Y7ohM\">Reiteinheit positiv starten<\/span><\/h2>\n<p class=\"BvkOb UkKbT bIc1y -Gy9d\" dir=\"auto\"><span style=\"font-size: 16px;\">Ein vertrauensvoller, ruhiger und kontrollierter Einstieg in die Reitarbeit ist nur m\u00f6glich, wenn die Grundlagen \u2013 Vertrauen und Verst\u00e4ndigung \u2013 sowohl beim Aufsteigen als auch unmittelbar danach gelegt sind. Der Pferdemensch sollte daf\u00fcr bestimmte F\u00e4higkeiten zusammen mit dem Pferd erarbeitet haben.<\/span><\/p>\n<\/div>\n<div data-hook=\"rcv-block13\">Das Pferd sollte:<\/div>\n<div data-breakout=\"normal\">\n<ul class=\"Otwiv bIc1y\">\n<li class=\"RhWEo\" dir=\"auto\" aria-level=\"1\">\n<p id=\"viewer-gngck699\" class=\"M8rfQ bTSJG bIc1y -Gy9d\" dir=\"\"><span class=\"QxcVi\">Ber\u00fchrungen mit der Gerte akzeptieren, ohne zu antizipieren oder auszuweichen;<\/span><\/p>\n<\/li>\n<li class=\"RhWEo\" dir=\"auto\" aria-level=\"1\">\n<p id=\"viewer-vujot761\" class=\"M8rfQ bTSJG bIc1y -Gy9d\" dir=\"\"><span class=\"QxcVi\">Ber\u00fchrungen im Maulbereich mit Gebiss oder am Kopf \u00fcber Halfter verstehen, interpretieren und Bewegungen darauf bewusst ausf\u00fchren k\u00f6nnen;<\/span><\/p>\n<\/li>\n<li class=\"RhWEo\" dir=\"auto\" aria-level=\"1\">\n<p id=\"viewer-e53if824\" class=\"M8rfQ bTSJG bIc1y -Gy9d\" dir=\"\"><span class=\"QxcVi\">gelernt haben, dass der Mensch seinen Standort um es herum \u00e4ndern kann, ohne dass es antritt, nerv\u00f6s wird oder losl\u00e4uft;<\/span><\/p>\n<\/li>\n<li class=\"RhWEo\" dir=\"auto\" aria-level=\"1\">\n<p id=\"viewer-1rx25888\" class=\"M8rfQ bTSJG bIc1y -Gy9d\" dir=\"\"><span class=\"QxcVi\">vertraut sein im Umgang mit k\u00f6rperlichem Kontakt und Druck;<\/span><\/p>\n<\/li>\n<li class=\"RhWEo\" dir=\"auto\" aria-level=\"1\">\n<p id=\"viewer-weupf953\" class=\"M8rfQ bTSJG bIc1y -Gy9d\" dir=\"\"><span class=\"QxcVi\">ein Hilfensystem von Ber\u00fchrung, Ausf\u00fchrung der Hilfe, Abwarten auf den n\u00e4chsten Impuls usw. erlernt und verstanden haben\u00a0<\/span><\/p>\n<\/li>\n<li class=\"RhWEo\" dir=\"auto\" aria-level=\"1\">\n<p id=\"viewer-y67rg637\" class=\"M8rfQ bTSJG bIc1y -Gy9d\" dir=\"\"><span class=\"QxcVi\">sich im &#8222;Hilfenrahmen&#8220; willig begrenzen lassen und ruhig warten.<\/span><\/p>\n<\/li>\n<\/ul>\n<p id=\"viewer-y67rg637\" class=\"M8rfQ bTSJG bIc1y -Gy9d\" dir=\"\">Aus Verst\u00e4ndnis erw\u00e4chst Vertrauen \u2013 und Verst\u00e4ndnis wird durch Verst\u00e4ndigung erarbeitet. Deshalb Obacht: Nur Vertrauen, dass das Pferd es schon richtig macht, wenn man nur wartet, ist nicht zielf\u00fchrend in der Pferdeausbildung. Pferde sind auf unsere Verst\u00e4ndigung, also auf unsere Handlungen und unsere positive F\u00fchrung angewiesen.<\/p>\n<h2>Sicherheitsrisiko Aufstieg wird leider oft untersch\u00e4tzt<\/h2>\n<div data-breakout=\"normal\">\n<p id=\"viewer-hcbcs3122\" class=\"M8rfQ bTSJG bIc1y -Gy9d\" dir=\"auto\"><span class=\"QxcVi\">Unz\u00e4hlige Unf\u00e4lle passieren beim Aufsteigen, aber sie sind h\u00e4ufig vermeidbar. <\/span><\/p>\n<p class=\"M8rfQ bTSJG bIc1y -Gy9d\" dir=\"auto\"><span class=\"QxcVi\">Peter Kreinberg berichtet aus vier Jahrzehnten Berufserfahrung: \u201eVom Wegkippen der Trittleiter \u00fcber das Davonst\u00fcrmen des Pferdes bis zum Sturz durch verpasste Steigb\u00fcgel \u2013 ich habe alles geh\u00f6rt. Und oft war ein unerfahrener Helfer ebenfalls betroffen.\u201cUmso erstaunlicher: In 40 Jahren TGT\u00ae-Seminaren gab es nur einen einzigen relevanten Unfall \u2013 ein Bruch des Mittelhandknochens durch ungeschicktes, reflexhaftes Gegenschlagen gegen den Sattelknauf nach einem ungl\u00fccklich verfehlten Steigb\u00fcgel beim Aufsteigen. <\/span>Nurt systematische Vorbereitung und \u00dcbung\u00a0 bringt echte Sicherheit.<\/p>\n<div data-breakout=\"normal\">\n<h2 id=\"viewer-axpgt3128\" class=\"BvkOb UkKbT bIc1y -Gy9d\" dir=\"auto\"><span class=\"Y7ohM\">Typische Fehlerquellen beim Aufstieg und wie du sie vermeidest<\/span><\/h2>\n<\/div>\n<div data-breakout=\"normal\">\n<p id=\"viewer-pfd6q3132\" class=\"M8rfQ bTSJG bIc1y -Gy9d\" dir=\"auto\"><span class=\"QxcVi\">Hier einige h\u00e4ufige Probleme mit praktischen L\u00f6sungsans\u00e4tzen f\u00fcr deine Arbeit am Pferd:<\/span><\/p>\n<\/div>\n<div data-breakout=\"normal\">\n<h3 id=\"viewer-bdt5k3134\" class=\"M8rfQ bTSJG bIc1y -Gy9d\" dir=\"auto\"><span class=\"QxcVi\">Wo und wie steige ich auf?<\/span><\/h3>\n<p class=\"M8rfQ bTSJG bIc1y -Gy9d\" dir=\"auto\"><span class=\"QxcVi\">W\u00e4hle einen ruhigen, vertrauten Ort. In fremder Umgebung zuerst Bodenschule abrufen, dann kontrolliert arbeiten an der Aufstiegshilfe. \u00dcbe im Freiraum und vorerst nicht an der Bande.<\/span><\/p>\n<\/div>\n<div data-breakout=\"normal\">\n<h3 id=\"viewer-uuq363138\" class=\"M8rfQ bTSJG bIc1y -Gy9d\" dir=\"auto\"><span class=\"QxcVi\">Wie platziere ich den Aufstiegbock sinnvoll?<\/span><\/h3>\n<p class=\"M8rfQ bTSJG bIc1y -Gy9d\" dir=\"auto\"><span class=\"QxcVi\">Stelle den Bock stabil auf festen, ebenen Boden \u2013 nicht auf rutschigem Untergrund oder unebenem Gel\u00e4nde. Achte auf genug Platz zu allen Seiten, damit sich das Pferd nicht eingeengt f\u00fchlt.<\/span><\/p>\n<\/div>\n<div data-breakout=\"normal\">\n<h3 id=\"viewer-s1k6n3142\" class=\"M8rfQ bTSJG bIc1y -Gy9d\" dir=\"auto\"><span class=\"QxcVi\">Wie sollte der Aufstiegbock beschaffen sein?<\/span><\/h3>\n<\/div>\n<div data-breakout=\"normal\">\n<ul>\n<li><span class=\"QxcVi\">Standfest, kippsicher, m\u00f6glichst mit gro\u00dfer Trittfl\u00e4che<\/span><\/li>\n<li>Nicht zu leicht (damit er nicht verrutscht oder schnell umkippt)<\/li>\n<li>Keine offenen Streben, in die das Pferd mit dem Huf geraten k\u00f6nnte<\/li>\n<\/ul>\n<\/div>\n<h3 data-hook=\"rcv-block39\">Was hat das Pferd bereits gelernt und was nicht?<\/h3>\n<div data-hook=\"rcv-block39\">Beobachte das Pferd genau:<\/div>\n<div data-breakout=\"normal\">\n<ul>\n<li id=\"viewer-g1uq15643\" class=\"M8rfQ bTSJG bIc1y -Gy9d\" dir=\"auto\"><span class=\"QxcVi\">Kennt es Druck und Entlastung am Sattel?<\/span><\/li>\n<li class=\"M8rfQ bTSJG bIc1y -Gy9d\" dir=\"auto\">Hat es gelernt, stehenzubleiben, auch in ungewohnter Umgebung?<\/li>\n<li class=\"M8rfQ bTSJG bIc1y -Gy9d\" dir=\"auto\">Senkt es den Kopf entspannt ab, l\u00e4sst es sich seitlich stellen oder zur\u00fcck richten?<\/li>\n<li class=\"M8rfQ bTSJG bIc1y -Gy9d\" dir=\"auto\">L\u00e4sst\u00a0 es sich gef\u00fchlvoll mit der Gerte einzelne Schritte dirigieren?<\/li>\n<\/ul>\n<\/div>\n<div data-breakout=\"normal\">\n<h2 id=\"viewer-bcg0l3152\" class=\"BvkOb UkKbT bIc1y -Gy9d\" dir=\"auto\"><span class=\"Y7ohM\">Wichtige Vorstufen zur Vorbereitung<\/span><\/h2>\n<\/div>\n<div data-breakout=\"normal\">\n<p id=\"viewer-8d8073154\" class=\"M8rfQ bTSJG bIc1y -Gy9d\" dir=\"auto\"><span class=\"QxcVi\">Diese Elemente solltest du vor dem ersten Aufsteigen systematisch mit deinem Pferd \u00fcben:<\/span><\/p>\n<\/div>\n<div data-breakout=\"normal\">\n<ul>\n<li id=\"viewer-oo5du6465\" class=\"M8rfQ bTSJG bIc1y -Gy9d\" dir=\"auto\"><span class=\"QxcVi\">Stehenbleiben, auch l\u00e4nger \u2013 im Freiraum, an der Bande, an verschiedensten Orten im Halfter oder Z\u00fcgelkontakt<\/span><\/li>\n<li class=\"M8rfQ bTSJG bIc1y -Gy9d\" dir=\"auto\">kontrolliertes seitliches Vor- und R\u00fcckw\u00e4rtstreten \u2013 f\u00fcr sp\u00e4tere feine F\u00fchrung am Bock<\/li>\n<li class=\"M8rfQ bTSJG bIc1y -Gy9d\" dir=\"auto\">Kopfabsenken und Position halten \u2013 f\u00fcr mentale Ruhe und R\u00fcckenentspannung<\/li>\n<li class=\"M8rfQ bTSJG bIc1y -Gy9d\" dir=\"auto\">Wechsel der Seiten \u2013 ohne Unruhe, ohne gro\u00dfe Halsbewegungen des Pferdes<\/li>\n<li dir=\"auto\">Ber\u00fchrungen akzeptieren mit der Ausr\u00fcstung \u2013 am Widerrist, Bauch und Maul<\/li>\n<\/ul>\n<p><video controls=\"controls\" width=\"500\" height=\"250\"><source src=\"https:\/\/uelzener.de\/magazin\/app\/uploads\/2025\/07\/file.mp4\" type=\"video\/mp4\" \/><\/video><\/p>\n<\/div>\n<div data-breakout=\"normal\">\n<p id=\"viewer-3vywn3159\" class=\"M8rfQ bTSJG bIc1y -Gy9d\" dir=\"auto\"><span class=\"QxcVi\">Peter zeigt im Video authentische Arbeit mit einem jungen Lusitano, der noch nicht geritten ist. Das Pferd wurde bereits in ruhiger Arbeit daheim am Boden gut vorbereitet. Im Seminar mit den ungewohnten Au\u00dfenreizen in fremder Umgebung reagierte es wie alle jungen Pferd zun\u00e4chst abgelenkt und unruhig. Peter Kreinberg gab dem Wallach in dieser neuen Situation Hilfestellung und Vertrauen &#8211; eine wichtige Lernerfahrung f\u00fcr das Pferd und die Zuschauer.<\/span><\/p>\n<\/div>\n<div data-breakout=\"normal\">\n<h2 id=\"viewer-zmne83165\" class=\"BvkOb UkKbT bIc1y -Gy9d\" dir=\"auto\"><span class=\"Y7ohM\">Zum Schluss Fragen, die du dir stellen solltest<\/span><\/h2>\n<\/div>\n<div data-breakout=\"normal\">\n<h3 id=\"viewer-nh4pq3167\" class=\"M8rfQ bTSJG bIc1y -Gy9d\" dir=\"auto\"><span class=\"QxcVi\">Steht mein Pferd wirklich still \u2013 oder nur, weil ich es festhalte oder nur aus Gewohnheit?<\/span><\/h3>\n<p class=\"M8rfQ bTSJG bIc1y -Gy9d\" dir=\"auto\"><span class=\"QxcVi\">Ziel ist, dass das Pferd freiwillig stehen bleibt, nicht durch Zwang.<\/span><\/p>\n<\/div>\n<div data-breakout=\"normal\">\n<h3 id=\"viewer-1kkw93171\" class=\"M8rfQ bTSJG bIc1y -Gy9d\" dir=\"auto\"><span class=\"QxcVi\">Bin ich k\u00f6rperlich balanciert beim Aufsteigen?<\/span><\/h3>\n<p class=\"M8rfQ bTSJG bIc1y -Gy9d\" dir=\"auto\"><span class=\"QxcVi\">Nimm dir Zeit f\u00fcr deine eigene Beweglichkeit und Koordination. Auch du bist Teil des Systems.<\/span><\/p>\n<\/div>\n<div data-breakout=\"normal\">\n<h3 id=\"viewer-69feu3175\" class=\"M8rfQ bTSJG bIc1y -Gy9d\" dir=\"auto\"><span class=\"QxcVi\">Was macht mein Pferd, wenn ich auf dem Bock stehe?<\/span><\/h3>\n<p class=\"M8rfQ bTSJG bIc1y -Gy9d\" dir=\"auto\"><span class=\"QxcVi\">Beobachte genau \u2013 Spannung, Unruhe oder Antizipation sind Zeichen, dass noch etwas fehlt.<\/span><\/p>\n<\/div>\n<div data-breakout=\"normal\">\n<h3 id=\"viewer-f4nsj3179\" class=\"M8rfQ bTSJG bIc1y -Gy9d\" dir=\"auto\"><span class=\"QxcVi\">Was muss ich tun, damit der n\u00e4chste Schritt der \u201erichtige\u201c wird?<\/span><\/h3>\n<p class=\"M8rfQ bTSJG bIc1y -Gy9d\" dir=\"auto\"><span class=\"QxcVi\">Schaue voraus und platziere deine Hilfen so, dass dein Pferd es einfach hat.<\/span><\/p>\n<p dir=\"auto\">\n<div class=\"related_articles boxed\">\n    <h2>Mehr zum Thema<\/h2>\n    \n    <div class=\"wrapper\"><div class=\"title align-center\"><h3><a href=\"https:\/\/uelzener.de\/magazin\/pferd\/tiergesundheit\/satteldruck-beim-pferd-erkennen-vorbeugen\/\">Satteldruck beim Pferd erkennen und vorbeugen<\/a><\/h3><\/div><div class=\"img align-center\"><img decoding=\"async\" width=\"315\" height=\"180\" src=\"https:\/\/uelzener.de\/magazin\/app\/uploads\/2025\/08\/satteldruck-315x180.jpg\" class=\"attachment-315x180 size-315x180 wp-post-image\" alt=\"Beim Aufsatteln auf den Satteldruck achten.\" \/><\/div><\/div><div class=\"wrapper\"><div class=\"title align-center\"><h3><a href=\"https:\/\/uelzener.de\/magazin\/pferd\/tipps-fuer-den-alltag\/aufsteigen-von-links-aufs-pferd\/\">Warum steigt man von links aufs Pferd?<\/a><\/h3><\/div><div class=\"img align-center\"><img decoding=\"async\" width=\"315\" height=\"180\" src=\"https:\/\/uelzener.de\/magazin\/app\/uploads\/2021\/10\/Pferd_aufsteigen_1024x450-315x180.jpg\" class=\"attachment-315x180 size-315x180 wp-post-image\" alt=\"Reiterin sattelt ein Pferd, sie will einen Reitausflug machen.\" \/><\/div><\/div><div class=\"wrapper\"><div class=\"title align-center\"><h3><a href=\"https:\/\/uelzener.de\/magazin\/pferd\/tipps-fuer-den-alltag\/reitunfall-erste-hilfe\/\">Reitunfall: Erste Hilfe<\/a><\/h3><\/div><div class=\"img align-center\"><img decoding=\"async\" width=\"315\" height=\"180\" src=\"https:\/\/uelzener.de\/magazin\/app\/uploads\/2019\/08\/13c89c35-1d96-4ca8-addd-4709878059d1-315x180.jpg\" class=\"attachment-315x180 size-315x180 wp-post-image\" alt=\"Die zwei Frauen galoppieren sehr schnell, sollte etwas passieren, ist es wichtig das jemand Erste Hilfe leisten kann beim Reitunfall.\" srcset=\"https:\/\/uelzener.de\/magazin\/app\/uploads\/2019\/08\/13c89c35-1d96-4ca8-addd-4709878059d1-315x180.jpg 315w, https:\/\/uelzener.de\/magazin\/app\/uploads\/2019\/08\/13c89c35-1d96-4ca8-addd-4709878059d1-650x369.jpg 650w\" sizes=\"(max-width: 315px) 100vw, 315px\" \/><\/div><\/div><\/div>\n<\/p>\n<h2 class=\"M8rfQ bTSJG bIc1y -Gy9d\" dir=\"auto\">Fazit<\/h2>\n<p class=\"M8rfQ bTSJG bIc1y -Gy9d\" dir=\"auto\">Aufsteigen ist der erste Dialog \u2013 kein technischer Akt. <span style=\"font-size: 16px;\">Ein gut vorbereitetes Aufsteigen zeigt, wie gut die Kommunikation zwischen Mensch und Pferd funktioniert. Wer hier gr\u00fcndlich arbeitet, legt den Grundstein f\u00fcr Vertrauen, Sicherheit und echtes Miteinander im Sattel.<\/span><\/p>\n<p><strong><em>Uelzener-Tipp von Peter Kreinberg: <\/em><\/strong><a href=\"https:\/\/www.thegentletouch.de\/post\/sicheres-aufsteigen\" target=\"_blank\" rel=\"noopener\"><strong><em>Sicheres Aufsteigen \u2013 eine untersch\u00e4tzte Schl\u00fcssel\u00fcbung<\/em><\/strong><\/a><strong><em>. Im Original erschienen auf The Gentle Touch<\/em><\/strong><\/p>\n<\/div>\n<\/div>\n<\/div>\n","protected":false},"excerpt":{"rendered":"<p>\u201eDie erste \u00dcbung in unserem Handbuch TGT\u00ae-Ausbildung REITEN ist \u2013 ganz bewusst \u2013 das sichere, ruhige Aufsteigen vom Aufstiegbock aus. Eine scheinbar banale Handlung, die jedoch weitreichende Bedeutung f\u00fcr Vertrauen, Kommunikation und Sicherheit zwischen Pferd und Reiter hat\u201c, erkl\u00e4rt Peter Kreinberg.\u00a0In der Praxis zeigt sich immer wieder: Fehlende Vorbereitung f\u00fchrt zu Unsicherheit, Widerstand und sogar [&hellip;]<\/p>\n","protected":false},"author":11,"featured_media":18686,"parent":11689,"menu_order":31,"comment_status":"closed","ping_status":"closed","template":"templates\/blog.php","meta":{"_acf_changed":false,"_crdt_document":"","footnotes":"","beyondwords_generate_audio":"","beyondwords_project_id":"","beyondwords_content_id":"","beyondwords_preview_token":"","beyondwords_player_style":"","beyondwords_language_id":"","beyondwords_title_voice_id":"","beyondwords_body_voice_id":"","beyondwords_summary_voice_id":"","beyondwords_error_message":"","beyondwords_disabled":"","beyondwords_delete_content":"","beyondwords_podcast_id":"","beyondwords_hash":"","publish_post_to_speechkit":"","speechkit_hash":"","speechkit_generate_audio":"","speechkit_project_id":"","speechkit_podcast_id":"","speechkit_error_message":"","speechkit_disabled":"","speechkit_access_key":"","speechkit_error":"","speechkit_info":"","speechkit_response":"","speechkit_retries":"","speechkit_status":"","speechkit_updated_at":"","_speechkit_link":"","_speechkit_text":""},"class_list":["post-18683","page","type-page","status-publish","has-post-thumbnail","hentry"],"acf":[],"yoast_head":"<!-- This site is optimized with the Yoast SEO Premium plugin  - https:\/\/yoast.com\/product\/yoast-seo-premium-wordpress\/ -->\n<title>Sicheres Aufsteigen: Eine untersch\u00e4tzte Schl\u00fcssel\u00fcbung | Uelzener Magazin<\/title>\n<meta name=\"description\" content=\"Sicheres Aufsteigen ist der Schl\u00fcssel f\u00fcr eine harmonische Zusammenarbeit mit dem Pferd. Wir verraten dir, wie es funktioniert.\" \/>\n<meta name=\"robots\" content=\"index, follow, max-snippet:-1, max-image-preview:large, max-video-preview:-1\" \/>\n<link rel=\"canonical\" href=\"https:\/\/uelzener.de\/magazin\/pferd\/erziehung-und-training\/sicheres-aufsteigen-eine-unterschaetzte-schluesseluebung\/\" \/>\n<meta property=\"og:locale\" content=\"de_DE\" \/>\n<meta property=\"og:type\" content=\"article\" \/>\n<meta property=\"og:title\" content=\"Sicheres Aufsteigen: Eine untersch\u00e4tzte Schl\u00fcssel\u00fcbung\" \/>\n<meta property=\"og:description\" content=\"Sicheres Aufsteigen ist der Schl\u00fcssel f\u00fcr eine harmonische Zusammenarbeit mit dem Pferd. Wir verraten dir, wie es funktioniert.\" \/>\n<meta property=\"og:url\" content=\"https:\/\/uelzener.de\/magazin\/pferd\/erziehung-und-training\/sicheres-aufsteigen-eine-unterschaetzte-schluesseluebung\/\" \/>\n<meta property=\"og:site_name\" content=\"Uelzener Tier-Magazin\" \/>\n<meta property=\"article:publisher\" content=\"https:\/\/www.facebook.com\/Uelzener\" \/>\n<meta property=\"article:modified_time\" content=\"2025-08-18T11:06:18+00:00\" \/>\n<meta property=\"og:image\" content=\"https:\/\/uelzener.de\/magazin\/app\/uploads\/2025\/07\/aufsteigen-beim-pferd-kreinberg.jpg\" \/>\n\t<meta property=\"og:image:width\" content=\"1025\" \/>\n\t<meta property=\"og:image:height\" content=\"450\" \/>\n\t<meta property=\"og:image:type\" content=\"image\/jpeg\" \/>\n<meta name=\"twitter:card\" content=\"summary_large_image\" \/>\n<meta name=\"twitter:label1\" content=\"Gesch\u00e4tzte Lesezeit\" \/>\n\t<meta name=\"twitter:data1\" content=\"5\u00a0Minuten\" \/>\n<script type=\"application\/ld+json\" class=\"yoast-schema-graph\">{\"@context\":\"https:\/\/schema.org\",\"@graph\":[{\"@type\":\"WebPage\",\"@id\":\"https:\/\/uelzener.de\/magazin\/pferd\/erziehung-und-training\/sicheres-aufsteigen-eine-unterschaetzte-schluesseluebung\/\",\"url\":\"https:\/\/uelzener.de\/magazin\/pferd\/erziehung-und-training\/sicheres-aufsteigen-eine-unterschaetzte-schluesseluebung\/\",\"name\":\"Sicheres Aufsteigen: Eine untersch\u00e4tzte Schl\u00fcssel\u00fcbung | Uelzener Magazin\",\"isPartOf\":{\"@id\":\"https:\/\/uelzener.de\/magazin\/#website\"},\"primaryImageOfPage\":{\"@id\":\"https:\/\/uelzener.de\/magazin\/pferd\/erziehung-und-training\/sicheres-aufsteigen-eine-unterschaetzte-schluesseluebung\/#primaryimage\"},\"image\":{\"@id\":\"https:\/\/uelzener.de\/magazin\/pferd\/erziehung-und-training\/sicheres-aufsteigen-eine-unterschaetzte-schluesseluebung\/#primaryimage\"},\"thumbnailUrl\":\"https:\/\/uelzener.de\/magazin\/app\/uploads\/2025\/07\/aufsteigen-beim-pferd-kreinberg.jpg\",\"datePublished\":\"2025-07-21T09:28:42+00:00\",\"dateModified\":\"2025-08-18T11:06:18+00:00\",\"description\":\"Sicheres Aufsteigen ist der Schl\u00fcssel f\u00fcr eine harmonische Zusammenarbeit mit dem Pferd. Wir verraten dir, wie es funktioniert.\",\"breadcrumb\":{\"@id\":\"https:\/\/uelzener.de\/magazin\/pferd\/erziehung-und-training\/sicheres-aufsteigen-eine-unterschaetzte-schluesseluebung\/#breadcrumb\"},\"inLanguage\":\"de\",\"potentialAction\":[{\"@type\":\"ReadAction\",\"target\":[\"https:\/\/uelzener.de\/magazin\/pferd\/erziehung-und-training\/sicheres-aufsteigen-eine-unterschaetzte-schluesseluebung\/\"]}]},{\"@type\":\"ImageObject\",\"inLanguage\":\"de\",\"@id\":\"https:\/\/uelzener.de\/magazin\/pferd\/erziehung-und-training\/sicheres-aufsteigen-eine-unterschaetzte-schluesseluebung\/#primaryimage\",\"url\":\"https:\/\/uelzener.de\/magazin\/app\/uploads\/2025\/07\/aufsteigen-beim-pferd-kreinberg.jpg\",\"contentUrl\":\"https:\/\/uelzener.de\/magazin\/app\/uploads\/2025\/07\/aufsteigen-beim-pferd-kreinberg.jpg\",\"width\":1025,\"height\":450},{\"@type\":\"WebSite\",\"@id\":\"https:\/\/uelzener.de\/magazin\/#website\",\"url\":\"https:\/\/uelzener.de\/magazin\/\",\"name\":\"Uelzener Tiermagazin\",\"description\":\"Online Tierratgeber der Uelzener Versicherungen\",\"publisher\":{\"@id\":\"https:\/\/uelzener.de\/magazin\/#organization\"},\"potentialAction\":[{\"@type\":\"SearchAction\",\"target\":{\"@type\":\"EntryPoint\",\"urlTemplate\":\"https:\/\/uelzener.de\/magazin\/?s={search_term_string}\"},\"query-input\":{\"@type\":\"PropertyValueSpecification\",\"valueRequired\":true,\"valueName\":\"search_term_string\"}}],\"inLanguage\":\"de\"},{\"@type\":\"Organization\",\"@id\":\"https:\/\/uelzener.de\/magazin\/#organization\",\"name\":\"Uelzener Versicherungen\",\"url\":\"https:\/\/uelzener.de\/magazin\/\",\"logo\":{\"@type\":\"ImageObject\",\"inLanguage\":\"de\",\"@id\":\"https:\/\/uelzener.de\/magazin\/#\/schema\/logo\/image\/\",\"url\":\"https:\/\/uelzener.de\/magazin\/app\/uploads\/2024\/11\/uelzener_allgemeine_versicherungsgesellschaft_a_g_logo.jpg\",\"contentUrl\":\"https:\/\/uelzener.de\/magazin\/app\/uploads\/2024\/11\/uelzener_allgemeine_versicherungsgesellschaft_a_g_logo.jpg\",\"width\":200,\"height\":200,\"caption\":\"Uelzener Versicherungen\"},\"image\":{\"@id\":\"https:\/\/uelzener.de\/magazin\/#\/schema\/logo\/image\/\"},\"sameAs\":[\"https:\/\/www.facebook.com\/Uelzener\",\"https:\/\/instagram.com\/uelzener\",\"https:\/\/www.xing.com\/pages\/uelzenerallgemeineversicherungs-gesellschafta-g\",\"https:\/\/www.youtube.com\/UelzenerVersicherungen\"]}]}<\/script>\n<!-- \/ Yoast SEO Premium plugin. -->","yoast_head_json":{"title":"Sicheres Aufsteigen: Eine untersch\u00e4tzte Schl\u00fcssel\u00fcbung | Uelzener Magazin","description":"Sicheres Aufsteigen ist der Schl\u00fcssel f\u00fcr eine harmonische Zusammenarbeit mit dem Pferd. Wir verraten dir, wie es funktioniert.","robots":{"index":"index","follow":"follow","max-snippet":"max-snippet:-1","max-image-preview":"max-image-preview:large","max-video-preview":"max-video-preview:-1"},"canonical":"https:\/\/uelzener.de\/magazin\/pferd\/erziehung-und-training\/sicheres-aufsteigen-eine-unterschaetzte-schluesseluebung\/","og_locale":"de_DE","og_type":"article","og_title":"Sicheres Aufsteigen: Eine untersch\u00e4tzte Schl\u00fcssel\u00fcbung","og_description":"Sicheres Aufsteigen ist der Schl\u00fcssel f\u00fcr eine harmonische Zusammenarbeit mit dem Pferd. Wir verraten dir, wie es funktioniert.","og_url":"https:\/\/uelzener.de\/magazin\/pferd\/erziehung-und-training\/sicheres-aufsteigen-eine-unterschaetzte-schluesseluebung\/","og_site_name":"Uelzener Tier-Magazin","article_publisher":"https:\/\/www.facebook.com\/Uelzener","article_modified_time":"2025-08-18T11:06:18+00:00","og_image":[{"width":1025,"height":450,"url":"https:\/\/uelzener.de\/magazin\/app\/uploads\/2025\/07\/aufsteigen-beim-pferd-kreinberg.jpg","type":"image\/jpeg"}],"twitter_card":"summary_large_image","twitter_misc":{"Gesch\u00e4tzte Lesezeit":"5\u00a0Minuten"},"schema":{"@context":"https:\/\/schema.org","@graph":[{"@type":"WebPage","@id":"https:\/\/uelzener.de\/magazin\/pferd\/erziehung-und-training\/sicheres-aufsteigen-eine-unterschaetzte-schluesseluebung\/","url":"https:\/\/uelzener.de\/magazin\/pferd\/erziehung-und-training\/sicheres-aufsteigen-eine-unterschaetzte-schluesseluebung\/","name":"Sicheres Aufsteigen: Eine untersch\u00e4tzte Schl\u00fcssel\u00fcbung | Uelzener Magazin","isPartOf":{"@id":"https:\/\/uelzener.de\/magazin\/#website"},"primaryImageOfPage":{"@id":"https:\/\/uelzener.de\/magazin\/pferd\/erziehung-und-training\/sicheres-aufsteigen-eine-unterschaetzte-schluesseluebung\/#primaryimage"},"image":{"@id":"https:\/\/uelzener.de\/magazin\/pferd\/erziehung-und-training\/sicheres-aufsteigen-eine-unterschaetzte-schluesseluebung\/#primaryimage"},"thumbnailUrl":"https:\/\/uelzener.de\/magazin\/app\/uploads\/2025\/07\/aufsteigen-beim-pferd-kreinberg.jpg","datePublished":"2025-07-21T09:28:42+00:00","dateModified":"2025-08-18T11:06:18+00:00","description":"Sicheres Aufsteigen ist der Schl\u00fcssel f\u00fcr eine harmonische Zusammenarbeit mit dem Pferd. Wir verraten dir, wie es funktioniert.","breadcrumb":{"@id":"https:\/\/uelzener.de\/magazin\/pferd\/erziehung-und-training\/sicheres-aufsteigen-eine-unterschaetzte-schluesseluebung\/#breadcrumb"},"inLanguage":"de","potentialAction":[{"@type":"ReadAction","target":["https:\/\/uelzener.de\/magazin\/pferd\/erziehung-und-training\/sicheres-aufsteigen-eine-unterschaetzte-schluesseluebung\/"]}]},{"@type":"ImageObject","inLanguage":"de","@id":"https:\/\/uelzener.de\/magazin\/pferd\/erziehung-und-training\/sicheres-aufsteigen-eine-unterschaetzte-schluesseluebung\/#primaryimage","url":"https:\/\/uelzener.de\/magazin\/app\/uploads\/2025\/07\/aufsteigen-beim-pferd-kreinberg.jpg","contentUrl":"https:\/\/uelzener.de\/magazin\/app\/uploads\/2025\/07\/aufsteigen-beim-pferd-kreinberg.jpg","width":1025,"height":450},{"@type":"WebSite","@id":"https:\/\/uelzener.de\/magazin\/#website","url":"https:\/\/uelzener.de\/magazin\/","name":"Uelzener Tiermagazin","description":"Online Tierratgeber der Uelzener Versicherungen","publisher":{"@id":"https:\/\/uelzener.de\/magazin\/#organization"},"potentialAction":[{"@type":"SearchAction","target":{"@type":"EntryPoint","urlTemplate":"https:\/\/uelzener.de\/magazin\/?s={search_term_string}"},"query-input":{"@type":"PropertyValueSpecification","valueRequired":true,"valueName":"search_term_string"}}],"inLanguage":"de"},{"@type":"Organization","@id":"https:\/\/uelzener.de\/magazin\/#organization","name":"Uelzener Versicherungen","url":"https:\/\/uelzener.de\/magazin\/","logo":{"@type":"ImageObject","inLanguage":"de","@id":"https:\/\/uelzener.de\/magazin\/#\/schema\/logo\/image\/","url":"https:\/\/uelzener.de\/magazin\/app\/uploads\/2024\/11\/uelzener_allgemeine_versicherungsgesellschaft_a_g_logo.jpg","contentUrl":"https:\/\/uelzener.de\/magazin\/app\/uploads\/2024\/11\/uelzener_allgemeine_versicherungsgesellschaft_a_g_logo.jpg","width":200,"height":200,"caption":"Uelzener Versicherungen"},"image":{"@id":"https:\/\/uelzener.de\/magazin\/#\/schema\/logo\/image\/"},"sameAs":["https:\/\/www.facebook.com\/Uelzener","https:\/\/instagram.com\/uelzener","https:\/\/www.xing.com\/pages\/uelzenerallgemeineversicherungs-gesellschafta-g","https:\/\/www.youtube.com\/UelzenerVersicherungen"]}]}},"_links":{"self":[{"href":"https:\/\/uelzener.de\/magazin\/wp-json\/wp\/v2\/pages\/18683","targetHints":{"allow":["GET"]}}],"collection":[{"href":"https:\/\/uelzener.de\/magazin\/wp-json\/wp\/v2\/pages"}],"about":[{"href":"https:\/\/uelzener.de\/magazin\/wp-json\/wp\/v2\/types\/page"}],"author":[{"embeddable":true,"href":"https:\/\/uelzener.de\/magazin\/wp-json\/wp\/v2\/users\/11"}],"replies":[{"embeddable":true,"href":"https:\/\/uelzener.de\/magazin\/wp-json\/wp\/v2\/comments?post=18683"}],"version-history":[{"count":7,"href":"https:\/\/uelzener.de\/magazin\/wp-json\/wp\/v2\/pages\/18683\/revisions"}],"predecessor-version":[{"id":18878,"href":"https:\/\/uelzener.de\/magazin\/wp-json\/wp\/v2\/pages\/18683\/revisions\/18878"}],"up":[{"embeddable":true,"href":"https:\/\/uelzener.de\/magazin\/wp-json\/wp\/v2\/pages\/11689"}],"wp:featuredmedia":[{"embeddable":true,"href":"https:\/\/uelzener.de\/magazin\/wp-json\/wp\/v2\/media\/18686"}],"wp:attachment":[{"href":"https:\/\/uelzener.de\/magazin\/wp-json\/wp\/v2\/media?parent=18683"}],"curies":[{"name":"wp","href":"https:\/\/api.w.org\/{rel}","templated":true}]}}