{"id":18680,"date":"2025-07-21T10:53:22","date_gmt":"2025-07-21T08:53:22","guid":{"rendered":"https:\/\/uelzener.de\/magazin\/?page_id=18680"},"modified":"2025-09-02T13:09:38","modified_gmt":"2025-09-02T11:09:38","slug":"jaehrliche-spende-an-vita-assistenzhunde-verein","status":"publish","type":"page","link":"https:\/\/uelzener.de\/magazin\/wir\/jaehrliche-spende-an-vita-assistenzhunde-verein\/","title":{"rendered":"J\u00e4hrliche Spende an VITA Assistenzhunde-Verein"},"content":{"rendered":"<p data-prosemirror-content-type=\"node\" data-prosemirror-node-name=\"paragraph\" data-prosemirror-node-block=\"true\" data-pm-slice=\"1 1 []\">Als Spezialist im Bereich Tierversicherungen liegt uns nicht nur die Gesundheit von Hunden am Herzen, sondern auch die besondere Verbindung zwischen Mensch und Tier.<\/p>\n<p data-prosemirror-content-type=\"node\" data-prosemirror-node-name=\"paragraph\" data-prosemirror-node-block=\"true\" data-pm-slice=\"1 1 []\">Aus diesem Grund engagieren wir uns seit 2014 f\u00fcr den <a href=\"https:\/\/www.vita-assistenzhunde.de\/\" target=\"_blank\" rel=\"noopener\">VITA Assistenzhunde-Verein<\/a> und unterst\u00fctzen diese Arbeit j\u00e4hrlich mit einer Spende von 10.000 Euro.<\/p>\n<p data-prosemirror-content-type=\"node\" data-prosemirror-node-name=\"paragraph\" data-prosemirror-node-block=\"true\">Denn VITA verfolgt ein gro\u00dfartiges Ziel: Menschen mit k\u00f6rperlichen Einschr\u00e4nkungen mehr Selbstst\u00e4ndigkeit und Lebensqualit\u00e4t zu erm\u00f6glichen. Daf\u00fcr bildet der Verein Golden- und Labrador-Retriever zu zuverl\u00e4ssigen Assistenzhunden aus. Diese speziell geschulten Vierbeiner unterst\u00fctzen Kinder, Jugendliche und Erwachsene nicht nur im Alltag, sondern wirken auch als soziale Br\u00fcckenbauer. Sie bauen Ber\u00fchrungs\u00e4ngste ab, \u00fcberwinden soziale Herausforderungen und verbinden somit Mensch mit Mensch, aber auch Mensch mit Tier auf ganz besondere Weise. Insbesondere die Ausbildung von Assistenzhunden f\u00fcr Kinder macht die VITA europaweit zu einem Vorreiter in diesem Bereich.<\/p>\n<p data-prosemirror-content-type=\"node\" data-prosemirror-node-name=\"paragraph\" data-prosemirror-node-block=\"true\">\n<div class=\"related_articles boxed\">\n    <h2>Mehr zum Thema<\/h2>\n    \n    <div class=\"wrapper\"><div class=\"title align-center\"><h3><a href=\"https:\/\/uelzener.de\/magazin\/wir\/uelzener-versicherungen-unterstuetzen-rehahunde-deutschland-e-v\/\">Gemeinsam f\u00fcr mehr Lebensfreude \u2013 Wir unterst\u00fctzen Rehahunde Deutschland e.V.<\/a><\/h3><\/div><div class=\"img align-center\"><img decoding=\"async\" width=\"315\" height=\"138\" src=\"https:\/\/uelzener.de\/magazin\/app\/uploads\/2025\/08\/rehahunde-ev.jpg\" class=\"attachment-315x180 size-315x180 wp-post-image\" alt=\"Hunde des Rehahunde e.V. am Hamburger Hafen.\" \/><\/div><\/div><div class=\"wrapper\"><div class=\"title align-center\"><h3><a href=\"https:\/\/uelzener.de\/magazin\/hund\/haeufige-fragen\/schulhund-ebony\/\">Vier Pfoten im Klassenzimmer: Schulhund Ebony<\/a><\/h3><\/div><div class=\"img align-center\"><img decoding=\"async\" width=\"315\" height=\"180\" src=\"https:\/\/uelzener.de\/magazin\/app\/uploads\/2023\/11\/schulhund-315x180.jpg\" class=\"attachment-315x180 size-315x180 wp-post-image\" alt=\"M\u00e4dchen liest. Neben ihr ein Schulhund.\" \/><\/div><\/div><div class=\"wrapper\"><div class=\"title align-center\"><h3><a href=\"https:\/\/uelzener.de\/magazin\/hund\/haeufige-fragen\/assistenzhund\/\">Assistenzhunde: Definition, Ausbildung und Einsatzbereiche<\/a><\/h3><\/div><div class=\"img align-center\"><img decoding=\"async\" width=\"315\" height=\"180\" src=\"https:\/\/uelzener.de\/magazin\/app\/uploads\/2022\/12\/assistenzhund-315x180.jpg\" class=\"attachment-315x180 size-315x180 wp-post-image\" alt=\"Beiger Assistenzhund mit zwei Jugendlichen in Rollst\u00fchlen.\" \/><\/div><\/div><\/div>\n<\/p>\n<p data-prosemirror-content-type=\"node\" data-prosemirror-node-name=\"paragraph\" data-prosemirror-node-block=\"true\">Mit unserer kontinuierlichen Unterst\u00fctzung m\u00f6chten wir, die Uelzener Versicherungen, auch weiterhin dazu beitragen, die medizinische Versorgung und intensive Betreuung der Assistenzhunde-Teams langfristig zu sichern. Es ist uns eine Herzensangelegenheit und wir sind stolz, diese wertvolle Arbeit auch in Zukunft zu begleiten und zu f\u00f6rdern.<\/p>\n","protected":false},"excerpt":{"rendered":"<p>Als Spezialist im Bereich Tierversicherungen liegt uns nicht nur die Gesundheit von Hunden am Herzen, sondern auch die besondere Verbindung zwischen Mensch und Tier. Aus diesem Grund engagieren wir uns seit 2014 f\u00fcr den VITA Assistenzhunde-Verein und unterst\u00fctzen diese Arbeit j\u00e4hrlich mit einer Spende von 10.000 Euro. Denn VITA verfolgt ein gro\u00dfartiges Ziel: Menschen mit [&hellip;]<\/p>\n","protected":false},"author":11,"featured_media":18681,"parent":2469,"menu_order":19,"comment_status":"closed","ping_status":"closed","template":"templates\/blog.php","meta":{"_acf_changed":false,"_crdt_document":"","footnotes":"","beyondwords_generate_audio":"","beyondwords_project_id":"","beyondwords_content_id":"","beyondwords_preview_token":"","beyondwords_player_style":"","beyondwords_language_id":"","beyondwords_title_voice_id":"","beyondwords_body_voice_id":"","beyondwords_summary_voice_id":"","beyondwords_error_message":"","beyondwords_disabled":"","beyondwords_delete_content":"","beyondwords_podcast_id":"","beyondwords_hash":"","publish_post_to_speechkit":"","speechkit_hash":"","speechkit_generate_audio":"","speechkit_project_id":"","speechkit_podcast_id":"","speechkit_error_message":"","speechkit_disabled":"","speechkit_access_key":"","speechkit_error":"","speechkit_info":"","speechkit_response":"","speechkit_retries":"","speechkit_status":"","speechkit_updated_at":"","_speechkit_link":"","_speechkit_text":""},"class_list":["post-18680","page","type-page","status-publish","has-post-thumbnail","hentry"],"acf":[],"yoast_head":"<!-- This site is optimized with the Yoast SEO Premium plugin  - https:\/\/yoast.com\/product\/yoast-seo-premium-wordpress\/ -->\n<title>J\u00e4hrliche Spende an VITA Assistenzhunde-Verein | Uelzener Magazin<\/title>\n<meta name=\"description\" content=\"Die Uelzener Versicherungen unterst\u00fctzen VITAs Arbeit j\u00e4hrlich mit einer Spende von 10.000 Euro.\" \/>\n<meta name=\"robots\" content=\"index, follow, max-snippet:-1, max-image-preview:large, max-video-preview:-1\" \/>\n<link rel=\"canonical\" href=\"https:\/\/uelzener.de\/magazin\/wir\/jaehrliche-spende-an-vita-assistenzhunde-verein\/\" \/>\n<meta property=\"og:locale\" content=\"de_DE\" \/>\n<meta property=\"og:type\" content=\"article\" \/>\n<meta property=\"og:title\" content=\"J\u00e4hrliche Spende an VITA Assistenzhunde-Verein\" \/>\n<meta property=\"og:description\" content=\"Die Uelzener Versicherungen unterst\u00fctzen VITAs Arbeit j\u00e4hrlich mit einer Spende von 10.000 Euro.\" \/>\n<meta property=\"og:url\" content=\"https:\/\/uelzener.de\/magazin\/wir\/jaehrliche-spende-an-vita-assistenzhunde-verein\/\" \/>\n<meta property=\"og:site_name\" content=\"Uelzener Tier-Magazin\" \/>\n<meta property=\"article:publisher\" content=\"https:\/\/www.facebook.com\/Uelzener\" \/>\n<meta property=\"article:modified_time\" content=\"2025-09-02T11:09:38+00:00\" \/>\n<meta property=\"og:image\" content=\"https:\/\/uelzener.de\/magazin\/app\/uploads\/2025\/07\/assistenzhund.jpg\" \/>\n\t<meta property=\"og:image:width\" content=\"1025\" \/>\n\t<meta property=\"og:image:height\" content=\"450\" \/>\n\t<meta property=\"og:image:type\" content=\"image\/jpeg\" \/>\n<meta name=\"twitter:card\" content=\"summary_large_image\" \/>\n<meta name=\"twitter:label1\" content=\"Gesch\u00e4tzte Lesezeit\" \/>\n\t<meta name=\"twitter:data1\" content=\"2\u00a0Minuten\" \/>\n<script type=\"application\/ld+json\" class=\"yoast-schema-graph\">{\"@context\":\"https:\/\/schema.org\",\"@graph\":[{\"@type\":\"WebPage\",\"@id\":\"https:\/\/uelzener.de\/magazin\/wir\/jaehrliche-spende-an-vita-assistenzhunde-verein\/\",\"url\":\"https:\/\/uelzener.de\/magazin\/wir\/jaehrliche-spende-an-vita-assistenzhunde-verein\/\",\"name\":\"J\u00e4hrliche Spende an VITA Assistenzhunde-Verein | Uelzener Magazin\",\"isPartOf\":{\"@id\":\"https:\/\/uelzener.de\/magazin\/#website\"},\"primaryImageOfPage\":{\"@id\":\"https:\/\/uelzener.de\/magazin\/wir\/jaehrliche-spende-an-vita-assistenzhunde-verein\/#primaryimage\"},\"image\":{\"@id\":\"https:\/\/uelzener.de\/magazin\/wir\/jaehrliche-spende-an-vita-assistenzhunde-verein\/#primaryimage\"},\"thumbnailUrl\":\"https:\/\/uelzener.de\/magazin\/app\/uploads\/2025\/07\/assistenzhund.jpg\",\"datePublished\":\"2025-07-21T08:53:22+00:00\",\"dateModified\":\"2025-09-02T11:09:38+00:00\",\"description\":\"Die Uelzener Versicherungen unterst\u00fctzen VITAs Arbeit j\u00e4hrlich mit einer Spende von 10.000 Euro.\",\"breadcrumb\":{\"@id\":\"https:\/\/uelzener.de\/magazin\/wir\/jaehrliche-spende-an-vita-assistenzhunde-verein\/#breadcrumb\"},\"inLanguage\":\"de\",\"potentialAction\":[{\"@type\":\"ReadAction\",\"target\":[\"https:\/\/uelzener.de\/magazin\/wir\/jaehrliche-spende-an-vita-assistenzhunde-verein\/\"]}]},{\"@type\":\"ImageObject\",\"inLanguage\":\"de\",\"@id\":\"https:\/\/uelzener.de\/magazin\/wir\/jaehrliche-spende-an-vita-assistenzhunde-verein\/#primaryimage\",\"url\":\"https:\/\/uelzener.de\/magazin\/app\/uploads\/2025\/07\/assistenzhund.jpg\",\"contentUrl\":\"https:\/\/uelzener.de\/magazin\/app\/uploads\/2025\/07\/assistenzhund.jpg\",\"width\":1025,\"height\":450,\"caption\":\"Assistenzhund an der Leine\"},{\"@type\":\"WebSite\",\"@id\":\"https:\/\/uelzener.de\/magazin\/#website\",\"url\":\"https:\/\/uelzener.de\/magazin\/\",\"name\":\"Uelzener Tiermagazin\",\"description\":\"Online Tierratgeber der Uelzener Versicherungen\",\"publisher\":{\"@id\":\"https:\/\/uelzener.de\/magazin\/#organization\"},\"potentialAction\":[{\"@type\":\"SearchAction\",\"target\":{\"@type\":\"EntryPoint\",\"urlTemplate\":\"https:\/\/uelzener.de\/magazin\/?s={search_term_string}\"},\"query-input\":{\"@type\":\"PropertyValueSpecification\",\"valueRequired\":true,\"valueName\":\"search_term_string\"}}],\"inLanguage\":\"de\"},{\"@type\":\"Organization\",\"@id\":\"https:\/\/uelzener.de\/magazin\/#organization\",\"name\":\"Uelzener Versicherungen\",\"url\":\"https:\/\/uelzener.de\/magazin\/\",\"logo\":{\"@type\":\"ImageObject\",\"inLanguage\":\"de\",\"@id\":\"https:\/\/uelzener.de\/magazin\/#\/schema\/logo\/image\/\",\"url\":\"https:\/\/uelzener.de\/magazin\/app\/uploads\/2024\/11\/uelzener_allgemeine_versicherungsgesellschaft_a_g_logo.jpg\",\"contentUrl\":\"https:\/\/uelzener.de\/magazin\/app\/uploads\/2024\/11\/uelzener_allgemeine_versicherungsgesellschaft_a_g_logo.jpg\",\"width\":200,\"height\":200,\"caption\":\"Uelzener Versicherungen\"},\"image\":{\"@id\":\"https:\/\/uelzener.de\/magazin\/#\/schema\/logo\/image\/\"},\"sameAs\":[\"https:\/\/www.facebook.com\/Uelzener\",\"https:\/\/instagram.com\/uelzener\",\"https:\/\/www.xing.com\/pages\/uelzenerallgemeineversicherungs-gesellschafta-g\",\"https:\/\/www.youtube.com\/UelzenerVersicherungen\"]}]}<\/script>\n<!-- \/ Yoast SEO Premium plugin. -->","yoast_head_json":{"title":"J\u00e4hrliche Spende an VITA Assistenzhunde-Verein | Uelzener Magazin","description":"Die Uelzener Versicherungen unterst\u00fctzen VITAs Arbeit j\u00e4hrlich mit einer Spende von 10.000 Euro.","robots":{"index":"index","follow":"follow","max-snippet":"max-snippet:-1","max-image-preview":"max-image-preview:large","max-video-preview":"max-video-preview:-1"},"canonical":"https:\/\/uelzener.de\/magazin\/wir\/jaehrliche-spende-an-vita-assistenzhunde-verein\/","og_locale":"de_DE","og_type":"article","og_title":"J\u00e4hrliche Spende an VITA Assistenzhunde-Verein","og_description":"Die Uelzener Versicherungen unterst\u00fctzen VITAs Arbeit j\u00e4hrlich mit einer Spende von 10.000 Euro.","og_url":"https:\/\/uelzener.de\/magazin\/wir\/jaehrliche-spende-an-vita-assistenzhunde-verein\/","og_site_name":"Uelzener Tier-Magazin","article_publisher":"https:\/\/www.facebook.com\/Uelzener","article_modified_time":"2025-09-02T11:09:38+00:00","og_image":[{"width":1025,"height":450,"url":"https:\/\/uelzener.de\/magazin\/app\/uploads\/2025\/07\/assistenzhund.jpg","type":"image\/jpeg"}],"twitter_card":"summary_large_image","twitter_misc":{"Gesch\u00e4tzte Lesezeit":"2\u00a0Minuten"},"schema":{"@context":"https:\/\/schema.org","@graph":[{"@type":"WebPage","@id":"https:\/\/uelzener.de\/magazin\/wir\/jaehrliche-spende-an-vita-assistenzhunde-verein\/","url":"https:\/\/uelzener.de\/magazin\/wir\/jaehrliche-spende-an-vita-assistenzhunde-verein\/","name":"J\u00e4hrliche Spende an VITA Assistenzhunde-Verein | Uelzener Magazin","isPartOf":{"@id":"https:\/\/uelzener.de\/magazin\/#website"},"primaryImageOfPage":{"@id":"https:\/\/uelzener.de\/magazin\/wir\/jaehrliche-spende-an-vita-assistenzhunde-verein\/#primaryimage"},"image":{"@id":"https:\/\/uelzener.de\/magazin\/wir\/jaehrliche-spende-an-vita-assistenzhunde-verein\/#primaryimage"},"thumbnailUrl":"https:\/\/uelzener.de\/magazin\/app\/uploads\/2025\/07\/assistenzhund.jpg","datePublished":"2025-07-21T08:53:22+00:00","dateModified":"2025-09-02T11:09:38+00:00","description":"Die Uelzener Versicherungen unterst\u00fctzen VITAs Arbeit j\u00e4hrlich mit einer Spende von 10.000 Euro.","breadcrumb":{"@id":"https:\/\/uelzener.de\/magazin\/wir\/jaehrliche-spende-an-vita-assistenzhunde-verein\/#breadcrumb"},"inLanguage":"de","potentialAction":[{"@type":"ReadAction","target":["https:\/\/uelzener.de\/magazin\/wir\/jaehrliche-spende-an-vita-assistenzhunde-verein\/"]}]},{"@type":"ImageObject","inLanguage":"de","@id":"https:\/\/uelzener.de\/magazin\/wir\/jaehrliche-spende-an-vita-assistenzhunde-verein\/#primaryimage","url":"https:\/\/uelzener.de\/magazin\/app\/uploads\/2025\/07\/assistenzhund.jpg","contentUrl":"https:\/\/uelzener.de\/magazin\/app\/uploads\/2025\/07\/assistenzhund.jpg","width":1025,"height":450,"caption":"Assistenzhund an der Leine"},{"@type":"WebSite","@id":"https:\/\/uelzener.de\/magazin\/#website","url":"https:\/\/uelzener.de\/magazin\/","name":"Uelzener Tiermagazin","description":"Online Tierratgeber der Uelzener Versicherungen","publisher":{"@id":"https:\/\/uelzener.de\/magazin\/#organization"},"potentialAction":[{"@type":"SearchAction","target":{"@type":"EntryPoint","urlTemplate":"https:\/\/uelzener.de\/magazin\/?s={search_term_string}"},"query-input":{"@type":"PropertyValueSpecification","valueRequired":true,"valueName":"search_term_string"}}],"inLanguage":"de"},{"@type":"Organization","@id":"https:\/\/uelzener.de\/magazin\/#organization","name":"Uelzener Versicherungen","url":"https:\/\/uelzener.de\/magazin\/","logo":{"@type":"ImageObject","inLanguage":"de","@id":"https:\/\/uelzener.de\/magazin\/#\/schema\/logo\/image\/","url":"https:\/\/uelzener.de\/magazin\/app\/uploads\/2024\/11\/uelzener_allgemeine_versicherungsgesellschaft_a_g_logo.jpg","contentUrl":"https:\/\/uelzener.de\/magazin\/app\/uploads\/2024\/11\/uelzener_allgemeine_versicherungsgesellschaft_a_g_logo.jpg","width":200,"height":200,"caption":"Uelzener Versicherungen"},"image":{"@id":"https:\/\/uelzener.de\/magazin\/#\/schema\/logo\/image\/"},"sameAs":["https:\/\/www.facebook.com\/Uelzener","https:\/\/instagram.com\/uelzener","https:\/\/www.xing.com\/pages\/uelzenerallgemeineversicherungs-gesellschafta-g","https:\/\/www.youtube.com\/UelzenerVersicherungen"]}]}},"_links":{"self":[{"href":"https:\/\/uelzener.de\/magazin\/wp-json\/wp\/v2\/pages\/18680","targetHints":{"allow":["GET"]}}],"collection":[{"href":"https:\/\/uelzener.de\/magazin\/wp-json\/wp\/v2\/pages"}],"about":[{"href":"https:\/\/uelzener.de\/magazin\/wp-json\/wp\/v2\/types\/page"}],"author":[{"embeddable":true,"href":"https:\/\/uelzener.de\/magazin\/wp-json\/wp\/v2\/users\/11"}],"replies":[{"embeddable":true,"href":"https:\/\/uelzener.de\/magazin\/wp-json\/wp\/v2\/comments?post=18680"}],"version-history":[{"count":2,"href":"https:\/\/uelzener.de\/magazin\/wp-json\/wp\/v2\/pages\/18680\/revisions"}],"predecessor-version":[{"id":19102,"href":"https:\/\/uelzener.de\/magazin\/wp-json\/wp\/v2\/pages\/18680\/revisions\/19102"}],"up":[{"embeddable":true,"href":"https:\/\/uelzener.de\/magazin\/wp-json\/wp\/v2\/pages\/2469"}],"wp:featuredmedia":[{"embeddable":true,"href":"https:\/\/uelzener.de\/magazin\/wp-json\/wp\/v2\/media\/18681"}],"wp:attachment":[{"href":"https:\/\/uelzener.de\/magazin\/wp-json\/wp\/v2\/media?parent=18680"}],"curies":[{"name":"wp","href":"https:\/\/api.w.org\/{rel}","templated":true}]}}