{"id":18627,"date":"2025-07-07T11:18:02","date_gmt":"2025-07-07T09:18:02","guid":{"rendered":"https:\/\/uelzener.de\/magazin\/?page_id=18627"},"modified":"2025-09-29T14:06:58","modified_gmt":"2025-09-29T12:06:58","slug":"munchkin-katze","status":"publish","type":"page","link":"https:\/\/uelzener.de\/magazin\/katze\/rasseportrait\/munchkin-katze\/","title":{"rendered":"Munchkin-Katze: Faszinierender Anblick, ernstes Problem"},"content":{"rendered":"<p><span style=\"font-weight: 400;\">Munchkin-Katzen wirken wie die Dackel der Katzenwelt. Sie haben einen normalgro\u00dfen K\u00f6rper, jedoch auff\u00e4llig kurze Beine. Manche m\u00f6gen den Anblick niedlich oder faszinierend finden, jedoch verbirgt sich hinter dieser Rasse eine umstrittene Form der Zucht, die viele gesundheitliche Einschr\u00e4nkungen mit sich bringen kann. Viele Tiersch\u00fctzer und Tiersch\u00fctzerinnen betrachten Munchkins daher als Qualzucht.<\/span><\/p>\n<p><span style=\"font-weight: 400;\">In diesem Artikel verraten wir dir alles Wissenswerte zu der Rasse und kl\u00e4ren dich \u00fcber die Hintergr\u00fcnde und Problematiken der Munchkin-Zucht auf.<\/span><\/p>\n<h2>Wie sieht eine Munchkin-Katze aus?<\/h2>\n<p><span style=\"font-weight: 400;\">Charakteristisch f\u00fcr Munchkin-Katzen sind ihre kurzen Beine und ihr kr\u00e4ftiger Rumpf mit einer Schulterh\u00f6he von durchschnittlich 20 Zentimetern. Sie haben kurzes oder langes Fell und kommen in nahezu allen Farben und Zeichnungen vor, mit Ausnahme der Farben Lilac, Schokolade und Siampoint. Auch die Augen der Munchkin-Katzen k\u00f6nnen alle m\u00f6glichen Farben haben. W\u00e4hrend weibliche Katzen etwa 2,5 bis 3,5 Kilogramm auf die Waage bringen, erreichen Kater ein K\u00f6rpergewicht von 3 bis 4 Kilogramm.<\/span><\/p>\n<h2>Warum haben Munchkin-Katzen kurze Beine?<\/h2>\n<p><span style=\"font-weight: 400;\">Die Kurzbeinigkeit der Munchkin-Katzen ist auf eine genetische Mutation namens <\/span><i><span style=\"font-weight: 400;\">Chondrodysplasie<\/span><\/i><span style=\"font-weight: 400;\"> zur\u00fcckzuf\u00fchren, die durch gezielte Z\u00fcchtung weitergegeben wird. Es k\u00f6nnen dabei nicht zwei Munchkin-Katzen miteinander verpaart werden, da die Kitten aufgrund der schweren genetischen Defekte im Mutterleib sterben w\u00fcrden. Bei der Verpaarung von Munchkins mit Katzen, die normal entwickelte Beine haben, liegt die Wahrscheinlichkeit bei 50:50, dass die Kitten mit kurzen oder normalen Beinen zur Welt kommen.<\/span><\/p>\n<h2>Welche typischen Einschr\u00e4nkungen haben Munchkin-Katzen?<\/h2>\n<p><span style=\"font-weight: 400;\">Die kurzen Beine der Munchkins haben weitreichende Auswirkungen auf die Beweglichkeit und langfristige Gesundheit der Tiere. Es ist ihnen nicht m\u00f6glich, im selben Ma\u00dfe wie andere Katzenrassen zu jagen, zu klettern und zu springen. Aufgrund ihrer eingeschr\u00e4nkten Beweglichkeit haben sie vor allem im Freien ein erh\u00f6htes Risiko f\u00fcr Verletzungen und neigen zu <\/span><a href=\"https:\/\/uelzener.de\/magazin\/katze\/tiergesundheit\/gewichtsprobleme-bei-katzen-zu-dick-oder-duenn\/\"><span style=\"font-weight: 400;\">\u00dcbergewicht<\/span><\/a><span style=\"font-weight: 400;\">. Auch die Fellpflege kann ihnen aufgrund ihres K\u00f6rperbaus schwerer fallen.<\/span><\/p>\n<p><span style=\"font-weight: 400;\">Zu den h\u00e4ufigsten Erkrankungen unter Munchkin-Katzen z\u00e4hlen:<\/span><\/p>\n<ul>\n<li style=\"font-weight: 400;\" aria-level=\"1\"><span style=\"font-weight: 400;\">Deformierung der Wirbel und Wirbels\u00e4ule<\/span><\/li>\n<li style=\"font-weight: 400;\" aria-level=\"1\"><span style=\"font-weight: 400;\">Fehlbildungen der Gelenke<\/span><\/li>\n<li style=\"font-weight: 400;\" aria-level=\"1\"><span style=\"font-weight: 400;\">Arthrose<\/span><\/li>\n<li style=\"font-weight: 400;\" aria-level=\"1\"><span style=\"font-weight: 400;\">Schilddr\u00fcsenunterfunktion<\/span><\/li>\n<li style=\"font-weight: 400;\" aria-level=\"1\"><span style=\"font-weight: 400;\">Bandscheibenvorf\u00e4lle<\/span><\/li>\n<li style=\"font-weight: 400;\" aria-level=\"1\"><span style=\"font-weight: 400;\">Fehlbildung des Brustbeins und der Knorpelverbindungen (Pectus Excavatum)<\/span><\/li>\n<li style=\"font-weight: 400;\" aria-level=\"1\"><span style=\"font-weight: 400;\">Hydrocephalus<\/span><span style=\"font-weight: 400;\"> (Wasserkopf)<\/span><\/li>\n<\/ul>\n<p><span style=\"font-weight: 400;\">Viele dieser Krankheiten f\u00fchren zu weiteren Bewegungseinschr\u00e4nkungen und Schmerzen. Wer \u00fcber die Anschaffung einer Munchkin-Katze nachdenkt, sollte sich der gesundheitlichen Risiken bewusst sein.\u00a0<\/span><\/p>\n<h2>Woher kommt die Rasse Munchkin?<\/h2>\n<p><span style=\"font-weight: 400;\">Das Vorkommen kurzbeiniger Katzen wurde zuerst in den 1930-Jahren in England und in den 1950er-Jahren in Russland dokumentiert. Damals z\u00fcchtete man mit diesen Tieren jedoch nicht weiter. Die Mutation, die zur Kurzbeinigkeit der Munchkin-Katzen f\u00fchrt, wurde 1983 in den USA entdeckt. Seitdem findet die Zucht dieser Rasse statt. Der Name \u201cMunchkin\u201d stammt von der Bezeichnung kleinw\u00fcchsiger Menschen im Roman \u201cDer Zauberer von Oz\u201d.<\/span><\/p>\n<h2>Die Charaktereigenschaften der Munchkins<\/h2>\n<p><span style=\"font-weight: 400;\">Trotz ihrer kurzen Beine und oft eingeschr\u00e4nkten Beweglichkeit, sind die Munchkin-Katzen insbesondere f\u00fcr ihre Verspieltheit und Neugier bekannt. Sie sind im Regelfall gesellig und freuen sich \u00fcber ausgiebige Kuschel- und Spieleinheiten mit ihren Menschen oder Artgenossen. Sind Halter und Halterinnen regelm\u00e4\u00dfig l\u00e4nger au\u00dfer Haus, k\u00f6nnte die Anschaffung einer Zweitkatze von Vorteil sein. Nat\u00fcrlich k\u00f6nnen die Vorlieben und Eigenschaften von Tier zu Tier individuell ausgepr\u00e4gt sein.<\/span><\/p>\n<h2>Haltung und Pflege einer Munchkin-Katze<\/h2>\n<p><span style=\"font-weight: 400;\">An und f\u00fcr sich sind Munchkins pflegeleicht. Aufgrund ihrer k\u00f6rperlichen Einschr\u00e4nkungen gilt es dennoch, einige wichtige Aspekte zu beachten.<\/span><\/p>\n<ul>\n<li aria-level=\"1\"><b>Freigang: <\/b><span style=\"font-weight: 400;\">Da sie im Freien einem h\u00f6heren Verletzungsrisiko ausgesetzt sind als drinnen, eignen sich Munchkin-Katzen eher f\u00fcr die Wohnungshaltung mit gesichertem Balkon oder f\u00fcr den kontrollierten Freigang in einem gut abgesicherten Garten.\u00a0<\/span><\/li>\n<\/ul>\n<ul>\n<li aria-level=\"1\"><b>Zug\u00e4nglichkeit: <\/b><span style=\"font-weight: 400;\">Das Springen und Klettern f\u00e4llt Munchkins schwer, weshalb auf eine gute Zug\u00e4nglichkeit von Kratzb\u00e4umen und weiteren relevanten Orten geachtet werden muss, beispielsweise durch die Installation von Rampen.<\/span><\/li>\n<li aria-level=\"1\"><b>Fellpflege: <\/b><span style=\"font-weight: 400;\">Da manche Munchkins Probleme mit der Fellpflege haben, sind sie in diesem Bereich h\u00e4ufig auf die Hilfe ihrer Menschen angewiesen. Insbesondere bei langhaarigen Vertretern ist das regelm\u00e4\u00dfige (bestenfalls t\u00e4gliche) B\u00fcrsten wichtig.<\/span><\/li>\n<\/ul>\n<p><span style=\"font-weight: 400;\">Abseits dieser speziellen Bed\u00fcrfnisse unterscheidet sich die Pflege einer Munchkin-Katze nicht ma\u00dfgeblich von der anderer Katzen. Eine artgerechte Haltung, eine ausreichende k\u00f6rperliche und mentale Auslastung, eine angemessene Ern\u00e4hrung und regelm\u00e4\u00dfige Kontrollen beim Tierarzt sollten selbstverst\u00e4ndlich sein. Um sich im Fall von Erkrankungen keine Gedanken um hohe Ausgaben machen zu m\u00fcssen, lohnt sich der Abschluss einer <\/span><span style=\"font-weight: 400;\">Katzenkrankenversicherung<\/span><span style=\"font-weight: 400;\">.<\/span><\/p>\n\n<div class=\"banner\">\n    <a href=\"https:\/\/uelzener.de\/katze\/katzen-krankenversicherung\/?agt=0000104925&sem=true&utm_medium=magazin&utm_source=wordpress&utm_campaign=katze_kv&utm_content=banner\">\n        <img decoding=\"async\" width=\"300\" height=\"212\" src=\"https:\/\/uelzener.de\/magazin\/app\/uploads\/2025\/01\/Katzen-Kranken-Versicherung.jpg\" class=\"attachment-medium size-medium\" alt=\"Banner Katzen-Kranken-Versicherung\" \/>    <\/a>\n<\/div>\n\n<h2>Munchkin-Katzen werden nicht \u00fcberall als Rasse anerkannt<\/h2>\n<p><span style=\"font-weight: 400;\">Die Anerkennung der Munchkins als eigenst\u00e4ndige Rasse ist seit langem umstritten. Zu den Verb\u00e4nden, die die Rasse offiziell registrieren, geh\u00f6ren unter anderem TICA (<\/span><i><span style=\"font-weight: 400;\">The International Cat Association<\/span><\/i><span style=\"font-weight: 400;\">), WCF (<\/span><i><span style=\"font-weight: 400;\">World Cat Federation<\/span><\/i><span style=\"font-weight: 400;\">) und ACF (<\/span><i><span style=\"font-weight: 400;\">Australian Cat Federation<\/span><\/i><span style=\"font-weight: 400;\">).\u00a0<\/span><\/p>\n<p><span style=\"font-weight: 400;\">Organisationen wie FIF\u00e9 (<\/span><i><span style=\"font-weight: 400;\">F\u00e9d\u00e9ration Internationale F\u00e9line<\/span><\/i><span style=\"font-weight: 400;\">), GCCF (<\/span><i><span style=\"font-weight: 400;\">Governing Council of the Cat Fancy<\/span><\/i><span style=\"font-weight: 400;\">) oder CFA (<\/span><i><span style=\"font-weight: 400;\">Cat Fanciers\u2019 Association<\/span><\/i><span style=\"font-weight: 400;\">) erkennen die Rasse jedoch nicht an. Das hat in den allermeisten F\u00e4llen tierschutzbedingte Gr\u00fcnde, da die Munchkin-Katzen durch ihre verk\u00fcrzten Gliedma\u00dfen und damit einhergehenden Probleme als Qualzucht betrachtet werden k\u00f6nnen. Aus demselben Grund ist die Zucht und Haltung dieser Katzen in manchen Regionen und L\u00e4ndern verboten, beispielsweise in den Niederlanden oder im australischen Bundesstaat Victoria.<\/span><\/p>\n<h2>Gelten Munchkin-Katzen in Deutschland als Qualzucht?<\/h2>\n<p><span style=\"font-weight: 400;\">In Deutschland ist die Zucht und Haltung von Munchkin-Katzen gesetzlich nicht ausdr\u00fccklich verboten. Jedoch ist es laut dem deutschen Tierschutzgesetz (\u00a7\u202f11b TierSchG) untersagt, Tiere zu z\u00fcchten, wenn damit zu rechnen ist, dass deren Nachkommen \u201eerblich bedingte K\u00f6rperteile oder Organe fehlen oder untauglich oder umgestaltet sind und hierdurch Schmerzen, Leiden oder Sch\u00e4den entstehen\u201c.\u00a0<\/span><\/p>\n<p><span style=\"font-weight: 400;\">Fachorganisationen wie der Bundesverband f\u00fcr Tiergesundheit e.V. stufen die Rasse als Qualzucht ein. Auch das Gutachten der Bundestier\u00e4rztekammer zur Auslegung von \u00a7 11b des Tierschutzgesetzes, welches das Verbot von Qualzuchten evaluiert, r\u00e4t zum Verzicht auf die Zucht.<\/span><\/p>\n\n<div class=\"related_articles boxed\">\n    <h2>Mehr zum Thema<\/h2>\n    \n    <div class=\"wrapper\"><div class=\"title align-center\"><h3><a href=\"https:\/\/uelzener.de\/magazin\/katze\/rasseportrait\/scottish-fold-faltohrkatzen\/\">Scottish Fold: Was du \u00fcber Faltohrkatzen wissen musst<\/a><\/h3><\/div><div class=\"img align-center\"><img decoding=\"async\" width=\"315\" height=\"138\" src=\"https:\/\/uelzener.de\/magazin\/app\/uploads\/2025\/08\/scottish-fold.png\" class=\"attachment-315x180 size-315x180 wp-post-image\" alt=\"Zwei Scottish Fold Katzen.\" \/><\/div><\/div><div class=\"wrapper\"><div class=\"title align-center\"><h3><a href=\"https:\/\/uelzener.de\/magazin\/katze\/tiergesundheit\/hydrocephalus-bei-katzen\/\">Hydrocephalus bei Katzen: Symptome, Behandlung und Kosten<\/a><\/h3><\/div><div class=\"img align-center\"><img decoding=\"async\" width=\"315\" height=\"180\" src=\"https:\/\/uelzener.de\/magazin\/app\/uploads\/2023\/01\/hydrocephalus-katze-315x180.jpg\" class=\"attachment-315x180 size-315x180 wp-post-image\" alt=\"Hydrocephalus oder Wasserkopf bei Katzen kann sich in Schielen in jungen Jahren zeigen. Besonders h\u00e4ufig bei Qualzuchten.\" \/><\/div><\/div><div class=\"wrapper\"><div class=\"title align-center\"><h3><a href=\"https:\/\/uelzener.de\/magazin\/katze\/haeufige-fragen\/qualzucht-bei-katzen\/\">Qualzucht bei Katzen: Darauf musst du achten<\/a><\/h3><\/div><div class=\"img align-center\"><img decoding=\"async\" width=\"315\" height=\"180\" src=\"https:\/\/uelzener.de\/magazin\/app\/uploads\/2023\/04\/qualzucht-bei-katzen-highland-fold-315x180.jpg\" class=\"attachment-315x180 size-315x180 wp-post-image\" alt=\"Highland Fold Katze mit gefalteten Ohren und kurzen Beinen. Diese Rasse geh\u00f6rt zu den Qualzuchten bei Katzen.\" \/><\/div><\/div><\/div>\n\n<h2>Fazit<\/h2>\n<p><span style=\"font-weight: 400;\">Munchkin-Katzen m\u00f6gen ein faszinierendes \u00c4u\u00dferes haben, doch die Realit\u00e4t hinter dieser Zucht ist kritisch zu betrachten. Die genetisch bedingten kurzen Beine f\u00fchren zu k\u00f6rperlichen Einschr\u00e4nkungen und gesundheitlichen Problemen. Auch wenn Munchkins einen liebevollen und verspielten Charakter haben, sollte das Tierwohl stets Vorrang vor \u00e4sthetischen Zuchtmerkmalen haben. Wer sich f\u00fcr eine Munchkin-Katze entscheidet, tr\u00e4gt Verantwortung und sollte diese Entscheidung gut informiert und mit Blick auf das langfristige Wohlergehen des Tieres treffen.<\/span><\/p>\n<h2>FAQ: H\u00e4ufig gestellte Fragen zu Munchkin-Katzen<\/h2>\n<h3>Wie alt werden Munchkin-Katzen im Durchschnitt?<\/h3>\n<p><span style=\"font-weight: 400;\">Munchkin-Katzen k\u00f6nnen bei guter Pflege und gesundheitlicher Versorgung ein Alter von 12 bis 15 Jahren erreichen. Vorerkrankungen und zuchtbedingte Probleme k\u00f6nnen die Lebenserwartung jedoch beeinflussen.<\/span><\/p>\n<h3>Vertragen sich Munchkin-Katzen mit Kindern?<\/h3>\n<p><span style=\"font-weight: 400;\">Pauschal l\u00e4sst sich nie vorhersagen, ob eine Katze bzw. Katzenrasse mit Kindern vertr\u00e4glich ist. Aufgrund ihres geduldigen und verspielten Wesens kommen Munchkins jedoch meistens gut mit Kindern zurecht \u2013 einen respektvollen und vorsichtigen Umgang vorausgesetzt.<\/span><\/p>\n<h3>Gibt es Unterschiede zwischen kurz- und langhaarigen Munchkins?<\/h3>\n<p><span style=\"font-weight: 400;\">Abgesehen vom Pflegeaufwand unterscheiden sie sich kaum. Beide Varianten gleichen sich in Charakter und Verhalten und sind anf\u00e4llig f\u00fcr gesundheitliche Probleme.<\/span><\/p>\n<h3>Gibt es Munchkin-Katzen im Tierheim?<\/h3>\n<p><span style=\"font-weight: 400;\">Auch Munchkins landen gelegentlich im Tierschutz. Ein Blick ins <a href=\"https:\/\/uelzener.de\/magazin\/wir\/tierheim-aktion-der-uelzener-zum-150-jubilaeum\/\" target=\"_blank\" rel=\"noopener\">Tierheim<\/a> oder bei anderweitigen Vermittlungsstellen lohnt sich. Damit leistest du einen wichtigen Beitrag, um unn\u00f6tige Zucht zu vermeiden.<\/span><\/p>\n","protected":false},"excerpt":{"rendered":"<p>Munchkin-Katzen wirken wie die Dackel der Katzenwelt. Sie haben einen normalgro\u00dfen K\u00f6rper, jedoch auff\u00e4llig kurze Beine. Manche m\u00f6gen den Anblick niedlich oder faszinierend finden, jedoch verbirgt sich hinter dieser Rasse eine umstrittene Form der Zucht, die viele gesundheitliche Einschr\u00e4nkungen mit sich bringen kann. Viele Tiersch\u00fctzer und Tiersch\u00fctzerinnen betrachten Munchkins daher als Qualzucht. In diesem Artikel [&hellip;]<\/p>\n","protected":false},"author":11,"featured_media":18630,"parent":2482,"menu_order":6,"comment_status":"closed","ping_status":"closed","template":"templates\/blog.php","meta":{"_acf_changed":false,"_crdt_document":"","footnotes":"","beyondwords_generate_audio":"","beyondwords_project_id":"","beyondwords_content_id":"","beyondwords_preview_token":"","beyondwords_player_style":"","beyondwords_language_id":"","beyondwords_title_voice_id":"","beyondwords_body_voice_id":"","beyondwords_summary_voice_id":"","beyondwords_error_message":"","beyondwords_disabled":"","beyondwords_delete_content":"","beyondwords_podcast_id":"","beyondwords_hash":"","publish_post_to_speechkit":"","speechkit_hash":"","speechkit_generate_audio":"","speechkit_project_id":"","speechkit_podcast_id":"","speechkit_error_message":"","speechkit_disabled":"","speechkit_access_key":"","speechkit_error":"","speechkit_info":"","speechkit_response":"","speechkit_retries":"","speechkit_status":"","speechkit_updated_at":"","_speechkit_link":"","_speechkit_text":""},"class_list":["post-18627","page","type-page","status-publish","has-post-thumbnail","hentry"],"acf":[],"yoast_head":"<!-- This site is optimized with the Yoast SEO Premium plugin  - https:\/\/yoast.com\/product\/yoast-seo-premium-wordpress\/ -->\n<title>Munchkin-Katze: Faszinierender Anblick, ernstes Problem | Uelzener Magazin<\/title>\n<meta name=\"description\" content=\"Hier erf\u00e4hrst du alles \u00fcber die Munchkin-Katzen, ihre Gesundheit und die umstrittene Zucht dieser einzigartigen Katzenrasse.\" \/>\n<meta name=\"robots\" content=\"index, follow, max-snippet:-1, max-image-preview:large, max-video-preview:-1\" \/>\n<link rel=\"canonical\" href=\"https:\/\/uelzener.de\/magazin\/katze\/rasseportrait\/munchkin-katze\/\" \/>\n<meta property=\"og:locale\" content=\"de_DE\" \/>\n<meta property=\"og:type\" content=\"article\" \/>\n<meta property=\"og:title\" content=\"Munchkin-Katze: Faszinierender Anblick, ernstes Problem\" \/>\n<meta property=\"og:description\" content=\"Hier erf\u00e4hrst du alles \u00fcber die Munchkin-Katzen, ihre Gesundheit und die umstrittene Zucht dieser einzigartigen Katzenrasse.\" \/>\n<meta property=\"og:url\" content=\"https:\/\/uelzener.de\/magazin\/katze\/rasseportrait\/munchkin-katze\/\" \/>\n<meta property=\"og:site_name\" content=\"Uelzener Tier-Magazin\" \/>\n<meta property=\"article:publisher\" content=\"https:\/\/www.facebook.com\/Uelzener\" \/>\n<meta property=\"article:modified_time\" content=\"2025-09-29T12:06:58+00:00\" \/>\n<meta property=\"og:image\" content=\"https:\/\/uelzener.de\/magazin\/app\/uploads\/2025\/07\/muchkin-katze.jpg\" \/>\n\t<meta property=\"og:image:width\" content=\"1025\" \/>\n\t<meta property=\"og:image:height\" content=\"450\" \/>\n\t<meta property=\"og:image:type\" content=\"image\/jpeg\" \/>\n<meta name=\"twitter:card\" content=\"summary_large_image\" \/>\n<meta name=\"twitter:label1\" content=\"Gesch\u00e4tzte Lesezeit\" \/>\n\t<meta name=\"twitter:data1\" content=\"7\u00a0Minuten\" \/>\n<script type=\"application\/ld+json\" class=\"yoast-schema-graph\">{\"@context\":\"https:\/\/schema.org\",\"@graph\":[{\"@type\":\"WebPage\",\"@id\":\"https:\/\/uelzener.de\/magazin\/katze\/rasseportrait\/munchkin-katze\/\",\"url\":\"https:\/\/uelzener.de\/magazin\/katze\/rasseportrait\/munchkin-katze\/\",\"name\":\"Munchkin-Katze: Faszinierender Anblick, ernstes Problem | Uelzener Magazin\",\"isPartOf\":{\"@id\":\"https:\/\/uelzener.de\/magazin\/#website\"},\"primaryImageOfPage\":{\"@id\":\"https:\/\/uelzener.de\/magazin\/katze\/rasseportrait\/munchkin-katze\/#primaryimage\"},\"image\":{\"@id\":\"https:\/\/uelzener.de\/magazin\/katze\/rasseportrait\/munchkin-katze\/#primaryimage\"},\"thumbnailUrl\":\"https:\/\/uelzener.de\/magazin\/app\/uploads\/2025\/07\/muchkin-katze.jpg\",\"datePublished\":\"2025-07-07T09:18:02+00:00\",\"dateModified\":\"2025-09-29T12:06:58+00:00\",\"description\":\"Hier erf\u00e4hrst du alles \u00fcber die Munchkin-Katzen, ihre Gesundheit und die umstrittene Zucht dieser einzigartigen Katzenrasse.\",\"breadcrumb\":{\"@id\":\"https:\/\/uelzener.de\/magazin\/katze\/rasseportrait\/munchkin-katze\/#breadcrumb\"},\"inLanguage\":\"de\",\"potentialAction\":[{\"@type\":\"ReadAction\",\"target\":[\"https:\/\/uelzener.de\/magazin\/katze\/rasseportrait\/munchkin-katze\/\"]}]},{\"@type\":\"ImageObject\",\"inLanguage\":\"de\",\"@id\":\"https:\/\/uelzener.de\/magazin\/katze\/rasseportrait\/munchkin-katze\/#primaryimage\",\"url\":\"https:\/\/uelzener.de\/magazin\/app\/uploads\/2025\/07\/muchkin-katze.jpg\",\"contentUrl\":\"https:\/\/uelzener.de\/magazin\/app\/uploads\/2025\/07\/muchkin-katze.jpg\",\"width\":1025,\"height\":450,\"caption\":\"Wei\u00dfe Munchkin-Katze auf einem Spazierweg.\"},{\"@type\":\"WebSite\",\"@id\":\"https:\/\/uelzener.de\/magazin\/#website\",\"url\":\"https:\/\/uelzener.de\/magazin\/\",\"name\":\"Uelzener Tiermagazin\",\"description\":\"Online Tierratgeber der Uelzener Versicherungen\",\"publisher\":{\"@id\":\"https:\/\/uelzener.de\/magazin\/#organization\"},\"potentialAction\":[{\"@type\":\"SearchAction\",\"target\":{\"@type\":\"EntryPoint\",\"urlTemplate\":\"https:\/\/uelzener.de\/magazin\/?s={search_term_string}\"},\"query-input\":{\"@type\":\"PropertyValueSpecification\",\"valueRequired\":true,\"valueName\":\"search_term_string\"}}],\"inLanguage\":\"de\"},{\"@type\":\"Organization\",\"@id\":\"https:\/\/uelzener.de\/magazin\/#organization\",\"name\":\"Uelzener Versicherungen\",\"url\":\"https:\/\/uelzener.de\/magazin\/\",\"logo\":{\"@type\":\"ImageObject\",\"inLanguage\":\"de\",\"@id\":\"https:\/\/uelzener.de\/magazin\/#\/schema\/logo\/image\/\",\"url\":\"https:\/\/uelzener.de\/magazin\/app\/uploads\/2024\/11\/uelzener_allgemeine_versicherungsgesellschaft_a_g_logo.jpg\",\"contentUrl\":\"https:\/\/uelzener.de\/magazin\/app\/uploads\/2024\/11\/uelzener_allgemeine_versicherungsgesellschaft_a_g_logo.jpg\",\"width\":200,\"height\":200,\"caption\":\"Uelzener Versicherungen\"},\"image\":{\"@id\":\"https:\/\/uelzener.de\/magazin\/#\/schema\/logo\/image\/\"},\"sameAs\":[\"https:\/\/www.facebook.com\/Uelzener\",\"https:\/\/instagram.com\/uelzener\",\"https:\/\/www.xing.com\/pages\/uelzenerallgemeineversicherungs-gesellschafta-g\",\"https:\/\/www.youtube.com\/UelzenerVersicherungen\"]}]}<\/script>\n<!-- \/ Yoast SEO Premium plugin. -->","yoast_head_json":{"title":"Munchkin-Katze: Faszinierender Anblick, ernstes Problem | Uelzener Magazin","description":"Hier erf\u00e4hrst du alles \u00fcber die Munchkin-Katzen, ihre Gesundheit und die umstrittene Zucht dieser einzigartigen Katzenrasse.","robots":{"index":"index","follow":"follow","max-snippet":"max-snippet:-1","max-image-preview":"max-image-preview:large","max-video-preview":"max-video-preview:-1"},"canonical":"https:\/\/uelzener.de\/magazin\/katze\/rasseportrait\/munchkin-katze\/","og_locale":"de_DE","og_type":"article","og_title":"Munchkin-Katze: Faszinierender Anblick, ernstes Problem","og_description":"Hier erf\u00e4hrst du alles \u00fcber die Munchkin-Katzen, ihre Gesundheit und die umstrittene Zucht dieser einzigartigen Katzenrasse.","og_url":"https:\/\/uelzener.de\/magazin\/katze\/rasseportrait\/munchkin-katze\/","og_site_name":"Uelzener Tier-Magazin","article_publisher":"https:\/\/www.facebook.com\/Uelzener","article_modified_time":"2025-09-29T12:06:58+00:00","og_image":[{"width":1025,"height":450,"url":"https:\/\/uelzener.de\/magazin\/app\/uploads\/2025\/07\/muchkin-katze.jpg","type":"image\/jpeg"}],"twitter_card":"summary_large_image","twitter_misc":{"Gesch\u00e4tzte Lesezeit":"7\u00a0Minuten"},"schema":{"@context":"https:\/\/schema.org","@graph":[{"@type":"WebPage","@id":"https:\/\/uelzener.de\/magazin\/katze\/rasseportrait\/munchkin-katze\/","url":"https:\/\/uelzener.de\/magazin\/katze\/rasseportrait\/munchkin-katze\/","name":"Munchkin-Katze: Faszinierender Anblick, ernstes Problem | Uelzener Magazin","isPartOf":{"@id":"https:\/\/uelzener.de\/magazin\/#website"},"primaryImageOfPage":{"@id":"https:\/\/uelzener.de\/magazin\/katze\/rasseportrait\/munchkin-katze\/#primaryimage"},"image":{"@id":"https:\/\/uelzener.de\/magazin\/katze\/rasseportrait\/munchkin-katze\/#primaryimage"},"thumbnailUrl":"https:\/\/uelzener.de\/magazin\/app\/uploads\/2025\/07\/muchkin-katze.jpg","datePublished":"2025-07-07T09:18:02+00:00","dateModified":"2025-09-29T12:06:58+00:00","description":"Hier erf\u00e4hrst du alles \u00fcber die Munchkin-Katzen, ihre Gesundheit und die umstrittene Zucht dieser einzigartigen Katzenrasse.","breadcrumb":{"@id":"https:\/\/uelzener.de\/magazin\/katze\/rasseportrait\/munchkin-katze\/#breadcrumb"},"inLanguage":"de","potentialAction":[{"@type":"ReadAction","target":["https:\/\/uelzener.de\/magazin\/katze\/rasseportrait\/munchkin-katze\/"]}]},{"@type":"ImageObject","inLanguage":"de","@id":"https:\/\/uelzener.de\/magazin\/katze\/rasseportrait\/munchkin-katze\/#primaryimage","url":"https:\/\/uelzener.de\/magazin\/app\/uploads\/2025\/07\/muchkin-katze.jpg","contentUrl":"https:\/\/uelzener.de\/magazin\/app\/uploads\/2025\/07\/muchkin-katze.jpg","width":1025,"height":450,"caption":"Wei\u00dfe Munchkin-Katze auf einem Spazierweg."},{"@type":"WebSite","@id":"https:\/\/uelzener.de\/magazin\/#website","url":"https:\/\/uelzener.de\/magazin\/","name":"Uelzener Tiermagazin","description":"Online Tierratgeber der Uelzener Versicherungen","publisher":{"@id":"https:\/\/uelzener.de\/magazin\/#organization"},"potentialAction":[{"@type":"SearchAction","target":{"@type":"EntryPoint","urlTemplate":"https:\/\/uelzener.de\/magazin\/?s={search_term_string}"},"query-input":{"@type":"PropertyValueSpecification","valueRequired":true,"valueName":"search_term_string"}}],"inLanguage":"de"},{"@type":"Organization","@id":"https:\/\/uelzener.de\/magazin\/#organization","name":"Uelzener Versicherungen","url":"https:\/\/uelzener.de\/magazin\/","logo":{"@type":"ImageObject","inLanguage":"de","@id":"https:\/\/uelzener.de\/magazin\/#\/schema\/logo\/image\/","url":"https:\/\/uelzener.de\/magazin\/app\/uploads\/2024\/11\/uelzener_allgemeine_versicherungsgesellschaft_a_g_logo.jpg","contentUrl":"https:\/\/uelzener.de\/magazin\/app\/uploads\/2024\/11\/uelzener_allgemeine_versicherungsgesellschaft_a_g_logo.jpg","width":200,"height":200,"caption":"Uelzener Versicherungen"},"image":{"@id":"https:\/\/uelzener.de\/magazin\/#\/schema\/logo\/image\/"},"sameAs":["https:\/\/www.facebook.com\/Uelzener","https:\/\/instagram.com\/uelzener","https:\/\/www.xing.com\/pages\/uelzenerallgemeineversicherungs-gesellschafta-g","https:\/\/www.youtube.com\/UelzenerVersicherungen"]}]}},"_links":{"self":[{"href":"https:\/\/uelzener.de\/magazin\/wp-json\/wp\/v2\/pages\/18627","targetHints":{"allow":["GET"]}}],"collection":[{"href":"https:\/\/uelzener.de\/magazin\/wp-json\/wp\/v2\/pages"}],"about":[{"href":"https:\/\/uelzener.de\/magazin\/wp-json\/wp\/v2\/types\/page"}],"author":[{"embeddable":true,"href":"https:\/\/uelzener.de\/magazin\/wp-json\/wp\/v2\/users\/11"}],"replies":[{"embeddable":true,"href":"https:\/\/uelzener.de\/magazin\/wp-json\/wp\/v2\/comments?post=18627"}],"version-history":[{"count":6,"href":"https:\/\/uelzener.de\/magazin\/wp-json\/wp\/v2\/pages\/18627\/revisions"}],"predecessor-version":[{"id":19317,"href":"https:\/\/uelzener.de\/magazin\/wp-json\/wp\/v2\/pages\/18627\/revisions\/19317"}],"up":[{"embeddable":true,"href":"https:\/\/uelzener.de\/magazin\/wp-json\/wp\/v2\/pages\/2482"}],"wp:featuredmedia":[{"embeddable":true,"href":"https:\/\/uelzener.de\/magazin\/wp-json\/wp\/v2\/media\/18630"}],"wp:attachment":[{"href":"https:\/\/uelzener.de\/magazin\/wp-json\/wp\/v2\/media?parent=18627"}],"curies":[{"name":"wp","href":"https:\/\/api.w.org\/{rel}","templated":true}]}}