{"id":18589,"date":"2025-06-19T11:36:37","date_gmt":"2025-06-19T09:36:37","guid":{"rendered":"https:\/\/uelzener.de\/magazin\/?page_id=18589"},"modified":"2025-06-19T11:36:37","modified_gmt":"2025-06-19T09:36:37","slug":"tollwut-beim-pferd","status":"publish","type":"page","link":"https:\/\/uelzener.de\/magazin\/pferd\/tiergesundheit\/tollwut-beim-pferd\/","title":{"rendered":"Tollwut beim Pferd: Wissenswertes zur Infektionskrankheit"},"content":{"rendered":"<p class=\"ai-optimize-6 ai-optimize-introduction\"><span style=\"font-weight: 400;\">Die Tollwut ist eine ernstzunehmende Erkrankung. Sie wird durch Rabiesviren verursacht und ist als Zoonose von Tieren auf Menschen \u00fcbertragbar. Die Ansteckung erfolgt in der Regel durch den Biss eines infizierten Tieres. Es kann aber auch schon ausreichen, wenn infekti\u00f6ser Speichel an Schleimh\u00e4ute gelangt. Bei Pferden tritt Tollwut hierzulande zwar \u00e4u\u00dferst selten auf, ein Restrisiko bleibt jedoch bestehen. Wir fassen die wichtigsten Informationen zur Vorbeugung, Diagnose und Symptomatik der Erkrankung zusammen.<\/span><\/p>\n<h2 class=\"ai-optimize-7\">Formen und Verbreitung von Tollwut<\/h2>\n<p class=\"ai-optimize-7\"><span style=\"font-weight: 400;\">Es gibt noch viele Regionen in der Welt, in denen Tollwut verbreitet ist. Zehntausende Menschen sterben j\u00e4hrlich an einer Tollwutinfektion. Der Gro\u00dfteil der F\u00e4lle geht auf eine Ansteckung durch Hundebisse zur\u00fcck.\u00a0<\/span><\/p>\n<p class=\"ai-optimize-9\"><span style=\"font-weight: 400;\">Deutschland gilt seit 2008 als tollwutfrei. Ma\u00dfgeblich dazu beigetragen haben systematische Bek\u00e4mpfungsma\u00dfnahmen wie orale Impfungen bei Rotf\u00fcchsen, die lange Zeit als Haupt\u00fcbertr\u00e4ger galten. Es wurden Impfk\u00f6der ausgelegt, die die F\u00fcchse verzehrt haben. Auf diese Weise wurden sie\u00a0 immunisiert. \u00c4hnliches fand auch in umliegenden L\u00e4ndern statt, so dass die Verbreitung der Tollwut vielerorts einged\u00e4mmt werden konnte.<\/span><\/p>\n<p class=\"ai-optimize-10\"><span style=\"font-weight: 400;\">Tollwut tritt in unterschiedlichen Formen auf:\u00a0<\/span><\/p>\n<ul>\n<li class=\"ai-optimize-11\" style=\"font-weight: 400;\" aria-level=\"1\"><b>Urbane Tollwut:<\/b><span style=\"font-weight: 400;\"> Bei der urbanen Variante wird das Tollwutvirus durch Hunde \u00fcbertragen, beispielsweise \u00fcber einen Biss. Diese Form ist nach wie vor in Asien und Afrika vorherrschend.\u00a0<\/span><\/li>\n<li class=\"ai-optimize-12\" style=\"font-weight: 400;\" aria-level=\"1\"><b>Silvatische Tollwut: <\/b><span style=\"font-weight: 400;\">\u00dcbertr\u00e4ger der silvatischen Tollwut sind Wildtiere wie F\u00fcchse, Dachse, Waschb\u00e4ren oder Marder. In Europa galt der Rotfuchs als Haupt\u00fcbertr\u00e4ger, in Teilen Osteuropas ist es der Marderhund.\u00a0<\/span><\/li>\n<li class=\"ai-optimize-13\" style=\"font-weight: 400;\" aria-level=\"1\"><b>Fledermaustollwut:<\/b><span style=\"font-weight: 400;\"> Diese Tollwutart geht auf einen anderen Genotyp zur\u00fcck. Eine \u00dcbertragung auf Pferde oder Menschen ist \u00e4u\u00dferst selten, da Flederm\u00e4use in der Regel kontaktscheu sind. In Europa ist bislang kein Fall bekannt, bei dem eine Fledermaus ein Pferd infiziert hat.<\/span><\/li>\n<\/ul>\n<h2 class=\"ai-optimize-14\">Verlauf der Tollwut beim Pferd<\/h2>\n<p class=\"ai-optimize-15\"><span style=\"font-weight: 400;\">Wird ein Pferd beispielsweise von einem infizierten Marder gebissen, gelangt der infekti\u00f6se Speichel \u00fcber die Wunde in den K\u00f6rper und zum zentralen Nervensystem. Die Inkubationszeit, also die Zeit zwischen Infektion und Ausbruch der Krankheit, kann wenige Wochen bis mehrere Monate betragen.\u00a0<\/span><\/p>\n<h3 class=\"ai-optimize-16\"><span style=\"font-weight: 400;\">Die klassische Tollwut beim Pferd verl\u00e4uft in drei Phasen:<\/span><\/h3>\n<ul>\n<li class=\"ai-optimize-17\" aria-level=\"1\"><b>Prodromalstadium:<\/b><\/li>\n<\/ul>\n<p class=\"ai-optimize-18\"><span style=\"font-weight: 400;\">In diesem Stadium werden die Symptome h\u00e4ufig \u00fcbersehen oder anderen Ursachen zugeschrieben. Am auff\u00e4lligsten ist meist der Juckreiz an der Bissstelle. Das Pferd versucht dann, sich durch Lecken der Wunde Linderung zu verschaffen. Oftmals sind zus\u00e4tzlich vermehrtes Speicheln, ungew\u00f6hnliche Lippenbewegungen oder Schluckbeschwerden zu beobachten. Au\u00dferdem kann es zu Orientierungslosigkeit kommen. Manche Tiere verhalten sich sehr scheu oder wirken gereizt.\u00a0<\/span><\/p>\n<ul>\n<li class=\"ai-optimize-19\" aria-level=\"1\"><b>Exzitationsstadium:<\/b><\/li>\n<\/ul>\n<p class=\"ai-optimize-20\"><span style=\"font-weight: 400;\">Diese Phase wird von der charakteristischen Wut begleitet, die bei Pferden aber in der Regel milder ausf\u00e4llt als bei anderen Tieren. Sehr h\u00e4ufig zeigen sich wiederkehrende Koliken. Oft kommt ein gesteigerter Geschlechtstrieb hinzu. In diesem Stadium verh\u00e4lt sich ein infiziertes Pferd sehr unruhig. H\u00e4ufig kommt es im sp\u00e4teren Verlauf zu Krampfanf\u00e4llen.\u00a0<\/span><\/p>\n<ul>\n<li class=\"ai-optimize-21\" aria-level=\"1\"><b>Paralysestadium:\u00a0<\/b><\/li>\n<\/ul>\n<p class=\"ai-optimize-22\"><span style=\"font-weight: 400;\">Das Pferd verliert nach und nach die Kontrolle \u00fcber seine Muskulatur. Es kommt zu heftigen Schluckbeschwerden und Nervenl\u00e4hmungen. Nahrung und Wasser werden verweigert. Durch L\u00e4hmungen der Stimmb\u00e4nder klingt das Wiehern nur noch heiser. Schlie\u00dflich kommt es zum Festliegen, so dass das Pferd nicht mehr in der Lage ist, aufzustehen. Am Ende verstirbt das Tier.<\/span><\/p>\n<p class=\"ai-optimize-23\"><span style=\"font-weight: 400;\">Zu unterscheiden ist zwischen der \u201estillen Wut\u201d und der \u201erasenden Wut\u201d. Bei der stillen Variante ist das Pferd prim\u00e4r lethargisch. Es trinkt und frisst nicht, ist teilnahmslos und kaum in der Lage zu laufen. Aggressionen, Tobsucht und \u00e4hnliche Anf\u00e4lle hingegen sind kennzeichnend f\u00fcr die rasende Form der Tollwut. Eine Tollwutinfektion endet f\u00fcr ungeimpfte Pferde in der Regel t\u00f6dlich.\u00a0<\/span><\/p>\n<p class=\"ai-optimize-41\">\n<div class=\"related_articles boxed\">\n    <h2>Mehr zum Thema<\/h2>\n    \n    <div class=\"wrapper\"><div class=\"title align-center\"><h3><a href=\"https:\/\/uelzener.de\/magazin\/pferd\/haltung\/pferde-vergesellschaften\/\">Pferde vergesellschaften: Stressfrei und artgerecht<\/a><\/h3><\/div><div class=\"img align-center\"><img decoding=\"async\" width=\"315\" height=\"180\" src=\"https:\/\/uelzener.de\/magazin\/app\/uploads\/2022\/08\/pferde-vergesellschaften-315x180.jpg\" class=\"attachment-315x180 size-315x180 wp-post-image\" alt=\"Pferde beschnuppern sich nach Pferde-Vergesellschaftung auf der Weide.\" \/><\/div><\/div><div class=\"wrapper\"><div class=\"title align-center\"><h3><a href=\"https:\/\/uelzener.de\/magazin\/pferd\/tiergesundheit\/tetanus-impfung-pferd\/\">Tetanus-Impfung beim Pferd: Unverzichtbarer Bestandteil der Gesundheitsvorsorge<\/a><\/h3><\/div><div class=\"img align-center\"><img decoding=\"async\" width=\"315\" height=\"180\" src=\"https:\/\/uelzener.de\/magazin\/app\/uploads\/2025\/05\/tetanus-impfung-pferd-315x180.jpg\" class=\"attachment-315x180 size-315x180 wp-post-image\" alt=\"Pfred bekommt Tetanus-Impfung.\" \/><\/div><\/div><div class=\"wrapper\"><div class=\"title align-center\"><h3><a href=\"https:\/\/uelzener.de\/magazin\/pferd\/tipps-fuer-den-alltag\/urlaub-mit-eigenem-pferd\/\">Urlaub mit Pferd: Tipps f\u00fcr die erholsame Reise<\/a><\/h3><\/div><div class=\"img align-center\"><img decoding=\"async\" width=\"315\" height=\"180\" src=\"https:\/\/uelzener.de\/magazin\/app\/uploads\/2022\/04\/Urlaub-mit-Pferd-315x180.jpg\" class=\"attachment-315x180 size-315x180 wp-post-image\" alt=\"2 Frauen reiten mit Pferd am Strand.\" \/><\/div><\/div><\/div>\n<\/p>\n<h2 class=\"ai-optimize-24\">Vorbeugende Ma\u00dfnahmen gegen Tollwut beim Pferd<\/h2>\n<p class=\"ai-optimize-25\"><span style=\"font-weight: 400;\">Ein Pferd kann sich mit Tollwut anstecken, wenn es von einem infizierten Tier beispielsweise auf der Weide gebissen wird. Das ist zwar in Gebieten, die frei von Tollwut sind, \u00e4u\u00dferst unwahrscheinlich. Eine Impfung hilft jedoch, das Pferd vor dem Restrisiko zu sch\u00fctzen.\u00a0<\/span><\/p>\n<p class=\"ai-optimize-26\"><span style=\"font-weight: 400;\">Ob eine Tollwutimpfung f\u00fcr dein Pferd sinnvoll ist, h\u00e4ngt vor allem vom Standort der Weide ab und davon, ob Reisen ins Ausland unternommen werden. Wenn du mit deinem Pferd etwa f\u00fcr den Turniersport oder f\u00fcr Wanderritte in tollwutgef\u00e4hrdeten Regionen unterwegs bist, ist eine Tollwutimpfung dringend zu empfehlen. Am besten l\u00e4sst du dich vom Tierarzt oder von der Tier\u00e4rztin dazu beraten.\u00a0<\/span><\/p>\n<p class=\"ai-optimize-27\"><span style=\"font-weight: 400;\">Sehr praktisch: Mit der <\/span><span style=\"font-weight: 400;\">Uelzener Krankenversicherung f\u00fcr Pferde<\/span><span style=\"font-weight: 400;\"> sind Vorsorgema\u00dfnahmen wie Impfungen gleich mitversichert. Die erste Impfung kann im Alter von sechs Monaten erfolgen. Die folgenden Impfintervalle variieren je nach Impfstoff.\u00a0<\/span><\/p>\n<p class=\"ai-optimize-40\">\n<div class=\"banner\">\n    <a href=\"https:\/\/uelzener.de\/pferd\/herden-versicherung\/?agt=0000104925&sem=true&utm_medium=magazin&utm_source=wordpress&utm_campaign=pferd_kv&utm_content=banner    \">\n        <img decoding=\"async\" width=\"300\" height=\"212\" src=\"https:\/\/uelzener.de\/magazin\/app\/uploads\/2025\/01\/Pferde-Kranken-Versicherung.jpg\" class=\"attachment-medium size-medium\" alt=\"Banner Pferde-Kranken-Versicherung\" \/>    <\/a>\n<\/div>\n<\/p>\n<h2 class=\"ai-optimize-28\">Anzeigepflicht und Nachweis von Tollwut<\/h2>\n<p class=\"ai-optimize-29\"><span style=\"font-weight: 400;\">Tollwut geh\u00f6rt zu den anzeigepflichtigen Tierseuchen und muss dem zust\u00e4ndigen Beh\u00f6rde mitgeteilt werden. Sobald auch nur der Verdacht auf Tollwut besteht, sind Pferdehalter und Pferdehalterinnen verpflichtet, das Veterin\u00e4ramt davon in Kenntnis zu setzen. Dieses entscheidet \u00fcber das weitere Vorgehen.\u00a0<\/span><\/p>\n<p class=\"ai-optimize-30\"><span style=\"font-weight: 400;\">Ein eindeutiger Nachweis einer Tollwutinfektion ist nur im Labor anhand einer Untersuchung des Gehirns des Tieres m\u00f6glich. Das geschieht daher erst nach dem Tod des Pferdes. Am lebenden Pferd kann Tollwut lediglich \u00fcber eine Ausschlussdiagnose vermutet werden. Wichtig zu wissen: Mit Tollwut infizierte, ungeimpfte Pferde d\u00fcrfen nicht behandelt werden. Das Veterin\u00e4ramt kann in dem Fall eine Nott\u00f6tung veranlassen.\u00a0<\/span><\/p>\n<h2 class=\"ai-optimize-31\"><b>Fazit<\/b><\/h2>\n<p class=\"ai-optimize-31\"><span style=\"font-weight: 400;\">Auch wenn eine Tollwuterkrankung beim Pferd \u00e4u\u00dferst selten ist, sollten vorbeugende Ma\u00dfnahmen zum Schutz von Tier und Mensch getroffen werden. Das gilt insbesondere in Gebieten mit vermehrtem Wildtierkontakt sowie bei Reisen in L\u00e4nder, die nicht tollwutfrei sind. Da die ersten Symptome beim Pferd sehr unspezifisch sind, wird die Diagnose in vielen F\u00e4llen erschwert. Ein sicherer Nachweis ist nur post mortem m\u00f6glich. Am besten sch\u00fctzt eine Tollwutimpfung. Sie ist zwar nicht verpflichtend, jedoch durchaus empfehlenswert.<\/span><\/p>\n<h2 class=\"ai-optimize-33\">FAQ: H\u00e4ufig gestellte Fragen zur Tollwut bei Pferden<\/h2>\n<h3 class=\"ai-optimize-34\">Ist Tollwut nur durch Bissverletzungen \u00fcbertragbar?<\/h3>\n<p class=\"ai-optimize-35\"><span style=\"font-weight: 400;\">Tollwut wird meist durch Bissverletzungen \u00fcbertragen. \u00dcber die Wunde gelangt der infekti\u00f6se Speichel in den K\u00f6rper und die enthaltenen Erreger breiten sich aus. Aber auch der Kontakt von Speichel eines infizierten Tieres mit Schleimh\u00e4uten kann ausreichen, um das Virus zu \u00fcbertragen.<\/span><\/p>\n<h3 class=\"ai-optimize-36\">Sind Kot, Blut oder Urin infekti\u00f6s?<\/h3>\n<p class=\"ai-optimize-37\"><span style=\"font-weight: 400;\">Nein, von Blut, Urin und Kot geht kein Infektionsrisiko aus. Auch das Ber\u00fchren des Fells f\u00fchrt zu keiner Ansteckung, sofern man nicht mit dem Speichel in Kontakt kommt. Vorsicht ist geboten, wenn das Tier ein auff\u00e4lliges Verhalten oder vermehrten Speichelfluss aufweist.\u00a0<\/span><\/p>\n<h3 class=\"ai-optimize-38\">Wie werden Pferde mit Tollwut behandelt?<\/h3>\n<p class=\"ai-optimize-39\"><span style=\"font-weight: 400;\">Besteht bei einem ungeimpften Pferd der Verdacht einer Tollwutinfektion, ist keine Behandlung m\u00f6glich. Laut der \u201eVerordnung zum Schutz gegen die Tollwut\u201c sind Heilversuche an verd\u00e4chtigen Tieren verboten.\u00a0<\/span><\/p>\n","protected":false},"excerpt":{"rendered":"<p>Die Tollwut ist eine ernstzunehmende Erkrankung. Sie wird durch Rabiesviren verursacht und ist als Zoonose von Tieren auf Menschen \u00fcbertragbar. Die Ansteckung erfolgt in der Regel durch den Biss eines infizierten Tieres. Es kann aber auch schon ausreichen, wenn infekti\u00f6ser Speichel an Schleimh\u00e4ute gelangt. Bei Pferden tritt Tollwut hierzulande zwar \u00e4u\u00dferst selten auf, ein Restrisiko [&hellip;]<\/p>\n","protected":false},"author":11,"featured_media":18591,"parent":11706,"menu_order":27,"comment_status":"closed","ping_status":"closed","template":"templates\/blog.php","meta":{"_acf_changed":false,"_crdt_document":"","footnotes":"","beyondwords_generate_audio":"","beyondwords_project_id":"","beyondwords_content_id":"","beyondwords_preview_token":"","beyondwords_player_style":"","beyondwords_language_id":"","beyondwords_title_voice_id":"","beyondwords_body_voice_id":"","beyondwords_summary_voice_id":"","beyondwords_error_message":"","beyondwords_disabled":"","beyondwords_delete_content":"","beyondwords_podcast_id":"","beyondwords_hash":"","publish_post_to_speechkit":"","speechkit_hash":"","speechkit_generate_audio":"","speechkit_project_id":"","speechkit_podcast_id":"","speechkit_error_message":"","speechkit_disabled":"","speechkit_access_key":"","speechkit_error":"","speechkit_info":"","speechkit_response":"","speechkit_retries":"","speechkit_status":"","speechkit_updated_at":"","_speechkit_link":"","_speechkit_text":""},"class_list":["post-18589","page","type-page","status-publish","has-post-thumbnail","hentry"],"acf":[],"yoast_head":"<!-- This site is optimized with the Yoast SEO Premium plugin  - https:\/\/yoast.com\/product\/yoast-seo-premium-wordpress\/ -->\n<title>Tollwut beim Pferd: Wissenswertes zur Infektionskrankheit | Uelzener Magazin<\/title>\n<meta name=\"description\" content=\"Wichtige Fakten zur Tollwut beim Pferd: Erfahre alles \u00fcber Ansteckung, Symptome und wie man sein Tier sch\u00fctzt.\" \/>\n<meta name=\"robots\" content=\"index, follow, max-snippet:-1, max-image-preview:large, max-video-preview:-1\" \/>\n<link rel=\"canonical\" href=\"https:\/\/uelzener.de\/magazin\/pferd\/tiergesundheit\/tollwut-beim-pferd\/\" \/>\n<meta property=\"og:locale\" content=\"de_DE\" \/>\n<meta property=\"og:type\" content=\"article\" \/>\n<meta property=\"og:title\" content=\"Tollwut beim Pferd: Wissenswertes zur Infektionskrankheit\" \/>\n<meta property=\"og:description\" content=\"Wichtige Fakten zur Tollwut beim Pferd: Erfahre alles \u00fcber Ansteckung, Symptome und wie man sein Tier sch\u00fctzt.\" \/>\n<meta property=\"og:url\" content=\"https:\/\/uelzener.de\/magazin\/pferd\/tiergesundheit\/tollwut-beim-pferd\/\" \/>\n<meta property=\"og:site_name\" content=\"Uelzener Tier-Magazin\" \/>\n<meta property=\"article:publisher\" content=\"https:\/\/www.facebook.com\/Uelzener\" \/>\n<meta property=\"og:image\" content=\"https:\/\/uelzener.de\/magazin\/app\/uploads\/2025\/06\/tollwut-beim-pferd.jpg\" \/>\n\t<meta property=\"og:image:width\" content=\"1025\" \/>\n\t<meta property=\"og:image:height\" content=\"450\" \/>\n\t<meta property=\"og:image:type\" content=\"image\/jpeg\" \/>\n<meta name=\"twitter:card\" content=\"summary_large_image\" \/>\n<meta name=\"twitter:label1\" content=\"Gesch\u00e4tzte Lesezeit\" \/>\n\t<meta name=\"twitter:data1\" content=\"6\u00a0Minuten\" \/>\n<script type=\"application\/ld+json\" class=\"yoast-schema-graph\">{\"@context\":\"https:\/\/schema.org\",\"@graph\":[{\"@type\":\"WebPage\",\"@id\":\"https:\/\/uelzener.de\/magazin\/pferd\/tiergesundheit\/tollwut-beim-pferd\/\",\"url\":\"https:\/\/uelzener.de\/magazin\/pferd\/tiergesundheit\/tollwut-beim-pferd\/\",\"name\":\"Tollwut beim Pferd: Wissenswertes zur Infektionskrankheit | Uelzener Magazin\",\"isPartOf\":{\"@id\":\"https:\/\/uelzener.de\/magazin\/#website\"},\"primaryImageOfPage\":{\"@id\":\"https:\/\/uelzener.de\/magazin\/pferd\/tiergesundheit\/tollwut-beim-pferd\/#primaryimage\"},\"image\":{\"@id\":\"https:\/\/uelzener.de\/magazin\/pferd\/tiergesundheit\/tollwut-beim-pferd\/#primaryimage\"},\"thumbnailUrl\":\"https:\/\/uelzener.de\/magazin\/app\/uploads\/2025\/06\/tollwut-beim-pferd.jpg\",\"datePublished\":\"2025-06-19T09:36:37+00:00\",\"description\":\"Wichtige Fakten zur Tollwut beim Pferd: Erfahre alles \u00fcber Ansteckung, Symptome und wie man sein Tier sch\u00fctzt.\",\"breadcrumb\":{\"@id\":\"https:\/\/uelzener.de\/magazin\/pferd\/tiergesundheit\/tollwut-beim-pferd\/#breadcrumb\"},\"inLanguage\":\"de\",\"potentialAction\":[{\"@type\":\"ReadAction\",\"target\":[\"https:\/\/uelzener.de\/magazin\/pferd\/tiergesundheit\/tollwut-beim-pferd\/\"]}]},{\"@type\":\"ImageObject\",\"inLanguage\":\"de\",\"@id\":\"https:\/\/uelzener.de\/magazin\/pferd\/tiergesundheit\/tollwut-beim-pferd\/#primaryimage\",\"url\":\"https:\/\/uelzener.de\/magazin\/app\/uploads\/2025\/06\/tollwut-beim-pferd.jpg\",\"contentUrl\":\"https:\/\/uelzener.de\/magazin\/app\/uploads\/2025\/06\/tollwut-beim-pferd.jpg\",\"width\":1025,\"height\":450,\"caption\":\"Pferd wird gegen Tollwut geimpft.\"},{\"@type\":\"WebSite\",\"@id\":\"https:\/\/uelzener.de\/magazin\/#website\",\"url\":\"https:\/\/uelzener.de\/magazin\/\",\"name\":\"Uelzener Tiermagazin\",\"description\":\"Online Tierratgeber der Uelzener Versicherungen\",\"publisher\":{\"@id\":\"https:\/\/uelzener.de\/magazin\/#organization\"},\"potentialAction\":[{\"@type\":\"SearchAction\",\"target\":{\"@type\":\"EntryPoint\",\"urlTemplate\":\"https:\/\/uelzener.de\/magazin\/?s={search_term_string}\"},\"query-input\":{\"@type\":\"PropertyValueSpecification\",\"valueRequired\":true,\"valueName\":\"search_term_string\"}}],\"inLanguage\":\"de\"},{\"@type\":\"Organization\",\"@id\":\"https:\/\/uelzener.de\/magazin\/#organization\",\"name\":\"Uelzener Versicherungen\",\"url\":\"https:\/\/uelzener.de\/magazin\/\",\"logo\":{\"@type\":\"ImageObject\",\"inLanguage\":\"de\",\"@id\":\"https:\/\/uelzener.de\/magazin\/#\/schema\/logo\/image\/\",\"url\":\"https:\/\/uelzener.de\/magazin\/app\/uploads\/2024\/11\/uelzener_allgemeine_versicherungsgesellschaft_a_g_logo.jpg\",\"contentUrl\":\"https:\/\/uelzener.de\/magazin\/app\/uploads\/2024\/11\/uelzener_allgemeine_versicherungsgesellschaft_a_g_logo.jpg\",\"width\":200,\"height\":200,\"caption\":\"Uelzener Versicherungen\"},\"image\":{\"@id\":\"https:\/\/uelzener.de\/magazin\/#\/schema\/logo\/image\/\"},\"sameAs\":[\"https:\/\/www.facebook.com\/Uelzener\",\"https:\/\/instagram.com\/uelzener\",\"https:\/\/www.xing.com\/pages\/uelzenerallgemeineversicherungs-gesellschafta-g\",\"https:\/\/www.youtube.com\/UelzenerVersicherungen\"]}]}<\/script>\n<!-- \/ Yoast SEO Premium plugin. -->","yoast_head_json":{"title":"Tollwut beim Pferd: Wissenswertes zur Infektionskrankheit | Uelzener Magazin","description":"Wichtige Fakten zur Tollwut beim Pferd: Erfahre alles \u00fcber Ansteckung, Symptome und wie man sein Tier sch\u00fctzt.","robots":{"index":"index","follow":"follow","max-snippet":"max-snippet:-1","max-image-preview":"max-image-preview:large","max-video-preview":"max-video-preview:-1"},"canonical":"https:\/\/uelzener.de\/magazin\/pferd\/tiergesundheit\/tollwut-beim-pferd\/","og_locale":"de_DE","og_type":"article","og_title":"Tollwut beim Pferd: Wissenswertes zur Infektionskrankheit","og_description":"Wichtige Fakten zur Tollwut beim Pferd: Erfahre alles \u00fcber Ansteckung, Symptome und wie man sein Tier sch\u00fctzt.","og_url":"https:\/\/uelzener.de\/magazin\/pferd\/tiergesundheit\/tollwut-beim-pferd\/","og_site_name":"Uelzener Tier-Magazin","article_publisher":"https:\/\/www.facebook.com\/Uelzener","og_image":[{"width":1025,"height":450,"url":"https:\/\/uelzener.de\/magazin\/app\/uploads\/2025\/06\/tollwut-beim-pferd.jpg","type":"image\/jpeg"}],"twitter_card":"summary_large_image","twitter_misc":{"Gesch\u00e4tzte Lesezeit":"6\u00a0Minuten"},"schema":{"@context":"https:\/\/schema.org","@graph":[{"@type":"WebPage","@id":"https:\/\/uelzener.de\/magazin\/pferd\/tiergesundheit\/tollwut-beim-pferd\/","url":"https:\/\/uelzener.de\/magazin\/pferd\/tiergesundheit\/tollwut-beim-pferd\/","name":"Tollwut beim Pferd: Wissenswertes zur Infektionskrankheit | Uelzener Magazin","isPartOf":{"@id":"https:\/\/uelzener.de\/magazin\/#website"},"primaryImageOfPage":{"@id":"https:\/\/uelzener.de\/magazin\/pferd\/tiergesundheit\/tollwut-beim-pferd\/#primaryimage"},"image":{"@id":"https:\/\/uelzener.de\/magazin\/pferd\/tiergesundheit\/tollwut-beim-pferd\/#primaryimage"},"thumbnailUrl":"https:\/\/uelzener.de\/magazin\/app\/uploads\/2025\/06\/tollwut-beim-pferd.jpg","datePublished":"2025-06-19T09:36:37+00:00","description":"Wichtige Fakten zur Tollwut beim Pferd: Erfahre alles \u00fcber Ansteckung, Symptome und wie man sein Tier sch\u00fctzt.","breadcrumb":{"@id":"https:\/\/uelzener.de\/magazin\/pferd\/tiergesundheit\/tollwut-beim-pferd\/#breadcrumb"},"inLanguage":"de","potentialAction":[{"@type":"ReadAction","target":["https:\/\/uelzener.de\/magazin\/pferd\/tiergesundheit\/tollwut-beim-pferd\/"]}]},{"@type":"ImageObject","inLanguage":"de","@id":"https:\/\/uelzener.de\/magazin\/pferd\/tiergesundheit\/tollwut-beim-pferd\/#primaryimage","url":"https:\/\/uelzener.de\/magazin\/app\/uploads\/2025\/06\/tollwut-beim-pferd.jpg","contentUrl":"https:\/\/uelzener.de\/magazin\/app\/uploads\/2025\/06\/tollwut-beim-pferd.jpg","width":1025,"height":450,"caption":"Pferd wird gegen Tollwut geimpft."},{"@type":"WebSite","@id":"https:\/\/uelzener.de\/magazin\/#website","url":"https:\/\/uelzener.de\/magazin\/","name":"Uelzener Tiermagazin","description":"Online Tierratgeber der Uelzener Versicherungen","publisher":{"@id":"https:\/\/uelzener.de\/magazin\/#organization"},"potentialAction":[{"@type":"SearchAction","target":{"@type":"EntryPoint","urlTemplate":"https:\/\/uelzener.de\/magazin\/?s={search_term_string}"},"query-input":{"@type":"PropertyValueSpecification","valueRequired":true,"valueName":"search_term_string"}}],"inLanguage":"de"},{"@type":"Organization","@id":"https:\/\/uelzener.de\/magazin\/#organization","name":"Uelzener Versicherungen","url":"https:\/\/uelzener.de\/magazin\/","logo":{"@type":"ImageObject","inLanguage":"de","@id":"https:\/\/uelzener.de\/magazin\/#\/schema\/logo\/image\/","url":"https:\/\/uelzener.de\/magazin\/app\/uploads\/2024\/11\/uelzener_allgemeine_versicherungsgesellschaft_a_g_logo.jpg","contentUrl":"https:\/\/uelzener.de\/magazin\/app\/uploads\/2024\/11\/uelzener_allgemeine_versicherungsgesellschaft_a_g_logo.jpg","width":200,"height":200,"caption":"Uelzener Versicherungen"},"image":{"@id":"https:\/\/uelzener.de\/magazin\/#\/schema\/logo\/image\/"},"sameAs":["https:\/\/www.facebook.com\/Uelzener","https:\/\/instagram.com\/uelzener","https:\/\/www.xing.com\/pages\/uelzenerallgemeineversicherungs-gesellschafta-g","https:\/\/www.youtube.com\/UelzenerVersicherungen"]}]}},"_links":{"self":[{"href":"https:\/\/uelzener.de\/magazin\/wp-json\/wp\/v2\/pages\/18589","targetHints":{"allow":["GET"]}}],"collection":[{"href":"https:\/\/uelzener.de\/magazin\/wp-json\/wp\/v2\/pages"}],"about":[{"href":"https:\/\/uelzener.de\/magazin\/wp-json\/wp\/v2\/types\/page"}],"author":[{"embeddable":true,"href":"https:\/\/uelzener.de\/magazin\/wp-json\/wp\/v2\/users\/11"}],"replies":[{"embeddable":true,"href":"https:\/\/uelzener.de\/magazin\/wp-json\/wp\/v2\/comments?post=18589"}],"version-history":[{"count":1,"href":"https:\/\/uelzener.de\/magazin\/wp-json\/wp\/v2\/pages\/18589\/revisions"}],"predecessor-version":[{"id":18590,"href":"https:\/\/uelzener.de\/magazin\/wp-json\/wp\/v2\/pages\/18589\/revisions\/18590"}],"up":[{"embeddable":true,"href":"https:\/\/uelzener.de\/magazin\/wp-json\/wp\/v2\/pages\/11706"}],"wp:featuredmedia":[{"embeddable":true,"href":"https:\/\/uelzener.de\/magazin\/wp-json\/wp\/v2\/media\/18591"}],"wp:attachment":[{"href":"https:\/\/uelzener.de\/magazin\/wp-json\/wp\/v2\/media?parent=18589"}],"curies":[{"name":"wp","href":"https:\/\/api.w.org\/{rel}","templated":true}]}}