{"id":18583,"date":"2025-06-17T10:30:31","date_gmt":"2025-06-17T08:30:31","guid":{"rendered":"https:\/\/uelzener.de\/magazin\/?page_id=18583"},"modified":"2025-08-26T13:26:07","modified_gmt":"2025-08-26T11:26:07","slug":"die-javanese-katze-eleganz-auf-samtpfoten","status":"publish","type":"page","link":"https:\/\/uelzener.de\/magazin\/katze\/rasseportrait\/die-javanese-katze-eleganz-auf-samtpfoten\/","title":{"rendered":"Die Javanese-Katze: Eleganz auf Samtpfoten"},"content":{"rendered":"<p>Mit ihrem schlanken K\u00f6rperbau, ihrem ausdrucksstarken Gesicht und ihrem seidigen, halblangen Fell ist die Javanese eine echte Sch\u00f6nheit. Sie ist auch unter den Bezeichnungen Orientalisch Langhaar oder Mandarin bekannt und gilt als ausgesprochen menschenbezogen. Wer ihr Herz erobert, gewinnt einen treuen und verschmusten Begleiter. Woher die Rasse stammt, welche Besonderheiten es bei Haltung und Pflege zu beachten gibt und welche Wesensz\u00fcge die orientalische Samtpfote auszeichnen, erf\u00e4hrst du hier!<\/p>\n<h2>Rasse oder Farbvariante? Die Herkunft der Javanese<\/h2>\n<p>Die Javanese ist keine nat\u00fcrlich entstandene Katzenrasse, sondern das Ergebnis gezielter Zuchtarbeit. Ihren Ursprung hat sie \u2013 wie auch die Balinese \u2013 in der Siamkatze. Als bei der Zucht von Siamkatzen vereinzelt Kitten mit halblangem Fell auftraten, begannen amerikanische Z\u00fcchter in den 1950er-Jahren, diese gezielt weiterzuentwickeln. Daraus entstand die Balinese \u2013 eine Siamkatze mit l\u00e4ngerem, seidigem Fell und der typischen Point-Zeichnung.<\/p>\n<p>Der Name \u201eBalinese\u201c wurde gew\u00e4hlt, um anmutige Eleganz und Exotik zu suggerieren. Das war eine stilistische Entscheidung, keine geografisch begr\u00fcndete, denn mit der Insel Bali hat die Rasse nichts zu tun. Ebenso verh\u00e4lt es sich mit der Javanese: Auch sie tr\u00e4gt einen exotisch klingenden Namen ohne tats\u00e4chlichen Bezug zur Insel Java.<\/p>\n<p>Die Javanese wurde als Variante der Balinese gez\u00fcchtet, jedoch in Farbvarianten au\u00dferhalb der traditionellen Siamfarben wie Seal Point oder Blue Point. Stattdessen kamen Farben wie Rot, Creme, Schildpatt (Tortie) und Tabby (Lynx) heraus. K\u00f6rperbau und Charakter sind mit denen der Balinese vergleichbar.<\/p>\n<p>Ob es sich bei der Javanese um eine eigenst\u00e4ndige Rasse oder eine Variante der Balinese handelt, ist nicht unumstritten. Je nach Zuchtverband erfolgt die Einteilung unterschiedlich, wobei die meisten Organisationen die Javanese nicht als eigene Rasse anerkennen, sondern als Farbvariante betrachten. Die Cat Fanciers\u2019 Association (CFA) beispielsweise hat Balinese und Javanese bis 2008 als zwei getrennte Rassen gef\u00fchrt. Dann entschied man sich, beide unter dem Namen Balinese zusammenzufassen \u2013 mit zwei offiziellen Farbdivisionen:<\/p>\n<ul>\n<li aria-level=\"1\">\u00a0Balinese (klassische Siamfarben)<\/li>\n<li aria-level=\"1\">\u00a0Javanese (alle anderen Farbvarianten)<\/li>\n<\/ul>\n<p>Diese Umstrukturierung soll die Zucht und Ausstellung vereinfachen und entspricht mittlerweile internationalen Standards.<\/p>\n<h2>Das Aussehen der Javanese-Katze: Eine stilvolle Erscheinung<\/h2>\n<p>Die Javanese geh\u00f6rt zu den eher leichtgewichtigen Rassen. Weibliche Katzen bringen meist nur drei bis vier Kilogramm auf die Waage, Kater h\u00f6chstens f\u00fcnf. Ihr schlanker K\u00f6rper wirkt keineswegs schlaksig, sondern ausgesprochen elegant und drahtig. Mit ihren langen Beinen und ihrer muskul\u00f6sen Statur bewegen sie sich grazil und flink durch ihr Revier. Das halblange Haar samt buschigem Schwanz ist von besonders seidiger Qualit\u00e4t und au\u00dferdem pflegeleicht, denn dicke Unterwolle ist nicht vorhanden. Was die Farbgebung angeht, erweist sich die Rasse als vielseitig. Die Javanese gibt es in zahlreichen Farbschl\u00e4gen und jedes Tier ist ein wundersch\u00f6nes Unikat. Die exotische Optik wird durch die filigrane, dreieckig zugespitzte Gesichtsform mit mandelf\u00f6rmigen Augen unterstrichen. W\u00e4hrend Balinesen meist blau\u00e4ugig sind, leuchten die Augen von Javanese-Katzen nicht selten in einem intensiven Gr\u00fcnton. Die Ohren sind recht gro\u00df, wie es typisch f\u00fcr orientalische Samtpfoten ist.<\/p>\n<h2>Intelligent und kommunikativ: Das Wesen der Javanese-Katze<\/h2>\n<p>Katzen gelten gemeinhin als charakterstarke Gesch\u00f6pfe, die genau wissen, was sie wollen und das ihre Menschen durchaus wissen lassen. F\u00fcr orientalische Katzenrassen gilt das noch st\u00e4rker als f\u00fcr andere Stubentiger. Auch die Javanese l\u00e4sst keinen Zweifel offen, wie es um ihre Gef\u00fchlslage bestellt ist. Bekommt sie zu wenig Aufmerksamkeit, weist sie mit melodischem Miauen deutlich darauf hin, so dass auch gleich die Nachbarn Bescheid wissen. Wer eine ruhige, unabh\u00e4ngige Katze sucht, die weitgehend ihr eigenes Ding macht, sucht sich lieber eine andere Rasse aus.<\/p>\n<p>Zwar gilt die Javanese als etwas weniger fordernd als die Siam und als etwas weniger laut im Vergleich zu den Balinesen, un\u00fcberh\u00f6rbar ist sie dennoch. Das gilt nicht nur f\u00fcr Situationen, in denen sie sich vernachl\u00e4ssigt f\u00fchlt. Auch wenn man sich mit ihr besch\u00e4ftigt, bewahrt sie sich ihren gespr\u00e4chigen Charakter und f\u00fchrt regelrechte \u201eUnterhaltungen\u201d mit ihren Menschen. Javanese-Katzen sind sehr intelligent. Sie wollen Teil des Familienlebens sein, folgen ihren Zweibeinern durch die Wohnung und beteiligen sich mit gro\u00dfer Hingabe an jeder Aktivit\u00e4t. Ihre Anh\u00e4nglichkeit macht sie zu idealen Gef\u00e4hrten, sie brauchen jedoch Zeit, Aufmerksamkeit und geistige Anregung. Auch wichtig zu wissen: Javanese-Katzen entscheiden selbst, wer ihr Lieblingszweibeiner ist. Einmal zur Bezugsperson auserkoren, wird man kaum noch einsame Momente in den eigenen vier W\u00e4nden erleben.<\/p>\n<h3>Tipps zu Haltung und Pflege der Javanese<\/h3>\n<p>Trotz ihres edlen Aussehens und ihrer sch\u00f6nen Haarpracht ist die Javanese eine recht pflegeleichte Katzenrasse. Ihr Fell verfilzt kaum und erfordert in der Regel nur gelegentliches B\u00fcrsten. Da keine dichte Unterwolle vorhanden ist, haart sie weniger als viele andere Rassen, was den Reinigungsaufwand im Haushalt verringert. Gesundheitlich gilt sie als robust, doch wie bei allen Zuchtrassen sollten regelm\u00e4\u00dfige tier\u00e4rztliche Checks selbstverst\u00e4ndlich sein. Wie bei allen Katzen ist es wichtig, auf eine ausgewogene Ern\u00e4hrung zu achten, die auf die individuelle Aktivit\u00e4t und Gr\u00f6\u00dfe abgestimmt ist. Javanese-Katzen lieben Besch\u00e4ftigung, deshalb solltest du reichlich Spielm\u00f6glichkeiten zur Verf\u00fcgung stellen. Diese Rasse spricht auf Intelligenzspielzeuge, Kletterb\u00e4ume und interaktive Besch\u00e4ftigungsoptionen jeglicher Art sehr gut an.<\/p>\n<p>Da eine enge Verwandtschaft mit der Siam besteht, sind \u00e4hnliche Krankheitsdispositionen vorhanden. Beispiele f\u00fcr erblich bedingte Krankheiten, die man bei der Zucht der Javanese besonders im Blick behalten sollte:<\/p>\n<ul>\n<li aria-level=\"1\">Gangliosidose, eine Erbkrankheit, die zu schweren St\u00f6rungen des Nervensystems f\u00fchren kann<\/li>\n<li aria-level=\"1\">Mucopolysaccharidose, eine lysosomale Speicherkrankheit, die St\u00f6rungen des Knochenbaus und des Nervensystems verursachen kann<\/li>\n<li aria-level=\"1\">Progressive Retinaatrophie, eine Augenerkrankung mit fortschreitender Zerst\u00f6rung der Netzhaut bis hin zur vollst\u00e4ndigen Erblindung<\/li>\n<\/ul>\n<p>Betroffene Katzen zeigen oft bereits fr\u00fch Symptome. Wer sich ein K\u00e4tzchen aus einer Zucht anschaffen m\u00f6chte, sollte sich die Tiere genau anschauen und gegebenenfalls tier\u00e4rztlichen Rat einholen. Es ist wichtig, Katzen nur von verantwortungsvollen Z\u00fcchtern zu beziehen, die Auskunft zum Stammbaum geben k\u00f6nnen und darauf achten, ausschlie\u00dflich gesunde Tiere f\u00fcr die Zucht einzusetzen.<\/p>\n<p>Bei aller Vorsicht: Selbst wenn keine genetischen Krankheiten vorliegen, kann es immer passieren, dass deine Katze erkrankt oder sich verletzt. Mit der Katzenkrankenversicherung der Uelzener bist du in solchen F\u00e4llen finanziell gesch\u00fctzt.<\/p>\n\n<div class=\"banner\">\n    <a href=\"https:\/\/uelzener.de\/katze\/katzen-krankenversicherung\/?agt=0000104925&sem=true&utm_medium=magazin&utm_source=wordpress&utm_campaign=katze_kv&utm_content=banner\">\n        <img decoding=\"async\" width=\"300\" height=\"212\" src=\"https:\/\/uelzener.de\/magazin\/app\/uploads\/2025\/01\/Katzen-Kranken-Versicherung.jpg\" class=\"attachment-medium size-medium\" alt=\"Banner Katzen-Kranken-Versicherung\" \/>    <\/a>\n<\/div>\n\n<h3>F\u00fcr wen ist die Javanese-Katze geeignet?<\/h3>\n<p>Die Javanese ist keine \u201eNebenbei-Katze\u201c. Sie eignet sich f\u00fcr Menschen, die viel Zeit mit ihrem Tier verbringen m\u00f6chten. Familien mit \u00e4lteren Kindern, Paare oder alleinstehende Menschen, die gern eine enge Beziehung zu ihrer Katze pflegen, finden in ihr eine enthusiastische Mitbewohnerin. Lange Alleinzeiten sch\u00e4tzt sie gar nicht und wird laut miauend deutlich machen, wenn sie sich vernachl\u00e4ssigt f\u00fchlt. Mit anderen Katzen oder Hunden vertr\u00e4gt sich die Javanese in vielen F\u00e4llen gut, sofern die Zusammenf\u00fchrung behutsam gestaltet wird. Man kann sie als Wohnungskatze halten, allerdings muss ausreichend Platz zum Spielen, Klettern und Toben vorhanden sein. \u00dcber Auslauf im Freien wird sie sich freuen, allerdings sollte es nicht zu kalt drau\u00dfen sein, da die Javanese-Katze kein sehr dickes Fell hat, das sie vor niedrigen Temperaturen sch\u00fctzen k\u00f6nnte.<\/p>\n<h2>Fazit<\/h2>\n<p>Die Javanese ist mehr als nur eine h\u00fcbsche Rassekatze. Sie ist ein echtes Familienmitglied, das mit seinem verspielten, intelligenten Wesen und seiner verschmusten Art f\u00fcr reichlich Trubel sorgt und die Herzen seiner Menschen im Nu erobert. Die Javanese-Katze ist die perfekte Mischung aus Eleganz und Charakter. Sie hat durchaus Anspr\u00fcche, ist aber pflegeleicht und nicht \u00fcberm\u00e4\u00dfig anf\u00e4llig f\u00fcr Krankheiten. Wer orientalische Rassen liebt und einen treuen Begleiter f\u00fcrs Leben sucht, liegt mit der Javanese genau richtig.<\/p>\n\n<div class=\"related_articles boxed\">\n    <h2>Mehr zum Thema<\/h2>\n    \n    <div class=\"wrapper\"><div class=\"title align-center\"><h3><a href=\"https:\/\/uelzener.de\/magazin\/katze\/haltung\/katzen-aussengehege-planen-bauen\/\">Gesicherter Freilauf f\u00fcr Katzen: Au\u00dfengehege planen und bauen<\/a><\/h3><\/div><div class=\"img align-center\"><img decoding=\"async\" width=\"315\" height=\"180\" src=\"https:\/\/uelzener.de\/magazin\/app\/uploads\/2024\/05\/aussengehege-fuer-katzen-315x180.jpg\" class=\"attachment-315x180 size-315x180 wp-post-image\" alt=\"Schwarze Katze im Aussengehege.\" \/><\/div><\/div><div class=\"wrapper\"><div class=\"title align-center\"><h3><a href=\"https:\/\/uelzener.de\/magazin\/katze\/haeufige-fragen\/10-anzeichen-dass-deine-katze-dich-liebt\/\">10 Anzeichen, dass deine Katze dich liebt<\/a><\/h3><\/div><div class=\"img align-center\"><img decoding=\"async\" width=\"315\" height=\"180\" src=\"https:\/\/uelzener.de\/magazin\/app\/uploads\/2022\/02\/10-Anzeichen-dass-deine-Katze-dich-liebt-315x180.jpg\" class=\"attachment-315x180 size-315x180 wp-post-image\" alt=\"Katze kuschelt mit b\u00e4rtigem Mann, sie zeigt ihm seine Zuneigung.\" \/><\/div><\/div><div class=\"wrapper\"><div class=\"title align-center\"><h3><a href=\"https:\/\/uelzener.de\/magazin\/katze\/haltung\/hund-und-katze-aneinander-gewoehnen\/\">Katze und Hund erfolgreich aneinander gew\u00f6hnen<\/a><\/h3><\/div><div class=\"img align-center\"><img decoding=\"async\" width=\"315\" height=\"180\" src=\"https:\/\/uelzener.de\/magazin\/app\/uploads\/2016\/01\/bc506c05-52ac-4275-bb9d-e5861bd4b780-315x180.jpg\" class=\"attachment-315x180 size-315x180 wp-post-image\" alt=\"Hunde und Katzen aneinander zu gew\u00f6hnen ist nicht leicht. Damit sie wie der wei\u00dfe Hund und die Katze zusammen im K\u00f6rbchen liegen ist viel Arbeit n\u00f6tig.\" srcset=\"https:\/\/uelzener.de\/magazin\/app\/uploads\/2016\/01\/bc506c05-52ac-4275-bb9d-e5861bd4b780-315x180.jpg 315w, https:\/\/uelzener.de\/magazin\/app\/uploads\/2016\/01\/bc506c05-52ac-4275-bb9d-e5861bd4b780-650x369.jpg 650w\" sizes=\"(max-width: 315px) 100vw, 315px\" \/><\/div><\/div><\/div>\n\n<h2>FAQ: H\u00e4ufig gestellte Fragen zur Javanese-Katzenrasse<\/h2>\n<h3>Ist die Javanese-Rasse f\u00fcr Allergiker geeignet?<\/h3>\n<p>Die Javanese hat keine dichte Unterwolle, weshalb sich der Haarverlust in Grenzen h\u00e4lt. Das kann vorteilhaft f\u00fcr Menschen mit Allergien sein, allerdings produziert sie unter anderem \u00fcber Speichel und Talgdr\u00fcsen wie alle Katzen das Protein Fel d 1, das allergische Reaktionen ausl\u00f6sen kann.<\/p>\n<h3>Wie viel Bewegung braucht eine Javanese?<\/h3>\n<p>Die Rasse ist sehr aktiv und verspielt. Sie liebt es zu klettern, zu rennen und zu interagieren. Ein gut ausgestatteter Kratzbaum, Spielzeug und t\u00e4gliche Besch\u00e4ftigungseinheiten sind Pflicht, sonst wird ihr schnell langweilig. Die Javanese kann als Wohnungskatze gehalten werden, sofern genug Platz vorhanden ist und man sich ausgiebig mit der Samtpfote besch\u00e4ftigt.<\/p>\n<h3>Kann man eine Javanese allein halten?<\/h3>\n<p>Ja, das ist m\u00f6glich, man muss jedoch darauf achten, viel Zeit mit ihr zu verbringen. Andere Katzen haben vielleicht gerne ihre Ruhe, f\u00fcr die Javanese gilt das eher nicht. Sie ist sehr menschenbezogen. Wer oft au\u00dfer Haus ist, sollte \u00fcber ein zweites Tier als Spielkameraden nachdenken oder eine andere Rasse w\u00e4hlen.<\/p>\n<h3>Vertr\u00e4gt sich die Javanese mit Hunden?<\/h3>\n<p>Das ist sehr individuell. Grunds\u00e4tzlich kann das Zusammenleben mit Hunden gut funktionieren, das h\u00e4ngt jedoch erheblich vom Wesen der Hunde ab und davon, wie die Zusammenf\u00fchrung erfolgt. Die Javanese ist weder besonders \u00e4ngstlich noch aggressiv, daher kann sie durchaus auch f\u00fcr Hundehaushalte eine tolle Mitbewohnerin sein.<\/p>\n<h3>Wie laut ist eine Javanese-Katze?<\/h3>\n<p>Die Javanese geh\u00f6rt definitiv zu den gespr\u00e4chigen Katzenrassen. Sie hat eine melodische Stimme und teilt sich oft und gerne mit. Vor allem wenn sie sich nicht ausreichend beachtet f\u00fchlt, kann sie sich veranlasst sehen, anhaltend und laut zu miauen. Wer Stille liebt, sollte sich gut \u00fcberlegen, ob diese Katze zu ihm passt.<\/p>\n<h3>Wie alt wird eine Javanese-Katze?<\/h3>\n<p>Die Lebenserwartung betr\u00e4gt circa 15 Jahre. Bei guter Pflege und artgerechter Haltung kann eine Javanese aber auch \u00e4lter werden.<\/p>\n<h3>Ist die Javanese anf\u00e4llig f\u00fcr Krankheiten?<\/h3>\n<p>Sie gilt als relativ robust. Allerdings k\u00f6nnen genetisch bedingte Augen- und Stoffwechselerkrankungen auftreten, die zum Beispiel auch bei der Siamkatze vorkommen. Es ist ratsam, Katzen vor der Anschaffung auf entsprechende Symptome hin zu begutachten und nur Tiere von verantwortungsvollen Z\u00fcchtern zu kaufen.<\/p>\n","protected":false},"excerpt":{"rendered":"<p>Mit ihrem schlanken K\u00f6rperbau, ihrem ausdrucksstarken Gesicht und ihrem seidigen, halblangen Fell ist die Javanese eine echte Sch\u00f6nheit. Sie ist auch unter den Bezeichnungen Orientalisch Langhaar oder Mandarin bekannt und gilt als ausgesprochen menschenbezogen. Wer ihr Herz erobert, gewinnt einen treuen und verschmusten Begleiter. Woher die Rasse stammt, welche Besonderheiten es bei Haltung und Pflege [&hellip;]<\/p>\n","protected":false},"author":21,"featured_media":18587,"parent":2482,"menu_order":3,"comment_status":"closed","ping_status":"closed","template":"templates\/blog.php","meta":{"_acf_changed":false,"_crdt_document":"","footnotes":"","beyondwords_generate_audio":"","beyondwords_project_id":"","beyondwords_content_id":"","beyondwords_preview_token":"","beyondwords_player_style":"","beyondwords_language_id":"","beyondwords_title_voice_id":"","beyondwords_body_voice_id":"","beyondwords_summary_voice_id":"","beyondwords_error_message":"","beyondwords_disabled":"","beyondwords_delete_content":"","beyondwords_podcast_id":"","beyondwords_hash":"","publish_post_to_speechkit":"","speechkit_hash":"","speechkit_generate_audio":"","speechkit_project_id":"","speechkit_podcast_id":"","speechkit_error_message":"","speechkit_disabled":"","speechkit_access_key":"","speechkit_error":"","speechkit_info":"","speechkit_response":"","speechkit_retries":"","speechkit_status":"","speechkit_updated_at":"","_speechkit_link":"","_speechkit_text":""},"class_list":["post-18583","page","type-page","status-publish","has-post-thumbnail","hentry"],"acf":[],"yoast_head":"<!-- This site is optimized with the Yoast SEO Premium plugin  - https:\/\/yoast.com\/product\/yoast-seo-premium-wordpress\/ -->\n<title>Die Javanese-Katze: Eleganz auf Samtpfoten | Uelzener Magazin<\/title>\n<meta name=\"description\" content=\"Die Javanese ist mehr als nur eine h\u00fcbsche Rassekatze. Sie ist ein echtes Familienmitglied.\" \/>\n<meta name=\"robots\" content=\"index, follow, max-snippet:-1, max-image-preview:large, max-video-preview:-1\" \/>\n<link rel=\"canonical\" href=\"https:\/\/uelzener.de\/magazin\/katze\/rasseportrait\/die-javanese-katze-eleganz-auf-samtpfoten\/\" \/>\n<meta property=\"og:locale\" content=\"de_DE\" \/>\n<meta property=\"og:type\" content=\"article\" \/>\n<meta property=\"og:title\" content=\"Die Javanese-Katze: Eleganz auf Samtpfoten\" \/>\n<meta property=\"og:description\" content=\"Die Javanese ist mehr als nur eine h\u00fcbsche Rassekatze. Sie ist ein echtes Familienmitglied.\" \/>\n<meta property=\"og:url\" content=\"https:\/\/uelzener.de\/magazin\/katze\/rasseportrait\/die-javanese-katze-eleganz-auf-samtpfoten\/\" \/>\n<meta property=\"og:site_name\" content=\"Uelzener Tier-Magazin\" \/>\n<meta property=\"article:publisher\" content=\"https:\/\/www.facebook.com\/Uelzener\" \/>\n<meta property=\"article:modified_time\" content=\"2025-08-26T11:26:07+00:00\" \/>\n<meta property=\"og:image\" content=\"https:\/\/uelzener.de\/magazin\/app\/uploads\/2025\/06\/Javaneser.jpg\" \/>\n\t<meta property=\"og:image:width\" content=\"1025\" \/>\n\t<meta property=\"og:image:height\" content=\"450\" \/>\n\t<meta property=\"og:image:type\" content=\"image\/jpeg\" \/>\n<meta name=\"twitter:card\" content=\"summary_large_image\" \/>\n<meta name=\"twitter:label1\" content=\"Gesch\u00e4tzte Lesezeit\" \/>\n\t<meta name=\"twitter:data1\" content=\"9\u00a0Minuten\" \/>\n<script type=\"application\/ld+json\" class=\"yoast-schema-graph\">{\"@context\":\"https:\/\/schema.org\",\"@graph\":[{\"@type\":\"WebPage\",\"@id\":\"https:\/\/uelzener.de\/magazin\/katze\/rasseportrait\/die-javanese-katze-eleganz-auf-samtpfoten\/\",\"url\":\"https:\/\/uelzener.de\/magazin\/katze\/rasseportrait\/die-javanese-katze-eleganz-auf-samtpfoten\/\",\"name\":\"Die Javanese-Katze: Eleganz auf Samtpfoten | Uelzener Magazin\",\"isPartOf\":{\"@id\":\"https:\/\/uelzener.de\/magazin\/#website\"},\"primaryImageOfPage\":{\"@id\":\"https:\/\/uelzener.de\/magazin\/katze\/rasseportrait\/die-javanese-katze-eleganz-auf-samtpfoten\/#primaryimage\"},\"image\":{\"@id\":\"https:\/\/uelzener.de\/magazin\/katze\/rasseportrait\/die-javanese-katze-eleganz-auf-samtpfoten\/#primaryimage\"},\"thumbnailUrl\":\"https:\/\/uelzener.de\/magazin\/app\/uploads\/2025\/06\/Javaneser.jpg\",\"datePublished\":\"2025-06-17T08:30:31+00:00\",\"dateModified\":\"2025-08-26T11:26:07+00:00\",\"description\":\"Die Javanese ist mehr als nur eine h\u00fcbsche Rassekatze. Sie ist ein echtes Familienmitglied.\",\"breadcrumb\":{\"@id\":\"https:\/\/uelzener.de\/magazin\/katze\/rasseportrait\/die-javanese-katze-eleganz-auf-samtpfoten\/#breadcrumb\"},\"inLanguage\":\"de\",\"potentialAction\":[{\"@type\":\"ReadAction\",\"target\":[\"https:\/\/uelzener.de\/magazin\/katze\/rasseportrait\/die-javanese-katze-eleganz-auf-samtpfoten\/\"]}]},{\"@type\":\"ImageObject\",\"inLanguage\":\"de\",\"@id\":\"https:\/\/uelzener.de\/magazin\/katze\/rasseportrait\/die-javanese-katze-eleganz-auf-samtpfoten\/#primaryimage\",\"url\":\"https:\/\/uelzener.de\/magazin\/app\/uploads\/2025\/06\/Javaneser.jpg\",\"contentUrl\":\"https:\/\/uelzener.de\/magazin\/app\/uploads\/2025\/06\/Javaneser.jpg\",\"width\":1025,\"height\":450,\"caption\":\"Eine graue Javanese Katze liegt auf einer Decke.\"},{\"@type\":\"WebSite\",\"@id\":\"https:\/\/uelzener.de\/magazin\/#website\",\"url\":\"https:\/\/uelzener.de\/magazin\/\",\"name\":\"Uelzener Tiermagazin\",\"description\":\"Online Tierratgeber der Uelzener Versicherungen\",\"publisher\":{\"@id\":\"https:\/\/uelzener.de\/magazin\/#organization\"},\"potentialAction\":[{\"@type\":\"SearchAction\",\"target\":{\"@type\":\"EntryPoint\",\"urlTemplate\":\"https:\/\/uelzener.de\/magazin\/?s={search_term_string}\"},\"query-input\":{\"@type\":\"PropertyValueSpecification\",\"valueRequired\":true,\"valueName\":\"search_term_string\"}}],\"inLanguage\":\"de\"},{\"@type\":\"Organization\",\"@id\":\"https:\/\/uelzener.de\/magazin\/#organization\",\"name\":\"Uelzener Versicherungen\",\"url\":\"https:\/\/uelzener.de\/magazin\/\",\"logo\":{\"@type\":\"ImageObject\",\"inLanguage\":\"de\",\"@id\":\"https:\/\/uelzener.de\/magazin\/#\/schema\/logo\/image\/\",\"url\":\"https:\/\/uelzener.de\/magazin\/app\/uploads\/2024\/11\/uelzener_allgemeine_versicherungsgesellschaft_a_g_logo.jpg\",\"contentUrl\":\"https:\/\/uelzener.de\/magazin\/app\/uploads\/2024\/11\/uelzener_allgemeine_versicherungsgesellschaft_a_g_logo.jpg\",\"width\":200,\"height\":200,\"caption\":\"Uelzener Versicherungen\"},\"image\":{\"@id\":\"https:\/\/uelzener.de\/magazin\/#\/schema\/logo\/image\/\"},\"sameAs\":[\"https:\/\/www.facebook.com\/Uelzener\",\"https:\/\/instagram.com\/uelzener\",\"https:\/\/www.xing.com\/pages\/uelzenerallgemeineversicherungs-gesellschafta-g\",\"https:\/\/www.youtube.com\/UelzenerVersicherungen\"]}]}<\/script>\n<!-- \/ Yoast SEO Premium plugin. -->","yoast_head_json":{"title":"Die Javanese-Katze: Eleganz auf Samtpfoten | Uelzener Magazin","description":"Die Javanese ist mehr als nur eine h\u00fcbsche Rassekatze. Sie ist ein echtes Familienmitglied.","robots":{"index":"index","follow":"follow","max-snippet":"max-snippet:-1","max-image-preview":"max-image-preview:large","max-video-preview":"max-video-preview:-1"},"canonical":"https:\/\/uelzener.de\/magazin\/katze\/rasseportrait\/die-javanese-katze-eleganz-auf-samtpfoten\/","og_locale":"de_DE","og_type":"article","og_title":"Die Javanese-Katze: Eleganz auf Samtpfoten","og_description":"Die Javanese ist mehr als nur eine h\u00fcbsche Rassekatze. Sie ist ein echtes Familienmitglied.","og_url":"https:\/\/uelzener.de\/magazin\/katze\/rasseportrait\/die-javanese-katze-eleganz-auf-samtpfoten\/","og_site_name":"Uelzener Tier-Magazin","article_publisher":"https:\/\/www.facebook.com\/Uelzener","article_modified_time":"2025-08-26T11:26:07+00:00","og_image":[{"width":1025,"height":450,"url":"https:\/\/uelzener.de\/magazin\/app\/uploads\/2025\/06\/Javaneser.jpg","type":"image\/jpeg"}],"twitter_card":"summary_large_image","twitter_misc":{"Gesch\u00e4tzte Lesezeit":"9\u00a0Minuten"},"schema":{"@context":"https:\/\/schema.org","@graph":[{"@type":"WebPage","@id":"https:\/\/uelzener.de\/magazin\/katze\/rasseportrait\/die-javanese-katze-eleganz-auf-samtpfoten\/","url":"https:\/\/uelzener.de\/magazin\/katze\/rasseportrait\/die-javanese-katze-eleganz-auf-samtpfoten\/","name":"Die Javanese-Katze: Eleganz auf Samtpfoten | Uelzener Magazin","isPartOf":{"@id":"https:\/\/uelzener.de\/magazin\/#website"},"primaryImageOfPage":{"@id":"https:\/\/uelzener.de\/magazin\/katze\/rasseportrait\/die-javanese-katze-eleganz-auf-samtpfoten\/#primaryimage"},"image":{"@id":"https:\/\/uelzener.de\/magazin\/katze\/rasseportrait\/die-javanese-katze-eleganz-auf-samtpfoten\/#primaryimage"},"thumbnailUrl":"https:\/\/uelzener.de\/magazin\/app\/uploads\/2025\/06\/Javaneser.jpg","datePublished":"2025-06-17T08:30:31+00:00","dateModified":"2025-08-26T11:26:07+00:00","description":"Die Javanese ist mehr als nur eine h\u00fcbsche Rassekatze. Sie ist ein echtes Familienmitglied.","breadcrumb":{"@id":"https:\/\/uelzener.de\/magazin\/katze\/rasseportrait\/die-javanese-katze-eleganz-auf-samtpfoten\/#breadcrumb"},"inLanguage":"de","potentialAction":[{"@type":"ReadAction","target":["https:\/\/uelzener.de\/magazin\/katze\/rasseportrait\/die-javanese-katze-eleganz-auf-samtpfoten\/"]}]},{"@type":"ImageObject","inLanguage":"de","@id":"https:\/\/uelzener.de\/magazin\/katze\/rasseportrait\/die-javanese-katze-eleganz-auf-samtpfoten\/#primaryimage","url":"https:\/\/uelzener.de\/magazin\/app\/uploads\/2025\/06\/Javaneser.jpg","contentUrl":"https:\/\/uelzener.de\/magazin\/app\/uploads\/2025\/06\/Javaneser.jpg","width":1025,"height":450,"caption":"Eine graue Javanese Katze liegt auf einer Decke."},{"@type":"WebSite","@id":"https:\/\/uelzener.de\/magazin\/#website","url":"https:\/\/uelzener.de\/magazin\/","name":"Uelzener Tiermagazin","description":"Online Tierratgeber der Uelzener Versicherungen","publisher":{"@id":"https:\/\/uelzener.de\/magazin\/#organization"},"potentialAction":[{"@type":"SearchAction","target":{"@type":"EntryPoint","urlTemplate":"https:\/\/uelzener.de\/magazin\/?s={search_term_string}"},"query-input":{"@type":"PropertyValueSpecification","valueRequired":true,"valueName":"search_term_string"}}],"inLanguage":"de"},{"@type":"Organization","@id":"https:\/\/uelzener.de\/magazin\/#organization","name":"Uelzener Versicherungen","url":"https:\/\/uelzener.de\/magazin\/","logo":{"@type":"ImageObject","inLanguage":"de","@id":"https:\/\/uelzener.de\/magazin\/#\/schema\/logo\/image\/","url":"https:\/\/uelzener.de\/magazin\/app\/uploads\/2024\/11\/uelzener_allgemeine_versicherungsgesellschaft_a_g_logo.jpg","contentUrl":"https:\/\/uelzener.de\/magazin\/app\/uploads\/2024\/11\/uelzener_allgemeine_versicherungsgesellschaft_a_g_logo.jpg","width":200,"height":200,"caption":"Uelzener Versicherungen"},"image":{"@id":"https:\/\/uelzener.de\/magazin\/#\/schema\/logo\/image\/"},"sameAs":["https:\/\/www.facebook.com\/Uelzener","https:\/\/instagram.com\/uelzener","https:\/\/www.xing.com\/pages\/uelzenerallgemeineversicherungs-gesellschafta-g","https:\/\/www.youtube.com\/UelzenerVersicherungen"]}]}},"_links":{"self":[{"href":"https:\/\/uelzener.de\/magazin\/wp-json\/wp\/v2\/pages\/18583","targetHints":{"allow":["GET"]}}],"collection":[{"href":"https:\/\/uelzener.de\/magazin\/wp-json\/wp\/v2\/pages"}],"about":[{"href":"https:\/\/uelzener.de\/magazin\/wp-json\/wp\/v2\/types\/page"}],"author":[{"embeddable":true,"href":"https:\/\/uelzener.de\/magazin\/wp-json\/wp\/v2\/users\/21"}],"replies":[{"embeddable":true,"href":"https:\/\/uelzener.de\/magazin\/wp-json\/wp\/v2\/comments?post=18583"}],"version-history":[{"count":6,"href":"https:\/\/uelzener.de\/magazin\/wp-json\/wp\/v2\/pages\/18583\/revisions"}],"predecessor-version":[{"id":18991,"href":"https:\/\/uelzener.de\/magazin\/wp-json\/wp\/v2\/pages\/18583\/revisions\/18991"}],"up":[{"embeddable":true,"href":"https:\/\/uelzener.de\/magazin\/wp-json\/wp\/v2\/pages\/2482"}],"wp:featuredmedia":[{"embeddable":true,"href":"https:\/\/uelzener.de\/magazin\/wp-json\/wp\/v2\/media\/18587"}],"wp:attachment":[{"href":"https:\/\/uelzener.de\/magazin\/wp-json\/wp\/v2\/media?parent=18583"}],"curies":[{"name":"wp","href":"https:\/\/api.w.org\/{rel}","templated":true}]}}