{"id":18576,"date":"2025-06-17T09:15:53","date_gmt":"2025-06-17T07:15:53","guid":{"rendered":"https:\/\/uelzener.de\/magazin\/?page_id=18576"},"modified":"2025-06-19T11:40:11","modified_gmt":"2025-06-19T09:40:11","slug":"warum-braucht-ein-pferd-hufeisen","status":"publish","type":"page","link":"https:\/\/uelzener.de\/magazin\/pferd\/haeufige-fragen\/warum-braucht-ein-pferd-hufeisen\/","title":{"rendered":"Warum braucht ein Pferd Hufeisen?"},"content":{"rendered":"<p class=\"ai-optimize-7 ai-optimize-introduction\">Intakte, starke Hufe sind f\u00fcr die Gesundheit eines Pferdes sehr wichtig. Fehlstellungen und anderweitige Probleme k\u00f6nnen nicht nur Schmerzen verursachen, sondern auch Auswirkungen auf andere K\u00f6rperteile haben und die Lebensqualit\u00e4t des Tieres beeintr\u00e4chtigen. Hufeisen k\u00f6nnen dazu beitragen, die Pferdehufe zu sch\u00fctzen und gesund zu halten. Doch warum ist das so, wenn Wildpferde doch ohne zus\u00e4tzlichen Schutz auskommen? In diesem Artikel erkl\u00e4ren wir, wie der Hufmechanismus funktioniert, welchen Zweck Hufeisen erf\u00fcllen und was f\u00fcr Alternativen es gibt.<\/p>\n<h2 class=\"ai-optimize-8\"><b>Der Hufmechanismus erkl\u00e4rt<\/b><\/h2>\n<p class=\"ai-optimize-9\">Der Huf eines Pferdes besteht aus mehreren Hornschichten, die permanent nachwachsen, \u00e4hnlich wie menschliche Fingern\u00e4gel. In der Natur legen Pferde t\u00e4glich viele Kilometer auf wechselndem Untergrund zur\u00fcck, wodurch sich die Hufe auf nat\u00fcrliche Weise abnutzen und gesund gehalten werden.<\/p>\n<p class=\"ai-optimize-10\">Trotz seines robusten \u00c4u\u00dferen ist der Huf elastisch. Diese Elastizit\u00e4t ist entscheidend f\u00fcr einen gesunden Bewegungsablauf: Beim Aufsetzen dehnt sich der Huf leicht aus, wodurch ein Druck auf Hufpolster und Strahl entsteht und Blut in die Huflederhaut str\u00f6mt. Beim Abheben nehmen die Hufe wieder ihre urspr\u00fcngliche Form ein. Dieser Mechanismus f\u00f6rdert die Durchblutung des gesamten Pferdebeins und erm\u00f6glicht es dem Huf, sich an unebene Gr\u00fcnde anzupassen.<\/p>\n<p class=\"ai-optimize-11\">Auch dar\u00fcber hinaus \u00fcbernimmt der Huf wichtige Funktionen: Er tr\u00e4gt das gesamte Gewicht des Pferdes und wirkt als nat\u00fcrlicher Sto\u00dfd\u00e4mpfer beim Laufen.<\/p>\n<h2 class=\"ai-optimize-12\"><b>Wof\u00fcr brauchen Pferde zus\u00e4tzlichen Schutz?<\/b><\/h2>\n<p class=\"ai-optimize-13\">Anders als ihre wildlebenden Verwandten sind Hauspferde oft ganz anderen Belastungen ausgesetzt. Sie laufen auf harten Wegen, tragen das Gewicht von Reiter oder Reiterin oder ziehen Kutschen. Das kann dazu f\u00fchren, dass sich die Hufe zu stark oder ungleichm\u00e4\u00dfig abnutzen oder Verletzungen entstehen. Die Folgen k\u00f6nnen Hufrisse, Schmerzen, Fehlstellungen oder Lahmheit sein. Hier bieten Hufeisen eine L\u00f6sung.<\/p>\n<h2 class=\"ai-optimize-14\"><b>Warum bekommen Pferd Hufeisen?<\/b><\/h2>\n<p class=\"ai-optimize-15\">Hufeisen sind gebogene Eisen- oder Aluminiumbeschl\u00e4ge, die mit speziellen N\u00e4geln am \u00e4u\u00dferen, gef\u00fchllosen Teil des Hufs befestigt werden. Sie k\u00f6nnen verschiedene Zwecke erf\u00fcllen. Die wichtigsten Gr\u00fcnde f\u00fcr den Einsatz von Hufeisen sind:<\/p>\n<ul>\n<li class=\"ai-optimize-16\" aria-level=\"1\"><b>Schutz vor Abnutzung: <\/b>Je mehr ein Pferd auf hartem Untergrund wie Asphalt oder Schotter l\u00e4uft, desto mehr reiben sich die Hufe ab. Kommt der Huf nicht mit dem Nachwachsen hinterher, braucht er Schutz, beispielsweise in Form von Hufeisen. Bei \u00fcberm\u00e4\u00dfiger Abnutzung drohen n\u00e4mlich gesundheitliche Probleme wie Hufgeschw\u00fcre oder Huflederhautentz\u00fcndungen.<\/li>\n<\/ul>\n<ul>\n<li class=\"ai-optimize-17\" aria-level=\"1\"><b>Verbesserte Bodenhaftung: <\/b>Hufeisen mit speziellen Profilen k\u00f6nnen die Traktion und damit die Trittsicherheit auf glatten oder rutschigen B\u00f6den verbessern.<\/li>\n<\/ul>\n<ul>\n<li class=\"ai-optimize-18\" aria-level=\"1\"><b>Korrektur von Fehlstellungen: <\/b>Bei Fehlstellungen oder orthop\u00e4dischen Problemen k\u00f6nnen spezielle Beschl\u00e4ge entlastend oder korrigierend wirken und Schmerzen lindern.<\/li>\n<li class=\"ai-optimize-19\" aria-level=\"1\"><b>Therapeutische Zwecke: <\/b>Bei <a href=\"https:\/\/uelzener.de\/magazin\/pferd\/haeufige-fragen\/liste-haeufigste-pferdekrankheiten-operationen\/\">Erkrankungen<\/a> wie Hufrehe kann ein therapeutischer Spezialbeschlag zur Behandlung eingesetzt werden.<\/li>\n<\/ul>\n<p class=\"ai-optimize-20\">Wichtig zu beachten: Da das Eisen nicht mit dem Huf wachsen kann und sich der Huf unter dem Eisen nicht nat\u00fcrlich abnutzt, muss <a href=\"https:\/\/uelzener.de\/magazin\/pferd\/erziehung-und-training\/angstfrei-zum-schmied\/\">der Hufschmied oder die Hufschmiedin<\/a> regelm\u00e4\u00dfig Anpassungen vornehmen. Etwa alle sechs bis acht Wochen m\u00fcssen die Hufe gek\u00fcrzt und gegebenenfalls neu beschlagen werden.<\/p>\n<h2 class=\"ai-optimize-21\"><b>Hufeisen nutzen oder Pferd lieber barhuf laufen lassen?<\/b><\/h2>\n<p class=\"ai-optimize-22\">In der Pferdewelt sind Hufeisen ein viel diskutiertes Thema. Die einen vertreten die Meinung, dass ein unbeschlagener Huf grunds\u00e4tzlich ges\u00fcnder sei, da Hufeisen den nat\u00fcrlichen Hufmechanismus einschr\u00e4nken w\u00fcrden, w\u00e4hrend die anderen den Beschlag f\u00fcr notwendig halten. Die Wahrheit liegt dazwischen: Es l\u00e4sst sich nicht pauschal sagen, ob ein Pferd von Hufeisen profitiert oder nicht. Jedes Tier ist individuell und hat andere Anspr\u00fcche, abh\u00e4ngig von Faktoren wie Genetik, Bewegungspensum oder dem Untergrund, auf dem es sich vorrangig bewegt. Die Entscheidung, ob sich Hufeisen f\u00fcr das Pferd eignen, sollte daher immer in Abstimmung mit einem Experten oder einer Expertin getroffen werden.<\/p>\n<p class=\"ai-optimize-23\">Ob mit oder ohne Hufeisen \u2013 zu Hufproblemen kann es immer kommen. In solchen F\u00e4llen leistet eine Pferdekrankenversicherung gute Dienste. Sie \u00fcbernimmt anfallende Tierarztkosten und sch\u00fctzt auf diese Weise vor finanziellen Belastungen.<\/p>\n<p class=\"ai-optimize-6\">\n<div class=\"banner\">\n    <a href=\"https:\/\/uelzener.de\/pferd\/herden-versicherung\/?agt=0000104925&sem=true&utm_medium=magazin&utm_source=wordpress&utm_campaign=pferd_kv&utm_content=banner    \">\n        <img decoding=\"async\" width=\"300\" height=\"212\" src=\"https:\/\/uelzener.de\/magazin\/app\/uploads\/2025\/01\/Pferde-Kranken-Versicherung.jpg\" class=\"attachment-medium size-medium\" alt=\"Banner Pferde-Kranken-Versicherung\" \/>    <\/a>\n<\/div>\n<\/p>\n<h2 class=\"ai-optimize-40\"><b>Alternativen zu Hufeisen<\/b><\/h2>\n<p class=\"ai-optimize-25\">Wer sein Pferd nicht mit Hufeisen beschlagen lassen m\u00f6chte, dem bieten sich einige Alternativen.<\/p>\n<ul>\n<li class=\"ai-optimize-26\" aria-level=\"1\"><b>Hufschuhe: <\/b>Hufschuhe werden nur bei Bedarf \u00fcbergezogen, etwa f\u00fcr Ritte auf steinigem Gel\u00e4nde. Zudem sind sie eine gute L\u00f6sung f\u00fcr die \u00dcbergangsphase vom Hufeisen zum Barhuf oder w\u00e4hrend Beschlagpausen. Hufschuhe bieten Schutz, ohne den Huf dauerhaft zu ver\u00e4ndern, sind jedoch weniger stabil und eher aufwendig in der Anwendung. Genau wie bei Hufeisen gilt, dass sie genau passen m\u00fcssen und der Sitz regelm\u00e4\u00dfig von einer fachkundigen Person \u00fcberpr\u00fcft werden muss.<\/li>\n<li class=\"ai-optimize-27\" aria-level=\"1\"><b>Klebebeschlag und Klebeschuhe: <\/b>Klebebeschl\u00e4ge und -schuhe sind oft aus Kunststoff gefertigt und werden mithilfe von Zweikomponentenkleber oder Polyurethankleber am Huf befestigt. Sie eignen sich besonders f\u00fcr Pferde mit gesch\u00e4digten oder empfindlichen Hufen, bei denen das Festnageln von Hufeisen nicht m\u00f6glich ist. Die Anbringung erfolgt auch hier durch einen Experten oder eine Expertin.<\/li>\n<\/ul>\n<p class=\"ai-optimize-28\">Grunds\u00e4tzlich k\u00f6nnen Hufschuhe und Klebebeschl\u00e4ge eine schonende und flexible L\u00f6sung f\u00fcr Pferde sein, die aus gesundheitlichen oder anderen Gr\u00fcnden keine Hufeisen tragen k\u00f6nnen.<\/p>\n<h2 class=\"ai-optimize-29\"><b>Die Umstellung von Hufeisen auf Barhuf<\/b><\/h2>\n<p class=\"ai-optimize-30\">Pferde, die l\u00e4ngere Zeit Hufeisen getragen haben und auf das Barhuflaufen umgestellt werden sollen, ben\u00f6tigen eine ausreichend lange \u00dcbergangsphase. Nachdem die Hufeisen entfernt wurden, ist der Huf oft empfindlich und braucht Zeit, um sich an die neue Belastung zu gew\u00f6hnen. Diese Umstellung kann mehrere Monate dauern. Besonders wichtig w\u00e4hrenddessen sind regelm\u00e4\u00dfige Hufkontrollen und sanfte Bewegung auf geeigneten B\u00f6den.<\/p>\n<h2 class=\"ai-optimize-31\"><b>Fazit<\/b><\/h2>\n<p class=\"ai-optimize-32\">Hufeisen k\u00f6nnen dazu beitragen, die Pferdehufe vor Verletzungen und zu starker Abnutzung zu sch\u00fctzen. Gleichzeitig k\u00f6nnen sie zu therapeutischen Zwecken eingesetzt werden, etwa um bei Fehlstellungen zu entlasten. Trotzdem sind Hufeisen kein Muss. Es gibt schonende Alternativen, die bei sachgerechter Anwendung ebenfalls gute Dienste leisten. Wichtig ist, jeden Fall individuell zu betrachten und gemeinsam mit Fachleuten die beste Entscheidung f\u00fcr das Pferd zu treffen. Denn f\u00fcr dessen Wohlbefinden und Leistungsf\u00e4higkeit sind gesunde Hufe eine wichtige Grundlage \u2013 ob mit oder ohne Eisen.<\/p>\n<h2 class=\"ai-optimize-33\"><b>FAQ: H\u00e4ufig gestellte Fragen zum Thema Hufeisen<\/b><\/h2>\n<h3 class=\"ai-optimize-34\"><b>Tut der Beschlag mit Hufeisen dem Pferd weh?<\/b><\/h3>\n<p class=\"ai-optimize-35\">Hufeisen werden am gef\u00fchllosen Teil des Hufeisens befestigt, so dass das Anbringen bei fachgerechter Ausf\u00fchrung schmerzfrei f\u00fcr das Pferd ist.<\/p>\n<h3 class=\"ai-optimize-36\"><b>Wie erkenne ich, ob mein Pferd Hufprobleme hat?<\/b><\/h3>\n<p class=\"ai-optimize-37\">Anzeichen f\u00fcr Hufprobleme sind Lahmheit, ein unregelm\u00e4\u00dfiges\/ver\u00e4ndertes Gangbild, Risse oder Ausbr\u00fcche im Huf sowie ein Abwehrverhalten beim Hufegeben. In solchen F\u00e4llen ist es wichtig, das Pferd tier\u00e4rztlich untersuchen zu lassen.<\/p>\n<h3 class=\"ai-optimize-38\"><b>Was kostet ein Hufbeschlag?<\/b><\/h3>\n<p class=\"ai-optimize-39\">Je nach Region, Material und Aufwand liegen die Kosten pro Beschlag zwischen ca. 80 und 150 Euro.<\/p>\n","protected":false},"excerpt":{"rendered":"<p>Intakte, starke Hufe sind f\u00fcr die Gesundheit eines Pferdes sehr wichtig. Fehlstellungen und anderweitige Probleme k\u00f6nnen nicht nur Schmerzen verursachen, sondern auch Auswirkungen auf andere K\u00f6rperteile haben und die Lebensqualit\u00e4t des Tieres beeintr\u00e4chtigen. Hufeisen k\u00f6nnen dazu beitragen, die Pferdehufe zu sch\u00fctzen und gesund zu halten. Doch warum ist das so, wenn Wildpferde doch ohne zus\u00e4tzlichen [&hellip;]<\/p>\n","protected":false},"author":21,"featured_media":18579,"parent":11685,"menu_order":13,"comment_status":"closed","ping_status":"closed","template":"templates\/blog.php","meta":{"_acf_changed":false,"_crdt_document":"","footnotes":"","beyondwords_generate_audio":"","beyondwords_project_id":"","beyondwords_content_id":"","beyondwords_preview_token":"","beyondwords_player_style":"","beyondwords_language_id":"","beyondwords_title_voice_id":"","beyondwords_body_voice_id":"","beyondwords_summary_voice_id":"","beyondwords_error_message":"","beyondwords_disabled":"","beyondwords_delete_content":"","beyondwords_podcast_id":"","beyondwords_hash":"","publish_post_to_speechkit":"","speechkit_hash":"","speechkit_generate_audio":"","speechkit_project_id":"","speechkit_podcast_id":"","speechkit_error_message":"","speechkit_disabled":"","speechkit_access_key":"","speechkit_error":"","speechkit_info":"","speechkit_response":"","speechkit_retries":"","speechkit_status":"","speechkit_updated_at":"","_speechkit_link":"","_speechkit_text":""},"class_list":["post-18576","page","type-page","status-publish","has-post-thumbnail","hentry"],"acf":[],"yoast_head":"<!-- This site is optimized with the Yoast SEO Premium plugin  - https:\/\/yoast.com\/product\/yoast-seo-premium-wordpress\/ -->\n<title>Warum braucht ein Pferd Hufeisen? | Uelzener Magazin<\/title>\n<meta name=\"description\" content=\"Hufeisen k\u00f6nnen dazu beitragen, die Pferdehufe vor Verletzungen und zu starker Abnutzung zu sch\u00fctzen.\" \/>\n<meta name=\"robots\" content=\"index, follow, max-snippet:-1, max-image-preview:large, max-video-preview:-1\" \/>\n<link rel=\"canonical\" href=\"https:\/\/uelzener.de\/magazin\/pferd\/haeufige-fragen\/warum-braucht-ein-pferd-hufeisen\/\" \/>\n<meta property=\"og:locale\" content=\"de_DE\" \/>\n<meta property=\"og:type\" content=\"article\" \/>\n<meta property=\"og:title\" content=\"Warum braucht ein Pferd Hufeisen?\" \/>\n<meta property=\"og:description\" content=\"Hufeisen k\u00f6nnen dazu beitragen, die Pferdehufe vor Verletzungen und zu starker Abnutzung zu sch\u00fctzen.\" \/>\n<meta property=\"og:url\" content=\"https:\/\/uelzener.de\/magazin\/pferd\/haeufige-fragen\/warum-braucht-ein-pferd-hufeisen\/\" \/>\n<meta property=\"og:site_name\" content=\"Uelzener Tier-Magazin\" \/>\n<meta property=\"article:publisher\" content=\"https:\/\/www.facebook.com\/Uelzener\" \/>\n<meta property=\"article:modified_time\" content=\"2025-06-19T09:40:11+00:00\" \/>\n<meta property=\"og:image\" content=\"https:\/\/uelzener.de\/magazin\/app\/uploads\/2025\/06\/Pferdehufen.jpg\" \/>\n\t<meta property=\"og:image:width\" content=\"1025\" \/>\n\t<meta property=\"og:image:height\" content=\"450\" \/>\n\t<meta property=\"og:image:type\" content=\"image\/jpeg\" \/>\n<meta name=\"twitter:card\" content=\"summary_large_image\" \/>\n<meta name=\"twitter:label1\" content=\"Gesch\u00e4tzte Lesezeit\" \/>\n\t<meta name=\"twitter:data1\" content=\"6\u00a0Minuten\" \/>\n<script type=\"application\/ld+json\" class=\"yoast-schema-graph\">{\"@context\":\"https:\/\/schema.org\",\"@graph\":[{\"@type\":\"WebPage\",\"@id\":\"https:\/\/uelzener.de\/magazin\/pferd\/haeufige-fragen\/warum-braucht-ein-pferd-hufeisen\/\",\"url\":\"https:\/\/uelzener.de\/magazin\/pferd\/haeufige-fragen\/warum-braucht-ein-pferd-hufeisen\/\",\"name\":\"Warum braucht ein Pferd Hufeisen? | Uelzener Magazin\",\"isPartOf\":{\"@id\":\"https:\/\/uelzener.de\/magazin\/#website\"},\"primaryImageOfPage\":{\"@id\":\"https:\/\/uelzener.de\/magazin\/pferd\/haeufige-fragen\/warum-braucht-ein-pferd-hufeisen\/#primaryimage\"},\"image\":{\"@id\":\"https:\/\/uelzener.de\/magazin\/pferd\/haeufige-fragen\/warum-braucht-ein-pferd-hufeisen\/#primaryimage\"},\"thumbnailUrl\":\"https:\/\/uelzener.de\/magazin\/app\/uploads\/2025\/06\/Pferdehufen.jpg\",\"datePublished\":\"2025-06-17T07:15:53+00:00\",\"dateModified\":\"2025-06-19T09:40:11+00:00\",\"description\":\"Hufeisen k\u00f6nnen dazu beitragen, die Pferdehufe vor Verletzungen und zu starker Abnutzung zu sch\u00fctzen.\",\"breadcrumb\":{\"@id\":\"https:\/\/uelzener.de\/magazin\/pferd\/haeufige-fragen\/warum-braucht-ein-pferd-hufeisen\/#breadcrumb\"},\"inLanguage\":\"de\",\"potentialAction\":[{\"@type\":\"ReadAction\",\"target\":[\"https:\/\/uelzener.de\/magazin\/pferd\/haeufige-fragen\/warum-braucht-ein-pferd-hufeisen\/\"]}]},{\"@type\":\"ImageObject\",\"inLanguage\":\"de\",\"@id\":\"https:\/\/uelzener.de\/magazin\/pferd\/haeufige-fragen\/warum-braucht-ein-pferd-hufeisen\/#primaryimage\",\"url\":\"https:\/\/uelzener.de\/magazin\/app\/uploads\/2025\/06\/Pferdehufen.jpg\",\"contentUrl\":\"https:\/\/uelzener.de\/magazin\/app\/uploads\/2025\/06\/Pferdehufen.jpg\",\"width\":1025,\"height\":450,\"caption\":\"Auf dem Bild ist eine Herde Pferde zu sehen. Alle Pferde gallopieren auf einer Weide. Der Zoom ist auf die Hufen der Pferde ausgerichtet.\"},{\"@type\":\"WebSite\",\"@id\":\"https:\/\/uelzener.de\/magazin\/#website\",\"url\":\"https:\/\/uelzener.de\/magazin\/\",\"name\":\"Uelzener Tiermagazin\",\"description\":\"Online Tierratgeber der Uelzener Versicherungen\",\"publisher\":{\"@id\":\"https:\/\/uelzener.de\/magazin\/#organization\"},\"potentialAction\":[{\"@type\":\"SearchAction\",\"target\":{\"@type\":\"EntryPoint\",\"urlTemplate\":\"https:\/\/uelzener.de\/magazin\/?s={search_term_string}\"},\"query-input\":{\"@type\":\"PropertyValueSpecification\",\"valueRequired\":true,\"valueName\":\"search_term_string\"}}],\"inLanguage\":\"de\"},{\"@type\":\"Organization\",\"@id\":\"https:\/\/uelzener.de\/magazin\/#organization\",\"name\":\"Uelzener Versicherungen\",\"url\":\"https:\/\/uelzener.de\/magazin\/\",\"logo\":{\"@type\":\"ImageObject\",\"inLanguage\":\"de\",\"@id\":\"https:\/\/uelzener.de\/magazin\/#\/schema\/logo\/image\/\",\"url\":\"https:\/\/uelzener.de\/magazin\/app\/uploads\/2024\/11\/uelzener_allgemeine_versicherungsgesellschaft_a_g_logo.jpg\",\"contentUrl\":\"https:\/\/uelzener.de\/magazin\/app\/uploads\/2024\/11\/uelzener_allgemeine_versicherungsgesellschaft_a_g_logo.jpg\",\"width\":200,\"height\":200,\"caption\":\"Uelzener Versicherungen\"},\"image\":{\"@id\":\"https:\/\/uelzener.de\/magazin\/#\/schema\/logo\/image\/\"},\"sameAs\":[\"https:\/\/www.facebook.com\/Uelzener\",\"https:\/\/instagram.com\/uelzener\",\"https:\/\/www.xing.com\/pages\/uelzenerallgemeineversicherungs-gesellschafta-g\",\"https:\/\/www.youtube.com\/UelzenerVersicherungen\"]}]}<\/script>\n<!-- \/ Yoast SEO Premium plugin. -->","yoast_head_json":{"title":"Warum braucht ein Pferd Hufeisen? | Uelzener Magazin","description":"Hufeisen k\u00f6nnen dazu beitragen, die Pferdehufe vor Verletzungen und zu starker Abnutzung zu sch\u00fctzen.","robots":{"index":"index","follow":"follow","max-snippet":"max-snippet:-1","max-image-preview":"max-image-preview:large","max-video-preview":"max-video-preview:-1"},"canonical":"https:\/\/uelzener.de\/magazin\/pferd\/haeufige-fragen\/warum-braucht-ein-pferd-hufeisen\/","og_locale":"de_DE","og_type":"article","og_title":"Warum braucht ein Pferd Hufeisen?","og_description":"Hufeisen k\u00f6nnen dazu beitragen, die Pferdehufe vor Verletzungen und zu starker Abnutzung zu sch\u00fctzen.","og_url":"https:\/\/uelzener.de\/magazin\/pferd\/haeufige-fragen\/warum-braucht-ein-pferd-hufeisen\/","og_site_name":"Uelzener Tier-Magazin","article_publisher":"https:\/\/www.facebook.com\/Uelzener","article_modified_time":"2025-06-19T09:40:11+00:00","og_image":[{"width":1025,"height":450,"url":"https:\/\/uelzener.de\/magazin\/app\/uploads\/2025\/06\/Pferdehufen.jpg","type":"image\/jpeg"}],"twitter_card":"summary_large_image","twitter_misc":{"Gesch\u00e4tzte Lesezeit":"6\u00a0Minuten"},"schema":{"@context":"https:\/\/schema.org","@graph":[{"@type":"WebPage","@id":"https:\/\/uelzener.de\/magazin\/pferd\/haeufige-fragen\/warum-braucht-ein-pferd-hufeisen\/","url":"https:\/\/uelzener.de\/magazin\/pferd\/haeufige-fragen\/warum-braucht-ein-pferd-hufeisen\/","name":"Warum braucht ein Pferd Hufeisen? | Uelzener Magazin","isPartOf":{"@id":"https:\/\/uelzener.de\/magazin\/#website"},"primaryImageOfPage":{"@id":"https:\/\/uelzener.de\/magazin\/pferd\/haeufige-fragen\/warum-braucht-ein-pferd-hufeisen\/#primaryimage"},"image":{"@id":"https:\/\/uelzener.de\/magazin\/pferd\/haeufige-fragen\/warum-braucht-ein-pferd-hufeisen\/#primaryimage"},"thumbnailUrl":"https:\/\/uelzener.de\/magazin\/app\/uploads\/2025\/06\/Pferdehufen.jpg","datePublished":"2025-06-17T07:15:53+00:00","dateModified":"2025-06-19T09:40:11+00:00","description":"Hufeisen k\u00f6nnen dazu beitragen, die Pferdehufe vor Verletzungen und zu starker Abnutzung zu sch\u00fctzen.","breadcrumb":{"@id":"https:\/\/uelzener.de\/magazin\/pferd\/haeufige-fragen\/warum-braucht-ein-pferd-hufeisen\/#breadcrumb"},"inLanguage":"de","potentialAction":[{"@type":"ReadAction","target":["https:\/\/uelzener.de\/magazin\/pferd\/haeufige-fragen\/warum-braucht-ein-pferd-hufeisen\/"]}]},{"@type":"ImageObject","inLanguage":"de","@id":"https:\/\/uelzener.de\/magazin\/pferd\/haeufige-fragen\/warum-braucht-ein-pferd-hufeisen\/#primaryimage","url":"https:\/\/uelzener.de\/magazin\/app\/uploads\/2025\/06\/Pferdehufen.jpg","contentUrl":"https:\/\/uelzener.de\/magazin\/app\/uploads\/2025\/06\/Pferdehufen.jpg","width":1025,"height":450,"caption":"Auf dem Bild ist eine Herde Pferde zu sehen. Alle Pferde gallopieren auf einer Weide. Der Zoom ist auf die Hufen der Pferde ausgerichtet."},{"@type":"WebSite","@id":"https:\/\/uelzener.de\/magazin\/#website","url":"https:\/\/uelzener.de\/magazin\/","name":"Uelzener Tiermagazin","description":"Online Tierratgeber der Uelzener Versicherungen","publisher":{"@id":"https:\/\/uelzener.de\/magazin\/#organization"},"potentialAction":[{"@type":"SearchAction","target":{"@type":"EntryPoint","urlTemplate":"https:\/\/uelzener.de\/magazin\/?s={search_term_string}"},"query-input":{"@type":"PropertyValueSpecification","valueRequired":true,"valueName":"search_term_string"}}],"inLanguage":"de"},{"@type":"Organization","@id":"https:\/\/uelzener.de\/magazin\/#organization","name":"Uelzener Versicherungen","url":"https:\/\/uelzener.de\/magazin\/","logo":{"@type":"ImageObject","inLanguage":"de","@id":"https:\/\/uelzener.de\/magazin\/#\/schema\/logo\/image\/","url":"https:\/\/uelzener.de\/magazin\/app\/uploads\/2024\/11\/uelzener_allgemeine_versicherungsgesellschaft_a_g_logo.jpg","contentUrl":"https:\/\/uelzener.de\/magazin\/app\/uploads\/2024\/11\/uelzener_allgemeine_versicherungsgesellschaft_a_g_logo.jpg","width":200,"height":200,"caption":"Uelzener Versicherungen"},"image":{"@id":"https:\/\/uelzener.de\/magazin\/#\/schema\/logo\/image\/"},"sameAs":["https:\/\/www.facebook.com\/Uelzener","https:\/\/instagram.com\/uelzener","https:\/\/www.xing.com\/pages\/uelzenerallgemeineversicherungs-gesellschafta-g","https:\/\/www.youtube.com\/UelzenerVersicherungen"]}]}},"_links":{"self":[{"href":"https:\/\/uelzener.de\/magazin\/wp-json\/wp\/v2\/pages\/18576","targetHints":{"allow":["GET"]}}],"collection":[{"href":"https:\/\/uelzener.de\/magazin\/wp-json\/wp\/v2\/pages"}],"about":[{"href":"https:\/\/uelzener.de\/magazin\/wp-json\/wp\/v2\/types\/page"}],"author":[{"embeddable":true,"href":"https:\/\/uelzener.de\/magazin\/wp-json\/wp\/v2\/users\/21"}],"replies":[{"embeddable":true,"href":"https:\/\/uelzener.de\/magazin\/wp-json\/wp\/v2\/comments?post=18576"}],"version-history":[{"count":5,"href":"https:\/\/uelzener.de\/magazin\/wp-json\/wp\/v2\/pages\/18576\/revisions"}],"predecessor-version":[{"id":18594,"href":"https:\/\/uelzener.de\/magazin\/wp-json\/wp\/v2\/pages\/18576\/revisions\/18594"}],"up":[{"embeddable":true,"href":"https:\/\/uelzener.de\/magazin\/wp-json\/wp\/v2\/pages\/11685"}],"wp:featuredmedia":[{"embeddable":true,"href":"https:\/\/uelzener.de\/magazin\/wp-json\/wp\/v2\/media\/18579"}],"wp:attachment":[{"href":"https:\/\/uelzener.de\/magazin\/wp-json\/wp\/v2\/media?parent=18576"}],"curies":[{"name":"wp","href":"https:\/\/api.w.org\/{rel}","templated":true}]}}