{"id":18555,"date":"2025-06-11T13:28:42","date_gmt":"2025-06-11T11:28:42","guid":{"rendered":"https:\/\/uelzener.de\/magazin\/?page_id=18555"},"modified":"2025-08-27T11:24:18","modified_gmt":"2025-08-27T09:24:18","slug":"wie-lange-darf-ein-pferd-liegen","status":"publish","type":"page","link":"https:\/\/uelzener.de\/magazin\/pferd\/tiergesundheit\/wie-lange-darf-ein-pferd-liegen\/","title":{"rendered":"Wie lange darf ein Pferd liegen?"},"content":{"rendered":"<p>Pferde verbringen den Gro\u00dfteil des Tages auf den Beinen. Als Fluchttiere sind sie von Natur aus darauf ausgelegt, bei Gefahren schnell zu reagieren. Sogar das Schlafverhalten ist entsprechend angepasst. Trotzdem m\u00fcssen sich Pferde ab und an hinlegen, um sich ausruhen zu k\u00f6nnen. Doch was f\u00fcr eine Liegedauer ist normal und warum kann zu langes oder zu kurzes Liegen zum Problem werden? Diese Fragen beantworten wir dir im folgenden Artikel.<\/p>\n<h2>Das Schlafverhalten: Wann liegen Pferde?<\/h2>\n<p>Pferde haben, anders als wir Menschen, keine langanhaltenden Schlafphasen. Stattdessen d\u00f6sen sie, was eine Art D\u00e4mmerzustand darstellt, und schlafen rund f\u00fcnf- bis achtmal t\u00e4glich in Etappen, die bis zu 20 Minuten andauern. Dabei unterscheidet man zwischen dem SWS-Schlaf (SWS = <i>Slow Wave Sleep<\/i>) und dem REM-Schlaf (REM = <i>Rapid Eye Movement<\/i>).<\/p>\n<p>Der SWS-Schlaf ist eine leichtere Form des Schlafs. Dabei verlangsamen sich die Atemfrequenz und der Herzschlag und die Muskulatur entspannt sich etwas. In dieser Schlafphase sind Pferde noch immer fluchtbereit und\u00a0 in der Lage, bei kleinsten St\u00f6rungen zu reagieren. Das Pferd kann im SWS-Schlaf entweder stehen oder in der Brustlage liegen, wobei Kopf und Hals aufgerichtet bleiben. Dass es \u00fcberhaupt in der Lage ist, im Stehen zu schlafen, liegt an der sogenannten Spanns\u00e4genkonstruktion in den Hinterbeinen. Sie erm\u00f6glicht es, das Kniegelenk zu fixieren und damit die Muskelarbeit beim Stehen zu reduzieren. Dabei wird die Last abwechselnd von einem auf das andere Hinterbein verlagert. Durch starke Sehnen wird auch das Sprunggelenk gehalten.<\/p>\n<p>Der REM-Schlaf ist hingegen ein Traumschlaf, der nur im Liegen m\u00f6glich ist, und zwar in Seiten- oder in Bauchlage mit abgelegtem Kopf. Der Kreislauf und die Atmung werden heruntergefahren und die Muskeln sind beinahe vollkommen entspannt. Das Gehirn ist hingegen sehr aktiv und meist zucken die Augen. Oft finden diese Schlafphasen in der Nacht oder in den fr\u00fchen Morgenstunden statt. Der REM-Schlaf ist unverzichtbar f\u00fcr die Regeneration und Leistungsf\u00e4higkeit eines Pferdes.<\/p>\n\n<div class=\"related_articles boxed\">\n    <h2>Mehr zum Thema<\/h2>\n    \n    <div class=\"wrapper\"><div class=\"title align-center\"><h3><a href=\"https:\/\/uelzener.de\/magazin\/pferd\/haeufige-fragen\/wie-schlafen-pferde\/\">Wie schlafen Pferde?<\/a><\/h3><\/div><div class=\"img align-center\"><img decoding=\"async\" width=\"315\" height=\"180\" src=\"https:\/\/uelzener.de\/magazin\/app\/uploads\/2020\/09\/3dffe9c3-153f-4d04-9f94-59c3a3748312-315x180.jpg\" class=\"attachment-315x180 size-315x180 wp-post-image\" alt=\"Ein Pferd schl\u00e4ft im stehen vor blauem Himmel.\" \/><\/div><\/div><div class=\"wrapper\"><div class=\"title align-center\"><h3><a href=\"https:\/\/uelzener.de\/magazin\/pferd\/tiergesundheit\/pssm-beim-pferd-muskelerkrankung\/\">PSSM beim Pferd: Muskelerkrankung mit Folgen<\/a><\/h3><\/div><div class=\"img align-center\"><img decoding=\"async\" width=\"315\" height=\"180\" src=\"https:\/\/uelzener.de\/magazin\/app\/uploads\/2025\/04\/pssm-beim-pferd-315x180.jpg\" class=\"attachment-315x180 size-315x180 wp-post-image\" alt=\"Pferd mit PSSM.\" \/><\/div><\/div><div class=\"wrapper\"><div class=\"title align-center\"><h3><a href=\"https:\/\/uelzener.de\/magazin\/pferd\/tiergesundheit\/schlafmangel-beim-pferd\/\">Schlafmangel beim Pferd: Wie er entsteht und was man dagegen tun kann<\/a><\/h3><\/div><div class=\"img align-center\"><img decoding=\"async\" width=\"315\" height=\"180\" src=\"https:\/\/uelzener.de\/magazin\/app\/uploads\/2024\/08\/schlafmangel-pferd-315x180.jpg\" class=\"attachment-315x180 size-315x180 wp-post-image\" alt=\"Geschlossenes Pferdeauge, Nahaufnahme.\" \/><\/div><\/div><\/div>\n\n<h2>Warum sollte ein Pferd nicht zu lange liegen?<\/h2>\n<p>Pferde sind anatomisch nicht daf\u00fcr gemacht, lange zu liegen. Grund daf\u00fcr ist ihr hohes Eigengewicht. Es dr\u00fcckt \u00fcberm\u00e4\u00dfig auf die Organe und kann die Durchblutung in den Gliedma\u00dfen st\u00f6ren, wenn ein Pferd dauerhaft liegt. Dabei drohen Druckgeschw\u00fcre und schwerwiegende Sch\u00e4den an den Organen. Auch bei Pferden mit einer Kolik oder anderen inneren Beschwerden darf die Liegedauer nicht zu lang ausfallen, da bereits angeschlagene Organe sonst noch mehr belastet werden k\u00f6nnten.<\/p>\n<p>Zu lange zu liegen, stellt also eine echte Gefahr f\u00fcr die Vierbeiner dar. Ab wann das Liegen gef\u00e4hrlich wird, ist individuell unterschiedlich und h\u00e4ngt zudem von Umweltbedingungen wie dem Wetter ab. Liegt ein Pferd bereits zwei bis drei Stunden, sollte man aufmerksam werden.<\/p>\n<h2>Warum liegt mein Pferd zu lange und was kann ich dagegen tun?<\/h2>\n<p>Liegt ein Pferd zu lange, kann das auf unterschiedliche Ursachen zur\u00fcckzuf\u00fchren sein:<\/p>\n<ul>\n<li aria-level=\"1\"><b>Mechanisches Festliegen: <\/b>Das Pferd ist in eine Position geraten, in der es ihm nicht mehr m\u00f6glich ist, selbstst\u00e4ndig aufzustehen. Das kann beispielsweise passieren, wenn es sich zu nah an der Stallwand w\u00e4lzt, im H\u00e4nger st\u00fcrzt oder unter ein Hindernis ger\u00e4t.<\/li>\n<li aria-level=\"1\"><b>Gesundheitliche Gr\u00fcnde: <\/b>Verletzungen oder Erkrankungen wie Kolik, Kreuzschlag, Arthrose und Hufrehe k\u00f6nnen starke Schmerzen und Schw\u00e4che verursachen, weshalb das Pferd es nicht schafft oder sich weigert, aufzustehen.<\/li>\n<\/ul>\n<p>Liegt ein Pferd mechanisch fest, kann es helfen, es mit mehreren Personen in Brustlage zu bringen. Gibt es sonst keine weiteren Einschr\u00e4nkungen, sollte das Pferd daraufhin von selbst wieder aufstehen k\u00f6nnen. In schwerwiegenden oder sogar lebensbedrohlichen F\u00e4llen kann ein Rettungseinsatz, beispielsweise durch Feuerwehr und Tiernotdienst, n\u00f6tig sein. Da veterin\u00e4rmedizinische Leistungen schnell teuer werden k\u00f6nnen, lohnt sich der Abschluss einer Pferdeversicherung. Sie sch\u00fctzt vor dem finanziellen Risiko.<\/p>\n\n<div class=\"banner\">\n    <a href=\"https:\/\/uelzener.de\/pferd?agt=0000104925&sem=true&utm_medium=magazin&utm_source=wordpress&utm_campaign=pferd&utm_content=banner\">\n        <img decoding=\"async\" width=\"300\" height=\"212\" src=\"https:\/\/uelzener.de\/magazin\/app\/uploads\/2025\/01\/Pferde-Versicherung.jpg\" class=\"attachment-medium size-medium\" alt=\"Banner Pferde-Versicherung\" \/>    <\/a>\n<\/div>\n\n<h2>Risiken, wenn sich das Pferd nicht hinlegt<\/h2>\n<p>Genauso wie zu langes Liegen, kann es zum Problem f\u00fcr ein Pferd werden, wenn es sich zu selten oder zu kurz hinlegt. Grund daf\u00fcr ist, dass dann der REM-Schlaf nicht stattfinden kann. Das hat Auswirkungen auf das psychische und physische Wohlbefinden, weil das Pferd nicht die M\u00f6glichkeit hat, ausreichend zu regenerieren. Das kann irgendwann dazu f\u00fchren, dass es aufgrund von \u00dcberm\u00fcdung im Stehen in den REM-Schlaf f\u00e4llt und dabei zusammenbricht oder st\u00fcrzt, da die Muskelspannung abrupt nachl\u00e4sst. Das geht wiederum mit einem hohen Verletzungsrisiko einher.<\/p>\n<h2>Warum legt mein Pferd sich nicht oder nur selten hin?<\/h2>\n<p>Dass ein Pferd sich nicht hinlegt, kann vielf\u00e4ltige Gr\u00fcnde haben. Es m\u00fcssen einige Bedingungen erf\u00fcllt sein, damit es sich ablegen und entspannen kann.<\/p>\n<ul>\n<li aria-level=\"1\"><b>Liegefl\u00e4che: <\/b>Pferde brauchen genug Platz, um sich hinzulegen und auch bequem wieder aufstehen zu k\u00f6nnen. Nach den Vorgaben der Deutschen Reiterlichen Vereinigung muss die Fl\u00e4che einer Einzelbox mindestens der Formel (2 x Widerristh\u00f6he)\u00b2 entsprechen. In der Gruppenhaltung betr\u00e4gt das Mindestma\u00df 100 m\u00b2 Bewegungsfl\u00e4che plus 12 m\u00b2 Liegefl\u00e4che pro Pferd.<\/li>\n<\/ul>\n<ul>\n<li aria-level=\"1\"><b>Untergrund: <\/b>Untersuchungen haben gezeigt, dass Pferde l\u00e4nger liegen, wenn die Einstreu dicker ist. Bei Schlafproblemen kann demnach mehr Einstreu ein L\u00f6sungsansatz sein. Wichtig ist auch, dass der Boden sauber, trocken und trittsicher ist.<\/li>\n<\/ul>\n<ul>\n<li aria-level=\"1\"><b>Stress: <\/b>Stress ist ebenfalls ein potenzieller Grund, warum sich ein Pferd nicht ablegt. Er kann durch \u00e4u\u00dfere Umst\u00e4nde wie \u00fcberm\u00e4\u00dfigen L\u00e4rm im Stall, aber auch durch gesundheitliche Probleme hervorgerufen werden.<\/li>\n<\/ul>\n<ul>\n<li aria-level=\"1\"><b>Herde: <\/b>Soziale Konflikte in der Herde k\u00f6nnen dazu f\u00fchren, dass vor allem rangniedrigere Pferde sich nicht hinlegen und keinen erholsamen Schlaf finden. Betritt ein rangh\u00f6heres Pferd den Liegebereich, reicht das oft schon, damit die rangniedrigeren Tiere aufstehen. Hier k\u00f6nnen zus\u00e4tzliche Raumtrenner im Liegebereich helfen. Allgemein muss sich ein Pferd in der Herde sicher genug f\u00fchlen, um schlafen zu k\u00f6nnen. Das ist auch der Grund daf\u00fcr, dass niemals alle Pferde gleichzeitig schlafen. Es gibt immer Tiere, die wach sind und aufpassen, um ihre Artgenossen bei drohender Gefahr alarmieren zu k\u00f6nnen.<\/li>\n<li aria-level=\"1\"><b>Alter und Gesundheit: <\/b>F\u00fcr \u00e4ltere Pferde oder Pferde mit Erkrankungen wie Arthrose kann es m\u00fchsam oder schmerzhaft sein, sich hinzulegen und aufzustehen. Daher vermeiden sie das Liegen h\u00e4ufig. In solchen F\u00e4llen sind ausreichend Platz und besonders dicke und weiche Einstreu von gro\u00dfer Bedeutung.<\/li>\n<\/ul>\n<p>Hat ein Pferd Liege- oder Schlafprobleme, ist es wichtig, den Grund daf\u00fcr ausfindig zu machen, um mit Anpassungen in der Haltung, im Herdenmanagement oder in der Umgebung eine Verbesserung erzielen zu k\u00f6nnen.<\/p>\n<h2>Fazit<\/h2>\n<p>Halter und Halterinnen sollten die Liegezeiten ihrer Pferde im Blick behalten, denn sowohl zu langes als auch zu kurzes Liegen kann schwerwiegende gesundheitliche Probleme nach sich ziehen. Legt sich ein Pferd nicht ab, kann es nicht ausreichend regenerieren. Liegt es zu lange, besteht die Gefahr, dass es durch das K\u00f6rpergewicht zu inneren Verletzungen kommt. Wichtig ist daher, das Liege- und Schlafverhalten des Pferdes regelm\u00e4\u00dfig zu pr\u00fcfen, um schnell reagieren zu k\u00f6nnen, wenn sich kritische Ver\u00e4nderungen abzeichnen.<\/p>\n<h2>FAQ: H\u00e4ufig gestellte Fragen zum Ablegen des Pferdes<\/h2>\n<h3>Ist es normal, wenn mein Pferd sich tags\u00fcber nie hinlegt?<\/h3>\n<p>Das l\u00e4sst sich zwar nicht pauschal sagen, aber bei vielen Pferden hat die Tageszeit einen gro\u00dfen Einfluss auf das Liege- und Schlafverhalten, so dass sie sich vorwiegend nachts hinlegen. Das hat unter anderem damit zu tun, dass tags\u00fcber in der Regel mehr Unruhe im Stall herrscht.<\/p>\n<h3>Wie erkenne ich, ob mein Pferd unter Schlafmangel leidet?<\/h3>\n<p>Da Pferde in der Regel nicht Tag und Nacht unter Beobachtung stehen, kann es schwierig sein, einen Schlafmangel zu erkennen. Es gibt allerdings Symptome, die darauf hindeuten, beispielsweise Unkonzentriertheit, Gereiztheit, mangelnde Energie, ein h\u00e4ngender Kopf und pl\u00f6tzliches Zusammensacken beim Stehen.<\/p>\n<h3>Ist es gef\u00e4hrlich, ein Pferd in Seitenlage aufzuwecken?<\/h3>\n<p>Im Normalfall ist das nicht gef\u00e4hrlich, man sollte das jedoch ruhig und mit dem n\u00f6tigen Abstand tun, damit sich das Tier nicht erschrickt und versehentlich sich selbst oder jemand anderen verletzt.<\/p>\n","protected":false},"excerpt":{"rendered":"<p>Pferde verbringen den Gro\u00dfteil des Tages auf den Beinen. Als Fluchttiere sind sie von Natur aus darauf ausgelegt, bei Gefahren schnell zu reagieren. Sogar das Schlafverhalten ist entsprechend angepasst. Trotzdem m\u00fcssen sich Pferde ab und an hinlegen, um sich ausruhen zu k\u00f6nnen. Doch was f\u00fcr eine Liegedauer ist normal und warum kann zu langes oder [&hellip;]<\/p>\n","protected":false},"author":21,"featured_media":18558,"parent":11706,"menu_order":21,"comment_status":"closed","ping_status":"closed","template":"templates\/blog.php","meta":{"_acf_changed":false,"_crdt_document":"","footnotes":"","beyondwords_generate_audio":"","beyondwords_project_id":"","beyondwords_content_id":"","beyondwords_preview_token":"","beyondwords_player_style":"","beyondwords_language_id":"","beyondwords_title_voice_id":"","beyondwords_body_voice_id":"","beyondwords_summary_voice_id":"","beyondwords_error_message":"","beyondwords_disabled":"","beyondwords_delete_content":"","beyondwords_podcast_id":"","beyondwords_hash":"","publish_post_to_speechkit":"","speechkit_hash":"","speechkit_generate_audio":"","speechkit_project_id":"","speechkit_podcast_id":"","speechkit_error_message":"","speechkit_disabled":"","speechkit_access_key":"","speechkit_error":"","speechkit_info":"","speechkit_response":"","speechkit_retries":"","speechkit_status":"","speechkit_updated_at":"","_speechkit_link":"","_speechkit_text":""},"class_list":["post-18555","page","type-page","status-publish","has-post-thumbnail","hentry"],"acf":[],"yoast_head":"<!-- This site is optimized with the Yoast SEO Premium plugin  - https:\/\/yoast.com\/product\/yoast-seo-premium-wordpress\/ -->\n<title>Wie lange darf ein Pferd liegen? | Uelzener Magazin<\/title>\n<meta name=\"description\" content=\"Halter und Halterinnen sollten die Liegezeiten ihrer Pferde im Blick behalten, denn sowohl zu langes als auch zu kurzes Liegen kann schwerwiegende gesundheitliche Probleme nach sich ziehen.\" \/>\n<meta name=\"robots\" content=\"index, follow, max-snippet:-1, max-image-preview:large, max-video-preview:-1\" \/>\n<link rel=\"canonical\" href=\"https:\/\/uelzener.de\/magazin\/pferd\/tiergesundheit\/wie-lange-darf-ein-pferd-liegen\/\" \/>\n<meta property=\"og:locale\" content=\"de_DE\" \/>\n<meta property=\"og:type\" content=\"article\" \/>\n<meta property=\"og:title\" content=\"Wie lange darf ein Pferd liegen?\" \/>\n<meta property=\"og:description\" content=\"Halter und Halterinnen sollten die Liegezeiten ihrer Pferde im Blick behalten, denn sowohl zu langes als auch zu kurzes Liegen kann schwerwiegende gesundheitliche Probleme nach sich ziehen.\" \/>\n<meta property=\"og:url\" content=\"https:\/\/uelzener.de\/magazin\/pferd\/tiergesundheit\/wie-lange-darf-ein-pferd-liegen\/\" \/>\n<meta property=\"og:site_name\" content=\"Uelzener Tier-Magazin\" \/>\n<meta property=\"article:publisher\" content=\"https:\/\/www.facebook.com\/Uelzener\" \/>\n<meta property=\"article:modified_time\" content=\"2025-08-27T09:24:18+00:00\" \/>\n<meta property=\"og:image\" content=\"https:\/\/uelzener.de\/magazin\/app\/uploads\/2025\/06\/Pferd-liegen.jpg\" \/>\n\t<meta property=\"og:image:width\" content=\"1025\" \/>\n\t<meta property=\"og:image:height\" content=\"450\" \/>\n\t<meta property=\"og:image:type\" content=\"image\/jpeg\" \/>\n<meta name=\"twitter:card\" content=\"summary_large_image\" \/>\n<meta name=\"twitter:label1\" content=\"Gesch\u00e4tzte Lesezeit\" \/>\n\t<meta name=\"twitter:data1\" content=\"8\u00a0Minuten\" \/>\n<script type=\"application\/ld+json\" class=\"yoast-schema-graph\">{\"@context\":\"https:\/\/schema.org\",\"@graph\":[{\"@type\":\"WebPage\",\"@id\":\"https:\/\/uelzener.de\/magazin\/pferd\/tiergesundheit\/wie-lange-darf-ein-pferd-liegen\/\",\"url\":\"https:\/\/uelzener.de\/magazin\/pferd\/tiergesundheit\/wie-lange-darf-ein-pferd-liegen\/\",\"name\":\"Wie lange darf ein Pferd liegen? | Uelzener Magazin\",\"isPartOf\":{\"@id\":\"https:\/\/uelzener.de\/magazin\/#website\"},\"primaryImageOfPage\":{\"@id\":\"https:\/\/uelzener.de\/magazin\/pferd\/tiergesundheit\/wie-lange-darf-ein-pferd-liegen\/#primaryimage\"},\"image\":{\"@id\":\"https:\/\/uelzener.de\/magazin\/pferd\/tiergesundheit\/wie-lange-darf-ein-pferd-liegen\/#primaryimage\"},\"thumbnailUrl\":\"https:\/\/uelzener.de\/magazin\/app\/uploads\/2025\/06\/Pferd-liegen.jpg\",\"datePublished\":\"2025-06-11T11:28:42+00:00\",\"dateModified\":\"2025-08-27T09:24:18+00:00\",\"description\":\"Halter und Halterinnen sollten die Liegezeiten ihrer Pferde im Blick behalten, denn sowohl zu langes als auch zu kurzes Liegen kann schwerwiegende gesundheitliche Probleme nach sich ziehen.\",\"breadcrumb\":{\"@id\":\"https:\/\/uelzener.de\/magazin\/pferd\/tiergesundheit\/wie-lange-darf-ein-pferd-liegen\/#breadcrumb\"},\"inLanguage\":\"de\",\"potentialAction\":[{\"@type\":\"ReadAction\",\"target\":[\"https:\/\/uelzener.de\/magazin\/pferd\/tiergesundheit\/wie-lange-darf-ein-pferd-liegen\/\"]}]},{\"@type\":\"ImageObject\",\"inLanguage\":\"de\",\"@id\":\"https:\/\/uelzener.de\/magazin\/pferd\/tiergesundheit\/wie-lange-darf-ein-pferd-liegen\/#primaryimage\",\"url\":\"https:\/\/uelzener.de\/magazin\/app\/uploads\/2025\/06\/Pferd-liegen.jpg\",\"contentUrl\":\"https:\/\/uelzener.de\/magazin\/app\/uploads\/2025\/06\/Pferd-liegen.jpg\",\"width\":1025,\"height\":450,\"caption\":\"Wie lange darf ein Pferd liegen?\"},{\"@type\":\"WebSite\",\"@id\":\"https:\/\/uelzener.de\/magazin\/#website\",\"url\":\"https:\/\/uelzener.de\/magazin\/\",\"name\":\"Uelzener Tiermagazin\",\"description\":\"Online Tierratgeber der Uelzener Versicherungen\",\"publisher\":{\"@id\":\"https:\/\/uelzener.de\/magazin\/#organization\"},\"potentialAction\":[{\"@type\":\"SearchAction\",\"target\":{\"@type\":\"EntryPoint\",\"urlTemplate\":\"https:\/\/uelzener.de\/magazin\/?s={search_term_string}\"},\"query-input\":{\"@type\":\"PropertyValueSpecification\",\"valueRequired\":true,\"valueName\":\"search_term_string\"}}],\"inLanguage\":\"de\"},{\"@type\":\"Organization\",\"@id\":\"https:\/\/uelzener.de\/magazin\/#organization\",\"name\":\"Uelzener Versicherungen\",\"url\":\"https:\/\/uelzener.de\/magazin\/\",\"logo\":{\"@type\":\"ImageObject\",\"inLanguage\":\"de\",\"@id\":\"https:\/\/uelzener.de\/magazin\/#\/schema\/logo\/image\/\",\"url\":\"https:\/\/uelzener.de\/magazin\/app\/uploads\/2024\/11\/uelzener_allgemeine_versicherungsgesellschaft_a_g_logo.jpg\",\"contentUrl\":\"https:\/\/uelzener.de\/magazin\/app\/uploads\/2024\/11\/uelzener_allgemeine_versicherungsgesellschaft_a_g_logo.jpg\",\"width\":200,\"height\":200,\"caption\":\"Uelzener Versicherungen\"},\"image\":{\"@id\":\"https:\/\/uelzener.de\/magazin\/#\/schema\/logo\/image\/\"},\"sameAs\":[\"https:\/\/www.facebook.com\/Uelzener\",\"https:\/\/instagram.com\/uelzener\",\"https:\/\/www.xing.com\/pages\/uelzenerallgemeineversicherungs-gesellschafta-g\",\"https:\/\/www.youtube.com\/UelzenerVersicherungen\"]}]}<\/script>\n<!-- \/ Yoast SEO Premium plugin. -->","yoast_head_json":{"title":"Wie lange darf ein Pferd liegen? | Uelzener Magazin","description":"Halter und Halterinnen sollten die Liegezeiten ihrer Pferde im Blick behalten, denn sowohl zu langes als auch zu kurzes Liegen kann schwerwiegende gesundheitliche Probleme nach sich ziehen.","robots":{"index":"index","follow":"follow","max-snippet":"max-snippet:-1","max-image-preview":"max-image-preview:large","max-video-preview":"max-video-preview:-1"},"canonical":"https:\/\/uelzener.de\/magazin\/pferd\/tiergesundheit\/wie-lange-darf-ein-pferd-liegen\/","og_locale":"de_DE","og_type":"article","og_title":"Wie lange darf ein Pferd liegen?","og_description":"Halter und Halterinnen sollten die Liegezeiten ihrer Pferde im Blick behalten, denn sowohl zu langes als auch zu kurzes Liegen kann schwerwiegende gesundheitliche Probleme nach sich ziehen.","og_url":"https:\/\/uelzener.de\/magazin\/pferd\/tiergesundheit\/wie-lange-darf-ein-pferd-liegen\/","og_site_name":"Uelzener Tier-Magazin","article_publisher":"https:\/\/www.facebook.com\/Uelzener","article_modified_time":"2025-08-27T09:24:18+00:00","og_image":[{"width":1025,"height":450,"url":"https:\/\/uelzener.de\/magazin\/app\/uploads\/2025\/06\/Pferd-liegen.jpg","type":"image\/jpeg"}],"twitter_card":"summary_large_image","twitter_misc":{"Gesch\u00e4tzte Lesezeit":"8\u00a0Minuten"},"schema":{"@context":"https:\/\/schema.org","@graph":[{"@type":"WebPage","@id":"https:\/\/uelzener.de\/magazin\/pferd\/tiergesundheit\/wie-lange-darf-ein-pferd-liegen\/","url":"https:\/\/uelzener.de\/magazin\/pferd\/tiergesundheit\/wie-lange-darf-ein-pferd-liegen\/","name":"Wie lange darf ein Pferd liegen? | Uelzener Magazin","isPartOf":{"@id":"https:\/\/uelzener.de\/magazin\/#website"},"primaryImageOfPage":{"@id":"https:\/\/uelzener.de\/magazin\/pferd\/tiergesundheit\/wie-lange-darf-ein-pferd-liegen\/#primaryimage"},"image":{"@id":"https:\/\/uelzener.de\/magazin\/pferd\/tiergesundheit\/wie-lange-darf-ein-pferd-liegen\/#primaryimage"},"thumbnailUrl":"https:\/\/uelzener.de\/magazin\/app\/uploads\/2025\/06\/Pferd-liegen.jpg","datePublished":"2025-06-11T11:28:42+00:00","dateModified":"2025-08-27T09:24:18+00:00","description":"Halter und Halterinnen sollten die Liegezeiten ihrer Pferde im Blick behalten, denn sowohl zu langes als auch zu kurzes Liegen kann schwerwiegende gesundheitliche Probleme nach sich ziehen.","breadcrumb":{"@id":"https:\/\/uelzener.de\/magazin\/pferd\/tiergesundheit\/wie-lange-darf-ein-pferd-liegen\/#breadcrumb"},"inLanguage":"de","potentialAction":[{"@type":"ReadAction","target":["https:\/\/uelzener.de\/magazin\/pferd\/tiergesundheit\/wie-lange-darf-ein-pferd-liegen\/"]}]},{"@type":"ImageObject","inLanguage":"de","@id":"https:\/\/uelzener.de\/magazin\/pferd\/tiergesundheit\/wie-lange-darf-ein-pferd-liegen\/#primaryimage","url":"https:\/\/uelzener.de\/magazin\/app\/uploads\/2025\/06\/Pferd-liegen.jpg","contentUrl":"https:\/\/uelzener.de\/magazin\/app\/uploads\/2025\/06\/Pferd-liegen.jpg","width":1025,"height":450,"caption":"Wie lange darf ein Pferd liegen?"},{"@type":"WebSite","@id":"https:\/\/uelzener.de\/magazin\/#website","url":"https:\/\/uelzener.de\/magazin\/","name":"Uelzener Tiermagazin","description":"Online Tierratgeber der Uelzener Versicherungen","publisher":{"@id":"https:\/\/uelzener.de\/magazin\/#organization"},"potentialAction":[{"@type":"SearchAction","target":{"@type":"EntryPoint","urlTemplate":"https:\/\/uelzener.de\/magazin\/?s={search_term_string}"},"query-input":{"@type":"PropertyValueSpecification","valueRequired":true,"valueName":"search_term_string"}}],"inLanguage":"de"},{"@type":"Organization","@id":"https:\/\/uelzener.de\/magazin\/#organization","name":"Uelzener Versicherungen","url":"https:\/\/uelzener.de\/magazin\/","logo":{"@type":"ImageObject","inLanguage":"de","@id":"https:\/\/uelzener.de\/magazin\/#\/schema\/logo\/image\/","url":"https:\/\/uelzener.de\/magazin\/app\/uploads\/2024\/11\/uelzener_allgemeine_versicherungsgesellschaft_a_g_logo.jpg","contentUrl":"https:\/\/uelzener.de\/magazin\/app\/uploads\/2024\/11\/uelzener_allgemeine_versicherungsgesellschaft_a_g_logo.jpg","width":200,"height":200,"caption":"Uelzener Versicherungen"},"image":{"@id":"https:\/\/uelzener.de\/magazin\/#\/schema\/logo\/image\/"},"sameAs":["https:\/\/www.facebook.com\/Uelzener","https:\/\/instagram.com\/uelzener","https:\/\/www.xing.com\/pages\/uelzenerallgemeineversicherungs-gesellschafta-g","https:\/\/www.youtube.com\/UelzenerVersicherungen"]}]}},"_links":{"self":[{"href":"https:\/\/uelzener.de\/magazin\/wp-json\/wp\/v2\/pages\/18555","targetHints":{"allow":["GET"]}}],"collection":[{"href":"https:\/\/uelzener.de\/magazin\/wp-json\/wp\/v2\/pages"}],"about":[{"href":"https:\/\/uelzener.de\/magazin\/wp-json\/wp\/v2\/types\/page"}],"author":[{"embeddable":true,"href":"https:\/\/uelzener.de\/magazin\/wp-json\/wp\/v2\/users\/21"}],"replies":[{"embeddable":true,"href":"https:\/\/uelzener.de\/magazin\/wp-json\/wp\/v2\/comments?post=18555"}],"version-history":[{"count":7,"href":"https:\/\/uelzener.de\/magazin\/wp-json\/wp\/v2\/pages\/18555\/revisions"}],"predecessor-version":[{"id":19026,"href":"https:\/\/uelzener.de\/magazin\/wp-json\/wp\/v2\/pages\/18555\/revisions\/19026"}],"up":[{"embeddable":true,"href":"https:\/\/uelzener.de\/magazin\/wp-json\/wp\/v2\/pages\/11706"}],"wp:featuredmedia":[{"embeddable":true,"href":"https:\/\/uelzener.de\/magazin\/wp-json\/wp\/v2\/media\/18558"}],"wp:attachment":[{"href":"https:\/\/uelzener.de\/magazin\/wp-json\/wp\/v2\/media?parent=18555"}],"curies":[{"name":"wp","href":"https:\/\/api.w.org\/{rel}","templated":true}]}}