{"id":18476,"date":"2025-04-28T12:07:01","date_gmt":"2025-04-28T10:07:01","guid":{"rendered":"https:\/\/uelzener.de\/magazin\/?page_id=18476"},"modified":"2025-09-16T16:53:35","modified_gmt":"2025-09-16T14:53:35","slug":"uelzener-foerdermitgliedschaft-ikv-e-v","status":"publish","type":"page","link":"https:\/\/uelzener.de\/magazin\/wir\/uelzener-foerdermitgliedschaft-ikv-e-v\/","title":{"rendered":"Unsere F\u00f6rdermitgliedschaft bei dem IKV e.V. geht in die n\u00e4chste Runde!"},"content":{"rendered":"<p>Nachhaltigkeit ist kein kurzfristiges Ziel, sondern eine langfristige Verantwortung. Deshalb freuen wir uns sehr, dass wir auch 2025 als F\u00f6rdermitglied den IKV e.V. unterst\u00fctzen. Seit M\u00e4rz 2023 leisten wir so weiterhin einen Beitrag zur nachhaltigen Entwicklung in der Versicherungsbranche.<\/p>\n<p data-renderer-start-pos=\"673\">Der IKV e.V. setzt sich als Verband f\u00fcr den Umwelt- und Klimaschutz ein und engagiert sich f\u00fcr den Schutz und die Erhaltung von Natur und Landschaft. Im letzten Jahr hat der Verein unter anderem dabei geholfen, norddeutsche Moore wiederherzustellen und wertvolle Seegraswiesen in der Ostsee zu sch\u00fctzen \u2013 ein wichtiger Beitrag f\u00fcr Umwelt und Tier!<\/p>\n<p data-renderer-start-pos=\"673\"><img decoding=\"async\" class=\"alignnone size-medium wp-image-18477\" src=\"https:\/\/uelzener.de\/magazin\/app\/uploads\/2025\/04\/urkunde-ikv-uelzener-211x300.png\" alt=\"Urkunde Uelzener Versicherungen als F\u00f6rdermitglied den IKV e.V.\" width=\"211\" height=\"300\" srcset=\"https:\/\/uelzener.de\/magazin\/app\/uploads\/2025\/04\/urkunde-ikv-uelzener-211x300.png 211w, https:\/\/uelzener.de\/magazin\/app\/uploads\/2025\/04\/urkunde-ikv-uelzener.png 373w\" sizes=\"(max-width: 211px) 100vw, 211px\" \/><\/p>\n<p data-renderer-start-pos=\"1022\">Viele Versicherer setzen sich bereits aktiv f\u00fcr mehr Nachhaltigkeit ein: Weg von klimasch\u00e4dlichen Emissionen bis hin zu erneuerbaren Energien. Zudem werden eigene Initiativen vorangebracht \u2013 von M\u00fcllvermeidung und papierlosem Arbeiten bis hin zu umweltfreundlicher Abwasserversorgung. Der IKV e.V. m\u00f6chte diese wertvollen Ans\u00e4tze unterst\u00fctzen und gemeinsam noch mehr bewirken.<\/p>\n<p data-renderer-start-pos=\"1400\">Mehr \u00fcber die Arbeit des IKV e.V. erfahrt ihr <a class=\"css-1rn59kg\" title=\"https:\/\/ikv.green\/\" href=\"https:\/\/ikv.green\/\" data-testid=\"link-with-safety\" data-renderer-mark=\"true\">hier<\/a>.<\/p>\n<p data-renderer-start-pos=\"1400\">\n<div class=\"related_articles boxed\">\n    <h2>Mehr zum Thema<\/h2>\n    \n    <div class=\"wrapper\"><div class=\"title align-center\"><h3><a href=\"https:\/\/uelzener.de\/magazin\/hund\/tipps-fuer-den-alltag\/hundestrand-ostsee\/\">Die beliebtesten Hundestr\u00e4nde an der Ostsee<\/a><\/h3><\/div><div class=\"img align-center\"><img decoding=\"async\" width=\"315\" height=\"180\" src=\"https:\/\/uelzener.de\/magazin\/app\/uploads\/2023\/01\/beste-hundestraende-315x180.jpg\" class=\"attachment-315x180 size-315x180 wp-post-image\" alt=\"Wo sind die besten Hundestr\u00e4nde an der Ostsee?\" \/><\/div><\/div><div class=\"wrapper\"><div class=\"title align-center\"><h3><a href=\"https:\/\/uelzener.de\/magazin\/wir\/olivenbaum-fuer-hundertwasser-bahnhof-uelzen\/\">Ein neuer Baummieter f\u00fcr den Hundertwasser-Bahnhof in Uelzen!<\/a><\/h3><\/div><div class=\"img align-center\"><img decoding=\"async\" width=\"315\" height=\"180\" src=\"https:\/\/uelzener.de\/magazin\/app\/uploads\/2025\/04\/olivenbaum-uelzen-hauptbahnhof-315x180.jpg\" class=\"attachment-315x180 size-315x180 wp-post-image\" alt=\"Olivenbaum wird eingeweiht als Zeichen der Nachhaltigkeit im Uelzener Hauptbahnhof.\" \/><\/div><\/div><div class=\"wrapper\"><div class=\"title align-center\"><h3><a href=\"https:\/\/uelzener.de\/magazin\/hund\/tipps-fuer-den-alltag\/hundestrand-nordsee\/\">Die beliebtesten Hundestr\u00e4nde an der Nordsee<\/a><\/h3><\/div><div class=\"img align-center\"><img decoding=\"async\" width=\"315\" height=\"180\" src=\"https:\/\/uelzener.de\/magazin\/app\/uploads\/2016\/05\/41251b04-656a-4858-b359-ba86fcea2640-315x180.jpg\" class=\"attachment-315x180 size-315x180 wp-post-image\" alt=\"Gro\u00dfer Hund steht im Wattenmeer, er genie\u00dft seinen Urlaub an einem der Hundestr\u00e4nde der Nordsee.\" srcset=\"https:\/\/uelzener.de\/magazin\/app\/uploads\/2016\/05\/41251b04-656a-4858-b359-ba86fcea2640-315x180.jpg 315w, https:\/\/uelzener.de\/magazin\/app\/uploads\/2016\/05\/41251b04-656a-4858-b359-ba86fcea2640-650x369.jpg 650w\" sizes=\"(max-width: 315px) 100vw, 315px\" \/><\/div><\/div><\/div>\n<\/p>\n","protected":false},"excerpt":{"rendered":"<p>Nachhaltigkeit ist kein kurzfristiges Ziel, sondern eine langfristige Verantwortung. Deshalb freuen wir uns sehr, dass wir auch 2025 als F\u00f6rdermitglied den IKV e.V. unterst\u00fctzen. Seit M\u00e4rz 2023 leisten wir so weiterhin einen Beitrag zur nachhaltigen Entwicklung in der Versicherungsbranche. Der IKV e.V. setzt sich als Verband f\u00fcr den Umwelt- und Klimaschutz ein und engagiert sich [&hellip;]<\/p>\n","protected":false},"author":11,"featured_media":18478,"parent":2469,"menu_order":4,"comment_status":"closed","ping_status":"closed","template":"templates\/blog.php","meta":{"_acf_changed":false,"_crdt_document":"","footnotes":"","beyondwords_generate_audio":"","beyondwords_project_id":"","beyondwords_content_id":"","beyondwords_preview_token":"","beyondwords_player_style":"","beyondwords_language_id":"","beyondwords_title_voice_id":"","beyondwords_body_voice_id":"","beyondwords_summary_voice_id":"","beyondwords_error_message":"","beyondwords_disabled":"","beyondwords_delete_content":"","beyondwords_podcast_id":"","beyondwords_hash":"","publish_post_to_speechkit":"","speechkit_hash":"","speechkit_generate_audio":"","speechkit_project_id":"","speechkit_podcast_id":"","speechkit_error_message":"","speechkit_disabled":"","speechkit_access_key":"","speechkit_error":"","speechkit_info":"","speechkit_response":"","speechkit_retries":"","speechkit_status":"","speechkit_updated_at":"","_speechkit_link":"","_speechkit_text":""},"class_list":["post-18476","page","type-page","status-publish","has-post-thumbnail","hentry"],"acf":[],"yoast_head":"<!-- This site is optimized with the Yoast SEO Premium plugin  - https:\/\/yoast.com\/product\/yoast-seo-premium-wordpress\/ -->\n<title>Unsere F\u00f6rdermitgliedschaft bei dem IKV e.V. geht in die n\u00e4chste Runde! | Uelzener Magazin<\/title>\n<meta name=\"description\" content=\"Erfahre, wie der IKV e.V. sich f\u00fcr Nachhaltigkeit in der Versicherungsbranche engagiert und wichtige Umweltschutzma\u00dfnahmen unterst\u00fctzt.\" \/>\n<meta name=\"robots\" content=\"index, follow, max-snippet:-1, max-image-preview:large, max-video-preview:-1\" \/>\n<link rel=\"canonical\" href=\"https:\/\/uelzener.de\/magazin\/wir\/uelzener-foerdermitgliedschaft-ikv-e-v\/\" \/>\n<meta property=\"og:locale\" content=\"de_DE\" \/>\n<meta property=\"og:type\" content=\"article\" \/>\n<meta property=\"og:title\" content=\"Unsere F\u00f6rdermitgliedschaft bei dem IKV e.V. geht in die n\u00e4chste Runde!\" \/>\n<meta property=\"og:description\" content=\"Erfahre, wie der IKV e.V. sich f\u00fcr Nachhaltigkeit in der Versicherungsbranche engagiert und wichtige Umweltschutzma\u00dfnahmen unterst\u00fctzt.\" \/>\n<meta property=\"og:url\" content=\"https:\/\/uelzener.de\/magazin\/wir\/uelzener-foerdermitgliedschaft-ikv-e-v\/\" \/>\n<meta property=\"og:site_name\" content=\"Uelzener Tier-Magazin\" \/>\n<meta property=\"article:publisher\" content=\"https:\/\/www.facebook.com\/Uelzener\" \/>\n<meta property=\"article:modified_time\" content=\"2025-09-16T14:53:35+00:00\" \/>\n<meta property=\"og:image\" content=\"https:\/\/uelzener.de\/magazin\/app\/uploads\/2025\/04\/symbolbild-ikv-urkunde.jpg\" \/>\n\t<meta property=\"og:image:width\" content=\"1025\" \/>\n\t<meta property=\"og:image:height\" content=\"450\" \/>\n\t<meta property=\"og:image:type\" content=\"image\/jpeg\" \/>\n<meta name=\"twitter:card\" content=\"summary_large_image\" \/>\n<meta name=\"twitter:label1\" content=\"Gesch\u00e4tzte Lesezeit\" \/>\n\t<meta name=\"twitter:data1\" content=\"2\u00a0Minuten\" \/>\n<script type=\"application\/ld+json\" class=\"yoast-schema-graph\">{\"@context\":\"https:\/\/schema.org\",\"@graph\":[{\"@type\":\"WebPage\",\"@id\":\"https:\/\/uelzener.de\/magazin\/wir\/uelzener-foerdermitgliedschaft-ikv-e-v\/\",\"url\":\"https:\/\/uelzener.de\/magazin\/wir\/uelzener-foerdermitgliedschaft-ikv-e-v\/\",\"name\":\"Unsere F\u00f6rdermitgliedschaft bei dem IKV e.V. geht in die n\u00e4chste Runde! | Uelzener Magazin\",\"isPartOf\":{\"@id\":\"https:\/\/uelzener.de\/magazin\/#website\"},\"primaryImageOfPage\":{\"@id\":\"https:\/\/uelzener.de\/magazin\/wir\/uelzener-foerdermitgliedschaft-ikv-e-v\/#primaryimage\"},\"image\":{\"@id\":\"https:\/\/uelzener.de\/magazin\/wir\/uelzener-foerdermitgliedschaft-ikv-e-v\/#primaryimage\"},\"thumbnailUrl\":\"https:\/\/uelzener.de\/magazin\/app\/uploads\/2025\/04\/symbolbild-ikv-urkunde.jpg\",\"datePublished\":\"2025-04-28T10:07:01+00:00\",\"dateModified\":\"2025-09-16T14:53:35+00:00\",\"description\":\"Erfahre, wie der IKV e.V. sich f\u00fcr Nachhaltigkeit in der Versicherungsbranche engagiert und wichtige Umweltschutzma\u00dfnahmen unterst\u00fctzt.\",\"breadcrumb\":{\"@id\":\"https:\/\/uelzener.de\/magazin\/wir\/uelzener-foerdermitgliedschaft-ikv-e-v\/#breadcrumb\"},\"inLanguage\":\"de\",\"potentialAction\":[{\"@type\":\"ReadAction\",\"target\":[\"https:\/\/uelzener.de\/magazin\/wir\/uelzener-foerdermitgliedschaft-ikv-e-v\/\"]}]},{\"@type\":\"ImageObject\",\"inLanguage\":\"de\",\"@id\":\"https:\/\/uelzener.de\/magazin\/wir\/uelzener-foerdermitgliedschaft-ikv-e-v\/#primaryimage\",\"url\":\"https:\/\/uelzener.de\/magazin\/app\/uploads\/2025\/04\/symbolbild-ikv-urkunde.jpg\",\"contentUrl\":\"https:\/\/uelzener.de\/magazin\/app\/uploads\/2025\/04\/symbolbild-ikv-urkunde.jpg\",\"width\":1025,\"height\":450},{\"@type\":\"WebSite\",\"@id\":\"https:\/\/uelzener.de\/magazin\/#website\",\"url\":\"https:\/\/uelzener.de\/magazin\/\",\"name\":\"Uelzener Tiermagazin\",\"description\":\"Online Tierratgeber der Uelzener Versicherungen\",\"publisher\":{\"@id\":\"https:\/\/uelzener.de\/magazin\/#organization\"},\"potentialAction\":[{\"@type\":\"SearchAction\",\"target\":{\"@type\":\"EntryPoint\",\"urlTemplate\":\"https:\/\/uelzener.de\/magazin\/?s={search_term_string}\"},\"query-input\":{\"@type\":\"PropertyValueSpecification\",\"valueRequired\":true,\"valueName\":\"search_term_string\"}}],\"inLanguage\":\"de\"},{\"@type\":\"Organization\",\"@id\":\"https:\/\/uelzener.de\/magazin\/#organization\",\"name\":\"Uelzener Versicherungen\",\"url\":\"https:\/\/uelzener.de\/magazin\/\",\"logo\":{\"@type\":\"ImageObject\",\"inLanguage\":\"de\",\"@id\":\"https:\/\/uelzener.de\/magazin\/#\/schema\/logo\/image\/\",\"url\":\"https:\/\/uelzener.de\/magazin\/app\/uploads\/2024\/11\/uelzener_allgemeine_versicherungsgesellschaft_a_g_logo.jpg\",\"contentUrl\":\"https:\/\/uelzener.de\/magazin\/app\/uploads\/2024\/11\/uelzener_allgemeine_versicherungsgesellschaft_a_g_logo.jpg\",\"width\":200,\"height\":200,\"caption\":\"Uelzener Versicherungen\"},\"image\":{\"@id\":\"https:\/\/uelzener.de\/magazin\/#\/schema\/logo\/image\/\"},\"sameAs\":[\"https:\/\/www.facebook.com\/Uelzener\",\"https:\/\/instagram.com\/uelzener\",\"https:\/\/www.xing.com\/pages\/uelzenerallgemeineversicherungs-gesellschafta-g\",\"https:\/\/www.youtube.com\/UelzenerVersicherungen\"]}]}<\/script>\n<!-- \/ Yoast SEO Premium plugin. -->","yoast_head_json":{"title":"Unsere F\u00f6rdermitgliedschaft bei dem IKV e.V. geht in die n\u00e4chste Runde! | Uelzener Magazin","description":"Erfahre, wie der IKV e.V. sich f\u00fcr Nachhaltigkeit in der Versicherungsbranche engagiert und wichtige Umweltschutzma\u00dfnahmen unterst\u00fctzt.","robots":{"index":"index","follow":"follow","max-snippet":"max-snippet:-1","max-image-preview":"max-image-preview:large","max-video-preview":"max-video-preview:-1"},"canonical":"https:\/\/uelzener.de\/magazin\/wir\/uelzener-foerdermitgliedschaft-ikv-e-v\/","og_locale":"de_DE","og_type":"article","og_title":"Unsere F\u00f6rdermitgliedschaft bei dem IKV e.V. geht in die n\u00e4chste Runde!","og_description":"Erfahre, wie der IKV e.V. sich f\u00fcr Nachhaltigkeit in der Versicherungsbranche engagiert und wichtige Umweltschutzma\u00dfnahmen unterst\u00fctzt.","og_url":"https:\/\/uelzener.de\/magazin\/wir\/uelzener-foerdermitgliedschaft-ikv-e-v\/","og_site_name":"Uelzener Tier-Magazin","article_publisher":"https:\/\/www.facebook.com\/Uelzener","article_modified_time":"2025-09-16T14:53:35+00:00","og_image":[{"width":1025,"height":450,"url":"https:\/\/uelzener.de\/magazin\/app\/uploads\/2025\/04\/symbolbild-ikv-urkunde.jpg","type":"image\/jpeg"}],"twitter_card":"summary_large_image","twitter_misc":{"Gesch\u00e4tzte Lesezeit":"2\u00a0Minuten"},"schema":{"@context":"https:\/\/schema.org","@graph":[{"@type":"WebPage","@id":"https:\/\/uelzener.de\/magazin\/wir\/uelzener-foerdermitgliedschaft-ikv-e-v\/","url":"https:\/\/uelzener.de\/magazin\/wir\/uelzener-foerdermitgliedschaft-ikv-e-v\/","name":"Unsere F\u00f6rdermitgliedschaft bei dem IKV e.V. geht in die n\u00e4chste Runde! | Uelzener Magazin","isPartOf":{"@id":"https:\/\/uelzener.de\/magazin\/#website"},"primaryImageOfPage":{"@id":"https:\/\/uelzener.de\/magazin\/wir\/uelzener-foerdermitgliedschaft-ikv-e-v\/#primaryimage"},"image":{"@id":"https:\/\/uelzener.de\/magazin\/wir\/uelzener-foerdermitgliedschaft-ikv-e-v\/#primaryimage"},"thumbnailUrl":"https:\/\/uelzener.de\/magazin\/app\/uploads\/2025\/04\/symbolbild-ikv-urkunde.jpg","datePublished":"2025-04-28T10:07:01+00:00","dateModified":"2025-09-16T14:53:35+00:00","description":"Erfahre, wie der IKV e.V. sich f\u00fcr Nachhaltigkeit in der Versicherungsbranche engagiert und wichtige Umweltschutzma\u00dfnahmen unterst\u00fctzt.","breadcrumb":{"@id":"https:\/\/uelzener.de\/magazin\/wir\/uelzener-foerdermitgliedschaft-ikv-e-v\/#breadcrumb"},"inLanguage":"de","potentialAction":[{"@type":"ReadAction","target":["https:\/\/uelzener.de\/magazin\/wir\/uelzener-foerdermitgliedschaft-ikv-e-v\/"]}]},{"@type":"ImageObject","inLanguage":"de","@id":"https:\/\/uelzener.de\/magazin\/wir\/uelzener-foerdermitgliedschaft-ikv-e-v\/#primaryimage","url":"https:\/\/uelzener.de\/magazin\/app\/uploads\/2025\/04\/symbolbild-ikv-urkunde.jpg","contentUrl":"https:\/\/uelzener.de\/magazin\/app\/uploads\/2025\/04\/symbolbild-ikv-urkunde.jpg","width":1025,"height":450},{"@type":"WebSite","@id":"https:\/\/uelzener.de\/magazin\/#website","url":"https:\/\/uelzener.de\/magazin\/","name":"Uelzener Tiermagazin","description":"Online Tierratgeber der Uelzener Versicherungen","publisher":{"@id":"https:\/\/uelzener.de\/magazin\/#organization"},"potentialAction":[{"@type":"SearchAction","target":{"@type":"EntryPoint","urlTemplate":"https:\/\/uelzener.de\/magazin\/?s={search_term_string}"},"query-input":{"@type":"PropertyValueSpecification","valueRequired":true,"valueName":"search_term_string"}}],"inLanguage":"de"},{"@type":"Organization","@id":"https:\/\/uelzener.de\/magazin\/#organization","name":"Uelzener Versicherungen","url":"https:\/\/uelzener.de\/magazin\/","logo":{"@type":"ImageObject","inLanguage":"de","@id":"https:\/\/uelzener.de\/magazin\/#\/schema\/logo\/image\/","url":"https:\/\/uelzener.de\/magazin\/app\/uploads\/2024\/11\/uelzener_allgemeine_versicherungsgesellschaft_a_g_logo.jpg","contentUrl":"https:\/\/uelzener.de\/magazin\/app\/uploads\/2024\/11\/uelzener_allgemeine_versicherungsgesellschaft_a_g_logo.jpg","width":200,"height":200,"caption":"Uelzener Versicherungen"},"image":{"@id":"https:\/\/uelzener.de\/magazin\/#\/schema\/logo\/image\/"},"sameAs":["https:\/\/www.facebook.com\/Uelzener","https:\/\/instagram.com\/uelzener","https:\/\/www.xing.com\/pages\/uelzenerallgemeineversicherungs-gesellschafta-g","https:\/\/www.youtube.com\/UelzenerVersicherungen"]}]}},"_links":{"self":[{"href":"https:\/\/uelzener.de\/magazin\/wp-json\/wp\/v2\/pages\/18476","targetHints":{"allow":["GET"]}}],"collection":[{"href":"https:\/\/uelzener.de\/magazin\/wp-json\/wp\/v2\/pages"}],"about":[{"href":"https:\/\/uelzener.de\/magazin\/wp-json\/wp\/v2\/types\/page"}],"author":[{"embeddable":true,"href":"https:\/\/uelzener.de\/magazin\/wp-json\/wp\/v2\/users\/11"}],"replies":[{"embeddable":true,"href":"https:\/\/uelzener.de\/magazin\/wp-json\/wp\/v2\/comments?post=18476"}],"version-history":[{"count":4,"href":"https:\/\/uelzener.de\/magazin\/wp-json\/wp\/v2\/pages\/18476\/revisions"}],"predecessor-version":[{"id":19259,"href":"https:\/\/uelzener.de\/magazin\/wp-json\/wp\/v2\/pages\/18476\/revisions\/19259"}],"up":[{"embeddable":true,"href":"https:\/\/uelzener.de\/magazin\/wp-json\/wp\/v2\/pages\/2469"}],"wp:featuredmedia":[{"embeddable":true,"href":"https:\/\/uelzener.de\/magazin\/wp-json\/wp\/v2\/media\/18478"}],"wp:attachment":[{"href":"https:\/\/uelzener.de\/magazin\/wp-json\/wp\/v2\/media?parent=18476"}],"curies":[{"name":"wp","href":"https:\/\/api.w.org\/{rel}","templated":true}]}}