{"id":18355,"date":"2025-04-15T08:15:18","date_gmt":"2025-04-15T06:15:18","guid":{"rendered":"https:\/\/uelzener.de\/magazin\/?page_id=18355"},"modified":"2025-09-16T16:47:27","modified_gmt":"2025-09-16T14:47:27","slug":"bodenarbeit-mit-dem-pferd","status":"publish","type":"page","link":"https:\/\/uelzener.de\/magazin\/pferd\/erziehung-und-training\/bodenarbeit-mit-dem-pferd\/","title":{"rendered":"Gemeinsam auf dem richtigen Huf: Bodenarbeit mit dem Pferd"},"content":{"rendered":"<p><span style=\"font-weight: 400;\">Neben dem Reiten ist Bodenarbeit ein zentraler Bestandteil der Besch\u00e4ftigung mit dem Pferd. Nicht umsonst hei\u00dft es in der klassischen Reitlehre h\u00e4ufig: \u201eGute Ausbildung beginnt am Boden\u201c. Die Bodenarbeit dient n\u00e4mlich nicht nur der Gesunderhaltung, sondern unterst\u00fctzt auch beim Erlernen neuer Lektionen und Tricks und bietet viele weitere Vorteile.\u00a0<\/span><\/p>\n<p><span style=\"font-weight: 400;\">Der Begriff Bodenarbeit ist weit gef\u00e4chert und umfasst eine Vielzahl unterschiedlicher Methoden und Trainingsans\u00e4tze. In diesem Artikel erf\u00e4hrst du, welche M\u00f6glichkeiten die Bodenarbeit bietet und warum sie f\u00fcr Pferde jedes Alters und Ausbildungsstands sinnvoll ist.<\/span><\/p>\n<h2>Was genau ist Bodenarbeit?<\/h2>\n<p><span style=\"font-weight: 400;\">Unter Bodenarbeit versteht man jegliche Art von Training mit einem Pferd, die vom Boden anstatt vom R\u00fccken des Pferdes aus stattfindet. Damit eignet sie sich hervorragend f\u00fcr Pferde, die wegen ihres Alters oder aus anderen Gr\u00fcnden nicht geritten werden k\u00f6nnen. Aber auch f\u00fcr Reitpferde ist die regelm\u00e4\u00dfige Arbeit am Boden eine sinnvolle Erg\u00e4nzung. Je nach Methode kann Bodenarbeit der Erziehung, der mentalen F\u00f6rderung, der Erhaltung der Pferdegesundheit und vielen weiteren Zielsetzungen dienen. Nicht zuletzt bringt sie Spa\u00df und Abwechslung in den Pferdealltag.\u00a0<\/span><\/p>\n<h2>Welche Vorteile hat die Bodenarbeit?<\/h2>\n<p><span style=\"font-weight: 400;\">Die Vorteile der Bodenarbeit sind ebenso vielf\u00e4ltig wie die Trainingsmethoden. Zu den positiven Effekten auf die physische und mentale Konstitution z\u00e4hlen:<\/span><\/p>\n<ul>\n<li style=\"font-weight: 400;\" aria-level=\"1\"><span style=\"font-weight: 400;\">Gymnastizierung und Muskelaufbau<\/span><\/li>\n<li style=\"font-weight: 400;\" aria-level=\"1\"><span style=\"font-weight: 400;\">Verbesserung der Balance<\/span><\/li>\n<li style=\"font-weight: 400;\" aria-level=\"1\"><span style=\"font-weight: 400;\">Aufbau und St\u00e4rkung von Vertrauen und Respekt<\/span><\/li>\n<li style=\"font-weight: 400;\" aria-level=\"1\"><span style=\"font-weight: 400;\">F\u00f6rderung der Gelassenheit und Gehorsamkeit<\/span><\/li>\n<li style=\"font-weight: 400;\" aria-level=\"1\"><span style=\"font-weight: 400;\">Gewinnung neuer Erkenntnisse \u00fcber das Pferd<\/span><\/li>\n<li style=\"font-weight: 400;\" aria-level=\"1\"><span style=\"font-weight: 400;\">Einfachere und eindeutigere Hilfengebung<\/span><\/li>\n<li style=\"font-weight: 400;\" aria-level=\"1\"><span style=\"font-weight: 400;\">Motivation durch Abwechslung<\/span><\/li>\n<\/ul>\n<p><span style=\"font-weight: 400;\">Damit bietet die Bodenarbeit eine sinnvolle Erg\u00e4nzung zum Reiten und tr\u00e4gt dazu bei, die Entwicklung des Pferdes und des Menschen zu f\u00f6rdern.<\/span><\/p>\n<h2>Bodenarbeit f\u00fcr Fohlen und Jungpferde<\/h2>\n<p><span style=\"font-weight: 400;\">Gerade f\u00fcr junge Pferde schafft die Arbeit vom Boden aus eine gute Grundlage f\u00fcr das sp\u00e4tere Training. Durch spielerische \u00dcbungen lernen sie grundlegende Kommandos und fassen Vertrauen.Dar\u00fcber hinaus unterst\u00fctzt die Bodenarbeit den Aufbau einer engen Bindung zwischen Pferd und Mensch.<\/span><\/p>\n<h2>Die zahlreichen Methoden der Bodenarbeit<\/h2>\n<p><span style=\"font-weight: 400;\">Bodenarbeit ist ein Sammelbegriff, unter dem viele Trainingsformen zusammengefasst werden. Durch die Vielfalt an Methoden l\u00e4sst sich f\u00fcr jedes Pferd das passende Training finden. Im Folgenden findest du einige der wichtigsten Ans\u00e4tze.<\/span><\/p>\n<h3>F\u00fchrtraining<\/h3>\n<p><span style=\"font-weight: 400;\">Das F\u00fchren bildet die Basis f\u00fcr die Arbeit an der Hand und geh\u00f6rt fest zum Fohlen-ABC, ist also einer der ersten Schritte in der Ausbildung eines jungen Pferdes. Ziel des <\/span><a href=\"https:\/\/uelzener.de\/magazin\/pferd\/erziehung-und-training\/fuehrtraining-pferd\/\"><span style=\"font-weight: 400;\">F\u00fchrtrainings<\/span><\/a><span style=\"font-weight: 400;\"> es, dass das Pferd gehorsam am Strick l\u00e4uft, Richtungswechsel und Anhaltman\u00f6ver sofort umsetzt und auf Stimmkommandos sowie K\u00f6rpersprache reagiert.\u00a0<\/span><\/p>\n<h3>Horsemanship<\/h3>\n<p><span style=\"font-weight: 400;\">Der Fokus der <\/span><span style=\"font-weight: 400;\">Horsemanship<\/span><span style=\"font-weight: 400;\"> liegt auf dem fairen und freundschaftlichen Umgang mit dem Pferd. Das \u00fcbergeordnete Ziel ist es, eine vertrauensvolle Beziehung zum Tier aufzubauen. Ein bekannter Vertreter dieser Methode ist Pat Parelli.<\/span><\/p>\n<p>Longenarbeit<\/p>\n<p><span style=\"font-weight: 400;\">Die Arbeit an der Longe dient sowohl der Gymnastizierung als auch der Konditionierung des Pferdes. Es k\u00f6nnen unter anderem die Muskulatur aufgebaut und die Balance verbessert werden. Es gibt verschiedene Formen der Longenarbeit, wie die Doppellongenarbeit, Intervalltraining oder das Einbeziehen von Cavalettis.<\/span><\/p>\n<h3>Handarbeit<\/h3>\n<p><span style=\"font-weight: 400;\">Die <\/span><span style=\"font-weight: 400;\">Handarbeit<\/span><span style=\"font-weight: 400;\"> eignet sich zum einen f\u00fcr junge Pferde, um sie an das Gebiss zu gew\u00f6hnen und ihnen Z\u00fcgelhilfen vorerst ohne Reitergewicht zu erkl\u00e4ren. Zum anderen kann sie auch \u00e4lteren Pferden helfen, Bewegungsabl\u00e4ufe zu verstehen und h\u00f6here Lektionen wie die Piaffe vom Boden aus zu erarbeiten. Allgemein kann ein Pferd durch Arbeit an der Hand gymnastiziert und in der Balance verbessert werden. Auch die Kommunikation zwischen Pferd und Mensch l\u00e4sst sich so trainieren.<\/span><\/p>\n<h3>Agility<\/h3>\n<p><span style=\"font-weight: 400;\">Horse Agility<\/span><span style=\"font-weight: 400;\"> ist eine spielerische Methode, bei der das Pferd einen Parcours aus Hindernissen, wie Slaloms, Tunnel oder Wippen, durchl\u00e4uft. \u00dcbergeordnetes Ziel ist es, dass der Parcours \u201efreestyle\u201c, also anstelle von Halfter und Strick lediglich mithilfe von Stimmkommandos und K\u00f6rpersprache absolviert wird. Bei der Agility stehen Vertrauen, Geschicklichkeit und die Zusammenarbeit von Pferd und Mensch im Mittelpunkt.<\/span><\/p>\n<h3>Zirzensik<\/h3>\n<p><span style=\"font-weight: 400;\">Bei dieser Art der Bodenarbeit lernt das Pferd kleinere Kunstst\u00fccke, wie Kompliment, Spanischer Schritt, Steigen oder Sitzen. Diese Lektionen k\u00f6nnen, richtig ausgef\u00fchrt, gymnastizierend sein und erfordern eine klare Kommunikation.<\/span><\/p>\n<h3>Gelassenheitstraining<\/h3>\n<p><span style=\"font-weight: 400;\">Als Fluchttiere folgen Pferde in heiklen Situation naturgem\u00e4\u00df ihrem Instinkt und suchen, wenn Gefahr droht, schnellstm\u00f6glich das Weite. Da f\u00fcr ein Pferd jedoch manchmal auch eine raschelnde T\u00fcte oder ein besonders gef\u00e4hrlich aussehender Busch eine heikle Situation sein kann, ist es sinnvoll, die Gelassenheit des Vierbeiners aktiv zu f\u00f6rdern.<\/span><\/p>\n<h3>Clickertraining<\/h3>\n<p><span style=\"font-weight: 400;\">Beim Clickertraining werden positive Verst\u00e4rkung und ein unmissverst\u00e4ndliches Markersignal durch den Clicker genutzt, um dem Pferd Verhaltensweisen an- oder abzutrainieren.<\/span><\/p>\n<h3>Freiarbeit<\/h3>\n<p><span style=\"font-weight: 400;\">Die Freiarbeit basiert auf einer nonverbalen Kommunikation mit dem Pferd, was beispielsweise f\u00fcr Horse Agility n\u00fctzlich ist. Das Vertrauen kann so vertieft und die Kommunikation verbessert werden.<\/span><\/p>\n\n<div class=\"related_articles boxed\">\n    <h2>Mehr zum Thema<\/h2>\n    \n    <div class=\"wrapper\"><div class=\"title align-center\"><h3><a href=\"https:\/\/uelzener.de\/magazin\/pferd\/erziehung-und-training\/handarbeit\/\">Handarbeit: Warum ist \u201eBalance\u201c so wichtig?<\/a><\/h3><\/div><div class=\"img align-center\"><img decoding=\"async\" width=\"315\" height=\"180\" src=\"https:\/\/uelzener.de\/magazin\/app\/uploads\/2023\/11\/handarbeit-pferd-315x180.jpg\" class=\"attachment-315x180 size-315x180 wp-post-image\" alt=\"Peter Kreinberg bei der Handarbeit am Pferd.\" \/><\/div><\/div><div class=\"wrapper\"><div class=\"title align-center\"><h3><a href=\"https:\/\/uelzener.de\/magazin\/pferd\/erziehung-und-training\/horse-agility-grundlagen-trainingsmethoden\/\">Horse Agility: Grundlagen und Trainingsmethoden<\/a><\/h3><\/div><div class=\"img align-center\"><img decoding=\"async\" width=\"315\" height=\"180\" src=\"https:\/\/uelzener.de\/magazin\/app\/uploads\/2024\/07\/horse-agility-315x180.jpg\" class=\"attachment-315x180 size-315x180 wp-post-image\" alt=\"Pferd beim Horse Agility Training.\" \/><\/div><\/div><div class=\"wrapper\"><div class=\"title align-center\"><h3><a href=\"https:\/\/uelzener.de\/magazin\/pferd\/erziehung-und-training\/horsemanship-mit-dem-pferd-auf-augenhoehe\/\">Horsemanship: Mit dem Pferd auf Augenh\u00f6he<\/a><\/h3><\/div><div class=\"img align-center\"><img decoding=\"async\" width=\"315\" height=\"180\" src=\"https:\/\/uelzener.de\/magazin\/app\/uploads\/2024\/04\/Horsemanship-315x180.jpg\" class=\"attachment-315x180 size-315x180 wp-post-image\" alt=\"Frau Kuschelt ein wei\u00dfes Pferd. Rechts daneben steht ein braunes Pferd.\" \/><\/div><\/div><\/div>\n\n<p><span style=\"font-weight: 400;\">Wer viel Zeit und M\u00fche in die Ausbildung und das Wohlbefinden seines Pferdes investiert, sollte auch an einen umfassenden Versicherungsschutz denken. Mit den <\/span><span style=\"font-weight: 400;\">Pferdeversicherungen der Uelzener<\/span><span style=\"font-weight: 400;\"> ist dein Vierbeiner im Alltag, im Training sowie in Ausnahmesituationen bestens abgesichert.<\/span><\/p>\n\n<div class=\"banner\">\n    <a href=\"https:\/\/uelzener.de\/pferd?agt=0000104925&sem=true&utm_medium=magazin&utm_source=wordpress&utm_campaign=pferd&utm_content=banner\">\n        <img decoding=\"async\" width=\"300\" height=\"212\" src=\"https:\/\/uelzener.de\/magazin\/app\/uploads\/2025\/01\/Pferde-Versicherung.jpg\" class=\"attachment-medium size-medium\" alt=\"Banner Pferde-Versicherung\" \/>    <\/a>\n<\/div>\n\n<h2>Vom Boden aus punkten: Turniere f\u00fcr die Bodenarbeit<\/h2>\n<p><span style=\"font-weight: 400;\">Turniere f\u00fcr die Bodenarbeit bieten die M\u00f6glichkeit, das Erlernte unter Beweis zu stellen und sich mit anderen zu messen. Je nach Wettbewerb werden unterschiedliche Schwerpunkte gesetzt und verschiedene F\u00e4higkeiten von Pferd und Mensch abgefragt.<\/span><\/p>\n<ul>\n<li style=\"list-style-type: none;\">\n<ul>\n<li style=\"font-weight: 400;\" aria-level=\"1\"><b>Gelassenheitspr\u00fcfung:<\/b><span style=\"font-weight: 400;\"> Hier steht nicht das sportliche K\u00f6nnen im Fokus, sondern, wie der Name bereits erahnen l\u00e4sst, die Gelassenheit. Das Pferd wird auf seinen Charakter, seine Aufmerksamkeit und die Erziehung gepr\u00fcft. Auch das Vertrauen zwischen Pferd und Mensch spielt eine wichtige Rolle.<\/span><\/li>\n<li style=\"font-weight: 400;\" aria-level=\"1\"><b>Showmanship:<\/b><span style=\"font-weight: 400;\"> Die Disziplin \u201eShowmanship at Halter\u201c kommt aus dem Westernreitsport. Dabei wird die F\u00e4higkeit der F\u00fchrperson bewertet, das Pferd an der Hand optimal zu pr\u00e4sentieren. Das Pferd-Mensch-Team l\u00e4uft bei der Showmanship ein vorgegebenes Pattern ab. Bewertungsgrundlage ist neben der korrekten Ausf\u00fchrung des Patterns das Erscheinungsbild des Pferdes und des Menschen sowie die pr\u00e4zise und harmonische Pr\u00e4sentation.<\/span><\/li>\n<li style=\"font-weight: 400;\" aria-level=\"1\"><b>Agility: <\/b><span style=\"font-weight: 400;\">Auf Horse-Agility-Turnieren gilt es, einen vorgegebenen Hindernisparcours m\u00f6glichst fehlerfrei und schnell zu durchlaufen.\u00a0<\/span><\/li>\n<\/ul>\n<\/li>\n<\/ul>\n<p><span style=\"font-weight: 400;\">Bodenarbeitsturniere zeigen, dass Bodenarbeit weit mehr sein kann als nur eine Vorbereitung f\u00fcrs Reiten, n\u00e4mlich ein eigener, anspruchsvoller Sport.<\/span><\/p>\n<h2>Fazit<\/h2>\n<p><span style=\"font-weight: 400;\">Bodenarbeit ist ein essenzieller Bestandteil der Pferdeausbildung, der sowohl physische als auch mentale Vorteile f\u00fcr das Pferd bietet. Ob zur Vorbereitung junger Pferde, zur Gesunderhaltung oder einfach zur Abwechslung: Bodenarbeit ist vielseitig, individuell und st\u00e4rkt die Partnerschaft zwischen Tier und Mensch.<\/span><\/p>\n<h2>FAQ: H\u00e4ufig gestellte Fragen zum Thema Bodenarbeit<\/h2>\n<h3>Wie lerne ich Bodenarbeit?<\/h3>\n<p><span style=\"font-weight: 400;\">Viele Trainer und Trainerinnen bieten spezialisierte Bodenarbeitstraining an, bei denen man verschiedene Methoden und deren korrekte Ausf\u00fchrung lernen kann. Dar\u00fcber hinaus kannst du an Lehrg\u00e4ngen teilnehmen und, um dein K\u00f6nnen endg\u00fcltig zu pr\u00fcfen, das Abzeichen Bodenarbeit absolvieren.<\/span><\/p>\n<h3>Brauche ich spezielles Equipment f\u00fcr die Bodenarbeit?<\/h3>\n<p><span style=\"font-weight: 400;\">Das h\u00e4ngt von der Methode ab. Oft gen\u00fcgen Halfter, Strick und gegebenenfalls eine Gerte, w\u00e4hrend f\u00fcr Disziplinen wie Agility, Longenarbeit oder Zirzensik spezifischere Ausr\u00fcstung n\u00f6tig sein kann.<\/span><\/p>\n<h3>Kann ich mit jedem Pferd Bodenarbeit machen?<\/h3>\n<p><span style=\"font-weight: 400;\">Aufgrund der Vielseitigkeit kann jedes Pferd, unabh\u00e4ngig von Alter, Rasse oder Ausbildungsstand, von Bodenarbeit profitieren. F\u00fcr Pferde mit Verletzungen oder anderweitigen Einschr\u00e4nkungen sollte eine Methode gew\u00e4hlt werden, die schonend und f\u00fcr den Vierbeiner gut zu bew\u00e4ltigen ist.<\/span><\/p>\n<h3>Welche Fehler sollte ich bei der Bodenarbeit vermeiden?<\/h3>\n<p><span style=\"font-weight: 400;\">Unklare Signale, zu lange oder monotone Trainingseinheiten und fehlende Konsequenz k\u00f6nnen den Lernerfolg beeintr\u00e4chtigen.<\/span><\/p>\n<h3>Kann Bodenarbeit bei Pferden mit Verhaltensproblemen helfen?<\/h3>\n<p><span style=\"font-weight: 400;\">Ja, sie kann bei Unsicherheiten, Dominanzproblemen oder Kommunikationsschwierigkeiten gezielt zur Verbesserung des Verhaltens eingesetzt werden.<\/span><\/p>\n","protected":false},"excerpt":{"rendered":"<p>Neben dem Reiten ist Bodenarbeit ein zentraler Bestandteil der Besch\u00e4ftigung mit dem Pferd. Nicht umsonst hei\u00dft es in der klassischen Reitlehre h\u00e4ufig: \u201eGute Ausbildung beginnt am Boden\u201c. Die Bodenarbeit dient n\u00e4mlich nicht nur der Gesunderhaltung, sondern unterst\u00fctzt auch beim Erlernen neuer Lektionen und Tricks und bietet viele weitere Vorteile.\u00a0 Der Begriff Bodenarbeit ist weit gef\u00e4chert [&hellip;]<\/p>\n","protected":false},"author":11,"featured_media":18385,"parent":11689,"menu_order":22,"comment_status":"closed","ping_status":"closed","template":"templates\/blog.php","meta":{"_acf_changed":false,"_crdt_document":"","footnotes":"","beyondwords_generate_audio":"","beyondwords_project_id":"","beyondwords_content_id":"","beyondwords_preview_token":"","beyondwords_player_style":"","beyondwords_language_id":"","beyondwords_title_voice_id":"","beyondwords_body_voice_id":"","beyondwords_summary_voice_id":"","beyondwords_error_message":"","beyondwords_disabled":"","beyondwords_delete_content":"","beyondwords_podcast_id":"","beyondwords_hash":"","publish_post_to_speechkit":"","speechkit_hash":"","speechkit_generate_audio":"","speechkit_project_id":"","speechkit_podcast_id":"","speechkit_error_message":"","speechkit_disabled":"","speechkit_access_key":"","speechkit_error":"","speechkit_info":"","speechkit_response":"","speechkit_retries":"","speechkit_status":"","speechkit_updated_at":"","_speechkit_link":"","_speechkit_text":""},"class_list":["post-18355","page","type-page","status-publish","has-post-thumbnail","hentry"],"acf":[],"yoast_head":"<!-- This site is optimized with the Yoast SEO Premium plugin  - https:\/\/yoast.com\/product\/yoast-seo-premium-wordpress\/ -->\n<title>Gemeinsam auf dem richtigen Huf: Bodenarbeit mit dem Pferd | Uelzener Magazin<\/title>\n<meta name=\"description\" content=\"Warum ist Bodenarbeit so wichtig? Finde die Vorteile heraus und wie sie die Gesunderhaltung deines Pferdes unterst\u00fctzt.\" \/>\n<meta name=\"robots\" content=\"index, follow, max-snippet:-1, max-image-preview:large, max-video-preview:-1\" \/>\n<link rel=\"canonical\" href=\"https:\/\/uelzener.de\/magazin\/pferd\/erziehung-und-training\/bodenarbeit-mit-dem-pferd\/\" \/>\n<meta property=\"og:locale\" content=\"de_DE\" \/>\n<meta property=\"og:type\" content=\"article\" \/>\n<meta property=\"og:title\" content=\"Gemeinsam auf dem richtigen Huf: Bodenarbeit mit dem Pferd\" \/>\n<meta property=\"og:description\" content=\"Warum ist Bodenarbeit so wichtig? Finde die Vorteile heraus und wie sie die Gesunderhaltung deines Pferdes unterst\u00fctzt.\" \/>\n<meta property=\"og:url\" content=\"https:\/\/uelzener.de\/magazin\/pferd\/erziehung-und-training\/bodenarbeit-mit-dem-pferd\/\" \/>\n<meta property=\"og:site_name\" content=\"Uelzener Tier-Magazin\" \/>\n<meta property=\"article:publisher\" content=\"https:\/\/www.facebook.com\/Uelzener\" \/>\n<meta property=\"article:modified_time\" content=\"2025-09-16T14:47:27+00:00\" \/>\n<meta property=\"og:image\" content=\"https:\/\/uelzener.de\/magazin\/app\/uploads\/2025\/04\/bodenarbeit.jpg\" \/>\n\t<meta property=\"og:image:width\" content=\"1025\" \/>\n\t<meta property=\"og:image:height\" content=\"450\" \/>\n\t<meta property=\"og:image:type\" content=\"image\/jpeg\" \/>\n<meta name=\"twitter:card\" content=\"summary_large_image\" \/>\n<meta name=\"twitter:label1\" content=\"Gesch\u00e4tzte Lesezeit\" \/>\n\t<meta name=\"twitter:data1\" content=\"7\u00a0Minuten\" \/>\n<script type=\"application\/ld+json\" class=\"yoast-schema-graph\">{\"@context\":\"https:\/\/schema.org\",\"@graph\":[{\"@type\":\"WebPage\",\"@id\":\"https:\/\/uelzener.de\/magazin\/pferd\/erziehung-und-training\/bodenarbeit-mit-dem-pferd\/\",\"url\":\"https:\/\/uelzener.de\/magazin\/pferd\/erziehung-und-training\/bodenarbeit-mit-dem-pferd\/\",\"name\":\"Gemeinsam auf dem richtigen Huf: Bodenarbeit mit dem Pferd | Uelzener Magazin\",\"isPartOf\":{\"@id\":\"https:\/\/uelzener.de\/magazin\/#website\"},\"primaryImageOfPage\":{\"@id\":\"https:\/\/uelzener.de\/magazin\/pferd\/erziehung-und-training\/bodenarbeit-mit-dem-pferd\/#primaryimage\"},\"image\":{\"@id\":\"https:\/\/uelzener.de\/magazin\/pferd\/erziehung-und-training\/bodenarbeit-mit-dem-pferd\/#primaryimage\"},\"thumbnailUrl\":\"https:\/\/uelzener.de\/magazin\/app\/uploads\/2025\/04\/bodenarbeit.jpg\",\"datePublished\":\"2025-04-15T06:15:18+00:00\",\"dateModified\":\"2025-09-16T14:47:27+00:00\",\"description\":\"Warum ist Bodenarbeit so wichtig? Finde die Vorteile heraus und wie sie die Gesunderhaltung deines Pferdes unterst\u00fctzt.\",\"breadcrumb\":{\"@id\":\"https:\/\/uelzener.de\/magazin\/pferd\/erziehung-und-training\/bodenarbeit-mit-dem-pferd\/#breadcrumb\"},\"inLanguage\":\"de\",\"potentialAction\":[{\"@type\":\"ReadAction\",\"target\":[\"https:\/\/uelzener.de\/magazin\/pferd\/erziehung-und-training\/bodenarbeit-mit-dem-pferd\/\"]}]},{\"@type\":\"ImageObject\",\"inLanguage\":\"de\",\"@id\":\"https:\/\/uelzener.de\/magazin\/pferd\/erziehung-und-training\/bodenarbeit-mit-dem-pferd\/#primaryimage\",\"url\":\"https:\/\/uelzener.de\/magazin\/app\/uploads\/2025\/04\/bodenarbeit.jpg\",\"contentUrl\":\"https:\/\/uelzener.de\/magazin\/app\/uploads\/2025\/04\/bodenarbeit.jpg\",\"width\":1025,\"height\":450,\"caption\":\"Pferd beim Bodenarbeitstraining.\"},{\"@type\":\"WebSite\",\"@id\":\"https:\/\/uelzener.de\/magazin\/#website\",\"url\":\"https:\/\/uelzener.de\/magazin\/\",\"name\":\"Uelzener Tiermagazin\",\"description\":\"Online Tierratgeber der Uelzener Versicherungen\",\"publisher\":{\"@id\":\"https:\/\/uelzener.de\/magazin\/#organization\"},\"potentialAction\":[{\"@type\":\"SearchAction\",\"target\":{\"@type\":\"EntryPoint\",\"urlTemplate\":\"https:\/\/uelzener.de\/magazin\/?s={search_term_string}\"},\"query-input\":{\"@type\":\"PropertyValueSpecification\",\"valueRequired\":true,\"valueName\":\"search_term_string\"}}],\"inLanguage\":\"de\"},{\"@type\":\"Organization\",\"@id\":\"https:\/\/uelzener.de\/magazin\/#organization\",\"name\":\"Uelzener Versicherungen\",\"url\":\"https:\/\/uelzener.de\/magazin\/\",\"logo\":{\"@type\":\"ImageObject\",\"inLanguage\":\"de\",\"@id\":\"https:\/\/uelzener.de\/magazin\/#\/schema\/logo\/image\/\",\"url\":\"https:\/\/uelzener.de\/magazin\/app\/uploads\/2024\/11\/uelzener_allgemeine_versicherungsgesellschaft_a_g_logo.jpg\",\"contentUrl\":\"https:\/\/uelzener.de\/magazin\/app\/uploads\/2024\/11\/uelzener_allgemeine_versicherungsgesellschaft_a_g_logo.jpg\",\"width\":200,\"height\":200,\"caption\":\"Uelzener Versicherungen\"},\"image\":{\"@id\":\"https:\/\/uelzener.de\/magazin\/#\/schema\/logo\/image\/\"},\"sameAs\":[\"https:\/\/www.facebook.com\/Uelzener\",\"https:\/\/instagram.com\/uelzener\",\"https:\/\/www.xing.com\/pages\/uelzenerallgemeineversicherungs-gesellschafta-g\",\"https:\/\/www.youtube.com\/UelzenerVersicherungen\"]}]}<\/script>\n<!-- \/ Yoast SEO Premium plugin. -->","yoast_head_json":{"title":"Gemeinsam auf dem richtigen Huf: Bodenarbeit mit dem Pferd | Uelzener Magazin","description":"Warum ist Bodenarbeit so wichtig? Finde die Vorteile heraus und wie sie die Gesunderhaltung deines Pferdes unterst\u00fctzt.","robots":{"index":"index","follow":"follow","max-snippet":"max-snippet:-1","max-image-preview":"max-image-preview:large","max-video-preview":"max-video-preview:-1"},"canonical":"https:\/\/uelzener.de\/magazin\/pferd\/erziehung-und-training\/bodenarbeit-mit-dem-pferd\/","og_locale":"de_DE","og_type":"article","og_title":"Gemeinsam auf dem richtigen Huf: Bodenarbeit mit dem Pferd","og_description":"Warum ist Bodenarbeit so wichtig? Finde die Vorteile heraus und wie sie die Gesunderhaltung deines Pferdes unterst\u00fctzt.","og_url":"https:\/\/uelzener.de\/magazin\/pferd\/erziehung-und-training\/bodenarbeit-mit-dem-pferd\/","og_site_name":"Uelzener Tier-Magazin","article_publisher":"https:\/\/www.facebook.com\/Uelzener","article_modified_time":"2025-09-16T14:47:27+00:00","og_image":[{"width":1025,"height":450,"url":"https:\/\/uelzener.de\/magazin\/app\/uploads\/2025\/04\/bodenarbeit.jpg","type":"image\/jpeg"}],"twitter_card":"summary_large_image","twitter_misc":{"Gesch\u00e4tzte Lesezeit":"7\u00a0Minuten"},"schema":{"@context":"https:\/\/schema.org","@graph":[{"@type":"WebPage","@id":"https:\/\/uelzener.de\/magazin\/pferd\/erziehung-und-training\/bodenarbeit-mit-dem-pferd\/","url":"https:\/\/uelzener.de\/magazin\/pferd\/erziehung-und-training\/bodenarbeit-mit-dem-pferd\/","name":"Gemeinsam auf dem richtigen Huf: Bodenarbeit mit dem Pferd | Uelzener Magazin","isPartOf":{"@id":"https:\/\/uelzener.de\/magazin\/#website"},"primaryImageOfPage":{"@id":"https:\/\/uelzener.de\/magazin\/pferd\/erziehung-und-training\/bodenarbeit-mit-dem-pferd\/#primaryimage"},"image":{"@id":"https:\/\/uelzener.de\/magazin\/pferd\/erziehung-und-training\/bodenarbeit-mit-dem-pferd\/#primaryimage"},"thumbnailUrl":"https:\/\/uelzener.de\/magazin\/app\/uploads\/2025\/04\/bodenarbeit.jpg","datePublished":"2025-04-15T06:15:18+00:00","dateModified":"2025-09-16T14:47:27+00:00","description":"Warum ist Bodenarbeit so wichtig? Finde die Vorteile heraus und wie sie die Gesunderhaltung deines Pferdes unterst\u00fctzt.","breadcrumb":{"@id":"https:\/\/uelzener.de\/magazin\/pferd\/erziehung-und-training\/bodenarbeit-mit-dem-pferd\/#breadcrumb"},"inLanguage":"de","potentialAction":[{"@type":"ReadAction","target":["https:\/\/uelzener.de\/magazin\/pferd\/erziehung-und-training\/bodenarbeit-mit-dem-pferd\/"]}]},{"@type":"ImageObject","inLanguage":"de","@id":"https:\/\/uelzener.de\/magazin\/pferd\/erziehung-und-training\/bodenarbeit-mit-dem-pferd\/#primaryimage","url":"https:\/\/uelzener.de\/magazin\/app\/uploads\/2025\/04\/bodenarbeit.jpg","contentUrl":"https:\/\/uelzener.de\/magazin\/app\/uploads\/2025\/04\/bodenarbeit.jpg","width":1025,"height":450,"caption":"Pferd beim Bodenarbeitstraining."},{"@type":"WebSite","@id":"https:\/\/uelzener.de\/magazin\/#website","url":"https:\/\/uelzener.de\/magazin\/","name":"Uelzener Tiermagazin","description":"Online Tierratgeber der Uelzener Versicherungen","publisher":{"@id":"https:\/\/uelzener.de\/magazin\/#organization"},"potentialAction":[{"@type":"SearchAction","target":{"@type":"EntryPoint","urlTemplate":"https:\/\/uelzener.de\/magazin\/?s={search_term_string}"},"query-input":{"@type":"PropertyValueSpecification","valueRequired":true,"valueName":"search_term_string"}}],"inLanguage":"de"},{"@type":"Organization","@id":"https:\/\/uelzener.de\/magazin\/#organization","name":"Uelzener Versicherungen","url":"https:\/\/uelzener.de\/magazin\/","logo":{"@type":"ImageObject","inLanguage":"de","@id":"https:\/\/uelzener.de\/magazin\/#\/schema\/logo\/image\/","url":"https:\/\/uelzener.de\/magazin\/app\/uploads\/2024\/11\/uelzener_allgemeine_versicherungsgesellschaft_a_g_logo.jpg","contentUrl":"https:\/\/uelzener.de\/magazin\/app\/uploads\/2024\/11\/uelzener_allgemeine_versicherungsgesellschaft_a_g_logo.jpg","width":200,"height":200,"caption":"Uelzener Versicherungen"},"image":{"@id":"https:\/\/uelzener.de\/magazin\/#\/schema\/logo\/image\/"},"sameAs":["https:\/\/www.facebook.com\/Uelzener","https:\/\/instagram.com\/uelzener","https:\/\/www.xing.com\/pages\/uelzenerallgemeineversicherungs-gesellschafta-g","https:\/\/www.youtube.com\/UelzenerVersicherungen"]}]}},"_links":{"self":[{"href":"https:\/\/uelzener.de\/magazin\/wp-json\/wp\/v2\/pages\/18355","targetHints":{"allow":["GET"]}}],"collection":[{"href":"https:\/\/uelzener.de\/magazin\/wp-json\/wp\/v2\/pages"}],"about":[{"href":"https:\/\/uelzener.de\/magazin\/wp-json\/wp\/v2\/types\/page"}],"author":[{"embeddable":true,"href":"https:\/\/uelzener.de\/magazin\/wp-json\/wp\/v2\/users\/11"}],"replies":[{"embeddable":true,"href":"https:\/\/uelzener.de\/magazin\/wp-json\/wp\/v2\/comments?post=18355"}],"version-history":[{"count":8,"href":"https:\/\/uelzener.de\/magazin\/wp-json\/wp\/v2\/pages\/18355\/revisions"}],"predecessor-version":[{"id":19258,"href":"https:\/\/uelzener.de\/magazin\/wp-json\/wp\/v2\/pages\/18355\/revisions\/19258"}],"up":[{"embeddable":true,"href":"https:\/\/uelzener.de\/magazin\/wp-json\/wp\/v2\/pages\/11689"}],"wp:featuredmedia":[{"embeddable":true,"href":"https:\/\/uelzener.de\/magazin\/wp-json\/wp\/v2\/media\/18385"}],"wp:attachment":[{"href":"https:\/\/uelzener.de\/magazin\/wp-json\/wp\/v2\/media?parent=18355"}],"curies":[{"name":"wp","href":"https:\/\/api.w.org\/{rel}","templated":true}]}}