{"id":18352,"date":"2025-04-14T14:29:39","date_gmt":"2025-04-14T12:29:39","guid":{"rendered":"https:\/\/uelzener.de\/magazin\/?page_id=18352"},"modified":"2025-09-11T12:02:52","modified_gmt":"2025-09-11T10:02:52","slug":"balinesen","status":"publish","type":"page","link":"https:\/\/uelzener.de\/magazin\/katze\/rasseportrait\/balinesen\/","title":{"rendered":"Balinesen: Intelligente und gesellige Samtpfoten"},"content":{"rendered":"<p><span style=\"font-weight: 400;\">Balinesen \u00e4hneln in vielerlei Hinsicht den Siamkatzen. Das ist kein Zufall, denn sie stammen direkt von ihnen ab. Eine Balinesenkatze kannst du dir als eine Siam mit halblangem Fell und buschigem Schwanz vorstellen. Der Name der Katzenrasse hat mit ihrer Herkunft jedoch nichts zu tun. Sie kommt urspr\u00fcnglich n\u00e4mlich nicht aus Bali, sondern aus den USA. Die anmutigen Bewegungen der Katzen erinnerten <a href=\"https:\/\/uelzener.de\/magazin\/katze\/tipps-fuer-den-alltag\/auswahl-katzenzuechter\/\" target=\"_blank\" rel=\"noopener\">Z\u00fcchter<\/a> jedoch an balinesische Tempelt\u00e4nzerinnen, was zu der Namensgebung f\u00fchrte. Hier erf\u00e4hrst du alles Wichtige \u00fcber die Katzenrasse.<\/span><\/p>\n<h2>Zur\u00fcck zum Ursprung<\/h2>\n<p><span style=\"font-weight: 400;\">Als bei Siamkatzen pl\u00f6tzlich K\u00e4tzchen mit langem Fell geboren wurden, setzte man sie nicht zur weiteren Zucht ein, da ihr l\u00e4ngeres Fell als Abweichung von den rassetypischen Merkmalen der Siam galt. \u00dcber die Entstehung dieser Variation gibt es unterschiedliche Ansichten: Die einen gehen von spontaner Mutation aus, die anderen f\u00fchren die Langhaar-Variante der Siam auf fr\u00fchere Kreuzungen mit Angorakatzen zur\u00fcck. Demnach k\u00f6nnten Balinesen das Ergebnis der Verpaarung zweier Siamkatzen sein, die das rezessive Langhaar-Gen trugen.<\/span><\/p>\n<p><span style=\"font-weight: 400;\">Bereits 1928 wurde diese neue Rasse im US-Katzenregister unter dem Namen \u201eSiamese Longhaired\u201c aufgenommen. Doch erst in den 1950er-Jahren begannen die Amerikanerinnen Marion Dorsey und Helen Smith in den USA gezielt mit der Zucht. Offiziell als eigenst\u00e4ndige Rasse wurden Balinesen unter diesem Namen erst im Jahr 1963 anerkannt. 1983 folgte die Anerkennung der Rasse durch die F\u00e9d\u00e9ration Internationale F\u00e9line, die internationale Dachorganisation von Katzenzuchtverb\u00e4nden in Europa.<\/span><\/p>\n<h2>Aussehen und Farbvarianten der Balinesen<\/h2>\n<p><span style=\"font-weight: 400;\">Eines der wohl charakteristischsten Merkmale der Balinesenkatze sind ihre mandelf\u00f6rmigen, intensiv blauen Augen, die leicht schr\u00e4g gestellt sind. Ihr Kopf ist mittelgro\u00df und weist ein dreieckig verlaufendes Gesicht auf. Der K\u00f6rper wirkt elegant und ist \u00e4u\u00dferst muskul\u00f6s und lang. Bei Balinesen handelt es sich um eine mittelgro\u00dfe Katzenrasse: Kater erreichen eine Schulterh\u00f6he von etwa 35 cm, Katzen werden ungef\u00e4hr 30 cm gro\u00df. Das Gewicht reicht von 4 bis 5 kg bei m\u00e4nnlichen Vertretern und von 3 bis 4 kg bei weiblichen Balinesenkatzen.\u00a0<\/span><\/p>\n<p><span style=\"font-weight: 400;\">Balinesen verf\u00fcgen \u00fcber weiches, seidiges und mittellanges Fell mit faszinierender Farbverteilung. Wie die Siam geh\u00f6ren auch sie zu den <\/span><span style=\"font-weight: 400;\">Point-Katzen<\/span><span style=\"font-weight: 400;\">, was bedeutet, dass bestimmte K\u00f6rperbereiche wie Gesicht, Ohren, Beine und Schwanz farblich deutlich vom restlichen Fell abgesetzt sind. Am Schwanz, Hals und an den Schultern ist das Fell etwas l\u00e4nger, was der Katze eine einzigartige Silhouette verleiht.\u00a0<\/span><\/p>\n<h3>Wie eine Balinesenkatze zu ihren Points kommt<\/h3>\n<p><span style=\"font-weight: 400;\">Die Points (engl. \u201ePunkte\u201c) sind das Ergebnis eines genetischen Defekts. Verantwortlich f\u00fcr diese besondere Pigmentierung ist das Enzym Tyrosinase, das f\u00fcr die Melaninproduktion ben\u00f6tigt wird, bei Balinesen jedoch nicht voll funktionsf\u00e4hig ist. Aus diesem Grund werden sie als Teilalbinos eingestuft.<\/span><\/p>\n<p><span style=\"font-weight: 400;\">Das Besondere an diesem Enzym ist, dass es nur bei k\u00fchleren Temperaturen aktiv ist. Katzen, die im Verlauf ihres Lebens eine Point-Zeichnung aufweisen, kommen jedoch mit ausschlie\u00dflich hellem Fell auf die Welt. Der Grund daf\u00fcr sind die h\u00f6heren Temperaturen im Mutterleib. Erst in den ersten Lebenswochen entwickeln sich die Points und folgen aufgrund der unterschiedlichen Temperaturzonen am K\u00f6rper einer Katze einem bestimmten Muster: Sie werden nur an K\u00f6rperstellen sichtbar, die grunds\u00e4tzlich k\u00fchler sind. Dazu geh\u00f6ren etwa die Beine, Ohren, Nase und der Schwanz. Mit zunehmendem Alter kann das Fell der Balinesen auch am Rumpf dunkler werden. Das liegt daran, dass die Durchblutung bei \u00e4lteren Katzen nicht mehr so stark ist.<\/span><\/p>\n<h3>Die unterschiedlichen Farben der Balinesen<\/h3>\n<p><span style=\"font-weight: 400;\">Die Fellfarben der Balinesen entsprechen denen der Siam. Die unterschiedlichen Zuchtregister haben eigene Vorgaben bez\u00fcglich der Anerkennung bestimmter Farbvarianten und akzeptieren beispielsweise keine Varianten mit Wei\u00dfanteil wie Van, Harlekin oder Bicolour.<\/span><\/p>\n<p><span style=\"font-weight: 400;\">Im Folgenden findest du eine \u00dcbersicht mit m\u00f6glichen Farbvarianten der Balinesen:<\/span><\/p>\n<ul>\n<li style=\"font-weight: 400;\" aria-level=\"1\"><span style=\"font-weight: 400;\">Wei\u00df, ohne Points (auch unter der Bezeichnung Foreign White bekannt)<\/span><\/li>\n<li style=\"font-weight: 400;\" aria-level=\"1\"><span style=\"font-weight: 400;\">Pointed<\/span>\n<ul>\n<li style=\"font-weight: 400;\" aria-level=\"2\"><span style=\"font-weight: 400;\">in den Farben seal, blue, chocolate, lilac, red, creme, cinnamon, fawn<\/span><\/li>\n<li style=\"font-weight: 400;\" aria-level=\"2\"><span style=\"font-weight: 400;\">tortie (mit sogenanntem Schildpattmuster) mit den oben erw\u00e4hnten Farben<\/span><\/li>\n<\/ul>\n<\/li>\n<li style=\"font-weight: 400;\" aria-level=\"1\"><span style=\"font-weight: 400;\">Tabby-Pointed, wobei die Points gestreift sind\u00a0<\/span><\/li>\n<li style=\"font-weight: 400;\" aria-level=\"1\"><span style=\"font-weight: 400;\">Pointed Van, Harlequin und Bicolour, wobei die Points einen Wei\u00dfanteil in unterschiedlicher Auspr\u00e4gung aufweisen<\/span><\/li>\n<li style=\"font-weight: 400;\" aria-level=\"1\"><span style=\"font-weight: 400;\">Tabby Pointed mit Van, Harlequin und Bicolour, womit gestreifte Points mit unterschiedlich starker Auspr\u00e4gung des Wei\u00dfanteils bezeichnet werden<\/span><\/li>\n<\/ul>\n<h3>Modern oder traditionell?<\/h3>\n<p><span style=\"font-weight: 400;\">Mit der Zeit haben sich unterschiedliche Varianten der Balinesenkatze herauskristallisiert. Das bezieht sich nicht nur auf die Farben, sondern auch auf die Kopfform. Die Samtpfoten mit dem bezaubernden Fell gibt es in der modernen und traditionellen Variante. Traditionelle Balinesenkatzen verf\u00fcgen \u00fcber einen eher runden Kopf, w\u00e4hrend die Vertreter der modernen Variante einen keilf\u00f6rmigen Kopf aufweisen, der nach unten spitz wird. Letztere weisen im Regelfall auch einen schlankeren K\u00f6rperbau auf.\u00a0<\/span><\/p>\n\n<div class=\"related_articles boxed\">\n    <h2>Mehr zum Thema<\/h2>\n    \n    <div class=\"wrapper\"><div class=\"title align-center\"><h3><a href=\"https:\/\/uelzener.de\/magazin\/katze\/rasseportrait\/was-ist-eine-pointkatze\/\">Was ist eine Pointkatze?<\/a><\/h3><\/div><div class=\"img align-center\"><img decoding=\"async\" width=\"315\" height=\"180\" src=\"https:\/\/uelzener.de\/magazin\/app\/uploads\/2016\/07\/b5a405cd-5322-41f6-9b42-17a75748959f-315x180.jpg\" class=\"attachment-315x180 size-315x180 wp-post-image\" alt=\"Pointkatze sitzt vor einem Blumenstrau\u00df es ist eine sehr sch\u00f6ne Rasse.\" srcset=\"https:\/\/uelzener.de\/magazin\/app\/uploads\/2016\/07\/b5a405cd-5322-41f6-9b42-17a75748959f-315x180.jpg 315w, https:\/\/uelzener.de\/magazin\/app\/uploads\/2016\/07\/b5a405cd-5322-41f6-9b42-17a75748959f-650x369.jpg 650w\" sizes=\"(max-width: 315px) 100vw, 315px\" \/><\/div><\/div><div class=\"wrapper\"><div class=\"title align-center\"><h3><a href=\"https:\/\/uelzener.de\/magazin\/katze\/rasseportrait\/katzenrassen-die-haeufiger-krank-werden\/\">Katzenrassen, die h\u00e4ufiger krank werden<\/a><\/h3><\/div><div class=\"img align-center\"><img decoding=\"async\" width=\"315\" height=\"180\" src=\"https:\/\/uelzener.de\/magazin\/app\/uploads\/2025\/01\/abessinier-315x180.jpg\" class=\"attachment-315x180 size-315x180 wp-post-image\" alt=\"Abessinier-Katze\" \/><\/div><\/div><div class=\"wrapper\"><div class=\"title align-center\"><h3><a href=\"https:\/\/uelzener.de\/magazin\/katze\/haeufige-fragen\/verschmuste-katzenrassen\/\">Verschmuste Katzenrassen: Diese Stubentiger kuscheln gern<\/a><\/h3><\/div><div class=\"img align-center\"><img decoding=\"async\" width=\"315\" height=\"180\" src=\"https:\/\/uelzener.de\/magazin\/app\/uploads\/2022\/07\/Header_Magazin_Verschmuste-Katzen-315x180.jpg\" class=\"attachment-315x180 size-315x180 wp-post-image\" alt=\"Katze schmust mit Besitzer in Wohnung vor der Couch. Jede Katzenrasse ist unterschiedlich was das schmusen angeht.\" \/><\/div><\/div><\/div>\n\n<h2>Balinesen und ihr geselliges Wesen<\/h2>\n<p><span style=\"font-weight: 400;\">Balinesen gelten als \u00e4u\u00dferst gesellig, neugierig und verspielt. Auch sind sie sehr gespr\u00e4chig und miauen vergleichsweise viel. Sie lieben es, Aufmerksamkeit auf sich zu ziehen und im Mittelpunkt zu stehen. Genauso sehr m\u00f6gen sie es zu schmusen und verlangen regelrecht nach Streicheleinheiten. Vor allem aber wird den Balinesen nachgesagt, dass sie sehr intelligent seien. Mit manch einer Katze kannst du sogar unterschiedliche Tricks ein\u00fcben wie das Apportieren von Gegenst\u00e4nden. Viele Balinesen freuen sich au\u00dferdem \u00fcber Intelligenzspielzeug und nehmen es f\u00f6rmlich in Beschlag. Auch regelm\u00e4\u00dfige Spieleinheiten mit B\u00e4llen, Katzenangeln und \u00e4hnlichem Spielzeug bereiten Vertretern dieser Katzenrasse viel Freude. Sie haben einen hohen Aktivit\u00e4tsdrang, so dass sie viel Zeit mit Klettern, Toben und Spielen verbringen. Wie du siehst, wird es mit Balinesen zu Hause nicht so schnell langweilig.\u00a0<\/span><\/p>\n<p><span style=\"font-weight: 400;\">F\u00fcr eine Einzelhaltung sind die geselligen Samtpfoten aber keinesfalls geeignet. Lieb\u00e4ugelst du damit, dir eine Balinesenkatze als Mitbewohner auszusuchen, solltest du direkt nach zwei Katzen Ausschau halten.<\/span><\/p>\n<h2>Pflege der Katzenrasse<\/h2>\n<p><span style=\"font-weight: 400;\">Eine artgerechte Haltung und Ern\u00e4hrung sind f\u00fcr Balinesenkatzen wie f\u00fcr alle anderen Samtpfoten nat\u00fcrlich enorm wichtig. Kratzb\u00e4ume mit Liegepl\u00e4tzen zum Klettern und Erholen sollten in keinem Haushalt mit Katzen fehlen. Auch \u00fcber kuschelige R\u00fcckzugsorte am gesicherten Fenster freut sich die Vierbeiner.\u00a0<\/span><\/p>\n<p><span style=\"font-weight: 400;\">Auch wenn die Balinesenkatze kaum Unterwolle hat, beugst du mit regelm\u00e4\u00dfigem B\u00fcrsten Verfilzungen vor und tr\u00e4gst dazu bei, dass sie beim Putzen nicht zu viele Haare zu verschluckt.<\/span><\/p>\n<p><span style=\"font-weight: 400;\">In Sachen Ern\u00e4hrung solltest du auf hochwertiges Futter mit hohem Fleischanteil achten. Mit ausgewogener Kost, ausreichend Bewegung, vielf\u00e4ltigen Spielm\u00f6glichkeiten und viel Liebe und F\u00fcrsorge gibst du einer Balinesenkatze alles, was sie f\u00fcr ein gesundes und gl\u00fcckliches Leben ben\u00f6tigt.\u00a0<\/span><\/p>\n<h2>Balinesen: Wichtiges \u00fcber rassetypische Krankheiten<\/h2>\n<p><span style=\"font-weight: 400;\">Generell gelten Balinesen als vergleichsweise gesund. Dennoch gibt es einige Krankheiten, f\u00fcr die sie \u00e4hnlich wie Siamkatzen anf\u00e4lliger sind. Dazu z\u00e4hlen zum Beispiel:<\/span><\/p>\n<ul>\n<li style=\"font-weight: 400;\" aria-level=\"1\"><span style=\"font-weight: 400;\">Progressive Retinaatrophie: Eine Erkrankung der Netzhaut, die zu eingeschr\u00e4nktem Sehverm\u00f6gen oder sogar Erblindung f\u00fchren kann.<\/span><\/li>\n<li style=\"font-weight: 400;\" aria-level=\"1\"><span style=\"font-weight: 400;\">Gangliosidose: Eine Stoffwechselst\u00f6rung, die das Nervensystem sch\u00e4digt und eingeschr\u00e4nkte Bewegungsfreiheit bis hin zur L\u00e4hmung verursachen kann.<\/span><\/li>\n<li style=\"font-weight: 400;\" aria-level=\"1\"><span style=\"font-weight: 400;\">Hypertrophe Kardiomyopathie: Eine Verdickung des Herzmuskels, die im schlimmsten Fall Herzversagen zur Folge haben kann.<\/span><\/li>\n<\/ul>\n<p><span style=\"font-weight: 400;\">Dar\u00fcber hinaus neigt die Katzenrasse zu \u00dcbergewicht, so dass vor allem auf reichlich Bewegung und eine ausgewogene Ern\u00e4hrung zu achten ist.\u00a0<\/span><\/p>\n<p><span style=\"font-weight: 400;\">Gut zu wissen: Sollte deine Katze erkranken und eine medizinische Behandlung ben\u00f6tigen, bist du mit der <\/span><span style=\"font-weight: 400;\">Uelzener Krankenversicherung f\u00fcr Katzen<\/span><span style=\"font-weight: 400;\"> finanziell abgesichert und kannst dein Tier bestm\u00f6glich versorgen lassen.<\/span><\/p>\n\n<div class=\"banner\">\n    <a href=\"https:\/\/uelzener.de\/katze\/katzen-krankenversicherung\/?agt=0000104925&sem=true&utm_medium=magazin&utm_source=wordpress&utm_campaign=katze_kv&utm_content=banner\">\n        <img decoding=\"async\" width=\"300\" height=\"212\" src=\"https:\/\/uelzener.de\/magazin\/app\/uploads\/2025\/01\/Katzen-Kranken-Versicherung.jpg\" class=\"attachment-medium size-medium\" alt=\"Banner Katzen-Kranken-Versicherung\" \/>    <\/a>\n<\/div>\n\n<h2>Fazit<\/h2>\n<p><span style=\"font-weight: 400;\">Balinesenkatzen lieben es, zu schmusen und zu spielen, sind sehr aktiv und m\u00f6chten viel mitreden. Wenn du eine ruhige Katze suchst, wirst du mit dieser Rasse also eher nicht gl\u00fccklich. W\u00fcnschst du dir hingegen einen geselligen Mitbewohner, ist die Balinese genau richtig f\u00fcr dich. Du kannst dich intensiv mit ihr besch\u00e4ftigen, sie mental f\u00f6rdern und tolle Tricks mit ihr ein\u00fcben. Ihre Dankbarkeit zeigt sie dir mit charmantem Miauen und wohltuenden Kuscheleinheiten.<\/span><\/p>\n<h2>FAQ: H\u00e4ufig gestellte Fragen zu Balinesen<\/h2>\n<h3>Ist eine Balinese gut geeignet, wenn man nur selten zu Hause ist?<\/h3>\n<p><span style=\"font-weight: 400;\">Nein, denn diese Katzenrasse ist nicht nur \u00e4u\u00dferst gesellig, sondern auch sehr sensibel. Wenn du ihre Bed\u00fcrfnisse nach N\u00e4he, Aufmerksamkeit und Gesellschaft nicht ernst nimmst, wird eine Balinesenkatze bei dir nicht gl\u00fccklich. Auch Einzelhaltung ist f\u00fcr sie keine Option.<\/span><\/p>\n<h3>Vertragen sich Balinesenkatzen gut mit anderen Tieren?<\/h3>\n<p><span style=\"font-weight: 400;\">In der Regel sind Balinesen ideale Familienkatzen, die auch mit anderen Tierarten im Haushalt gut zurechtkommen. Allerdings ist nat\u00fcrlich jede Katze ein Individuum mit ganz eigenem Charakter. Eine Garantie daf\u00fcr, dass sich eine Balinese zum Beispiel mit einem Hund im Haushalt gut versteht, gibt es daher nicht.\u00a0<\/span><\/p>\n<h3>Sind Balinesen f\u00fcr Allergiker geeignet?<\/h3>\n<p><span style=\"font-weight: 400;\">Balinesen geh\u00f6ren zu den Katzenrassen, die vergleichsweise wenig vom Protein Fel d 1 freisetzen und gelten daher als besser vertr\u00e4glich f\u00fcr Menschen mit Katzenallergie. Dieses Protein befindet sich im Speichel sowie in den Hautschuppen der Katze und gelangt unter anderem durch die Fellpflege auf das Fell. Von dort aus verteilt es sich auf M\u00f6beln, Kleidung und anderen Oberfl\u00e4chen und schwebt dar\u00fcber hinaus in der Luft. Wie stark Menschen auf eine bestimmte Menge des Proteins reagieren und wie viel Fel d 1 eine Katze tats\u00e4chlich abgibt, ist individuell sehr unterschiedlich. Daher ist selbst eine Balinesenkatze nicht ausnahmslos f\u00fcr jeden Katzenallergiker und jede Katzenallergikerin geeignet.<\/span><\/p>\n","protected":false},"excerpt":{"rendered":"<p>Balinesen \u00e4hneln in vielerlei Hinsicht den Siamkatzen. Das ist kein Zufall, denn sie stammen direkt von ihnen ab. Eine Balinesenkatze kannst du dir als eine Siam mit halblangem Fell und buschigem Schwanz vorstellen. Der Name der Katzenrasse hat mit ihrer Herkunft jedoch nichts zu tun. Sie kommt urspr\u00fcnglich n\u00e4mlich nicht aus Bali, sondern aus den [&hellip;]<\/p>\n","protected":false},"author":11,"featured_media":18365,"parent":2482,"menu_order":4,"comment_status":"closed","ping_status":"closed","template":"templates\/blog.php","meta":{"_acf_changed":false,"_crdt_document":"","footnotes":"","beyondwords_generate_audio":"","beyondwords_project_id":"","beyondwords_content_id":"","beyondwords_preview_token":"","beyondwords_player_style":"","beyondwords_language_id":"","beyondwords_title_voice_id":"","beyondwords_body_voice_id":"","beyondwords_summary_voice_id":"","beyondwords_error_message":"","beyondwords_disabled":"","beyondwords_delete_content":"","beyondwords_podcast_id":"","beyondwords_hash":"","publish_post_to_speechkit":"","speechkit_hash":"","speechkit_generate_audio":"","speechkit_project_id":"","speechkit_podcast_id":"","speechkit_error_message":"","speechkit_disabled":"","speechkit_access_key":"","speechkit_error":"","speechkit_info":"","speechkit_response":"","speechkit_retries":"","speechkit_status":"","speechkit_updated_at":"","_speechkit_link":"","_speechkit_text":""},"class_list":["post-18352","page","type-page","status-publish","has-post-thumbnail","hentry"],"acf":[],"yoast_head":"<!-- This site is optimized with the Yoast SEO Premium plugin  - https:\/\/yoast.com\/product\/yoast-seo-premium-wordpress\/ -->\n<title>Balinesen: Intelligente und gesellige Samtpfoten | Uelzener Magazin<\/title>\n<meta name=\"description\" content=\"Entdecke alles \u00fcber Balinesen: die Katzenrasse mit halblangem Fell und dem Charme der Siamkatze.\" \/>\n<meta name=\"robots\" content=\"index, follow, max-snippet:-1, max-image-preview:large, max-video-preview:-1\" \/>\n<link rel=\"canonical\" href=\"https:\/\/uelzener.de\/magazin\/katze\/rasseportrait\/balinesen\/\" \/>\n<meta property=\"og:locale\" content=\"de_DE\" \/>\n<meta property=\"og:type\" content=\"article\" \/>\n<meta property=\"og:title\" content=\"Balinesen: Intelligente und gesellige Samtpfoten\" \/>\n<meta property=\"og:description\" content=\"Entdecke alles \u00fcber Balinesen: die Katzenrasse mit halblangem Fell und dem Charme der Siamkatze.\" \/>\n<meta property=\"og:url\" content=\"https:\/\/uelzener.de\/magazin\/katze\/rasseportrait\/balinesen\/\" \/>\n<meta property=\"og:site_name\" content=\"Uelzener Tier-Magazin\" \/>\n<meta property=\"article:publisher\" content=\"https:\/\/www.facebook.com\/Uelzener\" \/>\n<meta property=\"article:modified_time\" content=\"2025-09-11T10:02:52+00:00\" \/>\n<meta property=\"og:image\" content=\"https:\/\/uelzener.de\/magazin\/app\/uploads\/2025\/04\/balinese.jpg\" \/>\n\t<meta property=\"og:image:width\" content=\"1025\" \/>\n\t<meta property=\"og:image:height\" content=\"450\" \/>\n\t<meta property=\"og:image:type\" content=\"image\/jpeg\" \/>\n<meta name=\"twitter:card\" content=\"summary_large_image\" \/>\n<meta name=\"twitter:label1\" content=\"Gesch\u00e4tzte Lesezeit\" \/>\n\t<meta name=\"twitter:data1\" content=\"9\u00a0Minuten\" \/>\n<script type=\"application\/ld+json\" class=\"yoast-schema-graph\">{\"@context\":\"https:\/\/schema.org\",\"@graph\":[{\"@type\":\"WebPage\",\"@id\":\"https:\/\/uelzener.de\/magazin\/katze\/rasseportrait\/balinesen\/\",\"url\":\"https:\/\/uelzener.de\/magazin\/katze\/rasseportrait\/balinesen\/\",\"name\":\"Balinesen: Intelligente und gesellige Samtpfoten | Uelzener Magazin\",\"isPartOf\":{\"@id\":\"https:\/\/uelzener.de\/magazin\/#website\"},\"primaryImageOfPage\":{\"@id\":\"https:\/\/uelzener.de\/magazin\/katze\/rasseportrait\/balinesen\/#primaryimage\"},\"image\":{\"@id\":\"https:\/\/uelzener.de\/magazin\/katze\/rasseportrait\/balinesen\/#primaryimage\"},\"thumbnailUrl\":\"https:\/\/uelzener.de\/magazin\/app\/uploads\/2025\/04\/balinese.jpg\",\"datePublished\":\"2025-04-14T12:29:39+00:00\",\"dateModified\":\"2025-09-11T10:02:52+00:00\",\"description\":\"Entdecke alles \u00fcber Balinesen: die Katzenrasse mit halblangem Fell und dem Charme der Siamkatze.\",\"breadcrumb\":{\"@id\":\"https:\/\/uelzener.de\/magazin\/katze\/rasseportrait\/balinesen\/#breadcrumb\"},\"inLanguage\":\"de\",\"potentialAction\":[{\"@type\":\"ReadAction\",\"target\":[\"https:\/\/uelzener.de\/magazin\/katze\/rasseportrait\/balinesen\/\"]}]},{\"@type\":\"ImageObject\",\"inLanguage\":\"de\",\"@id\":\"https:\/\/uelzener.de\/magazin\/katze\/rasseportrait\/balinesen\/#primaryimage\",\"url\":\"https:\/\/uelzener.de\/magazin\/app\/uploads\/2025\/04\/balinese.jpg\",\"contentUrl\":\"https:\/\/uelzener.de\/magazin\/app\/uploads\/2025\/04\/balinese.jpg\",\"width\":1025,\"height\":450,\"caption\":\"Balinese Katze.\"},{\"@type\":\"WebSite\",\"@id\":\"https:\/\/uelzener.de\/magazin\/#website\",\"url\":\"https:\/\/uelzener.de\/magazin\/\",\"name\":\"Uelzener Tiermagazin\",\"description\":\"Online Tierratgeber der Uelzener Versicherungen\",\"publisher\":{\"@id\":\"https:\/\/uelzener.de\/magazin\/#organization\"},\"potentialAction\":[{\"@type\":\"SearchAction\",\"target\":{\"@type\":\"EntryPoint\",\"urlTemplate\":\"https:\/\/uelzener.de\/magazin\/?s={search_term_string}\"},\"query-input\":{\"@type\":\"PropertyValueSpecification\",\"valueRequired\":true,\"valueName\":\"search_term_string\"}}],\"inLanguage\":\"de\"},{\"@type\":\"Organization\",\"@id\":\"https:\/\/uelzener.de\/magazin\/#organization\",\"name\":\"Uelzener Versicherungen\",\"url\":\"https:\/\/uelzener.de\/magazin\/\",\"logo\":{\"@type\":\"ImageObject\",\"inLanguage\":\"de\",\"@id\":\"https:\/\/uelzener.de\/magazin\/#\/schema\/logo\/image\/\",\"url\":\"https:\/\/uelzener.de\/magazin\/app\/uploads\/2024\/11\/uelzener_allgemeine_versicherungsgesellschaft_a_g_logo.jpg\",\"contentUrl\":\"https:\/\/uelzener.de\/magazin\/app\/uploads\/2024\/11\/uelzener_allgemeine_versicherungsgesellschaft_a_g_logo.jpg\",\"width\":200,\"height\":200,\"caption\":\"Uelzener Versicherungen\"},\"image\":{\"@id\":\"https:\/\/uelzener.de\/magazin\/#\/schema\/logo\/image\/\"},\"sameAs\":[\"https:\/\/www.facebook.com\/Uelzener\",\"https:\/\/instagram.com\/uelzener\",\"https:\/\/www.xing.com\/pages\/uelzenerallgemeineversicherungs-gesellschafta-g\",\"https:\/\/www.youtube.com\/UelzenerVersicherungen\"]}]}<\/script>\n<!-- \/ Yoast SEO Premium plugin. -->","yoast_head_json":{"title":"Balinesen: Intelligente und gesellige Samtpfoten | Uelzener Magazin","description":"Entdecke alles \u00fcber Balinesen: die Katzenrasse mit halblangem Fell und dem Charme der Siamkatze.","robots":{"index":"index","follow":"follow","max-snippet":"max-snippet:-1","max-image-preview":"max-image-preview:large","max-video-preview":"max-video-preview:-1"},"canonical":"https:\/\/uelzener.de\/magazin\/katze\/rasseportrait\/balinesen\/","og_locale":"de_DE","og_type":"article","og_title":"Balinesen: Intelligente und gesellige Samtpfoten","og_description":"Entdecke alles \u00fcber Balinesen: die Katzenrasse mit halblangem Fell und dem Charme der Siamkatze.","og_url":"https:\/\/uelzener.de\/magazin\/katze\/rasseportrait\/balinesen\/","og_site_name":"Uelzener Tier-Magazin","article_publisher":"https:\/\/www.facebook.com\/Uelzener","article_modified_time":"2025-09-11T10:02:52+00:00","og_image":[{"width":1025,"height":450,"url":"https:\/\/uelzener.de\/magazin\/app\/uploads\/2025\/04\/balinese.jpg","type":"image\/jpeg"}],"twitter_card":"summary_large_image","twitter_misc":{"Gesch\u00e4tzte Lesezeit":"9\u00a0Minuten"},"schema":{"@context":"https:\/\/schema.org","@graph":[{"@type":"WebPage","@id":"https:\/\/uelzener.de\/magazin\/katze\/rasseportrait\/balinesen\/","url":"https:\/\/uelzener.de\/magazin\/katze\/rasseportrait\/balinesen\/","name":"Balinesen: Intelligente und gesellige Samtpfoten | Uelzener Magazin","isPartOf":{"@id":"https:\/\/uelzener.de\/magazin\/#website"},"primaryImageOfPage":{"@id":"https:\/\/uelzener.de\/magazin\/katze\/rasseportrait\/balinesen\/#primaryimage"},"image":{"@id":"https:\/\/uelzener.de\/magazin\/katze\/rasseportrait\/balinesen\/#primaryimage"},"thumbnailUrl":"https:\/\/uelzener.de\/magazin\/app\/uploads\/2025\/04\/balinese.jpg","datePublished":"2025-04-14T12:29:39+00:00","dateModified":"2025-09-11T10:02:52+00:00","description":"Entdecke alles \u00fcber Balinesen: die Katzenrasse mit halblangem Fell und dem Charme der Siamkatze.","breadcrumb":{"@id":"https:\/\/uelzener.de\/magazin\/katze\/rasseportrait\/balinesen\/#breadcrumb"},"inLanguage":"de","potentialAction":[{"@type":"ReadAction","target":["https:\/\/uelzener.de\/magazin\/katze\/rasseportrait\/balinesen\/"]}]},{"@type":"ImageObject","inLanguage":"de","@id":"https:\/\/uelzener.de\/magazin\/katze\/rasseportrait\/balinesen\/#primaryimage","url":"https:\/\/uelzener.de\/magazin\/app\/uploads\/2025\/04\/balinese.jpg","contentUrl":"https:\/\/uelzener.de\/magazin\/app\/uploads\/2025\/04\/balinese.jpg","width":1025,"height":450,"caption":"Balinese Katze."},{"@type":"WebSite","@id":"https:\/\/uelzener.de\/magazin\/#website","url":"https:\/\/uelzener.de\/magazin\/","name":"Uelzener Tiermagazin","description":"Online Tierratgeber der Uelzener Versicherungen","publisher":{"@id":"https:\/\/uelzener.de\/magazin\/#organization"},"potentialAction":[{"@type":"SearchAction","target":{"@type":"EntryPoint","urlTemplate":"https:\/\/uelzener.de\/magazin\/?s={search_term_string}"},"query-input":{"@type":"PropertyValueSpecification","valueRequired":true,"valueName":"search_term_string"}}],"inLanguage":"de"},{"@type":"Organization","@id":"https:\/\/uelzener.de\/magazin\/#organization","name":"Uelzener Versicherungen","url":"https:\/\/uelzener.de\/magazin\/","logo":{"@type":"ImageObject","inLanguage":"de","@id":"https:\/\/uelzener.de\/magazin\/#\/schema\/logo\/image\/","url":"https:\/\/uelzener.de\/magazin\/app\/uploads\/2024\/11\/uelzener_allgemeine_versicherungsgesellschaft_a_g_logo.jpg","contentUrl":"https:\/\/uelzener.de\/magazin\/app\/uploads\/2024\/11\/uelzener_allgemeine_versicherungsgesellschaft_a_g_logo.jpg","width":200,"height":200,"caption":"Uelzener Versicherungen"},"image":{"@id":"https:\/\/uelzener.de\/magazin\/#\/schema\/logo\/image\/"},"sameAs":["https:\/\/www.facebook.com\/Uelzener","https:\/\/instagram.com\/uelzener","https:\/\/www.xing.com\/pages\/uelzenerallgemeineversicherungs-gesellschafta-g","https:\/\/www.youtube.com\/UelzenerVersicherungen"]}]}},"_links":{"self":[{"href":"https:\/\/uelzener.de\/magazin\/wp-json\/wp\/v2\/pages\/18352","targetHints":{"allow":["GET"]}}],"collection":[{"href":"https:\/\/uelzener.de\/magazin\/wp-json\/wp\/v2\/pages"}],"about":[{"href":"https:\/\/uelzener.de\/magazin\/wp-json\/wp\/v2\/types\/page"}],"author":[{"embeddable":true,"href":"https:\/\/uelzener.de\/magazin\/wp-json\/wp\/v2\/users\/11"}],"replies":[{"embeddable":true,"href":"https:\/\/uelzener.de\/magazin\/wp-json\/wp\/v2\/comments?post=18352"}],"version-history":[{"count":3,"href":"https:\/\/uelzener.de\/magazin\/wp-json\/wp\/v2\/pages\/18352\/revisions"}],"predecessor-version":[{"id":19217,"href":"https:\/\/uelzener.de\/magazin\/wp-json\/wp\/v2\/pages\/18352\/revisions\/19217"}],"up":[{"embeddable":true,"href":"https:\/\/uelzener.de\/magazin\/wp-json\/wp\/v2\/pages\/2482"}],"wp:featuredmedia":[{"embeddable":true,"href":"https:\/\/uelzener.de\/magazin\/wp-json\/wp\/v2\/media\/18365"}],"wp:attachment":[{"href":"https:\/\/uelzener.de\/magazin\/wp-json\/wp\/v2\/media?parent=18352"}],"curies":[{"name":"wp","href":"https:\/\/api.w.org\/{rel}","templated":true}]}}