{"id":18264,"date":"2025-03-20T14:03:40","date_gmt":"2025-03-20T13:03:40","guid":{"rendered":"https:\/\/uelzener.de\/magazin\/?page_id=18264"},"modified":"2025-09-16T16:45:26","modified_gmt":"2025-09-16T14:45:26","slug":"gemeinsam-vorankommen-das-wir-gefuehl-staerken","status":"publish","type":"page","link":"https:\/\/uelzener.de\/magazin\/pferd\/erziehung-und-training\/gemeinsam-vorankommen-das-wir-gefuehl-staerken\/","title":{"rendered":"Gemeinsam vorankommen: Das \u201eWir-Gef\u00fchl\u201c st\u00e4rken"},"content":{"rendered":"<p>Wer w\u00fcnscht sich das nicht \u2013 ein gelassenes, motiviertes Pferd, auf das Verlass ist. Ob im Sattel oder im Umgang am Boden, eine harmonische Partnerschaft kann sich nur entwickeln, wenn sich beide Partner wohl f\u00fchlen. Und um sich wohl f\u00fchlen zu k\u00f6nnen, muss man sich vor allem sicher f\u00fchlen.<br \/>\nDieses wichtige Sicherheitsgef\u00fchl ist nicht selbstverst\u00e4ndlich, es muss sich bei Reiter*in und Pferd erst einmal entwickeln, damit beide m\u00f6gliche Schrecksituationen souver\u00e4n bew\u00e4ltigen k\u00f6nnen.<\/p>\n<h2><strong>Gute Erfahrungen st\u00e4rken das Selbstvertrauen<\/strong><\/h2>\n<p>Da Pferde als Fluchttiere einen sehr starten Selbstschutzinstinkt haben, reagieren sie auf unbekannte Eindr\u00fccke schreckhaft und mit Meideverhalten. Oft reicht schon eine solche Begebenheit, um einen nachhaltigen negativen Eindruck zu hinterlassen und kann sogar zu einer dauerhaften und oft diffusen Schreckhaftigkeit f\u00fchren.<\/p>\n<p>Ein sinnvolles Vorbereitungstraining zur rechten Zeit kann solchen negativen Entwicklungen vorbeugen. Es kann von jeder Pferdebesitzerin oder jedem Besitzer auch selbst mussdurchgef\u00fchrt werden und ist nicht sehr aufwendig.<\/p>\n<p>Die Natur hat jedem Pferd ein entsprechendes instinktives Lernverhalten mitgegeben \u2013 den nat\u00fcrlichen Erkundungstrieb. Pferde haben ein starkes Interesse, Unbekanntes oder Ungewohntes zu \u00fcberpr\u00fcfen, um herauszufinden, ob es gef\u00e4hrlich ist oder nicht. In einem Herdenverband geschieht das h\u00e4ufig interaktiv im Zusammenspiel mit erfahreneren Herdenpartner, die ein gewisses Sicherheitsgef\u00fchl vermitteln.<\/p>\n<p>Haben sie dann die Erfahrung gemacht, dass bestimmte Situationen keine unangenehmen Auswirkungen f\u00fcr sie haben, so werden die zuk\u00fcnftig auch im Alleingang souver\u00e4n und angstfrei bew\u00e4ltigt. Das Selbstvertrauen und das Sicherheitsgef\u00fchlt wurde gest\u00e4rkt.<\/p>\n<h2><strong>Die Aufmerksamkeit gewinnen<\/strong><\/h2>\n<p data-start=\"38\" data-end=\"491\">In der Mensch-Pferd-Beziehung kannst du die Herdenlogik nutzen: Bei <a href=\"https:\/\/uelzener.de\/magazin\/pferd\/erziehung-und-training\/bodenarbeit-mit-dem-pferd\/\" target=\"_blank\" rel=\"noopener\">Bodenarbeit<\/a> mit Halfter und Leitseil \u00fcbernimmst du ruhig und klar die F\u00fchrung. Mit etwas Planung, Vorbereitung und ein paar Grundregeln klappt das gut. Starte mit einigen Einheiten kontrollierten F\u00fchrtrainings, damit Verst\u00e4ndigung und Kontrolle in Normalsituationen sitzen. Das Pferd soll lernen, seine Aufmerksamkeit beim F\u00fchrenden zu halten bzw. nach kurzer Ablenkung zur\u00fcckzukehren.<\/p>\n<p data-start=\"493\" data-end=\"847\">Arbeite mit freundlichen, bestimmten Halftersignalen: Richtungs- und Tempowechsel ank\u00fcndigen, mit Impulsen statt Ziehen oder Dr\u00fccken. Variiere h\u00e4ufig (Zickzack, Anhalten, R\u00fcckw\u00e4rts- und Seitw\u00e4rtsschritte). So gibst du den Takt vor, wirst zum Agierenden, das Pferd reagiert. Je klarer Halfter- und K\u00f6rpersignale, desto schneller orientiert es sich an dir.<\/p>\n<p data-start=\"849\" data-end=\"1098\">Ziel ist ein WIR-Gef\u00fchl: Du wirst zum verl\u00e4sslichen Sozialpartner und f\u00fchrenden Herdenpartner, dem sich das Pferd gern anvertraut. Erkennbar daran, dass es beim F\u00fchren \u201eOhr und Auge\u201c auf deiner Seite hat \u2013 auf beiden Seiten gleicherma\u00dfen erarbeiten.<\/p>\n<p><strong><img decoding=\"async\" class=\"size-medium wp-image-18265 alignnone\" src=\"https:\/\/uelzener.de\/magazin\/app\/uploads\/2025\/03\/RCH_3781_web-214x300.jpg\" alt=\"Eine Frau steht auf einer Weide mit ihrem braunen Pferd und h\u00e4lt es an einer Leine\" width=\"214\" height=\"300\" srcset=\"https:\/\/uelzener.de\/magazin\/app\/uploads\/2025\/03\/RCH_3781_web-214x300.jpg 214w, https:\/\/uelzener.de\/magazin\/app\/uploads\/2025\/03\/RCH_3781_web-668x936.jpg 668w, https:\/\/uelzener.de\/magazin\/app\/uploads\/2025\/03\/RCH_3781_web.jpg 714w\" sizes=\"(max-width: 214px) 100vw, 214px\" \/><\/strong><\/p>\n<h2><strong>Gemeinsam schaffen wir das<\/strong><\/h2>\n<p>Wir sind also inzwischen miteinander im st\u00e4ndigen \u201egef\u00fchlten Dialog\u201c verbunden und es ist ein gemeinsames \u201eWIR-Gef\u00fchl\u201c entstanden \u2013 das bedeutet auch, dass wir uns gegenseitig Vertrauen k\u00f6nnen, da wir uns verst\u00e4ndigen und miteinander abstimmen. Unser Pferd geht locker und entspannt neben uns.<\/p>\n<p><strong><img decoding=\"async\" class=\"alignnone size-medium wp-image-18266\" src=\"https:\/\/uelzener.de\/magazin\/app\/uploads\/2025\/03\/RCH_3643_web-300x214.jpg\" alt=\"Eine Frau h\u00e4lt ein Pferd an einer Leine. Im Hintergrund sieht man Berge\" width=\"300\" height=\"214\" srcset=\"https:\/\/uelzener.de\/magazin\/app\/uploads\/2025\/03\/RCH_3643_web-300x214.jpg 300w, https:\/\/uelzener.de\/magazin\/app\/uploads\/2025\/03\/RCH_3643_web-1024x731.jpg 1024w, https:\/\/uelzener.de\/magazin\/app\/uploads\/2025\/03\/RCH_3643_web-768x549.jpg 768w, https:\/\/uelzener.de\/magazin\/app\/uploads\/2025\/03\/RCH_3643_web-1026x733.jpg 1026w, https:\/\/uelzener.de\/magazin\/app\/uploads\/2025\/03\/RCH_3643_web-668x477.jpg 668w, https:\/\/uelzener.de\/magazin\/app\/uploads\/2025\/03\/RCH_3643_web.jpg 1400w\" sizes=\"(max-width: 300px) 100vw, 300px\" \/><\/strong><\/p>\n<p>Auf einem eingez\u00e4unten Platz arbeitest du aus eurem vorhandenen Wir-Gef\u00fchl heraus: ruhig f\u00fchren, ohne Zwang, Neugier wecken. Starte mit Abstand zum ungewohnten Objekt (z. B. Gymnastikball) und hole dir \u00fcber sanfte Halfterimpulse immer wieder kurz die Aufmerksamkeit. Wird dein Pferd entspannter, verk\u00fcrze die Distanz in klaren Linien. Gehe dann ruhig und gerade auf das Objekt zu: Zeigt es Interesse, gehst du gelassen mit; stockt es, h\u00e4ltst du an und bittest mit sehr dezenten Signalen um einen kleinen Schritt mehr. Wichtig: Ruhe und Zuversicht ausstrahlen, nicht dr\u00e4ngen und nicht zur\u00fcckweichen.<\/p>\n<p><strong><img decoding=\"async\" class=\"alignnone size-medium wp-image-18267\" src=\"https:\/\/uelzener.de\/magazin\/app\/uploads\/2025\/03\/RCH_3646_lang_web-300x147.jpg\" alt=\"Eine Frau h\u00e4lt eine Leine an der ein braunes Pferd angebunden ist. Diese spielt mit seinem Kopf mit einem blauen Ball\" width=\"300\" height=\"147\" srcset=\"https:\/\/uelzener.de\/magazin\/app\/uploads\/2025\/03\/RCH_3646_lang_web-300x147.jpg 300w, https:\/\/uelzener.de\/magazin\/app\/uploads\/2025\/03\/RCH_3646_lang_web-1024x503.jpg 1024w, https:\/\/uelzener.de\/magazin\/app\/uploads\/2025\/03\/RCH_3646_lang_web-768x377.jpg 768w, https:\/\/uelzener.de\/magazin\/app\/uploads\/2025\/03\/RCH_3646_lang_web-1026x504.jpg 1026w, https:\/\/uelzener.de\/magazin\/app\/uploads\/2025\/03\/RCH_3646_lang_web-668x328.jpg 668w, https:\/\/uelzener.de\/magazin\/app\/uploads\/2025\/03\/RCH_3646_lang_web.jpg 1400w\" sizes=\"(max-width: 300px) 100vw, 300px\" \/><\/strong><\/p>\n<p>Ist das Interesse geweckt, so wird der Erkundungstrieb des Pferdes geweckt und im Hilfen-Dialog von uns kontrolliert unterst\u00fctzt.<\/p>\n<p>Sobald es so nah herangetreten ist, dass es den Ball mit Nase ber\u00fchren kann, lassen es wir es kurz \u2013 aber wirklich nur f\u00fcr ein bis zwei Sekunden \u2013 schnuppern, und holen uns seine Aufmerksamkeit wieder.<\/p>\n<p>Das kann zwei bis drei Mal wiederholt werden. Dann sto\u00dfen wir den Ball vorsichtig mit einem Fu\u00df an, so dass er langsam vom Pferd wegrollt. Das Pferd wird ihm nachschauen und eventuell nachgehen. Sollte es stehen bleiben, so animieren wir es, wieder zum Ball hinzugehen. Das wiederholen wir einige Male, bis es beginnt, dem Ball interessiert zu folgen.<\/p>\n<p><strong><img decoding=\"async\" class=\"alignnone size-medium wp-image-18268\" src=\"https:\/\/uelzener.de\/magazin\/app\/uploads\/2025\/03\/RCH_3651_web-300x214.jpg\" alt=\"Eine Frau f\u00fchrt ein Pferd, welches vor ihr steht. Das Pferd f\u00fchrt mit seinem Pferd einen blauen Ball.\" width=\"300\" height=\"214\" srcset=\"https:\/\/uelzener.de\/magazin\/app\/uploads\/2025\/03\/RCH_3651_web-300x214.jpg 300w, https:\/\/uelzener.de\/magazin\/app\/uploads\/2025\/03\/RCH_3651_web-1024x731.jpg 1024w, https:\/\/uelzener.de\/magazin\/app\/uploads\/2025\/03\/RCH_3651_web-768x548.jpg 768w, https:\/\/uelzener.de\/magazin\/app\/uploads\/2025\/03\/RCH_3651_web-1026x733.jpg 1026w, https:\/\/uelzener.de\/magazin\/app\/uploads\/2025\/03\/RCH_3651_web-668x477.jpg 668w, https:\/\/uelzener.de\/magazin\/app\/uploads\/2025\/03\/RCH_3651_web.jpg 1346w\" sizes=\"(max-width: 300px) 100vw, 300px\" \/><\/strong><\/p>\n<p>Beginnt das Pferd, dem Ball zu folgen, so befriedigt das seinen Erkundungstrieb und st\u00e4rkt sein Selbstvertrauen, da das unbekannte oder urspr\u00fcnglich \u00e4ngstigende Objekt sich jetzt von ihm entfernt- \u201ewegl\u00e4uft\u201c.<\/p>\n<h2><strong>Wir k\u00f6nnen Probleme l\u00f6sen und das macht uns Spa\u00df<\/strong><\/h2>\n<ul>\n<li data-start=\"38\" data-end=\"175\">\n<p data-start=\"40\" data-end=\"175\">Nach 2\u20133 Einheiten wird dein Pferd den leichten Ball mit dem Huf anstupsen; er rollt weg, ihr folgt ihm und animiert weitere Stupser.<\/p>\n<\/li>\n<li data-start=\"176\" data-end=\"308\">\n<p data-start=\"178\" data-end=\"308\">Bald \u201etreibt\u201c es den Ball mit einem oder beiden Vorderhufen vor sich her \u2013 ein Erfolgserlebnis, das sein Selbstvertrauen st\u00e4rkt.<\/p>\n<\/li>\n<li data-start=\"309\" data-end=\"436\">\n<p data-start=\"311\" data-end=\"436\">Du gibst mit gef\u00fchlvollen Impulsen und klarer K\u00f6rpersprache Richtung und Tempo vor (warten vs. handeln) \u2013 im steten Dialog.<\/p>\n<\/li>\n<li data-start=\"437\" data-end=\"598\">\n<p data-start=\"439\" data-end=\"598\">Die \u00dcbung kann auch vom Sattel aus weitergef\u00fchrt werden: spielerisch, aber angeleitet und kontrolliert; kein \u201eZirkustrick\u201c und ohne Leckerli-Konditionierung.<\/p>\n<\/li>\n<li data-start=\"599\" data-end=\"726\">\n<p data-start=\"601\" data-end=\"726\">Ziel: gemeinsam eine Aufgabe bew\u00e4ltigen und ein Verhaltensmuster anlegen, das sich auf andere Situationen \u00fcbertragen l\u00e4sst.<\/p>\n<\/li>\n<li data-start=\"727\" data-end=\"887\">\n<p data-start=\"729\" data-end=\"887\">F\u00fcr Problem- oder Schreckmomente: 1) Aufmerksamkeit sichern (Auge\/Ohr), 2) Interesse auf die Aufgabe lenken, 3) Erkundungstrieb in kleinen Schritten nutzen.<\/p>\n<\/li>\n<li data-start=\"888\" data-end=\"970\">\n<p data-start=\"890\" data-end=\"970\">Ergebnis: mehr gegenseitiges Vertrauen, Sicherheit und ein st\u00e4rkeres Wir-Gef\u00fchl.<\/p>\n<\/li>\n<\/ul>\n<p><em><strong>Uelzener-Tipp von Peter Kreinberg: Gemeinsam vorankommen: Das \u201eWir-Gef\u00fchl\u201c st\u00e4rken<\/strong><strong>. Im Original erschienen auf\u00a0The Gentle Touch<\/strong><\/em><\/p>\n","protected":false},"excerpt":{"rendered":"<p>Wer w\u00fcnscht sich das nicht \u2013 ein gelassenes, motiviertes Pferd, auf das Verlass ist. Ob im Sattel oder im Umgang am Boden, eine harmonische Partnerschaft kann sich nur entwickeln, wenn sich beide Partner wohl f\u00fchlen. Und um sich wohl f\u00fchlen zu k\u00f6nnen, muss man sich vor allem sicher f\u00fchlen. Dieses wichtige Sicherheitsgef\u00fchl ist nicht selbstverst\u00e4ndlich, [&hellip;]<\/p>\n","protected":false},"author":21,"featured_media":18311,"parent":11689,"menu_order":10,"comment_status":"closed","ping_status":"closed","template":"templates\/blog.php","meta":{"_acf_changed":false,"_crdt_document":"","footnotes":"","beyondwords_generate_audio":"","beyondwords_project_id":"","beyondwords_content_id":"","beyondwords_preview_token":"","beyondwords_player_style":"","beyondwords_language_id":"","beyondwords_title_voice_id":"","beyondwords_body_voice_id":"","beyondwords_summary_voice_id":"","beyondwords_error_message":"","beyondwords_disabled":"","beyondwords_delete_content":"","beyondwords_podcast_id":"","beyondwords_hash":"","publish_post_to_speechkit":"","speechkit_hash":"","speechkit_generate_audio":"","speechkit_project_id":"","speechkit_podcast_id":"","speechkit_error_message":"","speechkit_disabled":"","speechkit_access_key":"","speechkit_error":"","speechkit_info":"","speechkit_response":"","speechkit_retries":"","speechkit_status":"","speechkit_updated_at":"","_speechkit_link":"","_speechkit_text":""},"class_list":["post-18264","page","type-page","status-publish","has-post-thumbnail","hentry"],"acf":[],"yoast_head":"<!-- This site is optimized with the Yoast SEO Premium plugin  - https:\/\/yoast.com\/product\/yoast-seo-premium-wordpress\/ -->\n<title>Gemeinsam vorankommen: Das \u201eWir-Gef\u00fchl\u201c st\u00e4rken | Uelzener Magazin<\/title>\n<meta name=\"description\" content=\"Durch gemeinsames und aufmerksames Training mit deinem Pferd kannst du eine ganz besondere Bindung zu deinem Pferd aufbauen.\" \/>\n<meta name=\"robots\" content=\"index, follow, max-snippet:-1, max-image-preview:large, max-video-preview:-1\" \/>\n<link rel=\"canonical\" href=\"https:\/\/uelzener.de\/magazin\/pferd\/erziehung-und-training\/gemeinsam-vorankommen-das-wir-gefuehl-staerken\/\" \/>\n<meta property=\"og:locale\" content=\"de_DE\" \/>\n<meta property=\"og:type\" content=\"article\" \/>\n<meta property=\"og:title\" content=\"Gemeinsam vorankommen: Das \u201eWir-Gef\u00fchl\u201c st\u00e4rken\" \/>\n<meta property=\"og:description\" content=\"Durch gemeinsames und aufmerksames Training mit deinem Pferd kannst du eine ganz besondere Bindung zu deinem Pferd aufbauen.\" \/>\n<meta property=\"og:url\" content=\"https:\/\/uelzener.de\/magazin\/pferd\/erziehung-und-training\/gemeinsam-vorankommen-das-wir-gefuehl-staerken\/\" \/>\n<meta property=\"og:site_name\" content=\"Uelzener Tier-Magazin\" \/>\n<meta property=\"article:publisher\" content=\"https:\/\/www.facebook.com\/Uelzener\" \/>\n<meta property=\"article:modified_time\" content=\"2025-09-16T14:45:26+00:00\" \/>\n<meta property=\"og:image\" content=\"https:\/\/uelzener.de\/magazin\/app\/uploads\/2025\/04\/The-Gentle-Touch.jpg\" \/>\n\t<meta property=\"og:image:width\" content=\"1025\" \/>\n\t<meta property=\"og:image:height\" content=\"450\" \/>\n\t<meta property=\"og:image:type\" content=\"image\/jpeg\" \/>\n<meta name=\"twitter:card\" content=\"summary_large_image\" \/>\n<meta name=\"twitter:label1\" content=\"Gesch\u00e4tzte Lesezeit\" \/>\n\t<meta name=\"twitter:data1\" content=\"6\u00a0Minuten\" \/>\n<script type=\"application\/ld+json\" class=\"yoast-schema-graph\">{\"@context\":\"https:\/\/schema.org\",\"@graph\":[{\"@type\":\"WebPage\",\"@id\":\"https:\/\/uelzener.de\/magazin\/pferd\/erziehung-und-training\/gemeinsam-vorankommen-das-wir-gefuehl-staerken\/\",\"url\":\"https:\/\/uelzener.de\/magazin\/pferd\/erziehung-und-training\/gemeinsam-vorankommen-das-wir-gefuehl-staerken\/\",\"name\":\"Gemeinsam vorankommen: Das \u201eWir-Gef\u00fchl\u201c st\u00e4rken | Uelzener Magazin\",\"isPartOf\":{\"@id\":\"https:\/\/uelzener.de\/magazin\/#website\"},\"primaryImageOfPage\":{\"@id\":\"https:\/\/uelzener.de\/magazin\/pferd\/erziehung-und-training\/gemeinsam-vorankommen-das-wir-gefuehl-staerken\/#primaryimage\"},\"image\":{\"@id\":\"https:\/\/uelzener.de\/magazin\/pferd\/erziehung-und-training\/gemeinsam-vorankommen-das-wir-gefuehl-staerken\/#primaryimage\"},\"thumbnailUrl\":\"https:\/\/uelzener.de\/magazin\/app\/uploads\/2025\/04\/The-Gentle-Touch.jpg\",\"datePublished\":\"2025-03-20T13:03:40+00:00\",\"dateModified\":\"2025-09-16T14:45:26+00:00\",\"description\":\"Durch gemeinsames und aufmerksames Training mit deinem Pferd kannst du eine ganz besondere Bindung zu deinem Pferd aufbauen.\",\"breadcrumb\":{\"@id\":\"https:\/\/uelzener.de\/magazin\/pferd\/erziehung-und-training\/gemeinsam-vorankommen-das-wir-gefuehl-staerken\/#breadcrumb\"},\"inLanguage\":\"de\",\"potentialAction\":[{\"@type\":\"ReadAction\",\"target\":[\"https:\/\/uelzener.de\/magazin\/pferd\/erziehung-und-training\/gemeinsam-vorankommen-das-wir-gefuehl-staerken\/\"]}]},{\"@type\":\"ImageObject\",\"inLanguage\":\"de\",\"@id\":\"https:\/\/uelzener.de\/magazin\/pferd\/erziehung-und-training\/gemeinsam-vorankommen-das-wir-gefuehl-staerken\/#primaryimage\",\"url\":\"https:\/\/uelzener.de\/magazin\/app\/uploads\/2025\/04\/The-Gentle-Touch.jpg\",\"contentUrl\":\"https:\/\/uelzener.de\/magazin\/app\/uploads\/2025\/04\/The-Gentle-Touch.jpg\",\"width\":1025,\"height\":450,\"caption\":\"Ein Pferd schie\u00dft mit seinem Vorderbein einen blauen Ball. Es bekommt dabei Anweisungen von einer Frau.\"},{\"@type\":\"WebSite\",\"@id\":\"https:\/\/uelzener.de\/magazin\/#website\",\"url\":\"https:\/\/uelzener.de\/magazin\/\",\"name\":\"Uelzener Tiermagazin\",\"description\":\"Online Tierratgeber der Uelzener Versicherungen\",\"publisher\":{\"@id\":\"https:\/\/uelzener.de\/magazin\/#organization\"},\"potentialAction\":[{\"@type\":\"SearchAction\",\"target\":{\"@type\":\"EntryPoint\",\"urlTemplate\":\"https:\/\/uelzener.de\/magazin\/?s={search_term_string}\"},\"query-input\":{\"@type\":\"PropertyValueSpecification\",\"valueRequired\":true,\"valueName\":\"search_term_string\"}}],\"inLanguage\":\"de\"},{\"@type\":\"Organization\",\"@id\":\"https:\/\/uelzener.de\/magazin\/#organization\",\"name\":\"Uelzener Versicherungen\",\"url\":\"https:\/\/uelzener.de\/magazin\/\",\"logo\":{\"@type\":\"ImageObject\",\"inLanguage\":\"de\",\"@id\":\"https:\/\/uelzener.de\/magazin\/#\/schema\/logo\/image\/\",\"url\":\"https:\/\/uelzener.de\/magazin\/app\/uploads\/2024\/11\/uelzener_allgemeine_versicherungsgesellschaft_a_g_logo.jpg\",\"contentUrl\":\"https:\/\/uelzener.de\/magazin\/app\/uploads\/2024\/11\/uelzener_allgemeine_versicherungsgesellschaft_a_g_logo.jpg\",\"width\":200,\"height\":200,\"caption\":\"Uelzener Versicherungen\"},\"image\":{\"@id\":\"https:\/\/uelzener.de\/magazin\/#\/schema\/logo\/image\/\"},\"sameAs\":[\"https:\/\/www.facebook.com\/Uelzener\",\"https:\/\/instagram.com\/uelzener\",\"https:\/\/www.xing.com\/pages\/uelzenerallgemeineversicherungs-gesellschafta-g\",\"https:\/\/www.youtube.com\/UelzenerVersicherungen\"]}]}<\/script>\n<!-- \/ Yoast SEO Premium plugin. -->","yoast_head_json":{"title":"Gemeinsam vorankommen: Das \u201eWir-Gef\u00fchl\u201c st\u00e4rken | Uelzener Magazin","description":"Durch gemeinsames und aufmerksames Training mit deinem Pferd kannst du eine ganz besondere Bindung zu deinem Pferd aufbauen.","robots":{"index":"index","follow":"follow","max-snippet":"max-snippet:-1","max-image-preview":"max-image-preview:large","max-video-preview":"max-video-preview:-1"},"canonical":"https:\/\/uelzener.de\/magazin\/pferd\/erziehung-und-training\/gemeinsam-vorankommen-das-wir-gefuehl-staerken\/","og_locale":"de_DE","og_type":"article","og_title":"Gemeinsam vorankommen: Das \u201eWir-Gef\u00fchl\u201c st\u00e4rken","og_description":"Durch gemeinsames und aufmerksames Training mit deinem Pferd kannst du eine ganz besondere Bindung zu deinem Pferd aufbauen.","og_url":"https:\/\/uelzener.de\/magazin\/pferd\/erziehung-und-training\/gemeinsam-vorankommen-das-wir-gefuehl-staerken\/","og_site_name":"Uelzener Tier-Magazin","article_publisher":"https:\/\/www.facebook.com\/Uelzener","article_modified_time":"2025-09-16T14:45:26+00:00","og_image":[{"width":1025,"height":450,"url":"https:\/\/uelzener.de\/magazin\/app\/uploads\/2025\/04\/The-Gentle-Touch.jpg","type":"image\/jpeg"}],"twitter_card":"summary_large_image","twitter_misc":{"Gesch\u00e4tzte Lesezeit":"6\u00a0Minuten"},"schema":{"@context":"https:\/\/schema.org","@graph":[{"@type":"WebPage","@id":"https:\/\/uelzener.de\/magazin\/pferd\/erziehung-und-training\/gemeinsam-vorankommen-das-wir-gefuehl-staerken\/","url":"https:\/\/uelzener.de\/magazin\/pferd\/erziehung-und-training\/gemeinsam-vorankommen-das-wir-gefuehl-staerken\/","name":"Gemeinsam vorankommen: Das \u201eWir-Gef\u00fchl\u201c st\u00e4rken | Uelzener Magazin","isPartOf":{"@id":"https:\/\/uelzener.de\/magazin\/#website"},"primaryImageOfPage":{"@id":"https:\/\/uelzener.de\/magazin\/pferd\/erziehung-und-training\/gemeinsam-vorankommen-das-wir-gefuehl-staerken\/#primaryimage"},"image":{"@id":"https:\/\/uelzener.de\/magazin\/pferd\/erziehung-und-training\/gemeinsam-vorankommen-das-wir-gefuehl-staerken\/#primaryimage"},"thumbnailUrl":"https:\/\/uelzener.de\/magazin\/app\/uploads\/2025\/04\/The-Gentle-Touch.jpg","datePublished":"2025-03-20T13:03:40+00:00","dateModified":"2025-09-16T14:45:26+00:00","description":"Durch gemeinsames und aufmerksames Training mit deinem Pferd kannst du eine ganz besondere Bindung zu deinem Pferd aufbauen.","breadcrumb":{"@id":"https:\/\/uelzener.de\/magazin\/pferd\/erziehung-und-training\/gemeinsam-vorankommen-das-wir-gefuehl-staerken\/#breadcrumb"},"inLanguage":"de","potentialAction":[{"@type":"ReadAction","target":["https:\/\/uelzener.de\/magazin\/pferd\/erziehung-und-training\/gemeinsam-vorankommen-das-wir-gefuehl-staerken\/"]}]},{"@type":"ImageObject","inLanguage":"de","@id":"https:\/\/uelzener.de\/magazin\/pferd\/erziehung-und-training\/gemeinsam-vorankommen-das-wir-gefuehl-staerken\/#primaryimage","url":"https:\/\/uelzener.de\/magazin\/app\/uploads\/2025\/04\/The-Gentle-Touch.jpg","contentUrl":"https:\/\/uelzener.de\/magazin\/app\/uploads\/2025\/04\/The-Gentle-Touch.jpg","width":1025,"height":450,"caption":"Ein Pferd schie\u00dft mit seinem Vorderbein einen blauen Ball. Es bekommt dabei Anweisungen von einer Frau."},{"@type":"WebSite","@id":"https:\/\/uelzener.de\/magazin\/#website","url":"https:\/\/uelzener.de\/magazin\/","name":"Uelzener Tiermagazin","description":"Online Tierratgeber der Uelzener Versicherungen","publisher":{"@id":"https:\/\/uelzener.de\/magazin\/#organization"},"potentialAction":[{"@type":"SearchAction","target":{"@type":"EntryPoint","urlTemplate":"https:\/\/uelzener.de\/magazin\/?s={search_term_string}"},"query-input":{"@type":"PropertyValueSpecification","valueRequired":true,"valueName":"search_term_string"}}],"inLanguage":"de"},{"@type":"Organization","@id":"https:\/\/uelzener.de\/magazin\/#organization","name":"Uelzener Versicherungen","url":"https:\/\/uelzener.de\/magazin\/","logo":{"@type":"ImageObject","inLanguage":"de","@id":"https:\/\/uelzener.de\/magazin\/#\/schema\/logo\/image\/","url":"https:\/\/uelzener.de\/magazin\/app\/uploads\/2024\/11\/uelzener_allgemeine_versicherungsgesellschaft_a_g_logo.jpg","contentUrl":"https:\/\/uelzener.de\/magazin\/app\/uploads\/2024\/11\/uelzener_allgemeine_versicherungsgesellschaft_a_g_logo.jpg","width":200,"height":200,"caption":"Uelzener Versicherungen"},"image":{"@id":"https:\/\/uelzener.de\/magazin\/#\/schema\/logo\/image\/"},"sameAs":["https:\/\/www.facebook.com\/Uelzener","https:\/\/instagram.com\/uelzener","https:\/\/www.xing.com\/pages\/uelzenerallgemeineversicherungs-gesellschafta-g","https:\/\/www.youtube.com\/UelzenerVersicherungen"]}]}},"_links":{"self":[{"href":"https:\/\/uelzener.de\/magazin\/wp-json\/wp\/v2\/pages\/18264","targetHints":{"allow":["GET"]}}],"collection":[{"href":"https:\/\/uelzener.de\/magazin\/wp-json\/wp\/v2\/pages"}],"about":[{"href":"https:\/\/uelzener.de\/magazin\/wp-json\/wp\/v2\/types\/page"}],"author":[{"embeddable":true,"href":"https:\/\/uelzener.de\/magazin\/wp-json\/wp\/v2\/users\/21"}],"replies":[{"embeddable":true,"href":"https:\/\/uelzener.de\/magazin\/wp-json\/wp\/v2\/comments?post=18264"}],"version-history":[{"count":7,"href":"https:\/\/uelzener.de\/magazin\/wp-json\/wp\/v2\/pages\/18264\/revisions"}],"predecessor-version":[{"id":19257,"href":"https:\/\/uelzener.de\/magazin\/wp-json\/wp\/v2\/pages\/18264\/revisions\/19257"}],"up":[{"embeddable":true,"href":"https:\/\/uelzener.de\/magazin\/wp-json\/wp\/v2\/pages\/11689"}],"wp:featuredmedia":[{"embeddable":true,"href":"https:\/\/uelzener.de\/magazin\/wp-json\/wp\/v2\/media\/18311"}],"wp:attachment":[{"href":"https:\/\/uelzener.de\/magazin\/wp-json\/wp\/v2\/media?parent=18264"}],"curies":[{"name":"wp","href":"https:\/\/api.w.org\/{rel}","templated":true}]}}