{"id":18255,"date":"2025-03-13T15:24:16","date_gmt":"2025-03-13T14:24:16","guid":{"rendered":"https:\/\/uelzener.de\/magazin\/?page_id=18255"},"modified":"2025-04-08T14:45:48","modified_gmt":"2025-04-08T12:45:48","slug":"knochenkrebs-bei-katzen-wissenswertes-zur-erkrankung-im-ueberblick","status":"publish","type":"page","link":"https:\/\/uelzener.de\/magazin\/katze\/tiergesundheit\/knochenkrebs-bei-katzen-wissenswertes-zur-erkrankung-im-ueberblick\/","title":{"rendered":"Knochenkrebs bei Katzen \u2013 Wissenswertes zur Erkrankung im \u00dcberblick"},"content":{"rendered":"<p>Wenn bei der geliebten Katze Knochenkrebs diagnostiziert wird, ist die Angst um die Samtpfote gro\u00df. Doch die Veterin\u00e4rmedizin bietet immer bessere M\u00f6glichkeiten, Tumore am Knochen zu erkennen und gezielt zu behandeln. Mithilfe angepasster Therapiekonzepte k\u00f6nnen Schmerzen gelindert und die Erkrankung mitunter sogar bek\u00e4mpft werden. In diesem Artikel erf\u00e4hrst du alles, was du zum Thema Knochenkrebs bei Katzen wissen musst.<\/p>\n<h2>Katzen mit Knochenkrebs: Was steckt dahinter?<\/h2>\n<p>Knochenkrebs tritt bei Katzen verh\u00e4ltnism\u00e4\u00dfig selten auf. Er kann sowohl junge als auch \u00e4ltere Tiere betreffen und wird im Durchschnitt im Alter von zehn Jahren diagnostiziert.<\/p>\n<p>Knochentumore werden in prim\u00e4re und sekund\u00e4re sowie in b\u00f6sartige und gutartige Tumore unterteilt. Bei Katzen sind 70 % aller b\u00f6sartigen Knochentumore Osteosarkome. Sie entstehen durch entartete unreife Knochenzellen, die sich im weiteren Verlauf unkontrolliert im K\u00f6rper vermehren und ausbreiten. Dadurch wird die gesunde Knochensubstanz nach und nach verdr\u00e4ngt. Betroffen sind h\u00e4ufig die Gliedma\u00dfenknochen sowie flache und kurze Knochen, wie sie am Sch\u00e4del, in der Wirbels\u00e4ule oder den Rippen vorkommen. Seltener sind F\u00e4lle von Chondrosarkomen, also Knochentumoren mit Ursprung im Knorpelgewebe, und andere Krebsarten.<\/p>\n<p>Bei Katzen bilden Osteosarkome nicht so h\u00e4ufig Metastasen aus wie etwa bei Hunden, bei denen der Knochenkrebs in vielen F\u00e4llen \u00e4u\u00dferst aggressiv ist und zu Ablegern in der Lunge, im Lymphsystem und weiteren Bereichen f\u00fchrt. Bei fr\u00fchzeitiger Diagnose und gezielter Behandlung ist die Erkrankung bei Katzen oftmals gut in den Griff zu bekommen.<\/p>\n<p>Die Ursachen f\u00fcr Knochenkrebs sind weitestgehend unklar. Jedoch scheinen Katzen, die Knochenbr\u00fcche erlitten haben und bei denen chirurgische Methoden zur Stabilisierung des Bruchs angewendet wurden, h\u00e4ufiger betroffen zu sein. Im Gegensatz zu Hunden, unter denen insbesondere sehr gro\u00dfe Rassen an\u00a0 Osteosarkomen erkranken, ist bei Katzen keine eindeutige Rassepr\u00e4disposition erkennbar. Dennoch k\u00f6nnen auch genetische Faktoren urs\u00e4chlich f\u00fcr die Erkrankung sein.<\/p>\n<h2>Diagnose Knochenkrebs: Symptome und Untersuchungsmethoden<\/h2>\n<p>Katzen k\u00f6nnen Schmerzen sehr lange verbergen, was wiederum dazu f\u00fchrt, dass Erkrankungen oft erst sp\u00e4t erkannt werden. Sobald du den Eindruck hast, dass etwas mit einer Katze nicht stimmt, ist daher eine Vorstellung in der Tierarztpraxis ratsam. Als Tierhalter oder Tierhalterin ist es f\u00fcr dich ohne bildgebende Verfahren und weitere Diagnosemethoden unm\u00f6glich, Knochenkrebs selbst festzustellen. Zwar gibt es Symptome, die auf diese Erkrankung hinweisen k\u00f6nnen, jedoch gelten sie auch f\u00fcr viele andere Krankheitsbilder. Eine tiermedizinische Untersuchung ist unerl\u00e4sslich, um Klarheit zu schaffen. Leidet eine Katze an Knochenkrebs, k\u00f6nnen folgende Symptome beobachtet werden:<\/p>\n<ul>\n<li aria-level=\"1\">Schmerzen im Bewegungsapparat (je nach Lokalisation des Tumors)<\/li>\n<li aria-level=\"1\">Schwellungen des umliegenden Gewebes an betroffenen Knochen<\/li>\n<li aria-level=\"1\">Ver\u00e4nderungen im Verhalten<\/li>\n<\/ul>\n<p>Hat deine Katze Schmerzen, lahmt oder zeigt sichtbare bzw. ertastbare Schwellungen am K\u00f6rper, solltest du umgehend eine Tierarztpraxis aufsuchen. Die Katzen-Krankenversicherung der Uelzener bietet dir finanziellen Schutz, wenn deine Samtpfote erkrankt.<\/p>\n\n<div class=\"banner\">\n    <a href=\"https:\/\/uelzener.de\/katze\/katzen-krankenversicherung\/?agt=0000104925&sem=true&utm_medium=magazin&utm_source=wordpress&utm_campaign=katze_kv&utm_content=banner\">\n        <img decoding=\"async\" width=\"300\" height=\"212\" src=\"https:\/\/uelzener.de\/magazin\/app\/uploads\/2025\/01\/Katzen-Kranken-Versicherung.jpg\" class=\"attachment-medium size-medium\" alt=\"Banner Katzen-Kranken-Versicherung\" \/>    <\/a>\n<\/div>\n\n<p>Da die Symptome von Knochenkrebs auch bei vielen anderen Erkrankungen auftreten k\u00f6nnen, beginnt die Diagnose mit einer ausf\u00fchrlichen Anamnese und einer gr\u00fcndlichen k\u00f6rperlichen Untersuchung. Um m\u00f6gliche Ver\u00e4nderungen an der Knochensubstanz sichtbar zu machen, kommen bildgebende Verfahren wie R\u00f6ntgenaufnahmen zum Einsatz. In vielen F\u00e4llen lassen sich bereits auf diesem Weg Ver\u00e4nderungen an Knochen erkennen. Zur genaueren Beurteilung des Krankheitsstadiums kann zus\u00e4tzlich eine Computertomographie (CT) oder Magnetresonanztomographie (MRT) durchgef\u00fchrt werden. F\u00fcr eine gesicherte Diagnose empfehlen Tier\u00e4rzte und Tier\u00e4rztinnen in der Regel eine Biopsie. Dabei wird unter Narkose eine Gewebeprobe aus dem verd\u00e4chtigen Bereich entnommen und anschlie\u00dfend im Labor untersucht. Auf Basis der Ergebnisse wird der Behandlungsplan erstellt.<\/p>\n<h2>Therapieans\u00e4tze bei Knochenkrebs<\/h2>\n<p>Wie eine Katze mit Knochenkrebs therapiert wird, ist sehr individuell, wobei so gut wie immer eine Medikation gegen Schmerzen dazugeh\u00f6rt. Ein entscheidender Aspekt f\u00fcr den Behandlungsplan ist die Tumorlokalisation. Je nach Lage und Ausma\u00df kann eine operative Entfernung der erkrankten Knochensubstanz oder eine vollst\u00e4ndige Amputation der betroffenen Gliedma\u00dfe erforderlich sein.<\/p>\n<p>Auch wenn eine Amputation zun\u00e4chst drastisch erscheint, ist dies die effektivste Behandlung. Der Tumor wird dadurch vollst\u00e4ndig entfernt und die Katze kann danach ein beschwerdefreies Leben genie\u00dfen \u2013 vorausgesetzt, es haben sich keine Metastasen gebildet. Viele Katzen gew\u00f6hnen sich nach der Heilung sogar sehr schnell an die neue Situation. Mit der Katzen-OP-Versicherung der Uelzener bist du finanziell abgesichert, wenn ein operativer Eingriff vonn\u00f6ten ist.<\/p>\n\n<div class=\"banner\">\n    <a href=\"https:\/\/uelzener.de\/katze\/katzen-op-versicherung\/?agt=0000104925&sem=true&utm_medium=magazin&utm_source=wordpress&utm_campaign=katze_op&utm_content=banner\">\n        <img decoding=\"async\" width=\"300\" height=\"212\" src=\"https:\/\/uelzener.de\/magazin\/app\/uploads\/2025\/01\/Katzen-OP-Versicherung.jpg\" class=\"attachment-medium size-medium\" alt=\"Banner Katzen-OP-Versicherung\" \/>    <\/a>\n<\/div>\n\n<p>Anschlie\u00dfend kann eine Chemotherapie erfolgen, um der Bildung von Metastasen vorzubeugen beziehungsweise deren Wachstum einzud\u00e4mmen. Eine Strahlentherapie wird haupts\u00e4chlich dann in Betracht gezogen, wenn eine Amputation nicht m\u00f6glich ist. Bei \u00e4lteren Katzen spielen zudem der Allgemein- und Gesundheitszustand eine Rolle.<\/p>\n<h2>Katzn mit Knochenkrebs durch die Therapie begleiten<\/h2>\n<p>Viele Samtpfoten reagieren empfindlich auf Ber\u00fchrungen an den betroffenen Stellen. Deshalb solltest du besonders vorsichtig sein, wenn du deine Katze hochhebst. Auch beim Streicheln und Schmusen gilt es, auf die Signale deiner Katze zu achten und sie nur dort anzufassen, wo es f\u00fcr sie angenehm ist. Je nach Schmerztoleranz k\u00f6nnen Massagen, \u00dcbungen und physiotherapeutische Behandlungen helfen, die Mobilit\u00e4t zu bewahren und der Katze ein St\u00fcck Lebensqualit\u00e4t zur\u00fcckzugeben.<\/p>\n<p>R\u00fcckzugsorte sind f\u00fcr deine Katze in dieser schwierigen Situation besonders wichtig. Einfach zug\u00e4ngliche Liegepl\u00e4tze bieten ihr die n\u00f6tige Erholung und Sicherheit. Gut geeignet sind weiche, warme Unterlagen. Achte darauf, dass die Katze ihren Platz m\u00fchelos verlassen und wieder aufsuchen kann. Manche Katzen lieben es, mitten im Raum in der Sonne zu d\u00f6sen, andere hingegen bevorzugen gem\u00fctliche Ecken an ruhigen Orten. Mit Rampen erleichterst du deiner Katze den Aufstieg auf die Couch oder an h\u00f6her gelegene Ruhepl\u00e4tze.<\/p>\n<p>Vermutlich erh\u00e4ltst du f\u00fcr deine Katze Medikamente zur Schmerzlinderung. Diese kannst du unter das Futter mischen, um die Verabreichung m\u00f6glichst stressfrei zu gestalten. Achte auf eine gesunde und ausgewogene Ern\u00e4hrung, damit deine Katze mit allen wichtigen N\u00e4hrstoffen versorgt wird, nicht zu- oder abnimmt und genug Energie f\u00fcr die Genesung hat.<\/p>\n<h2>Fazit<\/h2>\n<p>Knochenkrebs bei Katzen ist eine ernstzunehmende Erkrankung, die bei fr\u00fchzeitiger Diagnose gute Prognosen haben kann. Abh\u00e4ngig von der Art, Lage und dem Ausma\u00df des Tumors kommen unterschiedliche Therapieans\u00e4tze in Betracht. Neben medikament\u00f6ser Schmerzbehandlung z\u00e4hlen dazu operative Eingriffe, Chemotherapien und Bestrahlungen. Bei Katzen ist die operative Behandlung von Knochenkrebs in vielen F\u00e4llen erfolgversprechend. Da die Erkrankung im Vergleich zu Hunden oft weniger aggressiv verl\u00e4uft, entstehen seltener Metastasen, die die Heilung erschweren. Die tiermedizinische Betreuung spielt \u00fcber den gesamten Krankheitsverlauf eine wichtige Rolle.<\/p>\n\n<div class=\"related_articles boxed\">\n    <h2>Mehr zum Thema<\/h2>\n    \n    <div class=\"wrapper\"><div class=\"title align-center\"><h3><a href=\"https:\/\/uelzener.de\/magazin\/katze\/rasseportrait\/katzenrassen-die-haeufiger-krank-werden\/\">Katzenrassen, die h\u00e4ufiger krank werden<\/a><\/h3><\/div><div class=\"img align-center\"><img decoding=\"async\" width=\"315\" height=\"180\" src=\"https:\/\/uelzener.de\/magazin\/app\/uploads\/2025\/01\/abessinier-315x180.jpg\" class=\"attachment-315x180 size-315x180 wp-post-image\" alt=\"Abessinier-Katze\" \/><\/div><\/div><div class=\"wrapper\"><div class=\"title align-center\"><h3><a href=\"https:\/\/uelzener.de\/magazin\/katze\/tiergesundheit\/hautkrebs-bei-katzen-ursachen-symptome-behandlung\/\">Hautkrebs bei Katzen: Ursachen, Symptome und Behandlung<\/a><\/h3><\/div><div class=\"img align-center\"><img decoding=\"async\" width=\"315\" height=\"180\" src=\"https:\/\/uelzener.de\/magazin\/app\/uploads\/2024\/07\/hautkrebs-katze-315x180.jpg\" class=\"attachment-315x180 size-315x180 wp-post-image\" alt=\"Katze in H\u00e4ngematte in der prallen Sonne.\" \/><\/div><\/div><div class=\"wrapper\"><div class=\"title align-center\"><h3><a href=\"https:\/\/uelzener.de\/magazin\/katze\/tiergesundheit\/gewichtsprobleme-bei-katzen-zu-dick-oder-duenn\/\">Gewichtsprobleme bei Katzen: Woran erkenne ich, ob meine Katze zu dick oder d\u00fcnn ist<\/a><\/h3><\/div><div class=\"img align-center\"><img decoding=\"async\" width=\"315\" height=\"180\" src=\"https:\/\/uelzener.de\/magazin\/app\/uploads\/2024\/03\/gewichtsproblem-katzen-315x180.jpg\" class=\"attachment-315x180 size-315x180 wp-post-image\" alt=\"Drei Katzen trinken aus einer Schale. Eine der Katzen hat etwas \u00dcbergewicht.\" \/><\/div><\/div><\/div>\n\n<h2>FAQ: H\u00e4ufig gestellte Fragen zu Knochenkrebs bei Katzen<\/h2>\n<h3>Wie gef\u00e4hrlich ist Knochenkrebs f\u00fcr Katzen?<\/h3>\n<p>Grunds\u00e4tzlich handelt es sich um eine schwerwiegende Erkrankung, die im fortgeschrittenen Stadium t\u00f6dlich enden kann. Zwar ist der Verlauf von Knochenkrebs bei Katzen meist nicht so aggressiv wie bei Hunden, Metastasen sind trotzdem nicht ausgeschlossen.<\/p>\n<h3>Sind Katzen eines bestimmten Geschlechts, Alters oder einer Rasse h\u00e4ufiger betroffen?<\/h3>\n<p>An Knochenkrebs k\u00f6nnen Katzen jeden Alters erkranken. Eine signifikante Rassepr\u00e4disposition, wie sie bei Hunden festgestellt wurde, ist bislang nicht nachgewiesen. Das gilt ebenfalls f\u00fcrs Geschlecht: Es k\u00f6nnen sowohl Katzen als auch Kater von Knochenkrebs betroffen sein.<\/p>\n<h3>Wie kann man einer Katze mit Knochenkrebs am besten helfen?<\/h3>\n<p>Mit einer engmaschigen tiermedizinischen Behandlung kannst du deine Katze bestm\u00f6glich unterst\u00fctzen. Im Alltag solltest du darauf achten, dass sie ungehindert an ihre Lieblingspl\u00e4tze gelangen kann. Eine ausgewogene Ern\u00e4hrung mit allen wichtigen N\u00e4hrstoffen ist ebenso wichtig. Liebevolle Streicheleinheiten geben ihr ein Gef\u00fchl von Sicherheit und Geborgenheit.<\/p>\n","protected":false},"excerpt":{"rendered":"<p>Wenn bei der geliebten Katze Knochenkrebs diagnostiziert wird, ist die Angst um die Samtpfote gro\u00df. Doch die Veterin\u00e4rmedizin bietet immer bessere M\u00f6glichkeiten, Tumore am Knochen zu erkennen und gezielt zu behandeln. Mithilfe angepasster Therapiekonzepte k\u00f6nnen Schmerzen gelindert und die Erkrankung mitunter sogar bek\u00e4mpft werden. In diesem Artikel erf\u00e4hrst du alles, was du zum Thema Knochenkrebs [&hellip;]<\/p>\n","protected":false},"author":21,"featured_media":18282,"parent":11712,"menu_order":17,"comment_status":"closed","ping_status":"closed","template":"templates\/blog.php","meta":{"_acf_changed":false,"_crdt_document":"","footnotes":"","beyondwords_generate_audio":"","beyondwords_project_id":"","beyondwords_content_id":"","beyondwords_preview_token":"","beyondwords_player_style":"","beyondwords_language_id":"","beyondwords_title_voice_id":"","beyondwords_body_voice_id":"","beyondwords_summary_voice_id":"","beyondwords_error_message":"","beyondwords_disabled":"","beyondwords_delete_content":"","beyondwords_podcast_id":"","beyondwords_hash":"","publish_post_to_speechkit":"","speechkit_hash":"","speechkit_generate_audio":"","speechkit_project_id":"","speechkit_podcast_id":"","speechkit_error_message":"","speechkit_disabled":"","speechkit_access_key":"","speechkit_error":"","speechkit_info":"","speechkit_response":"","speechkit_retries":"","speechkit_status":"","speechkit_updated_at":"","_speechkit_link":"","_speechkit_text":""},"class_list":["post-18255","page","type-page","status-publish","has-post-thumbnail","hentry"],"acf":[],"yoast_head":"<!-- This site is optimized with the Yoast SEO Premium plugin  - https:\/\/yoast.com\/product\/yoast-seo-premium-wordpress\/ -->\n<title>Knochenkrebs bei Katzen \u2013 Wissenswertes zur Erkrankung im \u00dcberblick | Uelzener Magazin<\/title>\n<meta name=\"description\" content=\"Knochenkrebs bei Katzen ist selten, aber ernst. Erfahre hier, wie man Tumore erkennt und das Wohlbefinden der Katze verbessert.\" \/>\n<meta name=\"robots\" content=\"index, follow, max-snippet:-1, max-image-preview:large, max-video-preview:-1\" \/>\n<link rel=\"canonical\" href=\"https:\/\/uelzener.de\/magazin\/katze\/tiergesundheit\/knochenkrebs-bei-katzen-wissenswertes-zur-erkrankung-im-ueberblick\/\" \/>\n<meta property=\"og:locale\" content=\"de_DE\" \/>\n<meta property=\"og:type\" content=\"article\" \/>\n<meta property=\"og:title\" content=\"Knochenkrebs bei Katzen \u2013 Wissenswertes zur Erkrankung im \u00dcberblick\" \/>\n<meta property=\"og:description\" content=\"Knochenkrebs bei Katzen ist selten, aber ernst. Erfahre hier, wie man Tumore erkennt und das Wohlbefinden der Katze verbessert.\" \/>\n<meta property=\"og:url\" content=\"https:\/\/uelzener.de\/magazin\/katze\/tiergesundheit\/knochenkrebs-bei-katzen-wissenswertes-zur-erkrankung-im-ueberblick\/\" \/>\n<meta property=\"og:site_name\" content=\"Uelzener Tier-Magazin\" \/>\n<meta property=\"article:publisher\" content=\"https:\/\/www.facebook.com\/Uelzener\" \/>\n<meta property=\"article:modified_time\" content=\"2025-04-08T12:45:48+00:00\" \/>\n<meta property=\"og:image\" content=\"https:\/\/uelzener.de\/magazin\/app\/uploads\/2025\/04\/Katze_Tierarzt.jpg\" \/>\n\t<meta property=\"og:image:width\" content=\"1025\" \/>\n\t<meta property=\"og:image:height\" content=\"450\" \/>\n\t<meta property=\"og:image:type\" content=\"image\/jpeg\" \/>\n<meta name=\"twitter:card\" content=\"summary_large_image\" \/>\n<meta name=\"twitter:label1\" content=\"Gesch\u00e4tzte Lesezeit\" \/>\n\t<meta name=\"twitter:data1\" content=\"7\u00a0Minuten\" \/>\n<script type=\"application\/ld+json\" class=\"yoast-schema-graph\">{\"@context\":\"https:\/\/schema.org\",\"@graph\":[{\"@type\":\"WebPage\",\"@id\":\"https:\/\/uelzener.de\/magazin\/katze\/tiergesundheit\/knochenkrebs-bei-katzen-wissenswertes-zur-erkrankung-im-ueberblick\/\",\"url\":\"https:\/\/uelzener.de\/magazin\/katze\/tiergesundheit\/knochenkrebs-bei-katzen-wissenswertes-zur-erkrankung-im-ueberblick\/\",\"name\":\"Knochenkrebs bei Katzen \u2013 Wissenswertes zur Erkrankung im \u00dcberblick | Uelzener Magazin\",\"isPartOf\":{\"@id\":\"https:\/\/uelzener.de\/magazin\/#website\"},\"primaryImageOfPage\":{\"@id\":\"https:\/\/uelzener.de\/magazin\/katze\/tiergesundheit\/knochenkrebs-bei-katzen-wissenswertes-zur-erkrankung-im-ueberblick\/#primaryimage\"},\"image\":{\"@id\":\"https:\/\/uelzener.de\/magazin\/katze\/tiergesundheit\/knochenkrebs-bei-katzen-wissenswertes-zur-erkrankung-im-ueberblick\/#primaryimage\"},\"thumbnailUrl\":\"https:\/\/uelzener.de\/magazin\/app\/uploads\/2025\/04\/Katze_Tierarzt.jpg\",\"datePublished\":\"2025-03-13T14:24:16+00:00\",\"dateModified\":\"2025-04-08T12:45:48+00:00\",\"description\":\"Knochenkrebs bei Katzen ist selten, aber ernst. Erfahre hier, wie man Tumore erkennt und das Wohlbefinden der Katze verbessert.\",\"breadcrumb\":{\"@id\":\"https:\/\/uelzener.de\/magazin\/katze\/tiergesundheit\/knochenkrebs-bei-katzen-wissenswertes-zur-erkrankung-im-ueberblick\/#breadcrumb\"},\"inLanguage\":\"de\",\"potentialAction\":[{\"@type\":\"ReadAction\",\"target\":[\"https:\/\/uelzener.de\/magazin\/katze\/tiergesundheit\/knochenkrebs-bei-katzen-wissenswertes-zur-erkrankung-im-ueberblick\/\"]}]},{\"@type\":\"ImageObject\",\"inLanguage\":\"de\",\"@id\":\"https:\/\/uelzener.de\/magazin\/katze\/tiergesundheit\/knochenkrebs-bei-katzen-wissenswertes-zur-erkrankung-im-ueberblick\/#primaryimage\",\"url\":\"https:\/\/uelzener.de\/magazin\/app\/uploads\/2025\/04\/Katze_Tierarzt.jpg\",\"contentUrl\":\"https:\/\/uelzener.de\/magazin\/app\/uploads\/2025\/04\/Katze_Tierarzt.jpg\",\"width\":1025,\"height\":450,\"caption\":\"Eine wei\u00df graue Katze liegt seitlich beim Tierarzt auf dem Tisch. Dieser lauscht nach ihrem Herzschlag und untersucht sich vorsichtig.\"},{\"@type\":\"WebSite\",\"@id\":\"https:\/\/uelzener.de\/magazin\/#website\",\"url\":\"https:\/\/uelzener.de\/magazin\/\",\"name\":\"Uelzener Tiermagazin\",\"description\":\"Online Tierratgeber der Uelzener Versicherungen\",\"publisher\":{\"@id\":\"https:\/\/uelzener.de\/magazin\/#organization\"},\"potentialAction\":[{\"@type\":\"SearchAction\",\"target\":{\"@type\":\"EntryPoint\",\"urlTemplate\":\"https:\/\/uelzener.de\/magazin\/?s={search_term_string}\"},\"query-input\":{\"@type\":\"PropertyValueSpecification\",\"valueRequired\":true,\"valueName\":\"search_term_string\"}}],\"inLanguage\":\"de\"},{\"@type\":\"Organization\",\"@id\":\"https:\/\/uelzener.de\/magazin\/#organization\",\"name\":\"Uelzener Versicherungen\",\"url\":\"https:\/\/uelzener.de\/magazin\/\",\"logo\":{\"@type\":\"ImageObject\",\"inLanguage\":\"de\",\"@id\":\"https:\/\/uelzener.de\/magazin\/#\/schema\/logo\/image\/\",\"url\":\"https:\/\/uelzener.de\/magazin\/app\/uploads\/2024\/11\/uelzener_allgemeine_versicherungsgesellschaft_a_g_logo.jpg\",\"contentUrl\":\"https:\/\/uelzener.de\/magazin\/app\/uploads\/2024\/11\/uelzener_allgemeine_versicherungsgesellschaft_a_g_logo.jpg\",\"width\":200,\"height\":200,\"caption\":\"Uelzener Versicherungen\"},\"image\":{\"@id\":\"https:\/\/uelzener.de\/magazin\/#\/schema\/logo\/image\/\"},\"sameAs\":[\"https:\/\/www.facebook.com\/Uelzener\",\"https:\/\/instagram.com\/uelzener\",\"https:\/\/www.xing.com\/pages\/uelzenerallgemeineversicherungs-gesellschafta-g\",\"https:\/\/www.youtube.com\/UelzenerVersicherungen\"]}]}<\/script>\n<!-- \/ Yoast SEO Premium plugin. -->","yoast_head_json":{"title":"Knochenkrebs bei Katzen \u2013 Wissenswertes zur Erkrankung im \u00dcberblick | Uelzener Magazin","description":"Knochenkrebs bei Katzen ist selten, aber ernst. Erfahre hier, wie man Tumore erkennt und das Wohlbefinden der Katze verbessert.","robots":{"index":"index","follow":"follow","max-snippet":"max-snippet:-1","max-image-preview":"max-image-preview:large","max-video-preview":"max-video-preview:-1"},"canonical":"https:\/\/uelzener.de\/magazin\/katze\/tiergesundheit\/knochenkrebs-bei-katzen-wissenswertes-zur-erkrankung-im-ueberblick\/","og_locale":"de_DE","og_type":"article","og_title":"Knochenkrebs bei Katzen \u2013 Wissenswertes zur Erkrankung im \u00dcberblick","og_description":"Knochenkrebs bei Katzen ist selten, aber ernst. Erfahre hier, wie man Tumore erkennt und das Wohlbefinden der Katze verbessert.","og_url":"https:\/\/uelzener.de\/magazin\/katze\/tiergesundheit\/knochenkrebs-bei-katzen-wissenswertes-zur-erkrankung-im-ueberblick\/","og_site_name":"Uelzener Tier-Magazin","article_publisher":"https:\/\/www.facebook.com\/Uelzener","article_modified_time":"2025-04-08T12:45:48+00:00","og_image":[{"width":1025,"height":450,"url":"https:\/\/uelzener.de\/magazin\/app\/uploads\/2025\/04\/Katze_Tierarzt.jpg","type":"image\/jpeg"}],"twitter_card":"summary_large_image","twitter_misc":{"Gesch\u00e4tzte Lesezeit":"7\u00a0Minuten"},"schema":{"@context":"https:\/\/schema.org","@graph":[{"@type":"WebPage","@id":"https:\/\/uelzener.de\/magazin\/katze\/tiergesundheit\/knochenkrebs-bei-katzen-wissenswertes-zur-erkrankung-im-ueberblick\/","url":"https:\/\/uelzener.de\/magazin\/katze\/tiergesundheit\/knochenkrebs-bei-katzen-wissenswertes-zur-erkrankung-im-ueberblick\/","name":"Knochenkrebs bei Katzen \u2013 Wissenswertes zur Erkrankung im \u00dcberblick | Uelzener Magazin","isPartOf":{"@id":"https:\/\/uelzener.de\/magazin\/#website"},"primaryImageOfPage":{"@id":"https:\/\/uelzener.de\/magazin\/katze\/tiergesundheit\/knochenkrebs-bei-katzen-wissenswertes-zur-erkrankung-im-ueberblick\/#primaryimage"},"image":{"@id":"https:\/\/uelzener.de\/magazin\/katze\/tiergesundheit\/knochenkrebs-bei-katzen-wissenswertes-zur-erkrankung-im-ueberblick\/#primaryimage"},"thumbnailUrl":"https:\/\/uelzener.de\/magazin\/app\/uploads\/2025\/04\/Katze_Tierarzt.jpg","datePublished":"2025-03-13T14:24:16+00:00","dateModified":"2025-04-08T12:45:48+00:00","description":"Knochenkrebs bei Katzen ist selten, aber ernst. Erfahre hier, wie man Tumore erkennt und das Wohlbefinden der Katze verbessert.","breadcrumb":{"@id":"https:\/\/uelzener.de\/magazin\/katze\/tiergesundheit\/knochenkrebs-bei-katzen-wissenswertes-zur-erkrankung-im-ueberblick\/#breadcrumb"},"inLanguage":"de","potentialAction":[{"@type":"ReadAction","target":["https:\/\/uelzener.de\/magazin\/katze\/tiergesundheit\/knochenkrebs-bei-katzen-wissenswertes-zur-erkrankung-im-ueberblick\/"]}]},{"@type":"ImageObject","inLanguage":"de","@id":"https:\/\/uelzener.de\/magazin\/katze\/tiergesundheit\/knochenkrebs-bei-katzen-wissenswertes-zur-erkrankung-im-ueberblick\/#primaryimage","url":"https:\/\/uelzener.de\/magazin\/app\/uploads\/2025\/04\/Katze_Tierarzt.jpg","contentUrl":"https:\/\/uelzener.de\/magazin\/app\/uploads\/2025\/04\/Katze_Tierarzt.jpg","width":1025,"height":450,"caption":"Eine wei\u00df graue Katze liegt seitlich beim Tierarzt auf dem Tisch. Dieser lauscht nach ihrem Herzschlag und untersucht sich vorsichtig."},{"@type":"WebSite","@id":"https:\/\/uelzener.de\/magazin\/#website","url":"https:\/\/uelzener.de\/magazin\/","name":"Uelzener Tiermagazin","description":"Online Tierratgeber der Uelzener Versicherungen","publisher":{"@id":"https:\/\/uelzener.de\/magazin\/#organization"},"potentialAction":[{"@type":"SearchAction","target":{"@type":"EntryPoint","urlTemplate":"https:\/\/uelzener.de\/magazin\/?s={search_term_string}"},"query-input":{"@type":"PropertyValueSpecification","valueRequired":true,"valueName":"search_term_string"}}],"inLanguage":"de"},{"@type":"Organization","@id":"https:\/\/uelzener.de\/magazin\/#organization","name":"Uelzener Versicherungen","url":"https:\/\/uelzener.de\/magazin\/","logo":{"@type":"ImageObject","inLanguage":"de","@id":"https:\/\/uelzener.de\/magazin\/#\/schema\/logo\/image\/","url":"https:\/\/uelzener.de\/magazin\/app\/uploads\/2024\/11\/uelzener_allgemeine_versicherungsgesellschaft_a_g_logo.jpg","contentUrl":"https:\/\/uelzener.de\/magazin\/app\/uploads\/2024\/11\/uelzener_allgemeine_versicherungsgesellschaft_a_g_logo.jpg","width":200,"height":200,"caption":"Uelzener Versicherungen"},"image":{"@id":"https:\/\/uelzener.de\/magazin\/#\/schema\/logo\/image\/"},"sameAs":["https:\/\/www.facebook.com\/Uelzener","https:\/\/instagram.com\/uelzener","https:\/\/www.xing.com\/pages\/uelzenerallgemeineversicherungs-gesellschafta-g","https:\/\/www.youtube.com\/UelzenerVersicherungen"]}]}},"_links":{"self":[{"href":"https:\/\/uelzener.de\/magazin\/wp-json\/wp\/v2\/pages\/18255","targetHints":{"allow":["GET"]}}],"collection":[{"href":"https:\/\/uelzener.de\/magazin\/wp-json\/wp\/v2\/pages"}],"about":[{"href":"https:\/\/uelzener.de\/magazin\/wp-json\/wp\/v2\/types\/page"}],"author":[{"embeddable":true,"href":"https:\/\/uelzener.de\/magazin\/wp-json\/wp\/v2\/users\/21"}],"replies":[{"embeddable":true,"href":"https:\/\/uelzener.de\/magazin\/wp-json\/wp\/v2\/comments?post=18255"}],"version-history":[{"count":5,"href":"https:\/\/uelzener.de\/magazin\/wp-json\/wp\/v2\/pages\/18255\/revisions"}],"predecessor-version":[{"id":18321,"href":"https:\/\/uelzener.de\/magazin\/wp-json\/wp\/v2\/pages\/18255\/revisions\/18321"}],"up":[{"embeddable":true,"href":"https:\/\/uelzener.de\/magazin\/wp-json\/wp\/v2\/pages\/11712"}],"wp:featuredmedia":[{"embeddable":true,"href":"https:\/\/uelzener.de\/magazin\/wp-json\/wp\/v2\/media\/18282"}],"wp:attachment":[{"href":"https:\/\/uelzener.de\/magazin\/wp-json\/wp\/v2\/media?parent=18255"}],"curies":[{"name":"wp","href":"https:\/\/api.w.org\/{rel}","templated":true}]}}