{"id":18241,"date":"2025-03-10T11:47:21","date_gmt":"2025-03-10T10:47:21","guid":{"rendered":"https:\/\/uelzener.de\/magazin\/?page_id=18241"},"modified":"2025-04-08T15:29:39","modified_gmt":"2025-04-08T13:29:39","slug":"die-aegyptische-mau-eine-liebevolles-energiebuendel","status":"publish","type":"page","link":"https:\/\/uelzener.de\/magazin\/katze\/rasseportrait\/die-aegyptische-mau-eine-liebevolles-energiebuendel\/","title":{"rendered":"Die \u00c4gyptische Mau: Eine liebevolles Energieb\u00fcndel"},"content":{"rendered":"<p>Die \u00c4gyptische Mau gilt als eine der \u00e4ltesten Katzenrassen der Welt und stammt, wie der Name bereits sagt, aus \u00c4gypten. Doch wie hat sie den Weg aus dem Nahen Osten zu uns gefunden und was hat eine russische Gro\u00dff\u00fcrstin damit zu tun? Diese und viele weitere spannende Fragen zu dieser faszinierenden Katzenrasse beantworten wir dir in unserem Steckbrief.<\/p>\n<h2>Woher stammt die \u00c4gyptische Mau?<\/h2>\n<p>Die \u00c4gyptische Mau ist eine nat\u00fcrliche Katzenrasse, deren Wurzeln in \u00c4gypten liegen. Schon die Katzen der Pharaonenzeit scheinen enge Verwandte gewesen zu sein, was genetische Tests und historische Wandmalereien nahelegen.<\/p>\n<p>Die Zucht der Rasse begann jedoch ganz woanders. Eine russische Gro\u00dff\u00fcrstin namens Natalia Troubetzkoy soll bei einem Besuch in Kairo so von der Rasse angetan gewesen sein, dass sie zwei Katzen nach Italien holte und mit einem Kater, den sie damals von einem Botschafter als Geschenk erhielt, paarte. Die F\u00fcrstin wanderte dann mitsamt ihrer Katzen in die USA aus und registrierte die Rasse 1958 unter dem Namen <i>Fatima<\/i>. Zur \u00c4gyptisch Mau wurde die Rasse erst 1967 umbenannt, wobei &#8222;Mau&#8220; im \u00c4gyptischen schlicht \u201cKatze\u201d bedeutet. Durch ihre Z\u00fcchtung bewahrte die F\u00fcrstin die Rasse vorm Aussterben. Erst Ende der Achtzigerjahre eroberte die Mau den europ\u00e4ischen Kontinent.<\/p>\n<h2>Wie sieht die \u00c4gyptische Mau aus?<\/h2>\n<p>Besondere optische Merkmale der \u00c4gyptischen Mau sind ihre strahlenden stachelbeergr\u00fcnen Augen und das get\u00fcpfelte kurze Fell. Die Fellzeichnung entstand nicht wie bei vielen anderen Katzenrassen durch Z\u00fcchtung, sondern entspricht dem nat\u00fcrlichen Ph\u00e4notyp. Die Farbe der Fellzeichnung kann variieren. So gibt es Katzen mit bronzenen, silbernen oder grau-schwarzen Flecken und Streifen. Auf ihrer Stirn tragen viele Tiere eine Markierung, die einem Skarab\u00e4us-K\u00e4fer \u00e4hnelt, welcher im alten \u00c4gypten als heilig angesehen wurde.<\/p>\n<p>M\u00e4nnliche Vertreter der Rasse k\u00f6nnen ein Gewicht von bis zu f\u00fcnf Kilogramm erreichen, w\u00e4hrend Weibchen in der Regel zwischen zweieinhalb und vier Kilogramm wiegen. Trotz ihres eher muskul\u00f6sen K\u00f6rperbaus wirken die Katzen anmutig und agil. Bei dieser Rasse ist au\u00dferdem eine markante Urwampe typisch, die f\u00fcr eine au\u00dfergew\u00f6hnlich hohe Beweglichkeit sorgt.<\/p>\n<h2>Charakter der \u00c4gyptischen Mau<\/h2>\n<p>Lebhaft und unabh\u00e4ngig, scheu und sensibel: In der \u00c4gyptischen Mau stecken viele Facetten. Bis ins hohe Alter ist sie sehr verspielt und bewegungsfreudig. Sie bindet sich eng an ihre Familie und gilt als sehr anh\u00e4nglich, bei Fremden ist die Rasse jedoch oftmals eher zur\u00fcckhaltend. Sie ben\u00f6tigt viel Besch\u00e4ftigung und ist neugierig, intelligent und aufgeschlossen f\u00fcr das Erlernen von Tricks. Bekannt ist sie dar\u00fcber hinaus f\u00fcr ihre au\u00dferordentlich schnellen Reflexe.<\/p>\n<h2>Haltung der \u00c4gyptischen Mau<\/h2>\n<p>Die \u00c4gyptische Mau hat einen ausgepr\u00e4gten Freiheitsdrang, weswegen sie reichlich Auslauf ben\u00f6tigt. Sie liebt es zu klettern und sucht sich stets neue Herausforderungen. Dar\u00fcber hinaus erreicht die Mau H\u00f6chstgeschwindigkeiten von bis zu 50 Stundenkilometern und gilt damit als eine der schnellsten Katzenrassen. Ihr Lauftalent hat sie nicht zuletzt ihren besonders langen hinteren Zehen zu verdanken.<\/p>\n<p>Was die Haltung betrifft, sind ein Garten und Freilaufm\u00f6glichkeiten optimal. Eine reine Wohnungshaltung ist zwar nicht ausgeschlossen, allerdings muss f\u00fcr ausreichend Bewegung und Abwechslung gesorgt sein, vor allem, wenn es um Kletteroptionen geht. Im Idealfall lebt die \u00c4gyptische Mau mit mindestens einem weiteren Artgenossen zusammen, denn alleine ist sie ungern.<\/p>\n<h2>Gesundheit und Pflege der Rasse<\/h2>\n<p>Was die Pflege betrifft, ist die \u00c4gyptische Mau denkbar unkompliziert. Da sie zu den kurzhaarigen Rassen geh\u00f6rt, reicht es in der Regel, sie einmal w\u00f6chentlich zu b\u00fcrsten. Die \u00fcbrige Fellpflege \u00fcbernimmt sie selbst.<\/p>\n<p>Rassespezifische Krankheiten sind bei der \u00c4gyptischen Mau bisher nicht bekannt. Wie bei jeder anderen Rasse auch sind jedoch regelm\u00e4\u00dfige tiermedizinische Check-ups sowie Impfungen und Entwurmungen n\u00f6tig. Erkrankungen oder Unf\u00e4lle lassen sich nat\u00fcrlich trotzdem nie ganz ausschlie\u00dfen. Um im Fall der F\u00e4lle vor hohen Tierarztkosten gesch\u00fctzt zu sein, lohnt sich der Abschluss einer Katzen-OP- und Krankenversicherung.<\/p>\n\n<div class=\"banner\">\n    <a href=\"https:\/\/uelzener.de\/katze?agt=0000104925&sem=true&utm_medium=magazin&utm_source=wordpress&utm_campaign=katze&utm_content=banner\">\n        <img decoding=\"async\" width=\"300\" height=\"212\" src=\"https:\/\/uelzener.de\/magazin\/app\/uploads\/2025\/01\/Katzenversicherung.jpg\" class=\"attachment-medium size-medium\" alt=\"Banner Katzenversicherung\" \/>    <\/a>\n<\/div>\n\n<h2>Fazit<\/h2>\n<p>Die \u00c4gyptische Mau vereint eine spannende Geschichte mit einem einzigartigen Erscheinungsbild und einem besonderen Charakter. Aufgrund ihres verspielten und bewegungsfreudigen Wesens ist sie ein gro\u00dfartiger Begleiter f\u00fcr Katzenhalter und -halterinnen, die sich gerne ausgiebig mit ihrer Fellnase besch\u00e4ftigen. Wer ihr ein artgerechtes Zuhause mit gen\u00fcgend Auslauf und Spielm\u00f6glichkeiten bietet, wird mit einem treuen, lebhaften und au\u00dfergew\u00f6hnlichen Familienmitglied belohnt.<\/p>\n\n<div class=\"related_articles boxed\">\n    <h2>Mehr zum Thema<\/h2>\n    \n    <div class=\"wrapper\"><div class=\"title align-center\"><h3><a href=\"https:\/\/uelzener.de\/magazin\/katze\/haeufige-fragen\/verschmuste-katzenrassen\/\">Verschmuste Katzenrassen: Diese Stubentiger kuscheln gern<\/a><\/h3><\/div><div class=\"img align-center\"><img decoding=\"async\" width=\"315\" height=\"180\" src=\"https:\/\/uelzener.de\/magazin\/app\/uploads\/2022\/07\/Header_Magazin_Verschmuste-Katzen-315x180.jpg\" class=\"attachment-315x180 size-315x180 wp-post-image\" alt=\"Katze schmust mit Besitzer in Wohnung vor der Couch. Jede Katzenrasse ist unterschiedlich was das schmusen angeht.\" \/><\/div><\/div><div class=\"wrapper\"><div class=\"title align-center\"><h3><a href=\"https:\/\/uelzener.de\/magazin\/katze\/erziehung-und-training\/katzen-zusammenfuehren\/\">Katzen zusammenf\u00fchren und vergesellschaften<\/a><\/h3><\/div><div class=\"img align-center\"><img decoding=\"async\" width=\"315\" height=\"180\" src=\"https:\/\/uelzener.de\/magazin\/app\/uploads\/2022\/02\/Katzen-zusammenfuehren-315x180.jpg\" class=\"attachment-315x180 size-315x180 wp-post-image\" alt=\"Zwei Katzen kuscheln, es ist nicht immer einfach 2 Katzen zusammenzuf\u00fchren.\" \/><\/div><\/div><div class=\"wrapper\"><div class=\"title align-center\"><h3><a href=\"https:\/\/uelzener.de\/magazin\/katze\/rasseportrait\/katzenrassen-die-haeufiger-krank-werden\/\">Katzenrassen, die h\u00e4ufiger krank werden<\/a><\/h3><\/div><div class=\"img align-center\"><img decoding=\"async\" width=\"315\" height=\"180\" src=\"https:\/\/uelzener.de\/magazin\/app\/uploads\/2025\/01\/abessinier-315x180.jpg\" class=\"attachment-315x180 size-315x180 wp-post-image\" alt=\"Abessinier-Katze\" \/><\/div><\/div><\/div>\n\n<h2>FAQ: H\u00e4ufig gestellte Fragen zum Thema \u00c4gyptische Mau<\/h2>\n<h3>Wie alt kann eine \u00c4gyptische Mau werden?<\/h3>\n<p>Die durchschnittliche Lebenserwartung dieser Rasse liegt \u2013 je nach Zuchtbedingungen und weiteren Faktoren \u2013\u00a0 bei etwa 12 bis 16 Jahren. Unter Umst\u00e4nden kann die \u00c4gyptische Mau auch \u00e4lter werden.<\/p>\n<h3>Ist die \u00c4gyptische Mau eine geeignete Katze f\u00fcr Anf\u00e4nger?<\/h3>\n<p>Jein. Sie ist zwar anh\u00e4nglich und intelligent, ben\u00f6tigt aber auch viel Aufmerksamkeit, Besch\u00e4ftigung und Platz. Wer bereit ist, sich langfristig intensiv mit ihr zu besch\u00e4ftigen, kann auch als Anf\u00e4nger gut mit ihr zurechtkommen.<\/p>\n<h3>Ist die \u00c4gyptische Mau f\u00fcr Menschen mit Allergien geeignet?<\/h3>\n<p>Sie ist nicht hypoallergen, gilt aber als eine der vertr\u00e4glicheren Rassen. Allergiker und Allergikerinnen sollten vor einer Anschaffung testen, ob eine Reaktion auftritt.<\/p>\n<h3>Woran erkennt man eine reinrassige \u00c4gyptische Mau?<\/h3>\n<p>Die typisch gefleckte Fellzeichnung, die gr\u00fcnen, leuchtenden Augen und die ausgepr\u00e4gte Urwampe sind markante Merkmale. Bei Unsicherheiten k\u00f6nnen Z\u00fcchter und Z\u00fcchterinnen oder eine genetische Untersuchung Klarheit schaffen.<\/p>\n","protected":false},"excerpt":{"rendered":"<p>Die \u00c4gyptische Mau gilt als eine der \u00e4ltesten Katzenrassen der Welt und stammt, wie der Name bereits sagt, aus \u00c4gypten. Doch wie hat sie den Weg aus dem Nahen Osten zu uns gefunden und was hat eine russische Gro\u00dff\u00fcrstin damit zu tun? Diese und viele weitere spannende Fragen zu dieser faszinierenden Katzenrasse beantworten wir dir [&hellip;]<\/p>\n","protected":false},"author":21,"featured_media":18243,"parent":2482,"menu_order":0,"comment_status":"closed","ping_status":"closed","template":"templates\/blog.php","meta":{"_acf_changed":false,"_crdt_document":"","footnotes":"","beyondwords_generate_audio":"","beyondwords_project_id":"","beyondwords_content_id":"","beyondwords_preview_token":"","beyondwords_player_style":"","beyondwords_language_id":"","beyondwords_title_voice_id":"","beyondwords_body_voice_id":"","beyondwords_summary_voice_id":"","beyondwords_error_message":"","beyondwords_disabled":"","beyondwords_delete_content":"","beyondwords_podcast_id":"","beyondwords_hash":"","publish_post_to_speechkit":"","speechkit_hash":"","speechkit_generate_audio":"","speechkit_project_id":"","speechkit_podcast_id":"","speechkit_error_message":"","speechkit_disabled":"","speechkit_access_key":"","speechkit_error":"","speechkit_info":"","speechkit_response":"","speechkit_retries":"","speechkit_status":"","speechkit_updated_at":"","_speechkit_link":"","_speechkit_text":""},"class_list":["post-18241","page","type-page","status-publish","has-post-thumbnail","hentry"],"acf":[],"yoast_head":"<!-- This site is optimized with the Yoast SEO Premium plugin  - https:\/\/yoast.com\/product\/yoast-seo-premium-wordpress\/ -->\n<title>Die \u00c4gyptische Mau: Eine liebevolles Energieb\u00fcndel | Uelzener Magazin<\/title>\n<meta name=\"description\" content=\"Die \u00c4gyptische Mau ist eine verspielte und bewegungsfreudige Katzenrasse. Sie z\u00e4hlt zu den \u00e4ltesten Rassen der Welt.\" \/>\n<meta name=\"robots\" content=\"index, follow, max-snippet:-1, max-image-preview:large, max-video-preview:-1\" \/>\n<link rel=\"canonical\" href=\"https:\/\/uelzener.de\/magazin\/katze\/rasseportrait\/die-aegyptische-mau-eine-liebevolles-energiebuendel\/\" \/>\n<meta property=\"og:locale\" content=\"de_DE\" \/>\n<meta property=\"og:type\" content=\"article\" \/>\n<meta property=\"og:title\" content=\"Die \u00c4gyptische Mau: Eine liebevolles Energieb\u00fcndel\" \/>\n<meta property=\"og:description\" content=\"Die \u00c4gyptische Mau ist eine verspielte und bewegungsfreudige Katzenrasse. Sie z\u00e4hlt zu den \u00e4ltesten Rassen der Welt.\" \/>\n<meta property=\"og:url\" content=\"https:\/\/uelzener.de\/magazin\/katze\/rasseportrait\/die-aegyptische-mau-eine-liebevolles-energiebuendel\/\" \/>\n<meta property=\"og:site_name\" content=\"Uelzener Tier-Magazin\" \/>\n<meta property=\"article:publisher\" content=\"https:\/\/www.facebook.com\/Uelzener\" \/>\n<meta property=\"article:modified_time\" content=\"2025-04-08T13:29:39+00:00\" \/>\n<meta property=\"og:image\" content=\"https:\/\/uelzener.de\/magazin\/app\/uploads\/2025\/03\/aegyptische_Mau.jpg\" \/>\n\t<meta property=\"og:image:width\" content=\"1025\" \/>\n\t<meta property=\"og:image:height\" content=\"450\" \/>\n\t<meta property=\"og:image:type\" content=\"image\/jpeg\" \/>\n<meta name=\"twitter:card\" content=\"summary_large_image\" \/>\n<meta name=\"twitter:label1\" content=\"Gesch\u00e4tzte Lesezeit\" \/>\n\t<meta name=\"twitter:data1\" content=\"5\u00a0Minuten\" \/>\n<script type=\"application\/ld+json\" class=\"yoast-schema-graph\">{\"@context\":\"https:\/\/schema.org\",\"@graph\":[{\"@type\":\"WebPage\",\"@id\":\"https:\/\/uelzener.de\/magazin\/katze\/rasseportrait\/die-aegyptische-mau-eine-liebevolles-energiebuendel\/\",\"url\":\"https:\/\/uelzener.de\/magazin\/katze\/rasseportrait\/die-aegyptische-mau-eine-liebevolles-energiebuendel\/\",\"name\":\"Die \u00c4gyptische Mau: Eine liebevolles Energieb\u00fcndel | Uelzener Magazin\",\"isPartOf\":{\"@id\":\"https:\/\/uelzener.de\/magazin\/#website\"},\"primaryImageOfPage\":{\"@id\":\"https:\/\/uelzener.de\/magazin\/katze\/rasseportrait\/die-aegyptische-mau-eine-liebevolles-energiebuendel\/#primaryimage\"},\"image\":{\"@id\":\"https:\/\/uelzener.de\/magazin\/katze\/rasseportrait\/die-aegyptische-mau-eine-liebevolles-energiebuendel\/#primaryimage\"},\"thumbnailUrl\":\"https:\/\/uelzener.de\/magazin\/app\/uploads\/2025\/03\/aegyptische_Mau.jpg\",\"datePublished\":\"2025-03-10T10:47:21+00:00\",\"dateModified\":\"2025-04-08T13:29:39+00:00\",\"description\":\"Die \u00c4gyptische Mau ist eine verspielte und bewegungsfreudige Katzenrasse. Sie z\u00e4hlt zu den \u00e4ltesten Rassen der Welt.\",\"breadcrumb\":{\"@id\":\"https:\/\/uelzener.de\/magazin\/katze\/rasseportrait\/die-aegyptische-mau-eine-liebevolles-energiebuendel\/#breadcrumb\"},\"inLanguage\":\"de\",\"potentialAction\":[{\"@type\":\"ReadAction\",\"target\":[\"https:\/\/uelzener.de\/magazin\/katze\/rasseportrait\/die-aegyptische-mau-eine-liebevolles-energiebuendel\/\"]}]},{\"@type\":\"ImageObject\",\"inLanguage\":\"de\",\"@id\":\"https:\/\/uelzener.de\/magazin\/katze\/rasseportrait\/die-aegyptische-mau-eine-liebevolles-energiebuendel\/#primaryimage\",\"url\":\"https:\/\/uelzener.de\/magazin\/app\/uploads\/2025\/03\/aegyptische_Mau.jpg\",\"contentUrl\":\"https:\/\/uelzener.de\/magazin\/app\/uploads\/2025\/03\/aegyptische_Mau.jpg\",\"width\":1025,\"height\":450,\"caption\":\"Auf dem Foto ist eine aegyptische Mau Katze zu sehen. Sie liegt auf einem Schrank und sonnt sich etwas\"},{\"@type\":\"WebSite\",\"@id\":\"https:\/\/uelzener.de\/magazin\/#website\",\"url\":\"https:\/\/uelzener.de\/magazin\/\",\"name\":\"Uelzener Tiermagazin\",\"description\":\"Online Tierratgeber der Uelzener Versicherungen\",\"publisher\":{\"@id\":\"https:\/\/uelzener.de\/magazin\/#organization\"},\"potentialAction\":[{\"@type\":\"SearchAction\",\"target\":{\"@type\":\"EntryPoint\",\"urlTemplate\":\"https:\/\/uelzener.de\/magazin\/?s={search_term_string}\"},\"query-input\":{\"@type\":\"PropertyValueSpecification\",\"valueRequired\":true,\"valueName\":\"search_term_string\"}}],\"inLanguage\":\"de\"},{\"@type\":\"Organization\",\"@id\":\"https:\/\/uelzener.de\/magazin\/#organization\",\"name\":\"Uelzener Versicherungen\",\"url\":\"https:\/\/uelzener.de\/magazin\/\",\"logo\":{\"@type\":\"ImageObject\",\"inLanguage\":\"de\",\"@id\":\"https:\/\/uelzener.de\/magazin\/#\/schema\/logo\/image\/\",\"url\":\"https:\/\/uelzener.de\/magazin\/app\/uploads\/2024\/11\/uelzener_allgemeine_versicherungsgesellschaft_a_g_logo.jpg\",\"contentUrl\":\"https:\/\/uelzener.de\/magazin\/app\/uploads\/2024\/11\/uelzener_allgemeine_versicherungsgesellschaft_a_g_logo.jpg\",\"width\":200,\"height\":200,\"caption\":\"Uelzener Versicherungen\"},\"image\":{\"@id\":\"https:\/\/uelzener.de\/magazin\/#\/schema\/logo\/image\/\"},\"sameAs\":[\"https:\/\/www.facebook.com\/Uelzener\",\"https:\/\/instagram.com\/uelzener\",\"https:\/\/www.xing.com\/pages\/uelzenerallgemeineversicherungs-gesellschafta-g\",\"https:\/\/www.youtube.com\/UelzenerVersicherungen\"]}]}<\/script>\n<!-- \/ Yoast SEO Premium plugin. -->","yoast_head_json":{"title":"Die \u00c4gyptische Mau: Eine liebevolles Energieb\u00fcndel | Uelzener Magazin","description":"Die \u00c4gyptische Mau ist eine verspielte und bewegungsfreudige Katzenrasse. Sie z\u00e4hlt zu den \u00e4ltesten Rassen der Welt.","robots":{"index":"index","follow":"follow","max-snippet":"max-snippet:-1","max-image-preview":"max-image-preview:large","max-video-preview":"max-video-preview:-1"},"canonical":"https:\/\/uelzener.de\/magazin\/katze\/rasseportrait\/die-aegyptische-mau-eine-liebevolles-energiebuendel\/","og_locale":"de_DE","og_type":"article","og_title":"Die \u00c4gyptische Mau: Eine liebevolles Energieb\u00fcndel","og_description":"Die \u00c4gyptische Mau ist eine verspielte und bewegungsfreudige Katzenrasse. Sie z\u00e4hlt zu den \u00e4ltesten Rassen der Welt.","og_url":"https:\/\/uelzener.de\/magazin\/katze\/rasseportrait\/die-aegyptische-mau-eine-liebevolles-energiebuendel\/","og_site_name":"Uelzener Tier-Magazin","article_publisher":"https:\/\/www.facebook.com\/Uelzener","article_modified_time":"2025-04-08T13:29:39+00:00","og_image":[{"width":1025,"height":450,"url":"https:\/\/uelzener.de\/magazin\/app\/uploads\/2025\/03\/aegyptische_Mau.jpg","type":"image\/jpeg"}],"twitter_card":"summary_large_image","twitter_misc":{"Gesch\u00e4tzte Lesezeit":"5\u00a0Minuten"},"schema":{"@context":"https:\/\/schema.org","@graph":[{"@type":"WebPage","@id":"https:\/\/uelzener.de\/magazin\/katze\/rasseportrait\/die-aegyptische-mau-eine-liebevolles-energiebuendel\/","url":"https:\/\/uelzener.de\/magazin\/katze\/rasseportrait\/die-aegyptische-mau-eine-liebevolles-energiebuendel\/","name":"Die \u00c4gyptische Mau: Eine liebevolles Energieb\u00fcndel | Uelzener Magazin","isPartOf":{"@id":"https:\/\/uelzener.de\/magazin\/#website"},"primaryImageOfPage":{"@id":"https:\/\/uelzener.de\/magazin\/katze\/rasseportrait\/die-aegyptische-mau-eine-liebevolles-energiebuendel\/#primaryimage"},"image":{"@id":"https:\/\/uelzener.de\/magazin\/katze\/rasseportrait\/die-aegyptische-mau-eine-liebevolles-energiebuendel\/#primaryimage"},"thumbnailUrl":"https:\/\/uelzener.de\/magazin\/app\/uploads\/2025\/03\/aegyptische_Mau.jpg","datePublished":"2025-03-10T10:47:21+00:00","dateModified":"2025-04-08T13:29:39+00:00","description":"Die \u00c4gyptische Mau ist eine verspielte und bewegungsfreudige Katzenrasse. Sie z\u00e4hlt zu den \u00e4ltesten Rassen der Welt.","breadcrumb":{"@id":"https:\/\/uelzener.de\/magazin\/katze\/rasseportrait\/die-aegyptische-mau-eine-liebevolles-energiebuendel\/#breadcrumb"},"inLanguage":"de","potentialAction":[{"@type":"ReadAction","target":["https:\/\/uelzener.de\/magazin\/katze\/rasseportrait\/die-aegyptische-mau-eine-liebevolles-energiebuendel\/"]}]},{"@type":"ImageObject","inLanguage":"de","@id":"https:\/\/uelzener.de\/magazin\/katze\/rasseportrait\/die-aegyptische-mau-eine-liebevolles-energiebuendel\/#primaryimage","url":"https:\/\/uelzener.de\/magazin\/app\/uploads\/2025\/03\/aegyptische_Mau.jpg","contentUrl":"https:\/\/uelzener.de\/magazin\/app\/uploads\/2025\/03\/aegyptische_Mau.jpg","width":1025,"height":450,"caption":"Auf dem Foto ist eine aegyptische Mau Katze zu sehen. Sie liegt auf einem Schrank und sonnt sich etwas"},{"@type":"WebSite","@id":"https:\/\/uelzener.de\/magazin\/#website","url":"https:\/\/uelzener.de\/magazin\/","name":"Uelzener Tiermagazin","description":"Online Tierratgeber der Uelzener Versicherungen","publisher":{"@id":"https:\/\/uelzener.de\/magazin\/#organization"},"potentialAction":[{"@type":"SearchAction","target":{"@type":"EntryPoint","urlTemplate":"https:\/\/uelzener.de\/magazin\/?s={search_term_string}"},"query-input":{"@type":"PropertyValueSpecification","valueRequired":true,"valueName":"search_term_string"}}],"inLanguage":"de"},{"@type":"Organization","@id":"https:\/\/uelzener.de\/magazin\/#organization","name":"Uelzener Versicherungen","url":"https:\/\/uelzener.de\/magazin\/","logo":{"@type":"ImageObject","inLanguage":"de","@id":"https:\/\/uelzener.de\/magazin\/#\/schema\/logo\/image\/","url":"https:\/\/uelzener.de\/magazin\/app\/uploads\/2024\/11\/uelzener_allgemeine_versicherungsgesellschaft_a_g_logo.jpg","contentUrl":"https:\/\/uelzener.de\/magazin\/app\/uploads\/2024\/11\/uelzener_allgemeine_versicherungsgesellschaft_a_g_logo.jpg","width":200,"height":200,"caption":"Uelzener Versicherungen"},"image":{"@id":"https:\/\/uelzener.de\/magazin\/#\/schema\/logo\/image\/"},"sameAs":["https:\/\/www.facebook.com\/Uelzener","https:\/\/instagram.com\/uelzener","https:\/\/www.xing.com\/pages\/uelzenerallgemeineversicherungs-gesellschafta-g","https:\/\/www.youtube.com\/UelzenerVersicherungen"]}]}},"_links":{"self":[{"href":"https:\/\/uelzener.de\/magazin\/wp-json\/wp\/v2\/pages\/18241","targetHints":{"allow":["GET"]}}],"collection":[{"href":"https:\/\/uelzener.de\/magazin\/wp-json\/wp\/v2\/pages"}],"about":[{"href":"https:\/\/uelzener.de\/magazin\/wp-json\/wp\/v2\/types\/page"}],"author":[{"embeddable":true,"href":"https:\/\/uelzener.de\/magazin\/wp-json\/wp\/v2\/users\/21"}],"replies":[{"embeddable":true,"href":"https:\/\/uelzener.de\/magazin\/wp-json\/wp\/v2\/comments?post=18241"}],"version-history":[{"count":5,"href":"https:\/\/uelzener.de\/magazin\/wp-json\/wp\/v2\/pages\/18241\/revisions"}],"predecessor-version":[{"id":18341,"href":"https:\/\/uelzener.de\/magazin\/wp-json\/wp\/v2\/pages\/18241\/revisions\/18341"}],"up":[{"embeddable":true,"href":"https:\/\/uelzener.de\/magazin\/wp-json\/wp\/v2\/pages\/2482"}],"wp:featuredmedia":[{"embeddable":true,"href":"https:\/\/uelzener.de\/magazin\/wp-json\/wp\/v2\/media\/18243"}],"wp:attachment":[{"href":"https:\/\/uelzener.de\/magazin\/wp-json\/wp\/v2\/media?parent=18241"}],"curies":[{"name":"wp","href":"https:\/\/api.w.org\/{rel}","templated":true}]}}