{"id":18234,"date":"2025-03-07T10:49:26","date_gmt":"2025-03-07T09:49:26","guid":{"rendered":"https:\/\/uelzener.de\/magazin\/?page_id=18234"},"modified":"2025-04-15T09:22:05","modified_gmt":"2025-04-15T07:22:05","slug":"warum-leckt-meine-katze-mich-ab","status":"publish","type":"page","link":"https:\/\/uelzener.de\/magazin\/katze\/haeufige-fragen\/warum-leckt-meine-katze-mich-ab\/","title":{"rendered":"Warum leckt meine Katze mich ab?"},"content":{"rendered":"<p>Sich selbst oder Artgenossen abzulecken, geh\u00f6rt zu den typischen Verhaltensweisen einer Katze. Schon von Geburt an lernen sie dies vom Muttertier. Einige Katzen scheuen sich aber auch nicht davor, ihren Menschen mit der Zunge abzuschlecken. Doch was bedeutet das Verhalten und ist es ein schlechtes oder ein gutes Zeichen? Die Antwort: Beides kann der Fall sein. In diesem Artikel beleuchten wir die m\u00f6glichen Hintergr\u00fcnde und erkl\u00e4ren, wann das Ablecken normal ist und wann es auf ein Problem hindeuten k\u00f6nnte.<\/p>\n<h2>Gemeinsame Fellpflege: Ein \u00dcberbleibsel aus der Kindheit<\/h2>\n<p>Katzen sind \u00e4u\u00dferst reinliche Tiere. Mehrmals am Tag widmen sie sich der Hygiene und lecken sich das Fell, um es zu putzen. Die Zunge von Katzen ist sehr rau, da sie von sogenannten Papillen \u2013 also kleinen Zungenerhebungen \u2013 besetzt ist, die wie eine B\u00fcrste fungieren.<\/p>\n<p>Bei jungen Kitten und K\u00e4tzchen ist das Lecken durch die Mutterkatze essenziell. Zum einen reinigt und pflegt sie so ihren Nachwuchs, zum anderen st\u00e4rkt es die soziale Bindung. Dieses angelernte Verhalten bleibt ein Leben lang bestehen. So putzen sich Katzen mit zunehmendem Alter selbst, aber auch gegenseitig. Fachsprachlich wird das Putzen zwischen Artgenossen Allogrooming genannt.<\/p>\n<p>Neben der Fellpflege und dem sozialen Aspekt kann das Lecken auch der Etablierung einer Hierarchie innerhalb einer Gruppe von Katzen dienen. Dabei leckt eine dominante Katze die schw\u00e4cheren Mitglieder der Gruppe ab und verdeutlicht auf diese Weise die Rangordnung.<\/p>\n<h2>Meine Katze leckt mich ab \u2013 woran liegt das?<\/h2>\n<p>Dass eine Katze ihren Menschen ableckt, ist in der Regel nichts Au\u00dfergew\u00f6hnliches. Die Gr\u00fcnde daf\u00fcr k\u00f6nnen vielf\u00e4ltig sein.<\/p>\n<ul>\n<li aria-level=\"1\"><b>Zuneigung und soziale Bindung: <\/b>Das Ablecken kann ein Zeichen der Zuneigung deiner Katze sein. Sie zeigt damit, dass sie sich mit dir verbunden f\u00fchlt und dir vertraut. Sollte sie dich nicht ablecken, folgt daraus aber keinesfalls, dass sie dich nicht mag. Ob sie ihre Zuneigung auf diese Art zum Ausdruck bringt, h\u00e4ngt ganz von ihrem Charakter und ihrer Sozialisierung ab. Auch das Streichen um die Beine, Milchtritte oder das Folgen auf Schritt und Tritt k\u00f6nnen Anzeichen daf\u00fcr sein, dass deine Katze dich liebt.<\/li>\n<li aria-level=\"1\"><b>Schwei\u00df und Essensreste: <\/b>Manchmal leckt deine Katze dich ab, weil sie einen interessanten Geruch oder Geschmack auf deiner Haut wahrnimmt. Salzhaltiger Schwei\u00df oder Reste von leckerem Essen wie Steak, H\u00e4hnchen oder Thunfisch k\u00f6nnen anziehend auf einige Vierbeiner wirken und sie dazu verleiten, dich abzulecken.<\/li>\n<li aria-level=\"1\"><b>Wahrnehmung von Ger\u00fcchen: <\/b>Einige Katzen lecken, um Ger\u00fcche intensiver wahrnehmen zu k\u00f6nnen. Deine Katze leckt dich also vielleicht ab, weil sie herausfinden will, was du den Tag \u00fcber getrieben hast.<\/li>\n<li aria-level=\"1\"><b>Revier markieren: <\/b>Katzen haben ein ausgepr\u00e4gtes Revierverhalten. Durch das Lecken kann deine Katze dich mit ihrem Geruch markieren und signalisieren, dass du zu ihr geh\u00f6rst. Ihre Duftstoffe hinterl\u00e4sst sie zudem auch durch das Reiben an den Beinen oder das Ansto\u00dfen mit dem Kopf.<\/li>\n<li aria-level=\"1\"><b>Aufmerksamkeit erregen: <\/b>Katzen lernen schnell, dass sie mit bestimmten Verhaltensweisen die Aufmerksamkeit des Menschen auf sich ziehen k\u00f6nnen. Wenn deine Katze dich ableckt und du darauf reagierst, wird sie dieses Verhalten wom\u00f6glich \u00f6fter bewusst einsetzen, um deine Aufmerksamkeit zu erlangen.<\/li>\n<li aria-level=\"1\"><b>Angstlinderung und Stressabbau: <\/b>Lecken kann ein Zeichen f\u00fcr Angst, Stress oder Unsicherheit der Katze sein. Manche lecken sich selbst oder ihre Menschen, um sich zu beruhigen. Dieses Anzeichen sollte ernst genommen werden, denn Katzen zeigen h\u00e4ufig nur subtil, dass etwas nicht stimmt.<\/li>\n<li aria-level=\"1\"><b>Tr\u00f6sten: <\/b>Als sensible Wesen merken Katzen schnell, wenn es ihrem Menschen nicht gut geht. In diesem Fall kann das Lecken als Trost oder Beruhigungsversuch gedeutet werden.<\/li>\n<li aria-level=\"1\"><b>Entfernung unangenehmer Ger\u00fcche: <\/b>Kommst du gerade von drau\u00dfen oder haftet ein Geruch an dir, den deine Katze als unangenehm empfindet, k\u00f6nnte sie durch das Lecken versuchen, diesen von deiner Haut oder deinen Haaren zu entfernen.<\/li>\n<\/ul>\n<p>Egal, aus welchem Grund deine Katze dich ableckt \u2013 es ist meist ein Zeichen daf\u00fcr, dass sie dich in ihre soziale Welt einbezieht. Genie\u00dfe die Zuneigung, aber achte darauf, ob das Verhalten \u00fcberhand nimmt oder mit Stresssymptomen einhergeht.<\/p>\n<h2>Welche Risiken hat das Ablecken durch eine Katze?<\/h2>\n<p>In vielen F\u00e4llen ist das Ablecken durch die Katze harmlos. Allerdings kommt es auch auf die Umst\u00e4nde an. Wenn sie dich zu oft oder zu intensiv ableckt und du empfindliche Haut hast, kann die raue Zunge bei dir R\u00f6tungen oder Hautirritationen verursachen. Die Bakterien, die sich im Katzenmaul befinden, k\u00f6nnen zudem zu Infektionen beim Menschen f\u00fchren \u2013 insbesondere bei offenen Wunden oder einem geschw\u00e4chten Immunsystem. F\u00fcr die Katze kann es hingegen gef\u00e4hrlich werden, falls du Cremes, Salben oder andere Pflegeprodukte auf der Haut hast, die giftig sein k\u00f6nnen.<\/p>\n<h2>Wann wird das Leckverhalten einer Katze problematisch?<\/h2>\n<p>Gelegentliches Ablecken ist ein normales Verhalten bei Katzen. Doch wenn deine Katze dich oder sich selbst \u00fcberm\u00e4\u00dfig h\u00e4ufig leckt, kann das auf ein tieferliegendes Problem hindeuten. Exzessives Lecken kann aus verschiedenen Gr\u00fcnden auftreten, darunter Stress, Langeweile oder gesundheitliche Beschwerden. Um k\u00f6rperliche Ursachen wie Hauterkrankungen, Parasiten oder Allergien auszuschlie\u00dfen, sollte ein Besuch beim Tierarzt oder bei der Tier\u00e4rztin in Erw\u00e4gung gezogen werden. Unbehandelt kann zwanghaftes Lecken zu Hautirritationen, Entz\u00fcndungen oder Haarausfall f\u00fchren. Falls deine Katze sich auff\u00e4llig oft putzt oder du kahle Stellen bemerkst, k\u00f6nnte das auf eine feline selbstinduzierte Alopezie (FSA) hinweisen.<\/p>\n<p>Tiermedizinische Leistungen k\u00f6nnen schnell teuer werden. Eine Katzenkrankenversicherung bietet dir in solchen F\u00e4llen eine finanzielle Absicherung, so dass du nicht auf hohen Kosten sitzen bleibst.<\/p>\n\n<div class=\"banner\">\n    <a href=\"https:\/\/uelzener.de\/katze\/katzen-krankenversicherung\/?agt=0000104925&sem=true&utm_medium=magazin&utm_source=wordpress&utm_campaign=katze_kv&utm_content=banner\">\n        <img decoding=\"async\" width=\"300\" height=\"212\" src=\"https:\/\/uelzener.de\/magazin\/app\/uploads\/2025\/01\/Katzen-Kranken-Versicherung.jpg\" class=\"attachment-medium size-medium\" alt=\"Banner Katzen-Kranken-Versicherung\" \/>    <\/a>\n<\/div>\n\n<p>Psychische Faktoren sind ebenfalls in den Blick zu nehmen, denn Ver\u00e4nderungen in der Umgebung, fehlende Besch\u00e4ftigung oder Angst k\u00f6nnen das Verhalten verst\u00e4rken. In solchen F\u00e4llen helfen gezielte Ma\u00dfnahmen wie mehr Spiel- und Kratzm\u00f6glichkeiten oder ein ruhiger R\u00fcckzugsort, um das Wohlbefinden deiner Katze zu f\u00f6rdern.<\/p>\n<h2>Katze leckt erst und bei\u00dft dann<\/h2>\n<p>Wenn deine Katze dich zun\u00e4chst sanft ableckt und dann pl\u00f6tzlich zubei\u00dft, kann das ein Zeichen von \u00dcberreizung oder Frustration sein. In solchen F\u00e4llen solltest du das Verhalten deines Vierbeiners genau beobachten. Katzen haben eine individuelle Toleranzgrenze f\u00fcr Ber\u00fchrungen. W\u00e4hrend sie anfangs Streicheleinheiten genie\u00dfen, kann eine zu lange oder falsche Ber\u00fchrung schnell unangenehm werden und zu reflexartiger Gegenwehr f\u00fchren. In diesem Fall k\u00f6nnte deine Katze mit einem Biss signalisieren, dass sie genug hat. Achte beim Streicheln auf Anzeichen von Unruhe oder Anspannung und gib ihr stets den Freiraum, den sie braucht.<\/p>\n<p>Es kann jedoch auch sein, dass deine Fellnase dich auf liebevolle Art bei\u00dft. Diese \u201cLiebesbisse\u201d sind ein spielerisches Verhalten, mit dem Katzen ihre Zuneigung zeigen. Eine weitere M\u00f6glichkeit ist, dass sie dich damit zum Spielen auffordert.<\/p>\n<h2>Wie kann ich das Verhalten beeinflussen?<\/h2>\n<p>Falls du das Lecken deiner Katze als unangenehm empfindest oder es zu intensiv wird, gibt es ein paar M\u00f6glichkeiten, wie du ihr Verhalten abwenden kannst. Reagiere bestenfalls nicht mit Belohnung, zum Beispiel in Form einer Streicheleinheit, denn so k\u00f6nntest du sie in ihrem Vorhaben verst\u00e4rken. Lenke ihre Aufmerksamkeit stattdessen um und biete ihr Alternativen zum Stressabbau wie Kratzm\u00f6glichkeiten oder interaktive Spielzeuge.<\/p>\n\n<div class=\"related_articles boxed\">\n    <h2>Mehr zum Thema<\/h2>\n    \n    <div class=\"wrapper\"><div class=\"title align-center\"><h3><a href=\"https:\/\/uelzener.de\/magazin\/katze\/tiergesundheit\/fsa-bei-katzen-haarausfall-durch-zwanghaften-putztrieb\/\">FSA bei Katzen: Haarausfall durch zwanghaften Putztrieb<\/a><\/h3><\/div><div class=\"img align-center\"><img decoding=\"async\" width=\"315\" height=\"180\" src=\"https:\/\/uelzener.de\/magazin\/app\/uploads\/2025\/01\/katze_putzen-315x180.jpg\" class=\"attachment-315x180 size-315x180 wp-post-image\" alt=\"Rote Katze putzt sich\" \/><\/div><\/div><div class=\"wrapper\"><div class=\"title align-center\"><h3><a href=\"https:\/\/uelzener.de\/magazin\/katze\/haltung\/wohnungskatze-beschaeftigen\/\">Wohnungskatze besch\u00e4ftigen: Tipps f\u00fcr den Alltag<\/a><\/h3><\/div><div class=\"img align-center\"><img decoding=\"async\" width=\"315\" height=\"180\" src=\"https:\/\/uelzener.de\/magazin\/app\/uploads\/2022\/07\/Header_Magazin_Wohnungskatze-beschaeftigen-315x180.jpg\" class=\"attachment-315x180 size-315x180 wp-post-image\" alt=\"Katze springt in der Wohnung von Stuhl zu Stuhl, eine Wohnungskatze zu besch\u00e4ftigen ist nicht leicht.\" \/><\/div><\/div><div class=\"wrapper\"><div class=\"title align-center\"><h3><a href=\"https:\/\/uelzener.de\/magazin\/katze\/haeufige-fragen\/10-anzeichen-dass-deine-katze-dich-liebt\/\">10 Anzeichen, dass deine Katze dich liebt<\/a><\/h3><\/div><div class=\"img align-center\"><img decoding=\"async\" width=\"315\" height=\"180\" src=\"https:\/\/uelzener.de\/magazin\/app\/uploads\/2022\/02\/10-Anzeichen-dass-deine-Katze-dich-liebt-315x180.jpg\" class=\"attachment-315x180 size-315x180 wp-post-image\" alt=\"Katze kuschelt mit b\u00e4rtigem Mann, sie zeigt ihm seine Zuneigung.\" \/><\/div><\/div><\/div>\n\n<h2>Fazit<\/h2>\n<p>Wenn deine Katze dich ableckt, ist das meist ein Ausdruck von Zuneigung und sozialer Bindung oder ein Zeichen der Neugier. Solange das Verhalten nicht \u00fcberm\u00e4\u00dfig oder zwanghaft ist, kannst du es als harmlose und z\u00e4rtliche Geste einordnen und genie\u00dfen. Schlie\u00dflich zeigt deine Katze dir damit, dass sie sich bei dir wohlf\u00fchlt und dich als einen integralen Teil ihres Lebens betrachtet.<\/p>\n<p>Falls das Lecken allerdings auff\u00e4llig oft oder zwanghaft auftritt, solltest du das Verhalten hinterfragen, nach m\u00f6glichen Ursachen forschen und gegebenenfalls tier\u00e4rztliche Hilfe in Anspruch nehmen oder einen Verhaltensexpertin bzw. eine Verhaltensexpertin konsultieren.<\/p>\n<h2>FAQ: H\u00e4ufig gestellte Fragen zum Thema Katze leckt mich ab<\/h2>\n<h3>Warum leckt meine Katze mich nur an den Haaren oder am Kopf?<\/h3>\n<p>Haare haben eine \u00e4hnliche Struktur wie Fell. Aus diesem Grund kann das Lecken an den Haaren als Fellpflege interpretiert werden. Es besteht auch die M\u00f6glichkeit, dass deine Katze den Duft deiner Haare mag oder bestimmte Pflegeprodukte in deiner Kopfregion interessant findet.<\/p>\n<h3>Wie erwidere ich die Zuneigung meiner Katze?<\/h3>\n<p>Es gibt viele M\u00f6glichkeiten, deiner Katze zu zeigen, dass du sie ebenfalls lieb hast. Katzen genie\u00dfen sanfte Streicheleinheiten, meist am Kopf oder unter dem Kinn. Achte jedoch auf ihre K\u00f6rpersprache, um sie nicht zu \u00fcberfordern. Manche Katzen m\u00f6gen es, wenn man langsam blinzelt, das gilt als Zeichen von Vertrauen. Auch gemeinsames Spielen, das Bereitstellen gem\u00fctlicher R\u00fcckzugsorte oder sanftes, ruhiges Sprechen kann deiner Katze vermitteln, dass du sie magst.<\/p>\n<h3>Wie behandle ich eine Hautreizung, die durch das Ablecken entstanden ist?<\/h3>\n<p>Die betroffene Stelle solltest du zun\u00e4chst vorsichtig reinigen und dann beobachten. Je nach Schweregrad kannst du Hausmittel wie Honig oder medizinische Salben zur Linderung einsetzen. Vermutest du eine allergische Reaktion oder eine Infektion, solltest du schnellstm\u00f6glich \u00e4rztlichen Rat holen.<\/p>\n","protected":false},"excerpt":{"rendered":"<p>Sich selbst oder Artgenossen abzulecken, geh\u00f6rt zu den typischen Verhaltensweisen einer Katze. Schon von Geburt an lernen sie dies vom Muttertier. Einige Katzen scheuen sich aber auch nicht davor, ihren Menschen mit der Zunge abzuschlecken. Doch was bedeutet das Verhalten und ist es ein schlechtes oder ein gutes Zeichen? Die Antwort: Beides kann der Fall [&hellip;]<\/p>\n","protected":false},"author":21,"featured_media":18236,"parent":11691,"menu_order":6,"comment_status":"closed","ping_status":"closed","template":"templates\/blog.php","meta":{"_acf_changed":false,"_crdt_document":"","footnotes":"","beyondwords_generate_audio":"","beyondwords_project_id":"","beyondwords_content_id":"","beyondwords_preview_token":"","beyondwords_player_style":"","beyondwords_language_id":"","beyondwords_title_voice_id":"","beyondwords_body_voice_id":"","beyondwords_summary_voice_id":"","beyondwords_error_message":"","beyondwords_disabled":"","beyondwords_delete_content":"","beyondwords_podcast_id":"","beyondwords_hash":"","publish_post_to_speechkit":"","speechkit_hash":"","speechkit_generate_audio":"","speechkit_project_id":"","speechkit_podcast_id":"","speechkit_error_message":"","speechkit_disabled":"","speechkit_access_key":"","speechkit_error":"","speechkit_info":"","speechkit_response":"","speechkit_retries":"","speechkit_status":"","speechkit_updated_at":"","_speechkit_link":"","_speechkit_text":""},"class_list":["post-18234","page","type-page","status-publish","has-post-thumbnail","hentry"],"acf":[],"yoast_head":"<!-- This site is optimized with the Yoast SEO Premium plugin  - https:\/\/yoast.com\/product\/yoast-seo-premium-wordpress\/ -->\n<title>Warum leckt meine Katze mich ab? | Uelzener Magazin<\/title>\n<meta name=\"description\" content=\"Katzen k\u00f6nnen dich aus unterschiedlichen Gr\u00fcnden ablecken, meistens zeigen sie damit ihre Neugier oder Zuneigung dir gegen\u00fcber.\" \/>\n<meta name=\"robots\" content=\"index, follow, max-snippet:-1, max-image-preview:large, max-video-preview:-1\" \/>\n<link rel=\"canonical\" href=\"https:\/\/uelzener.de\/magazin\/katze\/haeufige-fragen\/warum-leckt-meine-katze-mich-ab\/\" \/>\n<meta property=\"og:locale\" content=\"de_DE\" \/>\n<meta property=\"og:type\" content=\"article\" \/>\n<meta property=\"og:title\" content=\"Warum leckt meine Katze mich ab?\" \/>\n<meta property=\"og:description\" content=\"Katzen k\u00f6nnen dich aus unterschiedlichen Gr\u00fcnden ablecken, meistens zeigen sie damit ihre Neugier oder Zuneigung dir gegen\u00fcber.\" \/>\n<meta property=\"og:url\" content=\"https:\/\/uelzener.de\/magazin\/katze\/haeufige-fragen\/warum-leckt-meine-katze-mich-ab\/\" \/>\n<meta property=\"og:site_name\" content=\"Uelzener Tier-Magazin\" \/>\n<meta property=\"article:publisher\" content=\"https:\/\/www.facebook.com\/Uelzener\" \/>\n<meta property=\"article:modified_time\" content=\"2025-04-15T07:22:05+00:00\" \/>\n<meta property=\"og:image\" content=\"https:\/\/uelzener.de\/magazin\/app\/uploads\/2025\/03\/warum_leckt_meine_katze_mich.jpg\" \/>\n\t<meta property=\"og:image:width\" content=\"1025\" \/>\n\t<meta property=\"og:image:height\" content=\"450\" \/>\n\t<meta property=\"og:image:type\" content=\"image\/jpeg\" \/>\n<meta name=\"twitter:card\" content=\"summary_large_image\" \/>\n<meta name=\"twitter:label1\" content=\"Gesch\u00e4tzte Lesezeit\" \/>\n\t<meta name=\"twitter:data1\" content=\"8\u00a0Minuten\" \/>\n<script type=\"application\/ld+json\" class=\"yoast-schema-graph\">{\"@context\":\"https:\/\/schema.org\",\"@graph\":[{\"@type\":\"WebPage\",\"@id\":\"https:\/\/uelzener.de\/magazin\/katze\/haeufige-fragen\/warum-leckt-meine-katze-mich-ab\/\",\"url\":\"https:\/\/uelzener.de\/magazin\/katze\/haeufige-fragen\/warum-leckt-meine-katze-mich-ab\/\",\"name\":\"Warum leckt meine Katze mich ab? | Uelzener Magazin\",\"isPartOf\":{\"@id\":\"https:\/\/uelzener.de\/magazin\/#website\"},\"primaryImageOfPage\":{\"@id\":\"https:\/\/uelzener.de\/magazin\/katze\/haeufige-fragen\/warum-leckt-meine-katze-mich-ab\/#primaryimage\"},\"image\":{\"@id\":\"https:\/\/uelzener.de\/magazin\/katze\/haeufige-fragen\/warum-leckt-meine-katze-mich-ab\/#primaryimage\"},\"thumbnailUrl\":\"https:\/\/uelzener.de\/magazin\/app\/uploads\/2025\/03\/warum_leckt_meine_katze_mich.jpg\",\"datePublished\":\"2025-03-07T09:49:26+00:00\",\"dateModified\":\"2025-04-15T07:22:05+00:00\",\"description\":\"Katzen k\u00f6nnen dich aus unterschiedlichen Gr\u00fcnden ablecken, meistens zeigen sie damit ihre Neugier oder Zuneigung dir gegen\u00fcber.\",\"breadcrumb\":{\"@id\":\"https:\/\/uelzener.de\/magazin\/katze\/haeufige-fragen\/warum-leckt-meine-katze-mich-ab\/#breadcrumb\"},\"inLanguage\":\"de\",\"potentialAction\":[{\"@type\":\"ReadAction\",\"target\":[\"https:\/\/uelzener.de\/magazin\/katze\/haeufige-fragen\/warum-leckt-meine-katze-mich-ab\/\"]}]},{\"@type\":\"ImageObject\",\"inLanguage\":\"de\",\"@id\":\"https:\/\/uelzener.de\/magazin\/katze\/haeufige-fragen\/warum-leckt-meine-katze-mich-ab\/#primaryimage\",\"url\":\"https:\/\/uelzener.de\/magazin\/app\/uploads\/2025\/03\/warum_leckt_meine_katze_mich.jpg\",\"contentUrl\":\"https:\/\/uelzener.de\/magazin\/app\/uploads\/2025\/03\/warum_leckt_meine_katze_mich.jpg\",\"width\":1025,\"height\":450,\"caption\":\"Auf dem Foto ist eine schwarz wei\u00dfe Katze zu sehen, sie leckt ihre Halterin an der Nase ab.\"},{\"@type\":\"WebSite\",\"@id\":\"https:\/\/uelzener.de\/magazin\/#website\",\"url\":\"https:\/\/uelzener.de\/magazin\/\",\"name\":\"Uelzener Tiermagazin\",\"description\":\"Online Tierratgeber der Uelzener Versicherungen\",\"publisher\":{\"@id\":\"https:\/\/uelzener.de\/magazin\/#organization\"},\"potentialAction\":[{\"@type\":\"SearchAction\",\"target\":{\"@type\":\"EntryPoint\",\"urlTemplate\":\"https:\/\/uelzener.de\/magazin\/?s={search_term_string}\"},\"query-input\":{\"@type\":\"PropertyValueSpecification\",\"valueRequired\":true,\"valueName\":\"search_term_string\"}}],\"inLanguage\":\"de\"},{\"@type\":\"Organization\",\"@id\":\"https:\/\/uelzener.de\/magazin\/#organization\",\"name\":\"Uelzener Versicherungen\",\"url\":\"https:\/\/uelzener.de\/magazin\/\",\"logo\":{\"@type\":\"ImageObject\",\"inLanguage\":\"de\",\"@id\":\"https:\/\/uelzener.de\/magazin\/#\/schema\/logo\/image\/\",\"url\":\"https:\/\/uelzener.de\/magazin\/app\/uploads\/2024\/11\/uelzener_allgemeine_versicherungsgesellschaft_a_g_logo.jpg\",\"contentUrl\":\"https:\/\/uelzener.de\/magazin\/app\/uploads\/2024\/11\/uelzener_allgemeine_versicherungsgesellschaft_a_g_logo.jpg\",\"width\":200,\"height\":200,\"caption\":\"Uelzener Versicherungen\"},\"image\":{\"@id\":\"https:\/\/uelzener.de\/magazin\/#\/schema\/logo\/image\/\"},\"sameAs\":[\"https:\/\/www.facebook.com\/Uelzener\",\"https:\/\/instagram.com\/uelzener\",\"https:\/\/www.xing.com\/pages\/uelzenerallgemeineversicherungs-gesellschafta-g\",\"https:\/\/www.youtube.com\/UelzenerVersicherungen\"]}]}<\/script>\n<!-- \/ Yoast SEO Premium plugin. -->","yoast_head_json":{"title":"Warum leckt meine Katze mich ab? | Uelzener Magazin","description":"Katzen k\u00f6nnen dich aus unterschiedlichen Gr\u00fcnden ablecken, meistens zeigen sie damit ihre Neugier oder Zuneigung dir gegen\u00fcber.","robots":{"index":"index","follow":"follow","max-snippet":"max-snippet:-1","max-image-preview":"max-image-preview:large","max-video-preview":"max-video-preview:-1"},"canonical":"https:\/\/uelzener.de\/magazin\/katze\/haeufige-fragen\/warum-leckt-meine-katze-mich-ab\/","og_locale":"de_DE","og_type":"article","og_title":"Warum leckt meine Katze mich ab?","og_description":"Katzen k\u00f6nnen dich aus unterschiedlichen Gr\u00fcnden ablecken, meistens zeigen sie damit ihre Neugier oder Zuneigung dir gegen\u00fcber.","og_url":"https:\/\/uelzener.de\/magazin\/katze\/haeufige-fragen\/warum-leckt-meine-katze-mich-ab\/","og_site_name":"Uelzener Tier-Magazin","article_publisher":"https:\/\/www.facebook.com\/Uelzener","article_modified_time":"2025-04-15T07:22:05+00:00","og_image":[{"width":1025,"height":450,"url":"https:\/\/uelzener.de\/magazin\/app\/uploads\/2025\/03\/warum_leckt_meine_katze_mich.jpg","type":"image\/jpeg"}],"twitter_card":"summary_large_image","twitter_misc":{"Gesch\u00e4tzte Lesezeit":"8\u00a0Minuten"},"schema":{"@context":"https:\/\/schema.org","@graph":[{"@type":"WebPage","@id":"https:\/\/uelzener.de\/magazin\/katze\/haeufige-fragen\/warum-leckt-meine-katze-mich-ab\/","url":"https:\/\/uelzener.de\/magazin\/katze\/haeufige-fragen\/warum-leckt-meine-katze-mich-ab\/","name":"Warum leckt meine Katze mich ab? | Uelzener Magazin","isPartOf":{"@id":"https:\/\/uelzener.de\/magazin\/#website"},"primaryImageOfPage":{"@id":"https:\/\/uelzener.de\/magazin\/katze\/haeufige-fragen\/warum-leckt-meine-katze-mich-ab\/#primaryimage"},"image":{"@id":"https:\/\/uelzener.de\/magazin\/katze\/haeufige-fragen\/warum-leckt-meine-katze-mich-ab\/#primaryimage"},"thumbnailUrl":"https:\/\/uelzener.de\/magazin\/app\/uploads\/2025\/03\/warum_leckt_meine_katze_mich.jpg","datePublished":"2025-03-07T09:49:26+00:00","dateModified":"2025-04-15T07:22:05+00:00","description":"Katzen k\u00f6nnen dich aus unterschiedlichen Gr\u00fcnden ablecken, meistens zeigen sie damit ihre Neugier oder Zuneigung dir gegen\u00fcber.","breadcrumb":{"@id":"https:\/\/uelzener.de\/magazin\/katze\/haeufige-fragen\/warum-leckt-meine-katze-mich-ab\/#breadcrumb"},"inLanguage":"de","potentialAction":[{"@type":"ReadAction","target":["https:\/\/uelzener.de\/magazin\/katze\/haeufige-fragen\/warum-leckt-meine-katze-mich-ab\/"]}]},{"@type":"ImageObject","inLanguage":"de","@id":"https:\/\/uelzener.de\/magazin\/katze\/haeufige-fragen\/warum-leckt-meine-katze-mich-ab\/#primaryimage","url":"https:\/\/uelzener.de\/magazin\/app\/uploads\/2025\/03\/warum_leckt_meine_katze_mich.jpg","contentUrl":"https:\/\/uelzener.de\/magazin\/app\/uploads\/2025\/03\/warum_leckt_meine_katze_mich.jpg","width":1025,"height":450,"caption":"Auf dem Foto ist eine schwarz wei\u00dfe Katze zu sehen, sie leckt ihre Halterin an der Nase ab."},{"@type":"WebSite","@id":"https:\/\/uelzener.de\/magazin\/#website","url":"https:\/\/uelzener.de\/magazin\/","name":"Uelzener Tiermagazin","description":"Online Tierratgeber der Uelzener Versicherungen","publisher":{"@id":"https:\/\/uelzener.de\/magazin\/#organization"},"potentialAction":[{"@type":"SearchAction","target":{"@type":"EntryPoint","urlTemplate":"https:\/\/uelzener.de\/magazin\/?s={search_term_string}"},"query-input":{"@type":"PropertyValueSpecification","valueRequired":true,"valueName":"search_term_string"}}],"inLanguage":"de"},{"@type":"Organization","@id":"https:\/\/uelzener.de\/magazin\/#organization","name":"Uelzener Versicherungen","url":"https:\/\/uelzener.de\/magazin\/","logo":{"@type":"ImageObject","inLanguage":"de","@id":"https:\/\/uelzener.de\/magazin\/#\/schema\/logo\/image\/","url":"https:\/\/uelzener.de\/magazin\/app\/uploads\/2024\/11\/uelzener_allgemeine_versicherungsgesellschaft_a_g_logo.jpg","contentUrl":"https:\/\/uelzener.de\/magazin\/app\/uploads\/2024\/11\/uelzener_allgemeine_versicherungsgesellschaft_a_g_logo.jpg","width":200,"height":200,"caption":"Uelzener Versicherungen"},"image":{"@id":"https:\/\/uelzener.de\/magazin\/#\/schema\/logo\/image\/"},"sameAs":["https:\/\/www.facebook.com\/Uelzener","https:\/\/instagram.com\/uelzener","https:\/\/www.xing.com\/pages\/uelzenerallgemeineversicherungs-gesellschafta-g","https:\/\/www.youtube.com\/UelzenerVersicherungen"]}]}},"_links":{"self":[{"href":"https:\/\/uelzener.de\/magazin\/wp-json\/wp\/v2\/pages\/18234","targetHints":{"allow":["GET"]}}],"collection":[{"href":"https:\/\/uelzener.de\/magazin\/wp-json\/wp\/v2\/pages"}],"about":[{"href":"https:\/\/uelzener.de\/magazin\/wp-json\/wp\/v2\/types\/page"}],"author":[{"embeddable":true,"href":"https:\/\/uelzener.de\/magazin\/wp-json\/wp\/v2\/users\/21"}],"replies":[{"embeddable":true,"href":"https:\/\/uelzener.de\/magazin\/wp-json\/wp\/v2\/comments?post=18234"}],"version-history":[{"count":4,"href":"https:\/\/uelzener.de\/magazin\/wp-json\/wp\/v2\/pages\/18234\/revisions"}],"predecessor-version":[{"id":18346,"href":"https:\/\/uelzener.de\/magazin\/wp-json\/wp\/v2\/pages\/18234\/revisions\/18346"}],"up":[{"embeddable":true,"href":"https:\/\/uelzener.de\/magazin\/wp-json\/wp\/v2\/pages\/11691"}],"wp:featuredmedia":[{"embeddable":true,"href":"https:\/\/uelzener.de\/magazin\/wp-json\/wp\/v2\/media\/18236"}],"wp:attachment":[{"href":"https:\/\/uelzener.de\/magazin\/wp-json\/wp\/v2\/media?parent=18234"}],"curies":[{"name":"wp","href":"https:\/\/api.w.org\/{rel}","templated":true}]}}