{"id":18198,"date":"2025-02-17T09:26:29","date_gmt":"2025-02-17T08:26:29","guid":{"rendered":"https:\/\/uelzener.de\/magazin\/?page_id=18198"},"modified":"2025-09-23T10:43:13","modified_gmt":"2025-09-23T08:43:13","slug":"heiserkeit-bei-katzen-was-dahintersteckt-und-wann-es-ernst-wird","status":"publish","type":"page","link":"https:\/\/uelzener.de\/magazin\/katze\/tiergesundheit\/heiserkeit-bei-katzen-was-dahintersteckt-und-wann-es-ernst-wird\/","title":{"rendered":"Heiserkeit bei Katzen: Was dahintersteckt und wann es ernst wird"},"content":{"rendered":"<p>Heiserkeit ist kein Symptom, das nur Menschen betrifft. Auch Tiere k\u00f6nnen heiser sein. Begr\u00fc\u00dft dich deine Katze statt mit einem lauten Miauen mit einem angestrengten Kr\u00e4chzen, liegt offenbar eine Beeintr\u00e4chtigung ihrer Stimme vor. Heiserkeit bei Katzen kann schnell kommen und schnell wieder verschwinden, in manchen F\u00e4llen aber auch hartn\u00e4ckig sein. Wir erkl\u00e4ren, welche Ursachen es f\u00fcr Heiserkeit bei Katzen geben kann, wann man zur Tierarztpraxis gehen sollte und welche Behandlungsm\u00f6glichkeiten es gibt.<\/p>\n<h2><b>Wie \u00e4u\u00dfert sich Heiserkeit bei Katzen?<\/b><\/h2>\n<p>Von Heiserkeit ist die Rede, wenn die Stimme beeintr\u00e4chtigt ist und rau, belegt, behaucht und\/oder auff\u00e4llig leise klingt. Der medizinische Begriff lautet Dysphonie. Ein heiserer Klang kommt dadurch zustande, dass die Stimmb\u00e4nder aufgrund einer Reizung, Entz\u00fcndung oder Schwellung nicht frei schwingen k\u00f6nnen.<\/p>\n<p>Die Ursachen k\u00f6nnen vielf\u00e4ltig sein, doch geht Heiserkeit bei Katzen in vielen F\u00e4llen mit anderen Symptomen einher, zum Beispiel:<\/p>\n<ul>\n<li aria-level=\"1\">Halsschmerzen und Schluckbeschwerden<\/li>\n<li aria-level=\"1\">weniger Miauen aufgrund von Schmerzen<\/li>\n<li aria-level=\"1\">Atemger\u00e4usche im Falle verengter oder entz\u00fcndeter Atemwege<\/li>\n<li aria-level=\"1\">wiederholtes Schlucken oder R\u00e4uspern<\/li>\n<li aria-level=\"1\">Abgeschlagenheit, verschlechterter Allgemeinzustand<\/li>\n<li aria-level=\"1\">verringerter Appetit<\/li>\n<li aria-level=\"1\">Ver\u00e4nderungen des Verhaltens, z.B. k\u00f6nnte die Katze gereizter reagieren oder sich vermehrt zur\u00fcckziehen<\/li>\n<\/ul>\n<p>Heiserkeit ist \u201enur\u201c ein Symptom, keine Krankheit. Begleitende Anzeichen k\u00f6nnen stark variieren, je nachdem, welche Erkrankung oder Verletzung zugrundeliegt. Auch besteht die M\u00f6glichkeit, dass die heisere Stimme ohne weitere Symptome auftritt.<\/p>\n<h2><b>M\u00f6gliche Ursachen von Heiserkeit bei Katzen<\/b><\/h2>\n<p>Ist deine Katze heiser, kann das verschiedene Ursachen haben, die es auf jeden Fall abzukl\u00e4ren gilt \u2013 vor allem, wenn die Beschwerden l\u00e4nger anhalten. Eine \u00dcbersicht, woher die heisere Stimme bei deinem Stubentiger r\u00fchren k\u00f6nnte:<\/p>\n<ul>\n<li aria-level=\"1\"><b>Atemwegsinfektion<\/b>: Was wir umgangssprachlich als Erk\u00e4ltung bezeichnen, kann auch Katzen treffen. Die oft viral bedingten Infektionen der oberen Atemwege k\u00f6nnen sich durch Symptome wie Schnupfen, Husten, tr\u00e4nende Augen oder eben auch Heiserkeit bemerkbar machen. Eine besondere Form bei Katzen ist der sogenannte Katzenschnupfen, der von verschiedenen Erregern ausgel\u00f6st wird und gegen den eine wirksame Schutzimpfung existiert.<\/li>\n<li aria-level=\"1\"><b>Kehlkopfentz\u00fcndung<\/b>: Heiserkeit, Halsschmerzen und Schluckbeschwerden sind typische Anzeichen einer Kehlkopfentz\u00fcndung (Laryngitis), die wiederum auf verschiedene Ursachen zur\u00fcckgef\u00fchrt werden kann. Eine Laryngitis bei der Katze kann von einer Infektion herr\u00fchren, muss aber nicht. Auch eingeatmete Fremdk\u00f6rper, Rauch und Giftstoffe in der Umwelt k\u00f6nnen zu einer Reizung des Kehlkopfes f\u00fchren.<\/li>\n<li aria-level=\"1\"><b>\u00dcberbelastung<\/b>: Zu viel Geschrei macht den Stimmb\u00e4ndern ebenfalls zu schaffen. Miaut die Katze \u00fcber einen l\u00e4ngeren Zeitraum sehr viel und vielleicht auch sehr laut, kann das Heiserkeit nach sich ziehen.<\/li>\n<li aria-level=\"1\"><b>Allergische Reaktionen<\/b>: Der Kontakt mit oder Verzehr von Substanzen, auf die die Katze allergisch ist, kann zahlreiche k\u00f6rperliche Reaktionen ausl\u00f6sen. Schwellungen im Rachenbereich geh\u00f6ren zu den schwerwiegenden Symptomen, da sie nicht nur Heiserkeit, sondern schlimmstenfalls Atemnot hervorrufen k\u00f6nnen.<\/li>\n<li aria-level=\"1\"><b>Verletzungen<\/b>: Unf\u00e4lle, die Verletzungen im Halsbereich zur Folge haben, k\u00f6nnen zu Heiserkeit f\u00fchren, wenn der Kehlkopf in Mitleidenschaft gezogen ist. Je nach Art und Schwere der Verletzung k\u00f6nnen die Beeintr\u00e4chtigungen der Stimme vor\u00fcbergehender oder dauerhafter Natur sein. Auch Zysten oder Tumore k\u00f6nnen daf\u00fcr sorgen, dass die Stimmb\u00e4nder in ihrer Funktion eingeschr\u00e4nkt sind \u2013 ebenso wie eine Operation im Kehlkopfbereich, wenn es dabei zu Verletzungen kommt, etwa beim Intubieren oder bei der Entfernung von Wucherungen.<\/li>\n<\/ul>\n<p>Eine Kehlkopfl\u00e4hmung (Larynxparalyse), die zum Beispiel durch Unf\u00e4lle erworben sein kann, ist eine weitere m\u00f6gliche Ursache f\u00fcr Heiserkeit sein. Eher selten sind angeborene Kehlkopffehlbildungen oder -l\u00e4hmungen bei Katzen.<\/p>\n<p>\u00dcbrigens: Auch Dehydration kann zu einer tempor\u00e4ren Heiserkeit f\u00fchren, da ein Mangel an Fl\u00fcssigkeit mit einer Austrocknung der Schleimh\u00e4ute einhergeht, was sich wiederum auf die Funktion der Stimmb\u00e4nder auswirken kann.<\/p>\n<h3><b>\u00a0Wann du mit deiner heiseren Katze zum Tierarzt gehen solltest<\/b><\/h3>\n<p>Zun\u00e4chst mag es putzig klingen, wenn deine Katze pl\u00f6tzlich nicht mehr miaut, sondern eher klingt wie ein Frosch, doch solltest du Ver\u00e4nderungen der Stimme nicht auf die leichte Schulter nehmen \u2013 vor allem, wenn sie l\u00e4nger andauern. H\u00e4lt die Heiserkeit mehrere Tage an oder treten weitere Symptome wie Appetitlosigkeit, Abgeschlagenheit und Fieber auf, solltest du tier\u00e4rztlichen Rat einholen. Sofortiger Handlungsbedarf besteht, wenn deine Katze Anzeichen von Atemnot zeigt. Eine Schwellung im Bereich des Rachens oder Kehlkopfes kann verschiedene Ursachen haben, etwa allergische Reaktionen oder Verletzungen, und schnell zum Notfall werden. Hier gilt: Lieber nicht zu lange warten, sondern schleunigst die Tierarztpraxis aufsuchen.<\/p>\n\n<div class=\"related_articles boxed\">\n    <h2>Mehr zum Thema<\/h2>\n    \n    <div class=\"wrapper\"><div class=\"title align-center\"><h3><a href=\"https:\/\/uelzener.de\/magazin\/katze\/haeufige-fragen\/warum-miaut-katze-nicht\/\">Warum miaut meine Katze nicht?<\/a><\/h3><\/div><div class=\"img align-center\"><img decoding=\"async\" width=\"315\" height=\"138\" src=\"https:\/\/uelzener.de\/magazin\/app\/uploads\/2025\/09\/katze-miaut-nicht.png\" class=\"attachment-315x180 size-315x180 wp-post-image\" alt=\"Katze h\u00e4lt sich mit der Pfote das Maul zu und miaut nicht.\" \/><\/div><\/div><div class=\"wrapper\"><div class=\"title align-center\"><h3><a href=\"https:\/\/uelzener.de\/magazin\/katze\/tiergesundheit\/katzenschnupfen-symptome-hausmittel-behandlung\/\">Katzenschnupfen: Symptome, Hausmittel, Behandlung<\/a><\/h3><\/div><div class=\"img align-center\"><img decoding=\"async\" width=\"315\" height=\"180\" src=\"https:\/\/uelzener.de\/magazin\/app\/uploads\/2022\/12\/katzenschnupfen-315x180.jpg\" class=\"attachment-315x180 size-315x180 wp-post-image\" alt=\"Ein Maine-Coon-Katze niest. Hat sie etwa Katzenschnupfen?\" \/><\/div><\/div><div class=\"wrapper\"><div class=\"title align-center\"><h3><a href=\"https:\/\/uelzener.de\/magazin\/katze\/tiergesundheit\/katze-koerpersprache-schmerzen\/\">K\u00f6rpersprache: Wie zeigen Katzen Schmerzen?<\/a><\/h3><\/div><div class=\"img align-center\"><img decoding=\"async\" width=\"315\" height=\"180\" src=\"https:\/\/uelzener.de\/magazin\/app\/uploads\/2022\/09\/Schmerzen-erkennen-bei-Katzen-315x180.jpg\" class=\"attachment-315x180 size-315x180 wp-post-image\" alt=\"K\u00f6rpersprache: Eine dreifarbige Katze liegt und schaut m\u00fcde.\" \/><\/div><\/div><\/div>\n\n<h2><b>Wenn die Katze heiser ist: Das kannst du tun, um ihr zu helfen<br \/>\n<\/b><\/h2>\n<p>Solange deine Katze \u201enur\u201c heiser ist und sonst keine Anzeichen eingeschr\u00e4nkten Wohlbefindens zeigt, kannst du versuchen, ihr mit einigen grundlegenden Ma\u00dfnahmen Linderung zu verschaffen. Zun\u00e4chst einmal ist wichtig, f\u00fcr eine ausreichende Hydration zu sorgen, um einen Mangel an Fl\u00fcssigkeit als Ursache f\u00fcr die Heiserkeit auszuschlie\u00dfen. Manche Katzen trinken nicht gerne aus dem Napf, sondern bevorzugen flie\u00dfendes Wasser, etwa aus einem Katzenbrunnen oder aus dem Wasserhahn. Besonders trinkfaule Schmusetiger kannst du mit gekaufter oder selbst hergestellter Katzensuppe dazu animieren, etwas mehr Fl\u00fcssigkeit zu sich zu nehmen. Nassfutter besteht zum Gro\u00dfteil aus Wasser und eignet sich daher gut, wenn du die Fl\u00fcssigkeitsaufnahme deiner Katze erh\u00f6hen m\u00f6chtest.<\/p>\n<p>Die Raumluft sollte nicht zu trocken sein. Gerade im Winter kann trockene Heizungsluft den Schleimh\u00e4uten zusetzen und Heiserkeit f\u00f6rdern. Luftbefeuchter und regelm\u00e4\u00dfiges L\u00fcften tragen zu einem angenehmen Raumklima bei. Idealerweise h\u00e4lt sich die Katze in einem Zimmer mit hoher Luftfeuchte auf. Vielleicht kannst du deiner Fellnase ein gem\u00fctliches Schlafpl\u00e4tzchen im Badezimmer einrichten.<\/p>\n<p>Ruhe und Entspannung sind ganz wichtig, damit sich deine Katze schnell wieder erholt, sollte ein kleiner Infekt urs\u00e4chlich f\u00fcr die Heiserkeit sein. Achte darauf, Stress in den eigenen vier W\u00e4nden zu vermeiden und deiner Katze ein m\u00f6glichst ruhiges Zuhause zu bieten. Eine Extraportion Aufmerksamkeit schadet nicht. Ruhe, Gem\u00fctlichkeit und jede Menge Streicheleinheiten k\u00f6nnen dazu beitragen, dass deine Katze weniger miaut und so ihre strapazierten Stimmb\u00e4nder schont.<\/p>\n<h2><b>Behandlungsm\u00f6glichkeiten f\u00fcr heisere Katzen<\/b><\/h2>\n<p>Verschwindet die Heiserkeit nach ein paar Tagen nicht oder kommen weitere Symptome hinzu, empfiehlt es sich, mit der Katze den Tierarzt oder die Tier\u00e4rztin aufzusuchen. In der Praxis wird das Tier untersucht und eine Anamnese erstellt, um die Diagnostik auf den Weg zu bringen. Die Behandlung richtet sich nach der Ursache der Heiserkeit.<\/p>\n<p>Im Falle einer viralen Atemwegsinfektion mit den \u00fcblichen Symptomen einer Erk\u00e4ltung kann man medikament\u00f6s nicht viel ausrichten. Wie beim Menschen gilt: schonen, viel trinken und ggf. die Schleiml\u00f6sung sowie das Schmerzmanagement durch entsprechende Mittel unterst\u00fctzen. Liegt eine bakterielle Infektion vor, kann der Einsatz eines Antibiotikums in Frage kommen. Ob das sinnvoll ist, entscheidet der Tierarzt oder die Tier\u00e4rztin. Bei einer Verengung der Atemwege durch Entz\u00fcndungen und Schwellungen kann der Einsatz kortisonhaltiger bzw. allgemein abschwellender, entz\u00fcndungshemmender Medikamente angezeigt sein.<\/p>\n<p>Nicht immer liegt der Heiserkeit bei Katzen ein Infekt zugrunde. Ergibt die Diagnostik, dass eine Zyste oder eine andersartige Wucherung urs\u00e4chlich f\u00fcr die Dysphonie ist, kann eine Operation erforderlich sein, bei der das betreffende Gewebe entfernt wird. Da chirurgische Eingriffe zu den kostspieligsten veterin\u00e4rmedizinischen Posten geh\u00f6ren, erweist sich eine Katzen-OP-Versicherung als vorteilhaft, um das finanzielle Risiko zu minimieren. Eine Katzen-Krankenversicherung deckt auch andere tier\u00e4rztliche Leistungen ab, so dass f\u00fcr noch mehr Schutz gesorgt ist.<\/p>\n\n<div class=\"banner\">\n    <a href=\"https:\/\/uelzener.de\/katze?agt=0000104925&sem=true&utm_medium=magazin&utm_source=wordpress&utm_campaign=katze&utm_content=banner\">\n        <img decoding=\"async\" width=\"300\" height=\"212\" src=\"https:\/\/uelzener.de\/magazin\/app\/uploads\/2025\/01\/Katzenversicherung.jpg\" class=\"attachment-medium size-medium\" alt=\"Banner Katzenversicherung\" \/>    <\/a>\n<\/div>\n\n<h2><b>Fazit<\/b><\/h2>\n<p>Heiserkeit bei Katzen kann vielf\u00e4ltige Ursachen haben, von harmlosen Infekten bis hin zu ernsthaften Erkrankungen wie Kehlkopfentz\u00fcndungen, Allergien oder Tumoren. Bei l\u00e4nger anhaltenden Symptomen oder zus\u00e4tzlichen Anzeichen wie Atemnot, Fieber oder Appetitlosigkeit empfiehlt es sich, mit dem Schmusetiger beim Tierarzt oder bei der Tier\u00e4rztin vorstellig zu werden.<\/p>\n<h2><b>FAQ: H\u00e4ufig gestellt Fragen zu Heiserkeit bei Katzen<\/b><\/h2>\n<h3><b>Sollte ich sofort zum Tierarzt gehen, wenn meine Katze heiser ist?<\/b><\/h3>\n<p>Sofern deine Katze insgesamt einen vitalen Eindruck macht, normales Fress- und Trinkverhalten zeigt und sich offensichtlich gut f\u00fchlt, musst du nicht sofort zur Tierarztpraxis, wenn sie heiser klingt. Eile ist geboten, wenn du Anzeichen von Atemnot bemerkst. Auch wenn weitere Symptome zur Heiserkeit hinzukommen und sich der Allgemeinzustand deiner Katze verschlechtert, empfiehlt sich ein Besuch bei deinem Tierarzt oder deiner Tier\u00e4rztin.<\/p>\n<h3><b>Was kann ich selbst gegen Heiserkeit bei meiner Katze tun?<\/b><\/h3>\n<p>Sorge daf\u00fcr, dass deine Katze m\u00f6glichst wenig Stress ausgesetzt ist, denn Aufregung kann zu vermehrtem Miauen f\u00fchren, was bei Heiserkeit nicht hilfreich ist. Viel Ruhe, ein gutes Raumklima und eine Extraportion Streicheleinheiten k\u00f6nnen die Genesung durchaus unterst\u00fctzen, wenn die Heiserkeit auf \u00dcberanstrengung der Stimmb\u00e4nder oder einen kleinen Infekt zur\u00fcckzuf\u00fchren ist. Ganz wichtig ist eine ausreichende Fl\u00fcssigkeitszufuhr, da Dehydration Heiserkeit beg\u00fcnstigen kann.<\/p>\n<h3><b>Kann Heiserkeit bei meiner Katze von selbst verschwinden?<\/b><\/h3>\n<p>Ja, das ist m\u00f6glich, wenn die Heiserkeit beispielsweise von \u00fcberstrapazieren Stimmb\u00e4ndern herr\u00fchrt oder als Folge eines Infekts der oberen Atemwege entsteht. Zu lange warten sollte man allerdings nicht. Verschwindet die Beeintr\u00e4chtigung der Stimme nach einigen Tagen nicht, ist es ratsam, sicherheitshalber zum Tierarzt oder zur Tier\u00e4rztin zu gehen.<\/p>\n<h3><b>Ist Heiserkeit bei Katzen ansteckend?<\/b><\/h3>\n<p>Heiserkeit an sich ist nicht ansteckend. Sie ist nur ein Symptom, keine Krankheit. Allerdings kann die Heiserkeit als Folge einer ansteckenden Infektion entstehen.<\/p>\n","protected":false},"excerpt":{"rendered":"<p>Heiserkeit ist kein Symptom, das nur Menschen betrifft. Auch Tiere k\u00f6nnen heiser sein. Begr\u00fc\u00dft dich deine Katze statt mit einem lauten Miauen mit einem angestrengten Kr\u00e4chzen, liegt offenbar eine Beeintr\u00e4chtigung ihrer Stimme vor. Heiserkeit bei Katzen kann schnell kommen und schnell wieder verschwinden, in manchen F\u00e4llen aber auch hartn\u00e4ckig sein. Wir erkl\u00e4ren, welche Ursachen es [&hellip;]<\/p>\n","protected":false},"author":21,"featured_media":18201,"parent":11712,"menu_order":6,"comment_status":"closed","ping_status":"closed","template":"templates\/blog.php","meta":{"_acf_changed":false,"_crdt_document":"","footnotes":"","beyondwords_generate_audio":"","beyondwords_project_id":"","beyondwords_content_id":"","beyondwords_preview_token":"","beyondwords_player_style":"","beyondwords_language_id":"","beyondwords_title_voice_id":"","beyondwords_body_voice_id":"","beyondwords_summary_voice_id":"","beyondwords_error_message":"","beyondwords_disabled":"","beyondwords_delete_content":"","beyondwords_podcast_id":"","beyondwords_hash":"","publish_post_to_speechkit":"","speechkit_hash":"","speechkit_generate_audio":"","speechkit_project_id":"","speechkit_podcast_id":"","speechkit_error_message":"","speechkit_disabled":"","speechkit_access_key":"","speechkit_error":"","speechkit_info":"","speechkit_response":"","speechkit_retries":"","speechkit_status":"","speechkit_updated_at":"","_speechkit_link":"","_speechkit_text":""},"class_list":["post-18198","page","type-page","status-publish","has-post-thumbnail","hentry"],"acf":[],"yoast_head":"<!-- This site is optimized with the Yoast SEO Premium plugin  - https:\/\/yoast.com\/product\/yoast-seo-premium-wordpress\/ -->\n<title>Heiserkeit bei Katzen: Was dahintersteckt und wann es ernst wird | Uelzener Magazin<\/title>\n<meta name=\"description\" content=\"Heiserkeit kann viele Ursachen haben. Bei langwierigen Symptomen oder Atemnot ist ein Besuch beim Tierarzt empfohlen.\" \/>\n<meta name=\"robots\" content=\"index, follow, max-snippet:-1, max-image-preview:large, max-video-preview:-1\" \/>\n<link rel=\"canonical\" href=\"https:\/\/uelzener.de\/magazin\/katze\/tiergesundheit\/heiserkeit-bei-katzen-was-dahintersteckt-und-wann-es-ernst-wird\/\" \/>\n<meta property=\"og:locale\" content=\"de_DE\" \/>\n<meta property=\"og:type\" content=\"article\" \/>\n<meta property=\"og:title\" content=\"Heiserkeit bei Katzen: Was dahintersteckt und wann es ernst wird\" \/>\n<meta property=\"og:description\" content=\"Heiserkeit kann viele Ursachen haben. Bei langwierigen Symptomen oder Atemnot ist ein Besuch beim Tierarzt empfohlen.\" \/>\n<meta property=\"og:url\" content=\"https:\/\/uelzener.de\/magazin\/katze\/tiergesundheit\/heiserkeit-bei-katzen-was-dahintersteckt-und-wann-es-ernst-wird\/\" \/>\n<meta property=\"og:site_name\" content=\"Uelzener Tier-Magazin\" \/>\n<meta property=\"article:publisher\" content=\"https:\/\/www.facebook.com\/Uelzener\" \/>\n<meta property=\"article:modified_time\" content=\"2025-09-23T08:43:13+00:00\" \/>\n<meta property=\"og:image\" content=\"https:\/\/uelzener.de\/magazin\/app\/uploads\/2025\/02\/heiserkeit_katzen.jpg\" \/>\n\t<meta property=\"og:image:width\" content=\"1025\" \/>\n\t<meta property=\"og:image:height\" content=\"450\" \/>\n\t<meta property=\"og:image:type\" content=\"image\/jpeg\" \/>\n<meta name=\"twitter:card\" content=\"summary_large_image\" \/>\n<meta name=\"twitter:label1\" content=\"Gesch\u00e4tzte Lesezeit\" \/>\n\t<meta name=\"twitter:data1\" content=\"8\u00a0Minuten\" \/>\n<script type=\"application\/ld+json\" class=\"yoast-schema-graph\">{\"@context\":\"https:\/\/schema.org\",\"@graph\":[{\"@type\":\"WebPage\",\"@id\":\"https:\/\/uelzener.de\/magazin\/katze\/tiergesundheit\/heiserkeit-bei-katzen-was-dahintersteckt-und-wann-es-ernst-wird\/\",\"url\":\"https:\/\/uelzener.de\/magazin\/katze\/tiergesundheit\/heiserkeit-bei-katzen-was-dahintersteckt-und-wann-es-ernst-wird\/\",\"name\":\"Heiserkeit bei Katzen: Was dahintersteckt und wann es ernst wird | Uelzener Magazin\",\"isPartOf\":{\"@id\":\"https:\/\/uelzener.de\/magazin\/#website\"},\"primaryImageOfPage\":{\"@id\":\"https:\/\/uelzener.de\/magazin\/katze\/tiergesundheit\/heiserkeit-bei-katzen-was-dahintersteckt-und-wann-es-ernst-wird\/#primaryimage\"},\"image\":{\"@id\":\"https:\/\/uelzener.de\/magazin\/katze\/tiergesundheit\/heiserkeit-bei-katzen-was-dahintersteckt-und-wann-es-ernst-wird\/#primaryimage\"},\"thumbnailUrl\":\"https:\/\/uelzener.de\/magazin\/app\/uploads\/2025\/02\/heiserkeit_katzen.jpg\",\"datePublished\":\"2025-02-17T08:26:29+00:00\",\"dateModified\":\"2025-09-23T08:43:13+00:00\",\"description\":\"Heiserkeit kann viele Ursachen haben. Bei langwierigen Symptomen oder Atemnot ist ein Besuch beim Tierarzt empfohlen.\",\"breadcrumb\":{\"@id\":\"https:\/\/uelzener.de\/magazin\/katze\/tiergesundheit\/heiserkeit-bei-katzen-was-dahintersteckt-und-wann-es-ernst-wird\/#breadcrumb\"},\"inLanguage\":\"de\",\"potentialAction\":[{\"@type\":\"ReadAction\",\"target\":[\"https:\/\/uelzener.de\/magazin\/katze\/tiergesundheit\/heiserkeit-bei-katzen-was-dahintersteckt-und-wann-es-ernst-wird\/\"]}]},{\"@type\":\"ImageObject\",\"inLanguage\":\"de\",\"@id\":\"https:\/\/uelzener.de\/magazin\/katze\/tiergesundheit\/heiserkeit-bei-katzen-was-dahintersteckt-und-wann-es-ernst-wird\/#primaryimage\",\"url\":\"https:\/\/uelzener.de\/magazin\/app\/uploads\/2025\/02\/heiserkeit_katzen.jpg\",\"contentUrl\":\"https:\/\/uelzener.de\/magazin\/app\/uploads\/2025\/02\/heiserkeit_katzen.jpg\",\"width\":1025,\"height\":450,\"caption\":\"Eine Katze liegt im Arm von ihrem Frauchen.\"},{\"@type\":\"WebSite\",\"@id\":\"https:\/\/uelzener.de\/magazin\/#website\",\"url\":\"https:\/\/uelzener.de\/magazin\/\",\"name\":\"Uelzener Tiermagazin\",\"description\":\"Online Tierratgeber der Uelzener Versicherungen\",\"publisher\":{\"@id\":\"https:\/\/uelzener.de\/magazin\/#organization\"},\"potentialAction\":[{\"@type\":\"SearchAction\",\"target\":{\"@type\":\"EntryPoint\",\"urlTemplate\":\"https:\/\/uelzener.de\/magazin\/?s={search_term_string}\"},\"query-input\":{\"@type\":\"PropertyValueSpecification\",\"valueRequired\":true,\"valueName\":\"search_term_string\"}}],\"inLanguage\":\"de\"},{\"@type\":\"Organization\",\"@id\":\"https:\/\/uelzener.de\/magazin\/#organization\",\"name\":\"Uelzener Versicherungen\",\"url\":\"https:\/\/uelzener.de\/magazin\/\",\"logo\":{\"@type\":\"ImageObject\",\"inLanguage\":\"de\",\"@id\":\"https:\/\/uelzener.de\/magazin\/#\/schema\/logo\/image\/\",\"url\":\"https:\/\/uelzener.de\/magazin\/app\/uploads\/2024\/11\/uelzener_allgemeine_versicherungsgesellschaft_a_g_logo.jpg\",\"contentUrl\":\"https:\/\/uelzener.de\/magazin\/app\/uploads\/2024\/11\/uelzener_allgemeine_versicherungsgesellschaft_a_g_logo.jpg\",\"width\":200,\"height\":200,\"caption\":\"Uelzener Versicherungen\"},\"image\":{\"@id\":\"https:\/\/uelzener.de\/magazin\/#\/schema\/logo\/image\/\"},\"sameAs\":[\"https:\/\/www.facebook.com\/Uelzener\",\"https:\/\/instagram.com\/uelzener\",\"https:\/\/www.xing.com\/pages\/uelzenerallgemeineversicherungs-gesellschafta-g\",\"https:\/\/www.youtube.com\/UelzenerVersicherungen\"]}]}<\/script>\n<!-- \/ Yoast SEO Premium plugin. -->","yoast_head_json":{"title":"Heiserkeit bei Katzen: Was dahintersteckt und wann es ernst wird | Uelzener Magazin","description":"Heiserkeit kann viele Ursachen haben. Bei langwierigen Symptomen oder Atemnot ist ein Besuch beim Tierarzt empfohlen.","robots":{"index":"index","follow":"follow","max-snippet":"max-snippet:-1","max-image-preview":"max-image-preview:large","max-video-preview":"max-video-preview:-1"},"canonical":"https:\/\/uelzener.de\/magazin\/katze\/tiergesundheit\/heiserkeit-bei-katzen-was-dahintersteckt-und-wann-es-ernst-wird\/","og_locale":"de_DE","og_type":"article","og_title":"Heiserkeit bei Katzen: Was dahintersteckt und wann es ernst wird","og_description":"Heiserkeit kann viele Ursachen haben. Bei langwierigen Symptomen oder Atemnot ist ein Besuch beim Tierarzt empfohlen.","og_url":"https:\/\/uelzener.de\/magazin\/katze\/tiergesundheit\/heiserkeit-bei-katzen-was-dahintersteckt-und-wann-es-ernst-wird\/","og_site_name":"Uelzener Tier-Magazin","article_publisher":"https:\/\/www.facebook.com\/Uelzener","article_modified_time":"2025-09-23T08:43:13+00:00","og_image":[{"width":1025,"height":450,"url":"https:\/\/uelzener.de\/magazin\/app\/uploads\/2025\/02\/heiserkeit_katzen.jpg","type":"image\/jpeg"}],"twitter_card":"summary_large_image","twitter_misc":{"Gesch\u00e4tzte Lesezeit":"8\u00a0Minuten"},"schema":{"@context":"https:\/\/schema.org","@graph":[{"@type":"WebPage","@id":"https:\/\/uelzener.de\/magazin\/katze\/tiergesundheit\/heiserkeit-bei-katzen-was-dahintersteckt-und-wann-es-ernst-wird\/","url":"https:\/\/uelzener.de\/magazin\/katze\/tiergesundheit\/heiserkeit-bei-katzen-was-dahintersteckt-und-wann-es-ernst-wird\/","name":"Heiserkeit bei Katzen: Was dahintersteckt und wann es ernst wird | Uelzener Magazin","isPartOf":{"@id":"https:\/\/uelzener.de\/magazin\/#website"},"primaryImageOfPage":{"@id":"https:\/\/uelzener.de\/magazin\/katze\/tiergesundheit\/heiserkeit-bei-katzen-was-dahintersteckt-und-wann-es-ernst-wird\/#primaryimage"},"image":{"@id":"https:\/\/uelzener.de\/magazin\/katze\/tiergesundheit\/heiserkeit-bei-katzen-was-dahintersteckt-und-wann-es-ernst-wird\/#primaryimage"},"thumbnailUrl":"https:\/\/uelzener.de\/magazin\/app\/uploads\/2025\/02\/heiserkeit_katzen.jpg","datePublished":"2025-02-17T08:26:29+00:00","dateModified":"2025-09-23T08:43:13+00:00","description":"Heiserkeit kann viele Ursachen haben. Bei langwierigen Symptomen oder Atemnot ist ein Besuch beim Tierarzt empfohlen.","breadcrumb":{"@id":"https:\/\/uelzener.de\/magazin\/katze\/tiergesundheit\/heiserkeit-bei-katzen-was-dahintersteckt-und-wann-es-ernst-wird\/#breadcrumb"},"inLanguage":"de","potentialAction":[{"@type":"ReadAction","target":["https:\/\/uelzener.de\/magazin\/katze\/tiergesundheit\/heiserkeit-bei-katzen-was-dahintersteckt-und-wann-es-ernst-wird\/"]}]},{"@type":"ImageObject","inLanguage":"de","@id":"https:\/\/uelzener.de\/magazin\/katze\/tiergesundheit\/heiserkeit-bei-katzen-was-dahintersteckt-und-wann-es-ernst-wird\/#primaryimage","url":"https:\/\/uelzener.de\/magazin\/app\/uploads\/2025\/02\/heiserkeit_katzen.jpg","contentUrl":"https:\/\/uelzener.de\/magazin\/app\/uploads\/2025\/02\/heiserkeit_katzen.jpg","width":1025,"height":450,"caption":"Eine Katze liegt im Arm von ihrem Frauchen."},{"@type":"WebSite","@id":"https:\/\/uelzener.de\/magazin\/#website","url":"https:\/\/uelzener.de\/magazin\/","name":"Uelzener Tiermagazin","description":"Online Tierratgeber der Uelzener Versicherungen","publisher":{"@id":"https:\/\/uelzener.de\/magazin\/#organization"},"potentialAction":[{"@type":"SearchAction","target":{"@type":"EntryPoint","urlTemplate":"https:\/\/uelzener.de\/magazin\/?s={search_term_string}"},"query-input":{"@type":"PropertyValueSpecification","valueRequired":true,"valueName":"search_term_string"}}],"inLanguage":"de"},{"@type":"Organization","@id":"https:\/\/uelzener.de\/magazin\/#organization","name":"Uelzener Versicherungen","url":"https:\/\/uelzener.de\/magazin\/","logo":{"@type":"ImageObject","inLanguage":"de","@id":"https:\/\/uelzener.de\/magazin\/#\/schema\/logo\/image\/","url":"https:\/\/uelzener.de\/magazin\/app\/uploads\/2024\/11\/uelzener_allgemeine_versicherungsgesellschaft_a_g_logo.jpg","contentUrl":"https:\/\/uelzener.de\/magazin\/app\/uploads\/2024\/11\/uelzener_allgemeine_versicherungsgesellschaft_a_g_logo.jpg","width":200,"height":200,"caption":"Uelzener Versicherungen"},"image":{"@id":"https:\/\/uelzener.de\/magazin\/#\/schema\/logo\/image\/"},"sameAs":["https:\/\/www.facebook.com\/Uelzener","https:\/\/instagram.com\/uelzener","https:\/\/www.xing.com\/pages\/uelzenerallgemeineversicherungs-gesellschafta-g","https:\/\/www.youtube.com\/UelzenerVersicherungen"]}]}},"_links":{"self":[{"href":"https:\/\/uelzener.de\/magazin\/wp-json\/wp\/v2\/pages\/18198","targetHints":{"allow":["GET"]}}],"collection":[{"href":"https:\/\/uelzener.de\/magazin\/wp-json\/wp\/v2\/pages"}],"about":[{"href":"https:\/\/uelzener.de\/magazin\/wp-json\/wp\/v2\/types\/page"}],"author":[{"embeddable":true,"href":"https:\/\/uelzener.de\/magazin\/wp-json\/wp\/v2\/users\/21"}],"replies":[{"embeddable":true,"href":"https:\/\/uelzener.de\/magazin\/wp-json\/wp\/v2\/comments?post=18198"}],"version-history":[{"count":5,"href":"https:\/\/uelzener.de\/magazin\/wp-json\/wp\/v2\/pages\/18198\/revisions"}],"predecessor-version":[{"id":19272,"href":"https:\/\/uelzener.de\/magazin\/wp-json\/wp\/v2\/pages\/18198\/revisions\/19272"}],"up":[{"embeddable":true,"href":"https:\/\/uelzener.de\/magazin\/wp-json\/wp\/v2\/pages\/11712"}],"wp:featuredmedia":[{"embeddable":true,"href":"https:\/\/uelzener.de\/magazin\/wp-json\/wp\/v2\/media\/18201"}],"wp:attachment":[{"href":"https:\/\/uelzener.de\/magazin\/wp-json\/wp\/v2\/media?parent=18198"}],"curies":[{"name":"wp","href":"https:\/\/api.w.org\/{rel}","templated":true}]}}