{"id":18195,"date":"2025-02-17T08:41:26","date_gmt":"2025-02-17T07:41:26","guid":{"rendered":"https:\/\/uelzener.de\/magazin\/?page_id=18195"},"modified":"2025-08-28T11:06:08","modified_gmt":"2025-08-28T09:06:08","slug":"gebetsstellung-beim-hund-harmloses-verhalten-oder-warnsignal","status":"publish","type":"page","link":"https:\/\/uelzener.de\/magazin\/hund\/haeufige-fragen\/gebetsstellung-beim-hund-harmloses-verhalten-oder-warnsignal\/","title":{"rendered":"Gebetsstellung beim Hund: Harmloses Verhalten oder Warnsignal?"},"content":{"rendered":"<p>Die Gebetsstellung bei Hunden k\u00f6nnen wir im Alltag oft beobachten, beispielsweise wenn Vierbeiner nach dem Ruhen ihre Glieder ausstrecken oder Artgenossen zum Spielen auffordern. Sie geh\u00f6rt zum normalen h\u00fcndischen Verhaltensrepertoire und ist in vielen F\u00e4llen als harmloses k\u00f6rpersprachliches Signal zu interpretieren. Es kann jedoch Situationen geben, in denen die Gebetsstellung auf Schmerzen und gesundheitliche Beschwerden hindeutet. Das Risiko besteht vor allem dann, wenn ein Hund die Haltung immer wieder und ohne ersichtlichen Grund einnimmt. Doch wie erkennt man, ob dahinter etwas Ernstes steckt oder nicht? In diesem Artikel erf\u00e4hrst du, worauf du achten musst, wenn dein Hund die Gebetsstellung zeigt, und wann du unbedingt zum Tierarzt oder zur Tier\u00e4rztin gehen solltest.<\/p>\n<h2><b>Was ist die Gebetsstellung beim Hund?<\/b><\/h2>\n<p>Bei der Gebetsstellung streckt der Hund seine Vorderl\u00e4ufe weit nach vorne, so dass der Brustkorb fast auf dem Boden aufliegt. Die Hinterl\u00e4ufe bleiben aufrecht stehen und sind steil nach oben gestreckt. Dadurch ragt das Ges\u00e4\u00df in die Luft. Die Haltung ist ein normaler k\u00f6rpersprachlicher Ausdruck bei Hunden und tritt typischerweise in folgenden Situationen auf:<\/p>\n<ul>\n<li aria-level=\"1\"><b>Beim Aufstehen nach Ruhephasen<\/b>: Hat der Hund ein Nickerchen gemacht oder l\u00e4ngere Zeit gelegen, ist die Gebetsstellung oft Teil des Aufstehrituals. Der Hund streckt auf diese Weise seine Glieder, um die Steifheit aus den Gelenken zu bekommen und wieder beweglicher zu werden.<\/li>\n<li aria-level=\"1\"><b>Spielaufforderung<\/b>: Hunde nutzen die Gebetsstellung h\u00e4ufig zum Zweck der Kommunikation unter Artgenossen. Sie fordern ihr Gegen\u00fcber mit dieser Haltung zum Spielen oder Toben auf.<\/li>\n<li aria-level=\"1\"><b>Freude und Aufregung<\/b>: Bei manchen Hunden geh\u00f6rt die Gebetsstellung zur Begr\u00fc\u00dfung vertrauter Menschen. Das ist dann als positive Einladung zu verstehen. Sie wedeln mit der Rute und nehmen die Gebetshaltung ein, um ihre Kontaktbereitschaft zu zeigen.<\/li>\n<\/ul>\n<p>In solchen Situationen ist die Gebetsstellung als harmloses Verhalten einzuordnen. Allerdings kann sie auch ein Anzeichen f\u00fcr gesundheitliche Probleme sein. Hunde nehmen die Gebetsstellung n\u00e4mlich auch ein, wenn sie Schmerzen im Magen- und Bauchbereich haben. Sie versuchen sich so Linderung zu verschaffen, da der Unterbauch in dieser Haltung gestreckt wird. Eine Gebetsstellung als Schmerzsymptom ist unbedingt ernst zu nehmen. Es kann eine ernsthafte Erkrankung oder sogar ein medizinischer Notfall dahinterstecken, der rasches Handeln erfordert.<\/p>\n<h2><b>M\u00f6gliche Ursachen der Gebetsstellung als Schmerzsymptom<\/b><\/h2>\n<p>Ist die Gebetsstellung Ausdruck von Schmerzen, gehen die Beschwerden sehr wahrscheinlich \u00fcber ein leichtes Bauchgrimmen oder Unwohlsein hinaus. Im Ernstfall k\u00f6nnen folgende Ursachen dahinterstecken:<\/p>\n<ul>\n<li aria-level=\"1\"><b>Darmkoliken<\/b>: Eine Kolik kann Bauchkr\u00e4mpfe und starke Bl\u00e4hungen hervorrufen, die einen Hund dazu veranlassen k\u00f6nnen, die Gebetsstellung einzunehmen. Nicht immer sind Koliken lebensbedrohlich, sollten sie jedoch l\u00e4nger andauern oder regelm\u00e4\u00dfig wiederkehren, ist ein Besuch beim Tierarzt oder der Tier\u00e4rztin anzuraten. Wenn der Hund die Gebetshaltung zeigt, ist davon auszugehen, dass er starke Schmerzen hat.<\/li>\n<li aria-level=\"1\"><b>Bandscheibenvorfall<\/b>: Die Gebetsstellung kann auch als Symptom eines Bandscheibenvorfalls auftreten, n\u00e4mlich dann, wenn die Schmerzen aus dem R\u00fccken in Richtung Bauchregion strahlen.<\/li>\n<li aria-level=\"1\"><b>Bauchspeicheldr\u00fcsenentz\u00fcndung:<\/b> Eine Bauchspeicheldr\u00fcsenentz\u00fcndung (Pankreatitis) kann mit starken Schmerzen im Oberbauch verbunden sein, die den Hund dazu bringen, die Gebetsstellung einzunehmen. Bleibt die Erkrankung unbehandelt, besteht das Risiko, dass die Bauchspeicheldr\u00fcse so starke Sch\u00e4den davontr\u00e4gt, dass es zum Organversagen kommt.<\/li>\n<li aria-level=\"1\"><b>Magendrehung<\/b>: Eine Magendrehung ist ein medizinischer Notfall und muss umgehend behandelt werden. Indem sich der Magen um seine eigene Achse dreht, werden die Blutgef\u00e4\u00dfe im Mageneingang und -ausgang abgeschn\u00fcrt. Dadurch ist der Blutfluss zum Herzen unterbrochen und es kann zum Kollaps bzw. Herzkreislaufstillstand kommen.<\/li>\n<li aria-level=\"1\"><b>Darmverschluss<\/b>: Ein Darmverschluss kann beispielsweise durch verschluckte Fremdk\u00f6rper, Parasitenbefall, Tumore oder Verdrehungen des Darms hervorgerufen werden. Es entsteht eine Blockade, durch die es dem Hund nicht m\u00f6glich ist, Kot abzusetzen. Der Bauch bl\u00e4ht auf und wird hart, so dass das Tier versucht, sich durch die Gebetsstellung Linderung zu verschaffen. Auch ein Darmverschluss ist ein medizinischer Notfall, der sofortige \u00e4rztliche Hilfe erfordert.<\/li>\n<li aria-level=\"1\"><b>Vergiftung<\/b>: Frisst der Hund etwas Giftiges (K\u00f6der, Pflanzen, Medikamente), kann das ebenfalls zu schweren Bauchschmerzen f\u00fchren, was sich in einer Gebetsstellung \u00e4u\u00dfert.<\/li>\n<\/ul>\n<p>Zeigt dein Hund die Gebetsstellung und du hast den Verdacht, dass gesundheitliche Probleme dahinterstecken, solltest du ihn unverz\u00fcglich einem Tierarzt oder einer Tier\u00e4rztin vorstellen. So gehst du kein Risiko ein und hast die M\u00f6glichkeit, deinem Vierbeiner rechtzeitig zu helfen, sollte wirklich eine ernste Erkrankung oder ein Notfall vorliegen.<\/p>\n<h2><b>Gebetsstellung beim Hund richtig deuten<\/b><\/h2>\n<p>Ob es sich bei einer Gebetsstellung um ein harmloses Verhalten oder ein Warnsignal handelt, l\u00e4sst sich nur durch den Kontext eruieren. Zeigt dein Hund die Gebetshaltung beispielsweise nach dem Aufstehen, ist es sehr wahrscheinlich, dass er sich einfach nur strecken m\u00f6chte. Tobt er ausgelassen mit Artgenossen oder begr\u00fc\u00dft einen vertrauten Menschen und nimmt dabei die Gebetstellung ein, ist anzunehmen, dass er sein Gegen\u00fcber einfach nur zum Spielen einladen und seine Freude zum Ausdruck bringen m\u00f6chte.<\/p>\n<p>F\u00fcr eine richtige Einordnung sind daher immer die Zusammenh\u00e4nge und die individuelle Situation entscheidend. Du kennst dein Tier, seinen Alltag und seinen Hintergrund am besten und hast somit sehr gute Voraussetzungen einzusch\u00e4tzen, ob es sich um ein ungew\u00f6hnliches Verhalten handelt oder nicht.<\/p>\n<h2><b>Wann deutet die Gebetstellung beim Hund auf Gefahr hin?<\/b><\/h2>\n<p>Wenn dein Hund einen fitten Eindruck macht, gut frisst, sich normal bewegt und keine auff\u00e4lligen Wesens- oder Verhaltens\u00e4nderungen zeigt, kannst du erstmal davon ausgehen, dass alles in Ordnung ist. Nimmt dein Hund die Haltung jedoch immer wieder ohne ersichtlichen Grund ein, beispielsweise auch beim Gassigehen, oder zeigt er weitere Symptome, solltest du alarmiert sein. Folgende Anzeichen deuten darauf hin, dass etwas Ernstes hinter der Gebetsstellung steckt:<\/p>\n<ul>\n<li aria-level=\"1\">unruhiges Hin- und Herlaufen<\/li>\n<li aria-level=\"1\">h\u00e4ufiges Wechseln zwischen Liegen, Sitzen und Stehen<\/li>\n<li aria-level=\"1\">vermehrtes Hecheln und Speicheln<\/li>\n<li aria-level=\"1\">aufgebl\u00e4hter, harter Bauch<\/li>\n<li aria-level=\"1\">h\u00f6rbare Magen- oder Bauchger\u00e4usche<\/li>\n<li aria-level=\"1\">Bauchschmerzen<\/li>\n<li aria-level=\"1\">Bl\u00e4hungen<\/li>\n<li aria-level=\"1\">Durchfall oder Probleme, Kot abzusetzen<\/li>\n<li aria-level=\"1\">Erbrechen<\/li>\n<li aria-level=\"1\">starker Mundgeruch<\/li>\n<li aria-level=\"1\">Zittern<\/li>\n<li aria-level=\"1\">Winseln oder Fiepen<\/li>\n<li aria-level=\"1\">erh\u00f6hte Temperatur oder Fieber<\/li>\n<li aria-level=\"1\">Katzenbuckel (runder R\u00fccken) nach der Gebetsstellung<\/li>\n<li aria-level=\"1\">stumpfes, schuppiges Fell<\/li>\n<li aria-level=\"1\">frisst schlecht oder verweigert die Nahrungs- und Wasseraufnahme<\/li>\n<li aria-level=\"1\">apathisches Verhalten<\/li>\n<li aria-level=\"1\">Schocksymptome<\/li>\n<\/ul>\n<p>Um die Ursache f\u00fcr die Gebetsstellung ausfindig zu machen, ist eine medizinische Untersuchung unabdingbar. Hast du den Eindruck, dass dein Hund Beschwerden hat, solltest du ihn unverz\u00fcglich in eine Tierarztpraxis oder Tierklinik bringen und untersuchen lassen. Bist du dir nicht ganz sicher, kannst du auch erst einmal telefonisch Kontakt aufnehmen und deine Situation mit dem Tierarzt oder der Tier\u00e4rztin besprechen. Entscheidend ist, zu handeln \u2013 lieber fr\u00fchzeitig als zu sp\u00e4t. Eine Hundekrankenversicherung oder Hunde-OP-Versicherung bietet dir im Ernstfall Schutz, so dass zur Sorge um dein Tier nicht auch noch die Sorge \u00fcber finanzielle Aspekte hinzukommt.<\/p>\n\n<div class=\"banner\">\n    <a href=\"https:\/\/uelzener.de\/hund\/?agt=0000104925&sem=true&utm_medium=magazin&utm_source=wordpress&utm_campaign=hund&utm_content=banner\">\n        <img decoding=\"async\" width=\"300\" height=\"212\" src=\"https:\/\/uelzener.de\/magazin\/app\/uploads\/2023\/10\/Hunde-Versicherung.jpg\" class=\"attachment-medium size-medium\" alt=\"Banner Hunde-Versicherung\" \/>    <\/a>\n<\/div>\n\n<h2><b>Fazit<\/b><\/h2>\n<p>Die Gebetsstellung geh\u00f6rt bei Hunden zum normalen Verhaltensrepertoire. Sie ist in vielen F\u00e4llen harmlos, kann aber auch auf tiefergehende gesundheitliche Beschwerden hindeuten. Ob sie als Warnsignal zu interpretieren ist, h\u00e4ngt vom individuellen Kontext ab. Zeigt der Hund weitere Anzeichen von Unwohlsein oder untypische Verhaltensweisen, sollte er umgehend tier\u00e4rztlich durchgecheckt werden.<\/p>\n\n<div class=\"related_articles boxed\">\n    <h2>Mehr zum Thema<\/h2>\n    \n    <div class=\"wrapper\"><div class=\"title align-center\"><h3><a href=\"https:\/\/uelzener.de\/magazin\/hund\/tiergesundheit\/physiotherapie-beim-hund\/\">Physiotherapie beim Hund: Sanfte Hilfe f\u00fcr mehr Lebensqualit\u00e4t<\/a><\/h3><\/div><div class=\"img align-center\"><img decoding=\"async\" width=\"315\" height=\"180\" src=\"https:\/\/uelzener.de\/magazin\/app\/uploads\/2024\/10\/pysiotherapie-beim-hund-315x180.jpg\" class=\"attachment-315x180 size-315x180 wp-post-image\" alt=\"Hund bei der Physiotherapie.\" \/><\/div><\/div><div class=\"wrapper\"><div class=\"title align-center\"><h3><a href=\"https:\/\/uelzener.de\/magazin\/hund\/tiergesundheit\/hundekrankheiten-unfaelle\/\">Hundekrankheiten und Unf\u00e4lle, die du unbedingt kennen musst<\/a><\/h3><\/div><div class=\"img align-center\"><img decoding=\"async\" width=\"315\" height=\"180\" src=\"https:\/\/uelzener.de\/magazin\/app\/uploads\/2023\/01\/haeufige-hundekrankheiten-unfaelle-315x180.jpg\" class=\"attachment-315x180 size-315x180 wp-post-image\" alt=\"Kranker Hund wird gestreichelt.\" \/><\/div><\/div><\/div>\n\n<h2><b>FAQ: H\u00e4ufig gestellte Fragen zur Gebetsstellung bei Hunden<\/b><\/h2>\n<h3><b>Gibt es spezielle Untersuchungen, die der Tierarzt oder die Tier\u00e4rztin bei einer Gebet<\/b><b>sstellung macht?<\/b><\/h3>\n<p>Ja, der Tierarzt oder die Tier\u00e4rztin wird je nach Verdacht verschiedene Untersuchungen durchf\u00fchren. Dazu geh\u00f6rt in jedem Fall das Abtasten des Bauchraums, um zu ermitteln, ob er verh\u00e4rtet oder aufgebl\u00e4ht ist. Mit einer Ultraschall- oder R\u00f6ntgenuntersuchung l\u00e4sst sich feststellen, ob ein Darmverschluss oder eine Magendrehung vorliegt. Zur Diagnostizierung von Entz\u00fcndungen wie einer Pankreatitis wird eine Blutprobe entnommen. Sollte der Verdacht auf Infektionen oder Parasiten bestehen, erfolgt eine Kot- oder Urinuntersuchung.<\/p>\n<h3><b>Kann ich selbst etwas tun, um meinem Hund zu helfen?<\/b><\/h3>\n<p>Zeigt dein Hund eine Gebetsstellung als Schmerzsymptom, solltest du ihn unverz\u00fcglich tier\u00e4rztlich untersuchen lassen. Gib ihm keine Medikamente und versuche nicht, ihn mit Tee oder anderen Mitteln selbst zu therapieren. Nur eine professionelle Behandlung kann deinem Hund im Ernstfall helfen.<\/p>\n<h3><b>Was muss ich beachten, wenn ich meinen Hund zum Tierarzt bringe?<\/b><\/h3>\n<p>In erster Linie solltest du Ruhe bewahren und deinem Hund Sicherheit vermitteln. \u00dcberlege auf dem Weg zur Praxis oder Klinik, was der Ausl\u00f6ser f\u00fcr die Gebetshaltung sein k\u00f6nnte. Das kann bei der Anamnese helfen. Solltest du sehr nerv\u00f6s sein, frage eine vertraute Person, ob sie dich und deinen Hund begleitet. Emotionaler R\u00fcckhalt schadet in solchen Stresssituationen nie.<\/p>\n","protected":false},"excerpt":{"rendered":"<p>Die Gebetsstellung bei Hunden k\u00f6nnen wir im Alltag oft beobachten, beispielsweise wenn Vierbeiner nach dem Ruhen ihre Glieder ausstrecken oder Artgenossen zum Spielen auffordern. Sie geh\u00f6rt zum normalen h\u00fcndischen Verhaltensrepertoire und ist in vielen F\u00e4llen als harmloses k\u00f6rpersprachliches Signal zu interpretieren. Es kann jedoch Situationen geben, in denen die Gebetsstellung auf Schmerzen und gesundheitliche Beschwerden [&hellip;]<\/p>\n","protected":false},"author":21,"featured_media":18196,"parent":11687,"menu_order":1,"comment_status":"closed","ping_status":"closed","template":"templates\/blog.php","meta":{"_acf_changed":false,"_crdt_document":"","footnotes":"","beyondwords_generate_audio":"","beyondwords_project_id":"","beyondwords_content_id":"","beyondwords_preview_token":"","beyondwords_player_style":"","beyondwords_language_id":"","beyondwords_title_voice_id":"","beyondwords_body_voice_id":"","beyondwords_summary_voice_id":"","beyondwords_error_message":"","beyondwords_disabled":"","beyondwords_delete_content":"","beyondwords_podcast_id":"","beyondwords_hash":"","publish_post_to_speechkit":"","speechkit_hash":"","speechkit_generate_audio":"","speechkit_project_id":"","speechkit_podcast_id":"","speechkit_error_message":"","speechkit_disabled":"","speechkit_access_key":"","speechkit_error":"","speechkit_info":"","speechkit_response":"","speechkit_retries":"","speechkit_status":"","speechkit_updated_at":"","_speechkit_link":"","_speechkit_text":""},"class_list":["post-18195","page","type-page","status-publish","has-post-thumbnail","hentry"],"acf":[],"yoast_head":"<!-- This site is optimized with the Yoast SEO Premium plugin  - https:\/\/yoast.com\/product\/yoast-seo-premium-wordpress\/ -->\n<title>Gebetsstellung beim Hund: Harmloses Verhalten oder Warnsignal? | Uelzener Magazin<\/title>\n<meta name=\"description\" content=\"Bei vielen Hunden geh\u00f6rt die Gebetsstellung zum normalen Bewegungsmuster, sie kann auch als gesundheitliches Warnsignal interpretiert werden.\" \/>\n<meta name=\"robots\" content=\"index, follow, max-snippet:-1, max-image-preview:large, max-video-preview:-1\" \/>\n<link rel=\"canonical\" href=\"https:\/\/uelzener.de\/magazin\/hund\/haeufige-fragen\/gebetsstellung-beim-hund-harmloses-verhalten-oder-warnsignal\/\" \/>\n<meta property=\"og:locale\" content=\"de_DE\" \/>\n<meta property=\"og:type\" content=\"article\" \/>\n<meta property=\"og:title\" content=\"Gebetsstellung beim Hund: Harmloses Verhalten oder Warnsignal?\" \/>\n<meta property=\"og:description\" content=\"Bei vielen Hunden geh\u00f6rt die Gebetsstellung zum normalen Bewegungsmuster, sie kann auch als gesundheitliches Warnsignal interpretiert werden.\" \/>\n<meta property=\"og:url\" content=\"https:\/\/uelzener.de\/magazin\/hund\/haeufige-fragen\/gebetsstellung-beim-hund-harmloses-verhalten-oder-warnsignal\/\" \/>\n<meta property=\"og:site_name\" content=\"Uelzener Tier-Magazin\" \/>\n<meta property=\"article:publisher\" content=\"https:\/\/www.facebook.com\/Uelzener\" \/>\n<meta property=\"article:modified_time\" content=\"2025-08-28T09:06:08+00:00\" \/>\n<meta property=\"og:image\" content=\"https:\/\/uelzener.de\/magazin\/app\/uploads\/2025\/02\/Gebetsstellung_hund_bedeutung.jpg\" \/>\n\t<meta property=\"og:image:width\" content=\"1025\" \/>\n\t<meta property=\"og:image:height\" content=\"450\" \/>\n\t<meta property=\"og:image:type\" content=\"image\/jpeg\" \/>\n<meta name=\"twitter:card\" content=\"summary_large_image\" \/>\n<meta name=\"twitter:label1\" content=\"Gesch\u00e4tzte Lesezeit\" \/>\n\t<meta name=\"twitter:data1\" content=\"8\u00a0Minuten\" \/>\n<script type=\"application\/ld+json\" class=\"yoast-schema-graph\">{\"@context\":\"https:\/\/schema.org\",\"@graph\":[{\"@type\":\"WebPage\",\"@id\":\"https:\/\/uelzener.de\/magazin\/hund\/haeufige-fragen\/gebetsstellung-beim-hund-harmloses-verhalten-oder-warnsignal\/\",\"url\":\"https:\/\/uelzener.de\/magazin\/hund\/haeufige-fragen\/gebetsstellung-beim-hund-harmloses-verhalten-oder-warnsignal\/\",\"name\":\"Gebetsstellung beim Hund: Harmloses Verhalten oder Warnsignal? | Uelzener Magazin\",\"isPartOf\":{\"@id\":\"https:\/\/uelzener.de\/magazin\/#website\"},\"primaryImageOfPage\":{\"@id\":\"https:\/\/uelzener.de\/magazin\/hund\/haeufige-fragen\/gebetsstellung-beim-hund-harmloses-verhalten-oder-warnsignal\/#primaryimage\"},\"image\":{\"@id\":\"https:\/\/uelzener.de\/magazin\/hund\/haeufige-fragen\/gebetsstellung-beim-hund-harmloses-verhalten-oder-warnsignal\/#primaryimage\"},\"thumbnailUrl\":\"https:\/\/uelzener.de\/magazin\/app\/uploads\/2025\/02\/Gebetsstellung_hund_bedeutung.jpg\",\"datePublished\":\"2025-02-17T07:41:26+00:00\",\"dateModified\":\"2025-08-28T09:06:08+00:00\",\"description\":\"Bei vielen Hunden geh\u00f6rt die Gebetsstellung zum normalen Bewegungsmuster, sie kann auch als gesundheitliches Warnsignal interpretiert werden.\",\"breadcrumb\":{\"@id\":\"https:\/\/uelzener.de\/magazin\/hund\/haeufige-fragen\/gebetsstellung-beim-hund-harmloses-verhalten-oder-warnsignal\/#breadcrumb\"},\"inLanguage\":\"de\",\"potentialAction\":[{\"@type\":\"ReadAction\",\"target\":[\"https:\/\/uelzener.de\/magazin\/hund\/haeufige-fragen\/gebetsstellung-beim-hund-harmloses-verhalten-oder-warnsignal\/\"]}]},{\"@type\":\"ImageObject\",\"inLanguage\":\"de\",\"@id\":\"https:\/\/uelzener.de\/magazin\/hund\/haeufige-fragen\/gebetsstellung-beim-hund-harmloses-verhalten-oder-warnsignal\/#primaryimage\",\"url\":\"https:\/\/uelzener.de\/magazin\/app\/uploads\/2025\/02\/Gebetsstellung_hund_bedeutung.jpg\",\"contentUrl\":\"https:\/\/uelzener.de\/magazin\/app\/uploads\/2025\/02\/Gebetsstellung_hund_bedeutung.jpg\",\"width\":1025,\"height\":450,\"caption\":\"Ein Hund sitzt auf einer Yoga Matte und f\u00fchrt die Gebetsstellung aus.\"},{\"@type\":\"WebSite\",\"@id\":\"https:\/\/uelzener.de\/magazin\/#website\",\"url\":\"https:\/\/uelzener.de\/magazin\/\",\"name\":\"Uelzener Tiermagazin\",\"description\":\"Online Tierratgeber der Uelzener Versicherungen\",\"publisher\":{\"@id\":\"https:\/\/uelzener.de\/magazin\/#organization\"},\"potentialAction\":[{\"@type\":\"SearchAction\",\"target\":{\"@type\":\"EntryPoint\",\"urlTemplate\":\"https:\/\/uelzener.de\/magazin\/?s={search_term_string}\"},\"query-input\":{\"@type\":\"PropertyValueSpecification\",\"valueRequired\":true,\"valueName\":\"search_term_string\"}}],\"inLanguage\":\"de\"},{\"@type\":\"Organization\",\"@id\":\"https:\/\/uelzener.de\/magazin\/#organization\",\"name\":\"Uelzener Versicherungen\",\"url\":\"https:\/\/uelzener.de\/magazin\/\",\"logo\":{\"@type\":\"ImageObject\",\"inLanguage\":\"de\",\"@id\":\"https:\/\/uelzener.de\/magazin\/#\/schema\/logo\/image\/\",\"url\":\"https:\/\/uelzener.de\/magazin\/app\/uploads\/2024\/11\/uelzener_allgemeine_versicherungsgesellschaft_a_g_logo.jpg\",\"contentUrl\":\"https:\/\/uelzener.de\/magazin\/app\/uploads\/2024\/11\/uelzener_allgemeine_versicherungsgesellschaft_a_g_logo.jpg\",\"width\":200,\"height\":200,\"caption\":\"Uelzener Versicherungen\"},\"image\":{\"@id\":\"https:\/\/uelzener.de\/magazin\/#\/schema\/logo\/image\/\"},\"sameAs\":[\"https:\/\/www.facebook.com\/Uelzener\",\"https:\/\/instagram.com\/uelzener\",\"https:\/\/www.xing.com\/pages\/uelzenerallgemeineversicherungs-gesellschafta-g\",\"https:\/\/www.youtube.com\/UelzenerVersicherungen\"]}]}<\/script>\n<!-- \/ Yoast SEO Premium plugin. -->","yoast_head_json":{"title":"Gebetsstellung beim Hund: Harmloses Verhalten oder Warnsignal? | Uelzener Magazin","description":"Bei vielen Hunden geh\u00f6rt die Gebetsstellung zum normalen Bewegungsmuster, sie kann auch als gesundheitliches Warnsignal interpretiert werden.","robots":{"index":"index","follow":"follow","max-snippet":"max-snippet:-1","max-image-preview":"max-image-preview:large","max-video-preview":"max-video-preview:-1"},"canonical":"https:\/\/uelzener.de\/magazin\/hund\/haeufige-fragen\/gebetsstellung-beim-hund-harmloses-verhalten-oder-warnsignal\/","og_locale":"de_DE","og_type":"article","og_title":"Gebetsstellung beim Hund: Harmloses Verhalten oder Warnsignal?","og_description":"Bei vielen Hunden geh\u00f6rt die Gebetsstellung zum normalen Bewegungsmuster, sie kann auch als gesundheitliches Warnsignal interpretiert werden.","og_url":"https:\/\/uelzener.de\/magazin\/hund\/haeufige-fragen\/gebetsstellung-beim-hund-harmloses-verhalten-oder-warnsignal\/","og_site_name":"Uelzener Tier-Magazin","article_publisher":"https:\/\/www.facebook.com\/Uelzener","article_modified_time":"2025-08-28T09:06:08+00:00","og_image":[{"width":1025,"height":450,"url":"https:\/\/uelzener.de\/magazin\/app\/uploads\/2025\/02\/Gebetsstellung_hund_bedeutung.jpg","type":"image\/jpeg"}],"twitter_card":"summary_large_image","twitter_misc":{"Gesch\u00e4tzte Lesezeit":"8\u00a0Minuten"},"schema":{"@context":"https:\/\/schema.org","@graph":[{"@type":"WebPage","@id":"https:\/\/uelzener.de\/magazin\/hund\/haeufige-fragen\/gebetsstellung-beim-hund-harmloses-verhalten-oder-warnsignal\/","url":"https:\/\/uelzener.de\/magazin\/hund\/haeufige-fragen\/gebetsstellung-beim-hund-harmloses-verhalten-oder-warnsignal\/","name":"Gebetsstellung beim Hund: Harmloses Verhalten oder Warnsignal? | Uelzener Magazin","isPartOf":{"@id":"https:\/\/uelzener.de\/magazin\/#website"},"primaryImageOfPage":{"@id":"https:\/\/uelzener.de\/magazin\/hund\/haeufige-fragen\/gebetsstellung-beim-hund-harmloses-verhalten-oder-warnsignal\/#primaryimage"},"image":{"@id":"https:\/\/uelzener.de\/magazin\/hund\/haeufige-fragen\/gebetsstellung-beim-hund-harmloses-verhalten-oder-warnsignal\/#primaryimage"},"thumbnailUrl":"https:\/\/uelzener.de\/magazin\/app\/uploads\/2025\/02\/Gebetsstellung_hund_bedeutung.jpg","datePublished":"2025-02-17T07:41:26+00:00","dateModified":"2025-08-28T09:06:08+00:00","description":"Bei vielen Hunden geh\u00f6rt die Gebetsstellung zum normalen Bewegungsmuster, sie kann auch als gesundheitliches Warnsignal interpretiert werden.","breadcrumb":{"@id":"https:\/\/uelzener.de\/magazin\/hund\/haeufige-fragen\/gebetsstellung-beim-hund-harmloses-verhalten-oder-warnsignal\/#breadcrumb"},"inLanguage":"de","potentialAction":[{"@type":"ReadAction","target":["https:\/\/uelzener.de\/magazin\/hund\/haeufige-fragen\/gebetsstellung-beim-hund-harmloses-verhalten-oder-warnsignal\/"]}]},{"@type":"ImageObject","inLanguage":"de","@id":"https:\/\/uelzener.de\/magazin\/hund\/haeufige-fragen\/gebetsstellung-beim-hund-harmloses-verhalten-oder-warnsignal\/#primaryimage","url":"https:\/\/uelzener.de\/magazin\/app\/uploads\/2025\/02\/Gebetsstellung_hund_bedeutung.jpg","contentUrl":"https:\/\/uelzener.de\/magazin\/app\/uploads\/2025\/02\/Gebetsstellung_hund_bedeutung.jpg","width":1025,"height":450,"caption":"Ein Hund sitzt auf einer Yoga Matte und f\u00fchrt die Gebetsstellung aus."},{"@type":"WebSite","@id":"https:\/\/uelzener.de\/magazin\/#website","url":"https:\/\/uelzener.de\/magazin\/","name":"Uelzener Tiermagazin","description":"Online Tierratgeber der Uelzener Versicherungen","publisher":{"@id":"https:\/\/uelzener.de\/magazin\/#organization"},"potentialAction":[{"@type":"SearchAction","target":{"@type":"EntryPoint","urlTemplate":"https:\/\/uelzener.de\/magazin\/?s={search_term_string}"},"query-input":{"@type":"PropertyValueSpecification","valueRequired":true,"valueName":"search_term_string"}}],"inLanguage":"de"},{"@type":"Organization","@id":"https:\/\/uelzener.de\/magazin\/#organization","name":"Uelzener Versicherungen","url":"https:\/\/uelzener.de\/magazin\/","logo":{"@type":"ImageObject","inLanguage":"de","@id":"https:\/\/uelzener.de\/magazin\/#\/schema\/logo\/image\/","url":"https:\/\/uelzener.de\/magazin\/app\/uploads\/2024\/11\/uelzener_allgemeine_versicherungsgesellschaft_a_g_logo.jpg","contentUrl":"https:\/\/uelzener.de\/magazin\/app\/uploads\/2024\/11\/uelzener_allgemeine_versicherungsgesellschaft_a_g_logo.jpg","width":200,"height":200,"caption":"Uelzener Versicherungen"},"image":{"@id":"https:\/\/uelzener.de\/magazin\/#\/schema\/logo\/image\/"},"sameAs":["https:\/\/www.facebook.com\/Uelzener","https:\/\/instagram.com\/uelzener","https:\/\/www.xing.com\/pages\/uelzenerallgemeineversicherungs-gesellschafta-g","https:\/\/www.youtube.com\/UelzenerVersicherungen"]}]}},"_links":{"self":[{"href":"https:\/\/uelzener.de\/magazin\/wp-json\/wp\/v2\/pages\/18195","targetHints":{"allow":["GET"]}}],"collection":[{"href":"https:\/\/uelzener.de\/magazin\/wp-json\/wp\/v2\/pages"}],"about":[{"href":"https:\/\/uelzener.de\/magazin\/wp-json\/wp\/v2\/types\/page"}],"author":[{"embeddable":true,"href":"https:\/\/uelzener.de\/magazin\/wp-json\/wp\/v2\/users\/21"}],"replies":[{"embeddable":true,"href":"https:\/\/uelzener.de\/magazin\/wp-json\/wp\/v2\/comments?post=18195"}],"version-history":[{"count":4,"href":"https:\/\/uelzener.de\/magazin\/wp-json\/wp\/v2\/pages\/18195\/revisions"}],"predecessor-version":[{"id":19044,"href":"https:\/\/uelzener.de\/magazin\/wp-json\/wp\/v2\/pages\/18195\/revisions\/19044"}],"up":[{"embeddable":true,"href":"https:\/\/uelzener.de\/magazin\/wp-json\/wp\/v2\/pages\/11687"}],"wp:featuredmedia":[{"embeddable":true,"href":"https:\/\/uelzener.de\/magazin\/wp-json\/wp\/v2\/media\/18196"}],"wp:attachment":[{"href":"https:\/\/uelzener.de\/magazin\/wp-json\/wp\/v2\/media?parent=18195"}],"curies":[{"name":"wp","href":"https:\/\/api.w.org\/{rel}","templated":true}]}}