{"id":18192,"date":"2025-02-17T08:03:36","date_gmt":"2025-02-17T07:03:36","guid":{"rendered":"https:\/\/uelzener.de\/magazin\/?page_id=18192"},"modified":"2025-08-26T13:30:39","modified_gmt":"2025-08-26T11:30:39","slug":"piephacke-beim-pferd-das-musst-du-wissen","status":"publish","type":"page","link":"https:\/\/uelzener.de\/magazin\/pferd\/tiergesundheit\/piephacke-beim-pferd-das-musst-du-wissen\/","title":{"rendered":"Piephacke beim Pferd: Das musst du wissen"},"content":{"rendered":"<p>Als Piephacke bezeichnet man eine Schwellung am Sprunggelenk, die durch Fl\u00fcssigkeitsansammlungen im darunterliegenden Hautschleimbeutel hervorgerufen wird. Sie ist meist harmlos und schr\u00e4nkt das Pferd in seiner Beweglichkeit nicht ein, so dass sie h\u00f6chstens als optischer Makel betrachtet wird. Es kann jedoch Situationen geben, in denen eine Piephacke f\u00fcr das Pferd schmerzhaft ist und zu Bewegungsst\u00f6rungen bis hin zu Lahmheit f\u00fchren kann. In diesem Artikel erf\u00e4hrst du, wie eine Piephacke entsteht und was man dagegen tun kann.<\/p>\n<h2>Wie entsteht eine Piephacke?<\/h2>\n<p>Die Piephacke geh\u00f6rt zu den Gallen, womit in der Pferdemedizin Verdickungen im Bereich synovialer Strukturen, also in Gelenkkapseln, Sehnenschneiden und Schleimbeuteln bezeichnet werden. Die Verdickungen entstehen infolge einer Ansammlung von Fl\u00fcssigkeit (Synovia), die in diesen Strukturen gebildet wird und unter anderem dazu dient, mechanische Druckbelastung zu kompensieren. Abh\u00e4ngig davon, welche synoviale Struktur betroffen ist, unterscheidet man Gelenk-, Sehnenscheiden- und Schleimbeutelgallen. Die Piephacke z\u00e4hlt zu den letzteren. Es handelt sich dabei um eine entz\u00fcndungsbedingte Schwellung des Schleimbeutels, der sich unter der Haut des Fersenbeinh\u00f6ckers befindet.<\/p>\n<p>Eine Piephacke entsteht h\u00e4ufig infolge von Traumata und Prellungen, beispielsweise wenn das Pferd mit der Hinterhand gegen eine Boxen- oder Anh\u00e4ngerwand st\u00f6\u00dft oder einen Tritt von einem Artgenossen abbekommt. Die mechanische Reizung f\u00fchrt zu einer Entz\u00fcndung des Hautschleimbeutels und einer Zunahme der enthaltenen Fl\u00fcssigkeit, so dass eine \u00e4u\u00dferlich sichtbare Beule entsteht. Je nach Grad der Schwellung werden manche Piephacken gerade einmal tischtennisgro\u00df, w\u00e4hrend andere die Gr\u00f6\u00dfe einer menschlichen Faust erreichen. Auch in der Auspr\u00e4gung gibt es Unterschiede. So k\u00f6nnen Piephacken rund oder l\u00e4nglich geformt sowie weich oder hart beschaffen sein. Weiche Piephacken sind neu gebildet und aufgrund der enthaltenen Fl\u00fcssigkeit noch druckempfindlich, wohingegen harte Piephacken schon eine Weile bestehen. Sie kommen dadurch zustande, dass der K\u00f6rper an der betroffenen Stelle Bindegewebe erzeugt, den \u00dcberschuss aber nicht mehr abtransportieren kann. In der Folge erh\u00e4rtet das \u00fcbriggebliebene Gewebe und bleibt erhalten. F\u00fcr Pferde sind harte Piephacken \u00fcblicherweise nicht schmerzhaft.<\/p>\n<h2>Wann eine Piephacke zum Problem wird<\/h2>\n<p>Die Piephacke beim Pferd ist zwar meistens harmlos, trotzdem k\u00f6nnen sich Komplikationen ergeben. Das ist dann der Fall, wenn die Prellung bzw. das Trauma weitreichender ist und nicht nur eine Schleimbeutelschwellung verursacht, sondern auch Fersenkappe, Achillessehne oder Knochen in Mitleidenschaft zieht. Da es sich dabei um wichtige Teile des Bewegungsapparats handelt, kann es sein, dass das Pferd nicht mehr schmerzfrei und ungehindert laufen kann. Ein weiteres Risiko stellen Infektionen dar. Verletzt sich das Pferd an einem vorstehenden Nagel oder Splitter oder wird es beim Ausmisten versehentlich von einer Forke getroffen, kann es passieren, dass Bakterien in die Wunde eindringen und eine Infektion ausl\u00f6sen. Extreme Entz\u00fcndungen k\u00f6nnen dann sogar zur Lahmheit f\u00fchren.<\/p>\n<h2>Behandlungsm\u00f6glichkeiten f\u00fcr Piephacken<\/h2>\n<p>F\u00fcr Piephacken beim Pferd gibt es unterschiedliche Behandlungsm\u00f6glichkeiten. In erster Linie geht es darum, die Schwellung zu reduzieren und der gegebenenfalls vorhandenen Entz\u00fcndung des Schleimbeutels entgegenzuwirken.<\/p>\n<ul>\n<li aria-level=\"1\"><b>K\u00fchlen und Massieren<\/b>: K\u00fchlen und Massagen (Lymphdrainage) eignen sich sehr gut als Sofortma\u00dfnahmen. Das K\u00fchlen hilft dabei, die Schwellung zu lindern, w\u00e4hrend eine Massage dazu beitr\u00e4gt, den Lymphfluss anzuregen und angesammelte Fl\u00fcssigkeit abzutransportieren. Mitunter werden beide Methoden kombiniert, beispielsweise in Form von Wasserstrahlmassagen.<\/li>\n<li aria-level=\"1\"><b>Wickel und Verb\u00e4nde<\/b>: Wasserwickel und Angussverb\u00e4nde k\u00f6nnen bei Piephacken ebenfalls helfen. Bei einem Wasserwickel werden dem Pferd feuchte T\u00fccher um das Fersenbein gelegt, mit Frischhaltefolie befestigt und f\u00fcr etwa vier Stunden drauf gelassen. Erst kommt es zu einem K\u00e4ltereiz, durch den sich die arteriellen Gef\u00e4\u00dfe zusammenziehen. Dann folgt eine reaktive Erw\u00e4rmung, die die Durchblutung anregt. Pflanzenausz\u00fcge, etwa in Form von Arnika, Apfelessig, Beinwell und dergleichen, k\u00f6nnen den Effekt beg\u00fcnstigen.<\/li>\n<li aria-level=\"1\"><b>Akupressur und Akupunktur<\/b>: Alternative Heilmethoden wie Akupressur und Akupunktur finden f\u00fcr die Behandlung von Piephacken ebenfalls Anwendung.<\/li>\n<li aria-level=\"1\"><b>Punktion oder Blutegeltherapie<\/b>: F\u00fcr die Behandlung weicher Piephacken gibt es zwei weitere Behandlungsmethoden, die darauf abzielen, die enthaltene Fl\u00fcssigkeit (meist ein Synovia-Blut-Gemisch) herauszuziehen: eine Punktion (Kan\u00fcle) oder eine Blutegeltherapie.<\/li>\n<li aria-level=\"1\"><b>Entz\u00fcndungshemmer und Antibiotika<\/b>: Liegt eine Schleimbeutelentz\u00fcndung zugrunde, kann es sein, dass der Tierarzt oder die Tier\u00e4rztin antibiotische oder entz\u00fcndungshemmende Medikamente verschreibt.<\/li>\n<\/ul>\n<p>Ist eine Piephacke bereits verh\u00e4rtet, l\u00e4sst sich mit herk\u00f6mmlichen Behandlungsmethoden wie Massagen, Wickeln und Punktionen wenig ausrichten. Dann bleibt nur noch eine Operation. Ob das sinnvoll ist, muss jedoch individuell abgekl\u00e4rt werden. Hat das Pferd keine Beschwerden durch die Piephacke, ist ein operativer Eingriff nicht notwendig.<\/p>\n<h2>Entstehung von Piephacken vorbeugen: Geht das?<\/h2>\n<p>Es l\u00e4sst sich nie v\u00f6llig ausschlie\u00dfen, dass sich ein Pferd eine Prellung zuzieht und infolgedessen eine Piephacke entwickelt, allerdings gibt es ein paar Ma\u00dfnahmen zur Vorbeugung.<\/p>\n<ul>\n<li aria-level=\"1\"><b>Ger\u00e4umige, ausgestreute Box<\/b>: Die Box des Pferdes sollte ausreichend gro\u00df und ausgestreut sein, damit sich das Tier frei bewegen und auf einem weichen Untergrund ablegen kann. Manche Pferde sto\u00dfen aus Futterneid gegen ihre Box. In dem Fall kann es sinnvoll sein, die W\u00e4nde abzupolstern.<\/li>\n<li aria-level=\"1\"><b>K\u00f6rperliche Auslastung<\/b>: Ein unausgelastetes Pferd neigt eher dazu, in der Box zu treten. Um dem entgegenzuwirken, ist ausreichend Bewegung im Freien wichtig. Das l\u00e4sst sich mit t\u00e4glichen Weideg\u00e4ngen und Trainingseinheiten realisieren.<\/li>\n<li aria-level=\"1\"><b>Artgerechte Ern\u00e4hrung<\/b>: Das Pferdefutter sollte nicht zu energiehaltig sein. Zu viel St\u00e4rke und Zucker sorgen n\u00e4mlich f\u00fcr einen Energie\u00fcberschuss, den das Pferd loszuwerden versucht. Infolgedessen kann es sein, dass das Tier unruhig wird und gegen die Box tritt.<\/li>\n<li aria-level=\"1\"><b>Sorgf\u00e4ltige Hufpflege<\/b>: Regelm\u00e4\u00dfiges, professionelles Beschlagen sowie korrektes Beschneiden sind vor allem bei Pferden mit Fehlstellungen das A und O.<\/li>\n<li aria-level=\"1\"><b>Altersgerechte Belastung<\/b>: Das Ma\u00df der Belastung muss auf das Alter und die individuelle Konstitution des Pferdes abgestimmt sein, um \u00dcberbeanspruchung und Stress zu vermeiden.<\/li>\n<li aria-level=\"1\"><b>Sicherer Transport<\/b>: Transportsituationen bergen Verletzungsgefahr f\u00fcr Pferde. Damit sich das Tier beim Ein- und Ausladen sowie w\u00e4hrend des Aufenthalts in der Box nicht prellt, ist es sinnvoll, ihm Transportgamaschen anzulegen.<\/li>\n<\/ul>\n<p>Grunds\u00e4tzlich l\u00e4sst sich sagen: Je eher eine Piephacke erkannt wird, desto besser stehen die Chancen, sie schnell wieder loszuwerden. Es ist daher wichtig, das Tier am besten t\u00e4glich einmal rundum zu inspizieren, um Ver\u00e4nderungen am Sprunggelenk so fr\u00fch wie m\u00f6glich ausfindig zu machen. Auch regelm\u00e4\u00dfige Kontrollen beim Tierarzt oder bei der Tier\u00e4rztin helfen dabei, eine Piephacke fr\u00fchzeitig zu erkennen. Eine Pferdekrankenversicherung sch\u00fctzt im Ernstfall vor hohen Kosten, so dass das Tier optimal versorgt werden kann.<\/p>\n\n<div class=\"banner\">\n    <a href=\"https:\/\/uelzener.de\/pferd\/herden-versicherung\/?agt=0000104925&sem=true&utm_medium=magazin&utm_source=wordpress&utm_campaign=pferd_kv&utm_content=banner    \">\n        <img decoding=\"async\" width=\"300\" height=\"212\" src=\"https:\/\/uelzener.de\/magazin\/app\/uploads\/2025\/01\/Pferde-Kranken-Versicherung.jpg\" class=\"attachment-medium size-medium\" alt=\"Banner Pferde-Kranken-Versicherung\" \/>    <\/a>\n<\/div>\n\n<h2><b>Fazit<\/b><\/h2>\n<p>Oft ist eine Piephacke eher ein optisches als ein gesundheitliches Problem. In vielen F\u00e4llen handelt es sich um eine harmlose Schwellung des Schleimbeutels, die dem Pferd keine Schmerzen bereitet und seine Beweglichkeit nicht einschr\u00e4nkt. Dennoch sollte man sie nicht ignorieren und die betroffene Stelle von einem Tierarzt oder einer Tier\u00e4rztin untersuchen lassen. Wichtig ist vor allem, die Ursache abzukl\u00e4ren und die Schwellung bzw. Entz\u00fcndung mithilfe geeigneter Ma\u00dfnahmen zu behandeln.<\/p>\n\n<div class=\"related_articles boxed\">\n    <h2>Mehr zum Thema<\/h2>\n    \n    <div class=\"wrapper\"><div class=\"title align-center\"><h3><a href=\"https:\/\/uelzener.de\/magazin\/pferd\/haltung\/aktivstall-konzept-einer-artgerechten-pferdehaltung\/\">Aktivstall: Konzept einer artgerechten Pferdehaltung<\/a><\/h3><\/div><div class=\"img align-center\"><img decoding=\"async\" width=\"315\" height=\"180\" src=\"https:\/\/uelzener.de\/magazin\/app\/uploads\/2024\/11\/aktivstall-315x180.jpg\" class=\"attachment-315x180 size-315x180 wp-post-image\" alt=\"Aktivstall\" \/><\/div><\/div><div class=\"wrapper\"><div class=\"title align-center\"><h3><a href=\"https:\/\/uelzener.de\/magazin\/pferd\/tiergesundheit\/satteldruck-beim-pferd-erkennen-vorbeugen\/\">Satteldruck beim Pferd erkennen und vorbeugen<\/a><\/h3><\/div><div class=\"img align-center\"><img decoding=\"async\" width=\"315\" height=\"180\" src=\"https:\/\/uelzener.de\/magazin\/app\/uploads\/2025\/08\/satteldruck-315x180.jpg\" class=\"attachment-315x180 size-315x180 wp-post-image\" alt=\"Beim Aufsatteln auf den Satteldruck achten.\" \/><\/div><\/div><div class=\"wrapper\"><div class=\"title align-center\"><h3><a href=\"https:\/\/uelzener.de\/magazin\/pferd\/tiergesundheit\/haematome-beim-pferd-ursachen-behandlungen\/\">H\u00e4matome beim Pferd: Ursachen und Behandlungsoptionen<\/a><\/h3><\/div><div class=\"img align-center\"><img decoding=\"async\" width=\"315\" height=\"180\" src=\"https:\/\/uelzener.de\/magazin\/app\/uploads\/2024\/05\/haematom-bluterguss-pferd-315x180.jpg\" class=\"attachment-315x180 size-315x180 wp-post-image\" alt=\"Frau erf\u00fchlt H\u00e4matom am Hals eines braunen Pferdes.\" \/><\/div><\/div><\/div>\n\n<h2>FAQ: H\u00e4ufig gestellte Fragen zum Thema Piephacke beim Pferd<\/h2>\n<h3>Kann ich mein Pferd mit Piephacke noch reiten?<\/h3>\n<p>Bei akuten Schwellungen ist es empfehlenswert, eine Pause einzulegen, tier\u00e4rztlichen Rat einzuholen und mit entsprechenden Behandlungsmethoden, beispielsweise K\u00fchlen und Massagen, gegenzusteuern. Solange das Pferd sp\u00e4ter keine Schmerzen oder Anzeichen von Lahmheit zeigt, kann es problemlos weiter geritten werden.<\/p>\n<h3>Kann eine Piephacke vererbt werden?<\/h3>\n<p>Es gibt keine Hinweise darauf, dass Piephacken direkt vererbt werden. Allerdings k\u00f6nnen Faktoren wie Bindegewebsschw\u00e4che oder eine genetisch bedingte Neigung zu Gelenkproblemen ein h\u00f6heres Risiko mit sich bringen.<\/p>\n<h3>Ist eine Piephacke ansteckend?<\/h3>\n<p>Nein, eine Piephacke ist keine Infektionskrankheit und kann nicht von einem Pferd auf ein anderes \u00fcbertragen werden.<\/p>\n<h3>Was bedeutet es, wenn die Piephacke pl\u00f6tzlich gr\u00f6\u00dfer wird?<\/h3>\n<p>Eine pl\u00f6tzlich zunehmende Schwellung kann ein Hinweis auf eine Entz\u00fcndung oder eine zus\u00e4tzliche Gelenkproblematik sein. In diesem Fall sollte ein Tierarzt oder eine Tier\u00e4rztin die Ursache abkl\u00e4ren.<\/p>\n<h3>Gibt es Pferde, die zu Piephacken neigen?<\/h3>\n<p>Sehr temperamentvolle, unruhige, nerv\u00f6se oder \u00e4ngstliche Pferde neigen dazu, \u00f6fter mal auszuschlagen. In dem Fall ist das Risiko, sich eine Prellung zuzuziehen und eine Piephacke zu entwickeln, gr\u00f6\u00dfer. Das ist aber eher eine Wesensfrage und hat nichts mit der Rasse zu tun.<\/p>\n<h3>Kann eine Piephacke den Verkaufspreis eines Pferdes mindern?<\/h3>\n<p>Bei Freizeitpferden ist das im Regelfall nicht so. Hier werden Piephacken eher wie \u00dcberbeine betrachtet, die zwar sichtbar sind, aber nicht weiter ins Gewicht fallen. Anders kann es bei Show- und Turnierpferden aussehen, denn hier spielt die Optik eine gro\u00dfe Rolle. Wird eine Piephacke als Sch\u00f6nheitsmakel betrachtet, kann sich das auf den Verkaufspreis auswirken.<\/p>\n","protected":false},"excerpt":{"rendered":"<p>Als Piephacke bezeichnet man eine Schwellung am Sprunggelenk, die durch Fl\u00fcssigkeitsansammlungen im darunterliegenden Hautschleimbeutel hervorgerufen wird. Sie ist meist harmlos und schr\u00e4nkt das Pferd in seiner Beweglichkeit nicht ein, so dass sie h\u00f6chstens als optischer Makel betrachtet wird. Es kann jedoch Situationen geben, in denen eine Piephacke f\u00fcr das Pferd schmerzhaft ist und zu Bewegungsst\u00f6rungen [&hellip;]<\/p>\n","protected":false},"author":21,"featured_media":18194,"parent":11706,"menu_order":5,"comment_status":"closed","ping_status":"closed","template":"templates\/blog.php","meta":{"_acf_changed":false,"_crdt_document":"","footnotes":"","beyondwords_generate_audio":"","beyondwords_project_id":"","beyondwords_content_id":"","beyondwords_preview_token":"","beyondwords_player_style":"","beyondwords_language_id":"","beyondwords_title_voice_id":"","beyondwords_body_voice_id":"","beyondwords_summary_voice_id":"","beyondwords_error_message":"","beyondwords_disabled":"","beyondwords_delete_content":"","beyondwords_podcast_id":"","beyondwords_hash":"","publish_post_to_speechkit":"","speechkit_hash":"","speechkit_generate_audio":"","speechkit_project_id":"","speechkit_podcast_id":"","speechkit_error_message":"","speechkit_disabled":"","speechkit_access_key":"","speechkit_error":"","speechkit_info":"","speechkit_response":"","speechkit_retries":"","speechkit_status":"","speechkit_updated_at":"","_speechkit_link":"","_speechkit_text":""},"class_list":["post-18192","page","type-page","status-publish","has-post-thumbnail","hentry"],"acf":[],"yoast_head":"<!-- This site is optimized with the Yoast SEO Premium plugin  - https:\/\/yoast.com\/product\/yoast-seo-premium-wordpress\/ -->\n<title>Piephacke beim Pferd: Das musst du wissen | Uelzener Magazin<\/title>\n<meta name=\"description\" content=\"Als Piephacke bezeichnet man eine Schwellung des Sprunggelenks, h\u00e4ufig ist sie harmlos. Trotzdem sollte sie von einem Tierarzt untersucht werden.\" \/>\n<meta name=\"robots\" content=\"index, follow, max-snippet:-1, max-image-preview:large, max-video-preview:-1\" \/>\n<link rel=\"canonical\" href=\"https:\/\/uelzener.de\/magazin\/pferd\/tiergesundheit\/piephacke-beim-pferd-das-musst-du-wissen\/\" \/>\n<meta property=\"og:locale\" content=\"de_DE\" \/>\n<meta property=\"og:type\" content=\"article\" \/>\n<meta property=\"og:title\" content=\"Piephacke beim Pferd: Das musst du wissen\" \/>\n<meta property=\"og:description\" content=\"Als Piephacke bezeichnet man eine Schwellung des Sprunggelenks, h\u00e4ufig ist sie harmlos. Trotzdem sollte sie von einem Tierarzt untersucht werden.\" \/>\n<meta property=\"og:url\" content=\"https:\/\/uelzener.de\/magazin\/pferd\/tiergesundheit\/piephacke-beim-pferd-das-musst-du-wissen\/\" \/>\n<meta property=\"og:site_name\" content=\"Uelzener Tier-Magazin\" \/>\n<meta property=\"article:publisher\" content=\"https:\/\/www.facebook.com\/Uelzener\" \/>\n<meta property=\"article:modified_time\" content=\"2025-08-26T11:30:39+00:00\" \/>\n<meta property=\"og:image\" content=\"https:\/\/uelzener.de\/magazin\/app\/uploads\/2025\/02\/Piephacke_pferd_sprunggelenk.jpg\" \/>\n\t<meta property=\"og:image:width\" content=\"1025\" \/>\n\t<meta property=\"og:image:height\" content=\"450\" \/>\n\t<meta property=\"og:image:type\" content=\"image\/jpeg\" \/>\n<meta name=\"twitter:card\" content=\"summary_large_image\" \/>\n<meta name=\"twitter:label1\" content=\"Gesch\u00e4tzte Lesezeit\" \/>\n\t<meta name=\"twitter:data1\" content=\"8\u00a0Minuten\" \/>\n<script type=\"application\/ld+json\" class=\"yoast-schema-graph\">{\"@context\":\"https:\/\/schema.org\",\"@graph\":[{\"@type\":\"WebPage\",\"@id\":\"https:\/\/uelzener.de\/magazin\/pferd\/tiergesundheit\/piephacke-beim-pferd-das-musst-du-wissen\/\",\"url\":\"https:\/\/uelzener.de\/magazin\/pferd\/tiergesundheit\/piephacke-beim-pferd-das-musst-du-wissen\/\",\"name\":\"Piephacke beim Pferd: Das musst du wissen | Uelzener Magazin\",\"isPartOf\":{\"@id\":\"https:\/\/uelzener.de\/magazin\/#website\"},\"primaryImageOfPage\":{\"@id\":\"https:\/\/uelzener.de\/magazin\/pferd\/tiergesundheit\/piephacke-beim-pferd-das-musst-du-wissen\/#primaryimage\"},\"image\":{\"@id\":\"https:\/\/uelzener.de\/magazin\/pferd\/tiergesundheit\/piephacke-beim-pferd-das-musst-du-wissen\/#primaryimage\"},\"thumbnailUrl\":\"https:\/\/uelzener.de\/magazin\/app\/uploads\/2025\/02\/Piephacke_pferd_sprunggelenk.jpg\",\"datePublished\":\"2025-02-17T07:03:36+00:00\",\"dateModified\":\"2025-08-26T11:30:39+00:00\",\"description\":\"Als Piephacke bezeichnet man eine Schwellung des Sprunggelenks, h\u00e4ufig ist sie harmlos. Trotzdem sollte sie von einem Tierarzt untersucht werden.\",\"breadcrumb\":{\"@id\":\"https:\/\/uelzener.de\/magazin\/pferd\/tiergesundheit\/piephacke-beim-pferd-das-musst-du-wissen\/#breadcrumb\"},\"inLanguage\":\"de\",\"potentialAction\":[{\"@type\":\"ReadAction\",\"target\":[\"https:\/\/uelzener.de\/magazin\/pferd\/tiergesundheit\/piephacke-beim-pferd-das-musst-du-wissen\/\"]}]},{\"@type\":\"ImageObject\",\"inLanguage\":\"de\",\"@id\":\"https:\/\/uelzener.de\/magazin\/pferd\/tiergesundheit\/piephacke-beim-pferd-das-musst-du-wissen\/#primaryimage\",\"url\":\"https:\/\/uelzener.de\/magazin\/app\/uploads\/2025\/02\/Piephacke_pferd_sprunggelenk.jpg\",\"contentUrl\":\"https:\/\/uelzener.de\/magazin\/app\/uploads\/2025\/02\/Piephacke_pferd_sprunggelenk.jpg\",\"width\":1025,\"height\":450,\"caption\":\"Das angeschwollene Sprunggelenk von einem Pferd wird behandelt und mit einer Bandage gesch\u00fctzt.\"},{\"@type\":\"WebSite\",\"@id\":\"https:\/\/uelzener.de\/magazin\/#website\",\"url\":\"https:\/\/uelzener.de\/magazin\/\",\"name\":\"Uelzener Tiermagazin\",\"description\":\"Online Tierratgeber der Uelzener Versicherungen\",\"publisher\":{\"@id\":\"https:\/\/uelzener.de\/magazin\/#organization\"},\"potentialAction\":[{\"@type\":\"SearchAction\",\"target\":{\"@type\":\"EntryPoint\",\"urlTemplate\":\"https:\/\/uelzener.de\/magazin\/?s={search_term_string}\"},\"query-input\":{\"@type\":\"PropertyValueSpecification\",\"valueRequired\":true,\"valueName\":\"search_term_string\"}}],\"inLanguage\":\"de\"},{\"@type\":\"Organization\",\"@id\":\"https:\/\/uelzener.de\/magazin\/#organization\",\"name\":\"Uelzener Versicherungen\",\"url\":\"https:\/\/uelzener.de\/magazin\/\",\"logo\":{\"@type\":\"ImageObject\",\"inLanguage\":\"de\",\"@id\":\"https:\/\/uelzener.de\/magazin\/#\/schema\/logo\/image\/\",\"url\":\"https:\/\/uelzener.de\/magazin\/app\/uploads\/2024\/11\/uelzener_allgemeine_versicherungsgesellschaft_a_g_logo.jpg\",\"contentUrl\":\"https:\/\/uelzener.de\/magazin\/app\/uploads\/2024\/11\/uelzener_allgemeine_versicherungsgesellschaft_a_g_logo.jpg\",\"width\":200,\"height\":200,\"caption\":\"Uelzener Versicherungen\"},\"image\":{\"@id\":\"https:\/\/uelzener.de\/magazin\/#\/schema\/logo\/image\/\"},\"sameAs\":[\"https:\/\/www.facebook.com\/Uelzener\",\"https:\/\/instagram.com\/uelzener\",\"https:\/\/www.xing.com\/pages\/uelzenerallgemeineversicherungs-gesellschafta-g\",\"https:\/\/www.youtube.com\/UelzenerVersicherungen\"]}]}<\/script>\n<!-- \/ Yoast SEO Premium plugin. -->","yoast_head_json":{"title":"Piephacke beim Pferd: Das musst du wissen | Uelzener Magazin","description":"Als Piephacke bezeichnet man eine Schwellung des Sprunggelenks, h\u00e4ufig ist sie harmlos. Trotzdem sollte sie von einem Tierarzt untersucht werden.","robots":{"index":"index","follow":"follow","max-snippet":"max-snippet:-1","max-image-preview":"max-image-preview:large","max-video-preview":"max-video-preview:-1"},"canonical":"https:\/\/uelzener.de\/magazin\/pferd\/tiergesundheit\/piephacke-beim-pferd-das-musst-du-wissen\/","og_locale":"de_DE","og_type":"article","og_title":"Piephacke beim Pferd: Das musst du wissen","og_description":"Als Piephacke bezeichnet man eine Schwellung des Sprunggelenks, h\u00e4ufig ist sie harmlos. Trotzdem sollte sie von einem Tierarzt untersucht werden.","og_url":"https:\/\/uelzener.de\/magazin\/pferd\/tiergesundheit\/piephacke-beim-pferd-das-musst-du-wissen\/","og_site_name":"Uelzener Tier-Magazin","article_publisher":"https:\/\/www.facebook.com\/Uelzener","article_modified_time":"2025-08-26T11:30:39+00:00","og_image":[{"width":1025,"height":450,"url":"https:\/\/uelzener.de\/magazin\/app\/uploads\/2025\/02\/Piephacke_pferd_sprunggelenk.jpg","type":"image\/jpeg"}],"twitter_card":"summary_large_image","twitter_misc":{"Gesch\u00e4tzte Lesezeit":"8\u00a0Minuten"},"schema":{"@context":"https:\/\/schema.org","@graph":[{"@type":"WebPage","@id":"https:\/\/uelzener.de\/magazin\/pferd\/tiergesundheit\/piephacke-beim-pferd-das-musst-du-wissen\/","url":"https:\/\/uelzener.de\/magazin\/pferd\/tiergesundheit\/piephacke-beim-pferd-das-musst-du-wissen\/","name":"Piephacke beim Pferd: Das musst du wissen | Uelzener Magazin","isPartOf":{"@id":"https:\/\/uelzener.de\/magazin\/#website"},"primaryImageOfPage":{"@id":"https:\/\/uelzener.de\/magazin\/pferd\/tiergesundheit\/piephacke-beim-pferd-das-musst-du-wissen\/#primaryimage"},"image":{"@id":"https:\/\/uelzener.de\/magazin\/pferd\/tiergesundheit\/piephacke-beim-pferd-das-musst-du-wissen\/#primaryimage"},"thumbnailUrl":"https:\/\/uelzener.de\/magazin\/app\/uploads\/2025\/02\/Piephacke_pferd_sprunggelenk.jpg","datePublished":"2025-02-17T07:03:36+00:00","dateModified":"2025-08-26T11:30:39+00:00","description":"Als Piephacke bezeichnet man eine Schwellung des Sprunggelenks, h\u00e4ufig ist sie harmlos. Trotzdem sollte sie von einem Tierarzt untersucht werden.","breadcrumb":{"@id":"https:\/\/uelzener.de\/magazin\/pferd\/tiergesundheit\/piephacke-beim-pferd-das-musst-du-wissen\/#breadcrumb"},"inLanguage":"de","potentialAction":[{"@type":"ReadAction","target":["https:\/\/uelzener.de\/magazin\/pferd\/tiergesundheit\/piephacke-beim-pferd-das-musst-du-wissen\/"]}]},{"@type":"ImageObject","inLanguage":"de","@id":"https:\/\/uelzener.de\/magazin\/pferd\/tiergesundheit\/piephacke-beim-pferd-das-musst-du-wissen\/#primaryimage","url":"https:\/\/uelzener.de\/magazin\/app\/uploads\/2025\/02\/Piephacke_pferd_sprunggelenk.jpg","contentUrl":"https:\/\/uelzener.de\/magazin\/app\/uploads\/2025\/02\/Piephacke_pferd_sprunggelenk.jpg","width":1025,"height":450,"caption":"Das angeschwollene Sprunggelenk von einem Pferd wird behandelt und mit einer Bandage gesch\u00fctzt."},{"@type":"WebSite","@id":"https:\/\/uelzener.de\/magazin\/#website","url":"https:\/\/uelzener.de\/magazin\/","name":"Uelzener Tiermagazin","description":"Online Tierratgeber der Uelzener Versicherungen","publisher":{"@id":"https:\/\/uelzener.de\/magazin\/#organization"},"potentialAction":[{"@type":"SearchAction","target":{"@type":"EntryPoint","urlTemplate":"https:\/\/uelzener.de\/magazin\/?s={search_term_string}"},"query-input":{"@type":"PropertyValueSpecification","valueRequired":true,"valueName":"search_term_string"}}],"inLanguage":"de"},{"@type":"Organization","@id":"https:\/\/uelzener.de\/magazin\/#organization","name":"Uelzener Versicherungen","url":"https:\/\/uelzener.de\/magazin\/","logo":{"@type":"ImageObject","inLanguage":"de","@id":"https:\/\/uelzener.de\/magazin\/#\/schema\/logo\/image\/","url":"https:\/\/uelzener.de\/magazin\/app\/uploads\/2024\/11\/uelzener_allgemeine_versicherungsgesellschaft_a_g_logo.jpg","contentUrl":"https:\/\/uelzener.de\/magazin\/app\/uploads\/2024\/11\/uelzener_allgemeine_versicherungsgesellschaft_a_g_logo.jpg","width":200,"height":200,"caption":"Uelzener Versicherungen"},"image":{"@id":"https:\/\/uelzener.de\/magazin\/#\/schema\/logo\/image\/"},"sameAs":["https:\/\/www.facebook.com\/Uelzener","https:\/\/instagram.com\/uelzener","https:\/\/www.xing.com\/pages\/uelzenerallgemeineversicherungs-gesellschafta-g","https:\/\/www.youtube.com\/UelzenerVersicherungen"]}]}},"_links":{"self":[{"href":"https:\/\/uelzener.de\/magazin\/wp-json\/wp\/v2\/pages\/18192","targetHints":{"allow":["GET"]}}],"collection":[{"href":"https:\/\/uelzener.de\/magazin\/wp-json\/wp\/v2\/pages"}],"about":[{"href":"https:\/\/uelzener.de\/magazin\/wp-json\/wp\/v2\/types\/page"}],"author":[{"embeddable":true,"href":"https:\/\/uelzener.de\/magazin\/wp-json\/wp\/v2\/users\/21"}],"replies":[{"embeddable":true,"href":"https:\/\/uelzener.de\/magazin\/wp-json\/wp\/v2\/comments?post=18192"}],"version-history":[{"count":3,"href":"https:\/\/uelzener.de\/magazin\/wp-json\/wp\/v2\/pages\/18192\/revisions"}],"predecessor-version":[{"id":18994,"href":"https:\/\/uelzener.de\/magazin\/wp-json\/wp\/v2\/pages\/18192\/revisions\/18994"}],"up":[{"embeddable":true,"href":"https:\/\/uelzener.de\/magazin\/wp-json\/wp\/v2\/pages\/11706"}],"wp:featuredmedia":[{"embeddable":true,"href":"https:\/\/uelzener.de\/magazin\/wp-json\/wp\/v2\/media\/18194"}],"wp:attachment":[{"href":"https:\/\/uelzener.de\/magazin\/wp-json\/wp\/v2\/media?parent=18192"}],"curies":[{"name":"wp","href":"https:\/\/api.w.org\/{rel}","templated":true}]}}