{"id":18189,"date":"2025-02-14T14:21:36","date_gmt":"2025-02-14T13:21:36","guid":{"rendered":"https:\/\/uelzener.de\/magazin\/?page_id=18189"},"modified":"2025-08-26T13:19:44","modified_gmt":"2025-08-26T11:19:44","slug":"pica-syndrom-wenn-katzen-ungeniessbares-essen","status":"publish","type":"page","link":"https:\/\/uelzener.de\/magazin\/katze\/tiergesundheit\/pica-syndrom-wenn-katzen-ungeniessbares-essen\/","title":{"rendered":"Pica-Syndrom: Wenn Katzen Ungenie\u00dfbares essen"},"content":{"rendered":"<p>Das Pica-Syndrom ist eine Essst\u00f6rung, bei der Katzen Dinge verzehren, die nicht f\u00fcr den Verzehr geeignet sind. Dazu geh\u00f6ren zum Beispiel Textilien, Plastik oder Katzenstreu. Wenn deine Katze pl\u00f6tzlich ungew\u00f6hnliche Vorlieben entwickelt und sich an Ungenie\u00dfbarem g\u00fctlich tut, solltest du aktiv werden, bevor es zu schwerwiegenden gesundheitlichen Komplikationen kommt. Wie Pica bei Katzen diagnostiziert wird und welche Behandlungsm\u00f6glichkeiten es gibt, erf\u00e4hrst du in diesem Artikel.<\/p>\n<h2>Gef\u00e4hrliche Gel\u00fcste: Wolle, Plastik, Kabel<\/h2>\n<p>Der Begriff Pica stammt aus dem Lateinischen und bedeutet \u201eElster\u201d. Die Vogelart gilt als besonders gefr\u00e4\u00dfig und ist bekannt daf\u00fcr, Gegenst\u00e4nde verschiedenster Art zu sammeln. \u00c4hnlich verhalten sich Katzen, die am Pica-Syndrom leiden. Nur sammeln sie keine Gegenst\u00e4nde, sondern lecken, knabbern oder essen Dinge, die normalerweise nicht auf einem artgerechten Speiseplan stehen. Sie entwickeln eine krankhafte Vorliebe f\u00fcr Ungenie\u00dfbares.<\/p>\n<p>Wenn deine Katze an Pica leidet, wirst du beobachten k\u00f6nnen, wie sie gezielt nach nicht essbaren Gegenst\u00e4nden sucht. Mitunter kristallisiert sich mit der Zeit ein Interesse f\u00fcr Dinge heraus, die die Samtpfote besonders anziehend findet. Das k\u00f6nnen beispielsweise sein:<\/p>\n<ul>\n<li aria-level=\"1\">Schn\u00fcrsenkel, B\u00e4nder, F\u00e4den<\/li>\n<li aria-level=\"1\">Kunststoff \/ Plastik, darunter T\u00fcten und Verpackungen<\/li>\n<li aria-level=\"1\">Kabel<\/li>\n<li aria-level=\"1\">Textilien, vor allem Wolle<\/li>\n<li aria-level=\"1\">Haargummis, Gummib\u00e4nder<\/li>\n<li aria-level=\"1\">Sand, Kies, Katzenstreu<\/li>\n<\/ul>\n<h2>M\u00f6gliche Ursachen f\u00fcr Pica bei Katzen<\/h2>\n<p>Leidet eine Katze an Pica, ist die Ursache daf\u00fcr oft schwer zu bestimmen. Zu den h\u00e4ufigsten Faktoren, die zu diesem Verhalten f\u00fchren k\u00f6nnen, geh\u00f6ren.<\/p>\n<ul>\n<li aria-level=\"1\"><b>Langeweile und Einsamkeit:<\/b> Eine reizarme Umgebung, zu wenig Besch\u00e4ftigung und Einsamkeit k\u00f6nnen dazu f\u00fchren, dass Katzen anfangen, an ungenie\u00dfbaren Gegenst\u00e4nden zu nagen.<\/li>\n<li aria-level=\"1\"><b>Zu fr\u00fche Trennung von der Mutter: <\/b>Wird eine Katze zu fr\u00fch von ihrer Mutter getrennt, kann das zu Verhaltensauff\u00e4lligkeiten wie Pica f\u00fchren.<\/li>\n<li aria-level=\"1\"><b>F\u00fctterungsintervalle und N\u00e4hrstoffmangel:<\/b> Ein unausgewogenes Futter, zu wenige Mahlzeiten oder ein Mangel an wichtigen N\u00e4hrstoffen kann das Pica-Verhalten beg\u00fcnstigen.<\/li>\n<li aria-level=\"1\"><b>Begleiterscheinung anderer Krankheiten:<\/b> Pica tritt oft im Zusammenhang mit anderen gesundheitlichen Problemen auf, die es bei der Diagnose auszuschlie\u00dfen gilt.<\/li>\n<li aria-level=\"1\"><b>Genetische Pr\u00e4disposition: <\/b>Bestimmte Katzenrassen neigen aufgrund ihrer genetischen Veranlagung h\u00e4ufiger zum Pica-Syndrom.<\/li>\n<\/ul>\n<p>Jede dieser Ursachen kann individuell oder in Kombination mit anderen Faktoren zu Pica f\u00fchren. Eine gr\u00fcndliche Untersuchung entscheidend, um den Ausl\u00f6ser f\u00fcr diese ungew\u00f6hnlichen Gel\u00fcste ausfindig zu machen.<\/p>\n<h3>H\u00e4ufig betroffene Katzenrassen<\/h3>\n<p>Pica kann bei jeder Katze auftreten, unabh\u00e4ngig von ihrer Rasse. Dennoch gibt es einige Katzenrassen, die aufgrund ihrer genetischen Veranlagung eine h\u00f6here Anf\u00e4lligkeit f\u00fcr das Pica-Syndrom aufweisen.<\/p>\n<p>Dieses Verhalten zeigt sich h\u00e4ufig bei Orientalisch-Kurzhaar-, Burma- und Siamkatzen. Eine Kombination aus erblichen Faktoren, erh\u00f6hter Stressanf\u00e4lligkeit und bestimmten Umweltbedingungen kann urs\u00e4chlich daf\u00fcr sein, warum diese Rassen zu der Essst\u00f6rung neigen.<\/p>\n<h2>Katze verschluckt Plastik \u2013 Tipps zum Vorgehen im Notfall<\/h2>\n<p>Zun\u00e4chst einmal gilt: Nicht immer besteht Grund zur Sorge, wenn deine Katze Dinge verschluckt, die eigentlich nicht zum Fressen geeignet sind. Vieles wird auf nat\u00fcrlichem Weg wieder ausgeschieden.<\/p>\n<p>Dennoch ist es ratsam, deine Katze unter Beobachtung zu halten und eine Tierarztpraxis aufzusuchen, um zu kl\u00e4ren, ob das Verschluckte gef\u00e4hrlich werden k\u00f6nnte. Bildgebende Verfahren erm\u00f6glichen es, den Fremdk\u00f6rper zu lokalisieren und zu \u00fcberpr\u00fcfen, ob weitere Ma\u00dfnahmen vonn\u00f6ten sind. Je nach Gr\u00f6\u00dfe und Material des Gegenstands kann es zu einer Vergiftung, einer Verletzung des Magen-Darm-Trakts oder zu einem Darmverschluss kommen. Mit der Uelzener Krankenversicherung f\u00fcr Katzen bist du in solchen F\u00e4llen finanziell abgesichert.<\/p>\n\n<div class=\"banner\">\n    <a href=\"https:\/\/uelzener.de\/katze?agt=0000104925&sem=true&utm_medium=magazin&utm_source=wordpress&utm_campaign=katze&utm_content=banner\">\n        <img decoding=\"async\" width=\"300\" height=\"212\" src=\"https:\/\/uelzener.de\/magazin\/app\/uploads\/2025\/01\/Katzenversicherung.jpg\" class=\"attachment-medium size-medium\" alt=\"Banner Katzenversicherung\" \/>    <\/a>\n<\/div>\n\n<h2>Pica-Syndrom bei Katzen diagnostizieren<\/h2>\n<p>Um Pica diagnostizieren zu k\u00f6nnen, m\u00fcssen andere m\u00f6gliche Ursachen f\u00fcr das ungew\u00f6hnliche Fressverhalten der Katze ausgeschlossen werden. Die Samtpfote wird daher gr\u00fcndlich untersucht. Den ersten Schritt bildet die Anamnese, bei der du dem Tierarzt oder der Tier\u00e4rztin m\u00f6glichst viele Details zum Fressverhalten deiner Katze und zu den von ihr bevorzugten Gegenst\u00e4nden mitteilst. Mit hoher Wahrscheinlichkeit werden dir auch Fragen zum Alltag und m\u00f6glichen Ver\u00e4nderungen in der Routine deiner Katze gestellt, um eventuelle umgebungsbedingte Ausl\u00f6ser der Pica-Symptomatik zu identifizieren.<\/p>\n<p>Anschlie\u00dfend erfolgt eine umfassende Pr\u00fcfung des allgemeinen Gesundheitszustands. Das kann auch eine Blut- oder Urinuntersuchung beinhalten. Falls deine Katze k\u00fcrzlich einen Fremdk\u00f6rper verschluckt hat oder der Verdacht dahingehend besteht, werden bildgebende Verfahren wie Ultraschall oder R\u00f6ntgen eingesetzt, um den Gegenstand zu identifizieren und seine Position zu bestimmen.<\/p>\n<p>Ziel der Untersuchung ist es, gastrointestinale Erkrankungen auszuschlie\u00dfen, da Beschwerden im Magen-Darm-Trakt \u00e4hnliche Symptome verursachen k\u00f6nnen. Auch N\u00e4hrstoffmangel oder ungeeignete F\u00fctterungsintervalle k\u00f6nnen dazu f\u00fchren, dass eine Katze eine Vorliebe f\u00fcr bestimmte Gegenst\u00e4nde entwickelt.<\/p>\n<p>Falls keine k\u00f6rperlichen Ursachen gefunden werden, kann es sein, dass der Tierarzt oder die Tier\u00e4rztin eine professionelle Verhaltensanalyse empfiehlt, um zu kl\u00e4ren, ob psychische Faktoren das Pica-Syndrom bei deiner Katze hervorrufen.<\/p>\n<h2>Pica-Syndrom bei Katzen behandeln<\/h2>\n<p>F\u00fcr Pica bei Katzen gibt es eine Reihe von Behandlungsmethoden, die sich nach der zugrundeliegenden Ursache richten. Liegt ein N\u00e4hrstoffmangel vor, ist eine Anpassung der Ern\u00e4hrung erforderlich. M\u00f6glicherweise musst du auf eine bestimmte Futtersorte umstellen, Nahrungszus\u00e4tze beimischen oder die F\u00fctterungsintervalle \u00e4ndern.<\/p>\n<p>Auch kleine Anpassungen im Alltag k\u00f6nnen helfen, das zwanghafte Verhalten zu reduzieren. Mehr Spiel- und Streicheleinheiten, zus\u00e4tzliche Besch\u00e4ftigungsm\u00f6glichkeiten wie Intelligenzspielzeuge sowie eine abwechslungsreiche Umgebung, die zum Klettern, Krallenwetzen und D\u00f6sen einl\u00e4dt, kann dazu beitragen, das Pica-Verhalten in den Griff zu bekommen.<\/p>\n<p>Wenn diese Ma\u00dfnahmen nicht ausreichen, ist unterst\u00fctzend eine medikament\u00f6se Therapie notwendig.<\/p>\n<h2>Sicheres Zuhause f\u00fcr Pica-Katzen \u2013 beispielhafte vorbeugende Ma\u00dfnahmen<\/h2>\n<p>Anstatt deine Samtpfote auf Schritt und Tritt zu verfolgen und permanent im Blick zu behalten, ist es sinnvoller, alle Gegenst\u00e4nde, die sie besonders anziehend findet oder die ihr gef\u00e4hrlich werden k\u00f6nnten, aus der unmittelbaren Umgebung zu entfernen und au\u00dferhalb ihrer Reichweite aufzubewahren.<\/p>\n<p>Wenn deine Katze eine Vorliebe f\u00fcr Schn\u00fcrsenkel, Haargummis und \u00e4hnliche Dinge entwickelt, solltest du darauf achten, diese sicher in Schubladen oder Schr\u00e4nken zu verstauen \u2013 und zwar so, dass sie wirklich nicht herankommt. Manche Katzen schaffen es n\u00e4mlich, Schubladen zu \u00f6ffnen, wenn sie darin etwas Interessantes vermuten.<\/p>\n<p>Offen liegende Kabel sind f\u00fcr viele Pica-Katzen sehr verlockend. Hier lohnt sich die Investition in Kabelkan\u00e4le oder Kabelboxen. Mit diesen Hilfsmitteln schaffst du zugleich Ordnung und stellst sicher, dass deine Katze nicht an gef\u00e4hrlichen Kabeln knabbert und schlimmstenfalls einen Stromschlag erleidet.<\/p>\n\n<div class=\"related_articles boxed\">\n    <h2>Mehr zum Thema<\/h2>\n    \n    <div class=\"wrapper\"><div class=\"title align-center\"><h3><a href=\"https:\/\/uelzener.de\/magazin\/katze\/tipps-fuer-den-alltag\/erste-hilfe-katzen\/\">Erste Hilfe bei Katzen: Im Notfall richtig reagieren<\/a><\/h3><\/div><div class=\"img align-center\"><img decoding=\"async\" width=\"315\" height=\"180\" src=\"https:\/\/uelzener.de\/magazin\/app\/uploads\/2019\/08\/d507691c-33a1-4632-9105-3648386c85fb-315x180.jpg\" class=\"attachment-315x180 size-315x180 wp-post-image\" alt=\"Eine schwarze Katze wird behandelt, Erste Hilfe leisten zu k\u00f6nnen ist sehr wichtig.\" srcset=\"https:\/\/uelzener.de\/magazin\/app\/uploads\/2019\/08\/d507691c-33a1-4632-9105-3648386c85fb-315x180.jpg 315w, https:\/\/uelzener.de\/magazin\/app\/uploads\/2019\/08\/d507691c-33a1-4632-9105-3648386c85fb-650x369.jpg 650w\" sizes=\"(max-width: 315px) 100vw, 315px\" \/><\/div><\/div><div class=\"wrapper\"><div class=\"title align-center\"><h3><a href=\"https:\/\/uelzener.de\/magazin\/katze\/haeufige-fragen\/warum-sabbert-meine-katze\/\">Warum sabbert meine Katze?<\/a><\/h3><\/div><div class=\"img align-center\"><img decoding=\"async\" width=\"315\" height=\"180\" src=\"https:\/\/uelzener.de\/magazin\/app\/uploads\/2025\/07\/katze-sabbert-315x180.jpg\" class=\"attachment-315x180 size-315x180 wp-post-image\" alt=\"Schwarze Katze sabbert.\" \/><\/div><\/div><div class=\"wrapper\"><div class=\"title align-center\"><h3><a href=\"https:\/\/uelzener.de\/magazin\/katze\/tiergesundheit\/faszination-fremdkoerper\/\">Faszination Fremdk\u00f6rper: Wenn Katzen Gegenst\u00e4nde verschlucken<\/a><\/h3><\/div><div class=\"img align-center\"><img decoding=\"async\" width=\"315\" height=\"180\" src=\"https:\/\/uelzener.de\/magazin\/app\/uploads\/2019\/01\/44f5e4d3-b922-4b72-899b-3b72190c816c-315x180.jpg\" class=\"attachment-315x180 size-315x180 wp-post-image\" alt=\"Eine schwarz wei\u00dfe Katze will mit einem Haargummi spielen, hier ist Vorsicht geboten, sollte die Katze das Haargummi kann der Fremdk\u00f6rper gef\u00e4hrlich werden.\" srcset=\"https:\/\/uelzener.de\/magazin\/app\/uploads\/2019\/01\/44f5e4d3-b922-4b72-899b-3b72190c816c-315x180.jpg 315w, https:\/\/uelzener.de\/magazin\/app\/uploads\/2019\/01\/44f5e4d3-b922-4b72-899b-3b72190c816c-650x369.jpg 650w\" sizes=\"(max-width: 315px) 100vw, 315px\" \/><\/div><\/div><\/div>\n\n<h2>Fazit<\/h2>\n<p>Pica bei Katzen ist auf unterschiedliche Ursachen zur\u00fcckzuf\u00fchren. Eine gr\u00fcndliche Untersuchung in der Tierarztpraxis ist der erste Schritt, um eine geeignete Behandlungsmethode f\u00fcr betroffene Samtpfoten zu finden. Wenn keine k\u00f6rperlichen Gr\u00fcnde vorliegen, kann eine professionelle Verhaltensanalyse helfen, den Alltag der Katze so zu gestalten, dass Stress und Angst weitgehend reduziert werden. F\u00fchlt sich das Tier sicher und geborgen und wird genug im Alltag gefordert, besteht die Chance, dass das Pica-Syndrom wieder verschwindet.<\/p>\n<h2>FAQ: H\u00e4ufig gestellte Fragen zu Pica bei Katzen<\/h2>\n<h3>Wie sollte eine Katze mit Pica im Alltag im Idealfall besch\u00e4ftigt werden?<\/h3>\n<p>Katzen mit Pica-Syndrom profitieren von einem strukturierten Alltag mit festen Routinen. Verl\u00e4ssliche F\u00fctterungszeiten und ausreichend R\u00fcckzugsm\u00f6glichkeiten sind ebenso wichtig wie Besch\u00e4ftigungsangebote. Neben regelm\u00e4\u00dfigen Spiel- und Streicheleinheiten sorgen Kletter- und Kratzm\u00f6glichkeiten f\u00fcr k\u00f6rperliche Auslastung. Intelligenzspielzeug hilft, die Katze geistig zu f\u00f6rdern und sie von gef\u00e4hrlichen Fressgewohnheiten abzubringen. Einsamkeit, Stress und Langeweile werden auf diese Weise vermieden.<\/p>\n<h3>Was deutet bei Katzen darauf hin, dass sie etwas Unvertr\u00e4gliches zu sich genommen haben?<\/h3>\n<p>Anzeichen daf\u00fcr sind pl\u00f6tzliches, wiederholtes Erbrechen, Apathie, Futterverweigerung oder ausbleibender Kotabsatz. In solchen F\u00e4llen solltest du schnellstm\u00f6glich einen Tierarzt oder eine Tier\u00e4rztin aufsuchen. Ein sicheres Indiz ist auch, wenn sich Reste von Gegenst\u00e4nden (B\u00e4nder, Kunststoffst\u00fccke etc.) im Erbrochenen oder Kot befinden.<\/p>\n<h3>Was tun, wenn die Katze alles anknabbert, was in ihrer N\u00e4he ist?<\/h3>\n<p>Du kannst deiner Katze Alternativen zum Kauen anbieten. Geeignet hierf\u00fcr sind zum Beispiel rohe Fleischst\u00fccke, Kaustangen oder auch Trockenfutter. M\u00f6glicherweise l\u00e4sst sich das Kauverlangen so auf essbare Dinge umlenken.<\/p>\n<p>&nbsp;<\/p>\n","protected":false},"excerpt":{"rendered":"<p>Das Pica-Syndrom ist eine Essst\u00f6rung, bei der Katzen Dinge verzehren, die nicht f\u00fcr den Verzehr geeignet sind. Dazu geh\u00f6ren zum Beispiel Textilien, Plastik oder Katzenstreu. Wenn deine Katze pl\u00f6tzlich ungew\u00f6hnliche Vorlieben entwickelt und sich an Ungenie\u00dfbarem g\u00fctlich tut, solltest du aktiv werden, bevor es zu schwerwiegenden gesundheitlichen Komplikationen kommt. Wie Pica bei Katzen diagnostiziert wird [&hellip;]<\/p>\n","protected":false},"author":21,"featured_media":18190,"parent":11712,"menu_order":3,"comment_status":"closed","ping_status":"closed","template":"templates\/blog.php","meta":{"_acf_changed":false,"_crdt_document":"","footnotes":"","beyondwords_generate_audio":"","beyondwords_project_id":"","beyondwords_content_id":"","beyondwords_preview_token":"","beyondwords_player_style":"","beyondwords_language_id":"","beyondwords_title_voice_id":"","beyondwords_body_voice_id":"","beyondwords_summary_voice_id":"","beyondwords_error_message":"","beyondwords_disabled":"","beyondwords_delete_content":"","beyondwords_podcast_id":"","beyondwords_hash":"","publish_post_to_speechkit":"","speechkit_hash":"","speechkit_generate_audio":"","speechkit_project_id":"","speechkit_podcast_id":"","speechkit_error_message":"","speechkit_disabled":"","speechkit_access_key":"","speechkit_error":"","speechkit_info":"","speechkit_response":"","speechkit_retries":"","speechkit_status":"","speechkit_updated_at":"","_speechkit_link":"","_speechkit_text":""},"class_list":["post-18189","page","type-page","status-publish","has-post-thumbnail","hentry"],"acf":[],"yoast_head":"<!-- This site is optimized with the Yoast SEO Premium plugin  - https:\/\/yoast.com\/product\/yoast-seo-premium-wordpress\/ -->\n<title>Pica-Syndrom: Wenn Katzen Ungenie\u00dfbares essen | Uelzener Magazin<\/title>\n<meta name=\"description\" content=\"Pica bei Katzen kann verschiedene Ursachen haben. Eine tier\u00e4rztliche Untersuchung und eine Verhaltensanalyse helfen, Stress zu reduzieren.\" \/>\n<meta name=\"robots\" content=\"index, follow, max-snippet:-1, max-image-preview:large, max-video-preview:-1\" \/>\n<link rel=\"canonical\" href=\"https:\/\/uelzener.de\/magazin\/katze\/tiergesundheit\/pica-syndrom-wenn-katzen-ungeniessbares-essen\/\" \/>\n<meta property=\"og:locale\" content=\"de_DE\" \/>\n<meta property=\"og:type\" content=\"article\" \/>\n<meta property=\"og:title\" content=\"Pica-Syndrom: Wenn Katzen Ungenie\u00dfbares essen\" \/>\n<meta property=\"og:description\" content=\"Pica bei Katzen kann verschiedene Ursachen haben. Eine tier\u00e4rztliche Untersuchung und eine Verhaltensanalyse helfen, Stress zu reduzieren.\" \/>\n<meta property=\"og:url\" content=\"https:\/\/uelzener.de\/magazin\/katze\/tiergesundheit\/pica-syndrom-wenn-katzen-ungeniessbares-essen\/\" \/>\n<meta property=\"og:site_name\" content=\"Uelzener Tier-Magazin\" \/>\n<meta property=\"article:publisher\" content=\"https:\/\/www.facebook.com\/Uelzener\" \/>\n<meta property=\"article:modified_time\" content=\"2025-08-26T11:19:44+00:00\" \/>\n<meta property=\"og:image\" content=\"https:\/\/uelzener.de\/magazin\/app\/uploads\/2025\/02\/katze-pica-syndrom-falsch-gegessen.jpg\" \/>\n\t<meta property=\"og:image:width\" content=\"1025\" \/>\n\t<meta property=\"og:image:height\" content=\"450\" \/>\n\t<meta property=\"og:image:type\" content=\"image\/jpeg\" \/>\n<meta name=\"twitter:card\" content=\"summary_large_image\" \/>\n<meta name=\"twitter:label1\" content=\"Gesch\u00e4tzte Lesezeit\" \/>\n\t<meta name=\"twitter:data1\" content=\"7\u00a0Minuten\" \/>\n<script type=\"application\/ld+json\" class=\"yoast-schema-graph\">{\"@context\":\"https:\/\/schema.org\",\"@graph\":[{\"@type\":\"WebPage\",\"@id\":\"https:\/\/uelzener.de\/magazin\/katze\/tiergesundheit\/pica-syndrom-wenn-katzen-ungeniessbares-essen\/\",\"url\":\"https:\/\/uelzener.de\/magazin\/katze\/tiergesundheit\/pica-syndrom-wenn-katzen-ungeniessbares-essen\/\",\"name\":\"Pica-Syndrom: Wenn Katzen Ungenie\u00dfbares essen | Uelzener Magazin\",\"isPartOf\":{\"@id\":\"https:\/\/uelzener.de\/magazin\/#website\"},\"primaryImageOfPage\":{\"@id\":\"https:\/\/uelzener.de\/magazin\/katze\/tiergesundheit\/pica-syndrom-wenn-katzen-ungeniessbares-essen\/#primaryimage\"},\"image\":{\"@id\":\"https:\/\/uelzener.de\/magazin\/katze\/tiergesundheit\/pica-syndrom-wenn-katzen-ungeniessbares-essen\/#primaryimage\"},\"thumbnailUrl\":\"https:\/\/uelzener.de\/magazin\/app\/uploads\/2025\/02\/katze-pica-syndrom-falsch-gegessen.jpg\",\"datePublished\":\"2025-02-14T13:21:36+00:00\",\"dateModified\":\"2025-08-26T11:19:44+00:00\",\"description\":\"Pica bei Katzen kann verschiedene Ursachen haben. Eine tier\u00e4rztliche Untersuchung und eine Verhaltensanalyse helfen, Stress zu reduzieren.\",\"breadcrumb\":{\"@id\":\"https:\/\/uelzener.de\/magazin\/katze\/tiergesundheit\/pica-syndrom-wenn-katzen-ungeniessbares-essen\/#breadcrumb\"},\"inLanguage\":\"de\",\"potentialAction\":[{\"@type\":\"ReadAction\",\"target\":[\"https:\/\/uelzener.de\/magazin\/katze\/tiergesundheit\/pica-syndrom-wenn-katzen-ungeniessbares-essen\/\"]}]},{\"@type\":\"ImageObject\",\"inLanguage\":\"de\",\"@id\":\"https:\/\/uelzener.de\/magazin\/katze\/tiergesundheit\/pica-syndrom-wenn-katzen-ungeniessbares-essen\/#primaryimage\",\"url\":\"https:\/\/uelzener.de\/magazin\/app\/uploads\/2025\/02\/katze-pica-syndrom-falsch-gegessen.jpg\",\"contentUrl\":\"https:\/\/uelzener.de\/magazin\/app\/uploads\/2025\/02\/katze-pica-syndrom-falsch-gegessen.jpg\",\"width\":1025,\"height\":450,\"caption\":\"Auf dem Bild spielt eine kleine Katze mit einem Spielzeug und frisst an diesem. Dies kann sehr sch\u00e4dlich sein.\"},{\"@type\":\"WebSite\",\"@id\":\"https:\/\/uelzener.de\/magazin\/#website\",\"url\":\"https:\/\/uelzener.de\/magazin\/\",\"name\":\"Uelzener Tiermagazin\",\"description\":\"Online Tierratgeber der Uelzener Versicherungen\",\"publisher\":{\"@id\":\"https:\/\/uelzener.de\/magazin\/#organization\"},\"potentialAction\":[{\"@type\":\"SearchAction\",\"target\":{\"@type\":\"EntryPoint\",\"urlTemplate\":\"https:\/\/uelzener.de\/magazin\/?s={search_term_string}\"},\"query-input\":{\"@type\":\"PropertyValueSpecification\",\"valueRequired\":true,\"valueName\":\"search_term_string\"}}],\"inLanguage\":\"de\"},{\"@type\":\"Organization\",\"@id\":\"https:\/\/uelzener.de\/magazin\/#organization\",\"name\":\"Uelzener Versicherungen\",\"url\":\"https:\/\/uelzener.de\/magazin\/\",\"logo\":{\"@type\":\"ImageObject\",\"inLanguage\":\"de\",\"@id\":\"https:\/\/uelzener.de\/magazin\/#\/schema\/logo\/image\/\",\"url\":\"https:\/\/uelzener.de\/magazin\/app\/uploads\/2024\/11\/uelzener_allgemeine_versicherungsgesellschaft_a_g_logo.jpg\",\"contentUrl\":\"https:\/\/uelzener.de\/magazin\/app\/uploads\/2024\/11\/uelzener_allgemeine_versicherungsgesellschaft_a_g_logo.jpg\",\"width\":200,\"height\":200,\"caption\":\"Uelzener Versicherungen\"},\"image\":{\"@id\":\"https:\/\/uelzener.de\/magazin\/#\/schema\/logo\/image\/\"},\"sameAs\":[\"https:\/\/www.facebook.com\/Uelzener\",\"https:\/\/instagram.com\/uelzener\",\"https:\/\/www.xing.com\/pages\/uelzenerallgemeineversicherungs-gesellschafta-g\",\"https:\/\/www.youtube.com\/UelzenerVersicherungen\"]}]}<\/script>\n<!-- \/ Yoast SEO Premium plugin. -->","yoast_head_json":{"title":"Pica-Syndrom: Wenn Katzen Ungenie\u00dfbares essen | Uelzener Magazin","description":"Pica bei Katzen kann verschiedene Ursachen haben. Eine tier\u00e4rztliche Untersuchung und eine Verhaltensanalyse helfen, Stress zu reduzieren.","robots":{"index":"index","follow":"follow","max-snippet":"max-snippet:-1","max-image-preview":"max-image-preview:large","max-video-preview":"max-video-preview:-1"},"canonical":"https:\/\/uelzener.de\/magazin\/katze\/tiergesundheit\/pica-syndrom-wenn-katzen-ungeniessbares-essen\/","og_locale":"de_DE","og_type":"article","og_title":"Pica-Syndrom: Wenn Katzen Ungenie\u00dfbares essen","og_description":"Pica bei Katzen kann verschiedene Ursachen haben. Eine tier\u00e4rztliche Untersuchung und eine Verhaltensanalyse helfen, Stress zu reduzieren.","og_url":"https:\/\/uelzener.de\/magazin\/katze\/tiergesundheit\/pica-syndrom-wenn-katzen-ungeniessbares-essen\/","og_site_name":"Uelzener Tier-Magazin","article_publisher":"https:\/\/www.facebook.com\/Uelzener","article_modified_time":"2025-08-26T11:19:44+00:00","og_image":[{"width":1025,"height":450,"url":"https:\/\/uelzener.de\/magazin\/app\/uploads\/2025\/02\/katze-pica-syndrom-falsch-gegessen.jpg","type":"image\/jpeg"}],"twitter_card":"summary_large_image","twitter_misc":{"Gesch\u00e4tzte Lesezeit":"7\u00a0Minuten"},"schema":{"@context":"https:\/\/schema.org","@graph":[{"@type":"WebPage","@id":"https:\/\/uelzener.de\/magazin\/katze\/tiergesundheit\/pica-syndrom-wenn-katzen-ungeniessbares-essen\/","url":"https:\/\/uelzener.de\/magazin\/katze\/tiergesundheit\/pica-syndrom-wenn-katzen-ungeniessbares-essen\/","name":"Pica-Syndrom: Wenn Katzen Ungenie\u00dfbares essen | Uelzener Magazin","isPartOf":{"@id":"https:\/\/uelzener.de\/magazin\/#website"},"primaryImageOfPage":{"@id":"https:\/\/uelzener.de\/magazin\/katze\/tiergesundheit\/pica-syndrom-wenn-katzen-ungeniessbares-essen\/#primaryimage"},"image":{"@id":"https:\/\/uelzener.de\/magazin\/katze\/tiergesundheit\/pica-syndrom-wenn-katzen-ungeniessbares-essen\/#primaryimage"},"thumbnailUrl":"https:\/\/uelzener.de\/magazin\/app\/uploads\/2025\/02\/katze-pica-syndrom-falsch-gegessen.jpg","datePublished":"2025-02-14T13:21:36+00:00","dateModified":"2025-08-26T11:19:44+00:00","description":"Pica bei Katzen kann verschiedene Ursachen haben. Eine tier\u00e4rztliche Untersuchung und eine Verhaltensanalyse helfen, Stress zu reduzieren.","breadcrumb":{"@id":"https:\/\/uelzener.de\/magazin\/katze\/tiergesundheit\/pica-syndrom-wenn-katzen-ungeniessbares-essen\/#breadcrumb"},"inLanguage":"de","potentialAction":[{"@type":"ReadAction","target":["https:\/\/uelzener.de\/magazin\/katze\/tiergesundheit\/pica-syndrom-wenn-katzen-ungeniessbares-essen\/"]}]},{"@type":"ImageObject","inLanguage":"de","@id":"https:\/\/uelzener.de\/magazin\/katze\/tiergesundheit\/pica-syndrom-wenn-katzen-ungeniessbares-essen\/#primaryimage","url":"https:\/\/uelzener.de\/magazin\/app\/uploads\/2025\/02\/katze-pica-syndrom-falsch-gegessen.jpg","contentUrl":"https:\/\/uelzener.de\/magazin\/app\/uploads\/2025\/02\/katze-pica-syndrom-falsch-gegessen.jpg","width":1025,"height":450,"caption":"Auf dem Bild spielt eine kleine Katze mit einem Spielzeug und frisst an diesem. Dies kann sehr sch\u00e4dlich sein."},{"@type":"WebSite","@id":"https:\/\/uelzener.de\/magazin\/#website","url":"https:\/\/uelzener.de\/magazin\/","name":"Uelzener Tiermagazin","description":"Online Tierratgeber der Uelzener Versicherungen","publisher":{"@id":"https:\/\/uelzener.de\/magazin\/#organization"},"potentialAction":[{"@type":"SearchAction","target":{"@type":"EntryPoint","urlTemplate":"https:\/\/uelzener.de\/magazin\/?s={search_term_string}"},"query-input":{"@type":"PropertyValueSpecification","valueRequired":true,"valueName":"search_term_string"}}],"inLanguage":"de"},{"@type":"Organization","@id":"https:\/\/uelzener.de\/magazin\/#organization","name":"Uelzener Versicherungen","url":"https:\/\/uelzener.de\/magazin\/","logo":{"@type":"ImageObject","inLanguage":"de","@id":"https:\/\/uelzener.de\/magazin\/#\/schema\/logo\/image\/","url":"https:\/\/uelzener.de\/magazin\/app\/uploads\/2024\/11\/uelzener_allgemeine_versicherungsgesellschaft_a_g_logo.jpg","contentUrl":"https:\/\/uelzener.de\/magazin\/app\/uploads\/2024\/11\/uelzener_allgemeine_versicherungsgesellschaft_a_g_logo.jpg","width":200,"height":200,"caption":"Uelzener Versicherungen"},"image":{"@id":"https:\/\/uelzener.de\/magazin\/#\/schema\/logo\/image\/"},"sameAs":["https:\/\/www.facebook.com\/Uelzener","https:\/\/instagram.com\/uelzener","https:\/\/www.xing.com\/pages\/uelzenerallgemeineversicherungs-gesellschafta-g","https:\/\/www.youtube.com\/UelzenerVersicherungen"]}]}},"_links":{"self":[{"href":"https:\/\/uelzener.de\/magazin\/wp-json\/wp\/v2\/pages\/18189","targetHints":{"allow":["GET"]}}],"collection":[{"href":"https:\/\/uelzener.de\/magazin\/wp-json\/wp\/v2\/pages"}],"about":[{"href":"https:\/\/uelzener.de\/magazin\/wp-json\/wp\/v2\/types\/page"}],"author":[{"embeddable":true,"href":"https:\/\/uelzener.de\/magazin\/wp-json\/wp\/v2\/users\/21"}],"replies":[{"embeddable":true,"href":"https:\/\/uelzener.de\/magazin\/wp-json\/wp\/v2\/comments?post=18189"}],"version-history":[{"count":6,"href":"https:\/\/uelzener.de\/magazin\/wp-json\/wp\/v2\/pages\/18189\/revisions"}],"predecessor-version":[{"id":18987,"href":"https:\/\/uelzener.de\/magazin\/wp-json\/wp\/v2\/pages\/18189\/revisions\/18987"}],"up":[{"embeddable":true,"href":"https:\/\/uelzener.de\/magazin\/wp-json\/wp\/v2\/pages\/11712"}],"wp:featuredmedia":[{"embeddable":true,"href":"https:\/\/uelzener.de\/magazin\/wp-json\/wp\/v2\/media\/18190"}],"wp:attachment":[{"href":"https:\/\/uelzener.de\/magazin\/wp-json\/wp\/v2\/media?parent=18189"}],"curies":[{"name":"wp","href":"https:\/\/api.w.org\/{rel}","templated":true}]}}