{"id":18185,"date":"2025-02-14T10:52:47","date_gmt":"2025-02-14T09:52:47","guid":{"rendered":"https:\/\/uelzener.de\/magazin\/?page_id=18185"},"modified":"2025-09-04T12:48:55","modified_gmt":"2025-09-04T10:48:55","slug":"duerfen-hunde-bananen-essen","status":"publish","type":"page","link":"https:\/\/uelzener.de\/magazin\/hund\/ernaehrung\/duerfen-hunde-bananen-essen\/","title":{"rendered":"D\u00fcrfen Hunde Bananen essen?"},"content":{"rendered":"<p>Ob im morgendlichen M\u00fcsli oder als Snack zwischendurch \u2013 Bananen werden von vielen Menschen gerne und h\u00e4ufig gegessen. Doch was ist mit unseren vierbeinigen Freunden? Wenn dein Hund dich mit gro\u00dfen Augen ansieht, w\u00e4hrend du eine Banane sch\u00e4lst, fragst du dich vielleicht, ob er auch mal ein St\u00fcck probieren darf. Die gute Nachricht: Ja! Prinzipiell d\u00fcrfen Hunde Bananen essen, allerdings nur in kleinen Mengen. In diesem Artikel erf\u00e4hrst du, worauf du achten solltest, wenn du deinem Hund Banane gibst, und wann es besser ist, davon abzusehen.<\/p>\n<h2><b>Banane f\u00fcr den Hund: Die s\u00fc\u00dfe Versuchung<\/b><\/h2>\n<p>Hunde haben genauso wie wir Menschen unterschiedliche geschmackliche Vorlieben, Bananen kommen bei den meisten Tieren jedoch sehr gut an. Das hat im Wesentlichen zwei Gr\u00fcnde. Zum einen schmecken Bananen angenehm s\u00fc\u00df, vor allem, wenn sie reif sind. Hunde sind in der Lage, diese S\u00fc\u00dfe wahrzunehmen, denn sie k\u00f6nnen insgesamt vier Geschmacksrichtungen unterscheiden (bitter, sauer, s\u00fc\u00df und umami). Zum anderen sind Bananen aufgrund ihrer weichen Konsistenz leicht zu kauen, was insbesondere Hunden mit Zahnproblemen und Senioren entgegenkommt.<\/p>\n<h3><b>Sind Bananen gut f\u00fcr den Hund?<\/b><\/h3>\n<p>Bananen gelten per se als ungef\u00e4hrliche Lebensmittel f\u00fcr Hunde. Sie eignen sich gut als kleine Belohnung f\u00fcr zwischendurch, sofern keine gesundheitlichen Gr\u00fcnde dagegensprechen. Allerdings sollten sie keinesfalls t\u00e4glich oder in gr\u00f6\u00dferen Mengen gegeben werden. Bananen enthalten n\u00e4mlich St\u00e4rke und Zucker und k\u00f6nnen \u00dcbergewicht beg\u00fcnstigen, wenn der Hund zu viel davon frisst. Die Anteile variieren abh\u00e4ngig vom Reifegrad, denn w\u00e4hrend des Reifungsprozesses wird die St\u00e4rke (= Mehrfachzucker) in einfachen Zucker umgewandelt. Somit ist der St\u00e4rkegehalt bei gr\u00fcnen, unreifen Bananen h\u00f6her als bei gelben, reifen Bananen. Da St\u00e4rke f\u00fcr Hunde schwerer verdaulich ist als Einfachzucker, sollten tendenziell reife Bananen gegeben werden. Des Weiteren ist in Bananen der Ballaststoff Pektin enthalten, der auch in \u00c4pfeln und anderem Obst vorkommt. Pektin hat wasserbindende Eigenschaften, was ein Vor- und ein Nachteil sein kann. So k\u00f6nnen geringe Mengen Bananen beispielsweise bei Durchfall helfen. Werden sie jedoch in gro\u00dfen Mengen verabreicht, besteht das Risiko einer Verstopfung.<\/p>\n<h3><b>Wie viel Banane darf ein Hund essen?<\/b><\/h3>\n<p>Wie viel Banane ein Hund essen darf, h\u00e4ngt im Wesentlichen von seiner Gr\u00f6\u00dfe und seinem Gewicht ab. Gro\u00dfe Hunderassen k\u00f6nnen die H\u00e4lfte einer Banane bekommen, mittelgro\u00dfe Hunderassen ein Viertel. Bei kleinen Hunderassen und Welpen sollte es nur ein kleines St\u00fcck sein. Was die H\u00e4ufigkeit betrifft, so empfiehlt es sich, nicht \u00f6fter als alle zwei bis drei Tage Banane zu verf\u00fcttern.<\/p>\n<h3><b>Wann sind Bananen f\u00fcr den Hund tabu?<\/b><\/h3>\n<p>Ist ein Hund gesund, fit und aktiv, ist es im Normalfall kein Problem, wenn er ab und an ein bisschen Banane bekommt. Anders sieht es aus, wenn das Tier gesundheitlich vorbelastet ist. So eignet sich Banane nicht f\u00fcr<\/p>\n<ul>\n<li aria-level=\"1\"><b>Hunde mit \u00dcbergewicht<\/b>: Bananen liefern schnelle Energie, daf\u00fcr sind sie nicht gerade kalorienarm. Aus diesem Grund sind sie f\u00fcr Hunde mit \u00dcbergewicht keine gute Wahl. Hier ist es sinnvoller, auf Obst mit geringerem St\u00e4rke- und Zuckeranteil zur\u00fcckzugreifen, beispielsweise \u00c4pfel oder Beeren.<\/li>\n<li aria-level=\"1\"><b>Hunde mit Herzerkrankungen<\/b>: F\u00fcr Hunde mit Herzerkrankungen k\u00f6nnen Bananen ein Risiko darstellen. Grund daf\u00fcr ist das enthaltene Kalium, ein Elektrolyt, das sich in kritischer Menge negativ auf den Herzkreislauf auswirken kann.<\/li>\n<li aria-level=\"1\"><b>Hunde mit Diabetes<\/b>: Hunde mit Diabetes sollten ebenfalls keine Bananen bekommen, da der enthaltene Zucker den Blutzuckerspiegel beeinflusst.<\/li>\n<li aria-level=\"1\"><b>Hunde mit Purin-Stoffwechselst\u00f6rung<\/b>: Manchen Hunden fehlt aufgrund ihrer genetischen Veranlagung ein Enzym zum Abbau von Purin, einer Nukleins\u00e4ure, die auch in Bananen vorkommt. Dazu geh\u00f6ren vor allem Dalmatiner. Bei dieser Hunderasse ist auf eine purinreduzierte Ern\u00e4hrung zu achten, f\u00fcr die Bananen nicht geeignet ist.<\/li>\n<\/ul>\n<p>Solltest du dir unsicher sein, ob dein Hund Bananen fressen darf, wird dir dein Tierarzt oder deine Tier\u00e4rztin zuverl\u00e4ssig Auskunft geben. Es empfiehlt sich generell, tier\u00e4rztlichen Rat einzuholen, auch wenn dein Hund augenscheinlich nicht zu einer der Risikogruppen geh\u00f6rt. Tipp: Mit einer Hundekrankenversicherung bist du vor hohen Tierarztkosten gesch\u00fctzt und kannst deinen Hund im Ernstfall optimal versorgen lassen.<\/p>\n\n<div class=\"banner\">\n    <a href=\"https:\/\/uelzener.de\/hund\/hunde-krankenversicherung\/?agt=0000104925&sem=true&utm_medium=magazin&utm_source=wordpress&utm_campaign=hund_kv&utm_content=banner\">\n        <img decoding=\"async\" width=\"300\" height=\"212\" src=\"https:\/\/uelzener.de\/magazin\/app\/uploads\/2025\/01\/Hunde-Kranken-Versicherung.jpg\" class=\"attachment-medium size-medium\" alt=\"Banner Hunde-Kranken-Versicherung\" \/>    <\/a>\n<\/div>\n\n<h2><b>Abwechslung beim Snacken: So kannst du deinem Hund Banane geben<\/b><\/h2>\n<p>Ein kleines St\u00fcck rohe Banane zwischendurch schmeckt den meisten Hunden schon ziemlich gut. Die Schale solltest du jedoch nicht verabreichen, da es sein kann, dass sie mit Chemikalien belastet ist. Wenn du deinem Hund aber nicht immer nur st\u00fcckchenweise Banane f\u00fcttern m\u00f6chtest, kannst du mit folgenden Ideen f\u00fcr Abwechslung sorgen:<\/p>\n<ul>\n<li aria-level=\"1\"><b>Banane mit H\u00fcttenk\u00e4se, Quark oder Naturjoghurt<\/b>: R\u00fchre etwas zerkleinerte Banane unter ein paar L\u00f6ffel H\u00fcttenk\u00e4se, Magerquark oder Naturjoghurt und verstreiche das ganze auf einer Schleckmatte. So hat dein Hund gleich noch ein bisschen Besch\u00e4ftigung.<\/li>\n<li aria-level=\"1\"><b>Bananeneis<\/b>: F\u00fclle etwas p\u00fcrierte oder zerdr\u00fcckte Banane in einen Kong und lege ihn ins Eisfach. Am n\u00e4chsten Tag kannst du ihn deinem Hund zur Abk\u00fchlung anbieten \u2013 ideal f\u00fcr hei\u00dfe Sommertage.<\/li>\n<li aria-level=\"1\"><b>Hundekekse mit Banane<\/b>: Bananenkekse schmecken deinem Hund bestimmt und sind ganz einfach hergestellt. Dazu zerdr\u00fcckst du zwei reife Bananen und vermengst sie mit zehn leicht geh\u00e4uften Essl\u00f6ffeln Haferflocken. Aus der Masse formst du kleine Kugeln, legst sie auf ein mit Backpapier ausgelegtes Backblech und dr\u00fcckst sie flach. Dann backst du das ganze bei 180 \u00b0C Ober-\/Unterhitze f\u00fcr etwa eine halbe Stunde im Ofen.<\/li>\n<li aria-level=\"1\"><b>Bananenkuchen<\/b>: Steht ein besonderer Anlass bevor? Wie w\u00e4re es dann mit einem Bananenkuchen? Als weitere Zutaten bieten sich neben Haferflocken beispielsweise Dinkelmehl oder geriebene Karotten an.<\/li>\n<li aria-level=\"1\"><b>Bananenchips<\/b>: Bananenchips sind eine tolle Alternative, wenn dein Hund es knusprig mag. Verteile einfach ein paar d\u00fcnn geschnittene Bananenscheiben mit Abstand nebeneinander auf einem Backblech oder Rost und d\u00f6rre sie bei etwa 70 bis 80 \u00b0C Umluft f\u00fcr sechs bis acht Stunden im Backofen. \u00d6ffnet regelm\u00e4\u00dfig die Ofent\u00fcr, damit der Wasserdampf entweichen kann und die Chips sch\u00f6n kross werden. Tipp: Schmeckt der ganzen Familie!<\/li>\n<\/ul>\n<p>Banane ist in der K\u00fcche sehr vielf\u00e4ltig einsetzbar, so dass du deiner Kreativit\u00e4t freien Lauf lassen und dir spannende Rezepte f\u00fcr deinen Hund ausdenken kannst.<\/p>\n\n<div class=\"related_articles boxed\">\n    <h2>Mehr zum Thema<\/h2>\n    \n    <div class=\"wrapper\"><div class=\"title align-center\"><h3><a href=\"https:\/\/uelzener.de\/magazin\/hund\/ernaehrung\/duerfen-hunde-wassermelonen-essen\/\">D\u00fcrfen Hunde Wassermelonen essen?<\/a><\/h3><\/div><div class=\"img align-center\"><img decoding=\"async\" width=\"315\" height=\"180\" src=\"https:\/\/uelzener.de\/magazin\/app\/uploads\/2025\/08\/hund-isst-wassermelone-315x180.jpg\" class=\"attachment-315x180 size-315x180 wp-post-image\" alt=\"Hund isst Wassermelone.\" \/><\/div><\/div><div class=\"wrapper\"><div class=\"title align-center\"><h3><a href=\"https:\/\/uelzener.de\/magazin\/hund\/ernaehrung\/duerfen-hunde-erdbeeren-essen\/\">D\u00fcrfen Hunde Erdbeeren essen?<\/a><\/h3><\/div><div class=\"img align-center\"><img decoding=\"async\" width=\"315\" height=\"180\" src=\"https:\/\/uelzener.de\/magazin\/app\/uploads\/2025\/05\/hund-erdbeeren-315x180.jpg\" class=\"attachment-315x180 size-315x180 wp-post-image\" alt=\"Welpe frisst Erdbeeren aus einer Schale.\" \/><\/div><\/div><div class=\"wrapper\"><div class=\"title align-center\"><h3><a href=\"https:\/\/uelzener.de\/magazin\/hund\/ernaehrung\/was-essen-hunde\/\">Was essen Hunde au\u00dfer Hundefutter?<\/a><\/h3><\/div><div class=\"img align-center\"><img decoding=\"async\" width=\"315\" height=\"180\" src=\"https:\/\/uelzener.de\/magazin\/app\/uploads\/2022\/11\/was-essen-hunde-ausser-hundefutter-315x180.jpg\" class=\"attachment-315x180 size-315x180 wp-post-image\" alt=\"Ein Hund bekommt eine Himbeere. Was essen Hunde au\u00dfer Hundefutter?\" \/><\/div><\/div><\/div>\n\n<h2><b>Fazit<\/b><\/h2>\n<p>Hunde, die gesund, normalgewichtig und aktiv sind, k\u00f6nnen problemlos ab und an mal ein St\u00fcckchen Banane bekommen. Entscheidend ist, Ma\u00df zu halten, sprich: nur alle paar Tage geringe Mengen zu f\u00fcttern. Grunds\u00e4tzlich kommen Bananen bei den meisten Hunden gut an \u2013 sei es pur, als Eis oder zu Keksen verarbeitet. F\u00fcr Tiere mit bestimmten Erkrankungen sind Bananen allerdings weniger gut geeignet. Hier solltest du in Absprache mit deinem Tierarzt oder deiner Tier\u00e4rztin auf anderes Obst ausweichen.<\/p>\n<h2><b>FAQ: H\u00e4ufig gestellte Fragen zum Thema Bananen f\u00fcr Hunde<\/b><\/h2>\n<h3><b>K\u00f6nnen Hunde allergisch auf Bananen reagieren?<\/b><\/h3>\n<p>Ja, obwohl das selten vorkommt. Symptome einer Allergie k\u00f6nnen Juckreiz, Erbrechen, Durchfall oder Schwellungen sein. Falls dein Hund nach dem Verzehr von Bananen ungew\u00f6hnlich reagiert, solltest du deinen Tierarzt oder deine Tier\u00e4rztin konsultieren.<\/p>\n<h3><b>Sind Bananen gut f\u00fcr die Z\u00e4hne von Hunden?<\/b><\/h3>\n<p>Nicht wirklich. Bananen enthalten zwar keine S\u00e4ure, die den Zahnschmelz angreifen k\u00f6nnte, aber viel Zucker, der das Bakterienwachstum f\u00f6rdern kann. Es ist daher ratsam, dem Hund Wasser anzubieten oder ihm die Z\u00e4hne zu putzen, nachdem er Banane gefressen hat.<\/p>\n<h3><b>Wie bewahre ich Bananensnacks f\u00fcr meinen Hund auf?<\/b><\/h3>\n<p>Frische Bananen solltest du direkt verf\u00fcttern. Gefrorene Bananenst\u00fccke kannst du einige Monate im Gefrierschrank aufbewahren. Selbstgemachte Bananenkekse sind in einem luftdichten Beh\u00e4lter bis zu zwei Wochen haltbar.<\/p>\n","protected":false},"excerpt":{"rendered":"<p>Ob im morgendlichen M\u00fcsli oder als Snack zwischendurch \u2013 Bananen werden von vielen Menschen gerne und h\u00e4ufig gegessen. Doch was ist mit unseren vierbeinigen Freunden? Wenn dein Hund dich mit gro\u00dfen Augen ansieht, w\u00e4hrend du eine Banane sch\u00e4lst, fragst du dich vielleicht, ob er auch mal ein St\u00fcck probieren darf. Die gute Nachricht: Ja! Prinzipiell [&hellip;]<\/p>\n","protected":false},"author":21,"featured_media":18187,"parent":11674,"menu_order":0,"comment_status":"closed","ping_status":"closed","template":"templates\/blog.php","meta":{"_acf_changed":false,"_crdt_document":"","footnotes":"","beyondwords_generate_audio":"","beyondwords_project_id":"","beyondwords_content_id":"","beyondwords_preview_token":"","beyondwords_player_style":"","beyondwords_language_id":"","beyondwords_title_voice_id":"","beyondwords_body_voice_id":"","beyondwords_summary_voice_id":"","beyondwords_error_message":"","beyondwords_disabled":"","beyondwords_delete_content":"","beyondwords_podcast_id":"","beyondwords_hash":"","publish_post_to_speechkit":"","speechkit_hash":"","speechkit_generate_audio":"","speechkit_project_id":"","speechkit_podcast_id":"","speechkit_error_message":"","speechkit_disabled":"","speechkit_access_key":"","speechkit_error":"","speechkit_info":"","speechkit_response":"","speechkit_retries":"","speechkit_status":"","speechkit_updated_at":"","_speechkit_link":"","_speechkit_text":""},"class_list":["post-18185","page","type-page","status-publish","has-post-thumbnail","hentry"],"acf":[],"yoast_head":"<!-- This site is optimized with the Yoast SEO Premium plugin  - https:\/\/yoast.com\/product\/yoast-seo-premium-wordpress\/ -->\n<title>D\u00fcrfen Hunde Bananen essen? | Uelzener Magazin<\/title>\n<meta name=\"description\" content=\"Bananen sind einer unserer liebsten Snacks f\u00fcr zwischendurch, doch wie sieht es bei unseren Hunden aus. Die Antwort gibt es bei uns im Magazin.\" \/>\n<meta name=\"robots\" content=\"index, follow, max-snippet:-1, max-image-preview:large, max-video-preview:-1\" \/>\n<link rel=\"canonical\" href=\"https:\/\/uelzener.de\/magazin\/hund\/ernaehrung\/duerfen-hunde-bananen-essen\/\" \/>\n<meta property=\"og:locale\" content=\"de_DE\" \/>\n<meta property=\"og:type\" content=\"article\" \/>\n<meta property=\"og:title\" content=\"D\u00fcrfen Hunde Bananen essen?\" \/>\n<meta property=\"og:description\" content=\"Bananen sind einer unserer liebsten Snacks f\u00fcr zwischendurch, doch wie sieht es bei unseren Hunden aus. Die Antwort gibt es bei uns im Magazin.\" \/>\n<meta property=\"og:url\" content=\"https:\/\/uelzener.de\/magazin\/hund\/ernaehrung\/duerfen-hunde-bananen-essen\/\" \/>\n<meta property=\"og:site_name\" content=\"Uelzener Tier-Magazin\" \/>\n<meta property=\"article:publisher\" content=\"https:\/\/www.facebook.com\/Uelzener\" \/>\n<meta property=\"article:modified_time\" content=\"2025-09-04T10:48:55+00:00\" \/>\n<meta property=\"og:image\" content=\"https:\/\/uelzener.de\/magazin\/app\/uploads\/2025\/02\/duerfen-hunde-bananen-essen.jpg\" \/>\n\t<meta property=\"og:image:width\" content=\"1025\" \/>\n\t<meta property=\"og:image:height\" content=\"450\" \/>\n\t<meta property=\"og:image:type\" content=\"image\/jpeg\" \/>\n<meta name=\"twitter:card\" content=\"summary_large_image\" \/>\n<meta name=\"twitter:label1\" content=\"Gesch\u00e4tzte Lesezeit\" \/>\n\t<meta name=\"twitter:data1\" content=\"7\u00a0Minuten\" \/>\n<script type=\"application\/ld+json\" class=\"yoast-schema-graph\">{\"@context\":\"https:\/\/schema.org\",\"@graph\":[{\"@type\":\"WebPage\",\"@id\":\"https:\/\/uelzener.de\/magazin\/hund\/ernaehrung\/duerfen-hunde-bananen-essen\/\",\"url\":\"https:\/\/uelzener.de\/magazin\/hund\/ernaehrung\/duerfen-hunde-bananen-essen\/\",\"name\":\"D\u00fcrfen Hunde Bananen essen? | Uelzener Magazin\",\"isPartOf\":{\"@id\":\"https:\/\/uelzener.de\/magazin\/#website\"},\"primaryImageOfPage\":{\"@id\":\"https:\/\/uelzener.de\/magazin\/hund\/ernaehrung\/duerfen-hunde-bananen-essen\/#primaryimage\"},\"image\":{\"@id\":\"https:\/\/uelzener.de\/magazin\/hund\/ernaehrung\/duerfen-hunde-bananen-essen\/#primaryimage\"},\"thumbnailUrl\":\"https:\/\/uelzener.de\/magazin\/app\/uploads\/2025\/02\/duerfen-hunde-bananen-essen.jpg\",\"datePublished\":\"2025-02-14T09:52:47+00:00\",\"dateModified\":\"2025-09-04T10:48:55+00:00\",\"description\":\"Bananen sind einer unserer liebsten Snacks f\u00fcr zwischendurch, doch wie sieht es bei unseren Hunden aus. Die Antwort gibt es bei uns im Magazin.\",\"breadcrumb\":{\"@id\":\"https:\/\/uelzener.de\/magazin\/hund\/ernaehrung\/duerfen-hunde-bananen-essen\/#breadcrumb\"},\"inLanguage\":\"de\",\"potentialAction\":[{\"@type\":\"ReadAction\",\"target\":[\"https:\/\/uelzener.de\/magazin\/hund\/ernaehrung\/duerfen-hunde-bananen-essen\/\"]}]},{\"@type\":\"ImageObject\",\"inLanguage\":\"de\",\"@id\":\"https:\/\/uelzener.de\/magazin\/hund\/ernaehrung\/duerfen-hunde-bananen-essen\/#primaryimage\",\"url\":\"https:\/\/uelzener.de\/magazin\/app\/uploads\/2025\/02\/duerfen-hunde-bananen-essen.jpg\",\"contentUrl\":\"https:\/\/uelzener.de\/magazin\/app\/uploads\/2025\/02\/duerfen-hunde-bananen-essen.jpg\",\"width\":1025,\"height\":450,\"caption\":\"Ein Hund frisst eine Banane.\"},{\"@type\":\"WebSite\",\"@id\":\"https:\/\/uelzener.de\/magazin\/#website\",\"url\":\"https:\/\/uelzener.de\/magazin\/\",\"name\":\"Uelzener Tiermagazin\",\"description\":\"Online Tierratgeber der Uelzener Versicherungen\",\"publisher\":{\"@id\":\"https:\/\/uelzener.de\/magazin\/#organization\"},\"potentialAction\":[{\"@type\":\"SearchAction\",\"target\":{\"@type\":\"EntryPoint\",\"urlTemplate\":\"https:\/\/uelzener.de\/magazin\/?s={search_term_string}\"},\"query-input\":{\"@type\":\"PropertyValueSpecification\",\"valueRequired\":true,\"valueName\":\"search_term_string\"}}],\"inLanguage\":\"de\"},{\"@type\":\"Organization\",\"@id\":\"https:\/\/uelzener.de\/magazin\/#organization\",\"name\":\"Uelzener Versicherungen\",\"url\":\"https:\/\/uelzener.de\/magazin\/\",\"logo\":{\"@type\":\"ImageObject\",\"inLanguage\":\"de\",\"@id\":\"https:\/\/uelzener.de\/magazin\/#\/schema\/logo\/image\/\",\"url\":\"https:\/\/uelzener.de\/magazin\/app\/uploads\/2024\/11\/uelzener_allgemeine_versicherungsgesellschaft_a_g_logo.jpg\",\"contentUrl\":\"https:\/\/uelzener.de\/magazin\/app\/uploads\/2024\/11\/uelzener_allgemeine_versicherungsgesellschaft_a_g_logo.jpg\",\"width\":200,\"height\":200,\"caption\":\"Uelzener Versicherungen\"},\"image\":{\"@id\":\"https:\/\/uelzener.de\/magazin\/#\/schema\/logo\/image\/\"},\"sameAs\":[\"https:\/\/www.facebook.com\/Uelzener\",\"https:\/\/instagram.com\/uelzener\",\"https:\/\/www.xing.com\/pages\/uelzenerallgemeineversicherungs-gesellschafta-g\",\"https:\/\/www.youtube.com\/UelzenerVersicherungen\"]}]}<\/script>\n<!-- \/ Yoast SEO Premium plugin. -->","yoast_head_json":{"title":"D\u00fcrfen Hunde Bananen essen? | Uelzener Magazin","description":"Bananen sind einer unserer liebsten Snacks f\u00fcr zwischendurch, doch wie sieht es bei unseren Hunden aus. Die Antwort gibt es bei uns im Magazin.","robots":{"index":"index","follow":"follow","max-snippet":"max-snippet:-1","max-image-preview":"max-image-preview:large","max-video-preview":"max-video-preview:-1"},"canonical":"https:\/\/uelzener.de\/magazin\/hund\/ernaehrung\/duerfen-hunde-bananen-essen\/","og_locale":"de_DE","og_type":"article","og_title":"D\u00fcrfen Hunde Bananen essen?","og_description":"Bananen sind einer unserer liebsten Snacks f\u00fcr zwischendurch, doch wie sieht es bei unseren Hunden aus. Die Antwort gibt es bei uns im Magazin.","og_url":"https:\/\/uelzener.de\/magazin\/hund\/ernaehrung\/duerfen-hunde-bananen-essen\/","og_site_name":"Uelzener Tier-Magazin","article_publisher":"https:\/\/www.facebook.com\/Uelzener","article_modified_time":"2025-09-04T10:48:55+00:00","og_image":[{"width":1025,"height":450,"url":"https:\/\/uelzener.de\/magazin\/app\/uploads\/2025\/02\/duerfen-hunde-bananen-essen.jpg","type":"image\/jpeg"}],"twitter_card":"summary_large_image","twitter_misc":{"Gesch\u00e4tzte Lesezeit":"7\u00a0Minuten"},"schema":{"@context":"https:\/\/schema.org","@graph":[{"@type":"WebPage","@id":"https:\/\/uelzener.de\/magazin\/hund\/ernaehrung\/duerfen-hunde-bananen-essen\/","url":"https:\/\/uelzener.de\/magazin\/hund\/ernaehrung\/duerfen-hunde-bananen-essen\/","name":"D\u00fcrfen Hunde Bananen essen? | Uelzener Magazin","isPartOf":{"@id":"https:\/\/uelzener.de\/magazin\/#website"},"primaryImageOfPage":{"@id":"https:\/\/uelzener.de\/magazin\/hund\/ernaehrung\/duerfen-hunde-bananen-essen\/#primaryimage"},"image":{"@id":"https:\/\/uelzener.de\/magazin\/hund\/ernaehrung\/duerfen-hunde-bananen-essen\/#primaryimage"},"thumbnailUrl":"https:\/\/uelzener.de\/magazin\/app\/uploads\/2025\/02\/duerfen-hunde-bananen-essen.jpg","datePublished":"2025-02-14T09:52:47+00:00","dateModified":"2025-09-04T10:48:55+00:00","description":"Bananen sind einer unserer liebsten Snacks f\u00fcr zwischendurch, doch wie sieht es bei unseren Hunden aus. Die Antwort gibt es bei uns im Magazin.","breadcrumb":{"@id":"https:\/\/uelzener.de\/magazin\/hund\/ernaehrung\/duerfen-hunde-bananen-essen\/#breadcrumb"},"inLanguage":"de","potentialAction":[{"@type":"ReadAction","target":["https:\/\/uelzener.de\/magazin\/hund\/ernaehrung\/duerfen-hunde-bananen-essen\/"]}]},{"@type":"ImageObject","inLanguage":"de","@id":"https:\/\/uelzener.de\/magazin\/hund\/ernaehrung\/duerfen-hunde-bananen-essen\/#primaryimage","url":"https:\/\/uelzener.de\/magazin\/app\/uploads\/2025\/02\/duerfen-hunde-bananen-essen.jpg","contentUrl":"https:\/\/uelzener.de\/magazin\/app\/uploads\/2025\/02\/duerfen-hunde-bananen-essen.jpg","width":1025,"height":450,"caption":"Ein Hund frisst eine Banane."},{"@type":"WebSite","@id":"https:\/\/uelzener.de\/magazin\/#website","url":"https:\/\/uelzener.de\/magazin\/","name":"Uelzener Tiermagazin","description":"Online Tierratgeber der Uelzener Versicherungen","publisher":{"@id":"https:\/\/uelzener.de\/magazin\/#organization"},"potentialAction":[{"@type":"SearchAction","target":{"@type":"EntryPoint","urlTemplate":"https:\/\/uelzener.de\/magazin\/?s={search_term_string}"},"query-input":{"@type":"PropertyValueSpecification","valueRequired":true,"valueName":"search_term_string"}}],"inLanguage":"de"},{"@type":"Organization","@id":"https:\/\/uelzener.de\/magazin\/#organization","name":"Uelzener Versicherungen","url":"https:\/\/uelzener.de\/magazin\/","logo":{"@type":"ImageObject","inLanguage":"de","@id":"https:\/\/uelzener.de\/magazin\/#\/schema\/logo\/image\/","url":"https:\/\/uelzener.de\/magazin\/app\/uploads\/2024\/11\/uelzener_allgemeine_versicherungsgesellschaft_a_g_logo.jpg","contentUrl":"https:\/\/uelzener.de\/magazin\/app\/uploads\/2024\/11\/uelzener_allgemeine_versicherungsgesellschaft_a_g_logo.jpg","width":200,"height":200,"caption":"Uelzener Versicherungen"},"image":{"@id":"https:\/\/uelzener.de\/magazin\/#\/schema\/logo\/image\/"},"sameAs":["https:\/\/www.facebook.com\/Uelzener","https:\/\/instagram.com\/uelzener","https:\/\/www.xing.com\/pages\/uelzenerallgemeineversicherungs-gesellschafta-g","https:\/\/www.youtube.com\/UelzenerVersicherungen"]}]}},"_links":{"self":[{"href":"https:\/\/uelzener.de\/magazin\/wp-json\/wp\/v2\/pages\/18185","targetHints":{"allow":["GET"]}}],"collection":[{"href":"https:\/\/uelzener.de\/magazin\/wp-json\/wp\/v2\/pages"}],"about":[{"href":"https:\/\/uelzener.de\/magazin\/wp-json\/wp\/v2\/types\/page"}],"author":[{"embeddable":true,"href":"https:\/\/uelzener.de\/magazin\/wp-json\/wp\/v2\/users\/21"}],"replies":[{"embeddable":true,"href":"https:\/\/uelzener.de\/magazin\/wp-json\/wp\/v2\/comments?post=18185"}],"version-history":[{"count":6,"href":"https:\/\/uelzener.de\/magazin\/wp-json\/wp\/v2\/pages\/18185\/revisions"}],"predecessor-version":[{"id":19148,"href":"https:\/\/uelzener.de\/magazin\/wp-json\/wp\/v2\/pages\/18185\/revisions\/19148"}],"up":[{"embeddable":true,"href":"https:\/\/uelzener.de\/magazin\/wp-json\/wp\/v2\/pages\/11674"}],"wp:featuredmedia":[{"embeddable":true,"href":"https:\/\/uelzener.de\/magazin\/wp-json\/wp\/v2\/media\/18187"}],"wp:attachment":[{"href":"https:\/\/uelzener.de\/magazin\/wp-json\/wp\/v2\/media?parent=18185"}],"curies":[{"name":"wp","href":"https:\/\/api.w.org\/{rel}","templated":true}]}}