{"id":18176,"date":"2025-02-12T11:27:20","date_gmt":"2025-02-12T10:27:20","guid":{"rendered":"https:\/\/uelzener.de\/magazin\/?page_id=18176"},"modified":"2025-11-13T11:50:21","modified_gmt":"2025-11-13T10:50:21","slug":"was-kostet-ein-pferd-anschaffung-und-monatliche-ausgaben","status":"publish","type":"page","link":"https:\/\/uelzener.de\/magazin\/pferd\/haeufige-fragen\/was-kostet-ein-pferd-anschaffung-und-monatliche-ausgaben\/","title":{"rendered":"Was kostet ein Pferd? Anschaffung und monatliche Ausgaben"},"content":{"rendered":"<p>Den Traum vom eigenen Pferd m\u00f6chten sich viele Pferdefans gern erf\u00fcllen. Eine Reitbeteiligung ist zwar eine gute und vor allem kosteng\u00fcnstigere Alternative, bietet jedoch nicht dieselben Freiheiten wie der Besitz eines eigenen Pferdes. Wichtig ist es, sich vorher Gedanken sowohl um einmalige als auch monatlich anfallende Kosten zu machen, um b\u00f6se \u00dcberraschungen zu vermeiden und am Ende nicht in finanzielle Not zu geraten. In unserem Artikel geben wir dir einen \u00dcberblick \u00fcber die Ausgaben, mit denen du rechnen musst, wenn du ein eigenes Pferd kaufen und halten m\u00f6chtest. Unsere Zahlen basieren auf Sch\u00e4tzungen, Erfahrungsberichten von Pferdebesitzerinnen und Pferdebesitzern und aktuellen Recherchen, weswegen sie lediglich Orientierungswerte darstellen. Trotzdem k\u00f6nnen sie dir dabei helfen, besser einzuordnen und ein Gef\u00fchl daf\u00fcr zu bekommen, wie viel ein Pferd eigentlich kostet.<\/p>\n<h2><b>Anschaffungskosten: Pferd und Ausr\u00fcstung kaufen<\/b><\/h2>\n<p>Zu Beginn stehen die Anschaffungskosten f\u00fcr das Pferd selbst und die Ausr\u00fcstung. Der Kaufpreis f\u00fcr ein Pferd kann erheblich sein und stark variieren, da Faktoren wie Rasse, Alter, Stammbaum, Ausbildungslevel, Erfolge und Gesundheitszustand eine gro\u00dfe Rolle spielen. Die Anschaffungskosten beginnen bei mehreren hundert Euro und sind nach oben hin quasi offen. Als bisher teuerstes Pferd der Welt gilt das 1997 geborene amerikanische Vollblut-Rennpferd Fusaichi Pegasus mit einem Verkaufspreis von 64 Millionen US-Dollar. Durchschnittlich liegt die Preisspanne im vier- bis f\u00fcnfstelligen Bereich.<\/p>\n<p>Die Anspr\u00fcche an die Ausr\u00fcstung und die damit einhergehenden Kosten k\u00f6nnen ebenfalls sehr unterschiedlich sein. Im Schnitt solltest du rund 2.000 bis 5.000 Euro f\u00fcr eine Erstausstattung einplanen. Dazu z\u00e4hlen Putz- und Pflegemittel sowie Sattelzeug f\u00fcr das Pferd, geeignete Ausr\u00fcstung f\u00fcr dich als Reiter oder Reiterin und weitere Ausstattung f\u00fcr die Arbeit mit dem Vierbeiner.<\/p>\n<h2><b>Unterbringungskosten: Wo lebt das Pferd?<\/b><\/h2>\n<p>Die Kosten f\u00fcr die Unterbringung eines Pferdes sind von mehrerlei Faktoren abh\u00e4ngig. Folgende Aspekte solltest du abw\u00e4gen, wenn du \u00fcber den Kauf eines Pferdes nachdenkst:<\/p>\n<ul>\n<li aria-level=\"1\"><b>Art der Haltung: <\/b>Soll das Pferd in einer Box untergebracht werden oder in einem Offenstall, der meistens kosteng\u00fcnstiger ist? Kommt ein Aktivstall in Frage?<\/li>\n<\/ul>\n<ul>\n<li aria-level=\"1\"><b>Versorgung: <\/b>Kannst und m\u00f6chtest du die Zeit aufbringen, das Pferd prim\u00e4r selbst zu versorgen (f\u00fcttern, misten, auf die Koppel bringen etc.) oder sollen diese Aufgaben vom Stallpersonal \u00fcbernommen werden?<\/li>\n<\/ul>\n<ul>\n<li aria-level=\"1\"><b>Lage und Region: <\/b>Oftmals sind St\u00e4lle in Stadtn\u00e4he kostspieliger als auf dem Land. Wenn du in der Stadt wohnst, solltest du dich daher fragen, ob du einen l\u00e4ngeren Weg auf dich nehmen kannst und willst. Dabei sind jedoch auch die erh\u00f6hten Spritkosten zu beachten. Zudem sind St\u00e4lle in S\u00fcddeutschland meist teurer als vergleichbare St\u00e4lle im Norden.<\/li>\n<li aria-level=\"1\"><b>Ausstattung: <\/b>Reithalle, Roundpen, F\u00fchrmaschine? Die Ausstattung, die ein Stall bietet, wirkt sich ma\u00dfgeblich auf den Preisrahmen aus.<\/li>\n<\/ul>\n<p>Allgemein lassen sich Stallpl\u00e4tze ab einem monatlichen Preis von ca. 200 Euro bis hin zu 1.000 Euro oder mehr finden, je nachdem wie viel Luxus es sein darf.<\/p>\n<h2><b>Futtermittelkosten: Ausgaben rund um die Ern\u00e4hrung<\/b><\/h2>\n<p>Oft sind Rau- und Kraftfutter bereits in der Stallmiete enthalten. Abh\u00e4ngig von den Bed\u00fcrfnissen des Pferdes k\u00f6nnen Kosten f\u00fcr weitere Futtermittel, wie Mineral- und Zusatzfutter, anfallen. Im Schnitt kannst du mit rund 50 Euro im Monat rechnen.<\/p>\n<p>Solltest du dich selbst um Raufutter k\u00fcmmern, kannst du ungef\u00e4hr 20 Euro f\u00fcr 100 Kilogramm Heu ansetzen. Pro Tag braucht ein Pferd mindestens 1,5 bis 2 Kilogramm Raufutter pro 100 Kilogramm K\u00f6rpergewicht.<\/p>\n<h2><b>Gesundheit und Pflege: Was kosten Tierarzt, Zahnarzt und Hufschmied?<\/b><\/h2>\n<p>Die Kosten f\u00fcr die Gesundheitsversorgung beinhalten Vorsorgeuntersuchungen, aber auch Pflegema\u00dfnahmen wie das Behufen. Tier\u00e4rztliche Leistungen werden gem\u00e4\u00df der Geb\u00fchrenordnung f\u00fcr Tier\u00e4rzte (GOT) berechnet, die einen Geb\u00fchrenrahmen vom einfachen bis zum dreifachen Satz vorgibt. Zu den wichtigsten Gesundheits- und Pflegema\u00dfnahmen z\u00e4hlen:<\/p>\n<ul>\n<li aria-level=\"1\"><b>Entwurmung: <\/b>F\u00fcr erwachsene Pferde wird zwei bis vier Mal im Jahr eine Wurmkur empfohlen, wobei die Intervalle mit dem Tierarzt oder einer Tier\u00e4rztin individuell besprochen werden sollten. F\u00fcr eine Wurmkur fallen etwa 20 Euro an.<\/li>\n<\/ul>\n<ul>\n<li aria-level=\"1\"><b>Impfung: <\/b>Um den geliebten Vierbeiner, aber auch die Stallgenossen zu sch\u00fctzen, sind regelm\u00e4\u00dfige Impfungen notwendig, etwa gegen Tetanus, Influenza und Herpes. Rechne mit circa 50 bis 80 Euro pro Impfung.<\/li>\n<\/ul>\n<ul>\n<li aria-level=\"1\"><b>Zahnpflege: <\/b>Eine Zahnbehandlung beim Pferd sollte mindestens ein Mal im Jahr stattfinden. Die Kosten f\u00fcr eine regul\u00e4re Behandlung ohne besondere Ma\u00dfnahmen liegen bei rund 150 bis 180 Euro.<\/li>\n<li aria-level=\"1\"><b>Hufpflege: <\/b>Wie die N\u00e4gel von Menschen m\u00fcssen auch die Hufe eines Pferdes regelm\u00e4\u00dfig getrimmt werden. Zu diesem Zweck sollte der Hufschmied oder die Hufschmiedin alle 6 bis 8 Wochen zu Besuch kommen. Das Trimmen kostet dich zwischen 30 und 70 Euro. Braucht das Pferd einen Hufbeschlag, steigen die Kosten. Dabei kommt es darauf an, ob nur die vorderen Hufe beschlagen werden sollen oder alle. Auch die Art des Beschlags wirkt sich auf die Kosten aus.<\/li>\n<\/ul>\n<p>Neben den Kosten f\u00fcr Vorsorge und Gesundheitspflege k\u00f6nnen weitere Ausgaben hinzukommen, wenn das Pferd sich verletzt oder erkrankt.<\/p>\n<h2><b>Schutz im Ernstfall: Kosten f\u00fcr Versicherungen<\/b><\/h2>\n<p>Versicherungen rund ums Pferd sind f\u00fcr Halter und Halterinnen enorm sinnvoll, da sie im Ernstfall Schutz vor finanzieller Belastung bieten. Dazu geh\u00f6ren unter anderem:<\/p>\n<ul>\n<li aria-level=\"1\"><a href=\"https:\/\/uelzener.de\/pferd\/pferde-krankenversicherung\/\">Pferdekrankenversicherung<\/a>: Sie \u00fcbernimmt die Ausgaben f\u00fcr konventionelle und operative Behandlungen am Pferd.<\/li>\n<li aria-level=\"1\"><a href=\"https:\/\/uelzener.de\/pferd\/pferde-op-versicherung\/\">Pferde-OP-Versicherung<\/a>: Operationen geh\u00f6ren zu den kostspieligsten tier\u00e4rztlichen Leistungen. Eine OP-Versicherung gibt finanzielle Sicherheit, wenn das Pferd einen chirurgischen Eingriff ben\u00f6tigt.<\/li>\n<li aria-level=\"1\"><a href=\"https:\/\/uelzener.de\/pferd\/pferde-haftpflichtversicherung\/\">Haftptlichtversicherung<\/a>: Eine Haftpflichtversicherung f\u00fcr das Pferd ist zwar nicht gesetzlich vorgeschrieben, jedoch eine sinnvolle Ma\u00dfnahme, da du als Halter oder Halterin haftest, wenn dein Vierbeiner einen Schaden bei Dritten verursacht. Einige Stallbetreiber und -betreiberinnen setzen diese voraus.<\/li>\n<\/ul>\n<p>Je nach individuellem Sicherheitsbed\u00fcrfnis k\u00f6nnen auch andere Versicherungen wie eine Kolik-, Unfall- oder Lebensversicherung sinnvoll sein. Die Uelzener bietet ein <a href=\"https:\/\/uelzener.de\/pferd\/?agt=00044601&amp;sem=true&amp;gad_source=1&amp;gclid=CjwKCAiAtYy9BhBcEiwANWQQL_Xk0GzD4cWI-QXaCIAkHnIbE7uvMcdM6e242gJBoUUWsxVE0W0oXBoCgCQQAvD_BwE\">breites Portfolio an Pferdeversicherungen<\/a> mit umfangreichen Leistungsspektren. Der monatliche Beitrag variiert abh\u00e4ngig davon, f\u00fcr welchen Tarif du dich entscheidest.<\/p>\n<h2><b>Sport und Reiten: Kosten f\u00fcr Unterricht und Turniere<\/b><\/h2>\n<p>F\u00fcr so gut wie jeden Reiter und jede Reiterin ist Reitunterricht eine sinnvolle Investition. Selbst ohne Turnierambitionen ist dieser von Bedeutung, um mit dem Pferd richtig umgehen und arbeiten zu k\u00f6nnen und die eigenen Reitk\u00fcnste kontinuierlich zu verbessern. Der professionelle Blick eines Trainers oder einer Trainerin hat seinen Preis: Rechne mit 25 bis 50 Euro pro Reitstunde, exklusive Fahrtkosten.<\/p>\n<p>Zus\u00e4tzlich zum Unterricht\u00a0 kann es sinnvoll sein, Beritt in Anspruch zu nehmen. Dabei helfen erfahrene Bereiter und Bereiterinnen bei der Ausbildung des Pferdes und nehmen Korrekturen vor. Die Kosten hierf\u00fcr sind vergleichbar mit denen f\u00fcr Reitunterricht, jedoch k\u00f6nnen sie, je nach Erfahrungslevel, auch erheblich h\u00f6her sein.<\/p>\n<p>M\u00f6chtest du mit deinem Pferd bei Turnieren starten, sind verschiedene Aspekte zu beachten. Die Kosten h\u00e4ngen neben dem Startpreis vor allem davon ab, wie weit der Weg zum Turnier ist, ob ein eigener H\u00e4nger vorhanden ist und welche Turnierausstattung du brauchst.<\/p>\n<h2><b>Tipps, um Kosten zu reduzieren<\/b><\/h2>\n<p>Es gibt M\u00f6glichkeiten, die Kosten f\u00fcr den Unterhalt eines Pferdes zu senken. In einigen St\u00e4llen sind zum Beispiel Vereinbarungen m\u00f6glich, gegen Mithilfe einen geringeren Preis zu zahlen. Zudem kannst du dir eine Reitbeteiligung suchen, die dein Pferd reiten und dein Equipment nutzen darf und sich im Gegenzug an den Kosten beteiligt. Eine weitere Option ist es, das Pferd anderen f\u00fcr Reitunterricht zu \u00fcberlassen. Handle hierbei jedoch stets im Sinne deines Vierbeiners, denn keine Ersparnis ist dessen Gesundheit wert.<\/p>\n<h2><b>Fazit<\/b><\/h2>\n<p>Dass der Reitsport kein g\u00fcnstiges Vergn\u00fcgen ist, ist den meisten wahrscheinlich bewusst. Die Entscheidung, sich ein eigenes Pferd anzuschaffen, sollte daher gut \u00fcberlegt sein und erfordert langfristige finanzielle Planung. Lasse dir mit dem Kauf lieber mehr Zeit als zu wenig und pr\u00fcfe deine aktuellen Ausgaben ein paar Monate lang genau, um sicher zu sein, dass die Kosten f\u00fcr ein Pferd perspektivisch zu stemmen sind. Beachte dabei auch, dass immer ein finanzieller Puffer vorhanden sein sollte, damit du bei unerwarteten Ausgaben auf der sicheren Seite bist.<\/p>\n<h2><b>FAQ: H\u00e4ufig gestellte Fragen zum Thema Kosten f\u00fcr ein Pferd<\/b><\/h2>\n<h3><b>Welche Kosten werden h\u00e4ufig \u00fcbersehen?<\/b><\/h3>\n<p>Vor dem Kauf eines Pferdes ist dringend anzuraten, eine tier\u00e4rztliche Untersuchung durchf\u00fchren zu lassen. So wei\u00dft du, wie es um den Gesundheitszustand des Tieres bestellt ist. Je nach Umfang entstehen hier Kosten zwischen 150 und 1.000 Euro. Nicht zu untersch\u00e4tzen sind auch die Kosten f\u00fcr die Reparatur oder den Ersatz von Ausr\u00fcstung. Bedenke, dass manche Gegenst\u00e4nde schnell verschlei\u00dfen oder kaputt gehen k\u00f6nnen, so dass auch \u00f6fter mal etwas nachgekauft bzw. repariert werden muss.<\/p>\n<h3><b>Wie entwickeln sich die Kosten f\u00fcr ein Pferd im Alter<\/b><\/h3>\n<p>Eine Rentnerweide ist h\u00e4ufig etwas preisg\u00fcnstiger als ein Sportstall mit umfangreicher Ausstattung. Daf\u00fcr k\u00f6nnen die Tierarztkosten steigen, da \u00e4ltere Pferde h\u00e4ufiger mit Zahnproblemen, Arthrose oder Stoffwechselerkrankungen zu k\u00e4mpfen haben. Oftmals ben\u00f6tigen \u00e4ltere Pferde zudem spezielle Pflege und Futter, was ins Geld gehen kann.<\/p>\n<h3><b>Welche finanziellen Fehler machen viele Pferdebesitzer?<\/b><\/h3>\n<p>Einer der gr\u00f6\u00dften Fehler ist, die laufenden Kosten zu untersch\u00e4tzen, zumal sich diese beispielsweise aufgrund gesundheitlicher Umst\u00e4nde schlagartig erh\u00f6hen k\u00f6nnen. Ein weiterer Fehler ist das Sparen am falschen Ende. Billiges, unangepasstes Sattelzeug und minderwertiges Futter k\u00f6nnen zu gesundheitlichen Beschwerden f\u00fchren, deren Behandlung viel Geld und Zeit kosten kann..<\/p>\n","protected":false},"excerpt":{"rendered":"<p>Den Traum vom eigenen Pferd m\u00f6chten sich viele Pferdefans gern erf\u00fcllen. Eine Reitbeteiligung ist zwar eine gute und vor allem kosteng\u00fcnstigere Alternative, bietet jedoch nicht dieselben Freiheiten wie der Besitz eines eigenen Pferdes. Wichtig ist es, sich vorher Gedanken sowohl um einmalige als auch monatlich anfallende Kosten zu machen, um b\u00f6se \u00dcberraschungen zu vermeiden und [&hellip;]<\/p>\n","protected":false},"author":21,"featured_media":18177,"parent":11685,"menu_order":0,"comment_status":"closed","ping_status":"closed","template":"templates\/blog.php","meta":{"_acf_changed":false,"_crdt_document":"","footnotes":"","beyondwords_generate_audio":"","beyondwords_project_id":"","beyondwords_content_id":"","beyondwords_preview_token":"","beyondwords_player_style":"","beyondwords_language_id":"","beyondwords_title_voice_id":"","beyondwords_body_voice_id":"","beyondwords_summary_voice_id":"","beyondwords_error_message":"","beyondwords_disabled":"","beyondwords_delete_content":"","beyondwords_podcast_id":"","beyondwords_hash":"","publish_post_to_speechkit":"","speechkit_hash":"","speechkit_generate_audio":"","speechkit_project_id":"","speechkit_podcast_id":"","speechkit_error_message":"","speechkit_disabled":"","speechkit_access_key":"","speechkit_error":"","speechkit_info":"","speechkit_response":"","speechkit_retries":"","speechkit_status":"","speechkit_updated_at":"","_speechkit_link":"","_speechkit_text":""},"class_list":["post-18176","page","type-page","status-publish","has-post-thumbnail","hentry"],"acf":[],"yoast_head":"<!-- This site is optimized with the Yoast SEO Premium plugin  - https:\/\/yoast.com\/product\/yoast-seo-premium-wordpress\/ -->\n<title>Was kostet ein Pferd? Anschaffung und monatliche Ausgaben | Uelzener Magazin<\/title>\n<meta name=\"description\" content=\"Um sich voll aufs Reiten konzentrieren zu k\u00f6nnen, sind eine langfristige finanzielle Planung und viele Gedanken im Voraus notwendig.\" \/>\n<meta name=\"robots\" content=\"index, follow, max-snippet:-1, max-image-preview:large, max-video-preview:-1\" \/>\n<link rel=\"canonical\" href=\"https:\/\/uelzener.de\/magazin\/pferd\/haeufige-fragen\/was-kostet-ein-pferd-anschaffung-und-monatliche-ausgaben\/\" \/>\n<meta property=\"og:locale\" content=\"de_DE\" \/>\n<meta property=\"og:type\" content=\"article\" \/>\n<meta property=\"og:title\" content=\"Was kostet ein Pferd? Anschaffung und monatliche Ausgaben\" \/>\n<meta property=\"og:description\" content=\"Um sich voll aufs Reiten konzentrieren zu k\u00f6nnen, sind eine langfristige finanzielle Planung und viele Gedanken im Voraus notwendig.\" \/>\n<meta property=\"og:url\" content=\"https:\/\/uelzener.de\/magazin\/pferd\/haeufige-fragen\/was-kostet-ein-pferd-anschaffung-und-monatliche-ausgaben\/\" \/>\n<meta property=\"og:site_name\" content=\"Uelzener Tier-Magazin\" \/>\n<meta property=\"article:publisher\" content=\"https:\/\/www.facebook.com\/Uelzener\" \/>\n<meta property=\"article:modified_time\" content=\"2025-11-13T10:50:21+00:00\" \/>\n<meta property=\"og:image\" content=\"https:\/\/uelzener.de\/magazin\/app\/uploads\/2025\/02\/Magazin_Header-1025x450-px-1025x450-px.jpg\" \/>\n\t<meta property=\"og:image:width\" content=\"1025\" \/>\n\t<meta property=\"og:image:height\" content=\"450\" \/>\n\t<meta property=\"og:image:type\" content=\"image\/jpeg\" \/>\n<meta name=\"twitter:card\" content=\"summary_large_image\" \/>\n<meta name=\"twitter:label1\" content=\"Gesch\u00e4tzte Lesezeit\" \/>\n\t<meta name=\"twitter:data1\" content=\"9\u00a0Minuten\" \/>\n<script type=\"application\/ld+json\" class=\"yoast-schema-graph\">{\"@context\":\"https:\/\/schema.org\",\"@graph\":[{\"@type\":\"WebPage\",\"@id\":\"https:\/\/uelzener.de\/magazin\/pferd\/haeufige-fragen\/was-kostet-ein-pferd-anschaffung-und-monatliche-ausgaben\/\",\"url\":\"https:\/\/uelzener.de\/magazin\/pferd\/haeufige-fragen\/was-kostet-ein-pferd-anschaffung-und-monatliche-ausgaben\/\",\"name\":\"Was kostet ein Pferd? Anschaffung und monatliche Ausgaben | Uelzener Magazin\",\"isPartOf\":{\"@id\":\"https:\/\/uelzener.de\/magazin\/#website\"},\"primaryImageOfPage\":{\"@id\":\"https:\/\/uelzener.de\/magazin\/pferd\/haeufige-fragen\/was-kostet-ein-pferd-anschaffung-und-monatliche-ausgaben\/#primaryimage\"},\"image\":{\"@id\":\"https:\/\/uelzener.de\/magazin\/pferd\/haeufige-fragen\/was-kostet-ein-pferd-anschaffung-und-monatliche-ausgaben\/#primaryimage\"},\"thumbnailUrl\":\"https:\/\/uelzener.de\/magazin\/app\/uploads\/2025\/02\/Magazin_Header-1025x450-px-1025x450-px.jpg\",\"datePublished\":\"2025-02-12T10:27:20+00:00\",\"dateModified\":\"2025-11-13T10:50:21+00:00\",\"description\":\"Um sich voll aufs Reiten konzentrieren zu k\u00f6nnen, sind eine langfristige finanzielle Planung und viele Gedanken im Voraus notwendig.\",\"breadcrumb\":{\"@id\":\"https:\/\/uelzener.de\/magazin\/pferd\/haeufige-fragen\/was-kostet-ein-pferd-anschaffung-und-monatliche-ausgaben\/#breadcrumb\"},\"inLanguage\":\"de\",\"potentialAction\":[{\"@type\":\"ReadAction\",\"target\":[\"https:\/\/uelzener.de\/magazin\/pferd\/haeufige-fragen\/was-kostet-ein-pferd-anschaffung-und-monatliche-ausgaben\/\"]}]},{\"@type\":\"ImageObject\",\"inLanguage\":\"de\",\"@id\":\"https:\/\/uelzener.de\/magazin\/pferd\/haeufige-fragen\/was-kostet-ein-pferd-anschaffung-und-monatliche-ausgaben\/#primaryimage\",\"url\":\"https:\/\/uelzener.de\/magazin\/app\/uploads\/2025\/02\/Magazin_Header-1025x450-px-1025x450-px.jpg\",\"contentUrl\":\"https:\/\/uelzener.de\/magazin\/app\/uploads\/2025\/02\/Magazin_Header-1025x450-px-1025x450-px.jpg\",\"width\":1025,\"height\":450,\"caption\":\"zwei Pferde stehen auf einer Weide und fressen Gras.\"},{\"@type\":\"WebSite\",\"@id\":\"https:\/\/uelzener.de\/magazin\/#website\",\"url\":\"https:\/\/uelzener.de\/magazin\/\",\"name\":\"Uelzener Tiermagazin\",\"description\":\"Online Tierratgeber der Uelzener Versicherungen\",\"publisher\":{\"@id\":\"https:\/\/uelzener.de\/magazin\/#organization\"},\"potentialAction\":[{\"@type\":\"SearchAction\",\"target\":{\"@type\":\"EntryPoint\",\"urlTemplate\":\"https:\/\/uelzener.de\/magazin\/?s={search_term_string}\"},\"query-input\":{\"@type\":\"PropertyValueSpecification\",\"valueRequired\":true,\"valueName\":\"search_term_string\"}}],\"inLanguage\":\"de\"},{\"@type\":\"Organization\",\"@id\":\"https:\/\/uelzener.de\/magazin\/#organization\",\"name\":\"Uelzener Versicherungen\",\"url\":\"https:\/\/uelzener.de\/magazin\/\",\"logo\":{\"@type\":\"ImageObject\",\"inLanguage\":\"de\",\"@id\":\"https:\/\/uelzener.de\/magazin\/#\/schema\/logo\/image\/\",\"url\":\"https:\/\/uelzener.de\/magazin\/app\/uploads\/2024\/11\/uelzener_allgemeine_versicherungsgesellschaft_a_g_logo.jpg\",\"contentUrl\":\"https:\/\/uelzener.de\/magazin\/app\/uploads\/2024\/11\/uelzener_allgemeine_versicherungsgesellschaft_a_g_logo.jpg\",\"width\":200,\"height\":200,\"caption\":\"Uelzener Versicherungen\"},\"image\":{\"@id\":\"https:\/\/uelzener.de\/magazin\/#\/schema\/logo\/image\/\"},\"sameAs\":[\"https:\/\/www.facebook.com\/Uelzener\",\"https:\/\/instagram.com\/uelzener\",\"https:\/\/www.xing.com\/pages\/uelzenerallgemeineversicherungs-gesellschafta-g\",\"https:\/\/www.youtube.com\/UelzenerVersicherungen\"]}]}<\/script>\n<!-- \/ Yoast SEO Premium plugin. -->","yoast_head_json":{"title":"Was kostet ein Pferd? Anschaffung und monatliche Ausgaben | Uelzener Magazin","description":"Um sich voll aufs Reiten konzentrieren zu k\u00f6nnen, sind eine langfristige finanzielle Planung und viele Gedanken im Voraus notwendig.","robots":{"index":"index","follow":"follow","max-snippet":"max-snippet:-1","max-image-preview":"max-image-preview:large","max-video-preview":"max-video-preview:-1"},"canonical":"https:\/\/uelzener.de\/magazin\/pferd\/haeufige-fragen\/was-kostet-ein-pferd-anschaffung-und-monatliche-ausgaben\/","og_locale":"de_DE","og_type":"article","og_title":"Was kostet ein Pferd? Anschaffung und monatliche Ausgaben","og_description":"Um sich voll aufs Reiten konzentrieren zu k\u00f6nnen, sind eine langfristige finanzielle Planung und viele Gedanken im Voraus notwendig.","og_url":"https:\/\/uelzener.de\/magazin\/pferd\/haeufige-fragen\/was-kostet-ein-pferd-anschaffung-und-monatliche-ausgaben\/","og_site_name":"Uelzener Tier-Magazin","article_publisher":"https:\/\/www.facebook.com\/Uelzener","article_modified_time":"2025-11-13T10:50:21+00:00","og_image":[{"width":1025,"height":450,"url":"https:\/\/uelzener.de\/magazin\/app\/uploads\/2025\/02\/Magazin_Header-1025x450-px-1025x450-px.jpg","type":"image\/jpeg"}],"twitter_card":"summary_large_image","twitter_misc":{"Gesch\u00e4tzte Lesezeit":"9\u00a0Minuten"},"schema":{"@context":"https:\/\/schema.org","@graph":[{"@type":"WebPage","@id":"https:\/\/uelzener.de\/magazin\/pferd\/haeufige-fragen\/was-kostet-ein-pferd-anschaffung-und-monatliche-ausgaben\/","url":"https:\/\/uelzener.de\/magazin\/pferd\/haeufige-fragen\/was-kostet-ein-pferd-anschaffung-und-monatliche-ausgaben\/","name":"Was kostet ein Pferd? Anschaffung und monatliche Ausgaben | Uelzener Magazin","isPartOf":{"@id":"https:\/\/uelzener.de\/magazin\/#website"},"primaryImageOfPage":{"@id":"https:\/\/uelzener.de\/magazin\/pferd\/haeufige-fragen\/was-kostet-ein-pferd-anschaffung-und-monatliche-ausgaben\/#primaryimage"},"image":{"@id":"https:\/\/uelzener.de\/magazin\/pferd\/haeufige-fragen\/was-kostet-ein-pferd-anschaffung-und-monatliche-ausgaben\/#primaryimage"},"thumbnailUrl":"https:\/\/uelzener.de\/magazin\/app\/uploads\/2025\/02\/Magazin_Header-1025x450-px-1025x450-px.jpg","datePublished":"2025-02-12T10:27:20+00:00","dateModified":"2025-11-13T10:50:21+00:00","description":"Um sich voll aufs Reiten konzentrieren zu k\u00f6nnen, sind eine langfristige finanzielle Planung und viele Gedanken im Voraus notwendig.","breadcrumb":{"@id":"https:\/\/uelzener.de\/magazin\/pferd\/haeufige-fragen\/was-kostet-ein-pferd-anschaffung-und-monatliche-ausgaben\/#breadcrumb"},"inLanguage":"de","potentialAction":[{"@type":"ReadAction","target":["https:\/\/uelzener.de\/magazin\/pferd\/haeufige-fragen\/was-kostet-ein-pferd-anschaffung-und-monatliche-ausgaben\/"]}]},{"@type":"ImageObject","inLanguage":"de","@id":"https:\/\/uelzener.de\/magazin\/pferd\/haeufige-fragen\/was-kostet-ein-pferd-anschaffung-und-monatliche-ausgaben\/#primaryimage","url":"https:\/\/uelzener.de\/magazin\/app\/uploads\/2025\/02\/Magazin_Header-1025x450-px-1025x450-px.jpg","contentUrl":"https:\/\/uelzener.de\/magazin\/app\/uploads\/2025\/02\/Magazin_Header-1025x450-px-1025x450-px.jpg","width":1025,"height":450,"caption":"zwei Pferde stehen auf einer Weide und fressen Gras."},{"@type":"WebSite","@id":"https:\/\/uelzener.de\/magazin\/#website","url":"https:\/\/uelzener.de\/magazin\/","name":"Uelzener Tiermagazin","description":"Online Tierratgeber der Uelzener Versicherungen","publisher":{"@id":"https:\/\/uelzener.de\/magazin\/#organization"},"potentialAction":[{"@type":"SearchAction","target":{"@type":"EntryPoint","urlTemplate":"https:\/\/uelzener.de\/magazin\/?s={search_term_string}"},"query-input":{"@type":"PropertyValueSpecification","valueRequired":true,"valueName":"search_term_string"}}],"inLanguage":"de"},{"@type":"Organization","@id":"https:\/\/uelzener.de\/magazin\/#organization","name":"Uelzener Versicherungen","url":"https:\/\/uelzener.de\/magazin\/","logo":{"@type":"ImageObject","inLanguage":"de","@id":"https:\/\/uelzener.de\/magazin\/#\/schema\/logo\/image\/","url":"https:\/\/uelzener.de\/magazin\/app\/uploads\/2024\/11\/uelzener_allgemeine_versicherungsgesellschaft_a_g_logo.jpg","contentUrl":"https:\/\/uelzener.de\/magazin\/app\/uploads\/2024\/11\/uelzener_allgemeine_versicherungsgesellschaft_a_g_logo.jpg","width":200,"height":200,"caption":"Uelzener Versicherungen"},"image":{"@id":"https:\/\/uelzener.de\/magazin\/#\/schema\/logo\/image\/"},"sameAs":["https:\/\/www.facebook.com\/Uelzener","https:\/\/instagram.com\/uelzener","https:\/\/www.xing.com\/pages\/uelzenerallgemeineversicherungs-gesellschafta-g","https:\/\/www.youtube.com\/UelzenerVersicherungen"]}]}},"_links":{"self":[{"href":"https:\/\/uelzener.de\/magazin\/wp-json\/wp\/v2\/pages\/18176","targetHints":{"allow":["GET"]}}],"collection":[{"href":"https:\/\/uelzener.de\/magazin\/wp-json\/wp\/v2\/pages"}],"about":[{"href":"https:\/\/uelzener.de\/magazin\/wp-json\/wp\/v2\/types\/page"}],"author":[{"embeddable":true,"href":"https:\/\/uelzener.de\/magazin\/wp-json\/wp\/v2\/users\/21"}],"replies":[{"embeddable":true,"href":"https:\/\/uelzener.de\/magazin\/wp-json\/wp\/v2\/comments?post=18176"}],"version-history":[{"count":4,"href":"https:\/\/uelzener.de\/magazin\/wp-json\/wp\/v2\/pages\/18176\/revisions"}],"predecessor-version":[{"id":19518,"href":"https:\/\/uelzener.de\/magazin\/wp-json\/wp\/v2\/pages\/18176\/revisions\/19518"}],"up":[{"embeddable":true,"href":"https:\/\/uelzener.de\/magazin\/wp-json\/wp\/v2\/pages\/11685"}],"wp:featuredmedia":[{"embeddable":true,"href":"https:\/\/uelzener.de\/magazin\/wp-json\/wp\/v2\/media\/18177"}],"wp:attachment":[{"href":"https:\/\/uelzener.de\/magazin\/wp-json\/wp\/v2\/media?parent=18176"}],"curies":[{"name":"wp","href":"https:\/\/api.w.org\/{rel}","templated":true}]}}