{"id":18120,"date":"2025-01-21T15:52:21","date_gmt":"2025-01-21T14:52:21","guid":{"rendered":"https:\/\/uelzener.de\/magazin\/?page_id=18120"},"modified":"2026-01-06T15:21:03","modified_gmt":"2026-01-06T14:21:03","slug":"spondylose-bei-katzen","status":"publish","type":"page","link":"https:\/\/uelzener.de\/magazin\/katze\/tiergesundheit\/spondylose-bei-katzen\/","title":{"rendered":"Spondylose bei Katzen fr\u00fchzeitig erkennen und behandeln"},"content":{"rendered":"<p><span style=\"font-weight: 400;\">Wenn eine lebhafte Katze sich pl\u00f6tzlich nur noch m\u00fchsam bewegt, seltener spielt oder herumtollt, liegt der Verdacht nahe, dass sie unter Schmerzen leidet. Die Ursache hierf\u00fcr kann Spondylose sein \u2013 eine degenerative Erkrankung der Wirbels\u00e4ule. Im fortgeschrittenen Stadium f\u00fchrt Spondylose bei Katzen zu einer verspannten R\u00fcckenmuskulatur, einem ver\u00e4nderten Gangbild und Unsauberkeit. In diesem Artikel erf\u00e4hrst du mehr \u00fcber diese Erkrankung.<\/span><\/p>\n<h2>Das Wichtigste \u00fcber Spondylose bei Katzen auf einen Blick<\/h2>\n<p><span style=\"font-weight: 400;\">\u00c4hnlich wie beim Menschen entsteht Spondylose bei Katzen h\u00e4ufig aufgrund von altersbedingtem Verschlei\u00df oder infolge einer \u00dcberlastung. <a href=\"https:\/\/uelzener.de\/magazin\/katze\/tiergesundheit\/haeufigste-krankheiten-unfaelle-bei-katzen\/\">Unf\u00e4lle<\/a>, St\u00fcrze, Spr\u00fcnge aus gro\u00dfer H\u00f6he sowie \u00dcbergewicht k\u00f6nnen die degenerative Wirbels\u00e4ulenerkrankung beg\u00fcnstigen. Degenerativ bedeutet, dass der Abbau kontinuierlich voranschreitet.\u00a0<\/span><\/p>\n<p><span style=\"font-weight: 400;\">Typisch ist eine Abnutzung von Wirbelk\u00f6rpern und Bandscheiben. In vielen F\u00e4llen sind zun\u00e4chst die Bandscheiben betroffen, die zunehmend an Dichte und Elastizit\u00e4t verlieren. Dieser Prozess f\u00fchrt dazu, dass sich der Abstand zwischen den Wirbelk\u00f6rpern verringert, was wiederum Knochenbildungen verursachen kann. Es entstehen sogenannte Osteophyten: kn\u00f6cherne Zubildungen wie Knochensporne, -h\u00f6cker oder -wucherungen. Auch k\u00f6nnen die verbindenden Facettengelenke besch\u00e4digt werden.\u00a0<\/span><\/p>\n<p><span style=\"font-weight: 400;\">Der fortschreitende Verschlei\u00df erfolgt \u00fcblicherweise in Sch\u00fcben. Dazwischen kann es vorkommen, dass die Katze nahezu beschwerdefrei wirkt oder zumindest weniger Bewegungseinschr\u00e4nkungen zeigt als an anderen Tagen.<\/span><\/p>\n<h2>So erkennst du Wirbels\u00e4ulenprobleme bei deiner Katze<\/h2>\n<p><span style=\"font-weight: 400;\">An Spondylose erkranken meist \u00e4ltere Katzen. Doch auch junge Katzen k\u00f6nnen davon betroffen sein, etwa aus genetischen Gr\u00fcnden\u00a0 oder infolge eines schweren Sturzes. Bei j\u00fcngeren Stubentigern fallen Ver\u00e4nderungen im Gangbild oder im allgemeinen Verhalten oft schneller auf als bei Katzensenioren, die altersbedingt ohnehin mehr Gem\u00e4chlichkeit an den Tag legen. Wir erkl\u00e4ren, wie sich die ersten Anzeichen einer Spondylose bei Katzen bemerkbar machen.<\/span><\/p>\n<p><span style=\"font-weight: 400;\">Im fr\u00fchen Stadium der Erkrankung wirst du m\u00f6glicherweise gar keine Ver\u00e4nderung an deiner Samtpfote wahrnehmen. Das liegt vor allem daran, dass die meisten Katzen ihre Schmerzen verbergen \u2013 zumindest, solange sie dazu noch in der Lage sind. Dennoch gibt es einige Anzeichen, die auf eine Spondylose hindeuten k\u00f6nnten. Dazu z\u00e4hlen:<\/span><\/p>\n<ul>\n<li style=\"font-weight: 400;\" aria-level=\"1\"><b>Ver\u00e4ndertes Gangbild:<\/b><span style=\"font-weight: 400;\"> steife Bewegungen, Schwierigkeiten beim Hinlegen, Aufstehen, Springen oder Krallenwetzen<\/span><\/li>\n<li style=\"font-weight: 400;\" aria-level=\"1\"><b>Verminderte Aktivit\u00e4t:<\/b><span style=\"font-weight: 400;\"> langsameres Tempo und geringe Motivation zum Spielen oder Umhertollen<\/span><\/li>\n<li style=\"font-weight: 400;\" aria-level=\"1\"><b>Vernachl\u00e4ssigung der Fellpflege:<\/b><span style=\"font-weight: 400;\"> struppiges Fell, besonders an f\u00fcr die Katze schwieriger zu erreichenden Stellen<\/span><\/li>\n<li style=\"font-weight: 400;\" aria-level=\"1\"><b>Ungew\u00f6hnliche Laut\u00e4u\u00dferungen:<\/b><span style=\"font-weight: 400;\"> h\u00e4ufiges Miauen oder Fauchen<\/span><\/li>\n<li style=\"font-weight: 400;\" aria-level=\"1\"><b>Ver\u00e4ndertes Sozialverhalten:<\/b><span style=\"font-weight: 400;\"> vermehrter R\u00fcckzug und aggressive Reaktionen auf Ber\u00fchrungen<\/span><\/li>\n<li style=\"font-weight: 400;\" aria-level=\"1\"><b>Inkontinenz und Unsauberkeit:<\/b><span style=\"font-weight: 400;\"> Probleme, die Katzentoilette rechtzeitig zu erreichen, oder h\u00e4ufiger Urin- und Kotabsatz au\u00dferhalb der Toilette<\/span><\/li>\n<\/ul>\n\n<div class=\"related_articles boxed\">\n    <h2>Mehr zum Thema<\/h2>\n    \n    <div class=\"wrapper\"><div class=\"title align-center\"><h3><a href=\"https:\/\/uelzener.de\/magazin\/katze\/tiergesundheit\/blasenentzuendung-bei-katzen\/\">Blasenentz\u00fcndung bei Katzen: Ursache, Symptome, Hausmittel<\/a><\/h3><\/div><div class=\"img align-center\"><img decoding=\"async\" width=\"315\" height=\"180\" src=\"https:\/\/uelzener.de\/magazin\/app\/uploads\/2022\/10\/Katze-Blasenentzuendung-315x180.jpg\" class=\"attachment-315x180 size-315x180 wp-post-image\" alt=\"Katze im offenen Katzenklo. Bei Blasenentz\u00fcndung sp\u00fcren die Tiere h\u00e4ufiger einen Harndrang.\" \/><\/div><\/div><div class=\"wrapper\"><div class=\"title align-center\"><h3><a href=\"https:\/\/uelzener.de\/magazin\/katze\/haltung\/warum-pinkelt-meine-katze-ueberall-hin\/\">Warum pinkelt meine Katze \u00fcberall hin? Ursachen, L\u00f6sungen &#038; Tipps<\/a><\/h3><\/div><div class=\"img align-center\"><img decoding=\"async\" width=\"315\" height=\"180\" src=\"https:\/\/uelzener.de\/magazin\/app\/uploads\/2025\/06\/unsauberkeit-katze-315x180.jpg\" class=\"attachment-315x180 size-315x180 wp-post-image\" alt=\"Katze hockt bei einer gelben Pf\u00fctze, sie hat in die Wohnung gepinkelt.\" \/><\/div><\/div><div class=\"wrapper\"><div class=\"title align-center\"><h3><a href=\"https:\/\/uelzener.de\/magazin\/katze\/erziehung-und-training\/katze-pinkelt-ins-bett\/\">Katze pinkelt ins Bett: M\u00f6gliche Ursachen und Tipps zum Abgew\u00f6hnen<\/a><\/h3><\/div><div class=\"img align-center\"><img decoding=\"async\" width=\"315\" height=\"180\" src=\"https:\/\/uelzener.de\/magazin\/app\/uploads\/2024\/10\/katze-pinkelt-ins-bett-315x180.jpg\" class=\"attachment-315x180 size-315x180 wp-post-image\" alt=\"Katze pinkelt ins Bett.\" \/><\/div><\/div><\/div>\n\n<p><span style=\"font-weight: 400;\">Hinter diesen Symptomen muss nicht immer eine Spondylose stecken. Es gibt eine ganze Reihe von Erkrankungen mit \u00e4hnlichen Anzeichen. Wichtig ist daher, die Ursache tier\u00e4rztlich abzukl\u00e4ren.\u00a0<\/span><\/p>\n<h2>Diagnose von Spondylose bei Katzen<\/h2>\n<p><span style=\"font-weight: 400;\">Sobald deine Katze ein ungew\u00f6hnliches Verhalten zeigt, solltest du eine Tierarztpraxis aufsuchen und deine Beobachtungen schildern. Zuerst wird eine ausf\u00fchrliche Anamnese erstellt. Anschlie\u00dfend erfolgen eine Analyse des Gangbilds und eine gr\u00fcndliche Untersuchung des Bewegungsapparats und anderer K\u00f6rperbereiche.\u00a0<\/span><\/p>\n<p><span style=\"font-weight: 400;\">Sollte der Verdacht auf eine Spondylose bestehen, schafft ein R\u00f6ntgenbild Klarheit. Anhand des R\u00f6ntgenbildes kann der Tierarzt oder die Tier\u00e4rztin m\u00f6gliche Ver\u00e4nderungen an der Wirbels\u00e4ule erkennen und feststellen, wie weit der Verschlei\u00df bereits fortgeschritten ist.\u00a0<\/span><\/p>\n<p><b>Behandlungsm\u00f6glichkeiten bei Wirbels\u00e4ulenverschlei\u00df<\/b><\/p>\n<p><span style=\"font-weight: 400;\">Zwar ist eine Spondylose nicht heilbar, dennoch kannst du etwas tun, damit deine Katze noch ein paar sch\u00f6ne Jahre verleben kann.\u00a0<\/span><\/p>\n<ul>\n<li aria-level=\"1\"><b>Gewichtsmanagement: <\/b><span style=\"font-weight: 400;\">Um den Bewegungsapparat zu entlasten, solltest du auf das Gewicht deiner Katze achten. \u00dcbergewicht gilt es zu vermeiden.<\/span><\/li>\n<\/ul>\n<ul>\n<li aria-level=\"1\"><b>Medikament\u00f6se Therapie: <\/b><span style=\"font-weight: 400;\">Es kann sein, dass der Tierarzt oder die Tier\u00e4rztin Schmerzmittel oder andere Medikamente empfiehlt, um die Beschwerden der Katze zu reduzieren.\u00a0\u00a0<\/span><\/li>\n<\/ul>\n<ul>\n<li aria-level=\"1\"><b>Physiotherapie: <\/b><span style=\"font-weight: 400;\">Gezielte \u00dcbungen und Massagen k\u00f6nnen helfen, Verspannungen zu l\u00f6sen und Fehlhaltungen vorzubeugen.\u00a0<\/span><\/li>\n<\/ul>\n<p><span style=\"font-weight: 400;\">Auch Akupunktur oder hom\u00f6opathische Mittel k\u00f6nnen eine Hilfe sein. Gemeinsam mit dem Tierarzt kannst du die besten Behandlungsm\u00f6glichkeiten f\u00fcr deine Katze eruieren und ihr wieder zu mehr Lebensqualit\u00e4t verhelfen. Mit der <\/span><span style=\"font-weight: 400;\">Uelzener Katzenkrankenversicherung<\/span><span style=\"font-weight: 400;\"> sind du und deine Samtpfote im Ernstfall optimal abgesichert.\u00a0\u00a0<\/span><\/p>\n\n<div class=\"banner\">\n    <a href=\"https:\/\/uelzener.de\/katze\/katzen-krankenversicherung\/?agt=0000104925&sem=true&utm_medium=magazin&utm_source=wordpress&utm_campaign=katze_kv&utm_content=banner\">\n        <img decoding=\"async\" width=\"300\" height=\"212\" src=\"https:\/\/uelzener.de\/magazin\/app\/uploads\/2025\/01\/Katzen-Kranken-Versicherung.jpg\" class=\"attachment-medium size-medium\" alt=\"Banner Katzen-Kranken-Versicherung\" \/>    <\/a>\n<\/div>\n\n<h3>Hilfsmittel f\u00fcr den Alltag<\/h3>\n<p><span style=\"font-weight: 400;\">Ist der Wirbels\u00e4ulenverschlei\u00df weiter fortgeschritten und schr\u00e4nkt deine Katze zunehmend ein, kannst du ihr den Alltag schon mit ein paar Kniffen und Hilfsmitteln erleichtern.\u00a0<\/span><\/p>\n<ul>\n<li style=\"font-weight: 400;\" aria-level=\"1\"><b>Einfach zu erreichende Liegepl\u00e4tze:<\/b><span style=\"font-weight: 400;\"> Wenn dein Stubentiger das Springen bereits vermeidet, ist es sinnvoll, Liegepl\u00e4tze an leicht zug\u00e4nglichen Stellen einzurichten. Achte darauf, dass die Katze dort weder K\u00e4lte noch Zug ausgesetzt ist. Der Platz sollte warm, behaglich und gesch\u00fctzt sein.<\/span><\/li>\n<li style=\"font-weight: 400;\" aria-level=\"1\"><b>Regelm\u00e4\u00dfige Krallenpflege:<\/b><span style=\"font-weight: 400;\"> Sollte deine Katze nicht mehr an den Kratzbaum gehen, musst du die Krallenpflege \u00fcbernehmen. Zu lange Krallen bedeuten n\u00e4mlich ein erh\u00f6htes Verletzungsrisiko. <\/span><a href=\"https:\/\/uelzener.de\/magazin\/katze\/haeufige-fragen\/krallen-schneiden-bei-katzen\/\"><span style=\"font-weight: 400;\">Hier<\/span><\/a><span style=\"font-weight: 400;\"> findest du praktische Tipps zum Krallenschneiden bei Katzen.\u00a0<\/span><\/li>\n<li style=\"font-weight: 400;\" aria-level=\"1\"><b>Rampen: <\/b><span style=\"font-weight: 400;\">Deine Katze liebt es, neben dir auf der Couch zu d\u00f6sen? Mit einer kleinen Rampe hilft du ihr, besser hinaufzukommen. Solche Rampen kannst du auch an erh\u00f6hten Liegepl\u00e4tzen und anderen Stellen einsetzen.\u00a0<\/span><\/li>\n<li style=\"font-weight: 400;\" aria-level=\"1\"><b>Katzentoilette mit niedrigem Einstieg:<\/b><span style=\"font-weight: 400;\"> Damit deine Katze weiterhin problemlos das Katzenklo nutzen kann, solltest du auf Modelle mit besonders niedrigem Einstieg setzen.\u00a0<\/span><\/li>\n<\/ul>\n<p><span style=\"font-weight: 400;\">Es gibt allerhand, womit du deiner Katze Gutes tun kannst. Schon kleine Ver\u00e4nderungen in der Umgebung oder in der Routine k\u00f6nnen ihr dabei helfen, den Alltag besser zu bew\u00e4ltigen.\u00a0<\/span><\/p>\n<h2>Fazit<\/h2>\n<p><span style=\"font-weight: 400;\">Zwar ist Spondylose nicht heilbar, es gibt jedoch Mittel und Wege, die Lebensqualit\u00e4t deiner Katze aufrechtzuerhalten oder zu verbessern. Entscheidend hierf\u00fcr ist eine fr\u00fchzeitige Diagnose. Sobald du ein ungew\u00f6hnliches Verhalten an deiner Katze bemerkst, solltest du deine Tierarztpraxis aufsuchen und deine Samtpfote gr\u00fcndlich durchchecken lassen. So kannst du sicher sein, dass sie die optimale Behandlung erf\u00e4hrt, und gemeinsam mit deinem Tierarzt oder deiner Tier\u00e4rztin Ma\u00dfnahmen besprechen, die den Alltag deiner Katze erleichtern.\u00a0<\/span><\/p>\n<h2>FAQ: H\u00e4ufig gestellte Fragen zu Spondylose bei Katzen<\/h2>\n<h3>K\u00f6nnen Spondyloseschmerzen von allein verschwinden?<\/h3>\n<p><span style=\"font-weight: 400;\">Nein. Mit fortschreitendem Krankheitsverlauf k\u00f6nnen die Schmerzen sogar zunehmen. Zwar ist es m\u00f6glich, dass die Symptome zwischen den Sch\u00fcben abklingen, doch das ist im Regelfall nur von kurzer Dauer. Eine tier\u00e4rztliche Behandlung ist daher notwendig, um die Schmerzen zu lindern.\u00a0<\/span><\/p>\n<h3>Ist \u00dcbergewicht ein hoher Risikofaktor f\u00fcr Katzen, um an Spondylose zu erkranken?<\/h3>\n<p><span style=\"font-weight: 400;\">\u00dcbergewicht belastet die Wirbels\u00e4ule \u00fcberdurchschnittlich und kann somit die Entwicklung von Spondylose beg\u00fcnstigen. Mit einer gezielten Ern\u00e4hrungsumstellung ist es aber m\u00f6glich, das Gewicht und somit die Belastung auf die Wirbels\u00e4ule zu reduzieren.\u00a0<\/span><\/p>\n<h3>Wie alt werden an Spondylose erkrankte Katzen?<\/h3>\n<p><span style=\"font-weight: 400;\">Von Spondylose betroffene Katzen k\u00f6nnen ein hohes Alter erreichen. Wichtig ist, die Lebensqualit\u00e4t durch Schmerzlinderung und Hilfestellungen im Alltag m\u00f6glichst lang zu erhalten.\u00a0<\/span><\/p>\n<h3>Wie kann Spondylose bei Katzen verhindert werden?<\/h3>\n<p><span style=\"font-weight: 400;\">Eine artgerechte Haltung mit ausgewogener Ern\u00e4hrung und regelm\u00e4\u00dfiger Bewegung sind entscheidend f\u00fcr das Wohlergehen und die Gesundheit von Katzen und k\u00f6nnen das Risiko, an Spondylose zu erkranken, verringern. Dennoch kann selbst die ges\u00fcndeste Katze aufgrund ihres Alters, ihrer Genetik oder infolge eines Sturzes an Spondylose erkranken. G\u00e4nzlich verhindern l\u00e4sst sich eine Erkrankung somit selbst bei gr\u00f6\u00dfter Vorsicht nicht. <\/span><\/p>\n","protected":false},"excerpt":{"rendered":"<p>Wenn eine lebhafte Katze sich pl\u00f6tzlich nur noch m\u00fchsam bewegt, seltener spielt oder herumtollt, liegt der Verdacht nahe, dass sie unter Schmerzen leidet. Die Ursache hierf\u00fcr kann Spondylose sein \u2013 eine degenerative Erkrankung der Wirbels\u00e4ule. Im fortgeschrittenen Stadium f\u00fchrt Spondylose bei Katzen zu einer verspannten R\u00fcckenmuskulatur, einem ver\u00e4nderten Gangbild und Unsauberkeit. In diesem Artikel erf\u00e4hrst [&hellip;]<\/p>\n","protected":false},"author":11,"featured_media":18130,"parent":11712,"menu_order":33,"comment_status":"closed","ping_status":"closed","template":"templates\/blog.php","meta":{"_acf_changed":false,"_crdt_document":"","footnotes":"","beyondwords_generate_audio":"","beyondwords_project_id":"","beyondwords_content_id":"","beyondwords_preview_token":"","beyondwords_player_style":"","beyondwords_language_id":"","beyondwords_title_voice_id":"","beyondwords_body_voice_id":"","beyondwords_summary_voice_id":"","beyondwords_error_message":"","beyondwords_disabled":"","beyondwords_delete_content":"","beyondwords_podcast_id":"","beyondwords_hash":"","publish_post_to_speechkit":"","speechkit_hash":"","speechkit_generate_audio":"","speechkit_project_id":"","speechkit_podcast_id":"","speechkit_error_message":"","speechkit_disabled":"","speechkit_access_key":"","speechkit_error":"","speechkit_info":"","speechkit_response":"","speechkit_retries":"","speechkit_status":"","speechkit_updated_at":"","_speechkit_link":"","_speechkit_text":""},"class_list":["post-18120","page","type-page","status-publish","has-post-thumbnail","hentry"],"acf":[],"yoast_head":"<!-- This site is optimized with the Yoast SEO Premium plugin  - https:\/\/yoast.com\/product\/yoast-seo-premium-wordpress\/ -->\n<title>Spondylose bei Katzen fr\u00fchzeitig erkennen und behandeln | Uelzener Magazin<\/title>\n<meta name=\"description\" content=\"Erfahre mehr \u00fcber Spondylose bei Katzen, eine degenerative Wirbels\u00e4ulenerkrankung, die Bewegungsprobleme verursachen kann.\" \/>\n<meta name=\"robots\" content=\"index, follow, max-snippet:-1, max-image-preview:large, max-video-preview:-1\" \/>\n<link rel=\"canonical\" href=\"https:\/\/uelzener.de\/magazin\/katze\/tiergesundheit\/spondylose-bei-katzen\/\" \/>\n<meta property=\"og:locale\" content=\"de_DE\" \/>\n<meta property=\"og:type\" content=\"article\" \/>\n<meta property=\"og:title\" content=\"Spondylose bei Katzen fr\u00fchzeitig erkennen und behandeln\" \/>\n<meta property=\"og:description\" content=\"Erfahre mehr \u00fcber Spondylose bei Katzen, eine degenerative Wirbels\u00e4ulenerkrankung, die Bewegungsprobleme verursachen kann.\" \/>\n<meta property=\"og:url\" content=\"https:\/\/uelzener.de\/magazin\/katze\/tiergesundheit\/spondylose-bei-katzen\/\" \/>\n<meta property=\"og:site_name\" content=\"Uelzener Tier-Magazin\" \/>\n<meta property=\"article:publisher\" content=\"https:\/\/www.facebook.com\/Uelzener\" \/>\n<meta property=\"article:modified_time\" content=\"2026-01-06T14:21:03+00:00\" \/>\n<meta property=\"og:image\" content=\"https:\/\/uelzener.de\/magazin\/app\/uploads\/2025\/01\/spondylose-katze.jpg\" \/>\n\t<meta property=\"og:image:width\" content=\"1025\" \/>\n\t<meta property=\"og:image:height\" content=\"450\" \/>\n\t<meta property=\"og:image:type\" content=\"image\/jpeg\" \/>\n<meta name=\"twitter:card\" content=\"summary_large_image\" \/>\n<meta name=\"twitter:label1\" content=\"Gesch\u00e4tzte Lesezeit\" \/>\n\t<meta name=\"twitter:data1\" content=\"7\u00a0Minuten\" \/>\n<script type=\"application\/ld+json\" class=\"yoast-schema-graph\">{\"@context\":\"https:\/\/schema.org\",\"@graph\":[{\"@type\":\"WebPage\",\"@id\":\"https:\/\/uelzener.de\/magazin\/katze\/tiergesundheit\/spondylose-bei-katzen\/\",\"url\":\"https:\/\/uelzener.de\/magazin\/katze\/tiergesundheit\/spondylose-bei-katzen\/\",\"name\":\"Spondylose bei Katzen fr\u00fchzeitig erkennen und behandeln | Uelzener Magazin\",\"isPartOf\":{\"@id\":\"https:\/\/uelzener.de\/magazin\/#website\"},\"primaryImageOfPage\":{\"@id\":\"https:\/\/uelzener.de\/magazin\/katze\/tiergesundheit\/spondylose-bei-katzen\/#primaryimage\"},\"image\":{\"@id\":\"https:\/\/uelzener.de\/magazin\/katze\/tiergesundheit\/spondylose-bei-katzen\/#primaryimage\"},\"thumbnailUrl\":\"https:\/\/uelzener.de\/magazin\/app\/uploads\/2025\/01\/spondylose-katze.jpg\",\"datePublished\":\"2025-01-21T14:52:21+00:00\",\"dateModified\":\"2026-01-06T14:21:03+00:00\",\"description\":\"Erfahre mehr \u00fcber Spondylose bei Katzen, eine degenerative Wirbels\u00e4ulenerkrankung, die Bewegungsprobleme verursachen kann.\",\"breadcrumb\":{\"@id\":\"https:\/\/uelzener.de\/magazin\/katze\/tiergesundheit\/spondylose-bei-katzen\/#breadcrumb\"},\"inLanguage\":\"de\",\"potentialAction\":[{\"@type\":\"ReadAction\",\"target\":[\"https:\/\/uelzener.de\/magazin\/katze\/tiergesundheit\/spondylose-bei-katzen\/\"]}]},{\"@type\":\"ImageObject\",\"inLanguage\":\"de\",\"@id\":\"https:\/\/uelzener.de\/magazin\/katze\/tiergesundheit\/spondylose-bei-katzen\/#primaryimage\",\"url\":\"https:\/\/uelzener.de\/magazin\/app\/uploads\/2025\/01\/spondylose-katze.jpg\",\"contentUrl\":\"https:\/\/uelzener.de\/magazin\/app\/uploads\/2025\/01\/spondylose-katze.jpg\",\"width\":1025,\"height\":450,\"caption\":\"Katze mit Spondylose.\"},{\"@type\":\"WebSite\",\"@id\":\"https:\/\/uelzener.de\/magazin\/#website\",\"url\":\"https:\/\/uelzener.de\/magazin\/\",\"name\":\"Uelzener Tiermagazin\",\"description\":\"Online Tierratgeber der Uelzener Versicherungen\",\"publisher\":{\"@id\":\"https:\/\/uelzener.de\/magazin\/#organization\"},\"potentialAction\":[{\"@type\":\"SearchAction\",\"target\":{\"@type\":\"EntryPoint\",\"urlTemplate\":\"https:\/\/uelzener.de\/magazin\/?s={search_term_string}\"},\"query-input\":{\"@type\":\"PropertyValueSpecification\",\"valueRequired\":true,\"valueName\":\"search_term_string\"}}],\"inLanguage\":\"de\"},{\"@type\":\"Organization\",\"@id\":\"https:\/\/uelzener.de\/magazin\/#organization\",\"name\":\"Uelzener Versicherungen\",\"url\":\"https:\/\/uelzener.de\/magazin\/\",\"logo\":{\"@type\":\"ImageObject\",\"inLanguage\":\"de\",\"@id\":\"https:\/\/uelzener.de\/magazin\/#\/schema\/logo\/image\/\",\"url\":\"https:\/\/uelzener.de\/magazin\/app\/uploads\/2024\/11\/uelzener_allgemeine_versicherungsgesellschaft_a_g_logo.jpg\",\"contentUrl\":\"https:\/\/uelzener.de\/magazin\/app\/uploads\/2024\/11\/uelzener_allgemeine_versicherungsgesellschaft_a_g_logo.jpg\",\"width\":200,\"height\":200,\"caption\":\"Uelzener Versicherungen\"},\"image\":{\"@id\":\"https:\/\/uelzener.de\/magazin\/#\/schema\/logo\/image\/\"},\"sameAs\":[\"https:\/\/www.facebook.com\/Uelzener\",\"https:\/\/instagram.com\/uelzener\",\"https:\/\/www.xing.com\/pages\/uelzenerallgemeineversicherungs-gesellschafta-g\",\"https:\/\/www.youtube.com\/UelzenerVersicherungen\"]}]}<\/script>\n<!-- \/ Yoast SEO Premium plugin. -->","yoast_head_json":{"title":"Spondylose bei Katzen fr\u00fchzeitig erkennen und behandeln | Uelzener Magazin","description":"Erfahre mehr \u00fcber Spondylose bei Katzen, eine degenerative Wirbels\u00e4ulenerkrankung, die Bewegungsprobleme verursachen kann.","robots":{"index":"index","follow":"follow","max-snippet":"max-snippet:-1","max-image-preview":"max-image-preview:large","max-video-preview":"max-video-preview:-1"},"canonical":"https:\/\/uelzener.de\/magazin\/katze\/tiergesundheit\/spondylose-bei-katzen\/","og_locale":"de_DE","og_type":"article","og_title":"Spondylose bei Katzen fr\u00fchzeitig erkennen und behandeln","og_description":"Erfahre mehr \u00fcber Spondylose bei Katzen, eine degenerative Wirbels\u00e4ulenerkrankung, die Bewegungsprobleme verursachen kann.","og_url":"https:\/\/uelzener.de\/magazin\/katze\/tiergesundheit\/spondylose-bei-katzen\/","og_site_name":"Uelzener Tier-Magazin","article_publisher":"https:\/\/www.facebook.com\/Uelzener","article_modified_time":"2026-01-06T14:21:03+00:00","og_image":[{"width":1025,"height":450,"url":"https:\/\/uelzener.de\/magazin\/app\/uploads\/2025\/01\/spondylose-katze.jpg","type":"image\/jpeg"}],"twitter_card":"summary_large_image","twitter_misc":{"Gesch\u00e4tzte Lesezeit":"7\u00a0Minuten"},"schema":{"@context":"https:\/\/schema.org","@graph":[{"@type":"WebPage","@id":"https:\/\/uelzener.de\/magazin\/katze\/tiergesundheit\/spondylose-bei-katzen\/","url":"https:\/\/uelzener.de\/magazin\/katze\/tiergesundheit\/spondylose-bei-katzen\/","name":"Spondylose bei Katzen fr\u00fchzeitig erkennen und behandeln | Uelzener Magazin","isPartOf":{"@id":"https:\/\/uelzener.de\/magazin\/#website"},"primaryImageOfPage":{"@id":"https:\/\/uelzener.de\/magazin\/katze\/tiergesundheit\/spondylose-bei-katzen\/#primaryimage"},"image":{"@id":"https:\/\/uelzener.de\/magazin\/katze\/tiergesundheit\/spondylose-bei-katzen\/#primaryimage"},"thumbnailUrl":"https:\/\/uelzener.de\/magazin\/app\/uploads\/2025\/01\/spondylose-katze.jpg","datePublished":"2025-01-21T14:52:21+00:00","dateModified":"2026-01-06T14:21:03+00:00","description":"Erfahre mehr \u00fcber Spondylose bei Katzen, eine degenerative Wirbels\u00e4ulenerkrankung, die Bewegungsprobleme verursachen kann.","breadcrumb":{"@id":"https:\/\/uelzener.de\/magazin\/katze\/tiergesundheit\/spondylose-bei-katzen\/#breadcrumb"},"inLanguage":"de","potentialAction":[{"@type":"ReadAction","target":["https:\/\/uelzener.de\/magazin\/katze\/tiergesundheit\/spondylose-bei-katzen\/"]}]},{"@type":"ImageObject","inLanguage":"de","@id":"https:\/\/uelzener.de\/magazin\/katze\/tiergesundheit\/spondylose-bei-katzen\/#primaryimage","url":"https:\/\/uelzener.de\/magazin\/app\/uploads\/2025\/01\/spondylose-katze.jpg","contentUrl":"https:\/\/uelzener.de\/magazin\/app\/uploads\/2025\/01\/spondylose-katze.jpg","width":1025,"height":450,"caption":"Katze mit Spondylose."},{"@type":"WebSite","@id":"https:\/\/uelzener.de\/magazin\/#website","url":"https:\/\/uelzener.de\/magazin\/","name":"Uelzener Tiermagazin","description":"Online Tierratgeber der Uelzener Versicherungen","publisher":{"@id":"https:\/\/uelzener.de\/magazin\/#organization"},"potentialAction":[{"@type":"SearchAction","target":{"@type":"EntryPoint","urlTemplate":"https:\/\/uelzener.de\/magazin\/?s={search_term_string}"},"query-input":{"@type":"PropertyValueSpecification","valueRequired":true,"valueName":"search_term_string"}}],"inLanguage":"de"},{"@type":"Organization","@id":"https:\/\/uelzener.de\/magazin\/#organization","name":"Uelzener Versicherungen","url":"https:\/\/uelzener.de\/magazin\/","logo":{"@type":"ImageObject","inLanguage":"de","@id":"https:\/\/uelzener.de\/magazin\/#\/schema\/logo\/image\/","url":"https:\/\/uelzener.de\/magazin\/app\/uploads\/2024\/11\/uelzener_allgemeine_versicherungsgesellschaft_a_g_logo.jpg","contentUrl":"https:\/\/uelzener.de\/magazin\/app\/uploads\/2024\/11\/uelzener_allgemeine_versicherungsgesellschaft_a_g_logo.jpg","width":200,"height":200,"caption":"Uelzener Versicherungen"},"image":{"@id":"https:\/\/uelzener.de\/magazin\/#\/schema\/logo\/image\/"},"sameAs":["https:\/\/www.facebook.com\/Uelzener","https:\/\/instagram.com\/uelzener","https:\/\/www.xing.com\/pages\/uelzenerallgemeineversicherungs-gesellschafta-g","https:\/\/www.youtube.com\/UelzenerVersicherungen"]}]}},"_links":{"self":[{"href":"https:\/\/uelzener.de\/magazin\/wp-json\/wp\/v2\/pages\/18120","targetHints":{"allow":["GET"]}}],"collection":[{"href":"https:\/\/uelzener.de\/magazin\/wp-json\/wp\/v2\/pages"}],"about":[{"href":"https:\/\/uelzener.de\/magazin\/wp-json\/wp\/v2\/types\/page"}],"author":[{"embeddable":true,"href":"https:\/\/uelzener.de\/magazin\/wp-json\/wp\/v2\/users\/11"}],"replies":[{"embeddable":true,"href":"https:\/\/uelzener.de\/magazin\/wp-json\/wp\/v2\/comments?post=18120"}],"version-history":[{"count":7,"href":"https:\/\/uelzener.de\/magazin\/wp-json\/wp\/v2\/pages\/18120\/revisions"}],"predecessor-version":[{"id":19677,"href":"https:\/\/uelzener.de\/magazin\/wp-json\/wp\/v2\/pages\/18120\/revisions\/19677"}],"up":[{"embeddable":true,"href":"https:\/\/uelzener.de\/magazin\/wp-json\/wp\/v2\/pages\/11712"}],"wp:featuredmedia":[{"embeddable":true,"href":"https:\/\/uelzener.de\/magazin\/wp-json\/wp\/v2\/media\/18130"}],"wp:attachment":[{"href":"https:\/\/uelzener.de\/magazin\/wp-json\/wp\/v2\/media?parent=18120"}],"curies":[{"name":"wp","href":"https:\/\/api.w.org\/{rel}","templated":true}]}}