{"id":18106,"date":"2025-01-10T12:07:26","date_gmt":"2025-01-10T11:07:26","guid":{"rendered":"https:\/\/uelzener.de\/magazin\/?page_id=18106"},"modified":"2025-07-07T15:34:58","modified_gmt":"2025-07-07T13:34:58","slug":"grauer-star-beim-pferd","status":"publish","type":"page","link":"https:\/\/uelzener.de\/magazin\/pferd\/tiergesundheit\/grauer-star-beim-pferd\/","title":{"rendered":"Grauer Star beim Pferd: Was tun, wenn die Augen tr\u00fcbe werden?"},"content":{"rendered":"<p class=\"ai-optimize-6 ai-optimize-introduction\">Der Graue Star, medizinisch Katarakt genannt, ist eine Augenerkrankung, die bei Pferden verh\u00e4ltnism\u00e4\u00dfig h\u00e4ufig vorkommt und insbesondere \u00e4ltere Tiere betrifft. Es handelt sich dabei um eine Tr\u00fcbung der Augenlinse, die unbehandelt immer weiter fortschreitet und zu einem beeintr\u00e4chtigten Sehverm\u00f6gen bis hin zur vollst\u00e4ndigen Erblindung f\u00fchren kann. Die Ursachen f\u00fcr die Erkrankung sind vielf\u00e4ltig. So kann eine Katarakt beispielsweise aus einer anderen Augenerkrankung resultieren, aber auch genetisch bedingt sein. In unserem Artikel erf\u00e4hrst du alles, was du zum Thema Grauer Star beim Pferd wissen musst.<\/p>\n<h2 class=\"ai-optimize-7\">Wie entsteht Grauer Star beim Pferd?<\/h2>\n<p class=\"ai-optimize-8\">Grauer Star ist eine ernstzunehmende Augenkrankheit, bei der sich die Linse des Pferdeauges eintr\u00fcbt. Der Prozess ist schleichend und gerade im Anfangsstadium kann es schwerfallen, die Erkrankung zu erkennen. Die Tr\u00fcbung f\u00fchrt dazu, dass weniger Licht durch die Linse hindurchdringt und zum Augenhintergrund gelangt. Dadurch entstehen keine scharfen Bilder mehr auf der Netzhaut. Das Pferd sieht wie durch einen Schleier, der im weiteren Verlauf dichter wird. Die Sicht ist kontrastarm und bei schlechten Lichtverh\u00e4ltnissen erschwert. Ist die Linse vollst\u00e4ndig getr\u00fcbt, erblindet das Tier.<\/p>\n<p class=\"ai-optimize-9\">Grauer Star beim Pferd kann angeboren oder erworben sein. Er entwickelt sich aufgrund einer ver\u00e4nderten Zusammensetzung der Augenlinse, was wiederum auf verschiedene Faktoren zur\u00fcckgef\u00fchrt und beispielsweise altersbedingt sein kann. An Grauem Star erkranken n\u00e4mlich vor allem \u00e4ltere Pferde. Aber auch Jungtiere k\u00f6nnen betroffen sein, etwa aufgrund einer genetischen Disposition. Des Weiteren kann Grauer Star bei Pferden als Folge einer Augenentz\u00fcndung (Uveitis) oder Augenverletzung auftreten oder durch bestimmte Stoffwechselerkrankungen hervorgerufen werden.<\/p>\n<h2 class=\"ai-optimize-10\">Formen des Grauen Stars beim Pferd<\/h2>\n<p class=\"ai-optimize-11\">Die Augenlinse eines Pferdes ist normalerweise klar und elastisch. Ihre Aufgabe ist es, einfallendes Licht im Zusammenspiel mit der Hornhaut zu b\u00fcndeln und auf den Augenhintergrund zu lenken, so dass auf der Netzhaut ein scharfes Bild entstehen kann. Die Augenlinse besteht aus einem Linsenkern in der Mitte, einer Linsenrinde, die den Kern umgibt, und einer Linsenkapsel, die die \u00e4u\u00dfere H\u00fclle bildet. Abh\u00e4ngig von der Lage der Tr\u00fcbung werden drei Formen des Grauen Stars beim Pferd unterschieden:<\/p>\n<ul>\n<li class=\"ai-optimize-12\">Rindenstar: Beim Rindenstar ist nur die Linsenrinde betroffen. Der Linsenkern in der Mitte bleibt klar, so dass das Licht relativ ungehindert hindurchdringen und das Pferd weiterhin gut sehen kann.<\/li>\n<li class=\"ai-optimize-13\">Kernstar: Beim Kernstar verh\u00e4lt es sich umgekehrt. Hier bleibt die Linsenrinde klar, w\u00e4hrend sich die Tr\u00fcbung auf den Linsenkern konzentriert. Das Licht wird nicht mehr hindurchgelassen, sondern gestreut, was zu einer verschwommenen Sicht f\u00fchrt.<\/li>\n<li class=\"ai-optimize-14\">Totalstar: Beim Totalstar sind Linsenkern und -rinde gleicherma\u00dfen von der Tr\u00fcbung betroffen. In dem Fall ist das Sehen fast gar nicht mehr m\u00f6glich.<\/li>\n<\/ul>\n<p class=\"ai-optimize-15\">Pferde k\u00f6nnen an einem, aber auch an beiden Augen an Grauem Star erkranken. Bleibt das unbemerkt, nimmt die Tr\u00fcbung zu und das Sehverm\u00f6gen mehr und mehr ab. Im schlimmsten Fall kommt es zur vollst\u00e4ndigen Erblindung.<\/p>\n<h2 class=\"ai-optimize-16\">Wie kann man Grauen Star beim Pferd erkennen?<\/h2>\n<p class=\"ai-optimize-17\">Grauen Star beim Pferd rechtzeitig zu erkennen, gestaltet sich schwierig, denn wenn Symptome auftreten, ist die Erkrankung meist schon fortgeschritten. M\u00f6gliche Anzeichen sind:<\/p>\n<ul>\n<li class=\"ai-optimize-18\">milchig-graue Tr\u00fcbung der Linse<\/li>\n<li class=\"ai-optimize-19\">vermehrtes Blinzeln<\/li>\n<li class=\"ai-optimize-20\">Augenausfluss<\/li>\n<li class=\"ai-optimize-21\">ver\u00e4nderte Pupillenweite<\/li>\n<li class=\"ai-optimize-22\">eingeschr\u00e4nkte Hell-Dunkel-Anpassung<\/li>\n<li class=\"ai-optimize-23\">Licht- und Blendeempfindlichkeit<\/li>\n<li class=\"ai-optimize-24\">Probleme, in schlecht beleuchteten Umgebungen zu sehen<\/li>\n<li class=\"ai-optimize-25\">h\u00e4ufiges Kopfsch\u00fctteln<\/li>\n<li class=\"ai-optimize-26\">Unsicherheit, erh\u00f6hte Schreckhaftigkeit, Scheuen<\/li>\n<li class=\"ai-optimize-27\">Ansto\u00dfen an Gegenst\u00e4nde oder Hindernisse<\/li>\n<\/ul>\n<p class=\"ai-optimize-28\">Um Grauen Star beim Pferd so fr\u00fch wie m\u00f6glich feststellen zu k\u00f6nnen, sind regelm\u00e4\u00dfige Vorsorgeuntersuchungen sehr wichtig. Der Tierarzt oder die Tier\u00e4rztin hat die geeigneten Mittel und Kenntnisse, bereits kleine Ver\u00e4nderungen am Auge ausfindig zu machen, richtig einzuordnen und bei Bedarf entsprechende Gegenma\u00dfnahmen einzuleiten.<\/p>\n<h2 class=\"ai-optimize-29\">Behandlungsm\u00f6glichkeiten von Grauem Star<\/h2>\n<p class=\"ai-optimize-30\">Grauer Star beim Pferd ist eine progressive Erkrankung, die sich mithilfe konservativer Therapiemethoden zwar verlangsamen, aber nicht vollst\u00e4ndig aufhalten l\u00e4sst. Zwar besteht die M\u00f6glichkeit einer Medikation, sinnvoll ist das jedoch nur im Fr\u00fchstadium. Begleitende Entz\u00fcndungen oder Infektionen, die den Grauen Star verschlimmern k\u00f6nnen, werden dann mithilfe entsprechender Medikamente behandelt. Bei beginnender Tr\u00fcbung des Linsenkerns besteht die Option, pupillenweitende Medikamente einzusetzen, um mehr Licht auf die Netzhaut einfallen zu lassen. Ist die Linse jedoch vollst\u00e4ndig getr\u00fcbt (= mature Katarakt oder reifer Grauer Star), l\u00e4sst sich auf konventionellem Wege nichts mehr ausrichten. Dann bleibt nur noch eine Operation.<\/p>\n<p class=\"ai-optimize-31\">Ein Verfahren, das im Zusammenhang mit Grauem Star h\u00e4ufig Anwendung findet, ist die sogenannte Phakoemulsifikation. Dabei wird der Linsenkern mithilfe von Ultraschallwellen zertr\u00fcmmert und abgesaugt. Das Pferd erh\u00e4lt dadurch zwar nicht seine volle Sehkraft zur\u00fcck und sieht weiterhin verschwommen, wird aber vor dem vollst\u00e4ndigen Erblinden bewahrt. Um die Sehf\u00e4higkeit zu verbessern, kann im Anschluss eine k\u00fcnstliche Linse eingesetzt werden. Das mindert auch das Risiko einer Netzhautabl\u00f6sung, da sie dem Auge die erforderliche Stabilit\u00e4t zur\u00fcckgibt.<\/p>\n<p class=\"ai-optimize-32\">Die Erfolgschancen einer Katarakt-Operation stehen gut, allerdings erfordert der Eingriff viel Sorgfalt und Pr\u00e4zision, um zu verhindern, dass umliegende Strukturen am Auge verletzt werden. Eine Vollnarkose f\u00fcr das Pferd ist daher unerl\u00e4sslich. In dem Zusammenhang werden meist weitere Untersuchungen durchgef\u00fchrt, um das Narkoserisiko beim Tier einsch\u00e4tzen zu k\u00f6nnen. \u00dcbrigens: Eine Pferdekrankenversicherung oder Pferde-OP-Versicherung leistet gute Dienste, wenn das Pferd einen chirurgischen Eingriff ben\u00f6tigt. Sie erstattet die Kosten f\u00fcr die Operation sowie f\u00fcr Vor- und Nachsorgebehandlungen und bietet auf diese Weise finanziellen Schutz.<\/p>\n<p class=\"ai-optimize-33\">\n<div class=\"banner\">\n    <a href=\"https:\/\/uelzener.de\/pferd\/pferde-op-versicherung\/?agt=0000104925&sem=true&utm_medium=magazin&utm_source=wordpress&utm_campaign=pferd_op&utm_content=banner\">\n        <img decoding=\"async\" width=\"300\" height=\"212\" src=\"https:\/\/uelzener.de\/magazin\/app\/uploads\/2025\/01\/Pferde-OP-Versicherung.jpg\" class=\"attachment-medium size-medium\" alt=\"Banner Pferde-OP-Versicherung\" \/>    <\/a>\n<\/div>\n<\/p>\n<p class=\"ai-optimize-34\">\n<div class=\"banner\">\n    <a href=\"https:\/\/uelzener.de\/pferd\/herden-versicherung\/?agt=0000104925&sem=true&utm_medium=magazin&utm_source=wordpress&utm_campaign=pferd_kv&utm_content=banner    \">\n        <img decoding=\"async\" width=\"300\" height=\"212\" src=\"https:\/\/uelzener.de\/magazin\/app\/uploads\/2025\/01\/Pferde-Kranken-Versicherung.jpg\" class=\"attachment-medium size-medium\" alt=\"Banner Pferde-Kranken-Versicherung\" \/>    <\/a>\n<\/div>\n<\/p>\n<h2 class=\"ai-optimize-35\">Fazit<\/h2>\n<p class=\"ai-optimize-36\">Grauer Star ist eine Augenerkrankung, die das Sehverm\u00f6gen eines Pferdes erheblich beeintr\u00e4chtigen und unbehandelt zur Blindheit f\u00fchren kann. Da sich die Erkrankung oft schleichend entwickelt und Symptome sp\u00e4t sichtbar werden, bleibt sie mitunter l\u00e4ngere Zeit unbemerkt. Regelm\u00e4\u00dfige Vorsorgeuntersuchungen k\u00f6nnen dabei helfen, Grauen Star m\u00f6glichst fr\u00fchzeitig zu diagnostizieren und mit Medikamenten dagegen zu steuern. Gelingt das nicht, bleibt nur eine Operation.<\/p>\n<h2 class=\"ai-optimize-37\">FAQ: H\u00e4ufig gestellte Fragen zum Thema Grauer Star beim Pferd<\/h2>\n<h3 class=\"ai-optimize-38\">Kann man Grauem Star beim Pferd vorbeugen?<\/h3>\n<p class=\"ai-optimize-39\">Grauem Star vorzubeugen, ist leider kaum bis gar nicht m\u00f6glich. Deswegen ist es umso wichtiger, die Augen des Pferdes regelm\u00e4\u00dfig untersuchen zu lassen. Wird Grauer Star im Fr\u00fchstadium entdeckt, hat der Tierarzt oder die Tier\u00e4rztin mehr Behandlungsoptionen und eine Operation kann eventuell umgangen oder zumindest aufgeschoben werden.<\/p>\n<h3 class=\"ai-optimize-40\">Kann Grauer Star nach einer Operation zur\u00fcckkommen?<\/h3>\n<p class=\"ai-optimize-41\">Nein. Grauer Star bef\u00e4llt nur die Augenlinse. Diese wird bei der Operation entfernt und kann somit nicht mehr erkranken.<\/p>\n<h3 class=\"ai-optimize-42\">Ist Grauer Star beim Pferd schmerzhaft?<\/h3>\n<p class=\"ai-optimize-43\">Grauer Star an sich verursacht in der Regel keine Schmerzen. Wenn er jedoch durch eine zugrunde liegende Erkrankung wie eine Uveitis (Augenentz\u00fcndung) ausgel\u00f6st wird, k\u00f6nnen Schmerzen auftreten.<\/p>\n<h3 class=\"ai-optimize-44\">Worauf muss ich beim Umgang mit meinem Pferd achten, wenn es an Grauem Star erkrankt ist?<\/h3>\n<p class=\"ai-optimize-45\">Ist dein Pferd an Grauem Star erkrankt und sein Sehverm\u00f6gen bereits eingeschr\u00e4nkt, ist es wichtig, ihm eine sichere Umgebung zu bieten. Um Verletzungsgefahr zu reduzieren, sollten Stall und Weide m\u00f6glichst frei von Hindernissen sein. Arbeite behutsam mit deinem Pferd und hilf ihm dabei, sich zu orientieren. Auch ein routinierter Tagesablauf gibt dem Tier Sicherheit.<\/p>\n<h3 class=\"ai-optimize-46\">Wie lange dauert die Erholung nach einer Operation?<\/h3>\n<p class=\"ai-optimize-47\">Die Regeneration kann mehrere Wochen bis Monate in Anspruch nehmen. In dieser Zeit ben\u00f6tigt das Pferd intensive Pflege, regelm\u00e4\u00dfige Kontrolluntersuchungen und eventuell Medikamente.<\/p>\n","protected":false},"excerpt":{"rendered":"<p>Der Graue Star, medizinisch Katarakt genannt, ist eine Augenerkrankung, die bei Pferden verh\u00e4ltnism\u00e4\u00dfig h\u00e4ufig vorkommt und insbesondere \u00e4ltere Tiere betrifft. Es handelt sich dabei um eine Tr\u00fcbung der Augenlinse, die unbehandelt immer weiter fortschreitet und zu einem beeintr\u00e4chtigten Sehverm\u00f6gen bis hin zur vollst\u00e4ndigen Erblindung f\u00fchren kann. Die Ursachen f\u00fcr die Erkrankung sind vielf\u00e4ltig. So kann [&hellip;]<\/p>\n","protected":false},"author":11,"featured_media":18110,"parent":11706,"menu_order":38,"comment_status":"closed","ping_status":"closed","template":"templates\/blog.php","meta":{"_acf_changed":false,"_crdt_document":"","footnotes":"","beyondwords_generate_audio":"","beyondwords_project_id":"","beyondwords_content_id":"","beyondwords_preview_token":"","beyondwords_player_style":"","beyondwords_language_id":"","beyondwords_title_voice_id":"","beyondwords_body_voice_id":"","beyondwords_summary_voice_id":"","beyondwords_error_message":"","beyondwords_disabled":"","beyondwords_delete_content":"","beyondwords_podcast_id":"","beyondwords_hash":"","publish_post_to_speechkit":"","speechkit_hash":"","speechkit_generate_audio":"","speechkit_project_id":"","speechkit_podcast_id":"","speechkit_error_message":"","speechkit_disabled":"","speechkit_access_key":"","speechkit_error":"","speechkit_info":"","speechkit_response":"","speechkit_retries":"","speechkit_status":"","speechkit_updated_at":"","_speechkit_link":"","_speechkit_text":""},"class_list":["post-18106","page","type-page","status-publish","has-post-thumbnail","hentry"],"acf":[],"yoast_head":"<!-- This site is optimized with the Yoast SEO Premium plugin  - https:\/\/yoast.com\/product\/yoast-seo-premium-wordpress\/ -->\n<title>Grauer Star beim Pferd: Was tun, wenn die Augen tr\u00fcbe werden? | Uelzener Magazin<\/title>\n<meta name=\"description\" content=\"Erfahre alles \u00fcber den Grauen Star beim Pferd. Diese Augenerkrankung betrifft h\u00e4ufig \u00e4ltere Tiere und kann zur Erblindung f\u00fchren.\" \/>\n<meta name=\"robots\" content=\"index, follow, max-snippet:-1, max-image-preview:large, max-video-preview:-1\" \/>\n<link rel=\"canonical\" href=\"https:\/\/uelzener.de\/magazin\/pferd\/tiergesundheit\/grauer-star-beim-pferd\/\" \/>\n<meta property=\"og:locale\" content=\"de_DE\" \/>\n<meta property=\"og:type\" content=\"article\" \/>\n<meta property=\"og:title\" content=\"Grauer Star beim Pferd: Was tun, wenn die Augen tr\u00fcbe werden?\" \/>\n<meta property=\"og:description\" content=\"Erfahre alles \u00fcber den Grauen Star beim Pferd. Diese Augenerkrankung betrifft h\u00e4ufig \u00e4ltere Tiere und kann zur Erblindung f\u00fchren.\" \/>\n<meta property=\"og:url\" content=\"https:\/\/uelzener.de\/magazin\/pferd\/tiergesundheit\/grauer-star-beim-pferd\/\" \/>\n<meta property=\"og:site_name\" content=\"Uelzener Tier-Magazin\" \/>\n<meta property=\"article:publisher\" content=\"https:\/\/www.facebook.com\/Uelzener\" \/>\n<meta property=\"article:modified_time\" content=\"2025-07-07T13:34:58+00:00\" \/>\n<meta property=\"og:image\" content=\"https:\/\/uelzener.de\/magazin\/app\/uploads\/2025\/01\/pferd-katarakt-grauer-star.jpg\" \/>\n\t<meta property=\"og:image:width\" content=\"1025\" \/>\n\t<meta property=\"og:image:height\" content=\"450\" \/>\n\t<meta property=\"og:image:type\" content=\"image\/jpeg\" \/>\n<meta name=\"twitter:card\" content=\"summary_large_image\" \/>\n<meta name=\"twitter:label1\" content=\"Gesch\u00e4tzte Lesezeit\" \/>\n\t<meta name=\"twitter:data1\" content=\"7\u00a0Minuten\" \/>\n<script type=\"application\/ld+json\" class=\"yoast-schema-graph\">{\"@context\":\"https:\/\/schema.org\",\"@graph\":[{\"@type\":\"WebPage\",\"@id\":\"https:\/\/uelzener.de\/magazin\/pferd\/tiergesundheit\/grauer-star-beim-pferd\/\",\"url\":\"https:\/\/uelzener.de\/magazin\/pferd\/tiergesundheit\/grauer-star-beim-pferd\/\",\"name\":\"Grauer Star beim Pferd: Was tun, wenn die Augen tr\u00fcbe werden? | Uelzener Magazin\",\"isPartOf\":{\"@id\":\"https:\/\/uelzener.de\/magazin\/#website\"},\"primaryImageOfPage\":{\"@id\":\"https:\/\/uelzener.de\/magazin\/pferd\/tiergesundheit\/grauer-star-beim-pferd\/#primaryimage\"},\"image\":{\"@id\":\"https:\/\/uelzener.de\/magazin\/pferd\/tiergesundheit\/grauer-star-beim-pferd\/#primaryimage\"},\"thumbnailUrl\":\"https:\/\/uelzener.de\/magazin\/app\/uploads\/2025\/01\/pferd-katarakt-grauer-star.jpg\",\"datePublished\":\"2025-01-10T11:07:26+00:00\",\"dateModified\":\"2025-07-07T13:34:58+00:00\",\"description\":\"Erfahre alles \u00fcber den Grauen Star beim Pferd. Diese Augenerkrankung betrifft h\u00e4ufig \u00e4ltere Tiere und kann zur Erblindung f\u00fchren.\",\"breadcrumb\":{\"@id\":\"https:\/\/uelzener.de\/magazin\/pferd\/tiergesundheit\/grauer-star-beim-pferd\/#breadcrumb\"},\"inLanguage\":\"de\",\"potentialAction\":[{\"@type\":\"ReadAction\",\"target\":[\"https:\/\/uelzener.de\/magazin\/pferd\/tiergesundheit\/grauer-star-beim-pferd\/\"]}]},{\"@type\":\"ImageObject\",\"inLanguage\":\"de\",\"@id\":\"https:\/\/uelzener.de\/magazin\/pferd\/tiergesundheit\/grauer-star-beim-pferd\/#primaryimage\",\"url\":\"https:\/\/uelzener.de\/magazin\/app\/uploads\/2025\/01\/pferd-katarakt-grauer-star.jpg\",\"contentUrl\":\"https:\/\/uelzener.de\/magazin\/app\/uploads\/2025\/01\/pferd-katarakt-grauer-star.jpg\",\"width\":1025,\"height\":450,\"caption\":\"Pferd mit Grauem Star.\"},{\"@type\":\"WebSite\",\"@id\":\"https:\/\/uelzener.de\/magazin\/#website\",\"url\":\"https:\/\/uelzener.de\/magazin\/\",\"name\":\"Uelzener Tiermagazin\",\"description\":\"Online Tierratgeber der Uelzener Versicherungen\",\"publisher\":{\"@id\":\"https:\/\/uelzener.de\/magazin\/#organization\"},\"potentialAction\":[{\"@type\":\"SearchAction\",\"target\":{\"@type\":\"EntryPoint\",\"urlTemplate\":\"https:\/\/uelzener.de\/magazin\/?s={search_term_string}\"},\"query-input\":{\"@type\":\"PropertyValueSpecification\",\"valueRequired\":true,\"valueName\":\"search_term_string\"}}],\"inLanguage\":\"de\"},{\"@type\":\"Organization\",\"@id\":\"https:\/\/uelzener.de\/magazin\/#organization\",\"name\":\"Uelzener Versicherungen\",\"url\":\"https:\/\/uelzener.de\/magazin\/\",\"logo\":{\"@type\":\"ImageObject\",\"inLanguage\":\"de\",\"@id\":\"https:\/\/uelzener.de\/magazin\/#\/schema\/logo\/image\/\",\"url\":\"https:\/\/uelzener.de\/magazin\/app\/uploads\/2024\/11\/uelzener_allgemeine_versicherungsgesellschaft_a_g_logo.jpg\",\"contentUrl\":\"https:\/\/uelzener.de\/magazin\/app\/uploads\/2024\/11\/uelzener_allgemeine_versicherungsgesellschaft_a_g_logo.jpg\",\"width\":200,\"height\":200,\"caption\":\"Uelzener Versicherungen\"},\"image\":{\"@id\":\"https:\/\/uelzener.de\/magazin\/#\/schema\/logo\/image\/\"},\"sameAs\":[\"https:\/\/www.facebook.com\/Uelzener\",\"https:\/\/instagram.com\/uelzener\",\"https:\/\/www.xing.com\/pages\/uelzenerallgemeineversicherungs-gesellschafta-g\",\"https:\/\/www.youtube.com\/UelzenerVersicherungen\"]}]}<\/script>\n<!-- \/ Yoast SEO Premium plugin. -->","yoast_head_json":{"title":"Grauer Star beim Pferd: Was tun, wenn die Augen tr\u00fcbe werden? | Uelzener Magazin","description":"Erfahre alles \u00fcber den Grauen Star beim Pferd. Diese Augenerkrankung betrifft h\u00e4ufig \u00e4ltere Tiere und kann zur Erblindung f\u00fchren.","robots":{"index":"index","follow":"follow","max-snippet":"max-snippet:-1","max-image-preview":"max-image-preview:large","max-video-preview":"max-video-preview:-1"},"canonical":"https:\/\/uelzener.de\/magazin\/pferd\/tiergesundheit\/grauer-star-beim-pferd\/","og_locale":"de_DE","og_type":"article","og_title":"Grauer Star beim Pferd: Was tun, wenn die Augen tr\u00fcbe werden?","og_description":"Erfahre alles \u00fcber den Grauen Star beim Pferd. Diese Augenerkrankung betrifft h\u00e4ufig \u00e4ltere Tiere und kann zur Erblindung f\u00fchren.","og_url":"https:\/\/uelzener.de\/magazin\/pferd\/tiergesundheit\/grauer-star-beim-pferd\/","og_site_name":"Uelzener Tier-Magazin","article_publisher":"https:\/\/www.facebook.com\/Uelzener","article_modified_time":"2025-07-07T13:34:58+00:00","og_image":[{"width":1025,"height":450,"url":"https:\/\/uelzener.de\/magazin\/app\/uploads\/2025\/01\/pferd-katarakt-grauer-star.jpg","type":"image\/jpeg"}],"twitter_card":"summary_large_image","twitter_misc":{"Gesch\u00e4tzte Lesezeit":"7\u00a0Minuten"},"schema":{"@context":"https:\/\/schema.org","@graph":[{"@type":"WebPage","@id":"https:\/\/uelzener.de\/magazin\/pferd\/tiergesundheit\/grauer-star-beim-pferd\/","url":"https:\/\/uelzener.de\/magazin\/pferd\/tiergesundheit\/grauer-star-beim-pferd\/","name":"Grauer Star beim Pferd: Was tun, wenn die Augen tr\u00fcbe werden? | Uelzener Magazin","isPartOf":{"@id":"https:\/\/uelzener.de\/magazin\/#website"},"primaryImageOfPage":{"@id":"https:\/\/uelzener.de\/magazin\/pferd\/tiergesundheit\/grauer-star-beim-pferd\/#primaryimage"},"image":{"@id":"https:\/\/uelzener.de\/magazin\/pferd\/tiergesundheit\/grauer-star-beim-pferd\/#primaryimage"},"thumbnailUrl":"https:\/\/uelzener.de\/magazin\/app\/uploads\/2025\/01\/pferd-katarakt-grauer-star.jpg","datePublished":"2025-01-10T11:07:26+00:00","dateModified":"2025-07-07T13:34:58+00:00","description":"Erfahre alles \u00fcber den Grauen Star beim Pferd. Diese Augenerkrankung betrifft h\u00e4ufig \u00e4ltere Tiere und kann zur Erblindung f\u00fchren.","breadcrumb":{"@id":"https:\/\/uelzener.de\/magazin\/pferd\/tiergesundheit\/grauer-star-beim-pferd\/#breadcrumb"},"inLanguage":"de","potentialAction":[{"@type":"ReadAction","target":["https:\/\/uelzener.de\/magazin\/pferd\/tiergesundheit\/grauer-star-beim-pferd\/"]}]},{"@type":"ImageObject","inLanguage":"de","@id":"https:\/\/uelzener.de\/magazin\/pferd\/tiergesundheit\/grauer-star-beim-pferd\/#primaryimage","url":"https:\/\/uelzener.de\/magazin\/app\/uploads\/2025\/01\/pferd-katarakt-grauer-star.jpg","contentUrl":"https:\/\/uelzener.de\/magazin\/app\/uploads\/2025\/01\/pferd-katarakt-grauer-star.jpg","width":1025,"height":450,"caption":"Pferd mit Grauem Star."},{"@type":"WebSite","@id":"https:\/\/uelzener.de\/magazin\/#website","url":"https:\/\/uelzener.de\/magazin\/","name":"Uelzener Tiermagazin","description":"Online Tierratgeber der Uelzener Versicherungen","publisher":{"@id":"https:\/\/uelzener.de\/magazin\/#organization"},"potentialAction":[{"@type":"SearchAction","target":{"@type":"EntryPoint","urlTemplate":"https:\/\/uelzener.de\/magazin\/?s={search_term_string}"},"query-input":{"@type":"PropertyValueSpecification","valueRequired":true,"valueName":"search_term_string"}}],"inLanguage":"de"},{"@type":"Organization","@id":"https:\/\/uelzener.de\/magazin\/#organization","name":"Uelzener Versicherungen","url":"https:\/\/uelzener.de\/magazin\/","logo":{"@type":"ImageObject","inLanguage":"de","@id":"https:\/\/uelzener.de\/magazin\/#\/schema\/logo\/image\/","url":"https:\/\/uelzener.de\/magazin\/app\/uploads\/2024\/11\/uelzener_allgemeine_versicherungsgesellschaft_a_g_logo.jpg","contentUrl":"https:\/\/uelzener.de\/magazin\/app\/uploads\/2024\/11\/uelzener_allgemeine_versicherungsgesellschaft_a_g_logo.jpg","width":200,"height":200,"caption":"Uelzener Versicherungen"},"image":{"@id":"https:\/\/uelzener.de\/magazin\/#\/schema\/logo\/image\/"},"sameAs":["https:\/\/www.facebook.com\/Uelzener","https:\/\/instagram.com\/uelzener","https:\/\/www.xing.com\/pages\/uelzenerallgemeineversicherungs-gesellschafta-g","https:\/\/www.youtube.com\/UelzenerVersicherungen"]}]}},"_links":{"self":[{"href":"https:\/\/uelzener.de\/magazin\/wp-json\/wp\/v2\/pages\/18106","targetHints":{"allow":["GET"]}}],"collection":[{"href":"https:\/\/uelzener.de\/magazin\/wp-json\/wp\/v2\/pages"}],"about":[{"href":"https:\/\/uelzener.de\/magazin\/wp-json\/wp\/v2\/types\/page"}],"author":[{"embeddable":true,"href":"https:\/\/uelzener.de\/magazin\/wp-json\/wp\/v2\/users\/11"}],"replies":[{"embeddable":true,"href":"https:\/\/uelzener.de\/magazin\/wp-json\/wp\/v2\/comments?post=18106"}],"version-history":[{"count":4,"href":"https:\/\/uelzener.de\/magazin\/wp-json\/wp\/v2\/pages\/18106\/revisions"}],"predecessor-version":[{"id":18658,"href":"https:\/\/uelzener.de\/magazin\/wp-json\/wp\/v2\/pages\/18106\/revisions\/18658"}],"up":[{"embeddable":true,"href":"https:\/\/uelzener.de\/magazin\/wp-json\/wp\/v2\/pages\/11706"}],"wp:featuredmedia":[{"embeddable":true,"href":"https:\/\/uelzener.de\/magazin\/wp-json\/wp\/v2\/media\/18110"}],"wp:attachment":[{"href":"https:\/\/uelzener.de\/magazin\/wp-json\/wp\/v2\/media?parent=18106"}],"curies":[{"name":"wp","href":"https:\/\/api.w.org\/{rel}","templated":true}]}}